{"id":411,"date":"2024-12-10T03:31:52","date_gmt":"2024-12-10T03:31:52","guid":{"rendered":"https:\/\/fmp-components.com\/?page_id=8"},"modified":"2024-12-10T03:51:35","modified_gmt":"2024-12-10T03:51:35","slug":"boom-aerial-work-vehicle-steering-hydraulic-cylinder","status":"publish","type":"product","link":"https:\/\/fmp-components.com\/vi\/product\/boom-aerial-work-vehicle-steering-hydraulic-cylinder\/","title":{"rendered":"Xi lanh th\u1ee7y l\u1ef1c l\u00e1i xe n\u00e2ng tr\u00ean kh\u00f4ng Boom"},"content":{"rendered":"<p style=\"text-align: center;\"><span style=\"font-size: 18pt;\">Xi lanh th\u1ee7y l\u1ef1c l\u00e1i xe n\u00e2ng tr\u00ean kh\u00f4ng Boom<\/span><\/p>\n<p>Xi lanh th\u1ee7y l\u1ef1c l\u00e1i xe n\u00e2ng ng\u01b0\u1eddi Boom l\u00e0 m\u1ed9t b\u1ed9 ph\u1eadn quan tr\u1ecdng \u0111\u01b0\u1ee3c thi\u1ebft k\u1ebf \u0111\u1ec3 n\u00e2ng cao kh\u1ea3 n\u0103ng c\u01a1 \u0111\u1ed9ng v\u00e0 ki\u1ec3m so\u00e1t c\u1ee7a xe n\u00e2ng ng\u01b0\u1eddi. Xi lanh th\u1ee7y l\u1ef1c n\u00e0y cung c\u1ea5p kh\u1ea3 n\u0103ng l\u00e1i ch\u00ednh x\u00e1c, cho ph\u00e9p ng\u01b0\u1eddi v\u1eadn h\u00e0nh d\u1ec5 d\u00e0ng di chuy\u1ec3n trong kh\u00f4ng gian ch\u1eadt h\u1eb9p v\u00e0 \u0111\u1ecbnh v\u1ecb thang n\u00e2ng ch\u00ednh x\u00e1c trong nhi\u1ec1u \u1ee9ng d\u1ee5ng kh\u00e1c nhau.<\/p>\n<h2><img loading=\"lazy\" decoding=\"async\" class=\"size-full wp-image-416 aligncenter\" src=\"https:\/\/fmp-components.com\/wp-content\/uploads\/2024\/12\/Boom-Aerial-Work-Vehicle-Steering-Hydraulic-Cylinder.webp\" alt=\"Xi lanh th\u1ee7y l\u1ef1c l\u00e1i xe n\u00e2ng tr\u00ean kh\u00f4ng Boom\" width=\"500\" height=\"500\" title=\"\" srcset=\"https:\/\/fmp-components.com\/wp-content\/uploads\/2024\/12\/Boom-Aerial-Work-Vehicle-Steering-Hydraulic-Cylinder.webp 500w, https:\/\/fmp-components.com\/wp-content\/uploads\/2024\/12\/Boom-Aerial-Work-Vehicle-Steering-Hydraulic-Cylinder-480x480.webp 480w\" sizes=\"(min-width: 0px) and (max-width: 480px) 480px, (min-width: 481px) 500px, 100vw\" \/><\/h2>\n<h4>C\u00e1c t\u00ednh n\u0103ng ch\u00ednh:<\/h4>\n<ul>\n<li>Ki\u1ec3m so\u00e1t l\u00e1i m\u01b0\u1ee3t m\u00e0: Xi lanh th\u1ee7y l\u1ef1c \u0111\u1ea3m b\u1ea3o l\u00e1i nh\u1ea1y v\u00e0 m\u01b0\u1ee3t m\u00e0, cho ph\u00e9p \u0111i\u1ec1u ch\u1ec9nh ch\u00ednh x\u00e1c v\u00e0 x\u1eed l\u00fd v\u01b0\u1ee3t tr\u1ed9i khi \u0111i\u1ec1u h\u01b0\u1edbng trong m\u00f4i tr\u01b0\u1eddng l\u00e0m vi\u1ec7c ph\u1ee9c t\u1ea1p.<\/li>\n<li>K\u1ebft c\u1ea5u b\u1ec1n b\u1ec9: \u0110\u01b0\u1ee3c l\u00e0m t\u1eeb v\u1eadt li\u1ec7u c\u00f3 \u0111\u1ed9 b\u1ec1n cao, xi lanh th\u1ee7y l\u1ef1c l\u00e1i n\u00e0y \u0111\u01b0\u1ee3c ch\u1ebf t\u1ea1o \u0111\u1ec3 ch\u1ecbu \u0111\u01b0\u1ee3c s\u1ef1 kh\u1eafc nghi\u1ec7t c\u1ee7a \u0111i\u1ec1u ki\u1ec7n v\u1eadn h\u00e0nh, \u0111\u1ea3m b\u1ea3o hi\u1ec7u su\u1ea5t v\u00e0 \u0111\u1ed9 tin c\u1eady l\u00e2u d\u00e0i.<\/li>\n<li>H\u1ec7 th\u1ed1ng th\u1ee7y l\u1ef1c hi\u1ec7u qu\u1ea3: Thi\u1ebft k\u1ebf th\u1ee7y l\u1ef1c ti\u00ean ti\u1ebfn t\u1ed1i \u0111a h\u00f3a hi\u1ec7u su\u1ea5t \u0111\u1ed3ng th\u1eddi gi\u1ea3m thi\u1ec3u th\u1ea5t tho\u00e1t n\u0103ng l\u01b0\u1ee3ng, g\u00f3p ph\u1ea7n ti\u1ebft ki\u1ec7m chi ph\u00ed v\u1eadn h\u00e0nh v\u00e0 n\u00e2ng cao hi\u1ec7u qu\u1ea3 t\u1ed5ng th\u1ec3.<\/li>\n<li>C\u1ea3i ti\u1ebfn v\u1ec1 an to\u00e0n: \u0110\u01b0\u1ee3c trang b\u1ecb c\u00e1c t\u00ednh n\u0103ng an to\u00e0n gi\u00fap ng\u0103n ng\u1eeba t\u00ecnh tr\u1ea1ng \u0111\u00e1nh l\u00e1i qu\u00e1 m\u1ee9c v\u00e0 \u0111\u1ea3m b\u1ea3o s\u1ef1 \u1ed5n \u0111\u1ecbnh, xi lanh gi\u00fap duy tr\u00ec kh\u1ea3 n\u0103ng ki\u1ec3m so\u00e1t trong qu\u00e1 tr\u00ecnh v\u1eadn h\u00e0nh, gi\u1ea3m nguy c\u01a1 tai n\u1ea1n.<\/li>\n<li>\u1ee8ng d\u1ee5ng \u0111a n\u0103ng: Th\u00edch h\u1ee3p cho nhi\u1ec1u nhi\u1ec7m v\u1ee5 kh\u00e1c nhau trong l\u0129nh v\u1ef1c x\u00e2y d\u1ef1ng, b\u1ea3o tr\u00ec v\u00e0 ti\u1ec7n \u00edch, xi lanh th\u1ee7y l\u1ef1c l\u00e1i n\u00e0y r\u1ea5t c\u1ea7n thi\u1ebft \u0111\u1ec3 t\u1ed1i \u0111a h\u00f3a hi\u1ec7u qu\u1ea3 c\u1ee7a xe n\u00e2ng ng\u01b0\u1eddi.<\/li>\n<\/ul>\n<p>Xi lanh th\u1ee7y l\u1ef1c l\u00e1i xe n\u00e2ng ng\u01b0\u1eddi Boom \u0111\u01b0\u1ee3c thi\u1ebft k\u1ebf \u0111\u1ec3 c\u1ea3i thi\u1ec7n kh\u1ea3 n\u0103ng c\u01a1 \u0111\u1ed9ng, \u0111\u1ed9 an to\u00e0n v\u00e0 hi\u1ec7u su\u1ea5t t\u1ed5ng th\u1ec3, khi\u1ebfn n\u00f3 tr\u1edf th\u00e0nh c\u00f4ng c\u1ee5 kh\u00f4ng th\u1ec3 thi\u1ebfu cho ng\u01b0\u1eddi v\u1eadn h\u00e0nh trong nhi\u1ec1u ng\u00e0nh c\u00f4ng nghi\u1ec7p kh\u00e1c nhau y\u00eau c\u1ea7u gi\u1ea3i ph\u00e1p ti\u1ebfp c\u1eadn tr\u00ean cao.<\/p>\n<h2>K\u00edch th\u01b0\u1edbc xi lanh th\u1ee7y l\u1ef1c l\u00e1i xe n\u00e2ng tr\u00ean kh\u00f4ng:<\/h2>\n<table>\n<tbody>\n<tr>\n<td>\n<h2><img loading=\"lazy\" decoding=\"async\" class=\"alignnone size-full wp-image-414\" src=\"https:\/\/fmp-components.com\/wp-content\/uploads\/2024\/12\/Boom-Aerial-Work-Vehicle-Steering-Hydraulic-Cylinder-Dimensions-1.webp\" alt=\"K\u00edch th\u01b0\u1edbc c\u1ea7n c\u1ea9u tr\u00ean kh\u00f4ng - Xe - L\u00e1i - Xi lanh th\u1ee7y l\u1ef1c\" width=\"980\" height=\"390\" title=\"\" srcset=\"https:\/\/fmp-components.com\/wp-content\/uploads\/2024\/12\/Boom-Aerial-Work-Vehicle-Steering-Hydraulic-Cylinder-Dimensions-1.webp 980w, https:\/\/fmp-components.com\/wp-content\/uploads\/2024\/12\/Boom-Aerial-Work-Vehicle-Steering-Hydraulic-Cylinder-Dimensions-1-480x191.webp 480w\" sizes=\"(min-width: 0px) and (max-width: 480px) 480px, (min-width: 481px) 980px, 100vw\" \/><\/h2>\n<\/td>\n<td>\n<h2><img loading=\"lazy\" decoding=\"async\" class=\"alignnone size-full wp-image-415\" src=\"https:\/\/fmp-components.com\/wp-content\/uploads\/2024\/12\/Boom-Aerial-Work-Vehicle-Steering-Hydraulic-Cylinder-Dimensions-2.webp\" alt=\"Boom-Aerial-Work-Vehicle-Driveering-Hydraulic-Cylinder-Dimensions-2\" width=\"980\" height=\"390\" title=\"\" srcset=\"https:\/\/fmp-components.com\/wp-content\/uploads\/2024\/12\/Boom-Aerial-Work-Vehicle-Steering-Hydraulic-Cylinder-Dimensions-2.webp 980w, https:\/\/fmp-components.com\/wp-content\/uploads\/2024\/12\/Boom-Aerial-Work-Vehicle-Steering-Hydraulic-Cylinder-Dimensions-2-480x191.webp 480w\" sizes=\"(min-width: 0px) and (max-width: 480px) 480px, (min-width: 481px) 980px, 100vw\" \/><\/h2>\n<\/td>\n<\/tr>\n<\/tbody>\n<\/table>\n<table style=\"width: 100%; height: 130px;\" border=\"1\" cellspacing=\"0\" cellpadding=\"0\">\n<tbody>\n<tr style=\"height: 71px;\">\n<td style=\"height: 71px;\" width=\"246\">T\u00ean xi lanh<\/td>\n<td style=\"height: 71px;\" width=\"336\">S\u1ed1 b\u1ea3n v\u1ebd<\/td>\n<td style=\"height: 71px;\" width=\"126\">\u0110\u01b0\u1eddng k\u00ednh l\u1ed7 khoan (D)<\/td>\n<td style=\"height: 71px;\" width=\"123\">\u0110\u01b0\u1eddng k\u00ednh thanh (d)<\/td>\n<td style=\"height: 71px;\" width=\"114\">\u0110\u1ed9t qu\u1ef5 (S)<\/td>\n<td style=\"height: 71px;\" width=\"170\">Kho\u1ea3ng c\u00e1ch l\u1eafp \u0111\u1eb7t (L)<\/td>\n<td style=\"height: 71px;\" width=\"172\">\u00c1p su\u1ea5t l\u00e0m vi\u1ec7c<\/td>\n<td style=\"height: 71px;\" width=\"366\">K\u00edch th\u01b0\u1edbc giao di\u1ec7n (M)<\/td>\n<td style=\"height: 71px;\" width=\"96\">C\u00e2n n\u1eb7ng<\/td>\n<\/tr>\n<tr style=\"height: 59px;\">\n<td class=\"et3\" style=\"height: 59px;\" width=\"246\" height=\"214\">Xi lanh l\u00e1i<\/td>\n<td class=\"et4\" style=\"height: 59px;\" width=\"336\">GTHZ210C-620100-000<\/td>\n<td class=\"et4\" style=\"height: 59px;\" width=\"126\">\u03a663<\/td>\n<td class=\"et4\" style=\"height: 59px;\" width=\"123\">\u03a635<\/td>\n<td class=\"et4\" style=\"height: 59px;\" width=\"114\">320<\/td>\n<td class=\"et4\" style=\"height: 59px;\" width=\"170\">540<\/td>\n<td class=\"et4\" style=\"height: 59px;\" width=\"172\">21MPa<\/td>\n<td class=\"et4\" style=\"height: 59px;\" width=\"366\">2-M14*1.5<\/td>\n<td class=\"et4\" style=\"height: 59px;\" width=\"96\">13kg<\/td>\n<\/tr>\n<\/tbody>\n<\/table>\n<h2>Th\u00f4ng s\u1ed1 xi lanh th\u1ee7y l\u1ef1c l\u00e1i xe n\u00e2ng ng\u01b0\u1eddi tr\u00ean cao:<\/h2>\n<table border=\"1\" width=\"100%\" cellspacing=\"0\" cellpadding=\"0\">\n<tbody>\n<tr>\n<td width=\"70\">M\u1ee5c<\/td>\n<td width=\"70\">S\u1ef1 mi\u00eau t\u1ea3<\/td>\n<\/tr>\n<tr>\n<td width=\"70\">T\u00ean s\u1ea3n ph\u1ea9m<\/td>\n<td width=\"70\">Xi lanh th\u1ee7y l\u1ef1c l\u00e1i<\/td>\n<\/tr>\n<tr>\n<td width=\"70\">\u1ee8ng d\u1ee5ng<\/td>\n<td width=\"70\">Xe n\u00e2ng ng\u01b0\u1eddi Boom<\/td>\n<\/tr>\n<tr>\n<td width=\"70\">V\u1eadt li\u1ec7u<\/td>\n<td width=\"70\">20#\/45#, Q345B, Th\u00e9p 40Cr<\/td>\n<\/tr>\n<tr>\n<td width=\"70\">Ki\u1ec3u di\u1ec5n xu\u1ea5t<\/td>\n<td width=\"70\">T\u00e1c \u0111\u1ed9ng k\u00e9p T\u00e1c \u0111\u1ed9ng \u0111\u01a1n<\/td>\n<\/tr>\n<tr>\n<td width=\"70\">C\u00e1c th\u00e0nh ph\u1ea7n c\u1ed1t l\u00f5i<\/td>\n<td width=\"70\">Thanh piston, Piston<\/td>\n<\/tr>\n<tr>\n<td width=\"70\">Gi\u1ea5y ch\u1ee9ng nh\u1eadn:<\/td>\n<td width=\"70\">ISO9001, ISO4001, ISO 45003<\/td>\n<\/tr>\n<tr>\n<td width=\"70\">N\u0103ng l\u1ef1c s\u1ea3n xu\u1ea5t:<\/td>\n<td width=\"70\">1200.000 chi\u1ebfc m\u1ed7i n\u0103m<\/td>\n<\/tr>\n<tr>\n<td width=\"70\">Th\u1eddi gian m\u1eabu<\/td>\n<td width=\"70\">D\u1ef1a tr\u00ean lo\u1ea1i th\u1ef1c t\u1ebf<\/td>\n<\/tr>\n<tr>\n<td width=\"70\">Th\u01b0\u01a1ng hi\u1ec7u<\/td>\n<td width=\"70\">FMP ho\u1eb7c logo c\u1ee7a kh\u00e1ch h\u00e0ng<\/td>\n<\/tr>\n<tr>\n<td width=\"70\">D\u1ecbch v\u1ee5<\/td>\n<td width=\"70\">OEM &amp; ODM<\/td>\n<\/tr>\n<tr>\n<td width=\"70\">Nh\u00e3n hi\u1ec7u con d\u1ea5u<\/td>\n<td width=\"70\">Parker, NOK, BUSAK SHAMBAN<\/td>\n<\/tr>\n<tr>\n<td width=\"70\">Th\u1eddi gian giao h\u00e0ng<\/td>\n<td width=\"70\">D\u1ef1a tr\u00ean s\u1ed1 l\u01b0\u1ee3ng \u0111\u1eb7t h\u00e0ng.<\/td>\n<\/tr>\n<tr>\n<td width=\"70\">Lo\u1ea1i h\u00ecnh doanh nghi\u1ec7p<\/td>\n<td width=\"70\">Nh\u00e0 s\u1ea3n xu\u1ea5t &amp; Xu\u1ea5t kh\u1ea9u<\/td>\n<\/tr>\n<\/tbody>\n<\/table>\n<h2>Xi lanh th\u1ee7y l\u1ef1c c\u00f3 s\u1eb5n th\u01b0\u01a1ng hi\u1ec7u v\u00e0 m\u1eabu m\u00e3:<\/h2>\n<table style=\"width: 100%;\" border=\"1\" cellspacing=\"0\" cellpadding=\"0\">\n<tbody>\n<tr>\n<td style=\"width: 11.2661%;\"><b data-spm-anchor-id=\"a2700.details.0.i43.45d84a73e99C9z\">KOMATSU (PC)<\/b><\/td>\n<td style=\"width: 88.6266%;\">PC30, PC40, PC50, PC56, PC60, PC78, PC100, PC110, PC120, PC130, PC160, PC200-3\/5\/6\/7\/8\/8 th\u00e1ng, PC210, PC220-5\/6\/7\/8\/8 th\u00e1ng, PC240, PC300\/350\/360-5\/6\/7\/8\/8 th\u00e1ng, PC400\/450-5\/6\/7\/8\/8 th\u00e1ng, PC800, PC850<\/td>\n<\/tr>\n<tr>\n<td style=\"width: 11.2661%;\"><b>S\u00c2U B\u01af\u1edaM (E)<\/b><\/td>\n<td style=\"width: 88.6266%;\">E301.5, E302, E305.5, E306, E307V1\/V2\/B\/C\/D\/E\/F, E308B\/C, E120B, E312V1\/V2\/B\/C\/D, E313D2, E312D2, E315D,<br \/>\nE200B,E320V1\/V2\/A\/B\/C\/D,E324D,E325C\/D,E329D,E330\/336C\/D,E345C,E349D,E365C,E374,E390<\/td>\n<\/tr>\n<tr>\n<td style=\"width: 11.2661%;\"><b>KOBELCO (SK)<\/b><\/td>\n<td style=\"width: 88.6266%;\">SK60-3\/5\/8,SK75-8\/SR, SK100 ,SK120-3\/5, SK135-8\/SR, SK140-8, SK200-3\/5\/6\/6E, SK210-3\/5\/6\/6E,<br \/>\nSK230\/250-6E,SK250-8,SK260-8,SK350-8\/S8,SK460\/480-8<\/td>\n<\/tr>\n<tr>\n<td style=\"width: 11.2661%;\"><b>HYUNDAI (Ph\u1ea3i)<\/b><\/td>\n<td style=\"width: 88.6266%;\">R55-5\/7, R60-5\/7, R80, R110, R130, R200-5, R210-5, R215-5\/7, R220-5\/7\/9, R225-5\/7\/9, R250, R260, R265, R290, R305, R445, R485, R505<\/td>\n<\/tr>\n<tr>\n<td style=\"width: 11.2661%;\"><b data-spm-anchor-id=\"a2700.details.0.i53.45d84a73e99C9z\">HITACHI (c\u0169 ZX)<\/b><\/td>\n<td style=\"width: 88.6266%;\">EX60, EX100-1\/2\/3, EX120-1\/3\/5\/6, EX200-1\/3\/5, EX230-5, EX300-1, EX400<br \/>\nZAX60,ZAX70,ZA120-6,ZAX200\/210-1\/3\/5\/5K,ZAX240,ZAX250,ZAX260,ZAX330-3\/5\/6,ZAX450\/470,ZAX650\/670,ZAX850\/870<\/td>\n<\/tr>\n<tr>\n<td style=\"width: 11.2661%;\">\n<div class=\"magic-32\"><b data-spm-anchor-id=\"a2700.details.0.i55.45d84a73e99C9z\">DOOSAN (DH\/DX)<\/b><\/div>\n<\/td>\n<td style=\"width: 88.6266%;\">\n<div class=\"magic-33\"><span class=\"magic-34\">DH55, DH60, DH80,DH150, DH215-5\/7,DH220-5,DH225-5\/7,DH258,DH300-5\/7, DH370,DH420,DH500<br \/>\nDX55, DX60, DX75, DX130, DX225-9, DX300, DX380, DX420, DX500<\/span><\/div>\n<\/td>\n<\/tr>\n<tr>\n<td style=\"width: 11.2661%;\">\n<div class=\"magic-32\"><b>VOLVO (EC)<\/b><\/div>\n<\/td>\n<td style=\"width: 88.6266%;\">\n<div class=\"magic-33\"><span class=\"magic-34\">EC55, EC60, EC75, EC80, EC140, EC210B\/D, EC220D, EC240, EC250, EC290, EC300, EC360, EC380, EC460, EC480, EC700, EC750, EC950<\/span><\/div>\n<\/td>\n<\/tr>\n<tr>\n<td style=\"width: 11.2661%;\">\n<div class=\"magic-32\"><b>KATO (HD)<\/b><\/div>\n<\/td>\n<td style=\"width: 88.6266%;\">\n<div class=\"magic-33\"><span class=\"magic-34\">HD307\/308, HD450, HD512, HD700-5\/7, HD820-1\/2\/3\/5\/R, HD1023-1\/3, HD1430-1\/3<\/span><\/div>\n<\/td>\n<\/tr>\n<tr>\n<td style=\"width: 11.2661%;\">\n<div class=\"magic-32\"><b>TH\u01af\u01a0NG HI\u1ec6U KH\u00c1C<\/b><\/div>\n<\/td>\n<td style=\"width: 88.6266%;\">\n<div class=\"magic-33\"><span class=\"magic-34\">XCMG,LIUGONG,KUBOTA,CASE,YANMAR,SUNWARD,ZOOMLION,LISHIDE,LIEHERR<\/span><\/div>\n<\/td>\n<\/tr>\n<\/tbody>\n<\/table>\n<h3>Nguy\u00ean l\u00fd ho\u1ea1t \u0111\u1ed9ng c\u1ee7a xi lanh th\u1ee7y l\u1ef1c l\u00e1i xe n\u00e2ng tr\u00ean kh\u00f4ng<\/h3>\n<p>Xi lanh th\u1ee7y l\u1ef1c l\u00e1i xe n\u00e2ng Boom Aerial Work Vehicle ho\u1ea1t \u0111\u1ed9ng d\u1ef1a tr\u00ean nguy\u00ean l\u00fd th\u1ee7y l\u1ef1c, s\u1eed d\u1ee5ng \u00e1p su\u1ea5t ch\u1ea5t l\u1ecfng \u0111\u1ec3 t\u1ea1o ra chuy\u1ec3n \u0111\u1ed9ng v\u00e0 l\u1ef1c l\u00e1i xe. D\u01b0\u1edbi \u0111\u00e2y l\u00e0 m\u00f4 t\u1ea3 chi ti\u1ebft v\u1ec1 c\u00e1ch th\u1ee9c ho\u1ea1t \u0111\u1ed9ng c\u1ee7a n\u00f3:<\/p>\n<h4>1. \u0110\u1ed9ng l\u1ef1c h\u1ecdc ch\u1ea5t l\u1ecfng th\u1ee7y l\u1ef1c<\/h4>\n<p>Xy lanh ch\u1ee9a ch\u1ea5t l\u1ecfng th\u1ee7y l\u1ef1c, th\u01b0\u1eddng l\u00e0 d\u1ea7u, \u0111\u01b0\u1ee3c s\u1eed d\u1ee5ng \u0111\u1ec3 truy\u1ec1n l\u1ef1c. Khi ng\u01b0\u1eddi v\u1eadn h\u00e0nh b\u1eadt c\u1ea7n \u0111i\u1ec1u khi\u1ec3n l\u00e1i, m\u1ed9t b\u01a1m s\u1ebd d\u1eabn ch\u1ea5t l\u1ecfng th\u1ee7y l\u1ef1c v\u00e0o xi lanh.<\/p>\n<h4>2. Chuy\u1ec3n \u0111\u1ed9ng c\u1ee7a piston<\/h4>\n<p>B\u00ean trong xi-lanh, m\u1ed9t piston \u0111\u01b0\u1ee3c b\u1ed1 tr\u00ed \u0111\u1ec3 chia xi-lanh th\u00e0nh hai khoang. Khi ch\u1ea5t l\u1ecfng th\u1ee7y l\u1ef1c \u0111i v\u00e0o m\u1ed9t khoang, n\u00f3 s\u1ebd \u0111\u1ea9y piston, khi\u1ebfn piston chuy\u1ec3n \u0111\u1ed9ng. Chuy\u1ec3n \u0111\u1ed9ng n\u00e0y chuy\u1ec3n th\u00e0nh l\u1ef1c l\u00e1i c\u1ee7a xe.<\/p>\n<h4>3. \u0110i\u1ec1u ch\u1ec9nh \u00e1p su\u1ea5t ch\u1ea5t l\u1ecfng<\/h4>\n<p>L\u01b0\u1ee3ng ch\u1ea5t l\u1ecfng th\u1ee7y l\u1ef1c v\u00e0 \u00e1p su\u1ea5t c\u1ee7a n\u00f3 \u0111\u01b0\u1ee3c \u0111i\u1ec1u ch\u1ec9nh \u0111\u1ec3 ki\u1ec3m so\u00e1t t\u1ed1c \u0111\u1ed9 v\u00e0 l\u1ef1c chuy\u1ec3n \u0111\u1ed9ng c\u1ee7a piston. B\u1eb1ng c\u00e1ch \u0111i\u1ec1u ch\u1ec9nh l\u01b0u l\u01b0\u1ee3ng ch\u1ea5t l\u1ecfng, ng\u01b0\u1eddi v\u1eadn h\u00e0nh c\u00f3 th\u1ec3 \u0111\u1ea1t \u0111\u01b0\u1ee3c ph\u1ea3n \u1ee9ng l\u00e1i ch\u00ednh x\u00e1c, cho ph\u00e9p \u0111i\u1ec1u khi\u1ec3n tr\u01a1n tru v\u00e0 ch\u00ednh x\u00e1c.<\/p>\n<h4>4. C\u01a1 ch\u1ebf tr\u1ea3 v\u1ec1<\/h4>\n<p>Khi \u0111\u1ea1t \u0111\u01b0\u1ee3c g\u00f3c l\u00e1i mong mu\u1ed1n, d\u1ea7u th\u1ee7y l\u1ef1c \u0111\u01b0\u1ee3c d\u1eabn tr\u1edf l\u1ea1i b\u00ecnh ch\u1ee9a, cho ph\u00e9p piston tr\u1edf v\u1ec1 v\u1ecb tr\u00ed ban \u0111\u1ea7u. H\u00e0nh \u0111\u1ed9ng tr\u1edf v\u1ec1 n\u00e0y r\u1ea5t c\u1ea7n thi\u1ebft \u0111\u1ec3 thi\u1ebft l\u1eadp l\u1ea1i c\u01a1 c\u1ea5u l\u00e1i v\u00e0 chu\u1ea9n b\u1ecb cho thao t\u00e1c ti\u1ebfp theo.<\/p>\n<h4>5. T\u00ednh n\u0103ng an to\u00e0n<\/h4>\n<p>Nhi\u1ec1u xi lanh th\u1ee7y l\u1ef1c l\u00e1i \u0111\u01b0\u1ee3c trang b\u1ecb c\u00e1c c\u01a1 ch\u1ebf an to\u00e0n, ch\u1eb3ng h\u1ea1n nh\u01b0 van gi\u1ea3m \u00e1p, gi\u00fap ng\u0103n ng\u1eeba qu\u00e1 t\u1ea3i v\u00e0 \u0111\u1ea3m b\u1ea3o v\u1eadn h\u00e0nh \u1ed5n \u0111\u1ecbnh. Nh\u1eefng t\u00ednh n\u0103ng n\u00e0y gi\u00fap duy tr\u00ec kh\u1ea3 n\u0103ng ki\u1ec3m so\u00e1t v\u00e0 ng\u0103n ng\u1eeba tai n\u1ea1n trong qu\u00e1 tr\u00ecnh v\u1eadn h\u00e0nh xe.<\/p>\n<p>Vi\u1ec7c s\u1eed d\u1ee5ng hi\u1ec7u qu\u1ea3 c\u00e1c nguy\u00ean l\u00fd th\u1ee7y l\u1ef1c c\u1ee7a xi lanh th\u1ee7y l\u1ef1c l\u00e1i cho ph\u00e9p \u0111i\u1ec1u khi\u1ec3n ch\u00ednh x\u00e1c v\u00e0 kh\u1ea3 n\u0103ng c\u01a1 \u0111\u1ed9ng c\u1ee7a xe n\u00e2ng ng\u01b0\u1eddi tr\u00ean kh\u00f4ng. B\u1eb1ng c\u00e1ch chuy\u1ec3n \u0111\u1ed5i \u00e1p su\u1ea5t th\u1ee7y l\u1ef1c th\u00e0nh chuy\u1ec3n \u0111\u1ed9ng tuy\u1ebfn t\u00ednh, xi lanh th\u1ee7y l\u1ef1c l\u00e1i cho ph\u00e9p ng\u01b0\u1eddi v\u1eadn h\u00e0nh \u0111i\u1ec1u h\u01b0\u1edbng trong c\u00e1c m\u00f4i tr\u01b0\u1eddng ph\u1ee9c t\u1ea1p m\u1ed9t c\u00e1ch an to\u00e0n v\u00e0 hi\u1ec7u qu\u1ea3, khi\u1ebfn n\u00f3 tr\u1edf th\u00e0nh m\u1ed9t th\u00e0nh ph\u1ea7n thi\u1ebft y\u1ebfu trong c\u00e1c \u1ee9ng d\u1ee5ng n\u00e2ng ng\u01b0\u1eddi tr\u00ean kh\u00f4ng.<\/p>\n<h2>Gi\u1edbi thi\u1ec7u v\u1ec1 FMP<\/h2>\n<p>FMP l\u00e0 nh\u00e0 s\u1ea3n xu\u1ea5t xi lanh th\u1ee7y l\u1ef1c chuy\u00ean d\u1ee5ng, n\u1ed5i ti\u1ebfng v\u1edbi s\u1ef1 t\u1eadp trung m\u1ea1nh m\u1ebd v\u00e0o nghi\u00ean c\u1ee9u v\u00e0 s\u1ea3n xu\u1ea5t xu\u1ea5t s\u1eafc. K\u1ec3 t\u1eeb khi th\u00e0nh l\u1eadp, c\u00f4ng ty \u0111\u00e3 kh\u00f4ng ng\u1eebng n\u1ed7 l\u1ef1c ph\u00e1t tri\u1ec3n c\u00f4ng ngh\u1ec7 xi lanh th\u1ee7y l\u1ef1c. Ban \u0111\u1ea7u, FMP s\u1ea3n xu\u1ea5t \u0111a d\u1ea1ng c\u00e1c s\u1ea3n ph\u1ea9m cho m\u00e1y g\u1eb7t \u0111\u1eadp v\u00e0 m\u00e1y x\u00e2y d\u1ef1ng; tuy nhi\u00ean, sau \u0111\u00f3, c\u00f4ng ty \u0111\u00e3 t\u1eadp trung chuy\u00ean s\u00e2u v\u00e0o c\u00e1c linh ki\u1ec7n cho m\u00e1y k\u00e9o n\u00f4ng nghi\u1ec7p.<\/p>\n<p>V\u1edbi h\u01a1n m\u1ed9t th\u1eadp k\u1ef7 kinh nghi\u1ec7m s\u1ea3n xu\u1ea5t, FMP k\u1ebft h\u1ee3p kinh nghi\u1ec7m qu\u1ea3n l\u00fd s\u00e2u r\u1ed9ng v\u1edbi c\u00f4ng ngh\u1ec7 s\u1ea3n xu\u1ea5t ti\u00ean ti\u1ebfn \u0111\u1ec3 \u0111\u1ea3m b\u1ea3o ti\u00eau chu\u1ea9n ch\u1ea5t l\u01b0\u1ee3ng cao nh\u1ea5t cho s\u1ea3n ph\u1ea9m c\u1ee7a m\u00ecnh. C\u00f4ng ty \u0111\u00e3 thi\u1ebft l\u1eadp m\u1ed9t d\u00e2y chuy\u1ec1n s\u1ea3n xu\u1ea5t gia c\u00f4ng, l\u1eafp r\u00e1p v\u00e0 s\u01a1n ph\u1ee7 to\u00e0n di\u1ec7n, cho ph\u00e9p cung c\u1ea5p c\u00e1c quy tr\u00ecnh s\u1ea3n xu\u1ea5t \u0111\u00e1ng tin c\u1eady v\u00e0 hi\u1ec7u qu\u1ea3.<\/p>\n<p>S\u1ef1 ph\u00e1t tri\u1ec3n c\u1ee7a FMP \u0111\u01b0\u1ee3c h\u1ed7 tr\u1ee3 b\u1edfi \u0111\u1ed9i ng\u0169 t\u1eadn t\u00e2m, bao g\u1ed3m \u0111\u1ed9i ng\u0169 qu\u1ea3n l\u00fd gi\u00e0u kinh nghi\u1ec7m, c\u00e1c nh\u00e0 thi\u1ebft k\u1ebf c\u01a1 kh\u00ed l\u00e0nh ngh\u1ec1 v\u00e0 c\u00e1c k\u1ef9 thu\u1eadt vi\u00ean \u0111\u01b0\u1ee3c \u0111\u00e0o t\u1ea1o b\u00e0i b\u1ea3n. Ph\u01b0\u01a1ng ph\u00e1p ti\u1ebfp c\u1eadn h\u1ee3p t\u00e1c n\u00e0y \u0111\u1ea3m b\u1ea3o ch\u1ea5t l\u01b0\u1ee3ng s\u1ea3n ph\u1ea9m \u0111\u1ed3ng \u0111\u1ec1u v\u00e0 qu\u1ea3n l\u00fd hi\u1ec7u qu\u1ea3 t\u00ednh li\u00ean t\u1ee5c c\u1ee7a quy tr\u00ecnh, t\u1eeb \u0111\u00f3 n\u00e2ng cao hi\u1ec7u qu\u1ea3 s\u1ea3n xu\u1ea5t t\u1ed5ng th\u1ec3.<\/p>\n<p>Tri\u1ebft l\u00fd c\u1ed1t l\u00f5i c\u1ee7a FMP l\u00e0 c\u00e1c gi\u00e1 tr\u1ecb \u201c\u0110\u1ed5i m\u1edbi C\u00f4ng ngh\u1ec7 Th\u00fac \u0111\u1ea9y Ti\u1ebfn b\u1ed9\u201d, \u201cCh\u1ea5t l\u01b0\u1ee3ng T\u1ea1o n\u00ean Th\u01b0\u01a1ng hi\u1ec7u\u201d, \u201cTay ngh\u1ec1 \u0110\u1ea3m b\u1ea3o Ch\u1ea5t l\u01b0\u1ee3ng\u201d v\u00e0 \u201cX\u00e2y d\u1ef1ng M\u1ed1i quan h\u1ec7 \u0110\u00f4i b\u00ean C\u00f9ng c\u00f3 l\u1ee3i L\u00e2u d\u00e0i\u201d. C\u00f4ng ty cam k\u1ebft cung c\u1ea5p c\u00e1c s\u1ea3n ph\u1ea9m ch\u1ea5t l\u01b0\u1ee3ng cao \u0111\u1ed3ng th\u1eddi mang \u0111\u1ebfn d\u1ecbch v\u1ee5 kh\u00e1ch h\u00e0ng xu\u1ea5t s\u1eafc. FMP kh\u00f4ng ng\u1eebng n\u1ed7 l\u1ef1c \u0111\u1ec3 th\u00edch \u1ee9ng v\u1edbi nhu c\u1ea7u ng\u00e0y c\u00e0ng thay \u0111\u1ed5i c\u1ee7a th\u1ecb tr\u01b0\u1eddng, \u0111\u1ecbnh v\u1ecb m\u00ecnh l\u00e0 \u0111\u1ed1i t\u00e1c \u0111\u00e1ng tin c\u1eady trong ng\u00e0nh m\u00e1y m\u00f3c n\u00f4ng nghi\u1ec7p. Th\u00f4ng qua s\u1ef1 t\u1eadn t\u00e2m \u0111\u1ed5i m\u1edbi v\u00e0 ch\u1ea5t l\u01b0\u1ee3ng, FMP \u0111\u1eb7t m\u1ee5c ti\u00eau \u0111\u00f3ng g\u00f3p \u0111\u00e1ng k\u1ec3 v\u00e0o s\u1ef1 ph\u00e1t tri\u1ec3n c\u1ee7a c\u00f4ng ngh\u1ec7 th\u1ee7y l\u1ef1c trong l\u0129nh v\u1ef1c n\u00f4ng nghi\u1ec7p.<\/p>\n<p><img loading=\"lazy\" decoding=\"async\" class=\"alignnone wp-image-359\" src=\"https:\/\/fmp-components.com\/wp-content\/uploads\/2024\/12\/fmp-factory-3.webp\" sizes=\"(min-width: 0px) and (max-width: 480px) 480px, (min-width: 481px) 914px, 100vw\" srcset=\"https:\/\/fmp-components.com\/wp-content\/uploads\/2024\/12\/fmp-factory-3.webp 914w, https:\/\/fmp-components.com\/wp-content\/uploads\/2024\/12\/fmp-factory-3-480x321.webp 480w\" alt=\"nh\u00e0 m\u00e1y fmp\" width=\"914\" height=\"612\" title=\"\"><\/p>\n<p>T\u00e1c gi\u1ea3: CX<\/p>","protected":false},"excerpt":{"rendered":"<p>Xi lanh th\u1ee7y l\u1ef1c l\u00e1i xe n\u00e2ng ng\u01b0\u1eddi Boom l\u00e0 m\u1ed9t b\u1ed9 ph\u1eadn thi\u1ebft y\u1ebfu \u0111\u01b0\u1ee3c thi\u1ebft k\u1ebf \u0111\u1ec3 cung c\u1ea5p kh\u1ea3 n\u0103ng \u0111i\u1ec1u khi\u1ec3n l\u00e1i ch\u00ednh x\u00e1c cho c\u00e1c xe n\u00e2ng ng\u01b0\u1eddi Boom. Xi lanh th\u1ee7y l\u1ef1c n\u00e0y mang l\u1ea1i kh\u1ea3 n\u0103ng c\u01a1 \u0111\u1ed9ng m\u01b0\u1ee3t m\u00e0 v\u00e0 nh\u1ea1y b\u00e9n, cho ph\u00e9p ng\u01b0\u1eddi v\u1eadn h\u00e0nh di chuy\u1ec3n trong kh\u00f4ng gian h\u1eb9p v\u00e0 \u0111\u1ecbnh v\u1ecb xe ch\u00ednh x\u00e1c trong nhi\u1ec1u nhi\u1ec7m v\u1ee5 kh\u00e1c nhau. \u0110\u01b0\u1ee3c ch\u1ebf t\u1ea1o t\u1eeb v\u1eadt li\u1ec7u c\u00f3 \u0111\u1ed9 b\u1ec1n cao, xi lanh \u0111\u1ea3m b\u1ea3o \u0111\u1ed9 b\u1ec1n v\u00e0 \u0111\u1ed9 tin c\u1eady trong c\u00e1c m\u00f4i tr\u01b0\u1eddng kh\u1eafc nghi\u1ec7t. H\u1ec7 th\u1ed1ng th\u1ee7y l\u1ef1c hi\u1ec7u qu\u1ea3 kh\u00f4ng ch\u1ec9 n\u00e2ng cao hi\u1ec7u su\u1ea5t l\u00e1i m\u00e0 c\u00f2n g\u00f3p ph\u1ea7n \u0111\u1ea3m b\u1ea3o an to\u00e0n v\u1eadn h\u00e0nh t\u1ed5ng th\u1ec3. V\u1edbi kh\u1ea3 n\u0103ng h\u1ed7 tr\u1ee3 \u0111i\u1ec1u h\u01b0\u1edbng d\u1ec5 d\u00e0ng, xi lanh th\u1ee7y l\u1ef1c l\u00e1i n\u00e0y \u0111\u00f3ng vai tr\u00f2 quan tr\u1ecdng trong vi\u1ec7c t\u1ed1i \u0111a h\u00f3a hi\u1ec7u qu\u1ea3 c\u1ee7a xe n\u00e2ng ng\u01b0\u1eddi Boom trong c\u00e1c \u1ee9ng d\u1ee5ng x\u00e2y d\u1ef1ng, b\u1ea3o tr\u00ec v\u00e0 ti\u1ec7n \u00edch.<\/p>","protected":false},"featured_media":416,"comment_status":"open","ping_status":"closed","template":"","meta":{"_et_pb_use_builder":"","_et_pb_old_content":"","_et_gb_content_width":""},"product_brand":[],"product_cat":[22],"product_tag":[],"class_list":{"0":"post-411","1":"product","2":"type-product","3":"status-publish","4":"has-post-thumbnail","6":"product_cat-aerial-work-vehicle-hydraulic-cylinders","8":"first","9":"instock","10":"shipping-taxable","11":"product-type-simple"},"_links":{"self":[{"href":"https:\/\/fmp-components.com\/vi\/wp-json\/wp\/v2\/product\/411","targetHints":{"allow":["GET"]}}],"collection":[{"href":"https:\/\/fmp-components.com\/vi\/wp-json\/wp\/v2\/product"}],"about":[{"href":"https:\/\/fmp-components.com\/vi\/wp-json\/wp\/v2\/types\/product"}],"replies":[{"embeddable":true,"href":"https:\/\/fmp-components.com\/vi\/wp-json\/wp\/v2\/comments?post=411"}],"wp:featuredmedia":[{"embeddable":true,"href":"https:\/\/fmp-components.com\/vi\/wp-json\/wp\/v2\/media\/416"}],"wp:attachment":[{"href":"https:\/\/fmp-components.com\/vi\/wp-json\/wp\/v2\/media?parent=411"}],"wp:term":[{"taxonomy":"product_brand","embeddable":true,"href":"https:\/\/fmp-components.com\/vi\/wp-json\/wp\/v2\/product_brand?post=411"},{"taxonomy":"product_cat","embeddable":true,"href":"https:\/\/fmp-components.com\/vi\/wp-json\/wp\/v2\/product_cat?post=411"},{"taxonomy":"product_tag","embeddable":true,"href":"https:\/\/fmp-components.com\/vi\/wp-json\/wp\/v2\/product_tag?post=411"}],"curies":[{"name":"wp","href":"https:\/\/api.w.org\/{rel}","templated":true}]}}