{"id":3697,"date":"2025-01-09T07:44:24","date_gmt":"2025-01-09T07:44:24","guid":{"rendered":"https:\/\/fmp-components.com\/?page_id=8"},"modified":"2025-01-09T07:44:24","modified_gmt":"2025-01-09T07:44:24","slug":"wheel-drive-planetary-gearbox-reducer-for-cranes","status":"publish","type":"product","link":"https:\/\/fmp-components.com\/vi\/product\/wheel-drive-planetary-gearbox-reducer-for-cranes\/","title":{"rendered":"B\u1ed9 gi\u1ea3m t\u1ed1c h\u1ed9p s\u1ed1 h\u00e0nh tinh d\u1eabn \u0111\u1ed9ng b\u00e1nh xe cho c\u1ea7n c\u1ea9u"},"content":{"rendered":"<p style=\"text-align: center;\"><span style=\"font-size: 18pt;\">B\u1ed9 gi\u1ea3m t\u1ed1c h\u1ed9p s\u1ed1 h\u00e0nh tinh d\u1eabn \u0111\u1ed9ng b\u00e1nh xe cho c\u1ea7n c\u1ea9u<\/span><\/p>\n<p>H\u1ed9p gi\u1ea3m t\u1ed1c h\u00e0nh tinh d\u1eabn \u0111\u1ed9ng b\u00e1nh xe cho c\u1ea7n c\u1ea9u l\u00e0 m\u1ed9t b\u1ed9 ph\u1eadn quan tr\u1ecdng gi\u00fap c\u1ea7n c\u1ea9u di chuy\u1ec3n linh ho\u1ea1t v\u00e0 \u1ed5n \u0111\u1ecbnh. N\u00f3 c\u00f3 nhi\u1ec7m v\u1ee5 truy\u1ec1n l\u1ef1c t\u1eeb \u0111\u1ed9ng c\u01a1 \u0111\u1ebfn b\u00e1nh xe, \u0111\u1ea3m b\u1ea3o chuy\u1ec3n \u0111\u1ed9ng tr\u01a1n tru v\u00e0 \u0111\u01b0\u1ee3c ki\u1ec3m so\u00e1t. T\u00f9y thu\u1ed9c v\u00e0o c\u1ea5u h\u00ecnh b\u00e1nh xe c\u1ee7a c\u1ea7n c\u1ea9u, nhi\u1ec1u h\u1ed9p gi\u1ea3m t\u1ed1c h\u00e0nh tinh c\u00f3 th\u1ec3 \u0111\u01b0\u1ee3c s\u1eed d\u1ee5ng \u0111\u1ec3 d\u1eabn \u0111\u1ed9ng m\u1ed7i b\u00e1nh xe, cho ph\u00e9p c\u1ea7n c\u1ea9u c\u01a1 \u0111\u1ed9ng hi\u1ec7u qu\u1ea3 trong c\u00e1c m\u00f4i tr\u01b0\u1eddng l\u00e0m vi\u1ec7c kh\u00e1c nhau.<\/p>\n<p><img loading=\"lazy\" decoding=\"async\" class=\"wp-image-3698 aligncenter\" src=\"https:\/\/fmp-components.com\/wp-content\/uploads\/2025\/01\/0_wheel-drive-application-2-11.webp\" alt=\"\u1ee9ng d\u1ee5ng d\u1eabn \u0111\u1ed9ng b\u00e1nh xe\" width=\"537\" height=\"453\" title=\"\" srcset=\"https:\/\/fmp-components.com\/wp-content\/uploads\/2025\/01\/0_wheel-drive-application-2-11.webp 344w, https:\/\/fmp-components.com\/wp-content\/uploads\/2025\/01\/0_wheel-drive-application-2-11-300x253.webp 300w, https:\/\/fmp-components.com\/wp-content\/uploads\/2025\/01\/0_wheel-drive-application-2-11-14x12.webp 14w\" sizes=\"(max-width: 537px) 100vw, 537px\" \/><\/p>\n<p><strong>Y\u00eau c\u1ea7u v\u1ec1 hi\u1ec7u su\u1ea5t cho h\u1ec7 d\u1eabn \u0111\u1ed9ng b\u00e1nh xe trong c\u1ea7n c\u1ea9u<\/strong><\/p>\n<ul>\n<li><strong>Kh\u1ea3 n\u0103ng m\u00f4-men xo\u1eafn cao:<\/strong> H\u1ed9p s\u1ed1 ph\u1ea3i c\u00f3 kh\u1ea3 n\u0103ng ch\u1ecbu \u0111\u01b0\u1ee3c t\u1ea3i tr\u1ecdng n\u1eb7ng c\u1ee7a c\u1ea7n c\u1ea9u, \u0111\u1ea3m b\u1ea3o truy\u1ec1n l\u1ef1c \u0111\u00e1ng tin c\u1eady \u0111\u1ebfn b\u00e1nh xe trong \u0111i\u1ec1u ki\u1ec7n kh\u1eafc nghi\u1ec7t.<\/li>\n<li><strong>Ho\u1ea1t \u0111\u1ed9ng \u00edt ti\u1ebfng \u1ed3n:<\/strong> \u0110\u1ec3 gi\u1ea3m thi\u1ec3u \u00f4 nhi\u1ec5m ti\u1ebfng \u1ed3n t\u1ea1i c\u00f4ng tr\u01b0\u1eddng, h\u1ed9p s\u1ed1 \u0111\u01b0\u1ee3c thi\u1ebft k\u1ebf \u0111\u1ec3 ho\u1ea1t \u0111\u1ed9ng \u00eam \u00e1i, duy tr\u00ec m\u00f4i tr\u01b0\u1eddng l\u00e0m vi\u1ec7c y\u00ean t\u0129nh.<\/li>\n<li><strong>Hi\u1ec7u qu\u1ea3 cao:<\/strong> H\u1ed9p s\u1ed1 ph\u1ea3i cung c\u1ea5p kh\u1ea3 n\u0103ng truy\u1ec1n l\u1ef1c hi\u1ec7u qu\u1ea3, gi\u1ea3m th\u1ea5t tho\u00e1t n\u0103ng l\u01b0\u1ee3ng v\u00e0 t\u1ed1i \u01b0u h\u00f3a hi\u1ec7u su\u1ea5t c\u1ee7a c\u1ea7n c\u1ea9u \u0111\u1ec3 \u0111\u1ea1t n\u0103ng su\u1ea5t t\u1ed1i \u0111a.<\/li>\n<li><strong>\u0110\u1ed9 b\u1ec1n:<\/strong> \u0110\u01b0\u1ee3c ch\u1ebf t\u1ea1o \u0111\u1ec3 ch\u1ecbu \u0111\u01b0\u1ee3c m\u00f4i tr\u01b0\u1eddng l\u00e0m vi\u1ec7c kh\u1eafc nghi\u1ec7t, h\u1ed9p s\u1ed1 ph\u1ea3i ch\u1ecbu \u0111\u01b0\u1ee3c c\u00e1c \u0111i\u1ec1u ki\u1ec7n kh\u1eafc nghi\u1ec7t, bao g\u1ed3m th\u1eddi ti\u1ebft kh\u1eafc nghi\u1ec7t v\u00e0 s\u1eed d\u1ee5ng n\u1eb7ng nh\u1ecdc, \u0111\u1ea3m b\u1ea3o tu\u1ed5i th\u1ecd l\u00e2u d\u00e0i.<\/li>\n<li><strong>S\u1ef1 \u1ed5n \u0111\u1ecbnh:<\/strong> H\u1ed9p s\u1ed1 \u0111\u00f3ng vai tr\u00f2 quan tr\u1ecdng trong vi\u1ec7c \u0111\u1ea3m b\u1ea3o c\u1ea7n c\u1ea9u ho\u1ea1t \u0111\u1ed9ng tr\u00ean n\u1ec1n t\u1ea3ng \u1ed5n \u0111\u1ecbnh, duy tr\u00ec s\u1ef1 c\u00e2n b\u1eb1ng v\u00e0 ki\u1ec3m so\u00e1t trong qu\u00e1 tr\u00ecnh n\u00e2ng v\u00e0 di chuy\u1ec3n c\u00e1c v\u1eadt n\u1eb7ng.<\/li>\n<\/ul>\n<h2>C\u00e1ch th\u1ee9c ho\u1ea1t \u0111\u1ed9ng c\u1ee7a h\u1ec7 th\u1ed1ng truy\u1ec1n \u0111\u1ed9ng b\u00e1nh xe v\u1edbi c\u1ea7n c\u1ea9u<\/h2>\n<p>H\u1ec7 th\u1ed1ng truy\u1ec1n \u0111\u1ed9ng b\u00e1nh xe trong c\u1ea7n c\u1ea9u l\u00e0 c\u01a1 ch\u1ebf \u0111\u1ea9y b\u00e1nh xe c\u1ee7a c\u1ea7n c\u1ea9u, cho ph\u00e9p n\u00f3 di chuy\u1ec3n d\u1ecdc theo \u0111\u01b0\u1eddng ray ho\u1eb7c tr\u00ean b\u1ec1 m\u1eb7t. H\u1ec7 th\u1ed1ng n\u00e0y th\u01b0\u1eddng s\u1eed d\u1ee5ng \u0111\u1ed9ng c\u01a1 \u0111i\u1ec7n ho\u1eb7c th\u1ee7y l\u1ef1c \u0111\u01b0\u1ee3c k\u1ebft n\u1ed1i v\u1edbi b\u00e1nh xe, t\u1ea1o ra m\u00f4-men xo\u1eafn c\u1ea7n thi\u1ebft \u0111\u1ec3 di chuy\u1ec3n c\u1ea7n c\u1ea9u. Lo\u1ea1i h\u1ec7 th\u1ed1ng truy\u1ec1n \u0111\u1ed9ng \u0111\u01b0\u1ee3c s\u1eed d\u1ee5ng (th\u1ee7y l\u1ef1c ho\u1eb7c \u0111i\u1ec7n) ph\u1ee5 thu\u1ed9c v\u00e0o thi\u1ebft k\u1ebf v\u00e0 y\u00eau c\u1ea7u \u1ee9ng d\u1ee5ng c\u1ee7a c\u1ea7n c\u1ea9u.<\/p>\n<p>Trong h\u1ec7 th\u1ed1ng d\u1eabn \u0111\u1ed9ng b\u00e1nh xe \u0111i\u1ec7n, \u0111\u1ed9ng c\u01a1 \u0111i\u1ec7n cung c\u1ea5p n\u0103ng l\u01b0\u1ee3ng cho b\u00e1nh xe th\u00f4ng qua m\u1ed9t lo\u1ea1t h\u1ed9p s\u1ed1 gi\u1ea3m t\u1ed1c ho\u1eb7c truy\u1ec1n \u0111\u1ed9ng tr\u1ef1c ti\u1ebfp. \u0110\u1ed9ng c\u01a1 th\u01b0\u1eddng \u0111\u01b0\u1ee3c c\u1ea5p ngu\u1ed3n t\u1eeb ngu\u1ed3n \u0111i\u1ec7n ch\u00ednh c\u1ee7a c\u1ea7n c\u1ea9u ho\u1eb7c ngu\u1ed3n \u0111i\u1ec7n b\u00ean ngo\u00e0i. Nh\u1eefng \u0111\u1ed9ng c\u01a1 n\u00e0y c\u00f3 th\u1ec3 \u0111\u01b0\u1ee3c \u0111i\u1ec1u khi\u1ec3n th\u00f4ng qua c\u00e1c h\u1ec7 th\u1ed1ng tinh vi \u0111\u1ec3 \u0111i\u1ec1u ch\u1ec9nh t\u1ed1c \u0111\u1ed9, h\u01b0\u1edbng v\u00e0 gia t\u1ed1c c\u1ee7a c\u1ea7n c\u1ea9u, mang l\u1ea1i \u0111\u1ed9 ch\u00ednh x\u00e1c v\u00e0 hi\u1ec7u qu\u1ea3.<\/p>\n<p>M\u1eb7t kh\u00e1c, h\u1ec7 th\u1ed1ng d\u1eabn \u0111\u1ed9ng b\u00e1nh xe th\u1ee7y l\u1ef1c s\u1eed d\u1ee5ng \u0111\u1ed9ng c\u01a1 th\u1ee7y l\u1ef1c \u0111\u1ec3 d\u1eabn \u0111\u1ed9ng b\u00e1nh xe. C\u00e1c \u0111\u1ed9ng c\u01a1 n\u00e0y \u0111\u01b0\u1ee3c cung c\u1ea5p n\u0103ng l\u01b0\u1ee3ng b\u1edfi b\u01a1m th\u1ee7y l\u1ef1c, th\u01b0\u1eddng \u0111\u01b0\u1ee3c d\u1eabn \u0111\u1ed9ng b\u1edfi \u0111\u1ed9ng c\u01a1 diesel ho\u1eb7c \u0111i\u1ec7n. H\u1ec7 th\u1ed1ng d\u1eabn \u0111\u1ed9ng th\u1ee7y l\u1ef1c cung c\u1ea5p m\u00f4-men xo\u1eafn m\u1ea1nh m\u1ebd v\u00e0 th\u01b0\u1eddng \u0111\u01b0\u1ee3c \u01b0a chu\u1ed9ng trong c\u00e1c c\u1ea7n c\u1ea9u c\u1ea7n di chuy\u1ec3n t\u1ea3i tr\u1ecdng n\u1eb7ng ho\u1eb7c ho\u1ea1t \u0111\u1ed9ng trong m\u00f4i tr\u01b0\u1eddng kh\u1eafc nghi\u1ec7t \u0111\u00f2i h\u1ecfi c\u00f4ng su\u1ea5t cao v\u00e0 hi\u1ec7u su\u1ea5t m\u1ea1nh m\u1ebd.<\/p>\n<p><img loading=\"lazy\" decoding=\"async\" class=\"wp-image-3699 aligncenter\" src=\"https:\/\/fmp-components.com\/wp-content\/uploads\/2025\/01\/0_Reggiana-Riduttori-71.webp\" alt=\"Reggiana-Riduttori\" width=\"726\" height=\"620\" title=\"\" srcset=\"https:\/\/fmp-components.com\/wp-content\/uploads\/2025\/01\/0_Reggiana-Riduttori-71.webp 726w, https:\/\/fmp-components.com\/wp-content\/uploads\/2025\/01\/0_Reggiana-Riduttori-71-480x410.webp 480w\" sizes=\"(min-width: 0px) and (max-width: 480px) 480px, (min-width: 481px) 726px, 100vw\" \/><\/p>\n<h2>C\u00e1c th\u01b0\u01a1ng hi\u1ec7u ph\u1ed5 bi\u1ebfn v\u00e0 kh\u1ea3 n\u0103ng t\u01b0\u01a1ng th\u00edch<\/h2>\n<p><span style=\"color: #ff0000;\"><em><strong>L\u01b0u \u00fd: C\u00e1c th\u01b0\u01a1ng hi\u1ec7u \u0111\u01b0\u1ee3c \u0111\u1ec1 c\u1eadp trong b\u00e0i vi\u1ebft ch\u1ec9 nh\u1eb1m m\u1ee5c \u0111\u00edch thu\u1eadn ti\u1ec7n cho kh\u00e1ch h\u00e0ng l\u1ef1a ch\u1ecdn v\u00e0 thay th\u1ebf ph\u1ee5 ki\u1ec7n c\u1ee7a th\u01b0\u01a1ng hi\u1ec7u m\u00e1y n\u00f4ng nghi\u1ec7p t\u01b0\u01a1ng \u1ee9ng, ch\u00fang t\u00f4i kh\u00f4ng b\u00e1n s\u1ea3n ph\u1ea9m c\u1ee7a th\u01b0\u01a1ng hi\u1ec7u \u0111\u00f3.<\/strong><\/em><\/span><\/p>\n<table style=\"width: 96.3288%; height: 140px;\">\n<tbody>\n<tr>\n<th>Th\u01b0\u01a1ng hi\u1ec7u<\/th>\n<th>Ng\u01b0\u1eddi m\u1eabu<\/th>\n<th>Kh\u1ea3 n\u0103ng t\u01b0\u01a1ng th\u00edch<\/th>\n<\/tr>\n<tr>\n<td>Zoomlion<\/td>\n<td>QUY260<\/td>\n<td>T\u01b0\u01a1ng th\u00edch<\/td>\n<\/tr>\n<tr>\n<td>XCMG<\/td>\n<td>QY50K<\/td>\n<td>T\u01b0\u01a1ng th\u00edch<\/td>\n<\/tr>\n<tr>\n<td>Sany<\/td>\n<td>STC250<\/td>\n<td>T\u01b0\u01a1ng th\u00edch<\/td>\n<\/tr>\n<tr>\n<td>Terex<\/td>\n<td>RT555-1<\/td>\n<td>T\u01b0\u01a1ng th\u00edch<\/td>\n<\/tr>\n<\/tbody>\n<\/table>\n<h2>Gi\u1edbi thi\u1ec7u v\u1ec1 FMP<\/h2>\n<p>FMP l\u00e0 nh\u00e0 s\u1ea3n xu\u1ea5t h\u00e0ng \u0111\u1ea7u chuy\u00ean s\u1ea3n xu\u1ea5t \u0111a d\u1ea1ng c\u00e1c s\u1ea3n ph\u1ea9m truy\u1ec1n \u0111\u1ed9ng c\u01a1 kh\u00ed v\u00e0 th\u1ee7y l\u1ef1c. Danh m\u1ee5c s\u1ea3n ph\u1ea9m c\u1ee7a ch\u00fang t\u00f4i bao g\u1ed3m h\u1ed9p s\u1ed1 h\u00e0nh tinh, b\u1ed9 gi\u1ea3m t\u1ed1c tr\u1ee5c v\u00edt, b\u1ed9 gi\u1ea3m t\u1ed1c b\u00e1nh r\u0103ng xo\u1eafn th\u1eb3ng h\u00e0ng, b\u1ed9 gi\u1ea3m t\u1ed1c b\u00e1nh r\u0103ng xo\u1eafn tr\u1ee5c song song, b\u1ed9 gi\u1ea3m t\u1ed1c b\u00e1nh r\u0103ng c\u00f4n xo\u1eafn, b\u1ed9 gi\u1ea3m t\u1ed1c b\u00e1nh r\u0103ng tr\u1ee5c v\u00edt, h\u1ed9p s\u1ed1 n\u00f4ng nghi\u1ec7p, h\u1ed9p s\u1ed1 m\u00e1y k\u00e9o, h\u1ed9p s\u1ed1 \u00f4 t\u00f4, tr\u1ee5c c\u00f4ng su\u1ea5t v\u00e0 c\u00e1c b\u1ed9 gi\u1ea3m t\u1ed1c chuy\u00ean d\u1ee5ng. Ngo\u00e0i ra, ch\u00fang t\u00f4i c\u00f2n cung c\u1ea5p \u0111a d\u1ea1ng c\u00e1c linh ki\u1ec7n b\u1ed5 sung nh\u01b0 b\u00e1nh x\u00edch, h\u1ec7 th\u1ed1ng th\u1ee7y l\u1ef1c, b\u01a1m ch\u00e2n kh\u00f4ng, kh\u1edbp n\u1ed1i th\u1ee7y l\u1ef1c, thanh r\u0103ng, x\u00edch, puli \u0111\u1ecbnh th\u1eddi, h\u1ed9p s\u1ed1 UDL, puli \u0111ai ch\u1eef V, xi lanh th\u1ee7y l\u1ef1c, b\u01a1m b\u00e1nh r\u0103ng, m\u00e1y n\u00e9n kh\u00ed tr\u1ee5c v\u00edt, b\u1ed9 gi\u1ea3m t\u1ed1c tr\u1ee5c v\u00edt \u0111\u1ed9 h\u1edf th\u1ea5p, c\u00f9ng nhi\u1ec1u s\u1ea3n ph\u1ea9m kh\u00e1c.<\/p>\n<p><strong>Gi\u1ea3i ph\u00e1p t\u00f9y ch\u1ec9nh cho m\u1ecdi nhu c\u1ea7u<\/strong><\/p>\n<p>T\u1ea1i FMP, ch\u00fang t\u00f4i hi\u1ec3u r\u1eb1ng m\u1ed7i \u1ee9ng d\u1ee5ng \u0111\u1ec1u \u0111\u1ed9c \u0111\u00e1o. \u0110\u00f3 l\u00e0 l\u00fd do t\u1ea1i sao ch\u00fang t\u00f4i cung c\u1ea5p c\u00e1c gi\u1ea3i ph\u00e1p ho\u00e0n to\u00e0n t\u00f9y ch\u1ec9nh, bao g\u1ed3m h\u1ed9p s\u1ed1, \u0111\u1ed9ng c\u01a1 b\u00e1nh r\u0103ng, h\u1ec7 th\u1ed1ng th\u1ee7y l\u1ef1c v\u00e0 \u0111\u1ed9ng c\u01a1 \u0111\u01b0\u1ee3c thi\u1ebft k\u1ebf ri\u00eang \u0111\u1ec3 \u0111\u00e1p \u1ee9ng c\u00e1c y\u00eau c\u1ea7u c\u1ee5 th\u1ec3 c\u1ee7a kh\u00e1ch h\u00e0ng. N\u0103ng l\u1ef1c s\u1ea3n xu\u1ea5t linh ho\u1ea1t c\u1ee7a ch\u00fang t\u00f4i cho ph\u00e9p ch\u00fang t\u00f4i t\u1ea1o ra c\u00e1c s\u1ea3n ph\u1ea9m \u0111\u01b0\u1ee3c thi\u1ebft k\u1ebf ch\u00ednh x\u00e1c, ph\u00f9 h\u1ee3p \u0111\u1ec3 \u0111\u1ea3m b\u1ea3o hi\u1ec7u qu\u1ea3 t\u1ed1i \u0111a v\u00e0 hi\u1ec7u su\u1ea5t t\u1ed1i \u01b0u cho m\u1ecdi \u1ee9ng d\u1ee5ng.<\/p>\n<p><strong>Cam k\u1ebft v\u1ec1 ch\u1ea5t l\u01b0\u1ee3ng v\u00e0 \u0111\u1ed5i m\u1edbi<\/strong><\/p>\n<p>Ch\u00fang t\u00f4i cam k\u1ebft s\u00e2u s\u1eafc duy tr\u00ec c\u00e1c ti\u00eau chu\u1ea9n cao nh\u1ea5t v\u1ec1 ch\u1ea5t l\u01b0\u1ee3ng v\u00e0 \u0111\u1ed9 tin c\u1eady trong m\u1ecdi s\u1ea3n ph\u1ea9m ch\u00fang t\u00f4i s\u1ea3n xu\u1ea5t. Thi\u1ebft b\u1ecb ki\u1ec3m tra v\u00e0 th\u1eed nghi\u1ec7m ti\u00ean ti\u1ebfn, c\u00f9ng v\u1edbi \u0111\u1ed9i ng\u0169 k\u1ef9 thu\u1eadt tay ngh\u1ec1 cao, \u0111\u1ea3m b\u1ea3o m\u1ecdi s\u1ea3n ph\u1ea9m \u0111\u1ec1u \u0111\u00e1p \u1ee9ng c\u00e1c ti\u00eau chu\u1ea9n nghi\u00eam ng\u1eb7t c\u1ee7a ng\u00e0nh. D\u00f9 cung c\u1ea5p c\u00e1c gi\u1ea3i ph\u00e1p ti\u00eau chu\u1ea9n hay t\u1ea1o ra c\u00e1c s\u1ea3n ph\u1ea9m \u0111\u01b0\u1ee3c thi\u1ebft k\u1ebf ri\u00eang, FMP lu\u00f4n cam k\u1ebft mang \u0111\u1ebfn nh\u1eefng k\u1ebft qu\u1ea3 ch\u1ea5t l\u01b0\u1ee3ng h\u00e0ng \u0111\u1ea7u, ho\u1ea1t \u0111\u1ed9ng v\u01b0\u1ee3t tr\u1ed9i ngay c\u1ea3 trong nh\u1eefng m\u00f4i tr\u01b0\u1eddng kh\u1eafc nghi\u1ec7t nh\u1ea5t.<\/p>\n<p>Trong nh\u1eefng n\u0103m g\u1ea7n \u0111\u00e2y, FMP \u0111\u00e3 c\u00f3 s\u1ef1 t\u0103ng tr\u01b0\u1edfng nhanh ch\u00f3ng, nh\u1edd v\u00e0o kinh nghi\u1ec7m s\u1ea3n xu\u1ea5t s\u00e2u r\u1ed9ng, h\u1ec7 th\u1ed1ng qu\u1ea3n l\u00fd m\u1ea1nh m\u1ebd v\u00e0 chuy\u00ean m\u00f4n k\u1ef9 thu\u1eadt v\u1eefng ch\u1eafc. Tri\u1ebft l\u00fd \u201cch\u1ea5t l\u01b0\u1ee3ng \u0111\u1ec3 t\u1ed3n t\u1ea1i, \u0111\u1ed5i m\u1edbi \u0111\u1ec3 ph\u00e1t tri\u1ec3n\u201d c\u1ee7a ch\u00fang t\u00f4i l\u00e0 n\u1ec1n t\u1ea3ng cho th\u00e0nh c\u00f4ng, th\u00fac \u0111\u1ea9y c\u1ea3i ti\u1ebfn v\u00e0 t\u0103ng tr\u01b0\u1edfng li\u00ean t\u1ee5c.<\/p>\n<p><strong>H\u1ee3p t\u00e1c \u0111\u1ec3 th\u00e0nh c\u00f4ng<\/strong><\/p>\n<p>T\u1ea1i FMP, ch\u00fang t\u00f4i \u01b0u ti\u00ean s\u1ef1 h\u1ee3p t\u00e1c v\u00e0 quan h\u1ec7 \u0111\u1ed1i t\u00e1c l\u00e2u d\u00e0i v\u1edbi kh\u00e1ch h\u00e0ng. Ch\u00fang t\u00f4i h\u1ee3p t\u00e1c ch\u1eb7t ch\u1ebd v\u1edbi kh\u00e1ch h\u00e0ng \u0111\u1ec3 cung c\u1ea5p c\u00e1c gi\u1ea3i ph\u00e1p s\u00e1ng t\u1ea1o, \u0111\u00e1ng tin c\u1eady, v\u01b0\u1ee3t tr\u00ean c\u1ea3 mong \u0111\u1ee3i. M\u1ee5c ti\u00eau c\u1ee7a ch\u00fang t\u00f4i kh\u00f4ng ch\u1ec9 l\u00e0 \u0111\u00e1p \u1ee9ng nhu c\u1ea7u c\u1ee7a kh\u00e1ch h\u00e0ng m\u00e0 c\u00f2n x\u00e2y d\u1ef1ng m\u1ed1i quan h\u1ec7 b\u1ec1n v\u1eefng d\u1ef1a tr\u00ean s\u1ef1 tin t\u01b0\u1edfng, ch\u1ea5t l\u01b0\u1ee3ng v\u00e0 th\u00e0nh c\u00f4ng chung.<\/p>\n<p>T\u1eadp trung v\u00e0o k\u1ef9 thu\u1eadt ch\u00ednh x\u00e1c, \u0111\u1ed9 tin c\u1eady v\u00e0 d\u1ecbch v\u1ee5 t\u00f9y ch\u1ec9nh, FMP l\u00e0 \u0111\u1ed1i t\u00e1c \u0111\u00e1ng tin c\u1eady cho m\u1ecdi nhu c\u1ea7u v\u1ec1 truy\u1ec1n \u0111\u1ed9ng c\u01a1 kh\u00ed v\u00e0 th\u1ee7y l\u1ef1c c\u1ee7a b\u1ea1n. Ch\u00fang t\u00f4i mong mu\u1ed1n \u0111\u01b0\u1ee3c h\u1ee3p t\u00e1c v\u1edbi b\u1ea1n \u0111\u1ec3 c\u00f9ng nhau \u0111\u1ea1t \u0111\u01b0\u1ee3c th\u00e0nh c\u00f4ng v\u00e0 s\u1ef1 xu\u1ea5t s\u1eafc.<\/p>\n<p><img loading=\"lazy\" decoding=\"async\" class=\"alignnone size-full wp-image-3678\" src=\"https:\/\/fmp-components.com\/wp-content\/uploads\/2025\/01\/worm-gearbox-factory1.webp\" alt=\"nh\u00e0 m\u00e1y h\u1ed9p s\u1ed1 tr\u1ee5c v\u00edt\" width=\"1024\" height=\"888\" title=\"\" srcset=\"https:\/\/fmp-components.com\/wp-content\/uploads\/2025\/01\/worm-gearbox-factory1.webp 1024w, https:\/\/fmp-components.com\/wp-content\/uploads\/2025\/01\/worm-gearbox-factory1-980x850.webp 980w, https:\/\/fmp-components.com\/wp-content\/uploads\/2025\/01\/worm-gearbox-factory1-480x416.webp 480w\" sizes=\"(min-width: 0px) and (max-width: 480px) 480px, (min-width: 481px) and (max-width: 980px) 980px, (min-width: 981px) 1024px, 100vw\" \/><\/p>\n<p>T\u00e1c gi\u1ea3: CX<\/p>","protected":false},"excerpt":{"rendered":"<p>Wheel Drive Planetary Gearbox Reducer for Cranes The wheel drive planetary gearbox reducer for cranes is a key component in providing mobility and stability to cranes. It is responsible for transmitting power from the crane\u2019s engine to the wheels, ensuring smooth and controlled movement. Depending on the crane&#8217;s wheel configuration, multiple planetary gearboxes may be [&hellip;]<\/p>","protected":false},"featured_media":3700,"comment_status":"open","ping_status":"closed","template":"","meta":{"_et_pb_use_builder":"","_et_pb_old_content":"","_et_gb_content_width":""},"product_brand":[],"product_cat":[90],"product_tag":[],"class_list":{"0":"post-3697","1":"product","2":"type-product","3":"status-publish","4":"has-post-thumbnail","6":"product_cat-planetary-gearbox","8":"first","9":"instock","10":"shipping-taxable","11":"product-type-simple"},"_links":{"self":[{"href":"https:\/\/fmp-components.com\/vi\/wp-json\/wp\/v2\/product\/3697","targetHints":{"allow":["GET"]}}],"collection":[{"href":"https:\/\/fmp-components.com\/vi\/wp-json\/wp\/v2\/product"}],"about":[{"href":"https:\/\/fmp-components.com\/vi\/wp-json\/wp\/v2\/types\/product"}],"replies":[{"embeddable":true,"href":"https:\/\/fmp-components.com\/vi\/wp-json\/wp\/v2\/comments?post=3697"}],"wp:featuredmedia":[{"embeddable":true,"href":"https:\/\/fmp-components.com\/vi\/wp-json\/wp\/v2\/media\/3700"}],"wp:attachment":[{"href":"https:\/\/fmp-components.com\/vi\/wp-json\/wp\/v2\/media?parent=3697"}],"wp:term":[{"taxonomy":"product_brand","embeddable":true,"href":"https:\/\/fmp-components.com\/vi\/wp-json\/wp\/v2\/product_brand?post=3697"},{"taxonomy":"product_cat","embeddable":true,"href":"https:\/\/fmp-components.com\/vi\/wp-json\/wp\/v2\/product_cat?post=3697"},{"taxonomy":"product_tag","embeddable":true,"href":"https:\/\/fmp-components.com\/vi\/wp-json\/wp\/v2\/product_tag?post=3697"}],"curies":[{"name":"wp","href":"https:\/\/api.w.org\/{rel}","templated":true}]}}