{"id":3691,"date":"2025-01-09T06:50:44","date_gmt":"2025-01-09T06:50:44","guid":{"rendered":"https:\/\/fmp-components.com\/?page_id=8"},"modified":"2025-01-09T06:59:56","modified_gmt":"2025-01-09T06:59:56","slug":"wheel-drive-planetary-gearbox-reducer-for-land-clearing-stone-crusher","status":"publish","type":"product","link":"https:\/\/fmp-components.com\/vi\/product\/wheel-drive-planetary-gearbox-reducer-for-land-clearing-stone-crusher\/","title":{"rendered":"H\u1ed9p s\u1ed1 h\u00e0nh tinh d\u1eabn \u0111\u1ed9ng b\u00e1nh xe gi\u1ea3m t\u1ed1c cho m\u00e1y nghi\u1ec1n \u0111\u00e1 khai hoang"},"content":{"rendered":"<div class=\"flex max-w-full flex-col flex-grow\">\n<div class=\"min-h-8 text-message flex w-full flex-col items-end gap-2 whitespace-normal break-words text-start [.text-message+&amp;]:mt-5\" dir=\"auto\" data-message-author-role=\"assistant\" data-message-id=\"cb00f25b-f818-4caf-841a-79c479bfaa7e\" data-message-model-slug=\"gpt-4o\">\n<div class=\"flex w-full flex-col gap-1 empty:hidden first:pt-[3px]\">\n<div class=\"markdown prose w-full break-words dark:prose-invert light\">\n<h2>V\u1ecb tr\u00ed c\u1ee7a h\u1ed9p s\u1ed1 trong m\u00e1y nghi\u1ec1n \u0111\u00e1 khai hoang<\/h2>\n<p>H\u1ed9p s\u1ed1 trong m\u00e1y nghi\u1ec1n \u0111\u00e1 khai hoang th\u01b0\u1eddng n\u1eb1m gi\u1eefa \u0111\u1ed9ng c\u01a1 ho\u1eb7c m\u00f4-t\u01a1 v\u00e0 c\u01a1 c\u1ea5u nghi\u1ec1n, th\u01b0\u1eddng \u0111\u01b0\u1ee3c l\u1eafp tr\u1ef1c ti\u1ebfp v\u00e0o khung ch\u00ednh c\u1ee7a m\u00e1y. H\u1ed9p s\u1ed1 \u0111\u00f3ng vai tr\u00f2 quan tr\u1ecdng trong vi\u1ec7c truy\u1ec1n l\u1ef1c t\u1eeb \u0111\u1ed9ng c\u01a1 \u0111\u1ebfn r\u00f4-t\u01a1 ho\u1eb7c bu\u1ed3ng nghi\u1ec1n c\u1ee7a m\u00e1y nghi\u1ec1n, c\u00f3 nhi\u1ec7m v\u1ee5 nghi\u1ec1n n\u00e1t \u0111\u00e1 v\u00e0 m\u1ea3nh v\u1ee5n l\u1edbn th\u00e0nh nh\u1eefng m\u1ea3nh nh\u1ecf h\u01a1n, d\u1ec5 x\u1eed l\u00fd h\u01a1n.<\/p>\n<p>H\u1ed9p s\u1ed1 th\u01b0\u1eddng \u0111\u01b0\u1ee3c \u0111\u1eb7t \u1edf ph\u00eda sau ho\u1eb7c b\u00ean h\u00f4ng m\u00e1y nghi\u1ec1n \u0111\u00e1, k\u1ebft n\u1ed1i v\u1edbi c\u1ee5m nghi\u1ec1n ch\u00ednh th\u00f4ng qua m\u1ed9t lo\u1ea1t tr\u1ee5c v\u00e0 kh\u1edbp n\u1ed1i. V\u1ecb tr\u00ed n\u00e0y \u0111\u1ea3m b\u1ea3o h\u1ed9p s\u1ed1 x\u1eed l\u00fd hi\u1ec7u qu\u1ea3 m\u00f4-men xo\u1eafn cao c\u1ea7n thi\u1ebft cho ho\u1ea1t \u0111\u1ed9ng nghi\u1ec1n, \u0111\u1ed3ng th\u1eddi v\u1eabn duy tr\u00ec s\u1ef1 \u0111\u1ed3ng b\u1ed9 ch\u00ednh x\u00e1c v\u1edbi \u0111\u1ed9ng c\u01a1 ho\u1eb7c m\u00f4-t\u01a1. H\u1ed9p s\u1ed1 c\u00f3 th\u1ec3 \u0111\u01b0\u1ee3c bao b\u1ecdc trong v\u1ecf b\u1ea3o v\u1ec7 \u0111\u1ec3 tr\u00e1nh m\u1ea3nh v\u1ee5n, b\u1ee5i v\u00e0 c\u00e1c y\u1ebfu t\u1ed1 m\u00f4i tr\u01b0\u1eddng th\u01b0\u1eddng g\u1eb7p trong c\u00e1c \u1ee9ng d\u1ee5ng khai hoang.<\/p>\n<p>\u1ede nhi\u1ec1u m\u00e1y nghi\u1ec1n \u0111\u00e1 khai th\u00e1c \u0111\u1ea5t, h\u1ed9p s\u1ed1 \u0111\u01b0\u1ee3c thi\u1ebft k\u1ebf \u0111\u1ec3 ch\u1ecbu \u0111\u01b0\u1ee3c \u1ee9ng su\u1ea5t c\u01a1 h\u1ecdc \u0111\u00e1ng k\u1ec3, v\u00ec n\u00f3 chuy\u1ec3n \u0111\u1ed5i n\u0103ng l\u01b0\u1ee3ng quay t\u1eeb \u0111\u1ed9ng c\u01a1 th\u00e0nh m\u00f4-men xo\u1eafn c\u1ea7n thi\u1ebft \u0111\u1ec3 v\u1eadn h\u00e0nh c\u01a1 c\u1ea5u nghi\u1ec1n, \u0111\u1ea3m b\u1ea3o qu\u00e1 tr\u00ecnh x\u1eed l\u00fd \u0111\u00e1 hi\u1ec7u qu\u1ea3 v\u00e0 \u0111\u00e1ng tin c\u1eady.<\/p>\n<p><img loading=\"lazy\" decoding=\"async\" class=\"alignnone wp-image-3694\" src=\"https:\/\/fmp-components.com\/wp-content\/uploads\/2025\/01\/0_wheel-drive-Land-Clearing-Stone-Crusher-11.webp\" alt=\"M\u00e1y nghi\u1ec1n \u0111\u00e1 d\u1eabn \u0111\u1ed9ng b\u00e1nh xe\" width=\"933\" height=\"525\" title=\"\" srcset=\"https:\/\/fmp-components.com\/wp-content\/uploads\/2025\/01\/0_wheel-drive-Land-Clearing-Stone-Crusher-11.webp 933w, https:\/\/fmp-components.com\/wp-content\/uploads\/2025\/01\/0_wheel-drive-Land-Clearing-Stone-Crusher-11-480x270.webp 480w\" sizes=\"(min-width: 0px) and (max-width: 480px) 480px, (min-width: 481px) 933px, 100vw\" \/><\/p>\n<h2>Ch\u1ee9c n\u0103ng c\u1ee7a h\u1ed9p s\u1ed1 h\u00e0nh tinh d\u1eabn \u0111\u1ed9ng b\u00e1nh xe trong m\u00e1y nghi\u1ec1n \u0111\u00e1 khai hoang<\/h2>\n<p>H\u1ed9p s\u1ed1 h\u00e0nh tinh d\u1eabn \u0111\u1ed9ng b\u00e1nh xe trong m\u00e1y nghi\u1ec1n \u0111\u00e1 khai hoang \u0111\u00f3ng vai tr\u00f2 quan tr\u1ecdng trong vi\u1ec7c truy\u1ec1n t\u1ea3i hi\u1ec7u qu\u1ea3 c\u00f4ng su\u1ea5t t\u1eeb \u200b\u200b\u0111\u1ed9ng c\u01a1 ho\u1eb7c m\u00f4-t\u01a1 \u0111\u1ebfn b\u00e1nh xe ho\u1eb7c x\u00edch c\u1ee7a m\u00e1y. Ch\u1ee9c n\u0103ng ch\u00ednh c\u1ee7a n\u00f3 l\u00e0 gi\u1ea3m t\u1ed1c \u0111\u1ed9 quay c\u1ee7a \u0111\u1ed9ng c\u01a1 \u0111\u1ed3ng th\u1eddi t\u0103ng m\u00f4-men xo\u1eafn, cho ph\u00e9p m\u00e1y nghi\u1ec1n \u0111\u00e1 di chuy\u1ec3n tr\u00ean \u0111\u1ecba h\u00ecnh g\u1ed3 gh\u1ec1, kh\u00f4ng b\u1eb1ng ph\u1eb3ng th\u01b0\u1eddng th\u1ea5y trong c\u00e1c \u1ee9ng d\u1ee5ng khai hoang.<\/p>\n<p><strong>1. Truy\u1ec1n l\u1ef1c v\u00e0 nh\u00e2n m\u00f4-men xo\u1eafn:<\/strong> H\u1ed9p s\u1ed1 h\u00e0nh tinh truy\u1ec1n \u0111\u1ed9ng n\u0103ng do \u0111\u1ed9ng c\u01a1 t\u1ea1o ra \u0111\u1ebfn b\u00e1nh xe ho\u1eb7c x\u00edch m\u1ed9t c\u00e1ch hi\u1ec7u qu\u1ea3. B\u1eb1ng c\u00e1ch s\u1eed d\u1ee5ng m\u1ed9t b\u1ed9 b\u00e1nh r\u0103ng \u0111\u01b0\u1ee3c s\u1eafp x\u1ebfp theo c\u1ea5u h\u00ecnh h\u00e0nh tinh, h\u1ed9p s\u1ed1 gi\u1ea3m t\u1ed1c \u0111\u1ed9 \u0111\u1ea7u v\u00e0o v\u00e0 t\u0103ng m\u00f4-men xo\u1eafn, cung c\u1ea5p l\u1ef1c c\u1ea7n thi\u1ebft \u0111\u1ec3 m\u00e1y nghi\u1ec1n \u0111\u00e1 di chuy\u1ec3n qua c\u00e1c b\u1ec1 m\u1eb7t c\u1ee9ng nh\u01b0 \u0111\u00e1, \u0111\u1ea5t v\u00e0 \u0111\u1ea5t kh\u00f4ng b\u1eb1ng ph\u1eb3ng. \u0110i\u1ec1u n\u00e0y mang l\u1ea1i l\u1ef1c k\u00e9o v\u00e0 kh\u1ea3 n\u0103ng c\u01a1 \u0111\u1ed9ng t\u1ed1t h\u01a1n, \u0111\u1ea3m b\u1ea3o m\u00e1y c\u00f3 th\u1ec3 di chuy\u1ec3n qua c\u00e1c m\u00f4i tr\u01b0\u1eddng kh\u1eafc nghi\u1ec7t m\u00e0 kh\u00f4ng b\u1ecb k\u1eb9t.<\/p>\n<p><strong>2. Ho\u1ea1t \u0111\u1ed9ng tr\u01a1n tru v\u00e0 hi\u1ec7u qu\u1ea3:<\/strong> Thi\u1ebft k\u1ebf h\u1ed9p s\u1ed1 h\u00e0nh tinh cho ph\u00e9p ph\u00e2n b\u1ed5 t\u1ea3i \u0111\u1ec1u tr\u00ean c\u00e1c b\u00e1nh r\u0103ng, gi\u1ea3m hao m\u00f2n \u0111\u1ed3ng th\u1eddi t\u0103ng hi\u1ec7u su\u1ea5t truy\u1ec1n l\u1ef1c. \u0110i\u1ec1u n\u00e0y g\u00f3p ph\u1ea7n mang l\u1ea1i kh\u1ea3 n\u0103ng v\u1eadn h\u00e0nh m\u01b0\u1ee3t m\u00e0 h\u01a1n v\u00e0 k\u00e9o d\u00e0i tu\u1ed5i th\u1ecd cho c\u00e1c b\u1ed9 ph\u1eadn truy\u1ec1n \u0111\u1ed9ng c\u1ee7a m\u00e1y. N\u00f3 c\u0169ng gi\u00fap \u0111\u1ea3m b\u1ea3o m\u00e1y c\u00f3 th\u1ec3 duy tr\u00ec t\u1ed1c \u0111\u1ed9 \u1ed5n \u0111\u1ecbnh, y\u1ebfu t\u1ed1 thi\u1ebft y\u1ebfu \u0111\u1ec3 t\u1ed1i \u01b0u h\u00f3a hi\u1ec7u su\u1ea5t nghi\u1ec1n v\u00e0 ti\u1ebft ki\u1ec7m nhi\u00ean li\u1ec7u trong qu\u00e1 tr\u00ecnh khai hoang.<\/p>\n<p><strong>3. \u0110\u1ed9 b\u1ec1n v\u00e0 \u0111\u1ed9 tin c\u1eady \u0111\u01b0\u1ee3c c\u1ea3i thi\u1ec7n:<\/strong> Trong m\u00e1y nghi\u1ec1n \u0111\u00e1 khai hoang, \u0111i\u1ec1u ki\u1ec7n l\u00e0m vi\u1ec7c th\u01b0\u1eddng kh\u1eafc nghi\u1ec7t, bao g\u1ed3m c\u00e1c nhi\u1ec7m v\u1ee5 n\u1eb7ng n\u1ec1 nh\u01b0 nghi\u1ec1n \u0111\u00e1 l\u1edbn v\u00e0 di chuy\u1ec3n tr\u00ean \u0111\u1ecba h\u00ecnh g\u1ed3 gh\u1ec1. H\u1ed9p s\u1ed1 h\u00e0nh tinh \u0111\u01b0\u1ee3c ch\u1ebf t\u1ea1o \u0111\u1ec3 ch\u1ecbu \u0111\u01b0\u1ee3c m\u00f4-men xo\u1eafn v\u00e0 \u1ee9ng su\u1ea5t cao, mang l\u1ea1i \u0111\u1ed9 b\u1ec1n v\u00e0 \u0111\u1ed9 tin c\u1eady trong nh\u1eefng \u0111i\u1ec1u ki\u1ec7n kh\u1eafc nghi\u1ec7t nh\u01b0 v\u1eady. N\u00f3 \u0111\u1ea3m b\u1ea3o m\u00e1y nghi\u1ec1n \u0111\u00e1 c\u00f3 th\u1ec3 li\u00ean t\u1ee5c ho\u1ea1t \u0111\u1ed9ng \u1edf m\u1ee9c t\u1ed1i \u01b0u m\u00e0 kh\u00f4ng \u1ea3nh h\u01b0\u1edfng \u0111\u1ebfn t\u00ednh to\u00e0n v\u1eb9n c\u01a1 h\u1ecdc c\u1ee7a m\u00e1y, bi\u1ebfn n\u00f3 th\u00e0nh m\u1ed9t th\u00e0nh ph\u1ea7n quan tr\u1ecdng gi\u00fap t\u1ed1i \u0111a h\u00f3a th\u1eddi gian ho\u1ea1t \u0111\u1ed9ng v\u00e0 n\u0103ng su\u1ea5t.<\/p>\n<p>T\u00f3m l\u1ea1i, h\u1ed9p s\u1ed1 h\u00e0nh tinh d\u1eabn \u0111\u1ed9ng b\u00e1nh xe trong m\u00e1y nghi\u1ec1n \u0111\u00e1 khai hoang r\u1ea5t c\u1ea7n thi\u1ebft \u0111\u1ec3 cung c\u1ea5p m\u00f4-men xo\u1eafn c\u1ea7n thi\u1ebft, v\u1eadn h\u00e0nh tr\u01a1n tru v\u00e0 \u0111\u1ed9 b\u1ec1n \u0111\u1ec3 x\u1eed l\u00fd c\u1ea3 nhi\u1ec7m v\u1ee5 nghi\u1ec1n n\u1eb7ng v\u00e0 di chuy\u1ec3n tr\u00ean \u0111\u1ecba h\u00ecnh g\u1ed3 gh\u1ec1.<\/p>\n<p><img loading=\"lazy\" decoding=\"async\" class=\"alignnone wp-image-3696\" src=\"https:\/\/fmp-components.com\/wp-content\/uploads\/2025\/01\/0_wheel-drive-Apple-harvester-machine-61.webp\" alt=\"m\u00e1y thu ho\u1ea1ch t\u00e1o d\u1eabn \u0111\u1ed9ng b\u00e1nh xe\" width=\"914\" height=\"513\" title=\"\" srcset=\"https:\/\/fmp-components.com\/wp-content\/uploads\/2025\/01\/0_wheel-drive-Apple-harvester-machine-61.webp 914w, https:\/\/fmp-components.com\/wp-content\/uploads\/2025\/01\/0_wheel-drive-Apple-harvester-machine-61-480x269.webp 480w\" sizes=\"(min-width: 0px) and (max-width: 480px) 480px, (min-width: 481px) 914px, 100vw\" \/><\/p>\n<h2>Th\u00f4ng s\u1ed1 k\u1ef9 thu\u1eadt<\/h2>\n<table border=\"2\">\n<tbody>\n<tr>\n<td>Kh\u1ea3 n\u0103ng ch\u1ecbu t\u1ea3i<\/td>\n<td>Kh\u1ea3 n\u0103ng m\u00f4-men xo\u1eafn \u0111\u1ed9ng l\u00ean t\u1edbi 60000Nm, \u0110\u1ea3m b\u1ea3o truy\u1ec1n l\u1ef1c v\u00e0 \u0111\u1ed9 b\u1ec1n \u0111\u1ea7y \u0111\u1ee7 khi x\u1eed l\u00fd \u0111\u00e1 c\u1ee9ng v\u00e0 \u0111\u1ea5t.<\/td>\n<\/tr>\n<tr>\n<td>Ph\u1ea1m vi t\u1ef7 l\u1ec7 t\u1ed1c \u0111\u1ed9<\/td>\n<td>Cung c\u1ea5p nhi\u1ec1u c\u1ea5u h\u00ecnh t\u1ef7 s\u1ed1 truy\u1ec1n t\u1ed1c \u0111\u1ed9 kh\u00e1c nhau, c\u00f3 th\u1ec3 \u0111i\u1ec1u ch\u1ec9nh t\u1eeb 5,3 \u0111\u1ebfn 200:1, \u0111\u1ec3 th\u00edch \u1ee9ng v\u1edbi c\u00e1c y\u00eau c\u1ea7u v\u1eadn h\u00e0nh nghi\u1ec1n kh\u00e1c nhau v\u00e0 ki\u1ec3m so\u00e1t t\u1ed1c \u0111\u1ed9 truy\u1ec1n \u0111\u1ed9ng.<\/td>\n<\/tr>\n<tr>\n<td>V\u1eadt li\u1ec7u<\/td>\n<td>C\u00e1c b\u00e1nh r\u0103ng \u0111\u01b0\u1ee3c l\u00e0m b\u1eb1ng th\u00e9p h\u1ee3p kim ch\u1ea5t l\u01b0\u1ee3ng cao v\u00e0 \u0111\u00e3 tr\u1ea3i qua qu\u00e1 tr\u00ecnh t\u00f4i luy\u1ec7n v\u00e0 x\u1eed l\u00fd nhi\u1ec7t \u0111\u1ec3 \u0111\u1ea3m b\u1ea3o \u0111\u1ed9 c\u1ee9ng cao, kh\u1ea3 n\u0103ng ch\u1ed1ng m\u00e0i m\u00f2n v\u00e0 ch\u1ed1ng va \u0111\u1eadp; th\u00e2n h\u1ed9p \u0111\u01b0\u1ee3c \u0111\u00fac t\u1eeb gang c\u01b0\u1eddng \u0111\u1ed9 cao ho\u1eb7c h\u1ee3p kim nh\u00f4m, c\u00f3 \u0111\u1ed9 b\u1ec1n k\u1ebft c\u1ea5u t\u1ed1t v\u00e0 kh\u1ea3 n\u0103ng ch\u1ed1ng \u0103n m\u00f2n.<\/td>\n<\/tr>\n<tr>\n<td>K\u00edch th\u01b0\u1edbc<\/td>\n<td>C\u00f3 th\u1ec3 t\u00f9y ch\u1ec9nh<\/td>\n<\/tr>\n<tr>\n<td>\u1ee6ng h\u1ed9<\/td>\n<td>h\u1ed9p s\u1ed1 c\u00f3 m\u1eb7t b\u00edch v\u1ecf quay \u0111\u1ec3 l\u1eafp b\u00e1nh xe<\/td>\n<\/tr>\n<tr>\n<td>\u0110\u1ed9ng c\u01a1 \u00e1p d\u1ee5ng<\/td>\n<td>\u0111\u1ed9ng c\u01a1 th\u1ee7y l\u1ef1c piston h\u01b0\u1edbng tr\u1ee5c, \u0111\u1ed9ng c\u01a1 qu\u1ef9 \u0111\u1ea1o th\u1ee7y l\u1ef1c ho\u1eb7c c\u00e1c lo\u1ea1i kh\u00e1c<\/td>\n<\/tr>\n<tr>\n<td>T\u00f9y ch\u1ecdn \u0111\u1ed9ng c\u01a1 th\u1ee7y l\u1ef1c<\/td>\n<td>van gi\u1ea3m \u00e1p, van trung t\u00e2m<\/td>\n<\/tr>\n<tr>\n<td>V\u00f2ng bi:<\/td>\n<td>h\u1ec7 th\u1ed1ng \u1ed5 tr\u1ee5c ch\u1eafc ch\u1eafn h\u1ea5p th\u1ee5 l\u1ef1c t\u00e1c d\u1ee5ng c\u1ee7a b\u00e1nh r\u0103ng v\u00e0nh<\/td>\n<\/tr>\n<tr>\n<td>Phanh:<\/td>\n<td>phanh \u0111\u1ed7 xe \u0111\u01b0\u1ee3c nh\u1ea3 th\u1ee7y l\u1ef1c<\/td>\n<\/tr>\n<\/tbody>\n<\/table>\n<h2>Kh\u1ea3 n\u0103ng t\u01b0\u01a1ng th\u00edch v\u1edbi m\u00e1y nghi\u1ec1n \u0111\u00e1 khai hoang<\/h2>\n<p>H\u1ed9p s\u1ed1 h\u00e0nh tinh d\u1eabn \u0111\u1ed9ng b\u00e1nh xe c\u1ee7a ch\u00fang t\u00f4i \u0111\u01b0\u1ee3c t\u1ed1i \u01b0u h\u00f3a \u0111\u1ec3 s\u1eed d\u1ee5ng v\u1edbi t\u1ea5t c\u1ea3 c\u00e1c th\u01b0\u01a1ng hi\u1ec7u v\u00e0 m\u1eabu m\u00e1y nghi\u1ec1n \u0111\u00e1 khai hoang l\u1edbn tr\u00ean th\u1ecb tr\u01b0\u1eddng.<\/p>\n<p>Sau \u0111\u00e2y l\u00e0 danh s\u00e1ch m\u1ed9t s\u1ed1 nh\u00e0 s\u1ea3n xu\u1ea5t thi\u1ebft b\u1ecb nghi\u1ec1n ph\u1ed5 bi\u1ebfn ho\u1eb7c n\u1ed5i ti\u1ebfng trong ng\u00e0nh, ph\u00f9 h\u1ee3p v\u1edbi h\u1ed9p s\u1ed1 h\u00e0nh tinh d\u1eabn \u0111\u1ed9ng b\u00e1nh xe c\u1ee7a ch\u00fang t\u00f4i:<\/p>\n<ul>\n<li>Komatsu \u2013 S\u1ea3n xu\u1ea5t nhi\u1ec1u lo\u1ea1i m\u00e1y \u0111\u00e0o b\u00e1nh x\u00edch, m\u00e1y \u0111\u00e0o b\u00e1nh l\u1ed1p v\u00e0 m\u00e1y \u0111\u00e0o \u0111\u1ea5t ph\u00f9 h\u1ee3p cho c\u00f4ng vi\u1ec7c d\u1ecdn d\u1eb9p \u0111\u1ea5t \u0111ai.<\/li>\n<li>Caterpillar \u2013 Cung c\u1ea5p nhi\u1ec1u lo\u1ea1i thi\u1ebft b\u1ecb h\u1ea1ng n\u1eb7ng bao g\u1ed3m thi\u1ebft b\u1ecb b\u00e1nh l\u1ed1p v\u00e0 thi\u1ebft b\u1ecb x\u00edch, m\u1ed9t s\u1ed1 trong \u0111\u00f3 c\u00f3 th\u1ec3 \u0111\u01b0\u1ee3c s\u1eed d\u1ee5ng cho c\u00f4ng vi\u1ec7c d\u1ecdn \u0111\u1ea5t b\u1eb1ng c\u00e1ch l\u1eafp m\u00e1y ph\u00e1 chuy\u00ean d\u1ee5ng.<\/li>\n<li>Bobcat \u2013 S\u1ea3n xu\u1ea5t m\u00e1y x\u00fac l\u1eadt v\u00e0 ph\u1ee5 ki\u1ec7n nh\u1ecf g\u1ecdn, m\u1ed9t s\u1ed1 \u0111\u01b0\u1ee3c s\u1eed d\u1ee5ng trong c\u00e1c ho\u1ea1t \u0111\u1ed9ng khai hoang \u0111\u1ea5t v\u00e0 r\u1ea3i s\u1ecfi t\u1eeb nh\u1eb9 \u0111\u1ebfn trung b\u00ecnh.<\/li>\n<li>MB Crusher \u2013 Chuy\u00ean s\u1ea3n xu\u1ea5t nhi\u1ec1u lo\u1ea1i m\u00e1y nghi\u1ec1n v\u00e0 s\u00e0ng di \u0111\u1ed9ng c\u00f3 th\u1ec3 l\u1eafp \u0111\u1eb7t tr\u00ean m\u00e1y \u0111\u00e0o, m\u00e1y x\u00fac, v.v.<\/li>\n<li>John Deere \u2013 M\u1eb7c d\u00f9 n\u1ed5i ti\u1ebfng nh\u1ea5t v\u1edbi m\u00e1y m\u00f3c n\u00f4ng nghi\u1ec7p, nh\u01b0ng h\u00e3ng c\u0169ng cung c\u1ea5p thi\u1ebft b\u1ecb h\u1ea1ng n\u1eb7ng cho ng\u00e0nh c\u00f4ng nghi\u1ec7p san l\u1ea5p m\u1eb7t b\u1eb1ng v\u00e0 x\u00e2y d\u1ef1ng, c\u00f3 th\u1ec3 s\u1eed d\u1ee5ng v\u1edbi c\u00e1c c\u00f4ng c\u1ee5 ph\u00e1 d\u1ee1 ph\u00f9 h\u1ee3p \u0111\u1ec3 th\u1ef1c hi\u1ec7n c\u00e1c nhi\u1ec7m v\u1ee5 d\u1ecdn \u0111\u1ea5t<\/li>\n<\/ul>\n<p><span style=\"color: #ff0000;\"><em><strong>L\u01b0u \u00fd: C\u00e1c th\u01b0\u01a1ng hi\u1ec7u \u0111\u01b0\u1ee3c \u0111\u1ec1 c\u1eadp trong b\u00e0i vi\u1ebft ch\u1ec9 nh\u1eb1m m\u1ee5c \u0111\u00edch thu\u1eadn ti\u1ec7n cho kh\u00e1ch h\u00e0ng l\u1ef1a ch\u1ecdn v\u00e0 thay th\u1ebf ph\u1ee5 ki\u1ec7n c\u1ee7a th\u01b0\u01a1ng hi\u1ec7u m\u00e1y n\u00f4ng nghi\u1ec7p t\u01b0\u01a1ng \u1ee9ng, ch\u00fang t\u00f4i kh\u00f4ng b\u00e1n s\u1ea3n ph\u1ea9m c\u1ee7a th\u01b0\u01a1ng hi\u1ec7u \u0111\u00f3.<\/strong><\/em><\/span><\/p>\n<h2>Gi\u1edbi thi\u1ec7u v\u1ec1 FMP<\/h2>\n<p>FMP l\u00e0 nh\u00e0 s\u1ea3n xu\u1ea5t h\u00e0ng \u0111\u1ea7u chuy\u00ean s\u1ea3n xu\u1ea5t \u0111a d\u1ea1ng c\u00e1c s\u1ea3n ph\u1ea9m truy\u1ec1n \u0111\u1ed9ng c\u01a1 kh\u00ed v\u00e0 th\u1ee7y l\u1ef1c. Danh m\u1ee5c s\u1ea3n ph\u1ea9m c\u1ee7a ch\u00fang t\u00f4i bao g\u1ed3m h\u1ed9p s\u1ed1 h\u00e0nh tinh, b\u1ed9 gi\u1ea3m t\u1ed1c tr\u1ee5c v\u00edt, b\u1ed9 gi\u1ea3m t\u1ed1c b\u00e1nh r\u0103ng xo\u1eafn th\u1eb3ng h\u00e0ng, b\u1ed9 gi\u1ea3m t\u1ed1c b\u00e1nh r\u0103ng xo\u1eafn tr\u1ee5c song song, b\u1ed9 gi\u1ea3m t\u1ed1c b\u00e1nh r\u0103ng c\u00f4n xo\u1eafn, b\u1ed9 gi\u1ea3m t\u1ed1c b\u00e1nh r\u0103ng tr\u1ee5c v\u00edt, h\u1ed9p s\u1ed1 n\u00f4ng nghi\u1ec7p, h\u1ed9p s\u1ed1 m\u00e1y k\u00e9o, h\u1ed9p s\u1ed1 \u00f4 t\u00f4, tr\u1ee5c c\u00f4ng su\u1ea5t v\u00e0 c\u00e1c b\u1ed9 gi\u1ea3m t\u1ed1c chuy\u00ean d\u1ee5ng. Ngo\u00e0i ra, ch\u00fang t\u00f4i c\u00f2n cung c\u1ea5p \u0111a d\u1ea1ng c\u00e1c linh ki\u1ec7n b\u1ed5 sung nh\u01b0 b\u00e1nh x\u00edch, h\u1ec7 th\u1ed1ng th\u1ee7y l\u1ef1c, b\u01a1m ch\u00e2n kh\u00f4ng, kh\u1edbp n\u1ed1i th\u1ee7y l\u1ef1c, thanh r\u0103ng, x\u00edch, puli \u0111\u1ecbnh th\u1eddi, h\u1ed9p s\u1ed1 UDL, puli \u0111ai ch\u1eef V, xi lanh th\u1ee7y l\u1ef1c, b\u01a1m b\u00e1nh r\u0103ng, m\u00e1y n\u00e9n kh\u00ed tr\u1ee5c v\u00edt, b\u1ed9 gi\u1ea3m t\u1ed1c tr\u1ee5c v\u00edt \u0111\u1ed9 h\u1edf th\u1ea5p, c\u00f9ng nhi\u1ec1u s\u1ea3n ph\u1ea9m kh\u00e1c.<\/p>\n<p><strong>Gi\u1ea3i ph\u00e1p t\u00f9y ch\u1ec9nh cho m\u1ecdi nhu c\u1ea7u<\/strong><\/p>\n<p>T\u1ea1i FMP, ch\u00fang t\u00f4i hi\u1ec3u r\u1eb1ng m\u1ed7i \u1ee9ng d\u1ee5ng \u0111\u1ec1u \u0111\u1ed9c \u0111\u00e1o. \u0110\u00f3 l\u00e0 l\u00fd do t\u1ea1i sao ch\u00fang t\u00f4i cung c\u1ea5p c\u00e1c gi\u1ea3i ph\u00e1p ho\u00e0n to\u00e0n t\u00f9y ch\u1ec9nh, bao g\u1ed3m h\u1ed9p s\u1ed1, \u0111\u1ed9ng c\u01a1 b\u00e1nh r\u0103ng, h\u1ec7 th\u1ed1ng th\u1ee7y l\u1ef1c v\u00e0 \u0111\u1ed9ng c\u01a1 \u0111\u01b0\u1ee3c thi\u1ebft k\u1ebf ri\u00eang \u0111\u1ec3 \u0111\u00e1p \u1ee9ng c\u00e1c y\u00eau c\u1ea7u c\u1ee5 th\u1ec3 c\u1ee7a kh\u00e1ch h\u00e0ng. N\u0103ng l\u1ef1c s\u1ea3n xu\u1ea5t linh ho\u1ea1t c\u1ee7a ch\u00fang t\u00f4i cho ph\u00e9p ch\u00fang t\u00f4i t\u1ea1o ra c\u00e1c s\u1ea3n ph\u1ea9m \u0111\u01b0\u1ee3c thi\u1ebft k\u1ebf ch\u00ednh x\u00e1c, ph\u00f9 h\u1ee3p \u0111\u1ec3 \u0111\u1ea3m b\u1ea3o hi\u1ec7u qu\u1ea3 t\u1ed1i \u0111a v\u00e0 hi\u1ec7u su\u1ea5t t\u1ed1i \u01b0u cho m\u1ecdi \u1ee9ng d\u1ee5ng.<\/p>\n<p><strong>Cam k\u1ebft v\u1ec1 ch\u1ea5t l\u01b0\u1ee3ng v\u00e0 \u0111\u1ed5i m\u1edbi<\/strong><\/p>\n<p>Ch\u00fang t\u00f4i cam k\u1ebft s\u00e2u s\u1eafc duy tr\u00ec c\u00e1c ti\u00eau chu\u1ea9n cao nh\u1ea5t v\u1ec1 ch\u1ea5t l\u01b0\u1ee3ng v\u00e0 \u0111\u1ed9 tin c\u1eady trong m\u1ecdi s\u1ea3n ph\u1ea9m ch\u00fang t\u00f4i s\u1ea3n xu\u1ea5t. Thi\u1ebft b\u1ecb ki\u1ec3m tra v\u00e0 th\u1eed nghi\u1ec7m ti\u00ean ti\u1ebfn, c\u00f9ng v\u1edbi \u0111\u1ed9i ng\u0169 k\u1ef9 thu\u1eadt tay ngh\u1ec1 cao, \u0111\u1ea3m b\u1ea3o m\u1ecdi s\u1ea3n ph\u1ea9m \u0111\u1ec1u \u0111\u00e1p \u1ee9ng c\u00e1c ti\u00eau chu\u1ea9n nghi\u00eam ng\u1eb7t c\u1ee7a ng\u00e0nh. D\u00f9 cung c\u1ea5p c\u00e1c gi\u1ea3i ph\u00e1p ti\u00eau chu\u1ea9n hay t\u1ea1o ra c\u00e1c s\u1ea3n ph\u1ea9m \u0111\u01b0\u1ee3c thi\u1ebft k\u1ebf ri\u00eang, FMP lu\u00f4n cam k\u1ebft mang \u0111\u1ebfn nh\u1eefng k\u1ebft qu\u1ea3 ch\u1ea5t l\u01b0\u1ee3ng h\u00e0ng \u0111\u1ea7u, ho\u1ea1t \u0111\u1ed9ng v\u01b0\u1ee3t tr\u1ed9i ngay c\u1ea3 trong nh\u1eefng m\u00f4i tr\u01b0\u1eddng kh\u1eafc nghi\u1ec7t nh\u1ea5t.<\/p>\n<p>Trong nh\u1eefng n\u0103m g\u1ea7n \u0111\u00e2y, FMP \u0111\u00e3 c\u00f3 s\u1ef1 t\u0103ng tr\u01b0\u1edfng nhanh ch\u00f3ng, nh\u1edd v\u00e0o kinh nghi\u1ec7m s\u1ea3n xu\u1ea5t s\u00e2u r\u1ed9ng, h\u1ec7 th\u1ed1ng qu\u1ea3n l\u00fd m\u1ea1nh m\u1ebd v\u00e0 chuy\u00ean m\u00f4n k\u1ef9 thu\u1eadt v\u1eefng ch\u1eafc. Tri\u1ebft l\u00fd \u201cch\u1ea5t l\u01b0\u1ee3ng \u0111\u1ec3 t\u1ed3n t\u1ea1i, \u0111\u1ed5i m\u1edbi \u0111\u1ec3 ph\u00e1t tri\u1ec3n\u201d c\u1ee7a ch\u00fang t\u00f4i l\u00e0 n\u1ec1n t\u1ea3ng cho th\u00e0nh c\u00f4ng, th\u00fac \u0111\u1ea9y c\u1ea3i ti\u1ebfn v\u00e0 t\u0103ng tr\u01b0\u1edfng li\u00ean t\u1ee5c.<\/p>\n<p><strong>H\u1ee3p t\u00e1c \u0111\u1ec3 th\u00e0nh c\u00f4ng<\/strong><\/p>\n<p>T\u1ea1i FMP, ch\u00fang t\u00f4i \u01b0u ti\u00ean s\u1ef1 h\u1ee3p t\u00e1c v\u00e0 quan h\u1ec7 \u0111\u1ed1i t\u00e1c l\u00e2u d\u00e0i v\u1edbi kh\u00e1ch h\u00e0ng. Ch\u00fang t\u00f4i h\u1ee3p t\u00e1c ch\u1eb7t ch\u1ebd v\u1edbi kh\u00e1ch h\u00e0ng \u0111\u1ec3 cung c\u1ea5p c\u00e1c gi\u1ea3i ph\u00e1p s\u00e1ng t\u1ea1o, \u0111\u00e1ng tin c\u1eady, v\u01b0\u1ee3t tr\u00ean c\u1ea3 mong \u0111\u1ee3i. M\u1ee5c ti\u00eau c\u1ee7a ch\u00fang t\u00f4i kh\u00f4ng ch\u1ec9 l\u00e0 \u0111\u00e1p \u1ee9ng nhu c\u1ea7u c\u1ee7a kh\u00e1ch h\u00e0ng m\u00e0 c\u00f2n x\u00e2y d\u1ef1ng m\u1ed1i quan h\u1ec7 b\u1ec1n v\u1eefng d\u1ef1a tr\u00ean s\u1ef1 tin t\u01b0\u1edfng, ch\u1ea5t l\u01b0\u1ee3ng v\u00e0 th\u00e0nh c\u00f4ng chung.<\/p>\n<p>T\u1eadp trung v\u00e0o k\u1ef9 thu\u1eadt ch\u00ednh x\u00e1c, \u0111\u1ed9 tin c\u1eady v\u00e0 d\u1ecbch v\u1ee5 t\u00f9y ch\u1ec9nh, FMP l\u00e0 \u0111\u1ed1i t\u00e1c \u0111\u00e1ng tin c\u1eady cho m\u1ecdi nhu c\u1ea7u v\u1ec1 truy\u1ec1n \u0111\u1ed9ng c\u01a1 kh\u00ed v\u00e0 th\u1ee7y l\u1ef1c c\u1ee7a b\u1ea1n. Ch\u00fang t\u00f4i mong mu\u1ed1n \u0111\u01b0\u1ee3c h\u1ee3p t\u00e1c v\u1edbi b\u1ea1n \u0111\u1ec3 c\u00f9ng nhau \u0111\u1ea1t \u0111\u01b0\u1ee3c th\u00e0nh c\u00f4ng v\u00e0 s\u1ef1 xu\u1ea5t s\u1eafc.<\/p>\n<p><img loading=\"lazy\" decoding=\"async\" class=\"alignnone size-full wp-image-3678\" src=\"https:\/\/fmp-components.com\/wp-content\/uploads\/2025\/01\/worm-gearbox-factory1.webp\" alt=\"nh\u00e0 m\u00e1y h\u1ed9p s\u1ed1 tr\u1ee5c v\u00edt\" width=\"1024\" height=\"888\" title=\"\" srcset=\"https:\/\/fmp-components.com\/wp-content\/uploads\/2025\/01\/worm-gearbox-factory1.webp 1024w, https:\/\/fmp-components.com\/wp-content\/uploads\/2025\/01\/worm-gearbox-factory1-980x850.webp 980w, https:\/\/fmp-components.com\/wp-content\/uploads\/2025\/01\/worm-gearbox-factory1-480x416.webp 480w\" sizes=\"(min-width: 0px) and (max-width: 480px) 480px, (min-width: 481px) and (max-width: 980px) 980px, (min-width: 981px) 1024px, 100vw\" \/><\/p>\n<p>T\u00e1c gi\u1ea3: CX<\/p>\n<\/div>\n<\/div>\n<\/div>\n<\/div>","protected":false},"excerpt":{"rendered":"<p>Location of the Gearbox in a Land Clearing Stone Crusher The gearbox in a land clearing stone crusher is typically located between the engine or motor and the crusher mechanism, usually mounted directly to the machine\u2019s main frame. It serves as a crucial component to transmit power from the engine to the crusher\u2019s rotor or [&hellip;]<\/p>","protected":false},"featured_media":3693,"comment_status":"open","ping_status":"closed","template":"","meta":{"_et_pb_use_builder":"","_et_pb_old_content":"","_et_gb_content_width":""},"product_brand":[],"product_cat":[90],"product_tag":[],"class_list":{"0":"post-3691","1":"product","2":"type-product","3":"status-publish","4":"has-post-thumbnail","6":"product_cat-planetary-gearbox","8":"first","9":"instock","10":"shipping-taxable","11":"product-type-simple"},"_links":{"self":[{"href":"https:\/\/fmp-components.com\/vi\/wp-json\/wp\/v2\/product\/3691","targetHints":{"allow":["GET"]}}],"collection":[{"href":"https:\/\/fmp-components.com\/vi\/wp-json\/wp\/v2\/product"}],"about":[{"href":"https:\/\/fmp-components.com\/vi\/wp-json\/wp\/v2\/types\/product"}],"replies":[{"embeddable":true,"href":"https:\/\/fmp-components.com\/vi\/wp-json\/wp\/v2\/comments?post=3691"}],"wp:featuredmedia":[{"embeddable":true,"href":"https:\/\/fmp-components.com\/vi\/wp-json\/wp\/v2\/media\/3693"}],"wp:attachment":[{"href":"https:\/\/fmp-components.com\/vi\/wp-json\/wp\/v2\/media?parent=3691"}],"wp:term":[{"taxonomy":"product_brand","embeddable":true,"href":"https:\/\/fmp-components.com\/vi\/wp-json\/wp\/v2\/product_brand?post=3691"},{"taxonomy":"product_cat","embeddable":true,"href":"https:\/\/fmp-components.com\/vi\/wp-json\/wp\/v2\/product_cat?post=3691"},{"taxonomy":"product_tag","embeddable":true,"href":"https:\/\/fmp-components.com\/vi\/wp-json\/wp\/v2\/product_tag?post=3691"}],"curies":[{"name":"wp","href":"https:\/\/api.w.org\/{rel}","templated":true}]}}