{"id":3686,"date":"2025-01-09T06:39:01","date_gmt":"2025-01-09T06:39:01","guid":{"rendered":"https:\/\/fmp-components.com\/?page_id=8"},"modified":"2025-01-09T06:39:01","modified_gmt":"2025-01-09T06:39:01","slug":"wheel-drive-planetary-gearbox-reducer-for-road-reclaimers-and-grades","status":"publish","type":"product","link":"https:\/\/fmp-components.com\/vi\/product\/wheel-drive-planetary-gearbox-reducer-for-road-reclaimers-and-grades\/","title":{"rendered":"B\u1ed9 gi\u1ea3m t\u1ed1c h\u1ed9p s\u1ed1 h\u00e0nh tinh d\u1eabn \u0111\u1ed9ng b\u00e1nh xe d\u00e0nh cho m\u00e1y c\u1ea3i t\u1ea1o \u0111\u01b0\u1eddng v\u00e0 c\u1ea5p \u0111\u1ed9"},"content":{"rendered":"<p><img loading=\"lazy\" decoding=\"async\" class=\"alignnone wp-image-3687\" src=\"https:\/\/fmp-components.com\/wp-content\/uploads\/2025\/01\/0_wheel-drive-for-Road-Reclaimers-and-Grades-0.webp\" alt=\"b\u00e1nh-d\u1eabn-\u0111\u1ea1o-cho-ng\u01b0\u1eddi-c\u1ea3i-t\u1ea1o-v\u00e0-c\u1ea5p-\u0111\u01b0\u1eddng\" width=\"863\" height=\"647\" title=\"\" srcset=\"https:\/\/fmp-components.com\/wp-content\/uploads\/2025\/01\/0_wheel-drive-for-Road-Reclaimers-and-Grades-0.webp 400w, https:\/\/fmp-components.com\/wp-content\/uploads\/2025\/01\/0_wheel-drive-for-Road-Reclaimers-and-Grades-0-300x225.webp 300w, https:\/\/fmp-components.com\/wp-content\/uploads\/2025\/01\/0_wheel-drive-for-Road-Reclaimers-and-Grades-0-16x12.webp 16w\" sizes=\"(max-width: 863px) 100vw, 863px\" \/><\/p>\n<h2>H\u1ec7 d\u1eabn \u0111\u1ed9ng b\u00e1nh xe cho xe c\u1ea3i t\u1ea1o \u0111\u01b0\u1eddng<\/h2>\n<p>H\u1ec7 th\u1ed1ng truy\u1ec1n \u0111\u1ed9ng b\u00e1nh xe c\u1ee7a m\u00e1y san l\u1ea5p m\u1eb7t \u0111\u01b0\u1eddng l\u00e0 m\u1ed9t b\u1ed9 ph\u1eadn quan tr\u1ecdng cung c\u1ea5p kh\u1ea3 n\u0103ng di chuy\u1ec3n v\u00e0 l\u1ef1c k\u00e9o c\u1ea7n thi\u1ebft cho m\u00e1y san l\u1ea5p m\u1eb7t \u0111\u01b0\u1eddng. M\u00e1y san l\u1ea5p m\u1eb7t \u0111\u01b0\u1eddng l\u00e0 nh\u1eefng m\u00e1y m\u00f3c l\u1edbn, h\u1ea1ng n\u1eb7ng \u0111\u01b0\u1ee3c s\u1eed d\u1ee5ng trong x\u00e2y d\u1ef1ng v\u00e0 b\u1ea3o tr\u00ec \u0111\u01b0\u1eddng b\u1ed9 \u0111\u1ec3 nghi\u1ec1n v\u00e0 c\u1ea3i t\u1ea1o m\u1eb7t \u0111\u01b0\u1eddng. H\u1ec7 th\u1ed1ng truy\u1ec1n \u0111\u1ed9ng b\u00e1nh xe cho ph\u00e9p nh\u1eefng m\u00e1y n\u00e0y di chuy\u1ec3n tr\u00ean nhi\u1ec1u b\u1ec1 m\u1eb7t kh\u00e1c nhau, bao g\u1ed3m s\u1ecfi, nh\u1ef1a \u0111\u01b0\u1eddng v\u00e0 \u0111\u1ea5t, \u0111\u1ed3ng th\u1eddi v\u1eabn duy tr\u00ec \u0111\u01b0\u1ee3c \u0111\u1ed9 \u1ed5n \u0111\u1ecbnh v\u00e0 c\u00f4ng su\u1ea5t.<\/p>\n<p><img loading=\"lazy\" decoding=\"async\" class=\"size-full wp-image-3688 aligncenter\" src=\"https:\/\/fmp-components.com\/wp-content\/uploads\/2025\/01\/ep_wheel-drive-2-1.webp\" alt=\"b\u00e1nh xe d\u1eabn \u0111\u1ed9ng\" width=\"608\" height=\"677\" title=\"\" srcset=\"https:\/\/fmp-components.com\/wp-content\/uploads\/2025\/01\/ep_wheel-drive-2-1.webp 608w, https:\/\/fmp-components.com\/wp-content\/uploads\/2025\/01\/ep_wheel-drive-2-1-480x534.webp 480w\" sizes=\"(min-width: 0px) and (max-width: 480px) 480px, (min-width: 481px) 608px, 100vw\" \/><\/p>\n<p><strong>Vai tr\u00f2 v\u00e0 ch\u1ee9c n\u0103ng ch\u00ednh:<\/strong><\/p>\n<p>H\u1ec7 th\u1ed1ng d\u1eabn \u0111\u1ed9ng b\u00e1nh xe tr\u00ean m\u00e1y c\u00e0y \u0111\u01b0\u1eddng \u0111\u01b0\u1ee3c thi\u1ebft k\u1ebf \u0111\u1ec3 truy\u1ec1n l\u1ef1c t\u1eeb \u0111\u1ed9ng c\u01a1 ho\u1eb7c h\u1ec7 th\u1ed1ng th\u1ee7y l\u1ef1c \u0111\u1ebfn c\u00e1c b\u00e1nh xe. \u0110i\u1ec1u n\u00e0y \u0111\u1ea3m b\u1ea3o chuy\u1ec3n \u0111\u1ed9ng hi\u1ec7u qu\u1ea3, ngay c\u1ea3 tr\u00ean \u0111\u1ecba h\u00ecnh g\u1ed3 gh\u1ec1, kh\u00f4ng b\u1eb1ng ph\u1eb3ng ho\u1eb7c d\u1ed1c. H\u1ec7 th\u1ed1ng th\u01b0\u1eddng \u0111\u01b0\u1ee3c trang b\u1ecb h\u1ec7 th\u1ed1ng truy\u1ec1n \u0111\u1ed9ng m\u00f4-men xo\u1eafn cao, cho ph\u00e9p m\u00e1y c\u00e0y di chuy\u1ec3n tr\u00ean c\u00e1c b\u1ec1 m\u1eb7t kh\u00f3 kh\u0103n m\u00e0 kh\u00f4ng b\u1ecb m\u1ea5t l\u1ef1c b\u00e1m, ngay c\u1ea3 khi ch\u1ecbu t\u1ea3i n\u1eb7ng. H\u1ec7 th\u1ed1ng c\u0169ng cho ph\u00e9p ki\u1ec3m so\u00e1t t\u1ed1c \u0111\u1ed9, \u0111\u1ea3m b\u1ea3o m\u00e1y c\u00e0y di chuy\u1ec3n v\u1edbi t\u1ed1c \u0111\u1ed9 ph\u00f9 h\u1ee3p cho c\u00e1c ho\u1ea1t \u0111\u1ed9ng xay x\u00e1t v\u00e0 chu\u1ea9n b\u1ecb b\u1ec1 m\u1eb7t.<\/p>\n<p><strong>Hi\u1ec7u su\u1ea5t v\u00e0 \u0111\u1ed9 b\u1ec1n:<\/strong><\/p>\n<p>Do \u0111i\u1ec1u ki\u1ec7n v\u1eadn h\u00e0nh kh\u1eafc nghi\u1ec7t c\u1ee7a m\u00e1y san l\u1ea5p m\u1eb7t b\u1eb1ng, h\u1ec7 th\u1ed1ng d\u1eabn \u0111\u1ed9ng b\u00e1nh xe \u0111\u01b0\u1ee3c thi\u1ebft k\u1ebf \u0111\u1ec3 \u0111\u1ea3m b\u1ea3o \u0111\u1ed9 b\u1ec1n v\u00e0 \u0111\u1ed9 tin c\u1eady. H\u1ec7 th\u1ed1ng \u0111\u01b0\u1ee3c thi\u1ebft k\u1ebf \u0111\u1ec3 ch\u1ecbu \u0111\u01b0\u1ee3c \u00e1p l\u1ef1c cao, bao g\u1ed3m c\u1ea3 vi\u1ec7c kh\u1edfi \u0111\u1ed9ng v\u00e0 d\u1eebng th\u01b0\u1eddng xuy\u00ean, c\u0169ng nh\u01b0 ho\u1ea1t \u0111\u1ed9ng trong m\u00f4i tr\u01b0\u1eddng kh\u1eafc nghi\u1ec7t. K\u1ebft c\u1ea5u ch\u1eafc ch\u1eafn c\u1ee7a h\u1ec7 th\u1ed1ng \u0111\u1ea3m b\u1ea3o tu\u1ed5i th\u1ecd cao v\u00e0 b\u1ea3o tr\u00ec t\u1ed1i thi\u1ec3u, \u0111i\u1ec1u n\u00e0y r\u1ea5t quan tr\u1ecdng \u0111\u1ec3 gi\u1ea3m th\u1eddi gian ch\u1ebft v\u00e0 duy tr\u00ec ho\u1ea1t \u0111\u1ed9ng hi\u1ec7u qu\u1ea3 c\u1ee7a thi\u1ebft b\u1ecb trong su\u1ed1t c\u00e1c chu k\u1ef3 l\u00e0m vi\u1ec7c d\u00e0i v\u00e0 c\u01b0\u1eddng \u0111\u1ed9 cao.<\/p>\n<h2>Ho\u00e0n to\u00e0n ph\u00f9 h\u1ee3p v\u1edbi m\u00f4i tr\u01b0\u1eddng l\u00e0m vi\u1ec7c c\u1ee7a nh\u1eefng ng\u01b0\u1eddi c\u1ea3i t\u1ea1o \u0111\u01b0\u1eddng b\u1ed9<\/h2>\n<p>H\u1ec7 th\u1ed1ng d\u1eabn \u0111\u1ed9ng b\u00e1nh xe c\u1ee7a m\u00e1y san l\u1ea5p m\u1eb7t b\u1eb1ng \u0111\u01b0\u1ee3c thi\u1ebft k\u1ebf ho\u00e0n h\u1ea3o cho m\u00f4i tr\u01b0\u1eddng l\u00e0m vi\u1ec7c kh\u1eafc nghi\u1ec7t v\u00e0 \u0111\u1ea7y th\u00e1ch th\u1ee9c c\u1ee7a c\u00f4ng t\u00e1c x\u00e2y d\u1ef1ng v\u00e0 b\u1ea3o tr\u00ec \u0111\u01b0\u1eddng b\u1ed9. Nh\u1eefng m\u00e1y m\u00f3c n\u00e0y th\u01b0\u1eddng ho\u1ea1t \u0111\u1ed9ng tr\u00ean c\u00e1c \u0111\u1ecba h\u00ecnh g\u1ed3 gh\u1ec1, hi\u1ec3m tr\u1edf v\u00e0 kh\u00f3 l\u01b0\u1eddng, bao g\u1ed3m \u0111\u01b0\u1eddng nh\u1ef1a, \u0111\u01b0\u1eddng s\u1ecfi v\u00e0 \u0111\u01b0\u1eddng \u0111\u1ea5t, \u0111\u1ed3ng th\u1eddi x\u1eed l\u00fd kh\u1ed1i l\u01b0\u1ee3ng c\u00f4ng vi\u1ec7c n\u1eb7ng n\u1ec1. H\u1ec7 th\u1ed1ng d\u1eabn \u0111\u1ed9ng b\u00e1nh xe \u0111\u01b0\u1ee3c thi\u1ebft k\u1ebf \u0111\u1ec3 cung c\u1ea5p l\u1ef1c k\u00e9o, \u0111\u1ed9 \u1ed5n \u0111\u1ecbnh v\u00e0 kh\u1ea3 n\u0103ng c\u01a1 \u0111\u1ed9ng t\u1ed1i \u01b0u, \u0111\u1ea3m b\u1ea3o m\u00e1y san l\u1ea5p m\u1eb7t b\u1eb1ng c\u00f3 th\u1ec3 th\u1ef1c hi\u1ec7n hi\u1ec7u qu\u1ea3 c\u00e1c nhi\u1ec7m v\u1ee5 c\u1ee7a m\u00ecnh, ch\u1eb3ng h\u1ea1n nh\u01b0 nghi\u1ec1n, c\u1ea3i t\u1ea1o v\u00e0 t\u00e1i ch\u1ebf m\u1eb7t \u0111\u01b0\u1eddng, b\u1ea5t k\u1ec3 \u0111i\u1ec1u ki\u1ec7n \u0111\u1ecba h\u00ecnh.<\/p>\n<p><strong>M\u00f4-men xo\u1eafn v\u00e0 l\u1ef1c k\u00e9o cao cho \u0111i\u1ec1u ki\u1ec7n \u0111\u1ea7y th\u00e1ch th\u1ee9c<\/strong><\/p>\n<p>M\u00e1y c\u00e0y \u0111\u01b0\u1eddng c\u1ea7n m\u00f4-men xo\u1eafn v\u00e0 l\u1ef1c k\u00e9o \u0111\u00e1ng k\u1ec3 \u0111\u1ec3 di chuy\u1ec3n qua c\u00e1c b\u1ec1 m\u1eb7t kh\u00f3 kh\u0103n trong khi v\u1eabn duy tr\u00ec hi\u1ec7u su\u1ea5t \u1ed5n \u0111\u1ecbnh. H\u1ec7 th\u1ed1ng d\u1eabn \u0111\u1ed9ng b\u00e1nh xe \u0111\u01b0\u1ee3c thi\u1ebft k\u1ebf v\u1edbi kh\u1ea3 n\u0103ng m\u00f4-men xo\u1eafn cao, \u0111\u1ea3m b\u1ea3o m\u00e1y c\u00f3 th\u1ec3 x\u1eed l\u00fd ngay c\u1ea3 nh\u1eefng m\u00f4i tr\u01b0\u1eddng kh\u1eafc nghi\u1ec7t nh\u1ea5t, ch\u1eb3ng h\u1ea1n nh\u01b0 d\u1ed1c \u0111\u1ee9ng, s\u1ecfi \u0111\u00e1 r\u1eddi r\u1ea1c v\u00e0 m\u1eb7t \u0111\u01b0\u1eddng b\u1ecb n\u00e9n ch\u1eb7t. \u0110i\u1ec1u n\u00e0y mang l\u1ea1i kh\u1ea3 n\u0103ng v\u1eadn h\u00e0nh m\u01b0\u1ee3t m\u00e0 h\u01a1n, ki\u1ec3m so\u00e1t t\u1ed1t h\u01a1n v\u00e0 kh\u1ea3 n\u0103ng di chuy\u1ec3n tr\u00ean \u0111\u1ecba h\u00ecnh kh\u00f3 kh\u0103n m\u00e0 kh\u00f4ng b\u1ecb tr\u01b0\u1ee3t ho\u1eb7c ch\u1ebft m\u00e1y.<\/p>\n<p><strong>\u0110\u1ed9 b\u1ec1n v\u00e0 \u0111\u1ed9 tin c\u1eady trong m\u00f4i tr\u01b0\u1eddng kh\u1eafc nghi\u1ec7t<\/strong><\/p>\n<p>\u0110i\u1ec1u ki\u1ec7n l\u00e0m vi\u1ec7c kh\u1eafc nghi\u1ec7t c\u1ee7a m\u00e1y san l\u1ea5p m\u1eb7t \u0111\u01b0\u1eddng, bao g\u1ed3m ti\u1ebfp x\u00fac v\u1edbi b\u1ee5i, rung \u0111\u1ed9ng v\u00e0 ho\u1ea1t \u0111\u1ed9ng th\u01b0\u1eddng xuy\u00ean tr\u00ean b\u1ec1 m\u1eb7t g\u1ed3 gh\u1ec1, kh\u00f4ng \u1ed5n \u0111\u1ecbnh, \u0111\u00f2i h\u1ecfi m\u1ed9t h\u1ec7 th\u1ed1ng d\u1eabn \u0111\u1ed9ng b\u00e1nh xe \u0111\u01b0\u1ee3c ch\u1ebf t\u1ea1o \u0111\u1ec3 \u0111\u1ea3m b\u1ea3o \u0111\u1ed9 b\u1ec1n v\u00e0 \u0111\u1ed9 tin c\u1eady. H\u1ec7 th\u1ed1ng \u0111\u01b0\u1ee3c ch\u1ebf t\u1ea1o b\u1eb1ng v\u1eadt li\u1ec7u ch\u1ea5t l\u01b0\u1ee3ng cao v\u00e0 k\u1ef9 thu\u1eadt ti\u00ean ti\u1ebfn \u0111\u1ec3 ch\u1ecbu \u0111\u01b0\u1ee3c nh\u1eefng \u00e1p l\u1ef1c n\u00e0y trong th\u1eddi gian d\u00e0i. V\u1edbi chi ph\u00ed b\u1ea3o tr\u00ec t\u1ed1i thi\u1ec3u v\u00e0 hi\u1ec7u su\u1ea5t tuy\u1ec7t v\u1eddi khi ch\u1ecbu t\u1ea3i, h\u1ec7 th\u1ed1ng d\u1eabn \u0111\u1ed9ng b\u00e1nh xe \u0111\u1ea3m b\u1ea3o m\u00e1y san l\u1ea5p m\u1eb7t \u0111\u01b0\u1eddng lu\u00f4n ho\u1ea1t \u0111\u1ed9ng v\u00e0 hi\u1ec7u qu\u1ea3 trong su\u1ed1t ca l\u00e0m vi\u1ec7c d\u00e0i, \u0111\u00f2i h\u1ecfi kh\u1eaft khe, t\u1eeb \u0111\u00f3 gi\u1ea3m thi\u1ec3u th\u1eddi gian ch\u1ebft v\u00e0 c\u1ea3i thi\u1ec7n n\u0103ng su\u1ea5t t\u1ed5ng th\u1ec3.<\/p>\n<p><img loading=\"lazy\" decoding=\"async\" class=\"alignnone wp-image-3689\" src=\"https:\/\/fmp-components.com\/wp-content\/uploads\/2025\/01\/0_Reggiana-Riduttori-8.webp\" alt=\"Reggiana-Riduttori\" width=\"859\" height=\"734\" title=\"\" srcset=\"https:\/\/fmp-components.com\/wp-content\/uploads\/2025\/01\/0_Reggiana-Riduttori-8.webp 859w, https:\/\/fmp-components.com\/wp-content\/uploads\/2025\/01\/0_Reggiana-Riduttori-8-480x410.webp 480w\" sizes=\"(min-width: 0px) and (max-width: 480px) 480px, (min-width: 481px) 859px, 100vw\" \/><\/p>\n<h3>Kh\u1ea3 n\u0103ng t\u01b0\u01a1ng th\u00edch v\u1edbi c\u00e1c m\u1eabu ph\u1ed5 bi\u1ebfn<\/h3>\n<p data-spm-anchor-id=\"5176.28103460.0.i154.22d63f99WoHmOF\">Li\u1ec7t k\u00ea m\u1ed9t s\u1ed1 th\u01b0\u01a1ng hi\u1ec7u v\u00e0 m\u1eabu m\u00e1y Road Reclaimers ph\u1ed5 bi\u1ebfn, v\u1ec1 m\u1eb7t l\u00fd thuy\u1ebft c\u00f3 th\u1ec3 t\u01b0\u01a1ng th\u00edch v\u1edbi nhi\u1ec1u b\u00e1nh xe d\u1eabn \u0111\u1ed9ng, nh\u01b0ng kh\u1ea3 n\u0103ng t\u01b0\u01a1ng th\u00edch c\u1ee5 th\u1ec3 c\u1ea7n ph\u1ea3i ph\u00f9 h\u1ee3p theo th\u00f4ng s\u1ed1 k\u1ef9 thu\u1eadt v\u00e0 y\u00eau c\u1ea7u t\u00f9y ch\u1ec9nh do nh\u00e0 s\u1ea3n xu\u1ea5t cung c\u1ea5p:<\/p>\n<ul>\n<li data-spm-anchor-id=\"5176.28103460.0.i154.22d63f99WoHmOF\">Wirtgen: M\u00e1y t\u00e1i t\u1ea1o \u0111\u01b0\u1eddng nh\u01b0 d\u00f2ng Wirtgen WR 200 v\u00e0 WR 250.<\/li>\n<li data-spm-anchor-id=\"5176.28103460.0.i154.22d63f99WoHmOF\">Caterpillar: V\u00ed d\u1ee5, m\u00e1y t\u00e1i t\u1ea1o l\u1ea1nh \u0111\u01b0\u1eddng b\u1ed9 Caterpillar PM620 v\u00e0 PM820.<\/li>\n<li data-spm-anchor-id=\"5176.28103460.0.i154.22d63f99WoHmOF\">T\u1eadp \u0111o\u00e0n Fayat (Bomag): ch\u1eb3ng h\u1ea1n nh\u01b0 m\u00e1y t\u00e1i sinh d\u00f2ng Bomag BF 600 C, BF 800 P.<\/li>\n<li data-spm-anchor-id=\"5176.28103460.0.i154.22d63f99WoHmOF\">Thi\u1ebft b\u1ecb x\u00e2y d\u1ef1ng Volvo: V\u00ed d\u1ee5, m\u00e1y t\u00e1i t\u1ea1o \u0111\u01b0\u1eddng Volvo R900S, R1100S.<\/li>\n<li data-spm-anchor-id=\"5176.28103460.0.i154.22d63f99WoHmOF\">Dynapac: M\u00e1y t\u00e1i sinh Dynapac CR 250\/CR 280\/CR 350 series.<\/li>\n<\/ul>\n<p>Xin l\u01b0u \u00fd r\u1eb1ng thi\u1ebft k\u1ebf c\u1ee7a c\u00e1c th\u01b0\u01a1ng hi\u1ec7u m\u00e1y t\u00e1i t\u1ea1o \u0111\u01b0\u1eddng kh\u00e1c nhau c\u00f3 th\u1ec3 kh\u00e1c nhau, v\u00ec v\u1eady c\u1ea7n ph\u1ea3i l\u1ef1a ch\u1ecdn ho\u1eb7c t\u00f9y ch\u1ec9nh h\u1ed9p gi\u1ea3m t\u1ed1c b\u00e1nh xe h\u00e0nh tinh ph\u00f9 h\u1ee3p d\u1ef1a tr\u00ean c\u00e1c th\u00f4ng s\u1ed1 k\u1ef9 thu\u1eadt c\u1ee5 th\u1ec3 c\u1ee7a ch\u00fang. Trong \u1ee9ng d\u1ee5ng th\u1ef1c t\u1ebf, c\u1ea7n \u0111\u1ea3m b\u1ea3o b\u00e1nh xe truy\u1ec1n \u0111\u1ed9ng c\u00f3 th\u1ec3 cung c\u1ea5p \u0111\u1ee7 m\u00f4-men xo\u1eafn v\u00e0 kh\u1ea3 n\u0103ng ki\u1ec3m so\u00e1t t\u1ed1c \u0111\u1ed9, \u0111\u1ed3ng th\u1eddi ho\u00e0n to\u00e0n ph\u00f9 h\u1ee3p v\u1edbi th\u00e2n m\u00e1y t\u00e1i t\u1ea1o v\u1ec1 k\u00edch th\u01b0\u1edbc k\u1ebft c\u1ea5u, ti\u00eau chu\u1ea9n giao di\u1ec7n v\u00e0 kh\u1ea3 n\u0103ng ch\u1ecbu t\u1ea3i.<\/p>\n<p><span style=\"color: #ff0000;\"><em><strong>L\u01b0u \u00fd: C\u00e1c th\u01b0\u01a1ng hi\u1ec7u \u0111\u01b0\u1ee3c \u0111\u1ec1 c\u1eadp trong b\u00e0i vi\u1ebft ch\u1ec9 nh\u1eb1m m\u1ee5c \u0111\u00edch thu\u1eadn ti\u1ec7n cho kh\u00e1ch h\u00e0ng l\u1ef1a ch\u1ecdn v\u00e0 thay th\u1ebf ph\u1ee5 ki\u1ec7n c\u1ee7a th\u01b0\u01a1ng hi\u1ec7u m\u00e1y n\u00f4ng nghi\u1ec7p t\u01b0\u01a1ng \u1ee9ng, ch\u00fang t\u00f4i kh\u00f4ng b\u00e1n s\u1ea3n ph\u1ea9m c\u1ee7a th\u01b0\u01a1ng hi\u1ec7u \u0111\u00f3.<\/strong><\/em><\/span><\/p>\n<h2>Gi\u1edbi thi\u1ec7u v\u1ec1 FMP<\/h2>\n<p>FMP l\u00e0 nh\u00e0 s\u1ea3n xu\u1ea5t h\u00e0ng \u0111\u1ea7u chuy\u00ean s\u1ea3n xu\u1ea5t \u0111a d\u1ea1ng c\u00e1c s\u1ea3n ph\u1ea9m truy\u1ec1n \u0111\u1ed9ng c\u01a1 kh\u00ed v\u00e0 th\u1ee7y l\u1ef1c. Danh m\u1ee5c s\u1ea3n ph\u1ea9m c\u1ee7a ch\u00fang t\u00f4i bao g\u1ed3m h\u1ed9p s\u1ed1 h\u00e0nh tinh, b\u1ed9 gi\u1ea3m t\u1ed1c tr\u1ee5c v\u00edt, b\u1ed9 gi\u1ea3m t\u1ed1c b\u00e1nh r\u0103ng xo\u1eafn th\u1eb3ng h\u00e0ng, b\u1ed9 gi\u1ea3m t\u1ed1c b\u00e1nh r\u0103ng xo\u1eafn tr\u1ee5c song song, b\u1ed9 gi\u1ea3m t\u1ed1c b\u00e1nh r\u0103ng c\u00f4n xo\u1eafn, b\u1ed9 gi\u1ea3m t\u1ed1c b\u00e1nh r\u0103ng tr\u1ee5c v\u00edt, h\u1ed9p s\u1ed1 n\u00f4ng nghi\u1ec7p, h\u1ed9p s\u1ed1 m\u00e1y k\u00e9o, h\u1ed9p s\u1ed1 \u00f4 t\u00f4, tr\u1ee5c c\u00f4ng su\u1ea5t v\u00e0 c\u00e1c b\u1ed9 gi\u1ea3m t\u1ed1c chuy\u00ean d\u1ee5ng. Ngo\u00e0i ra, ch\u00fang t\u00f4i c\u00f2n cung c\u1ea5p \u0111a d\u1ea1ng c\u00e1c linh ki\u1ec7n b\u1ed5 sung nh\u01b0 b\u00e1nh x\u00edch, h\u1ec7 th\u1ed1ng th\u1ee7y l\u1ef1c, b\u01a1m ch\u00e2n kh\u00f4ng, kh\u1edbp n\u1ed1i th\u1ee7y l\u1ef1c, thanh r\u0103ng, x\u00edch, puli \u0111\u1ecbnh th\u1eddi, h\u1ed9p s\u1ed1 UDL, puli \u0111ai ch\u1eef V, xi lanh th\u1ee7y l\u1ef1c, b\u01a1m b\u00e1nh r\u0103ng, m\u00e1y n\u00e9n kh\u00ed tr\u1ee5c v\u00edt, b\u1ed9 gi\u1ea3m t\u1ed1c tr\u1ee5c v\u00edt \u0111\u1ed9 h\u1edf th\u1ea5p, c\u00f9ng nhi\u1ec1u s\u1ea3n ph\u1ea9m kh\u00e1c.<\/p>\n<p><strong>Gi\u1ea3i ph\u00e1p t\u00f9y ch\u1ec9nh cho m\u1ecdi nhu c\u1ea7u<\/strong><\/p>\n<p>T\u1ea1i FMP, ch\u00fang t\u00f4i hi\u1ec3u r\u1eb1ng m\u1ed7i \u1ee9ng d\u1ee5ng \u0111\u1ec1u \u0111\u1ed9c \u0111\u00e1o. \u0110\u00f3 l\u00e0 l\u00fd do t\u1ea1i sao ch\u00fang t\u00f4i cung c\u1ea5p c\u00e1c gi\u1ea3i ph\u00e1p ho\u00e0n to\u00e0n t\u00f9y ch\u1ec9nh, bao g\u1ed3m h\u1ed9p s\u1ed1, \u0111\u1ed9ng c\u01a1 b\u00e1nh r\u0103ng, h\u1ec7 th\u1ed1ng th\u1ee7y l\u1ef1c v\u00e0 \u0111\u1ed9ng c\u01a1 \u0111\u01b0\u1ee3c thi\u1ebft k\u1ebf ri\u00eang \u0111\u1ec3 \u0111\u00e1p \u1ee9ng c\u00e1c y\u00eau c\u1ea7u c\u1ee5 th\u1ec3 c\u1ee7a kh\u00e1ch h\u00e0ng. N\u0103ng l\u1ef1c s\u1ea3n xu\u1ea5t linh ho\u1ea1t c\u1ee7a ch\u00fang t\u00f4i cho ph\u00e9p ch\u00fang t\u00f4i t\u1ea1o ra c\u00e1c s\u1ea3n ph\u1ea9m \u0111\u01b0\u1ee3c thi\u1ebft k\u1ebf ch\u00ednh x\u00e1c, ph\u00f9 h\u1ee3p \u0111\u1ec3 \u0111\u1ea3m b\u1ea3o hi\u1ec7u qu\u1ea3 t\u1ed1i \u0111a v\u00e0 hi\u1ec7u su\u1ea5t t\u1ed1i \u01b0u cho m\u1ecdi \u1ee9ng d\u1ee5ng.<\/p>\n<p><strong>Cam k\u1ebft v\u1ec1 ch\u1ea5t l\u01b0\u1ee3ng v\u00e0 \u0111\u1ed5i m\u1edbi<\/strong><\/p>\n<p>Ch\u00fang t\u00f4i cam k\u1ebft s\u00e2u s\u1eafc duy tr\u00ec c\u00e1c ti\u00eau chu\u1ea9n cao nh\u1ea5t v\u1ec1 ch\u1ea5t l\u01b0\u1ee3ng v\u00e0 \u0111\u1ed9 tin c\u1eady trong m\u1ecdi s\u1ea3n ph\u1ea9m ch\u00fang t\u00f4i s\u1ea3n xu\u1ea5t. Thi\u1ebft b\u1ecb ki\u1ec3m tra v\u00e0 th\u1eed nghi\u1ec7m ti\u00ean ti\u1ebfn, c\u00f9ng v\u1edbi \u0111\u1ed9i ng\u0169 k\u1ef9 thu\u1eadt tay ngh\u1ec1 cao, \u0111\u1ea3m b\u1ea3o m\u1ecdi s\u1ea3n ph\u1ea9m \u0111\u1ec1u \u0111\u00e1p \u1ee9ng c\u00e1c ti\u00eau chu\u1ea9n nghi\u00eam ng\u1eb7t c\u1ee7a ng\u00e0nh. D\u00f9 cung c\u1ea5p c\u00e1c gi\u1ea3i ph\u00e1p ti\u00eau chu\u1ea9n hay t\u1ea1o ra c\u00e1c s\u1ea3n ph\u1ea9m \u0111\u01b0\u1ee3c thi\u1ebft k\u1ebf ri\u00eang, FMP lu\u00f4n cam k\u1ebft mang \u0111\u1ebfn nh\u1eefng k\u1ebft qu\u1ea3 ch\u1ea5t l\u01b0\u1ee3ng h\u00e0ng \u0111\u1ea7u, ho\u1ea1t \u0111\u1ed9ng v\u01b0\u1ee3t tr\u1ed9i ngay c\u1ea3 trong nh\u1eefng m\u00f4i tr\u01b0\u1eddng kh\u1eafc nghi\u1ec7t nh\u1ea5t.<\/p>\n<p>Trong nh\u1eefng n\u0103m g\u1ea7n \u0111\u00e2y, FMP \u0111\u00e3 c\u00f3 s\u1ef1 t\u0103ng tr\u01b0\u1edfng nhanh ch\u00f3ng, nh\u1edd v\u00e0o kinh nghi\u1ec7m s\u1ea3n xu\u1ea5t s\u00e2u r\u1ed9ng, h\u1ec7 th\u1ed1ng qu\u1ea3n l\u00fd m\u1ea1nh m\u1ebd v\u00e0 chuy\u00ean m\u00f4n k\u1ef9 thu\u1eadt v\u1eefng ch\u1eafc. Tri\u1ebft l\u00fd \u201cch\u1ea5t l\u01b0\u1ee3ng \u0111\u1ec3 t\u1ed3n t\u1ea1i, \u0111\u1ed5i m\u1edbi \u0111\u1ec3 ph\u00e1t tri\u1ec3n\u201d c\u1ee7a ch\u00fang t\u00f4i l\u00e0 n\u1ec1n t\u1ea3ng cho th\u00e0nh c\u00f4ng, th\u00fac \u0111\u1ea9y c\u1ea3i ti\u1ebfn v\u00e0 t\u0103ng tr\u01b0\u1edfng li\u00ean t\u1ee5c.<\/p>\n<p><strong>H\u1ee3p t\u00e1c \u0111\u1ec3 th\u00e0nh c\u00f4ng<\/strong><\/p>\n<p>T\u1ea1i FMP, ch\u00fang t\u00f4i \u01b0u ti\u00ean s\u1ef1 h\u1ee3p t\u00e1c v\u00e0 quan h\u1ec7 \u0111\u1ed1i t\u00e1c l\u00e2u d\u00e0i v\u1edbi kh\u00e1ch h\u00e0ng. Ch\u00fang t\u00f4i h\u1ee3p t\u00e1c ch\u1eb7t ch\u1ebd v\u1edbi kh\u00e1ch h\u00e0ng \u0111\u1ec3 cung c\u1ea5p c\u00e1c gi\u1ea3i ph\u00e1p s\u00e1ng t\u1ea1o, \u0111\u00e1ng tin c\u1eady, v\u01b0\u1ee3t tr\u00ean c\u1ea3 mong \u0111\u1ee3i. M\u1ee5c ti\u00eau c\u1ee7a ch\u00fang t\u00f4i kh\u00f4ng ch\u1ec9 l\u00e0 \u0111\u00e1p \u1ee9ng nhu c\u1ea7u c\u1ee7a kh\u00e1ch h\u00e0ng m\u00e0 c\u00f2n x\u00e2y d\u1ef1ng m\u1ed1i quan h\u1ec7 b\u1ec1n v\u1eefng d\u1ef1a tr\u00ean s\u1ef1 tin t\u01b0\u1edfng, ch\u1ea5t l\u01b0\u1ee3ng v\u00e0 th\u00e0nh c\u00f4ng chung.<\/p>\n<p>T\u1eadp trung v\u00e0o k\u1ef9 thu\u1eadt ch\u00ednh x\u00e1c, \u0111\u1ed9 tin c\u1eady v\u00e0 d\u1ecbch v\u1ee5 t\u00f9y ch\u1ec9nh, FMP l\u00e0 \u0111\u1ed1i t\u00e1c \u0111\u00e1ng tin c\u1eady cho m\u1ecdi nhu c\u1ea7u v\u1ec1 truy\u1ec1n \u0111\u1ed9ng c\u01a1 kh\u00ed v\u00e0 th\u1ee7y l\u1ef1c c\u1ee7a b\u1ea1n. Ch\u00fang t\u00f4i mong mu\u1ed1n \u0111\u01b0\u1ee3c h\u1ee3p t\u00e1c v\u1edbi b\u1ea1n \u0111\u1ec3 c\u00f9ng nhau \u0111\u1ea1t \u0111\u01b0\u1ee3c th\u00e0nh c\u00f4ng v\u00e0 s\u1ef1 xu\u1ea5t s\u1eafc.<\/p>\n<p><img loading=\"lazy\" decoding=\"async\" class=\"alignnone size-full wp-image-3678\" src=\"https:\/\/fmp-components.com\/wp-content\/uploads\/2025\/01\/worm-gearbox-factory1.webp\" alt=\"nh\u00e0 m\u00e1y h\u1ed9p s\u1ed1 tr\u1ee5c v\u00edt\" width=\"1024\" height=\"888\" title=\"\" srcset=\"https:\/\/fmp-components.com\/wp-content\/uploads\/2025\/01\/worm-gearbox-factory1.webp 1024w, https:\/\/fmp-components.com\/wp-content\/uploads\/2025\/01\/worm-gearbox-factory1-980x850.webp 980w, https:\/\/fmp-components.com\/wp-content\/uploads\/2025\/01\/worm-gearbox-factory1-480x416.webp 480w\" sizes=\"(min-width: 0px) and (max-width: 480px) 480px, (min-width: 481px) and (max-width: 980px) 980px, (min-width: 981px) 1024px, 100vw\" \/><\/p>\n<p>T\u00e1c gi\u1ea3: CX<\/p>\n<p>&nbsp;<\/p>","protected":false},"excerpt":{"rendered":"<p>Wheel Drive for Road Reclaimers The wheel drive for road reclaimers is a critical component that provides the necessary mobility and traction for road reclaiming machines. Road reclaimers are large, heavy-duty machines used in road construction and maintenance to mill and recondition road surfaces. The wheel drive system enables these machines to move across various [&hellip;]<\/p>","protected":false},"featured_media":3690,"comment_status":"open","ping_status":"closed","template":"","meta":{"_et_pb_use_builder":"","_et_pb_old_content":"","_et_gb_content_width":""},"product_brand":[],"product_cat":[90],"product_tag":[],"class_list":{"0":"post-3686","1":"product","2":"type-product","3":"status-publish","4":"has-post-thumbnail","6":"product_cat-planetary-gearbox","8":"first","9":"instock","10":"shipping-taxable","11":"product-type-simple"},"_links":{"self":[{"href":"https:\/\/fmp-components.com\/vi\/wp-json\/wp\/v2\/product\/3686","targetHints":{"allow":["GET"]}}],"collection":[{"href":"https:\/\/fmp-components.com\/vi\/wp-json\/wp\/v2\/product"}],"about":[{"href":"https:\/\/fmp-components.com\/vi\/wp-json\/wp\/v2\/types\/product"}],"replies":[{"embeddable":true,"href":"https:\/\/fmp-components.com\/vi\/wp-json\/wp\/v2\/comments?post=3686"}],"wp:featuredmedia":[{"embeddable":true,"href":"https:\/\/fmp-components.com\/vi\/wp-json\/wp\/v2\/media\/3690"}],"wp:attachment":[{"href":"https:\/\/fmp-components.com\/vi\/wp-json\/wp\/v2\/media?parent=3686"}],"wp:term":[{"taxonomy":"product_brand","embeddable":true,"href":"https:\/\/fmp-components.com\/vi\/wp-json\/wp\/v2\/product_brand?post=3686"},{"taxonomy":"product_cat","embeddable":true,"href":"https:\/\/fmp-components.com\/vi\/wp-json\/wp\/v2\/product_cat?post=3686"},{"taxonomy":"product_tag","embeddable":true,"href":"https:\/\/fmp-components.com\/vi\/wp-json\/wp\/v2\/product_tag?post=3686"}],"curies":[{"name":"wp","href":"https:\/\/api.w.org\/{rel}","templated":true}]}}