{"id":3679,"date":"2025-01-09T06:12:10","date_gmt":"2025-01-09T06:12:10","guid":{"rendered":"https:\/\/fmp-components.com\/?page_id=8"},"modified":"2025-01-09T06:22:24","modified_gmt":"2025-01-09T06:22:24","slug":"wheel-drive-planetary-gearbox-reducer-for-rough-terrain-scissor-lift3679","status":"publish","type":"product","link":"https:\/\/fmp-components.com\/vi\/product\/wheel-drive-planetary-gearbox-reducer-for-rough-terrain-scissor-lift3679\/","title":{"rendered":"H\u1ed9p s\u1ed1 h\u00e0nh tinh d\u1eabn \u0111\u1ed9ng b\u00e1nh xe gi\u1ea3m t\u1ed1c cho xe n\u00e2ng c\u1eaft k\u00e9o \u0111\u1ecba h\u00ecnh g\u1ed3 gh\u1ec1"},"content":{"rendered":"<h2>V\u1ecb tr\u00ed c\u1ee7a b\u00e1nh xe d\u1eabn \u0111\u1ed9ng tr\u00ean xe n\u00e2ng c\u1eaft k\u00e9o \u0111\u1ecba h\u00ecnh g\u1ed3 gh\u1ec1<\/h2>\n<p>H\u1ec7 th\u1ed1ng truy\u1ec1n \u0111\u1ed9ng b\u00e1nh xe tr\u00ean xe n\u00e2ng c\u1eaft k\u00e9o \u0111\u1ecba h\u00ecnh g\u1ed3 gh\u1ec1 th\u01b0\u1eddng n\u1eb1m \u1edf ph\u1ea7n d\u01b0\u1edbi c\u1ee7a khung g\u1ea7m, t\u00edch h\u1ee3p v\u00e0o b\u00e1nh xe d\u1eabn \u0111\u1ed9ng. C\u00e1c h\u1ec7 th\u1ed1ng truy\u1ec1n \u0111\u1ed9ng n\u00e0y r\u1ea5t c\u1ea7n thi\u1ebft \u0111\u1ec3 truy\u1ec1n \u0111\u1ed9ng cho c\u00e1c b\u00e1nh xe, cho ph\u00e9p xe n\u00e2ng di chuy\u1ec3n tr\u00ean c\u00e1c b\u1ec1 m\u1eb7t g\u1ed3 gh\u1ec1, kh\u00f4ng b\u1eb1ng ph\u1eb3ng th\u01b0\u1eddng th\u1ea5y \u1edf c\u00e1c c\u00f4ng tr\u01b0\u1eddng x\u00e2y d\u1ef1ng ho\u1eb7c \u0111\u1ecba h\u00ecnh ngo\u00e0i tr\u1eddi. H\u1ec7 th\u1ed1ng truy\u1ec1n \u0111\u1ed9ng b\u00e1nh xe \u0111\u01b0\u1ee3c b\u1ed1 tr\u00ed \u0111\u1ec3 \u0111\u1ea3m b\u1ea3o ph\u00e2n b\u1ed5 l\u1ef1c t\u1ed1i \u01b0u \u0111\u1ebfn c\u00e1c b\u00e1nh xe, cung c\u1ea5p m\u00f4-men xo\u1eafn c\u1ea7n thi\u1ebft cho chuy\u1ec3n \u0111\u1ed9ng v\u00e0 l\u1ef1c k\u00e9o \u0111\u00e1ng tin c\u1eady.<\/p>\n<p>Trong h\u1ea7u h\u1ebft c\u00e1c thi\u1ebft k\u1ebf, h\u1ec7 th\u1ed1ng truy\u1ec1n \u0111\u1ed9ng b\u00e1nh xe \u0111\u01b0\u1ee3c k\u1ebft n\u1ed1i v\u1edbi c\u00e1c b\u00e1nh xe th\u00f4ng qua m\u1ed9t b\u1ed9 tr\u1ee5c, h\u1ed9p s\u1ed1 v\u00e0 h\u1ec7 th\u1ed1ng th\u1ee7y l\u1ef1c. N\u00f3 th\u01b0\u1eddng \u0111\u01b0\u1ee3c l\u1eafp tr\u1ef1c ti\u1ebfp v\u00e0o tr\u1ee5c b\u00e1nh xe ho\u1eb7c b\u00ean trong c\u1ee5m b\u00e1nh xe, n\u01a1i n\u00f3 ho\u1ea1t \u0111\u1ed9ng k\u1ebft h\u1ee3p v\u1edbi c\u00e1c b\u1ed9 ph\u1eadn c\u01a1 kh\u00ed v\u00e0 th\u1ee7y l\u1ef1c kh\u00e1c. V\u1ecb tr\u00ed chi\u1ebfn l\u01b0\u1ee3c n\u00e0y \u0111\u1ea3m b\u1ea3o h\u1ec7 th\u1ed1ng truy\u1ec1n \u0111\u1ed9ng ho\u1ea1t \u0111\u1ed9ng hi\u1ec7u qu\u1ea3, ngay c\u1ea3 khi thang m\u00e1y \u0111\u01b0\u1ee3c m\u1edf r\u1ed9ng ho\u00e0n to\u00e0n ho\u1eb7c \u0111\u1eb7t \u1edf v\u1ecb tr\u00ed nghi\u00eang.<\/p>\n<p>\u0110\u1ed1i v\u1edbi xe n\u00e2ng c\u1eaft k\u00e9o \u0111\u1ecba h\u00ecnh g\u1ed3 gh\u1ec1, h\u1ec7 th\u1ed1ng truy\u1ec1n \u0111\u1ed9ng b\u00e1nh xe \u0111\u00f3ng vai tr\u00f2 quan tr\u1ecdng trong vi\u1ec7c di chuy\u1ec3n tr\u00ean c\u00e1c b\u1ec1 m\u1eb7t kh\u00f3 kh\u0103n nh\u01b0 s\u1ecfi, \u0111\u1ea5t v\u00e0 d\u1ed1c. Thi\u1ebft k\u1ebf c\u1ee7a h\u1ec7 th\u1ed1ng \u0111\u01b0\u1ee3c t\u1ed1i \u01b0u h\u00f3a \u0111\u1ec3 cung c\u1ea5p m\u00f4-men xo\u1eafn v\u00e0 \u0111\u1ed9 \u1ed5n \u0111\u1ecbnh cao, \u0111\u1ea3m b\u1ea3o xe n\u00e2ng c\u00f3 th\u1ec3 di chuy\u1ec3n an to\u00e0n v\u00e0 hi\u1ec7u qu\u1ea3, \u0111\u1ed3ng th\u1eddi duy tr\u00ec s\u1ef1 c\u00e2n b\u1eb1ng v\u00e0 s\u1ee9c m\u1ea1nh trong nh\u1eefng \u0111i\u1ec1u ki\u1ec7n kh\u1eafc nghi\u1ec7t.<\/p>\n<p><img loading=\"lazy\" decoding=\"async\" class=\"alignnone wp-image-3684\" src=\"https:\/\/fmp-components.com\/wp-content\/uploads\/2025\/01\/0_wheel-drive-for-Scissor-Lift-21.webp\" alt=\"b\u00e1nh-d\u1eabn-\u0111\u1ed9ng-cho-xe-n\u00e2ng-c\u1eaft-c\u1eaft\" width=\"921\" height=\"532\" title=\"\" srcset=\"https:\/\/fmp-components.com\/wp-content\/uploads\/2025\/01\/0_wheel-drive-for-Scissor-Lift-21.webp 921w, https:\/\/fmp-components.com\/wp-content\/uploads\/2025\/01\/0_wheel-drive-for-Scissor-Lift-21-480x277.webp 480w\" sizes=\"(min-width: 0px) and (max-width: 480px) 480px, (min-width: 481px) 921px, 100vw\" \/><\/p>\n<h2>Vai tr\u00f2 c\u1ee7a h\u1ec7 th\u1ed1ng truy\u1ec1n \u0111\u1ed9ng b\u00e1nh xe tr\u00ean xe n\u00e2ng c\u1eaft k\u00e9o \u0111\u1ecba h\u00ecnh g\u1ed3 gh\u1ec1<\/h2>\n<p>H\u1ec7 th\u1ed1ng truy\u1ec1n \u0111\u1ed9ng b\u00e1nh xe \u0111\u00f3ng vai tr\u00f2 quan tr\u1ecdng trong vi\u1ec7c gi\u00fap xe n\u00e2ng c\u1eaft k\u00e9o \u0111\u1ecba h\u00ecnh g\u1ed3 gh\u1ec1 di chuy\u1ec3n hi\u1ec7u qu\u1ea3 v\u00e0 an to\u00e0n tr\u00ean c\u00e1c b\u1ec1 m\u1eb7t g\u1ed3 gh\u1ec1, kh\u00f4ng b\u1eb1ng ph\u1eb3ng. H\u1ec7 th\u1ed1ng n\u00e0y ch\u1ecbu tr\u00e1ch nhi\u1ec7m truy\u1ec1n l\u1ef1c t\u1eeb \u0111\u1ed9ng c\u01a1 ho\u1eb7c h\u1ec7 th\u1ed1ng th\u1ee7y l\u1ef1c \u0111\u1ebfn b\u00e1nh xe, cung c\u1ea5p m\u00f4-men xo\u1eafn c\u1ea7n thi\u1ebft cho chuy\u1ec3n \u0111\u1ed9ng. \u0110i\u1ec1u n\u00e0y \u0111\u1ea3m b\u1ea3o xe n\u00e2ng c\u1eaft k\u00e9o c\u00f3 th\u1ec3 v\u01b0\u1ee3t qua c\u00e1c ch\u01b0\u1edbng ng\u1ea1i v\u1eadt, \u0111\u1ed9 d\u1ed1c v\u00e0 \u0111\u1ecba h\u00ecnh g\u1ed3 gh\u1ec1 th\u01b0\u1eddng th\u1ea5y \u1edf c\u00f4ng tr\u01b0\u1eddng x\u00e2y d\u1ef1ng ho\u1eb7c m\u00f4i tr\u01b0\u1eddng l\u00e0m vi\u1ec7c ngo\u00e0i tr\u1eddi.<\/p>\n<p>B\u1eb1ng c\u00e1ch truy\u1ec1n \u0111\u1ed9ng b\u00e1nh xe, h\u1ec7 th\u1ed1ng truy\u1ec1n \u0111\u1ed9ng b\u00e1nh xe cho ph\u00e9p \u0111i\u1ec1u khi\u1ec3n ch\u00ednh x\u00e1c chuy\u1ec3n \u0111\u1ed9ng c\u1ee7a thang m\u00e1y, bao g\u1ed3m c\u00e1c ch\u1ee9c n\u0103ng ti\u1ebfn, l\u00f9i v\u00e0 l\u00e1i. \u0110i\u1ec1u n\u00e0y cho ph\u00e9p ng\u01b0\u1eddi v\u1eadn h\u00e0nh \u0111i\u1ec1u khi\u1ec3n thang m\u00e1y m\u1ed9t c\u00e1ch ch\u00ednh x\u00e1c, ngay c\u1ea3 khi thang m\u00e1y \u0111\u01b0\u1ee3c k\u00e9o d\u00e0i ho\u00e0n to\u00e0n ho\u1eb7c \u0111\u1eb7t tr\u00ean b\u1ec1 m\u1eb7t kh\u00f4ng b\u1eb1ng ph\u1eb3ng. N\u00f3 g\u00f3p ph\u1ea7n v\u00e0o s\u1ef1 \u1ed5n \u0111\u1ecbnh t\u1ed5ng th\u1ec3 c\u1ee7a m\u00e1y, gi\u00fap ph\u00e2n b\u1ed5 tr\u1ecdng l\u01b0\u1ee3ng \u0111\u1ec1u v\u00e0 duy tr\u00ec l\u1ef1c k\u00e9o, ng\u0103n ng\u1eeba tr\u01b0\u1ee3t v\u00e0 m\u1ea5t \u1ed5n \u0111\u1ecbnh.<\/p>\n<p>Ngo\u00e0i kh\u1ea3 n\u0103ng di chuy\u1ec3n, h\u1ec7 th\u1ed1ng d\u1eabn \u0111\u1ed9ng b\u00e1nh xe c\u00f2n \u0111\u00f3ng vai tr\u00f2 n\u00e2ng cao hi\u1ec7u su\u1ea5t c\u1ee7a thang m\u00e1y v\u1ec1 t\u1ed1c \u0111\u1ed9 v\u00e0 c\u00f4ng su\u1ea5t. N\u00f3 \u0111\u1ea3m b\u1ea3o thang m\u00e1y c\u00f3 th\u1ec3 x\u1eed l\u00fd t\u1ea3i tr\u1ecdng n\u1eb7ng m\u00e0 v\u1eabn duy tr\u00ec hi\u1ec7u su\u1ea5t, khi\u1ebfn n\u00f3 tr\u1edf th\u00e0nh m\u1ed9t th\u00e0nh ph\u1ea7n thi\u1ebft y\u1ebfu cho c\u00e1c \u1ee9ng d\u1ee5ng \u0111\u00f2i h\u1ecfi c\u1ea3 kh\u1ea3 n\u0103ng n\u00e2ng theo ph\u01b0\u01a1ng th\u1eb3ng \u0111\u1ee9ng v\u00e0 kh\u1ea3 n\u0103ng di chuy\u1ec3n theo ph\u01b0\u01a1ng ngang tr\u00ean \u0111\u1ecba h\u00ecnh hi\u1ec3m tr\u1edf.<\/p>\n<p><img loading=\"lazy\" decoding=\"async\" class=\"wp-image-3685 aligncenter\" src=\"https:\/\/fmp-components.com\/wp-content\/uploads\/2025\/01\/0_Snorkel-S9070RT-HC_2.webp\" alt=\"\" width=\"579\" height=\"603\" title=\"\" srcset=\"https:\/\/fmp-components.com\/wp-content\/uploads\/2025\/01\/0_Snorkel-S9070RT-HC_2.webp 579w, https:\/\/fmp-components.com\/wp-content\/uploads\/2025\/01\/0_Snorkel-S9070RT-HC_2-480x500.webp 480w\" sizes=\"(min-width: 0px) and (max-width: 480px) 480px, (min-width: 481px) 579px, 100vw\" \/><\/p>\n<h2>Kh\u1ea3 n\u0103ng t\u01b0\u01a1ng th\u00edch v\u1edbi c\u00e1c m\u1eabu thang n\u00e2ng ph\u1ed5 bi\u1ebfn<\/h2>\n<p>B\u1ed9 gi\u1ea3m t\u1ed1c b\u00e1nh xe c\u1ee7a ch\u00fang t\u00f4i t\u01b0\u01a1ng th\u00edch v\u1edbi nhi\u1ec1u m\u1eabu thang n\u00e2ng, bao g\u1ed3m:<\/p>\n<ol data-spm-anchor-id=\"5176.28103460.0.i129.297c3f99PFUZxp\">\n<li>JLG Industries: D\u00f2ng xe n\u00e2ng JLG RT (RT340, RT40, RT60, RT90, RT100, RT110)<\/li>\n<li>Genie: D\u00f2ng GS-RT (Genie GS-4069 RT, GS-5390 RT)<\/li>\n<li>Skyjack: D\u00f2ng SJ-R (SJ63 AJ \u0110\u1ecba h\u00ecnh g\u1ed3 gh\u1ec1, SJ8841 RTE)<\/li>\n<li>Haulotte: Xe n\u00e2ng c\u1eaft k\u00e9o \u0111\u1ecba h\u00ecnh g\u1ed3 gh\u1ec1 HAULOTTE (HA20PX, HT23 RTJ PRO, HT40 RTJ PRO)<\/li>\n<li>\u1ed0ng th\u1edf: D\u00f2ng SR (SR5719, SR626E, SR9244)<\/li>\n<li>Aichi: D\u00f2ng SC (SC50, SC60, SC80)<\/li>\n<li>N\u1ec1n t\u1ea3ng l\u00e0m vi\u1ec7c tr\u00ean kh\u00f4ng MEC: D\u00f2ng R (RS26J, RS40, RS52)<\/li>\n<\/ol>\n<p>N\u1ebfu b\u1ea1n \u0111ang s\u1eed d\u1ee5ng b\u1ea5t k\u1ef3 m\u1eabu m\u00e1y n\u00e0o trong s\u1ed1 n\u00e0y, b\u1ed9 gi\u1ea3m t\u1ed1c b\u00e1nh xe c\u1ee7a ch\u00fang t\u00f4i s\u1ebd ho\u00e0n to\u00e0n ph\u00f9 h\u1ee3p v\u1edbi m\u00e1y c\u1ee7a b\u1ea1n.<br \/>\n<span style=\"color: #ff0000;\"><em><strong>L\u01b0u \u00fd: C\u00e1c th\u01b0\u01a1ng hi\u1ec7u \u0111\u01b0\u1ee3c \u0111\u1ec1 c\u1eadp trong b\u00e0i vi\u1ebft ch\u1ec9 nh\u1eb1m m\u1ee5c \u0111\u00edch thu\u1eadn ti\u1ec7n cho kh\u00e1ch h\u00e0ng l\u1ef1a ch\u1ecdn v\u00e0 thay th\u1ebf ph\u1ee5 ki\u1ec7n c\u1ee7a th\u01b0\u01a1ng hi\u1ec7u m\u00e1y n\u00f4ng nghi\u1ec7p t\u01b0\u01a1ng \u1ee9ng, ch\u00fang t\u00f4i kh\u00f4ng b\u00e1n s\u1ea3n ph\u1ea9m c\u1ee7a th\u01b0\u01a1ng hi\u1ec7u \u0111\u00f3.<\/strong><\/em><\/span><\/p>\n<h2>Gi\u1edbi thi\u1ec7u v\u1ec1 FMP<\/h2>\n<p>FMP l\u00e0 nh\u00e0 s\u1ea3n xu\u1ea5t h\u00e0ng \u0111\u1ea7u chuy\u00ean s\u1ea3n xu\u1ea5t \u0111a d\u1ea1ng c\u00e1c s\u1ea3n ph\u1ea9m truy\u1ec1n \u0111\u1ed9ng c\u01a1 kh\u00ed v\u00e0 th\u1ee7y l\u1ef1c. Danh m\u1ee5c s\u1ea3n ph\u1ea9m c\u1ee7a ch\u00fang t\u00f4i bao g\u1ed3m h\u1ed9p s\u1ed1 h\u00e0nh tinh, b\u1ed9 gi\u1ea3m t\u1ed1c tr\u1ee5c v\u00edt, b\u1ed9 gi\u1ea3m t\u1ed1c b\u00e1nh r\u0103ng xo\u1eafn th\u1eb3ng h\u00e0ng, b\u1ed9 gi\u1ea3m t\u1ed1c b\u00e1nh r\u0103ng xo\u1eafn tr\u1ee5c song song, b\u1ed9 gi\u1ea3m t\u1ed1c b\u00e1nh r\u0103ng c\u00f4n xo\u1eafn, b\u1ed9 gi\u1ea3m t\u1ed1c b\u00e1nh r\u0103ng tr\u1ee5c v\u00edt, h\u1ed9p s\u1ed1 n\u00f4ng nghi\u1ec7p, h\u1ed9p s\u1ed1 m\u00e1y k\u00e9o, h\u1ed9p s\u1ed1 \u00f4 t\u00f4, tr\u1ee5c c\u00f4ng su\u1ea5t v\u00e0 c\u00e1c b\u1ed9 gi\u1ea3m t\u1ed1c chuy\u00ean d\u1ee5ng. Ngo\u00e0i ra, ch\u00fang t\u00f4i c\u00f2n cung c\u1ea5p \u0111a d\u1ea1ng c\u00e1c linh ki\u1ec7n b\u1ed5 sung nh\u01b0 b\u00e1nh x\u00edch, h\u1ec7 th\u1ed1ng th\u1ee7y l\u1ef1c, b\u01a1m ch\u00e2n kh\u00f4ng, kh\u1edbp n\u1ed1i th\u1ee7y l\u1ef1c, thanh r\u0103ng, x\u00edch, puli \u0111\u1ecbnh th\u1eddi, h\u1ed9p s\u1ed1 UDL, puli \u0111ai ch\u1eef V, xi lanh th\u1ee7y l\u1ef1c, b\u01a1m b\u00e1nh r\u0103ng, m\u00e1y n\u00e9n kh\u00ed tr\u1ee5c v\u00edt, b\u1ed9 gi\u1ea3m t\u1ed1c tr\u1ee5c v\u00edt \u0111\u1ed9 h\u1edf th\u1ea5p, c\u00f9ng nhi\u1ec1u s\u1ea3n ph\u1ea9m kh\u00e1c.<\/p>\n<p><strong>Gi\u1ea3i ph\u00e1p t\u00f9y ch\u1ec9nh cho m\u1ecdi nhu c\u1ea7u<\/strong><\/p>\n<p>T\u1ea1i FMP, ch\u00fang t\u00f4i hi\u1ec3u r\u1eb1ng m\u1ed7i \u1ee9ng d\u1ee5ng \u0111\u1ec1u \u0111\u1ed9c \u0111\u00e1o. \u0110\u00f3 l\u00e0 l\u00fd do t\u1ea1i sao ch\u00fang t\u00f4i cung c\u1ea5p c\u00e1c gi\u1ea3i ph\u00e1p ho\u00e0n to\u00e0n t\u00f9y ch\u1ec9nh, bao g\u1ed3m h\u1ed9p s\u1ed1, \u0111\u1ed9ng c\u01a1 b\u00e1nh r\u0103ng, h\u1ec7 th\u1ed1ng th\u1ee7y l\u1ef1c v\u00e0 \u0111\u1ed9ng c\u01a1 \u0111\u01b0\u1ee3c thi\u1ebft k\u1ebf ri\u00eang \u0111\u1ec3 \u0111\u00e1p \u1ee9ng c\u00e1c y\u00eau c\u1ea7u c\u1ee5 th\u1ec3 c\u1ee7a kh\u00e1ch h\u00e0ng. N\u0103ng l\u1ef1c s\u1ea3n xu\u1ea5t linh ho\u1ea1t c\u1ee7a ch\u00fang t\u00f4i cho ph\u00e9p ch\u00fang t\u00f4i t\u1ea1o ra c\u00e1c s\u1ea3n ph\u1ea9m \u0111\u01b0\u1ee3c thi\u1ebft k\u1ebf ch\u00ednh x\u00e1c, ph\u00f9 h\u1ee3p \u0111\u1ec3 \u0111\u1ea3m b\u1ea3o hi\u1ec7u qu\u1ea3 t\u1ed1i \u0111a v\u00e0 hi\u1ec7u su\u1ea5t t\u1ed1i \u01b0u cho m\u1ecdi \u1ee9ng d\u1ee5ng.<\/p>\n<p><strong>Cam k\u1ebft v\u1ec1 ch\u1ea5t l\u01b0\u1ee3ng v\u00e0 \u0111\u1ed5i m\u1edbi<\/strong><\/p>\n<p>Ch\u00fang t\u00f4i cam k\u1ebft s\u00e2u s\u1eafc duy tr\u00ec c\u00e1c ti\u00eau chu\u1ea9n cao nh\u1ea5t v\u1ec1 ch\u1ea5t l\u01b0\u1ee3ng v\u00e0 \u0111\u1ed9 tin c\u1eady trong m\u1ecdi s\u1ea3n ph\u1ea9m ch\u00fang t\u00f4i s\u1ea3n xu\u1ea5t. Thi\u1ebft b\u1ecb ki\u1ec3m tra v\u00e0 th\u1eed nghi\u1ec7m ti\u00ean ti\u1ebfn, c\u00f9ng v\u1edbi \u0111\u1ed9i ng\u0169 k\u1ef9 thu\u1eadt tay ngh\u1ec1 cao, \u0111\u1ea3m b\u1ea3o m\u1ecdi s\u1ea3n ph\u1ea9m \u0111\u1ec1u \u0111\u00e1p \u1ee9ng c\u00e1c ti\u00eau chu\u1ea9n nghi\u00eam ng\u1eb7t c\u1ee7a ng\u00e0nh. D\u00f9 cung c\u1ea5p c\u00e1c gi\u1ea3i ph\u00e1p ti\u00eau chu\u1ea9n hay t\u1ea1o ra c\u00e1c s\u1ea3n ph\u1ea9m \u0111\u01b0\u1ee3c thi\u1ebft k\u1ebf ri\u00eang, FMP lu\u00f4n cam k\u1ebft mang \u0111\u1ebfn nh\u1eefng k\u1ebft qu\u1ea3 ch\u1ea5t l\u01b0\u1ee3ng h\u00e0ng \u0111\u1ea7u, ho\u1ea1t \u0111\u1ed9ng v\u01b0\u1ee3t tr\u1ed9i ngay c\u1ea3 trong nh\u1eefng m\u00f4i tr\u01b0\u1eddng kh\u1eafc nghi\u1ec7t nh\u1ea5t.<\/p>\n<p>Trong nh\u1eefng n\u0103m g\u1ea7n \u0111\u00e2y, FMP \u0111\u00e3 c\u00f3 s\u1ef1 t\u0103ng tr\u01b0\u1edfng nhanh ch\u00f3ng, nh\u1edd v\u00e0o kinh nghi\u1ec7m s\u1ea3n xu\u1ea5t s\u00e2u r\u1ed9ng, h\u1ec7 th\u1ed1ng qu\u1ea3n l\u00fd m\u1ea1nh m\u1ebd v\u00e0 chuy\u00ean m\u00f4n k\u1ef9 thu\u1eadt v\u1eefng ch\u1eafc. Tri\u1ebft l\u00fd \u201cch\u1ea5t l\u01b0\u1ee3ng \u0111\u1ec3 t\u1ed3n t\u1ea1i, \u0111\u1ed5i m\u1edbi \u0111\u1ec3 ph\u00e1t tri\u1ec3n\u201d c\u1ee7a ch\u00fang t\u00f4i l\u00e0 n\u1ec1n t\u1ea3ng cho th\u00e0nh c\u00f4ng, th\u00fac \u0111\u1ea9y c\u1ea3i ti\u1ebfn v\u00e0 t\u0103ng tr\u01b0\u1edfng li\u00ean t\u1ee5c.<\/p>\n<p><strong>H\u1ee3p t\u00e1c \u0111\u1ec3 th\u00e0nh c\u00f4ng<\/strong><\/p>\n<p>T\u1ea1i FMP, ch\u00fang t\u00f4i \u01b0u ti\u00ean s\u1ef1 h\u1ee3p t\u00e1c v\u00e0 quan h\u1ec7 \u0111\u1ed1i t\u00e1c l\u00e2u d\u00e0i v\u1edbi kh\u00e1ch h\u00e0ng. Ch\u00fang t\u00f4i h\u1ee3p t\u00e1c ch\u1eb7t ch\u1ebd v\u1edbi kh\u00e1ch h\u00e0ng \u0111\u1ec3 cung c\u1ea5p c\u00e1c gi\u1ea3i ph\u00e1p s\u00e1ng t\u1ea1o, \u0111\u00e1ng tin c\u1eady, v\u01b0\u1ee3t tr\u00ean c\u1ea3 mong \u0111\u1ee3i. M\u1ee5c ti\u00eau c\u1ee7a ch\u00fang t\u00f4i kh\u00f4ng ch\u1ec9 l\u00e0 \u0111\u00e1p \u1ee9ng nhu c\u1ea7u c\u1ee7a kh\u00e1ch h\u00e0ng m\u00e0 c\u00f2n x\u00e2y d\u1ef1ng m\u1ed1i quan h\u1ec7 b\u1ec1n v\u1eefng d\u1ef1a tr\u00ean s\u1ef1 tin t\u01b0\u1edfng, ch\u1ea5t l\u01b0\u1ee3ng v\u00e0 th\u00e0nh c\u00f4ng chung.<\/p>\n<p>T\u1eadp trung v\u00e0o k\u1ef9 thu\u1eadt ch\u00ednh x\u00e1c, \u0111\u1ed9 tin c\u1eady v\u00e0 d\u1ecbch v\u1ee5 t\u00f9y ch\u1ec9nh, FMP l\u00e0 \u0111\u1ed1i t\u00e1c \u0111\u00e1ng tin c\u1eady cho m\u1ecdi nhu c\u1ea7u v\u1ec1 truy\u1ec1n \u0111\u1ed9ng c\u01a1 kh\u00ed v\u00e0 th\u1ee7y l\u1ef1c c\u1ee7a b\u1ea1n. Ch\u00fang t\u00f4i mong mu\u1ed1n \u0111\u01b0\u1ee3c h\u1ee3p t\u00e1c v\u1edbi b\u1ea1n \u0111\u1ec3 c\u00f9ng nhau \u0111\u1ea1t \u0111\u01b0\u1ee3c th\u00e0nh c\u00f4ng v\u00e0 s\u1ef1 xu\u1ea5t s\u1eafc.<\/p>\n<p><img loading=\"lazy\" decoding=\"async\" class=\"alignnone size-full wp-image-3678\" src=\"https:\/\/fmp-components.com\/wp-content\/uploads\/2025\/01\/worm-gearbox-factory1.webp\" alt=\"nh\u00e0 m\u00e1y h\u1ed9p s\u1ed1 tr\u1ee5c v\u00edt\" width=\"1024\" height=\"888\" title=\"\" srcset=\"https:\/\/fmp-components.com\/wp-content\/uploads\/2025\/01\/worm-gearbox-factory1.webp 1024w, https:\/\/fmp-components.com\/wp-content\/uploads\/2025\/01\/worm-gearbox-factory1-980x850.webp 980w, https:\/\/fmp-components.com\/wp-content\/uploads\/2025\/01\/worm-gearbox-factory1-480x416.webp 480w\" sizes=\"(min-width: 0px) and (max-width: 480px) 480px, (min-width: 481px) and (max-width: 980px) 980px, (min-width: 981px) 1024px, 100vw\" \/><\/p>\n<p>T\u00e1c gi\u1ea3: CX<\/p>","protected":false},"excerpt":{"rendered":"<p>Location of the Wheel Drive on a Rough Terrain Scissor Lift The wheel drive on a rough terrain scissor lift is typically located at the lower portion of the lift&#8217;s chassis, integrated into the drive wheels. These drives are essential for powering the wheels that allow the lift to move across uneven, rugged surfaces often [&hellip;]<\/p>","protected":false},"featured_media":3682,"comment_status":"open","ping_status":"closed","template":"","meta":{"_et_pb_use_builder":"","_et_pb_old_content":"","_et_gb_content_width":""},"product_brand":[],"product_cat":[90],"product_tag":[],"class_list":{"0":"post-3679","1":"product","2":"type-product","3":"status-publish","4":"has-post-thumbnail","6":"product_cat-planetary-gearbox","8":"first","9":"instock","10":"shipping-taxable","11":"product-type-simple"},"_links":{"self":[{"href":"https:\/\/fmp-components.com\/vi\/wp-json\/wp\/v2\/product\/3679","targetHints":{"allow":["GET"]}}],"collection":[{"href":"https:\/\/fmp-components.com\/vi\/wp-json\/wp\/v2\/product"}],"about":[{"href":"https:\/\/fmp-components.com\/vi\/wp-json\/wp\/v2\/types\/product"}],"replies":[{"embeddable":true,"href":"https:\/\/fmp-components.com\/vi\/wp-json\/wp\/v2\/comments?post=3679"}],"wp:featuredmedia":[{"embeddable":true,"href":"https:\/\/fmp-components.com\/vi\/wp-json\/wp\/v2\/media\/3682"}],"wp:attachment":[{"href":"https:\/\/fmp-components.com\/vi\/wp-json\/wp\/v2\/media?parent=3679"}],"wp:term":[{"taxonomy":"product_brand","embeddable":true,"href":"https:\/\/fmp-components.com\/vi\/wp-json\/wp\/v2\/product_brand?post=3679"},{"taxonomy":"product_cat","embeddable":true,"href":"https:\/\/fmp-components.com\/vi\/wp-json\/wp\/v2\/product_cat?post=3679"},{"taxonomy":"product_tag","embeddable":true,"href":"https:\/\/fmp-components.com\/vi\/wp-json\/wp\/v2\/product_tag?post=3679"}],"curies":[{"name":"wp","href":"https:\/\/api.w.org\/{rel}","templated":true}]}}