{"id":3674,"date":"2025-01-09T05:49:40","date_gmt":"2025-01-09T05:49:40","guid":{"rendered":"https:\/\/fmp-components.com\/?page_id=8"},"modified":"2025-01-09T06:11:10","modified_gmt":"2025-01-09T06:11:10","slug":"wheel-drive-planetary-gearbox-reducer-for-access-plateform","status":"publish","type":"product","link":"https:\/\/fmp-components.com\/vi\/product\/wheel-drive-planetary-gearbox-reducer-for-access-plateform\/","title":{"rendered":"B\u1ed9 gi\u1ea3m t\u1ed1c h\u1ed9p s\u1ed1 h\u00e0nh tinh d\u1eabn \u0111\u1ed9ng b\u00e1nh xe cho t\u1ea5m ti\u1ebfp c\u1eadn"},"content":{"rendered":"<p style=\"text-align: center;\"><span style=\"font-size: 18pt;\">B\u1ed9 gi\u1ea3m t\u1ed1c h\u1ed9p s\u1ed1 h\u00e0nh tinh d\u1eabn \u0111\u1ed9ng b\u00e1nh xe cho n\u1ec1n t\u1ea3ng ti\u1ebfp c\u1eadn<\/span><\/p>\n<p>H\u1ed9p gi\u1ea3m t\u1ed1c b\u00e1nh r\u0103ng h\u00e0nh tinh d\u1eabn \u0111\u1ed9ng b\u00e1nh xe cho s\u00e0n n\u00e2ng ti\u1ebfp c\u1eadn l\u00e0 h\u1ec7 th\u1ed1ng gi\u1ea3m t\u1ed1c hi\u1ec7u su\u1ea5t cao \u0111\u01b0\u1ee3c thi\u1ebft k\u1ebf \u0111\u1eb7c bi\u1ec7t \u0111\u1ec3 s\u1eed d\u1ee5ng trong s\u00e0n n\u00e2ng l\u00e0m vi\u1ec7c tr\u00ean kh\u00f4ng (AWP), thang n\u00e2ng c\u1eaft k\u00e9o, thang n\u00e2ng c\u1ea7n c\u1ea9u v\u00e0 c\u00e1c s\u00e0n n\u00e2ng ti\u1ebfp c\u1eadn kh\u00e1c. \u0110\u01b0\u1ee3c thi\u1ebft k\u1ebf \u0111\u1ec3 \u0111\u1ea3m b\u1ea3o \u0111\u1ed9 tin c\u1eady, hi\u1ec7u qu\u1ea3 v\u00e0 \u0111\u1ed9 b\u1ec1n, h\u1ed9p s\u1ed1 n\u00e0y l\u00e0 m\u1ed9t th\u00e0nh ph\u1ea7n thi\u1ebft y\u1ebfu \u0111\u1ec3 \u0111\u1ea3m b\u1ea3o s\u00e0n n\u00e2ng chuy\u1ec3n \u0111\u1ed9ng tr\u01a1n tru v\u00e0 c\u00f3 ki\u1ec3m so\u00e1t.<\/p>\n<p><strong>C\u00e1c t\u00ednh n\u0103ng ch\u00ednh:<\/strong><\/p>\n<ol>\n<li><strong>M\u00f4-men xo\u1eafn cao<\/strong><br \/>\n\u0110\u01b0\u1ee3c thi\u1ebft k\u1ebf \u0111\u1ec3 cung c\u1ea5p m\u00f4-men xo\u1eafn cao, h\u1ed9p s\u1ed1 h\u00e0nh tinh \u0111\u1ea3m b\u1ea3o truy\u1ec1n l\u1ef1c hi\u1ec7u qu\u1ea3 \u0111\u1ebfn c\u00e1c b\u00e1nh xe c\u1ee7a b\u1ec7 ti\u1ebfp c\u1eadn, cho ph\u00e9p chuy\u1ec3n \u0111\u1ed9ng tr\u01a1n tru v\u00e0 \u0111\u00e1ng tin c\u1eady ngay c\u1ea3 khi ch\u1ecbu t\u1ea3i n\u1eb7ng.<\/li>\n<li><strong>Thi\u1ebft k\u1ebf nh\u1ecf g\u1ecdn v\u00e0 ch\u1eafc ch\u1eafn<\/strong><br \/>\nV\u1edbi thi\u1ebft k\u1ebf nh\u1ecf g\u1ecdn v\u00e0 ti\u1ebft ki\u1ec7m kh\u00f4ng gian, h\u1ed9p s\u1ed1 \u0111\u01b0\u1ee3c ch\u1ebf t\u1ea1o \u0111\u1ec3 ph\u00f9 h\u1ee3p v\u1edbi kh\u00f4ng gian h\u1ea1n ch\u1ebf c\u1ee7a c\u00e1c s\u00e0n n\u00e2ng, \u0111\u1ed3ng th\u1eddi v\u1eabn \u0111\u1ea3m b\u1ea3o \u0111\u1ed9 b\u1ec1n v\u00e0 ch\u1eafc ch\u1eafn. K\u1ebft c\u1ea5u ch\u1eafc ch\u1eafn c\u1ee7a h\u1ed9p s\u1ed1 \u0111\u1ea3m b\u1ea3o hi\u1ec7u su\u1ea5t l\u00e2u d\u00e0i trong m\u00f4i tr\u01b0\u1eddng kh\u1eafc nghi\u1ec7t.<\/li>\n<li><strong>C\u01a1 c\u1ea5u b\u00e1nh r\u0103ng h\u00e0nh tinh<\/strong><br \/>\nVi\u1ec7c s\u1eed d\u1ee5ng h\u1ec7 th\u1ed1ng b\u00e1nh r\u0103ng h\u00e0nh tinh mang l\u1ea1i kh\u1ea3 n\u0103ng ph\u00e2n b\u1ed5 t\u1ea3i tr\u1ecdng tuy\u1ec7t v\u1eddi, gi\u1ea3m m\u00e0i m\u00f2n v\u00e0 t\u0103ng hi\u1ec7u su\u1ea5t. Thi\u1ebft k\u1ebf n\u00e0y c\u0169ng c\u1ea3i thi\u1ec7n t\u1ef7 l\u1ec7 m\u00f4-men xo\u1eafn tr\u00ean tr\u1ecdng l\u01b0\u1ee3ng, g\u00f3p ph\u1ea7n n\u00e2ng cao hi\u1ec7u su\u1ea5t t\u1ed5ng th\u1ec3 c\u1ee7a n\u1ec1n t\u1ea3ng.<\/li>\n<li><strong>\u0110\u1ed9 b\u1ec1n \u0111\u01b0\u1ee3c c\u1ea3i thi\u1ec7n<\/strong><br \/>\n\u0110\u01b0\u1ee3c ch\u1ebf t\u1ea1o b\u1eb1ng v\u1eadt li\u1ec7u ch\u1ea5t l\u01b0\u1ee3ng cao, h\u1ed9p s\u1ed1 \u0111\u01b0\u1ee3c thi\u1ebft k\u1ebf \u0111\u1ec3 ch\u1ecbu \u0111\u01b0\u1ee3c c\u00e1c \u0111i\u1ec1u ki\u1ec7n kh\u1eafc nghi\u1ec7t, bao g\u1ed3m v\u1eadn h\u00e0nh th\u01b0\u1eddng xuy\u00ean, chu k\u1ef3 t\u1ea3i tr\u1ecdng cao v\u00e0 c\u00e1c y\u1ebfu t\u1ed1 m\u00f4i tr\u01b0\u1eddng kh\u1eafc nghi\u1ec7t. H\u1ed9p s\u1ed1 mang l\u1ea1i \u0111\u1ed9 b\u1ec1n l\u00e2u d\u00e0i v\u00e0 gi\u1ea3m thi\u1ec3u nhu c\u1ea7u b\u1ea3o tr\u00ec.<\/li>\n<li><strong>Ho\u1ea1t \u0111\u1ed9ng \u00eam \u00e1i v\u00e0 y\u00ean t\u0129nh<\/strong><br \/>\nThi\u1ebft k\u1ebf ch\u00ednh x\u00e1c c\u1ee7a b\u00e1nh r\u0103ng h\u00e0nh tinh \u0111\u1ea3m b\u1ea3o ho\u1ea1t \u0111\u1ed9ng tr\u01a1n tru v\u00e0 y\u00ean t\u0129nh, gi\u1ea3m m\u1ee9c \u0111\u1ed9 ti\u1ebfng \u1ed3n trong qu\u00e1 tr\u00ecnh v\u1eadn h\u00e0nh v\u00e0 mang l\u1ea1i tr\u1ea3i nghi\u1ec7m tho\u1ea3i m\u00e1i h\u01a1n cho ng\u01b0\u1eddi d\u00f9ng.<\/li>\n<\/ol>\n<p><img loading=\"lazy\" decoding=\"async\" class=\"alignnone size-full wp-image-3676\" src=\"https:\/\/fmp-components.com\/wp-content\/uploads\/2025\/01\/0_wheel-drive-for-Access-Plateform-21.webp\" alt=\"0_b\u00e1nh-l\u00e1i-cho-b\u1ec7-truy-c\u1eadp-2(1)\" width=\"980\" height=\"354\" title=\"\" srcset=\"https:\/\/fmp-components.com\/wp-content\/uploads\/2025\/01\/0_wheel-drive-for-Access-Plateform-21.webp 980w, https:\/\/fmp-components.com\/wp-content\/uploads\/2025\/01\/0_wheel-drive-for-Access-Plateform-21-480x173.webp 480w\" sizes=\"(min-width: 0px) and (max-width: 480px) 480px, (min-width: 481px) 980px, 100vw\" \/><\/p>\n<p>H\u1ed9p gi\u1ea3m t\u1ed1c b\u00e1nh r\u0103ng h\u00e0nh tinh d\u1eabn \u0111\u1ed9ng b\u00e1nh xe cho s\u00e0n n\u00e2ng l\u00e0 m\u1ed9t b\u1ed9 ph\u1eadn thi\u1ebft y\u1ebfu, hi\u1ec7u su\u1ea5t cao, mang l\u1ea1i hi\u1ec7u su\u1ea5t v\u01b0\u1ee3t tr\u1ed9i, \u0111\u1ed9 b\u1ec1n v\u00e0 v\u1eadn h\u00e0nh tr\u01a1n tru cho nhi\u1ec1u \u1ee9ng d\u1ee5ng s\u00e0n n\u00e2ng. V\u1edbi thi\u1ebft k\u1ebf ch\u1eafc ch\u1eafn, c\u00e1c t\u00f9y ch\u1ecdn t\u00f9y ch\u1ec9nh v\u00e0 tu\u1ed5i th\u1ecd cao, h\u1ed9p s\u1ed1 n\u00e0y \u0111\u1ea3m b\u1ea3o s\u00e0n n\u00e2ng c\u1ee7a b\u1ea1n ho\u1ea1t \u0111\u1ed9ng \u0111\u00e1ng tin c\u1eady v\u00e0 hi\u1ec7u qu\u1ea3 trong c\u00e1c m\u00f4i tr\u01b0\u1eddng kh\u1eafc nghi\u1ec7t.<\/p>\n<div class=\"group\/conversation-turn relative flex w-full min-w-0 flex-col agent-turn\">\n<div class=\"flex-col gap-1 md:gap-3\">\n<div class=\"flex max-w-full flex-col flex-grow\">\n<div class=\"min-h-8 text-message flex w-full flex-col items-end gap-2 whitespace-normal break-words text-start [.text-message+&amp;]:mt-5\" dir=\"auto\" data-message-author-role=\"assistant\" data-message-id=\"2334fcc5-ad49-42a5-89f5-7a90448f8b99\" data-message-model-slug=\"gpt-4o\">\n<div class=\"flex w-full flex-col gap-1 empty:hidden first:pt-[3px]\">\n<div class=\"markdown prose w-full break-words dark:prose-invert light\">\n<h2>B\u1ed9 gi\u1ea3m t\u1ed1c b\u00e1nh xe cho m\u00e1y m\u00f3c n\u1ec1n t\u1ea3ng ti\u1ebfp c\u1eadn<\/h2>\n<p>B\u1ed9 gi\u1ea3m t\u1ed1c b\u00e1nh xe cho m\u00e1y m\u00f3c n\u1ec1n t\u1ea3ng ti\u1ebfp c\u1eadn l\u00e0 h\u1ec7 th\u1ed1ng gi\u1ea3m t\u1ed1c \u0111\u01b0\u1ee3c thi\u1ebft k\u1ebf ch\u00ednh x\u00e1c, nh\u1eb1m t\u1ed1i \u01b0u h\u00f3a hi\u1ec7u su\u1ea5t c\u1ee7a c\u00e1c n\u1ec1n t\u1ea3ng l\u00e0m vi\u1ec7c tr\u00ean cao, thang n\u00e2ng c\u1eaft k\u00e9o v\u00e0 c\u00e1c m\u00e1y m\u00f3c n\u1ec1n t\u1ea3ng ti\u1ebfp c\u1eadn kh\u00e1c. T\u1eadp trung v\u00e0o hi\u1ec7u su\u1ea5t truy\u1ec1n \u0111\u1ed9ng v\u00e0 \u0111\u1ed9 b\u1ec1n, b\u1ed9 gi\u1ea3m t\u1ed1c n\u00e0y \u0111\u1ea3m b\u1ea3o chuy\u1ec3n \u0111\u1ed9ng m\u01b0\u1ee3t m\u00e0, \u0111\u00e1ng tin c\u1eady v\u00e0 \u0111\u01b0\u1ee3c ki\u1ec3m so\u00e1t, ngay c\u1ea3 trong m\u00f4i tr\u01b0\u1eddng c\u00f4ng nghi\u1ec7p kh\u1eafc nghi\u1ec7t.<\/p>\n<p><strong>C\u00e1c t\u00ednh n\u0103ng ch\u00ednh:<\/strong> B\u1ed9 gi\u1ea3m t\u1ed1c s\u1eed d\u1ee5ng thi\u1ebft k\u1ebf ch\u1eafc ch\u1eafn v\u00e0 nh\u1ecf g\u1ecdn, t\u00edch h\u1ee3p c\u00f4ng ngh\u1ec7 b\u00e1nh r\u0103ng ti\u00ean ti\u1ebfn \u0111\u1ec3 cung c\u1ea5p m\u00f4-men xo\u1eafn cao \u0111\u1ed3ng th\u1eddi gi\u1ea3m thi\u1ec3u t\u1ed5n th\u1ea5t n\u0103ng l\u01b0\u1ee3ng. C\u01a1 c\u1ea5u b\u00e1nh r\u0103ng h\u00e0nh tinh \u0111\u1ea3m b\u1ea3o ph\u00e2n b\u1ed5 t\u1ea3i hi\u1ec7u qu\u1ea3, gi\u1ea3m hao m\u00f2n v\u00e0 k\u00e9o d\u00e0i tu\u1ed5i th\u1ecd h\u1ec7 th\u1ed1ng. \u0110\u01b0\u1ee3c thi\u1ebft k\u1ebf \u0111\u1ec3 d\u1ec5 d\u00e0ng t\u00edch h\u1ee3p, b\u1ed9 gi\u1ea3m t\u1ed1c t\u01b0\u01a1ng th\u00edch v\u1edbi nhi\u1ec1u m\u1eabu n\u1ec1n t\u1ea3ng ti\u1ebfp c\u1eadn kh\u00e1c nhau, mang l\u1ea1i s\u1ef1 linh ho\u1ea1t v\u00e0 l\u1eafp \u0111\u1eb7t li\u1ec1n m\u1ea1ch.<\/p>\n<p><strong>\u0110\u1ed9 b\u1ec1n v\u00e0 hi\u1ec7u su\u1ea5t:<\/strong> \u0110\u01b0\u1ee3c ch\u1ebf t\u1ea1o t\u1eeb v\u1eadt li\u1ec7u ch\u1ea5t l\u01b0\u1ee3ng cao, B\u1ed9 gi\u1ea3m t\u1ed1c b\u00e1nh xe \u0111\u01b0\u1ee3c thi\u1ebft k\u1ebf \u0111\u1ec3 ch\u1ecbu \u0111\u01b0\u1ee3c s\u1ef1 kh\u1eafc nghi\u1ec7t c\u1ee7a vi\u1ec7c s\u1eed d\u1ee5ng n\u1eb7ng nh\u1ecdc. N\u00f3 ho\u1ea1t \u0111\u1ed9ng tr\u01a1n tru v\u00e0 hi\u1ec7u qu\u1ea3 khi s\u1eed d\u1ee5ng li\u00ean t\u1ee5c, mang l\u1ea1i \u0111\u1ed9 b\u1ec1n v\u01b0\u1ee3t tr\u1ed9i v\u00e0 gi\u1ea3m nhu c\u1ea7u b\u1ea3o tr\u00ec th\u01b0\u1eddng xuy\u00ean. Thi\u1ebft k\u1ebf c\u1ee7a h\u1ed9p s\u1ed1 c\u0169ng \u0111\u1ea3m b\u1ea3o ho\u1ea1t \u0111\u1ed9ng \u00eam \u00e1i, l\u00fd t\u01b0\u1edfng cho c\u00e1c m\u00f4i tr\u01b0\u1eddng nh\u1ea1y c\u1ea3m v\u1edbi ti\u1ebfng \u1ed3n.<\/p>\n<p><strong>\u1ee8ng d\u1ee5ng \u0111a n\u0103ng:<\/strong> B\u1ed9 gi\u1ea3m t\u1ed1c n\u00e0y ho\u00e0n h\u1ea3o cho nhi\u1ec1u lo\u1ea1i m\u00e1y m\u00f3c n\u1ec1n t\u1ea3ng ti\u1ebfp c\u1eadn, bao g\u1ed3m xe n\u00e2ng c\u1eaft k\u00e9o, xe n\u00e2ng c\u1ea7n c\u1ea9u v\u00e0 c\u00e1c n\u1ec1n t\u1ea3ng di \u0111\u1ed9ng kh\u00e1c. M\u00f4-men xo\u1eafn v\u00e0 hi\u1ec7u su\u1ea5t cao c\u1ee7a n\u00f3 gi\u00fap n\u00f3 ph\u00f9 h\u1ee3p \u0111\u1ec3 s\u1eed d\u1ee5ng trong c\u00e1c \u1ee9ng d\u1ee5ng c\u00f4ng nghi\u1ec7p, x\u00e2y d\u1ef1ng v\u00e0 b\u1ea3o tr\u00ec, n\u01a1i \u0111\u1ed9 ch\u00ednh x\u00e1c, an to\u00e0n v\u00e0 hi\u1ec7u su\u1ea5t l\u00e0 t\u1ed1i quan tr\u1ecdng.<\/p>\n<p>B\u1ed9 gi\u1ea3m t\u1ed1c b\u00e1nh xe cho m\u00e1y m\u00f3c n\u1ec1n t\u1ea3ng ti\u1ebfp c\u1eadn l\u00e0 gi\u1ea3i ph\u00e1p \u0111\u00e1ng tin c\u1eady, hi\u1ec7u su\u1ea5t cao, gi\u00fap n\u00e2ng cao ch\u1ee9c n\u0103ng c\u1ee7a n\u1ec1n t\u1ea3ng ti\u1ebfp c\u1eadn. V\u1edbi hi\u1ec7u su\u1ea5t, \u0111\u1ed9 b\u1ec1n v\u01b0\u1ee3t tr\u1ed9i v\u00e0 kh\u1ea3 n\u0103ng t\u00edch h\u1ee3p d\u1ec5 d\u00e0ng, b\u1ed9 gi\u1ea3m t\u1ed1c \u0111\u1ea3m b\u1ea3o m\u00e1y m\u00f3c c\u1ee7a b\u1ea1n ho\u1ea1t \u0111\u1ed9ng \u1edf m\u1ee9c hi\u1ec7u su\u1ea5t t\u1ed1i \u01b0u, gi\u00fap c\u1ea3i thi\u1ec7n hi\u1ec7u qu\u1ea3 v\u1eadn h\u00e0nh v\u00e0 gi\u1ea3m chi ph\u00ed b\u1ea3o tr\u00ec.<\/p>\n<p><img loading=\"lazy\" decoding=\"async\" class=\"wp-image-3677 alignnone\" src=\"https:\/\/fmp-components.com\/wp-content\/uploads\/2025\/01\/0_wheel-drive-for-Access-Plateform-4.webp\" alt=\"0_b\u00e1nh-d\u1eabn-cho-Access-Plateform-4\" width=\"897\" height=\"601\" title=\"\" srcset=\"https:\/\/fmp-components.com\/wp-content\/uploads\/2025\/01\/0_wheel-drive-for-Access-Plateform-4.webp 897w, https:\/\/fmp-components.com\/wp-content\/uploads\/2025\/01\/0_wheel-drive-for-Access-Plateform-4-480x321.webp 480w\" sizes=\"(min-width: 0px) and (max-width: 480px) 480px, (min-width: 481px) 897px, 100vw\" \/><\/p>\n<h2>Kh\u1ea3 n\u0103ng t\u01b0\u01a1ng th\u00edch v\u1edbi c\u00e1c m\u00f4 h\u00ecnh n\u1ec1n t\u1ea3ng truy c\u1eadp ph\u1ed5 bi\u1ebfn<\/h2>\n<p>Trong \u1ee9ng d\u1ee5ng th\u1ef1c t\u1ebf, h\u1ed9p s\u1ed1 h\u00e0nh tinh d\u1eabn \u0111\u1ed9ng b\u00e1nh xe c\u1ee7a ch\u00fang t\u00f4i c\u00f3 th\u1ec3 t\u01b0\u01a1ng th\u00edch r\u1ed9ng r\u00e3i v\u1edbi nhi\u1ec1u th\u01b0\u01a1ng hi\u1ec7u v\u00e0 m\u1eabu m\u00e3 Access Platform n\u1ed5i ti\u1ebfng. Sau \u0111\u00e2y l\u00e0 m\u1ed9t s\u1ed1 v\u00ed d\u1ee5 ph\u1ed5 bi\u1ebfn:<\/p>\n<ul>\n<li>JLG Industries: V\u00ed d\u1ee5, xe n\u00e2ng ng\u01b0\u1eddi l\u00e0m vi\u1ec7c tr\u00ean cao d\u00f2ng JLG 600S v\u00e0 d\u00f2ng 800AJ.<\/li>\n<li>Genie: ch\u1eb3ng h\u1ea1n nh\u01b0 Genie S-65, SX-180 v\u00e0 c\u00e1c lo\u1ea1i xe n\u00e2ng ki\u1ec3u c\u1eaft k\u00e9o kh\u00e1c v\u00e0 xe l\u00e0m vi\u1ec7c tr\u00ean cao c\u00f3 c\u00e1nh tay th\u1eb3ng.<\/li>\n<li>Haulotte: bao g\u1ed3m d\u00f2ng xe n\u00e2ng tay th\u1eb3ng t\u1ef1 h\u00e0nh HAULOTTE Star, HA15IP ho\u1eb7c HA20PX.<\/li>\n<li>Skyjack: ch\u1eb3ng h\u1ea1n nh\u01b0 xe n\u00e2ng \u0111i\u1ec7n c\u1eaft k\u00e9o Skyjack SJIII 3219, SJII 4632, v.v.<\/li>\n<li>N\u1ec1n t\u1ea3ng l\u00e0m vi\u1ec7c tr\u00ean kh\u00f4ng Terex (AWP): bao g\u1ed3m n\u1ec1n t\u1ea3ng l\u00e0m vi\u1ec7c tr\u00ean cao c\u00f3 c\u1ea7n tr\u1ee5c \u1ed1ng l\u1ed3ng \u0111\u1ecba h\u00ecnh nh\u01b0 Genie TZ-50 ho\u1eb7c m\u1eabu m\u1edbi SX-135XC Pro.<\/li>\n<\/ul>\n<p><span style=\"color: #ff0000;\"><em><strong>L\u01b0u \u00fd: C\u00e1c th\u01b0\u01a1ng hi\u1ec7u \u0111\u01b0\u1ee3c \u0111\u1ec1 c\u1eadp trong b\u00e0i vi\u1ebft ch\u1ec9 nh\u1eb1m m\u1ee5c \u0111\u00edch thu\u1eadn ti\u1ec7n cho kh\u00e1ch h\u00e0ng l\u1ef1a ch\u1ecdn v\u00e0 thay th\u1ebf ph\u1ee5 ki\u1ec7n c\u1ee7a th\u01b0\u01a1ng hi\u1ec7u m\u00e1y n\u00f4ng nghi\u1ec7p t\u01b0\u01a1ng \u1ee9ng, ch\u00fang t\u00f4i kh\u00f4ng b\u00e1n s\u1ea3n ph\u1ea9m c\u1ee7a th\u01b0\u01a1ng hi\u1ec7u \u0111\u00f3.<\/strong><\/em><\/span><\/p>\n<h2>Gi\u1edbi thi\u1ec7u v\u1ec1 FMP<\/h2>\n<p>FMP l\u00e0 nh\u00e0 s\u1ea3n xu\u1ea5t h\u00e0ng \u0111\u1ea7u chuy\u00ean s\u1ea3n xu\u1ea5t \u0111a d\u1ea1ng c\u00e1c s\u1ea3n ph\u1ea9m truy\u1ec1n \u0111\u1ed9ng c\u01a1 kh\u00ed v\u00e0 th\u1ee7y l\u1ef1c. Chuy\u00ean m\u00f4n c\u1ee7a ch\u00fang t\u00f4i tr\u1ea3i r\u1ed9ng tr\u00ean nhi\u1ec1u danh m\u1ee5c s\u1ea3n ph\u1ea9m, bao g\u1ed3m h\u1ed9p s\u1ed1 h\u00e0nh tinh, b\u1ed9 gi\u1ea3m t\u1ed1c tr\u1ee5c v\u00edt, b\u1ed9 gi\u1ea3m t\u1ed1c b\u00e1nh r\u0103ng xo\u1eafn th\u1eb3ng h\u00e0ng, b\u1ed9 gi\u1ea3m t\u1ed1c b\u00e1nh r\u0103ng xo\u1eafn tr\u1ee5c song song, b\u1ed9 gi\u1ea3m t\u1ed1c b\u00e1nh r\u0103ng c\u00f4n xo\u1eafn, b\u1ed9 gi\u1ea3m t\u1ed1c b\u00e1nh r\u0103ng tr\u1ee5c v\u00edt, h\u1ed9p s\u1ed1 n\u00f4ng nghi\u1ec7p, h\u1ed9p s\u1ed1 m\u00e1y k\u00e9o, h\u1ed9p s\u1ed1 \u00f4 t\u00f4, tr\u1ee5c c\u00f4ng su\u1ea5t v\u00e0 c\u00e1c b\u1ed9 gi\u1ea3m t\u1ed1c chuy\u00ean d\u1ee5ng. Ngo\u00e0i ra, ch\u00fang t\u00f4i c\u00f2n cung c\u1ea5p danh m\u1ee5c \u0111\u1ea7y \u0111\u1ee7 c\u00e1c ph\u1ee5 t\u00f9ng b\u00e1nh r\u0103ng, nh\u00f4ng x\u00edch, h\u1ec7 th\u1ed1ng th\u1ee7y l\u1ef1c, b\u01a1m ch\u00e2n kh\u00f4ng, kh\u1edbp n\u1ed1i th\u1ee7y l\u1ef1c, thanh r\u0103ng, x\u00edch, puli \u0111\u1ecbnh th\u1eddi, h\u1ed9p s\u1ed1 UDL, puli \u0111ai ch\u1eef V, xi lanh th\u1ee7y l\u1ef1c, b\u01a1m b\u00e1nh r\u0103ng, m\u00e1y n\u00e9n kh\u00ed tr\u1ee5c v\u00edt v\u00e0 b\u1ed9 gi\u1ea3m t\u1ed1c tr\u1ee5c v\u00edt khe h\u1edf th\u1ea5p, c\u00f9ng nhi\u1ec1u s\u1ea3n ph\u1ea9m kh\u00e1c.<\/p>\n<p>T\u1ea1i FMP, ch\u00fang t\u00f4i hi\u1ec3u t\u1ea7m quan tr\u1ecdng c\u1ee7a vi\u1ec7c t\u00f9y ch\u1ec9nh trong vi\u1ec7c \u0111\u00e1p \u1ee9ng nhu c\u1ea7u ri\u00eang bi\u1ec7t c\u1ee7a kh\u00e1ch h\u00e0ng. Ch\u00fang t\u00f4i cung c\u1ea5p c\u00e1c gi\u1ea3i ph\u00e1p \u0111\u01b0\u1ee3c thi\u1ebft k\u1ebf ri\u00eang, bao g\u1ed3m h\u1ed9p s\u1ed1, \u0111\u1ed9ng c\u01a1 b\u00e1nh r\u0103ng, s\u1ea3n ph\u1ea9m th\u1ee7y l\u1ef1c v\u00e0 \u0111\u1ed9ng c\u01a1 t\u00f9y ch\u1ec9nh, d\u1ef1a tr\u00ean b\u1ea3n v\u1ebd v\u00e0 y\u00eau c\u1ea7u c\u1ee5 th\u1ec3 c\u1ee7a kh\u00e1ch h\u00e0ng. N\u0103ng l\u1ef1c s\u1ea3n xu\u1ea5t linh ho\u1ea1t c\u1ee7a ch\u00fang t\u00f4i cho ph\u00e9p ch\u00fang t\u00f4i cung c\u1ea5p c\u00e1c s\u1ea3n ph\u1ea9m ph\u00f9 h\u1ee3p ch\u00ednh x\u00e1c v\u1edbi t\u1eebng \u1ee9ng d\u1ee5ng, \u0111\u1ea3m b\u1ea3o hi\u1ec7u su\u1ea5t v\u00e0 hi\u1ec7u qu\u1ea3 t\u1ed1i \u01b0u.<\/p>\n<p><strong>Cam k\u1ebft v\u1ec1 ch\u1ea5t l\u01b0\u1ee3ng v\u00e0 \u0111\u1ed5i m\u1edbi<\/strong><\/p>\n<p>Ch\u00fang t\u00f4i \u01b0u ti\u00ean ch\u1ea5t l\u01b0\u1ee3ng v\u00e0 \u0111\u1ed9 tin c\u1eady c\u1ee7a s\u1ea3n ph\u1ea9m, \u0111\u01b0\u1ee3c h\u1ed7 tr\u1ee3 b\u1edfi thi\u1ebft b\u1ecb ki\u1ec3m tra v\u00e0 th\u1eed nghi\u1ec7m ti\u00ean ti\u1ebfn. \u0110\u1ed9i ng\u0169 k\u1ef9 thu\u1eadt chuy\u00ean nghi\u1ec7p c\u1ee7a ch\u00fang t\u00f4i, k\u1ebft h\u1ee3p v\u1edbi c\u00f4ng ngh\u1ec7 x\u1eed l\u00fd hi\u1ec7n \u0111\u1ea1i v\u00e0 h\u1ec7 th\u1ed1ng ki\u1ec3m so\u00e1t ch\u1eb7t ch\u1ebd, \u0111\u1ea3m b\u1ea3o m\u1ecdi s\u1ea3n ph\u1ea9m \u0111\u1ec1u \u0111\u00e1p \u1ee9ng c\u00e1c ti\u00eau chu\u1ea9n cao nh\u1ea5t c\u1ee7a ng\u00e0nh. D\u00f9 l\u00e0 thi\u1ebft b\u1ecb ti\u00eau chu\u1ea9n hay gi\u1ea3i ph\u00e1p thi\u1ebft k\u1ebf ri\u00eang, FMP lu\u00f4n cam k\u1ebft cung c\u1ea5p c\u00e1c s\u1ea3n ph\u1ea9m \u0111\u1eb7c bi\u1ec7t, mang l\u1ea1i hi\u1ec7u su\u1ea5t v\u01b0\u1ee3t tr\u1ed9i trong c\u00e1c \u1ee9ng d\u1ee5ng kh\u1eaft khe.<\/p>\n<p>Trong nh\u1eefng n\u0103m g\u1ea7n \u0111\u00e2y, FMP \u0111\u00e3 c\u00f3 s\u1ef1 t\u0103ng tr\u01b0\u1edfng nhanh ch\u00f3ng nh\u1edd kinh nghi\u1ec7m s\u1ea3n xu\u1ea5t phong ph\u00fa, h\u1ec7 th\u1ed1ng qu\u1ea3n l\u00fd ti\u00ean ti\u1ebfn v\u00e0 n\u0103ng l\u1ef1c k\u1ef9 thu\u1eadt m\u1ea1nh m\u1ebd. Ch\u00fang t\u00f4i ki\u00ean tr\u00ec tri\u1ebft l\u00fd \u201ct\u1ed3n t\u1ea1i b\u1eb1ng ch\u1ea5t l\u01b0\u1ee3ng v\u00e0 ph\u00e1t tri\u1ec3n b\u1eb1ng \u0111\u1ed5i m\u1edbi khoa h\u1ecdc c\u00f4ng ngh\u1ec7\u201d, \u0111\u00e2y ch\u00ednh l\u00e0 n\u1ec1n t\u1ea3ng cho th\u00e0nh c\u00f4ng c\u1ee7a ch\u00fang t\u00f4i.<\/p>\n<p><strong>M\u1ed9t c\u00e1ch ti\u1ebfp c\u1eadn h\u1ee3p t\u00e1c<\/strong><\/p>\n<p>FMP cam k\u1ebft h\u1ee3p t\u00e1c ch\u1eb7t ch\u1ebd v\u1edbi kh\u00e1ch h\u00e0ng \u0111\u1ec3 ph\u00e1t tri\u1ec3n c\u00e1c gi\u1ea3i ph\u00e1p s\u00e1ng t\u1ea1o v\u00e0 x\u00e2y d\u1ef1ng m\u1ed1i quan h\u1ec7 \u0111\u1ed1i t\u00e1c l\u00e2u d\u00e0i. M\u1ee5c ti\u00eau c\u1ee7a ch\u00fang t\u00f4i l\u00e0 cung c\u1ea5p c\u00e1c s\u1ea3n ph\u1ea9m v\u00e0 d\u1ecbch v\u1ee5 v\u01b0\u1ee3t tr\u1ed9i, kh\u00f4ng ch\u1ec9 \u0111\u00e1p \u1ee9ng m\u00e0 c\u00f2n v\u01b0\u1ee3t xa mong \u0111\u1ee3i c\u1ee7a kh\u00e1ch h\u00e0ng. Ch\u00fang t\u00f4i mong mu\u1ed1n \u0111\u01b0\u1ee3c h\u1ee3p t\u00e1c v\u1edbi b\u1ea1n \u0111\u1ec3 c\u00f9ng nhau \u0111\u1ea1t \u0111\u01b0\u1ee3c th\u00e0nh c\u00f4ng v\u00e0 t\u1ea1o n\u00ean nh\u1eefng \u0111i\u1ec1u tuy\u1ec7t v\u1eddi.<\/p>\n<p>T\u1eadp trung v\u00e0o \u0111\u1ed9 ch\u00ednh x\u00e1c, \u0111\u1ed9 tin c\u1eady v\u00e0 d\u1ecbch v\u1ee5 t\u00f9y ch\u1ec9nh, FMP l\u00e0 \u0111\u1ed1i t\u00e1c \u0111\u00e1ng tin c\u1eady m\u00e0 b\u1ea1n c\u00f3 th\u1ec3 tin t\u01b0\u1edfng cho nhu c\u1ea7u truy\u1ec1n \u0111\u1ed9ng c\u01a1 kh\u00ed v\u00e0 th\u1ee7y l\u1ef1c c\u1ee7a m\u00ecnh.<\/p>\n<p><img loading=\"lazy\" decoding=\"async\" class=\"alignnone size-full wp-image-3678\" src=\"https:\/\/fmp-components.com\/wp-content\/uploads\/2025\/01\/worm-gearbox-factory1.webp\" alt=\"nh\u00e0 m\u00e1y h\u1ed9p s\u1ed1 tr\u1ee5c v\u00edt\" width=\"1024\" height=\"888\" title=\"\" srcset=\"https:\/\/fmp-components.com\/wp-content\/uploads\/2025\/01\/worm-gearbox-factory1.webp 1024w, https:\/\/fmp-components.com\/wp-content\/uploads\/2025\/01\/worm-gearbox-factory1-980x850.webp 980w, https:\/\/fmp-components.com\/wp-content\/uploads\/2025\/01\/worm-gearbox-factory1-480x416.webp 480w\" sizes=\"(min-width: 0px) and (max-width: 480px) 480px, (min-width: 481px) and (max-width: 980px) 980px, (min-width: 981px) 1024px, 100vw\" \/><\/p>\n<p>T\u00e1c gi\u1ea3: CX<\/p>\n<\/div>\n<\/div>\n<\/div>\n<\/div>\n<\/div>\n<\/div>","protected":false},"excerpt":{"rendered":"<p>Wheel Drive Planetary Gearbox Reducer for Access Platform The Wheel Drive Planetary Gearbox Reducer for Access Platforms is a high-performance gear reduction system specifically designed for use in aerial work platforms (AWP), scissor lifts, boom lifts, and other access platforms. Engineered for reliability, efficiency, and durability, this gearbox is an essential component for ensuring smooth [&hellip;]<\/p>","protected":false},"featured_media":3680,"comment_status":"open","ping_status":"closed","template":"","meta":{"_et_pb_use_builder":"","_et_pb_old_content":"","_et_gb_content_width":""},"product_brand":[],"product_cat":[90],"product_tag":[],"class_list":{"0":"post-3674","1":"product","2":"type-product","3":"status-publish","4":"has-post-thumbnail","6":"product_cat-planetary-gearbox","8":"first","9":"instock","10":"shipping-taxable","11":"product-type-simple"},"_links":{"self":[{"href":"https:\/\/fmp-components.com\/vi\/wp-json\/wp\/v2\/product\/3674","targetHints":{"allow":["GET"]}}],"collection":[{"href":"https:\/\/fmp-components.com\/vi\/wp-json\/wp\/v2\/product"}],"about":[{"href":"https:\/\/fmp-components.com\/vi\/wp-json\/wp\/v2\/types\/product"}],"replies":[{"embeddable":true,"href":"https:\/\/fmp-components.com\/vi\/wp-json\/wp\/v2\/comments?post=3674"}],"wp:featuredmedia":[{"embeddable":true,"href":"https:\/\/fmp-components.com\/vi\/wp-json\/wp\/v2\/media\/3680"}],"wp:attachment":[{"href":"https:\/\/fmp-components.com\/vi\/wp-json\/wp\/v2\/media?parent=3674"}],"wp:term":[{"taxonomy":"product_brand","embeddable":true,"href":"https:\/\/fmp-components.com\/vi\/wp-json\/wp\/v2\/product_brand?post=3674"},{"taxonomy":"product_cat","embeddable":true,"href":"https:\/\/fmp-components.com\/vi\/wp-json\/wp\/v2\/product_cat?post=3674"},{"taxonomy":"product_tag","embeddable":true,"href":"https:\/\/fmp-components.com\/vi\/wp-json\/wp\/v2\/product_tag?post=3674"}],"curies":[{"name":"wp","href":"https:\/\/api.w.org\/{rel}","templated":true}]}}