{"id":3668,"date":"2025-01-09T03:46:28","date_gmt":"2025-01-09T03:46:28","guid":{"rendered":"https:\/\/fmp-components.com\/?page_id=8"},"modified":"2025-01-09T03:46:29","modified_gmt":"2025-01-09T03:46:29","slug":"spindle-motor-used-for-cnc-spindle-jszd202-2","status":"publish","type":"product","link":"https:\/\/fmp-components.com\/vi\/product\/spindle-motor-used-for-cnc-spindle-jszd202-2\/","title":{"rendered":"\u0110\u1ed9ng c\u01a1 tr\u1ee5c ch\u00ednh \u0111\u01b0\u1ee3c s\u1eed d\u1ee5ng cho tr\u1ee5c ch\u00ednh CNC JSZD202"},"content":{"rendered":"<p><img loading=\"lazy\" decoding=\"async\" class=\"alignnone size-full wp-image-3671\" src=\"https:\/\/fmp-components.com\/wp-content\/uploads\/2025\/01\/spindle-motor-for-cnc-spindle-jszd202-2-1.webp\" alt=\"\u0111\u1ed9ng c\u01a1 tr\u1ee5c ch\u00ednh cho tr\u1ee5c ch\u00ednh cnc jszd202-2 (1)\" width=\"1104\" height=\"642\" title=\"\" srcset=\"https:\/\/fmp-components.com\/wp-content\/uploads\/2025\/01\/spindle-motor-for-cnc-spindle-jszd202-2-1.webp 1104w, https:\/\/fmp-components.com\/wp-content\/uploads\/2025\/01\/spindle-motor-for-cnc-spindle-jszd202-2-1-980x570.webp 980w, https:\/\/fmp-components.com\/wp-content\/uploads\/2025\/01\/spindle-motor-for-cnc-spindle-jszd202-2-1-480x279.webp 480w\" sizes=\"(min-width: 0px) and (max-width: 480px) 480px, (min-width: 481px) and (max-width: 980px) 980px, (min-width: 981px) 1104px, 100vw\" \/><\/p>\n<p><img loading=\"lazy\" decoding=\"async\" class=\"alignnone size-full wp-image-3672\" src=\"https:\/\/fmp-components.com\/wp-content\/uploads\/2025\/01\/spindle-motor-for-cnc-spindle-jszd202-3-1.webp\" alt=\"\u0111\u1ed9ng c\u01a1 tr\u1ee5c ch\u00ednh cho tr\u1ee5c ch\u00ednh cnc jszd202-3 (1)\" width=\"1115\" height=\"450\" title=\"\" srcset=\"https:\/\/fmp-components.com\/wp-content\/uploads\/2025\/01\/spindle-motor-for-cnc-spindle-jszd202-3-1.webp 1115w, https:\/\/fmp-components.com\/wp-content\/uploads\/2025\/01\/spindle-motor-for-cnc-spindle-jszd202-3-1-980x396.webp 980w, https:\/\/fmp-components.com\/wp-content\/uploads\/2025\/01\/spindle-motor-for-cnc-spindle-jszd202-3-1-480x194.webp 480w\" sizes=\"(min-width: 0px) and (max-width: 480px) 480px, (min-width: 481px) and (max-width: 980px) 980px, (min-width: 981px) 1115px, 100vw\" \/><\/p>\n<h2>C\u00f3 hai c\u00e1ch \u0111\u1ec3 c\u00f3 \u0111\u1ea7u ra: M\u1ed9t l\u00e0 m\u00f4-men xo\u1eafn kh\u00f4ng \u0111\u1ed5i v\u00e0 hai l\u00e0 c\u00f4ng su\u1ea5t kh\u00f4ng \u0111\u1ed5i nh\u01b0 sau:<\/h2>\n<p><img loading=\"lazy\" decoding=\"async\" class=\"alignnone size-full wp-image-3573\" src=\"https:\/\/fmp-components.com\/wp-content\/uploads\/2025\/01\/spindle-motor-1.webp\" alt=\"\u0111\u1ed9ng c\u01a1 tr\u1ee5c ch\u00ednh-1\" width=\"973\" height=\"551\" title=\"\" srcset=\"https:\/\/fmp-components.com\/wp-content\/uploads\/2025\/01\/spindle-motor-1.webp 973w, https:\/\/fmp-components.com\/wp-content\/uploads\/2025\/01\/spindle-motor-1-480x272.webp 480w\" sizes=\"(min-width: 0px) and (max-width: 480px) 480px, (min-width: 481px) 973px, 100vw\" \/><\/p>\n<h2>Gi\u1ea3i th\u00edch v\u1ec1 danh ph\u00e1p c\u1ee7a tr\u1ee5c ch\u00ednh \u0111\u1ed9ng c\u01a1<\/h2>\n<p><img loading=\"lazy\" decoding=\"async\" class=\"alignnone size-full wp-image-3574\" src=\"https:\/\/fmp-components.com\/wp-content\/uploads\/2025\/01\/spindle-motor-2.webp\" alt=\"\u0111\u1ed9ng c\u01a1 tr\u1ee5c ch\u00ednh-2\" width=\"666\" height=\"351\" title=\"\" srcset=\"https:\/\/fmp-components.com\/wp-content\/uploads\/2025\/01\/spindle-motor-2.webp 666w, https:\/\/fmp-components.com\/wp-content\/uploads\/2025\/01\/spindle-motor-2-480x253.webp 480w\" sizes=\"(min-width: 0px) and (max-width: 480px) 480px, (min-width: 481px) 666px, 100vw\" \/><\/p>\n<h2>K\u1ebft th\u00fac c\u1ee7a k\u1ebft n\u1ed1i tr\u1ee5c ch\u00ednh<\/h2>\n<p>C\u00f3 nhi\u1ec1u lo\u1ea1i k\u1ebft n\u1ed1i kh\u00e1c nhau, t\u00f9y thu\u1ed9c v\u00e0o t\u1eebng m\u1eabu tr\u1ee5c ch\u00ednh, vui l\u00f2ng tham kh\u1ea3o b\u1ea3ng d\u01b0\u1edbi \u0111\u00e2y.<\/p>\n<p><img loading=\"lazy\" decoding=\"async\" class=\"alignnone wp-image-3575\" src=\"https:\/\/fmp-components.com\/wp-content\/uploads\/2025\/01\/spindle-motor-3.webp\" alt=\"\u0111\u1ed9ng c\u01a1 tr\u1ee5c ch\u00ednh-\" width=\"885\" height=\"231\" title=\"\" srcset=\"https:\/\/fmp-components.com\/wp-content\/uploads\/2025\/01\/spindle-motor-3.webp 885w, https:\/\/fmp-components.com\/wp-content\/uploads\/2025\/01\/spindle-motor-3-480x125.webp 480w\" sizes=\"(min-width: 0px) and (max-width: 480px) 480px, (min-width: 481px) 885px, 100vw\" \/><\/p>\n<h2>H\u01b0\u1edbng d\u1eabn s\u1eed d\u1ee5ng tr\u1ee5c ch\u00ednh<\/h2>\n<div><span id=\"spin1\">1<\/span>. B\u1ed9 bi\u1ebfn t\u1ea7n\u00a0<span id=\"spin2\">ph\u1ea3i<\/span>\u00a0ph\u00f9 h\u1ee3p v\u1edbi\u00a0<span id=\"spin3\">\u0111i\u1ec7n<\/span>\u00a0\u0111\u01a1n v\u1ecb tr\u1ee5c ch\u00ednh. C\u00e1c\u00a0<span id=\"spin4\">n\u1ec1n t\u1ea3ng<\/span>\u00a0T\u00ednh th\u01b0\u1eddng xuy\u00ean\u00a0<span id=\"spin5\">ho\u1eb7c th\u1eadm ch\u00ed<\/span>\u00a0t\u1ea7n s\u1ed1 danh ngh\u0129a\u00a0<span id=\"spin6\">c\u0169ng nh\u01b0<\/span>\u00a0\u0111i\u1ec7n \u00e1p\u00a0<span id=\"spin7\">s\u1ebd ph\u1ea3i<\/span>\u00a0\u0111\u00e1p \u1ee9ng c\u00e1c th\u00f4ng s\u1ed1 k\u1ef9 thu\u1eadt\u00a0<span id=\"spin8\">c\u1ee7a<\/span>\u00a0<span id=\"spin9\">\u0111i\u1ec7n<\/span>\u00a0con quay.<br \/>\n<span id=\"spin10\">2<\/span>.\u00a0<span id=\"spin11\">\u0110i\u1ec7n<\/span>\u00a0con quay\u00a0<span id=\"spin12\">n\u00f3i chung l\u00e0<\/span>\u00a0l\u00e0m m\u00e1t b\u1eb1ng n\u01b0\u1edbc tu\u1ea7n ho\u00e0n. N\u01b0\u1edbc l\u00e0m m\u00e1t\u00a0<span id=\"spin13\">c\u1ea7n ph\u1ea3i l\u00e0<\/span>\u00a0ch\u1ed1ng g\u1ec9 v\u00e0 l\u1ecdc s\u1ea1ch. Khi\u00a0<span id=\"spin14\">thu th\u1eadp<\/span>\u00a0n\u01b0\u1edbc, c\u1eeda v\u00e0o\u00a0<span id=\"spin15\">ph\u1ea3i l\u00e0<\/span>\u00a0<span id=\"spin16\">d\u01b0\u1edbi<\/span>\u00a0c\u00e1i\u00a0<span id=\"spin17\">\u0111i\u1ec7n<\/span>\u00a0con quay.<br \/>\n<span id=\"spin18\">ba<\/span>. Khi\u00a0<span id=\"spin19\">l\u00e0m vi\u1ec7c v\u1edbi<\/span>\u00a0m\u1ed9t tr\u1ee5c ch\u00ednh \u0111\u01b0\u1ee3c b\u00f4i tr\u01a1n b\u1eb1ng s\u01b0\u01a1ng d\u1ea7u,\u00a0<span id=\"spin20\">nh\u1ea5n m\u1ea1nh<\/span>\u00a0van \u0111i\u1ec1u ch\u1ec9nh\u00a0<span id=\"spin21\">tr\u00ean<\/span>\u00a0s\u01b0\u01a1ng d\u1ea7u\u00a0<span id=\"spin22\">ti\u1ec7n \u00edch<\/span>\u00a0<span id=\"spin23\">n\u00ean l\u00e0<\/span>\u00a0\u0111i\u1ec1u ch\u1ec9nh \u0111\u1ebfn 0,25~0,3 MPA s\u01b0\u01a1ng m\u00f9\u00a0<span id=\"spin25\">\u00e1p l\u1ef1c<\/span>\u00a0<span id=\"spin26\">n\u00ean l\u00e0<\/span>\u00a00,1~0,2MPA\u00a0<span id=\"spin28\">v\u00e0<\/span>\u00a0<span id=\"spin29\">s\u1ef1 \u0111a d\u1ea1ng c\u1ee7a<\/span>\u00a0nh\u1eefng gi\u1ecdt d\u1ea7u\u00a0<span id=\"spin30\">ph\u1ea3i l\u00e0<\/span>\u00a060-70 gi\u1ecdt\/ph\u00fat.\u00a0<span id=\"spin31\">v\u00e0 c\u0169ng nh\u01b0<\/span>\u00a0d\u1ea7u b\u00f4i tr\u01a1n\u00a0<span id=\"spin32\">n\u00ean l\u00e0<\/span>\u00a0d\u1ea7u chu\u00f4ng ho\u1eb7c d\u1ea7u tua bin s\u1ed1\u00a0<span id=\"spin33\">20<\/span>.<br \/>\n<span id=\"spin34\">b\u1ed1n<\/span>. C\u00e1c\u00a0<span id=\"spin35\">v\u1eadn t\u1ed1c<\/span>\u00a0<span id=\"spin36\">xung quanh<\/span>\u00a0tr\u1ee5c ch\u00ednh c\u00f3 \u0111\u1ed9ng c\u01a1\u00a0<span id=\"spin37\">h\u01b0\u1edbng d\u1eabn<\/span>\u00a0<span id=\"spin38\">ch\u1eafc ch\u1eafn l\u00e0<\/span>\u00a0cao nh\u1ea5t\u00a0<span id=\"spin39\">v\u1eadn t\u1ed1c<\/span>, V\u00e0\u00a0<span id=\"spin40\">n\u00f3 c\u00f3 th\u1ec3<\/span>\u00a0kh\u00f4ng \u0111\u01b0\u1ee3c\u00a0<span id=\"spin41\">cao<\/span>,\u00a0<span id=\"spin42\">tuy nhi\u00ean, n\u00f3<\/span>\u00a0<span id=\"spin43\">C\u00f3 l\u1ebd<\/span>\u00a0<span id=\"spin44\">\u0111\u01b0\u1ee3c tuy\u1ec3n d\u1ee5ng<\/span>\u00a0<span id=\"spin45\">\u0111\u1ec3 gi\u1ea3m<\/span><br \/>\nc\u00e1i\u00a0<span id=\"spin46\">nh\u1ecbp \u0111\u1ed9,<\/span>\u00a0\u0111i\u1ec7n \u00e1p v\u00e0 t\u1ea7n s\u1ed1 l\u00e0\u00a0<span id=\"spin47\">gi\u1ea3m<\/span>\u00a0<span id=\"spin48\">m\u1ed9t khi<\/span>\u00a0<span id=\"spin49\">t\u1ed1c \u0111\u1ed9<\/span>\u00a0\u0111\u01b0\u1ee3c h\u1ea1 xu\u1ed1ng.<br \/>\n<span id=\"spin50\">5<\/span>. S\u1ef1 quay v\u00f2ng\u00a0<span id=\"spin51\">kh\u00f3a h\u1ecdc<\/span>\u00a0<span id=\"spin52\">v\u1edbi<\/span>\u00a0tr\u1ee5c ch\u00ednh c\u00f3 \u0111\u1ed9ng c\u01a1\u00a0<span id=\"spin53\">th\u01b0\u1eddng l\u00e0<\/span>\u00a0ng\u01b0\u1ee3c chi\u1ec1u kim \u0111\u1ed3ng h\u1ed3 (xem\u00a0<span id=\"spin54\">trong<\/span>\u00a0tr\u1ee5c). ngo\u1ea1i tr\u1eeb\u00a0<span id=\"spin55\">lo\u1ea1i tr\u1eeb<\/span><br \/>\n<span id=\"spin56\">y\u00eau c\u1ea7u<\/span>.<br \/>\n<span id=\"spin57\">6<\/span>. Tr\u1ee5c ch\u00ednh \u0111\u01b0\u1ee3c b\u00f4i tr\u01a1n b\u1eb1ng s\u01b0\u01a1ng d\u1ea7u\u00a0<span id=\"spin58\">ph\u1ea3i l\u00e0<\/span>\u00a0<span id=\"spin59\">li\u00ean k\u1ebft<\/span>\u00a0v\u1edbi n\u01b0\u1edbc v\u00e0\u00a0<span id=\"spin60\">x\u0103ng<\/span>\u00a0<span id=\"spin61\">tr\u01b0\u1edbc khi<\/span>\u00a0<span id=\"spin62\">n\u00f3 c\u00f3 th\u1ec3 c\u00f3 kh\u1ea3 n\u0103ng<\/span>\u00a0<span id=\"spin63\">b\u1eaft \u0111\u1ea7u<\/span>\u00a0V\u00e0\u00a0<span id=\"spin64\">ng\u01b0ng<\/span>\u00a0n\u01b0\u1edbc v\u00e0\u00a0<span id=\"spin65\">nhi\u00ean li\u1ec7u\u00a0<\/span><span id=\"spin66\">cung c\u1ea5p<\/span>\u00a0<span id=\"spin67\">sau \u0111\u00f3<\/span>\u00a0t\u1eaft m\u00e1y.<br \/>\nGi\u1ea3i th\u00edch:\u00a0<span id=\"spin68\">\u0111\u1ed9c nh\u1ea5t<\/span>\u00a0ho\u1ea1t \u0111\u1ed9ng\u00a0<span id=\"spin69\">l\u00e0 b\u1eaft bu\u1ed9c<\/span>\u00a0<span id=\"spin70\">theo<\/span>\u00a0<span id=\"spin71\">\u0111\u1ebfn<\/span>\u00a0<span id=\"spin72\">\u0111i\u1ec7n<\/span>\u00a0con quay\u00a0<span id=\"spin73\">h\u01b0\u1edbng d\u1eabn<\/span>.<\/div>\n<div>\n<div class=\"flex max-w-full flex-col flex-grow\">\n<div class=\"min-h-8 text-message flex w-full flex-col items-end gap-2 whitespace-normal break-words text-start [.text-message+&amp;]:mt-5\" dir=\"auto\" data-message-author-role=\"assistant\" data-message-id=\"fbdee532-4424-41b2-a093-d85f55f880e4\" data-message-model-slug=\"gpt-4o-mini\">\n<div class=\"flex w-full flex-col gap-1 empty:hidden first:pt-[3px]\">\n<div class=\"markdown prose w-full break-words dark:prose-invert light\">\n<h2>Gi\u1edbi thi\u1ec7u v\u1ec1 FMP<\/h2>\n<p>FMP l\u00e0 nh\u00e0 s\u1ea3n xu\u1ea5t h\u00e0ng \u0111\u1ea7u chuy\u00ean v\u1ec1 linh ki\u1ec7n c\u01a1 kh\u00ed, bao g\u1ed3m b\u1ed9 gi\u1ea3m t\u1ed1c b\u00e1nh r\u0103ng tr\u1ee5c v\u00edt, b\u00e1nh r\u0103ng c\u00f4n, b\u1ea1c \u0111\u1ea1n c\u00f4n, thanh r\u0103ng, kh\u1edbp n\u1ed1i v\u00e0 c\u00e1c b\u1ed9 ph\u1eadn truy\u1ec1n \u0111\u1ed9ng kh\u00e1c. V\u1edbi tr\u1ecdng t\u00e2m xu\u1ea5t kh\u1ea9u m\u1ea1nh m\u1ebd, h\u01a1n 651 t\u1ea5n s\u1ea3n ph\u1ea9m c\u1ee7a ch\u00fang t\u00f4i \u0111\u01b0\u1ee3c xu\u1ea5t kh\u1ea9u sang c\u00e1c th\u1ecb tr\u01b0\u1eddng ch\u00e2u \u00c2u nh\u01b0 \u0110\u1ee9c, Anh v\u00e0 Ph\u00e1p, t\u1ea1o ra gi\u00e1 tr\u1ecb xu\u1ea5t kh\u1ea9u h\u00e0ng n\u0103m l\u00e0 1,5 tri\u1ec7u t\u1ea5n. T\u1ed5ng gi\u00e1 tr\u1ecb s\u1ea3n xu\u1ea5t h\u00e0ng n\u0103m c\u1ee7a ch\u00fang t\u00f4i \u0111\u1ea1t 200 tri\u1ec7u nh\u00e2n d\u00e2n t\u1ec7.<\/p>\n<p>T\u1ea5t c\u1ea3 s\u1ea3n ph\u1ea9m c\u1ee7a FMP \u0111\u1ec1u \u0111\u01b0\u1ee3c thi\u1ebft k\u1ebf v\u00e0 s\u1ea3n xu\u1ea5t theo ti\u00eau chu\u1ea9n c\u00f4ng nghi\u1ec7p qu\u1ed1c t\u1ebf, ch\u00e2u \u00c2u v\u00e0 Hoa K\u1ef3. Ch\u00fang t\u00f4i s\u1eed d\u1ee5ng thi\u1ebft b\u1ecb gia c\u00f4ng ch\u00ednh x\u00e1c ti\u00ean ti\u1ebfn, tu\u00e2n th\u1ee7 quy tr\u00ecnh s\u1ea3n xu\u1ea5t t\u1ed1i \u01b0u v\u00e0 duy tr\u00ec h\u1ec7 th\u1ed1ng qu\u1ea3n l\u00fd linh ho\u1ea1t, hi\u1ec7u qu\u1ea3. H\u1ec7 th\u1ed1ng qu\u1ea3n l\u00fd ch\u1ea5t l\u01b0\u1ee3ng m\u1ea1nh m\u1ebd c\u1ee7a ch\u00fang t\u00f4i \u0111\u1ea3m b\u1ea3o ti\u00eau chu\u1ea9n s\u1ea3n ph\u1ea9m cao trong khi v\u1eabn gi\u1eef gi\u00e1 c\u1ea3 c\u1ea1nh tranh.<\/p>\n<p>T\u1ea1i FMP, ch\u00fang t\u00f4i duy tr\u00ec c\u00e1c gi\u00e1 tr\u1ecb c\u1ed1t l\u00f5i \u201cCh\u1ea5t l\u01b0\u1ee3ng: n\u1ec1n t\u1ea3ng c\u1ee7a s\u1ef1 b\u1ec1n v\u1eefng trong kinh doanh; Ch\u00ednh tr\u1ef1c: \u0111\u1ed9ng l\u1ef1c t\u0103ng tr\u01b0\u1edfng kinh doanh; D\u1ecbch v\u1ee5: n\u1ec1n t\u1ea3ng c\u1ee7a s\u1ef1 ph\u00e1t tri\u1ec3n; v\u00e0 Gi\u00e1 c\u1ea3 ph\u1ea3i ch\u0103ng: ch\u00eca kh\u00f3a th\u00e0nh c\u00f4ng\u201d. Ch\u00fang t\u00f4i hoan ngh\u00eanh s\u1ef1 h\u1ee3p t\u00e1c v\u1edbi c\u1ea3 kh\u00e1ch h\u00e0ng trong n\u01b0\u1edbc v\u00e0 qu\u1ed1c t\u1ebf v\u00e0 cam k\u1ebft th\u00fac \u0111\u1ea9y s\u1ef1 t\u0103ng tr\u01b0\u1edfng v\u00e0 th\u00e0nh c\u00f4ng chung.<\/p>\n<\/div>\n<\/div>\n<\/div>\n<\/div>\n<p><img loading=\"lazy\" decoding=\"async\" class=\"alignnone wp-image-3563\" src=\"https:\/\/fmp-components.com\/wp-content\/uploads\/2025\/01\/company-2.webp\" alt=\"c\u00f4ng ty\" width=\"873\" height=\"790\" title=\"\" srcset=\"https:\/\/fmp-components.com\/wp-content\/uploads\/2025\/01\/company-2.webp 873w, https:\/\/fmp-components.com\/wp-content\/uploads\/2025\/01\/company-2-480x435.webp 480w\" sizes=\"(min-width: 0px) and (max-width: 480px) 480px, (min-width: 481px) 873px, 100vw\" \/> <img loading=\"lazy\" decoding=\"async\" class=\"alignnone wp-image-3564\" src=\"https:\/\/fmp-components.com\/wp-content\/uploads\/2025\/01\/company-3.webp\" alt=\"c\u00f4ng ty\" width=\"873\" height=\"776\" title=\"\" srcset=\"https:\/\/fmp-components.com\/wp-content\/uploads\/2025\/01\/company-3.webp 873w, https:\/\/fmp-components.com\/wp-content\/uploads\/2025\/01\/company-3-480x427.webp 480w\" sizes=\"(min-width: 0px) and (max-width: 480px) 480px, (min-width: 481px) 873px, 100vw\" \/> <img loading=\"lazy\" decoding=\"async\" class=\"alignnone wp-image-3565\" src=\"https:\/\/fmp-components.com\/wp-content\/uploads\/2025\/01\/company-1.webp\" alt=\"c\u00f4ng ty\" width=\"877\" height=\"225\" title=\"\" srcset=\"https:\/\/fmp-components.com\/wp-content\/uploads\/2025\/01\/company-1.webp 877w, https:\/\/fmp-components.com\/wp-content\/uploads\/2025\/01\/company-1-480x123.webp 480w\" sizes=\"(min-width: 0px) and (max-width: 480px) 480px, (min-width: 481px) 877px, 100vw\" \/><\/p>\n<p>T\u00e1c gi\u1ea3: CX<\/p>\n<\/div>","protected":false},"excerpt":{"rendered":"<p>There are Two Ways for the Output One is Constant Torque, and Another is Constant Power as Below: Nomenclature Explanation of Motor Spindle The End of the Spindle Connection Its have many different types of connection, depending on the different model spindle, please refer to the table below. Spindle Instruction 1. The frequency converter\u00a0has to\u00a0match [&hellip;]<\/p>","protected":false},"featured_media":3673,"comment_status":"open","ping_status":"closed","template":"","meta":{"_et_pb_use_builder":"","_et_pb_old_content":"","_et_gb_content_width":""},"product_brand":[],"product_cat":[89],"product_tag":[],"class_list":{"0":"post-3668","1":"product","2":"type-product","3":"status-publish","4":"has-post-thumbnail","6":"product_cat-spindle-motor","8":"first","9":"instock","10":"shipping-taxable","11":"product-type-simple"},"_links":{"self":[{"href":"https:\/\/fmp-components.com\/vi\/wp-json\/wp\/v2\/product\/3668","targetHints":{"allow":["GET"]}}],"collection":[{"href":"https:\/\/fmp-components.com\/vi\/wp-json\/wp\/v2\/product"}],"about":[{"href":"https:\/\/fmp-components.com\/vi\/wp-json\/wp\/v2\/types\/product"}],"replies":[{"embeddable":true,"href":"https:\/\/fmp-components.com\/vi\/wp-json\/wp\/v2\/comments?post=3668"}],"wp:featuredmedia":[{"embeddable":true,"href":"https:\/\/fmp-components.com\/vi\/wp-json\/wp\/v2\/media\/3673"}],"wp:attachment":[{"href":"https:\/\/fmp-components.com\/vi\/wp-json\/wp\/v2\/media?parent=3668"}],"wp:term":[{"taxonomy":"product_brand","embeddable":true,"href":"https:\/\/fmp-components.com\/vi\/wp-json\/wp\/v2\/product_brand?post=3668"},{"taxonomy":"product_cat","embeddable":true,"href":"https:\/\/fmp-components.com\/vi\/wp-json\/wp\/v2\/product_cat?post=3668"},{"taxonomy":"product_tag","embeddable":true,"href":"https:\/\/fmp-components.com\/vi\/wp-json\/wp\/v2\/product_tag?post=3668"}],"curies":[{"name":"wp","href":"https:\/\/api.w.org\/{rel}","templated":true}]}}