{"id":360,"date":"2024-12-09T08:28:19","date_gmt":"2024-12-09T08:28:19","guid":{"rendered":"https:\/\/fmp-components.com\/?page_id=8"},"modified":"2024-12-10T03:04:10","modified_gmt":"2024-12-10T03:04:10","slug":"boom-aerial-work-vehicle-lower-arm-hydraulic-cylinder","status":"publish","type":"product","link":"https:\/\/fmp-components.com\/vi\/product\/boom-aerial-work-vehicle-lower-arm-hydraulic-cylinder\/","title":{"rendered":"Xe n\u00e2ng ng\u01b0\u1eddi tr\u00ean cao Boom"},"content":{"rendered":"<p style=\"text-align: center;\"><span style=\"font-size: 18pt;\">Xe n\u00e2ng ng\u01b0\u1eddi tr\u00ean cao Boom<\/span><\/p>\n<p>Xi lanh th\u1ee7y l\u1ef1c tay d\u01b0\u1edbi c\u1ee7a xe n\u00e2ng ng\u01b0\u1eddi tr\u00ean cao Boom l\u00e0 m\u1ed9t b\u1ed9 ph\u1eadn quan tr\u1ecdng \u0111\u01b0\u1ee3c thi\u1ebft k\u1ebf \u0111\u1ec3 t\u1ed1i \u01b0u h\u00f3a hi\u1ec7u su\u1ea5t l\u00e0m vi\u1ec7c tr\u00ean kh\u00f4ng. Xi lanh th\u1ee7y l\u1ef1c n\u00e0y c\u00f3 nhi\u1ec7m v\u1ee5 cung c\u1ea5p l\u1ef1c n\u00e2ng v\u00e0 \u0111\u1ed9 \u1ed5n \u0111\u1ecbnh c\u1ea7n thi\u1ebft cho tay d\u01b0\u1edbi c\u1ee7a c\u1ea7n tr\u1ee5c, cho ph\u00e9p ng\u01b0\u1eddi v\u1eadn h\u00e0nh ti\u1ebfp c\u1eadn c\u00e1c khu v\u1ef1c l\u00e0m vi\u1ec7c tr\u00ean cao m\u1ed9t c\u00e1ch ch\u00ednh x\u00e1c v\u00e0 an to\u00e0n.<\/p>\n<h4>C\u00e1c t\u00ednh n\u0103ng ch\u00ednh:<\/h4>\n<ul>\n<li>K\u1ebft c\u1ea5u b\u1ec1n ch\u1eafc: \u0110\u01b0\u1ee3c l\u00e0m t\u1eeb v\u1eadt li\u1ec7u b\u1ec1n, xi lanh th\u1ee7y l\u1ef1c n\u00e0y \u0111\u01b0\u1ee3c thi\u1ebft k\u1ebf \u0111\u1ec3 ch\u1ecbu \u0111\u01b0\u1ee3c t\u1ea3i tr\u1ecdng l\u1edbn v\u00e0 \u0111i\u1ec1u ki\u1ec7n v\u1eadn h\u00e0nh kh\u1eafc nghi\u1ec7t, \u0111\u1ea3m b\u1ea3o hi\u1ec7u su\u1ea5t v\u00e0 \u0111\u1ed9 tin c\u1eady l\u00e2u d\u00e0i.<\/li>\n<li>Ho\u1ea1t \u0111\u1ed9ng th\u1ee7y l\u1ef1c tr\u01a1n tru: H\u1ec7 th\u1ed1ng th\u1ee7y l\u1ef1c ti\u00ean ti\u1ebfn cho ph\u00e9p n\u00e2ng v\u00e0 h\u1ea1 d\u1ec5 d\u00e0ng, cho ph\u00e9p ki\u1ec3m so\u00e1t ch\u00ednh x\u00e1c trong qu\u00e1 tr\u00ecnh v\u1eadn h\u00e0nh v\u00e0 gi\u1ea3m nguy c\u01a1 chuy\u1ec3n \u0111\u1ed9ng \u0111\u1ed9t ng\u1ed9t.<\/li>\n<li>\u0110\u1ed9 \u1ed5n \u0111\u1ecbnh \u0111\u01b0\u1ee3c c\u1ea3i thi\u1ec7n: Xi lanh n\u00e0y \u0111\u00f3ng vai tr\u00f2 quan tr\u1ecdng trong vi\u1ec7c duy tr\u00ec \u0111\u1ed9 \u1ed5n \u0111\u1ecbnh c\u1ee7a c\u1ea7n tr\u1ee5c, g\u00f3p ph\u1ea7n \u0111\u1ea3m b\u1ea3o an to\u00e0n h\u01a1n khi l\u00e0m vi\u1ec7c tr\u00ean cao.<\/li>\n<li>\u1ee8ng d\u1ee5ng \u0111a n\u0103ng: L\u00fd t\u01b0\u1edfng cho nhi\u1ec1u ng\u00e0nh c\u00f4ng nghi\u1ec7p, bao g\u1ed3m x\u00e2y d\u1ef1ng, b\u1ea3o tr\u00ec, ti\u1ec7n \u00edch v\u00e0 gi\u1ea3i tr\u00ed, xi lanh th\u1ee7y l\u1ef1c n\u00e0y h\u1ed7 tr\u1ee3 c\u00e1c nhi\u1ec7m v\u1ee5 nh\u01b0 l\u1eafp \u0111\u1eb7t \u0111\u1ed3 \u0111\u1ea1c, th\u1ef1c hi\u1ec7n s\u1eeda ch\u1eefa v\u00e0 ti\u1ebfn h\u00e0nh ki\u1ec3m tra.<\/li>\n<li>T\u00edch h\u1ee3p d\u1ec5 d\u00e0ng: \u0110\u01b0\u1ee3c thi\u1ebft k\u1ebf \u0111\u1ec3 l\u1eafp \u0111\u1eb7t \u0111\u01a1n gi\u1ea3n, xi lanh th\u1ee7y l\u1ef1c c\u00e1nh tay d\u01b0\u1edbi c\u00f3 th\u1ec3 \u0111\u01b0\u1ee3c t\u00edch h\u1ee3p li\u1ec1n m\u1ea1ch v\u00e0o c\u00e1c h\u1ec7 th\u1ed1ng n\u00e2ng c\u1ea7n c\u1ea9u hi\u1ec7n c\u00f3, gi\u1ea3m thi\u1ec3u th\u1eddi gian ch\u1ebft v\u00e0 t\u1ea1o \u0111i\u1ec1u ki\u1ec7n tri\u1ec3n khai nhanh ch\u00f3ng.<\/li>\n<\/ul>\n<h4>Nh\u1eefng l\u1ee3i \u00edch:<\/h4>\n<ul>\n<li>T\u0103ng n\u0103ng su\u1ea5t: Kh\u1ea3 n\u0103ng n\u00e2ng \u0111\u00e1ng tin c\u1eady c\u1ee7a xi lanh th\u1ee7y l\u1ef1c gi\u00fap t\u0103ng c\u01b0\u1eddng hi\u1ec7u qu\u1ea3 c\u1ee7a c\u00e1c nhi\u1ec7m v\u1ee5 tr\u00ean kh\u00f4ng, cho ph\u00e9p ng\u01b0\u1eddi v\u1eadn h\u00e0nh ho\u00e0n th\u00e0nh c\u00f4ng vi\u1ec7c nhanh h\u01a1n v\u00e0 hi\u1ec7u qu\u1ea3 h\u01a1n.<\/li>\n<li>S\u1ef1 t\u1ef1 tin c\u1ee7a ng\u01b0\u1eddi v\u1eadn h\u00e0nh: V\u1edbi thi\u1ebft k\u1ebf ch\u1eafc ch\u1eafn v\u00e0 ho\u1ea1t \u0111\u1ed9ng tr\u01a1n tru, xi lanh cho ph\u00e9p ng\u01b0\u1eddi v\u1eadn h\u00e0nh l\u00e0m vi\u1ec7c t\u1ef1 tin, gi\u1ea3m m\u1ec7t m\u1ecfi v\u00e0 t\u0103ng c\u01b0\u1eddng s\u1ef1 h\u00e0i l\u00f2ng trong c\u00f4ng vi\u1ec7c.<\/li>\n<li>Gi\u1ea3i ph\u00e1p ti\u1ebft ki\u1ec7m chi ph\u00ed: \u0110\u1ed9 b\u1ec1n v\u00e0 hi\u1ec7u qu\u1ea3 c\u1ee7a xi lanh th\u1ee7y l\u1ef1c gi\u00fap gi\u1ea3m chi ph\u00ed b\u1ea3o tr\u00ec v\u00e0 th\u1eddi gian ch\u1ebft, khi\u1ebfn \u0111\u00e2y tr\u1edf th\u00e0nh kho\u1ea3n \u0111\u1ea7u t\u01b0 th\u00f4ng minh cho b\u1ea5t k\u1ef3 \u0111\u1ed9i xe l\u00e0m vi\u1ec7c tr\u00ean kh\u00f4ng n\u00e0o.<\/li>\n<\/ul>\n<p>T\u00f3m l\u1ea1i, Xi lanh th\u1ee7y l\u1ef1c tay \u0111\u00f2n d\u01b0\u1edbi c\u1ee7a xe n\u00e2ng ng\u01b0\u1eddi Boom l\u00e0 m\u1ed9t th\u00e0nh ph\u1ea7n thi\u1ebft y\u1ebfu gi\u00fap n\u00e2ng cao ch\u1ee9c n\u0103ng, \u0111\u1ed9 an to\u00e0n v\u00e0 hi\u1ec7u qu\u1ea3 c\u1ee7a c\u00e1c thi\u1ebft b\u1ecb n\u00e2ng ng\u01b0\u1eddi. Hi\u1ec7u su\u1ea5t \u0111\u00e1ng tin c\u1eady c\u1ee7a n\u00f3 khi\u1ebfn n\u00f3 tr\u1edf th\u00e0nh thi\u1ebft b\u1ecb kh\u00f4ng th\u1ec3 thi\u1ebfu cho nhi\u1ec1u \u1ee9ng d\u1ee5ng, \u0111\u1ea3m b\u1ea3o ng\u01b0\u1eddi v\u1eadn h\u00e0nh c\u00f3 th\u1ec3 th\u1ef1c hi\u1ec7n c\u00f4ng vi\u1ec7c hi\u1ec7u qu\u1ea3 v\u00e0 an to\u00e0n tr\u00ean cao.<\/p>\n<h2>K\u00edch th\u01b0\u1edbc xi lanh th\u1ee7y l\u1ef1c c\u00e1nh tay d\u01b0\u1edbi c\u1ee7a xe n\u00e2ng ng\u01b0\u1eddi tr\u00ean cao:<\/h2>\n<table>\n<tbody>\n<tr>\n<td><img loading=\"lazy\" decoding=\"async\" class=\"size-large wp-image-316554 aligncenter\" src=\"https:\/\/hzpt.com\/wp-content\/uploads\/2023\/08\/Boom-Aerial-Work-Vehicle-Lower-Arm-Hydraulic-Cylinder-Dimensions-1-1024x379.webp\" sizes=\"(min-width: 0px) and (max-width: 480px) 480px, (min-width: 481px) and (max-width: 980px) 980px, (min-width: 981px) 1024px, 100vw\" srcset=\"https:\/\/images.hzpt.com\/2023\/08\/FMNqWZJ8-Boom-Aerial-Work-Vehicle-Lower-Arm-Hydraulic-Cylinder-Dimensions-1-980x363.webp 980w, https:\/\/images.hzpt.com\/2023\/08\/FMNqWZJ8-Boom-Aerial-Work-Vehicle-Lower-Arm-Hydraulic-Cylinder-Dimensions-1-480x178.webp 480w\" alt=\"K\u00edch th\u01b0\u1edbc xi lanh th\u1ee7y l\u1ef1c c\u00e1nh tay d\u01b0\u1edbi c\u1ee7a xe n\u00e2ng ng\u01b0\u1eddi tr\u00ean cao\" width=\"1024\" height=\"379\" title=\"\"><\/td>\n<td><img loading=\"lazy\" decoding=\"async\" class=\"size-large wp-image-316555 aligncenter\" src=\"https:\/\/hzpt.com\/wp-content\/uploads\/2023\/08\/Boom-Aerial-Work-Vehicle-Lower-Arm-Hydraulic-Cylinder-Dimensions-2-1024x379.webp\" sizes=\"(min-width: 0px) and (max-width: 480px) 480px, (min-width: 481px) and (max-width: 980px) 980px, (min-width: 981px) 1024px, 100vw\" srcset=\"https:\/\/images.hzpt.com\/2023\/08\/Vym6PmKH-Boom-Aerial-Work-Vehicle-Lower-Arm-Hydraulic-Cylinder-Dimensions-2-980x363.webp 980w, https:\/\/images.hzpt.com\/2023\/08\/Vym6PmKH-Boom-Aerial-Work-Vehicle-Lower-Arm-Hydraulic-Cylinder-Dimensions-2-480x178.webp 480w\" alt=\"K\u00edch th\u01b0\u1edbc xi lanh th\u1ee7y l\u1ef1c c\u00e1nh tay d\u01b0\u1edbi c\u1ee7a xe n\u00e2ng ng\u01b0\u1eddi tr\u00ean cao\" width=\"1024\" height=\"379\" title=\"\"><\/td>\n<\/tr>\n<\/tbody>\n<\/table>\n<table border=\"1\" cellspacing=\"0\" cellpadding=\"0\">\n<tbody>\n<tr>\n<td width=\"246\">T\u00ean xi lanh<\/td>\n<td width=\"336\">S\u1ed1 b\u1ea3n v\u1ebd<\/td>\n<td width=\"126\">\u0110\u01b0\u1eddng k\u00ednh l\u1ed7 khoan (D)<\/td>\n<td width=\"123\">\u0110\u01b0\u1eddng k\u00ednh thanh (d)<\/td>\n<td width=\"114\">\u0110\u1ed9t qu\u1ef5 (S)<\/td>\n<td width=\"170\">Kho\u1ea3ng c\u00e1ch l\u1eafp \u0111\u1eb7t (L)<\/td>\n<td width=\"172\">\u00c1p su\u1ea5t l\u00e0m vi\u1ec7c<\/td>\n<td width=\"366\">K\u00edch th\u01b0\u1edbc giao di\u1ec7n (M)<\/td>\n<td width=\"96\">C\u00e2n n\u1eb7ng<\/td>\n<\/tr>\n<tr>\n<td class=\"et3\" width=\"246\" height=\"190\">Xi lanh c\u00e1nh tay d\u01b0\u1edbi<\/td>\n<td class=\"et4\" width=\"336\">GTHZ210C-620400-000<\/td>\n<td class=\"et4\" width=\"126\">\u03a6100<\/td>\n<td class=\"et4\" width=\"123\">\u03a680<\/td>\n<td class=\"et4\" width=\"114\">1458<\/td>\n<td class=\"et4\" width=\"170\">1899<\/td>\n<td class=\"et4\" width=\"172\">21MPa<\/td>\n<td class=\"et4\" width=\"366\">2-\u03a69<\/td>\n<td class=\"et4\" width=\"96\">137kg<\/td>\n<\/tr>\n<\/tbody>\n<\/table>\n<h2>Xi lanh th\u1ee7y l\u1ef1c c\u00f3 s\u1eb5n th\u01b0\u01a1ng hi\u1ec7u v\u00e0 m\u1eabu m\u00e3:<\/h2>\n<table border=\"1\" cellspacing=\"0\" cellpadding=\"0\">\n<tbody>\n<tr>\n<td><b data-spm-anchor-id=\"a2700.details.0.i43.45d84a73e99C9z\">KOMATSU (PC)<\/b><\/td>\n<td>PC30, PC40, PC50, PC56, PC60, PC78, PC100, PC110, PC120, PC130, PC160, PC200-3\/5\/6\/7\/8\/8 th\u00e1ng, PC210, PC220-5\/6\/7\/8\/8 th\u00e1ng, PC240, PC300\/350\/360-5\/6\/7\/8\/8 th\u00e1ng, PC400\/450-5\/6\/7\/8\/8 th\u00e1ng, PC800, PC850<\/td>\n<\/tr>\n<tr>\n<td><b>S\u00c2U B\u01af\u1edaM (E)<\/b><\/td>\n<td>E301.5, E302, E305.5, E306, E307V1\/V2\/B\/C\/D\/E\/F, E308B\/C, E120B, E312V1\/V2\/B\/C\/D, E313D2, E312D2, E315D,<br \/>\nE200B,E320V1\/V2\/A\/B\/C\/D,E324D,E325C\/D,E329D,E330\/336C\/D,E345C,E349D,E365C,E374,E390<\/td>\n<\/tr>\n<tr>\n<td><b>KOBELCO (SK)<\/b><\/td>\n<td>SK60-3\/5\/8,SK75-8\/SR, SK100 ,SK120-3\/5, SK135-8\/SR, SK140-8, SK200-3\/5\/6\/6E, SK210-3\/5\/6\/6E,<br \/>\nSK230\/250-6E,SK250-8,SK260-8,SK350-8\/S8,SK460\/480-8<\/td>\n<\/tr>\n<tr>\n<td><b>HYUNDAI (Ph\u1ea3i)<\/b><\/td>\n<td>R55-5\/7, R60-5\/7, R80, R110, R130, R200-5, R210-5, R215-5\/7, R220-5\/7\/9, R225-5\/7\/9, R250, R260, R265, R290, R305, R445, R485, R505<\/td>\n<\/tr>\n<tr>\n<td><b data-spm-anchor-id=\"a2700.details.0.i53.45d84a73e99C9z\">HITACHI (c\u0169 ZX)<\/b><\/td>\n<td>EX60, EX100-1\/2\/3, EX120-1\/3\/5\/6, EX200-1\/3\/5, EX230-5, EX300-1, EX400<br \/>\nZAX60,ZAX70,ZA120-6,ZAX200\/210-1\/3\/5\/5K,ZAX240,ZAX250,ZAX260,ZAX330-3\/5\/6,ZAX450\/470,ZAX650\/670,ZAX850\/870<\/td>\n<\/tr>\n<tr>\n<td>\n<div class=\"magic-32\"><b data-spm-anchor-id=\"a2700.details.0.i55.45d84a73e99C9z\">DOOSAN (DH\/DX)<\/b><\/div>\n<\/td>\n<td>\n<div class=\"magic-33\"><span class=\"magic-34\">DH55, DH60, DH80,DH150, DH215-5\/7,DH220-5,DH225-5\/7,DH258,DH300-5\/7, DH370,DH420,DH500<br \/>\nDX55, DX60, DX75, DX130, DX225-9, DX300, DX380, DX420, DX500<\/span><\/div>\n<\/td>\n<\/tr>\n<tr>\n<td>\n<div class=\"magic-32\"><b>VOLVO (EC)<\/b><\/div>\n<\/td>\n<td>\n<div class=\"magic-33\"><span class=\"magic-34\">EC55, EC60, EC75, EC80, EC140, EC210B\/D, EC220D, EC240, EC250, EC290, EC300, EC360, EC380, EC460, EC480, EC700, EC750, EC950<\/span><\/div>\n<\/td>\n<\/tr>\n<tr>\n<td>\n<div class=\"magic-32\"><b>KATO (HD)<\/b><\/div>\n<\/td>\n<td>\n<div class=\"magic-33\"><span class=\"magic-34\">HD307\/308, HD450, HD512, HD700-5\/7, HD820-1\/2\/3\/5\/R, HD1023-1\/3, HD1430-1\/3<\/span><\/div>\n<\/td>\n<\/tr>\n<tr>\n<td>\n<div class=\"magic-32\"><b>TH\u01af\u01a0NG HI\u1ec6U KH\u00c1C<\/b><\/div>\n<\/td>\n<td>\n<div class=\"magic-33\"><span class=\"magic-34\">XCMG,LIUGONG,KUBOTA,CASE,YANMAR,SUNWARD,ZOOMLION,LISHIDE,LIEHERR<\/span><\/div>\n<\/td>\n<\/tr>\n<\/tbody>\n<\/table>\n<h3>\u01afu \u0111i\u1ec3m c\u1ee7a xe n\u00e2ng ng\u01b0\u1eddi Boom Aerial Work Vehicle<\/h3>\n<p>Xi lanh th\u1ee7y l\u1ef1c tay \u0111\u00f2n d\u01b0\u1edbi c\u1ee7a xe n\u00e2ng ng\u01b0\u1eddi Boom mang l\u1ea1i nhi\u1ec1u l\u1ee3i \u00edch gi\u00fap n\u00e2ng cao hi\u1ec7u su\u1ea5t v\u00e0 \u0111\u1ed9 an to\u00e0n c\u1ee7a xe n\u00e2ng ng\u01b0\u1eddi. D\u01b0\u1edbi \u0111\u00e2y l\u00e0 m\u1ed9t s\u1ed1 l\u1ee3i \u00edch ch\u00ednh:<\/p>\n<h4>1. N\u00e2ng cao kh\u1ea3 n\u0103ng n\u00e2ng<\/h4>\n<p>Xi lanh th\u1ee7y l\u1ef1c cung c\u1ea5p l\u1ef1c n\u00e2ng \u0111\u00e1ng k\u1ec3, cho ph\u00e9p c\u1ea7n c\u1ea9u x\u1eed l\u00fd t\u1ea3i tr\u1ecdng n\u1eb7ng m\u1ed9t c\u00e1ch d\u1ec5 d\u00e0ng. Kh\u1ea3 n\u0103ng n\u00e0y cho ph\u00e9p ng\u01b0\u1eddi v\u1eadn h\u00e0nh th\u1ef1c hi\u1ec7n hi\u1ec7u qu\u1ea3 nhi\u1ec1u nhi\u1ec7m v\u1ee5 h\u01a1n, t\u1eeb x\u00e2y d\u1ef1ng \u0111\u1ebfn b\u1ea3o tr\u00ec.<\/p>\n<h4>2. Ki\u1ec3m so\u00e1t ch\u00ednh x\u00e1c<\/h4>\n<p>Nh\u1edd ho\u1ea1t \u0111\u1ed9ng th\u1ee7y l\u1ef1c tr\u01a1n tru, xi lanh cho ph\u00e9p ki\u1ec3m so\u00e1t ch\u00ednh x\u00e1c chuy\u1ec3n \u0111\u1ed9ng c\u1ee7a c\u1ea7n tr\u1ee5c. Ng\u01b0\u1eddi v\u1eadn h\u00e0nh c\u00f3 th\u1ec3 d\u1ec5 d\u00e0ng \u0111i\u1ec1u ch\u1ec9nh \u0111\u1ed9 cao v\u00e0 g\u00f3c, \u0111\u1ea3m b\u1ea3o \u0111\u1ecbnh v\u1ecb ch\u00ednh x\u00e1c cho nhi\u1ec1u \u1ee9ng d\u1ee5ng kh\u00e1c nhau.<\/p>\n<h4>3. C\u1ea3i thi\u1ec7n \u0111\u1ed9 \u1ed5n \u0111\u1ecbnh<\/h4>\n<p>Xi lanh th\u1ee7y l\u1ef1c c\u00e1nh tay d\u01b0\u1edbi g\u00f3p ph\u1ea7n v\u00e0o s\u1ef1 \u1ed5n \u0111\u1ecbnh t\u1ed5ng th\u1ec3 c\u1ee7a xe n\u00e2ng. B\u1eb1ng c\u00e1ch duy tr\u00ec s\u1ef1 c\u00e2n b\u1eb1ng trong qu\u00e1 tr\u00ecnh n\u00e2ng v\u00e0 h\u1ea1, n\u00f3 t\u0103ng c\u01b0\u1eddng an to\u00e0n cho c\u1ea3 ng\u01b0\u1eddi v\u1eadn h\u00e0nh v\u00e0 nh\u00e2n vi\u00ean xung quanh.<\/p>\n<h4>4. K\u1ebft c\u1ea5u b\u1ec1n b\u1ec9<\/h4>\n<p>\u0110\u01b0\u1ee3c ch\u1ebf t\u1ea1o t\u1eeb v\u1eadt li\u1ec7u c\u00f3 \u0111\u1ed9 b\u1ec1n cao, xi lanh th\u1ee7y l\u1ef1c \u0111\u01b0\u1ee3c thi\u1ebft k\u1ebf \u0111\u1ec3 ch\u1ecbu \u0111\u01b0\u1ee3c \u0111i\u1ec1u ki\u1ec7n l\u00e0m vi\u1ec7c kh\u1eafc nghi\u1ec7t v\u00e0 c\u01b0\u1eddng \u0111\u1ed9 s\u1eed d\u1ee5ng cao. \u0110\u1ed9 b\u1ec1n n\u00e0y \u0111\u1ed3ng ngh\u0129a v\u1edbi tu\u1ed5i th\u1ecd cao h\u01a1n v\u00e0 gi\u1ea3m nhu c\u1ea7u b\u1ea3o tr\u00ec.<\/p>\n<h4>5. T\u00ednh linh ho\u1ea1t trong \u1ee9ng d\u1ee5ng<\/h4>\n<p>Xi lanh th\u1ee7y l\u1ef1c ph\u00f9 h\u1ee3p v\u1edbi nhi\u1ec1u ng\u00e0nh c\u00f4ng nghi\u1ec7p, bao g\u1ed3m x\u00e2y d\u1ef1ng, ti\u1ec7n \u00edch, b\u1ea3o tr\u00ec v\u00e0 t\u1ed5 ch\u1ee9c s\u1ef1 ki\u1ec7n. T\u00ednh linh ho\u1ea1t c\u1ee7a n\u00f3 khi\u1ebfn n\u00f3 tr\u1edf th\u00e0nh m\u1ed9t c\u00f4ng c\u1ee5 kh\u00f4ng th\u1ec3 thi\u1ebfu \u0111\u1ec3 ti\u1ebfp c\u1eadn c\u00e1c khu v\u1ef1c l\u00e0m vi\u1ec7c tr\u00ean cao trong nhi\u1ec1u b\u1ed1i c\u1ea3nh kh\u00e1c nhau.<\/p>\n<h4>6. C\u00e0i \u0111\u1eb7t v\u00e0 t\u00edch h\u1ee3p nhanh ch\u00f3ng<\/h4>\n<p>\u0110\u01b0\u1ee3c thi\u1ebft k\u1ebf \u0111\u1ec3 l\u1eafp \u0111\u1eb7t d\u1ec5 d\u00e0ng, xi lanh th\u1ee7y l\u1ef1c c\u00e1nh tay d\u01b0\u1edbi c\u00f3 th\u1ec3 \u0111\u01b0\u1ee3c t\u00edch h\u1ee3p li\u1ec1n m\u1ea1ch v\u00e0o c\u00e1c n\u1ec1n t\u1ea3ng l\u00e0m vi\u1ec7c tr\u00ean cao hi\u1ec7n c\u00f3. T\u00ednh n\u0103ng n\u00e0y gi\u00fap gi\u1ea3m thi\u1ec3u th\u1eddi gian ch\u1ebft v\u00e0 cho ph\u00e9p tri\u1ec3n khai nhanh ch\u00f3ng t\u1ea1i hi\u1ec7n tr\u01b0\u1eddng.<\/p>\n<h4>7. Hi\u1ec7u qu\u1ea3 v\u1ec1 chi ph\u00ed<\/h4>\n<p>Hi\u1ec7u qu\u1ea3 v\u00e0 \u0111\u1ed9 tin c\u1eady c\u1ee7a xi lanh th\u1ee7y l\u1ef1c gi\u00fap gi\u1ea3m chi ph\u00ed v\u1eadn h\u00e0nh. Vi\u1ec7c gi\u1ea3m thi\u1ec3u b\u1ea3o tr\u00ec v\u00e0 th\u1eddi gian ng\u1eebng ho\u1ea1t \u0111\u1ed9ng g\u00f3p ph\u1ea7n ti\u1ebft ki\u1ec7m chi ph\u00ed t\u1ed5ng th\u1ec3, khi\u1ebfn n\u00f3 tr\u1edf th\u00e0nh gi\u1ea3i ph\u00e1p ti\u1ebft ki\u1ec7m chi ph\u00ed cho doanh nghi\u1ec7p.<\/p>\n<h4>8. T\u00ednh n\u0103ng an to\u00e0n<\/h4>\n<p>Nhi\u1ec1u xi lanh th\u1ee7y l\u1ef1c \u0111\u01b0\u1ee3c trang b\u1ecb c\u01a1 ch\u1ebf an to\u00e0n, ch\u1eb3ng h\u1ea1n nh\u01b0 b\u1ea3o v\u1ec7 qu\u00e1 t\u1ea3i, gi\u00fap ng\u0103n ng\u1eeba tai n\u1ea1n trong qu\u00e1 tr\u00ecnh v\u1eadn h\u00e0nh. Nh\u1eefng t\u00ednh n\u0103ng n\u00e0y n\u00e2ng cao \u0111\u1ed9 an to\u00e0n c\u1ee7a c\u00e1c ph\u01b0\u01a1ng ti\u1ec7n l\u00e0m vi\u1ec7c tr\u00ean cao, mang l\u1ea1i s\u1ef1 an t\u00e2m cho ng\u01b0\u1eddi v\u1eadn h\u00e0nh.<\/p>\n<h4>9. S\u1ef1 tho\u1ea3i m\u00e1i c\u1ee7a ng\u01b0\u1eddi v\u1eadn h\u00e0nh<\/h4>\n<p>S\u1ef1 d\u1ec5 d\u00e0ng v\u1eadn h\u00e0nh c\u1ee7a xi lanh th\u1ee7y l\u1ef1c gi\u00fap gi\u1ea3m b\u1edbt \u00e1p l\u1ef1c l\u00ean ng\u01b0\u1eddi v\u1eadn h\u00e0nh. S\u1ef1 tho\u1ea3i m\u00e1i n\u00e0y cho ph\u00e9p k\u00e9o d\u00e0i th\u1eddi gian l\u00e0m vi\u1ec7c m\u00e0 kh\u00f4ng b\u1ecb m\u1ec7t m\u1ecfi, t\u1eeb \u0111\u00f3 n\u00e2ng cao n\u0103ng su\u1ea5t t\u1ea1i c\u00f4ng tr\u01b0\u1eddng.<\/p>\n<p>Xi lanh th\u1ee7y l\u1ef1c tay \u0111\u00f2n d\u01b0\u1edbi c\u1ee7a xe n\u00e2ng ng\u01b0\u1eddi Boom l\u00e0 m\u1ed9t b\u1ed9 ph\u1eadn quan tr\u1ecdng kh\u00f4ng ch\u1ec9 n\u00e2ng cao ch\u1ee9c n\u0103ng c\u1ee7a xe n\u00e2ng ng\u01b0\u1eddi m\u00e0 c\u00f2n c\u1ea3i thi\u1ec7n \u0111\u1ed9 an to\u00e0n v\u00e0 hi\u1ec7u qu\u1ea3. Nh\u1eefng \u01b0u \u0111i\u1ec3m c\u1ee7a n\u00f3 khi\u1ebfn n\u00f3 tr\u1edf th\u00e0nh l\u1ef1a ch\u1ecdn thi\u1ebft y\u1ebfu cho b\u1ea5t k\u1ef3 t\u1ed5 ch\u1ee9c n\u00e0o s\u1eed d\u1ee5ng xe n\u00e2ng ng\u01b0\u1eddi cho ho\u1ea1t \u0111\u1ed9ng c\u1ee7a m\u00ecnh.<\/p>\n<table style=\"width: 99.9612%; height: 437px;\" width=\"290\">\n<tbody>\n<tr style=\"height: 437px;\">\n<td style=\"width: 51.7046%; height: 437px;\" width=\"226\">\n<h2><img loading=\"lazy\" decoding=\"async\" class=\"alignnone size-full wp-image-363\" src=\"https:\/\/fmp-components.com\/wp-content\/uploads\/2024\/12\/Boom-Aerial-Work-Vehicle-Lower-Arm-Hydraulic-Cylinder-Installation-2.webp\" alt=\"Boom-Aerial-Work-Vehicle-Under-Arm-Hydraulic-Cylinder\" width=\"1024\" height=\"849\" title=\"\" srcset=\"https:\/\/fmp-components.com\/wp-content\/uploads\/2024\/12\/Boom-Aerial-Work-Vehicle-Lower-Arm-Hydraulic-Cylinder-Installation-2.webp 1024w, https:\/\/fmp-components.com\/wp-content\/uploads\/2024\/12\/Boom-Aerial-Work-Vehicle-Lower-Arm-Hydraulic-Cylinder-Installation-2-980x813.webp 980w, https:\/\/fmp-components.com\/wp-content\/uploads\/2024\/12\/Boom-Aerial-Work-Vehicle-Lower-Arm-Hydraulic-Cylinder-Installation-2-480x398.webp 480w\" sizes=\"(min-width: 0px) and (max-width: 480px) 480px, (min-width: 481px) and (max-width: 980px) 980px, (min-width: 981px) 1024px, 100vw\" \/><\/h2>\n<\/td>\n<td style=\"width: 98.3102%; height: 437px;\" width=\"64\">\n<h2><img loading=\"lazy\" decoding=\"async\" class=\"alignnone size-full wp-image-362\" src=\"https:\/\/fmp-components.com\/wp-content\/uploads\/2024\/12\/Boom-Aerial-Work-Vehicle-Lower-Arm-Hydraulic-Cylinder-Installation-1.webp\" alt=\"Boom-Aerial-Work-Vehicle-Under-Arm-Hydraulic-Cylinder\" width=\"1024\" height=\"849\" title=\"\" srcset=\"https:\/\/fmp-components.com\/wp-content\/uploads\/2024\/12\/Boom-Aerial-Work-Vehicle-Lower-Arm-Hydraulic-Cylinder-Installation-1.webp 1024w, https:\/\/fmp-components.com\/wp-content\/uploads\/2024\/12\/Boom-Aerial-Work-Vehicle-Lower-Arm-Hydraulic-Cylinder-Installation-1-980x813.webp 980w, https:\/\/fmp-components.com\/wp-content\/uploads\/2024\/12\/Boom-Aerial-Work-Vehicle-Lower-Arm-Hydraulic-Cylinder-Installation-1-480x398.webp 480w\" sizes=\"(min-width: 0px) and (max-width: 480px) 480px, (min-width: 481px) and (max-width: 980px) 980px, (min-width: 981px) 1024px, 100vw\" \/><\/h2>\n<\/td>\n<\/tr>\n<\/tbody>\n<\/table>\n<h2>Gi\u1edbi thi\u1ec7u v\u1ec1 FMP<\/h2>\n<p>FMP l\u00e0 nh\u00e0 s\u1ea3n xu\u1ea5t xi lanh th\u1ee7y l\u1ef1c chuy\u00ean d\u1ee5ng, n\u1ed5i ti\u1ebfng v\u1edbi s\u1ef1 t\u1eadp trung m\u1ea1nh m\u1ebd v\u00e0o nghi\u00ean c\u1ee9u v\u00e0 s\u1ea3n xu\u1ea5t xu\u1ea5t s\u1eafc. K\u1ec3 t\u1eeb khi th\u00e0nh l\u1eadp, c\u00f4ng ty \u0111\u00e3 kh\u00f4ng ng\u1eebng n\u1ed7 l\u1ef1c ph\u00e1t tri\u1ec3n c\u00f4ng ngh\u1ec7 xi lanh th\u1ee7y l\u1ef1c. Ban \u0111\u1ea7u, FMP s\u1ea3n xu\u1ea5t \u0111a d\u1ea1ng c\u00e1c s\u1ea3n ph\u1ea9m cho m\u00e1y g\u1eb7t \u0111\u1eadp v\u00e0 m\u00e1y x\u00e2y d\u1ef1ng; tuy nhi\u00ean, sau \u0111\u00f3, c\u00f4ng ty \u0111\u00e3 t\u1eadp trung chuy\u00ean s\u00e2u v\u00e0o c\u00e1c linh ki\u1ec7n cho m\u00e1y k\u00e9o n\u00f4ng nghi\u1ec7p.<\/p>\n<p>V\u1edbi h\u01a1n m\u1ed9t th\u1eadp k\u1ef7 kinh nghi\u1ec7m s\u1ea3n xu\u1ea5t, FMP k\u1ebft h\u1ee3p kinh nghi\u1ec7m qu\u1ea3n l\u00fd s\u00e2u r\u1ed9ng v\u1edbi c\u00f4ng ngh\u1ec7 s\u1ea3n xu\u1ea5t ti\u00ean ti\u1ebfn \u0111\u1ec3 \u0111\u1ea3m b\u1ea3o ti\u00eau chu\u1ea9n ch\u1ea5t l\u01b0\u1ee3ng cao nh\u1ea5t cho s\u1ea3n ph\u1ea9m c\u1ee7a m\u00ecnh. C\u00f4ng ty \u0111\u00e3 thi\u1ebft l\u1eadp m\u1ed9t d\u00e2y chuy\u1ec1n s\u1ea3n xu\u1ea5t gia c\u00f4ng, l\u1eafp r\u00e1p v\u00e0 s\u01a1n ph\u1ee7 to\u00e0n di\u1ec7n, cho ph\u00e9p cung c\u1ea5p c\u00e1c quy tr\u00ecnh s\u1ea3n xu\u1ea5t \u0111\u00e1ng tin c\u1eady v\u00e0 hi\u1ec7u qu\u1ea3.<\/p>\n<p>S\u1ef1 ph\u00e1t tri\u1ec3n c\u1ee7a FMP \u0111\u01b0\u1ee3c h\u1ed7 tr\u1ee3 b\u1edfi \u0111\u1ed9i ng\u0169 t\u1eadn t\u00e2m, bao g\u1ed3m \u0111\u1ed9i ng\u0169 qu\u1ea3n l\u00fd gi\u00e0u kinh nghi\u1ec7m, c\u00e1c nh\u00e0 thi\u1ebft k\u1ebf c\u01a1 kh\u00ed l\u00e0nh ngh\u1ec1 v\u00e0 c\u00e1c k\u1ef9 thu\u1eadt vi\u00ean \u0111\u01b0\u1ee3c \u0111\u00e0o t\u1ea1o b\u00e0i b\u1ea3n. Ph\u01b0\u01a1ng ph\u00e1p ti\u1ebfp c\u1eadn h\u1ee3p t\u00e1c n\u00e0y \u0111\u1ea3m b\u1ea3o ch\u1ea5t l\u01b0\u1ee3ng s\u1ea3n ph\u1ea9m \u0111\u1ed3ng \u0111\u1ec1u v\u00e0 qu\u1ea3n l\u00fd hi\u1ec7u qu\u1ea3 t\u00ednh li\u00ean t\u1ee5c c\u1ee7a quy tr\u00ecnh, t\u1eeb \u0111\u00f3 n\u00e2ng cao hi\u1ec7u qu\u1ea3 s\u1ea3n xu\u1ea5t t\u1ed5ng th\u1ec3.<\/p>\n<p>Tri\u1ebft l\u00fd c\u1ed1t l\u00f5i c\u1ee7a FMP l\u00e0 c\u00e1c gi\u00e1 tr\u1ecb \u201c\u0110\u1ed5i m\u1edbi C\u00f4ng ngh\u1ec7 Th\u00fac \u0111\u1ea9y Ti\u1ebfn b\u1ed9\u201d, \u201cCh\u1ea5t l\u01b0\u1ee3ng T\u1ea1o n\u00ean Th\u01b0\u01a1ng hi\u1ec7u\u201d, \u201cTay ngh\u1ec1 \u0110\u1ea3m b\u1ea3o Ch\u1ea5t l\u01b0\u1ee3ng\u201d v\u00e0 \u201cX\u00e2y d\u1ef1ng M\u1ed1i quan h\u1ec7 \u0110\u00f4i b\u00ean C\u00f9ng c\u00f3 l\u1ee3i L\u00e2u d\u00e0i\u201d. C\u00f4ng ty cam k\u1ebft cung c\u1ea5p c\u00e1c s\u1ea3n ph\u1ea9m ch\u1ea5t l\u01b0\u1ee3ng cao \u0111\u1ed3ng th\u1eddi mang \u0111\u1ebfn d\u1ecbch v\u1ee5 kh\u00e1ch h\u00e0ng xu\u1ea5t s\u1eafc. FMP kh\u00f4ng ng\u1eebng n\u1ed7 l\u1ef1c \u0111\u1ec3 th\u00edch \u1ee9ng v\u1edbi nhu c\u1ea7u ng\u00e0y c\u00e0ng thay \u0111\u1ed5i c\u1ee7a th\u1ecb tr\u01b0\u1eddng, \u0111\u1ecbnh v\u1ecb m\u00ecnh l\u00e0 \u0111\u1ed1i t\u00e1c \u0111\u00e1ng tin c\u1eady trong ng\u00e0nh m\u00e1y m\u00f3c n\u00f4ng nghi\u1ec7p. Th\u00f4ng qua s\u1ef1 t\u1eadn t\u00e2m \u0111\u1ed5i m\u1edbi v\u00e0 ch\u1ea5t l\u01b0\u1ee3ng, FMP \u0111\u1eb7t m\u1ee5c ti\u00eau \u0111\u00f3ng g\u00f3p \u0111\u00e1ng k\u1ec3 v\u00e0o s\u1ef1 ph\u00e1t tri\u1ec3n c\u1ee7a c\u00f4ng ngh\u1ec7 th\u1ee7y l\u1ef1c trong l\u0129nh v\u1ef1c n\u00f4ng nghi\u1ec7p.<\/p>\n<p><img loading=\"lazy\" decoding=\"async\" class=\"alignnone wp-image-359\" src=\"https:\/\/fmp-components.com\/wp-content\/uploads\/2024\/12\/fmp-factory-3.webp\" alt=\"nh\u00e0 m\u00e1y fmp\" width=\"914\" height=\"612\" title=\"\" srcset=\"https:\/\/fmp-components.com\/wp-content\/uploads\/2024\/12\/fmp-factory-3.webp 914w, https:\/\/fmp-components.com\/wp-content\/uploads\/2024\/12\/fmp-factory-3-480x321.webp 480w\" sizes=\"(min-width: 0px) and (max-width: 480px) 480px, (min-width: 481px) 914px, 100vw\" \/><\/p>\n<p>T\u00e1c gi\u1ea3: CX<\/p>","protected":false},"excerpt":{"rendered":"<p>Xi lanh th\u1ee7y l\u1ef1c tay d\u01b0\u1edbi c\u1ee7a xe n\u00e2ng ng\u01b0\u1eddi Boom l\u00e0 m\u1ed9t b\u1ed9 ph\u1eadn quan tr\u1ecdng cung c\u1ea5p l\u1ef1c n\u00e2ng v\u00e0 \u0111\u1ed9 \u1ed5n \u0111\u1ecbnh c\u1ea7n thi\u1ebft cho c\u00e1c s\u00e0n n\u00e2ng ng\u01b0\u1eddi. \u0110\u01b0\u1ee3c thi\u1ebft k\u1ebf \u0111\u1ec3 h\u1ed7 tr\u1ee3 tay d\u01b0\u1edbi c\u1ee7a c\u1ea7n tr\u1ee5c, xi lanh th\u1ee7y l\u1ef1c n\u00e0y cho ph\u00e9p \u0111i\u1ec1u khi\u1ec3n v\u00e0 di chuy\u1ec3n ch\u00ednh x\u00e1c, cho ph\u00e9p ng\u01b0\u1eddi v\u1eadn h\u00e0nh ti\u1ebfp c\u1eadn c\u00e1c khu v\u1ef1c l\u00e0m vi\u1ec7c tr\u00ean cao m\u1ed9t c\u00e1ch an to\u00e0n. \u0110\u01b0\u1ee3c ch\u1ebf t\u1ea1o t\u1eeb v\u1eadt li\u1ec7u c\u00f3 \u0111\u1ed9 b\u1ec1n cao, xi lanh \u0111\u1ea3m b\u1ea3o \u0111\u1ed9 b\u1ec1n v\u00e0 \u0111\u1ed9 tin c\u1eady trong \u0111i\u1ec1u ki\u1ec7n t\u1ea3i tr\u1ecdng n\u1eb7ng v\u00e0 kh\u1eafc nghi\u1ec7t. Ho\u1ea1t \u0111\u1ed9ng th\u1ee7y l\u1ef1c tr\u01a1n tru c\u1ee7a n\u00f3 t\u1ea1o \u0111i\u1ec1u ki\u1ec7n cho c\u00e1c chuy\u1ec3n \u0111\u1ed9ng theo chi\u1ec1u d\u1ecdc v\u00e0 chi\u1ec1u ngang hi\u1ec7u qu\u1ea3, n\u00e2ng cao n\u0103ng su\u1ea5t v\u00e0 an to\u00e0n trong c\u00e1c c\u00f4ng vi\u1ec7c nh\u01b0 b\u1ea3o tr\u00ec, x\u00e2y d\u1ef1ng v\u00e0 ki\u1ec3m tra. Xi lanh th\u1ee7y l\u1ef1c n\u00e0y r\u1ea5t c\u1ea7n thi\u1ebft \u0111\u1ec3 t\u1ed1i \u01b0u h\u00f3a hi\u1ec7u su\u1ea5t c\u1ee7a xe n\u00e2ng ng\u01b0\u1eddi boom lift trong nhi\u1ec1u \u1ee9ng d\u1ee5ng kh\u00e1c nhau.<\/p>","protected":false},"featured_media":356,"comment_status":"open","ping_status":"closed","template":"","meta":{"_et_pb_use_builder":"","_et_pb_old_content":"","_et_gb_content_width":""},"product_brand":[],"product_cat":[22],"product_tag":[],"class_list":{"0":"post-360","1":"product","2":"type-product","3":"status-publish","4":"has-post-thumbnail","6":"product_cat-aerial-work-vehicle-hydraulic-cylinders","8":"first","9":"instock","10":"shipping-taxable","11":"product-type-simple"},"_links":{"self":[{"href":"https:\/\/fmp-components.com\/vi\/wp-json\/wp\/v2\/product\/360","targetHints":{"allow":["GET"]}}],"collection":[{"href":"https:\/\/fmp-components.com\/vi\/wp-json\/wp\/v2\/product"}],"about":[{"href":"https:\/\/fmp-components.com\/vi\/wp-json\/wp\/v2\/types\/product"}],"replies":[{"embeddable":true,"href":"https:\/\/fmp-components.com\/vi\/wp-json\/wp\/v2\/comments?post=360"}],"wp:featuredmedia":[{"embeddable":true,"href":"https:\/\/fmp-components.com\/vi\/wp-json\/wp\/v2\/media\/356"}],"wp:attachment":[{"href":"https:\/\/fmp-components.com\/vi\/wp-json\/wp\/v2\/media?parent=360"}],"wp:term":[{"taxonomy":"product_brand","embeddable":true,"href":"https:\/\/fmp-components.com\/vi\/wp-json\/wp\/v2\/product_brand?post=360"},{"taxonomy":"product_cat","embeddable":true,"href":"https:\/\/fmp-components.com\/vi\/wp-json\/wp\/v2\/product_cat?post=360"},{"taxonomy":"product_tag","embeddable":true,"href":"https:\/\/fmp-components.com\/vi\/wp-json\/wp\/v2\/product_tag?post=360"}],"curies":[{"name":"wp","href":"https:\/\/api.w.org\/{rel}","templated":true}]}}