{"id":3578,"date":"2025-01-08T06:53:08","date_gmt":"2025-01-08T06:53:08","guid":{"rendered":"https:\/\/fmp-components.com\/?page_id=8"},"modified":"2025-01-08T08:48:39","modified_gmt":"2025-01-08T08:48:39","slug":"spindle-motor-used-for-lathe-jszd150t-jszd110j","status":"publish","type":"product","link":"https:\/\/fmp-components.com\/vi\/product\/spindle-motor-used-for-lathe-jszd150t-jszd110j\/","title":{"rendered":"\u0110\u1ed9ng c\u01a1 tr\u1ee5c ch\u00ednh d\u00f9ng cho m\u00e1y ti\u1ec7n JSZD150T JSZD110J"},"content":{"rendered":"<p><img loading=\"lazy\" decoding=\"async\" class=\"alignnone size-full wp-image-3580\" src=\"https:\/\/fmp-components.com\/wp-content\/uploads\/2025\/01\/spindle-motor-used-for-lathe-jszd150t-3.webp\" alt=\"\u0111\u1ed9ng c\u01a1 tr\u1ee5c ch\u00ednh d\u00f9ng cho m\u00e1y ti\u1ec7n jszd150t-3\" width=\"851\" height=\"105\" title=\"\" srcset=\"https:\/\/fmp-components.com\/wp-content\/uploads\/2025\/01\/spindle-motor-used-for-lathe-jszd150t-3.webp 851w, https:\/\/fmp-components.com\/wp-content\/uploads\/2025\/01\/spindle-motor-used-for-lathe-jszd150t-3-480x59.webp 480w\" sizes=\"(min-width: 0px) and (max-width: 480px) 480px, (min-width: 481px) 851px, 100vw\" \/> <img loading=\"lazy\" decoding=\"async\" class=\"alignnone size-full wp-image-3581\" src=\"https:\/\/fmp-components.com\/wp-content\/uploads\/2025\/01\/spindle-motor-used-for-lathe-jszd110j-2.webp\" alt=\"\u0111\u1ed9ng c\u01a1 tr\u1ee5c ch\u00ednh d\u00f9ng cho m\u00e1y ti\u1ec7n jszd110j-2\" width=\"849\" height=\"102\" title=\"\" srcset=\"https:\/\/fmp-components.com\/wp-content\/uploads\/2025\/01\/spindle-motor-used-for-lathe-jszd110j-2.webp 849w, https:\/\/fmp-components.com\/wp-content\/uploads\/2025\/01\/spindle-motor-used-for-lathe-jszd110j-2-480x58.webp 480w\" sizes=\"(min-width: 0px) and (max-width: 480px) 480px, (min-width: 481px) 849px, 100vw\" \/> <img loading=\"lazy\" decoding=\"async\" class=\"alignnone size-full wp-image-3582\" src=\"https:\/\/fmp-components.com\/wp-content\/uploads\/2025\/01\/spindle-motor-used-for-lathe-jszd150t-2.webp\" alt=\"\u0111\u1ed9ng c\u01a1 tr\u1ee5c ch\u00ednh d\u00f9ng cho m\u00e1y ti\u1ec7n jszd150t-2\" width=\"850\" height=\"327\" title=\"\" srcset=\"https:\/\/fmp-components.com\/wp-content\/uploads\/2025\/01\/spindle-motor-used-for-lathe-jszd150t-2.webp 850w, https:\/\/fmp-components.com\/wp-content\/uploads\/2025\/01\/spindle-motor-used-for-lathe-jszd150t-2-480x185.webp 480w\" sizes=\"(min-width: 0px) and (max-width: 480px) 480px, (min-width: 481px) 850px, 100vw\" \/> <img loading=\"lazy\" decoding=\"async\" class=\"alignnone size-full wp-image-3583\" src=\"https:\/\/fmp-components.com\/wp-content\/uploads\/2025\/01\/spindle-motor-used-for-lathe-jszd110j-1.webp\" alt=\"\u0111\u1ed9ng c\u01a1 tr\u1ee5c ch\u00ednh d\u00f9ng cho m\u00e1y ti\u1ec7n jszd110j-1\" width=\"831\" height=\"278\" title=\"\" srcset=\"https:\/\/fmp-components.com\/wp-content\/uploads\/2025\/01\/spindle-motor-used-for-lathe-jszd110j-1.webp 831w, https:\/\/fmp-components.com\/wp-content\/uploads\/2025\/01\/spindle-motor-used-for-lathe-jszd110j-1-480x161.webp 480w\" sizes=\"(min-width: 0px) and (max-width: 480px) 480px, (min-width: 481px) 831px, 100vw\" \/><\/p>\n<h3>\u1ee8ng d\u1ee5ng \u0111\u1ed9ng c\u01a1 tr\u1ee5c ch\u00ednh<\/h3>\n<p>\u0110\u1ed9ng c\u01a1 tr\u1ee5c ch\u00ednh \u0111\u00f3ng vai tr\u00f2 thi\u1ebft y\u1ebfu trong nhi\u1ec1u quy tr\u00ecnh gia c\u00f4ng v\u00e0 s\u1ea3n xu\u1ea5t ch\u00ednh x\u00e1c, gi\u00fap \u0111i\u1ec1u khi\u1ec3n chuy\u1ec3n \u0111\u1ed9ng quay c\u1ee7a d\u1ee5ng c\u1ee5 v\u00e0 cho ph\u00e9p th\u1ef1c hi\u1ec7n c\u00e1c thao t\u00e1c c\u1eaft, m\u00e0i v\u00e0 phay hi\u1ec7u su\u1ea5t cao. Th\u01b0\u1eddng \u0111\u01b0\u1ee3c s\u1eed d\u1ee5ng trong m\u00e1y CNC, \u0111\u1ed9ng c\u01a1 tr\u1ee5c ch\u00ednh cung c\u1ea5p m\u00f4-men xo\u1eafn v\u00e0 kh\u1ea3 n\u0103ng ki\u1ec3m so\u00e1t t\u1ed1c \u0111\u1ed9 cao, l\u00fd t\u01b0\u1edfng cho c\u00e1c \u1ee9ng d\u1ee5ng \u0111\u00f2i h\u1ecfi dung sai ch\u1eb7t ch\u1ebd v\u00e0 h\u00ecnh h\u1ecdc ph\u1ee9c t\u1ea1p. Kh\u1ea3 n\u0103ng cung c\u1ea5p c\u00f4ng su\u1ea5t \u0111\u1ea7u ra \u1ed5n \u0111\u1ecbnh c\u1ee7a ch\u00fang \u0111\u1ea3m b\u1ea3o hi\u1ec7u su\u1ea5t c\u1eaft t\u1ed1i \u01b0u v\u00e0 ch\u1ea5t l\u01b0\u1ee3ng b\u1ec1 m\u1eb7t ho\u00e0n thi\u1ec7n.<\/p>\n<p>Trong ng\u00e0nh c\u00f4ng nghi\u1ec7p \u00f4 t\u00f4 v\u00e0 h\u00e0ng kh\u00f4ng v\u0169 tr\u1ee5, \u0111\u1ed9ng c\u01a1 tr\u1ee5c ch\u00ednh \u0111\u01b0\u1ee3c s\u1eed d\u1ee5ng trong s\u1ea3n xu\u1ea5t c\u00f3 \u0111\u1ed9 ch\u00ednh x\u00e1c cao, ch\u1eb3ng h\u1ea1n nh\u01b0 c\u00e1c b\u1ed9 ph\u1eadn \u0111\u1ed9ng c\u01a1, c\u00e1nh tua-bin v\u00e0 c\u00e1c th\u00e0nh ph\u1ea7n quan tr\u1ecdng kh\u00e1c. T\u00ednh linh ho\u1ea1t c\u1ee7a ch\u00fang cho ph\u00e9p x\u1eed l\u00fd nhi\u1ec1u lo\u1ea1i v\u1eadt li\u1ec7u, t\u1eeb kim lo\u1ea1i \u0111\u1ebfn v\u1eadt li\u1ec7u composite, \u0111\u1ed3ng th\u1eddi v\u1eabn duy tr\u00ec c\u00e1c ti\u00eau chu\u1ea9n ch\u1ea5t l\u01b0\u1ee3ng cao \u0111\u01b0\u1ee3c y\u00eau c\u1ea7u trong c\u00e1c l\u0129nh v\u1ef1c n\u00e0y.<\/p>\n<p>Ngo\u00e0i ra, \u0111\u1ed9ng c\u01a1 tr\u1ee5c ch\u00ednh c\u00f2n \u0111\u01b0\u1ee3c s\u1eed d\u1ee5ng r\u1ed9ng r\u00e3i trong c\u00e1c ng\u00e0nh c\u00f4ng nghi\u1ec7p ch\u1ebf bi\u1ebfn g\u1ed7, y t\u1ebf v\u00e0 \u0111i\u1ec7n t\u1eed. V\u00ed d\u1ee5, ch\u00fang l\u00e0 m\u1ed9t ph\u1ea7n kh\u00f4ng th\u1ec3 thi\u1ebfu trong qu\u00e1 tr\u00ecnh khoan PCB, kh\u1eafc laser v\u00e0 s\u1ea3n xu\u1ea5t thi\u1ebft b\u1ecb y t\u1ebf, n\u01a1i \u0111\u1ed9 tin c\u1eady, \u0111\u1ed9 ch\u00ednh x\u00e1c v\u00e0 hi\u1ec7u su\u1ea5t \u1ed5n \u0111\u1ecbnh l\u00e0 t\u1ed1i quan tr\u1ecdng. Kh\u1ea3 n\u0103ng th\u00edch \u1ee9ng c\u1ee7a \u0111\u1ed9ng c\u01a1 tr\u1ee5c ch\u00ednh khi\u1ebfn ch\u00fang tr\u1edf n\u00ean kh\u00f4ng th\u1ec3 thi\u1ebfu trong nhi\u1ec1u \u1ee9ng d\u1ee5ng chuy\u00ean bi\u1ec7t thu\u1ed9c nhi\u1ec1u l\u0129nh v\u1ef1c kh\u00e1c nhau.<\/p>\n<h3>\u0110\u1ed9ng c\u01a1 tr\u1ee5c ch\u00ednh d\u00f9ng cho m\u00e1y ti\u1ec7n<\/h3>\n<p>\u0110\u1ed9ng c\u01a1 tr\u1ee5c ch\u00ednh l\u00e0 th\u00e0nh ph\u1ea7n quan tr\u1ecdng trong m\u00e1y ti\u1ec7n, cung c\u1ea5p n\u0103ng l\u01b0\u1ee3ng quay c\u1ea7n thi\u1ebft cho c\u00e1c ho\u1ea1t \u0111\u1ed9ng ti\u1ec7n. Trong m\u00e1y ti\u1ec7n, \u0111\u1ed9ng c\u01a1 tr\u1ee5c ch\u00ednh d\u1eabn \u0111\u1ed9ng chuy\u1ec3n \u0111\u1ed9ng quay c\u1ee7a ph\u00f4i, trong khi c\u00e1c d\u1ee5ng c\u1ee5 th\u1ef1c hi\u1ec7n nhi\u1ec1u thao t\u00e1c kh\u00e1c nhau nh\u01b0 c\u1eaft, khoan v\u00e0 ti\u1ec7n ren. C\u00e1c \u0111\u1ed9ng c\u01a1 n\u00e0y \u0111\u01b0\u1ee3c thi\u1ebft k\u1ebf \u0111\u1ec3 cung c\u1ea5p m\u00f4-men xo\u1eafn v\u00e0 t\u1ed1c \u0111\u1ed9 \u1ed5n \u0111\u1ecbnh, \u0111\u1ea3m b\u1ea3o m\u00e1y ti\u1ec7n ho\u1ea1t \u0111\u1ed9ng tr\u01a1n tru trong khi v\u1eabn duy tr\u00ec \u0111\u1ed9 ch\u00ednh x\u00e1c, \u0111\u1eb7c bi\u1ec7t l\u00e0 trong c\u00e1c nhi\u1ec7m v\u1ee5 \u0111\u00f2i h\u1ecfi cao nh\u01b0 gia c\u00f4ng t\u1ed1c \u0111\u1ed9 cao ho\u1eb7c c\u1eaft g\u1ecdt n\u1eb7ng.<\/p>\n<p>\u0110\u1ed9ng c\u01a1 tr\u1ee5c ch\u00ednh m\u00e1y ti\u1ec7n th\u01b0\u1eddng l\u00e0 \u0111\u1ed9ng c\u01a1 m\u00f4-men xo\u1eafn cao, t\u1ed1c \u0111\u1ed9 th\u1ea5p, c\u00f3 th\u1ec3 \u0111i\u1ec1u ch\u1ec9nh t\u1ed1c \u0111\u1ed9 bi\u1ebfn thi\u00ean, cho ph\u00e9p ng\u01b0\u1eddi v\u1eadn h\u00e0nh tinh ch\u1ec9nh hi\u1ec7u su\u1ea5t \u0111\u1ed9ng c\u01a1 sao cho ph\u00f9 h\u1ee3p v\u1edbi v\u1eadt li\u1ec7u v\u00e0 ch\u1ebf \u0111\u1ed9 c\u1eaft c\u1ee5 th\u1ec3. T\u00ednh linh ho\u1ea1t n\u00e0y r\u1ea5t quan tr\u1ecdng \u0111\u1ec3 gia c\u00f4ng nhi\u1ec1u lo\u1ea1i kim lo\u1ea1i, nh\u1ef1a v\u00e0 v\u1eadt li\u1ec7u composite v\u1edbi c\u00e1c \u0111\u1eb7c t\u00ednh c\u1eaft kh\u00e1c nhau. Nh\u1edd kh\u1ea3 n\u0103ng t\u0103ng t\u1ed1c v\u00e0 gi\u1ea3m t\u1ed1c m\u01b0\u1ee3t m\u00e0, \u0111\u1ed9ng c\u01a1 tr\u1ee5c ch\u00ednh gi\u00fap gi\u1ea3m thi\u1ec3u rung \u0111\u1ed9ng v\u00e0 duy tr\u00ec \u0111\u1ed9 ch\u00ednh x\u00e1c v\u1ec1 k\u00edch th\u01b0\u1edbc c\u1ee7a ph\u00f4i.<\/p>\n<p>V\u1edbi c\u01a1 ch\u1ebf l\u00e0m m\u00e1t ti\u00ean ti\u1ebfn, ch\u1eb3ng h\u1ea1n nh\u01b0 l\u00e0m m\u00e1t b\u1eb1ng ch\u1ea5t l\u1ecfng ho\u1eb7c kh\u00f4ng kh\u00ed, \u0111\u1ed9ng c\u01a1 tr\u1ee5c ch\u00ednh m\u00e1y ti\u1ec7n c\u00f3 th\u1ec3 ho\u1ea1t \u0111\u1ed9ng \u1edf m\u1ee9c c\u00f4ng su\u1ea5t cao h\u01a1n m\u00e0 kh\u00f4ng b\u1ecb qu\u00e1 nhi\u1ec7t, \u0111\u1ea3m b\u1ea3o \u0111\u1ed9 b\u1ec1n v\u00e0 tu\u1ed5i th\u1ecd cao. \u0110\u1ed9 ch\u00ednh x\u00e1c v\u00e0 \u0111\u1ed9 tin c\u1eady c\u1ee7a ch\u00fang khi\u1ebfn ch\u00fang tr\u1edf th\u00e0nh thi\u1ebft b\u1ecb kh\u00f4ng th\u1ec3 thi\u1ebfu trong c\u00e1c ng\u00e0nh c\u00f4ng nghi\u1ec7p nh\u01b0 \u00f4 t\u00f4, h\u00e0ng kh\u00f4ng v\u0169 tr\u1ee5 v\u00e0 s\u1ea3n xu\u1ea5t, n\u01a1i c\u00e1c b\u1ed9 ph\u1eadn ch\u00ednh x\u00e1c, ch\u1ea5t l\u01b0\u1ee3ng cao \u0111\u01b0\u1ee3c s\u1ea3n xu\u1ea5t m\u1ed9t c\u00e1ch nh\u1ea5t qu\u00e1n.<\/p>\n<h2>C\u00f3 hai c\u00e1ch \u0111\u1ec3 c\u00f3 \u0111\u1ea7u ra: M\u1ed9t l\u00e0 m\u00f4-men xo\u1eafn kh\u00f4ng \u0111\u1ed5i v\u00e0 hai l\u00e0 c\u00f4ng su\u1ea5t kh\u00f4ng \u0111\u1ed5i nh\u01b0 sau:<\/h2>\n<p><img loading=\"lazy\" decoding=\"async\" class=\"alignnone size-full wp-image-3573\" src=\"https:\/\/fmp-components.com\/wp-content\/uploads\/2025\/01\/spindle-motor-1.webp\" alt=\"\u0111\u1ed9ng c\u01a1 tr\u1ee5c ch\u00ednh-1\" width=\"973\" height=\"551\" title=\"\" srcset=\"https:\/\/fmp-components.com\/wp-content\/uploads\/2025\/01\/spindle-motor-1.webp 973w, https:\/\/fmp-components.com\/wp-content\/uploads\/2025\/01\/spindle-motor-1-480x272.webp 480w\" sizes=\"(min-width: 0px) and (max-width: 480px) 480px, (min-width: 481px) 973px, 100vw\" \/><\/p>\n<h2>Gi\u1ea3i th\u00edch v\u1ec1 danh ph\u00e1p c\u1ee7a tr\u1ee5c ch\u00ednh \u0111\u1ed9ng c\u01a1<\/h2>\n<p><img loading=\"lazy\" decoding=\"async\" class=\"alignnone size-full wp-image-3574\" src=\"https:\/\/fmp-components.com\/wp-content\/uploads\/2025\/01\/spindle-motor-2.webp\" alt=\"\u0111\u1ed9ng c\u01a1 tr\u1ee5c ch\u00ednh-2\" width=\"666\" height=\"351\" title=\"\" srcset=\"https:\/\/fmp-components.com\/wp-content\/uploads\/2025\/01\/spindle-motor-2.webp 666w, https:\/\/fmp-components.com\/wp-content\/uploads\/2025\/01\/spindle-motor-2-480x253.webp 480w\" sizes=\"(min-width: 0px) and (max-width: 480px) 480px, (min-width: 481px) 666px, 100vw\" \/><\/p>\n<h2>K\u1ebft th\u00fac c\u1ee7a k\u1ebft n\u1ed1i tr\u1ee5c ch\u00ednh<\/h2>\n<p>C\u00f3 nhi\u1ec1u lo\u1ea1i k\u1ebft n\u1ed1i kh\u00e1c nhau, t\u00f9y thu\u1ed9c v\u00e0o t\u1eebng m\u1eabu tr\u1ee5c ch\u00ednh, vui l\u00f2ng tham kh\u1ea3o b\u1ea3ng d\u01b0\u1edbi \u0111\u00e2y.<\/p>\n<p><img loading=\"lazy\" decoding=\"async\" class=\"alignnone wp-image-3575\" src=\"https:\/\/fmp-components.com\/wp-content\/uploads\/2025\/01\/spindle-motor-3.webp\" alt=\"\u0111\u1ed9ng c\u01a1 tr\u1ee5c ch\u00ednh-\" width=\"885\" height=\"231\" title=\"\" srcset=\"https:\/\/fmp-components.com\/wp-content\/uploads\/2025\/01\/spindle-motor-3.webp 885w, https:\/\/fmp-components.com\/wp-content\/uploads\/2025\/01\/spindle-motor-3-480x125.webp 480w\" sizes=\"(min-width: 0px) and (max-width: 480px) 480px, (min-width: 481px) 885px, 100vw\" \/><\/p>\n<h2>H\u01b0\u1edbng d\u1eabn s\u1eed d\u1ee5ng tr\u1ee5c ch\u00ednh<\/h2>\n<div><span id=\"spin1\">1<\/span>. B\u1ed9 bi\u1ebfn t\u1ea7n\u00a0<span id=\"spin2\">ph\u1ea3i<\/span>\u00a0ph\u00f9 h\u1ee3p v\u1edbi\u00a0<span id=\"spin3\">\u0111i\u1ec7n<\/span>\u00a0\u0111\u01a1n v\u1ecb tr\u1ee5c ch\u00ednh. C\u00e1c\u00a0<span id=\"spin4\">n\u1ec1n t\u1ea3ng<\/span>\u00a0T\u00ednh th\u01b0\u1eddng xuy\u00ean\u00a0<span id=\"spin5\">ho\u1eb7c th\u1eadm ch\u00ed<\/span>\u00a0t\u1ea7n s\u1ed1 danh ngh\u0129a\u00a0<span id=\"spin6\">c\u0169ng nh\u01b0<\/span>\u00a0\u0111i\u1ec7n \u00e1p\u00a0<span id=\"spin7\">s\u1ebd ph\u1ea3i<\/span>\u00a0\u0111\u00e1p \u1ee9ng c\u00e1c th\u00f4ng s\u1ed1 k\u1ef9 thu\u1eadt\u00a0<span id=\"spin8\">c\u1ee7a<\/span>\u00a0<span id=\"spin9\">\u0111i\u1ec7n<\/span>\u00a0con quay.<br \/>\n<span id=\"spin10\">2<\/span>.\u00a0<span id=\"spin11\">\u0110i\u1ec7n<\/span>\u00a0con quay\u00a0<span id=\"spin12\">n\u00f3i chung l\u00e0<\/span>\u00a0l\u00e0m m\u00e1t b\u1eb1ng n\u01b0\u1edbc tu\u1ea7n ho\u00e0n. N\u01b0\u1edbc l\u00e0m m\u00e1t\u00a0<span id=\"spin13\">c\u1ea7n ph\u1ea3i l\u00e0<\/span>\u00a0ch\u1ed1ng g\u1ec9 v\u00e0 l\u1ecdc s\u1ea1ch. Khi\u00a0<span id=\"spin14\">thu th\u1eadp<\/span>\u00a0n\u01b0\u1edbc, c\u1eeda v\u00e0o\u00a0<span id=\"spin15\">ph\u1ea3i l\u00e0<\/span>\u00a0<span id=\"spin16\">d\u01b0\u1edbi<\/span>\u00a0c\u00e1i\u00a0<span id=\"spin17\">\u0111i\u1ec7n<\/span>\u00a0con quay.<br \/>\n<span id=\"spin18\">ba<\/span>. Khi\u00a0<span id=\"spin19\">l\u00e0m vi\u1ec7c v\u1edbi<\/span>\u00a0m\u1ed9t tr\u1ee5c ch\u00ednh \u0111\u01b0\u1ee3c b\u00f4i tr\u01a1n b\u1eb1ng s\u01b0\u01a1ng d\u1ea7u,\u00a0<span id=\"spin20\">nh\u1ea5n m\u1ea1nh<\/span>\u00a0van \u0111i\u1ec1u ch\u1ec9nh\u00a0<span id=\"spin21\">tr\u00ean<\/span>\u00a0s\u01b0\u01a1ng d\u1ea7u\u00a0<span id=\"spin22\">ti\u1ec7n \u00edch<\/span>\u00a0<span id=\"spin23\">n\u00ean l\u00e0<\/span>\u00a0\u0111i\u1ec1u ch\u1ec9nh \u0111\u1ebfn 0,25~0,3 MPA s\u01b0\u01a1ng m\u00f9\u00a0<span id=\"spin25\">\u00e1p l\u1ef1c<\/span>\u00a0<span id=\"spin26\">n\u00ean l\u00e0<\/span>\u00a00,1~0,2MPA\u00a0<span id=\"spin28\">v\u00e0<\/span>\u00a0<span id=\"spin29\">s\u1ef1 \u0111a d\u1ea1ng c\u1ee7a<\/span>\u00a0nh\u1eefng gi\u1ecdt d\u1ea7u\u00a0<span id=\"spin30\">ph\u1ea3i l\u00e0<\/span>\u00a060-70 gi\u1ecdt\/ph\u00fat.\u00a0<span id=\"spin31\">v\u00e0 c\u0169ng nh\u01b0<\/span>\u00a0d\u1ea7u b\u00f4i tr\u01a1n\u00a0<span id=\"spin32\">n\u00ean l\u00e0<\/span>\u00a0d\u1ea7u chu\u00f4ng ho\u1eb7c d\u1ea7u tua bin s\u1ed1\u00a0<span id=\"spin33\">20<\/span>.<br \/>\n<span id=\"spin34\">b\u1ed1n<\/span>. C\u00e1c\u00a0<span id=\"spin35\">v\u1eadn t\u1ed1c<\/span>\u00a0<span id=\"spin36\">xung quanh<\/span>\u00a0tr\u1ee5c ch\u00ednh c\u00f3 \u0111\u1ed9ng c\u01a1\u00a0<span id=\"spin37\">h\u01b0\u1edbng d\u1eabn<\/span>\u00a0<span id=\"spin38\">ch\u1eafc ch\u1eafn l\u00e0<\/span>\u00a0cao nh\u1ea5t\u00a0<span id=\"spin39\">v\u1eadn t\u1ed1c<\/span>, V\u00e0\u00a0<span id=\"spin40\">n\u00f3 c\u00f3 th\u1ec3<\/span>\u00a0kh\u00f4ng \u0111\u01b0\u1ee3c\u00a0<span id=\"spin41\">cao<\/span>,\u00a0<span id=\"spin42\">tuy nhi\u00ean, n\u00f3<\/span>\u00a0<span id=\"spin43\">C\u00f3 l\u1ebd<\/span>\u00a0<span id=\"spin44\">\u0111\u01b0\u1ee3c tuy\u1ec3n d\u1ee5ng<\/span>\u00a0<span id=\"spin45\">\u0111\u1ec3 gi\u1ea3m<\/span><br \/>\nc\u00e1i\u00a0<span id=\"spin46\">nh\u1ecbp \u0111\u1ed9,<\/span>\u00a0\u0111i\u1ec7n \u00e1p v\u00e0 t\u1ea7n s\u1ed1 l\u00e0\u00a0<span id=\"spin47\">gi\u1ea3m<\/span>\u00a0<span id=\"spin48\">m\u1ed9t khi<\/span>\u00a0<span id=\"spin49\">t\u1ed1c \u0111\u1ed9<\/span>\u00a0\u0111\u01b0\u1ee3c h\u1ea1 xu\u1ed1ng.<br \/>\n<span id=\"spin50\">5<\/span>. S\u1ef1 quay v\u00f2ng\u00a0<span id=\"spin51\">kh\u00f3a h\u1ecdc<\/span>\u00a0<span id=\"spin52\">v\u1edbi<\/span>\u00a0tr\u1ee5c ch\u00ednh c\u00f3 \u0111\u1ed9ng c\u01a1\u00a0<span id=\"spin53\">th\u01b0\u1eddng l\u00e0<\/span>\u00a0ng\u01b0\u1ee3c chi\u1ec1u kim \u0111\u1ed3ng h\u1ed3 (xem\u00a0<span id=\"spin54\">trong<\/span>\u00a0tr\u1ee5c). ngo\u1ea1i tr\u1eeb\u00a0<span id=\"spin55\">lo\u1ea1i tr\u1eeb<\/span><br \/>\n<span id=\"spin56\">y\u00eau c\u1ea7u<\/span>.<br \/>\n<span id=\"spin57\">6<\/span>. Tr\u1ee5c ch\u00ednh \u0111\u01b0\u1ee3c b\u00f4i tr\u01a1n b\u1eb1ng s\u01b0\u01a1ng d\u1ea7u\u00a0<span id=\"spin58\">ph\u1ea3i l\u00e0<\/span>\u00a0<span id=\"spin59\">li\u00ean k\u1ebft<\/span>\u00a0v\u1edbi n\u01b0\u1edbc v\u00e0\u00a0<span id=\"spin60\">x\u0103ng<\/span>\u00a0<span id=\"spin61\">tr\u01b0\u1edbc khi<\/span>\u00a0<span id=\"spin62\">n\u00f3 c\u00f3 th\u1ec3 c\u00f3 kh\u1ea3 n\u0103ng<\/span>\u00a0<span id=\"spin63\">b\u1eaft \u0111\u1ea7u<\/span>\u00a0V\u00e0\u00a0<span id=\"spin64\">ng\u01b0ng<\/span>\u00a0n\u01b0\u1edbc v\u00e0\u00a0<span id=\"spin65\">nhi\u00ean li\u1ec7u\u00a0<\/span><span id=\"spin66\">cung c\u1ea5p<\/span>\u00a0<span id=\"spin67\">sau \u0111\u00f3<\/span>\u00a0t\u1eaft m\u00e1y.<br \/>\nGi\u1ea3i th\u00edch:\u00a0<span id=\"spin68\">\u0111\u1ed9c nh\u1ea5t<\/span>\u00a0ho\u1ea1t \u0111\u1ed9ng\u00a0<span id=\"spin69\">l\u00e0 b\u1eaft bu\u1ed9c<\/span>\u00a0<span id=\"spin70\">theo<\/span>\u00a0<span id=\"spin71\">\u0111\u1ebfn<\/span>\u00a0<span id=\"spin72\">\u0111i\u1ec7n<\/span>\u00a0con quay\u00a0<span id=\"spin73\">h\u01b0\u1edbng d\u1eabn<\/span>.<\/div>\n<div>\n<div class=\"flex max-w-full flex-col flex-grow\">\n<div class=\"min-h-8 text-message flex w-full flex-col items-end gap-2 whitespace-normal break-words text-start [.text-message+&amp;]:mt-5\" dir=\"auto\" data-message-author-role=\"assistant\" data-message-id=\"fbdee532-4424-41b2-a093-d85f55f880e4\" data-message-model-slug=\"gpt-4o-mini\">\n<div class=\"flex w-full flex-col gap-1 empty:hidden first:pt-[3px]\">\n<div class=\"markdown prose w-full break-words dark:prose-invert light\">\n<h2>Gi\u1edbi thi\u1ec7u v\u1ec1 FMP<\/h2>\n<p>FMP l\u00e0 nh\u00e0 s\u1ea3n xu\u1ea5t h\u00e0ng \u0111\u1ea7u chuy\u00ean v\u1ec1 linh ki\u1ec7n c\u01a1 kh\u00ed, bao g\u1ed3m b\u1ed9 gi\u1ea3m t\u1ed1c b\u00e1nh r\u0103ng tr\u1ee5c v\u00edt, b\u00e1nh r\u0103ng c\u00f4n, b\u1ea1c \u0111\u1ea1n c\u00f4n, thanh r\u0103ng, kh\u1edbp n\u1ed1i v\u00e0 c\u00e1c b\u1ed9 ph\u1eadn truy\u1ec1n \u0111\u1ed9ng kh\u00e1c. V\u1edbi tr\u1ecdng t\u00e2m xu\u1ea5t kh\u1ea9u m\u1ea1nh m\u1ebd, h\u01a1n 651 t\u1ea5n s\u1ea3n ph\u1ea9m c\u1ee7a ch\u00fang t\u00f4i \u0111\u01b0\u1ee3c xu\u1ea5t kh\u1ea9u sang c\u00e1c th\u1ecb tr\u01b0\u1eddng ch\u00e2u \u00c2u nh\u01b0 \u0110\u1ee9c, Anh v\u00e0 Ph\u00e1p, t\u1ea1o ra gi\u00e1 tr\u1ecb xu\u1ea5t kh\u1ea9u h\u00e0ng n\u0103m l\u00e0 1,5 tri\u1ec7u t\u1ea5n. T\u1ed5ng gi\u00e1 tr\u1ecb s\u1ea3n xu\u1ea5t h\u00e0ng n\u0103m c\u1ee7a ch\u00fang t\u00f4i \u0111\u1ea1t 200 tri\u1ec7u nh\u00e2n d\u00e2n t\u1ec7.<\/p>\n<p>T\u1ea5t c\u1ea3 s\u1ea3n ph\u1ea9m c\u1ee7a FMP \u0111\u1ec1u \u0111\u01b0\u1ee3c thi\u1ebft k\u1ebf v\u00e0 s\u1ea3n xu\u1ea5t theo ti\u00eau chu\u1ea9n c\u00f4ng nghi\u1ec7p qu\u1ed1c t\u1ebf, ch\u00e2u \u00c2u v\u00e0 Hoa K\u1ef3. Ch\u00fang t\u00f4i s\u1eed d\u1ee5ng thi\u1ebft b\u1ecb gia c\u00f4ng ch\u00ednh x\u00e1c ti\u00ean ti\u1ebfn, tu\u00e2n th\u1ee7 quy tr\u00ecnh s\u1ea3n xu\u1ea5t t\u1ed1i \u01b0u v\u00e0 duy tr\u00ec h\u1ec7 th\u1ed1ng qu\u1ea3n l\u00fd linh ho\u1ea1t, hi\u1ec7u qu\u1ea3. H\u1ec7 th\u1ed1ng qu\u1ea3n l\u00fd ch\u1ea5t l\u01b0\u1ee3ng m\u1ea1nh m\u1ebd c\u1ee7a ch\u00fang t\u00f4i \u0111\u1ea3m b\u1ea3o ti\u00eau chu\u1ea9n s\u1ea3n ph\u1ea9m cao trong khi v\u1eabn gi\u1eef gi\u00e1 c\u1ea3 c\u1ea1nh tranh.<\/p>\n<p>T\u1ea1i FMP, ch\u00fang t\u00f4i duy tr\u00ec c\u00e1c gi\u00e1 tr\u1ecb c\u1ed1t l\u00f5i \u201cCh\u1ea5t l\u01b0\u1ee3ng: n\u1ec1n t\u1ea3ng c\u1ee7a s\u1ef1 b\u1ec1n v\u1eefng trong kinh doanh; Ch\u00ednh tr\u1ef1c: \u0111\u1ed9ng l\u1ef1c t\u0103ng tr\u01b0\u1edfng kinh doanh; D\u1ecbch v\u1ee5: n\u1ec1n t\u1ea3ng c\u1ee7a s\u1ef1 ph\u00e1t tri\u1ec3n; v\u00e0 Gi\u00e1 c\u1ea3 ph\u1ea3i ch\u0103ng: ch\u00eca kh\u00f3a th\u00e0nh c\u00f4ng\u201d. Ch\u00fang t\u00f4i hoan ngh\u00eanh s\u1ef1 h\u1ee3p t\u00e1c v\u1edbi c\u1ea3 kh\u00e1ch h\u00e0ng trong n\u01b0\u1edbc v\u00e0 qu\u1ed1c t\u1ebf v\u00e0 cam k\u1ebft th\u00fac \u0111\u1ea9y s\u1ef1 t\u0103ng tr\u01b0\u1edfng v\u00e0 th\u00e0nh c\u00f4ng chung.<\/p>\n<\/div>\n<\/div>\n<\/div>\n<\/div>\n<p><img loading=\"lazy\" decoding=\"async\" class=\"alignnone wp-image-3563\" src=\"https:\/\/fmp-components.com\/wp-content\/uploads\/2025\/01\/company-2.webp\" alt=\"c\u00f4ng ty\" width=\"873\" height=\"790\" title=\"\" srcset=\"https:\/\/fmp-components.com\/wp-content\/uploads\/2025\/01\/company-2.webp 873w, https:\/\/fmp-components.com\/wp-content\/uploads\/2025\/01\/company-2-480x435.webp 480w\" sizes=\"(min-width: 0px) and (max-width: 480px) 480px, (min-width: 481px) 873px, 100vw\" \/> <img loading=\"lazy\" decoding=\"async\" class=\"alignnone wp-image-3564\" src=\"https:\/\/fmp-components.com\/wp-content\/uploads\/2025\/01\/company-3.webp\" alt=\"c\u00f4ng ty\" width=\"873\" height=\"776\" title=\"\" srcset=\"https:\/\/fmp-components.com\/wp-content\/uploads\/2025\/01\/company-3.webp 873w, https:\/\/fmp-components.com\/wp-content\/uploads\/2025\/01\/company-3-480x427.webp 480w\" sizes=\"(min-width: 0px) and (max-width: 480px) 480px, (min-width: 481px) 873px, 100vw\" \/> <img loading=\"lazy\" decoding=\"async\" class=\"alignnone wp-image-3565\" src=\"https:\/\/fmp-components.com\/wp-content\/uploads\/2025\/01\/company-1.webp\" alt=\"c\u00f4ng ty\" width=\"877\" height=\"225\" title=\"\" srcset=\"https:\/\/fmp-components.com\/wp-content\/uploads\/2025\/01\/company-1.webp 877w, https:\/\/fmp-components.com\/wp-content\/uploads\/2025\/01\/company-1-480x123.webp 480w\" sizes=\"(min-width: 0px) and (max-width: 480px) 480px, (min-width: 481px) 877px, 100vw\" \/><\/p>\n<p>T\u00e1c gi\u1ea3: CX<\/p>\n<\/div>","protected":false},"excerpt":{"rendered":"<p>Spindle Motor Applications Spindle motors are essential in various precision machining and manufacturing processes, driving the rotation of tools and enabling high-performance cutting, grinding, and milling operations. Commonly used in CNC machines, they offer high torque and speed control, making them ideal for applications that require tight tolerances and complex geometries. Their ability to provide [&hellip;]<\/p>","protected":false},"featured_media":3579,"comment_status":"open","ping_status":"closed","template":"","meta":{"_et_pb_use_builder":"","_et_pb_old_content":"","_et_gb_content_width":""},"product_brand":[],"product_cat":[89],"product_tag":[],"class_list":{"0":"post-3578","1":"product","2":"type-product","3":"status-publish","4":"has-post-thumbnail","6":"product_cat-spindle-motor","8":"first","9":"instock","10":"shipping-taxable","11":"product-type-simple"},"_links":{"self":[{"href":"https:\/\/fmp-components.com\/vi\/wp-json\/wp\/v2\/product\/3578","targetHints":{"allow":["GET"]}}],"collection":[{"href":"https:\/\/fmp-components.com\/vi\/wp-json\/wp\/v2\/product"}],"about":[{"href":"https:\/\/fmp-components.com\/vi\/wp-json\/wp\/v2\/types\/product"}],"replies":[{"embeddable":true,"href":"https:\/\/fmp-components.com\/vi\/wp-json\/wp\/v2\/comments?post=3578"}],"wp:featuredmedia":[{"embeddable":true,"href":"https:\/\/fmp-components.com\/vi\/wp-json\/wp\/v2\/media\/3579"}],"wp:attachment":[{"href":"https:\/\/fmp-components.com\/vi\/wp-json\/wp\/v2\/media?parent=3578"}],"wp:term":[{"taxonomy":"product_brand","embeddable":true,"href":"https:\/\/fmp-components.com\/vi\/wp-json\/wp\/v2\/product_brand?post=3578"},{"taxonomy":"product_cat","embeddable":true,"href":"https:\/\/fmp-components.com\/vi\/wp-json\/wp\/v2\/product_cat?post=3578"},{"taxonomy":"product_tag","embeddable":true,"href":"https:\/\/fmp-components.com\/vi\/wp-json\/wp\/v2\/product_tag?post=3578"}],"curies":[{"name":"wp","href":"https:\/\/api.w.org\/{rel}","templated":true}]}}