{"id":3561,"date":"2025-01-08T06:10:35","date_gmt":"2025-01-08T06:10:35","guid":{"rendered":"https:\/\/fmp-components.com\/?page_id=8"},"modified":"2025-01-08T07:48:44","modified_gmt":"2025-01-08T07:48:44","slug":"pneumatic-unclamp-cylinder","status":"publish","type":"product","link":"https:\/\/fmp-components.com\/vi\/product\/pneumatic-unclamp-cylinder\/","title":{"rendered":"Xi lanh th\u00e1o k\u1eb9p kh\u00ed n\u00e9n"},"content":{"rendered":"<h3 style=\"text-align: center;\">Xi lanh kh\u00ed n\u00e9n m\u1edf k\u1eb9p \u2013 Gi\u1edbi thi\u1ec7u s\u1ea3n ph\u1ea9m<\/h3>\n<p>Xi lanh th\u00e1o k\u1eb9p kh\u00ed n\u00e9n l\u00e0 m\u1ed9t linh ki\u1ec7n chuy\u00ean d\u1ee5ng \u0111\u01b0\u1ee3c thi\u1ebft k\u1ebf \u0111\u1ec3 s\u1eed d\u1ee5ng trong nhi\u1ec1u \u1ee9ng d\u1ee5ng c\u00f4ng nghi\u1ec7p \u0111\u00f2i h\u1ecfi ph\u1ea3i th\u00e1o k\u1eb9p t\u1ef1 \u0111\u1ed9ng. Lo\u1ea1i xi lanh n\u00e0y s\u1eed d\u1ee5ng kh\u00ed n\u00e9n \u0111\u1ec3 cung c\u1ea5p l\u1ef1c c\u1ea7n thi\u1ebft \u0111\u1ec3 th\u00e1o c\u01a1 c\u1ea5u k\u1eb9p, \u0111\u1ea3m b\u1ea3o ho\u1ea1t \u0111\u1ed9ng tr\u01a1n tru v\u00e0 hi\u1ec7u su\u1ea5t cao trong c\u00e1c h\u1ec7 th\u1ed1ng c\u01a1 kh\u00ed.<\/p>\n<h4>C\u00e1c t\u00ednh n\u0103ng ch\u00ednh:<\/h4>\n<ul>\n<li><strong>Truy\u1ec1n \u0111\u1ed9ng kh\u00ed n\u00e9n<\/strong>:Xi lanh ho\u1ea1t \u0111\u1ed9ng b\u1eb1ng kh\u00ed n\u00e9n, mang l\u1ea1i gi\u1ea3i ph\u00e1p s\u1ea1ch, hi\u1ec7u qu\u1ea3 v\u00e0 ti\u1ebft ki\u1ec7m chi ph\u00ed so v\u1edbi h\u1ec7 th\u1ed1ng th\u1ee7y l\u1ef1c ho\u1eb7c th\u1ee7 c\u00f4ng.<\/li>\n<li><strong>C\u00f4ng su\u1ea5t \u0111\u1ea7u ra cao<\/strong>: \u0110\u01b0\u1ee3c thi\u1ebft k\u1ebf \u0111\u1ec3 t\u1ea1o ra l\u1ef1c \u0111\u00e1ng k\u1ec3 cho c\u00e1c thao t\u00e1c m\u1edf k\u1eb9p, ph\u00f9 h\u1ee3p v\u1edbi c\u00e1c \u1ee9ng d\u1ee5ng c\u00f4ng nghi\u1ec7p n\u1eb7ng.<\/li>\n<li><strong>\u0110\u1ed9 b\u1ec1n<\/strong>: \u0110\u01b0\u1ee3c ch\u1ebf t\u1ea1o t\u1eeb v\u1eadt li\u1ec7u ch\u1ea5t l\u01b0\u1ee3ng cao \u0111\u1ec3 k\u00e9o d\u00e0i tu\u1ed5i th\u1ecd, ngay c\u1ea3 trong \u0111i\u1ec1u ki\u1ec7n l\u00e0m vi\u1ec7c kh\u1eafc nghi\u1ec7t.<\/li>\n<li><strong>Ki\u1ec3m so\u00e1t ch\u00ednh x\u00e1c<\/strong>: C\u00f3 kh\u1ea3 n\u0103ng ki\u1ec3m so\u00e1t ch\u00ednh x\u00e1c c\u00e1c thao t\u00e1c k\u1eb9p v\u00e0 th\u00e1o k\u1eb9p, n\u00e2ng cao \u0111\u1ed9 ch\u00ednh x\u00e1c v\u00e0 \u0111\u1ed9 tin c\u1eady c\u1ee7a quy tr\u00ecnh t\u1ef1 \u0111\u1ed9ng h\u00f3a c\u1ee7a b\u1ea1n.<\/li>\n<li><strong>Thi\u1ebft k\u1ebf nh\u1ecf g\u1ecdn<\/strong>: \u0110\u01b0\u1ee3c t\u1ed1i \u01b0u h\u00f3a \u0111\u1ec3 ti\u1ebft ki\u1ec7m kh\u00f4ng gian, l\u00fd t\u01b0\u1edfng \u0111\u1ec3 s\u1eed d\u1ee5ng trong m\u00f4i tr\u01b0\u1eddng c\u00f3 kh\u00f4ng gian l\u1eafp \u0111\u1eb7t h\u1ea1n ch\u1ebf.<\/li>\n<li><strong>T\u00edch h\u1ee3p d\u1ec5 d\u00e0ng<\/strong>: T\u01b0\u01a1ng th\u00edch v\u1edbi nhi\u1ec1u lo\u1ea1i m\u00e1y m\u00f3c, cung c\u1ea5p kh\u1ea3 n\u0103ng t\u00edch h\u1ee3p li\u1ec1n m\u1ea1ch v\u00e0o c\u00e1c h\u1ec7 th\u1ed1ng hi\u1ec7n c\u00f3 \u0111\u1ec3 d\u1ec5 d\u00e0ng n\u00e2ng c\u1ea5p v\u00e0 thay th\u1ebf.<\/li>\n<li><strong>Kh\u1ea3 n\u0103ng ch\u1ed1ng \u0103n m\u00f2n<\/strong>: \u0110\u01b0\u1ee3c ch\u1ebf t\u1ea1o \u0111\u1ec3 ch\u1ecbu \u0111\u01b0\u1ee3c m\u00f4i tr\u01b0\u1eddng kh\u1eafc nghi\u1ec7t, v\u1edbi ph\u01b0\u01a1ng ph\u00e1p x\u1eed l\u00fd ch\u1ed1ng \u0103n m\u00f2n \u0111\u1ea3m b\u1ea3o \u0111\u1ed9 tin c\u1eady trong \u0111i\u1ec1u ki\u1ec7n c\u00f4ng nghi\u1ec7p \u0111\u1ea7y th\u00e1ch th\u1ee9c.<\/li>\n<\/ul>\n<h4>Thu\u1eadn l\u1ee3i:<\/h4>\n<ul>\n<li><strong>T\u0103ng hi\u1ec7u qu\u1ea3<\/strong>:B\u1eb1ng c\u00e1ch t\u1ef1 \u0111\u1ed9ng h\u00f3a qu\u00e1 tr\u00ecnh th\u00e1o k\u1eb9p, chu k\u1ef3 ho\u1ea1t \u0111\u1ed9ng \u0111\u01b0\u1ee3c r\u00fat ng\u1eafn, d\u1eabn \u0111\u1ebfn n\u0103ng su\u1ea5t cao h\u01a1n v\u00e0 gi\u1ea3m th\u1eddi gian ch\u1ebft.<\/li>\n<li><strong>Gi\u1ea3m lao \u0111\u1ed9ng<\/strong>: \u00cdt c\u1ea7n can thi\u1ec7p th\u1ee7 c\u00f4ng h\u01a1n, gi\u1ea3m thi\u1ec3u nguy c\u01a1 sai s\u00f3t v\u00e0 c\u1ea3i thi\u1ec7n an to\u00e0n t\u1ea1i n\u01a1i l\u00e0m vi\u1ec7c.<\/li>\n<li><strong>Ti\u1ebft ki\u1ec7m n\u0103ng l\u01b0\u1ee3ng<\/strong>:Xi lanh kh\u00ed n\u00e9n th\u01b0\u1eddng ti\u00eau th\u1ee5 \u00edt n\u0103ng l\u01b0\u1ee3ng h\u01a1n h\u1ec7 th\u1ed1ng th\u1ee7y l\u1ef1c, mang l\u1ea1i hi\u1ec7u qu\u1ea3 ho\u1ea1t \u0111\u1ed9ng ti\u1ebft ki\u1ec7m chi ph\u00ed theo th\u1eddi gian.<\/li>\n<li><strong>C\u00f3 th\u1ec3 t\u00f9y ch\u1ec9nh<\/strong>: C\u00f3 nhi\u1ec1u k\u00edch c\u1ee1, chi\u1ec1u d\u00e0i h\u00e0nh tr\u00ecnh v\u00e0 m\u1ee9c \u00e1p su\u1ea5t kh\u00e1c nhau \u0111\u1ec3 ph\u00f9 h\u1ee3p v\u1edbi c\u00e1c nhu c\u1ea7u v\u00e0 \u1ee9ng d\u1ee5ng c\u00f4ng nghi\u1ec7p kh\u00e1c nhau.<\/li>\n<\/ul>\n<p>C\u00e1c <strong>Xi lanh th\u00e1o k\u1eb9p kh\u00ed n\u00e9n<\/strong> l\u00e0 th\u00e0nh ph\u1ea7n thi\u1ebft y\u1ebfu cho c\u00e1c doanh nghi\u1ec7p mu\u1ed1n n\u00e2ng cao hi\u1ec7u qu\u1ea3 ho\u1ea1t \u0111\u1ed9ng, gi\u1ea3m lao \u0111\u1ed9ng th\u1ee7 c\u00f4ng v\u00e0 \u0111\u1ea3m b\u1ea3o \u0111\u1ed9 ch\u00ednh x\u00e1c cao trong c\u00e1c quy tr\u00ecnh t\u1ef1 \u0111\u1ed9ng.<\/p>\n<p><img loading=\"lazy\" decoding=\"async\" class=\"alignnone size-full wp-image-3566\" src=\"https:\/\/fmp-components.com\/wp-content\/uploads\/2025\/01\/pneumatic-unclamp-cylinder-2.webp\" alt=\"xi-lanh-th\u00e1o-k\u1eb9p-kh\u00ed-kh\u00ed-2\" width=\"1371\" height=\"652\" title=\"\" srcset=\"https:\/\/fmp-components.com\/wp-content\/uploads\/2025\/01\/pneumatic-unclamp-cylinder-2.webp 1371w, https:\/\/fmp-components.com\/wp-content\/uploads\/2025\/01\/pneumatic-unclamp-cylinder-2-1280x609.webp 1280w, https:\/\/fmp-components.com\/wp-content\/uploads\/2025\/01\/pneumatic-unclamp-cylinder-2-980x466.webp 980w, https:\/\/fmp-components.com\/wp-content\/uploads\/2025\/01\/pneumatic-unclamp-cylinder-2-480x228.webp 480w\" sizes=\"(min-width: 0px) and (max-width: 480px) 480px, (min-width: 481px) and (max-width: 980px) 980px, (min-width: 981px) and (max-width: 1280px) 1280px, (min-width: 1281px) 1371px, 100vw\" \/><\/p>\n<h2>Danh s\u00e1ch m\u00f4 h\u00ecnh<\/h2>\n<p><img loading=\"lazy\" decoding=\"async\" class=\"alignnone size-full wp-image-3568\" src=\"https:\/\/fmp-components.com\/wp-content\/uploads\/2025\/01\/pneumatic-unclamp-cylinder-3.webp\" alt=\"xi-lanh-th\u00e1o-k\u1eb9p-kh\u00ed-kh\u00ed-2\" width=\"906\" height=\"158\" title=\"\" srcset=\"https:\/\/fmp-components.com\/wp-content\/uploads\/2025\/01\/pneumatic-unclamp-cylinder-3.webp 906w, https:\/\/fmp-components.com\/wp-content\/uploads\/2025\/01\/pneumatic-unclamp-cylinder-3-480x84.webp 480w\" sizes=\"(min-width: 0px) and (max-width: 480px) 480px, (min-width: 481px) 906px, 100vw\" \/><\/p>\n<p>GHI CH\u00da:<br \/>\n1. Xi lanh m\u1edf k\u1eb9p kh\u00ed n\u00e9n c\u00f3 th\u1ec3 l\u1eafp theo chi\u1ec1u d\u1ecdc v\u00e0 chi\u1ec1u ngang, c\u1ed1c d\u1ea7u ph\u1ea3i h\u01b0\u1edbng l\u00ean tr\u00ean.<br \/>\n2. Ngu\u1ed3n kh\u00ed \u0111\u1ea7u v\u00e0o ph\u1ea3i \u0111\u01b0\u1ee3c x\u1eed l\u00fd b\u1eb1ng b\u1ed9 ba ngu\u1ed3n kh\u00ed. \u0110\u1ed1i v\u1edbi kh\u00f4ng kh\u00ed kh\u00f4 v\u00e0 s\u1ea1ch, \u00e1p su\u1ea5t t\u1ed1i thi\u1ec3u l\u00e0 6kgf\/cm\u00b2.<br \/>\n3. H\u00e0m l\u01b0\u1ee3ng d\u1ea7u an to\u00e0n t\u1ed1i thi\u1ec3u trong c\u1ed1c d\u1ea7u l\u00e0 1\/5 v\u00e0 h\u00e0m l\u01b0\u1ee3ng d\u1ea7u an to\u00e0n t\u1ed1i \u0111a l\u00e0 4\/5.<\/p>\n<div class=\"flex max-w-full flex-col flex-grow\">\n<div class=\"min-h-8 text-message flex w-full flex-col items-end gap-2 whitespace-normal break-words text-start [.text-message+&amp;]:mt-5\" dir=\"auto\" data-message-author-role=\"assistant\" data-message-id=\"fbdee532-4424-41b2-a093-d85f55f880e4\" data-message-model-slug=\"gpt-4o-mini\">\n<div class=\"flex w-full flex-col gap-1 empty:hidden first:pt-[3px]\">\n<div class=\"markdown prose w-full break-words dark:prose-invert light\">\n<h2>C\u00e1c lo\u1ea1i xi lanh kh\u00ed n\u00e9n kh\u00f4ng k\u1eb9p<\/h2>\n<p>Xi lanh kh\u00ed n\u00e9n c\u00f3 nhi\u1ec1u lo\u1ea1i kh\u00e1c nhau, m\u1ed7i lo\u1ea1i \u0111\u01b0\u1ee3c thi\u1ebft k\u1ebf cho c\u00e1c \u1ee9ng d\u1ee5ng v\u00e0 y\u00eau c\u1ea7u v\u1eadn h\u00e0nh c\u1ee5 th\u1ec3. D\u01b0\u1edbi \u0111\u00e2y l\u00e0 c\u00e1c lo\u1ea1i ph\u1ed5 bi\u1ebfn nh\u1ea5t:<\/p>\n<h4>1. <strong>Xi lanh kh\u00ed n\u00e9n t\u00e1c \u0111\u1ed9ng \u0111\u01a1n<\/strong><\/h4>\n<ul>\n<li><strong>S\u1ef1 mi\u00eau t\u1ea3<\/strong>: Xy lanh kh\u00ed n\u00e9n t\u00e1c \u0111\u1ed9ng \u0111\u01a1n ho\u1ea1t \u0111\u1ed9ng v\u1edbi \u00e1p su\u1ea5t kh\u00ed n\u00e9n ch\u1ec9 t\u00e1c \u0111\u1ed9ng l\u00ean m\u1ed9t b\u00ean piston. H\u00e0nh tr\u00ecnh h\u1ed3i th\u01b0\u1eddng \u0111\u01b0\u1ee3c th\u1ef1c hi\u1ec7n th\u00f4ng qua l\u00f2 xo ho\u1eb7c l\u1ef1c b\u00ean ngo\u00e0i.<\/li>\n<li><strong>\u1ee8ng d\u1ee5ng<\/strong>: Ph\u1ed5 bi\u1ebfn trong c\u00e1c h\u1ec7 th\u1ed1ng \u0111\u01a1n gi\u1ea3n h\u01a1n, trong \u0111\u00f3 l\u1ef1c nh\u1ea3 k\u1eb9p \u0111\u01b0\u1ee3c y\u00eau c\u1ea7u theo m\u1ed9t h\u01b0\u1edbng v\u00e0 h\u00e0nh tr\u00ecnh tr\u1ea3 v\u1ec1 c\u00f3 th\u1ec3 \u0111\u01b0\u1ee3c h\u1ed7 tr\u1ee3 b\u1edfi l\u00f2 xo.<\/li>\n<li><strong>Thu\u1eadn l\u1ee3i<\/strong>:\n<ul>\n<li>Ti\u1ebft ki\u1ec7m chi ph\u00ed<\/li>\n<li>Thi\u1ebft k\u1ebf \u0111\u01a1n gi\u1ea3n v\u00e0 d\u1ec5 b\u1ea3o tr\u00ec<\/li>\n<li>Y\u00eau c\u1ea7u ti\u00eau th\u1ee5 \u00edt kh\u00f4ng kh\u00ed h\u01a1n<\/li>\n<\/ul>\n<\/li>\n<\/ul>\n<h4>2. <strong>Xi lanh kh\u00ed n\u00e9n t\u00e1c \u0111\u1ed9ng k\u00e9p<\/strong><\/h4>\n<ul>\n<li><strong>S\u1ef1 mi\u00eau t\u1ea3<\/strong>:Trong xi lanh m\u1edf k\u1eb9p kh\u00ed n\u00e9n t\u00e1c \u0111\u1ed9ng k\u00e9p, \u00e1p su\u1ea5t kh\u00f4ng kh\u00ed \u0111\u01b0\u1ee3c t\u00e1c d\u1ee5ng l\u00ean c\u1ea3 hai m\u1eb7t c\u1ee7a piston cho c\u1ea3 h\u00e0nh \u0111\u1ed9ng k\u1eb9p v\u00e0 m\u1edf k\u1eb9p, cho ph\u00e9p ki\u1ec3m so\u00e1t t\u1ed1t h\u01a1n chuy\u1ec3n \u0111\u1ed9ng c\u1ee7a xi lanh.<\/li>\n<li><strong>\u1ee8ng d\u1ee5ng<\/strong>: L\u00fd t\u01b0\u1edfng cho c\u00e1c \u1ee9ng d\u1ee5ng \u0111\u00f2i h\u1ecfi l\u1ef1c l\u1edbn h\u01a1n v\u00e0 kh\u1ea3 n\u0103ng ki\u1ec3m so\u00e1t ch\u00ednh x\u00e1c h\u01a1n \u0111\u1ed1i v\u1edbi qu\u00e1 tr\u00ecnh th\u00e1o k\u1eb9p, ch\u1eb3ng h\u1ea1n nh\u01b0 trong d\u00e2y chuy\u1ec1n s\u1ea3n xu\u1ea5t t\u1ef1 \u0111\u1ed9ng ho\u1eb7c h\u1ec7 th\u1ed1ng r\u00f4-b\u1ed1t.<\/li>\n<li><strong>Thu\u1eadn l\u1ee3i<\/strong>:\n<ul>\n<li>L\u1ef1c m\u1ea1nh h\u01a1n v\u00e0 th\u1eddi gian ph\u1ea3n h\u1ed3i nhanh h\u01a1n<\/li>\n<li>Ki\u1ec3m so\u00e1t ch\u00ednh x\u00e1c c\u1ea3 h\u00e0nh \u0111\u1ed9ng k\u1eb9p v\u00e0 th\u00e1o k\u1eb9p<\/li>\n<li>C\u00f3 th\u1ec3 \u0111\u01b0\u1ee3c s\u1eed d\u1ee5ng cho c\u00e1c \u1ee9ng d\u1ee5ng ph\u1ee9c t\u1ea1p h\u01a1n<\/li>\n<\/ul>\n<\/li>\n<\/ul>\n<h4>3. <strong>Xi lanh kh\u00ed n\u00e9n quay<\/strong><\/h4>\n<ul>\n<li><strong>S\u1ef1 mi\u00eau t\u1ea3<\/strong>: Lo\u1ea1i xi lanh n\u00e0y \u0111\u01b0\u1ee3c thi\u1ebft k\u1ebf cho c\u00e1c \u1ee9ng d\u1ee5ng y\u00eau c\u1ea7u chuy\u1ec3n \u0111\u1ed9ng quay ngo\u00e0i chuy\u1ec3n \u0111\u1ed9ng th\u1eb3ng. N\u00f3 c\u00f3 b\u1ed9 truy\u1ec1n \u0111\u1ed9ng quay k\u1ebft h\u1ee3p v\u1edbi c\u01a1 c\u1ea5u th\u00e1o k\u1eb9p kh\u00ed n\u00e9n.<\/li>\n<li><strong>\u1ee8ng d\u1ee5ng<\/strong>: Th\u01b0\u1eddng \u0111\u01b0\u1ee3c s\u1eed d\u1ee5ng trong c\u00e1c thi\u1ebft b\u1ecb ho\u1eb7c m\u00e1y m\u00f3c t\u1ef1 \u0111\u1ed9ng, trong \u0111\u00f3 h\u1ec7 th\u1ed1ng k\u1eb9p c\u1ea7n ph\u1ea3i quay tr\u01b0\u1edbc ho\u1eb7c sau khi th\u00e1o k\u1eb9p.<\/li>\n<li><strong>Thu\u1eadn l\u1ee3i<\/strong>:\n<ul>\n<li>Cung c\u1ea5p c\u1ea3 chuy\u1ec3n \u0111\u1ed9ng quay v\u00e0 chuy\u1ec3n \u0111\u1ed9ng tuy\u1ebfn t\u00ednh<\/li>\n<li>C\u00f3 th\u1ec3 th\u1ef1c hi\u1ec7n c\u00e1c nhi\u1ec7m v\u1ee5 ph\u1ee9c t\u1ea1p nh\u01b0 xoay c\u00e1c b\u1ed9 ph\u1eadn ho\u1eb7c \u0111\u1ed3 \u0111\u1ea1c sau khi th\u00e1o k\u1eb9p<\/li>\n<\/ul>\n<\/li>\n<\/ul>\n<h4>4. <strong>Xi lanh kh\u00ed n\u00e9n nh\u1ecf g\u1ecdn<\/strong><\/h4>\n<ul>\n<li><strong>S\u1ef1 mi\u00eau t\u1ea3<\/strong>: C\u00e1c xi lanh n\u00e0y c\u00f3 thi\u1ebft k\u1ebf nh\u1ecf g\u1ecdn h\u01a1n, g\u1ecdn nh\u1eb9 h\u01a1n nh\u01b0ng v\u1eabn duy tr\u00ec l\u1ef1c phun m\u1ea1nh. Ch\u00fang ph\u00f9 h\u1ee3p v\u1edbi nh\u1eefng kh\u00f4ng gian ch\u1eadt h\u1eb9p m\u00e0 c\u00e1c xi lanh th\u00f4ng th\u01b0\u1eddng kh\u00f4ng th\u1ec3 l\u1eafp v\u1eeba.<\/li>\n<li><strong>\u1ee8ng d\u1ee5ng<\/strong>: \u0110\u01b0\u1ee3c s\u1eed d\u1ee5ng trong c\u00e1c \u1ee9ng d\u1ee5ng c\u00f3 kh\u00f4ng gian h\u1ea1n ch\u1ebf nh\u01b0ng v\u1eabn c\u1ea7n l\u1ef1c th\u00e1o k\u1eb9p m\u1ea1nh, ch\u1eb3ng h\u1ea1n nh\u01b0 trong c\u00e1c h\u1ec7 th\u1ed1ng t\u1ef1 \u0111\u1ed9ng h\u00f3a quy m\u00f4 nh\u1ecf ho\u1eb7c m\u00e1y m\u00f3c c\u00f3 kh\u00f4ng gian l\u1eafp \u0111\u1eb7t h\u1ea1n ch\u1ebf.<\/li>\n<li><strong>Thu\u1eadn l\u1ee3i<\/strong>:\n<ul>\n<li>Thi\u1ebft k\u1ebf ti\u1ebft ki\u1ec7m kh\u00f4ng gian<\/li>\n<li>Hi\u1ec7u su\u1ea5t cao trong c\u00e1c g\u00f3i nh\u1ecf g\u1ecdn<\/li>\n<\/ul>\n<\/li>\n<\/ul>\n<h4>5. <strong>Xi lanh kh\u00ed n\u00e9n thanh \u0111\u00f4i<\/strong><\/h4>\n<ul>\n<li><strong>S\u1ef1 mi\u00eau t\u1ea3<\/strong>: Lo\u1ea1i xi lanh n\u00e0y c\u00f3 thanh truy\u1ec1n \u1edf c\u1ea3 hai b\u00ean piston, cho ph\u00e9p ph\u00e2n b\u1ed5 l\u1ef1c c\u00e2n b\u1eb1ng h\u01a1n v\u00e0 chuy\u1ec3n \u0111\u1ed9ng \u0111\u1ed3ng \u0111\u1ec1u h\u01a1n trong qu\u00e1 tr\u00ecnh th\u00e1o v\u00e0 k\u1eb9p.<\/li>\n<li><strong>\u1ee8ng d\u1ee5ng<\/strong>: L\u00fd t\u01b0\u1edfng cho c\u00e1c \u1ee9ng d\u1ee5ng \u0111\u00f2i h\u1ecfi \u0111\u1ed9 \u1ed5n \u0111\u1ecbnh, \u0111\u1ed9 ch\u00ednh x\u00e1c v\u00e0 chuy\u1ec3n \u0111\u1ed9ng c\u00e2n b\u1eb1ng cao, ch\u1eb3ng h\u1ea1n nh\u01b0 trong m\u00e1y m\u00f3c c\u00f3 \u0111\u1ed9 ch\u00ednh x\u00e1c cao v\u00e0 robot.<\/li>\n<li><strong>Thu\u1eadn l\u1ee3i<\/strong>:\n<ul>\n<li>\u0110\u1ed9 \u1ed5n \u0111\u1ecbnh v\u00e0 ph\u00e2n b\u1ed5 t\u1ea3i tr\u1ecdng cao h\u01a1n<\/li>\n<li>Th\u00edch h\u1ee3p cho c\u00e1c \u1ee9ng d\u1ee5ng c\u00f3 \u0111\u1ed9 ch\u00ednh x\u00e1c cao<\/li>\n<\/ul>\n<\/li>\n<\/ul>\n<ul>\n<li style=\"list-style-type: none;\"><\/li>\n<\/ul>\n<p>M\u1ed7i lo\u1ea1i Xi lanh kh\u00ed n\u00e9n m\u1edf k\u1eb9p \u0111\u00e1p \u1ee9ng m\u1ed9t nhu c\u1ea7u c\u1ee5 th\u1ec3 t\u00f9y thu\u1ed9c v\u00e0o y\u00eau c\u1ea7u \u1ee9ng d\u1ee5ng, h\u1ea1n ch\u1ebf v\u1ec1 kh\u00f4ng gian, y\u00eau c\u1ea7u l\u1ef1c v\u00e0 \u0111\u1ed9 ch\u00ednh x\u00e1c c\u1ea7n thi\u1ebft. Vi\u1ec7c l\u1ef1a ch\u1ecdn \u0111\u00fang lo\u1ea1i xi lanh kh\u00ed n\u00e9n m\u1edf k\u1eb9p \u0111\u1ea3m b\u1ea3o hi\u1ec7u su\u1ea5t v\u00e0 hi\u1ec7u qu\u1ea3 t\u1ed1i \u01b0u trong c\u00e1c h\u1ec7 th\u1ed1ng t\u1ef1 \u0111\u1ed9ng h\u00f3a v\u00e0 c\u01a1 kh\u00ed.<\/p>\n<h2>Gi\u1edbi thi\u1ec7u v\u1ec1 FMP<\/h2>\n<p>FMP l\u00e0 nh\u00e0 s\u1ea3n xu\u1ea5t chuy\u00ean nghi\u1ec7p chuy\u00ean s\u1ea3n xu\u1ea5t linh ki\u1ec7n c\u01a1 kh\u00ed. C\u00e1c s\u1ea3n ph\u1ea9m ch\u00ednh c\u1ee7a ch\u00fang t\u00f4i bao g\u1ed3m b\u1ed9 gi\u1ea3m t\u1ed1c b\u00e1nh r\u0103ng c\u00f4n xo\u1eafn, b\u00e1nh r\u0103ng x\u00edch, b\u1ea1c \u0111\u1ea1n c\u00f4n, thanh r\u0103ng, kh\u1edbp n\u1ed1i v\u00e0 c\u00e1c b\u1ed9 ph\u1eadn truy\u1ec1n \u0111\u1ed9ng kh\u00e1c. V\u1edbi tr\u1ecdng t\u00e2m xu\u1ea5t kh\u1ea9u m\u1ea1nh m\u1ebd, h\u01a1n 651 t\u1ea5n s\u1ea3n ph\u1ea9m c\u1ee7a ch\u00fang t\u00f4i \u0111\u01b0\u1ee3c xu\u1ea5t kh\u1ea9u sang c\u00e1c th\u1ecb tr\u01b0\u1eddng ch\u00e2u \u00c2u, bao g\u1ed3m \u0110\u1ee9c, Anh v\u00e0 Ph\u00e1p, \u0111\u1ea1t kim ng\u1ea1ch xu\u1ea5t kh\u1ea9u h\u00e0ng n\u0103m l\u00e0 1,5 t\u1ea5n, t\u01b0\u01a1ng \u0111\u01b0\u01a1ng 18 tri\u1ec7u USD. T\u1ed5ng gi\u00e1 tr\u1ecb s\u1ea3n xu\u1ea5t h\u00e0ng n\u0103m c\u1ee7a ch\u00fang t\u00f4i \u0111\u1ea1t 200 tri\u1ec7u Nh\u00e2n d\u00e2n t\u1ec7.<\/p>\n<p>T\u1ea5t c\u1ea3 s\u1ea3n ph\u1ea9m c\u1ee7a FMP \u0111\u1ec1u \u0111\u01b0\u1ee3c s\u1ea3n xu\u1ea5t theo ti\u00eau chu\u1ea9n c\u00f4ng nghi\u1ec7p qu\u1ed1c t\u1ebf, ch\u00e2u \u00c2u v\u00e0 Hoa K\u1ef3. Ch\u00fang t\u00f4i s\u1eed d\u1ee5ng thi\u1ebft b\u1ecb gia c\u00f4ng ch\u00ednh x\u00e1c v\u00e0 ch\u1ea5t l\u01b0\u1ee3ng cao, tri\u1ec3n khai quy tr\u00ecnh s\u1ea3n xu\u1ea5t \u0111\u01b0\u1ee3c ho\u1ea1ch \u0111\u1ecbnh k\u1ef9 l\u01b0\u1ee1ng v\u00e0 tu\u00e2n th\u1ee7 h\u1ec7 th\u1ed1ng qu\u1ea3n l\u00fd hi\u1ec7u qu\u1ea3 v\u00e0 linh ho\u1ea1t. H\u1ec7 th\u1ed1ng qu\u1ea3n l\u00fd ch\u1ea5t l\u01b0\u1ee3ng to\u00e0n di\u1ec7n c\u1ee7a ch\u00fang t\u00f4i \u0111\u1ea3m b\u1ea3o ch\u1ea5t l\u01b0\u1ee3ng s\u1ea3n ph\u1ea9m tuy\u1ec7t v\u1eddi v\u00e0 gi\u00e1 c\u1ea3 c\u1ea1nh tranh.<\/p>\n<p>FMP ho\u1ea1t \u0111\u1ed9ng d\u1ef1a tr\u00ean c\u00e1c nguy\u00ean t\u1eafc c\u1ed1t l\u00f5i \u201cCh\u1ea5t l\u01b0\u1ee3ng: n\u1ec1n t\u1ea3ng cho s\u1ef1 t\u1ed3n t\u1ea1i c\u1ee7a doanh nghi\u1ec7p, Ch\u00ednh tr\u1ef1c: \u0111\u1ed9ng l\u1ef1c th\u00fac \u0111\u1ea9y ph\u00e1t tri\u1ec3n doanh nghi\u1ec7p, D\u1ecbch v\u1ee5: ngu\u1ed3n t\u0103ng tr\u01b0\u1edfng kinh doanh v\u00e0 Gi\u00e1 c\u1ea3 ph\u1ea3i ch\u0103ng: ch\u00eca kh\u00f3a th\u00e0nh c\u00f4ng c\u1ee7a doanh nghi\u1ec7p\u201d. Ch\u00fang t\u00f4i ch\u00e0o \u0111\u00f3n c\u1ea3 kh\u00e1ch h\u00e0ng trong n\u01b0\u1edbc v\u00e0 qu\u1ed1c t\u1ebf v\u00e0 mong mu\u1ed1n h\u1ee3p t\u00e1c \u0111\u1ec3 c\u00f9ng nhau ph\u00e1t tri\u1ec3n v\u00e0 th\u00e0nh c\u00f4ng.<\/p>\n<\/div>\n<\/div>\n<\/div>\n<\/div>\n<p><img loading=\"lazy\" decoding=\"async\" class=\"alignnone  wp-image-3563\" src=\"https:\/\/fmp-components.com\/wp-content\/uploads\/2025\/01\/company-2.webp\" alt=\"c\u00f4ng ty\" width=\"873\" height=\"790\" title=\"\" srcset=\"https:\/\/fmp-components.com\/wp-content\/uploads\/2025\/01\/company-2.webp 873w, https:\/\/fmp-components.com\/wp-content\/uploads\/2025\/01\/company-2-480x435.webp 480w\" sizes=\"(min-width: 0px) and (max-width: 480px) 480px, (min-width: 481px) 873px, 100vw\" \/> <img loading=\"lazy\" decoding=\"async\" class=\"alignnone  wp-image-3564\" src=\"https:\/\/fmp-components.com\/wp-content\/uploads\/2025\/01\/company-3.webp\" alt=\"c\u00f4ng ty\" width=\"873\" height=\"776\" title=\"\" srcset=\"https:\/\/fmp-components.com\/wp-content\/uploads\/2025\/01\/company-3.webp 873w, https:\/\/fmp-components.com\/wp-content\/uploads\/2025\/01\/company-3-480x427.webp 480w\" sizes=\"(min-width: 0px) and (max-width: 480px) 480px, (min-width: 481px) 873px, 100vw\" \/> <img loading=\"lazy\" decoding=\"async\" class=\"alignnone  wp-image-3565\" src=\"https:\/\/fmp-components.com\/wp-content\/uploads\/2025\/01\/company-1.webp\" alt=\"c\u00f4ng ty\" width=\"877\" height=\"225\" title=\"\" srcset=\"https:\/\/fmp-components.com\/wp-content\/uploads\/2025\/01\/company-1.webp 877w, https:\/\/fmp-components.com\/wp-content\/uploads\/2025\/01\/company-1-480x123.webp 480w\" sizes=\"(min-width: 0px) and (max-width: 480px) 480px, (min-width: 481px) 877px, 100vw\" \/><\/p>\n<p>T\u00e1c gi\u1ea3: CX<\/p>","protected":false},"excerpt":{"rendered":"<p>Pneumatic Unclamp Cylinder \u2013 Product Introduction The Pneumatic Unclamp Cylinder is a specialized component designed for use in various industrial applications where automated unclamping is necessary. This type of cylinder utilizes compressed air to provide the force required to release clamping mechanisms, ensuring smooth operation and high efficiency in mechanical systems. Key Features: Pneumatic Actuation: [&hellip;]<\/p>","protected":false},"featured_media":3567,"comment_status":"open","ping_status":"closed","template":"","meta":{"_et_pb_use_builder":"","_et_pb_old_content":"","_et_gb_content_width":""},"product_brand":[],"product_cat":[89],"product_tag":[],"class_list":{"0":"post-3561","1":"product","2":"type-product","3":"status-publish","4":"has-post-thumbnail","6":"product_cat-spindle-motor","8":"first","9":"instock","10":"shipping-taxable","11":"product-type-simple"},"_links":{"self":[{"href":"https:\/\/fmp-components.com\/vi\/wp-json\/wp\/v2\/product\/3561","targetHints":{"allow":["GET"]}}],"collection":[{"href":"https:\/\/fmp-components.com\/vi\/wp-json\/wp\/v2\/product"}],"about":[{"href":"https:\/\/fmp-components.com\/vi\/wp-json\/wp\/v2\/types\/product"}],"replies":[{"embeddable":true,"href":"https:\/\/fmp-components.com\/vi\/wp-json\/wp\/v2\/comments?post=3561"}],"wp:featuredmedia":[{"embeddable":true,"href":"https:\/\/fmp-components.com\/vi\/wp-json\/wp\/v2\/media\/3567"}],"wp:attachment":[{"href":"https:\/\/fmp-components.com\/vi\/wp-json\/wp\/v2\/media?parent=3561"}],"wp:term":[{"taxonomy":"product_brand","embeddable":true,"href":"https:\/\/fmp-components.com\/vi\/wp-json\/wp\/v2\/product_brand?post=3561"},{"taxonomy":"product_cat","embeddable":true,"href":"https:\/\/fmp-components.com\/vi\/wp-json\/wp\/v2\/product_cat?post=3561"},{"taxonomy":"product_tag","embeddable":true,"href":"https:\/\/fmp-components.com\/vi\/wp-json\/wp\/v2\/product_tag?post=3561"}],"curies":[{"name":"wp","href":"https:\/\/api.w.org\/{rel}","templated":true}]}}