{"id":3551,"date":"2025-01-08T05:36:18","date_gmt":"2025-01-08T05:36:18","guid":{"rendered":"https:\/\/fmp-components.com\/?page_id=8"},"modified":"2025-01-08T05:36:18","modified_gmt":"2025-01-08T05:36:18","slug":"iec-b5-flange-mounted-stainless-steel-motor-tenv","status":"publish","type":"product","link":"https:\/\/fmp-components.com\/vi\/product\/iec-b5-flange-mounted-stainless-steel-motor-tenv\/","title":{"rendered":"\u0110\u1ed9ng c\u01a1 th\u00e9p kh\u00f4ng g\u1ec9 l\u1eafp m\u1eb7t b\u00edch IEC B5 - TENV"},"content":{"rendered":"<p><img loading=\"lazy\" decoding=\"async\" class=\"alignnone size-full wp-image-3539\" src=\"https:\/\/fmp-components.com\/wp-content\/uploads\/2025\/01\/fmp_0.stainless-steel-motor-2.webp\" alt=\"fmp_0.\u0111\u1ed9ng-c\u01a1-th\u00e9p-kh\u00f4ng-g\u1ec9-2\" width=\"1579\" height=\"608\" title=\"\" srcset=\"https:\/\/fmp-components.com\/wp-content\/uploads\/2025\/01\/fmp_0.stainless-steel-motor-2.webp 1579w, https:\/\/fmp-components.com\/wp-content\/uploads\/2025\/01\/fmp_0.stainless-steel-motor-2-1280x493.webp 1280w, https:\/\/fmp-components.com\/wp-content\/uploads\/2025\/01\/fmp_0.stainless-steel-motor-2-980x377.webp 980w, https:\/\/fmp-components.com\/wp-content\/uploads\/2025\/01\/fmp_0.stainless-steel-motor-2-480x185.webp 480w\" sizes=\"(min-width: 0px) and (max-width: 480px) 480px, (min-width: 481px) and (max-width: 980px) 980px, (min-width: 981px) and (max-width: 1280px) 1280px, (min-width: 1281px) 1579px, 100vw\" \/><\/p>\n<p><img loading=\"lazy\" decoding=\"async\" class=\"alignnone  wp-image-3553\" src=\"https:\/\/fmp-components.com\/wp-content\/uploads\/2025\/01\/fmp_3.stainless-steel-motor-2.webp\" alt=\"fmp_3.\u0111\u1ed9ng-c\u01a1-th\u00e9p-kh\u00f4ng-g\u1ec9-2\" width=\"927\" height=\"488\" title=\"\" srcset=\"https:\/\/fmp-components.com\/wp-content\/uploads\/2025\/01\/fmp_3.stainless-steel-motor-2.webp 927w, https:\/\/fmp-components.com\/wp-content\/uploads\/2025\/01\/fmp_3.stainless-steel-motor-2-480x253.webp 480w\" sizes=\"(min-width: 0px) and (max-width: 480px) 480px, (min-width: 481px) 927px, 100vw\" \/><\/p>\n<table style=\"width: 97.9188%;\" border=\"1\">\n<tbody>\n<tr>\n<td style=\"width: 12.1914%;\">Lo\u1ea1i khung<\/td>\n<td style=\"width: 11.8827%;\">Ki\u1ec3u m\u1eb7t b\u00edch<\/td>\n<td style=\"width: 6.01852%;\">Ng\u01b0\u1eddi Ba Lan<\/td>\n<td style=\"width: 2.9321%;\">D<\/td>\n<td style=\"width: 2.9321%;\">E<\/td>\n<td style=\"width: 1.85185%;\">F<\/td>\n<td style=\"width: 4.78395%;\">G<\/td>\n<td style=\"width: 4.16667%;\">M<\/td>\n<td style=\"width: 4.16667%;\">N<\/td>\n<td style=\"width: 4.16667%;\">P<\/td>\n<td style=\"width: 2.16049%;\">R<\/td>\n<td style=\"width: 2.9321%;\">S<\/td>\n<td style=\"width: 3.54938%;\">T<\/td>\n<td style=\"width: 12.3457%;\">L\u1ed7 b\u00edch<\/td>\n<td style=\"width: 10.6481%;\">L\u1ed7 tr\u1ee5c<\/td>\n<td style=\"width: 4.16667%;\">M\u00e1y l\u1ea1nh<\/td>\n<td style=\"width: 43.2099%;\">Qu\u1ea3ng c\u00e1o<\/td>\n<\/tr>\n<tr>\n<td style=\"width: 12.1914%;\">63<\/td>\n<td style=\"width: 11.8827%;\">FT115<\/td>\n<td style=\"width: 6.01852%;\">2,4<\/td>\n<td style=\"width: 2.9321%;\">11<\/td>\n<td style=\"width: 2.9321%;\">23<\/td>\n<td style=\"width: 1.85185%;\">4<\/td>\n<td style=\"width: 4.78395%;\">8.5<\/td>\n<td style=\"width: 4.16667%;\">115<\/td>\n<td style=\"width: 4.16667%;\">95<\/td>\n<td style=\"width: 4.16667%;\">140<\/td>\n<td style=\"width: 2.16049%;\">0<\/td>\n<td style=\"width: 2.9321%;\">10<\/td>\n<td style=\"width: 3.54938%;\">2.5<\/td>\n<td style=\"width: 12.3457%;\">4<\/td>\n<td style=\"width: 10.6481%;\">M4<\/td>\n<td style=\"width: 4.16667%;\">114<\/td>\n<td style=\"width: 43.2099%;\">117<\/td>\n<\/tr>\n<tr>\n<td style=\"width: 12.1914%;\">71<\/td>\n<td style=\"width: 11.8827%;\">FT130<\/td>\n<td style=\"width: 6.01852%;\">2.4.6<\/td>\n<td style=\"width: 2.9321%;\">14<\/td>\n<td style=\"width: 2.9321%;\">30<\/td>\n<td style=\"width: 1.85185%;\">5<\/td>\n<td style=\"width: 4.78395%;\">11<\/td>\n<td style=\"width: 4.16667%;\">130<\/td>\n<td style=\"width: 4.16667%;\">110<\/td>\n<td style=\"width: 4.16667%;\">160<\/td>\n<td style=\"width: 2.16049%;\">0<\/td>\n<td style=\"width: 2.9321%;\">10<\/td>\n<td style=\"width: 3.54938%;\">2.5<\/td>\n<td style=\"width: 12.3457%;\">4<\/td>\n<td style=\"width: 10.6481%;\">M5<\/td>\n<td style=\"width: 4.16667%;\">134<\/td>\n<td style=\"width: 43.2099%;\">129<\/td>\n<\/tr>\n<tr>\n<td style=\"width: 12.1914%;\">80<\/td>\n<td style=\"width: 11.8827%;\">FT165<\/td>\n<td style=\"width: 6.01852%;\">2.4.6<\/td>\n<td style=\"width: 2.9321%;\">19<\/td>\n<td style=\"width: 2.9321%;\">40<\/td>\n<td style=\"width: 1.85185%;\">6<\/td>\n<td style=\"width: 4.78395%;\">15.5<\/td>\n<td style=\"width: 4.16667%;\">165<\/td>\n<td style=\"width: 4.16667%;\">130<\/td>\n<td style=\"width: 4.16667%;\">200<\/td>\n<td style=\"width: 2.16049%;\">0<\/td>\n<td style=\"width: 2.9321%;\">12<\/td>\n<td style=\"width: 3.54938%;\">3.5<\/td>\n<td style=\"width: 12.3457%;\">4<\/td>\n<td style=\"width: 10.6481%;\">M6<\/td>\n<td style=\"width: 4.16667%;\">144<\/td>\n<td style=\"width: 43.2099%;\">135<\/td>\n<\/tr>\n<tr>\n<td style=\"width: 12.1914%;\">90<\/td>\n<td style=\"width: 11.8827%;\">FT165<\/td>\n<td style=\"width: 6.01852%;\">2.4.6<\/td>\n<td style=\"width: 2.9321%;\">24<\/td>\n<td style=\"width: 2.9321%;\">50<\/td>\n<td style=\"width: 1.85185%;\">8<\/td>\n<td style=\"width: 4.78395%;\">20<\/td>\n<td style=\"width: 4.16667%;\">165<\/td>\n<td style=\"width: 4.16667%;\">130<\/td>\n<td style=\"width: 4.16667%;\">200<\/td>\n<td style=\"width: 2.16049%;\">0<\/td>\n<td style=\"width: 2.9321%;\">12<\/td>\n<td style=\"width: 3.54938%;\">3.5<\/td>\n<td style=\"width: 12.3457%;\">4<\/td>\n<td style=\"width: 10.6481%;\">M8<\/td>\n<td style=\"width: 4.16667%;\">164<\/td>\n<td style=\"width: 43.2099%;\">147<\/td>\n<\/tr>\n<\/tbody>\n<\/table>\n<h2>Th\u00f4ng s\u1ed1 k\u1ef9 thu\u1eadt c\u1ee7a \u0110\u1ed9ng c\u01a1 th\u00e9p kh\u00f4ng g\u1ec9 g\u1eafn m\u1eb7t b\u00edch<\/h2>\n<table style=\"width: 97.9328%;\" border=\"1\">\n<tbody>\n<tr>\n<td style=\"width: 14.4262%;\">Khung<\/td>\n<td style=\"width: 24.918%;\">KW<\/td>\n<td style=\"width: 46.8852%;\">L\u1eafp r\u00e1p<\/td>\n<td style=\"width: 207.541%;\">IP<\/td>\n<\/tr>\n<tr>\n<td style=\"width: 14.4262%;\">63<\/td>\n<td style=\"width: 24.918%;\">0.18<\/td>\n<td style=\"width: 46.8852%;\" rowspan=\"7\">B3, B5, B14, B34, B35<\/td>\n<td style=\"width: 207.541%;\" rowspan=\"7\">IP55<\/td>\n<\/tr>\n<tr>\n<td style=\"width: 14.4262%;\">71<\/td>\n<td style=\"width: 24.918%;\">0,25\uff0c 0,37<\/td>\n<\/tr>\n<tr>\n<td style=\"width: 14.4262%;\">80<\/td>\n<td style=\"width: 24.918%;\">0,55\uff0c 0,75<\/td>\n<\/tr>\n<tr>\n<td style=\"width: 14.4262%;\">90<\/td>\n<td style=\"width: 24.918%;\">1.1\uff0c 1.5<\/td>\n<\/tr>\n<tr>\n<td style=\"width: 14.4262%;\">100<\/td>\n<td style=\"width: 24.918%;\">2.2\uff0c 3.0<\/td>\n<\/tr>\n<tr>\n<td style=\"width: 14.4262%;\">112<\/td>\n<td style=\"width: 24.918%;\">4.0<\/td>\n<\/tr>\n<tr>\n<td style=\"width: 14.4262%;\">1332<\/td>\n<td style=\"width: 24.918%;\">5,5\uff0c 7,5<\/td>\n<\/tr>\n<\/tbody>\n<\/table>\n<h2>\u0110\u1ed9ng c\u01a1 th\u00e9p kh\u00f4ng g\u1ec9 li\u00ean quan<\/h2>\n<table style=\"width: 100%;\" border=\"1\" width=\"100%\" cellspacing=\"0\" cellpadding=\"0\">\n<tbody>\n<tr>\n<td style=\"width: 25.8099%;\" align=\"right\" width=\"64\" height=\"18\"><img loading=\"lazy\" decoding=\"async\" class=\"alignnone size-full wp-image-3507\" src=\"https:\/\/fmp-components.com\/wp-content\/uploads\/2025\/01\/ep_stainless-steel-motor-1.webp\" sizes=\"(max-width: 379px) 100vw, 379px\" srcset=\"https:\/\/fmp-components.com\/wp-content\/uploads\/2025\/01\/ep_stainless-steel-motor-1.webp 379w, https:\/\/fmp-components.com\/wp-content\/uploads\/2025\/01\/ep_stainless-steel-motor-1-300x200.webp 300w, https:\/\/fmp-components.com\/wp-content\/uploads\/2025\/01\/ep_stainless-steel-motor-1-18x12.webp 18w\" alt=\"\u0111\u1ed9ng c\u01a1 th\u00e9p kh\u00f4ng g\u1ec9\" width=\"379\" height=\"253\" title=\"\"><\/td>\n<td style=\"width: 26.134%;\" align=\"right\" width=\"64\"><img loading=\"lazy\" decoding=\"async\" class=\"alignnone size-full wp-image-3508\" src=\"https:\/\/fmp-components.com\/wp-content\/uploads\/2025\/01\/ep_stainless-steel-motor-2-2.webp\" sizes=\"(max-width: 379px) 100vw, 379px\" srcset=\"https:\/\/fmp-components.com\/wp-content\/uploads\/2025\/01\/ep_stainless-steel-motor-2-2.webp 379w, https:\/\/fmp-components.com\/wp-content\/uploads\/2025\/01\/ep_stainless-steel-motor-2-2-300x200.webp 300w, https:\/\/fmp-components.com\/wp-content\/uploads\/2025\/01\/ep_stainless-steel-motor-2-2-18x12.webp 18w\" alt=\"\u0111\u1ed9ng c\u01a1 th\u00e9p kh\u00f4ng g\u1ec9\" width=\"379\" height=\"253\" title=\"\"><\/td>\n<td style=\"width: 25.162%;\" align=\"right\" width=\"64\"><img loading=\"lazy\" decoding=\"async\" class=\"alignnone size-full wp-image-3509\" src=\"https:\/\/fmp-components.com\/wp-content\/uploads\/2025\/01\/ep_stainless-steel-motor-6.webp\" sizes=\"(max-width: 379px) 100vw, 379px\" srcset=\"https:\/\/fmp-components.com\/wp-content\/uploads\/2025\/01\/ep_stainless-steel-motor-6.webp 379w, https:\/\/fmp-components.com\/wp-content\/uploads\/2025\/01\/ep_stainless-steel-motor-6-300x200.webp 300w, https:\/\/fmp-components.com\/wp-content\/uploads\/2025\/01\/ep_stainless-steel-motor-6-18x12.webp 18w\" alt=\"\u0111\u1ed9ng c\u01a1 th\u00e9p kh\u00f4ng g\u1ec9\" width=\"379\" height=\"253\" title=\"\"><\/td>\n<td style=\"width: 22.6782%;\" align=\"right\" width=\"64\"><img loading=\"lazy\" decoding=\"async\" class=\"alignnone size-full wp-image-3510\" src=\"https:\/\/fmp-components.com\/wp-content\/uploads\/2025\/01\/ep_stainless-steel-motor-300x200-1.webp\" sizes=\"(max-width: 300px) 100vw, 300px\" srcset=\"https:\/\/fmp-components.com\/wp-content\/uploads\/2025\/01\/ep_stainless-steel-motor-300x200-1.webp 300w, https:\/\/fmp-components.com\/wp-content\/uploads\/2025\/01\/ep_stainless-steel-motor-300x200-1-18x12.webp 18w\" alt=\"\u0111\u1ed9ng c\u01a1 th\u00e9p kh\u00f4ng g\u1ec9\" width=\"300\" height=\"200\" title=\"\"><\/td>\n<\/tr>\n<tr>\n<td style=\"width: 25.8099%;\" align=\"right\" height=\"18\">\u0110\u1ed9ng c\u01a1 nam ch\u00e2m v\u0129nh c\u1eedu b\u1eb1ng th\u00e9p kh\u00f4ng g\u1ec9<\/td>\n<td style=\"width: 26.134%;\" align=\"right\">\u0110\u1ed9ng c\u01a1 th\u00e9p kh\u00f4ng g\u1ec9 l\u00e0m m\u00e1t b\u1eb1ng n\u01b0\u1edbc<\/td>\n<td style=\"width: 25.162%;\" align=\"right\">\u0110\u1ed9ng c\u01a1 \u0111i\u1ec7n ng\u00e0nh th\u1ef1c ph\u1ea9m<\/td>\n<td style=\"width: 22.6782%;\" align=\"right\">\u0110\u1ed9ng c\u01a1 th\u00e9p kh\u00f4ng g\u1ec9<\/td>\n<\/tr>\n<tr>\n<td style=\"width: 25.8099%;\" align=\"right\" height=\"18\"><img loading=\"lazy\" decoding=\"async\" class=\"alignnone size-full wp-image-3511\" src=\"https:\/\/fmp-components.com\/wp-content\/uploads\/2025\/01\/ep_stainless-steel-motor-4.webp\" sizes=\"(max-width: 379px) 100vw, 379px\" srcset=\"https:\/\/fmp-components.com\/wp-content\/uploads\/2025\/01\/ep_stainless-steel-motor-4.webp 379w, https:\/\/fmp-components.com\/wp-content\/uploads\/2025\/01\/ep_stainless-steel-motor-4-300x200.webp 300w, https:\/\/fmp-components.com\/wp-content\/uploads\/2025\/01\/ep_stainless-steel-motor-4-18x12.webp 18w\" alt=\"\u0111\u1ed9ng c\u01a1 th\u00e9p kh\u00f4ng g\u1ec9\" width=\"379\" height=\"253\" title=\"\"><\/td>\n<td style=\"width: 26.134%;\" align=\"right\"><img loading=\"lazy\" decoding=\"async\" class=\"alignnone size-full wp-image-3512\" src=\"https:\/\/fmp-components.com\/wp-content\/uploads\/2025\/01\/ep_stainless-steel-motor-3.webp\" sizes=\"(max-width: 379px) 100vw, 379px\" srcset=\"https:\/\/fmp-components.com\/wp-content\/uploads\/2025\/01\/ep_stainless-steel-motor-3.webp 379w, https:\/\/fmp-components.com\/wp-content\/uploads\/2025\/01\/ep_stainless-steel-motor-3-300x200.webp 300w, https:\/\/fmp-components.com\/wp-content\/uploads\/2025\/01\/ep_stainless-steel-motor-3-18x12.webp 18w\" alt=\"\u0111\u1ed9ng c\u01a1 th\u00e9p kh\u00f4ng g\u1ec9\" width=\"379\" height=\"253\" title=\"\"><\/td>\n<td style=\"width: 25.162%;\" align=\"right\"><img loading=\"lazy\" decoding=\"async\" class=\"alignnone size-full wp-image-3513\" src=\"https:\/\/fmp-components.com\/wp-content\/uploads\/2025\/01\/ep_stainless-steel-motor-5.webp\" sizes=\"(max-width: 379px) 100vw, 379px\" srcset=\"https:\/\/fmp-components.com\/wp-content\/uploads\/2025\/01\/ep_stainless-steel-motor-5.webp 379w, https:\/\/fmp-components.com\/wp-content\/uploads\/2025\/01\/ep_stainless-steel-motor-5-300x200.webp 300w, https:\/\/fmp-components.com\/wp-content\/uploads\/2025\/01\/ep_stainless-steel-motor-5-18x12.webp 18w\" alt=\"\u0111\u1ed9ng c\u01a1 th\u00e9p kh\u00f4ng g\u1ec9\" width=\"379\" height=\"253\" title=\"\"><\/td>\n<td style=\"width: 22.6782%;\" align=\"right\"><img loading=\"lazy\" decoding=\"async\" class=\"alignnone wp-image-3514\" src=\"https:\/\/fmp-components.com\/wp-content\/uploads\/2025\/01\/ep_stainless-steel-motor-6-1.webp\" sizes=\"(max-width: 379px) 100vw, 379px\" srcset=\"https:\/\/fmp-components.com\/wp-content\/uploads\/2025\/01\/ep_stainless-steel-motor-6-1.webp 379w, https:\/\/fmp-components.com\/wp-content\/uploads\/2025\/01\/ep_stainless-steel-motor-6-1-300x200.webp 300w, https:\/\/fmp-components.com\/wp-content\/uploads\/2025\/01\/ep_stainless-steel-motor-6-1-18x12.webp 18w\" alt=\"\u0111\u1ed9ng c\u01a1 th\u00e9p kh\u00f4ng g\u1ec9\" width=\"220\" height=\"147\" title=\"\"><\/td>\n<\/tr>\n<tr>\n<td style=\"width: 25.8099%;\" align=\"right\" height=\"18\">\u0110\u1ed9ng c\u01a1 AC m\u00e1y m\u00f3c th\u1ef1c ph\u1ea9m nh\u0169 t\u01b0\u01a1ng IEC<\/td>\n<td style=\"width: 26.134%;\" align=\"right\">\u0110\u1ed9ng c\u01a1 kh\u00f4ng \u0111\u1ed3ng b\u1ed9 NEMA 56C<\/td>\n<td style=\"width: 25.162%;\" align=\"right\">\u0110\u1ed9ng c\u01a1 AC th\u00e9p kh\u00f4ng g\u1ec9 IEC<\/td>\n<td style=\"width: 22.6782%;\">\u0110\u1ed9ng c\u01a1 hi\u1ec7u su\u1ea5t cao IEC ho\u00e0n to\u00e0n b\u1eb1ng th\u00e9p kh\u00f4ng g\u1ec9<\/td>\n<\/tr>\n<tr>\n<td style=\"width: 25.8099%;\" align=\"right\" width=\"64\" height=\"18\"><img loading=\"lazy\" decoding=\"async\" class=\"alignnone size-full wp-image-3515\" src=\"https:\/\/fmp-components.com\/wp-content\/uploads\/2025\/01\/ep_stainless-steel-motor-2.webp\" sizes=\"(max-width: 379px) 100vw, 379px\" srcset=\"https:\/\/fmp-components.com\/wp-content\/uploads\/2025\/01\/ep_stainless-steel-motor-2.webp 379w, https:\/\/fmp-components.com\/wp-content\/uploads\/2025\/01\/ep_stainless-steel-motor-2-300x200.webp 300w, https:\/\/fmp-components.com\/wp-content\/uploads\/2025\/01\/ep_stainless-steel-motor-2-18x12.webp 18w\" alt=\"\u0111\u1ed9ng c\u01a1 th\u00e9p kh\u00f4ng g\u1ec9\" width=\"379\" height=\"253\" title=\"\"><\/td>\n<td style=\"width: 26.134%;\" align=\"right\" width=\"64\"><img loading=\"lazy\" decoding=\"async\" class=\"alignnone size-full wp-image-3516\" src=\"https:\/\/fmp-components.com\/wp-content\/uploads\/2025\/01\/ep_stainless-steel-motor-8.webp\" sizes=\"(max-width: 379px) 100vw, 379px\" srcset=\"https:\/\/fmp-components.com\/wp-content\/uploads\/2025\/01\/ep_stainless-steel-motor-8.webp 379w, https:\/\/fmp-components.com\/wp-content\/uploads\/2025\/01\/ep_stainless-steel-motor-8-300x200.webp 300w, https:\/\/fmp-components.com\/wp-content\/uploads\/2025\/01\/ep_stainless-steel-motor-8-18x12.webp 18w\" alt=\"\u0111\u1ed9ng c\u01a1 th\u00e9p kh\u00f4ng g\u1ec9\" width=\"379\" height=\"253\" title=\"\"><\/td>\n<td style=\"width: 25.162%;\" align=\"right\" width=\"64\"><img loading=\"lazy\" decoding=\"async\" class=\"alignnone size-full wp-image-3517\" src=\"https:\/\/fmp-components.com\/wp-content\/uploads\/2025\/01\/ep_stainless-steel-motor-7.webp\" sizes=\"(max-width: 379px) 100vw, 379px\" srcset=\"https:\/\/fmp-components.com\/wp-content\/uploads\/2025\/01\/ep_stainless-steel-motor-7.webp 379w, https:\/\/fmp-components.com\/wp-content\/uploads\/2025\/01\/ep_stainless-steel-motor-7-300x200.webp 300w, https:\/\/fmp-components.com\/wp-content\/uploads\/2025\/01\/ep_stainless-steel-motor-7-18x12.webp 18w\" alt=\"\u0111\u1ed9ng c\u01a1 th\u00e9p kh\u00f4ng g\u1ec9\" width=\"379\" height=\"253\" title=\"\"><\/td>\n<td style=\"width: 22.6782%;\" align=\"right\" width=\"64\"><\/td>\n<\/tr>\n<tr>\n<td style=\"width: 25.8099%;\" align=\"right\" height=\"18\">\u0110\u1ed9ng c\u01a1 m\u00e1y tri\u1ec7t l\u00f4ng g\u00e0 v\u1ecbt<\/td>\n<td style=\"width: 26.134%;\" align=\"right\">\u0110\u1ed9ng c\u01a1 th\u00e9p kh\u00f4ng g\u1ec9 c\u1ea5p th\u1ef1c ph\u1ea9m NEMA<\/td>\n<td style=\"width: 25.162%;\" align=\"right\">\u0110\u1ed9ng c\u01a1 th\u00e9p kh\u00f4ng g\u1ec9 IEC c\u1ea5p th\u1ef1c ph\u1ea9m<\/td>\n<td style=\"width: 22.6782%;\" align=\"right\"><\/td>\n<\/tr>\n<\/tbody>\n<\/table>\n<h2>Gi\u1edbi thi\u1ec7u v\u1ec1 FMP<\/h2>\n<p>FMP l\u00e0 m\u1ed9t doanh nghi\u1ec7p c\u00f4ng ngh\u1ec7 cao h\u00e0ng \u0111\u1ea7u chuy\u00ean thi\u1ebft k\u1ebf, ph\u00e1t tri\u1ec3n v\u00e0 s\u1ea3n xu\u1ea5t c\u00e1c \u0111\u1ed9ng c\u01a1 v\u00e0 gi\u1ea3i ph\u00e1p c\u01a1 \u0111i\u1ec7n ti\u00ean ti\u1ebfn. Danh m\u1ee5c s\u1ea3n ph\u1ea9m c\u1ee7a ch\u00fang t\u00f4i bao g\u1ed3m c\u00e1c d\u00f2ng \u0111\u1ed9ng c\u01a1 YE2, YE3 v\u00e0 YE4, c\u00f9ng v\u1edbi nhi\u1ec1u s\u1ea3n ph\u1ea9m ph\u00e1i sinh kh\u00e1c. Ch\u00fang t\u00f4i c\u0169ng cung c\u1ea5p c\u00e1c lo\u1ea1i \u0111\u1ed9ng c\u01a1 chuy\u00ean d\u1ee5ng cho b\u01a1m th\u1ee7y l\u1ef1c, bao g\u1ed3m c\u1ea3 t\u00f9y ch\u1ecdn ba pha v\u00e0 m\u1ed9t pha, \u0111\u1ed9ng c\u01a1 v\u1ecf nh\u00f4m, \u0111\u1ed9ng c\u01a1 phi ti\u00eau chu\u1ea9n, b\u1ed9 gi\u1ea3m t\u1ed1c b\u00e1nh r\u0103ng tuabin t\u00edch h\u1ee3p c\u01a1 \u0111i\u1ec7n v\u00e0 c\u00e1c gi\u1ea3i ph\u00e1p \u0111\u1ed9ng c\u01a1 \u0111\u01b0\u1ee3c thi\u1ebft k\u1ebf ri\u00eang kh\u00e1c.<\/p>\n<p>S\u1ea3n ph\u1ea9m c\u1ee7a ch\u00fang t\u00f4i \u0111\u01b0\u1ee3c s\u1eed d\u1ee5ng r\u1ed9ng r\u00e3i trong nhi\u1ec1u ng\u00e0nh c\u00f4ng nghi\u1ec7p, bao g\u1ed3m t\u1ef1 \u0111\u1ed9ng h\u00f3a c\u00f4ng nghi\u1ec7p, gia c\u00f4ng CNC, \u0111\u00f3ng gi\u00e0y, ch\u1ebf bi\u1ebfn g\u1ed7, gia c\u00f4ng kim lo\u1ea1i, nh\u1ef1a v\u00e0 m\u00e1y m\u00f3c x\u00e2y d\u1ef1ng. Cam k\u1ebft \u0111\u1ed5i m\u1edbi v\u00e0 ch\u1ea5t l\u01b0\u1ee3ng c\u1ee7a FMP \u0111\u1ea3m b\u1ea3o t\u1ea5t c\u1ea3 s\u1ea3n ph\u1ea9m \u0111\u1ec1u \u0111\u00e1p \u1ee9ng c\u00e1c ti\u00eau chu\u1ea9n cao nh\u1ea5t v\u1ec1 hi\u1ec7u su\u1ea5t v\u00e0 \u0111\u1ed9 tin c\u1eady.<\/p>\n<p>Ngo\u00e0i c\u00e1c s\u1ea3n ph\u1ea9m ti\u00eau chu\u1ea9n, ch\u00fang t\u00f4i t\u1ef1 h\u00e0o cung c\u1ea5p c\u00e1c gi\u1ea3i ph\u00e1p \u0111\u01b0\u1ee3c thi\u1ebft k\u1ebf ri\u00eang, ph\u00f9 h\u1ee3p v\u1edbi nhu c\u1ea7u ri\u00eang bi\u1ec7t c\u1ee7a kh\u00e1ch h\u00e0ng. Cho d\u00f9 b\u1ea1n c\u1ea7n \u0111\u1ed9ng c\u01a1 chuy\u00ean d\u1ee5ng, s\u1ea3n ph\u1ea9m phi ti\u00eau chu\u1ea9n hay h\u1ec7 th\u1ed1ng t\u00edch h\u1ee3p ho\u00e0n ch\u1ec9nh, FMP lu\u00f4n h\u1ee3p t\u00e1c ch\u1eb7t ch\u1ebd v\u1edbi kh\u00e1ch h\u00e0ng \u0111\u1ec3 mang \u0111\u1ebfn c\u00e1c gi\u1ea3i ph\u00e1p ch\u00ednh x\u00e1c, ch\u1ea5t l\u01b0\u1ee3ng cao. S\u1ef1 t\u1eadp trung v\u00e0o k\u1ef9 thu\u1eadt ch\u00ednh x\u00e1c v\u00e0 s\u1ef1 h\u00e0i l\u00f2ng c\u1ee7a kh\u00e1ch h\u00e0ng ch\u00ednh l\u00e0 \u0111\u1ed9ng l\u1ef1c th\u00fac \u0111\u1ea9y s\u1ef1 ph\u00e1t tri\u1ec3n v\u00e0 th\u00e0nh c\u00f4ng li\u00ean t\u1ee5c c\u1ee7a ch\u00fang t\u00f4i tr\u00ean th\u1ecb tr\u01b0\u1eddng to\u00e0n c\u1ea7u.<\/p>\n<p>T\u1ea1i FMP, ch\u00fang t\u00f4i t\u1eadp trung v\u00e0o vi\u1ec7c vun \u0111\u1eafp m\u1ed1i quan h\u1ec7 \u0111\u1ed1i t\u00e1c l\u00e2u d\u00e0i, c\u00f9ng c\u00f3 l\u1ee3i. Ch\u00fang t\u00f4i t\u1eadn t\u00e2m h\u1ed7 tr\u1ee3 kh\u00e1ch h\u00e0ng th\u00e0nh c\u00f4ng, \u0111\u1ea3m b\u1ea3o m\u1ed7i d\u1ef1 \u00e1n \u0111\u1ec1u mang l\u1ea1i k\u1ebft qu\u1ea3 v\u01b0\u1ee3t tr\u1ed9i v\u00e0 c\u1ee7ng c\u1ed1 s\u1ef1 hi\u1ec7n di\u1ec7n to\u00e0n c\u1ea7u c\u1ee7a ch\u00fang t\u00f4i.<\/p>\n<table style=\"width: 100.629%;\" border=\"0\" width=\"128\" cellspacing=\"0\" cellpadding=\"0\">\n<tbody>\n<tr>\n<td style=\"width: 49.2308%;\" align=\"right\" width=\"64\" height=\"18\"><img loading=\"lazy\" decoding=\"async\" class=\"alignnone size-full wp-image-3398\" src=\"https:\/\/fmp-components.com\/wp-content\/uploads\/2025\/01\/Three-Phase-Motor-Factory.webp\" sizes=\"(min-width: 0px) and (max-width: 480px) 480px, (min-width: 481px) 900px, 100vw\" srcset=\"https:\/\/fmp-components.com\/wp-content\/uploads\/2025\/01\/Three-Phase-Motor-Factory.webp 900w, https:\/\/fmp-components.com\/wp-content\/uploads\/2025\/01\/Three-Phase-Motor-Factory-480x320.webp 480w\" alt=\"Nh\u00e0 m\u00e1y s\u1ea3n xu\u1ea5t \u0111\u1ed9ng c\u01a1 ba pha\" width=\"900\" height=\"600\" title=\"\"><\/td>\n<td style=\"width: 659.231%;\" align=\"right\" width=\"64\"><img loading=\"lazy\" decoding=\"async\" class=\"alignnone size-full wp-image-3399\" src=\"https:\/\/fmp-components.com\/wp-content\/uploads\/2025\/01\/Three-Phase-Motor-Factory-2.webp\" sizes=\"(min-width: 0px) and (max-width: 480px) 480px, (min-width: 481px) 900px, 100vw\" srcset=\"https:\/\/fmp-components.com\/wp-content\/uploads\/2025\/01\/Three-Phase-Motor-Factory-2.webp 900w, https:\/\/fmp-components.com\/wp-content\/uploads\/2025\/01\/Three-Phase-Motor-Factory-2-480x320.webp 480w\" alt=\"Nh\u00e0 m\u00e1y \u0111\u1ed9ng c\u01a1 ba pha 2\" width=\"900\" height=\"600\" title=\"\"><\/td>\n<\/tr>\n<tr>\n<td style=\"width: 49.2308%;\" align=\"right\" height=\"18\"><img loading=\"lazy\" decoding=\"async\" class=\"alignnone size-full wp-image-3400\" src=\"https:\/\/fmp-components.com\/wp-content\/uploads\/2025\/01\/China-Three-Phase-Motor-Factory-1.webp\" sizes=\"(min-width: 0px) and (max-width: 480px) 480px, (min-width: 481px) 900px, 100vw\" srcset=\"https:\/\/fmp-components.com\/wp-content\/uploads\/2025\/01\/China-Three-Phase-Motor-Factory-1.webp 900w, https:\/\/fmp-components.com\/wp-content\/uploads\/2025\/01\/China-Three-Phase-Motor-Factory-1-480x320.webp 480w\" alt=\"Nh\u00e0 m\u00e1y \u0111\u1ed9ng c\u01a1 ba pha s\u1ed1 1\" width=\"900\" height=\"600\" title=\"\"><\/td>\n<td style=\"width: 659.231%;\" align=\"right\"><img loading=\"lazy\" decoding=\"async\" class=\"alignnone size-full wp-image-3401\" src=\"https:\/\/fmp-components.com\/wp-content\/uploads\/2025\/01\/Three-Phase-Motor-Factory-3.webp\" sizes=\"(min-width: 0px) and (max-width: 480px) 480px, (min-width: 481px) 900px, 100vw\" srcset=\"https:\/\/fmp-components.com\/wp-content\/uploads\/2025\/01\/Three-Phase-Motor-Factory-3.webp 900w, https:\/\/fmp-components.com\/wp-content\/uploads\/2025\/01\/Three-Phase-Motor-Factory-3-480x320.webp 480w\" alt=\"Nh\u00e0 m\u00e1y \u0111\u1ed9ng c\u01a1 ba pha s\u1ed1 3\" width=\"900\" height=\"600\" title=\"\"><\/td>\n<\/tr>\n<tr>\n<td style=\"width: 49.2308%;\"><img loading=\"lazy\" decoding=\"async\" class=\"alignnone size-full wp-image-3471\" src=\"https:\/\/fmp-components.com\/wp-content\/uploads\/2025\/01\/Single-Phase-Induction-Motor-Suppliers.webp\" sizes=\"(min-width: 0px) and (max-width: 480px) 480px, (min-width: 481px) 900px, 100vw\" srcset=\"https:\/\/fmp-components.com\/wp-content\/uploads\/2025\/01\/Single-Phase-Induction-Motor-Suppliers.webp 900w, https:\/\/fmp-components.com\/wp-content\/uploads\/2025\/01\/Single-Phase-Induction-Motor-Suppliers-480x320.webp 480w\" alt=\"Nh\u00e0 cung c\u1ea5p \u0111\u1ed9ng c\u01a1 c\u1ea3m \u1ee9ng m\u1ed9t pha\" width=\"900\" height=\"600\" title=\"\"><\/td>\n<td style=\"width: 659.231%;\"><img loading=\"lazy\" decoding=\"async\" class=\"alignnone size-full wp-image-3470\" src=\"https:\/\/fmp-components.com\/wp-content\/uploads\/2025\/01\/Single-Phase-Induction-Motor-Manufacturers-1.webp\" sizes=\"(min-width: 0px) and (max-width: 480px) 480px, (min-width: 481px) 900px, 100vw\" srcset=\"https:\/\/fmp-components.com\/wp-content\/uploads\/2025\/01\/Single-Phase-Induction-Motor-Manufacturers-1.webp 900w, https:\/\/fmp-components.com\/wp-content\/uploads\/2025\/01\/Single-Phase-Induction-Motor-Manufacturers-1-480x320.webp 480w\" alt=\"Nh\u00e0 s\u1ea3n xu\u1ea5t \u0111\u1ed9ng c\u01a1 c\u1ea3m \u1ee9ng m\u1ed9t pha-1\" width=\"900\" height=\"600\" title=\"\"><\/td>\n<\/tr>\n<tr>\n<td style=\"width: 49.2308%;\"><img loading=\"lazy\" decoding=\"async\" class=\"alignnone size-full wp-image-3472\" src=\"https:\/\/fmp-components.com\/wp-content\/uploads\/2025\/01\/Single-Phase-Induction-Motor-Manufacturers.webp\" sizes=\"(min-width: 0px) and (max-width: 480px) 480px, (min-width: 481px) 900px, 100vw\" srcset=\"https:\/\/fmp-components.com\/wp-content\/uploads\/2025\/01\/Single-Phase-Induction-Motor-Manufacturers.webp 900w, https:\/\/fmp-components.com\/wp-content\/uploads\/2025\/01\/Single-Phase-Induction-Motor-Manufacturers-480x320.webp 480w\" alt=\"Nh\u00e0 s\u1ea3n xu\u1ea5t \u0111\u1ed9ng c\u01a1 c\u1ea3m \u1ee9ng m\u1ed9t pha\" width=\"900\" height=\"600\" title=\"\"><\/td>\n<td style=\"width: 659.231%;\"><img loading=\"lazy\" decoding=\"async\" class=\"alignnone size-full wp-image-3473\" src=\"https:\/\/fmp-components.com\/wp-content\/uploads\/2025\/01\/Single-Phase-Induction-Motor-for-Sale.webp\" sizes=\"(min-width: 0px) and (max-width: 480px) 480px, (min-width: 481px) 900px, 100vw\" srcset=\"https:\/\/fmp-components.com\/wp-content\/uploads\/2025\/01\/Single-Phase-Induction-Motor-for-Sale.webp 900w, https:\/\/fmp-components.com\/wp-content\/uploads\/2025\/01\/Single-Phase-Induction-Motor-for-Sale-480x320.webp 480w\" alt=\"\u0110\u1ed9ng c\u01a1 c\u1ea3m \u1ee9ng m\u1ed9t pha \u0111\u1ec3 b\u00e1n\" width=\"900\" height=\"600\" title=\"\"><\/td>\n<\/tr>\n<\/tbody>\n<\/table>\n<p>T\u00e1c gi\u1ea3: CX<\/p>","protected":false},"excerpt":{"rendered":"<p>Frame Type Flange type Poles D E F G M N P R S T Flange Hole Shaft Hole AC AD 63 FT115 2,4 11 23 4 8.5 115 95 140 0 10 2.5 4 M4 114 117 71 FT130 2.4.6 14 30 5 11 130 110 160 0 10 2.5 4 M5 134 129 [&hellip;]<\/p>","protected":false},"featured_media":3552,"comment_status":"open","ping_status":"closed","template":"","meta":{"_et_pb_use_builder":"","_et_pb_old_content":"","_et_gb_content_width":""},"product_brand":[],"product_cat":[88],"product_tag":[],"class_list":{"0":"post-3551","1":"product","2":"type-product","3":"status-publish","4":"has-post-thumbnail","6":"product_cat-stainless-steel-motors","8":"first","9":"instock","10":"shipping-taxable","11":"product-type-simple"},"_links":{"self":[{"href":"https:\/\/fmp-components.com\/vi\/wp-json\/wp\/v2\/product\/3551","targetHints":{"allow":["GET"]}}],"collection":[{"href":"https:\/\/fmp-components.com\/vi\/wp-json\/wp\/v2\/product"}],"about":[{"href":"https:\/\/fmp-components.com\/vi\/wp-json\/wp\/v2\/types\/product"}],"replies":[{"embeddable":true,"href":"https:\/\/fmp-components.com\/vi\/wp-json\/wp\/v2\/comments?post=3551"}],"wp:featuredmedia":[{"embeddable":true,"href":"https:\/\/fmp-components.com\/vi\/wp-json\/wp\/v2\/media\/3552"}],"wp:attachment":[{"href":"https:\/\/fmp-components.com\/vi\/wp-json\/wp\/v2\/media?parent=3551"}],"wp:term":[{"taxonomy":"product_brand","embeddable":true,"href":"https:\/\/fmp-components.com\/vi\/wp-json\/wp\/v2\/product_brand?post=3551"},{"taxonomy":"product_cat","embeddable":true,"href":"https:\/\/fmp-components.com\/vi\/wp-json\/wp\/v2\/product_cat?post=3551"},{"taxonomy":"product_tag","embeddable":true,"href":"https:\/\/fmp-components.com\/vi\/wp-json\/wp\/v2\/product_tag?post=3551"}],"curies":[{"name":"wp","href":"https:\/\/api.w.org\/{rel}","templated":true}]}}