{"id":3535,"date":"2025-01-08T03:23:35","date_gmt":"2025-01-08T03:23:35","guid":{"rendered":"https:\/\/fmp-components.com\/?page_id=8"},"modified":"2025-01-08T03:28:26","modified_gmt":"2025-01-08T03:28:26","slug":"b5-flange-mounted-stainless-steel-motor-tefc-for-food-machinery","status":"publish","type":"product","link":"https:\/\/fmp-components.com\/vi\/product\/b5-flange-mounted-stainless-steel-motor-tefc-for-food-machinery\/","title":{"rendered":"\u0110\u1ed9ng c\u01a1 th\u00e9p kh\u00f4ng g\u1ec9 g\u1eafn m\u1eb7t b\u00edch B5-TEFC cho m\u00e1y m\u00f3c th\u1ef1c ph\u1ea9m"},"content":{"rendered":"<p><img loading=\"lazy\" decoding=\"async\" class=\"alignnone size-full wp-image-3539\" src=\"https:\/\/fmp-components.com\/wp-content\/uploads\/2025\/01\/fmp_0.stainless-steel-motor-2.webp\" alt=\"fmp_0.\u0111\u1ed9ng-c\u01a1-th\u00e9p-kh\u00f4ng-g\u1ec9-2\" width=\"1579\" height=\"608\" title=\"\" srcset=\"https:\/\/fmp-components.com\/wp-content\/uploads\/2025\/01\/fmp_0.stainless-steel-motor-2.webp 1579w, https:\/\/fmp-components.com\/wp-content\/uploads\/2025\/01\/fmp_0.stainless-steel-motor-2-1280x493.webp 1280w, https:\/\/fmp-components.com\/wp-content\/uploads\/2025\/01\/fmp_0.stainless-steel-motor-2-980x377.webp 980w, https:\/\/fmp-components.com\/wp-content\/uploads\/2025\/01\/fmp_0.stainless-steel-motor-2-480x185.webp 480w\" sizes=\"(min-width: 0px) and (max-width: 480px) 480px, (min-width: 481px) and (max-width: 980px) 980px, (min-width: 981px) and (max-width: 1280px) 1280px, (min-width: 1281px) 1579px, 100vw\" \/> <img loading=\"lazy\" decoding=\"async\" class=\"alignnone wp-image-3537\" src=\"https:\/\/fmp-components.com\/wp-content\/uploads\/2025\/01\/fmp_7.stainless-steel-motor-2.webp\" alt=\"fmp_7.\u0111\u1ed9ng-c\u01a1-th\u00e9p-kh\u00f4ng-g\u1ec9-2\" width=\"929\" height=\"481\" title=\"\" srcset=\"https:\/\/fmp-components.com\/wp-content\/uploads\/2025\/01\/fmp_7.stainless-steel-motor-2.webp 929w, https:\/\/fmp-components.com\/wp-content\/uploads\/2025\/01\/fmp_7.stainless-steel-motor-2-480x249.webp 480w\" sizes=\"(min-width: 0px) and (max-width: 480px) 480px, (min-width: 481px) 929px, 100vw\" \/><\/p>\n<table style=\"width: 101.327%; height: 208px;\" border=\"1\">\n<tbody>\n<tr>\n<td>Lo\u1ea1i khung<\/td>\n<td>Ki\u1ec3u m\u1eb7t b\u00edch<\/td>\n<td>Ng\u01b0\u1eddi Ba Lan<\/td>\n<td>D<\/td>\n<td>E<\/td>\n<td>F<\/td>\n<td>G<\/td>\n<td>M<\/td>\n<td>N<\/td>\n<td>P<\/td>\n<td>R<\/td>\n<td>S<\/td>\n<td>T<\/td>\n<td>L\u1ed7 b\u00edch<\/td>\n<td>l\u1ed7 tr\u1ee5c<\/td>\n<td>M\u00e1y l\u1ea1nh<\/td>\n<td>Qu\u1ea3ng c\u00e1o<\/td>\n<\/tr>\n<tr>\n<td>71<\/td>\n<td>FT130<\/td>\n<td>2, 4, 6<\/td>\n<td>14<\/td>\n<td>30<\/td>\n<td>5<\/td>\n<td>11<\/td>\n<td>130<\/td>\n<td>110<\/td>\n<td>160<\/td>\n<td>0<\/td>\n<td>10<\/td>\n<td>3.5<\/td>\n<td>4<\/td>\n<td>M5<\/td>\n<td>134<\/td>\n<td>129<\/td>\n<\/tr>\n<tr>\n<td>80<\/td>\n<td>FT165<\/td>\n<td>2, 4, 6<\/td>\n<td>19<\/td>\n<td>40<\/td>\n<td>6<\/td>\n<td>15.5<\/td>\n<td>165<\/td>\n<td>130<\/td>\n<td>200<\/td>\n<td>0<\/td>\n<td>12<\/td>\n<td>3.5<\/td>\n<td>4<\/td>\n<td>M6<\/td>\n<td>144<\/td>\n<td>135<\/td>\n<\/tr>\n<tr>\n<td>90<\/td>\n<td>FT165<\/td>\n<td>2, 4, 6<\/td>\n<td>24<\/td>\n<td>50<\/td>\n<td>8<\/td>\n<td>20<\/td>\n<td>165<\/td>\n<td>130<\/td>\n<td>200<\/td>\n<td>0<\/td>\n<td>12<\/td>\n<td>3.5<\/td>\n<td>4<\/td>\n<td>M8<\/td>\n<td>176<\/td>\n<td>147<\/td>\n<\/tr>\n<tr>\n<td>100<\/td>\n<td>FT215<\/td>\n<td>2, 4, 6<\/td>\n<td>28<\/td>\n<td>60<\/td>\n<td>8<\/td>\n<td>24<\/td>\n<td>215<\/td>\n<td>180<\/td>\n<td>250<\/td>\n<td>0<\/td>\n<td>15<\/td>\n<td>4<\/td>\n<td>4<\/td>\n<td>M10<\/td>\n<td>203<\/td>\n<td>169<\/td>\n<\/tr>\n<tr>\n<td>112<\/td>\n<td>FT215<\/td>\n<td>2, 4, 6<\/td>\n<td>28<\/td>\n<td>60<\/td>\n<td>8<\/td>\n<td>24<\/td>\n<td>215<\/td>\n<td>180<\/td>\n<td>250<\/td>\n<td>0<\/td>\n<td>15<\/td>\n<td>4<\/td>\n<td>4<\/td>\n<td>M10<\/td>\n<td>218<\/td>\n<td>174<\/td>\n<\/tr>\n<tr>\n<td>132<\/td>\n<td>FT265<\/td>\n<td>2, 4, 6<\/td>\n<td>38<\/td>\n<td>80<\/td>\n<td>10<\/td>\n<td>33<\/td>\n<td>265<\/td>\n<td>230<\/td>\n<td>300<\/td>\n<td>0<\/td>\n<td>15<\/td>\n<td>4<\/td>\n<td>4<\/td>\n<td>M12<\/td>\n<td>256<\/td>\n<td>192<\/td>\n<\/tr>\n<\/tbody>\n<\/table>\n<h2>\u01afu \u0111i\u1ec3m c\u1ee7a \u0111\u1ed9ng c\u01a1 th\u00e9p kh\u00f4ng g\u1ec9<\/h2>\n<ul>\n<li><strong>Ti\u00eau chu\u1ea9n v\u1ec7 sinh cao<\/strong><br \/>\n\u0110\u1ed9ng c\u01a1 th\u00e9p kh\u00f4ng g\u1ec9 m\u00e0 ch\u00fang t\u00f4i ph\u00e1t tri\u1ec3n c\u00f3 b\u1ec1 m\u1eb7t nh\u1eb5n \u0111\u00e1p \u1ee9ng c\u00e1c ti\u00eau chu\u1ea9n v\u1ec7 sinh nghi\u00eam ng\u1eb7t theo y\u00eau c\u1ea7u c\u1ee7a th\u1ecb tr\u01b0\u1eddng, \u0111\u1ea3m b\u1ea3o c\u1ea3 s\u1ef1 an to\u00e0n v\u00e0 s\u1ea1ch s\u1ebd trong m\u00f4i tr\u01b0\u1eddng kh\u1eafc nghi\u1ec7t.<\/li>\n<li><strong>Thi\u1ebft k\u1ebf ch\u1ed1ng \u0103n m\u00f2n<\/strong><br \/>\n\u0110\u01b0\u1ee3c ch\u1ebf t\u1ea1o v\u1edbi khung \u1ed1ng v\u00e0 thi\u1ebft k\u1ebf k\u00edn, \u0111\u1ed9ng c\u01a1 lo\u1ea1i b\u1ecf c\u00e1c l\u1ed7 th\u00f4ng gi\u00f3, ng\u0103n ng\u1eeba b\u1ee5i b\u1ea9n ho\u1eb7c c\u1eb7n th\u1ee9c \u0103n t\u00edch t\u1ee5. To\u00e0n b\u1ed9 v\u1ecf ngo\u00e0i \u0111\u01b0\u1ee3c l\u00e0m b\u1eb1ng th\u00e9p kh\u00f4ng g\u1ec9, kh\u00f4ng c\u00f3 th\u00e0nh ph\u1ea7n nh\u1ef1a. Th\u00f4ng tin nh\u00e3n hi\u1ec7u \u0111\u01b0\u1ee3c kh\u1eafc laser tr\u00ean n\u1eafp cu\u1ed1i ho\u1eb7c h\u1ed9p n\u1ed1i, \u0111\u1ea3m b\u1ea3o \u0111\u1ed9ng c\u01a1 lu\u00f4n s\u1ea1ch s\u1ebd v\u00e0 b\u1ec1n b\u1ec9. Thi\u1ebft k\u1ebf n\u00e0y cho ph\u00e9p b\u1ec1 m\u1eb7t \u0111\u1ed9ng c\u01a1 d\u1ec5 d\u00e0ng v\u1ec7 sinh v\u00e0 ch\u1ed1ng l\u1ea1i c\u00e1c t\u00e1c nh\u00e2n \u0103n m\u00f2n th\u00f4ng th\u01b0\u1eddng.<\/li>\n<li><strong>T\u0103ng c\u01b0\u1eddng b\u1ea3o v\u1ec7 v\u00e0 hi\u1ec7u qu\u1ea3<\/strong><br \/>\nV\u1edbi x\u1ebfp h\u1ea1ng b\u1ea3o v\u1ec7 IP69K, \u0111\u1ed9ng c\u01a1 th\u00e9p kh\u00f4ng g\u1ec9 c\u00f3 kh\u1ea3 n\u0103ng ch\u1ed1ng n\u01b0\u1edbc v\u00e0 b\u1ee5i x\u00e2m nh\u1eadp cao. S\u1ea3n ph\u1ea9m \u0111\u00e1p \u1ee9ng ti\u00eau chu\u1ea9n hi\u1ec7u su\u1ea5t IE4, v\u00e0 thi\u1ebft k\u1ebf \u0111i\u1ec7n ch\u00ednh x\u00e1c \u0111\u1ea3m b\u1ea3o ki\u1ec3m so\u00e1t hi\u1ec7u qu\u1ea3 nhi\u1ec7t \u0111\u1ed9 b\u00ean trong v\u00e0 b\u1ec1 m\u1eb7t. \u0110\u1ed9ng c\u01a1 c\u0169ng \u0111\u01b0\u1ee3c ch\u1ebf t\u1ea1o b\u1eb1ng v\u1eadt li\u1ec7u c\u00e1ch \u0111i\u1ec7n ch\u1ea5t l\u01b0\u1ee3ng cao, ph\u00f9 h\u1ee3p \u0111\u1ec3 s\u1eed d\u1ee5ng v\u1edbi bi\u1ebfn t\u1ea7n.<\/li>\n<li><strong>Gi\u1ea3i ph\u00e1p t\u00f9y ch\u1ec9nh<\/strong><br \/>\nFMP c\u00f3 kh\u1ea3 n\u0103ng ph\u00e1t tri\u1ec3n c\u00e1c gi\u1ea3i ph\u00e1p \u0111i\u1ec7n v\u00e0 c\u01a1 kh\u00ed \u0111\u1ed9c \u0111\u00e1o \u0111\u1ec3 \u0111\u00e1p \u1ee9ng c\u00e1c y\u00eau c\u1ea7u c\u1ee5 th\u1ec3 c\u1ee7a kh\u00e1ch h\u00e0ng, cung c\u1ea5p c\u00e1c thi\u1ebft k\u1ebf ph\u00f9 h\u1ee3p cho nhi\u1ec1u \u1ee9ng d\u1ee5ng kh\u00e1c nhau.<\/li>\n<\/ul>\n<p><img loading=\"lazy\" decoding=\"async\" class=\"alignnone  wp-image-3541\" src=\"https:\/\/fmp-components.com\/wp-content\/uploads\/2025\/01\/fmp_steel-motor-application-1.webp\" alt=\"fmp_steel-motor-application-1\" width=\"922\" height=\"523\" title=\"\" srcset=\"https:\/\/fmp-components.com\/wp-content\/uploads\/2025\/01\/fmp_steel-motor-application-1.webp 476w, https:\/\/fmp-components.com\/wp-content\/uploads\/2025\/01\/fmp_steel-motor-application-1-300x170.webp 300w, https:\/\/fmp-components.com\/wp-content\/uploads\/2025\/01\/fmp_steel-motor-application-1-18x10.webp 18w\" sizes=\"(max-width: 922px) 100vw, 922px\" \/><\/p>\n<h2>\u0110\u1ed9ng c\u01a1 th\u00e9p kh\u00f4ng g\u1ec9 li\u00ean quan<\/h2>\n<table style=\"width: 100%;\" border=\"1\" width=\"100%\" cellspacing=\"0\" cellpadding=\"0\">\n<tbody>\n<tr>\n<td style=\"width: 25.9179%;\" align=\"right\" width=\"64\" height=\"18\"><img loading=\"lazy\" decoding=\"async\" class=\"alignnone size-full wp-image-3507\" src=\"https:\/\/fmp-components.com\/wp-content\/uploads\/2025\/01\/ep_stainless-steel-motor-1.webp\" sizes=\"(max-width: 379px) 100vw, 379px\" srcset=\"https:\/\/fmp-components.com\/wp-content\/uploads\/2025\/01\/ep_stainless-steel-motor-1.webp 379w, https:\/\/fmp-components.com\/wp-content\/uploads\/2025\/01\/ep_stainless-steel-motor-1-300x200.webp 300w, https:\/\/fmp-components.com\/wp-content\/uploads\/2025\/01\/ep_stainless-steel-motor-1-18x12.webp 18w\" alt=\"\u0111\u1ed9ng c\u01a1 th\u00e9p kh\u00f4ng g\u1ec9\" width=\"379\" height=\"253\" title=\"\"><\/td>\n<td style=\"width: 25.8099%;\" align=\"right\" width=\"64\"><img loading=\"lazy\" decoding=\"async\" class=\"alignnone size-full wp-image-3508\" src=\"https:\/\/fmp-components.com\/wp-content\/uploads\/2025\/01\/ep_stainless-steel-motor-2-2.webp\" sizes=\"(max-width: 379px) 100vw, 379px\" srcset=\"https:\/\/fmp-components.com\/wp-content\/uploads\/2025\/01\/ep_stainless-steel-motor-2-2.webp 379w, https:\/\/fmp-components.com\/wp-content\/uploads\/2025\/01\/ep_stainless-steel-motor-2-2-300x200.webp 300w, https:\/\/fmp-components.com\/wp-content\/uploads\/2025\/01\/ep_stainless-steel-motor-2-2-18x12.webp 18w\" alt=\"\u0111\u1ed9ng c\u01a1 th\u00e9p kh\u00f4ng g\u1ec9\" width=\"379\" height=\"253\" title=\"\"><\/td>\n<td style=\"width: 25.378%;\" align=\"right\" width=\"64\"><img loading=\"lazy\" decoding=\"async\" class=\"alignnone size-full wp-image-3509\" src=\"https:\/\/fmp-components.com\/wp-content\/uploads\/2025\/01\/ep_stainless-steel-motor-6.webp\" sizes=\"(max-width: 379px) 100vw, 379px\" srcset=\"https:\/\/fmp-components.com\/wp-content\/uploads\/2025\/01\/ep_stainless-steel-motor-6.webp 379w, https:\/\/fmp-components.com\/wp-content\/uploads\/2025\/01\/ep_stainless-steel-motor-6-300x200.webp 300w, https:\/\/fmp-components.com\/wp-content\/uploads\/2025\/01\/ep_stainless-steel-motor-6-18x12.webp 18w\" alt=\"\u0111\u1ed9ng c\u01a1 th\u00e9p kh\u00f4ng g\u1ec9\" width=\"379\" height=\"253\" title=\"\"><\/td>\n<td style=\"width: 22.6782%;\" align=\"right\" width=\"64\"><img loading=\"lazy\" decoding=\"async\" class=\"alignnone size-full wp-image-3510\" src=\"https:\/\/fmp-components.com\/wp-content\/uploads\/2025\/01\/ep_stainless-steel-motor-300x200-1.webp\" sizes=\"(max-width: 300px) 100vw, 300px\" srcset=\"https:\/\/fmp-components.com\/wp-content\/uploads\/2025\/01\/ep_stainless-steel-motor-300x200-1.webp 300w, https:\/\/fmp-components.com\/wp-content\/uploads\/2025\/01\/ep_stainless-steel-motor-300x200-1-18x12.webp 18w\" alt=\"\u0111\u1ed9ng c\u01a1 th\u00e9p kh\u00f4ng g\u1ec9\" width=\"300\" height=\"200\" title=\"\"><\/td>\n<\/tr>\n<tr>\n<td style=\"width: 25.9179%;\" align=\"right\" height=\"18\">\u0110\u1ed9ng c\u01a1 nam ch\u00e2m v\u0129nh c\u1eedu b\u1eb1ng th\u00e9p kh\u00f4ng g\u1ec9<\/td>\n<td style=\"width: 25.8099%;\" align=\"right\">\u0110\u1ed9ng c\u01a1 th\u00e9p kh\u00f4ng g\u1ec9 l\u00e0m m\u00e1t b\u1eb1ng n\u01b0\u1edbc<\/td>\n<td style=\"width: 25.378%;\" align=\"right\">\u0110\u1ed9ng c\u01a1 \u0111i\u1ec7n ng\u00e0nh th\u1ef1c ph\u1ea9m<\/td>\n<td style=\"width: 22.6782%;\" align=\"right\">\u0110\u1ed9ng c\u01a1 th\u00e9p kh\u00f4ng g\u1ec9<\/td>\n<\/tr>\n<tr>\n<td style=\"width: 25.9179%;\" align=\"right\" height=\"18\"><img loading=\"lazy\" decoding=\"async\" class=\"alignnone size-full wp-image-3511\" src=\"https:\/\/fmp-components.com\/wp-content\/uploads\/2025\/01\/ep_stainless-steel-motor-4.webp\" sizes=\"(max-width: 379px) 100vw, 379px\" srcset=\"https:\/\/fmp-components.com\/wp-content\/uploads\/2025\/01\/ep_stainless-steel-motor-4.webp 379w, https:\/\/fmp-components.com\/wp-content\/uploads\/2025\/01\/ep_stainless-steel-motor-4-300x200.webp 300w, https:\/\/fmp-components.com\/wp-content\/uploads\/2025\/01\/ep_stainless-steel-motor-4-18x12.webp 18w\" alt=\"\u0111\u1ed9ng c\u01a1 th\u00e9p kh\u00f4ng g\u1ec9\" width=\"379\" height=\"253\" title=\"\"><\/td>\n<td style=\"width: 25.8099%;\" align=\"right\"><img loading=\"lazy\" decoding=\"async\" class=\"alignnone size-full wp-image-3512\" src=\"https:\/\/fmp-components.com\/wp-content\/uploads\/2025\/01\/ep_stainless-steel-motor-3.webp\" sizes=\"(max-width: 379px) 100vw, 379px\" srcset=\"https:\/\/fmp-components.com\/wp-content\/uploads\/2025\/01\/ep_stainless-steel-motor-3.webp 379w, https:\/\/fmp-components.com\/wp-content\/uploads\/2025\/01\/ep_stainless-steel-motor-3-300x200.webp 300w, https:\/\/fmp-components.com\/wp-content\/uploads\/2025\/01\/ep_stainless-steel-motor-3-18x12.webp 18w\" alt=\"\u0111\u1ed9ng c\u01a1 th\u00e9p kh\u00f4ng g\u1ec9\" width=\"379\" height=\"253\" title=\"\"><\/td>\n<td style=\"width: 25.378%;\" align=\"right\"><img loading=\"lazy\" decoding=\"async\" class=\"alignnone size-full wp-image-3513\" src=\"https:\/\/fmp-components.com\/wp-content\/uploads\/2025\/01\/ep_stainless-steel-motor-5.webp\" sizes=\"(max-width: 379px) 100vw, 379px\" srcset=\"https:\/\/fmp-components.com\/wp-content\/uploads\/2025\/01\/ep_stainless-steel-motor-5.webp 379w, https:\/\/fmp-components.com\/wp-content\/uploads\/2025\/01\/ep_stainless-steel-motor-5-300x200.webp 300w, https:\/\/fmp-components.com\/wp-content\/uploads\/2025\/01\/ep_stainless-steel-motor-5-18x12.webp 18w\" alt=\"\u0111\u1ed9ng c\u01a1 th\u00e9p kh\u00f4ng g\u1ec9\" width=\"379\" height=\"253\" title=\"\"><\/td>\n<td style=\"width: 22.6782%;\" align=\"right\"><img loading=\"lazy\" decoding=\"async\" class=\"alignnone size-full wp-image-3514\" src=\"https:\/\/fmp-components.com\/wp-content\/uploads\/2025\/01\/ep_stainless-steel-motor-6-1.webp\" sizes=\"(max-width: 379px) 100vw, 379px\" srcset=\"https:\/\/fmp-components.com\/wp-content\/uploads\/2025\/01\/ep_stainless-steel-motor-6-1.webp 379w, https:\/\/fmp-components.com\/wp-content\/uploads\/2025\/01\/ep_stainless-steel-motor-6-1-300x200.webp 300w, https:\/\/fmp-components.com\/wp-content\/uploads\/2025\/01\/ep_stainless-steel-motor-6-1-18x12.webp 18w\" alt=\"\u0111\u1ed9ng c\u01a1 th\u00e9p kh\u00f4ng g\u1ec9\" width=\"379\" height=\"253\" title=\"\"><\/td>\n<\/tr>\n<tr>\n<td style=\"width: 25.9179%;\" align=\"right\" height=\"18\">\u0110\u1ed9ng c\u01a1 AC m\u00e1y m\u00f3c th\u1ef1c ph\u1ea9m nh\u0169 t\u01b0\u01a1ng IEC<\/td>\n<td style=\"width: 25.8099%;\" align=\"right\">\u0110\u1ed9ng c\u01a1 kh\u00f4ng \u0111\u1ed3ng b\u1ed9 NEMA 56C<\/td>\n<td style=\"width: 25.378%;\" align=\"right\">\u0110\u1ed9ng c\u01a1 AC th\u00e9p kh\u00f4ng g\u1ec9 IEC<\/td>\n<td style=\"width: 22.6782%;\">\u0110\u1ed9ng c\u01a1 hi\u1ec7u su\u1ea5t cao IEC ho\u00e0n to\u00e0n b\u1eb1ng th\u00e9p kh\u00f4ng g\u1ec9<\/td>\n<\/tr>\n<tr>\n<td style=\"width: 25.9179%;\" align=\"right\" width=\"64\" height=\"18\"><img loading=\"lazy\" decoding=\"async\" class=\"alignnone size-full wp-image-3515\" src=\"https:\/\/fmp-components.com\/wp-content\/uploads\/2025\/01\/ep_stainless-steel-motor-2.webp\" sizes=\"(max-width: 379px) 100vw, 379px\" srcset=\"https:\/\/fmp-components.com\/wp-content\/uploads\/2025\/01\/ep_stainless-steel-motor-2.webp 379w, https:\/\/fmp-components.com\/wp-content\/uploads\/2025\/01\/ep_stainless-steel-motor-2-300x200.webp 300w, https:\/\/fmp-components.com\/wp-content\/uploads\/2025\/01\/ep_stainless-steel-motor-2-18x12.webp 18w\" alt=\"\u0111\u1ed9ng c\u01a1 th\u00e9p kh\u00f4ng g\u1ec9\" width=\"379\" height=\"253\" title=\"\"><\/td>\n<td style=\"width: 25.8099%;\" align=\"right\" width=\"64\"><img loading=\"lazy\" decoding=\"async\" class=\"alignnone size-full wp-image-3516\" src=\"https:\/\/fmp-components.com\/wp-content\/uploads\/2025\/01\/ep_stainless-steel-motor-8.webp\" sizes=\"(max-width: 379px) 100vw, 379px\" srcset=\"https:\/\/fmp-components.com\/wp-content\/uploads\/2025\/01\/ep_stainless-steel-motor-8.webp 379w, https:\/\/fmp-components.com\/wp-content\/uploads\/2025\/01\/ep_stainless-steel-motor-8-300x200.webp 300w, https:\/\/fmp-components.com\/wp-content\/uploads\/2025\/01\/ep_stainless-steel-motor-8-18x12.webp 18w\" alt=\"\u0111\u1ed9ng c\u01a1 th\u00e9p kh\u00f4ng g\u1ec9\" width=\"379\" height=\"253\" title=\"\"><\/td>\n<td style=\"width: 25.378%;\" align=\"right\" width=\"64\"><img loading=\"lazy\" decoding=\"async\" class=\"alignnone size-full wp-image-3517\" src=\"https:\/\/fmp-components.com\/wp-content\/uploads\/2025\/01\/ep_stainless-steel-motor-7.webp\" sizes=\"(max-width: 379px) 100vw, 379px\" srcset=\"https:\/\/fmp-components.com\/wp-content\/uploads\/2025\/01\/ep_stainless-steel-motor-7.webp 379w, https:\/\/fmp-components.com\/wp-content\/uploads\/2025\/01\/ep_stainless-steel-motor-7-300x200.webp 300w, https:\/\/fmp-components.com\/wp-content\/uploads\/2025\/01\/ep_stainless-steel-motor-7-18x12.webp 18w\" alt=\"\u0111\u1ed9ng c\u01a1 th\u00e9p kh\u00f4ng g\u1ec9\" width=\"379\" height=\"253\" title=\"\"><\/td>\n<td style=\"width: 22.6782%;\" align=\"right\" width=\"64\"><\/td>\n<\/tr>\n<tr>\n<td style=\"width: 25.9179%;\" align=\"right\" height=\"18\">\u0110\u1ed9ng c\u01a1 m\u00e1y tri\u1ec7t l\u00f4ng g\u00e0 v\u1ecbt<\/td>\n<td style=\"width: 25.8099%;\" align=\"right\">\u0110\u1ed9ng c\u01a1 th\u00e9p kh\u00f4ng g\u1ec9 c\u1ea5p th\u1ef1c ph\u1ea9m NEMA<\/td>\n<td style=\"width: 25.378%;\" align=\"right\">\u0110\u1ed9ng c\u01a1 th\u00e9p kh\u00f4ng g\u1ec9 IEC c\u1ea5p th\u1ef1c ph\u1ea9m<\/td>\n<td style=\"width: 22.6782%;\" align=\"right\"><\/td>\n<\/tr>\n<\/tbody>\n<\/table>\n<h2>Gi\u1edbi thi\u1ec7u v\u1ec1 FMP<\/h2>\n<p>FMP l\u00e0 m\u1ed9t doanh nghi\u1ec7p c\u00f4ng ngh\u1ec7 cao qu\u1ed1c gia chuy\u00ean thi\u1ebft k\u1ebf, ph\u00e1t tri\u1ec3n v\u00e0 s\u1ea3n xu\u1ea5t c\u00e1c \u0111\u1ed9ng c\u01a1 ti\u00ean ti\u1ebfn v\u00e0 gi\u1ea3i ph\u00e1p c\u01a1 \u0111i\u1ec7n. Ch\u00fang t\u00f4i t\u1eadp trung s\u1ea3n xu\u1ea5t c\u00e1c d\u00f2ng \u0111\u1ed9ng c\u01a1 YE2, YE3 v\u00e0 YE4, c\u00f9ng v\u1edbi m\u1ed9t lo\u1ea1t c\u00e1c s\u1ea3n ph\u1ea9m ph\u00e1i sinh. S\u1ea3n ph\u1ea9m c\u1ee7a ch\u00fang t\u00f4i c\u0169ng bao g\u1ed3m \u0111\u1ed9ng c\u01a1 ba pha v\u00e0 m\u1ed9t pha cho b\u01a1m th\u1ee7y l\u1ef1c, \u0111\u1ed9ng c\u01a1 v\u1ecf nh\u00f4m, \u0111\u1ed9ng c\u01a1 phi ti\u00eau chu\u1ea9n cho b\u01a1m th\u1ee7y l\u1ef1c, b\u1ed9 gi\u1ea3m t\u1ed1c b\u00e1nh r\u0103ng tuabin t\u00edch h\u1ee3p c\u01a1 \u0111i\u1ec7n v\u00e0 c\u00e1c lo\u1ea1i \u0111\u1ed9ng c\u01a1 chuy\u00ean d\u1ee5ng kh\u00e1c.<\/p>\n<p>S\u1ea3n ph\u1ea9m c\u1ee7a FMP \u0111\u01b0\u1ee3c s\u1eed d\u1ee5ng r\u1ed9ng r\u00e3i trong t\u1ef1 \u0111\u1ed9ng h\u00f3a c\u00f4ng nghi\u1ec7p, ph\u1ee5c v\u1ee5 c\u00e1c l\u0129nh v\u1ef1c ch\u1ee7 ch\u1ed1t nh\u01b0 m\u00e1y ti\u1ec7n CNC, m\u00e1y \u0111\u00f3ng gi\u00e0y, m\u00e1y ch\u1ebf bi\u1ebfn g\u1ed7, m\u00e1y gia c\u00f4ng kim lo\u1ea1i, m\u00e1y m\u00f3c nh\u1ef1a v\u00e0 m\u00e1y m\u00f3c x\u00e2y d\u1ef1ng. V\u1edbi cam k\u1ebft m\u1ea1nh m\u1ebd v\u1ec1 \u0111\u1ed5i m\u1edbi v\u00e0 ch\u1ea5t l\u01b0\u1ee3ng, FMP \u0111\u1ea3m b\u1ea3o t\u1ea5t c\u1ea3 s\u1ea3n ph\u1ea9m \u0111\u1ec1u \u0111\u00e1p \u1ee9ng c\u00e1c ti\u00eau chu\u1ea9n hi\u1ec7u su\u1ea5t cao nh\u1ea5t.<\/p>\n<p>B\u00ean c\u1ea1nh danh m\u1ee5c s\u1ea3n ph\u1ea9m to\u00e0n di\u1ec7n, ch\u00fang t\u00f4i t\u1ef1 h\u00e0o cung c\u1ea5p c\u00e1c gi\u1ea3i ph\u00e1p t\u00f9y ch\u1ec9nh ph\u00f9 h\u1ee3p v\u1edbi nhu c\u1ea7u c\u1ee5 th\u1ec3 c\u1ee7a kh\u00e1ch h\u00e0ng. Cho d\u00f9 b\u1ea1n c\u1ea7n \u0111\u1ed9ng c\u01a1 chuy\u00ean d\u1ee5ng, s\u1ea3n ph\u1ea9m phi ti\u00eau chu\u1ea9n hay h\u1ec7 th\u1ed1ng t\u00edch h\u1ee3p, FMP lu\u00f4n h\u1ee3p t\u00e1c ch\u1eb7t ch\u1ebd v\u1edbi kh\u00e1ch h\u00e0ng \u0111\u1ec3 cung c\u1ea5p c\u00e1c gi\u1ea3i ph\u00e1p ch\u1ea5t l\u01b0\u1ee3ng cao, \u0111\u01b0\u1ee3c thi\u1ebft k\u1ebf ri\u00eang. Tr\u1ecdng t\u00e2m c\u1ee7a ch\u00fang t\u00f4i l\u00e0 k\u1ef9 thu\u1eadt ch\u00ednh x\u00e1c v\u00e0 s\u1ef1 h\u00e0i l\u00f2ng c\u1ee7a kh\u00e1ch h\u00e0ng, th\u00fac \u0111\u1ea9y th\u00e0nh c\u00f4ng li\u00ean t\u1ee5c c\u1ee7a ch\u00fang t\u00f4i tr\u00ean th\u1ecb tr\u01b0\u1eddng to\u00e0n c\u1ea7u.<\/p>\n<p>T\u1ea1i FMP, ch\u00fang t\u00f4i cam k\u1ebft x\u00e2y d\u1ef1ng m\u1ed1i quan h\u1ec7 \u0111\u1ed1i t\u00e1c l\u00e2u d\u00e0i, c\u00f9ng c\u00f3 l\u1ee3i, h\u1ed7 tr\u1ee3 s\u1ef1 th\u00e0nh c\u00f4ng c\u1ee7a kh\u00e1ch h\u00e0ng trong t\u1eebng d\u1ef1 \u00e1n.<\/p>\n<table style=\"width: 100.629%;\" border=\"0\" width=\"128\" cellspacing=\"0\" cellpadding=\"0\">\n<tbody>\n<tr>\n<td style=\"width: 49.2308%;\" align=\"right\" width=\"64\" height=\"18\"><img loading=\"lazy\" decoding=\"async\" class=\"alignnone size-full wp-image-3398\" src=\"https:\/\/fmp-components.com\/wp-content\/uploads\/2025\/01\/Three-Phase-Motor-Factory.webp\" sizes=\"(min-width: 0px) and (max-width: 480px) 480px, (min-width: 481px) 900px, 100vw\" srcset=\"https:\/\/fmp-components.com\/wp-content\/uploads\/2025\/01\/Three-Phase-Motor-Factory.webp 900w, https:\/\/fmp-components.com\/wp-content\/uploads\/2025\/01\/Three-Phase-Motor-Factory-480x320.webp 480w\" alt=\"Nh\u00e0 m\u00e1y s\u1ea3n xu\u1ea5t \u0111\u1ed9ng c\u01a1 ba pha\" width=\"900\" height=\"600\" title=\"\"><\/td>\n<td style=\"width: 659.231%;\" align=\"right\" width=\"64\"><img loading=\"lazy\" decoding=\"async\" class=\"alignnone size-full wp-image-3399\" src=\"https:\/\/fmp-components.com\/wp-content\/uploads\/2025\/01\/Three-Phase-Motor-Factory-2.webp\" sizes=\"(min-width: 0px) and (max-width: 480px) 480px, (min-width: 481px) 900px, 100vw\" srcset=\"https:\/\/fmp-components.com\/wp-content\/uploads\/2025\/01\/Three-Phase-Motor-Factory-2.webp 900w, https:\/\/fmp-components.com\/wp-content\/uploads\/2025\/01\/Three-Phase-Motor-Factory-2-480x320.webp 480w\" alt=\"Nh\u00e0 m\u00e1y \u0111\u1ed9ng c\u01a1 ba pha 2\" width=\"900\" height=\"600\" title=\"\"><\/td>\n<\/tr>\n<tr>\n<td style=\"width: 49.2308%;\" align=\"right\" height=\"18\"><img loading=\"lazy\" decoding=\"async\" class=\"alignnone size-full wp-image-3400\" src=\"https:\/\/fmp-components.com\/wp-content\/uploads\/2025\/01\/China-Three-Phase-Motor-Factory-1.webp\" sizes=\"(min-width: 0px) and (max-width: 480px) 480px, (min-width: 481px) 900px, 100vw\" srcset=\"https:\/\/fmp-components.com\/wp-content\/uploads\/2025\/01\/China-Three-Phase-Motor-Factory-1.webp 900w, https:\/\/fmp-components.com\/wp-content\/uploads\/2025\/01\/China-Three-Phase-Motor-Factory-1-480x320.webp 480w\" alt=\"Nh\u00e0 m\u00e1y \u0111\u1ed9ng c\u01a1 ba pha s\u1ed1 1\" width=\"900\" height=\"600\" title=\"\"><\/td>\n<td style=\"width: 659.231%;\" align=\"right\"><img loading=\"lazy\" decoding=\"async\" class=\"alignnone size-full wp-image-3401\" src=\"https:\/\/fmp-components.com\/wp-content\/uploads\/2025\/01\/Three-Phase-Motor-Factory-3.webp\" sizes=\"(min-width: 0px) and (max-width: 480px) 480px, (min-width: 481px) 900px, 100vw\" srcset=\"https:\/\/fmp-components.com\/wp-content\/uploads\/2025\/01\/Three-Phase-Motor-Factory-3.webp 900w, https:\/\/fmp-components.com\/wp-content\/uploads\/2025\/01\/Three-Phase-Motor-Factory-3-480x320.webp 480w\" alt=\"Nh\u00e0 m\u00e1y \u0111\u1ed9ng c\u01a1 ba pha s\u1ed1 3\" width=\"900\" height=\"600\" title=\"\"><\/td>\n<\/tr>\n<tr>\n<td style=\"width: 49.2308%;\"><img loading=\"lazy\" decoding=\"async\" class=\"alignnone size-full wp-image-3471\" src=\"https:\/\/fmp-components.com\/wp-content\/uploads\/2025\/01\/Single-Phase-Induction-Motor-Suppliers.webp\" sizes=\"(min-width: 0px) and (max-width: 480px) 480px, (min-width: 481px) 900px, 100vw\" srcset=\"https:\/\/fmp-components.com\/wp-content\/uploads\/2025\/01\/Single-Phase-Induction-Motor-Suppliers.webp 900w, https:\/\/fmp-components.com\/wp-content\/uploads\/2025\/01\/Single-Phase-Induction-Motor-Suppliers-480x320.webp 480w\" alt=\"Nh\u00e0 cung c\u1ea5p \u0111\u1ed9ng c\u01a1 c\u1ea3m \u1ee9ng m\u1ed9t pha\" width=\"900\" height=\"600\" title=\"\"><\/td>\n<td style=\"width: 659.231%;\"><img loading=\"lazy\" decoding=\"async\" class=\"alignnone size-full wp-image-3470\" src=\"https:\/\/fmp-components.com\/wp-content\/uploads\/2025\/01\/Single-Phase-Induction-Motor-Manufacturers-1.webp\" sizes=\"(min-width: 0px) and (max-width: 480px) 480px, (min-width: 481px) 900px, 100vw\" srcset=\"https:\/\/fmp-components.com\/wp-content\/uploads\/2025\/01\/Single-Phase-Induction-Motor-Manufacturers-1.webp 900w, https:\/\/fmp-components.com\/wp-content\/uploads\/2025\/01\/Single-Phase-Induction-Motor-Manufacturers-1-480x320.webp 480w\" alt=\"Nh\u00e0 s\u1ea3n xu\u1ea5t \u0111\u1ed9ng c\u01a1 c\u1ea3m \u1ee9ng m\u1ed9t pha-1\" width=\"900\" height=\"600\" title=\"\"><\/td>\n<\/tr>\n<tr>\n<td style=\"width: 49.2308%;\"><img loading=\"lazy\" decoding=\"async\" class=\"alignnone size-full wp-image-3472\" src=\"https:\/\/fmp-components.com\/wp-content\/uploads\/2025\/01\/Single-Phase-Induction-Motor-Manufacturers.webp\" sizes=\"(min-width: 0px) and (max-width: 480px) 480px, (min-width: 481px) 900px, 100vw\" srcset=\"https:\/\/fmp-components.com\/wp-content\/uploads\/2025\/01\/Single-Phase-Induction-Motor-Manufacturers.webp 900w, https:\/\/fmp-components.com\/wp-content\/uploads\/2025\/01\/Single-Phase-Induction-Motor-Manufacturers-480x320.webp 480w\" alt=\"Nh\u00e0 s\u1ea3n xu\u1ea5t \u0111\u1ed9ng c\u01a1 c\u1ea3m \u1ee9ng m\u1ed9t pha\" width=\"900\" height=\"600\" title=\"\"><\/td>\n<td style=\"width: 659.231%;\"><img loading=\"lazy\" decoding=\"async\" class=\"alignnone size-full wp-image-3473\" src=\"https:\/\/fmp-components.com\/wp-content\/uploads\/2025\/01\/Single-Phase-Induction-Motor-for-Sale.webp\" sizes=\"(min-width: 0px) and (max-width: 480px) 480px, (min-width: 481px) 900px, 100vw\" srcset=\"https:\/\/fmp-components.com\/wp-content\/uploads\/2025\/01\/Single-Phase-Induction-Motor-for-Sale.webp 900w, https:\/\/fmp-components.com\/wp-content\/uploads\/2025\/01\/Single-Phase-Induction-Motor-for-Sale-480x320.webp 480w\" alt=\"\u0110\u1ed9ng c\u01a1 c\u1ea3m \u1ee9ng m\u1ed9t pha \u0111\u1ec3 b\u00e1n\" width=\"900\" height=\"600\" title=\"\"><\/td>\n<\/tr>\n<\/tbody>\n<\/table>\n<p>T\u00e1c gi\u1ea3: CX<\/p>","protected":false},"excerpt":{"rendered":"<p>Frame Type Flange type Poles D E F G M N P R S T Flange hole shaft hole AC AD 71 FT130 2, 4, 6 14 30 5 11 130 110 160 0 10 3.5 4 M5 134 129 80 FT165 2, 4, 6 19 40 6 15.5 165 130 200 0 12 3.5 [&hellip;]<\/p>","protected":false},"featured_media":3538,"comment_status":"open","ping_status":"closed","template":"","meta":{"_et_pb_use_builder":"","_et_pb_old_content":"","_et_gb_content_width":""},"product_brand":[],"product_cat":[88],"product_tag":[],"class_list":{"0":"post-3535","1":"product","2":"type-product","3":"status-publish","4":"has-post-thumbnail","6":"product_cat-stainless-steel-motors","8":"first","9":"instock","10":"shipping-taxable","11":"product-type-simple"},"_links":{"self":[{"href":"https:\/\/fmp-components.com\/vi\/wp-json\/wp\/v2\/product\/3535","targetHints":{"allow":["GET"]}}],"collection":[{"href":"https:\/\/fmp-components.com\/vi\/wp-json\/wp\/v2\/product"}],"about":[{"href":"https:\/\/fmp-components.com\/vi\/wp-json\/wp\/v2\/types\/product"}],"replies":[{"embeddable":true,"href":"https:\/\/fmp-components.com\/vi\/wp-json\/wp\/v2\/comments?post=3535"}],"wp:featuredmedia":[{"embeddable":true,"href":"https:\/\/fmp-components.com\/vi\/wp-json\/wp\/v2\/media\/3538"}],"wp:attachment":[{"href":"https:\/\/fmp-components.com\/vi\/wp-json\/wp\/v2\/media?parent=3535"}],"wp:term":[{"taxonomy":"product_brand","embeddable":true,"href":"https:\/\/fmp-components.com\/vi\/wp-json\/wp\/v2\/product_brand?post=3535"},{"taxonomy":"product_cat","embeddable":true,"href":"https:\/\/fmp-components.com\/vi\/wp-json\/wp\/v2\/product_cat?post=3535"},{"taxonomy":"product_tag","embeddable":true,"href":"https:\/\/fmp-components.com\/vi\/wp-json\/wp\/v2\/product_tag?post=3535"}],"curies":[{"name":"wp","href":"https:\/\/api.w.org\/{rel}","templated":true}]}}