{"id":3505,"date":"2025-01-08T02:21:06","date_gmt":"2025-01-08T02:21:06","guid":{"rendered":"https:\/\/fmp-components.com\/?page_id=8"},"modified":"2025-01-08T02:22:26","modified_gmt":"2025-01-08T02:22:26","slug":"nema-stainless-steel-stepper-motor-with-double-capacitor","status":"publish","type":"product","link":"https:\/\/fmp-components.com\/vi\/product\/nema-stainless-steel-stepper-motor-with-double-capacitor\/","title":{"rendered":"\u0110\u1ed9ng c\u01a1 b\u01b0\u1edbc th\u00e9p kh\u00f4ng g\u1ec9 NEMA v\u1edbi t\u1ee5 \u0111i\u1ec7n k\u00e9p"},"content":{"rendered":"<p class=\"et_pb_module_header\" style=\"text-align: center;\"><span style=\"font-size: 18pt;\">\u0110\u1ed9ng c\u01a1 b\u01b0\u1edbc th\u00e9p kh\u00f4ng g\u1ec9 NEMA v\u1edbi t\u1ee5 \u0111i\u1ec7n k\u00e9p<\/span><\/p>\n<p>\u0110\u1ed9ng c\u01a1 \u0111i\u1ec7n FMP b\u1eb1ng th\u00e9p kh\u00f4ng g\u1ec9\/Flush c\u00f3 s\u1eb5n trong v\u1ecf k\u00edn l\u00e0m m\u00e1t b\u1eb1ng qu\u1ea1t (Tens) ho\u1eb7c v\u1ecf k\u00edn kh\u00f4ng th\u00f4ng gi\u00f3 (ten) v\u1edbi c\u1ea5p b\u1ea3o v\u1ec7 ch\u1ed1ng th\u1ea5m n\u01b0\u1edbc IP56. C\u00e1c \u0111\u1ed9ng c\u01a1 x\u1ea3 r\u1eeda n\u00e0y l\u00fd t\u01b0\u1edfng cho c\u00e1c \u1ee9ng d\u1ee5ng b\u0103ng t\u1ea3i, b\u01a1m v\u00e0 x\u1eed l\u00fd v\u1eadt li\u1ec7u trong ng\u00e0nh th\u1ef1c ph\u1ea9m, \u0111\u1ed3 u\u1ed1ng, d\u01b0\u1ee3c ph\u1ea9m v\u00e0 gia c\u1ea7m.<\/p>\n<p>C\u00e1c t\u00ednh n\u0103ng bao g\u1ed3m ph\u1edbt k\u00e9p \u1edf c\u1ea3 \u0111\u1ea7u d\u1eabn \u0111\u1ed9ng v\u00e0 \u0111\u1ea7u kh\u00f4ng d\u1eabn \u0111\u1ed9ng, v\u00f2ng n\u00e2ng tr\u1ee5c kh\u00e1c nhau, v\u00f2ng ch\u1eef O v\u00e0 bu l\u00f4ng xuy\u00ean qua n\u1eafp \u0111\u1ea7u, khung th\u00e9p kh\u00f4ng g\u1ec9 304, tr\u1ee5c th\u00e9p kh\u00f4ng g\u1ec9 v\u00e0 h\u1ed9p \u0111\u1ea5u n\u1ed1i\/\u0111\u1ea7u n\u1ed1i d\u00e2y ch\u1ed1ng n\u01b0\u1edbc. C\u00e1c \u0111\u1ed9ng c\u01a1 ch\u1ed1ng n\u01b0\u1edbc n\u00e0y c\u00f3 c\u00f4ng su\u1ea5t t\u1eeb \u200b\u200b1\/2 \u0111\u1ebfn 2 m\u00e3 l\u1ef1c v\u00e0 h\u1ec7 s\u1ed1 d\u1ecbch v\u1ee5 \u0111\u01b0\u1ee3c \u0111\u00e1nh gi\u00e1 \u1edf m\u1ee9c 1,15 (1,0 SF \u0111\u1ed1i v\u1edbi \u0111\u1ed9ng c\u01a1 AC).<br \/>\nT\u00ednh linh ho\u1ea1t c\u1ee7a ch\u00fang khi\u1ebfn \u0111\u1ed9ng c\u01a1 th\u00e9p kh\u00f4ng g\u1ec9\/\u0111\u1ed9ng c\u01a1 ph\u1eb3ng v\u00e0 c\u00e1c \u0111\u1ed9ng c\u01a1 c\u00f4ng su\u1ea5t nh\u1ecf kh\u00e1c tr\u1edf n\u00ean l\u00fd t\u01b0\u1edfng cho kh\u00f4ng gian l\u01b0u tr\u1eef h\u1ea1n ch\u1ebf. \u0110\u01a1n h\u00e0ng t\u1eeb 25 \u0111\u1ed9ng c\u01a1 56 tr\u1edf l\u00ean s\u1ebd \u0111\u01b0\u1ee3c giao h\u00e0ng s\u1edbm.<\/p>\n<h2>Th\u00f4ng s\u1ed1 c\u1ee7a \u0111\u1ed9ng c\u01a1 b\u01b0\u1edbc th\u00e9p kh\u00f4ng g\u1ec9<\/h2>\n<p><img loading=\"lazy\" decoding=\"async\" class=\"wp-image-3506 aligncenter\" src=\"https:\/\/fmp-components.com\/wp-content\/uploads\/2025\/01\/ep_12.stainless-steel-motor-1.webp\" alt=\"ep_12.\u0111\u1ed9ng-c\u01a1-th\u00e9p-kh\u00f4ng-g\u1ec9-1\" width=\"920\" height=\"454\" title=\"\" srcset=\"https:\/\/fmp-components.com\/wp-content\/uploads\/2025\/01\/ep_12.stainless-steel-motor-1.webp 920w, https:\/\/fmp-components.com\/wp-content\/uploads\/2025\/01\/ep_12.stainless-steel-motor-1-480x237.webp 480w\" sizes=\"(min-width: 0px) and (max-width: 480px) 480px, (min-width: 481px) 920px, 100vw\" \/><\/p>\n<table style=\"width: 100.179%; height: 117px;\" border=\"1\">\n<tbody>\n<tr>\n<td><strong>Khung\u00a0<\/strong><\/td>\n<td><strong>M\u1ed8T<\/strong><\/td>\n<td><strong>BB<\/strong><\/td>\n<td><strong>C\u1eed nh\u00e2n<\/strong><\/td>\n<td><strong>T\u00e2y B\u1eafc<\/strong><\/td>\n<td><strong>B\u1ea1n<\/strong><\/td>\n<td><strong>R<\/strong><\/td>\n<td><strong>S<\/strong><\/td>\n<td><strong>ES<\/strong><\/td>\n<td><strong>E<\/strong><\/td>\n<td><strong>T\u1ea7ng 2<\/strong><\/td>\n<td><strong>B<\/strong><\/td>\n<td><strong>H<\/strong><\/td>\n<td><strong>BF<\/strong><\/td>\n<td><strong>AJ<\/strong><\/td>\n<td><strong>AK<\/strong><\/td>\n<td><strong>P<\/strong><\/td>\n<td><strong>AB<\/strong><\/td>\n<td><strong>D<\/strong><\/td>\n<td><strong>\u1ed2<\/strong><\/td>\n<\/tr>\n<tr>\n<td>56C<\/td>\n<td>6.5<\/td>\n<td>0.16<\/td>\n<td>2.75<\/td>\n<td>1.88<\/td>\n<td>0.625<\/td>\n<td>0.517<\/td>\n<td>0.188<\/td>\n<td>1.41<\/td>\n<td>2.44<\/td>\n<td>3<\/td>\n<td>3.87<\/td>\n<td>0.34<\/td>\n<td>3\/8-16<\/td>\n<td>5.875<\/td>\n<td>4.5<\/td>\n<td>6.93<\/td>\n<td>5.79<\/td>\n<td>3.504<\/td>\n<td>8.07<\/td>\n<\/tr>\n<tr>\n<td>143TC<\/td>\n<td>6.5<\/td>\n<td>0.16<\/td>\n<td>2.75<\/td>\n<td>2.25<\/td>\n<td>0.771<\/td>\n<td>0.771<\/td>\n<td>0.188<\/td>\n<td>1.41<\/td>\n<td>2.75<\/td>\n<td>4<\/td>\n<td>4.87<\/td>\n<td>4.87<\/td>\n<td>3\/8-16<\/td>\n<td>5.875<\/td>\n<td>4.5<\/td>\n<td>6.93<\/td>\n<td>5.79<\/td>\n<td>3.504<\/td>\n<td>8.07<\/td>\n<\/tr>\n<tr>\n<td>145TC<\/td>\n<td>6.5<\/td>\n<td>0.16<\/td>\n<td>2.75<\/td>\n<td>2.25<\/td>\n<td>0.771<\/td>\n<td>0.771<\/td>\n<td>0.188<\/td>\n<td>1.41<\/td>\n<td>2.75<\/td>\n<td>5<\/td>\n<td>5.87<\/td>\n<td>5.87<\/td>\n<td>3\/8-16<\/td>\n<td>5.875<\/td>\n<td>4.5<\/td>\n<td>6.93<\/td>\n<td>5.79<\/td>\n<td>3.504<\/td>\n<td>8.07<\/td>\n<\/tr>\n<\/tbody>\n<\/table>\n<ul>\n<li>V\u1ecf TEFC ho\u1eb7c TENV<\/li>\n<li>B\u1ea3o v\u1ec7 IP67<\/li>\n<li>Ba pha, 208-230\/460 V\u00f4n<\/li>\n<li>1,15 feet vu\u00f4ng<\/li>\n<li>L\u1edbp c\u00e1ch \u0111i\u1ec7n F<\/li>\n<li>M\u1eb7t C c\u00f3 ch\u00e2n (h\u00e0n) ho\u1eb7c tr\u00f2n (kh\u00f4ng c\u00f3 ch\u00e2n)<\/li>\n<li>Khung th\u00e9p kh\u00f4ng g\u1ec9 304, gi\u00e1 \u0111\u1ee1 cu\u1ed1i v\u00e0 h\u1ed9p n\u1ed1i<\/li>\n<li>Tr\u1ee5c th\u00e9p kh\u00f4ng g\u1ec9<\/li>\n<li>L\u1edbp m\u00e0ng ch\u1ed1ng g\u1ec9 c\u1ee7a rotor<\/li>\n<li>Ph\u1edbt m\u00f4i k\u00e9p c\u00f3 th\u00eam m\u1ed9t v\u00f2ng \u0111\u1ec7m \u1edf \u0111\u1ea7u truy\u1ec1n \u0111\u1ed9ng<\/li>\n<li>V\u00f2ng \u0111\u1ec7m ch\u1eef O \u0111\u01b0\u1ee3c l\u1eafp tr\u00ean n\u1eafp \u0111u\u00f4i c\u00f3 th\u1ec3 ng\u0103n ch\u1eb7n s\u1ef1 x\u00e2m nh\u1eadp c\u1ee7a h\u01a1i \u1ea9m<\/li>\n<li>Bao g\u1ed3m \u0111\u1ea7u n\u1ed1i d\u00e2y th\u00e9p kh\u00f4ng g\u1ec9<\/li>\n<li>T\u1ea3i bi\u1ebfn t\u1ea7n<\/li>\n<\/ul>\n<h2>\u0110\u1ed9ng c\u01a1 th\u00e9p kh\u00f4ng g\u1ec9 li\u00ean quan<\/h2>\n<table style=\"width: 101.404%; height: 110px;\" border=\"1\" width=\"100%\" cellspacing=\"0\" cellpadding=\"0\">\n<tbody>\n<tr style=\"height: 13.8pt;\">\n<td style=\"height: 13px; width: 25.0965%;\" align=\"right\" width=\"64\" height=\"18\"><img loading=\"lazy\" decoding=\"async\" class=\"alignnone size-full wp-image-3507\" src=\"https:\/\/fmp-components.com\/wp-content\/uploads\/2025\/01\/ep_stainless-steel-motor-1.webp\" alt=\"\u0111\u1ed9ng c\u01a1 th\u00e9p kh\u00f4ng g\u1ec9\" width=\"379\" height=\"253\" title=\"\" srcset=\"https:\/\/fmp-components.com\/wp-content\/uploads\/2025\/01\/ep_stainless-steel-motor-1.webp 379w, https:\/\/fmp-components.com\/wp-content\/uploads\/2025\/01\/ep_stainless-steel-motor-1-300x200.webp 300w, https:\/\/fmp-components.com\/wp-content\/uploads\/2025\/01\/ep_stainless-steel-motor-1-18x12.webp 18w\" sizes=\"(max-width: 379px) 100vw, 379px\" \/><\/td>\n<td style=\"width: 25.0965%; height: 13px;\" align=\"right\" width=\"64\"><img loading=\"lazy\" decoding=\"async\" class=\"alignnone size-full wp-image-3508\" src=\"https:\/\/fmp-components.com\/wp-content\/uploads\/2025\/01\/ep_stainless-steel-motor-2-2.webp\" alt=\"\u0111\u1ed9ng c\u01a1 th\u00e9p kh\u00f4ng g\u1ec9\" width=\"379\" height=\"253\" title=\"\" srcset=\"https:\/\/fmp-components.com\/wp-content\/uploads\/2025\/01\/ep_stainless-steel-motor-2-2.webp 379w, https:\/\/fmp-components.com\/wp-content\/uploads\/2025\/01\/ep_stainless-steel-motor-2-2-300x200.webp 300w, https:\/\/fmp-components.com\/wp-content\/uploads\/2025\/01\/ep_stainless-steel-motor-2-2-18x12.webp 18w\" sizes=\"(max-width: 379px) 100vw, 379px\" \/><\/td>\n<td style=\"width: 25.0965%; height: 13px;\" align=\"right\" width=\"64\"><img loading=\"lazy\" decoding=\"async\" class=\"alignnone size-full wp-image-3509\" src=\"https:\/\/fmp-components.com\/wp-content\/uploads\/2025\/01\/ep_stainless-steel-motor-6.webp\" alt=\"\u0111\u1ed9ng c\u01a1 th\u00e9p kh\u00f4ng g\u1ec9\" width=\"379\" height=\"253\" title=\"\" srcset=\"https:\/\/fmp-components.com\/wp-content\/uploads\/2025\/01\/ep_stainless-steel-motor-6.webp 379w, https:\/\/fmp-components.com\/wp-content\/uploads\/2025\/01\/ep_stainless-steel-motor-6-300x200.webp 300w, https:\/\/fmp-components.com\/wp-content\/uploads\/2025\/01\/ep_stainless-steel-motor-6-18x12.webp 18w\" sizes=\"(max-width: 379px) 100vw, 379px\" \/><\/td>\n<td style=\"width: 25.0965%; height: 13px;\" align=\"right\" width=\"64\"><img loading=\"lazy\" decoding=\"async\" class=\"alignnone size-full wp-image-3510\" src=\"https:\/\/fmp-components.com\/wp-content\/uploads\/2025\/01\/ep_stainless-steel-motor-300x200-1.webp\" alt=\"\u0111\u1ed9ng c\u01a1 th\u00e9p kh\u00f4ng g\u1ec9\" width=\"300\" height=\"200\" title=\"\" srcset=\"https:\/\/fmp-components.com\/wp-content\/uploads\/2025\/01\/ep_stainless-steel-motor-300x200-1.webp 300w, https:\/\/fmp-components.com\/wp-content\/uploads\/2025\/01\/ep_stainless-steel-motor-300x200-1-18x12.webp 18w\" sizes=\"(max-width: 300px) 100vw, 300px\" \/><\/td>\n<\/tr>\n<tr style=\"height: 13.8pt;\">\n<td style=\"height: 45px; width: 25.0965%; text-align: center;\" align=\"right\" height=\"18\">\u0110\u1ed9ng c\u01a1 nam ch\u00e2m v\u0129nh c\u1eedu b\u1eb1ng th\u00e9p kh\u00f4ng g\u1ec9<\/td>\n<td style=\"width: 25.0965%; height: 45px; text-align: center;\" align=\"right\">\u0110\u1ed9ng c\u01a1 th\u00e9p kh\u00f4ng g\u1ec9 l\u00e0m m\u00e1t b\u1eb1ng n\u01b0\u1edbc<\/td>\n<td style=\"width: 25.0965%; height: 45px; text-align: center;\" align=\"right\">\u0110\u1ed9ng c\u01a1 \u0111i\u1ec7n ng\u00e0nh th\u1ef1c ph\u1ea9m<\/td>\n<td style=\"width: 25.0965%; height: 45px; text-align: center;\" align=\"right\">\u0110\u1ed9ng c\u01a1 th\u00e9p kh\u00f4ng g\u1ec9<\/td>\n<\/tr>\n<tr style=\"height: 13.8pt;\">\n<td style=\"height: 13px; width: 25.0965%;\" align=\"right\" height=\"18\"><img loading=\"lazy\" decoding=\"async\" class=\"alignnone size-full wp-image-3511\" src=\"https:\/\/fmp-components.com\/wp-content\/uploads\/2025\/01\/ep_stainless-steel-motor-4.webp\" alt=\"\u0111\u1ed9ng c\u01a1 th\u00e9p kh\u00f4ng g\u1ec9\" width=\"379\" height=\"253\" title=\"\" srcset=\"https:\/\/fmp-components.com\/wp-content\/uploads\/2025\/01\/ep_stainless-steel-motor-4.webp 379w, https:\/\/fmp-components.com\/wp-content\/uploads\/2025\/01\/ep_stainless-steel-motor-4-300x200.webp 300w, https:\/\/fmp-components.com\/wp-content\/uploads\/2025\/01\/ep_stainless-steel-motor-4-18x12.webp 18w\" sizes=\"(max-width: 379px) 100vw, 379px\" \/><\/td>\n<td style=\"width: 25.0965%; height: 13px;\" align=\"right\"><img loading=\"lazy\" decoding=\"async\" class=\"alignnone size-full wp-image-3512\" src=\"https:\/\/fmp-components.com\/wp-content\/uploads\/2025\/01\/ep_stainless-steel-motor-3.webp\" alt=\"\u0111\u1ed9ng c\u01a1 th\u00e9p kh\u00f4ng g\u1ec9\" width=\"379\" height=\"253\" title=\"\" srcset=\"https:\/\/fmp-components.com\/wp-content\/uploads\/2025\/01\/ep_stainless-steel-motor-3.webp 379w, https:\/\/fmp-components.com\/wp-content\/uploads\/2025\/01\/ep_stainless-steel-motor-3-300x200.webp 300w, https:\/\/fmp-components.com\/wp-content\/uploads\/2025\/01\/ep_stainless-steel-motor-3-18x12.webp 18w\" sizes=\"(max-width: 379px) 100vw, 379px\" \/><\/td>\n<td style=\"width: 25.0965%; height: 13px;\" align=\"right\"><img loading=\"lazy\" decoding=\"async\" class=\"alignnone size-full wp-image-3513\" src=\"https:\/\/fmp-components.com\/wp-content\/uploads\/2025\/01\/ep_stainless-steel-motor-5.webp\" alt=\"\u0111\u1ed9ng c\u01a1 th\u00e9p kh\u00f4ng g\u1ec9\" width=\"379\" height=\"253\" title=\"\" srcset=\"https:\/\/fmp-components.com\/wp-content\/uploads\/2025\/01\/ep_stainless-steel-motor-5.webp 379w, https:\/\/fmp-components.com\/wp-content\/uploads\/2025\/01\/ep_stainless-steel-motor-5-300x200.webp 300w, https:\/\/fmp-components.com\/wp-content\/uploads\/2025\/01\/ep_stainless-steel-motor-5-18x12.webp 18w\" sizes=\"(max-width: 379px) 100vw, 379px\" \/><\/td>\n<td style=\"width: 25.0965%; height: 13px;\" align=\"right\"><img loading=\"lazy\" decoding=\"async\" class=\"alignnone size-full wp-image-3514\" src=\"https:\/\/fmp-components.com\/wp-content\/uploads\/2025\/01\/ep_stainless-steel-motor-6-1.webp\" alt=\"\u0111\u1ed9ng c\u01a1 th\u00e9p kh\u00f4ng g\u1ec9\" width=\"379\" height=\"253\" title=\"\" srcset=\"https:\/\/fmp-components.com\/wp-content\/uploads\/2025\/01\/ep_stainless-steel-motor-6-1.webp 379w, https:\/\/fmp-components.com\/wp-content\/uploads\/2025\/01\/ep_stainless-steel-motor-6-1-300x200.webp 300w, https:\/\/fmp-components.com\/wp-content\/uploads\/2025\/01\/ep_stainless-steel-motor-6-1-18x12.webp 18w\" sizes=\"(max-width: 379px) 100vw, 379px\" \/><\/td>\n<\/tr>\n<tr style=\"height: 13.8pt;\">\n<td style=\"height: 13px; width: 25.0965%; text-align: center;\" align=\"right\" height=\"18\">\u0110\u1ed9ng c\u01a1 AC m\u00e1y m\u00f3c th\u1ef1c ph\u1ea9m nh\u0169 t\u01b0\u01a1ng IEC<\/td>\n<td style=\"width: 25.0965%; height: 13px; text-align: center;\" align=\"right\">\u0110\u1ed9ng c\u01a1 kh\u00f4ng \u0111\u1ed3ng b\u1ed9 NEMA 56C<\/td>\n<td style=\"width: 25.0965%; height: 13px; text-align: center;\" align=\"right\">\u0110\u1ed9ng c\u01a1 AC th\u00e9p kh\u00f4ng g\u1ec9 IEC<\/td>\n<td style=\"width: 25.0965%; text-align: center;\">\u0110\u1ed9ng c\u01a1 hi\u1ec7u su\u1ea5t cao IEC ho\u00e0n to\u00e0n b\u1eb1ng th\u00e9p kh\u00f4ng g\u1ec9<\/td>\n<\/tr>\n<tr style=\"height: 13.8pt;\">\n<td style=\"height: 13px; width: 25.0965%;\" align=\"right\" width=\"64\" height=\"18\"><img loading=\"lazy\" decoding=\"async\" class=\"alignnone size-full wp-image-3515\" src=\"https:\/\/fmp-components.com\/wp-content\/uploads\/2025\/01\/ep_stainless-steel-motor-2.webp\" alt=\"\u0111\u1ed9ng c\u01a1 th\u00e9p kh\u00f4ng g\u1ec9\" width=\"379\" height=\"253\" title=\"\" srcset=\"https:\/\/fmp-components.com\/wp-content\/uploads\/2025\/01\/ep_stainless-steel-motor-2.webp 379w, https:\/\/fmp-components.com\/wp-content\/uploads\/2025\/01\/ep_stainless-steel-motor-2-300x200.webp 300w, https:\/\/fmp-components.com\/wp-content\/uploads\/2025\/01\/ep_stainless-steel-motor-2-18x12.webp 18w\" sizes=\"(max-width: 379px) 100vw, 379px\" \/><\/td>\n<td style=\"width: 25.0965%; height: 13px;\" align=\"right\" width=\"64\"><img loading=\"lazy\" decoding=\"async\" class=\"alignnone size-full wp-image-3516\" src=\"https:\/\/fmp-components.com\/wp-content\/uploads\/2025\/01\/ep_stainless-steel-motor-8.webp\" alt=\"\u0111\u1ed9ng c\u01a1 th\u00e9p kh\u00f4ng g\u1ec9\" width=\"379\" height=\"253\" title=\"\" srcset=\"https:\/\/fmp-components.com\/wp-content\/uploads\/2025\/01\/ep_stainless-steel-motor-8.webp 379w, https:\/\/fmp-components.com\/wp-content\/uploads\/2025\/01\/ep_stainless-steel-motor-8-300x200.webp 300w, https:\/\/fmp-components.com\/wp-content\/uploads\/2025\/01\/ep_stainless-steel-motor-8-18x12.webp 18w\" sizes=\"(max-width: 379px) 100vw, 379px\" \/><\/td>\n<td style=\"width: 25.0965%; height: 13px;\" align=\"right\" width=\"64\"><img loading=\"lazy\" decoding=\"async\" class=\"alignnone size-full wp-image-3517\" src=\"https:\/\/fmp-components.com\/wp-content\/uploads\/2025\/01\/ep_stainless-steel-motor-7.webp\" alt=\"\u0111\u1ed9ng c\u01a1 th\u00e9p kh\u00f4ng g\u1ec9\" width=\"379\" height=\"253\" title=\"\" srcset=\"https:\/\/fmp-components.com\/wp-content\/uploads\/2025\/01\/ep_stainless-steel-motor-7.webp 379w, https:\/\/fmp-components.com\/wp-content\/uploads\/2025\/01\/ep_stainless-steel-motor-7-300x200.webp 300w, https:\/\/fmp-components.com\/wp-content\/uploads\/2025\/01\/ep_stainless-steel-motor-7-18x12.webp 18w\" sizes=\"(max-width: 379px) 100vw, 379px\" \/><\/td>\n<td style=\"width: 25.0965%; height: 13px;\" align=\"right\" width=\"64\"><\/td>\n<\/tr>\n<tr style=\"height: 13.8pt;\">\n<td style=\"height: 13px; width: 25.0965%; text-align: center;\" align=\"right\" height=\"18\">\u0110\u1ed9ng c\u01a1 m\u00e1y tri\u1ec7t l\u00f4ng g\u00e0 v\u1ecbt<\/td>\n<td style=\"width: 25.0965%; height: 13px; text-align: center;\" align=\"right\">\u0110\u1ed9ng c\u01a1 th\u00e9p kh\u00f4ng g\u1ec9 c\u1ea5p th\u1ef1c ph\u1ea9m NEMA<\/td>\n<td style=\"width: 25.0965%; height: 13px;\" align=\"right\">\u0110\u1ed9ng c\u01a1 th\u00e9p kh\u00f4ng g\u1ec9 IEC c\u1ea5p th\u1ef1c ph\u1ea9m<\/td>\n<td style=\"width: 25.0965%; height: 13px;\" align=\"right\"><\/td>\n<\/tr>\n<\/tbody>\n<\/table>\n<h2>Gi\u1edbi thi\u1ec7u v\u1ec1 FMP<\/h2>\n<p>FMP l\u00e0 m\u1ed9t doanh nghi\u1ec7p c\u00f4ng ngh\u1ec7 cao qu\u1ed1c gia chuy\u00ean thi\u1ebft k\u1ebf, ph\u00e1t tri\u1ec3n v\u00e0 s\u1ea3n xu\u1ea5t c\u00e1c \u0111\u1ed9ng c\u01a1 ti\u00ean ti\u1ebfn v\u00e0 gi\u1ea3i ph\u00e1p c\u01a1 \u0111i\u1ec7n. Ch\u00fang t\u00f4i t\u1eadp trung s\u1ea3n xu\u1ea5t c\u00e1c d\u00f2ng \u0111\u1ed9ng c\u01a1 YE2, YE3 v\u00e0 YE4, c\u00f9ng v\u1edbi m\u1ed9t lo\u1ea1t c\u00e1c s\u1ea3n ph\u1ea9m ph\u00e1i sinh. S\u1ea3n ph\u1ea9m c\u1ee7a ch\u00fang t\u00f4i c\u0169ng bao g\u1ed3m \u0111\u1ed9ng c\u01a1 ba pha v\u00e0 m\u1ed9t pha cho b\u01a1m th\u1ee7y l\u1ef1c, \u0111\u1ed9ng c\u01a1 v\u1ecf nh\u00f4m, \u0111\u1ed9ng c\u01a1 phi ti\u00eau chu\u1ea9n cho b\u01a1m th\u1ee7y l\u1ef1c, b\u1ed9 gi\u1ea3m t\u1ed1c b\u00e1nh r\u0103ng tuabin t\u00edch h\u1ee3p c\u01a1 \u0111i\u1ec7n v\u00e0 c\u00e1c lo\u1ea1i \u0111\u1ed9ng c\u01a1 chuy\u00ean d\u1ee5ng kh\u00e1c.<\/p>\n<p>S\u1ea3n ph\u1ea9m c\u1ee7a FMP \u0111\u01b0\u1ee3c s\u1eed d\u1ee5ng r\u1ed9ng r\u00e3i trong t\u1ef1 \u0111\u1ed9ng h\u00f3a c\u00f4ng nghi\u1ec7p, ph\u1ee5c v\u1ee5 c\u00e1c l\u0129nh v\u1ef1c ch\u1ee7 ch\u1ed1t nh\u01b0 m\u00e1y ti\u1ec7n CNC, m\u00e1y \u0111\u00f3ng gi\u00e0y, m\u00e1y ch\u1ebf bi\u1ebfn g\u1ed7, m\u00e1y gia c\u00f4ng kim lo\u1ea1i, m\u00e1y m\u00f3c nh\u1ef1a v\u00e0 m\u00e1y m\u00f3c x\u00e2y d\u1ef1ng. V\u1edbi cam k\u1ebft m\u1ea1nh m\u1ebd v\u1ec1 \u0111\u1ed5i m\u1edbi v\u00e0 ch\u1ea5t l\u01b0\u1ee3ng, FMP \u0111\u1ea3m b\u1ea3o t\u1ea5t c\u1ea3 s\u1ea3n ph\u1ea9m \u0111\u1ec1u \u0111\u00e1p \u1ee9ng c\u00e1c ti\u00eau chu\u1ea9n hi\u1ec7u su\u1ea5t cao nh\u1ea5t.<\/p>\n<p>B\u00ean c\u1ea1nh danh m\u1ee5c s\u1ea3n ph\u1ea9m to\u00e0n di\u1ec7n, ch\u00fang t\u00f4i t\u1ef1 h\u00e0o cung c\u1ea5p c\u00e1c gi\u1ea3i ph\u00e1p t\u00f9y ch\u1ec9nh ph\u00f9 h\u1ee3p v\u1edbi nhu c\u1ea7u c\u1ee5 th\u1ec3 c\u1ee7a kh\u00e1ch h\u00e0ng. Cho d\u00f9 b\u1ea1n c\u1ea7n \u0111\u1ed9ng c\u01a1 chuy\u00ean d\u1ee5ng, s\u1ea3n ph\u1ea9m phi ti\u00eau chu\u1ea9n hay h\u1ec7 th\u1ed1ng t\u00edch h\u1ee3p, FMP lu\u00f4n h\u1ee3p t\u00e1c ch\u1eb7t ch\u1ebd v\u1edbi kh\u00e1ch h\u00e0ng \u0111\u1ec3 cung c\u1ea5p c\u00e1c gi\u1ea3i ph\u00e1p ch\u1ea5t l\u01b0\u1ee3ng cao, \u0111\u01b0\u1ee3c thi\u1ebft k\u1ebf ri\u00eang. Tr\u1ecdng t\u00e2m c\u1ee7a ch\u00fang t\u00f4i l\u00e0 k\u1ef9 thu\u1eadt ch\u00ednh x\u00e1c v\u00e0 s\u1ef1 h\u00e0i l\u00f2ng c\u1ee7a kh\u00e1ch h\u00e0ng, th\u00fac \u0111\u1ea9y th\u00e0nh c\u00f4ng li\u00ean t\u1ee5c c\u1ee7a ch\u00fang t\u00f4i tr\u00ean th\u1ecb tr\u01b0\u1eddng to\u00e0n c\u1ea7u.<\/p>\n<p>T\u1ea1i FMP, ch\u00fang t\u00f4i cam k\u1ebft x\u00e2y d\u1ef1ng m\u1ed1i quan h\u1ec7 \u0111\u1ed1i t\u00e1c l\u00e2u d\u00e0i, c\u00f9ng c\u00f3 l\u1ee3i, h\u1ed7 tr\u1ee3 s\u1ef1 th\u00e0nh c\u00f4ng c\u1ee7a kh\u00e1ch h\u00e0ng trong t\u1eebng d\u1ef1 \u00e1n.<\/p>\n<table style=\"border-collapse: collapse; width: 100.882%; height: 23px;\" border=\"0\" width=\"128\" cellspacing=\"0\" cellpadding=\"0\">\n<tbody>\n<tr style=\"height: 13.8pt;\">\n<td style=\"height: 10px; width: 50.3922%;\" align=\"right\" width=\"64\" height=\"18\"><img loading=\"lazy\" decoding=\"async\" class=\"alignnone size-full wp-image-3398\" src=\"https:\/\/fmp-components.com\/wp-content\/uploads\/2025\/01\/Three-Phase-Motor-Factory.webp\" alt=\"Nh\u00e0 m\u00e1y s\u1ea3n xu\u1ea5t \u0111\u1ed9ng c\u01a1 ba pha\" width=\"900\" height=\"600\" title=\"\" srcset=\"https:\/\/fmp-components.com\/wp-content\/uploads\/2025\/01\/Three-Phase-Motor-Factory.webp 900w, https:\/\/fmp-components.com\/wp-content\/uploads\/2025\/01\/Three-Phase-Motor-Factory-480x320.webp 480w\" sizes=\"(min-width: 0px) and (max-width: 480px) 480px, (min-width: 481px) 900px, 100vw\" \/><\/td>\n<td style=\"width: 604.224%; height: 10px;\" align=\"right\" width=\"64\"><img loading=\"lazy\" decoding=\"async\" class=\"alignnone size-full wp-image-3399\" src=\"https:\/\/fmp-components.com\/wp-content\/uploads\/2025\/01\/Three-Phase-Motor-Factory-2.webp\" alt=\"Nh\u00e0 m\u00e1y \u0111\u1ed9ng c\u01a1 ba pha 2\" width=\"900\" height=\"600\" title=\"\" srcset=\"https:\/\/fmp-components.com\/wp-content\/uploads\/2025\/01\/Three-Phase-Motor-Factory-2.webp 900w, https:\/\/fmp-components.com\/wp-content\/uploads\/2025\/01\/Three-Phase-Motor-Factory-2-480x320.webp 480w\" sizes=\"(min-width: 0px) and (max-width: 480px) 480px, (min-width: 481px) 900px, 100vw\" \/><\/td>\n<\/tr>\n<tr style=\"height: 13.8pt;\">\n<td style=\"height: 13px; width: 50.3922%;\" align=\"right\" height=\"18\"><img loading=\"lazy\" decoding=\"async\" class=\"alignnone size-full wp-image-3400\" src=\"https:\/\/fmp-components.com\/wp-content\/uploads\/2025\/01\/China-Three-Phase-Motor-Factory-1.webp\" alt=\"Nh\u00e0 m\u00e1y \u0111\u1ed9ng c\u01a1 ba pha s\u1ed1 1\" width=\"900\" height=\"600\" title=\"\" srcset=\"https:\/\/fmp-components.com\/wp-content\/uploads\/2025\/01\/China-Three-Phase-Motor-Factory-1.webp 900w, https:\/\/fmp-components.com\/wp-content\/uploads\/2025\/01\/China-Three-Phase-Motor-Factory-1-480x320.webp 480w\" sizes=\"(min-width: 0px) and (max-width: 480px) 480px, (min-width: 481px) 900px, 100vw\" \/><\/td>\n<td style=\"width: 604.224%; height: 13px;\" align=\"right\"><img loading=\"lazy\" decoding=\"async\" class=\"alignnone size-full wp-image-3401\" src=\"https:\/\/fmp-components.com\/wp-content\/uploads\/2025\/01\/Three-Phase-Motor-Factory-3.webp\" alt=\"Nh\u00e0 m\u00e1y \u0111\u1ed9ng c\u01a1 ba pha s\u1ed1 3\" width=\"900\" height=\"600\" title=\"\" srcset=\"https:\/\/fmp-components.com\/wp-content\/uploads\/2025\/01\/Three-Phase-Motor-Factory-3.webp 900w, https:\/\/fmp-components.com\/wp-content\/uploads\/2025\/01\/Three-Phase-Motor-Factory-3-480x320.webp 480w\" sizes=\"(min-width: 0px) and (max-width: 480px) 480px, (min-width: 481px) 900px, 100vw\" \/><\/td>\n<\/tr>\n<tr>\n<td><img loading=\"lazy\" decoding=\"async\" class=\"alignnone size-full wp-image-3471\" src=\"https:\/\/fmp-components.com\/wp-content\/uploads\/2025\/01\/Single-Phase-Induction-Motor-Suppliers.webp\" alt=\"Nh\u00e0 cung c\u1ea5p \u0111\u1ed9ng c\u01a1 c\u1ea3m \u1ee9ng m\u1ed9t pha\" width=\"900\" height=\"600\" title=\"\" srcset=\"https:\/\/fmp-components.com\/wp-content\/uploads\/2025\/01\/Single-Phase-Induction-Motor-Suppliers.webp 900w, https:\/\/fmp-components.com\/wp-content\/uploads\/2025\/01\/Single-Phase-Induction-Motor-Suppliers-480x320.webp 480w\" sizes=\"(min-width: 0px) and (max-width: 480px) 480px, (min-width: 481px) 900px, 100vw\" \/><\/td>\n<td><img loading=\"lazy\" decoding=\"async\" class=\"alignnone size-full wp-image-3470\" src=\"https:\/\/fmp-components.com\/wp-content\/uploads\/2025\/01\/Single-Phase-Induction-Motor-Manufacturers-1.webp\" alt=\"Nh\u00e0 s\u1ea3n xu\u1ea5t \u0111\u1ed9ng c\u01a1 c\u1ea3m \u1ee9ng m\u1ed9t pha-1\" width=\"900\" height=\"600\" title=\"\" srcset=\"https:\/\/fmp-components.com\/wp-content\/uploads\/2025\/01\/Single-Phase-Induction-Motor-Manufacturers-1.webp 900w, https:\/\/fmp-components.com\/wp-content\/uploads\/2025\/01\/Single-Phase-Induction-Motor-Manufacturers-1-480x320.webp 480w\" sizes=\"(min-width: 0px) and (max-width: 480px) 480px, (min-width: 481px) 900px, 100vw\" \/><\/td>\n<\/tr>\n<tr>\n<td><img loading=\"lazy\" decoding=\"async\" class=\"alignnone size-full wp-image-3472\" src=\"https:\/\/fmp-components.com\/wp-content\/uploads\/2025\/01\/Single-Phase-Induction-Motor-Manufacturers.webp\" alt=\"Nh\u00e0 s\u1ea3n xu\u1ea5t \u0111\u1ed9ng c\u01a1 c\u1ea3m \u1ee9ng m\u1ed9t pha\" width=\"900\" height=\"600\" title=\"\" srcset=\"https:\/\/fmp-components.com\/wp-content\/uploads\/2025\/01\/Single-Phase-Induction-Motor-Manufacturers.webp 900w, https:\/\/fmp-components.com\/wp-content\/uploads\/2025\/01\/Single-Phase-Induction-Motor-Manufacturers-480x320.webp 480w\" sizes=\"(min-width: 0px) and (max-width: 480px) 480px, (min-width: 481px) 900px, 100vw\" \/><\/td>\n<td><img loading=\"lazy\" decoding=\"async\" class=\"alignnone size-full wp-image-3473\" src=\"https:\/\/fmp-components.com\/wp-content\/uploads\/2025\/01\/Single-Phase-Induction-Motor-for-Sale.webp\" alt=\"\u0110\u1ed9ng c\u01a1 c\u1ea3m \u1ee9ng m\u1ed9t pha \u0111\u1ec3 b\u00e1n\" width=\"900\" height=\"600\" title=\"\" srcset=\"https:\/\/fmp-components.com\/wp-content\/uploads\/2025\/01\/Single-Phase-Induction-Motor-for-Sale.webp 900w, https:\/\/fmp-components.com\/wp-content\/uploads\/2025\/01\/Single-Phase-Induction-Motor-for-Sale-480x320.webp 480w\" sizes=\"(min-width: 0px) and (max-width: 480px) 480px, (min-width: 481px) 900px, 100vw\" \/><\/td>\n<\/tr>\n<\/tbody>\n<\/table>\n<p>T\u00e1c gi\u1ea3: CX<\/p>","protected":false},"excerpt":{"rendered":"<p>NEMA Stainless Steel Stepper Motor With Double Capacitor FMP Electric Stainless Steel\/Flush motors are available in enclosed fan-cooled (Tens) or enclosed non-ventilated (ten) enclosures with IP56 protection for waterproofing. These washdown motors are ideal for conveyor, pump and material handling applications in the food, beverage, pharmaceutical and poultry industries. Features include double lip seals on [&hellip;]<\/p>","protected":false},"featured_media":3519,"comment_status":"open","ping_status":"closed","template":"","meta":{"_et_pb_use_builder":"","_et_pb_old_content":"","_et_gb_content_width":""},"product_brand":[],"product_cat":[88],"product_tag":[],"class_list":{"0":"post-3505","1":"product","2":"type-product","3":"status-publish","4":"has-post-thumbnail","6":"product_cat-stainless-steel-motors","8":"first","9":"instock","10":"shipping-taxable","11":"product-type-simple"},"_links":{"self":[{"href":"https:\/\/fmp-components.com\/vi\/wp-json\/wp\/v2\/product\/3505","targetHints":{"allow":["GET"]}}],"collection":[{"href":"https:\/\/fmp-components.com\/vi\/wp-json\/wp\/v2\/product"}],"about":[{"href":"https:\/\/fmp-components.com\/vi\/wp-json\/wp\/v2\/types\/product"}],"replies":[{"embeddable":true,"href":"https:\/\/fmp-components.com\/vi\/wp-json\/wp\/v2\/comments?post=3505"}],"wp:featuredmedia":[{"embeddable":true,"href":"https:\/\/fmp-components.com\/vi\/wp-json\/wp\/v2\/media\/3519"}],"wp:attachment":[{"href":"https:\/\/fmp-components.com\/vi\/wp-json\/wp\/v2\/media?parent=3505"}],"wp:term":[{"taxonomy":"product_brand","embeddable":true,"href":"https:\/\/fmp-components.com\/vi\/wp-json\/wp\/v2\/product_brand?post=3505"},{"taxonomy":"product_cat","embeddable":true,"href":"https:\/\/fmp-components.com\/vi\/wp-json\/wp\/v2\/product_cat?post=3505"},{"taxonomy":"product_tag","embeddable":true,"href":"https:\/\/fmp-components.com\/vi\/wp-json\/wp\/v2\/product_tag?post=3505"}],"curies":[{"name":"wp","href":"https:\/\/api.w.org\/{rel}","templated":true}]}}