{"id":344,"date":"2024-12-09T07:30:47","date_gmt":"2024-12-09T07:30:47","guid":{"rendered":"https:\/\/fmp-components.com\/?page_id=8"},"modified":"2024-12-09T07:30:47","modified_gmt":"2024-12-09T07:30:47","slug":"lift-hydraulic-cylinder-for-cart","status":"publish","type":"product","link":"https:\/\/fmp-components.com\/vi\/product\/lift-hydraulic-cylinder-for-cart\/","title":{"rendered":"Xi lanh th\u1ee7y l\u1ef1c n\u00e2ng cho xe \u0111\u1ea9y"},"content":{"rendered":"<p style=\"text-align: center;\"><span style=\"font-size: 18pt;\">C\u00e1c b\u1ed9 ph\u1eadn xi lanh th\u1ee7y l\u1ef1c c\u1ee7a xe n\u00e2ng:<\/span><\/p>\n<p><img loading=\"lazy\" decoding=\"async\" class=\"alignnone size-full wp-image-347\" src=\"https:\/\/fmp-components.com\/wp-content\/uploads\/2024\/12\/Cart-Lift-Hydraulic-Cylinder-Parts.webp\" alt=\"Xe \u0111\u1ea9y-N\u00e2ng-B\u1ed9 ph\u1eadn xi lanh th\u1ee7y l\u1ef1c\" width=\"1024\" height=\"467\" title=\"\" srcset=\"https:\/\/fmp-components.com\/wp-content\/uploads\/2024\/12\/Cart-Lift-Hydraulic-Cylinder-Parts.webp 1024w, https:\/\/fmp-components.com\/wp-content\/uploads\/2024\/12\/Cart-Lift-Hydraulic-Cylinder-Parts-980x447.webp 980w, https:\/\/fmp-components.com\/wp-content\/uploads\/2024\/12\/Cart-Lift-Hydraulic-Cylinder-Parts-480x219.webp 480w\" sizes=\"(min-width: 0px) and (max-width: 480px) 480px, (min-width: 481px) and (max-width: 980px) 980px, (min-width: 981px) 1024px, 100vw\" \/><\/p>\n<h2>K\u00edch th\u01b0\u1edbc xi lanh th\u1ee7y l\u1ef1c n\u00e2ng xe \u0111\u1ea9y:<\/h2>\n<table>\n<tbody>\n<tr>\n<td>\n<h2><img loading=\"lazy\" decoding=\"async\" class=\"alignnone size-full wp-image-345\" src=\"https:\/\/fmp-components.com\/wp-content\/uploads\/2024\/12\/Cart-Lift-Hydraulic-Cylinder-Dimensions-1.webp\" alt=\"K\u00edch th\u01b0\u1edbc xe \u0111\u1ea9y-n\u00e2ng-xi lanh th\u1ee7y l\u1ef1c\" width=\"600\" height=\"710\" title=\"\" srcset=\"https:\/\/fmp-components.com\/wp-content\/uploads\/2024\/12\/Cart-Lift-Hydraulic-Cylinder-Dimensions-1.webp 600w, https:\/\/fmp-components.com\/wp-content\/uploads\/2024\/12\/Cart-Lift-Hydraulic-Cylinder-Dimensions-1-480x568.webp 480w\" sizes=\"(min-width: 0px) and (max-width: 480px) 480px, (min-width: 481px) 600px, 100vw\" \/><\/h2>\n<\/td>\n<td>\n<h2><img loading=\"lazy\" decoding=\"async\" class=\"alignnone size-full wp-image-346\" src=\"https:\/\/fmp-components.com\/wp-content\/uploads\/2024\/12\/Cart-Lift-Hydraulic-Cylinder-Dimensions-2.webp\" alt=\"K\u00edch th\u01b0\u1edbc xe \u0111\u1ea9y-n\u00e2ng-xi lanh th\u1ee7y l\u1ef1c\" width=\"600\" height=\"710\" title=\"\" srcset=\"https:\/\/fmp-components.com\/wp-content\/uploads\/2024\/12\/Cart-Lift-Hydraulic-Cylinder-Dimensions-2.webp 600w, https:\/\/fmp-components.com\/wp-content\/uploads\/2024\/12\/Cart-Lift-Hydraulic-Cylinder-Dimensions-2-480x568.webp 480w\" sizes=\"(min-width: 0px) and (max-width: 480px) 480px, (min-width: 481px) 600px, 100vw\" \/><\/h2>\n<\/td>\n<\/tr>\n<\/tbody>\n<\/table>\n<table border=\"1\" cellspacing=\"0\" cellpadding=\"0\">\n<tbody>\n<tr>\n<td width=\"246\">T\u00ean xi lanh<\/td>\n<td width=\"336\">S\u1ed1 b\u1ea3n v\u1ebd<\/td>\n<td width=\"126\">\u0110\u01b0\u1eddng k\u00ednh l\u1ed7 khoan (D)<\/td>\n<td width=\"123\">\u0110\u01b0\u1eddng k\u00ednh thanh (d)<\/td>\n<td width=\"114\">\u0110\u1ed9t qu\u1ef5 (S)<\/td>\n<td width=\"170\">Kho\u1ea3ng c\u00e1ch l\u1eafp \u0111\u1eb7t (L)<\/td>\n<td width=\"172\">\u00c1p su\u1ea5t l\u00e0m vi\u1ec7c<\/td>\n<td width=\"366\">K\u00edch th\u01b0\u1edbc giao di\u1ec7n (M)<\/td>\n<td width=\"96\">C\u00e2n n\u1eb7ng<\/td>\n<\/tr>\n<tr>\n<td width=\"246\">Xi lanh n\u00e2ng cho xe \u0111\u1ea9y<\/td>\n<td width=\"336\">AIMBN156-620000-001<\/td>\n<td width=\"126\">\u03a645<\/td>\n<td width=\"123\">\u03a640<\/td>\n<td width=\"114\">125<\/td>\n<td width=\"170\">313<\/td>\n<td width=\"172\">18MPa<\/td>\n<td width=\"366\">M12*1.5<\/td>\n<td width=\"96\">6,5kg<\/td>\n<\/tr>\n<tr>\n<td width=\"246\">Xi lanh n\u00e2ng cho xe \u0111\u1ea9y<\/td>\n<td>AIMBJ150-620000-000<\/td>\n<td>\u03a640<\/td>\n<td>\u03a635<\/td>\n<td>155<\/td>\n<td>354.7<\/td>\n<td>22MPa<\/td>\n<td>\u03a66<\/td>\n<td>6,5kg<\/td>\n<\/tr>\n<tr>\n<td width=\"246\">Xi lanh n\u00e2ng cho xe \u0111\u1ea9y<\/td>\n<td width=\"336\">AIMBA200-620000-000<\/td>\n<td>\u03a645<\/td>\n<td>\u03a640<\/td>\n<td>155<\/td>\n<td>355<\/td>\n<td>20MPa<\/td>\n<td>\u03a66<\/td>\n<td>6,5kg<\/td>\n<\/tr>\n<tr>\n<td width=\"246\">Xi lanh n\u00e2ng cho xe \u0111\u1ea9y<\/td>\n<td>EPT18H-301-00<\/td>\n<td>\u03a640<\/td>\n<td>\u03a635<\/td>\n<td>120<\/td>\n<td>233<\/td>\n<td>25MPa<\/td>\n<td>M12*1.5<\/td>\n<td>3,6kg<\/td>\n<\/tr>\n<\/tbody>\n<\/table>\n<h2 style=\"box-sizing: border-box; user-select: initial !important; margin: 0px; padding: 0px 0px 10px; border: 0px; outline: 0px; font-size: 26px; text-size-adjust: 100%; vertical-align: baseline; background: #ffffff; color: #333333; line-height: 1em; font-weight: 500; font-family: Nunito, Helvetica, Arial, Lucida, sans-serif; font-style: normal; font-variant-ligatures: normal; font-variant-caps: normal; letter-spacing: normal; orphans: 2; text-align: start; text-indent: 0px; text-transform: none; widows: 2; word-spacing: 0px; -webkit-text-stroke-width: 0px; white-space: normal; text-decoration-thickness: initial; text-decoration-style: initial; text-decoration-color: initial;\">Xi lanh th\u1ee7y l\u1ef1c c\u00f3 s\u1eb5n th\u01b0\u01a1ng hi\u1ec7u v\u00e0 m\u1eabu m\u00e3:<\/h2>\n<table style=\"box-sizing: border-box; border-collapse: collapse; border-spacing: 0px; word-break: break-all; color: #666666; font-family: Nunito, Helvetica, Arial, Lucida, sans-serif; font-size: 16px; font-style: normal; font-variant-ligatures: normal; font-variant-caps: normal; font-weight: 500; letter-spacing: normal; orphans: 2; text-align: start; text-transform: none; widows: 2; word-spacing: 0px; -webkit-text-stroke-width: 0px; white-space: normal; background-color: #ffffff; text-decoration-thickness: initial; text-decoration-style: initial; text-decoration-color: initial; width: 100.174%; user-select: initial !important; height: 597px;\" border=\"1\" cellspacing=\"0\" cellpadding=\"0\">\n<tbody style=\"box-sizing: border-box; user-select: initial !important;\">\n<tr style=\"box-sizing: border-box; user-select: initial !important;\">\n<td style=\"box-sizing: border-box; user-select: initial !important;\"><b style=\"box-sizing: border-box; user-select: initial !important; margin: 0px; padding: 0px; border: 0px; outline: 0px; font-size: 16px; text-size-adjust: 100%; vertical-align: baseline; background: transparent;\" data-spm-anchor-id=\"a2700.details.0.i43.45d84a73e99C9z\">KOMATSU (PC)<\/b><\/td>\n<td style=\"box-sizing: border-box; user-select: initial !important;\">PC30, PC40, PC50, PC56, PC60, PC78, PC100, PC110, PC120, PC130, PC160, PC200-3\/5\/6\/7\/8\/8 th\u00e1ng, PC210, PC220-5\/6\/7\/8\/8 th\u00e1ng, PC240, PC300\/350\/360-5\/6\/7\/8\/8 th\u00e1ng, PC400\/450-5\/6\/7\/8\/8 th\u00e1ng, PC800, PC850<\/td>\n<\/tr>\n<tr style=\"box-sizing: border-box; user-select: initial !important;\">\n<td style=\"box-sizing: border-box; user-select: initial !important;\"><b style=\"box-sizing: border-box; user-select: initial !important; margin: 0px; padding: 0px; border: 0px; outline: 0px; font-size: 16px; text-size-adjust: 100%; vertical-align: baseline; background: transparent;\">S\u00c2U B\u01af\u1edaM (E)<\/b><\/td>\n<td style=\"box-sizing: border-box; user-select: initial !important;\">E301.5, E302, E305.5, E306, E307V1\/V2\/B\/C\/D\/E\/F, E308B\/C, E120B, E312V1\/V2\/B\/C\/D, E313D2, E312D2, E315D,<br style=\"box-sizing: border-box; user-select: initial !important;\" \/>E200B,E320V1\/V2\/A\/B\/C\/D,E324D,E325C\/D,E329D,E330\/336C\/D,E345C,E349D,E365C,E374,E390<\/td>\n<\/tr>\n<tr style=\"box-sizing: border-box; user-select: initial !important;\">\n<td style=\"box-sizing: border-box; user-select: initial !important;\"><b style=\"box-sizing: border-box; user-select: initial !important; margin: 0px; padding: 0px; border: 0px; outline: 0px; font-size: 16px; text-size-adjust: 100%; vertical-align: baseline; background: transparent;\">KOBELCO (SK)<\/b><\/td>\n<td style=\"box-sizing: border-box; user-select: initial !important;\">SK60-3\/5\/8,SK75-8\/SR, SK100 ,SK120-3\/5, SK135-8\/SR, SK140-8, SK200-3\/5\/6\/6E, SK210-3\/5\/6\/6E,<br style=\"box-sizing: border-box; user-select: initial !important;\" \/>SK230\/250-6E,SK250-8,SK260-8,SK350-8\/S8,SK460\/480-8<\/td>\n<\/tr>\n<tr style=\"box-sizing: border-box; user-select: initial !important;\">\n<td style=\"box-sizing: border-box; user-select: initial !important;\"><b style=\"box-sizing: border-box; user-select: initial !important; margin: 0px; padding: 0px; border: 0px; outline: 0px; font-size: 16px; text-size-adjust: 100%; vertical-align: baseline; background: transparent;\">HYUNDAI (Ph\u1ea3i)<\/b><\/td>\n<td style=\"box-sizing: border-box; user-select: initial !important;\">R55-5\/7, R60-5\/7, R80, R110, R130, R200-5, R210-5, R215-5\/7, R220-5\/7\/9, R225-5\/7\/9, R250, R260, R265, R290, R305, R445, R485, R505<\/td>\n<\/tr>\n<tr style=\"box-sizing: border-box; user-select: initial !important;\">\n<td style=\"box-sizing: border-box; user-select: initial !important;\"><b style=\"box-sizing: border-box; user-select: initial !important; margin: 0px; padding: 0px; border: 0px; outline: 0px; font-size: 16px; text-size-adjust: 100%; vertical-align: baseline; background: transparent;\" data-spm-anchor-id=\"a2700.details.0.i53.45d84a73e99C9z\">HITACHI (c\u0169 ZX)<\/b><\/td>\n<td style=\"box-sizing: border-box; user-select: initial !important;\">EX60, EX100-1\/2\/3, EX120-1\/3\/5\/6, EX200-1\/3\/5, EX230-5, EX300-1, EX400<br style=\"box-sizing: border-box; user-select: initial !important;\" \/>ZAX60,ZAX70,ZA120-6,ZAX200\/210-1\/3\/5\/5K,ZAX240,ZAX250,ZAX260,ZAX330-3\/5\/6,ZAX450\/470,ZAX650\/670,ZAX850\/870<\/td>\n<\/tr>\n<tr style=\"box-sizing: border-box; user-select: initial !important;\">\n<td style=\"box-sizing: border-box; user-select: initial !important;\">\n<div class=\"magic-32\" style=\"box-sizing: border-box; user-select: initial !important; margin: 0px; padding: 0px; border: 0px; outline: 0px; font-size: 16px; text-size-adjust: 100%; vertical-align: baseline; background: transparent;\"><b style=\"box-sizing: border-box; user-select: initial !important; margin: 0px; padding: 0px; border: 0px; outline: 0px; font-size: 16px; text-size-adjust: 100%; vertical-align: baseline; background: transparent;\" data-spm-anchor-id=\"a2700.details.0.i55.45d84a73e99C9z\">DOOSAN (DH\/DX)<\/b><\/div>\n<\/td>\n<td style=\"box-sizing: border-box; user-select: initial !important;\">\n<div class=\"magic-33\" style=\"box-sizing: border-box; user-select: initial !important; margin: 0px; padding: 0px; border: 0px; outline: 0px; font-size: 16px; text-size-adjust: 100%; vertical-align: baseline; background: transparent;\"><span class=\"magic-34\" style=\"box-sizing: border-box; user-select: initial !important; margin: 0px; padding: 0px; border: 0px; outline: 0px; font-size: 16px; text-size-adjust: 100%; vertical-align: baseline; background: transparent;\">DH55, DH60, DH80,DH150, DH215-5\/7,DH220-5,DH225-5\/7,DH258,DH300-5\/7, DH370,DH420,DH500<br style=\"box-sizing: border-box; user-select: initial !important;\" \/>DX55, DX60, DX75, DX130, DX225-9, DX300, DX380, DX420, DX500<\/span><\/div>\n<\/td>\n<\/tr>\n<tr style=\"box-sizing: border-box; user-select: initial !important;\">\n<td style=\"box-sizing: border-box; user-select: initial !important;\">\n<div class=\"magic-32\" style=\"box-sizing: border-box; user-select: initial !important; margin: 0px; padding: 0px; border: 0px; outline: 0px; font-size: 16px; text-size-adjust: 100%; vertical-align: baseline; background: transparent;\"><b style=\"box-sizing: border-box; user-select: initial !important; margin: 0px; padding: 0px; border: 0px; outline: 0px; font-size: 16px; text-size-adjust: 100%; vertical-align: baseline; background: transparent;\">VOLVO (EC)<\/b><\/div>\n<\/td>\n<td style=\"box-sizing: border-box; user-select: initial !important;\">\n<div class=\"magic-33\" style=\"box-sizing: border-box; user-select: initial !important; margin: 0px; padding: 0px; border: 0px; outline: 0px; font-size: 16px; text-size-adjust: 100%; vertical-align: baseline; background: transparent;\"><span class=\"magic-34\" style=\"box-sizing: border-box; user-select: initial !important; margin: 0px; padding: 0px; border: 0px; outline: 0px; font-size: 16px; text-size-adjust: 100%; vertical-align: baseline; background: transparent;\">EC55, EC60, EC75, EC80, EC140, EC210B\/D, EC220D, EC240, EC250, EC290, EC300, EC360, EC380, EC460, EC480, EC700, EC750, EC950<\/span><\/div>\n<\/td>\n<\/tr>\n<tr style=\"box-sizing: border-box; user-select: initial !important;\">\n<td style=\"box-sizing: border-box; user-select: initial !important;\">\n<div class=\"magic-32\" style=\"box-sizing: border-box; user-select: initial !important; margin: 0px; padding: 0px; border: 0px; outline: 0px; font-size: 16px; text-size-adjust: 100%; vertical-align: baseline; background: transparent;\"><b style=\"box-sizing: border-box; user-select: initial !important; margin: 0px; padding: 0px; border: 0px; outline: 0px; font-size: 16px; text-size-adjust: 100%; vertical-align: baseline; background: transparent;\">KATO (HD)<\/b><\/div>\n<\/td>\n<td style=\"box-sizing: border-box; user-select: initial !important;\">\n<div class=\"magic-33\" style=\"box-sizing: border-box; user-select: initial !important; margin: 0px; padding: 0px; border: 0px; outline: 0px; font-size: 16px; text-size-adjust: 100%; vertical-align: baseline; background: transparent;\"><span class=\"magic-34\" style=\"box-sizing: border-box; user-select: initial !important; margin: 0px; padding: 0px; border: 0px; outline: 0px; font-size: 16px; text-size-adjust: 100%; vertical-align: baseline; background: transparent;\">HD307\/308, HD450, HD512, HD700-5\/7, HD820-1\/2\/3\/5\/R, HD1023-1\/3, HD1430-1\/3<\/span><\/div>\n<\/td>\n<\/tr>\n<tr style=\"box-sizing: border-box; user-select: initial !important;\">\n<td style=\"box-sizing: border-box; user-select: initial !important;\">\n<div class=\"magic-32\" style=\"box-sizing: border-box; user-select: initial !important; margin: 0px; padding: 0px; border: 0px; outline: 0px; font-size: 16px; text-size-adjust: 100%; vertical-align: baseline; background: transparent;\"><b style=\"box-sizing: border-box; user-select: initial !important; margin: 0px; padding: 0px; border: 0px; outline: 0px; font-size: 16px; text-size-adjust: 100%; vertical-align: baseline; background: transparent;\">TH\u01af\u01a0NG HI\u1ec6U KH\u00c1C<\/b><\/div>\n<\/td>\n<td style=\"box-sizing: border-box; user-select: initial !important;\">\n<div class=\"magic-33\" style=\"box-sizing: border-box; user-select: initial !important; margin: 0px; padding: 0px; border: 0px; outline: 0px; font-size: 16px; text-size-adjust: 100%; vertical-align: baseline; background: transparent;\"><span class=\"magic-34\" style=\"box-sizing: border-box; user-select: initial !important; margin: 0px; padding: 0px; border: 0px; outline: 0px; font-size: 16px; text-size-adjust: 100%; vertical-align: baseline; background: transparent;\">XCMG,LIUGONG,KUBOTA,CASE,YANMAR,SUNWARD,ZOOMLION,LISHIDE,LIEHERR<\/span><\/div>\n<\/td>\n<\/tr>\n<\/tbody>\n<\/table>\n<h3>Gi\u1edbi thi\u1ec7u v\u1ec1 FMP<\/h3>\n<p>FMP l\u00e0 nh\u00e0 s\u1ea3n xu\u1ea5t xi lanh th\u1ee7y l\u1ef1c chuy\u00ean bi\u1ec7t, t\u1eadp trung m\u1ea1nh m\u1ebd v\u00e0o nghi\u00ean c\u1ee9u v\u00e0 s\u1ea3n xu\u1ea5t. K\u1ec3 t\u1eeb khi th\u00e0nh l\u1eadp, c\u00f4ng ty lu\u00f4n t\u1eadp trung ph\u00e1t tri\u1ec3n xi lanh th\u1ee7y l\u1ef1c, t\u1eeb s\u1ea3n xu\u1ea5t \u0111a d\u1ea1ng c\u00e1c s\u1ea3n ph\u1ea9m nh\u01b0 m\u00e1y m\u00f3c thu ho\u1ea1ch v\u00e0 x\u00e2y d\u1ef1ng, \u0111\u1ebfn chuy\u00ean s\u1ea3n xu\u1ea5t linh ki\u1ec7n m\u00e1y k\u00e9o n\u00f4ng nghi\u1ec7p. V\u1edbi h\u01a1n m\u1ed9t th\u1eadp k\u1ef7 kinh nghi\u1ec7m s\u1ea3n xu\u1ea5t, kinh nghi\u1ec7m qu\u1ea3n l\u00fd v\u00e0 c\u00f4ng ngh\u1ec7 s\u1ea3n xu\u1ea5t ti\u00ean ti\u1ebfn, FMP \u0111\u1ea3m b\u1ea3o ch\u1ea5t l\u01b0\u1ee3ng cao nh\u1ea5t cho c\u00e1c s\u1ea3n ph\u1ea9m c\u1ee7a m\u00ecnh.<\/p>\n<p>C\u00f9ng v\u1edbi s\u1ef1 ph\u00e1t tri\u1ec3n chuy\u00ean nghi\u1ec7p, c\u00f4ng ty \u0111\u00e3 thi\u1ebft l\u1eadp \u0111\u01b0\u1ee3c d\u00e2y chuy\u1ec1n s\u1ea3n xu\u1ea5t gia c\u00f4ng, d\u00e2y chuy\u1ec1n l\u1eafp r\u00e1p v\u00e0 d\u00e2y chuy\u1ec1n ph\u1ee7 to\u00e0n di\u1ec7n. FMP \u0111\u01b0\u1ee3c h\u1ed7 tr\u1ee3 b\u1edfi \u0111\u1ed9i ng\u0169 qu\u1ea3n l\u00fd gi\u00e0u kinh nghi\u1ec7m, thi\u1ebft k\u1ebf c\u01a1 kh\u00ed l\u00e0nh ngh\u1ec1 v\u00e0 c\u00f4ng nh\u00e2n k\u1ef9 thu\u1eadt \u0111\u01b0\u1ee3c \u0111\u00e0o t\u1ea1o b\u00e0i b\u1ea3n. \u0110i\u1ec1u n\u00e0y \u0111\u1ea3m b\u1ea3o ch\u1ea5t l\u01b0\u1ee3ng s\u1ea3n ph\u1ea9m \u1ed5n \u0111\u1ecbnh, \u0111\u1ed3ng th\u1eddi ki\u1ec3m so\u00e1t hi\u1ec7u qu\u1ea3 t\u00ednh li\u00ean t\u1ee5c c\u1ee7a quy tr\u00ecnh v\u00e0 hi\u1ec7u qu\u1ea3 s\u1ea3n xu\u1ea5t t\u1ed5ng th\u1ec3.<\/p>\n<p>FMP tu\u00e2n th\u1ee7 c\u00e1c gi\u00e1 tr\u1ecb c\u1ed1t l\u00f5i l\u00e0 \u201c\u0110\u1ed5i m\u1edbi c\u00f4ng ngh\u1ec7 th\u00fac \u0111\u1ea9y ti\u1ebfn b\u1ed9, ch\u1ea5t l\u01b0\u1ee3ng t\u1ea1o n\u00ean th\u01b0\u01a1ng hi\u1ec7u, tay ngh\u1ec1 th\u1ee7 c\u00f4ng \u0111\u1ea3m b\u1ea3o ch\u1ea5t l\u01b0\u1ee3ng v\u00e0 x\u00e2y d\u1ef1ng m\u1ed1i quan h\u1ec7 \u0111\u00f4i b\u00ean c\u00f9ng c\u00f3 l\u1ee3i l\u00e2u d\u00e0i\u201d. C\u00f4ng ty v\u1eabn cam k\u1ebft cung c\u1ea5p c\u00e1c s\u1ea3n ph\u1ea9m ch\u1ea5t l\u01b0\u1ee3ng cao \u0111\u1ed3ng th\u1eddi mang \u0111\u1ebfn d\u1ecbch v\u1ee5 kh\u00e1ch h\u00e0ng v\u01b0\u1ee3t tr\u1ed9i, lu\u00f4n n\u1ed7 l\u1ef1c \u0111\u00e1p \u1ee9ng nhu c\u1ea7u ng\u00e0y c\u00e0ng thay \u0111\u1ed5i c\u1ee7a th\u1ecb tr\u01b0\u1eddng.<\/p>\n<p><img loading=\"lazy\" decoding=\"async\" class=\"alignnone wp-image-303\" src=\"https:\/\/fmp-components.com\/wp-content\/uploads\/2024\/12\/hydraulic-cylinder-factory-11_1.webp\" alt=\"nh\u00e0 m\u00e1y xi-lanh th\u1ee7y l\u1ef1c\" width=\"917\" height=\"1003\" title=\"\" srcset=\"https:\/\/fmp-components.com\/wp-content\/uploads\/2024\/12\/hydraulic-cylinder-factory-11_1.webp 917w, https:\/\/fmp-components.com\/wp-content\/uploads\/2024\/12\/hydraulic-cylinder-factory-11_1-480x525.webp 480w\" sizes=\"(min-width: 0px) and (max-width: 480px) 480px, (min-width: 481px) 917px, 100vw\" \/><\/p>\n<table style=\"width: 100%;\" border=\"1\" width=\"100%\" cellspacing=\"0\" cellpadding=\"0\">\n<tbody>\n<tr>\n<td style=\"width: 41.9294%;\" width=\"226\"><img loading=\"lazy\" decoding=\"async\" class=\"alignnone size-full wp-image-309\" src=\"https:\/\/fmp-components.com\/wp-content\/uploads\/2024\/12\/Forklift-Tilt-Hydraulic-Cylinder.webp\" alt=\"Xi lanh th\u1ee7y l\u1ef1c nghi\u00eang xe n\u00e2ng\" width=\"1000\" height=\"750\" title=\"\" srcset=\"https:\/\/fmp-components.com\/wp-content\/uploads\/2024\/12\/Forklift-Tilt-Hydraulic-Cylinder.webp 1000w, https:\/\/fmp-components.com\/wp-content\/uploads\/2024\/12\/Forklift-Tilt-Hydraulic-Cylinder-980x735.webp 980w, https:\/\/fmp-components.com\/wp-content\/uploads\/2024\/12\/Forklift-Tilt-Hydraulic-Cylinder-480x360.webp 480w\" sizes=\"(min-width: 0px) and (max-width: 480px) 480px, (min-width: 481px) and (max-width: 980px) 980px, (min-width: 981px) 1000px, 100vw\" \/><\/td>\n<td style=\"width: 55.6484%;\" width=\"64\"><img loading=\"lazy\" decoding=\"async\" class=\"alignnone wp-image-283\" src=\"https:\/\/fmp-components.com\/wp-content\/uploads\/2024\/12\/hydraulic-cylinder-factory-5.webp\" alt=\"nh\u00e0 m\u00e1y xi-lanh th\u1ee7y l\u1ef1c\" width=\"542\" height=\"312\" title=\"\"><\/td>\n<\/tr>\n<\/tbody>\n<\/table>\n<p>T\u00e1c gi\u1ea3: CX<\/p>","protected":false},"excerpt":{"rendered":"<p>Xi lanh th\u1ee7y l\u1ef1c n\u00e2ng cho xe \u0111\u1ea9y l\u00e0 m\u1ed9t b\u1ed9 ph\u1eadn quan tr\u1ecdng \u0111\u01b0\u1ee3c thi\u1ebft k\u1ebf \u0111\u1ec3 h\u1ed7 tr\u1ee3 vi\u1ec7c n\u00e2ng h\u1ea1 xe \u0111\u1ea9y d\u1ec5 d\u00e0ng v\u00e0 hi\u1ec7u qu\u1ea3. \u0110\u01b0\u1ee3c ch\u1ebf t\u1ea1o t\u1eeb v\u1eadt li\u1ec7u c\u00f3 \u0111\u1ed9 b\u1ec1n cao, xi lanh th\u1ee7y l\u1ef1c n\u00e0y mang l\u1ea1i hi\u1ec7u su\u1ea5t \u0111\u00e1ng tin c\u1eady d\u01b0\u1edbi t\u1ea3i tr\u1ecdng n\u1eb7ng, l\u00fd t\u01b0\u1edfng cho c\u00e1c \u1ee9ng d\u1ee5ng c\u00f4ng nghi\u1ec7p, th\u01b0\u01a1ng m\u1ea1i v\u00e0 n\u00f4ng nghi\u1ec7p. C\u01a1 ch\u1ebf v\u1eadn h\u00e0nh tr\u01a1n tru c\u1ee7a n\u00f3 \u0111\u1ea3m b\u1ea3o c\u00e1c thao t\u00e1c n\u00e2ng h\u1ea1 nh\u1ea5t qu\u00e1n, cho ph\u00e9p ki\u1ec3m so\u00e1t ch\u00ednh x\u00e1c khi x\u1eed l\u00fd nhi\u1ec1u lo\u1ea1i v\u1eadt li\u1ec7u kh\u00e1c nhau. Xi lanh \u0111\u01b0\u1ee3c thi\u1ebft k\u1ebf nh\u1ecf g\u1ecdn v\u00e0 nh\u1eb9, \u0111\u1ea3m b\u1ea3o d\u1ec5 d\u00e0ng t\u00edch h\u1ee3p v\u00e0o h\u1ec7 th\u1ed1ng xe \u0111\u1ea9y m\u00e0 kh\u00f4ng l\u00e0m t\u0103ng th\u00eam kh\u1ed1i l\u01b0\u1ee3ng kh\u00f4ng c\u1ea7n thi\u1ebft. V\u1edbi c\u1ea5u tr\u00fac ch\u1eafc ch\u1eafn v\u00e0 ch\u1ee9c n\u0103ng \u0111\u00e1ng tin c\u1eady, xi lanh th\u1ee7y l\u1ef1c n\u00e2ng n\u00e2ng cao n\u0103ng su\u1ea5t v\u00e0 an to\u00e0n trong m\u1ecdi m\u00f4i tr\u01b0\u1eddng x\u1eed l\u00fd v\u1eadt li\u1ec7u.<\/p>","protected":false},"featured_media":349,"comment_status":"open","ping_status":"closed","template":"","meta":{"_et_pb_use_builder":"","_et_pb_old_content":"","_et_gb_content_width":""},"product_brand":[],"product_cat":[20],"product_tag":[],"class_list":{"0":"post-344","1":"product","2":"type-product","3":"status-publish","4":"has-post-thumbnail","6":"product_cat-forklift-hydraulic-cylinders","8":"first","9":"instock","10":"shipping-taxable","11":"product-type-simple"},"_links":{"self":[{"href":"https:\/\/fmp-components.com\/vi\/wp-json\/wp\/v2\/product\/344","targetHints":{"allow":["GET"]}}],"collection":[{"href":"https:\/\/fmp-components.com\/vi\/wp-json\/wp\/v2\/product"}],"about":[{"href":"https:\/\/fmp-components.com\/vi\/wp-json\/wp\/v2\/types\/product"}],"replies":[{"embeddable":true,"href":"https:\/\/fmp-components.com\/vi\/wp-json\/wp\/v2\/comments?post=344"}],"wp:featuredmedia":[{"embeddable":true,"href":"https:\/\/fmp-components.com\/vi\/wp-json\/wp\/v2\/media\/349"}],"wp:attachment":[{"href":"https:\/\/fmp-components.com\/vi\/wp-json\/wp\/v2\/media?parent=344"}],"wp:term":[{"taxonomy":"product_brand","embeddable":true,"href":"https:\/\/fmp-components.com\/vi\/wp-json\/wp\/v2\/product_brand?post=344"},{"taxonomy":"product_cat","embeddable":true,"href":"https:\/\/fmp-components.com\/vi\/wp-json\/wp\/v2\/product_cat?post=344"},{"taxonomy":"product_tag","embeddable":true,"href":"https:\/\/fmp-components.com\/vi\/wp-json\/wp\/v2\/product_tag?post=344"}],"curies":[{"name":"wp","href":"https:\/\/api.w.org\/{rel}","templated":true}]}}