{"id":3419,"date":"2025-01-07T06:47:41","date_gmt":"2025-01-07T06:47:41","guid":{"rendered":"https:\/\/fmp-components.com\/?page_id=8"},"modified":"2025-01-07T06:47:41","modified_gmt":"2025-01-07T06:47:41","slug":"ys-series-electric-motor","status":"publish","type":"product","link":"https:\/\/fmp-components.com\/vi\/product\/ys-series-electric-motor\/","title":{"rendered":"\u0110\u1ed9ng c\u01a1 \u0111i\u1ec7n d\u00f2ng YS"},"content":{"rendered":"<h2>\u0110i\u1ec1u ki\u1ec7n \u1ee9ng d\u1ee5ng c\u1ee7a \u0111\u1ed9ng c\u01a1 kh\u00f4ng \u0111\u1ed3ng b\u1ed9 ba pha d\u00f2ng YS<\/h2>\n<table style=\"width: 100%;\" border=\"1\" width=\"100%\" cellspacing=\"0\" cellpadding=\"0\">\n<tbody>\n<tr>\n<th>Nhi\u1ec7t \u0111\u1ed9 m\u00f4i tr\u01b0\u1eddng<\/th>\n<td>-15\u2103 \u2013 40\u2103<\/td>\n<\/tr>\n<tr>\n<th>\u0110\u1ed9 \u1ea9m t\u01b0\u01a1ng \u0111\u1ed1i<\/th>\n<td>Kh\u00f4ng cao h\u01a1n 90%<\/td>\n<\/tr>\n<tr>\n<th>\u0110\u1ed9 cao<\/th>\n<td>Th\u1ea5p h\u01a1n 1000 m\u00e9t<\/td>\n<\/tr>\n<tr>\n<th>T\u00ednh th\u01b0\u1eddng xuy\u00ean<\/th>\n<td>50 Hz<\/td>\n<\/tr>\n<tr>\n<th>\u0110i\u1ec7n \u00e1p \u0111\u1ecbnh m\u1ee9c<\/th>\n<td>220\/380V<\/td>\n<\/tr>\n<tr>\n<th>Ch\u1ebf \u0111\u1ed9 ho\u1ea1t \u0111\u1ed9ng<\/th>\n<td>S1<\/td>\n<\/tr>\n<tr>\n<th>Ph\u01b0\u01a1ng ph\u00e1p l\u00e0m m\u00e1t<\/th>\n<td>IC0141<\/td>\n<\/tr>\n<\/tbody>\n<\/table>\n<h2>Ng\u00e0y k\u1ef9 thu\u1eadt \u0111\u1ed9ng c\u01a1 \u0111i\u1ec7n d\u00f2ng YS<\/h2>\n<p><img loading=\"lazy\" decoding=\"async\" class=\"alignnone size-full wp-image-3424\" src=\"https:\/\/fmp-components.com\/wp-content\/uploads\/2025\/01\/ys-motor-technical-data1-1.webp\" alt=\"ys-motor-technical-data\" width=\"900\" height=\"449\" title=\"\" srcset=\"https:\/\/fmp-components.com\/wp-content\/uploads\/2025\/01\/ys-motor-technical-data1-1.webp 900w, https:\/\/fmp-components.com\/wp-content\/uploads\/2025\/01\/ys-motor-technical-data1-1-480x239.webp 480w\" sizes=\"(min-width: 0px) and (max-width: 480px) 480px, (min-width: 481px) 900px, 100vw\" \/><\/p>\n<p style=\"text-align: center;\">Ng\u1ecdn l\u1eeda kh\u00f4ng c\u00f3 ch\u00e2n v\u00e0 t\u1ea5m ch\u1eafn \u0111\u1ea7u c\u00f3 b\u00edch (c\u00f3 l\u1ed7 tr\u01a1n) - IMB5<\/p>\n<p><img loading=\"lazy\" decoding=\"async\" class=\"alignnone size-full wp-image-3427\" src=\"https:\/\/fmp-components.com\/wp-content\/uploads\/2025\/01\/ys-series-motor-11-1.webp\" alt=\"\u0111\u1ed9ng c\u01a1 d\u00f2ng ys\" width=\"846\" height=\"187\" title=\"\" srcset=\"https:\/\/fmp-components.com\/wp-content\/uploads\/2025\/01\/ys-series-motor-11-1.webp 846w, https:\/\/fmp-components.com\/wp-content\/uploads\/2025\/01\/ys-series-motor-11-1-480x106.webp 480w\" sizes=\"(min-width: 0px) and (max-width: 480px) 480px, (min-width: 481px) 846px, 100vw\" \/> <img loading=\"lazy\" decoding=\"async\" class=\"alignnone size-full wp-image-3425\" src=\"https:\/\/fmp-components.com\/wp-content\/uploads\/2025\/01\/ys-motor-technical-data-21.webp\" alt=\"ys-motor-technical-data-2\" width=\"900\" height=\"113\" title=\"\" srcset=\"https:\/\/fmp-components.com\/wp-content\/uploads\/2025\/01\/ys-motor-technical-data-21.webp 900w, https:\/\/fmp-components.com\/wp-content\/uploads\/2025\/01\/ys-motor-technical-data-21-480x60.webp 480w\" sizes=\"(min-width: 0px) and (max-width: 480px) 480px, (min-width: 481px) 900px, 100vw\" \/><\/p>\n<p style=\"text-align: center;\">Ng\u1ecdn l\u1eeda kh\u00f4ng c\u00f3 ch\u00e2n v\u00e0 t\u1ea5m ch\u1eafn \u0111\u1ea7u c\u00f3 b\u00edch (c\u00f3 l\u1ed7 ren) - IMB14<\/p>\n<p style=\"text-align: center;\"><img loading=\"lazy\" decoding=\"async\" class=\"alignnone size-full wp-image-3428\" src=\"https:\/\/fmp-components.com\/wp-content\/uploads\/2025\/01\/ys-series-motor-21.webp\" alt=\"\u0111\u1ed9ng c\u01a1 d\u00f2ng ys\" width=\"988\" height=\"236\" title=\"\" srcset=\"https:\/\/fmp-components.com\/wp-content\/uploads\/2025\/01\/ys-series-motor-21.webp 988w, https:\/\/fmp-components.com\/wp-content\/uploads\/2025\/01\/ys-series-motor-21-980x234.webp 980w, https:\/\/fmp-components.com\/wp-content\/uploads\/2025\/01\/ys-series-motor-21-480x115.webp 480w\" sizes=\"(min-width: 0px) and (max-width: 480px) 480px, (min-width: 481px) and (max-width: 980px) 980px, (min-width: 981px) 988px, 100vw\" \/> <img loading=\"lazy\" decoding=\"async\" class=\"alignnone size-full wp-image-3426\" src=\"https:\/\/fmp-components.com\/wp-content\/uploads\/2025\/01\/ys-motor-technical-data-31.webp\" alt=\"ys-motor-technical-data\" width=\"900\" height=\"143\" title=\"\" srcset=\"https:\/\/fmp-components.com\/wp-content\/uploads\/2025\/01\/ys-motor-technical-data-31.webp 900w, https:\/\/fmp-components.com\/wp-content\/uploads\/2025\/01\/ys-motor-technical-data-31-480x76.webp 480w\" sizes=\"(min-width: 0px) and (max-width: 480px) 480px, (min-width: 481px) 900px, 100vw\" \/><\/p>\n<h2>Gi\u1edbi thi\u1ec7u v\u1ec1 FMP<\/h2>\n<p>FMP l\u00e0 m\u1ed9t doanh nghi\u1ec7p c\u00f4ng ngh\u1ec7 cao qu\u1ed1c gia chuy\u00ean thi\u1ebft k\u1ebf, ph\u00e1t tri\u1ec3n v\u00e0 s\u1ea3n xu\u1ea5t c\u00e1c \u0111\u1ed9ng c\u01a1 ti\u00ean ti\u1ebfn v\u00e0 gi\u1ea3i ph\u00e1p c\u01a1 \u0111i\u1ec7n. Ch\u00fang t\u00f4i t\u1eadp trung s\u1ea3n xu\u1ea5t c\u00e1c d\u00f2ng \u0111\u1ed9ng c\u01a1 YE2, YE3 v\u00e0 YE4, c\u00f9ng v\u1edbi m\u1ed9t lo\u1ea1t c\u00e1c s\u1ea3n ph\u1ea9m ph\u00e1i sinh. S\u1ea3n ph\u1ea9m c\u1ee7a ch\u00fang t\u00f4i c\u0169ng bao g\u1ed3m \u0111\u1ed9ng c\u01a1 ba pha v\u00e0 m\u1ed9t pha cho b\u01a1m th\u1ee7y l\u1ef1c, \u0111\u1ed9ng c\u01a1 v\u1ecf nh\u00f4m, \u0111\u1ed9ng c\u01a1 phi ti\u00eau chu\u1ea9n cho b\u01a1m th\u1ee7y l\u1ef1c, b\u1ed9 gi\u1ea3m t\u1ed1c b\u00e1nh r\u0103ng tuabin t\u00edch h\u1ee3p c\u01a1 \u0111i\u1ec7n v\u00e0 c\u00e1c lo\u1ea1i \u0111\u1ed9ng c\u01a1 chuy\u00ean d\u1ee5ng kh\u00e1c.<\/p>\n<p>S\u1ea3n ph\u1ea9m c\u1ee7a FMP \u0111\u01b0\u1ee3c s\u1eed d\u1ee5ng r\u1ed9ng r\u00e3i trong t\u1ef1 \u0111\u1ed9ng h\u00f3a c\u00f4ng nghi\u1ec7p, ph\u1ee5c v\u1ee5 c\u00e1c l\u0129nh v\u1ef1c ch\u1ee7 ch\u1ed1t nh\u01b0 m\u00e1y ti\u1ec7n CNC, m\u00e1y \u0111\u00f3ng gi\u00e0y, m\u00e1y ch\u1ebf bi\u1ebfn g\u1ed7, m\u00e1y gia c\u00f4ng kim lo\u1ea1i, m\u00e1y m\u00f3c nh\u1ef1a v\u00e0 m\u00e1y m\u00f3c x\u00e2y d\u1ef1ng. V\u1edbi cam k\u1ebft m\u1ea1nh m\u1ebd v\u1ec1 \u0111\u1ed5i m\u1edbi v\u00e0 ch\u1ea5t l\u01b0\u1ee3ng, FMP \u0111\u1ea3m b\u1ea3o t\u1ea5t c\u1ea3 s\u1ea3n ph\u1ea9m \u0111\u1ec1u \u0111\u00e1p \u1ee9ng c\u00e1c ti\u00eau chu\u1ea9n hi\u1ec7u su\u1ea5t cao nh\u1ea5t.<\/p>\n<p>B\u00ean c\u1ea1nh danh m\u1ee5c s\u1ea3n ph\u1ea9m to\u00e0n di\u1ec7n, ch\u00fang t\u00f4i t\u1ef1 h\u00e0o cung c\u1ea5p c\u00e1c gi\u1ea3i ph\u00e1p t\u00f9y ch\u1ec9nh ph\u00f9 h\u1ee3p v\u1edbi nhu c\u1ea7u c\u1ee5 th\u1ec3 c\u1ee7a kh\u00e1ch h\u00e0ng. Cho d\u00f9 b\u1ea1n c\u1ea7n \u0111\u1ed9ng c\u01a1 chuy\u00ean d\u1ee5ng, s\u1ea3n ph\u1ea9m phi ti\u00eau chu\u1ea9n hay h\u1ec7 th\u1ed1ng t\u00edch h\u1ee3p, FMP lu\u00f4n h\u1ee3p t\u00e1c ch\u1eb7t ch\u1ebd v\u1edbi kh\u00e1ch h\u00e0ng \u0111\u1ec3 cung c\u1ea5p c\u00e1c gi\u1ea3i ph\u00e1p ch\u1ea5t l\u01b0\u1ee3ng cao, \u0111\u01b0\u1ee3c thi\u1ebft k\u1ebf ri\u00eang. Tr\u1ecdng t\u00e2m c\u1ee7a ch\u00fang t\u00f4i l\u00e0 k\u1ef9 thu\u1eadt ch\u00ednh x\u00e1c v\u00e0 s\u1ef1 h\u00e0i l\u00f2ng c\u1ee7a kh\u00e1ch h\u00e0ng, th\u00fac \u0111\u1ea9y th\u00e0nh c\u00f4ng li\u00ean t\u1ee5c c\u1ee7a ch\u00fang t\u00f4i tr\u00ean th\u1ecb tr\u01b0\u1eddng to\u00e0n c\u1ea7u.<\/p>\n<p>T\u1ea1i FMP, ch\u00fang t\u00f4i cam k\u1ebft x\u00e2y d\u1ef1ng m\u1ed1i quan h\u1ec7 \u0111\u1ed1i t\u00e1c l\u00e2u d\u00e0i, c\u00f9ng c\u00f3 l\u1ee3i, h\u1ed7 tr\u1ee3 s\u1ef1 th\u00e0nh c\u00f4ng c\u1ee7a kh\u00e1ch h\u00e0ng trong t\u1eebng d\u1ef1 \u00e1n.<\/p>\n<table style=\"border-collapse: collapse; width: 100.882%; height: 23px;\" border=\"0\" width=\"128\" cellspacing=\"0\" cellpadding=\"0\">\n<tbody>\n<tr style=\"height: 13.8pt;\">\n<td style=\"height: 10px; width: 50.3922%;\" align=\"right\" width=\"64\" height=\"18\"><img loading=\"lazy\" decoding=\"async\" class=\"alignnone size-full wp-image-3398\" src=\"https:\/\/fmp-components.com\/wp-content\/uploads\/2025\/01\/Three-Phase-Motor-Factory.webp\" alt=\"Nh\u00e0 m\u00e1y s\u1ea3n xu\u1ea5t \u0111\u1ed9ng c\u01a1 ba pha\" width=\"900\" height=\"600\" title=\"\" srcset=\"https:\/\/fmp-components.com\/wp-content\/uploads\/2025\/01\/Three-Phase-Motor-Factory.webp 900w, https:\/\/fmp-components.com\/wp-content\/uploads\/2025\/01\/Three-Phase-Motor-Factory-480x320.webp 480w\" sizes=\"(min-width: 0px) and (max-width: 480px) 480px, (min-width: 481px) 900px, 100vw\" \/><\/td>\n<td style=\"width: 604.224%; height: 10px;\" align=\"right\" width=\"64\"><img loading=\"lazy\" decoding=\"async\" class=\"alignnone size-full wp-image-3399\" src=\"https:\/\/fmp-components.com\/wp-content\/uploads\/2025\/01\/Three-Phase-Motor-Factory-2.webp\" alt=\"Nh\u00e0 m\u00e1y \u0111\u1ed9ng c\u01a1 ba pha 2\" width=\"900\" height=\"600\" title=\"\" srcset=\"https:\/\/fmp-components.com\/wp-content\/uploads\/2025\/01\/Three-Phase-Motor-Factory-2.webp 900w, https:\/\/fmp-components.com\/wp-content\/uploads\/2025\/01\/Three-Phase-Motor-Factory-2-480x320.webp 480w\" sizes=\"(min-width: 0px) and (max-width: 480px) 480px, (min-width: 481px) 900px, 100vw\" \/><\/td>\n<\/tr>\n<tr style=\"height: 13.8pt;\">\n<td style=\"height: 13px; width: 50.3922%;\" align=\"right\" height=\"18\"><img loading=\"lazy\" decoding=\"async\" class=\"alignnone size-full wp-image-3400\" src=\"https:\/\/fmp-components.com\/wp-content\/uploads\/2025\/01\/China-Three-Phase-Motor-Factory-1.webp\" alt=\"Nh\u00e0 m\u00e1y \u0111\u1ed9ng c\u01a1 ba pha s\u1ed1 1\" width=\"900\" height=\"600\" title=\"\" srcset=\"https:\/\/fmp-components.com\/wp-content\/uploads\/2025\/01\/China-Three-Phase-Motor-Factory-1.webp 900w, https:\/\/fmp-components.com\/wp-content\/uploads\/2025\/01\/China-Three-Phase-Motor-Factory-1-480x320.webp 480w\" sizes=\"(min-width: 0px) and (max-width: 480px) 480px, (min-width: 481px) 900px, 100vw\" \/><\/td>\n<td style=\"width: 604.224%; height: 13px;\" align=\"right\"><img loading=\"lazy\" decoding=\"async\" class=\"alignnone size-full wp-image-3401\" src=\"https:\/\/fmp-components.com\/wp-content\/uploads\/2025\/01\/Three-Phase-Motor-Factory-3.webp\" alt=\"Nh\u00e0 m\u00e1y \u0111\u1ed9ng c\u01a1 ba pha s\u1ed1 3\" width=\"900\" height=\"600\" title=\"\" srcset=\"https:\/\/fmp-components.com\/wp-content\/uploads\/2025\/01\/Three-Phase-Motor-Factory-3.webp 900w, https:\/\/fmp-components.com\/wp-content\/uploads\/2025\/01\/Three-Phase-Motor-Factory-3-480x320.webp 480w\" sizes=\"(min-width: 0px) and (max-width: 480px) 480px, (min-width: 481px) 900px, 100vw\" \/><\/td>\n<\/tr>\n<\/tbody>\n<\/table>\n<p>T\u00e1c gi\u1ea3: CX<\/p>","protected":false},"excerpt":{"rendered":"<p>YS Series Three-phase Asynchronous Motor&#8217;s Application Conditions Ambient Temperature -15\u2103 &#8211; 40\u2103 Relative Humidity Not higher than 90% Elevation Be lower than 1000 meters Frequency 50 Hz Rated Voltage 220\/380V Operating Mode S1 Cooling Method IC0141 YS Series Electric Motors Technical Date Flame Without Feet and End-shield with Flange (with Plain Holes)-IMB5 Flame Without Feet [&hellip;]<\/p>","protected":false},"featured_media":3429,"comment_status":"open","ping_status":"closed","template":"","meta":{"_et_pb_use_builder":"","_et_pb_old_content":"","_et_gb_content_width":""},"product_brand":[],"product_cat":[86],"product_tag":[],"class_list":{"0":"post-3419","1":"product","2":"type-product","3":"status-publish","4":"has-post-thumbnail","6":"product_cat-ac-motors","8":"first","9":"instock","10":"shipping-taxable","11":"product-type-simple"},"_links":{"self":[{"href":"https:\/\/fmp-components.com\/vi\/wp-json\/wp\/v2\/product\/3419","targetHints":{"allow":["GET"]}}],"collection":[{"href":"https:\/\/fmp-components.com\/vi\/wp-json\/wp\/v2\/product"}],"about":[{"href":"https:\/\/fmp-components.com\/vi\/wp-json\/wp\/v2\/types\/product"}],"replies":[{"embeddable":true,"href":"https:\/\/fmp-components.com\/vi\/wp-json\/wp\/v2\/comments?post=3419"}],"wp:featuredmedia":[{"embeddable":true,"href":"https:\/\/fmp-components.com\/vi\/wp-json\/wp\/v2\/media\/3429"}],"wp:attachment":[{"href":"https:\/\/fmp-components.com\/vi\/wp-json\/wp\/v2\/media?parent=3419"}],"wp:term":[{"taxonomy":"product_brand","embeddable":true,"href":"https:\/\/fmp-components.com\/vi\/wp-json\/wp\/v2\/product_brand?post=3419"},{"taxonomy":"product_cat","embeddable":true,"href":"https:\/\/fmp-components.com\/vi\/wp-json\/wp\/v2\/product_cat?post=3419"},{"taxonomy":"product_tag","embeddable":true,"href":"https:\/\/fmp-components.com\/vi\/wp-json\/wp\/v2\/product_tag?post=3419"}],"curies":[{"name":"wp","href":"https:\/\/api.w.org\/{rel}","templated":true}]}}