{"id":3364,"date":"2025-01-07T02:27:08","date_gmt":"2025-01-07T02:27:08","guid":{"rendered":"https:\/\/fmp-components.com\/?page_id=8"},"modified":"2025-01-07T03:32:13","modified_gmt":"2025-01-07T03:32:13","slug":"yyyn-jb-gear-reducer-single-three-phase-motor-series","status":"publish","type":"product","link":"https:\/\/fmp-components.com\/vi\/product\/yyyn-jb-gear-reducer-single-three-phase-motor-series\/","title":{"rendered":"B\u1ed9 gi\u1ea3m t\u1ed1c b\u00e1nh r\u0103ng YY(YN)\/JB D\u00f2ng \u0111\u1ed9ng c\u01a1 m\u1ed9t pha\/ba pha"},"content":{"rendered":"<h2>60YN6-2CZ\/JB150G8<\/h2>\n<p><img loading=\"lazy\" decoding=\"async\" class=\"size-full wp-image-3372 aligncenter\" src=\"https:\/\/fmp-components.com\/wp-content\/uploads\/2025\/01\/60YN6-2CZ-JB150G8-1.webp\" alt=\"60YN6-2CZ-JB150G8-1\" width=\"516\" height=\"330\" title=\"\" srcset=\"https:\/\/fmp-components.com\/wp-content\/uploads\/2025\/01\/60YN6-2CZ-JB150G8-1.webp 516w, https:\/\/fmp-components.com\/wp-content\/uploads\/2025\/01\/60YN6-2CZ-JB150G8-1-480x307.webp 480w\" sizes=\"(min-width: 0px) and (max-width: 480px) 480px, (min-width: 481px) 516px, 100vw\" \/><\/p>\n<table style=\"width: 100%;\" border=\"1\" width=\"100%\" cellspacing=\"0\" cellpadding=\"0\">\n<tbody>\n<tr>\n<th>T\u00ean s\u1ea3n ph\u1ea9m<\/th>\n<td>60YN6-2CZ\/JB150G8<\/td>\n<\/tr>\n<tr>\n<th>Lo\u1ea1i \u0111\u1ed9ng c\u01a1<\/th>\n<td>\u0110\u1ed9ng c\u01a1 kh\u00f4ng \u0111\u1ed3ng b\u1ed9 m\u1ed9t pha, 4 c\u1ef1c, 6W<\/td>\n<\/tr>\n<tr>\n<th>Ngu\u1ed3n \u0111i\u1ec7n<\/th>\n<td>220V, 50Hz (c\u0169ng c\u00f3 th\u1ec3 s\u1eed d\u1ee5ng v\u1edbi 230V, 110V ho\u1eb7c 100V)<\/td>\n<\/tr>\n<tr>\n<th>T\u00ednh n\u0103ng \u0111\u1ed9ng c\u01a1<\/th>\n<td><strong>Quy\u1ec1n l\u1ef1c:<\/strong> 6W<br \/>\n<strong>V\u1ecf \u0111\u1ed9ng c\u01a1:<\/strong> K\u00edch th\u01b0\u1edbc khung h\u00ecnh 60<br \/>\n<strong>C\u00e1c t\u00ednh n\u0103ng b\u1ed5 sung:<\/strong> Ch\u1ee9c n\u0103ng gi\u1ea3m ch\u1ea5n c\u01a1 h\u1ecdc (Z)<br \/>\n<strong>B\u1ea3o v\u1ec7 nhi\u1ec7t:<\/strong> \u0110\u01b0\u1ee3c trang b\u1ecb b\u1ed9 b\u1ea3o v\u1ec7 nhi\u1ec7t (P)<\/td>\n<\/tr>\n<tr>\n<th>H\u1ed9p s\u1ed1<\/th>\n<td><strong>Ng\u01b0\u1eddi m\u1eabu:<\/strong> H\u1ed9p s\u1ed1 gi\u1ea3m t\u1ed1c b\u00e1nh r\u0103ng kh\u00f4ng tr\u1ee5c trung t\u00e2m 60JB<br \/>\n<strong>Thi\u1ebft k\u1ebf:<\/strong> C\u1ea5u tr\u00fac t\u00edch h\u1ee3p<br \/>\n<strong>T\u1ef7 l\u1ec7 gi\u1ea3m:<\/strong> 1:150<br \/>\n<strong>V\u00f2ng bi:<\/strong> V\u00f2ng bi l\u0103n<br \/>\n<strong>\u0110\u01b0\u1eddng k\u00ednh tr\u1ee5c:<\/strong> 8mm<\/td>\n<\/tr>\n<\/tbody>\n<\/table>\n<p><img loading=\"lazy\" decoding=\"async\" class=\"alignnone size-full wp-image-3373\" src=\"https:\/\/fmp-components.com\/wp-content\/uploads\/2025\/01\/60YN6-2CZ-JB150G8.webp\" alt=\"60YN6-2CZ-JB150G8\" width=\"919\" height=\"628\" title=\"\" srcset=\"https:\/\/fmp-components.com\/wp-content\/uploads\/2025\/01\/60YN6-2CZ-JB150G8.webp 919w, https:\/\/fmp-components.com\/wp-content\/uploads\/2025\/01\/60YN6-2CZ-JB150G8-480x328.webp 480w\" sizes=\"(min-width: 0px) and (max-width: 480px) 480px, (min-width: 481px) 919px, 100vw\" \/><\/p>\n<h2>70YN15-2CZ\/JB150G10<\/h2>\n<p><img loading=\"lazy\" decoding=\"async\" class=\"size-full wp-image-3376 aligncenter\" src=\"https:\/\/fmp-components.com\/wp-content\/uploads\/2025\/01\/70YN15-2CZ-JB150G10.webp\" alt=\"70YN15-2CZ-JB150G10\" width=\"325\" height=\"214\" title=\"\" srcset=\"https:\/\/fmp-components.com\/wp-content\/uploads\/2025\/01\/70YN15-2CZ-JB150G10.webp 325w, https:\/\/fmp-components.com\/wp-content\/uploads\/2025\/01\/70YN15-2CZ-JB150G10-300x198.webp 300w, https:\/\/fmp-components.com\/wp-content\/uploads\/2025\/01\/70YN15-2CZ-JB150G10-18x12.webp 18w\" sizes=\"(max-width: 325px) 100vw, 325px\" \/><\/p>\n<table style=\"width: 100%;\" border=\"1\" width=\"100%\" cellspacing=\"0\" cellpadding=\"0\">\n<tbody>\n<tr>\n<th>T\u00ean s\u1ea3n ph\u1ea9m<\/th>\n<td>70YN15-2CZ\/JB150G10<\/td>\n<\/tr>\n<tr>\n<th>Lo\u1ea1i \u0111\u1ed9ng c\u01a1<\/th>\n<td>\u0110\u1ed9ng c\u01a1 c\u1ea3m \u1ee9ng m\u1ed9t pha, 4 c\u1ef1c, 15W<\/td>\n<\/tr>\n<tr>\n<th>Ngu\u1ed3n \u0111i\u1ec7n<\/th>\n<td>220V, 50Hz (c\u0169ng t\u01b0\u01a1ng th\u00edch v\u1edbi 230V, 110V ho\u1eb7c 100V)<\/td>\n<\/tr>\n<tr>\n<th>T\u00ednh n\u0103ng \u0111\u1ed9ng c\u01a1<\/th>\n<td><strong>Quy\u1ec1n l\u1ef1c:<\/strong> 15W<br \/>\n<strong>K\u00edch th\u01b0\u1edbc khung:<\/strong> 70<br \/>\n<strong>C\u00e1c t\u00ednh n\u0103ng b\u1ed5 sung:<\/strong> Ch\u1ee9c n\u0103ng gi\u1ea3m ch\u1ea5n c\u01a1 h\u1ecdc (Z)<br \/>\n<strong>B\u1ea3o v\u1ec7 nhi\u1ec7t:<\/strong> \u0110\u01b0\u1ee3c trang b\u1ecb b\u1ed9 b\u1ea3o v\u1ec7 nhi\u1ec7t (P)<\/td>\n<\/tr>\n<tr>\n<th>H\u1ed9p s\u1ed1<\/th>\n<td><strong>Ng\u01b0\u1eddi m\u1eabu:<\/strong> H\u1ed9p s\u1ed1 gi\u1ea3m t\u1ed1c tr\u1ee5c kh\u00f4ng t\u00e2m 70JB<br \/>\n<strong>Thi\u1ebft k\u1ebf:<\/strong> C\u1ea5u tr\u00fac t\u00edch ph\u00e2n<br \/>\n<strong>T\u1ef7 l\u1ec7 gi\u1ea3m:<\/strong> 1:150<br \/>\n<strong>V\u00f2ng bi:<\/strong> V\u00f2ng bi l\u0103n<br \/>\n<strong>\u0110\u01b0\u1eddng k\u00ednh tr\u1ee5c:<\/strong> 10mm<\/td>\n<\/tr>\n<\/tbody>\n<\/table>\n<p><img loading=\"lazy\" decoding=\"async\" class=\"alignnone size-full wp-image-3375\" src=\"https:\/\/fmp-components.com\/wp-content\/uploads\/2025\/01\/70YN15-2CZ-JB150G10-1.webp\" alt=\"70YN15-2CZ-JB150G10-1\" width=\"913\" height=\"731\" title=\"\" srcset=\"https:\/\/fmp-components.com\/wp-content\/uploads\/2025\/01\/70YN15-2CZ-JB150G10-1.webp 913w, https:\/\/fmp-components.com\/wp-content\/uploads\/2025\/01\/70YN15-2CZ-JB150G10-1-480x384.webp 480w\" sizes=\"(min-width: 0px) and (max-width: 480px) 480px, (min-width: 481px) 913px, 100vw\" \/><\/p>\n<h2>80YN25-2CZ\/JBE150G10<\/h2>\n<p><img loading=\"lazy\" decoding=\"async\" class=\"size-full wp-image-3377 aligncenter\" src=\"https:\/\/fmp-components.com\/wp-content\/uploads\/2025\/01\/80YN25-2CZ-JBE150G10-1.webp\" alt=\"80YN25-2CZ-JBE150G10-1\" width=\"305\" height=\"196\" title=\"\" srcset=\"https:\/\/fmp-components.com\/wp-content\/uploads\/2025\/01\/80YN25-2CZ-JBE150G10-1.webp 305w, https:\/\/fmp-components.com\/wp-content\/uploads\/2025\/01\/80YN25-2CZ-JBE150G10-1-300x193.webp 300w, https:\/\/fmp-components.com\/wp-content\/uploads\/2025\/01\/80YN25-2CZ-JBE150G10-1-18x12.webp 18w\" sizes=\"(max-width: 305px) 100vw, 305px\" \/><\/p>\n<table style=\"width: 100%;\" border=\"1\" width=\"100%\" cellspacing=\"0\" cellpadding=\"0\">\n<tbody>\n<tr>\n<th>T\u00ean s\u1ea3n ph\u1ea9m<\/th>\n<td>80YN25-2CZ\/JBE150G10<\/td>\n<\/tr>\n<tr>\n<th>Lo\u1ea1i \u0111\u1ed9ng c\u01a1<\/th>\n<td>\u0110\u1ed9ng c\u01a1 c\u1ea3m \u1ee9ng m\u1ed9t pha, 4 c\u1ef1c, 25W<\/td>\n<\/tr>\n<tr>\n<th>Ngu\u1ed3n \u0111i\u1ec7n<\/th>\n<td>220V, 50Hz (c\u0169ng t\u01b0\u01a1ng th\u00edch v\u1edbi 230V, 110V ho\u1eb7c 100V)<\/td>\n<\/tr>\n<tr>\n<th>T\u00ednh n\u0103ng \u0111\u1ed9ng c\u01a1<\/th>\n<td><strong>Quy\u1ec1n l\u1ef1c:<\/strong> 25W<br \/>\n<strong>K\u00edch th\u01b0\u1edbc khung:<\/strong> 80<br \/>\n<strong>C\u00e1c t\u00ednh n\u0103ng b\u1ed5 sung:<\/strong> Ch\u1ee9c n\u0103ng gi\u1ea3m ch\u1ea5n c\u01a1 h\u1ecdc (Z)<br \/>\n<strong>B\u1ea3o v\u1ec7 nhi\u1ec7t:<\/strong> \u0110\u01b0\u1ee3c trang b\u1ecb b\u1ed9 b\u1ea3o v\u1ec7 nhi\u1ec7t (P)<\/td>\n<\/tr>\n<tr>\n<th>H\u1ed9p s\u1ed1<\/th>\n<td><strong>Ng\u01b0\u1eddi m\u1eabu:<\/strong> H\u1ed9p s\u1ed1 gi\u1ea3m t\u1ed1c tr\u1ee5c kh\u00f4ng t\u00e2m 80JB<br \/>\n<strong>Thi\u1ebft k\u1ebf:<\/strong> C\u1ea5u tr\u00fac t\u00edch ph\u00e2n<br \/>\n<strong>T\u1ef7 l\u1ec7 gi\u1ea3m:<\/strong> 1:150<br \/>\n<strong>V\u00f2ng bi:<\/strong> V\u00f2ng bi l\u0103n<br \/>\n<strong>\u0110\u01b0\u1eddng k\u00ednh tr\u1ee5c:<\/strong> 10mm<\/td>\n<\/tr>\n<\/tbody>\n<\/table>\n<p><img loading=\"lazy\" decoding=\"async\" class=\"alignnone size-full wp-image-3378\" src=\"https:\/\/fmp-components.com\/wp-content\/uploads\/2025\/01\/80YN25-2CZ-JBE150G10-2.webp\" alt=\"80YN25-2CZ-JBE150G10-2\" width=\"919\" height=\"721\" title=\"\" srcset=\"https:\/\/fmp-components.com\/wp-content\/uploads\/2025\/01\/80YN25-2CZ-JBE150G10-2.webp 919w, https:\/\/fmp-components.com\/wp-content\/uploads\/2025\/01\/80YN25-2CZ-JBE150G10-2-480x377.webp 480w\" sizes=\"(min-width: 0px) and (max-width: 480px) 480px, (min-width: 481px) 919px, 100vw\" \/><\/p>\n<h2>90YY40-2CZ\/JB150G12<\/h2>\n<p><img loading=\"lazy\" decoding=\"async\" class=\"size-full wp-image-3380 aligncenter\" src=\"https:\/\/fmp-components.com\/wp-content\/uploads\/2025\/01\/90YY40-2CZ-JB150G12-1.webp\" alt=\"90YY40-2CZ-JB150G12-1\" width=\"333\" height=\"204\" title=\"\" srcset=\"https:\/\/fmp-components.com\/wp-content\/uploads\/2025\/01\/90YY40-2CZ-JB150G12-1.webp 333w, https:\/\/fmp-components.com\/wp-content\/uploads\/2025\/01\/90YY40-2CZ-JB150G12-1-300x184.webp 300w, https:\/\/fmp-components.com\/wp-content\/uploads\/2025\/01\/90YY40-2CZ-JB150G12-1-18x12.webp 18w\" sizes=\"(max-width: 333px) 100vw, 333px\" \/><\/p>\n<table style=\"width: 100%;\" border=\"1\" width=\"100%\" cellspacing=\"0\" cellpadding=\"0\">\n<tbody>\n<tr>\n<th>T\u00ean s\u1ea3n ph\u1ea9m<\/th>\n<td>90YY40-2CZ\/JB150G12<\/td>\n<\/tr>\n<tr>\n<th>Lo\u1ea1i \u0111\u1ed9ng c\u01a1<\/th>\n<td>\u0110\u1ed9ng c\u01a1 c\u1ea3m \u1ee9ng m\u1ed9t pha, 4 c\u1ef1c, 40W<\/td>\n<\/tr>\n<tr>\n<th>Ngu\u1ed3n \u0111i\u1ec7n<\/th>\n<td>220V, 50Hz (c\u0169ng t\u01b0\u01a1ng th\u00edch v\u1edbi 230V, 110V ho\u1eb7c 100V)<\/td>\n<\/tr>\n<tr>\n<th>T\u00ednh n\u0103ng \u0111\u1ed9ng c\u01a1<\/th>\n<td><strong>Quy\u1ec1n l\u1ef1c:<\/strong> 40W<br \/>\n<strong>K\u00edch th\u01b0\u1edbc khung:<\/strong> 90<br \/>\n<strong>C\u00e1c t\u00ednh n\u0103ng b\u1ed5 sung:<\/strong> Ch\u1ee9c n\u0103ng gi\u1ea3m ch\u1ea5n c\u01a1 h\u1ecdc (Z)<br \/>\n<strong>B\u1ea3o v\u1ec7 nhi\u1ec7t:<\/strong> \u0110\u01b0\u1ee3c trang b\u1ecb b\u1ed9 b\u1ea3o v\u1ec7 nhi\u1ec7t (P)<\/td>\n<\/tr>\n<tr>\n<th>H\u1ed9p s\u1ed1<\/th>\n<td><strong>Ng\u01b0\u1eddi m\u1eabu:<\/strong> H\u1ed9p s\u1ed1 gi\u1ea3m t\u1ed1c tr\u1ee5c kh\u00f4ng t\u00e2m 90JB<br \/>\n<strong>Thi\u1ebft k\u1ebf:<\/strong> C\u1ea5u tr\u00fac t\u00edch ph\u00e2n<br \/>\n<strong>T\u1ef7 l\u1ec7 gi\u1ea3m:<\/strong> 1:150<br \/>\n<strong>V\u00f2ng bi:<\/strong> V\u00f2ng bi l\u0103n<br \/>\n<strong>\u0110\u01b0\u1eddng k\u00ednh tr\u1ee5c:<\/strong> 12mm<\/td>\n<\/tr>\n<\/tbody>\n<\/table>\n<p><img loading=\"lazy\" decoding=\"async\" class=\"alignnone size-full wp-image-3379\" src=\"https:\/\/fmp-components.com\/wp-content\/uploads\/2025\/01\/90YY40-2CZ-JB150G12-2.webp\" alt=\"90YY40-2CZ-JB150G12-2\" width=\"925\" height=\"774\" title=\"\" srcset=\"https:\/\/fmp-components.com\/wp-content\/uploads\/2025\/01\/90YY40-2CZ-JB150G12-2.webp 925w, https:\/\/fmp-components.com\/wp-content\/uploads\/2025\/01\/90YY40-2CZ-JB150G12-2-480x402.webp 480w\" sizes=\"(min-width: 0px) and (max-width: 480px) 480px, (min-width: 481px) 925px, 100vw\" \/><\/p>\n<h2>90YY60-2CF\/JB150G12<\/h2>\n<p><img loading=\"lazy\" decoding=\"async\" class=\"size-full wp-image-3384 aligncenter\" src=\"https:\/\/fmp-components.com\/wp-content\/uploads\/2025\/01\/90YY60-2CF-JB150G12.webp\" alt=\"90YY60-2CF-JB150G12\" width=\"331\" height=\"204\" title=\"\" srcset=\"https:\/\/fmp-components.com\/wp-content\/uploads\/2025\/01\/90YY60-2CF-JB150G12.webp 331w, https:\/\/fmp-components.com\/wp-content\/uploads\/2025\/01\/90YY60-2CF-JB150G12-300x185.webp 300w, https:\/\/fmp-components.com\/wp-content\/uploads\/2025\/01\/90YY60-2CF-JB150G12-18x12.webp 18w\" sizes=\"(max-width: 331px) 100vw, 331px\" \/><\/p>\n<table style=\"width: 100%;\" border=\"1\" width=\"100%\" cellspacing=\"0\" cellpadding=\"0\">\n<tbody>\n<tr>\n<th>T\u00ean s\u1ea3n ph\u1ea9m<\/th>\n<td>90YY60-2CF\/JB150G12<\/td>\n<\/tr>\n<tr>\n<th>Lo\u1ea1i \u0111\u1ed9ng c\u01a1<\/th>\n<td>\u0110\u1ed9ng c\u01a1 c\u1ea3m \u1ee9ng m\u1ed9t pha, 4 c\u1ef1c, 60W<\/td>\n<\/tr>\n<tr>\n<th>Ngu\u1ed3n \u0111i\u1ec7n<\/th>\n<td><strong>M\u1ed9t pha:<\/strong> 230V, 220V, 110V, 100V<br \/>\n<strong>Ba pha:<\/strong> 440V, 380V, 220V, 200V<\/td>\n<\/tr>\n<tr>\n<th>T\u00ednh n\u0103ng \u0111\u1ed9ng c\u01a1<\/th>\n<td><strong>Quy\u1ec1n l\u1ef1c:<\/strong> 60W<br \/>\n<strong>K\u00edch th\u01b0\u1edbc khung:<\/strong> 90<br \/>\n<strong>C\u00e1c t\u00ednh n\u0103ng b\u1ed5 sung:<\/strong> Qu\u1ea1t l\u00e0m m\u00e1t<br \/>\n<strong>B\u1ea3o v\u1ec7 nhi\u1ec7t:<\/strong> \u0110\u01b0\u1ee3c trang b\u1ecb b\u1ed9 b\u1ea3o v\u1ec7 nhi\u1ec7t (P)<\/td>\n<\/tr>\n<tr>\n<th>H\u1ed9p s\u1ed1<\/th>\n<td><strong>Ng\u01b0\u1eddi m\u1eabu:<\/strong> H\u1ed9p s\u1ed1 gi\u1ea3m t\u1ed1c tr\u1ee5c kh\u00f4ng t\u00e2m 90JB<br \/>\n<strong>Thi\u1ebft k\u1ebf:<\/strong> C\u1ea5u tr\u00fac t\u00edch ph\u00e2n<br \/>\n<strong>T\u1ef7 l\u1ec7 gi\u1ea3m:<\/strong> 1:150<br \/>\n<strong>V\u00f2ng bi:<\/strong> V\u00f2ng bi l\u0103n<br \/>\n<strong>\u0110\u01b0\u1eddng k\u00ednh tr\u1ee5c:<\/strong> 12mm<\/td>\n<\/tr>\n<tr>\n<th>Ch\u1ee9c n\u0103ng b\u1ed5 sung<\/th>\n<td>Ch\u1ee9c n\u0103ng gi\u1ea3m ch\u1ea5n c\u01a1 h\u1ecdc (Z)<\/td>\n<\/tr>\n<\/tbody>\n<\/table>\n<p><img loading=\"lazy\" decoding=\"async\" class=\"alignnone wp-image-3383\" src=\"https:\/\/fmp-components.com\/wp-content\/uploads\/2025\/01\/90YY60-2CF-JB150G12-1.webp\" alt=\"90YY60-2CF-JB150G12-1\" width=\"863\" height=\"748\" title=\"\" srcset=\"https:\/\/fmp-components.com\/wp-content\/uploads\/2025\/01\/90YY60-2CF-JB150G12-1.webp 863w, https:\/\/fmp-components.com\/wp-content\/uploads\/2025\/01\/90YY60-2CF-JB150G12-1-480x416.webp 480w\" sizes=\"(min-width: 0px) and (max-width: 480px) 480px, (min-width: 481px) 863px, 100vw\" \/><\/p>\n<h2>90YY90-2CF\/JB150G15<\/h2>\n<p><img loading=\"lazy\" decoding=\"async\" class=\"size-full wp-image-3385 aligncenter\" src=\"https:\/\/fmp-components.com\/wp-content\/uploads\/2025\/01\/90YY90-2CF-JB150G15.webp\" alt=\"90YY90-2CF-JB150G15\" width=\"306\" height=\"197\" title=\"\" srcset=\"https:\/\/fmp-components.com\/wp-content\/uploads\/2025\/01\/90YY90-2CF-JB150G15.webp 306w, https:\/\/fmp-components.com\/wp-content\/uploads\/2025\/01\/90YY90-2CF-JB150G15-300x193.webp 300w, https:\/\/fmp-components.com\/wp-content\/uploads\/2025\/01\/90YY90-2CF-JB150G15-18x12.webp 18w\" sizes=\"(max-width: 306px) 100vw, 306px\" \/><\/p>\n<table style=\"width: 100%;\" border=\"1\" width=\"100%\" cellspacing=\"0\" cellpadding=\"0\">\n<tbody>\n<tr>\n<th>T\u00ean s\u1ea3n ph\u1ea9m<\/th>\n<td>90YY90-2CF\/JB150G15<\/td>\n<\/tr>\n<tr>\n<th>Lo\u1ea1i \u0111\u1ed9ng c\u01a1<\/th>\n<td>\u0110\u1ed9ng c\u01a1 c\u1ea3m \u1ee9ng m\u1ed9t pha, 4 c\u1ef1c, 90W<\/td>\n<\/tr>\n<tr>\n<th>Ngu\u1ed3n \u0111i\u1ec7n<\/th>\n<td><strong>M\u1ed9t pha:<\/strong> 230V, 220V, 110V, 100V<br \/>\n<strong>Ba pha:<\/strong> 440V, 380V, 220V, 200V<\/td>\n<\/tr>\n<tr>\n<th>T\u00ednh n\u0103ng \u0111\u1ed9ng c\u01a1<\/th>\n<td><strong>Quy\u1ec1n l\u1ef1c:<\/strong> 90W<br \/>\n<strong>K\u00edch th\u01b0\u1edbc khung:<\/strong> 90<br \/>\n<strong>C\u00e1c t\u00ednh n\u0103ng b\u1ed5 sung:<\/strong> Qu\u1ea1t l\u00e0m m\u00e1t<br \/>\n<strong>B\u1ea3o v\u1ec7 nhi\u1ec7t:<\/strong> \u0110\u01b0\u1ee3c trang b\u1ecb b\u1ed9 b\u1ea3o v\u1ec7 nhi\u1ec7t (P)<\/td>\n<\/tr>\n<tr>\n<th>H\u1ed9p s\u1ed1<\/th>\n<td><strong>Ng\u01b0\u1eddi m\u1eabu:<\/strong> H\u1ed9p s\u1ed1 gi\u1ea3m t\u1ed1c tr\u1ee5c kh\u00f4ng t\u00e2m 90JB<br \/>\n<strong>Thi\u1ebft k\u1ebf:<\/strong> C\u1ea5u tr\u00fac t\u00edch ph\u00e2n<br \/>\n<strong>T\u1ef7 l\u1ec7 gi\u1ea3m:<\/strong> 1:150<br \/>\n<strong>V\u00f2ng bi:<\/strong> V\u00f2ng bi l\u0103n<br \/>\n<strong>\u0110\u01b0\u1eddng k\u00ednh tr\u1ee5c:<\/strong> 15mm<\/td>\n<\/tr>\n<tr>\n<th>Ch\u1ee9c n\u0103ng b\u1ed5 sung<\/th>\n<td>Ch\u1ee9c n\u0103ng gi\u1ea3m ch\u1ea5n c\u01a1 h\u1ecdc (Z)<\/td>\n<\/tr>\n<\/tbody>\n<\/table>\n<p><img loading=\"lazy\" decoding=\"async\" class=\"alignnone size-full wp-image-3386\" src=\"https:\/\/fmp-components.com\/wp-content\/uploads\/2025\/01\/90YY90-2CF-JB150G15-1.webp\" alt=\"90YY90-2CF-JB150G15-1\" width=\"919\" height=\"736\" title=\"\" srcset=\"https:\/\/fmp-components.com\/wp-content\/uploads\/2025\/01\/90YY90-2CF-JB150G15-1.webp 919w, https:\/\/fmp-components.com\/wp-content\/uploads\/2025\/01\/90YY90-2CF-JB150G15-1-480x384.webp 480w\" sizes=\"(min-width: 0px) and (max-width: 480px) 480px, (min-width: 481px) 919px, 100vw\" \/><\/p>\n<h2>60YN4-2CZ\/JB150G8<\/h2>\n<p><img loading=\"lazy\" decoding=\"async\" class=\"size-full wp-image-3381 aligncenter\" src=\"https:\/\/fmp-components.com\/wp-content\/uploads\/2025\/01\/60YN4-2CZ-JB150G8-1.webp\" alt=\"60YN4-2CZ-JB150G8-1\" width=\"344\" height=\"208\" title=\"\" srcset=\"https:\/\/fmp-components.com\/wp-content\/uploads\/2025\/01\/60YN4-2CZ-JB150G8-1.webp 344w, https:\/\/fmp-components.com\/wp-content\/uploads\/2025\/01\/60YN4-2CZ-JB150G8-1-300x181.webp 300w, https:\/\/fmp-components.com\/wp-content\/uploads\/2025\/01\/60YN4-2CZ-JB150G8-1-18x12.webp 18w\" sizes=\"(max-width: 344px) 100vw, 344px\" \/><\/p>\n<table style=\"width: 100%;\" border=\"1\" width=\"100%\" cellspacing=\"0\" cellpadding=\"0\">\n<tbody>\n<tr>\n<th>T\u00ean s\u1ea3n ph\u1ea9m<\/th>\n<td>60YN4-2CZ\/JB150G8<\/td>\n<\/tr>\n<tr>\n<th>Lo\u1ea1i \u0111\u1ed9ng c\u01a1<\/th>\n<td>\u0110\u1ed9ng c\u01a1 c\u1ea3m \u1ee9ng m\u1ed9t pha, 4 c\u1ef1c, 4W<\/td>\n<\/tr>\n<tr>\n<th>Ngu\u1ed3n \u0111i\u1ec7n<\/th>\n<td>220V, 50Hz (c\u0169ng t\u01b0\u01a1ng th\u00edch v\u1edbi 230V, 110V ho\u1eb7c 100V)<\/td>\n<\/tr>\n<tr>\n<th>T\u00ednh n\u0103ng \u0111\u1ed9ng c\u01a1<\/th>\n<td><strong>Quy\u1ec1n l\u1ef1c:<\/strong> 4W<br \/>\n<strong>K\u00edch th\u01b0\u1edbc khung:<\/strong> 60<br \/>\n<strong>C\u00e1c t\u00ednh n\u0103ng b\u1ed5 sung:<\/strong> Ch\u1ee9c n\u0103ng gi\u1ea3m ch\u1ea5n c\u01a1 h\u1ecdc (Z)<br \/>\n<strong>B\u1ea3o v\u1ec7 nhi\u1ec7t:<\/strong> \u0110\u01b0\u1ee3c trang b\u1ecb b\u1ed9 b\u1ea3o v\u1ec7 nhi\u1ec7t (P)<\/td>\n<\/tr>\n<tr>\n<th>H\u1ed9p s\u1ed1<\/th>\n<td><strong>Ng\u01b0\u1eddi m\u1eabu:<\/strong> H\u1ed9p s\u1ed1 gi\u1ea3m t\u1ed1c tr\u1ee5c kh\u00f4ng t\u00e2m 60JB<br \/>\n<strong>Thi\u1ebft k\u1ebf:<\/strong> C\u1ea5u tr\u00fac t\u00edch ph\u00e2n<br \/>\n<strong>T\u1ef7 l\u1ec7 gi\u1ea3m:<\/strong> 1:150<br \/>\n<strong>V\u00f2ng bi:<\/strong> V\u00f2ng bi l\u0103n<br \/>\n<strong>\u0110\u01b0\u1eddng k\u00ednh tr\u1ee5c:<\/strong> 8mm<\/td>\n<\/tr>\n<\/tbody>\n<\/table>\n<p><img loading=\"lazy\" decoding=\"async\" class=\"alignnone size-full wp-image-3382\" src=\"https:\/\/fmp-components.com\/wp-content\/uploads\/2025\/01\/60YN4-2CZ-JB150G8-2.webp\" alt=\"60YN4-2CZ-JB150G8-2\" width=\"935\" height=\"676\" title=\"\" srcset=\"https:\/\/fmp-components.com\/wp-content\/uploads\/2025\/01\/60YN4-2CZ-JB150G8-2.webp 935w, https:\/\/fmp-components.com\/wp-content\/uploads\/2025\/01\/60YN4-2CZ-JB150G8-2-480x347.webp 480w\" sizes=\"(min-width: 0px) and (max-width: 480px) 480px, (min-width: 481px) 935px, 100vw\" \/><\/p>\n<h2>60YN10-2CZ\/JB150G8<\/h2>\n<p><img loading=\"lazy\" decoding=\"async\" class=\"size-full wp-image-3388 aligncenter\" src=\"https:\/\/fmp-components.com\/wp-content\/uploads\/2025\/01\/60YN10-2CZ-JB150G8.webp\" alt=\"60YN10-2CZ-JB150G8\" width=\"335\" height=\"211\" title=\"\" srcset=\"https:\/\/fmp-components.com\/wp-content\/uploads\/2025\/01\/60YN10-2CZ-JB150G8.webp 335w, https:\/\/fmp-components.com\/wp-content\/uploads\/2025\/01\/60YN10-2CZ-JB150G8-300x189.webp 300w, https:\/\/fmp-components.com\/wp-content\/uploads\/2025\/01\/60YN10-2CZ-JB150G8-18x12.webp 18w\" sizes=\"(max-width: 335px) 100vw, 335px\" \/><\/p>\n<table style=\"width: 100%;\" border=\"1\" width=\"100%\" cellspacing=\"0\" cellpadding=\"0\">\n<tbody>\n<tr>\n<th>T\u00ean s\u1ea3n ph\u1ea9m<\/th>\n<td>60YN10-2CZ\/JB150G8<\/td>\n<\/tr>\n<tr>\n<th>Lo\u1ea1i \u0111\u1ed9ng c\u01a1<\/th>\n<td>\u0110\u1ed9ng c\u01a1 c\u1ea3m \u1ee9ng m\u1ed9t pha, 4 c\u1ef1c, 10W<\/td>\n<\/tr>\n<tr>\n<th>Ngu\u1ed3n \u0111i\u1ec7n<\/th>\n<td><strong>M\u1ed9t pha:<\/strong> 230V, 220V, 110V, 100V<\/td>\n<\/tr>\n<tr>\n<th>T\u00ednh n\u0103ng \u0111\u1ed9ng c\u01a1<\/th>\n<td><strong>Quy\u1ec1n l\u1ef1c:<\/strong> 10W<br \/>\n<strong>K\u00edch th\u01b0\u1edbc khung:<\/strong> 60<br \/>\n<strong>C\u00e1c t\u00ednh n\u0103ng b\u1ed5 sung:<\/strong> Gi\u1ea3m ch\u1ea5n c\u01a1 h\u1ecdc<br \/>\n<strong>B\u1ea3o v\u1ec7 nhi\u1ec7t:<\/strong> \u0110\u01b0\u1ee3c trang b\u1ecb b\u1ed9 b\u1ea3o v\u1ec7 nhi\u1ec7t (P)<\/td>\n<\/tr>\n<tr>\n<th>H\u1ed9p s\u1ed1<\/th>\n<td><strong>Ng\u01b0\u1eddi m\u1eabu:<\/strong> H\u1ed9p s\u1ed1 gi\u1ea3m t\u1ed1c tr\u1ee5c kh\u00f4ng t\u00e2m 60JB<br \/>\n<strong>Thi\u1ebft k\u1ebf:<\/strong> C\u1ea5u tr\u00fac t\u00edch ph\u00e2n<br \/>\n<strong>T\u1ef7 l\u1ec7 gi\u1ea3m:<\/strong> 1:150<br \/>\n<strong>V\u00f2ng bi:<\/strong> V\u00f2ng bi l\u0103n<br \/>\n<strong>\u0110\u01b0\u1eddng k\u00ednh tr\u1ee5c:<\/strong> 8mm<\/td>\n<\/tr>\n<tr>\n<th>Ch\u1ee9c n\u0103ng b\u1ed5 sung<\/th>\n<td>Ch\u1ee9c n\u0103ng gi\u1ea3m ch\u1ea5n c\u01a1 h\u1ecdc (Z)<\/td>\n<\/tr>\n<\/tbody>\n<\/table>\n<p><img loading=\"lazy\" decoding=\"async\" class=\"alignnone size-full wp-image-3387\" src=\"https:\/\/fmp-components.com\/wp-content\/uploads\/2025\/01\/60YN10-2CZ-JB150G8-1.webp\" alt=\"60YN10-2CZ-JB150G8-1\" width=\"920\" height=\"589\" title=\"\" srcset=\"https:\/\/fmp-components.com\/wp-content\/uploads\/2025\/01\/60YN10-2CZ-JB150G8-1.webp 920w, https:\/\/fmp-components.com\/wp-content\/uploads\/2025\/01\/60YN10-2CZ-JB150G8-1-480x307.webp 480w\" sizes=\"(min-width: 0px) and (max-width: 480px) 480px, (min-width: 481px) 920px, 100vw\" \/><\/p>","protected":false},"excerpt":{"rendered":"<p>60YN6-2CZ\/JB150G8 Product Name 60YN6-2CZ\/JB150G8 Motor Type Single-phase, 4-pole, 6W asynchronous motor Power Supply 220V, 50Hz (can also be used with 230V, 110V, or 100V) Motor Features Power: 6W Motor Housing: 60 frame size Additional Features: Mechanical damping function (Z) Thermal Protection: Equipped with a thermal protector (P) Gearbox Model: 60JB non-center shaft gear reduction gearbox [&hellip;]<\/p>","protected":false},"featured_media":3389,"comment_status":"open","ping_status":"closed","template":"","meta":{"_et_pb_use_builder":"","_et_pb_old_content":"","_et_gb_content_width":""},"product_brand":[],"product_cat":[85],"product_tag":[],"class_list":{"0":"post-3364","1":"product","2":"type-product","3":"status-publish","4":"has-post-thumbnail","6":"product_cat-dc-motors","8":"first","9":"instock","10":"shipping-taxable","11":"product-type-simple"},"_links":{"self":[{"href":"https:\/\/fmp-components.com\/vi\/wp-json\/wp\/v2\/product\/3364","targetHints":{"allow":["GET"]}}],"collection":[{"href":"https:\/\/fmp-components.com\/vi\/wp-json\/wp\/v2\/product"}],"about":[{"href":"https:\/\/fmp-components.com\/vi\/wp-json\/wp\/v2\/types\/product"}],"replies":[{"embeddable":true,"href":"https:\/\/fmp-components.com\/vi\/wp-json\/wp\/v2\/comments?post=3364"}],"wp:featuredmedia":[{"embeddable":true,"href":"https:\/\/fmp-components.com\/vi\/wp-json\/wp\/v2\/media\/3389"}],"wp:attachment":[{"href":"https:\/\/fmp-components.com\/vi\/wp-json\/wp\/v2\/media?parent=3364"}],"wp:term":[{"taxonomy":"product_brand","embeddable":true,"href":"https:\/\/fmp-components.com\/vi\/wp-json\/wp\/v2\/product_brand?post=3364"},{"taxonomy":"product_cat","embeddable":true,"href":"https:\/\/fmp-components.com\/vi\/wp-json\/wp\/v2\/product_cat?post=3364"},{"taxonomy":"product_tag","embeddable":true,"href":"https:\/\/fmp-components.com\/vi\/wp-json\/wp\/v2\/product_tag?post=3364"}],"curies":[{"name":"wp","href":"https:\/\/api.w.org\/{rel}","templated":true}]}}