{"id":3341,"date":"2025-01-07T01:06:38","date_gmt":"2025-01-07T01:06:38","guid":{"rendered":"https:\/\/fmp-components.com\/?page_id=8"},"modified":"2025-01-07T01:16:32","modified_gmt":"2025-01-07T01:16:32","slug":"plastic-gearbox-motor-tgp02d-a130-for-toy-robot-remote-control-toy-cars","status":"publish","type":"product","link":"https:\/\/fmp-components.com\/vi\/product\/plastic-gearbox-motor-tgp02d-a130-for-toy-robot-remote-control-toy-cars\/","title":{"rendered":"\u0110\u1ed9ng c\u01a1 h\u1ed9p s\u1ed1 nh\u1ef1a TGP02D-A130 cho xe \u00f4 t\u00f4 \u0111\u1ed3 ch\u01a1i \u0111i\u1ec1u khi\u1ec3n t\u1eeb xa"},"content":{"rendered":"<h2>Nh\u00e2n v\u1eadt:<\/h2>\n<p>1. Tr\u1ee5c \u0111\u00f4i. K\u00edch th\u01b0\u1edbc nh\u1ecf 42,2mm*45,5mm*23mm<br \/>\n2. \u0110\u1ed9ng c\u01a1 b\u00e1nh r\u0103ng nh\u1ef1a DC c\u00f3 t\u1ed1c \u0111\u1ed9 th\u1ea5p v\u00e0 m\u00f4-men xo\u1eafn l\u1edbn<br \/>\n3. Th\u00edch h\u1ee3p cho \u1ee9ng d\u1ee5ng \u0111\u01b0\u1eddng k\u00ednh nh\u1ecf, ti\u1ebfng \u1ed3n th\u1ea5p v\u00e0 m\u00f4-men xo\u1eafn l\u1edbn<br \/>\n4. T\u1ef7 l\u1ec7 gi\u1ea3m: 48\u3001120\u3001180\u3001220\u3001288<\/p>\n<p><img loading=\"lazy\" decoding=\"async\" class=\"alignnone wp-image-3349\" src=\"https:\/\/fmp-components.com\/wp-content\/uploads\/2025\/01\/fmp_3.TGP010-A130-2.webp\" alt=\"fmp_3.TGP010-A130-2\" width=\"909\" height=\"423\" title=\"\" srcset=\"https:\/\/fmp-components.com\/wp-content\/uploads\/2025\/01\/fmp_3.TGP010-A130-2.webp 909w, https:\/\/fmp-components.com\/wp-content\/uploads\/2025\/01\/fmp_3.TGP010-A130-2-480x223.webp 480w\" sizes=\"(min-width: 0px) and (max-width: 480px) 480px, (min-width: 481px) 909px, 100vw\" \/><\/p>\n<h2>D\u1eef li\u1ec7u k\u1ef9 thu\u1eadt \u0111\u1ed9ng c\u01a1 DC mini<\/h2>\n<table style=\"width: 98.042%; height: 144px;\" border=\"1\">\n<tbody>\n<tr>\n<td style=\"width: 21.3647%;\">S\u1ed1 m\u00f4 h\u00ecnh \u0111\u1ed9ng c\u01a1<\/td>\n<td style=\"width: 15.8837%;\">\u0110i\u1ec7n \u00e1p \u0111\u1ecbnh m\u1ee9c<br \/>\nVDC<\/td>\n<td style=\"width: 16.6667%;\">T\u1ed1c \u0111\u1ed9 kh\u00f4ng t\u1ea3i<br \/>\nv\u00f2ng\/ph\u00fat<\/td>\n<td style=\"width: 17.6734%;\">D\u00f2ng \u0111i\u1ec7n kh\u00f4ng t\u1ea3i<br \/>\nmA<\/td>\n<td style=\"width: 13.0872%;\">M\u00f4-men xo\u1eafn d\u1eebng<br \/>\ng.cm<\/td>\n<td style=\"width: 15.3244%;\">D\u00f2ng \u0111i\u1ec7n d\u1eebng<br \/>\nM\u1ed8T<\/td>\n<\/tr>\n<tr>\n<td style=\"width: 21.3647%;\">TFE-130RA-12215<\/td>\n<td style=\"width: 15.8837%;\">6.0<\/td>\n<td style=\"width: 16.6667%;\">11500<\/td>\n<td style=\"width: 17.6734%;\">120<\/td>\n<td style=\"width: 13.0872%;\">20<\/td>\n<td style=\"width: 15.3244%;\">0.85<\/td>\n<\/tr>\n<tr>\n<td style=\"width: 21.3647%;\">TFE-130RA-14175<\/td>\n<td style=\"width: 15.8837%;\">3.0<\/td>\n<td style=\"width: 16.6667%;\">8000<\/td>\n<td style=\"width: 17.6734%;\">120<\/td>\n<td style=\"width: 13.0872%;\">13<\/td>\n<td style=\"width: 15.3244%;\">0.70<\/td>\n<\/tr>\n<tr>\n<td style=\"width: 21.3647%;\">TFE-130RA-18100<\/td>\n<td style=\"width: 15.8837%;\">3.0<\/td>\n<td style=\"width: 16.6667%;\">11500<\/td>\n<td style=\"width: 17.6734%;\">250<\/td>\n<td style=\"width: 13.0872%;\">20<\/td>\n<td style=\"width: 15.3244%;\">1.80<\/td>\n<\/tr>\n<\/tbody>\n<\/table>\n<h2>D\u1eef li\u1ec7u k\u1ef9 thu\u1eadt \u0111\u1ed9ng c\u01a1 b\u00e1nh r\u0103ng<\/h2>\n<table style=\"width: 98.042%; height: 120px;\" border=\"1\">\n<tbody>\n<tr style=\"height: 30px;\">\n<th style=\"height: 30px; width: 32.774%; text-align: left;\">M\u00f4 h\u00ecnh h\u1ed9p s\u1ed1<\/th>\n<td style=\"height: 30px; width: 68.0089%;\">TGP01D-A130-12215-XXX<\/td>\n<\/tr>\n<tr style=\"height: 30px;\">\n<th style=\"height: 30px; width: 32.774%; text-align: left;\">T\u1ef7 l\u1ec7 gi\u1ea3m<\/th>\n<td style=\"height: 30px; width: 68.0089%;\">48, 120, 180, 220, 288<\/td>\n<\/tr>\n<tr style=\"height: 30px;\">\n<th style=\"height: 30px; width: 32.774%; text-align: left;\">T\u1ed1c \u0111\u1ed9 kh\u00f4ng t\u1ea3i (v\u00f2ng\/ph\u00fat)<\/th>\n<td style=\"height: 30px; width: 68.0089%;\">230, 90, 60, 50, 38<\/td>\n<\/tr>\n<tr style=\"height: 30px;\">\n<th style=\"height: 30px; width: 32.774%; text-align: left;\">M\u00f4-men xo\u1eafn dung sai t\u1ee9c th\u1eddi t\u1ed1i \u0111a (kg.cm)<\/th>\n<td style=\"height: 30px; width: 68.0089%;\">0.7, 1.4, 2.0, 2.2, 2.8<\/td>\n<\/tr>\n<\/tbody>\n<\/table>\n<h2>H\u1ed9p s\u1ed1 c\u00f3 \u0111\u1ed9ng c\u01a1<\/h2>\n<table style=\"width: 98.7983%; height: 96px;\" border=\"1\">\n<tbody>\n<tr style=\"height: 24px;\">\n<th style=\"height: 24px; text-align: left; width: 38.4787%;\">M\u00f4 h\u00ecnh h\u1ed9p s\u1ed1<\/th>\n<td style=\"height: 24px; width: 63.0872%;\">TGP01D-A130-14175-XXX<\/td>\n<\/tr>\n<tr style=\"height: 24px;\">\n<th style=\"height: 24px; text-align: left; width: 38.4787%;\">T\u1ef7 l\u1ec7 gi\u1ea3m<\/th>\n<td style=\"height: 24px; width: 63.0872%;\">48, 120, 180, 220, 288<\/td>\n<\/tr>\n<tr style=\"height: 24px;\">\n<th style=\"height: 24px; text-align: left; width: 38.4787%;\">T\u1ed1c \u0111\u1ed9 kh\u00f4ng t\u1ea3i (v\u00f2ng\/ph\u00fat)<\/th>\n<td style=\"height: 24px; width: 63.0872%;\">150, 60, 40, 33, 25<\/td>\n<\/tr>\n<tr style=\"height: 24px;\">\n<th style=\"height: 24px; text-align: left; width: 38.4787%;\">M\u00f4-men xo\u1eafn dung sai t\u1ee9c th\u1eddi t\u1ed1i \u0111a (kg.cm)<\/th>\n<td style=\"height: 24px; width: 63.0872%;\">0.5, 0.9, 1.2, 1.4, 1.8<\/td>\n<\/tr>\n<\/tbody>\n<\/table>\n<table style=\"color: #666666; font-size: 14px; width: 98.9666%; height: 142px;\" border=\"1\">\n<tbody>\n<tr style=\"height: 24px;\">\n<th style=\"text-align: left; width: 38.5906%; height: 24px;\">M\u00f4 h\u00ecnh h\u1ed9p s\u1ed1<\/th>\n<td style=\"width: 61.8421%; height: 24px;\">TGP01D-A130-18100-XXX<\/td>\n<\/tr>\n<tr style=\"height: 24px;\">\n<th style=\"text-align: left; width: 38.5906%; height: 24px;\">T\u1ef7 l\u1ec7 gi\u1ea3m<\/th>\n<td style=\"width: 61.8421%; height: 24px;\">48, 120, 180, 220, 288<\/td>\n<\/tr>\n<tr style=\"height: 24px;\">\n<th style=\"text-align: left; width: 38.5906%; height: 24px;\">T\u1ed1c \u0111\u1ed9 kh\u00f4ng t\u1ea3i (v\u00f2ng\/ph\u00fat)<\/th>\n<td style=\"width: 61.8421%; height: 24px;\">230, 90, 60, 50, 38<\/td>\n<\/tr>\n<tr style=\"height: 24px;\">\n<th style=\"text-align: left; width: 38.5906%; height: 24px;\">M\u00f4-men xo\u1eafn dung sai t\u1ee9c th\u1eddi t\u1ed1i \u0111a (kg.cm)<\/th>\n<td style=\"width: 61.8421%; height: 24px;\">0.7, 1.4, 2.0, 2.2, 2.8<\/td>\n<\/tr>\n<\/tbody>\n<\/table>\n<p>&nbsp;<\/p>\n<table border=\"1\" width=\"100%\" cellspacing=\"0\" cellpadding=\"0\">\n<tbody>\n<tr>\n<td colspan=\"2\" rowspan=\"3\" width=\"131\" height=\"65\" data-spm-anchor-id=\"a2700.details.0.i21.659d3e61kGVPBR\">NG\u01af\u1edcI M\u1eaaU<\/td>\n<td rowspan=\"3\" width=\"75\">T\u1ef6 L\u1ec6 GI\u1ea2M GI\u00c1<\/td>\n<td colspan=\"2\" width=\"133\">\u0110I\u1ec6N \u00c1P<\/td>\n<td colspan=\"2\" width=\"117\">KH\u00d4NG T\u1ea2I<\/td>\n<td colspan=\"4\" width=\"228\">HI\u1ec6U QU\u1ea2 T\u1ed0I \u0110A<\/td>\n<td colspan=\"2\" width=\"118\">QU\u1ea6Y H\u00c0NG<\/td>\n<\/tr>\n<tr>\n<td rowspan=\"2\" width=\"75\">PH\u1ea0M VI HO\u1ea0T \u0110\u1ed8NG<\/td>\n<td width=\"58\">DANH NGH\u0128A<\/td>\n<td width=\"55\">T\u1ed0C \u0110\u1ed8<\/td>\n<td width=\"62\">HI\u1ec6N H\u00c0NH<\/td>\n<td width=\"55\">T\u1ed0C \u0110\u1ed8<\/td>\n<td width=\"62\">HI\u1ec6N H\u00c0NH<\/td>\n<td width=\"56\">M\u00d4-MEN XO\u1eaeN<\/td>\n<td width=\"55\">\u0110\u1ea6U RA<\/td>\n<td width=\"56\">M\u00d4-MEN XO\u1eaeN<\/td>\n<td width=\"62\">HI\u1ec6N H\u00c0NH<\/td>\n<\/tr>\n<tr>\n<td width=\"58\">V<\/td>\n<td width=\"55\">v\u00f2ng\/ph\u00fat<\/td>\n<td width=\"62\">M\u1ed8T<\/td>\n<td width=\"55\">v\u00f2ng\/ph\u00fat<\/td>\n<td width=\"62\">M\u1ed8T<\/td>\n<td width=\"56\">kg.cm<\/td>\n<td width=\"55\">W<\/td>\n<td width=\"56\">kg.cm<\/td>\n<td width=\"62\">M\u1ed8T<\/td>\n<\/tr>\n<tr>\n<td colspan=\"2\" width=\"131\" height=\"24\">T130-02-06500<\/td>\n<td width=\"75\">48\/1<\/td>\n<td width=\"75\">3.0~7.0<\/td>\n<td width=\"58\">6.0<\/td>\n<td width=\"55\">500<\/td>\n<td width=\"62\">0.21<\/td>\n<td width=\"55\">416<\/td>\n<td width=\"62\">1.04<\/td>\n<td width=\"56\">0.4<\/td>\n<td width=\"55\">1.71<\/td>\n<td width=\"56\">2.4<\/td>\n<td width=\"62\">5.2<\/td>\n<\/tr>\n<tr>\n<td colspan=\"2\" width=\"131\" height=\"24\">T130-02-06200<\/td>\n<td width=\"75\">120\/1<\/td>\n<td width=\"75\">3.0~7.0<\/td>\n<td width=\"58\">6.0<\/td>\n<td width=\"55\">200<\/td>\n<td width=\"62\">0.21<\/td>\n<td width=\"55\">415<\/td>\n<td width=\"62\">1.06<\/td>\n<td width=\"56\">1.0<\/td>\n<td width=\"55\">4.26<\/td>\n<td width=\"56\">5.9<\/td>\n<td width=\"62\">5.2<\/td>\n<\/tr>\n<tr>\n<td colspan=\"2\" width=\"131\" height=\"24\">T130-02-09175<\/td>\n<td width=\"75\">48\/1<\/td>\n<td width=\"75\">3.0~10.0<\/td>\n<td width=\"58\">9.0<\/td>\n<td width=\"55\">175<\/td>\n<td width=\"62\">0.09<\/td>\n<td width=\"55\">133<\/td>\n<td width=\"62\">0.17<\/td>\n<td width=\"56\">0.3<\/td>\n<td width=\"55\">0.41<\/td>\n<td width=\"56\">1.3<\/td>\n<td width=\"62\">0.55<\/td>\n<\/tr>\n<tr>\n<td colspan=\"2\" width=\"131\" height=\"24\">T130-02-0938<\/td>\n<td width=\"75\">220\/1<\/td>\n<td width=\"75\">3.0~10.0<\/td>\n<td width=\"58\">9.0<\/td>\n<td width=\"55\">38<\/td>\n<td width=\"62\">0.09<\/td>\n<td width=\"55\">31<\/td>\n<td width=\"62\">0.14<\/td>\n<td width=\"56\">1.0<\/td>\n<td width=\"55\">0.32<\/td>\n<td width=\"56\">5.8<\/td>\n<td width=\"62\">0.55<\/td>\n<\/tr>\n<tr>\n<td colspan=\"2\" width=\"131\" height=\"24\">T130-02-1260<\/td>\n<td width=\"75\">220\/1<\/td>\n<td width=\"75\">3.0~13.0<\/td>\n<td width=\"58\">12.0<\/td>\n<td width=\"55\">60<\/td>\n<td width=\"62\">0.05<\/td>\n<td width=\"55\">48<\/td>\n<td width=\"62\">0.2<\/td>\n<td width=\"56\">1.5<\/td>\n<td width=\"55\">0.74<\/td>\n<td width=\"56\">5.8<\/td>\n<td width=\"62\">0.85<\/td>\n<\/tr>\n<\/tbody>\n<\/table>\n<h2>H\u1ed9p s\u1ed1 Plasstic kh\u00e1c c\u1ed9ng v\u1edbi \u0111\u1ed9ng c\u01a1 DC A130<\/h2>\n<table style=\"width: 100%; height: 71px;\" border=\"1\" width=\"100%\" cellspacing=\"0\" cellpadding=\"0\">\n<tbody>\n<tr style=\"height: 13.8pt;\">\n<td style=\"height: 13px; width: 49.892%;\" align=\"right\" width=\"64\" height=\"18\"><img loading=\"lazy\" decoding=\"async\" class=\"alignnone size-full wp-image-3344\" src=\"https:\/\/fmp-components.com\/wp-content\/uploads\/2025\/01\/fmp_1.TGP010-A130-1-1.webp\" alt=\"fmp_1.TGP010-A130-1-1\" width=\"600\" height=\"600\" title=\"\" srcset=\"https:\/\/fmp-components.com\/wp-content\/uploads\/2025\/01\/fmp_1.TGP010-A130-1-1.webp 600w, https:\/\/fmp-components.com\/wp-content\/uploads\/2025\/01\/fmp_1.TGP010-A130-1-1-480x480.webp 480w\" sizes=\"(min-width: 0px) and (max-width: 480px) 480px, (min-width: 481px) 600px, 100vw\" \/><\/td>\n<td style=\"width: 49.892%; height: 13px;\" align=\"right\" width=\"64\"><img loading=\"lazy\" decoding=\"async\" class=\"alignnone size-full wp-image-3345\" src=\"https:\/\/fmp-components.com\/wp-content\/uploads\/2025\/01\/fmp_2.TGP010-A130-1-1.webp\" alt=\"fmp_2.TGP010-A130-1-1\" width=\"600\" height=\"600\" title=\"\" srcset=\"https:\/\/fmp-components.com\/wp-content\/uploads\/2025\/01\/fmp_2.TGP010-A130-1-1.webp 600w, https:\/\/fmp-components.com\/wp-content\/uploads\/2025\/01\/fmp_2.TGP010-A130-1-1-480x480.webp 480w\" sizes=\"(min-width: 0px) and (max-width: 480px) 480px, (min-width: 481px) 600px, 100vw\" \/><\/td>\n<\/tr>\n<tr style=\"height: 22px;\">\n<td style=\"height: 22px; text-align: center;\"><strong>TGP01D-A130<\/strong><\/td>\n<td style=\"height: 22px; text-align: center;\"><strong>TGP01S-A130<\/strong><\/td>\n<\/tr>\n<tr style=\"height: 13.8pt;\">\n<td style=\"height: 13px; width: 49.892%;\" align=\"right\" height=\"18\"><img loading=\"lazy\" decoding=\"async\" class=\"alignnone size-full wp-image-3346\" src=\"https:\/\/fmp-components.com\/wp-content\/uploads\/2025\/01\/fmp_3.TGP010-A130-1.webp\" alt=\"fmp_3.TGP010-A130-1\" width=\"600\" height=\"600\" title=\"\" srcset=\"https:\/\/fmp-components.com\/wp-content\/uploads\/2025\/01\/fmp_3.TGP010-A130-1.webp 600w, https:\/\/fmp-components.com\/wp-content\/uploads\/2025\/01\/fmp_3.TGP010-A130-1-480x480.webp 480w\" sizes=\"(min-width: 0px) and (max-width: 480px) 480px, (min-width: 481px) 600px, 100vw\" \/><\/td>\n<td style=\"width: 49.892%; height: 13px;\" align=\"right\"><img loading=\"lazy\" decoding=\"async\" class=\"alignnone size-full wp-image-3347\" src=\"https:\/\/fmp-components.com\/wp-content\/uploads\/2025\/01\/fmp_4.TGP010-A130-1.webp\" alt=\"fmp_4.TGP010-A130-1\" width=\"600\" height=\"600\" title=\"\" srcset=\"https:\/\/fmp-components.com\/wp-content\/uploads\/2025\/01\/fmp_4.TGP010-A130-1.webp 600w, https:\/\/fmp-components.com\/wp-content\/uploads\/2025\/01\/fmp_4.TGP010-A130-1-480x480.webp 480w\" sizes=\"(min-width: 0px) and (max-width: 480px) 480px, (min-width: 481px) 600px, 100vw\" \/><\/td>\n<\/tr>\n<tr style=\"height: 23px;\">\n<td style=\"height: 23px; text-align: center;\"><strong>TGP02D-A130<\/strong><\/td>\n<td style=\"height: 23px; text-align: center;\"><strong>TGP02S-A130<\/strong><\/td>\n<\/tr>\n<\/tbody>\n<\/table>\n<h2>\u1ee8ng d\u1ee5ng:<\/h2>\n<table style=\"width: 100%;\" border=\"1\" width=\"100%\" cellspacing=\"0\" cellpadding=\"0\">\n<tbody>\n<tr>\n<th>C\u00e1c l\u0129nh v\u1ef1c \u1ee9ng d\u1ee5ng<\/th>\n<td><strong>M\u00e1y kinh doanh:<\/strong> ATM, M\u00e1y photocopy v\u00e0 M\u00e1y qu\u00e9t, X\u1eed l\u00fd ti\u1ec1n t\u1ec7, \u0110i\u1ec3m b\u00e1n h\u00e0ng, M\u00e1y in, M\u00e1y b\u00e1n h\u00e0ng t\u1ef1 \u0111\u1ed9ng.<br \/>\n<strong>Th\u1ef1c ph\u1ea9m v\u00e0 \u0111\u1ed3 u\u1ed1ng:<\/strong> M\u00e1y pha ch\u1ebf \u0111\u1ed3 u\u1ed1ng, M\u00e1y xay c\u1ea7m tay, M\u00e1y xay sinh t\u1ed1, M\u00e1y tr\u1ed9n, M\u00e1y pha c\u00e0 ph\u00ea, M\u00e1y ch\u1ebf bi\u1ebfn th\u1ef1c ph\u1ea9m, M\u00e1y \u00e9p tr\u00e1i c\u00e2y, M\u00e1y chi\u00ean, M\u00e1y l\u00e0m \u0111\u00e1, M\u00e1y l\u00e0m s\u1eefa \u0111\u1eadu n\u00e0nh.<br \/>\n<strong>M\u00e1y \u1ea3nh v\u00e0 quang h\u1ecdc:<\/strong> Video, M\u00e1y quay, M\u00e1y chi\u1ebfu.<br \/>\n<strong>D\u1ee5ng c\u1ee5 \u0111i\u1ec7n:<\/strong> M\u00e1y khoan v\u00e0 m\u00e1y v\u1eb7n v\u00edt, m\u00e1y ch\u00e0 nh\u00e1m, m\u00e1y m\u00e0i, m\u00e1y \u0111\u00e1nh b\u00f3ng, m\u00e1y c\u01b0a.<br \/>\n<strong>S\u00e2n c\u1ecf v\u00e0 V\u01b0\u1eddn:<\/strong> M\u00e1y c\u1eaft c\u1ecf, m\u00e1y th\u1ed5i tuy\u1ebft, m\u00e1y c\u1eaft t\u1ec9a, m\u00e1y th\u1ed5i l\u00e1.<\/td>\n<\/tr>\n<\/tbody>\n<\/table>\n<h2 data-pm-slice=\"0 0 []\">\u0110\u1eb7c \u0111i\u1ec3m c\u1ee7a \u0110\u1ed9ng c\u01a1 h\u1ed9p s\u1ed1 nh\u1ef1a TGP02D-A130<\/h2>\n<p>TGP02D-A130 l\u00e0 \u0111\u1ed9ng c\u01a1 h\u1ed9p s\u1ed1 nh\u1ef1a hi\u1ec7u su\u1ea5t cao, mang \u0111\u1ebfn gi\u1ea3i ph\u00e1p linh ho\u1ea1t v\u00e0 \u0111\u00e1ng tin c\u1eady cho nhi\u1ec1u \u1ee9ng d\u1ee5ng. \u0110\u1ed9ng c\u01a1 n\u00e0y k\u1ebft h\u1ee3p h\u1ed9p s\u1ed1 nh\u1ef1a b\u1ec1n b\u1ec9 v\u1edbi \u0111\u1ed9ng c\u01a1 DC hi\u1ec7u su\u1ea5t cao, l\u00fd t\u01b0\u1edfng cho c\u00e1c y\u00eau c\u1ea7u m\u00f4-men xo\u1eafn t\u1eeb th\u1ea5p \u0111\u1ebfn trung b\u00ecnh. D\u01b0\u1edbi \u0111\u00e2y l\u00e0 c\u00e1c t\u00ednh n\u0103ng ch\u00ednh c\u1ee7a TGP02D-A130:<\/p>\n<ol>\n<li><strong>Thi\u1ebft k\u1ebf nh\u1ecf g\u1ecdn<\/strong>: \u0110\u1ed9ng c\u01a1 h\u1ed9p s\u1ed1 b\u1eb1ng nh\u1ef1a c\u00f3 k\u00edch th\u01b0\u1edbc nh\u1ecf g\u1ecdn, cho ph\u00e9p d\u1ec5 d\u00e0ng t\u00edch h\u1ee3p v\u00e0o c\u00e1c \u1ee9ng d\u1ee5ng c\u00f3 kh\u00f4ng gian h\u1ea1n ch\u1ebf m\u00e0 kh\u00f4ng \u1ea3nh h\u01b0\u1edfng \u0111\u1ebfn c\u00f4ng su\u1ea5t \u0111\u1ea7u ra.<\/li>\n<li><strong>Hi\u1ec7u su\u1ea5t hi\u1ec7u qu\u1ea3<\/strong>:\u0110\u01b0\u1ee3c trang b\u1ecb \u0111\u1ed9ng c\u01a1 DC m\u1ea1nh m\u1ebd, TGP02D-A130 mang l\u1ea1i hi\u1ec7u su\u1ea5t m\u01b0\u1ee3t m\u00e0 v\u00e0 hi\u1ec7u qu\u1ea3, cung c\u1ea5p m\u00f4-men xo\u1eafn v\u00e0 t\u1ed1c \u0111\u1ed9 \u1ed5n \u0111\u1ecbnh ph\u00f9 h\u1ee3p v\u1edbi nhi\u1ec1u m\u1ee5c \u0111\u00edch s\u1eed d\u1ee5ng kh\u00e1c nhau.<\/li>\n<li><strong>H\u1ed9p s\u1ed1 nh\u1ef1a b\u1ec1n<\/strong>:\u0110\u1ed9ng c\u01a1 \u0111\u01b0\u1ee3c k\u1ebft h\u1ee3p v\u1edbi h\u1ed9p s\u1ed1 nh\u1ef1a b\u1ec1n, \u0111\u1ea3m b\u1ea3o hi\u1ec7u su\u1ea5t l\u00e2u d\u00e0i v\u00e0 gi\u1ea3m t\u1ed5ng tr\u1ecdng l\u01b0\u1ee3ng c\u1ee7a c\u1ee5m l\u1eafp r\u00e1p, \u0111\u1eb7c bi\u1ec7t c\u00f3 l\u1ee3i cho c\u00e1c \u1ee9ng d\u1ee5ng nh\u1eb9.<\/li>\n<li><strong>Ho\u1ea1t \u0111\u1ed9ng \u00edt ti\u1ebfng \u1ed3n<\/strong>: \u0110\u01b0\u1ee3c thi\u1ebft k\u1ebf \u0111\u1ec3 ho\u1ea1t \u0111\u1ed9ng \u00eam \u00e1i, TGP02D-A130 l\u00fd t\u01b0\u1edfng cho c\u00e1c \u1ee9ng d\u1ee5ng \u0111\u00f2i h\u1ecfi kh\u1ea3 n\u0103ng gi\u1ea3m ti\u1ebfng \u1ed3n quan tr\u1ecdng, ch\u1eb3ng h\u1ea1n nh\u01b0 trong c\u00e1c thi\u1ebft b\u1ecb gia d\u1ee5ng v\u00e0 \u0111\u1ed3 ch\u01a1i.<\/li>\n<li><strong>T\u00ednh linh ho\u1ea1t<\/strong>:\u0110\u1ed9ng c\u01a1 n\u00e0y r\u1ea5t linh ho\u1ea1t v\u00e0 c\u00f3 th\u1ec3 \u0111\u01b0\u1ee3c s\u1eed d\u1ee5ng trong nhi\u1ec1u lo\u1ea1i thi\u1ebft b\u1ecb, bao g\u1ed3m h\u1ec7 th\u1ed1ng r\u00f4-b\u1ed1t, m\u00f4 h\u00ecnh, m\u00e1y m\u00f3c nh\u1ecf v\u00e0 c\u00e1c thi\u1ebft b\u1ecb kh\u00e1c y\u00eau c\u1ea7u \u0111i\u1ec1u khi\u1ec3n chuy\u1ec3n \u0111\u1ed9ng ch\u00ednh x\u00e1c.<\/li>\n<\/ol>\n<p>T\u00f3m l\u1ea1i, \u0111\u1ed9ng c\u01a1 h\u1ed9p s\u1ed1 nh\u1ef1a TGP02D-A130 l\u00e0 gi\u1ea3i ph\u00e1p \u0111\u00e1ng tin c\u1eady, ti\u1ebft ki\u1ec7m chi ph\u00ed v\u00e0 hi\u1ec7u qu\u1ea3 cho nhi\u1ec1u \u1ee9ng d\u1ee5ng c\u00f4ng su\u1ea5t t\u1eeb \u200b\u200bth\u1ea5p \u0111\u1ebfn trung b\u00ecnh. S\u1ea3n ph\u1ea9m k\u1ebft h\u1ee3p s\u1ee9c m\u1ea1nh c\u1ee7a h\u1ed9p s\u1ed1 nh\u1ef1a v\u1edbi \u0111\u1ed9 ch\u00ednh x\u00e1c c\u1ee7a \u0111\u1ed9ng c\u01a1 DC, mang l\u1ea1i hi\u1ec7u su\u1ea5t cao trong m\u1ed9t thi\u1ebft k\u1ebf nh\u1ecf g\u1ecdn, linh ho\u1ea1t.<\/p>\n<h2>Gi\u1edbi thi\u1ec7u v\u1ec1 FMP<\/h2>\n<p>FMP l\u00e0 nh\u00e0 s\u1ea3n xu\u1ea5t h\u00e0ng \u0111\u1ea7u, n\u1ed5i ti\u1ebfng v\u1edbi chuy\u00ean m\u00f4n trong thi\u1ebft k\u1ebf, ph\u00e1t tri\u1ec3n v\u00e0 s\u1ea3n xu\u1ea5t h\u1ed9p s\u1ed1, xi lanh th\u1ee7y l\u1ef1c, \u0111\u1ed9ng c\u01a1, tr\u1ee5c PTO, \u0111\u1ed9ng c\u01a1 vi m\u00f4 c\u00f3 \u0111\u1ed9 ch\u00ednh x\u00e1c cao v\u00e0 nhi\u1ec1u linh ki\u1ec7n thi\u1ebft y\u1ebfu kh\u00e1c. Nh\u1edd s\u1ef1 t\u1eadn t\u00e2m v\u00e0 chuy\u00ean m\u00f4n cao c\u1ee7a \u0111\u1ed9i ng\u0169 l\u00e0nh ngh\u1ec1, ch\u00fang t\u00f4i \u0111\u00e3 kh\u1eb3ng \u0111\u1ecbnh v\u1ecb th\u1ebf l\u00e0 m\u1ed9t c\u00f4ng ty h\u00e0ng \u0111\u1ea7u trong ng\u00e0nh. S\u1ea3n ph\u1ea9m c\u1ee7a ch\u00fang t\u00f4i \u0111\u01b0\u1ee3c ph\u00e2n ph\u1ed1i tr\u00ean kh\u1eafp Ch\u00e2u \u00c2u, B\u1eafc M\u1ef9, \u0110\u00f4ng Nam \u00c1 v\u00e0 c\u00e1c th\u1ecb tr\u01b0\u1eddng to\u00e0n c\u1ea7u quan tr\u1ecdng kh\u00e1c, n\u01a1i ch\u00fang t\u00f4i \u0111\u00e3 t\u1ea1o d\u1ef1ng \u0111\u01b0\u1ee3c danh ti\u1ebfng xu\u1ea5t s\u1eafc v\u1ec1 ch\u1ea5t l\u01b0\u1ee3ng, \u0111\u1ed9 tin c\u1eady v\u00e0 hi\u1ec7u su\u1ea5t.<\/p>\n<p>T\u1ea1i FMP, ch\u00fang t\u00f4i \u0111\u01b0\u1ee3c trang b\u1ecb c\u01a1 s\u1edf s\u1ea3n xu\u1ea5t ti\u00ean ti\u1ebfn, bao g\u1ed3m x\u01b0\u1edfng s\u1ea3n xu\u1ea5t r\u1ed9ng r\u00e3i, kh\u00f4ng gian v\u0103n ph\u00f2ng hi\u1ec7n \u0111\u1ea1i v\u00e0 khu v\u1ef1c sinh ho\u1ea1t cho nh\u00e2n vi\u00ean. Thi\u1ebft b\u1ecb R&amp;D, s\u1ea3n xu\u1ea5t v\u00e0 th\u1eed nghi\u1ec7m hi\u1ec7n \u0111\u1ea1i cho ph\u00e9p ch\u00fang t\u00f4i cung c\u1ea5p c\u00e1c gi\u1ea3i ph\u00e1p chuy\u00ean bi\u1ec7t, t\u00f9y ch\u1ec9nh cao cho kh\u00e1ch h\u00e0ng. V\u1edbi n\u0103ng l\u1ef1c k\u1ef9 thu\u1eadt m\u1ea1nh m\u1ebd, quy tr\u00ecnh s\u1ea3n xu\u1ea5t hi\u1ec7u qu\u1ea3 v\u00e0 h\u1ec7 th\u1ed1ng qu\u1ea3n l\u00fd v\u1eefng ch\u1eafc, ch\u00fang t\u00f4i \u0111\u1ea3m b\u1ea3o m\u1ecdi s\u1ea3n ph\u1ea9m \u0111\u1ec1u \u0111\u00e1p \u1ee9ng ho\u1eb7c v\u01b0\u1ee3t c\u00e1c ti\u00eau chu\u1ea9n cao nh\u1ea5t c\u1ee7a ng\u00e0nh.<\/p>\n<p>Ch\u1ea5t l\u01b0\u1ee3ng l\u00e0 tr\u1ecdng t\u00e2m trong m\u1ecdi ho\u1ea1t \u0111\u1ed9ng c\u1ee7a ch\u00fang t\u00f4i. T\u1eeb kh\u00e2u l\u1ef1a ch\u1ecdn v\u1eadt li\u1ec7u v\u00e0 thi\u1ebft k\u1ebf \u0111\u1ebfn s\u1ea3n xu\u1ea5t, giao h\u00e0ng v\u00e0 ph\u1ea3n h\u1ed3i c\u1ee7a kh\u00e1ch h\u00e0ng, ch\u00fang t\u00f4i lu\u00f4n t\u1ec9 m\u1ec9 \u0111\u1ebfn t\u1eebng chi ti\u1ebft. S\u1ef1 h\u00e0i l\u00f2ng c\u1ee7a kh\u00e1ch h\u00e0ng l\u00e0 m\u1ee5c ti\u00eau h\u00e0ng \u0111\u1ea7u c\u1ee7a ch\u00fang t\u00f4i, v\u00e0 ch\u00fang t\u00f4i cam k\u1ebft mang \u0111\u1ebfn d\u1ecbch v\u1ee5 xu\u1ea5t s\u1eafc trong su\u1ed1t qu\u00e1 tr\u00ecnh. FMP \u01b0u ti\u00ean x\u00e2y d\u1ef1ng m\u1ed1i quan h\u1ec7 l\u00e2u d\u00e0i, c\u00f9ng c\u00f3 l\u1ee3i v\u1edbi kh\u00e1ch h\u00e0ng, th\u00fac \u0111\u1ea9y t\u0103ng tr\u01b0\u1edfng v\u00e0 th\u00e0nh c\u00f4ng h\u01a1n l\u00e0 l\u1ee3i nhu\u1eadn ng\u1eafn h\u1ea1n.<\/p>\n<p>Ch\u00fang t\u00f4i lu\u00f4n s\u1eb5n s\u00e0ng h\u1ee3p t\u00e1c v\u00e0 mong mu\u1ed1n c\u00f9ng c\u00e1c \u0111\u1ed1i t\u00e1c x\u00e2y d\u1ef1ng m\u1ed9t t\u01b0\u01a1ng lai t\u01b0\u01a1i s\u00e1ng h\u01a1n. C\u00e1c gi\u1ea3i ph\u00e1p \u0111\u01b0\u1ee3c thi\u1ebft k\u1ebf ri\u00eang c\u1ee7a ch\u00fang t\u00f4i \u0111\u01b0\u1ee3c thi\u1ebft k\u1ebf \u0111\u1ec3 \u0111\u00e1p \u1ee9ng nhu c\u1ea7u ng\u00e0y c\u00e0ng \u0111a d\u1ea1ng c\u1ee7a kh\u00e1ch h\u00e0ng, \u0111\u1ea3m b\u1ea3o m\u1ed7i d\u1ef1 \u00e1n \u0111\u1ec1u nh\u1eadn \u0111\u01b0\u1ee3c s\u1ef1 quan t\u00e2m v\u00e0 chuy\u00ean m\u00f4n x\u1ee9ng \u0111\u00e1ng. D\u00f9 b\u1ea1n c\u1ea7n s\u1ea3n ph\u1ea9m ti\u00eau chu\u1ea9n hay gi\u1ea3i ph\u00e1p ri\u00eang bi\u1ec7t, FMP cam k\u1ebft h\u1ed7 tr\u1ee3 b\u1ea1n th\u00e0nh c\u00f4ng tr\u00ean m\u1ecdi b\u01b0\u1edbc \u0111\u01b0\u1eddng.<\/p>\n<p><img loading=\"lazy\" decoding=\"async\" class=\"alignnone size-full wp-image-3335\" src=\"https:\/\/fmp-components.com\/wp-content\/uploads\/2025\/01\/DC-motor-tgp01d-a130-product-1.webp\" alt=\"\u0110\u1ed9ng c\u01a1 DC-tgp01d-a130\" width=\"883\" height=\"574\" title=\"\" srcset=\"https:\/\/fmp-components.com\/wp-content\/uploads\/2025\/01\/DC-motor-tgp01d-a130-product-1.webp 883w, https:\/\/fmp-components.com\/wp-content\/uploads\/2025\/01\/DC-motor-tgp01d-a130-product-1-480x312.webp 480w\" sizes=\"(min-width: 0px) and (max-width: 480px) 480px, (min-width: 481px) 883px, 100vw\" \/><\/p>\n<p>T\u00e1c gi\u1ea3: CX<\/p>","protected":false},"excerpt":{"rendered":"<p>Characters: 1. Double shaft.Small size 42.2mm*45.5mm*23mm 2. DC plastic gear motor with low speed and big torque 3. Suitable for small diameter, low noise, and big toque application 4. Reduction Ratio: 48\u3001120\u3001180\u3001220\u3001288 Mini DC Motor Technical Data Motor model No Rated voltage VDC No-load speed r\/min No-load current mA Stall torque g.cm Stall current A [&hellip;]<\/p>","protected":false},"featured_media":3351,"comment_status":"open","ping_status":"closed","template":"","meta":{"_et_pb_use_builder":"","_et_pb_old_content":"","_et_gb_content_width":""},"product_brand":[],"product_cat":[85],"product_tag":[],"class_list":{"0":"post-3341","1":"product","2":"type-product","3":"status-publish","4":"has-post-thumbnail","6":"product_cat-dc-motors","8":"first","9":"instock","10":"shipping-taxable","11":"product-type-simple"},"_links":{"self":[{"href":"https:\/\/fmp-components.com\/vi\/wp-json\/wp\/v2\/product\/3341","targetHints":{"allow":["GET"]}}],"collection":[{"href":"https:\/\/fmp-components.com\/vi\/wp-json\/wp\/v2\/product"}],"about":[{"href":"https:\/\/fmp-components.com\/vi\/wp-json\/wp\/v2\/types\/product"}],"replies":[{"embeddable":true,"href":"https:\/\/fmp-components.com\/vi\/wp-json\/wp\/v2\/comments?post=3341"}],"wp:featuredmedia":[{"embeddable":true,"href":"https:\/\/fmp-components.com\/vi\/wp-json\/wp\/v2\/media\/3351"}],"wp:attachment":[{"href":"https:\/\/fmp-components.com\/vi\/wp-json\/wp\/v2\/media?parent=3341"}],"wp:term":[{"taxonomy":"product_brand","embeddable":true,"href":"https:\/\/fmp-components.com\/vi\/wp-json\/wp\/v2\/product_brand?post=3341"},{"taxonomy":"product_cat","embeddable":true,"href":"https:\/\/fmp-components.com\/vi\/wp-json\/wp\/v2\/product_cat?post=3341"},{"taxonomy":"product_tag","embeddable":true,"href":"https:\/\/fmp-components.com\/vi\/wp-json\/wp\/v2\/product_tag?post=3341"}],"curies":[{"name":"wp","href":"https:\/\/api.w.org\/{rel}","templated":true}]}}