{"id":3339,"date":"2025-01-06T08:44:00","date_gmt":"2025-01-06T08:44:00","guid":{"rendered":"https:\/\/fmp-components.com\/?page_id=8"},"modified":"2025-01-07T01:03:57","modified_gmt":"2025-01-07T01:03:57","slug":"plastic-gearbox-mini-geared-motor-tgp01s-a130","status":"publish","type":"product","link":"https:\/\/fmp-components.com\/vi\/product\/plastic-gearbox-mini-geared-motor-tgp01s-a130\/","title":{"rendered":"H\u1ed9p s\u1ed1 nh\u1ef1a Mini Geared Motor TGP01S-A130"},"content":{"rendered":"<h2>H\u1ed9p s\u1ed1 nh\u1ef1a Mini Geared Motor TGP01S-A130<\/h2>\n<ul class=\"a-unordered-list a-vertical a-spacing-mini\">\n<li><span class=\"a-list-item\">H\u1ed9p s\u1ed1 b\u00e1nh r\u0103ng nh\u1ef1a TGP c\u1ed9ng v\u1edbi \u0111\u1ed9ng c\u01a1 DC nam ch\u00e2m v\u0129nh c\u1eedu A130<\/span><\/li>\n<li><span class=\"a-list-item\">\u0110\u1ed9ng c\u01a1 b\u00e1nh r\u0103ng DC k\u00edch th\u01b0\u1edbc nh\u1ecf v\u1edbi t\u1ed1c \u0111\u1ed9 th\u1ea5p v\u00e0 m\u00f4-men xo\u1eafn l\u1edbn<\/span><\/li>\n<li><span class=\"a-list-item\">ph\u00f9 h\u1ee3p v\u1edbi \u0111\u01b0\u1eddng k\u00ednh nh\u1ecf, ti\u1ebfng \u1ed3n th\u1ea5p v\u00e0 \u1ee9ng d\u1ee5ng m\u00f4-men xo\u1eafn l\u1edbn<\/span><\/li>\n<li><span class=\"a-list-item\">t\u1ef7 l\u1ec7 gi\u1ea3m: 48,120,180,220,288<\/span><\/li>\n<\/ul>\n<h2 align=\"left\" data-spm-anchor-id=\"a2700.details.0.i21.36dd6237ZBajCj\">\u0110\u1eb7c \u0111i\u1ec3m c\u1ee7a \u0110\u1ed9ng c\u01a1 gi\u1ea3m t\u1ed1c mini<\/h2>\n<ul>\n<li>\u0110\u1ed9ng c\u01a1 b\u00e1nh r\u0103ng DC k\u00edch th\u01b0\u1edbc nh\u1ecf v\u1edbi t\u1ed1c \u0111\u1ed9 th\u1ea5p v\u00e0 m\u00f4-men xo\u1eafn l\u1edbn<\/li>\n<li>Ph\u00f9 h\u1ee3p v\u1edbi \u0111\u01b0\u1eddng k\u00ednh nh\u1ecf. Ti\u1ebfng \u1ed3n th\u1ea5p v\u00e0 \u1ee9ng d\u1ee5ng m\u00f4-men xo\u1eafn l\u1edbn<\/li>\n<li>T\u1ef7 s\u1ed1 gi\u1ea3m: 48\u3001120\u3001180\u3001220\u3001288<\/li>\n<li>Tr\u1ee5c \u0111\u01a1n. K\u00edch th\u01b0\u1edbc nh\u1ecf 18,7mm*22,3mm*64,5mm<\/li>\n<li>\u0110\u1ed9ng c\u01a1 b\u00e1nh r\u0103ng nh\u1ef1a DC t\u1ed1c \u0111\u1ed9 th\u1ea5p v\u00e0 m\u00f4-men xo\u1eafn l\u1edbn<\/li>\n<\/ul>\n<p><img loading=\"lazy\" decoding=\"async\" class=\"alignnone size-full wp-image-3342\" src=\"https:\/\/fmp-components.com\/wp-content\/uploads\/2025\/01\/fmp_2.TGP010-A130-2.webp\" alt=\"fmp_2.TGP010-A130-2\" width=\"837\" height=\"522\" title=\"\" srcset=\"https:\/\/fmp-components.com\/wp-content\/uploads\/2025\/01\/fmp_2.TGP010-A130-2.webp 837w, https:\/\/fmp-components.com\/wp-content\/uploads\/2025\/01\/fmp_2.TGP010-A130-2-480x299.webp 480w\" sizes=\"(min-width: 0px) and (max-width: 480px) 480px, (min-width: 481px) 837px, 100vw\" \/><\/p>\n<h2>D\u1eef li\u1ec7u k\u1ef9 thu\u1eadt \u0111\u1ed9ng c\u01a1 DC mini<\/h2>\n<table style=\"width: 96.6375%; height: 144px;\" border=\"1\">\n<tbody>\n<tr>\n<td>S\u1ed1 m\u00f4 h\u00ecnh \u0111\u1ed9ng c\u01a1<\/td>\n<td>\u0110i\u1ec7n \u00e1p \u0111\u1ecbnh m\u1ee9c<br \/>\nVDC<\/td>\n<td>T\u1ed1c \u0111\u1ed9 kh\u00f4ng t\u1ea3i<br \/>\nv\u00f2ng\/ph\u00fat<\/td>\n<td>D\u00f2ng \u0111i\u1ec7n kh\u00f4ng t\u1ea3i<br \/>\nmA<\/td>\n<td>M\u00f4-men xo\u1eafn d\u1eebng<br \/>\ng.cm<\/td>\n<td>D\u00f2ng \u0111i\u1ec7n d\u1eebng<br \/>\nM\u1ed8T<\/td>\n<\/tr>\n<tr>\n<td>TFE-130RA-12215<\/td>\n<td>6.0<\/td>\n<td>11500<\/td>\n<td>120<\/td>\n<td>20<\/td>\n<td>0.85<\/td>\n<\/tr>\n<tr>\n<td>TFE-130RA-14175<\/td>\n<td>3.0<\/td>\n<td>8000<\/td>\n<td>120<\/td>\n<td>13<\/td>\n<td>0.70<\/td>\n<\/tr>\n<tr>\n<td>TFE-130RA-18100<\/td>\n<td>3.0<\/td>\n<td>11500<\/td>\n<td>250<\/td>\n<td>20<\/td>\n<td>1.80<\/td>\n<\/tr>\n<\/tbody>\n<\/table>\n<h2>D\u1eef li\u1ec7u k\u1ef9 thu\u1eadt \u0111\u1ed9ng c\u01a1 b\u00e1nh r\u0103ng<\/h2>\n<table style=\"width: 96.6375%; height: 120px;\" border=\"1\">\n<tbody>\n<tr style=\"height: 30px;\">\n<th style=\"height: 30px; width: 32.774%; text-align: left;\">M\u00f4 h\u00ecnh h\u1ed9p s\u1ed1<\/th>\n<td style=\"height: 30px; width: 66.5548%;\">TGP01D-A130-12215-XXX<\/td>\n<\/tr>\n<tr style=\"height: 30px;\">\n<th style=\"height: 30px; width: 32.774%; text-align: left;\">T\u1ef7 l\u1ec7 gi\u1ea3m<\/th>\n<td style=\"height: 30px; width: 66.5548%;\">48, 120, 180, 220, 288<\/td>\n<\/tr>\n<tr style=\"height: 30px;\">\n<th style=\"height: 30px; width: 32.774%; text-align: left;\">T\u1ed1c \u0111\u1ed9 kh\u00f4ng t\u1ea3i (v\u00f2ng\/ph\u00fat)<\/th>\n<td style=\"height: 30px; width: 66.5548%;\">230, 90, 60, 50, 38<\/td>\n<\/tr>\n<tr style=\"height: 30px;\">\n<th style=\"height: 30px; width: 32.774%; text-align: left;\">M\u00f4-men xo\u1eafn dung sai t\u1ee9c th\u1eddi t\u1ed1i \u0111a (kg.cm)<\/th>\n<td style=\"height: 30px; width: 66.5548%;\">0.7, 1.4, 2.0, 2.2, 2.8<\/td>\n<\/tr>\n<\/tbody>\n<\/table>\n<h2>H\u1ed9p s\u1ed1 c\u00f3 \u0111\u1ed9ng c\u01a1<\/h2>\n<table style=\"width: 96.6375%; height: 96px;\" border=\"1\">\n<tbody>\n<tr style=\"height: 24px;\">\n<th style=\"height: 24px; text-align: left; width: 38.4787%;\">M\u00f4 h\u00ecnh h\u1ed9p s\u1ed1<\/th>\n<td style=\"height: 24px; width: 60.8501%;\">TGP01D-A130-14175-XXX<\/td>\n<\/tr>\n<tr style=\"height: 24px;\">\n<th style=\"height: 24px; text-align: left; width: 38.4787%;\">T\u1ef7 l\u1ec7 gi\u1ea3m<\/th>\n<td style=\"height: 24px; width: 60.8501%;\">48, 120, 180, 220, 288<\/td>\n<\/tr>\n<tr style=\"height: 24px;\">\n<th style=\"height: 24px; text-align: left; width: 38.4787%;\">T\u1ed1c \u0111\u1ed9 kh\u00f4ng t\u1ea3i (v\u00f2ng\/ph\u00fat)<\/th>\n<td style=\"height: 24px; width: 60.8501%;\">150, 60, 40, 33, 25<\/td>\n<\/tr>\n<tr style=\"height: 24px;\">\n<th style=\"height: 24px; text-align: left; width: 38.4787%;\">M\u00f4-men xo\u1eafn dung sai t\u1ee9c th\u1eddi t\u1ed1i \u0111a (kg.cm)<\/th>\n<td style=\"height: 24px; width: 60.8501%;\">0.5, 0.9, 1.2, 1.4, 1.8<\/td>\n<\/tr>\n<\/tbody>\n<\/table>\n<table style=\"width: 96.6375%; height: 120px;\" border=\"1\">\n<tbody>\n<tr>\n<th style=\"text-align: left; width: 38.5906%;\">M\u00f4 h\u00ecnh h\u1ed9p s\u1ed1<\/th>\n<td style=\"width: 60.7383%;\">TGP01D-A130-18100-XXX<\/td>\n<\/tr>\n<tr>\n<th style=\"text-align: left; width: 38.5906%;\">T\u1ef7 l\u1ec7 gi\u1ea3m<\/th>\n<td style=\"width: 60.7383%;\">48, 120, 180, 220, 288<\/td>\n<\/tr>\n<tr>\n<th style=\"text-align: left; width: 38.5906%;\">T\u1ed1c \u0111\u1ed9 kh\u00f4ng t\u1ea3i (v\u00f2ng\/ph\u00fat)<\/th>\n<td style=\"width: 60.7383%;\">230, 90, 60, 50, 38<\/td>\n<\/tr>\n<tr>\n<th style=\"text-align: left; width: 38.5906%;\">M\u00f4-men xo\u1eafn dung sai t\u1ee9c th\u1eddi t\u1ed1i \u0111a (kg.cm)<\/th>\n<td style=\"width: 60.7383%;\">0.7, 1.4, 2.0, 2.2, 2.8<\/td>\n<\/tr>\n<\/tbody>\n<\/table>\n<h2>H\u1ed9p s\u1ed1 Plasstic kh\u00e1c c\u1ed9ng v\u1edbi \u0111\u1ed9ng c\u01a1 DC A130<\/h2>\n<table style=\"width: 100%; height: 71px;\" border=\"1\" width=\"100%\" cellspacing=\"0\" cellpadding=\"0\">\n<tbody>\n<tr style=\"height: 13.8pt;\">\n<td style=\"height: 13px; width: 49.892%;\" align=\"right\" width=\"64\" height=\"18\"><img loading=\"lazy\" decoding=\"async\" class=\"alignnone size-full wp-image-3344\" src=\"https:\/\/fmp-components.com\/wp-content\/uploads\/2025\/01\/fmp_1.TGP010-A130-1-1.webp\" alt=\"fmp_1.TGP010-A130-1-1\" width=\"600\" height=\"600\" title=\"\" srcset=\"https:\/\/fmp-components.com\/wp-content\/uploads\/2025\/01\/fmp_1.TGP010-A130-1-1.webp 600w, https:\/\/fmp-components.com\/wp-content\/uploads\/2025\/01\/fmp_1.TGP010-A130-1-1-480x480.webp 480w\" sizes=\"(min-width: 0px) and (max-width: 480px) 480px, (min-width: 481px) 600px, 100vw\" \/><\/td>\n<td style=\"width: 49.892%; height: 13px;\" align=\"right\" width=\"64\"><img loading=\"lazy\" decoding=\"async\" class=\"alignnone size-full wp-image-3345\" src=\"https:\/\/fmp-components.com\/wp-content\/uploads\/2025\/01\/fmp_2.TGP010-A130-1-1.webp\" alt=\"fmp_2.TGP010-A130-1-1\" width=\"600\" height=\"600\" title=\"\" srcset=\"https:\/\/fmp-components.com\/wp-content\/uploads\/2025\/01\/fmp_2.TGP010-A130-1-1.webp 600w, https:\/\/fmp-components.com\/wp-content\/uploads\/2025\/01\/fmp_2.TGP010-A130-1-1-480x480.webp 480w\" sizes=\"(min-width: 0px) and (max-width: 480px) 480px, (min-width: 481px) 600px, 100vw\" \/><\/td>\n<\/tr>\n<tr style=\"height: 22px;\">\n<td style=\"height: 22px; text-align: center;\"><strong>TGP01D-A130<\/strong><\/td>\n<td style=\"height: 22px; text-align: center;\"><strong>TGP01S-A130<\/strong><\/td>\n<\/tr>\n<tr style=\"height: 13.8pt;\">\n<td style=\"height: 13px; width: 49.892%;\" align=\"right\" height=\"18\"><img loading=\"lazy\" decoding=\"async\" class=\"alignnone size-full wp-image-3346\" src=\"https:\/\/fmp-components.com\/wp-content\/uploads\/2025\/01\/fmp_3.TGP010-A130-1.webp\" alt=\"fmp_3.TGP010-A130-1\" width=\"600\" height=\"600\" title=\"\" srcset=\"https:\/\/fmp-components.com\/wp-content\/uploads\/2025\/01\/fmp_3.TGP010-A130-1.webp 600w, https:\/\/fmp-components.com\/wp-content\/uploads\/2025\/01\/fmp_3.TGP010-A130-1-480x480.webp 480w\" sizes=\"(min-width: 0px) and (max-width: 480px) 480px, (min-width: 481px) 600px, 100vw\" \/><\/td>\n<td style=\"width: 49.892%; height: 13px;\" align=\"right\"><img loading=\"lazy\" decoding=\"async\" class=\"alignnone size-full wp-image-3347\" src=\"https:\/\/fmp-components.com\/wp-content\/uploads\/2025\/01\/fmp_4.TGP010-A130-1.webp\" alt=\"fmp_4.TGP010-A130-1\" width=\"600\" height=\"600\" title=\"\" srcset=\"https:\/\/fmp-components.com\/wp-content\/uploads\/2025\/01\/fmp_4.TGP010-A130-1.webp 600w, https:\/\/fmp-components.com\/wp-content\/uploads\/2025\/01\/fmp_4.TGP010-A130-1-480x480.webp 480w\" sizes=\"(min-width: 0px) and (max-width: 480px) 480px, (min-width: 481px) 600px, 100vw\" \/><\/td>\n<\/tr>\n<tr style=\"height: 23px;\">\n<td style=\"height: 23px; text-align: center;\"><strong>TGP02D-A130<\/strong><\/td>\n<td style=\"height: 23px; text-align: center;\"><strong>TGP02S-A130<\/strong><\/td>\n<\/tr>\n<\/tbody>\n<\/table>\n<h2 data-pm-slice=\"0 0 []\">\u0110\u1eb7c \u0111i\u1ec3m c\u1ee7a \u0110\u1ed9ng c\u01a1 gi\u1ea3m t\u1ed1c mini h\u1ed9p s\u1ed1 nh\u1ef1a TGP01S-A130<\/h2>\n<p>\u0110\u1ed9ng c\u01a1 h\u1ed9p s\u1ed1 mini h\u1ed9p s\u1ed1 nh\u1ef1a TGP01S-A130 l\u00e0 \u0111\u1ed9ng c\u01a1 nh\u1ecf g\u1ecdn, nh\u1eb9 v\u00e0 hi\u1ec7u qu\u1ea3, \u0111\u01b0\u1ee3c thi\u1ebft k\u1ebf cho c\u00e1c \u1ee9ng d\u1ee5ng quy m\u00f4 nh\u1ecf, n\u01a1i kh\u00f4ng gian v\u00e0 tr\u1ecdng l\u01b0\u1ee3ng l\u00e0 nh\u1eefng y\u1ebfu t\u1ed1 quan tr\u1ecdng. \u0110\u1ed9ng c\u01a1 n\u00e0y t\u00edch h\u1ee3p h\u1ed9p s\u1ed1 nh\u1ef1a v\u1edbi \u0111\u1ed9ng c\u01a1 DC mini, mang l\u1ea1i t\u00ednh linh ho\u1ea1t v\u00e0 \u0111\u1ed9 tin c\u1eady trong nhi\u1ec1u \u1ee9ng d\u1ee5ng kh\u00e1c nhau. D\u01b0\u1edbi \u0111\u00e2y l\u00e0 c\u00e1c t\u00ednh n\u0103ng ch\u00ednh c\u1ee7a m\u1eabu TGP01S-A130:<\/p>\n<ol>\n<li><strong>Thi\u1ebft k\u1ebf nh\u1ecf g\u1ecdn v\u00e0 nh\u1eb9<\/strong>:\n<ul>\n<li>TGP01S-A130 \u0111\u01b0\u1ee3c thi\u1ebft k\u1ebf v\u1edbi c\u1ea5u tr\u00fac nh\u1ecf g\u1ecdn, l\u00fd t\u01b0\u1edfng cho c\u00e1c \u1ee9ng d\u1ee5ng c\u00f3 kh\u00f4ng gian h\u1ea1n ch\u1ebf. H\u1ed9p s\u1ed1 b\u1eb1ng nh\u1ef1a nh\u1eb9 gi\u00fap gi\u1ea3m tr\u1ecdng l\u01b0\u1ee3ng t\u1ed5ng th\u1ec3 c\u1ee7a \u0111\u1ed9ng c\u01a1, cho ph\u00e9p d\u1ec5 d\u00e0ng t\u00edch h\u1ee3p v\u00e0o c\u00e1c thi\u1ebft b\u1ecb v\u00e0 h\u1ec7 th\u1ed1ng nh\u1ecf.<\/li>\n<\/ul>\n<\/li>\n<li><strong>C\u1ea5u tr\u00fac h\u1ed9p s\u1ed1 b\u1eb1ng nh\u1ef1a<\/strong>:\n<ul>\n<li>Vi\u1ec7c s\u1eed d\u1ee5ng nh\u1ef1a b\u1ec1n trong h\u1ed9p s\u1ed1 \u0111\u1ea3m b\u1ea3o c\u1ea5u tr\u00fac nh\u1eb9 nh\u01b0ng ch\u1eafc ch\u1eafn, v\u1eadn h\u00e0nh \u00eam \u00e1i \u0111\u1ed3ng th\u1eddi v\u1eabn ti\u1ebft ki\u1ec7m chi ph\u00ed cho to\u00e0n b\u1ed9 \u0111\u1ed9ng c\u01a1. V\u1eadt li\u1ec7u nh\u1ef1a c\u0169ng gi\u00fap gi\u1ea3m ti\u1ebfng \u1ed3n khi v\u1eadn h\u00e0nh.<\/li>\n<\/ul>\n<\/li>\n<li><strong>M\u00f4-men xo\u1eafn cao<\/strong>:\n<ul>\n<li>M\u1eb7c d\u00f9 c\u00f3 k\u00edch th\u01b0\u1edbc nh\u1ecf, TGP01S-A130 v\u1eabn c\u00f3 s\u1ef1 c\u00e2n b\u1eb1ng t\u1ed1t gi\u1eefa m\u00f4-men xo\u1eafn v\u00e0 t\u1ed1c \u0111\u1ed9, ph\u00f9 h\u1ee3p v\u1edbi c\u00e1c nhi\u1ec7m v\u1ee5 y\u00eau c\u1ea7u m\u00f4-men xo\u1eafn v\u1eeba ph\u1ea3i, ch\u1eb3ng h\u1ea1n nh\u01b0 truy\u1ec1n \u0111\u1ed9ng b\u00e1nh xe nh\u1ecf, b\u1ed9 truy\u1ec1n \u0111\u1ed9ng ho\u1eb7c m\u00e1y m\u00f3c h\u1ea1ng nh\u1eb9 kh\u00e1c.<\/li>\n<\/ul>\n<\/li>\n<li><strong>Truy\u1ec1n t\u1ea3i \u0111i\u1ec7n hi\u1ec7u qu\u1ea3<\/strong>:\n<ul>\n<li>\u0110\u1ed9ng c\u01a1 h\u1ed9p s\u1ed1 \u0111\u01b0\u1ee3c thi\u1ebft k\u1ebf \u0111\u1ec3 truy\u1ec1n t\u1ea3i \u0111i\u1ec7n n\u0103ng hi\u1ec7u qu\u1ea3, t\u1ed1i \u01b0u h\u00f3a vi\u1ec7c s\u1eed d\u1ee5ng n\u0103ng l\u01b0\u1ee3ng \u0111i\u1ec7n \u0111\u1ed3ng th\u1eddi gi\u1ea3m thi\u1ec3u t\u1ed5n th\u1ea5t. \u0110i\u1ec1u n\u00e0y l\u00e0m cho \u0111\u1ed9ng c\u01a1 tr\u1edf n\u00ean l\u00fd t\u01b0\u1edfng cho c\u00e1c thi\u1ebft b\u1ecb ch\u1ea1y b\u1eb1ng pin v\u00e0 c\u00e1c \u1ee9ng d\u1ee5ng \u0111\u00f2i h\u1ecfi hi\u1ec7u su\u1ea5t cao.<\/li>\n<\/ul>\n<\/li>\n<li><strong>Ho\u1ea1t \u0111\u1ed9ng \u00eam \u00e1i v\u00e0 y\u00ean t\u0129nh<\/strong>:\n<ul>\n<li>V\u1edbi h\u1ed9p s\u1ed1 b\u1eb1ng nh\u1ef1a \u0111\u01b0\u1ee3c thi\u1ebft k\u1ebf ch\u00ednh x\u00e1c, \u0111\u1ed9ng c\u01a1 ho\u1ea1t \u0111\u1ed9ng \u00eam \u00e1i v\u00e0 tr\u01a1n tru, l\u00e0 l\u1ef1a ch\u1ecdn tuy\u1ec7t v\u1eddi cho c\u00e1c \u1ee9ng d\u1ee5ng \u0111\u00f2i h\u1ecfi kh\u1ea3 n\u0103ng gi\u1ea3m ti\u1ebfng \u1ed3n, ch\u1eb3ng h\u1ea1n nh\u01b0 trong \u0111\u1ed3 ch\u01a1i, thi\u1ebft b\u1ecb y t\u1ebf ho\u1eb7c thi\u1ebft b\u1ecb gia d\u1ee5ng.<\/li>\n<\/ul>\n<\/li>\n<\/ol>\n<p>\u0110\u1ed9ng c\u01a1 gi\u1ea3m t\u1ed1c mini h\u1ed9p s\u1ed1 nh\u1ef1a TGP01S-A130 k\u1ebft h\u1ee3p k\u00edch th\u01b0\u1edbc nh\u1ecf g\u1ecdn, m\u1ee9c ti\u00eau th\u1ee5 \u0111i\u1ec7n n\u0103ng th\u1ea5p, m\u00f4-men xo\u1eafn cao v\u00e0 ho\u1ea1t \u0111\u1ed9ng \u00eam \u00e1i trong m\u1ed9t s\u1ea3n ph\u1ea9m \u0111a n\u0103ng, ti\u1ebft ki\u1ec7m chi ph\u00ed. \u0110\u1ed9 b\u1ec1n, hi\u1ec7u su\u1ea5t v\u00e0 d\u1ea3i \u0111i\u1ec7n \u00e1p r\u1ed9ng gi\u00fap s\u1ea3n ph\u1ea9m l\u00fd t\u01b0\u1edfng cho nhi\u1ec1u \u1ee9ng d\u1ee5ng, t\u1eeb robot \u0111\u1ebfn s\u1ea3n ph\u1ea9m ti\u00eau d\u00f9ng.<\/p>\n<h2>Gi\u1edbi thi\u1ec7u v\u1ec1 FMP<\/h2>\n<p>FMP l\u00e0 nh\u00e0 s\u1ea3n xu\u1ea5t h\u00e0ng \u0111\u1ea7u chuy\u00ean thi\u1ebft k\u1ebf, ph\u00e1t tri\u1ec3n v\u00e0 s\u1ea3n xu\u1ea5t h\u1ed9p s\u1ed1, xi lanh th\u1ee7y l\u1ef1c, \u0111\u1ed9ng c\u01a1, tr\u1ee5c PTO, \u0111\u1ed9ng c\u01a1 vi m\u00f4 c\u00f3 \u0111\u1ed9 ch\u00ednh x\u00e1c cao v\u00e0 nhi\u1ec1u linh ki\u1ec7n quan tr\u1ecdng kh\u00e1c. Nh\u1edd s\u1ef1 t\u1eadn t\u00e2m v\u00e0 n\u1ed7 l\u1ef1c c\u1ee7a \u0111\u1ed9i ng\u0169 l\u00e0nh ngh\u1ec1, ch\u00fang t\u00f4i \u0111\u00e3 kh\u1eb3ng \u0111\u1ecbnh v\u1ecb th\u1ebf d\u1eabn \u0111\u1ea7u trong ng\u00e0nh. S\u1ea3n ph\u1ea9m c\u1ee7a ch\u00fang t\u00f4i \u0111\u01b0\u1ee3c ph\u00e2n ph\u1ed1i r\u1ed9ng r\u00e3i tr\u00ean kh\u1eafp Ch\u00e2u \u00c2u, B\u1eafc M\u1ef9, \u0110\u00f4ng Nam \u00c1 v\u00e0 c\u00e1c th\u1ecb tr\u01b0\u1eddng tr\u1ecdng \u0111i\u1ec3m kh\u00e1c, t\u1ea1o d\u1ef1ng \u0111\u01b0\u1ee3c danh ti\u1ebfng v\u1eefng ch\u1eafc v\u1ec1 ch\u1ea5t l\u01b0\u1ee3ng v\u00e0 s\u1ef1 xu\u1ea5t s\u1eafc. Kh\u00e1ch h\u00e0ng lu\u00f4n \u0111\u00e1nh gi\u00e1 cao hi\u1ec7u su\u1ea5t v\u00e0 \u0111\u1ed9 tin c\u1eady c\u1ee7a s\u1ea3n ph\u1ea9m.<\/p>\n<p>T\u1ea1i FMP, ch\u00fang t\u00f4i \u0111\u01b0\u1ee3c trang b\u1ecb c\u01a1 s\u1edf s\u1ea3n xu\u1ea5t hi\u1ec7n \u0111\u1ea1i, bao g\u1ed3m c\u00e1c x\u01b0\u1edfng s\u1ea3n xu\u1ea5t r\u1ed9ng l\u1edbn, kh\u00f4ng gian v\u0103n ph\u00f2ng v\u00e0 khu nh\u00e0 \u1edf cho nh\u00e2n vi\u00ean. Ch\u00fang t\u00f4i c\u0169ng s\u1edf h\u1eefu c\u00e1c thi\u1ebft b\u1ecb R&amp;D, s\u1ea3n xu\u1ea5t v\u00e0 th\u1eed nghi\u1ec7m ti\u00ean ti\u1ebfn. C\u00e1c b\u1ed9 ph\u1eadn k\u1ef9 thu\u1eadt, ch\u1ebf t\u1ea1o khu\u00f4n m\u1eabu v\u00e0 l\u1eafp r\u00e1p chuy\u00ean d\u1ee5ng c\u1ee7a ch\u00fang t\u00f4i \u0111\u01b0\u1ee3c trang b\u1ecb \u0111\u1ea7y \u0111\u1ee7 \u0111\u1ec3 cung c\u1ea5p c\u00e1c gi\u1ea3i ph\u00e1p ho\u00e0n to\u00e0n t\u00f9y ch\u1ec9nh, \u0111\u00e1p \u1ee9ng nhu c\u1ea7u ri\u00eang bi\u1ec7t c\u1ee7a t\u1eebng kh\u00e1ch h\u00e0ng. V\u1edbi n\u1ec1n t\u1ea3ng k\u1ef9 thu\u1eadt v\u1eefng ch\u1eafc, quy tr\u00ecnh s\u1ea3n xu\u1ea5t h\u1ee3p l\u00fd v\u00e0 h\u1ec7 th\u1ed1ng qu\u1ea3n l\u00fd hi\u1ec7u qu\u1ea3, FMP \u0111\u1ea3m b\u1ea3o t\u1ea5t c\u1ea3 s\u1ea3n ph\u1ea9m \u0111\u1ec1u \u0111\u00e1p \u1ee9ng c\u00e1c ti\u00eau chu\u1ea9n cao nh\u1ea5t c\u1ee7a ng\u00e0nh.<\/p>\n<p>Ch\u1ea5t l\u01b0\u1ee3ng l\u00e0 c\u1ed1t l\u00f5i trong ho\u1ea1t \u0111\u1ed9ng c\u1ee7a ch\u00fang t\u00f4i. T\u1eeb kh\u00e2u l\u1ef1a ch\u1ecdn v\u1eadt li\u1ec7u v\u00e0 thi\u1ebft k\u1ebf \u0111\u1ebfn s\u1ea3n xu\u1ea5t, giao h\u00e0ng v\u00e0 ph\u1ea3n h\u1ed3i c\u1ee7a kh\u00e1ch h\u00e0ng, ch\u00fang t\u00f4i lu\u00f4n ch\u00fa tr\u1ecdng \u0111\u1ebfn t\u1eebng chi ti\u1ebft. S\u1ef1 h\u00e0i l\u00f2ng c\u1ee7a kh\u00e1ch h\u00e0ng l\u00e0 \u01b0u ti\u00ean h\u00e0ng \u0111\u1ea7u c\u1ee7a ch\u00fang t\u00f4i, v\u00e0 ch\u00fang t\u00f4i cam k\u1ebft cung c\u1ea5p d\u1ecbch v\u1ee5 xu\u1ea5t s\u1eafc \u1edf m\u1ecdi giai \u0111o\u1ea1n. FMP kh\u00f4ng t\u1eadp trung v\u00e0o l\u1ee3i nhu\u1eadn qu\u00e1 m\u1ee9c, m\u00e0 t\u1eadp trung v\u00e0o vi\u1ec7c x\u00e2y d\u1ef1ng m\u1ed1i quan h\u1ec7 \u0111\u1ed1i t\u00e1c l\u00e2u d\u00e0i, c\u00f9ng c\u00f3 l\u1ee3i v\u1edbi kh\u00e1ch h\u00e0ng, \u0111\u1ea3m b\u1ea3o s\u1ef1 t\u0103ng tr\u01b0\u1edfng v\u00e0 th\u00e0nh c\u00f4ng b\u1ec1n v\u1eefng.<\/p>\n<p>Ch\u00fang t\u00f4i hoan ngh\u00eanh c\u00e1c c\u01a1 h\u1ed9i h\u1ee3p t\u00e1c v\u00e0 mong mu\u1ed1n c\u00f9ng c\u00e1c \u0111\u1ed1i t\u00e1c ki\u1ebfn \u200b\u200bt\u1ea1o m\u1ed9t t\u01b0\u01a1ng lai t\u01b0\u01a1i s\u00e1ng h\u01a1n. C\u00e1c gi\u1ea3i ph\u00e1p t\u00f9y ch\u1ec9nh c\u1ee7a ch\u00fang t\u00f4i \u0111\u01b0\u1ee3c thi\u1ebft k\u1ebf \u0111\u1ec3 \u0111\u00e1p \u1ee9ng nhu c\u1ea7u ng\u00e0y c\u00e0ng cao c\u1ee7a kh\u00e1ch h\u00e0ng, \u0111\u1ea3m b\u1ea3o m\u1ecdi d\u1ef1 \u00e1n \u0111\u1ec1u nh\u1eadn \u0111\u01b0\u1ee3c s\u1ef1 quan t\u00e2m v\u00e0 chuy\u00ean m\u00f4n x\u1ee9ng \u0111\u00e1ng. Cho d\u00f9 b\u1ea1n \u0111ang t\u00ecm ki\u1ebfm s\u1ea3n ph\u1ea9m ti\u00eau chu\u1ea9n hay gi\u1ea3i ph\u00e1p ri\u00eang bi\u1ec7t, FMP lu\u00f4n t\u1eadn t\u00e2m h\u1ed7 tr\u1ee3 b\u1ea1n tr\u00ean m\u1ecdi b\u01b0\u1edbc \u0111\u01b0\u1eddng th\u00e0nh c\u00f4ng.<\/p>\n<p><img loading=\"lazy\" decoding=\"async\" class=\"alignnone size-full wp-image-3335\" src=\"https:\/\/fmp-components.com\/wp-content\/uploads\/2025\/01\/DC-motor-tgp01d-a130-product-1.webp\" alt=\"\u0110\u1ed9ng c\u01a1 DC-tgp01d-a130\" width=\"883\" height=\"574\" title=\"\" srcset=\"https:\/\/fmp-components.com\/wp-content\/uploads\/2025\/01\/DC-motor-tgp01d-a130-product-1.webp 883w, https:\/\/fmp-components.com\/wp-content\/uploads\/2025\/01\/DC-motor-tgp01d-a130-product-1-480x312.webp 480w\" sizes=\"(min-width: 0px) and (max-width: 480px) 480px, (min-width: 481px) 883px, 100vw\" \/><\/p>\n<p>T\u00e1c gi\u1ea3: CX<\/p>","protected":false},"excerpt":{"rendered":"<p>Plastic Gearbox Mini Geared Motor TGP01S-A130 TGP plastic gears gearbox plus A130 permanent magnet DC motor small size dc gear motor with low speed and big torque suitable to small diameter, low noise, and big torque application reduction ratio: 48,120,180,220,288 Characters of Mini Geared Motor Small size dc gear motor with low speed and big [&hellip;]<\/p>","protected":false},"featured_media":3340,"comment_status":"open","ping_status":"closed","template":"","meta":{"_et_pb_use_builder":"","_et_pb_old_content":"","_et_gb_content_width":""},"product_brand":[],"product_cat":[85],"product_tag":[],"class_list":{"0":"post-3339","1":"product","2":"type-product","3":"status-publish","4":"has-post-thumbnail","6":"product_cat-dc-motors","8":"first","9":"instock","10":"shipping-taxable","11":"product-type-simple"},"_links":{"self":[{"href":"https:\/\/fmp-components.com\/vi\/wp-json\/wp\/v2\/product\/3339","targetHints":{"allow":["GET"]}}],"collection":[{"href":"https:\/\/fmp-components.com\/vi\/wp-json\/wp\/v2\/product"}],"about":[{"href":"https:\/\/fmp-components.com\/vi\/wp-json\/wp\/v2\/types\/product"}],"replies":[{"embeddable":true,"href":"https:\/\/fmp-components.com\/vi\/wp-json\/wp\/v2\/comments?post=3339"}],"wp:featuredmedia":[{"embeddable":true,"href":"https:\/\/fmp-components.com\/vi\/wp-json\/wp\/v2\/media\/3340"}],"wp:attachment":[{"href":"https:\/\/fmp-components.com\/vi\/wp-json\/wp\/v2\/media?parent=3339"}],"wp:term":[{"taxonomy":"product_brand","embeddable":true,"href":"https:\/\/fmp-components.com\/vi\/wp-json\/wp\/v2\/product_brand?post=3339"},{"taxonomy":"product_cat","embeddable":true,"href":"https:\/\/fmp-components.com\/vi\/wp-json\/wp\/v2\/product_cat?post=3339"},{"taxonomy":"product_tag","embeddable":true,"href":"https:\/\/fmp-components.com\/vi\/wp-json\/wp\/v2\/product_tag?post=3339"}],"curies":[{"name":"wp","href":"https:\/\/api.w.org\/{rel}","templated":true}]}}