{"id":3331,"date":"2025-01-06T08:18:18","date_gmt":"2025-01-06T08:18:18","guid":{"rendered":"https:\/\/fmp-components.com\/?page_id=8"},"modified":"2025-01-06T08:34:45","modified_gmt":"2025-01-06T08:34:45","slug":"italy-supplier-mini-dc-motor-tgp01d-a130-plastic-gearbox-plus-a130","status":"publish","type":"product","link":"https:\/\/fmp-components.com\/vi\/product\/italy-supplier-mini-dc-motor-tgp01d-a130-plastic-gearbox-plus-a130\/","title":{"rendered":"Nh\u00e0 cung c\u1ea5p \u00dd \u0110\u1ed9ng c\u01a1 DC mini TGP01D-A130 H\u1ed9p s\u1ed1 nh\u1ef1a Plus A130"},"content":{"rendered":"<p><img loading=\"lazy\" decoding=\"async\" class=\"wp-image-3334 aligncenter\" src=\"https:\/\/fmp-components.com\/wp-content\/uploads\/2025\/01\/DC-motor-tgp01d-a130-1.webp\" alt=\"\u0110\u1ed9ng c\u01a1 DC-tgp01d-a130\" width=\"524\" height=\"539\" title=\"\" srcset=\"https:\/\/fmp-components.com\/wp-content\/uploads\/2025\/01\/DC-motor-tgp01d-a130-1.webp 524w, https:\/\/fmp-components.com\/wp-content\/uploads\/2025\/01\/DC-motor-tgp01d-a130-1-480x494.webp 480w\" sizes=\"(min-width: 0px) and (max-width: 480px) 480px, (min-width: 481px) 524px, 100vw\" \/><\/p>\n<h2>\u0110\u1eb7c \u0111i\u1ec3m k\u1ef9 thu\u1eadt<\/h2>\n<table style=\"width: 100%;\" border=\"1\" width=\"100%\" cellspacing=\"0\" cellpadding=\"0\">\n<tbody>\n<tr>\n<th>Lo\u1ea1i \u0111\u1ed9ng c\u01a1<\/th>\n<td>\u0110\u1ed9ng c\u01a1 b\u00e1nh r\u0103ng DC c\u1ee1 nh\u1ecf<\/td>\n<\/tr>\n<tr>\n<th>\u0110\u1eb7c tr\u01b0ng<\/th>\n<td>T\u1ed1c \u0111\u1ed9 th\u1ea5p, M\u00f4-men xo\u1eafn l\u1edbn, Ti\u1ebfng \u1ed3n th\u1ea5p<\/td>\n<\/tr>\n<tr>\n<th>T\u1ef7 l\u1ec7 gi\u1ea3m<\/th>\n<td>48, 120, 180, 220, 288<\/td>\n<\/tr>\n<tr>\n<th>\u1ee8ng d\u1ee5ng<\/th>\n<td>\u0110\u1ed3 ch\u01a1i c\u00f3 \u0111\u1ed9ng c\u01a1, \u0110\u1ed3 ch\u01a1i c\u01b0\u1ee1i, Robot<\/td>\n<\/tr>\n<\/tbody>\n<\/table>\n<h2>K\u00edch th\u01b0\u1edbc \u0111\u1ed9ng c\u01a1 b\u00e1nh r\u0103ng (mm)<\/h2>\n<p><img loading=\"lazy\" decoding=\"async\" class=\"alignnone size-full wp-image-3332\" src=\"https:\/\/fmp-components.com\/wp-content\/uploads\/2025\/01\/fmp_1.TGP010-A130-2.webp\" alt=\"fmp_1.TGP010-A130-2\" width=\"922\" height=\"512\" title=\"\" srcset=\"https:\/\/fmp-components.com\/wp-content\/uploads\/2025\/01\/fmp_1.TGP010-A130-2.webp 922w, https:\/\/fmp-components.com\/wp-content\/uploads\/2025\/01\/fmp_1.TGP010-A130-2-480x267.webp 480w\" sizes=\"(min-width: 0px) and (max-width: 480px) 480px, (min-width: 481px) 922px, 100vw\" \/><\/p>\n<h2>D\u1eef li\u1ec7u k\u1ef9 thu\u1eadt \u0111\u1ed9ng c\u01a1 DC mini<\/h2>\n<table style=\"width: 96.6375%; height: 144px;\" border=\"1\">\n<tbody>\n<tr>\n<td>S\u1ed1 m\u00f4 h\u00ecnh \u0111\u1ed9ng c\u01a1<\/td>\n<td>\u0110i\u1ec7n \u00e1p \u0111\u1ecbnh m\u1ee9c<br \/>\nVDC<\/td>\n<td>T\u1ed1c \u0111\u1ed9 kh\u00f4ng t\u1ea3i<br \/>\nv\u00f2ng\/ph\u00fat<\/td>\n<td>D\u00f2ng \u0111i\u1ec7n kh\u00f4ng t\u1ea3i<br \/>\nmA<\/td>\n<td>M\u00f4-men xo\u1eafn d\u1eebng<br \/>\ng.cm<\/td>\n<td>D\u00f2ng \u0111i\u1ec7n d\u1eebng<br \/>\nM\u1ed8T<\/td>\n<\/tr>\n<tr>\n<td>TFE-130RA-12215<\/td>\n<td>6.0<\/td>\n<td>11500<\/td>\n<td>120<\/td>\n<td>20<\/td>\n<td>0.85<\/td>\n<\/tr>\n<tr>\n<td>TFE-130RA-14175<\/td>\n<td>3.0<\/td>\n<td>8000<\/td>\n<td>120<\/td>\n<td>13<\/td>\n<td>0.70<\/td>\n<\/tr>\n<tr>\n<td>TFE-130RA-18100<\/td>\n<td>3.0<\/td>\n<td>11500<\/td>\n<td>250<\/td>\n<td>20<\/td>\n<td>1.80<\/td>\n<\/tr>\n<\/tbody>\n<\/table>\n<h2>D\u1eef li\u1ec7u k\u1ef9 thu\u1eadt \u0111\u1ed9ng c\u01a1 b\u00e1nh r\u0103ng<\/h2>\n<table style=\"width: 96.6375%; height: 120px;\" border=\"1\">\n<tbody>\n<tr style=\"height: 30px;\">\n<th style=\"height: 30px; width: 32.774%; text-align: left;\">M\u00f4 h\u00ecnh h\u1ed9p s\u1ed1<\/th>\n<td style=\"height: 30px; width: 66.5548%;\">TGP01D-A130-12215-XXX<\/td>\n<\/tr>\n<tr style=\"height: 30px;\">\n<th style=\"height: 30px; width: 32.774%; text-align: left;\">T\u1ef7 l\u1ec7 gi\u1ea3m<\/th>\n<td style=\"height: 30px; width: 66.5548%;\">48, 120, 180, 220, 288<\/td>\n<\/tr>\n<tr style=\"height: 30px;\">\n<th style=\"height: 30px; width: 32.774%; text-align: left;\">T\u1ed1c \u0111\u1ed9 kh\u00f4ng t\u1ea3i (v\u00f2ng\/ph\u00fat)<\/th>\n<td style=\"height: 30px; width: 66.5548%;\">230, 90, 60, 50, 38<\/td>\n<\/tr>\n<tr style=\"height: 30px;\">\n<th style=\"height: 30px; width: 32.774%; text-align: left;\">M\u00f4-men xo\u1eafn dung sai t\u1ee9c th\u1eddi t\u1ed1i \u0111a (kg.cm)<\/th>\n<td style=\"height: 30px; width: 66.5548%;\">0.7, 1.4, 2.0, 2.2, 2.8<\/td>\n<\/tr>\n<\/tbody>\n<\/table>\n<h2>H\u1ed9p s\u1ed1 c\u00f3 \u0111\u1ed9ng c\u01a1<\/h2>\n<table style=\"width: 96.6375%; height: 96px;\" border=\"1\">\n<tbody>\n<tr style=\"height: 24px;\">\n<th style=\"height: 24px; text-align: left; width: 38.4787%;\">M\u00f4 h\u00ecnh h\u1ed9p s\u1ed1<\/th>\n<td style=\"height: 24px; width: 60.8501%;\">TGP01D-A130-14175-XXX<\/td>\n<\/tr>\n<tr style=\"height: 24px;\">\n<th style=\"height: 24px; text-align: left; width: 38.4787%;\">T\u1ef7 l\u1ec7 gi\u1ea3m<\/th>\n<td style=\"height: 24px; width: 60.8501%;\">48, 120, 180, 220, 288<\/td>\n<\/tr>\n<tr style=\"height: 24px;\">\n<th style=\"height: 24px; text-align: left; width: 38.4787%;\">T\u1ed1c \u0111\u1ed9 kh\u00f4ng t\u1ea3i (v\u00f2ng\/ph\u00fat)<\/th>\n<td style=\"height: 24px; width: 60.8501%;\">150, 60, 40, 33, 25<\/td>\n<\/tr>\n<tr style=\"height: 24px;\">\n<th style=\"height: 24px; text-align: left; width: 38.4787%;\">M\u00f4-men xo\u1eafn dung sai t\u1ee9c th\u1eddi t\u1ed1i \u0111a (kg.cm)<\/th>\n<td style=\"height: 24px; width: 60.8501%;\">0.5, 0.9, 1.2, 1.4, 1.8<\/td>\n<\/tr>\n<\/tbody>\n<\/table>\n<table style=\"width: 96.6375%; height: 120px;\" border=\"1\">\n<tbody>\n<tr>\n<th style=\"text-align: left; width: 38.5906%;\">M\u00f4 h\u00ecnh h\u1ed9p s\u1ed1<\/th>\n<td style=\"width: 60.7383%;\">TGP01D-A130-18100-XXX<\/td>\n<\/tr>\n<tr>\n<th style=\"text-align: left; width: 38.5906%;\">T\u1ef7 l\u1ec7 gi\u1ea3m<\/th>\n<td style=\"width: 60.7383%;\">48, 120, 180, 220, 288<\/td>\n<\/tr>\n<tr>\n<th style=\"text-align: left; width: 38.5906%;\">T\u1ed1c \u0111\u1ed9 kh\u00f4ng t\u1ea3i (v\u00f2ng\/ph\u00fat)<\/th>\n<td style=\"width: 60.7383%;\">230, 90, 60, 50, 38<\/td>\n<\/tr>\n<tr>\n<th style=\"text-align: left; width: 38.5906%;\">M\u00f4-men xo\u1eafn dung sai t\u1ee9c th\u1eddi t\u1ed1i \u0111a (kg.cm)<\/th>\n<td style=\"width: 60.7383%;\">0.7, 1.4, 2.0, 2.2, 2.8<\/td>\n<\/tr>\n<\/tbody>\n<\/table>\n<h2 data-pm-slice=\"0 0 []\">T\u00ednh n\u0103ng c\u1ee7a \u0110\u1ed9ng c\u01a1 DC mini TGP01D-A130<\/h2>\n<p>\u0110\u1ed9ng c\u01a1 DC mini TGP01D-A130 l\u00e0 \u0111\u1ed9ng c\u01a1 nh\u1ecf g\u1ecdn v\u00e0 hi\u1ec7u qu\u1ea3 \u0111\u01b0\u1ee3c thi\u1ebft k\u1ebf cho nhi\u1ec1u \u1ee9ng d\u1ee5ng kh\u00e1c nhau, trong \u0111\u00f3 y\u1ebfu t\u1ed1 kh\u00f4ng gian v\u00e0 hi\u1ec7u su\u1ea5t l\u00e0 nh\u1eefng y\u1ebfu t\u1ed1 quan tr\u1ecdng h\u00e0ng \u0111\u1ea7u. D\u01b0\u1edbi \u0111\u00e2y l\u00e0 nh\u1eefng t\u00ednh n\u0103ng n\u1ed5i b\u1eadt c\u1ee7a \u0111\u1ed9ng c\u01a1 n\u00e0y:<\/p>\n<ol>\n<li><strong>K\u00edch th\u01b0\u1edbc nh\u1ecf g\u1ecdn<\/strong>:\n<ul>\n<li>\u0110\u01b0\u1ee3c thi\u1ebft k\u1ebf \u0111\u1ec3 ph\u00f9 h\u1ee3p v\u1edbi kh\u00f4ng gian nh\u1ecf, l\u00fd t\u01b0\u1edfng cho c\u00e1c \u1ee9ng d\u1ee5ng m\u00e0 k\u00edch th\u01b0\u1edbc l\u00e0 y\u1ebfu t\u1ed1 quan tr\u1ecdng, ch\u1eb3ng h\u1ea1n nh\u01b0 thi\u1ebft b\u1ecb di \u0111\u1ed9ng ho\u1eb7c m\u00e1y m\u00f3c thu nh\u1ecf.<\/li>\n<\/ul>\n<\/li>\n<li><strong>Hi\u1ec7u qu\u1ea3 cao<\/strong>:\n<ul>\n<li>\u0110\u01b0\u1ee3c thi\u1ebft k\u1ebf \u0111\u1ec3 c\u00f3 hi\u1ec7u su\u1ea5t cao, \u0111\u1ea3m b\u1ea3o m\u1ee9c ti\u00eau th\u1ee5 \u0111i\u1ec7n n\u0103ng t\u1ed1i \u01b0u v\u00e0 gi\u1ea3m thi\u1ec3u t\u1ecfa nhi\u1ec7t trong qu\u00e1 tr\u00ecnh v\u1eadn h\u00e0nh.<\/li>\n<\/ul>\n<\/li>\n<li><strong>\u0110\u1ed9 b\u1ec1n<\/strong>:\n<ul>\n<li>\u0110\u01b0\u1ee3c ch\u1ebf t\u1ea1o b\u1eb1ng v\u1eadt li\u1ec7u ch\u1ea5t l\u01b0\u1ee3ng cao, TGP01D-A130 mang l\u1ea1i \u0111\u1ed9 b\u1ec1n v\u00e0 \u0111\u1ed9 tin c\u1eady l\u00e2u d\u00e0i, \u0111\u1ea3m b\u1ea3o k\u00e9o d\u00e0i tu\u1ed5i th\u1ecd ho\u1ea1t \u0111\u1ed9ng ngay c\u1ea3 khi s\u1eed d\u1ee5ng \u1edf m\u1ee9c trung b\u00ecnh \u0111\u1ebfn nhi\u1ec1u.<\/li>\n<\/ul>\n<\/li>\n<li><strong>Ti\u00eau th\u1ee5 \u0111i\u1ec7n n\u0103ng th\u1ea5p<\/strong>:\n<ul>\n<li>\u0110\u1ed9ng c\u01a1 ho\u1ea1t \u0111\u1ed9ng v\u1edbi nhu c\u1ea7u n\u0103ng l\u01b0\u1ee3ng t\u1ed1i thi\u1ec3u, gi\u00fap ti\u1ebft ki\u1ec7m n\u0103ng l\u01b0\u1ee3ng v\u00e0 ph\u00f9 h\u1ee3p v\u1edbi c\u00e1c thi\u1ebft b\u1ecb ch\u1ea1y b\u1eb1ng pin.<\/li>\n<\/ul>\n<\/li>\n<li><strong>Ho\u1ea1t \u0111\u1ed9ng \u00eam \u00e1i v\u00e0 y\u00ean t\u0129nh<\/strong>:\n<ul>\n<li>\u0110\u01b0\u1ee3c thi\u1ebft k\u1ebf \u0111\u1ec3 ho\u1ea1t \u0111\u1ed9ng tr\u01a1n tru v\u00e0 y\u00ean t\u0129nh, l\u00fd t\u01b0\u1edfng cho c\u00e1c \u1ee9ng d\u1ee5ng y\u00eau c\u1ea7u m\u1ee9c \u0111\u1ed9 ti\u1ebfng \u1ed3n th\u1ea5p, ch\u1eb3ng h\u1ea1n nh\u01b0 trong thi\u1ebft b\u1ecb y t\u1ebf, \u0111\u1ed3 ch\u01a1i v\u00e0 thi\u1ebft b\u1ecb \u0111i\u1ec7n t\u1eed nh\u1ecf.<\/li>\n<\/ul>\n<\/li>\n<\/ol>\n<p>T\u00f3m l\u1ea1i, \u0110\u1ed9ng c\u01a1 DC mini TGP01D-A130 l\u00e0 gi\u1ea3i ph\u00e1p linh ho\u1ea1t, b\u1ec1n b\u1ec9 v\u00e0 hi\u1ec7u qu\u1ea3 cho c\u00e1c \u1ee9ng d\u1ee5ng \u0111\u00f2i h\u1ecfi k\u00edch th\u01b0\u1edbc, hi\u1ec7u su\u1ea5t c\u00f4ng su\u1ea5t v\u00e0 \u0111\u1ed9 tin c\u1eady cao.<\/p>\n<p><img loading=\"lazy\" decoding=\"async\" class=\"alignnone size-full wp-image-3336\" src=\"https:\/\/fmp-components.com\/wp-content\/uploads\/2025\/01\/DC-motor-tgp01d-a130-product.webp\" alt=\"\u0110\u1ed9ng c\u01a1 DC-tgp01d-a130\" width=\"1071\" height=\"742\" title=\"\" srcset=\"https:\/\/fmp-components.com\/wp-content\/uploads\/2025\/01\/DC-motor-tgp01d-a130-product.webp 1071w, https:\/\/fmp-components.com\/wp-content\/uploads\/2025\/01\/DC-motor-tgp01d-a130-product-980x679.webp 980w, https:\/\/fmp-components.com\/wp-content\/uploads\/2025\/01\/DC-motor-tgp01d-a130-product-480x333.webp 480w\" sizes=\"(min-width: 0px) and (max-width: 480px) 480px, (min-width: 481px) and (max-width: 980px) 980px, (min-width: 981px) 1071px, 100vw\" \/><\/p>\n<h2>Gi\u1edbi thi\u1ec7u v\u1ec1 FMP<\/h2>\n<p>FMP l\u00e0 nh\u00e0 s\u1ea3n xu\u1ea5t h\u00e0ng \u0111\u1ea7u chuy\u00ean thi\u1ebft k\u1ebf, ph\u00e1t tri\u1ec3n v\u00e0 s\u1ea3n xu\u1ea5t h\u1ed9p s\u1ed1, xi lanh th\u1ee7y l\u1ef1c, \u0111\u1ed9ng c\u01a1, tr\u1ee5c PTO, \u0111\u1ed9ng c\u01a1 vi m\u00f4 c\u00f3 \u0111\u1ed9 ch\u00ednh x\u00e1c cao v\u00e0 nhi\u1ec1u lo\u1ea1i linh ki\u1ec7n thi\u1ebft y\u1ebfu kh\u00e1c. Nh\u1edd s\u1ef1 t\u1eadn t\u00e2m v\u00e0 n\u1ed7 l\u1ef1c kh\u00f4ng ng\u1eebng c\u1ee7a to\u00e0n th\u1ec3 \u0111\u1ed9i ng\u0169, ch\u00fang t\u00f4i \u0111\u00e3 kh\u1eb3ng \u0111\u1ecbnh v\u1ecb th\u1ebf l\u00e0 m\u1ed9t trong nh\u1eefng c\u00f4ng ty h\u00e0ng \u0111\u1ea7u trong ng\u00e0nh. S\u1ea3n ph\u1ea9m c\u1ee7a ch\u00fang t\u00f4i \u0111\u01b0\u1ee3c xu\u1ea5t kh\u1ea9u tr\u00ean to\u00e0n c\u1ea7u, v\u1edbi s\u1ef1 hi\u1ec7n di\u1ec7n m\u1ea1nh m\u1ebd t\u1ea1i Ch\u00e2u \u00c2u, B\u1eafc M\u1ef9, \u0110\u00f4ng Nam \u00c1 v\u00e0 c\u00e1c khu v\u1ef1c kh\u00e1c. Ch\u00fang t\u00f4i \u0111\u00e3 t\u1ea1o d\u1ef1ng \u0111\u01b0\u1ee3c danh ti\u1ebfng v\u1ec1 ch\u1ea5t l\u01b0\u1ee3ng v\u01b0\u1ee3t tr\u1ed9i, v\u00e0 s\u1ea3n ph\u1ea9m c\u1ee7a ch\u00fang t\u00f4i \u0111\u01b0\u1ee3c kh\u00e1ch h\u00e0ng tr\u00ean to\u00e0n th\u1ebf gi\u1edbi \u0111\u00e1nh gi\u00e1 cao.<\/p>\n<p>T\u1ea1i FMP, ch\u00fang t\u00f4i \u0111\u01b0\u1ee3c trang b\u1ecb c\u00e1c x\u01b0\u1edfng s\u1ea3n xu\u1ea5t quy m\u00f4 l\u1edbn, t\u00f2a nh\u00e0 v\u0103n ph\u00f2ng v\u00e0 k\u00fd t\u00fac x\u00e1 nh\u00e2n vi\u00ean. Ch\u00fang t\u00f4i c\u0169ng s\u1edf h\u1eefu c\u00e1c thi\u1ebft b\u1ecb R&amp;D, s\u1ea3n xu\u1ea5t v\u00e0 th\u1eed nghi\u1ec7m ti\u00ean ti\u1ebfn. B\u1ed9 ph\u1eadn k\u1ef9 thu\u1eadt s\u1ea3n ph\u1ea9m chuy\u00ean nghi\u1ec7p, s\u1ea3n xu\u1ea5t khu\u00f4n m\u1eabu v\u00e0 trung t\u00e2m l\u1eafp r\u00e1p cho ph\u00e9p ch\u00fang t\u00f4i cung c\u1ea5p c\u00e1c gi\u1ea3i ph\u00e1p ho\u00e0n to\u00e0n t\u00f9y ch\u1ec9nh, ph\u00f9 h\u1ee3p v\u1edbi nhu c\u1ea7u c\u1ee5 th\u1ec3 c\u1ee7a kh\u00e1ch h\u00e0ng. V\u1edbi n\u1ec1n t\u1ea3ng k\u1ef9 thu\u1eadt v\u1eefng ch\u1eafc, quy tr\u00ecnh s\u1ea3n xu\u1ea5t hi\u1ec7u qu\u1ea3 v\u00e0 h\u1ec7 th\u1ed1ng qu\u1ea3n l\u00fd m\u1ea1nh m\u1ebd, FMP lu\u00f4n n\u1ed5i tr\u1ed9i trong vi\u1ec7c cung c\u1ea5p c\u00e1c s\u1ea3n ph\u1ea9m \u0111\u00e1p \u1ee9ng c\u00e1c ti\u00eau chu\u1ea9n cao nh\u1ea5t.<\/p>\n<p>Cam k\u1ebft v\u1ec1 ch\u1ea5t l\u01b0\u1ee3ng c\u1ee7a ch\u00fang t\u00f4i \u0111\u01b0\u1ee3c th\u1ec3 hi\u1ec7n trong t\u1eebng chi ti\u1ebft ho\u1ea1t \u0111\u1ed9ng, t\u1eeb l\u1ef1a ch\u1ecdn v\u1eadt li\u1ec7u, thi\u1ebft k\u1ebf v\u00e0 s\u1ea3n xu\u1ea5t, \u0111\u1ebfn giao h\u00e0ng v\u00e0 ph\u1ea3n h\u1ed3i c\u1ee7a kh\u00e1ch h\u00e0ng. Ch\u00fang t\u00f4i \u01b0u ti\u00ean s\u1ef1 h\u00e0i l\u00f2ng c\u1ee7a kh\u00e1ch h\u00e0ng v\u00e0 n\u1ed7 l\u1ef1c cung c\u1ea5p d\u1ecbch v\u1ee5 xu\u1ea5t s\u1eafc \u1edf m\u1ecdi b\u01b0\u1edbc c\u1ee7a quy tr\u00ecnh. FMP kh\u00f4ng t\u00ecm ki\u1ebfm l\u1ee3i nhu\u1eadn qu\u00e1 m\u1ee9c m\u00e0 t\u1eadp trung v\u00e0o vi\u1ec7c thi\u1ebft l\u1eadp v\u00e0 duy tr\u00ec m\u1ed1i quan h\u1ec7 \u0111\u1ed1i t\u00e1c l\u00e2u d\u00e0i, c\u00f9ng c\u00f3 l\u1ee3i v\u1edbi kh\u00e1ch h\u00e0ng.<\/p>\n<p>Ch\u00fang t\u00f4i lu\u00f4n s\u1eb5n s\u00e0ng h\u1ee3p t\u00e1c v\u00e0 mong mu\u1ed1n c\u00f9ng c\u00e1c \u0111\u1ed1i t\u00e1c ki\u1ebfn \u200b\u200bt\u1ea1o m\u1ed9t t\u01b0\u01a1ng lai t\u01b0\u01a1i s\u00e1ng. C\u00e1c gi\u1ea3i ph\u00e1p t\u00f9y ch\u1ec9nh c\u1ee7a ch\u00fang t\u00f4i \u0111\u01b0\u1ee3c thi\u1ebft k\u1ebf \u0111\u1ec3 \u0111\u00e1p \u1ee9ng nhu c\u1ea7u ng\u00e0y c\u00e0ng cao c\u1ee7a kh\u00e1ch h\u00e0ng, \u0111\u1ea3m b\u1ea3o m\u1ed7i d\u1ef1 \u00e1n \u0111\u1ec1u nh\u1eadn \u0111\u01b0\u1ee3c s\u1ef1 quan t\u00e2m v\u00e0 chuy\u00ean m\u00f4n cao nh\u1ea5t. D\u00f9 b\u1ea1n c\u1ea7n s\u1ea3n ph\u1ea9m ti\u00eau chu\u1ea9n hay gi\u1ea3i ph\u00e1p chuy\u00ean bi\u1ec7t, FMP cam k\u1ebft h\u1ed7 tr\u1ee3 th\u00e0nh c\u00f4ng c\u1ee7a b\u1ea1n.<\/p>\n<p><img loading=\"lazy\" decoding=\"async\" class=\"alignnone size-full wp-image-3335\" src=\"https:\/\/fmp-components.com\/wp-content\/uploads\/2025\/01\/DC-motor-tgp01d-a130-product-1.webp\" alt=\"\u0110\u1ed9ng c\u01a1 DC-tgp01d-a130\" width=\"883\" height=\"574\" title=\"\" srcset=\"https:\/\/fmp-components.com\/wp-content\/uploads\/2025\/01\/DC-motor-tgp01d-a130-product-1.webp 883w, https:\/\/fmp-components.com\/wp-content\/uploads\/2025\/01\/DC-motor-tgp01d-a130-product-1-480x312.webp 480w\" sizes=\"(min-width: 0px) and (max-width: 480px) 480px, (min-width: 481px) 883px, 100vw\" \/><\/p>\n<p>T\u00e1c gi\u1ea3: CX<\/p>","protected":false},"excerpt":{"rendered":"<p>Specification Motor Type Small Size DC Gear Motor Characteristics Low Speed, Big Torque, Low Noise Reduction Ratios 48, 120, 180, 220, 288 Applications Motorized Toy, Ride-on Toy, Robot Gear motor dimension (mm) Mini DC Motor Technical Data Motor model No Rated voltage VDC No-load speed r\/min No-load current mA Stall torque g.cm Stall current A [&hellip;]<\/p>","protected":false},"featured_media":3337,"comment_status":"open","ping_status":"closed","template":"","meta":{"_et_pb_use_builder":"","_et_pb_old_content":"","_et_gb_content_width":""},"product_brand":[],"product_cat":[85],"product_tag":[],"class_list":{"0":"post-3331","1":"product","2":"type-product","3":"status-publish","4":"has-post-thumbnail","6":"product_cat-dc-motors","8":"first","9":"instock","10":"shipping-taxable","11":"product-type-simple"},"_links":{"self":[{"href":"https:\/\/fmp-components.com\/vi\/wp-json\/wp\/v2\/product\/3331","targetHints":{"allow":["GET"]}}],"collection":[{"href":"https:\/\/fmp-components.com\/vi\/wp-json\/wp\/v2\/product"}],"about":[{"href":"https:\/\/fmp-components.com\/vi\/wp-json\/wp\/v2\/types\/product"}],"replies":[{"embeddable":true,"href":"https:\/\/fmp-components.com\/vi\/wp-json\/wp\/v2\/comments?post=3331"}],"wp:featuredmedia":[{"embeddable":true,"href":"https:\/\/fmp-components.com\/vi\/wp-json\/wp\/v2\/media\/3337"}],"wp:attachment":[{"href":"https:\/\/fmp-components.com\/vi\/wp-json\/wp\/v2\/media?parent=3331"}],"wp:term":[{"taxonomy":"product_brand","embeddable":true,"href":"https:\/\/fmp-components.com\/vi\/wp-json\/wp\/v2\/product_brand?post=3331"},{"taxonomy":"product_cat","embeddable":true,"href":"https:\/\/fmp-components.com\/vi\/wp-json\/wp\/v2\/product_cat?post=3331"},{"taxonomy":"product_tag","embeddable":true,"href":"https:\/\/fmp-components.com\/vi\/wp-json\/wp\/v2\/product_tag?post=3331"}],"curies":[{"name":"wp","href":"https:\/\/api.w.org\/{rel}","templated":true}]}}