{"id":3319,"date":"2025-01-06T06:55:29","date_gmt":"2025-01-06T06:55:29","guid":{"rendered":"https:\/\/fmp-components.com\/?page_id=8"},"modified":"2025-01-06T06:55:29","modified_gmt":"2025-01-06T06:55:29","slug":"agriculture-gearbox-for-hay-tedder-fmp04","status":"publish","type":"product","link":"https:\/\/fmp-components.com\/vi\/product\/agriculture-gearbox-for-hay-tedder-fmp04\/","title":{"rendered":"H\u1ed9p s\u1ed1 n\u00f4ng nghi\u1ec7p cho m\u00e1y b\u0103m c\u1ecf kh\u00f4 FMP04"},"content":{"rendered":"<h2>H\u1ed9p s\u1ed1 n\u00f4ng nghi\u1ec7p cho m\u00e1y b\u0103m c\u1ecf kh\u00f4 FMP04 <img loading=\"lazy\" decoding=\"async\" class=\"alignnone  wp-image-3321\" src=\"https:\/\/fmp-components.com\/wp-content\/uploads\/2025\/01\/agricutural-gearbox-ep04.png\" alt=\"h\u1ed9p s\u1ed1 n\u00f4ng nghi\u1ec7p fmp04\" width=\"820\" height=\"859\" title=\"\" srcset=\"https:\/\/fmp-components.com\/wp-content\/uploads\/2025\/01\/agricutural-gearbox-ep04.png 820w, https:\/\/fmp-components.com\/wp-content\/uploads\/2025\/01\/agricutural-gearbox-ep04-480x503.png 480w\" sizes=\"(min-width: 0px) and (max-width: 480px) 480px, (min-width: 481px) 820px, 100vw\" \/><\/h2>\n<table style=\"width: 86.9315%; height: 69px;\" border=\"1\" width=\"100%\" cellspacing=\"0\" cellpadding=\"0\">\n<tbody>\n<tr style=\"height: 23px;\">\n<th style=\"width: 40.3888%; height: 23px;\">T\u1ef7 l\u1ec7<\/th>\n<td style=\"width: 46.0249%; height: 23px;\">2:1<\/td>\n<\/tr>\n<tr style=\"height: 23px;\">\n<th style=\"width: 40.3888%; height: 23px;\">T\u1ed1c \u0111\u1ed9 \u0111\u1ea7u v\u00e0o<\/th>\n<td style=\"width: 46.0249%; height: 23px;\">305 v\u00f2ng\/ph\u00fat<\/td>\n<\/tr>\n<tr style=\"height: 23px;\">\n<th style=\"width: 40.3888%; height: 23px;\">Tr\u1ee5c \u0111\u1ea7u v\u00e0o<\/th>\n<td style=\"width: 46.0249%; height: 23px;\">X<\/td>\n<\/tr>\n<\/tbody>\n<\/table>\n<h2>\u0110\u1eb7c \u0111i\u1ec3m c\u1ee7a H\u1ed9p s\u1ed1 n\u00f4ng nghi\u1ec7p m\u00e1y c\u1eaft c\u1ecf kh\u00f4 FMP04<\/h2>\n<p>H\u1ed9p s\u1ed1 n\u00f4ng nghi\u1ec7p FMP04 Hay Tedder \u0111\u01b0\u1ee3c thi\u1ebft k\u1ebf \u0111\u1eb7c bi\u1ec7t cho m\u00e1y m\u00f3c n\u00f4ng nghi\u1ec7p, \u0111\u1eb7c bi\u1ec7t l\u00e0 m\u00e1y b\u0103m c\u1ecf kh\u00f4. H\u1ed9p s\u1ed1 n\u00e0y mang \u0111\u1ebfn s\u1ef1 k\u1ebft h\u1ee3p gi\u1eefa \u0111\u1ed9 b\u1ec1n, \u0111\u1ed9 ch\u00ednh x\u00e1c v\u00e0 hi\u1ec7u su\u1ea5t cao, \u0111\u1ea3m b\u1ea3o ho\u1ea1t \u0111\u1ed9ng t\u1ed1i \u01b0u trong m\u00f4i tr\u01b0\u1eddng n\u00f4ng nghi\u1ec7p kh\u1eafc nghi\u1ec7t. D\u01b0\u1edbi \u0111\u00e2y l\u00e0 m\u1ed9t s\u1ed1 t\u00ednh n\u0103ng ch\u00ednh c\u1ee7a H\u1ed9p s\u1ed1 n\u00f4ng nghi\u1ec7p FMP04 Hay Tedder:<\/p>\n<p>1. <strong>\u0110\u1ed9 b\u1ec1n cao<\/strong><\/p>\n<ul>\n<li>\u0110\u01b0\u1ee3c ch\u1ebf t\u1ea1o b\u1eb1ng v\u1eadt li\u1ec7u ch\u1ea5t l\u01b0\u1ee3ng cao, h\u1ed9p s\u1ed1 FMP04 c\u00f3 kh\u1ea3 n\u0103ng ch\u1ecbu \u0111\u01b0\u1ee3c \u0111i\u1ec1u ki\u1ec7n kh\u1eafc nghi\u1ec7t c\u1ee7a c\u00e1nh \u0111\u1ed3ng n\u00f4ng nghi\u1ec7p, \u0111\u1ea3m b\u1ea3o hi\u1ec7u su\u1ea5t v\u00e0 \u0111\u1ed9 tin c\u1eady l\u00e2u d\u00e0i.<\/li>\n<\/ul>\n<p>2. <strong>K\u1ef9 thu\u1eadt ch\u00ednh x\u00e1c<\/strong><\/p>\n<ul>\n<li>\u0110\u01b0\u1ee3c thi\u1ebft k\u1ebf v\u1edbi s\u1ef1 ch\u00fa \u00fd t\u1ec9 m\u1ec9 \u0111\u1ebfn t\u1eebng chi ti\u1ebft, h\u1ed9p s\u1ed1 \u0111\u1ea3m b\u1ea3o truy\u1ec1n l\u1ef1c m\u01b0\u1ee3t m\u00e0 v\u00e0 hi\u1ec7u qu\u1ea3, n\u00e2ng cao hi\u1ec7u qu\u1ea3 ho\u1ea1t \u0111\u1ed9ng c\u1ee7a m\u00e1y b\u0103m c\u1ecf kh\u00f4.<\/li>\n<\/ul>\n<p>3. <strong>Thi\u1ebft k\u1ebf nh\u1ecf g\u1ecdn v\u00e0 ch\u1eafc ch\u1eafn<\/strong><\/p>\n<ul>\n<li>Thi\u1ebft k\u1ebf nh\u1ecf g\u1ecdn gi\u00fap d\u1ec5 d\u00e0ng t\u00edch h\u1ee3p v\u00e0o nhi\u1ec1u m\u1eabu m\u00e1y b\u0103m c\u1ecf kh\u00e1c nhau, trong khi k\u1ebft c\u1ea5u ch\u1eafc ch\u1eafn \u0111\u1ea3m b\u1ea3o kh\u1ea3 n\u0103ng ch\u1ed1ng m\u00e0i m\u00f2n, ngay c\u1ea3 khi s\u1eed d\u1ee5ng \u1edf c\u01b0\u1eddng \u0111\u1ed9 cao.<\/li>\n<\/ul>\n<p>4. <strong>Truy\u1ec1n t\u1ea3i \u0111i\u1ec7n hi\u1ec7u qu\u1ea3<\/strong><\/p>\n<ul>\n<li>T\u1ef7 s\u1ed1 truy\u1ec1n \u0111\u1ed9ng \u0111\u01b0\u1ee3c t\u1ed1i \u01b0u h\u00f3a \u0111\u1ea3m b\u1ea3o truy\u1ec1n l\u1ef1c hi\u1ec7u qu\u1ea3 t\u1eeb tr\u1ee5c PTO \u0111\u1ebfn c\u00e1c b\u1ed9 ph\u1eadn m\u00e1y b\u0103m c\u1ecf, gi\u1ea3m thi\u1ec3u th\u1ea5t tho\u00e1t n\u0103ng l\u01b0\u1ee3ng v\u00e0 t\u1ed1i \u0111a h\u00f3a hi\u1ec7u qu\u1ea3 ho\u1ea1t \u0111\u1ed9ng.<\/li>\n<\/ul>\n<p>5. <strong>B\u1ea3o tr\u00ec d\u1ec5 d\u00e0ng<\/strong><\/p>\n<ul>\n<li>H\u1ed9p s\u1ed1 FMP04 \u0111\u01b0\u1ee3c thi\u1ebft k\u1ebf \u0111\u1ec3 b\u1ea3o tr\u00ec d\u1ec5 d\u00e0ng v\u1edbi c\u00e1c t\u00ednh n\u0103ng th\u00e2n thi\u1ec7n v\u1edbi ng\u01b0\u1eddi d\u00f9ng, cho ph\u00e9p ki\u1ec3m tra v\u00e0 b\u1ea3o d\u01b0\u1ee1ng nhanh ch\u00f3ng, gi\u1ea3m thi\u1ec3u th\u1eddi gian ch\u1ebft trong m\u00f9a n\u00f4ng nghi\u1ec7p b\u1eadn r\u1ed9n.<\/li>\n<\/ul>\n<p>H\u1ed9p s\u1ed1 n\u00f4ng nghi\u1ec7p m\u00e1y b\u0103m c\u1ecf kh\u00f4 FMP04 l\u00e0 s\u1ef1 l\u1ef1a ch\u1ecdn tuy\u1ec7t v\u1eddi cho nh\u1eefng ng\u01b0\u1eddi n\u00f4ng d\u00e2n \u0111ang t\u00ecm ki\u1ebfm gi\u1ea3i ph\u00e1p b\u1ec1n b\u1ec9, hi\u1ec7u qu\u1ea3 v\u00e0 linh ho\u1ea1t cho ho\u1ea1t \u0111\u1ed9ng b\u0103m c\u1ecf kh\u00f4 c\u1ee7a m\u00ecnh, mang l\u1ea1i kh\u1ea3 n\u0103ng truy\u1ec1n l\u1ef1c t\u1ed1i \u01b0u v\u00e0 \u0111\u1ed9 tin c\u1eady l\u00e2u d\u00e0i.<\/p>\n<h2>Gi\u1edbi thi\u1ec7u v\u1ec1 FMP<\/h2>\n<p>C\u00f3 tr\u1ee5 s\u1edf ch\u00ednh t\u1ea1i \u00dd, FMP l\u00e0 \u0111\u01a1n v\u1ecb d\u1eabn \u0111\u1ea7u trong l\u0129nh v\u1ef1c thi\u1ebft k\u1ebf, ph\u00e1t tri\u1ec3n v\u00e0 s\u1ea3n xu\u1ea5t h\u1ed9p s\u1ed1 hi\u1ec7u su\u1ea5t cao, t\u1eadp trung chuy\u00ean s\u00e2u v\u00e0o l\u0129nh v\u1ef1c m\u00e1y m\u00f3c n\u00f4ng nghi\u1ec7p. N\u1ed5i ti\u1ebfng v\u1edbi k\u1ef9 thu\u1eadt ch\u00ednh x\u00e1c, gi\u1ea3i ph\u00e1p ti\u00ean ti\u1ebfn v\u00e0 \u0111\u1ed9 tin c\u1eady tuy\u1ec7t \u0111\u1ed1i, FMP \u0111\u00e3 kh\u1eb3ng \u0111\u1ecbnh v\u1ecb th\u1ebf l\u00e0 \u0111\u1ed1i t\u00e1c \u0111\u00e1ng tin c\u1eady tr\u00ean c\u1ea3 th\u1ecb tr\u01b0\u1eddng n\u00f4ng nghi\u1ec7p v\u00e0 c\u00f4ng nghi\u1ec7p. Danh m\u1ee5c s\u1ea3n ph\u1ea9m phong ph\u00fa c\u1ee7a ch\u00fang t\u00f4i bao g\u1ed3m h\u1ed9p s\u1ed1 \u0111\u01b0\u1ee3c thi\u1ebft k\u1ebf ri\u00eang cho m\u00e1y c\u1eaft c\u1ecf, tr\u1ee5c PTO v\u00e0 c\u00e1c linh ki\u1ec7n quan tr\u1ecdng kh\u00e1c, m\u1ed7i s\u1ea3n ph\u1ea9m \u0111\u1ec1u \u0111\u01b0\u1ee3c ch\u1ebf t\u1ea1o \u0111\u1ec3 \u0111\u00e1p \u1ee9ng nhu c\u1ea7u ri\u00eang bi\u1ec7t c\u1ee7a nhi\u1ec1u \u1ee9ng d\u1ee5ng kh\u00e1c nhau.<\/p>\n<p>T\u1ea1i FMP, ch\u00fang t\u00f4i hi\u1ec3u r\u1eb1ng m\u1ed7i kh\u00e1ch h\u00e0ng \u0111\u1ec1u c\u00f3 nh\u1eefng th\u00e1ch th\u1ee9c v\u00e0 y\u00eau c\u1ea7u ri\u00eang. Hi\u1ec3u bi\u1ebft s\u00e2u s\u1eafc n\u00e0y th\u00fac \u0111\u1ea9y ch\u00fang t\u00f4i cam k\u1ebft cung c\u1ea5p c\u00e1c gi\u1ea3i ph\u00e1p ph\u00f9 h\u1ee3p, d\u00f9 l\u00e0 cho t\u1eebng th\u00e0nh ph\u1ea7n ri\u00eang l\u1ebb hay to\u00e0n b\u1ed9 h\u1ec7 th\u1ed1ng t\u00edch h\u1ee3p. B\u1eb1ng c\u00e1ch h\u1ee3p t\u00e1c ch\u1eb7t ch\u1ebd v\u1edbi kh\u00e1ch h\u00e0ng, ch\u00fang t\u00f4i \u0111\u1ea3m b\u1ea3o m\u1ecdi gi\u1ea3i ph\u00e1p \u0111\u1ec1u \u0111\u01b0\u1ee3c thi\u1ebft k\u1ebf ri\u00eang, \u0111\u00e1p \u1ee9ng ch\u00ednh x\u00e1c nhu c\u1ea7u c\u1ee7a h\u1ecd, t\u1ed1i \u01b0u h\u00f3a hi\u1ec7u su\u1ea5t v\u00e0 t\u1ed1i \u0111a h\u00f3a gi\u00e1 tr\u1ecb. S\u1ef1 t\u1eadn t\u00e2m c\u1ee7a ch\u00fang t\u00f4i trong vi\u1ec7c cung c\u1ea5p d\u1ecbch v\u1ee5 nhanh ch\u00f3ng, chuy\u00ean nghi\u1ec7p v\u00e0 h\u01b0\u1edbng d\u1eabn chuy\u00ean m\u00f4n \u0111\u1ea3m b\u1ea3o m\u1ecdi d\u1ef1 \u00e1n \u0111\u1ec1u \u0111\u01b0\u1ee3c x\u1eed l\u00fd ch\u00ednh x\u00e1c, lu\u00f4n \u0111\u1ea1t \u0111\u01b0\u1ee3c k\u1ebft qu\u1ea3 t\u1ed1t nh\u1ea5t c\u00f3 th\u1ec3.<\/p>\n<p>Ch\u00fang t\u00f4i \u01b0u ti\u00ean giao ti\u1ebfp r\u00f5 r\u00e0ng, li\u00ean t\u1ee5c trong su\u1ed1t m\u1ecdi giai \u0111o\u1ea1n c\u1ee7a chu tr\u00ecnh ph\u00e1t tri\u1ec3n s\u1ea3n ph\u1ea9m. \u0110\u1ed9i ng\u0169 chuy\u00ean gia c\u1ee7a ch\u00fang t\u00f4i h\u1ee3p t\u00e1c ch\u1eb7t ch\u1ebd v\u1edbi kh\u00e1ch h\u00e0ng \u0111\u1ec3 hi\u1ec3u r\u00f5 y\u00eau c\u1ea7u c\u1ee7a h\u1ecd, \u0111\u01b0a ra nh\u1eefng hi\u1ec3u bi\u1ebft s\u00e2u s\u1eafc v\u00e0 khuy\u1ebfn ngh\u1ecb thi\u1ebft th\u1ef1c nh\u1eb1m \u0111\u1ea3m b\u1ea3o k\u1ebft qu\u1ea3 t\u1ed1i \u01b0u. D\u00f9 \u0111ang t\u1ea1o ra c\u00e1c s\u1ea3n ph\u1ea9m s\u00e1ng t\u1ea1o hay th\u1ef1c hi\u1ec7n c\u00e1c \u0111\u01a1n h\u00e0ng th\u01b0\u1eddng xuy\u00ean, FMP lu\u00f4n cam k\u1ebft cung c\u1ea5p c\u00e1c gi\u1ea3i ph\u00e1p ch\u1ea5t l\u01b0\u1ee3ng cao, \u0111\u01b0\u1ee3c thi\u1ebft k\u1ebf ch\u00ednh x\u00e1c, \u0111\u00fang h\u1ea1n. S\u1ee9 m\u1ec7nh c\u1ee7a ch\u00fang t\u00f4i l\u00e0 v\u01b0\u1ee3t tr\u00ean c\u1ea3 s\u1ef1 mong \u0111\u1ee3i c\u1ee7a kh\u00e1ch h\u00e0ng, mang \u0111\u1ebfn d\u1ecbch v\u1ee5 v\u00e0 k\u1ebft qu\u1ea3 v\u01b0\u1ee3t tr\u1ed9i trong m\u1ecdi d\u1ef1 \u00e1n ch\u00fang t\u00f4i \u0111\u1ea3m nh\u1eadn.<\/p>\n<p>Tr\u1ecdng t\u00e2m ho\u1ea1t \u0111\u1ed9ng c\u1ee7a FMP l\u00e0 cam k\u1ebft v\u1eefng ch\u1eafc v\u1ec1 ch\u1ea5t l\u01b0\u1ee3ng. Ch\u00fang t\u00f4i tu\u00e2n th\u1ee7 c\u00e1c ti\u00eau chu\u1ea9n cao nh\u1ea5t c\u1ee7a ng\u00e0nh v\u00e0 th\u1ef1c hi\u1ec7n c\u00e1c quy tr\u00ecnh ki\u1ec3m so\u00e1t ch\u1ea5t l\u01b0\u1ee3ng nghi\u00eam ng\u1eb7t \u0111\u1ec3 \u0111\u1ea3m b\u1ea3o m\u1ed7i s\u1ea3n ph\u1ea9m \u0111\u1ec1u \u0111\u00e1p \u1ee9ng v\u00e0 v\u01b0\u1ee3t qua c\u00e1c ti\u00eau chu\u1ea9n c\u1ee7a ng\u00e0nh. Cam k\u1ebft v\u1ec1 s\u1ef1 xu\u1ea5t s\u1eafc n\u00e0y, k\u1ebft h\u1ee3p v\u1edbi c\u00e1c gi\u00e1 tr\u1ecb c\u1ed1t l\u00f5i c\u1ee7a ch\u00fang t\u00f4i l\u00e0 ch\u00ednh tr\u1ef1c, tinh th\u1ea7n \u0111\u1ed3ng \u0111\u1ed9i v\u00e0 s\u1ef1 ki\u00ean tr\u00ec, \u0111\u00e3 cho ph\u00e9p ch\u00fang t\u00f4i x\u00e2y d\u1ef1ng m\u1ed1i quan h\u1ec7 l\u00e2u d\u00e0i, d\u1ef1a tr\u00ean s\u1ef1 tin c\u1eady v\u1edbi kh\u00e1ch h\u00e0ng t\u1ea1i g\u1ea7n 30 qu\u1ed1c gia tr\u00ean to\u00e0n c\u1ea7u.<\/p>\n<p>FMP t\u00e2m huy\u1ebft v\u1edbi vi\u1ec7c th\u00fac \u0111\u1ea9y quan h\u1ec7 \u0111\u1ed1i t\u00e1c to\u00e0n c\u1ea7u, cung c\u1ea5p t\u01b0 v\u1ea5n chuy\u00ean m\u00f4n v\u00e0 c\u00e1c gi\u1ea3i ph\u00e1p t\u00f9y ch\u1ec9nh, lu\u00f4n thay \u0111\u1ed5i \u0111\u1ec3 \u0111\u00e1p \u1ee9ng nhu c\u1ea7u lu\u00f4n thay \u0111\u1ed5i c\u1ee7a kh\u00e1ch h\u00e0ng. Ch\u00fang t\u00f4i cam k\u1ebft x\u00e2y d\u1ef1ng m\u1ed1i quan h\u1ec7 l\u00e2u d\u00e0i, c\u00f9ng c\u00f3 l\u1ee3i, g\u00f3p ph\u1ea7n v\u00e0o th\u00e0nh c\u00f4ng c\u1ee7a m\u1ecdi d\u1ef1 \u00e1n. Cho d\u00f9 b\u1ea1n c\u1ea7n c\u00e1c gi\u1ea3i ph\u00e1p s\u00e1ng t\u1ea1o cho m\u1ed9t s\u00e1ng ki\u1ebfn \u200b\u200bm\u1edbi hay h\u1ed7 tr\u1ee3 li\u00ean t\u1ee5c cho m\u1ed9t h\u1ec7 th\u1ed1ng hi\u1ec7n c\u00f3, FMP lu\u00f4n s\u1eb5n s\u00e0ng h\u1ed7 tr\u1ee3 b\u1ea1n v\u01b0\u1ee3t qua nh\u1eefng th\u00e1ch th\u1ee9c k\u1ef9 thu\u1eadt v\u00e0 \u0111\u1ea3m b\u1ea3o th\u00e0nh c\u00f4ng b\u1ec1n v\u1eefng.<\/p>\n<p><img loading=\"lazy\" decoding=\"async\" class=\"alignnone wp-image-2695\" src=\"https:\/\/fmp-components.com\/wp-content\/uploads\/2025\/01\/agricultural-gearbox3.webp\" alt=\"h\u1ed9p s\u1ed1 n\u00f4ng nghi\u1ec7p\" width=\"1140\" height=\"1138\" title=\"\" srcset=\"https:\/\/fmp-components.com\/wp-content\/uploads\/2025\/01\/agricultural-gearbox3.webp 1140w, https:\/\/fmp-components.com\/wp-content\/uploads\/2025\/01\/agricultural-gearbox3-480x479.webp 480w\" sizes=\"(min-width: 0px) and (max-width: 480px) 480px, (min-width: 481px) 1140px, 100vw\" \/><\/p>\n<p>T\u00e1c gi\u1ea3: CX<\/p>","protected":false},"excerpt":{"rendered":"<p>Agriculture Gearbox For Hay Tedder FMP04 Specification Ratio 2:1 Input Speed 305 rpm Input Shaft X Features of Hay Tedder Agriculture Gearbox FMP04 The FMP04 Hay Tedder Agricultural Gearbox is specifically designed for agricultural machinery, particularly for hay tedders. This gearbox offers a combination of durability, precision, and high performance, ensuring optimal operation in demanding [&hellip;]<\/p>","protected":false},"featured_media":3320,"comment_status":"open","ping_status":"closed","template":"","meta":{"_et_pb_use_builder":"","_et_pb_old_content":"","_et_gb_content_width":""},"product_brand":[],"product_cat":[83],"product_tag":[],"class_list":{"0":"post-3319","1":"product","2":"type-product","3":"status-publish","4":"has-post-thumbnail","6":"product_cat-gearbox-for-hay-tedders","8":"first","9":"instock","10":"shipping-taxable","11":"product-type-simple"},"_links":{"self":[{"href":"https:\/\/fmp-components.com\/vi\/wp-json\/wp\/v2\/product\/3319","targetHints":{"allow":["GET"]}}],"collection":[{"href":"https:\/\/fmp-components.com\/vi\/wp-json\/wp\/v2\/product"}],"about":[{"href":"https:\/\/fmp-components.com\/vi\/wp-json\/wp\/v2\/types\/product"}],"replies":[{"embeddable":true,"href":"https:\/\/fmp-components.com\/vi\/wp-json\/wp\/v2\/comments?post=3319"}],"wp:featuredmedia":[{"embeddable":true,"href":"https:\/\/fmp-components.com\/vi\/wp-json\/wp\/v2\/media\/3320"}],"wp:attachment":[{"href":"https:\/\/fmp-components.com\/vi\/wp-json\/wp\/v2\/media?parent=3319"}],"wp:term":[{"taxonomy":"product_brand","embeddable":true,"href":"https:\/\/fmp-components.com\/vi\/wp-json\/wp\/v2\/product_brand?post=3319"},{"taxonomy":"product_cat","embeddable":true,"href":"https:\/\/fmp-components.com\/vi\/wp-json\/wp\/v2\/product_cat?post=3319"},{"taxonomy":"product_tag","embeddable":true,"href":"https:\/\/fmp-components.com\/vi\/wp-json\/wp\/v2\/product_tag?post=3319"}],"curies":[{"name":"wp","href":"https:\/\/api.w.org\/{rel}","templated":true}]}}