{"id":3312,"date":"2025-01-06T05:35:19","date_gmt":"2025-01-06T05:35:19","guid":{"rendered":"https:\/\/fmp-components.com\/?page_id=8"},"modified":"2025-01-06T05:35:20","modified_gmt":"2025-01-06T05:35:20","slug":"agitators-gearbox-for-sewage-fmp22","status":"publish","type":"product","link":"https:\/\/fmp-components.com\/vi\/product\/agitators-gearbox-for-sewage-fmp22\/","title":{"rendered":"H\u1ed9p s\u1ed1 m\u00e1y khu\u1ea5y cho h\u1ec7 th\u1ed1ng x\u1eed l\u00fd n\u01b0\u1edbc th\u1ea3i FMP22"},"content":{"rendered":"<h2>Th\u00f4ng s\u1ed1 k\u1ef9 thu\u1eadt h\u1ed9p s\u1ed1 m\u00e1y khu\u1ea5y<\/h2>\n<p><img loading=\"lazy\" decoding=\"async\" class=\"alignnone wp-image-3315\" src=\"https:\/\/fmp-components.com\/wp-content\/uploads\/2025\/01\/agricutural-gearbox-FMP22.png\" alt=\"h\u1ed9p s\u1ed1 n\u00f4ng nghi\u1ec7p-FMP22\" width=\"817\" height=\"740\" title=\"\" srcset=\"https:\/\/fmp-components.com\/wp-content\/uploads\/2025\/01\/agricutural-gearbox-FMP22.png 817w, https:\/\/fmp-components.com\/wp-content\/uploads\/2025\/01\/agricutural-gearbox-FMP22-480x435.png 480w\" sizes=\"(min-width: 0px) and (max-width: 480px) 480px, (min-width: 481px) 817px, 100vw\" \/><\/p>\n<table style=\"width: 88.6601%;\" border=\"1\" width=\"100%\" cellspacing=\"0\" cellpadding=\"0\">\n<tbody>\n<tr>\n<th style=\"width: 41.843%;\">T\u1ef7 l\u1ec7<\/th>\n<td style=\"width: 46.6019%;\">1:1, 1:1.25<\/td>\n<\/tr>\n<tr>\n<th style=\"width: 41.843%;\">T\u1ed1c \u0111\u1ed9 \u0111\u1ea7u v\u00e0o (v\u00f2ng\/ph\u00fat)<\/th>\n<td style=\"width: 46.6019%;\">3200, 3500, 1750<\/td>\n<\/tr>\n<tr>\n<th style=\"width: 41.843%;\">Tr\u1ee5c \u0111\u1ea7u v\u00e0o<\/th>\n<td style=\"width: 46.6019%;\">Z<\/td>\n<\/tr>\n<\/tbody>\n<\/table>\n<h2 data-pm-slice=\"0 0 []\">\u0110\u1eb7c \u0111i\u1ec3m c\u1ee7a h\u1ed9p s\u1ed1 m\u00e1y tr\u1ed9n n\u01b0\u1edbc th\u1ea3i<\/h2>\n<ol>\n<li><strong>X\u00e2y d\u1ef1ng h\u1ea1ng n\u1eb7ng<\/strong><br \/>\n\u0110\u01b0\u1ee3c thi\u1ebft k\u1ebf v\u1edbi v\u1eadt li\u1ec7u b\u1ec1n ch\u1eafc, h\u1ed9p s\u1ed1 m\u00e1y tr\u1ed9n n\u01b0\u1edbc th\u1ea3i \u0111\u01b0\u1ee3c ch\u1ebf t\u1ea1o \u0111\u1ec3 ch\u1ecbu \u0111\u01b0\u1ee3c m\u00f4i tr\u01b0\u1eddng kh\u1eafc nghi\u1ec7t v\u00e0 \u0111\u00f2i h\u1ecfi cao, bao g\u1ed3m c\u1ea3 vi\u1ec7c ti\u1ebfp x\u00fac v\u1edbi h\u00f3a ch\u1ea5t, ch\u1ea5t m\u00e0i m\u00f2n v\u00e0 ch\u1ea5t \u0103n m\u00f2n th\u01b0\u1eddng th\u1ea5y trong qu\u00e1 tr\u00ecnh x\u1eed l\u00fd n\u01b0\u1edbc th\u1ea3i.<\/li>\n<li><strong>Kh\u1ea3 n\u0103ng m\u00f4-men xo\u1eafn cao<\/strong><br \/>\nH\u1ed9p s\u1ed1 \u0111\u01b0\u1ee3c thi\u1ebft k\u1ebf \u0111\u1ec3 cung c\u1ea5p m\u00f4-men xo\u1eafn cao, \u0111\u1ea3m b\u1ea3o ho\u1ea1t \u0111\u1ed9ng hi\u1ec7u qu\u1ea3 v\u00e0 \u0111\u00e1ng tin c\u1eady ngay c\u1ea3 trong \u0111i\u1ec1u ki\u1ec7n t\u1ea3i n\u1eb7ng. \u0110i\u1ec1u n\u00e0y r\u1ea5t c\u1ea7n thi\u1ebft \u0111\u1ec3 v\u1eadn h\u00e0nh c\u00e1c m\u00e1y tr\u1ed9n l\u1edbn x\u1eed l\u00fd c\u00e1c v\u1eadt li\u1ec7u \u0111\u1eb7c, nh\u1edbt trong c\u00e1c nh\u00e0 m\u00e1y x\u1eed l\u00fd n\u01b0\u1edbc th\u1ea3i.<\/li>\n<li><strong>L\u1edbp ph\u1ee7 ch\u1ed1ng \u0103n m\u00f2n<\/strong><br \/>\nH\u1ed9p s\u1ed1 \u0111\u01b0\u1ee3c trang b\u1ecb l\u1edbp ph\u1ee7 ch\u1ed1ng \u0103n m\u00f2n ho\u1eb7c c\u00e1c b\u1ed9 ph\u1eadn b\u1eb1ng th\u00e9p kh\u00f4ng g\u1ec9 \u0111\u1ec3 ng\u0103n ng\u1eeba h\u01b0 h\u1ecfng do ti\u1ebfp x\u00fac v\u1edbi n\u01b0\u1edbc, n\u01b0\u1edbc th\u1ea3i v\u00e0 c\u00e1c v\u1eadt li\u1ec7u \u0103n m\u00f2n kh\u00e1c, \u0111\u1ea3m b\u1ea3o \u0111\u1ed9 b\u1ec1n l\u00e2u d\u00e0i v\u00e0 gi\u1ea3m chi ph\u00ed b\u1ea3o tr\u00ec.<\/li>\n<li><strong>Thi\u1ebft k\u1ebf nh\u1ecf g\u1ecdn v\u00e0 ti\u1ebft ki\u1ec7m kh\u00f4ng gian<\/strong><br \/>\nM\u1eb7c d\u00f9 c\u00f3 hi\u1ec7u su\u1ea5t m\u1ea1nh m\u1ebd, h\u1ed9p s\u1ed1 n\u00e0y \u0111\u01b0\u1ee3c thi\u1ebft k\u1ebf nh\u1ecf g\u1ecdn v\u00e0 ti\u1ebft ki\u1ec7m kh\u00f4ng gian, l\u00fd t\u01b0\u1edfng cho c\u00e1c c\u00f4ng tr\u00ecnh c\u00f3 di\u1ec7n t\u00edch h\u1ea1n ch\u1ebf, ch\u1eb3ng h\u1ea1n nh\u01b0 nh\u00e0 m\u00e1y x\u1eed l\u00fd n\u01b0\u1edbc th\u1ea3i ho\u1eb7c tr\u1ea1m b\u01a1m n\u01b0\u1edbc th\u1ea3i.<\/li>\n<li><strong>K\u1ef9 thu\u1eadt ch\u00ednh x\u00e1c<\/strong><br \/>\n\u0110\u01b0\u1ee3c s\u1ea3n xu\u1ea5t v\u1edbi \u0111\u1ed9 ch\u00ednh x\u00e1c cao \u0111\u1ec3 \u0111\u1ea3m b\u1ea3o ho\u1ea1t \u0111\u1ed9ng tr\u01a1n tru c\u1ee7a b\u00e1nh r\u0103ng v\u00e0 gi\u1ea3m hao m\u00f2n theo th\u1eddi gian. \u0110i\u1ec1u n\u00e0y c\u0169ng gi\u00fap v\u1eadn h\u00e0nh \u00eam \u00e1i v\u00e0 hi\u1ec7u qu\u1ea3 h\u01a1n v\u1edbi \u0111\u1ed9 rung v\u00e0 ti\u1ebfng \u1ed3n t\u1ed1i thi\u1ec3u, ngay c\u1ea3 khi s\u1eed d\u1ee5ng \u1edf c\u01b0\u1eddng \u0111\u1ed9 cao.<\/li>\n<\/ol>\n<p>Nh\u1eefng t\u00ednh n\u0103ng n\u00e0y \u0111\u1ea3m b\u1ea3o h\u1ed9p s\u1ed1 m\u00e1y tr\u1ed9n n\u01b0\u1edbc th\u1ea3i c\u00f3 th\u1ec3 ho\u1ea1t \u0111\u1ed9ng \u1ed5n \u0111\u1ecbnh trong \u0111i\u1ec1u ki\u1ec7n kh\u1eafc nghi\u1ec7t c\u1ee7a c\u00e1c nh\u00e0 m\u00e1y x\u1eed l\u00fd n\u01b0\u1edbc th\u1ea3i, \u0111\u1ed3ng th\u1eddi duy tr\u00ec hi\u1ec7u su\u1ea5t cao, \u0111\u1ed9 b\u1ec1n v\u00e0 y\u00eau c\u1ea7u b\u1ea3o tr\u00ec t\u1ed1i thi\u1ec3u.<\/p>\n<h2>Gi\u1edbi thi\u1ec7u v\u1ec1 FMP<\/h2>\n<p>C\u00f3 tr\u1ee5 s\u1edf ch\u00ednh t\u1ea1i \u00dd, FMP l\u00e0 nh\u00e0 s\u1ea3n xu\u1ea5t h\u00e0ng \u0111\u1ea7u chuy\u00ean v\u1ec1 thi\u1ebft k\u1ebf, ph\u00e1t tri\u1ec3n v\u00e0 s\u1ea3n xu\u1ea5t h\u1ed9p s\u1ed1 hi\u1ec7u su\u1ea5t cao, t\u1eadp trung ch\u1ee7 y\u1ebfu v\u00e0o l\u0129nh v\u1ef1c m\u00e1y m\u00f3c n\u00f4ng nghi\u1ec7p. \u0110\u01b0\u1ee3c c\u00f4ng nh\u1eadn v\u1ec1 k\u1ef9 thu\u1eadt ch\u00ednh x\u00e1c, c\u00e1c gi\u1ea3i ph\u00e1p s\u00e1ng t\u1ea1o v\u00e0 \u0111\u1ed9 tin c\u1eady tuy\u1ec7t \u0111\u1ed1i, FMP \u0111\u00e3 kh\u1eb3ng \u0111\u1ecbnh v\u1ecb th\u1ebf l\u00e0 \u0111\u1ed1i t\u00e1c \u0111\u00e1ng tin c\u1eady trong c\u1ea3 th\u1ecb tr\u01b0\u1eddng n\u00f4ng nghi\u1ec7p v\u00e0 c\u00f4ng nghi\u1ec7p. Danh m\u1ee5c s\u1ea3n ph\u1ea9m r\u1ed9ng l\u1edbn c\u1ee7a ch\u00fang t\u00f4i bao g\u1ed3m h\u1ed9p s\u1ed1 \u0111\u01b0\u1ee3c thi\u1ebft k\u1ebf ri\u00eang cho m\u00e1y c\u1eaft c\u1ecf, tr\u1ee5c PTO v\u00e0 nhi\u1ec1u lo\u1ea1i linh ki\u1ec7n thi\u1ebft y\u1ebfu kh\u00e1c, t\u1ea5t c\u1ea3 \u0111\u1ec1u \u0111\u01b0\u1ee3c ch\u1ebf t\u1ea1o t\u1ec9 m\u1ec9 \u0111\u1ec3 \u0111\u00e1p \u1ee9ng c\u00e1c y\u00eau c\u1ea7u ri\u00eang bi\u1ec7t c\u1ee7a nhi\u1ec1u \u1ee9ng d\u1ee5ng kh\u00e1c nhau.<\/p>\n<p>T\u1ea1i FMP, ch\u00fang t\u00f4i hi\u1ec3u r\u1eb1ng m\u1ed7i kh\u00e1ch h\u00e0ng \u0111\u1ec1u \u0111\u1ed1i m\u1eb7t v\u1edbi nh\u1eefng th\u00e1ch th\u1ee9c ri\u00eang bi\u1ec7t, \u0111\u00f3 l\u00e0 l\u00fd do t\u1ea1i sao ch\u00fang t\u00f4i lu\u00f4n n\u1ed7 l\u1ef1c cung c\u1ea5p c\u00e1c gi\u1ea3i ph\u00e1p ph\u00f9 h\u1ee3p. Cho d\u00f9 l\u00e0 m\u1ed9t linh ki\u1ec7n \u0111\u01a1n l\u1ebb hay m\u1ed9t h\u1ec7 th\u1ed1ng t\u00edch h\u1ee3p ho\u00e0n ch\u1ec9nh, ch\u00fang t\u00f4i lu\u00f4n h\u1ee3p t\u00e1c ch\u1eb7t ch\u1ebd v\u1edbi kh\u00e1ch h\u00e0ng \u0111\u1ec3 \u0111\u1ea3m b\u1ea3o m\u1ed7i gi\u1ea3i ph\u00e1p kh\u00f4ng ch\u1ec9 \u0111\u00e1p \u1ee9ng nhu c\u1ea7u c\u1ee5 th\u1ec3 c\u1ee7a h\u1ecd m\u00e0 c\u00f2n n\u00e2ng cao hi\u1ec7u su\u1ea5t v\u00e0 t\u1ed1i \u0111a h\u00f3a gi\u00e1 tr\u1ecb t\u1ed5ng th\u1ec3. Cam k\u1ebft c\u1ee7a ch\u00fang t\u00f4i trong vi\u1ec7c cung c\u1ea5p ph\u1ea3n h\u1ed3i k\u1ecbp th\u1eddi, chuy\u00ean nghi\u1ec7p v\u00e0 h\u01b0\u1edbng d\u1eabn chuy\u00ean m\u00f4n \u0111\u1ea3m b\u1ea3o m\u1ecdi y\u00eau c\u1ea7u \u0111\u1ec1u \u0111\u01b0\u1ee3c x\u1eed l\u00fd ch\u00ednh x\u00e1c, lu\u00f4n \u0111\u1ea1t \u0111\u01b0\u1ee3c k\u1ebft qu\u1ea3 t\u1ed1i \u01b0u.<\/p>\n<p>Ch\u00fang t\u00f4i lu\u00f4n \u0111\u1eb7t tr\u1ecdng t\u00e2m v\u00e0o s\u1ef1 minh b\u1ea1ch trong giao ti\u1ebfp v\u00e0 h\u1ee3p t\u00e1c xuy\u00ean su\u1ed1t to\u00e0n b\u1ed9 qu\u00e1 tr\u00ecnh ph\u00e1t tri\u1ec3n s\u1ea3n ph\u1ea9m. \u0110\u1ed9i ng\u0169 gi\u00e0u kinh nghi\u1ec7m c\u1ee7a ch\u00fang t\u00f4i l\u00e0m vi\u1ec7c ch\u1eb7t ch\u1ebd v\u1edbi kh\u00e1ch h\u00e0ng \u0111\u1ec3 hi\u1ec3u r\u00f5 y\u00eau c\u1ea7u c\u1ee7a h\u1ecd, \u0111\u01b0a ra nh\u1eefng ph\u00e2n t\u00edch chuy\u00ean s\u00e2u v\u00e0 \u0111\u1ec1 xu\u1ea5t thi\u1ebft th\u1ef1c nh\u1eb1m \u0111\u1ea1t \u0111\u01b0\u1ee3c k\u1ebft qu\u1ea3 t\u1ed1t nh\u1ea5t. Cho d\u00f9 l\u00e0 thi\u1ebft k\u1ebf c\u00e1c s\u1ea3n ph\u1ea9m ti\u00ean ti\u1ebfn hay th\u1ef1c hi\u1ec7n c\u00e1c \u0111\u01a1n \u0111\u1eb7t h\u00e0ng th\u00f4ng th\u01b0\u1eddng, FMP cam k\u1ebft cung c\u1ea5p c\u00e1c gi\u1ea3i ph\u00e1p ch\u1ea5t l\u01b0\u1ee3ng cao, \u0111\u01b0\u1ee3c thi\u1ebft k\u1ebf ch\u00ednh x\u00e1c v\u00e0 \u0111\u00fang th\u1eddi h\u1ea1n, m\u1ecdi l\u00fac m\u1ecdi n\u01a1i. M\u1ee5c ti\u00eau c\u1ee7a ch\u00fang t\u00f4i l\u00e0 lu\u00f4n v\u01b0\u1ee3t qu\u00e1 s\u1ef1 mong \u0111\u1ee3i c\u1ee7a kh\u00e1ch h\u00e0ng, cung c\u1ea5p d\u1ecbch v\u1ee5 xu\u1ea5t s\u1eafc v\u00e0 k\u1ebft qu\u1ea3 v\u01b0\u1ee3t tr\u1ed9i trong m\u1ecdi d\u1ef1 \u00e1n.<\/p>\n<p>c\u1ed1t l\u00f5i trong ho\u1ea1t \u0111\u1ed9ng c\u1ee7a FMP l\u00e0 cam k\u1ebft v\u1eefng ch\u1eafc v\u1ec1 ch\u1ea5t l\u01b0\u1ee3ng. Ch\u00fang t\u00f4i tu\u00e2n th\u1ee7 c\u00e1c ti\u00eau chu\u1ea9n s\u1ea3n xu\u1ea5t cao nh\u1ea5t v\u00e0 th\u1ef1c hi\u1ec7n c\u00e1c quy tr\u00ecnh ki\u1ec3m so\u00e1t ch\u1ea5t l\u01b0\u1ee3ng nghi\u00eam ng\u1eb7t \u0111\u1ec3 \u0111\u1ea3m b\u1ea3o m\u1ed7i s\u1ea3n ph\u1ea9m kh\u00f4ng ch\u1ec9 \u0111\u00e1p \u1ee9ng m\u00e0 c\u00f2n v\u01b0\u1ee3t qua c\u00e1c ti\u00eau chu\u1ea9n ng\u00e0nh. S\u1ef1 t\u1eadp trung v\u00e0o ch\u1ea5t l\u01b0\u1ee3ng v\u01b0\u1ee3t tr\u1ed9i n\u00e0y, k\u1ebft h\u1ee3p v\u1edbi c\u00e1c gi\u00e1 tr\u1ecb c\u1ed1t l\u00f5i c\u1ee7a ch\u00fang t\u00f4i l\u00e0 t\u00ednh ch\u00ednh tr\u1ef1c, tinh th\u1ea7n \u0111\u1ed3ng \u0111\u1ed9i v\u00e0 s\u1ef1 ki\u00ean tr\u00ec, \u0111\u00e3 cho ph\u00e9p ch\u00fang t\u00f4i x\u00e2y d\u1ef1ng c\u00e1c m\u1ed1i quan h\u1ec7 l\u00e2u d\u00e0i, d\u1ef1a tr\u00ean s\u1ef1 tin t\u01b0\u1edfng v\u1edbi kh\u00e1ch h\u00e0ng t\u1ea1i g\u1ea7n 30 qu\u1ed1c gia tr\u00ean th\u1ebf gi\u1edbi.<\/p>\n<p>FMP cam k\u1ebft th\u00fac \u0111\u1ea9y quan h\u1ec7 \u0111\u1ed1i t\u00e1c to\u00e0n c\u1ea7u b\u1eb1ng c\u00e1ch cung c\u1ea5p t\u01b0 v\u1ea5n chuy\u00ean m\u00f4n v\u00e0 c\u00e1c gi\u1ea3i ph\u00e1p t\u00f9y ch\u1ec9nh ph\u00f9 h\u1ee3p v\u1edbi nhu c\u1ea7u ng\u00e0y c\u00e0ng ph\u00e1t tri\u1ec3n c\u1ee7a kh\u00e1ch h\u00e0ng. Ch\u00fang t\u00f4i n\u1ed7 l\u1ef1c x\u00e2y d\u1ef1ng c\u00e1c m\u1ed1i quan h\u1ec7 b\u1ec1n v\u1eefng, c\u00f9ng c\u00f3 l\u1ee3i, g\u00f3p ph\u1ea7n v\u00e0o s\u1ef1 th\u00e0nh c\u00f4ng c\u1ee7a m\u1ecdi d\u1ef1 \u00e1n. Cho d\u00f9 b\u1ea1n \u0111ang t\u00ecm ki\u1ebfm c\u00e1c gi\u1ea3i ph\u00e1p s\u00e1ng t\u1ea1o cho m\u1ed9t s\u00e1ng ki\u1ebfn \u200b\u200bm\u1edbi hay h\u1ed7 tr\u1ee3 li\u00ean t\u1ee5c cho m\u1ed9t h\u1ec7 th\u1ed1ng hi\u1ec7n c\u00f3, FMP lu\u00f4n s\u1eb5n s\u00e0ng gi\u00fap b\u1ea1n v\u01b0\u1ee3t qua c\u00e1c th\u00e1ch th\u1ee9c k\u1ef9 thu\u1eadt v\u00e0 \u0111\u1ea3m b\u1ea3o s\u1ef1 th\u00e0nh c\u00f4ng li\u00ean t\u1ee5c c\u1ee7a b\u1ea1n.<\/p>\n<p><img loading=\"lazy\" decoding=\"async\" class=\"alignnone wp-image-2695\" src=\"https:\/\/fmp-components.com\/wp-content\/uploads\/2025\/01\/agricultural-gearbox3.webp\" alt=\"h\u1ed9p s\u1ed1 n\u00f4ng nghi\u1ec7p\" width=\"1140\" height=\"1138\" title=\"\" srcset=\"https:\/\/fmp-components.com\/wp-content\/uploads\/2025\/01\/agricultural-gearbox3.webp 1140w, https:\/\/fmp-components.com\/wp-content\/uploads\/2025\/01\/agricultural-gearbox3-480x479.webp 480w\" sizes=\"(min-width: 0px) and (max-width: 480px) 480px, (min-width: 481px) 1140px, 100vw\" \/><\/p>\n<p>T\u00e1c gi\u1ea3: CX<\/p>","protected":false},"excerpt":{"rendered":"<p>Specification of Agitators Gearbox Ratio 1:1, 1:1.25 Input Speeds (rpm) 3200, 3500, 1750 Input Shaft Z Features of Sewage Mixer Gearbox Heavy-Duty Construction Designed with robust materials, the sewage mixer gearbox is built to withstand harsh and demanding environments, including exposure to chemicals, abrasives, and corrosive substances commonly found in sewage and wastewater treatment processes. [&hellip;]<\/p>","protected":false},"featured_media":3314,"comment_status":"open","ping_status":"closed","template":"","meta":{"_et_pb_use_builder":"","_et_pb_old_content":"","_et_gb_content_width":""},"product_brand":[],"product_cat":[82],"product_tag":[],"class_list":{"0":"post-3312","1":"product","2":"type-product","3":"status-publish","4":"has-post-thumbnail","6":"product_cat-agitators-gearbox-for-sewage","8":"first","9":"instock","10":"shipping-taxable","11":"product-type-simple"},"_links":{"self":[{"href":"https:\/\/fmp-components.com\/vi\/wp-json\/wp\/v2\/product\/3312","targetHints":{"allow":["GET"]}}],"collection":[{"href":"https:\/\/fmp-components.com\/vi\/wp-json\/wp\/v2\/product"}],"about":[{"href":"https:\/\/fmp-components.com\/vi\/wp-json\/wp\/v2\/types\/product"}],"replies":[{"embeddable":true,"href":"https:\/\/fmp-components.com\/vi\/wp-json\/wp\/v2\/comments?post=3312"}],"wp:featuredmedia":[{"embeddable":true,"href":"https:\/\/fmp-components.com\/vi\/wp-json\/wp\/v2\/media\/3314"}],"wp:attachment":[{"href":"https:\/\/fmp-components.com\/vi\/wp-json\/wp\/v2\/media?parent=3312"}],"wp:term":[{"taxonomy":"product_brand","embeddable":true,"href":"https:\/\/fmp-components.com\/vi\/wp-json\/wp\/v2\/product_brand?post=3312"},{"taxonomy":"product_cat","embeddable":true,"href":"https:\/\/fmp-components.com\/vi\/wp-json\/wp\/v2\/product_cat?post=3312"},{"taxonomy":"product_tag","embeddable":true,"href":"https:\/\/fmp-components.com\/vi\/wp-json\/wp\/v2\/product_tag?post=3312"}],"curies":[{"name":"wp","href":"https:\/\/api.w.org\/{rel}","templated":true}]}}