{"id":3301,"date":"2025-01-06T03:26:44","date_gmt":"2025-01-06T03:26:44","guid":{"rendered":"https:\/\/fmp-components.com\/?page_id=8"},"modified":"2025-01-06T05:18:30","modified_gmt":"2025-01-06T05:18:30","slug":"salt-spreader-gearbox-with-sprocket-for-road-snow-removal","status":"publish","type":"product","link":"https:\/\/fmp-components.com\/vi\/product\/salt-spreader-gearbox-with-sprocket-for-road-snow-removal\/","title":{"rendered":"H\u1ed9p s\u1ed1 r\u1ea3i mu\u1ed1i c\u00f3 b\u00e1nh r\u0103ng \u0111\u1ec3 d\u1ecdn tuy\u1ebft tr\u00ean \u0111\u01b0\u1eddng"},"content":{"rendered":"<table style=\"border-collapse: collapse; width: 99.5312%; height: 39px;\" border=\"0\" width=\"128\" cellspacing=\"0\" cellpadding=\"0\">\n<tbody>\n<tr style=\"height: 13.8pt;\">\n<td style=\"height: 13.8pt; width: 48pt;\" align=\"right\" width=\"64\" height=\"18\"><img loading=\"lazy\" decoding=\"async\" class=\"alignnone size-full wp-image-3306\" src=\"https:\/\/fmp-components.com\/wp-content\/uploads\/2025\/01\/Salt-Spreader-Gearbox-1-1.webp\" alt=\"H\u1ed9p s\u1ed1 r\u1ea3i mu\u1ed1i\" width=\"600\" height=\"600\" title=\"\" srcset=\"https:\/\/fmp-components.com\/wp-content\/uploads\/2025\/01\/Salt-Spreader-Gearbox-1-1.webp 600w, https:\/\/fmp-components.com\/wp-content\/uploads\/2025\/01\/Salt-Spreader-Gearbox-1-1-480x480.webp 480w\" sizes=\"(min-width: 0px) and (max-width: 480px) 480px, (min-width: 481px) 600px, 100vw\" \/><\/td>\n<td style=\"width: 48pt;\" align=\"right\" width=\"64\"><img loading=\"lazy\" decoding=\"async\" class=\"alignnone size-full wp-image-3305\" src=\"https:\/\/fmp-components.com\/wp-content\/uploads\/2025\/01\/Salt-Spreader-Gearbox-2.webp\" alt=\"H\u1ed9p s\u1ed1 r\u1ea3i mu\u1ed1i\" width=\"600\" height=\"600\" title=\"\" srcset=\"https:\/\/fmp-components.com\/wp-content\/uploads\/2025\/01\/Salt-Spreader-Gearbox-2.webp 600w, https:\/\/fmp-components.com\/wp-content\/uploads\/2025\/01\/Salt-Spreader-Gearbox-2-480x480.webp 480w\" sizes=\"(min-width: 0px) and (max-width: 480px) 480px, (min-width: 481px) 600px, 100vw\" \/><\/td>\n<\/tr>\n<\/tbody>\n<\/table>\n<h2>Th\u00f4ng s\u1ed1 k\u1ef9 thu\u1eadt c\u1ee7a H\u1ed9p s\u1ed1 r\u1ea3i mu\u1ed1i c\u00f3 b\u00e1nh r\u0103ng<\/h2>\n<table border=\"1\" cellspacing=\"0\" cellpadding=\"0\">\n<tbody>\n<tr>\n<td>T\u00ean s\u1ea3n ph\u1ea9m<\/td>\n<td>H\u1ed9p s\u1ed1 r\u1ea3i mu\u1ed1i c\u00f3 b\u00e1nh r\u0103ng \u0111\u1ec3 d\u1ecdn tuy\u1ebft tr\u00ean \u0111\u01b0\u1eddng<\/td>\n<\/tr>\n<tr>\n<td>Ph\u00f9 h\u1ee3p v\u1edbi:<\/td>\n<td>M\u00e1y r\u1ea3i ph\u00e2n SaltDogg SCH072SS, SCH072SSX, SCH096C, SCH096CX, SCH096SS, SCH096SSX, SCH120SS v\u00e0 SCH120SSX<\/td>\n<\/tr>\n<tr>\n<td>\u0110\u01b0\u1eddng k\u00ednh<\/td>\n<td>6.000<\/td>\n<\/tr>\n<tr>\n<td>\u0110\u01b0\u1eddng k\u00ednh tr\u1ee5c<\/td>\n<td>1.000<\/td>\n<\/tr>\n<tr>\n<td>M\u1eabu l\u1eafp \u0111\u1eb7t<\/td>\n<td>4 bu l\u00f4ng @ 5,42\u2033<\/td>\n<\/tr>\n<tr>\n<td>S\u1ef1 quay<\/td>\n<td>Theo chi\u1ec1u kim \u0111\u1ed3ng h\u1ed3<\/td>\n<\/tr>\n<tr>\n<td>T\u1ed1c \u0111\u1ed9<\/td>\n<td>900 v\u00f2ng\/ph\u00fat<\/td>\n<\/tr>\n<tr>\n<td>B\u1ea3o h\u00e0nh<\/td>\n<td>1 n\u0103m<\/td>\n<\/tr>\n<\/tbody>\n<\/table>\n<h2>Nguy\u00ean l\u00fd ho\u1ea1t \u0111\u1ed9ng c\u1ee7a h\u1ed9p s\u1ed1 r\u1ea3i mu\u1ed1i \u0111\u1ec3 d\u1ecdn tuy\u1ebft tr\u00ean \u0111\u01b0\u1eddng<\/h2>\n<p>Nguy\u00ean l\u00fd ho\u1ea1t \u0111\u1ed9ng c\u1ee7a h\u1ed9p s\u1ed1 r\u1ea3i mu\u1ed1i d\u00f9ng cho vi\u1ec7c d\u1ecdn tuy\u1ebft tr\u00ean \u0111\u01b0\u1eddng bao g\u1ed3m vi\u1ec7c chuy\u1ec3n \u0111\u1ed5i v\u00e0 truy\u1ec1n c\u00f4ng su\u1ea5t c\u01a1 h\u1ecdc t\u1eeb \u0111\u1ed9ng c\u01a1 xe \u0111\u1ebfn c\u01a1 c\u1ea5u r\u1ea3i mu\u1ed1i. H\u1ed9p s\u1ed1 \u0111\u1ea3m b\u1ea3o mu\u1ed1i \u0111\u01b0\u1ee3c r\u1ea3i \u0111\u1ec1u tr\u00ean b\u1ec1 m\u1eb7t \u0111\u01b0\u1eddng trong qu\u00e1 tr\u00ecnh d\u1ecdn tuy\u1ebft. D\u01b0\u1edbi \u0111\u00e2y l\u00e0 gi\u1ea3i th\u00edch v\u1ec1 c\u00e1ch th\u1ee9c ho\u1ea1t \u0111\u1ed9ng c\u1ee7a h\u1ec7 th\u1ed1ng n\u00e0y:<\/p>\n<p>1. <strong>Truy\u1ec1n l\u1ef1c t\u1eeb \u0111\u1ed9ng c\u01a1 sang h\u1ed9p s\u1ed1<\/strong><\/p>\n<ul>\n<li>H\u1ed9p s\u1ed1 r\u1ea3i mu\u1ed1i th\u01b0\u1eddng \u0111\u01b0\u1ee3c k\u1ebft n\u1ed1i v\u1edbi PTO (B\u1ed9 truy\u1ec1n l\u1ef1c) c\u1ee7a xe ho\u1eb7c tr\u1ef1c ti\u1ebfp v\u1edbi c\u00f4ng su\u1ea5t \u0111\u1ed9ng c\u01a1. Khi \u0111\u1ed9ng c\u01a1 ho\u1ea1t \u0111\u1ed9ng, n\u00f3 t\u1ea1o ra c\u00f4ng su\u1ea5t v\u00e0 truy\u1ec1n \u0111\u1ebfn h\u1ed9p s\u1ed1 th\u00f4ng qua tr\u1ee5c ho\u1eb7c kh\u1edbp n\u1ed1i PTO.<\/li>\n<li>PTO truy\u1ec1n l\u1ef1c quay t\u1eeb \u0111\u1ed9ng c\u01a1 c\u1ee7a xe \u0111\u1ebfn h\u1ed9p s\u1ed1 th\u00f4ng qua tr\u1ee5c truy\u1ec1n \u0111\u1ed9ng.<\/li>\n<\/ul>\n<p>2. <strong>Gi\u1ea3m t\u1ed1c \u0111\u1ed9 v\u00e0 \u0111i\u1ec1u ch\u1ec9nh m\u00f4-men xo\u1eafn<\/strong><\/p>\n<ul>\n<li>B\u00ean trong h\u1ed9p s\u1ed1, m\u1ed9t h\u1ec7 th\u1ed1ng b\u00e1nh r\u0103ng (th\u01b0\u1eddng l\u00e0 b\u00e1nh r\u0103ng c\u00f4n xo\u1eafn, b\u00e1nh r\u0103ng xo\u1eafn \u1ed1c ho\u1eb7c b\u00e1nh r\u0103ng th\u1eb3ng) ho\u1ea1t \u0111\u1ed9ng \u0111\u1ec3 gi\u1ea3m t\u1ed1c \u0111\u1ed9 v\u00e0 t\u0103ng m\u00f4-men xo\u1eafn khi c\u1ea7n thi\u1ebft \u0111\u1ec3 m\u00e1y r\u1ea3i mu\u1ed1i ho\u1ea1t \u0111\u1ed9ng hi\u1ec7u qu\u1ea3.<\/li>\n<li>Vi\u1ec7c gi\u1ea3m t\u1ed1c \u0111\u1ed9 r\u1ea5t quan tr\u1ecdng v\u00ec \u0111\u1ed9ng c\u01a1 ch\u1ea1y \u1edf t\u1ed1c \u0111\u1ed9 cao h\u01a1n nhi\u1ec1u so v\u1edbi t\u1ed1c \u0111\u1ed9 quay c\u1ea7n thi\u1ebft c\u1ee7a m\u00e1y r\u1ea3i. B\u1eb1ng c\u00e1ch \u0111i\u1ec1u ch\u1ec9nh t\u1ef7 s\u1ed1 truy\u1ec1n, h\u1ed9p s\u1ed1 s\u1ebd ki\u1ec3m so\u00e1t t\u1ed1c \u0111\u1ed9 quay c\u1ee7a c\u00e1c b\u1ed9 ph\u1eadn m\u00e1y r\u1ea3i.<\/li>\n<\/ul>\n<p>3. <strong>K\u00edch ho\u1ea1t c\u01a1 ch\u1ebf ph\u00e2n t\u00e1n<\/strong><\/p>\n<ul>\n<li>H\u1ed9p s\u1ed1 truy\u1ec1n \u0111\u1ed9ng cho m\u1ed9t s\u1ed1 c\u01a1 c\u1ea5u trong m\u00e1y r\u1ea3i mu\u1ed1i, \u0111\u00e1ng ch\u00fa \u00fd nh\u1ea5t l\u00e0 c\u01a1 c\u1ea5u quay v\u00e0 tr\u1ee5c v\u00edt (ho\u1eb7c b\u0103ng t\u1ea3i).\n<ul>\n<li><strong>M\u00e1y khoan<\/strong>: Tr\u1ee5c v\u00edt \u0111\u01b0\u1ee3c s\u1eed d\u1ee5ng \u0111\u1ec3 v\u1eadn chuy\u1ec3n mu\u1ed1i t\u1eeb ph\u1ec5u \u0111\u1ebfn m\u00e1y quay. H\u1ed9p s\u1ed1 \u0111\u1ea3m b\u1ea3o tr\u1ee5c v\u00edt quay v\u1edbi t\u1ed1c \u0111\u1ed9 ph\u00f9 h\u1ee3p \u0111\u1ec3 mu\u1ed1i ch\u1ea3y \u0111\u1ec1u.<\/li>\n<li><strong>M\u00e1y quay<\/strong>: \u0110\u0129a xoay l\u00e0 \u0111\u0129a quay d\u00f9ng \u0111\u1ec3 r\u1ea3i mu\u1ed1i l\u00ean m\u1eb7t \u0111\u01b0\u1eddng. N\u00f3 gi\u00fap mu\u1ed1i \u0111\u01b0\u1ee3c r\u1ea3i \u0111\u1ec1u tr\u00ean b\u1ec1 m\u1eb7t \u0111\u01b0\u1eddng. H\u1ed9p s\u1ed1 \u0111i\u1ec1u khi\u1ec3n t\u1ed1c \u0111\u1ed9 v\u00e0 h\u01b0\u1edbng quay c\u1ee7a \u0111\u0129a xoay \u0111\u1ec3 \u0111\u1ea3m b\u1ea3o mu\u1ed1i \u0111\u01b0\u1ee3c ph\u00e2n ph\u1ed1i \u0111\u1ec1u.<\/li>\n<\/ul>\n<\/li>\n<\/ul>\n<p><strong>4. \u0110i\u1ec1u ch\u1ec9nh t\u1ef7 l\u1ec7 r\u1ea3i<\/strong><\/p>\n<ul>\n<li>H\u1ed9p s\u1ed1 cho ph\u00e9p \u0111i\u1ec1u ch\u1ec9nh t\u1ed1c \u0111\u1ed9 r\u1ea3i b\u1eb1ng c\u00e1ch thay \u0111\u1ed5i t\u1ed1c \u0111\u1ed9 quay c\u1ee7a tr\u1ee5c v\u00edt v\u00e0 tr\u1ee5c quay. T\u1ed1c \u0111\u1ed9 r\u1ea3i c\u00f3 th\u1ec3 \u0111\u01b0\u1ee3c \u0111i\u1ec1u ch\u1ec9nh t\u00f9y theo \u0111i\u1ec1u ki\u1ec7n \u0111\u01b0\u1eddng x\u00e1, l\u01b0\u1ee3ng tuy\u1ebft t\u00edch t\u1ee5 v\u00e0 t\u1ed1c \u0111\u1ed9 xe.<\/li>\n<li>M\u1ed9t s\u1ed1 h\u1ed9p s\u1ed1 ti\u00ean ti\u1ebfn c\u00f3 th\u1ec3 bao g\u1ed3m c\u01a1 ch\u1ebf \u0111i\u1ec1u khi\u1ec3n t\u1ed1c \u0111\u1ed9 thay \u0111\u1ed5i, cho ph\u00e9p ng\u01b0\u1eddi v\u1eadn h\u00e0nh tinh ch\u1ec9nh c\u00f4ng su\u1ea5t \u0111\u1ea7u ra c\u1ee7a m\u00e1y r\u1ea3i \u0111\u1ec3 \u0111\u1ea1t hi\u1ec7u su\u1ea5t t\u1ed1i \u01b0u d\u1ef1a tr\u00ean c\u00e1c \u0111i\u1ec1u ki\u1ec7n th\u1eddi gian th\u1ef1c.<\/li>\n<\/ul>\n<p>5. <strong>Truy\u1ec1n l\u1ef1c \u0111\u1ebfn c\u00e1c b\u1ed9 ph\u1eadn c\u1ee7a m\u00e1y r\u1ea3i ph\u00e2n<\/strong><\/p>\n<ul>\n<li>H\u1ed9p s\u1ed1 truy\u1ec1n l\u1ef1c \u0111\u1ebfn tr\u1ee5c quay, l\u00e0m quay \u0111\u0129a quay v\u00e0 ph\u00e2n ph\u1ed1i mu\u1ed1i. S\u1ef1 quay n\u00e0y r\u1ea5t quan tr\u1ecdng \u0111\u1ec3 r\u1ea3i mu\u1ed1i \u0111\u1ec1u v\u00e0 hi\u1ec7u qu\u1ea3 tr\u00ean m\u1eb7t \u0111\u01b0\u1eddng.<\/li>\n<li>Ngo\u00e0i ra, h\u1ec7 th\u1ed1ng tr\u1ee5c v\u00edt ho\u1eb7c b\u0103ng t\u1ea3i, gi\u00fap v\u1eadn chuy\u1ec3n mu\u1ed1i t\u1eeb ph\u1ec5u \u0111\u1ebfn m\u00e1y quay, \u0111\u01b0\u1ee3c d\u1eabn \u0111\u1ed9ng b\u1edfi h\u1ed9p s\u1ed1. H\u1ed9p s\u1ed1 \u0111\u1ea3m b\u1ea3o tr\u1ee5c v\u00edt di chuy\u1ec3n v\u1edbi t\u1ed1c \u0111\u1ed9 \u1ed5n \u0111\u1ecbnh \u0111\u1ec3 mu\u1ed1i ch\u1ea3y \u0111\u1ec1u \u0111\u1ebfn m\u00e1y quay.<\/li>\n<\/ul>\n<p>B\u1eb1ng c\u00e1ch th\u1ef1c hi\u1ec7n c\u00e1c ch\u1ee9c n\u0103ng n\u00e0y, h\u1ed9p s\u1ed1 r\u1ea3i mu\u1ed1i \u0111\u1ea3m b\u1ea3o m\u1eb7t \u0111\u01b0\u1eddng \u0111\u01b0\u1ee3c x\u1eed l\u00fd hi\u1ec7u qu\u1ea3, c\u1ea3i thi\u1ec7n an to\u00e0n \u0111\u01b0\u1eddng b\u1ed9 v\u00e0 \u0111\u1ea3m b\u1ea3o tuy\u1ebft v\u00e0 b\u0103ng \u0111\u01b0\u1ee3c d\u1ecdn s\u1ea1ch hi\u1ec7u qu\u1ea3 trong qu\u00e1 tr\u00ecnh b\u1ea3o tr\u00ec \u0111\u01b0\u1eddng b\u1ed9 v\u00e0o m\u00f9a \u0111\u00f4ng.<\/p>\n<p><img loading=\"lazy\" decoding=\"async\" class=\"alignnone size-full wp-image-3302\" src=\"https:\/\/fmp-components.com\/wp-content\/uploads\/2025\/01\/Salt-Spreader-Gearbox-for-Road-Snow-Removal1.jpg\" alt=\"H\u1ed9p s\u1ed1 r\u1ea3i mu\u1ed1i d\u00f9ng \u0111\u1ec3 d\u1ecdn tuy\u1ebft tr\u00ean \u0111\u01b0\u1eddng\" width=\"1000\" height=\"557\" title=\"\" srcset=\"https:\/\/fmp-components.com\/wp-content\/uploads\/2025\/01\/Salt-Spreader-Gearbox-for-Road-Snow-Removal1.jpg 1000w, https:\/\/fmp-components.com\/wp-content\/uploads\/2025\/01\/Salt-Spreader-Gearbox-for-Road-Snow-Removal1-980x546.jpg 980w, https:\/\/fmp-components.com\/wp-content\/uploads\/2025\/01\/Salt-Spreader-Gearbox-for-Road-Snow-Removal1-480x267.jpg 480w\" sizes=\"(min-width: 0px) and (max-width: 480px) 480px, (min-width: 481px) and (max-width: 980px) 980px, (min-width: 981px) 1000px, 100vw\" \/><\/p>\n<h2>Tr\u1ee5c PTO n\u00f4ng nghi\u1ec7p cho h\u1ed9p s\u1ed1 m\u00e1y r\u1ea3i mu\u1ed1i<\/h2>\n<p>Tr\u1ee5c PTO n\u00f4ng nghi\u1ec7p cho h\u1ed9p s\u1ed1 m\u00e1y r\u1ea3i mu\u1ed1i \u0111\u00f3ng vai tr\u00f2 quan tr\u1ecdng trong vi\u1ec7c truy\u1ec1n l\u1ef1c c\u01a1 h\u1ecdc t\u1eeb \u0111\u1ed9ng c\u01a1 m\u00e1y k\u00e9o ho\u1eb7c xe c\u1ed9 \u0111\u1ebfn h\u1ed9p s\u1ed1 c\u1ee7a m\u00e1y r\u1ea3i mu\u1ed1i, ch\u1ecbu tr\u00e1ch nhi\u1ec7m v\u1eadn h\u00e0nh c\u01a1 c\u1ea5u r\u1ea3i mu\u1ed1i. Tr\u1ee5c PTO (Tr\u1ee5c d\u1eabn \u0111\u1ed9ng) l\u00e0 m\u1eaft x\u00edch quan tr\u1ecdng trong h\u1ec7 th\u1ed1ng truy\u1ec1n \u0111\u1ed9ng, cho ph\u00e9p m\u00e1y r\u1ea3i ho\u1ea1t \u0111\u1ed9ng b\u00ecnh th\u01b0\u1eddng b\u1eb1ng c\u00e1ch d\u1eabn \u0111\u1ed9ng tr\u1ee5c v\u00edt, tr\u1ee5c quay v\u00e0 c\u00e1c b\u1ed9 ph\u1eadn kh\u00e1c ch\u1ecbu tr\u00e1ch nhi\u1ec7m ph\u00e2n ph\u1ed1i mu\u1ed1i. D\u01b0\u1edbi \u0111\u00e2y l\u00e0 gi\u1ea3i th\u00edch v\u1ec1 c\u00e1ch tr\u1ee5c PTO \u0111\u01b0\u1ee3c t\u00edch h\u1ee3p v\u00e0o h\u1ec7 th\u1ed1ng m\u00e1y r\u1ea3i mu\u1ed1i v\u00e0 ch\u1ee9c n\u0103ng c\u1ee7a n\u00f3:<\/p>\n<ol>\n<li><strong>Truy\u1ec1n t\u1ea3i \u0111i\u1ec7n:<\/strong>\n<ul>\n<li>Tr\u1ee5c PTO truy\u1ec1n l\u1ef1c t\u1eeb \u0111\u1ed9ng c\u01a1 m\u00e1y k\u00e9o ho\u1eb7c xe \u0111\u1ebfn h\u1ed9p s\u1ed1 c\u1ee7a m\u00e1y r\u1ea3i mu\u1ed1i, cho ph\u00e9p h\u1ed9p s\u1ed1 truy\u1ec1n \u0111\u1ed9ng c\u00e1c b\u1ed9 ph\u1eadn tr\u1ee5c v\u00edt, b\u0103ng t\u1ea3i v\u00e0 m\u00e1y quay.<\/li>\n<li>Vi\u1ec7c truy\u1ec1n l\u1ef1c n\u00e0y r\u1ea5t c\u1ea7n thi\u1ebft \u0111\u1ec3 v\u1eadn h\u00e0nh m\u00e1y r\u1ea3i mu\u1ed1i hi\u1ec7u qu\u1ea3, \u0111\u1ea3m b\u1ea3o mu\u1ed1i \u0111\u01b0\u1ee3c ph\u00e2n b\u1ed5 \u0111\u1ec1u tr\u00ean b\u1ec1 m\u1eb7t \u0111\u01b0\u1eddng.<\/li>\n<\/ul>\n<\/li>\n<li><strong>\u0110\u1ed9 b\u1ec1n v\u00e0 s\u1ee9c m\u1ea1nh:<\/strong>\n<ul>\n<li>Tr\u1ee5c PTO \u0111\u01b0\u1ee3c thi\u1ebft k\u1ebf \u0111\u1ec3 ch\u1ecbu \u0111\u01b0\u1ee3c t\u1ea3i m\u00f4-men xo\u1eafn cao v\u00e0 \u0111i\u1ec1u ki\u1ec7n v\u1eadn h\u00e0nh kh\u1eafc nghi\u1ec7t, ph\u00f9 h\u1ee3p \u0111\u1ec3 s\u1eed d\u1ee5ng trong m\u00e1y m\u00f3c n\u00f4ng nghi\u1ec7p, bao g\u1ed3m c\u1ea3 m\u00e1y r\u1ea3i mu\u1ed1i.<\/li>\n<li>\u0110\u01b0\u1ee3c ch\u1ebf t\u1ea1o t\u1eeb v\u1eadt li\u1ec7u c\u00f3 \u0111\u1ed9 b\u1ec1n cao nh\u01b0 th\u00e9p, tr\u1ee5c \u0111\u01b0\u1ee3c thi\u1ebft k\u1ebf \u0111\u1ec3 ch\u1ecbu \u0111\u01b0\u1ee3c \u0111i\u1ec1u ki\u1ec7n th\u1eddi ti\u1ebft kh\u1eafc nghi\u1ec7t, rung \u0111\u1ed9ng v\u00e0 \u1ee9ng su\u1ea5t v\u1eadt l\u00fd trong qu\u00e1 tr\u00ecnh x\u1eed l\u00fd \u0111\u01b0\u1eddng trong \u0111i\u1ec1u ki\u1ec7n m\u00f9a \u0111\u00f4ng kh\u1eafc nghi\u1ec7t.<\/li>\n<\/ul>\n<\/li>\n<li><strong>K\u1ebft n\u1ed1i v\u00e0 ng\u1eaft k\u1ebft n\u1ed1i nhanh:<\/strong>\n<ul>\n<li>Tr\u1ee5c PTO \u0111\u01b0\u1ee3c thi\u1ebft k\u1ebf \u0111\u1ec3 d\u1ec5 d\u00e0ng l\u1eafp v\u00e0 th\u00e1o r\u1eddi kh\u1ecfi \u0111\u1ea7u ra PTO c\u1ee7a xe ho\u1eb7c m\u00e1y k\u00e9o. \u0110i\u1ec1u n\u00e0y cho ph\u00e9p l\u1eafp \u0111\u1eb7t nhanh ch\u00f3ng khi c\u1ea7n v\u00e0 d\u1ec5 d\u00e0ng th\u00e1o r\u1eddi khi kh\u00f4ng s\u1eed d\u1ee5ng, t\u0103ng c\u01b0\u1eddng s\u1ef1 ti\u1ec7n l\u1ee3i v\u00e0 hi\u1ec7u qu\u1ea3 v\u1eadn h\u00e0nh.<\/li>\n<li>K\u1ebft n\u1ed1i n\u00e0y th\u01b0\u1eddng s\u1eed d\u1ee5ng tr\u1ee5c kh\u00eda ho\u1eb7c kh\u1edbp n\u1ed1i nhanh, gi\u00fap ng\u01b0\u1eddi v\u1eadn h\u00e0nh d\u1ec5 d\u00e0ng g\u1eafn tr\u1ee5c ch\u1eafc ch\u1eafn v\u00e0o h\u1ed9p s\u1ed1 r\u1ea3i mu\u1ed1i.<\/li>\n<\/ul>\n<\/li>\n<li><strong>Kh\u1edbp n\u1ed1i v\u1ea1n n\u0103ng (Kh\u1edbp ch\u1eef U):<\/strong>\n<ul>\n<li>Tr\u1ee5c PTO th\u01b0\u1eddng bao g\u1ed3m c\u00e1c kh\u1edbp n\u1ed1i v\u1ea1n n\u0103ng (kh\u1edbp ch\u1eef U) cho ph\u00e9p truy\u1ec1n l\u1ef1c ngay c\u1ea3 khi tr\u1ee5c b\u1ecb nghi\u00eang. T\u00ednh linh ho\u1ea1t n\u00e0y cho ph\u00e9p tr\u1ee5c PTO k\u1ebft n\u1ed1i v\u1edbi h\u1ed9p s\u1ed1 r\u1ea3i mu\u1ed1i, c\u00f3 th\u1ec3 \u0111\u01b0\u1ee3c \u0111\u1eb7t \u1edf nhi\u1ec1u g\u00f3c kh\u00e1c nhau t\u00f9y thu\u1ed9c v\u00e0o thi\u1ebft k\u1ebf c\u1ee7a m\u00e1y r\u1ea3i.<\/li>\n<li>Kh\u1edbp n\u1ed1i ch\u1eef U \u0111\u1ea3m b\u1ea3o truy\u1ec1n l\u1ef1c tr\u01a1n tru m\u00e0 kh\u00f4ng l\u00e0m gi\u1ea3m hi\u1ec7u su\u1ea5t, ngay c\u1ea3 trong \u0111i\u1ec1u ki\u1ec7n v\u1eadn h\u00e0nh thay \u0111\u1ed5i nh\u01b0 \u0111\u1ecba h\u00ecnh kh\u00f4ng b\u1eb1ng ph\u1eb3ng ho\u1eb7c m\u1eb7t \u0111\u01b0\u1eddng g\u1ed3 gh\u1ec1.<\/li>\n<\/ul>\n<\/li>\n<li><strong>B\u1ea3o v\u1ec7 qu\u00e1 t\u1ea3i:<\/strong>\n<ul>\n<li>Nhi\u1ec1u tr\u1ee5c PTO cho h\u1ed9p s\u1ed1 m\u00e1y r\u1ea3i mu\u1ed1i \u0111\u01b0\u1ee3c trang b\u1ecb ch\u1ed1t c\u1eaft, ly h\u1ee3p ho\u1eb7c b\u1ed9 gi\u1edbi h\u1ea1n m\u00f4-men xo\u1eafn gi\u00fap b\u1ea3o v\u1ec7 m\u00e1y m\u00f3c kh\u1ecfi t\u00ecnh tr\u1ea1ng qu\u00e1 t\u1ea3i. C\u00e1c b\u1ed9 ph\u1eadn b\u1ea3o v\u1ec7 n\u00e0y ng\u0103n ng\u1eeba h\u01b0 h\u1ecfng cho tr\u1ee5c, h\u1ed9p s\u1ed1 ho\u1eb7c c\u00e1c b\u1ed9 ph\u1eadn k\u1ebft n\u1ed1i kh\u00e1c n\u1ebfu m\u00e1y r\u1ea3i g\u1eb7p v\u1eadt c\u1ea3n ho\u1eb7c l\u1ef1c c\u1ea3n.<\/li>\n<li>C\u00e1c c\u01a1 ch\u1ebf an to\u00e0n n\u00e0y r\u1ea5t quan tr\u1ecdng \u0111\u1ec3 \u0111\u1ea3m b\u1ea3o tu\u1ed5i th\u1ecd c\u1ee7a tr\u1ee5c PTO v\u00e0 h\u1ed9p s\u1ed1 trong qu\u00e1 tr\u00ecnh s\u1eed d\u1ee5ng k\u00e9o d\u00e0i trong \u0111i\u1ec1u ki\u1ec7n th\u1eddi ti\u1ebft kh\u1eafc nghi\u1ec7t.<\/li>\n<\/ul>\n<\/li>\n<\/ol>\n<p>Tr\u1ee5c PTO N\u00f4ng nghi\u1ec7p cho h\u1ed9p s\u1ed1 m\u00e1y r\u1ea3i mu\u1ed1i l\u00e0 m\u1ed9t b\u1ed9 ph\u1eadn thi\u1ebft y\u1ebfu \u0111\u1ec3 truy\u1ec1n c\u00f4ng su\u1ea5t c\u01a1 h\u1ecdc t\u1eeb \u0111\u1ed9ng c\u01a1 m\u00e1y k\u00e9o \u0111\u1ebfn h\u1ed9p s\u1ed1, \u0111\u1ea3m b\u1ea3o m\u00e1y r\u1ea3i mu\u1ed1i ho\u1ea1t \u0111\u1ed9ng hi\u1ec7u qu\u1ea3. \u0110\u01b0\u1ee3c thi\u1ebft k\u1ebf \u0111\u1ec3 \u0111\u1ea3m b\u1ea3o \u0111\u1ed9 b\u1ec1n, t\u00ednh linh ho\u1ea1t v\u00e0 an to\u00e0n, tr\u1ee5c PTO gi\u00fap truy\u1ec1n \u0111\u1ed9ng c\u00e1c b\u1ed9 ph\u1eadn quan tr\u1ecdng c\u1ee7a m\u00e1y r\u1ea3i, \u0111\u1ea3m b\u1ea3o vi\u1ec7c x\u1eed l\u00fd \u0111\u01b0\u1eddng x\u00e1 hi\u1ec7u qu\u1ea3 v\u00e0 \u0111\u00e1ng tin c\u1eady khi d\u1ecdn tuy\u1ebft v\u00e0 b\u0103ng trong m\u00f9a \u0111\u00f4ng. S\u1ef1 k\u1ebft h\u1ee3p gi\u1eefa \u0111\u1ed9 b\u1ec1n, t\u00ednh d\u1ec5 s\u1eed d\u1ee5ng v\u00e0 kh\u1ea3 n\u0103ng ch\u1ed1ng qu\u00e1 t\u1ea3i \u0111\u1ea3m b\u1ea3o tr\u1ee5c PTO c\u00f3 th\u1ec3 ch\u1ecbu \u0111\u01b0\u1ee3c \u0111i\u1ec1u ki\u1ec7n kh\u1eafc nghi\u1ec7t v\u00e0 mang l\u1ea1i hi\u1ec7u su\u1ea5t t\u1ed1i \u01b0u trong c\u00e1c ho\u1ea1t \u0111\u1ed9ng b\u1ea3o tr\u00ec \u0111\u01b0\u1eddng b\u1ed9.<\/p>\n<p><img loading=\"lazy\" decoding=\"async\" class=\"alignnone size-full wp-image-3303\" src=\"https:\/\/fmp-components.com\/wp-content\/uploads\/2025\/01\/Agricultural-PTO-Shaft-for-Salt-Spreader-Gearbox.webp\" alt=\"H\u1ed9p s\u1ed1 tr\u1ee5c PTO n\u00f4ng nghi\u1ec7p cho m\u00e1y r\u1ea3i mu\u1ed1i\" width=\"1024\" height=\"500\" title=\"\" srcset=\"https:\/\/fmp-components.com\/wp-content\/uploads\/2025\/01\/Agricultural-PTO-Shaft-for-Salt-Spreader-Gearbox.webp 1024w, https:\/\/fmp-components.com\/wp-content\/uploads\/2025\/01\/Agricultural-PTO-Shaft-for-Salt-Spreader-Gearbox-980x479.webp 980w, https:\/\/fmp-components.com\/wp-content\/uploads\/2025\/01\/Agricultural-PTO-Shaft-for-Salt-Spreader-Gearbox-480x234.webp 480w\" sizes=\"(min-width: 0px) and (max-width: 480px) 480px, (min-width: 481px) and (max-width: 980px) 980px, (min-width: 981px) 1024px, 100vw\" \/><\/p>\n<h2>Gi\u1edbi thi\u1ec7u v\u1ec1 FMP<\/h2>\n<p>C\u00f3 tr\u1ee5 s\u1edf ch\u00ednh t\u1ea1i \u00dd, FMP l\u00e0 nh\u00e0 s\u1ea3n xu\u1ea5t h\u00e0ng \u0111\u1ea7u chuy\u00ean thi\u1ebft k\u1ebf, ph\u00e1t tri\u1ec3n v\u00e0 s\u1ea3n xu\u1ea5t h\u1ed9p s\u1ed1 hi\u1ec7u su\u1ea5t cao, t\u1eadp trung ch\u1ee7 y\u1ebfu v\u00e0o l\u0129nh v\u1ef1c m\u00e1y m\u00f3c n\u00f4ng nghi\u1ec7p. N\u1ed5i ti\u1ebfng v\u1edbi k\u1ef9 thu\u1eadt ch\u00ednh x\u00e1c, gi\u1ea3i ph\u00e1p ti\u00ean ti\u1ebfn v\u00e0 \u0111\u1ed9 tin c\u1eady \u1ed5n \u0111\u1ecbnh, FMP \u0111\u00e3 t\u1ea1o d\u1ef1ng \u0111\u01b0\u1ee3c danh ti\u1ebfng l\u00e0 \u0111\u1ed1i t\u00e1c \u0111\u00e1ng tin c\u1eady trong c\u1ea3 th\u1ecb tr\u01b0\u1eddng n\u00f4ng nghi\u1ec7p v\u00e0 c\u00f4ng nghi\u1ec7p. Danh m\u1ee5c s\u1ea3n ph\u1ea9m phong ph\u00fa c\u1ee7a ch\u00fang t\u00f4i bao g\u1ed3m h\u1ed9p s\u1ed1 \u0111\u01b0\u1ee3c thi\u1ebft k\u1ebf ri\u00eang cho m\u00e1y c\u1eaft c\u1ecf, tr\u1ee5c PTO v\u00e0 c\u00e1c b\u1ed9 ph\u1eadn quan tr\u1ecdng kh\u00e1c, m\u1ed7i b\u1ed9 ph\u1eadn \u0111\u1ec1u \u0111\u01b0\u1ee3c ch\u1ebf t\u1ea1o t\u1ec9 m\u1ec9 \u0111\u1ec3 \u0111\u00e1p \u1ee9ng nhu c\u1ea7u ri\u00eang bi\u1ec7t c\u1ee7a nhi\u1ec1u \u1ee9ng d\u1ee5ng kh\u00e1c nhau.<\/p>\n<p>T\u1ea1i FMP, ch\u00fang t\u00f4i hi\u1ec3u r\u1eb1ng m\u1ed7i kh\u00e1ch h\u00e0ng \u0111\u1ec1u ph\u1ea3i \u0111\u1ed1i m\u1eb7t v\u1edbi nh\u1eefng th\u00e1ch th\u1ee9c ri\u00eang, th\u00fac \u0111\u1ea9y cam k\u1ebft c\u1ee7a ch\u00fang t\u00f4i trong vi\u1ec7c cung c\u1ea5p c\u00e1c gi\u1ea3i ph\u00e1p ph\u00f9 h\u1ee3p. D\u00f9 l\u00e0 c\u00e1c th\u00e0nh ph\u1ea7n ri\u00eang l\u1ebb hay h\u1ec7 th\u1ed1ng t\u00edch h\u1ee3p ho\u00e0n ch\u1ec9nh, ch\u00fang t\u00f4i lu\u00f4n h\u1ee3p t\u00e1c ch\u1eb7t ch\u1ebd v\u1edbi kh\u00e1ch h\u00e0ng \u0111\u1ec3 \u0111\u1ea3m b\u1ea3o m\u1ecdi gi\u1ea3i ph\u00e1p kh\u00f4ng ch\u1ec9 \u0111\u00e1p \u1ee9ng c\u00e1c y\u00eau c\u1ea7u c\u1ee5 th\u1ec3 m\u00e0 c\u00f2n t\u1ed1i \u0111a h\u00f3a hi\u1ec7u su\u1ea5t v\u00e0 gi\u00e1 tr\u1ecb. Tr\u1ecdng t\u00e2m c\u1ee7a ch\u00fang t\u00f4i l\u00e0 ph\u1ea3n h\u1ed3i nhanh ch\u00f3ng, chuy\u00ean nghi\u1ec7p v\u00e0 h\u01b0\u1edbng d\u1eabn chuy\u00ean m\u00f4n, \u0111\u1ea3m b\u1ea3o m\u1ed7i y\u00eau c\u1ea7u \u0111\u1ec1u \u0111\u01b0\u1ee3c x\u1eed l\u00fd ch\u00ednh x\u00e1c, lu\u00f4n mang l\u1ea1i k\u1ebft qu\u1ea3 t\u1ed1i \u01b0u.<\/p>\n<p>Ch\u00fang t\u00f4i \u01b0u ti\u00ean giao ti\u1ebfp minh b\u1ea1ch v\u00e0 li\u00ean t\u1ee5c trong su\u1ed1t chu tr\u00ecnh ph\u00e1t tri\u1ec3n s\u1ea3n ph\u1ea9m. \u0110\u1ed9i ng\u0169 t\u1eadn t\u00e2m c\u1ee7a ch\u00fang t\u00f4i h\u1ee3p t\u00e1c ch\u1eb7t ch\u1ebd v\u1edbi kh\u00e1ch h\u00e0ng \u0111\u1ec3 th\u1ea5u hi\u1ec3u nhu c\u1ea7u c\u1ee7a h\u1ecd, \u0111\u01b0a ra nh\u1eefng khuy\u1ebfn ngh\u1ecb s\u00e1ng su\u1ed1t nh\u1eb1m \u0111\u1ea1t \u0111\u01b0\u1ee3c k\u1ebft qu\u1ea3 t\u1ed1t nh\u1ea5t. D\u00f9 l\u00e0 thi\u1ebft k\u1ebf s\u1ea3n ph\u1ea9m ti\u00ean ti\u1ebfn hay th\u1ef1c hi\u1ec7n c\u00e1c \u0111\u01a1n h\u00e0ng th\u01b0\u1eddng xuy\u00ean, FMP lu\u00f4n cam k\u1ebft cung c\u1ea5p c\u00e1c gi\u1ea3i ph\u00e1p ch\u1ea5t l\u01b0\u1ee3ng cao, \u0111\u01b0\u1ee3c thi\u1ebft k\u1ebf ch\u00ednh x\u00e1c, \u0111\u00fang h\u1ea1n. S\u1ee9 m\u1ec7nh c\u1ee7a ch\u00fang t\u00f4i l\u00e0 lu\u00f4n v\u01b0\u1ee3t tr\u00ean mong \u0111\u1ee3i c\u1ee7a kh\u00e1ch h\u00e0ng, cung c\u1ea5p d\u1ecbch v\u1ee5 xu\u1ea5t s\u1eafc v\u00e0 k\u1ebft qu\u1ea3 v\u01b0\u1ee3t tr\u1ed9i trong m\u1ecdi d\u1ef1 \u00e1n.<\/p>\n<p>Tr\u1ecdng t\u00e2m ho\u1ea1t \u0111\u1ed9ng c\u1ee7a FMP l\u00e0 cam k\u1ebft v\u1ec1 ch\u1ea5t l\u01b0\u1ee3ng. Ch\u00fang t\u00f4i tu\u00e2n th\u1ee7 c\u00e1c ti\u00eau chu\u1ea9n s\u1ea3n xu\u1ea5t cao nh\u1ea5t v\u00e0 th\u1ef1c hi\u1ec7n c\u00e1c quy tr\u00ecnh ki\u1ec3m so\u00e1t ch\u1ea5t l\u01b0\u1ee3ng nghi\u00eam ng\u1eb7t \u0111\u1ec3 \u0111\u1ea3m b\u1ea3o m\u1ed7i s\u1ea3n ph\u1ea9m \u0111\u1ec1u \u0111\u00e1p \u1ee9ng, v\u00e0 th\u01b0\u1eddng v\u01b0\u1ee3t qua, c\u00e1c ti\u00eau chu\u1ea9n c\u1ee7a ng\u00e0nh. S\u1ef1 t\u1eadn t\u00e2m kh\u00f4ng ng\u1eebng ngh\u1ec9 h\u01b0\u1edbng \u0111\u1ebfn s\u1ef1 xu\u1ea5t s\u1eafc n\u00e0y, k\u1ebft h\u1ee3p v\u1edbi c\u00e1c gi\u00e1 tr\u1ecb c\u1ed1t l\u00f5i c\u1ee7a ch\u00fang t\u00f4i l\u00e0 ch\u00ednh tr\u1ef1c, tinh th\u1ea7n \u0111\u1ed3ng \u0111\u1ed9i v\u00e0 s\u1ef1 ki\u00ean tr\u00ec, \u0111\u00e3 gi\u00fap ch\u00fang t\u00f4i x\u00e2y d\u1ef1ng m\u1ed1i quan h\u1ec7 l\u00e2u d\u00e0i, d\u1ef1a tr\u00ean s\u1ef1 tin c\u1eady v\u1edbi kh\u00e1ch h\u00e0ng t\u1ea1i g\u1ea7n 30 qu\u1ed1c gia tr\u00ean to\u00e0n th\u1ebf gi\u1edbi.<\/p>\n<p>FMP cam k\u1ebft th\u00fac \u0111\u1ea9y quan h\u1ec7 \u0111\u1ed1i t\u00e1c to\u00e0n c\u1ea7u b\u1eb1ng c\u00e1ch cung c\u1ea5p t\u01b0 v\u1ea5n chuy\u00ean m\u00f4n v\u00e0 c\u00e1c gi\u1ea3i ph\u00e1p t\u00f9y ch\u1ec9nh, \u0111\u00e1p \u1ee9ng nhu c\u1ea7u ng\u00e0y c\u00e0ng \u0111a d\u1ea1ng c\u1ee7a kh\u00e1ch h\u00e0ng. Ch\u00fang t\u00f4i h\u01b0\u1edbng \u0111\u1ebfn vi\u1ec7c x\u00e2y d\u1ef1ng m\u1ed1i quan h\u1ec7 l\u00e2u d\u00e0i, c\u00f9ng c\u00f3 l\u1ee3i, g\u00f3p ph\u1ea7n v\u00e0o s\u1ef1 th\u00e0nh c\u00f4ng c\u1ee7a m\u1ecdi d\u1ef1 \u00e1n. Cho d\u00f9 b\u1ea1n c\u1ea7n c\u00e1c gi\u1ea3i ph\u00e1p s\u00e1ng t\u1ea1o cho m\u1ed9t s\u00e1ng ki\u1ebfn \u200b\u200bm\u1edbi hay h\u1ed7 tr\u1ee3 li\u00ean t\u1ee5c cho m\u1ed9t h\u1ec7 th\u1ed1ng hi\u1ec7n c\u00f3, FMP lu\u00f4n s\u1eb5n s\u00e0ng h\u1ed7 tr\u1ee3 b\u1ea1n v\u01b0\u1ee3t qua nh\u1eefng th\u00e1ch th\u1ee9c k\u1ef9 thu\u1eadt v\u00e0 \u0111\u1ea3m b\u1ea3o th\u00e0nh c\u00f4ng b\u1ec1n v\u1eefng.<\/p>\n<p><img loading=\"lazy\" decoding=\"async\" class=\"alignnone wp-image-2695\" src=\"https:\/\/fmp-components.com\/wp-content\/uploads\/2025\/01\/agricultural-gearbox3.webp\" alt=\"h\u1ed9p s\u1ed1 n\u00f4ng nghi\u1ec7p\" width=\"1140\" height=\"1138\" title=\"\" srcset=\"https:\/\/fmp-components.com\/wp-content\/uploads\/2025\/01\/agricultural-gearbox3.webp 1140w, https:\/\/fmp-components.com\/wp-content\/uploads\/2025\/01\/agricultural-gearbox3-480x479.webp 480w\" sizes=\"(min-width: 0px) and (max-width: 480px) 480px, (min-width: 481px) 1140px, 100vw\" \/><\/p>\n<p>T\u00e1c gi\u1ea3: CX<\/p>","protected":false},"excerpt":{"rendered":"<p>Specification of Salt Spreader Gearbox with Sprocket Product Name Salt Spreader Gearbox with Sprocket for Road Snow Removal Fits: SaltDogg SCH072SS, SCH072SSX, SCH096C, SCH096CX, SCH096SS, SCH096SSX, SCH120SS and SCH120SSX Spreaders Diameter 6.000 Shaft Diameter 1.000 Mounting Pattern 4 Bolt @ 5.42&#8243; Rotation Clockwise Speed 900 RPM Warranty 1 Year Working Principle of Salt Spreader Gearbox [&hellip;]<\/p>","protected":false},"featured_media":3305,"comment_status":"open","ping_status":"closed","template":"","meta":{"_et_pb_use_builder":"","_et_pb_old_content":"","_et_gb_content_width":""},"product_brand":[],"product_cat":[80],"product_tag":[],"class_list":{"0":"post-3301","1":"product","2":"type-product","3":"status-publish","4":"has-post-thumbnail","6":"product_cat-snowblower-gearbox","8":"first","9":"instock","10":"shipping-taxable","11":"product-type-simple"},"_links":{"self":[{"href":"https:\/\/fmp-components.com\/vi\/wp-json\/wp\/v2\/product\/3301","targetHints":{"allow":["GET"]}}],"collection":[{"href":"https:\/\/fmp-components.com\/vi\/wp-json\/wp\/v2\/product"}],"about":[{"href":"https:\/\/fmp-components.com\/vi\/wp-json\/wp\/v2\/types\/product"}],"replies":[{"embeddable":true,"href":"https:\/\/fmp-components.com\/vi\/wp-json\/wp\/v2\/comments?post=3301"}],"wp:featuredmedia":[{"embeddable":true,"href":"https:\/\/fmp-components.com\/vi\/wp-json\/wp\/v2\/media\/3305"}],"wp:attachment":[{"href":"https:\/\/fmp-components.com\/vi\/wp-json\/wp\/v2\/media?parent=3301"}],"wp:term":[{"taxonomy":"product_brand","embeddable":true,"href":"https:\/\/fmp-components.com\/vi\/wp-json\/wp\/v2\/product_brand?post=3301"},{"taxonomy":"product_cat","embeddable":true,"href":"https:\/\/fmp-components.com\/vi\/wp-json\/wp\/v2\/product_cat?post=3301"},{"taxonomy":"product_tag","embeddable":true,"href":"https:\/\/fmp-components.com\/vi\/wp-json\/wp\/v2\/product_tag?post=3301"}],"curies":[{"name":"wp","href":"https:\/\/api.w.org\/{rel}","templated":true}]}}