{"id":3253,"date":"2025-01-06T01:10:21","date_gmt":"2025-01-06T01:10:21","guid":{"rendered":"https:\/\/fmp-components.com\/?page_id=8"},"modified":"2025-01-06T01:15:31","modified_gmt":"2025-01-06T01:15:31","slug":"gearbox-for-agricultural-machinery-600-series","status":"publish","type":"product","link":"https:\/\/fmp-components.com\/vi\/product\/gearbox-for-agricultural-machinery-600-series\/","title":{"rendered":"H\u1ed9p s\u1ed1 cho m\u00e1y m\u00f3c n\u00f4ng nghi\u1ec7p d\u00f2ng 600"},"content":{"rendered":"<h2>Bi\u1ec3u \u0111\u1ed3 x\u1ebfp h\u1ea1ng<\/h2>\n<p><img loading=\"lazy\" decoding=\"async\" class=\"alignnone wp-image-3255\" src=\"https:\/\/fmp-components.com\/wp-content\/uploads\/2025\/01\/R600-rating-charts.webp\" alt=\"Bi\u1ec3u \u0111\u1ed3 x\u1ebfp h\u1ea1ng R600\" width=\"844\" height=\"1536\" title=\"\" srcset=\"https:\/\/fmp-components.com\/wp-content\/uploads\/2025\/01\/R600-rating-charts.webp 339w, https:\/\/fmp-components.com\/wp-content\/uploads\/2025\/01\/R600-rating-charts-165x300.webp 165w, https:\/\/fmp-components.com\/wp-content\/uploads\/2025\/01\/R600-rating-charts-7x12.webp 7w\" sizes=\"(max-width: 844px) 100vw, 844px\" \/><\/p>\n<h3>B\u1ea3n v\u1ebd cho d\u00f2ng 600<\/h3>\n<p><img loading=\"lazy\" decoding=\"async\" class=\"alignnone wp-image-3254\" src=\"https:\/\/fmp-components.com\/wp-content\/uploads\/2025\/01\/600drawing.webp\" alt=\"600 b\u1ea3n v\u1ebd\" width=\"889\" height=\"1149\" title=\"\" srcset=\"https:\/\/fmp-components.com\/wp-content\/uploads\/2025\/01\/600drawing.webp 889w, https:\/\/fmp-components.com\/wp-content\/uploads\/2025\/01\/600drawing-480x621.webp 480w\" sizes=\"(min-width: 0px) and (max-width: 480px) 480px, (min-width: 481px) 889px, 100vw\" \/><\/p>\n<h3>C\u0103n ch\u1ec9nh tr\u1ee5c quay cho d\u00f2ng 600<\/h3>\n<p><img loading=\"lazy\" decoding=\"async\" class=\"alignnone size-full wp-image-3257\" src=\"https:\/\/fmp-components.com\/wp-content\/uploads\/2025\/01\/R400-600Rotation.webp\" alt=\"R400-600Xoay\" width=\"1024\" height=\"384\" title=\"\" srcset=\"https:\/\/fmp-components.com\/wp-content\/uploads\/2025\/01\/R400-600Rotation.webp 1024w, https:\/\/fmp-components.com\/wp-content\/uploads\/2025\/01\/R400-600Rotation-980x368.webp 980w, https:\/\/fmp-components.com\/wp-content\/uploads\/2025\/01\/R400-600Rotation-480x180.webp 480w\" sizes=\"(min-width: 0px) and (max-width: 480px) 480px, (min-width: 481px) and (max-width: 980px) 980px, (min-width: 981px) 1024px, 100vw\" \/><\/p>\n<h3>C\u00e1c t\u00ednh n\u0103ng ch\u00ednh c\u1ee7a h\u1ed9p s\u1ed1 cho m\u00e1y m\u00f3c n\u00f4ng nghi\u1ec7p \u2013 D\u00f2ng 600<\/h3>\n<p>H\u1ed9p s\u1ed1 d\u00f2ng 600 \u0111\u01b0\u1ee3c thi\u1ebft k\u1ebf cho c\u00e1c \u1ee9ng d\u1ee5ng n\u00f4ng nghi\u1ec7p \u0111\u00f2i h\u1ecfi kh\u1eaft khe, mang l\u1ea1i hi\u1ec7u su\u1ea5t v\u00e0 \u0111\u1ed9 b\u1ec1n v\u01b0\u1ee3t tr\u1ed9i. \u0110\u01b0\u1ee3c ch\u1ebf t\u1ea1o v\u1edbi v\u1ecf nh\u00f4m hai m\u1ea3nh ch\u1eafc ch\u1eafn, h\u1ed9p s\u1ed1 n\u00e0y mang l\u1ea1i \u0111\u1ed9 b\u1ec1n v\u01b0\u1ee3t tr\u1ed9i, kh\u1ea3 n\u0103ng ch\u1ed1ng \u0103n m\u00f2n v\u00e0 kh\u1ea3 n\u0103ng ch\u1ecbu nhi\u1ec7t, \u0111\u1ea3m b\u1ea3o ho\u1ea1t \u0111\u1ed9ng \u0111\u00e1ng tin c\u1eady ngay c\u1ea3 trong \u0111i\u1ec1u ki\u1ec7n kh\u1eafc nghi\u1ec7t. D\u00f9 \u0111\u01b0\u1ee3c s\u1eed d\u1ee5ng trong m\u00e1y m\u00f3c n\u00f4ng nghi\u1ec7p hay c\u00e1c thi\u1ebft b\u1ecb h\u1ea1ng n\u1eb7ng kh\u00e1c, h\u1ed9p s\u1ed1 n\u00e0y \u0111\u01b0\u1ee3c thi\u1ebft k\u1ebf \u0111\u1ec3 \u0111\u1ea3m b\u1ea3o \u0111\u1ed9 tin c\u1eady v\u00e0 hi\u1ec7u qu\u1ea3 l\u00e2u d\u00e0i.<\/p>\n<ul>\n<li><strong>V\u1ecf nh\u00f4m hai m\u1ea3nh<\/strong>: V\u1ecf m\u00e1y \u0111\u01b0\u1ee3c l\u00e0m b\u1eb1ng nh\u00f4m ch\u1ea5t l\u01b0\u1ee3ng cao, mang \u0111\u1ebfn s\u1ef1 k\u1ebft h\u1ee3p t\u1ed1i \u01b0u gi\u1eefa \u0111\u1ed9 b\u1ec1n v\u00e0 tr\u1ecdng l\u01b0\u1ee3ng nh\u1eb9. M\u00e1y c\u00f3 kh\u1ea3 n\u0103ng ch\u1ed1ng \u0103n m\u00f2n v\u00e0 ch\u1ecbu nhi\u1ec7t cao, l\u00fd t\u01b0\u1edfng cho th\u1eddi gian ho\u1ea1t \u0111\u1ed9ng k\u00e9o d\u00e0i v\u00e0 m\u00f4i tr\u01b0\u1eddng kh\u1eafc nghi\u1ec7t.<\/li>\n<li><strong>Linh ki\u1ec7n gia c\u00f4ng ch\u00ednh x\u00e1c<\/strong>: M\u1ed7i b\u1ed9 ph\u1eadn, bao g\u1ed3m b\u00e1nh r\u0103ng v\u00e0 \u1ed5 tr\u1ee5c, \u0111\u1ec1u \u0111\u01b0\u1ee3c gia c\u00f4ng ch\u00ednh x\u00e1c \u0111\u1ec3 \u0111\u1ea3m b\u1ea3o \u0111\u1ed9 \u0103n kh\u1edbp ch\u00ednh x\u00e1c gi\u1eefa b\u00e1nh r\u0103ng v\u00e0 \u1ed5 tr\u1ee5c, gi\u1ea3m thi\u1ec3u ma s\u00e1t v\u00e0 m\u00e0i m\u00f2n. \u0110i\u1ec1u n\u00e0y gi\u00fap t\u0103ng tu\u1ed5i th\u1ecd v\u00e0 hi\u1ec7u su\u1ea5t c\u1ee7a h\u1ed9p s\u1ed1.<\/li>\n<li><strong>Ph\u1ea1m vi r\u1ed9ng c\u1ee7a t\u1ef7 s\u1ed1 truy\u1ec1n<\/strong>:H\u1ed9p s\u1ed1 \u0111\u01b0\u1ee3c trang b\u1ecb s\u00e1u t\u1ef7 s\u1ed1 truy\u1ec1n \u0111\u01b0\u1ee3c r\u00e8n ch\u00ednh x\u00e1c:\n<ul>\n<li>1:1<\/li>\n<li>1.18:1<\/li>\n<li>1.35:1<\/li>\n<li>1.5:1<\/li>\n<li>1.86:1<\/li>\n<li>2:1 Lo\u1ea1i n\u00e0y mang l\u1ea1i s\u1ef1 linh ho\u1ea1t, cho ph\u00e9p t\u00f9y ch\u1ec9nh h\u1ed9p s\u1ed1 theo y\u00eau c\u1ea7u truy\u1ec1n \u0111\u1ed9ng c\u1ee5 th\u1ec3 c\u1ee7a c\u00e1c lo\u1ea1i m\u00e1y n\u00f4ng nghi\u1ec7p kh\u00e1c nhau.<\/li>\n<\/ul>\n<\/li>\n<li><strong>V\u00f2ng bi l\u0103n c\u00f4n<\/strong>: \u0110\u01b0\u1ee3c trang b\u1ecb \u1ed5 tr\u1ee5c l\u0103n c\u00f4n, h\u1ed9p s\u1ed1 mang l\u1ea1i kh\u1ea3 n\u0103ng ch\u1ecbu t\u1ea3i cao h\u01a1n v\u00e0 k\u00e9o d\u00e0i tu\u1ed5i th\u1ecd \u1ed5 tr\u1ee5c, ngay c\u1ea3 trong nh\u1eefng ho\u1ea1t \u0111\u1ed9ng kh\u1eafc nghi\u1ec7t. T\u00ednh n\u0103ng n\u00e0y gi\u00fap gi\u1ea3m th\u1eddi gian ng\u1eebng ho\u1ea1t \u0111\u1ed9ng v\u00e0 chi ph\u00ed b\u1ea3o tr\u00ec.<\/li>\n<li><strong>Tr\u1ee5c th\u00e9p c\u01b0\u1eddng \u0111\u1ed9 cao<\/strong>: Tr\u1ee5c 1,75\u2033 \u0111\u01b0\u1ee3c l\u00e0m t\u1eeb th\u00e9p c\u01b0\u1eddng \u0111\u1ed9 cao, mang l\u1ea1i \u0111\u1ed9 b\u1ec1n v\u00e0 kh\u1ea3 n\u0103ng ph\u1ee5c h\u1ed3i v\u01b0\u1ee3t tr\u1ed9i \u0111\u1ec3 ch\u1ecbu \u0111\u01b0\u1ee3c t\u1ea3i tr\u1ecdng l\u1edbn v\u00e0 \u0111i\u1ec1u ki\u1ec7n kh\u1eafc nghi\u1ec7t, \u0111\u1ea3m b\u1ea3o hi\u1ec7u su\u1ea5t \u1ed5n \u0111\u1ecbnh theo th\u1eddi gian.<\/li>\n<li><strong>B\u00f4i tr\u01a1n v\u00e0 th\u1eed nghi\u1ec7m<\/strong>: H\u1ed9p s\u1ed1 \u0111\u01b0\u1ee3c \u0111\u1ed5 s\u1eb5n d\u1ea7u b\u00f4i tr\u01a1n b\u00e1nh r\u0103ng 80W90 \u0111\u1ec3 b\u00f4i tr\u01a1n t\u1ed1i \u01b0u, gi\u1ea3m thi\u1ec3u hao m\u00f2n trong qu\u00e1 tr\u00ecnh v\u1eadn h\u00e0nh. S\u1ea3n ph\u1ea9m c\u0169ng \u0111\u01b0\u1ee3c ki\u1ec3m tra r\u00f2 r\u1ec9 tr\u01b0\u1edbc khi xu\u1ea5t x\u01b0\u1edfng \u0111\u1ec3 \u0111\u1ea3m b\u1ea3o \u0111\u1ed9 tin c\u1eady v\u00e0 ng\u0103n ng\u1eeba c\u00e1c s\u1ef1 c\u1ed1 v\u1eadn h\u00e0nh ti\u1ec1m \u1ea9n.<\/li>\n<li><strong>C\u00e2n n\u1eb7ng<\/strong>: D\u00f2ng 600 n\u1eb7ng 60-70 pound<strong>.<\/strong>, bao g\u1ed3m c\u1ea3 d\u1ea7u, cung c\u1ea5p tr\u1ecdng l\u01b0\u1ee3ng c\u00e2n b\u1eb1ng \u0111\u1ec3 l\u1eafp \u0111\u1eb7t d\u1ec5 d\u00e0ng v\u00e0 h\u1ed7 tr\u1ee3 m\u1ea1nh m\u1ebd cho m\u00e1y m\u00f3c n\u00f4ng nghi\u1ec7p h\u1ea1ng n\u1eb7ng.<\/li>\n<\/ul>\n<p>H\u1ed9p s\u1ed1 d\u00f2ng 600 l\u00fd t\u01b0\u1edfng cho nhi\u1ec1u lo\u1ea1i m\u00e1y m\u00f3c n\u00f4ng nghi\u1ec7p, ch\u1eb3ng h\u1ea1n nh\u01b0 m\u00e1y g\u1eb7t, m\u00e1y c\u00e0y v\u00e0 m\u00e1y k\u00e9o. Kh\u1ea3 n\u0103ng ch\u1ecbu t\u1ea3i cao v\u00e0 thi\u1ebft k\u1ebf ch\u00ednh x\u00e1c \u0111\u1ea3m b\u1ea3o h\u1ed9p s\u1ed1 c\u00f3 th\u1ec3 \u0111\u00e1p \u1ee9ng nh\u1eefng y\u00eau c\u1ea7u kh\u1eaft khe c\u1ee7a ho\u1ea1t \u0111\u1ed9ng n\u00f4ng nghi\u1ec7p hi\u1ec7n \u0111\u1ea1i, \u0111\u1ea3m b\u1ea3o hi\u1ec7u su\u1ea5t t\u1ed1i \u01b0u v\u00e0 tu\u1ed5i th\u1ecd cao cho c\u00e1c thi\u1ebft b\u1ecb quan tr\u1ecdng.<\/p>\n<p>V\u1edbi thi\u1ebft k\u1ebf m\u1ea1nh m\u1ebd, t\u1ef7 s\u1ed1 truy\u1ec1n \u0111a d\u1ea1ng v\u00e0 linh ki\u1ec7n cao c\u1ea5p, H\u1ed9p s\u1ed1 d\u00f2ng 600 n\u1ed5i b\u1eadt l\u00e0 l\u1ef1a ch\u1ecdn \u0111\u00e1ng tin c\u1eady cho m\u00e1y m\u00f3c n\u00f4ng nghi\u1ec7p. \u0110\u01b0\u1ee3c ch\u1ebf t\u1ea1o \u0111\u1ec3 ch\u1ecbu \u0111\u01b0\u1ee3c \u0111i\u1ec1u ki\u1ec7n l\u00e0m vi\u1ec7c kh\u1eafc nghi\u1ec7t \u0111\u1ed3ng th\u1eddi truy\u1ec1n t\u1ea3i c\u00f4ng su\u1ea5t hi\u1ec7u qu\u1ea3, \u0111\u00e2y l\u00e0 linh ki\u1ec7n thi\u1ebft y\u1ebfu cho b\u1ea5t k\u1ef3 ai t\u00ecm ki\u1ebfm h\u1ed9p s\u1ed1 b\u1ec1n b\u1ec9, hi\u1ec7u su\u1ea5t cao trong l\u0129nh v\u1ef1c n\u00f4ng nghi\u1ec7p.<\/p>\n<h3>Gi\u1edbi thi\u1ec7u v\u1ec1 FMP<\/h3>\n<p>C\u00f3 tr\u1ee5 s\u1edf ch\u00ednh t\u1ea1i \u00dd, FMP l\u00e0 nh\u00e0 s\u1ea3n xu\u1ea5t h\u00e0ng \u0111\u1ea7u, n\u1ed5i ti\u1ebfng v\u1edbi chuy\u00ean m\u00f4n trong thi\u1ebft k\u1ebf, ph\u00e1t tri\u1ec3n v\u00e0 s\u1ea3n xu\u1ea5t h\u1ed9p s\u1ed1 hi\u1ec7u su\u1ea5t cao, t\u1eadp trung chuy\u00ean s\u00e2u v\u00e0o l\u0129nh v\u1ef1c m\u00e1y m\u00f3c n\u00f4ng nghi\u1ec7p. FMP \u0111\u00e3 x\u00e2y d\u1ef1ng \u0111\u01b0\u1ee3c danh ti\u1ebfng v\u1eefng ch\u1eafc v\u1ec1 k\u1ef9 thu\u1eadt ch\u00ednh x\u00e1c, gi\u1ea3i ph\u00e1p ti\u00ean ti\u1ebfn v\u00e0 \u0111\u1ed9 tin c\u1eady tuy\u1ec7t \u0111\u1ed1i, kh\u1eb3ng \u0111\u1ecbnh v\u1ecb th\u1ebf l\u00e0 \u0111\u1ed1i t\u00e1c \u0111\u00e1ng tin c\u1eady cho c\u1ea3 th\u1ecb tr\u01b0\u1eddng n\u00f4ng nghi\u1ec7p v\u00e0 c\u00f4ng nghi\u1ec7p. Danh m\u1ee5c s\u1ea3n ph\u1ea9m phong ph\u00fa c\u1ee7a ch\u00fang t\u00f4i bao g\u1ed3m h\u1ed9p s\u1ed1 \u0111\u01b0\u1ee3c thi\u1ebft k\u1ebf ri\u00eang cho m\u00e1y c\u1eaft c\u1ecf, tr\u1ee5c PTO v\u00e0 c\u00e1c linh ki\u1ec7n thi\u1ebft y\u1ebfu kh\u00e1c, m\u1ed7i s\u1ea3n ph\u1ea9m \u0111\u1ec1u \u0111\u01b0\u1ee3c ch\u1ebf t\u1ea1o t\u1ec9 m\u1ec9 \u0111\u1ec3 \u0111\u00e1p \u1ee9ng ch\u00ednh x\u00e1c nhu c\u1ea7u c\u1ee7a nhi\u1ec1u \u1ee9ng d\u1ee5ng kh\u00e1c nhau.<\/p>\n<p>T\u1ea1i FMP, ch\u00fang t\u00f4i hi\u1ec3u r\u1eb1ng m\u1ed7i kh\u00e1ch h\u00e0ng \u0111\u1ec1u ph\u1ea3i \u0111\u1ed1i m\u1eb7t v\u1edbi nh\u1eefng th\u00e1ch th\u1ee9c ri\u00eang bi\u1ec7t. Hi\u1ec3u bi\u1ebft s\u00e2u s\u1eafc n\u00e0y th\u00fac \u0111\u1ea9y ch\u00fang t\u00f4i cam k\u1ebft cung c\u1ea5p c\u00e1c gi\u1ea3i ph\u00e1p ph\u00f9 h\u1ee3p, d\u00f9 l\u00e0 cho t\u1eebng th\u00e0nh ph\u1ea7n ri\u00eang l\u1ebb hay to\u00e0n b\u1ed9 h\u1ec7 th\u1ed1ng t\u00edch h\u1ee3p. B\u1eb1ng c\u00e1ch h\u1ee3p t\u00e1c ch\u1eb7t ch\u1ebd v\u1edbi kh\u00e1ch h\u00e0ng, ch\u00fang t\u00f4i \u0111\u1ea3m b\u1ea3o r\u1eb1ng m\u1ecdi gi\u1ea3i ph\u00e1p kh\u00f4ng ch\u1ec9 \u0111\u00e1p \u1ee9ng ch\u00ednh x\u00e1c y\u00eau c\u1ea7u c\u1ee7a h\u1ecd m\u00e0 c\u00f2n t\u1ed1i \u0111a h\u00f3a hi\u1ec7u su\u1ea5t v\u00e0 gi\u00e1 tr\u1ecb. S\u1ef1 t\u1eadn t\u00e2m c\u1ee7a ch\u00fang t\u00f4i trong vi\u1ec7c cung c\u1ea5p ph\u1ea3n h\u1ed3i nhanh ch\u00f3ng, chuy\u00ean nghi\u1ec7p v\u00e0 h\u01b0\u1edbng d\u1eabn chuy\u00ean m\u00f4n \u0111\u1ea3m b\u1ea3o r\u1eb1ng m\u1ed7i y\u00eau c\u1ea7u \u0111\u1ec1u \u0111\u01b0\u1ee3c x\u1eed l\u00fd ch\u00ednh x\u00e1c, lu\u00f4n mang l\u1ea1i k\u1ebft qu\u1ea3 t\u1ed1i \u01b0u.<\/p>\n<p>Ch\u00fang t\u00f4i \u0111\u1eb7c bi\u1ec7t ch\u00fa tr\u1ecdng v\u00e0o vi\u1ec7c giao ti\u1ebfp minh b\u1ea1ch v\u00e0 li\u00ean t\u1ee5c trong su\u1ed1t m\u1ecdi giai \u0111o\u1ea1n c\u1ee7a chu tr\u00ecnh ph\u00e1t tri\u1ec3n s\u1ea3n ph\u1ea9m. \u0110\u1ed9i ng\u0169 t\u1eadn t\u00e2m c\u1ee7a ch\u00fang t\u00f4i l\u00e0m vi\u1ec7c tr\u1ef1c ti\u1ebfp v\u1edbi kh\u00e1ch h\u00e0ng \u0111\u1ec3 th\u1ea5u hi\u1ec3u nhu c\u1ea7u c\u1ee7a h\u1ecd, cung c\u1ea5p nh\u1eefng hi\u1ec3u bi\u1ebft s\u00e2u s\u1eafc v\u00e0 khuy\u1ebfn ngh\u1ecb chuy\u00ean m\u00f4n nh\u1eb1m \u0111\u1ea3m b\u1ea3o k\u1ebft qu\u1ea3 t\u1ed1t nh\u1ea5t. D\u00f9 thi\u1ebft k\u1ebf s\u1ea3n ph\u1ea9m ti\u00ean ti\u1ebfn hay th\u1ef1c hi\u1ec7n c\u00e1c \u0111\u01a1n h\u00e0ng th\u01b0\u1eddng xuy\u00ean, FMP lu\u00f4n cam k\u1ebft cung c\u1ea5p c\u00e1c gi\u1ea3i ph\u00e1p ch\u1ea5t l\u01b0\u1ee3ng cao, \u0111\u01b0\u1ee3c thi\u1ebft k\u1ebf ch\u00ednh x\u00e1c, \u0111\u00fang h\u1ea1n. M\u1ee5c ti\u00eau c\u1ee7a ch\u00fang t\u00f4i l\u00e0 lu\u00f4n v\u01b0\u1ee3t tr\u00ean mong \u0111\u1ee3i c\u1ee7a kh\u00e1ch h\u00e0ng b\u1eb1ng c\u00e1ch cung c\u1ea5p d\u1ecbch v\u1ee5 xu\u1ea5t s\u1eafc v\u00e0 \u0111\u1ea1t \u0111\u01b0\u1ee3c k\u1ebft qu\u1ea3 v\u01b0\u1ee3t tr\u1ed9i trong m\u1ecdi d\u1ef1 \u00e1n.<\/p>\n<p>C\u1ed1t l\u00f5i trong ho\u1ea1t \u0111\u1ed9ng c\u1ee7a FMP l\u00e0 cam k\u1ebft v\u1eefng ch\u1eafc v\u1ec1 ch\u1ea5t l\u01b0\u1ee3ng. Ch\u00fang t\u00f4i tu\u00e2n th\u1ee7 c\u00e1c ti\u00eau chu\u1ea9n s\u1ea3n xu\u1ea5t cao nh\u1ea5t v\u00e0 th\u1ef1c hi\u1ec7n c\u00e1c quy tr\u00ecnh ki\u1ec3m so\u00e1t ch\u1ea5t l\u01b0\u1ee3ng nghi\u00eam ng\u1eb7t \u0111\u1ec3 \u0111\u1ea3m b\u1ea3o m\u1ecdi s\u1ea3n ph\u1ea9m kh\u00f4ng ch\u1ec9 \u0111\u00e1p \u1ee9ng m\u00e0 c\u00f2n v\u01b0\u1ee3t xa c\u00e1c ti\u00eau chu\u1ea9n c\u1ee7a ng\u00e0nh. Cam k\u1ebft v\u1ec1 s\u1ef1 xu\u1ea5t s\u1eafc n\u00e0y, k\u1ebft h\u1ee3p v\u1edbi c\u00e1c gi\u00e1 tr\u1ecb c\u1ed1t l\u00f5i c\u1ee7a ch\u00fang t\u00f4i l\u00e0 ch\u00ednh tr\u1ef1c, tinh th\u1ea7n \u0111\u1ed3ng \u0111\u1ed9i v\u00e0 s\u1ef1 ki\u00ean tr\u00ec, \u0111\u00e3 cho ph\u00e9p ch\u00fang t\u00f4i x\u00e2y d\u1ef1ng m\u1ed1i quan h\u1ec7 l\u00e2u d\u00e0i, d\u1ef1a tr\u00ean s\u1ef1 tin c\u1eady v\u1edbi kh\u00e1ch h\u00e0ng t\u1ea1i g\u1ea7n 30 qu\u1ed1c gia tr\u00ean to\u00e0n th\u1ebf gi\u1edbi.<\/p>\n<p>FMP cam k\u1ebft th\u00fac \u0111\u1ea9y quan h\u1ec7 \u0111\u1ed1i t\u00e1c to\u00e0n c\u1ea7u b\u1eb1ng c\u00e1ch cung c\u1ea5p t\u01b0 v\u1ea5n chuy\u00ean m\u00f4n v\u00e0 c\u00e1c gi\u1ea3i ph\u00e1p t\u00f9y ch\u1ec9nh, \u0111\u00e1p \u1ee9ng nhu c\u1ea7u ng\u00e0y c\u00e0ng \u0111a d\u1ea1ng c\u1ee7a kh\u00e1ch h\u00e0ng. Ch\u00fang t\u00f4i n\u1ed7 l\u1ef1c x\u00e2y d\u1ef1ng m\u1ed1i quan h\u1ec7 l\u00e2u d\u00e0i, c\u00f9ng c\u00f3 l\u1ee3i, g\u00f3p ph\u1ea7n v\u00e0o th\u00e0nh c\u00f4ng c\u1ee7a m\u1ecdi d\u1ef1 \u00e1n. Cho d\u00f9 b\u1ea1n \u0111ang t\u00ecm ki\u1ebfm c\u00e1c gi\u1ea3i ph\u00e1p s\u00e1ng t\u1ea1o cho m\u1ed9t s\u00e1ng ki\u1ebfn \u200b\u200bm\u1edbi hay h\u1ed7 tr\u1ee3 li\u00ean t\u1ee5c cho m\u1ed9t h\u1ec7 th\u1ed1ng hi\u1ec7n c\u00f3, FMP lu\u00f4n s\u1eb5n s\u00e0ng h\u1ed7 tr\u1ee3 b\u1ea1n v\u01b0\u1ee3t qua c\u00e1c th\u00e1ch th\u1ee9c k\u1ef9 thu\u1eadt v\u00e0 \u0111\u1ea3m b\u1ea3o th\u00e0nh c\u00f4ng b\u1ec1n v\u1eefng.<\/p>\n<p><img loading=\"lazy\" decoding=\"async\" class=\"alignnone wp-image-2695\" src=\"https:\/\/fmp-components.com\/wp-content\/uploads\/2025\/01\/agricultural-gearbox3.webp\" alt=\"h\u1ed9p s\u1ed1 n\u00f4ng nghi\u1ec7p\" width=\"1140\" height=\"1138\" title=\"\" srcset=\"https:\/\/fmp-components.com\/wp-content\/uploads\/2025\/01\/agricultural-gearbox3.webp 1140w, https:\/\/fmp-components.com\/wp-content\/uploads\/2025\/01\/agricultural-gearbox3-480x479.webp 480w\" sizes=\"(min-width: 0px) and (max-width: 480px) 480px, (min-width: 481px) 1140px, 100vw\" \/><\/p>\n<p>T\u00e1c gi\u1ea3: CX<\/p>","protected":false},"excerpt":{"rendered":"<p>Rating Chart Drawing For 600 Series Shaft Rotation Alignment For 600 Series Key Features of Gearbox for Agricultural Machinery &#8211; 600 Series The 600 Series Gearbox is engineered for demanding agricultural applications, designed to deliver exceptional performance and durability. Built with a robust two-piece aluminum housing, this gearbox offers superior strength, corrosion resistance, and thermal [&hellip;]<\/p>","protected":false},"featured_media":3258,"comment_status":"open","ping_status":"closed","template":"","meta":{"_et_pb_use_builder":"","_et_pb_old_content":"","_et_gb_content_width":""},"product_brand":[],"product_cat":[78],"product_tag":[],"class_list":{"0":"post-3253","1":"product","2":"type-product","3":"status-publish","4":"has-post-thumbnail","6":"product_cat-gearbox-for-agricultural-machinery","8":"first","9":"instock","10":"shipping-taxable","11":"product-type-simple"},"_links":{"self":[{"href":"https:\/\/fmp-components.com\/vi\/wp-json\/wp\/v2\/product\/3253","targetHints":{"allow":["GET"]}}],"collection":[{"href":"https:\/\/fmp-components.com\/vi\/wp-json\/wp\/v2\/product"}],"about":[{"href":"https:\/\/fmp-components.com\/vi\/wp-json\/wp\/v2\/types\/product"}],"replies":[{"embeddable":true,"href":"https:\/\/fmp-components.com\/vi\/wp-json\/wp\/v2\/comments?post=3253"}],"wp:featuredmedia":[{"embeddable":true,"href":"https:\/\/fmp-components.com\/vi\/wp-json\/wp\/v2\/media\/3258"}],"wp:attachment":[{"href":"https:\/\/fmp-components.com\/vi\/wp-json\/wp\/v2\/media?parent=3253"}],"wp:term":[{"taxonomy":"product_brand","embeddable":true,"href":"https:\/\/fmp-components.com\/vi\/wp-json\/wp\/v2\/product_brand?post=3253"},{"taxonomy":"product_cat","embeddable":true,"href":"https:\/\/fmp-components.com\/vi\/wp-json\/wp\/v2\/product_cat?post=3253"},{"taxonomy":"product_tag","embeddable":true,"href":"https:\/\/fmp-components.com\/vi\/wp-json\/wp\/v2\/product_tag?post=3253"}],"curies":[{"name":"wp","href":"https:\/\/api.w.org\/{rel}","templated":true}]}}