{"id":3241,"date":"2025-01-06T00:37:34","date_gmt":"2025-01-06T00:37:34","guid":{"rendered":"https:\/\/fmp-components.com\/?page_id=8"},"modified":"2025-01-06T06:53:06","modified_gmt":"2025-01-06T06:53:06","slug":"gearbox-for-agricultural-machinery-200-series","status":"publish","type":"product","link":"https:\/\/fmp-components.com\/vi\/product\/gearbox-for-agricultural-machinery-200-series\/","title":{"rendered":"H\u1ed9p s\u1ed1 cho m\u00e1y n\u00f4ng nghi\u1ec7p d\u00f2ng 200"},"content":{"rendered":"<h2>Bi\u1ec3u \u0111\u1ed3 x\u1ebfp h\u1ea1ng<\/h2>\n<p><img loading=\"lazy\" decoding=\"async\" class=\"alignnone wp-image-3245\" src=\"https:\/\/fmp-components.com\/wp-content\/uploads\/2025\/01\/R200-rating-charts.webp\" alt=\"Bi\u1ec3u \u0111\u1ed3 x\u1ebfp h\u1ea1ng R200\" width=\"917\" height=\"863\" title=\"\" srcset=\"https:\/\/fmp-components.com\/wp-content\/uploads\/2025\/01\/R200-rating-charts.webp 441w, https:\/\/fmp-components.com\/wp-content\/uploads\/2025\/01\/R200-rating-charts-300x282.webp 300w, https:\/\/fmp-components.com\/wp-content\/uploads\/2025\/01\/R200-rating-charts-13x12.webp 13w\" sizes=\"(max-width: 917px) 100vw, 917px\" \/><\/p>\n<h3>B\u1ea3n v\u1ebd cho Series 200<\/h3>\n<p><img loading=\"lazy\" decoding=\"async\" class=\"wp-image-3246 alignnone\" src=\"https:\/\/fmp-components.com\/wp-content\/uploads\/2025\/01\/200drawing.webp\" alt=\"200 b\u1ea3n v\u1ebd\" width=\"876\" height=\"1134\" title=\"\" srcset=\"https:\/\/fmp-components.com\/wp-content\/uploads\/2025\/01\/200drawing.webp 876w, https:\/\/fmp-components.com\/wp-content\/uploads\/2025\/01\/200drawing-480x621.webp 480w\" sizes=\"(min-width: 0px) and (max-width: 480px) 480px, (min-width: 481px) 876px, 100vw\" \/><\/p>\n<h3>C\u0103n ch\u1ec9nh tr\u1ee5c quay cho d\u00f2ng 200<\/h3>\n<p><img loading=\"lazy\" decoding=\"async\" class=\"alignnone wp-image-3247\" src=\"https:\/\/fmp-components.com\/wp-content\/uploads\/2025\/01\/100shaft-1.webp\" alt=\"100 tr\u1ee5c\" width=\"842\" height=\"255\" title=\"\" srcset=\"https:\/\/fmp-components.com\/wp-content\/uploads\/2025\/01\/100shaft-1.webp 360w, https:\/\/fmp-components.com\/wp-content\/uploads\/2025\/01\/100shaft-1-300x91.webp 300w, https:\/\/fmp-components.com\/wp-content\/uploads\/2025\/01\/100shaft-1-18x5.webp 18w\" sizes=\"(max-width: 842px) 100vw, 842px\" \/><\/p>\n<h3>H\u1ed9p s\u1ed1 d\u00f2ng 200 cho m\u00e1y m\u00f3c n\u00f4ng nghi\u1ec7p<\/h3>\n<p>H\u1ed9p s\u1ed1 d\u00f2ng 200 \u0111\u01b0\u1ee3c thi\u1ebft k\u1ebf \u0111\u1ec3 \u0111\u00e1p \u1ee9ng nhu c\u1ea7u kh\u1eaft khe c\u1ee7a m\u00e1y m\u00f3c n\u00f4ng nghi\u1ec7p, mang l\u1ea1i hi\u1ec7u su\u1ea5t m\u1ea1nh m\u1ebd, \u0111\u1ed9 b\u1ec1n v\u01b0\u1ee3t tr\u1ed9i v\u00e0 hi\u1ec7u su\u1ea5t v\u01b0\u1ee3t tr\u1ed9i. \u0110\u01b0\u1ee3c ch\u1ebf t\u1ea1o cho nhi\u1ec1u \u1ee9ng d\u1ee5ng n\u00f4ng nghi\u1ec7p, h\u1ed9p s\u1ed1 n\u00e0y k\u1ebft h\u1ee3p k\u1ef9 thu\u1eadt ch\u00ednh x\u00e1c v\u1edbi v\u1eadt li\u1ec7u ch\u1ea5t l\u01b0\u1ee3ng cao \u0111\u1ec3 \u0111\u1ea3m b\u1ea3o \u0111\u1ed9 tin c\u1eady v\u01b0\u1ee3t tr\u1ed9i trong \u0111i\u1ec1u ki\u1ec7n kh\u1eafc nghi\u1ec7t.<\/p>\n<h4>\u0110\u1eb7c tr\u01b0ng:<\/h4>\n<ul>\n<li><strong>V\u1ecf nh\u00f4m hai m\u1ea3nh<\/strong>: \u0110\u01b0\u1ee3c ch\u1ebf t\u1ea1o t\u1eeb nh\u00f4m b\u1ec1n, nh\u1eb9, v\u1ecf hai m\u1ea3nh cung c\u1ea5p <strong>s\u1ee9c m\u1ea1nh \u0111\u1eb7c bi\u1ec7t<\/strong>, <strong>kh\u1ea3 n\u0103ng ch\u1ed1ng \u0103n m\u00f2n<\/strong>, V\u00e0 <strong>c\u00f4ng su\u1ea5t nhi\u1ec7t<\/strong>, khi\u1ebfn n\u00f3 ph\u00f9 h\u1ee3p v\u1edbi m\u00f4i tr\u01b0\u1eddng n\u00f4ng nghi\u1ec7p th\u01b0\u1eddng xuy\u00ean ph\u1ea3i ti\u1ebfp x\u00fac v\u1edbi \u0111i\u1ec1u ki\u1ec7n kh\u1eafc nghi\u1ec7t.<\/li>\n<li><strong>Gia c\u00f4ng ch\u00ednh x\u00e1c<\/strong>: H\u1ed9p s\u1ed1 l\u00e0 <strong>gia c\u00f4ng ch\u00ednh x\u00e1c<\/strong> \u0111\u1ec3 \u0111\u1ea3m b\u1ea3o h\u1ec7 th\u1ed1ng b\u00e1nh r\u0103ng v\u00e0 t\u1ea3i tr\u01b0\u1edbc \u1ed5 tr\u1ee5c ho\u00e0n h\u1ea3o, t\u1ed1i \u01b0u h\u00f3a hi\u1ec7u su\u1ea5t v\u00e0 gi\u1ea3m m\u00e0i m\u00f2n. Quy tr\u00ecnh t\u1ec9 m\u1ec9 n\u00e0y \u0111\u1ea3m b\u1ea3o ho\u1ea1t \u0111\u1ed9ng \u0111\u00e1ng tin c\u1eady v\u00e0 \u00eam \u00e1i trong th\u1eddi gian d\u00e0i.<\/li>\n<li><strong>B\u00e1nh r\u0103ng r\u00e8n \u1edf nhi\u1ec1u t\u1ef7 s\u1ed1 kh\u00e1c nhau<\/strong>:H\u1ed9p s\u1ed1 d\u00f2ng 200 \u0111\u01b0\u1ee3c trang b\u1ecb <strong>b\u00e1nh r\u0103ng r\u00e8n ch\u00ednh x\u00e1c<\/strong> c\u00f3 s\u1eb5n theo ba t\u1ef7 l\u1ec7: <strong>1:1<\/strong>, <strong>1.5:1<\/strong>, V\u00e0 <strong>2:1<\/strong>, cho ph\u00e9p linh ho\u1ea1t trong nhi\u1ec1u \u1ee9ng d\u1ee5ng kh\u00e1c nhau, \u0111\u1ea3m b\u1ea3o s\u1ef1 c\u00e2n b\u1eb1ng ph\u00f9 h\u1ee3p gi\u1eefa t\u1ed1c \u0111\u1ed9 v\u00e0 m\u00f4-men xo\u1eafn cho c\u00e1c nhi\u1ec7m v\u1ee5 n\u00f4ng nghi\u1ec7p kh\u00e1c nhau.<\/li>\n<li><strong>V\u00f2ng bi l\u0103n c\u00f4n<\/strong>: <strong>V\u00f2ng bi l\u0103n c\u00f4n<\/strong> \u0111\u01b0\u1ee3c t\u00edch h\u1ee3p v\u00e0o thi\u1ebft k\u1ebf \u0111\u1ec3 cung c\u1ea5p t\u0103ng c\u01b0\u1eddng <strong>kh\u1ea3 n\u0103ng ch\u1ecbu t\u1ea3i<\/strong> V\u00e0 <strong>tu\u1ed5i th\u1ecd v\u00f2ng bi d\u00e0i h\u01a1n<\/strong>, \u0111\u1ea3m b\u1ea3o ho\u1ea1t \u0111\u1ed9ng \u1ed5n \u0111\u1ecbnh v\u00e0 \u0111\u1ed9 b\u1ec1n, ngay c\u1ea3 khi ch\u1ecbu t\u1ea3i tr\u1ecdng n\u1eb7ng v\u00e0 \u00e1p l\u1ef1c cao.<\/li>\n<li><strong>Tr\u1ee5c 1\u2033 c\u01b0\u1eddng \u0111\u1ed9 cao<\/strong>: H\u1ed9p s\u1ed1 c\u00f3 m\u1ed9t <strong>tr\u1ee5c 1 inch<\/strong> \u0111\u01b0\u1ee3c l\u00e0m t\u1eeb <strong>th\u00e9p c\u01b0\u1eddng \u0111\u1ed9 cao<\/strong>, \u0111\u01b0\u1ee3c thi\u1ebft k\u1ebf \u0111\u1ec3 x\u1eed l\u00fd c\u00e1c ho\u1ea1t \u0111\u1ed9ng n\u00f4ng nghi\u1ec7p nghi\u00eam ng\u1eb7t, cung c\u1ea5p s\u1ee9c m\u1ea1nh v\u00e0 \u0111\u1ed9 tin c\u1eady c\u1ea7n thi\u1ebft \u0111\u1ec3 ho\u1ea1t \u0111\u1ed9ng trong m\u00f4i tr\u01b0\u1eddng kh\u1eafc nghi\u1ec7t.<\/li>\n<li><strong>Ki\u1ec3m tra r\u00f2 r\u1ec9 v\u00e0 b\u00f4i tr\u01a1n<\/strong>: \u0110\u00e3 \u0111i\u1ec1n s\u1eb5n <strong>D\u1ea7u b\u00f4i tr\u01a1n b\u00e1nh r\u0103ng 80W90<\/strong>, m\u1ed7i h\u1ed9p s\u1ed1 \u0111\u1ec1u \u0111\u01b0\u1ee3c ki\u1ec3m tra k\u1ef9 l\u01b0\u1ee1ng <strong>\u0111\u00e3 ki\u1ec3m tra r\u00f2 r\u1ec9<\/strong> tr\u01b0\u1edbc khi v\u1eadn chuy\u1ec3n \u0111\u1ec3 \u0111\u1ea3m b\u1ea3o ni\u00eam phong \u0111\u00fang c\u00e1ch v\u00e0 \u0111\u1ea3m b\u1ea3o s\u1ea3n ph\u1ea9m ho\u1ea1t \u0111\u1ed9ng tr\u01a1n tru m\u00e0 kh\u00f4ng c\u00f3 b\u1ea5t k\u1ef3 v\u1ea5n \u0111\u1ec1 n\u00e0o ngay t\u1eeb \u0111\u1ea7u.<\/li>\n<li><strong>C\u00e2n n\u1eb7ng<\/strong>: D\u00f2ng 200 c\u00f3 tr\u1ecdng l\u01b0\u1ee3ng kho\u1ea3ng <strong>12 \u0111\u1ebfn 15 pound<\/strong>, bao g\u1ed3m c\u1ea3 d\u1ea7u, mang l\u1ea1i s\u1ef1 c\u00e2n b\u1eb1ng gi\u1eefa \u0111\u1ed9 b\u1ec1n v\u00e0 thi\u1ebft k\u1ebf nh\u1eb9 \u0111\u1ec3 gi\u1ea3m thi\u1ec3u t\u1ea3i tr\u1ecdng l\u00ean thi\u1ebft b\u1ecb n\u00f4ng nghi\u1ec7p.<\/li>\n<\/ul>\n<p>H\u1ed9p s\u1ed1 d\u00f2ng 200 l\u00e0 gi\u1ea3i ph\u00e1p \u0111a n\u0103ng cho m\u00e1y m\u00f3c n\u00f4ng nghi\u1ec7p, mang l\u1ea1i kh\u1ea3 n\u0103ng truy\u1ec1n \u0111\u1ed9ng tuy\u1ec7t v\u1eddi, \u0111\u1ed9 b\u1ec1n l\u00e2u d\u00e0i v\u00e0 y\u00eau c\u1ea7u b\u1ea3o tr\u00ec t\u1ed1i thi\u1ec3u. D\u00f9 d\u00f9ng cho vi\u1ec7c c\u00e0y x\u1edbi, thu ho\u1ea1ch hay c\u00e1c \u1ee9ng d\u1ee5ng n\u00f4ng nghi\u1ec7p kh\u00e1c, d\u00f2ng 200 \u0111\u1ea3m b\u1ea3o v\u1eadn h\u00e0nh tr\u01a1n tru, hi\u1ec7u qu\u1ea3 trong m\u1ecdi \u0111i\u1ec1u ki\u1ec7n.<\/p>\n<p>N\u1ebfu b\u1ea1n c\u00f3 y\u00eau c\u1ea7u c\u1ee5 th\u1ec3 ho\u1eb7c c\u1ea7n m\u1ed9t gi\u1ea3i ph\u00e1p t\u00f9y ch\u1ec9nh, FMP s\u1eb5n s\u00e0ng h\u1ed7 tr\u1ee3 v\u1edbi t\u01b0 v\u1ea5n chuy\u00ean m\u00f4n v\u00e0 c\u00e1c gi\u1ea3i ph\u00e1p ph\u00f9 h\u1ee3p. H\u00e3y \u0111\u1ec3 ch\u00fang t\u00f4i gi\u00fap b\u1ea1n t\u1ed1i \u01b0u h\u00f3a hi\u1ec7u su\u1ea5t m\u00e1y m\u00f3c n\u00f4ng nghi\u1ec7p v\u1edbi h\u1ed9p s\u1ed1 ph\u00f9 h\u1ee3p nh\u1ea5t v\u1edbi nhu c\u1ea7u c\u1ee7a b\u1ea1n.<\/p>\n<h2>Gi\u1edbi thi\u1ec7u v\u1ec1 FMP<\/h2>\n<p>C\u00f3 tr\u1ee5 s\u1edf ch\u00ednh t\u1ea1i \u00dd, FMP l\u00e0 \u0111\u01a1n v\u1ecb h\u00e0ng \u0111\u1ea7u trong l\u0129nh v\u1ef1c thi\u1ebft k\u1ebf, ph\u00e1t tri\u1ec3n v\u00e0 s\u1ea3n xu\u1ea5t h\u1ed9p s\u1ed1 hi\u1ec7u su\u1ea5t cao, t\u1eadp trung m\u1ea1nh m\u1ebd v\u00e0o l\u0129nh v\u1ef1c m\u00e1y m\u00f3c n\u00f4ng nghi\u1ec7p. \u0110\u01b0\u1ee3c c\u00f4ng nh\u1eadn nh\u1edd cam k\u1ebft v\u1ec1 k\u1ef9 thu\u1eadt ch\u00ednh x\u00e1c, c\u00e1c gi\u1ea3i ph\u00e1p ti\u00ean ti\u1ebfn v\u00e0 \u0111\u1ed9 tin c\u1eady \u1ed5n \u0111\u1ecbnh, FMP \u0111\u00e3 kh\u1eb3ng \u0111\u1ecbnh v\u1ecb th\u1ebf l\u00e0 \u0111\u1ed1i t\u00e1c \u0111\u00e1ng tin c\u1eady trong c\u1ea3 l\u0129nh v\u1ef1c n\u00f4ng nghi\u1ec7p v\u00e0 c\u00f4ng nghi\u1ec7p. Danh m\u1ee5c s\u1ea3n ph\u1ea9m \u0111a d\u1ea1ng c\u1ee7a ch\u00fang t\u00f4i bao g\u1ed3m h\u1ed9p s\u1ed1 \u0111\u01b0\u1ee3c thi\u1ebft k\u1ebf ri\u00eang cho m\u00e1y c\u1eaft c\u1ecf, tr\u1ee5c PTO v\u00e0 c\u00e1c linh ki\u1ec7n thi\u1ebft y\u1ebfu kh\u00e1c, t\u1ea5t c\u1ea3 \u0111\u1ec1u \u0111\u01b0\u1ee3c ch\u1ebf t\u1ea1o t\u1ec9 m\u1ec9 \u0111\u1ec3 \u0111\u00e1p \u1ee9ng nhu c\u1ea7u \u0111\u1eb7c th\u00f9 c\u1ee7a nhi\u1ec1u \u1ee9ng d\u1ee5ng kh\u00e1c nhau.<\/p>\n<p>T\u1ea1i FMP, ch\u00fang t\u00f4i hi\u1ec3u r\u1eb1ng m\u1ed7i kh\u00e1ch h\u00e0ng \u0111\u1ec1u c\u00f3 nh\u1eefng y\u00eau c\u1ea7u v\u00e0 th\u00e1ch th\u1ee9c ri\u00eang. \u0110i\u1ec1u n\u00e0y th\u00fac \u0111\u1ea9y ch\u00fang t\u00f4i t\u1eadp trung cung c\u1ea5p c\u00e1c gi\u1ea3i ph\u00e1p \u0111\u01b0\u1ee3c thi\u1ebft k\u1ebf ri\u00eang, d\u00f9 l\u00e0 cho t\u1eebng th\u00e0nh ph\u1ea7n ri\u00eang l\u1ebb hay h\u1ec7 th\u1ed1ng t\u00edch h\u1ee3p ho\u00e0n ch\u1ec9nh. B\u1eb1ng c\u00e1ch h\u1ee3p t\u00e1c ch\u1eb7t ch\u1ebd v\u1edbi kh\u00e1ch h\u00e0ng, ch\u00fang t\u00f4i \u0111\u1ea3m b\u1ea3o m\u1ed7i gi\u1ea3i ph\u00e1p \u0111\u1ec1u ho\u00e0n to\u00e0n ph\u00f9 h\u1ee3p v\u1edbi nhu c\u1ea7u c\u1ee5 th\u1ec3 c\u1ee7a h\u1ecd, t\u1ed1i \u01b0u h\u00f3a hi\u1ec7u su\u1ea5t v\u00e0 t\u1ed1i \u0111a h\u00f3a gi\u00e1 tr\u1ecb. Cam k\u1ebft c\u1ee7a ch\u00fang t\u00f4i trong vi\u1ec7c ph\u1ea3n h\u1ed3i k\u1ecbp th\u1eddi, h\u01b0\u1edbng d\u1eabn chuy\u00ean nghi\u1ec7p v\u00e0 th\u1ef1c hi\u1ec7n chuy\u00ean nghi\u1ec7p \u0111\u1ea3m b\u1ea3o m\u1ecdi d\u1ef1 \u00e1n \u0111\u1ec1u \u0111\u01b0\u1ee3c x\u1eed l\u00fd ch\u00ednh x\u00e1c, lu\u00f4n \u0111\u1ea1t \u0111\u01b0\u1ee3c k\u1ebft qu\u1ea3 t\u1ed1t nh\u1ea5t c\u00f3 th\u1ec3.<\/p>\n<p>Ch\u00fang t\u00f4i \u01b0u ti\u00ean h\u00e0ng \u0111\u1ea7u vi\u1ec7c giao ti\u1ebfp r\u00f5 r\u00e0ng v\u00e0 li\u00ean t\u1ee5c trong su\u1ed1t qu\u00e1 tr\u00ecnh ph\u00e1t tri\u1ec3n s\u1ea3n ph\u1ea9m. \u0110\u1ed9i ng\u0169 t\u1eadn t\u00e2m c\u1ee7a ch\u00fang t\u00f4i lu\u00f4n s\u00e1t c\u00e1nh c\u00f9ng kh\u00e1ch h\u00e0ng \u0111\u1ec3 th\u1ea5u hi\u1ec3u s\u00e2u s\u1eafc c\u00e1c y\u00eau c\u1ea7u c\u1ee7a h\u1ecd, \u0111\u01b0a ra nh\u1eefng hi\u1ec3u bi\u1ebft s\u00e2u s\u1eafc v\u00e0 \u0111\u1ec1 xu\u1ea5t gi\u00e1 tr\u1ecb nh\u1eb1m \u0111\u1ea1t \u0111\u01b0\u1ee3c k\u1ebft qu\u1ea3 t\u1ed1i \u01b0u. D\u00f9 l\u00e0 thi\u1ebft k\u1ebf s\u1ea3n ph\u1ea9m ti\u00ean ti\u1ebfn hay th\u1ef1c hi\u1ec7n c\u00e1c \u0111\u01a1n h\u00e0ng th\u01b0\u1eddng xuy\u00ean, FMP lu\u00f4n ki\u00ean \u0111\u1ecbnh v\u1edbi cam k\u1ebft cung c\u1ea5p c\u00e1c gi\u1ea3i ph\u00e1p ch\u1ea5t l\u01b0\u1ee3ng cao, \u0111\u01b0\u1ee3c thi\u1ebft k\u1ebf ch\u00ednh x\u00e1c, \u0111\u00fang h\u1ea1n v\u00e0 hi\u1ec7u qu\u1ea3. M\u1ee5c ti\u00eau c\u1ee7a ch\u00fang t\u00f4i l\u00e0 v\u01b0\u1ee3t tr\u00ean c\u1ea3 s\u1ef1 mong \u0111\u1ee3i c\u1ee7a kh\u00e1ch h\u00e0ng, mang \u0111\u1ebfn d\u1ecbch v\u1ee5 v\u00e0 k\u1ebft qu\u1ea3 v\u01b0\u1ee3t tr\u1ed9i trong m\u1ecdi d\u1ef1 \u00e1n ch\u00fang t\u00f4i \u0111\u1ea3m nh\u1eadn.<\/p>\n<p>C\u1ed1t l\u00f5i c\u1ee7a FMP l\u00e0 cam k\u1ebft v\u1eefng ch\u1eafc v\u1ec1 ch\u1ea5t l\u01b0\u1ee3ng. Ch\u00fang t\u00f4i tu\u00e2n th\u1ee7 c\u00e1c ti\u00eau chu\u1ea9n cao nh\u1ea5t c\u1ee7a ng\u00e0nh v\u00e0 th\u1ef1c hi\u1ec7n c\u00e1c quy tr\u00ecnh ki\u1ec3m so\u00e1t ch\u1ea5t l\u01b0\u1ee3ng nghi\u00eam ng\u1eb7t \u0111\u1ec3 \u0111\u1ea3m b\u1ea3o m\u1ed7i s\u1ea3n ph\u1ea9m kh\u00f4ng ch\u1ec9 \u0111\u00e1p \u1ee9ng m\u00e0 c\u00f2n v\u01b0\u1ee3t qua c\u00e1c ti\u00eau chu\u1ea9n c\u1ee7a ng\u00e0nh. S\u1ef1 t\u1eadn t\u00e2m h\u01b0\u1edbng \u0111\u1ebfn s\u1ef1 xu\u1ea5t s\u1eafc n\u00e0y, k\u1ebft h\u1ee3p v\u1edbi c\u00e1c gi\u00e1 tr\u1ecb c\u1ed1t l\u00f5i c\u1ee7a ch\u00fang t\u00f4i l\u00e0 ch\u00ednh tr\u1ef1c, tinh th\u1ea7n \u0111\u1ed3ng \u0111\u1ed9i v\u00e0 s\u1ef1 ki\u00ean tr\u00ec, \u0111\u00e3 gi\u00fap ch\u00fang t\u00f4i x\u00e2y d\u1ef1ng m\u1ed1i quan h\u1ec7 l\u00e2u d\u00e0i, d\u1ef1a tr\u00ean s\u1ef1 tin c\u1eady v\u1edbi kh\u00e1ch h\u00e0ng t\u1ea1i g\u1ea7n 30 qu\u1ed1c gia tr\u00ean to\u00e0n th\u1ebf gi\u1edbi.<\/p>\n<p>FMP t\u00e2m huy\u1ebft v\u1edbi vi\u1ec7c th\u00fac \u0111\u1ea9y quan h\u1ec7 \u0111\u1ed1i t\u00e1c to\u00e0n c\u1ea7u b\u1eb1ng c\u00e1ch cung c\u1ea5p t\u01b0 v\u1ea5n chuy\u00ean m\u00f4n v\u00e0 c\u00e1c gi\u1ea3i ph\u00e1p t\u00f9y ch\u1ec9nh, ph\u00e1t tri\u1ec3n song song v\u1edbi nhu c\u1ea7u lu\u00f4n thay \u0111\u1ed5i c\u1ee7a kh\u00e1ch h\u00e0ng. Ch\u00fang t\u00f4i h\u01b0\u1edbng \u0111\u1ebfn vi\u1ec7c x\u00e2y d\u1ef1ng m\u1ed1i quan h\u1ec7 l\u00e2u d\u00e0i, c\u00f9ng c\u00f3 l\u1ee3i, th\u00fac \u0111\u1ea9y th\u00e0nh c\u00f4ng c\u1ee7a m\u1ecdi d\u1ef1 \u00e1n. Cho d\u00f9 b\u1ea1n c\u1ea7n c\u00e1c gi\u1ea3i ph\u00e1p s\u00e1ng t\u1ea1o cho m\u1ed9t s\u00e1ng ki\u1ebfn \u200b\u200bm\u1edbi hay h\u1ed7 tr\u1ee3 li\u00ean t\u1ee5c cho m\u1ed9t h\u1ec7 th\u1ed1ng hi\u1ec7n c\u00f3, FMP cam k\u1ebft gi\u00fap b\u1ea1n v\u01b0\u1ee3t qua nh\u1eefng th\u00e1ch th\u1ee9c k\u1ef9 thu\u1eadt v\u00e0 \u0111\u1ea3m b\u1ea3o th\u00e0nh c\u00f4ng li\u00ean t\u1ee5c c\u1ee7a b\u1ea1n.<\/p>\n<p><img loading=\"lazy\" decoding=\"async\" class=\"alignnone wp-image-2695\" src=\"https:\/\/fmp-components.com\/wp-content\/uploads\/2025\/01\/agricultural-gearbox3.webp\" alt=\"h\u1ed9p s\u1ed1 n\u00f4ng nghi\u1ec7p\" width=\"1140\" height=\"1138\" title=\"\" srcset=\"https:\/\/fmp-components.com\/wp-content\/uploads\/2025\/01\/agricultural-gearbox3.webp 1140w, https:\/\/fmp-components.com\/wp-content\/uploads\/2025\/01\/agricultural-gearbox3-480x479.webp 480w\" sizes=\"(min-width: 0px) and (max-width: 480px) 480px, (min-width: 481px) 1140px, 100vw\" \/><\/p>\n<p>T\u00e1c gi\u1ea3: CX<\/p>","protected":false},"excerpt":{"rendered":"<p>Rating Chart Drawing for 200 Series Shaft Rotation Alignment For 200 Series 200 Series Gearbox for Agricultural Machinery The 200 Series Gearbox is engineered to meet the demanding needs of agricultural machinery, offering robust performance, enhanced durability, and excellent efficiency. Built for a range of agricultural applications, this gearbox combines precision engineering with high-quality materials [&hellip;]<\/p>","protected":false},"featured_media":3244,"comment_status":"open","ping_status":"closed","template":"","meta":{"_et_pb_use_builder":"","_et_pb_old_content":"","_et_gb_content_width":""},"product_brand":[],"product_cat":[78],"product_tag":[],"class_list":{"0":"post-3241","1":"product","2":"type-product","3":"status-publish","4":"has-post-thumbnail","6":"product_cat-gearbox-for-agricultural-machinery","8":"first","9":"instock","10":"shipping-taxable","11":"product-type-simple"},"_links":{"self":[{"href":"https:\/\/fmp-components.com\/vi\/wp-json\/wp\/v2\/product\/3241","targetHints":{"allow":["GET"]}}],"collection":[{"href":"https:\/\/fmp-components.com\/vi\/wp-json\/wp\/v2\/product"}],"about":[{"href":"https:\/\/fmp-components.com\/vi\/wp-json\/wp\/v2\/types\/product"}],"replies":[{"embeddable":true,"href":"https:\/\/fmp-components.com\/vi\/wp-json\/wp\/v2\/comments?post=3241"}],"wp:featuredmedia":[{"embeddable":true,"href":"https:\/\/fmp-components.com\/vi\/wp-json\/wp\/v2\/media\/3244"}],"wp:attachment":[{"href":"https:\/\/fmp-components.com\/vi\/wp-json\/wp\/v2\/media?parent=3241"}],"wp:term":[{"taxonomy":"product_brand","embeddable":true,"href":"https:\/\/fmp-components.com\/vi\/wp-json\/wp\/v2\/product_brand?post=3241"},{"taxonomy":"product_cat","embeddable":true,"href":"https:\/\/fmp-components.com\/vi\/wp-json\/wp\/v2\/product_cat?post=3241"},{"taxonomy":"product_tag","embeddable":true,"href":"https:\/\/fmp-components.com\/vi\/wp-json\/wp\/v2\/product_tag?post=3241"}],"curies":[{"name":"wp","href":"https:\/\/api.w.org\/{rel}","templated":true}]}}