{"id":3236,"date":"2025-01-05T08:24:05","date_gmt":"2025-01-05T08:24:05","guid":{"rendered":"https:\/\/fmp-components.com\/?page_id=8"},"modified":"2025-01-05T08:24:05","modified_gmt":"2025-01-05T08:24:05","slug":"gearbox-for-agricultural-machinery-100-series","status":"publish","type":"product","link":"https:\/\/fmp-components.com\/vi\/product\/gearbox-for-agricultural-machinery-100-series\/","title":{"rendered":"H\u1ed9p s\u1ed1 cho m\u00e1y n\u00f4ng nghi\u1ec7p d\u00f2ng 100"},"content":{"rendered":"<h3><span class=\"ws12\">B\u1ea2NG \u0110\u00c1NH GI\u00c1<\/span><\/h3>\n<p><img loading=\"lazy\" decoding=\"async\" class=\"alignnone  wp-image-3237\" src=\"https:\/\/fmp-components.com\/wp-content\/uploads\/2025\/01\/100drawing.webp\" alt=\"100 b\u1ea3n v\u1ebd\" width=\"886\" height=\"1250\" title=\"\" srcset=\"https:\/\/fmp-components.com\/wp-content\/uploads\/2025\/01\/100drawing.webp 886w, https:\/\/fmp-components.com\/wp-content\/uploads\/2025\/01\/100drawing-480x677.webp 480w\" sizes=\"(min-width: 0px) and (max-width: 480px) 480px, (min-width: 481px) 886px, 100vw\" \/><\/p>\n<h3>B\u1ea2N V\u1ebc CHO SERIES 100<\/h3>\n<p><img loading=\"lazy\" decoding=\"async\" class=\"alignnone  wp-image-3239\" src=\"https:\/\/fmp-components.com\/wp-content\/uploads\/2025\/01\/R100-rating-charts.webp\" alt=\"Bi\u1ec3u \u0111\u1ed3 x\u1ebfp h\u1ea1ng R100\" width=\"843\" height=\"661\" title=\"\" srcset=\"https:\/\/fmp-components.com\/wp-content\/uploads\/2025\/01\/R100-rating-charts.webp 843w, https:\/\/fmp-components.com\/wp-content\/uploads\/2025\/01\/R100-rating-charts-480x376.webp 480w\" sizes=\"(min-width: 0px) and (max-width: 480px) 480px, (min-width: 481px) 843px, 100vw\" \/><\/p>\n<h3>C\u0102N CH\u1ec8NH TR\u1ee4C XOAY CHO D\u00d2NG 100<\/h3>\n<p><img loading=\"lazy\" decoding=\"async\" class=\"alignnone  wp-image-3238\" src=\"https:\/\/fmp-components.com\/wp-content\/uploads\/2025\/01\/100shaft.webp\" alt=\"100 tr\u1ee5c\" width=\"830\" height=\"251\" title=\"\" srcset=\"https:\/\/fmp-components.com\/wp-content\/uploads\/2025\/01\/100shaft.webp 360w, https:\/\/fmp-components.com\/wp-content\/uploads\/2025\/01\/100shaft-300x91.webp 300w, https:\/\/fmp-components.com\/wp-content\/uploads\/2025\/01\/100shaft-18x5.webp 18w\" sizes=\"(max-width: 830px) 100vw, 830px\" \/><\/p>\n<h3>H\u1ed9p s\u1ed1 d\u00f2ng 100 cho m\u00e1y m\u00f3c n\u00f4ng nghi\u1ec7p<\/h3>\n<p>H\u1ed9p s\u1ed1 d\u00f2ng 100 \u0111\u01b0\u1ee3c thi\u1ebft k\u1ebf chuy\u00ean d\u1ee5ng cho m\u00e1y m\u00f3c n\u00f4ng nghi\u1ec7p, mang l\u1ea1i hi\u1ec7u su\u1ea5t, \u0111\u1ed9 b\u1ec1n v\u00e0 hi\u1ec7u qu\u1ea3 t\u1ed1i \u01b0u. \u0110\u01b0\u1ee3c thi\u1ebft k\u1ebf v\u1edbi k\u1ebft c\u1ea5u ch\u1eafc ch\u1eafn v\u00e0 c\u00e1c t\u00ednh n\u0103ng ti\u00ean ti\u1ebfn, h\u1ed9p s\u1ed1 \u0111\u1ea3m b\u1ea3o \u0111\u1ed9 tin c\u1eady ngay c\u1ea3 trong m\u00f4i tr\u01b0\u1eddng n\u00f4ng nghi\u1ec7p kh\u1eafc nghi\u1ec7t. H\u1ed9p s\u1ed1 l\u00e0 m\u1ed9t th\u00e0nh ph\u1ea7n thi\u1ebft y\u1ebfu cho nhi\u1ec1u lo\u1ea1i thi\u1ebft b\u1ecb n\u00f4ng nghi\u1ec7p, ch\u1eb3ng h\u1ea1n nh\u01b0 m\u00e1y x\u1edbi \u0111\u1ea5t, m\u00e1y c\u1eaft c\u1ecf v\u00e0 c\u00e1c lo\u1ea1i m\u00e1y m\u00f3c kh\u00e1c \u0111\u00f2i h\u1ecfi kh\u1ea3 n\u0103ng truy\u1ec1n \u0111\u1ed9ng \u0111\u00e1ng tin c\u1eady.<\/p>\n<p><strong>C\u00e1c t\u00ednh n\u0103ng ch\u00ednh:<\/strong><\/p>\n<ul>\n<li><strong>V\u1ecf nh\u00f4m hai m\u1ea3nh<\/strong><br \/>\nH\u1ed9p s\u1ed1 c\u00f3 v\u1ecf nh\u00f4m hai m\u1ea3nh, \u0111\u01b0\u1ee3c thi\u1ebft k\u1ebf \u0111\u1ec3 t\u0103ng c\u01b0\u1eddng \u0111\u1ed9 b\u1ec1n v\u00e0 kh\u1ea3 n\u0103ng ch\u1ed1ng \u0103n m\u00f2n. V\u1ecf h\u1ed9p s\u1ed1 c\u0169ng mang l\u1ea1i kh\u1ea3 n\u0103ng <strong>c\u00f4ng su\u1ea5t nhi\u1ec7t<\/strong>, l\u00e0m cho n\u00f3 tr\u1edf n\u00ean l\u00fd t\u01b0\u1edfng cho ho\u1ea1t \u0111\u1ed9ng li\u00ean t\u1ee5c trong \u0111i\u1ec1u ki\u1ec7n n\u00f4ng nghi\u1ec7p kh\u1eafc nghi\u1ec7t.<\/li>\n<li><strong>Gia c\u00f4ng ch\u00ednh x\u00e1c cho hi\u1ec7u su\u1ea5t t\u1ed1i \u01b0u<\/strong><br \/>\nM\u1ed7i b\u1ed9 ph\u1eadn \u0111\u1ec1u \u0111\u01b0\u1ee3c gia c\u00f4ng ch\u00ednh x\u00e1c \u0111\u1ec3 \u0111\u1ea3m b\u1ea3o l\u01b0\u1edbi b\u00e1nh r\u0103ng v\u00e0 t\u1ea3i tr\u01b0\u1edbc \u1ed5 tr\u1ee5c ho\u00e0n h\u1ea3o, \u0111\u1ea3m b\u1ea3o ho\u1ea1t \u0111\u1ed9ng tr\u01a1n tru v\u00e0 gi\u1ea3m thi\u1ec3u hao m\u00f2n<strong>r<\/strong> theo th\u1eddi gian. Tr\u00ecnh \u0111\u1ed9 th\u1ee7 c\u00f4ng cao n\u00e0y gi\u00fap t\u0103ng c\u01b0\u1eddng hi\u1ec7u qu\u1ea3 v\u00e0 tu\u1ed5i th\u1ecd c\u1ee7a h\u1ed9p s\u1ed1.<\/li>\n<li><strong>B\u00e1nh r\u0103ng r\u00e8n v\u1edbi nhi\u1ec1u t\u1ef7 s\u1ed1 truy\u1ec1n<\/strong><br \/>\nH\u1ed9p s\u1ed1 s\u1eed d\u1ee5ng b\u00e1nh r\u0103ng r\u00e8n ch\u00ednh x\u00e1c c\u00f3 s\u1eb5n \u1edf ba t\u1ef7 s\u1ed1 truy\u1ec1n kh\u00e1c nhau: 1:1, 1,1:1 v\u00e0 1,43:1. C\u00e1c t\u00f9y ch\u1ecdn n\u00e0y mang l\u1ea1i s\u1ef1 linh ho\u1ea1t, cho ph\u00e9p ng\u01b0\u1eddi d\u00f9ng l\u1ef1a ch\u1ecdn t\u1ef7 s\u1ed1 truy\u1ec1n l\u00fd t\u01b0\u1edfng cho thi\u1ebft b\u1ecb v\u00e0 y\u00eau c\u1ea7u v\u1eadn h\u00e0nh c\u1ee5 th\u1ec3 c\u1ee7a m\u00ecnh.<\/li>\n<li><strong>V\u00f2ng bi l\u0103n c\u00f4n cho kh\u1ea3 n\u0103ng ch\u1ecbu t\u1ea3i \u0111\u01b0\u1ee3c c\u1ea3i thi\u1ec7n<\/strong><br \/>\n\u0110\u01b0\u1ee3c trang b\u1ecb \u1ed5 tr\u1ee5c con l\u0103n c\u00f4n, h\u1ed9p s\u1ed1 d\u00f2ng 100 mang l\u1ea1i kh\u1ea3 n\u0103ng ch\u1ecbu t\u1ea3i cao h\u01a1n v\u00e0 k\u00e9o d\u00e0i \u0111\u00e1ng k\u1ec3 tu\u1ed5i th\u1ecd \u1ed5 tr\u1ee5c. \u0110\u1eb7c \u0111i\u1ec3m n\u00e0y \u0111\u1eb7c bi\u1ec7t ph\u00f9 h\u1ee3p cho c\u00e1c \u1ee9ng d\u1ee5ng ch\u1ecbu \u1ee9ng su\u1ea5t cao, \u0111\u1ea3m b\u1ea3o h\u1ed9p s\u1ed1 c\u00f3 th\u1ec3 ch\u1ecbu \u0111\u01b0\u1ee3c nhu c\u1ea7u s\u1eed d\u1ee5ng trong n\u00f4ng nghi\u1ec7p n\u1eb7ng.<\/li>\n<li><strong>Tr\u1ee5c th\u00e9p c\u01b0\u1eddng \u0111\u1ed9 cao<\/strong><br \/>\nH\u1ed9p s\u1ed1 \u0111i k\u00e8m v\u1edbi m\u1ed9t <strong>tr\u1ee5c 1\u2033<\/strong> \u0110\u01b0\u1ee3c l\u00e0m b\u1eb1ng th\u00e9p c\u01b0\u1eddng \u0111\u1ed9 cao, m\u1ed9t t\u00ednh n\u0103ng ti\u00eau chu\u1ea9n \u0111\u01b0\u1ee3c thi\u1ebft k\u1ebf \u0111\u1ec3 t\u0103ng c\u01b0\u1eddng \u0111\u1ed9 b\u1ec1n v\u00e0 mang l\u1ea1i hi\u1ec7u su\u1ea5t \u1ed5n \u0111\u1ecbnh trong nhi\u1ec1u \u0111i\u1ec1u ki\u1ec7n l\u00e0m vi\u1ec7c kh\u00e1c nhau. Tr\u1ee5c ch\u1ecbu l\u1ef1c cao n\u00e0y \u0111\u1ea3m b\u1ea3o h\u1ed9p s\u1ed1 ho\u1ea1t \u0111\u1ed9ng tr\u01a1n tru ngay c\u1ea3 trong nh\u1eefng m\u00f4i tr\u01b0\u1eddng kh\u1eafc nghi\u1ec7t.<\/li>\n<li><strong>D\u1ea7u b\u00f4i tr\u01a1n b\u00e1nh r\u0103ng 80W90<\/strong><br \/>\n\u0110\u01b0\u1ee3c pha s\u1eb5n d\u1ea7u b\u00f4i tr\u01a1n h\u1ed9p s\u1ed1 80W90, h\u1ed9p s\u1ed1 Series 100 s\u1eb5n s\u00e0ng s\u1eed d\u1ee5ng ngay. D\u1ea7u b\u00f4i tr\u01a1n \u0111\u1ea3m b\u1ea3o s\u1ef1 \u0103n kh\u1edbp tr\u01a1n tru gi\u1eefa c\u00e1c b\u00e1nh r\u0103ng v\u00e0 t\u1ea3n nhi\u1ec7t hi\u1ec7u qu\u1ea3. M\u1ed7i h\u1ed9p s\u1ed1 \u0111\u1ec1u \u0111\u01b0\u1ee3c ki\u1ec3m tra r\u00f2 r\u1ec9 tr\u01b0\u1edbc khi xu\u1ea5t x\u01b0\u1edfng \u0111\u1ec3 \u0111\u1ea3m b\u1ea3o h\u1ed9p s\u1ed1 \u0111\u01b0\u1ee3c b\u1ecbt k\u00edn ho\u00e0n h\u1ea3o v\u00e0 s\u1eb5n s\u00e0ng l\u1eafp \u0111\u1eb7t.<\/li>\n<li><strong>Thi\u1ebft k\u1ebf nh\u1eb9 nh\u01b0ng b\u1ec1n<\/strong><br \/>\nCh\u1ec9 n\u1eb7ng 7-10 pound (kho\u1ea3ng 3,2-4,5 kg), bao g\u1ed3m c\u1ea3 d\u1ea7u, d\u00f2ng 100 \u0111\u01b0\u1ee3c thi\u1ebft k\u1ebf g\u1ecdn nh\u1eb9 \u0111\u1ec3 d\u1ec5 d\u00e0ng l\u1eafp \u0111\u1eb7t v\u00e0 v\u1eadn h\u00e0nh. M\u1eb7c d\u00f9 tr\u1ecdng l\u01b0\u1ee3ng nh\u1eb9, h\u1ed9p s\u1ed1 v\u1eabn gi\u1eef \u0111\u01b0\u1ee3c \u0111\u1ed9 b\u1ec1n v\u00e0 ch\u1eafc ch\u1eafn, l\u00e0 l\u1ef1a ch\u1ecdn tuy\u1ec7t v\u1eddi cho nhi\u1ec1u \u1ee9ng d\u1ee5ng n\u00f4ng nghi\u1ec7p kh\u00e1c nhau.<\/li>\n<\/ul>\n<p><strong>\u1ee8ng d\u1ee5ng:<\/strong><br \/>\nH\u1ed9p s\u1ed1 d\u00f2ng 100 r\u1ea5t linh ho\u1ea1t v\u00e0 c\u00f3 th\u1ec3 \u0111\u01b0\u1ee3c s\u1eed d\u1ee5ng trong nhi\u1ec1u lo\u1ea1i m\u00e1y m\u00f3c n\u00f4ng nghi\u1ec7p, bao g\u1ed3m m\u00e1y c\u1eaft c\u1ecf, m\u00e1y l\u00e0m \u0111\u1ea5t v\u00e0 m\u00e1y r\u1ea3i ph\u00e2n. Thi\u1ebft k\u1ebf ch\u00ednh x\u00e1c c\u1ee7a h\u1ed9p s\u1ed1 khi\u1ebfn n\u00f3 tr\u1edf n\u00ean l\u00fd t\u01b0\u1edfng cho c\u00e1c nhi\u1ec7m v\u1ee5 \u0111\u00f2i h\u1ecfi truy\u1ec1n \u0111\u1ed9ng \u1ed5n \u0111\u1ecbnh v\u00e0 hi\u1ec7u su\u1ea5t \u0111\u00e1ng tin c\u1eady, \u0111\u1ea3m b\u1ea3o v\u1eadn h\u00e0nh tr\u01a1n tru trong nhi\u1ec1u c\u00f4ng vi\u1ec7c n\u00f4ng nghi\u1ec7p kh\u00e1c nhau.<\/p>\n<p>H\u1ed9p s\u1ed1 d\u00f2ng 100 d\u00e0nh cho m\u00e1y m\u00f3c n\u00f4ng nghi\u1ec7p mang l\u1ea1i hi\u1ec7u su\u1ea5t cao, \u0111\u1ed9 b\u1ec1n v\u00e0 t\u00ednh linh ho\u1ea1t, l\u00e0 l\u1ef1a ch\u1ecdn \u0111\u00e1ng tin c\u1eady cho c\u00e1c thi\u1ebft b\u1ecb n\u00f4ng nghi\u1ec7p hi\u1ec7n \u0111\u1ea1i. Cho d\u00f9 b\u1ea1n \u0111ang t\u00ecm ki\u1ebfm \u0111\u1ed9 ch\u00ednh x\u00e1c, kh\u1ea3 n\u0103ng ch\u1ecbu t\u1ea3i hay c\u00e1c t\u00f9y ch\u1ecdn t\u00f9y ch\u1ec9nh, h\u1ed9p s\u1ed1 n\u00e0y \u0111\u1ec1u \u0111\u00e1p \u1ee9ng m\u1ecdi nhu c\u1ea7u v\u1eadn h\u00e0nh tr\u01a1n tru tr\u00ean \u0111\u1ed3ng ru\u1ed9ng.<\/p>\n<h3>Gi\u1edbi thi\u1ec7u v\u1ec1 FMP<\/h3>\n<p>C\u00f3 tr\u1ee5 s\u1edf ch\u00ednh t\u1ea1i \u00dd, FMP l\u00e0 nh\u00e0 s\u1ea3n xu\u1ea5t uy t\u00edn chuy\u00ean thi\u1ebft k\u1ebf, ph\u00e1t tri\u1ec3n v\u00e0 s\u1ea3n xu\u1ea5t h\u1ed9p s\u1ed1 hi\u1ec7u su\u1ea5t cao, t\u1eadp trung ch\u1ee7 y\u1ebfu v\u00e0o l\u0129nh v\u1ef1c m\u00e1y m\u00f3c n\u00f4ng nghi\u1ec7p. N\u1ed5i ti\u1ebfng v\u1edbi k\u1ef9 thu\u1eadt ch\u00ednh x\u00e1c, gi\u1ea3i ph\u00e1p ti\u00ean ti\u1ebfn v\u00e0 \u0111\u1ed9 tin c\u1eady tuy\u1ec7t \u0111\u1ed1i, FMP \u0111\u00e3 t\u1ea1o d\u1ef1ng \u0111\u01b0\u1ee3c danh ti\u1ebfng v\u1eefng ch\u1eafc l\u00e0 \u0111\u1ed1i t\u00e1c \u0111\u00e1ng tin c\u1eady trong c\u1ea3 th\u1ecb tr\u01b0\u1eddng n\u00f4ng nghi\u1ec7p v\u00e0 c\u00f4ng nghi\u1ec7p. Danh m\u1ee5c s\u1ea3n ph\u1ea9m phong ph\u00fa c\u1ee7a ch\u00fang t\u00f4i bao g\u1ed3m h\u1ed9p s\u1ed1 \u0111\u01b0\u1ee3c thi\u1ebft k\u1ebf ri\u00eang cho m\u00e1y c\u1eaft c\u1ecf, tr\u1ee5c PTO v\u00e0 c\u00e1c b\u1ed9 ph\u1eadn quan tr\u1ecdng kh\u00e1c, t\u1ea5t c\u1ea3 \u0111\u1ec1u \u0111\u01b0\u1ee3c ch\u1ebf t\u1ea1o \u0111\u1ec3 \u0111\u00e1p \u1ee9ng nhu c\u1ea7u c\u1ee5 th\u1ec3 c\u1ee7a nhi\u1ec1u \u1ee9ng d\u1ee5ng kh\u00e1c nhau.<\/p>\n<p>T\u1ea1i FMP, ch\u00fang t\u00f4i hi\u1ec3u r\u1eb1ng m\u1ed7i kh\u00e1ch h\u00e0ng \u0111\u1ec1u ph\u1ea3i \u0111\u1ed1i m\u1eb7t v\u1edbi nh\u1eefng th\u00e1ch th\u1ee9c ri\u00eang bi\u1ec7t. S\u1ef1 th\u1ea5u hi\u1ec3u n\u00e0y th\u00fac \u0111\u1ea9y c\u00e1ch ti\u1ebfp c\u1eadn c\u1ee7a ch\u00fang t\u00f4i trong vi\u1ec7c cung c\u1ea5p c\u00e1c gi\u1ea3i ph\u00e1p \u0111\u01b0\u1ee3c thi\u1ebft k\u1ebf ri\u00eang - d\u00f9 l\u00e0 cho t\u1eebng th\u00e0nh ph\u1ea7n ri\u00eang l\u1ebb hay to\u00e0n b\u1ed9 h\u1ec7 th\u1ed1ng t\u00edch h\u1ee3p. B\u1eb1ng c\u00e1ch h\u1ee3p t\u00e1c ch\u1eb7t ch\u1ebd v\u1edbi kh\u00e1ch h\u00e0ng, ch\u00fang t\u00f4i \u0111\u1ea3m b\u1ea3o m\u1ed7i gi\u1ea3i ph\u00e1p \u0111\u1ec1u \u0111\u01b0\u1ee3c \u0111i\u1ec1u ch\u1ec9nh t\u1ec9 m\u1ec9 theo y\u00eau c\u1ea7u c\u1ee7a h\u1ecd, t\u1ed1i \u01b0u h\u00f3a hi\u1ec7u su\u1ea5t \u0111\u1ed3ng th\u1eddi t\u1ed1i \u0111a h\u00f3a gi\u00e1 tr\u1ecb. S\u1ef1 t\u1eadn t\u00e2m c\u1ee7a ch\u00fang t\u00f4i trong vi\u1ec7c ph\u1ea3n h\u1ed3i nhanh ch\u00f3ng, h\u01b0\u1edbng d\u1eabn chuy\u00ean nghi\u1ec7p v\u00e0 th\u1ef1c hi\u1ec7n ch\u00ednh x\u00e1c \u0111\u1ea3m b\u1ea3o m\u1ecdi y\u00eau c\u1ea7u \u0111\u1ec1u \u0111\u01b0\u1ee3c x\u1eed l\u00fd chuy\u00ean nghi\u1ec7p, mang l\u1ea1i k\u1ebft qu\u1ea3 t\u1ed1t nh\u1ea5t c\u00f3 th\u1ec3.<\/p>\n<p>Giao ti\u1ebfp r\u00f5 r\u00e0ng v\u00e0 li\u00ean t\u1ee5c l\u00e0 m\u1ed9t kh\u00eda c\u1ea1nh c\u1ed1t l\u00f5i trong ph\u01b0\u01a1ng ph\u00e1p ti\u1ebfp c\u1eadn c\u1ee7a ch\u00fang t\u00f4i trong su\u1ed1t chu tr\u00ecnh ph\u00e1t tri\u1ec3n s\u1ea3n ph\u1ea9m. \u0110\u1ed9i ng\u0169 t\u1eadn t\u00e2m c\u1ee7a ch\u00fang t\u00f4i l\u00e0m vi\u1ec7c tr\u1ef1c ti\u1ebfp v\u1edbi kh\u00e1ch h\u00e0ng \u0111\u1ec3 hi\u1ec3u r\u00f5 nhu c\u1ea7u c\u1ee7a h\u1ecd v\u00e0 \u0111\u01b0a ra nh\u1eefng hi\u1ec3u bi\u1ebft s\u00e2u s\u1eafc c\u00f9ng c\u00e1c khuy\u1ebfn ngh\u1ecb gi\u00e1 tr\u1ecb nh\u1eb1m \u0111\u1ea1t \u0111\u01b0\u1ee3c k\u1ebft qu\u1ea3 t\u1ed1i \u01b0u. D\u00f9 thi\u1ebft k\u1ebf s\u1ea3n ph\u1ea9m ti\u00ean ti\u1ebfn hay th\u1ef1c hi\u1ec7n c\u00e1c \u0111\u01a1n h\u00e0ng th\u01b0\u1eddng xuy\u00ean, FMP lu\u00f4n cam k\u1ebft cung c\u1ea5p c\u00e1c gi\u1ea3i ph\u00e1p ch\u1ea5t l\u01b0\u1ee3ng cao, \u0111\u01b0\u1ee3c thi\u1ebft k\u1ebf ch\u00ednh x\u00e1c, \u0111\u00fang h\u1ea1n. M\u1ee5c ti\u00eau c\u1ee7a ch\u00fang t\u00f4i l\u00e0 v\u01b0\u1ee3t tr\u00ean c\u1ea3 s\u1ef1 mong \u0111\u1ee3i c\u1ee7a kh\u00e1ch h\u00e0ng, cung c\u1ea5p d\u1ecbch v\u1ee5 xu\u1ea5t s\u1eafc v\u00e0 k\u1ebft qu\u1ea3 v\u01b0\u1ee3t tr\u1ed9i trong m\u1ecdi d\u1ef1 \u00e1n.<\/p>\n<p>Ch\u1ea5t l\u01b0\u1ee3ng l\u00e0 n\u1ec1n t\u1ea3ng cho m\u1ecdi ho\u1ea1t \u0111\u1ed9ng c\u1ee7a FMP. Ch\u00fang t\u00f4i duy tr\u00ec c\u00e1c ti\u00eau chu\u1ea9n s\u1ea3n xu\u1ea5t cao nh\u1ea5t v\u00e0 th\u1ef1c hi\u1ec7n c\u00e1c bi\u1ec7n ph\u00e1p ki\u1ec3m so\u00e1t ch\u1ea5t l\u01b0\u1ee3ng nghi\u00eam ng\u1eb7t \u0111\u1ec3 \u0111\u1ea3m b\u1ea3o m\u1ecdi s\u1ea3n ph\u1ea9m kh\u00f4ng ch\u1ec9 \u0111\u00e1p \u1ee9ng m\u00e0 c\u00f2n v\u01b0\u1ee3t qua c\u00e1c ti\u00eau chu\u1ea9n c\u1ee7a ng\u00e0nh. Cam k\u1ebft v\u1ec1 s\u1ef1 xu\u1ea5t s\u1eafc n\u00e0y, c\u00f9ng v\u1edbi c\u00e1c gi\u00e1 tr\u1ecb c\u1ed1t l\u00f5i c\u1ee7a ch\u00fang t\u00f4i l\u00e0 ch\u00ednh tr\u1ef1c, tinh th\u1ea7n \u0111\u1ed3ng \u0111\u1ed9i v\u00e0 s\u1ef1 ki\u00ean tr\u00ec, \u0111\u00e3 gi\u00fap ch\u00fang t\u00f4i x\u00e2y d\u1ef1ng m\u1ed1i quan h\u1ec7 l\u00e2u d\u00e0i, d\u1ef1a tr\u00ean s\u1ef1 tin c\u1eady v\u1edbi kh\u00e1ch h\u00e0ng t\u1ea1i g\u1ea7n 30 qu\u1ed1c gia tr\u00ean to\u00e0n c\u1ea7u.<\/p>\n<p>FMP cam k\u1ebft th\u00fac \u0111\u1ea9y quan h\u1ec7 \u0111\u1ed1i t\u00e1c to\u00e0n c\u1ea7u b\u1eb1ng c\u00e1ch cung c\u1ea5p t\u01b0 v\u1ea5n chuy\u00ean m\u00f4n v\u00e0 c\u00e1c gi\u1ea3i ph\u00e1p t\u00f9y ch\u1ec9nh, ph\u00e1t tri\u1ec3n c\u00f9ng nhu c\u1ea7u c\u1ee7a kh\u00e1ch h\u00e0ng. Ch\u00fang t\u00f4i n\u1ed7 l\u1ef1c x\u00e2y d\u1ef1ng m\u1ed1i quan h\u1ec7 l\u00e2u d\u00e0i, c\u00f9ng c\u00f3 l\u1ee3i, g\u00f3p ph\u1ea7n v\u00e0o s\u1ef1 th\u00e0nh c\u00f4ng li\u00ean t\u1ee5c c\u1ee7a m\u1ecdi d\u1ef1 \u00e1n. Cho d\u00f9 b\u1ea1n \u0111ang t\u00ecm ki\u1ebfm c\u00e1c gi\u1ea3i ph\u00e1p s\u00e1ng t\u1ea1o cho m\u1ed9t d\u1ef1 \u00e1n m\u1edbi hay c\u1ea7n h\u1ed7 tr\u1ee3 li\u00ean t\u1ee5c cho m\u1ed9t h\u1ec7 th\u1ed1ng hi\u1ec7n c\u00f3, FMP lu\u00f4n s\u1eb5n s\u00e0ng gi\u00fap b\u1ea1n gi\u1ea3i quy\u1ebft c\u00e1c th\u00e1ch th\u1ee9c k\u1ef9 thu\u1eadt v\u00e0 \u0111\u1ea3m b\u1ea3o th\u00e0nh c\u00f4ng l\u00e2u d\u00e0i.<\/p>\n<p><img loading=\"lazy\" decoding=\"async\" class=\"alignnone wp-image-2695\" src=\"https:\/\/fmp-components.com\/wp-content\/uploads\/2025\/01\/agricultural-gearbox3.webp\" alt=\"h\u1ed9p s\u1ed1 n\u00f4ng nghi\u1ec7p\" width=\"1140\" height=\"1138\" title=\"\" srcset=\"https:\/\/fmp-components.com\/wp-content\/uploads\/2025\/01\/agricultural-gearbox3.webp 1140w, https:\/\/fmp-components.com\/wp-content\/uploads\/2025\/01\/agricultural-gearbox3-480x479.webp 480w\" sizes=\"(min-width: 0px) and (max-width: 480px) 480px, (min-width: 481px) 1140px, 100vw\" \/><\/p>\n<p>T\u00e1c gi\u1ea3: CX<\/p>","protected":false},"excerpt":{"rendered":"<p>RATING CHART DRAWING FOR 100 SERIES SHAFT ROTATION ALIGNMENT FOR 100\u00a0SERIES 100 Series Gearbox for Agricultural Machinery The 100 Series Gearbox is designed specifically for agricultural machinery, providing optimal performance, durability, and efficiency. Engineered with a robust construction and advanced features, it ensures reliability even in demanding agricultural environments. The gearbox is an essential component [&hellip;]<\/p>","protected":false},"featured_media":3240,"comment_status":"open","ping_status":"closed","template":"","meta":{"_et_pb_use_builder":"","_et_pb_old_content":"","_et_gb_content_width":""},"product_brand":[],"product_cat":[78],"product_tag":[],"class_list":{"0":"post-3236","1":"product","2":"type-product","3":"status-publish","4":"has-post-thumbnail","6":"product_cat-gearbox-for-agricultural-machinery","8":"first","9":"instock","10":"shipping-taxable","11":"product-type-simple"},"_links":{"self":[{"href":"https:\/\/fmp-components.com\/vi\/wp-json\/wp\/v2\/product\/3236","targetHints":{"allow":["GET"]}}],"collection":[{"href":"https:\/\/fmp-components.com\/vi\/wp-json\/wp\/v2\/product"}],"about":[{"href":"https:\/\/fmp-components.com\/vi\/wp-json\/wp\/v2\/types\/product"}],"replies":[{"embeddable":true,"href":"https:\/\/fmp-components.com\/vi\/wp-json\/wp\/v2\/comments?post=3236"}],"wp:featuredmedia":[{"embeddable":true,"href":"https:\/\/fmp-components.com\/vi\/wp-json\/wp\/v2\/media\/3240"}],"wp:attachment":[{"href":"https:\/\/fmp-components.com\/vi\/wp-json\/wp\/v2\/media?parent=3236"}],"wp:term":[{"taxonomy":"product_brand","embeddable":true,"href":"https:\/\/fmp-components.com\/vi\/wp-json\/wp\/v2\/product_brand?post=3236"},{"taxonomy":"product_cat","embeddable":true,"href":"https:\/\/fmp-components.com\/vi\/wp-json\/wp\/v2\/product_cat?post=3236"},{"taxonomy":"product_tag","embeddable":true,"href":"https:\/\/fmp-components.com\/vi\/wp-json\/wp\/v2\/product_tag?post=3236"}],"curies":[{"name":"wp","href":"https:\/\/api.w.org\/{rel}","templated":true}]}}