{"id":3189,"date":"2025-01-05T06:08:04","date_gmt":"2025-01-05T06:08:04","guid":{"rendered":"https:\/\/fmp-components.com\/?page_id=8"},"modified":"2026-03-31T07:29:18","modified_gmt":"2026-03-31T07:29:18","slug":"corn-header-gearbox-replacement-of-comer-code-m-767a","status":"publish","type":"product","link":"https:\/\/fmp-components.com\/vi\/product\/corn-header-gearbox-replacement-of-comer-code-m-767a\/","title":{"rendered":"H\u1ed9p s\u1ed1 \u0111\u1ea7u c\u1eaft ng\u00f4 \u2013 Thay th\u1ebf m\u00e3 g\u00f3c M-767A"},"content":{"rendered":"<h2>Th\u00f4ng s\u1ed1 k\u1ef9 thu\u1eadt h\u1ed9p s\u1ed1 \u0111\u1ea7u c\u1eaft ng\u00f4 M-767A<\/h2>\n<p><img loading=\"lazy\" decoding=\"async\" class=\"alignnone size-full wp-image-3190\" src=\"https:\/\/fmp-components.com\/wp-content\/uploads\/2025\/01\/corn-header-gearbox-m767a-specification.webp\" alt=\"h\u1ed9p s\u1ed1 m\u00e1y c\u1eaft ng\u00f4 m767a-th\u00f4ng s\u1ed1 k\u1ef9 thu\u1eadt\" width=\"958\" height=\"577\" title=\"\" srcset=\"https:\/\/fmp-components.com\/wp-content\/uploads\/2025\/01\/corn-header-gearbox-m767a-specification.webp 958w, https:\/\/fmp-components.com\/wp-content\/uploads\/2025\/01\/corn-header-gearbox-m767a-specification-480x289.webp 480w\" sizes=\"(min-width: 0px) and (max-width: 480px) 480px, (min-width: 481px) 958px, 100vw\" \/><\/p>\n<table style=\"width: 93.4311%; height: 237px;\" border=\"1\">\n<tbody>\n<tr>\n<td style=\"width: 35.1675%;\"><strong>T\u00f4i<\/strong><\/td>\n<td style=\"width: 64.1148%;\">1.6<\/td>\n<\/tr>\n<tr>\n<td style=\"width: 35.1675%;\"><strong>N<sub>1<\/sub>[v\u00f2ng\/ph\u00fat]<\/strong><\/td>\n<td style=\"width: 64.1148%;\">540<\/td>\n<\/tr>\n<tr>\n<td style=\"width: 35.1675%;\"><strong>P<sub>1<\/sub>[kW]<\/strong><\/td>\n<td style=\"width: 64.1148%;\">44.1<\/td>\n<\/tr>\n<tr>\n<td style=\"width: 35.1675%;\"><strong>M<sub>2<\/sub>[Nm]<\/strong><\/td>\n<td style=\"width: 64.1148%;\">473<\/td>\n<\/tr>\n<tr>\n<td style=\"width: 35.1675%;\"><strong>Lo\u1ea1i tr\u1ee5c X<\/strong><\/td>\n<td style=\"width: 64.1148%;\">1\u201d 3\/8 Z6<\/td>\n<\/tr>\n<tr>\n<td style=\"width: 35.1675%;\"><strong>Tr\u1ee5c lo\u1ea1i Z<\/strong><\/td>\n<td style=\"width: 64.1148%;\">1\u201d 3\/8 Z6<\/td>\n<\/tr>\n<tr>\n<td style=\"width: 35.1675%;\"><strong>\u0110\u1ea7u v\u00e0o<\/strong><\/td>\n<td style=\"width: 64.1148%;\">Z<\/td>\n<\/tr>\n<\/tbody>\n<\/table>\n<h2>B\u1ea3o tr\u00ec h\u1ed9p s\u1ed1 m\u00e1y g\u1eb7t ng\u00f4<\/h2>\n<p>Vi\u1ec7c b\u1ea3o d\u01b0\u1ee1ng h\u1ed9p s\u1ed1 m\u00e1y g\u1eb7t ng\u00f4 \u0111\u00fang c\u00e1ch l\u00e0 r\u1ea5t c\u1ea7n thi\u1ebft \u0111\u1ec3 \u0111\u1ea3m b\u1ea3o thi\u1ebft b\u1ecb ho\u1ea1t \u0111\u1ed9ng hi\u1ec7u qu\u1ea3 v\u00e0 b\u1ec1n b\u1ec9 trong nhi\u1ec1u m\u00f9a v\u1ee5. H\u1ed9p s\u1ed1 \u0111\u01b0\u1ee3c b\u1ea3o d\u01b0\u1ee1ng t\u1ed1t s\u1ebd c\u1ea3i thi\u1ec7n hi\u1ec7u su\u1ea5t c\u1ee7a m\u00e1y g\u1eb7t ng\u00f4, gi\u1ea3m kh\u1ea3 n\u0103ng h\u1ecfng h\u00f3c v\u00e0 k\u00e9o d\u00e0i tu\u1ed5i th\u1ecd t\u1ed5ng th\u1ec3 c\u1ee7a m\u00e1y. D\u01b0\u1edbi \u0111\u00e2y l\u00e0 nh\u1eefng bi\u1ec7n ph\u00e1p b\u1ea3o d\u01b0\u1ee1ng ch\u00ednh \u0111\u1ec3 duy tr\u00ec h\u1ed9p s\u1ed1 m\u00e1y g\u1eb7t ng\u00f4 \u1edf tr\u1ea1ng th\u00e1i ho\u1ea1t \u0111\u1ed9ng t\u1ed1i \u01b0u.<\/p>\n<p><strong>1. B\u00f4i tr\u01a1n v\u00e0 thay d\u1ea7u th\u01b0\u1eddng xuy\u00ean<\/strong><\/p>\n<ul>\n<li><strong>B\u00f4i tr\u01a1n:<\/strong> H\u1ed9p s\u1ed1 \u0111\u1ea7u m\u00e1y nghi\u1ec1n ng\u00f4 c\u1ea7n \u0111\u01b0\u1ee3c b\u00f4i tr\u01a1n \u0111\u00fang c\u00e1ch \u0111\u1ec3 gi\u1ea3m ma s\u00e1t v\u00e0 ng\u0103n ng\u1eeba m\u00e0i m\u00f2n gi\u1eefa c\u00e1c b\u00e1nh r\u0103ng b\u00ean trong v\u00e0 \u1ed5 tr\u1ee5c. Th\u01b0\u1eddng xuy\u00ean ki\u1ec3m tra m\u1ee9c d\u1ea7u v\u00e0 \u0111\u1ea3m b\u1ea3o h\u1ed9p s\u1ed1 \u0111\u01b0\u1ee3c b\u00f4i tr\u01a1n \u0111\u1ea7y \u0111\u1ee7.\n<ul>\n<li><strong>Ki\u1ec3m tra m\u1ee9c d\u1ea7u:<\/strong> Ki\u1ec3m tra \u0111\u1ecbnh k\u1ef3 m\u1ee9c d\u1ea7u trong h\u1ed9p s\u1ed1 v\u00e0 b\u1ed5 sung khi c\u1ea7n thi\u1ebft.<\/li>\n<li><strong>Ch\u1ea5t l\u01b0\u1ee3ng d\u1ea7u:<\/strong> Thay d\u1ea7u n\u1ebfu d\u1ea7u b\u1ecb nhi\u1ec5m b\u1ea9n ho\u1eb7c c\u00f3 d\u1ea5u hi\u1ec7u xu\u1ed1ng c\u1ea5p. Theo th\u1eddi gian, d\u1ea7u c\u00f3 th\u1ec3 m\u1ea5t hi\u1ec7u qu\u1ea3, d\u1eabn \u0111\u1ebfn t\u0103ng ma s\u00e1t v\u00e0 m\u00e0i m\u00f2n.<\/li>\n<li><strong>S\u1eed d\u1ee5ng \u0111\u00fang lo\u1ea1i d\u1ea7u:<\/strong> Lu\u00f4n s\u1eed d\u1ee5ng ch\u1ea5t b\u00f4i tr\u01a1n do nh\u00e0 s\u1ea3n xu\u1ea5t khuy\u1ebfn ngh\u1ecb \u0111\u1ec3 \u0111\u1ea3m b\u1ea3o hi\u1ec7u su\u1ea5t ho\u1ea1t \u0111\u1ed9ng t\u1ed1t. Lo\u1ea1i d\u1ea7u kh\u00f4ng ph\u00f9 h\u1ee3p c\u00f3 th\u1ec3 g\u00e2y qu\u00e1 nhi\u1ec7t ho\u1eb7c h\u1ecfng h\u00f3c c\u00e1c b\u1ed9 ph\u1eadn.<\/li>\n<\/ul>\n<\/li>\n<li><strong>Thay d\u1ea7u:<\/strong> Tu\u00e2n th\u1ee7 \u0111\u1ecbnh k\u1ef3 thay d\u1ea7u theo khuy\u1ebfn ngh\u1ecb c\u1ee7a nh\u00e0 s\u1ea3n xu\u1ea5t, th\u01b0\u1eddng l\u00e0 sau m\u1ed7i 100-200 gi\u1edd s\u1eed d\u1ee5ng. X\u1ea3 h\u1ebft d\u1ea7u c\u0169 v\u00e0 thay b\u1eb1ng d\u1ea7u m\u1edbi s\u1ebd gi\u00fap duy tr\u00ec kh\u1ea3 n\u0103ng b\u00f4i tr\u01a1n th\u00edch h\u1ee3p v\u00e0 k\u00e9o d\u00e0i tu\u1ed5i th\u1ecd h\u1ed9p s\u1ed1.<\/li>\n<\/ul>\n<p><strong>2. Ki\u1ec3m tra v\u00e0 b\u1ea3o tr\u00ec k\u1ebft n\u1ed1i tr\u1ee5c PTO<\/strong><\/p>\n<p>Tr\u1ee5c PTO (Tr\u1ee5c d\u1eabn \u0111\u1ed9ng) c\u00f3 nhi\u1ec7m v\u1ee5 truy\u1ec1n l\u1ef1c t\u1eeb m\u00e1y k\u00e9o \u0111\u1ebfn h\u1ed9p s\u1ed1 m\u00e1y g\u1eb7t ng\u00f4. Tr\u1ee5c PTO b\u1ecb tr\u1ee5c tr\u1eb7c c\u00f3 th\u1ec3 g\u00e2y h\u01b0 h\u1ecfng h\u1ed9p s\u1ed1, v\u00ec v\u1eady vi\u1ec7c ki\u1ec3m tra th\u01b0\u1eddng xuy\u00ean l\u00e0 r\u1ea5t quan tr\u1ecdng.<\/p>\n<ul>\n<li><strong>Ki\u1ec3m tra \u0111\u1ed9 hao m\u00f2n:<\/strong> Ki\u1ec3m tra tr\u1ee5c PTO xem c\u00f3 b\u1ea5t k\u1ef3 d\u1ea5u hi\u1ec7u hao m\u00f2n ho\u1eb7c h\u01b0 h\u1ecfng n\u00e0o kh\u00f4ng, bao g\u1ed3m v\u1ebft n\u1ee9t, cong v\u00eanh ho\u1eb7c c\u00e1c b\u1ed9 ph\u1eadn b\u1ecb h\u1ecfng. Thay th\u1ebf ngay l\u1eadp t\u1ee9c b\u1ea5t k\u1ef3 b\u1ed9 ph\u1eadn n\u00e0o b\u1ecb h\u1ecfng.<\/li>\n<li><strong>B\u00f4i tr\u01a1n tr\u1ee5c PTO:<\/strong> Tra m\u1ee1 tr\u1ee5c PTO th\u01b0\u1eddng xuy\u00ean \u0111\u1ec3 \u0111\u1ea3m b\u1ea3o tr\u1ee5c ho\u1ea1t \u0111\u1ed9ng tr\u01a1n tru v\u00e0 ng\u0103n ng\u1eeba g\u1ec9 s\u00e9t ho\u1eb7c \u0103n m\u00f2n. Ch\u00fa \u00fd \u0111\u1ebfn kh\u1edbp ch\u1eef U v\u00e0 c\u00e1c b\u1ed9 ph\u1eadn tr\u01b0\u1ee3t.<\/li>\n<li><strong>C\u0103n ch\u1ec9nh \u0111\u00fang:<\/strong> \u0110\u1ea3m b\u1ea3o tr\u1ee5c PTO \u0111\u01b0\u1ee3c c\u0103n ch\u1ec9nh ch\u00ednh x\u00e1c v\u1edbi tr\u1ee5c \u0111\u1ea7u v\u00e0o c\u1ee7a h\u1ed9p s\u1ed1. Vi\u1ec7c c\u0103n ch\u1ec9nh kh\u00f4ng ch\u00ednh x\u00e1c c\u00f3 th\u1ec3 g\u00e2y \u00e1p l\u1ef1c qu\u00e1 m\u1ee9c l\u00ean h\u1ed9p s\u1ed1 v\u00e0 tr\u1ee5c PTO, d\u1eabn \u0111\u1ebfn m\u00f2n s\u1edbm.<\/li>\n<\/ul>\n<p><strong>3. V\u1ec7 sinh h\u1ed9p s\u1ed1 v\u00e0 c\u00e1c b\u1ed9 ph\u1eadn b\u00ean ngo\u00e0i<\/strong><\/p>\n<p>B\u1ee5i b\u1ea9n, m\u1ea3nh v\u1ee5n v\u00e0 t\u00e0n d\u01b0 c\u00e2y tr\u1ed3ng c\u00f3 th\u1ec3 t\u00edch t\u1ee5 \u1edf b\u00ean ngo\u00e0i h\u1ed9p s\u1ed1 v\u00e0 c\u00e1c b\u1ed9 ph\u1eadn xung quanh, d\u1eabn \u0111\u1ebfn qu\u00e1 nhi\u1ec7t ho\u1eb7c t\u1eafc ngh\u1ebdn khu v\u1ef1c th\u00f4ng gi\u00f3.<\/p>\n<ul>\n<li><strong>L\u00e0m s\u1ea1ch h\u1ed9p s\u1ed1:<\/strong> Th\u01b0\u1eddng xuy\u00ean v\u1ec7 sinh v\u1ecf h\u1ed9p s\u1ed1 \u0111\u1ec3 lo\u1ea1i b\u1ecf b\u1ee5i b\u1ea9n ho\u1eb7c t\u00e0n d\u01b0 c\u00e2y tr\u1ed3ng. S\u1eed d\u1ee5ng kh\u00ed n\u00e9n ho\u1eb7c b\u00e0n ch\u1ea3i m\u1ec1m \u0111\u1ec3 v\u1ec7 sinh nh\u1eefng khu v\u1ef1c kh\u00f3 ti\u1ebfp c\u1eadn.<\/li>\n<li><strong>Ki\u1ec3m tra l\u1ed7 th\u00f4ng h\u01a1i v\u00e0 c\u00e1nh t\u1ea3n nhi\u1ec7t:<\/strong> \u0110\u1ea3m b\u1ea3o c\u00e1c l\u1ed7 th\u00f4ng h\u01a1i v\u00e0 c\u00e1nh t\u1ea3n nhi\u1ec7t kh\u00f4ng b\u1ecb t\u1eafc ngh\u1ebdn \u0111\u1ec3 duy tr\u00ec lu\u1ed3ng kh\u00f4ng kh\u00ed th\u00edch h\u1ee3p. Qu\u00e1 nhi\u1ec7t c\u00f3 th\u1ec3 d\u1eabn \u0111\u1ebfn h\u1ecfng h\u1ed9p s\u1ed1.<\/li>\n<li><strong>Tr\u00e1nh n\u01b0\u1edbc v\u00e0o:<\/strong> Sau khi v\u1ec7 sinh, \u0111\u1ea3m b\u1ea3o kh\u00f4ng c\u00f3 n\u01b0\u1edbc l\u1ecdt v\u00e0o h\u1ed9p s\u1ed1. Nhi\u1ec5m n\u01b0\u1edbc c\u00f3 th\u1ec3 g\u00e2y \u0103n m\u00f2n v\u00e0 l\u00e0m gi\u1ea3m hi\u1ec7u qu\u1ea3 b\u00f4i tr\u01a1n.<\/li>\n<\/ul>\n<p><strong>4. Theo d\u00f5i nhi\u1ec7t \u0111\u1ed9 h\u1ed9p s\u1ed1<\/strong><\/p>\n<p>Qu\u00e1 nhi\u1ec7t l\u00e0 nguy\u00ean nh\u00e2n ph\u1ed5 bi\u1ebfn g\u00e2y h\u1ecfng h\u1ed9p s\u1ed1. Lu\u00f4n theo d\u00f5i nhi\u1ec7t \u0111\u1ed9 h\u1ed9p s\u1ed1 trong qu\u00e1 tr\u00ecnh v\u1eadn h\u00e0nh, \u0111\u1eb7c bi\u1ec7t l\u00e0 trong \u0111i\u1ec1u ki\u1ec7n t\u1ea3i tr\u1ecdng cao.<\/p>\n<ul>\n<li><strong>Nhi\u1ec7t \u0111\u1ed9 qu\u00e1 cao:<\/strong> N\u1ebfu h\u1ed9p s\u1ed1 n\u00f3ng b\u1ea5t th\u01b0\u1eddng, c\u00f3 th\u1ec3 l\u00e0 do m\u1ee9c d\u1ea7u th\u1ea5p, b\u00f4i tr\u01a1n k\u00e9m ho\u1eb7c t\u1ea3i qu\u00e1 m\u1ee9c. H\u00e3y x\u1eed l\u00fd v\u1ea5n \u0111\u1ec1 ngay l\u1eadp t\u1ee9c \u0111\u1ec3 tr\u00e1nh h\u01b0 h\u1ecfng.<\/li>\n<li><strong>H\u1ec7 th\u1ed1ng l\u00e0m m\u00e1t:<\/strong> M\u1ed9t s\u1ed1 h\u1ed9p s\u1ed1 m\u00e1y g\u1eb7t ng\u00f4 \u0111\u01b0\u1ee3c trang b\u1ecb h\u1ec7 th\u1ed1ng l\u00e0m m\u00e1t. H\u00e3y \u0111\u1ea3m b\u1ea3o ch\u00fang ho\u1ea1t \u0111\u1ed9ng b\u00ecnh th\u01b0\u1eddng v\u00e0 ki\u1ec3m tra xem c\u00f3 b\u1ecb t\u1eafc ngh\u1ebdn ho\u1eb7c r\u00f2 r\u1ec9 trong \u0111\u01b0\u1eddng \u1ed1ng l\u00e0m m\u00e1t kh\u00f4ng.<\/li>\n<\/ul>\n<p><strong>5. Ki\u1ec3m tra v\u00e0 si\u1ebft ch\u1eb7t bu l\u00f4ng v\u00e0 \u1ed1c v\u00edt<\/strong><\/p>\n<p>C\u00e1c b\u1ed9 ph\u1eadn h\u1ed9p s\u1ed1 c\u00f3 th\u1ec3 b\u1ecb l\u1ecfng theo th\u1eddi gian do rung \u0111\u1ed9ng v\u00e0 l\u1ef1c t\u00e1c \u0111\u1ed9ng trong qu\u00e1 tr\u00ecnh v\u1eadn h\u00e0nh. Bu l\u00f4ng ho\u1eb7c ch\u1ed1t l\u1ecfng c\u00f3 th\u1ec3 d\u1eabn \u0111\u1ebfn m\u1ea5t c\u00e2n b\u1eb1ng, hao m\u00f2n qu\u00e1 m\u1ee9c, ho\u1eb7c th\u1eadm ch\u00ed h\u1ecfng ho\u00e0n to\u00e0n h\u1ed9p s\u1ed1.<\/p>\n<ul>\n<li><strong>Ki\u1ec3m tra bu l\u00f4ng:<\/strong> Ki\u1ec3m tra th\u01b0\u1eddng xuy\u00ean t\u1ea5t c\u1ea3 c\u00e1c bu l\u00f4ng v\u00e0 ch\u1ed1t tr\u00ean h\u1ed9p s\u1ed1, \u0111\u1eb7c bi\u1ec7t l\u00e0 xung quanh tr\u1ee5c \u0111\u1ea7u v\u00e0o v\u00e0 tr\u1ee5c \u0111\u1ea7u ra.<\/li>\n<li><strong>Si\u1ebft ch\u1eb7t khi c\u1ea7n thi\u1ebft:<\/strong> Si\u1ebft ch\u1eb7t c\u00e1c bu l\u00f4ng v\u00e0 \u1ed1c v\u00edt b\u1ecb l\u1ecfng \u0111\u1ec3 \u0111\u1ea3m b\u1ea3o t\u1ea5t c\u1ea3 c\u00e1c b\u1ed9 ph\u1eadn \u0111\u01b0\u1ee3c c\u1ed1 \u0111\u1ecbnh ch\u1eafc ch\u1eafn. \u0110i\u1ec1u n\u00e0y c\u0169ng gi\u00fap ng\u0103n ng\u1eeba rung \u0111\u1ed9ng kh\u00f4ng c\u1ea7n thi\u1ebft c\u00f3 th\u1ec3 g\u00e2y h\u01b0 h\u1ecfng theo th\u1eddi gian.<\/li>\n<\/ul>\n<p>B\u1ea3o d\u01b0\u1ee1ng h\u1ed9p s\u1ed1 m\u00e1y g\u1eb7t ng\u00f4 th\u01b0\u1eddng xuy\u00ean l\u00e0 \u0111i\u1ec1u c\u1ea7n thi\u1ebft \u0111\u1ec3 t\u1ed1i \u0111a h\u00f3a tu\u1ed5i th\u1ecd, hi\u1ec7u su\u1ea5t v\u00e0 hi\u1ec7u su\u1ea5t c\u1ee7a m\u00e1y. B\u1eb1ng c\u00e1ch tu\u00e2n th\u1ee7 \u0111\u00fang l\u1ecbch tr\u00ecnh b\u00f4i tr\u01a1n, ki\u1ec3m tra tr\u1ef1c quan v\u00e0 x\u1eed l\u00fd k\u1ecbp th\u1eddi m\u1ecdi s\u1ef1 c\u1ed1 ti\u1ec1m \u1ea9n, b\u1ea1n c\u00f3 th\u1ec3 \u0111\u1ea3m b\u1ea3o h\u1ed9p s\u1ed1 ho\u1ea1t \u0111\u1ed9ng tr\u01a1n tru trong su\u1ed1t m\u00f9a thu ho\u1ea1ch. Vi\u1ec7c ch\u0103m s\u00f3c v\u00e0 quan t\u00e2m \u0111\u00fang m\u1ee9c \u0111\u1ebfn h\u1ed9p s\u1ed1 v\u00e0 tr\u1ee5c PTO c\u0169ng s\u1ebd gi\u00fap gi\u1ea3m thi\u1ec3u chi ph\u00ed s\u1eeda ch\u1eefa v\u00e0 th\u1eddi gian ng\u1eebng ho\u1ea1t \u0111\u1ed9ng, cho ph\u00e9p b\u1ea1n t\u1eadp trung v\u00e0o vi\u1ec7c t\u1ed1i \u0111a h\u00f3a n\u0103ng su\u1ea5t trong qu\u00e1 tr\u00ecnh thu ho\u1ea1ch.<\/p>\n<p><img loading=\"lazy\" decoding=\"async\" class=\"wp-image-3191 aligncenter\" src=\"https:\/\/fmp-components.com\/wp-content\/uploads\/2025\/01\/corn-header-gearbox-m767a1.webp\" alt=\"h\u1ed9p s\u1ed1 m\u00e1y c\u1eaft ng\u00f4 m767a-th\u00f4ng s\u1ed1 k\u1ef9 thu\u1eadt\" width=\"780\" height=\"780\" title=\"\" srcset=\"https:\/\/fmp-components.com\/wp-content\/uploads\/2025\/01\/corn-header-gearbox-m767a1.webp 300w, https:\/\/fmp-components.com\/wp-content\/uploads\/2025\/01\/corn-header-gearbox-m767a1-150x150.webp 150w, https:\/\/fmp-components.com\/wp-content\/uploads\/2025\/01\/corn-header-gearbox-m767a1-12x12.webp 12w, https:\/\/fmp-components.com\/wp-content\/uploads\/2025\/01\/corn-header-gearbox-m767a1-100x100.webp 100w\" sizes=\"(max-width: 780px) 100vw, 780px\" \/><\/p>\n<h2>Gi\u1edbi thi\u1ec7u v\u1ec1 FMP<\/h2>\n<p>C\u00f3 tr\u1ee5 s\u1edf ch\u00ednh t\u1ea1i \u00dd, FMP l\u00e0 nh\u00e0 s\u1ea3n xu\u1ea5t h\u00e0ng \u0111\u1ea7u chuy\u00ean thi\u1ebft k\u1ebf, ph\u00e1t tri\u1ec3n v\u00e0 s\u1ea3n xu\u1ea5t h\u1ed9p s\u1ed1 hi\u1ec7u su\u1ea5t cao, ch\u1ee7 y\u1ebfu d\u00e0nh cho ng\u00e0nh m\u00e1y m\u00f3c n\u00f4ng nghi\u1ec7p. N\u1ed5i ti\u1ebfng v\u1edbi k\u1ef9 thu\u1eadt ch\u00ednh x\u00e1c, gi\u1ea3i ph\u00e1p s\u00e1ng t\u1ea1o v\u00e0 \u0111\u1ed9 tin c\u1eady \u1ed5n \u0111\u1ecbnh, FMP \u0111\u00e3 x\u00e2y d\u1ef1ng \u0111\u01b0\u1ee3c danh ti\u1ebfng v\u1eefng ch\u1eafc l\u00e0 \u0111\u1ed1i t\u00e1c \u0111\u00e1ng tin c\u1eady trong c\u1ea3 th\u1ecb tr\u01b0\u1eddng n\u00f4ng nghi\u1ec7p v\u00e0 c\u00f4ng nghi\u1ec7p. Danh m\u1ee5c s\u1ea3n ph\u1ea9m to\u00e0n di\u1ec7n c\u1ee7a ch\u00fang t\u00f4i bao g\u1ed3m h\u1ed9p s\u1ed1 \u0111\u01b0\u1ee3c thi\u1ebft k\u1ebf ri\u00eang cho m\u00e1y c\u1eaft c\u1ecf, tr\u1ee5c PTO v\u00e0 c\u00e1c linh ki\u1ec7n thi\u1ebft y\u1ebfu kh\u00e1c, t\u1ea5t c\u1ea3 \u0111\u1ec1u \u0111\u01b0\u1ee3c thi\u1ebft k\u1ebf \u0111\u1ec3 \u0111\u00e1p \u1ee9ng nhu c\u1ea7u c\u1ee5 th\u1ec3 c\u1ee7a nhi\u1ec1u \u1ee9ng d\u1ee5ng kh\u00e1c nhau.<\/p>\n<p>T\u1ea1i FMP, ch\u00fang t\u00f4i hi\u1ec3u r\u1eb1ng m\u1ed7i kh\u00e1ch h\u00e0ng \u0111\u1ec1u ph\u1ea3i \u0111\u1ed1i m\u1eb7t v\u1edbi nh\u1eefng th\u00e1ch th\u1ee9c ri\u00eang. \u0110i\u1ec1u n\u00e0y th\u00fac \u0111\u1ea9y ch\u00fang t\u00f4i t\u1eadp trung cung c\u1ea5p c\u00e1c gi\u1ea3i ph\u00e1p \u0111\u01b0\u1ee3c thi\u1ebft k\u1ebf ri\u00eang, d\u00f9 l\u00e0 cho t\u1eebng th\u00e0nh ph\u1ea7n ri\u00eang l\u1ebb hay h\u1ec7 th\u1ed1ng t\u00edch h\u1ee3p ho\u00e0n ch\u1ec9nh. B\u1eb1ng c\u00e1ch h\u1ee3p t\u00e1c ch\u1eb7t ch\u1ebd v\u1edbi kh\u00e1ch h\u00e0ng, ch\u00fang t\u00f4i \u0111\u1ea3m b\u1ea3o m\u1ed7i gi\u1ea3i ph\u00e1p \u0111\u1ec1u \u0111\u00e1p \u1ee9ng nhu c\u1ea7u c\u1ee7a h\u1ecd, \u0111\u1ed3ng th\u1eddi t\u1ed1i \u01b0u h\u00f3a hi\u1ec7u su\u1ea5t v\u00e0 t\u1ed1i \u0111a h\u00f3a gi\u00e1 tr\u1ecb. Cam k\u1ebft c\u1ee7a ch\u00fang t\u00f4i v\u1ec1 ph\u1ea3n h\u1ed3i chuy\u00ean nghi\u1ec7p, k\u1ecbp th\u1eddi v\u00e0 h\u01b0\u1edbng d\u1eabn chuy\u00ean m\u00f4n \u0111\u1ea3m b\u1ea3o m\u1ecdi y\u00eau c\u1ea7u \u0111\u1ec1u \u0111\u01b0\u1ee3c x\u1eed l\u00fd ch\u00ednh x\u00e1c, mang l\u1ea1i k\u1ebft qu\u1ea3 t\u1ed1i \u01b0u.<\/p>\n<p>Ch\u00fang t\u00f4i \u01b0u ti\u00ean giao ti\u1ebfp minh b\u1ea1ch v\u00e0 li\u00ean t\u1ee5c trong su\u1ed1t qu\u00e1 tr\u00ecnh ph\u00e1t tri\u1ec3n s\u1ea3n ph\u1ea9m. \u0110\u1ed9i ng\u0169 t\u1eadn t\u00e2m c\u1ee7a ch\u00fang t\u00f4i h\u1ee3p t\u00e1c ch\u1eb7t ch\u1ebd v\u1edbi kh\u00e1ch h\u00e0ng \u0111\u1ec3 hi\u1ec3u r\u00f5 y\u00eau c\u1ea7u c\u1ee7a h\u1ecd, cung c\u1ea5p nh\u1eefng hi\u1ec3u bi\u1ebft s\u00e2u s\u1eafc v\u00e0 khuy\u1ebfn ngh\u1ecb gi\u00e1 tr\u1ecb nh\u1eb1m \u0111\u1ea1t \u0111\u01b0\u1ee3c k\u1ebft qu\u1ea3 t\u1ed1t nh\u1ea5t. D\u00f9 l\u00e0 thi\u1ebft k\u1ebf s\u1ea3n ph\u1ea9m s\u00e1ng t\u1ea1o hay ho\u00e0n th\u00e0nh c\u00e1c \u0111\u01a1n h\u00e0ng th\u01b0\u1eddng xuy\u00ean, FMP lu\u00f4n cam k\u1ebft cung c\u1ea5p c\u00e1c gi\u1ea3i ph\u00e1p ch\u1ea5t l\u01b0\u1ee3ng cao, \u0111\u01b0\u1ee3c thi\u1ebft k\u1ebf ch\u00ednh x\u00e1c, \u0111\u00fang h\u1ea1n. M\u1ee5c ti\u00eau c\u1ee7a ch\u00fang t\u00f4i l\u00e0 v\u01b0\u1ee3t qua mong \u0111\u1ee3i c\u1ee7a kh\u00e1ch h\u00e0ng v\u00e0 cung c\u1ea5p d\u1ecbch v\u1ee5 xu\u1ea5t s\u1eafc cho m\u1ecdi d\u1ef1 \u00e1n.<\/p>\n<p>Tr\u1ecdng t\u00e2m ho\u1ea1t \u0111\u1ed9ng c\u1ee7a FMP l\u00e0 cam k\u1ebft v\u1eefng ch\u1eafc v\u1ec1 ch\u1ea5t l\u01b0\u1ee3ng. Ch\u00fang t\u00f4i tu\u00e2n th\u1ee7 c\u00e1c ti\u00eau chu\u1ea9n s\u1ea3n xu\u1ea5t cao nh\u1ea5t v\u00e0 quy tr\u00ecnh ki\u1ec3m so\u00e1t ch\u1ea5t l\u01b0\u1ee3ng nghi\u00eam ng\u1eb7t \u0111\u1ec3 \u0111\u1ea3m b\u1ea3o m\u1ed7i s\u1ea3n ph\u1ea9m \u0111\u1ec1u v\u01b0\u1ee3t qua c\u00e1c ti\u00eau chu\u1ea9n c\u1ee7a ng\u00e0nh. Cam k\u1ebft v\u1ec1 s\u1ef1 xu\u1ea5t s\u1eafc n\u00e0y, k\u1ebft h\u1ee3p v\u1edbi c\u00e1c gi\u00e1 tr\u1ecb ch\u00ednh tr\u1ef1c, tinh th\u1ea7n \u0111\u1ed3ng \u0111\u1ed9i v\u00e0 s\u1ef1 ki\u00ean tr\u00ec, \u0111\u00e3 gi\u00fap ch\u00fang t\u00f4i x\u00e2y d\u1ef1ng m\u1ed1i quan h\u1ec7 l\u00e2u d\u00e0i, d\u1ef1a tr\u00ean s\u1ef1 tin c\u1eady v\u1edbi kh\u00e1ch h\u00e0ng t\u1ea1i g\u1ea7n 30 qu\u1ed1c gia tr\u00ean to\u00e0n th\u1ebf gi\u1edbi.<\/p>\n<p>FMP cam k\u1ebft th\u00fac \u0111\u1ea9y quan h\u1ec7 \u0111\u1ed1i t\u00e1c to\u00e0n c\u1ea7u b\u1eb1ng c\u00e1ch cung c\u1ea5p t\u01b0 v\u1ea5n chuy\u00ean m\u00f4n v\u00e0 c\u00e1c gi\u1ea3i ph\u00e1p t\u00f9y ch\u1ec9nh \u0111\u00e1p \u1ee9ng nhu c\u1ea7u ng\u00e0y c\u00e0ng \u0111a d\u1ea1ng c\u1ee7a kh\u00e1ch h\u00e0ng. Ch\u00fang t\u00f4i h\u01b0\u1edbng \u0111\u1ebfn vi\u1ec7c x\u00e2y d\u1ef1ng m\u1ed1i quan h\u1ec7 l\u00e2u d\u00e0i, c\u00f9ng c\u00f3 l\u1ee3i, g\u00f3p ph\u1ea7n v\u00e0o th\u00e0nh c\u00f4ng c\u1ee7a m\u1ecdi d\u1ef1 \u00e1n. Cho d\u00f9 b\u1ea1n c\u1ea7n c\u00e1c gi\u1ea3i ph\u00e1p s\u00e1ng t\u1ea1o cho m\u1ed9t s\u00e1ng ki\u1ebfn \u200b\u200bm\u1edbi hay h\u1ed7 tr\u1ee3 li\u00ean t\u1ee5c cho m\u1ed9t h\u1ec7 th\u1ed1ng hi\u1ec7n c\u00f3, FMP lu\u00f4n s\u1eb5n s\u00e0ng gi\u00fap b\u1ea1n v\u01b0\u1ee3t qua nh\u1eefng th\u00e1ch th\u1ee9c k\u1ef9 thu\u1eadt v\u00e0 \u0111\u1ea3m b\u1ea3o th\u00e0nh c\u00f4ng b\u1ec1n v\u1eefng.<\/p>\n<p><img loading=\"lazy\" decoding=\"async\" class=\"alignnone wp-image-2695\" src=\"https:\/\/fmp-components.com\/wp-content\/uploads\/2025\/01\/agricultural-gearbox3.webp\" alt=\"h\u1ed9p s\u1ed1 n\u00f4ng nghi\u1ec7p\" width=\"1140\" height=\"1138\" title=\"\" srcset=\"https:\/\/fmp-components.com\/wp-content\/uploads\/2025\/01\/agricultural-gearbox3.webp 1140w, https:\/\/fmp-components.com\/wp-content\/uploads\/2025\/01\/agricultural-gearbox3-480x479.webp 480w\" sizes=\"(min-width: 0px) and (max-width: 480px) 480px, (min-width: 481px) 1140px, 100vw\" \/><\/p>\n<p>T\u00e1c gi\u1ea3: CX<\/p>","protected":false},"excerpt":{"rendered":"<p>Corn Header Gearbox M-767A Specifications i 1.6 N1[rpm] 540 P1[kW] 44.1 M2[Nm] 473 Shaft Type X 1&#8221; 3\/8 Z6 Shaft Type Z 1&#8221; 3\/8 Z6 Input Z Maintenance of Corn Header Gearbox Proper maintenance of the corn header gearbox is essential to ensure the equipment operates efficiently and lasts for many seasons. A well-maintained gearbox [&hellip;]<\/p>","protected":false},"featured_media":3191,"comment_status":"open","ping_status":"closed","template":"","meta":{"_et_pb_use_builder":"","_et_pb_old_content":"","_et_gb_content_width":""},"product_brand":[],"product_cat":[77],"product_tag":[],"class_list":{"0":"post-3189","1":"product","2":"type-product","3":"status-publish","4":"has-post-thumbnail","6":"product_cat-corn-headers-gearbox","8":"first","9":"instock","10":"shipping-taxable","11":"product-type-simple"},"_links":{"self":[{"href":"https:\/\/fmp-components.com\/vi\/wp-json\/wp\/v2\/product\/3189","targetHints":{"allow":["GET"]}}],"collection":[{"href":"https:\/\/fmp-components.com\/vi\/wp-json\/wp\/v2\/product"}],"about":[{"href":"https:\/\/fmp-components.com\/vi\/wp-json\/wp\/v2\/types\/product"}],"replies":[{"embeddable":true,"href":"https:\/\/fmp-components.com\/vi\/wp-json\/wp\/v2\/comments?post=3189"}],"wp:featuredmedia":[{"embeddable":true,"href":"https:\/\/fmp-components.com\/vi\/wp-json\/wp\/v2\/media\/3191"}],"wp:attachment":[{"href":"https:\/\/fmp-components.com\/vi\/wp-json\/wp\/v2\/media?parent=3189"}],"wp:term":[{"taxonomy":"product_brand","embeddable":true,"href":"https:\/\/fmp-components.com\/vi\/wp-json\/wp\/v2\/product_brand?post=3189"},{"taxonomy":"product_cat","embeddable":true,"href":"https:\/\/fmp-components.com\/vi\/wp-json\/wp\/v2\/product_cat?post=3189"},{"taxonomy":"product_tag","embeddable":true,"href":"https:\/\/fmp-components.com\/vi\/wp-json\/wp\/v2\/product_tag?post=3189"}],"curies":[{"name":"wp","href":"https:\/\/api.w.org\/{rel}","templated":true}]}}