{"id":3185,"date":"2025-01-05T05:56:59","date_gmt":"2025-01-05T05:56:59","guid":{"rendered":"https:\/\/fmp-components.com\/?page_id=8"},"modified":"2025-01-06T02:16:30","modified_gmt":"2025-01-06T02:16:30","slug":"corn-header-gearbox-replacement-of-comer-code-t-304a","status":"publish","type":"product","link":"https:\/\/fmp-components.com\/vi\/product\/corn-header-gearbox-replacement-of-comer-code-t-304a\/","title":{"rendered":"H\u1ed9p s\u1ed1 \u0111\u1ea7u c\u1eaft ng\u00f4 \u2013 Thay th\u1ebf m\u00e3 g\u00f3c T-304A"},"content":{"rendered":"<h2>Th\u00f4ng s\u1ed1 k\u1ef9 thu\u1eadt c\u1ee7a H\u1ed9p s\u1ed1 \u0111\u1ea7u c\u1eaft ng\u00f4 T-304A<\/h2>\n<p><img loading=\"lazy\" decoding=\"async\" class=\"alignnone size-full wp-image-3187\" src=\"https:\/\/fmp-components.com\/wp-content\/uploads\/2025\/01\/corn-header-gearbox-specification-t304a.webp\" alt=\"\u0111\u1eb7c \u0111i\u1ec3m k\u1ef9 thu\u1eadt h\u1ed9p s\u1ed1 m\u00e1y c\u1eaft ng\u00f4 t304a\" width=\"971\" height=\"483\" title=\"\" srcset=\"https:\/\/fmp-components.com\/wp-content\/uploads\/2025\/01\/corn-header-gearbox-specification-t304a.webp 971w, https:\/\/fmp-components.com\/wp-content\/uploads\/2025\/01\/corn-header-gearbox-specification-t304a-480x239.webp 480w\" sizes=\"(min-width: 0px) and (max-width: 480px) 480px, (min-width: 481px) 971px, 100vw\" \/><\/p>\n<table class=\"kh-1xzm1su\" border=\"1\" data-intent=\"lists-product-attributes\" data-test-id=\"attributes-list\">\n<tbody class=\"kh-1ago99h\">\n<tr id=\"attProductDetails\" class=\"kh-bwvum6\" data-test-id=\"attribute-row\">\n<th class=\"kh-10oizfy\">Chi ti\u1ebft s\u1ea3n ph\u1ea9m<\/th>\n<td class=\"kh-1f5nhat\">\n<ul>\n<li class=\"kh-16zd49f\">T\u1ea5t c\u1ea3 c\u00e1c h\u1ed9p s\u1ed1 \u0111\u1ec1u \u0111\u01b0\u1ee3c cung c\u1ea5p m\u00e0 kh\u00f4ng c\u00f3 d\u1ea7u.<\/li>\n<li class=\"kh-16zd49f\">L\u1ea7n thay d\u1ea7u \u0111\u1ea7u ti\u00ean sau 50-70 gi\u1edd ho\u1ea1t \u0111\u1ed9ng, sau \u0111\u00f3 sau 500-700 gi\u1edd ho\u1ea1t \u0111\u1ed9ng ho\u1eb7c \u00edt nh\u1ea5t m\u1ed7i n\u0103m m\u1ed9t l\u1ea7n.<\/li>\n<li class=\"kh-16zd49f\">Li\u00ean h\u1ec7 v\u1edbi ch\u00fang t\u00f4i \u0111\u1ec3 bi\u1ebft th\u00eam th\u00f4ng tin v\u1ec1 c\u00f4ng su\u1ea5t \u1edf m\u1ee9c RPM kh\u00e1c nhau.<\/li>\n<\/ul>\n<\/td>\n<\/tr>\n<tr id=\"attApplicationRange\" class=\"kh-bwvum6\" data-test-id=\"attribute-row\">\n<th class=\"kh-10oizfy\">Ph\u1ea1m vi \u1ee9ng d\u1ee5ng<\/th>\n<td class=\"kh-1f5nhat\">\n<ul>\n<li class=\"kh-16zd49f\">Nhi\u1ec1u \u1ee9ng d\u1ee5ng (n\u00f4ng nghi\u1ec7p) kh\u00e1c nhau<\/li>\n<li class=\"kh-16zd49f\">M\u00e1y khoan l\u1ed7<\/li>\n<\/ul>\n<\/td>\n<\/tr>\n<tr id=\"attConsistsOf\" class=\"kh-bwvum6\" data-test-id=\"attribute-row\">\n<th class=\"kh-10oizfy\">Bao g\u1ed3m<\/th>\n<td class=\"kh-1f5nhat\">\n<ul>\n<li class=\"kh-16zd49f\">H\u1ed9p s\u1ed1<\/li>\n<li class=\"kh-16zd49f\">Kh\u00f4ng c\u00f3 d\u1ea7u<\/li>\n<\/ul>\n<\/td>\n<\/tr>\n<\/tbody>\n<\/table>\n<h2>\u0110\u1eb7c \u0111i\u1ec3m c\u1ee7a h\u1ed9p s\u1ed1 m\u00e1y g\u1eb7t ng\u00f4<\/h2>\n<ol>\n<li><strong>Kh\u1ea3 n\u0103ng m\u00f4-men xo\u1eafn cao<\/strong><br \/>\nH\u1ed9p s\u1ed1 m\u00e1y g\u1eb7t ng\u00f4 \u0111\u01b0\u1ee3c thi\u1ebft k\u1ebf \u0111\u1ec3 ch\u1ecbu t\u1ea3i m\u00f4-men xo\u1eafn cao, \u0111\u1ea3m b\u1ea3o truy\u1ec1n l\u1ef1c hi\u1ec7u qu\u1ea3 t\u1eeb m\u00e1y k\u00e9o \u0111\u1ebfn c\u01a1 c\u1ea5u m\u00e1y g\u1eb7t. \u0110i\u1ec1u n\u00e0y \u0111\u1eb7c bi\u1ec7t quan tr\u1ecdng khi thu ho\u1ea1ch ng\u00f4, v\u00ec h\u1ed9p s\u1ed1 c\u1ea7n ch\u1ecbu \u0111\u01b0\u1ee3c \u1ee9ng su\u1ea5t c\u01a1 h\u1ecdc trong qu\u00e1 tr\u00ecnh c\u1eaft v\u00e0 thu ho\u1ea1ch ng\u00f4.<\/li>\n<li><strong>K\u1ebft c\u1ea5u b\u1ec1n b\u1ec9<\/strong><br \/>\n\u0110\u01b0\u1ee3c ch\u1ebf t\u1ea1o t\u1eeb v\u1eadt li\u1ec7u b\u1ec1n ch\u1eafc nh\u01b0 th\u00e9p cao c\u1ea5p ho\u1eb7c gang, h\u1ed9p s\u1ed1 m\u00e1y g\u1eb7t ng\u00f4 \u0111\u01b0\u1ee3c thi\u1ebft k\u1ebf \u0111\u1ec3 \u0111\u1ea3m b\u1ea3o \u0111\u1ed9 b\u1ec1n v\u00e0 tu\u1ed5i th\u1ecd cao. C\u00e1c h\u1ed9p s\u1ed1 n\u00e0y c\u00f3 kh\u1ea3 n\u0103ng ho\u1ea1t \u0111\u1ed9ng trong m\u00f4i tr\u01b0\u1eddng n\u00f4ng nghi\u1ec7p kh\u1eafc nghi\u1ec7t, ch\u1ecbu \u0111\u01b0\u1ee3c \u0111i\u1ec1u ki\u1ec7n th\u1eddi ti\u1ebft kh\u1eafc nghi\u1ec7t v\u00e0 th\u1eddi gian v\u1eadn h\u00e0nh k\u00e9o d\u00e0i.<\/li>\n<li><strong>K\u1ef9 thu\u1eadt ch\u00ednh x\u00e1c<\/strong><br \/>\nH\u1ed9p s\u1ed1 m\u00e1y g\u1eb7t ng\u00f4 \u0111\u01b0\u1ee3c thi\u1ebft k\u1ebf ch\u00ednh x\u00e1c \u0111\u1ec3 \u0111\u1ea3m b\u1ea3o v\u1eadn h\u00e0nh tr\u01a1n tru v\u00e0 \u0111\u00e1ng tin c\u1eady. C\u00e1c b\u00e1nh r\u0103ng b\u00ean trong h\u1ed9p s\u1ed1 \u0111\u01b0\u1ee3c s\u1ea3n xu\u1ea5t v\u1edbi dung sai ch\u1eb7t ch\u1ebd, gi\u00fap gi\u1ea3m ma s\u00e1t v\u00e0 t\u0103ng hi\u1ec7u su\u1ea5t, t\u1eeb \u0111\u00f3 c\u1ea3i thi\u1ec7n hi\u1ec7u su\u1ea5t c\u1ee7a to\u00e0n b\u1ed9 h\u1ec7 th\u1ed1ng thu ho\u1ea1ch.<\/li>\n<li><strong>Thi\u1ebft k\u1ebf nh\u1ecf g\u1ecdn v\u00e0 hi\u1ec7u qu\u1ea3<\/strong><br \/>\nC\u00e1c h\u1ed9p s\u1ed1 n\u00e0y nh\u1ecf g\u1ecdn nh\u01b0ng m\u1ea1nh m\u1ebd, l\u00fd t\u01b0\u1edfng \u0111\u1ec3 t\u00edch h\u1ee3p v\u00e0o m\u00e1y thu ho\u1ea1ch ng\u00f4 \u1edf nh\u1eefng n\u01a1i c\u00f3 kh\u00f4ng gian h\u1ea1n ch\u1ebf. M\u1eb7c d\u00f9 k\u00edch th\u01b0\u1edbc nh\u1ecf, ch\u00fang \u0111\u01b0\u1ee3c thi\u1ebft k\u1ebf \u0111\u1ec3 x\u1eed l\u00fd t\u1ea3i tr\u1ecdng c\u00f4ng su\u1ea5t l\u1edbn m\u00e0 v\u1eabn duy tr\u00ec hi\u1ec7u su\u1ea5t v\u1eadn h\u00e0nh.<\/li>\n<li><strong>T\u1ef7 s\u1ed1 truy\u1ec1n<\/strong><br \/>\nH\u1ed9p s\u1ed1 m\u00e1y g\u1eb7t ng\u00f4 th\u01b0\u1eddng c\u00f3 t\u1ef7 s\u1ed1 truy\u1ec1n \u0111\u1ed9ng c\u1ee5 th\u1ec3 \u0111\u01b0\u1ee3c t\u1ed1i \u01b0u h\u00f3a cho nhu c\u1ea7u thu ho\u1ea1ch ng\u00f4. T\u1ef7 s\u1ed1 truy\u1ec1n ph\u00f9 h\u1ee3p \u0111\u1ea3m b\u1ea3o t\u1ed1c \u0111\u1ed9 v\u00e0 c\u00f4ng su\u1ea5t \u0111\u1ea7u ra ph\u00f9 h\u1ee3p v\u1edbi ho\u1ea1t \u0111\u1ed9ng c\u1eaft v\u00e0 thu gom, c\u1ea3i thi\u1ec7n n\u0103ng su\u1ea5t v\u00e0 hi\u1ec7u su\u1ea5t t\u1ed5ng th\u1ec3 c\u1ee7a m\u00e1y g\u1eb7t ng\u00f4.<\/li>\n<\/ol>\n<p>T\u00f3m l\u1ea1i, tr\u1ee5c PTO l\u00e0 b\u1ed9 ph\u1eadn thi\u1ebft y\u1ebfu k\u1ebft n\u1ed1i m\u00e1y k\u00e9o v\u1edbi h\u1ed9p s\u1ed1 m\u00e1y g\u1eb7t ng\u00f4, cho ph\u00e9p truy\u1ec1n l\u1ef1c hi\u1ec7u qu\u1ea3 trong qu\u00e1 tr\u00ecnh thu ho\u1ea1ch. Tr\u1ee5c PTO ph\u00f9 h\u1ee3p \u0111\u1ea3m b\u1ea3o v\u1eadn h\u00e0nh \u0111\u00e1ng tin c\u1eady, an to\u00e0n v\u00e0 hi\u1ec7u qu\u1ea3, g\u00f3p ph\u1ea7n n\u00e2ng cao n\u0103ng su\u1ea5t v\u00e0 gi\u1ea3m th\u1eddi gian ch\u1ebft trong qu\u00e1 tr\u00ecnh thu ho\u1ea1ch.<\/p>\n<p><img loading=\"lazy\" decoding=\"async\" class=\"wp-image-3186 aligncenter\" src=\"https:\/\/fmp-components.com\/wp-content\/uploads\/2025\/01\/corn-header-gearbox-t304a1.webp\" alt=\"h\u1ed9p s\u1ed1 m\u00e1y g\u1eb7t ng\u00f4 t304a(1)\" width=\"576\" height=\"576\" title=\"\" srcset=\"https:\/\/fmp-components.com\/wp-content\/uploads\/2025\/01\/corn-header-gearbox-t304a1.webp 300w, https:\/\/fmp-components.com\/wp-content\/uploads\/2025\/01\/corn-header-gearbox-t304a1-150x150.webp 150w, https:\/\/fmp-components.com\/wp-content\/uploads\/2025\/01\/corn-header-gearbox-t304a1-12x12.webp 12w, https:\/\/fmp-components.com\/wp-content\/uploads\/2025\/01\/corn-header-gearbox-t304a1-100x100.webp 100w\" sizes=\"(max-width: 576px) 100vw, 576px\" \/><\/p>\n<h3><strong>Tr\u1ee5c PTO cho h\u1ed9p s\u1ed1 m\u00e1y g\u1eb7t ng\u00f4<\/strong><\/h3>\n<p>Tr\u1ee5c PTO (Tr\u1ee5c d\u1eabn \u0111\u1ed9ng) l\u00e0 b\u1ed9 ph\u1eadn quan tr\u1ecdng \u0111\u01b0\u1ee3c s\u1eed d\u1ee5ng \u0111\u1ec3 truy\u1ec1n c\u00f4ng su\u1ea5t c\u01a1 h\u1ecdc t\u1eeb \u0111\u1ed9ng c\u01a1 m\u00e1y k\u00e9o \u0111\u1ebfn h\u1ed9p s\u1ed1 m\u00e1y g\u1eb7t ng\u00f4. Tr\u1ee5c PTO k\u1ebft n\u1ed1i \u0111\u1ea7u ra PTO c\u1ee7a m\u00e1y k\u00e9o v\u1edbi h\u1ed9p s\u1ed1 c\u1ee7a m\u00e1y g\u1eb7t ng\u00f4, cho ph\u00e9p truy\u1ec1n c\u00f4ng su\u1ea5t hi\u1ec7u qu\u1ea3 \u0111\u1ec3 v\u1eadn h\u00e0nh c\u00e1c c\u01a1 c\u1ea5u c\u1eaft v\u00e0 thu gom. D\u01b0\u1edbi \u0111\u00e2y l\u00e0 t\u1ed5ng quan v\u1ec1 c\u00e1c \u0111\u1eb7c \u0111i\u1ec3m v\u00e0 c\u00e2n nh\u1eafc khi l\u1ef1a ch\u1ecdn tr\u1ee5c PTO cho h\u1ed9p s\u1ed1 m\u00e1y g\u1eb7t ng\u00f4:<\/p>\n<ol>\n<li><strong>Truy\u1ec1n \u0111\u1ed9ng m\u00f4-men xo\u1eafn cao<\/strong><br \/>\nTr\u1ee5c PTO cho h\u1ed9p s\u1ed1 m\u00e1y g\u1eb7t ng\u00f4 \u0111\u01b0\u1ee3c thi\u1ebft k\u1ebf \u0111\u1ec3 ch\u1ecbu t\u1ea3i m\u00f4-men xo\u1eafn cao, c\u1ea7n thi\u1ebft cho vi\u1ec7c v\u1eadn h\u00e0nh c\u00e1c c\u01a1 c\u1ea5u c\u1eaft, thu gom v\u00e0 \u0111\u1eadp ng\u00f4 c\u1ee7a m\u00e1y g\u1eb7t ng\u00f4. Tr\u1ee5c ph\u1ea3i truy\u1ec1n l\u1ef1c \u0111\u00e1ng k\u1ec3 t\u1eeb m\u00e1y k\u00e9o \u0111\u1ebfn h\u1ed9p s\u1ed1 trong khi v\u1eabn duy tr\u00ec ho\u1ea1t \u0111\u1ed9ng tr\u01a1n tru.<\/li>\n<li><strong>\u0110\u1ed9 b\u1ec1n v\u00e0 s\u1ee9c m\u1ea1nh<\/strong><br \/>\n\u0110\u01b0\u1ee3c ch\u1ebf t\u1ea1o t\u1eeb v\u1eadt li\u1ec7u ch\u1ea5t l\u01b0\u1ee3ng cao nh\u01b0 th\u00e9p c\u01b0\u1eddng \u0111\u1ed9 cao ho\u1eb7c kim lo\u1ea1i h\u1ee3p kim, c\u00e1c tr\u1ee5c PTO n\u00e0y \u0111\u01b0\u1ee3c thi\u1ebft k\u1ebf \u0111\u1ec3 c\u00f3 \u0111\u1ed9 b\u1ec1n l\u00e2u d\u00e0i. Ch\u00fang \u0111\u01b0\u1ee3c thi\u1ebft k\u1ebf \u0111\u1ec3 ch\u1ed1ng m\u00e0i m\u00f2n d\u01b0\u1edbi nh\u1eefng y\u00eau c\u1ea7u v\u1eadn h\u00e0nh kh\u1eafc nghi\u1ec7t c\u1ee7a m\u00e1y m\u00f3c n\u00f4ng nghi\u1ec7p, \u0111\u1ea3m b\u1ea3o tu\u1ed5i th\u1ecd s\u1eed d\u1ee5ng l\u00e2u d\u00e0i.<\/li>\n<li><strong>Kh\u1ea3 n\u0103ng t\u01b0\u01a1ng th\u00edch ph\u1ed5 qu\u00e1t<\/strong><br \/>\nTr\u1ee5c PTO cho h\u1ed9p s\u1ed1 m\u00e1y g\u1eb7t ng\u00f4 th\u01b0\u1eddng \u0111\u01b0\u1ee3c thi\u1ebft k\u1ebf v\u1edbi c\u00e1c kh\u1edbp n\u1ed1i v\u1ea1n n\u0103ng, cho ph\u00e9p ch\u00fang t\u01b0\u01a1ng th\u00edch v\u1edbi nhi\u1ec1u m\u1eabu m\u00e1y k\u00e9o v\u00e0 th\u01b0\u01a1ng hi\u1ec7u m\u00e1y g\u1eb7t ng\u00f4 kh\u00e1c nhau. Kh\u1ea3 n\u0103ng th\u00edch \u1ee9ng n\u00e0y \u0111\u1ea3m b\u1ea3o tr\u1ee5c PTO c\u00f3 th\u1ec3 d\u1ec5 d\u00e0ng t\u00edch h\u1ee3p v\u00e0o c\u00e1c lo\u1ea1i m\u00e1y m\u00f3c v\u00e0 thi\u1ebft l\u1eadp v\u1eadn h\u00e0nh kh\u00e1c nhau.<\/li>\n<li><strong>T\u00ednh linh ho\u1ea1t v\u00e0 kh\u1ea3 n\u0103ng \u0111i\u1ec1u ch\u1ec9nh<\/strong><br \/>\nTr\u1ee5c PTO th\u01b0\u1eddng \u0111\u01b0\u1ee3c trang b\u1ecb c\u00e1c \u0111o\u1ea1n \u1ed1ng l\u1ed3ng, mang l\u1ea1i s\u1ef1 linh ho\u1ea1t v\u00e0 d\u1ec5 d\u00e0ng \u0111i\u1ec1u ch\u1ec9nh. T\u00ednh n\u0103ng n\u00e0y cho ph\u00e9p ng\u01b0\u1eddi v\u1eadn h\u00e0nh \u0111i\u1ec1u ch\u1ec9nh chi\u1ec1u d\u00e0i tr\u1ee5c cho ph\u00f9 h\u1ee3p v\u1edbi c\u00e1c kho\u1ea3ng c\u00e1ch kh\u00e1c nhau t\u1eeb m\u00e1y k\u00e9o \u0111\u1ebfn \u0111\u1ea7u m\u00e1y, gi\u00fap c\u0103n ch\u1ec9nh ch\u00ednh x\u00e1c v\u00e0 gi\u1ea3m \u00e1p l\u1ef1c l\u00ean tr\u1ee5c v\u00e0 h\u1ed9p s\u1ed1.<\/li>\n<li><strong>Truy\u1ec1n t\u1ea3i \u0111i\u1ec7n n\u0103ng hi\u1ec7u qu\u1ea3<\/strong><br \/>\nC\u00e1c tr\u1ee5c n\u00e0y \u0111\u01b0\u1ee3c thi\u1ebft k\u1ebf \u0111\u1ec3 gi\u1ea3m thi\u1ec3u t\u1ed5n th\u1ea5t n\u0103ng l\u01b0\u1ee3ng trong qu\u00e1 tr\u00ecnh truy\u1ec1n l\u1ef1c. Tr\u1ee5c PTO \u0111\u01b0\u1ee3c thi\u1ebft k\u1ebf t\u1ed1t \u0111\u1ea3m b\u1ea3o c\u00f4ng su\u1ea5t t\u1ed1i \u0111a t\u1eeb \u0111\u1ed9ng c\u01a1 m\u00e1y k\u00e9o \u0111\u01b0\u1ee3c truy\u1ec1n t\u1ea3i hi\u1ec7u qu\u1ea3 \u0111\u1ebfn h\u1ed9p s\u1ed1 m\u00e1y g\u1eb7t ng\u00f4, c\u1ea3i thi\u1ec7n hi\u1ec7u su\u1ea5t t\u1ed5ng th\u1ec3 c\u1ee7a qu\u00e1 tr\u00ecnh thu ho\u1ea1ch.<\/li>\n<\/ol>\n<p>T\u00f3m l\u1ea1i, tr\u1ee5c PTO l\u00e0 b\u1ed9 ph\u1eadn thi\u1ebft y\u1ebfu k\u1ebft n\u1ed1i m\u00e1y k\u00e9o v\u1edbi h\u1ed9p s\u1ed1 m\u00e1y g\u1eb7t ng\u00f4, cho ph\u00e9p truy\u1ec1n l\u1ef1c hi\u1ec7u qu\u1ea3 trong qu\u00e1 tr\u00ecnh thu ho\u1ea1ch. Tr\u1ee5c PTO ph\u00f9 h\u1ee3p \u0111\u1ea3m b\u1ea3o v\u1eadn h\u00e0nh \u0111\u00e1ng tin c\u1eady, an to\u00e0n v\u00e0 hi\u1ec7u qu\u1ea3, g\u00f3p ph\u1ea7n n\u00e2ng cao n\u0103ng su\u1ea5t v\u00e0 gi\u1ea3m th\u1eddi gian ch\u1ebft trong qu\u00e1 tr\u00ecnh thu ho\u1ea1ch.<\/p>\n<p><img loading=\"lazy\" decoding=\"async\" class=\"wp-image-3188 aligncenter\" src=\"https:\/\/fmp-components.com\/wp-content\/uploads\/2025\/01\/corn-header-gearbox-t304a-11.webp\" alt=\"h\u1ed9p s\u1ed1 m\u00e1y g\u1eb7t ng\u00f4 t304a-1(1)\" width=\"690\" height=\"690\" title=\"\" srcset=\"https:\/\/fmp-components.com\/wp-content\/uploads\/2025\/01\/corn-header-gearbox-t304a-11.webp 300w, https:\/\/fmp-components.com\/wp-content\/uploads\/2025\/01\/corn-header-gearbox-t304a-11-150x150.webp 150w, https:\/\/fmp-components.com\/wp-content\/uploads\/2025\/01\/corn-header-gearbox-t304a-11-12x12.webp 12w, https:\/\/fmp-components.com\/wp-content\/uploads\/2025\/01\/corn-header-gearbox-t304a-11-100x100.webp 100w\" sizes=\"(max-width: 690px) 100vw, 690px\" \/><\/p>\n<h3>Gi\u1edbi thi\u1ec7u v\u1ec1 FMP<\/h3>\n<p>C\u00f3 tr\u1ee5 s\u1edf ch\u00ednh t\u1ea1i \u00dd, FMP l\u00e0 nh\u00e0 s\u1ea3n xu\u1ea5t h\u00e0ng \u0111\u1ea7u, \u0111\u01b0\u1ee3c c\u00f4ng nh\u1eadn v\u1ec1 chuy\u00ean m\u00f4n trong thi\u1ebft k\u1ebf, ph\u00e1t tri\u1ec3n v\u00e0 s\u1ea3n xu\u1ea5t h\u1ed9p s\u1ed1 hi\u1ec7u su\u1ea5t cao, t\u1eadp trung ch\u1ee7 y\u1ebfu v\u00e0o l\u0129nh v\u1ef1c m\u00e1y m\u00f3c n\u00f4ng nghi\u1ec7p. N\u1ed5i ti\u1ebfng v\u1edbi k\u1ef9 thu\u1eadt ch\u00ednh x\u00e1c, gi\u1ea3i ph\u00e1p ti\u00ean ti\u1ebfn v\u00e0 \u0111\u1ed9 tin c\u1eady \u1ed5n \u0111\u1ecbnh, FMP \u0111\u00e3 t\u1ea1o d\u1ef1ng \u0111\u01b0\u1ee3c danh ti\u1ebfng v\u1eefng ch\u1eafc l\u00e0 \u0111\u1ed1i t\u00e1c \u0111\u00e1ng tin c\u1eady trong c\u1ea3 th\u1ecb tr\u01b0\u1eddng n\u00f4ng nghi\u1ec7p v\u00e0 c\u00f4ng nghi\u1ec7p. Danh m\u1ee5c s\u1ea3n ph\u1ea9m \u0111a d\u1ea1ng c\u1ee7a ch\u00fang t\u00f4i bao g\u1ed3m h\u1ed9p s\u1ed1 \u0111\u01b0\u1ee3c thi\u1ebft k\u1ebf ri\u00eang cho m\u00e1y c\u1eaft c\u1ecf, tr\u1ee5c PTO v\u00e0 nhi\u1ec1u linh ki\u1ec7n quan tr\u1ecdng kh\u00e1c, m\u1ed7i linh ki\u1ec7n \u0111\u1ec1u \u0111\u01b0\u1ee3c thi\u1ebft k\u1ebf t\u1ec9 m\u1ec9 \u0111\u1ec3 \u0111\u00e1p \u1ee9ng nhu c\u1ea7u c\u1ee5 th\u1ec3 c\u1ee7a nhi\u1ec1u \u1ee9ng d\u1ee5ng kh\u00e1c nhau.<\/p>\n<p>T\u1ea1i FMP, ch\u00fang t\u00f4i hi\u1ec3u r\u1eb1ng m\u1ed7i kh\u00e1ch h\u00e0ng \u0111\u1ec1u ph\u1ea3i \u0111\u1ed1i m\u1eb7t v\u1edbi nh\u1eefng th\u00e1ch th\u1ee9c ri\u00eang. S\u1ef1 th\u1ea5u hi\u1ec3u n\u00e0y th\u00fac \u0111\u1ea9y cam k\u1ebft c\u1ee7a ch\u00fang t\u00f4i trong vi\u1ec7c cung c\u1ea5p c\u00e1c gi\u1ea3i ph\u00e1p ph\u00f9 h\u1ee3p, d\u00f9 l\u00e0 cho t\u1eebng th\u00e0nh ph\u1ea7n ri\u00eang l\u1ebb hay to\u00e0n b\u1ed9 h\u1ec7 th\u1ed1ng t\u00edch h\u1ee3p. B\u1eb1ng c\u00e1ch h\u1ee3p t\u00e1c ch\u1eb7t ch\u1ebd v\u1edbi kh\u00e1ch h\u00e0ng, ch\u00fang t\u00f4i \u0111\u1ea3m b\u1ea3o r\u1eb1ng m\u1ed7i gi\u1ea3i ph\u00e1p kh\u00f4ng ch\u1ec9 \u0111\u00e1p \u1ee9ng nhu c\u1ea7u c\u1ee5 th\u1ec3 c\u1ee7a h\u1ecd m\u00e0 c\u00f2n t\u1ed1i \u01b0u h\u00f3a hi\u1ec7u su\u1ea5t v\u00e0 t\u1ed1i \u0111a h\u00f3a gi\u00e1 tr\u1ecb. S\u1ef1 t\u1eadn t\u00e2m c\u1ee7a ch\u00fang t\u00f4i trong vi\u1ec7c ph\u1ea3n h\u1ed3i chuy\u00ean nghi\u1ec7p, k\u1ecbp th\u1eddi v\u00e0 h\u01b0\u1edbng d\u1eabn chuy\u00ean m\u00f4n \u0111\u1ea3m b\u1ea3o r\u1eb1ng m\u1ecdi y\u00eau c\u1ea7u \u0111\u1ec1u \u0111\u01b0\u1ee3c x\u1eed l\u00fd ch\u00ednh x\u00e1c, lu\u00f4n mang l\u1ea1i k\u1ebft qu\u1ea3 t\u1ed1i \u01b0u.<\/p>\n<p>Ch\u00fang t\u00f4i \u0111\u1eb7c bi\u1ec7t ch\u00fa tr\u1ecdng v\u00e0o vi\u1ec7c giao ti\u1ebfp minh b\u1ea1ch v\u00e0 li\u00ean t\u1ee5c trong su\u1ed1t chu tr\u00ecnh ph\u00e1t tri\u1ec3n s\u1ea3n ph\u1ea9m. \u0110\u1ed9i ng\u0169 t\u1eadn t\u00e2m c\u1ee7a ch\u00fang t\u00f4i h\u1ee3p t\u00e1c ch\u1eb7t ch\u1ebd v\u1edbi kh\u00e1ch h\u00e0ng \u0111\u1ec3 hi\u1ec3u r\u00f5 y\u00eau c\u1ea7u c\u1ee7a h\u1ecd v\u00e0 cung c\u1ea5p nh\u1eefng hi\u1ec3u bi\u1ebft s\u00e2u s\u1eafc c\u00f9ng c\u00e1c khuy\u1ebfn ngh\u1ecb gi\u00e1 tr\u1ecb nh\u1eb1m \u0111\u1ea1t \u0111\u01b0\u1ee3c k\u1ebft qu\u1ea3 t\u1ed1t nh\u1ea5t. D\u00f9 l\u00e0 thi\u1ebft k\u1ebf s\u1ea3n ph\u1ea9m ti\u00ean ti\u1ebfn hay th\u1ef1c hi\u1ec7n c\u00e1c \u0111\u01a1n h\u00e0ng th\u01b0\u1eddng xuy\u00ean, FMP lu\u00f4n cam k\u1ebft cung c\u1ea5p c\u00e1c gi\u1ea3i ph\u00e1p ch\u1ea5t l\u01b0\u1ee3ng cao, \u0111\u01b0\u1ee3c thi\u1ebft k\u1ebf ch\u00ednh x\u00e1c, \u0111\u00fang h\u1ea1n. M\u1ee5c ti\u00eau c\u1ee7a ch\u00fang t\u00f4i l\u00e0 v\u01b0\u1ee3t tr\u00ean c\u1ea3 s\u1ef1 mong \u0111\u1ee3i c\u1ee7a kh\u00e1ch h\u00e0ng, mang \u0111\u1ebfn d\u1ecbch v\u1ee5 v\u00e0 k\u1ebft qu\u1ea3 v\u01b0\u1ee3t tr\u1ed9i cho m\u1ecdi d\u1ef1 \u00e1n.<\/p>\n<p>C\u1ed1t l\u00f5i trong ho\u1ea1t \u0111\u1ed9ng c\u1ee7a FMP l\u00e0 cam k\u1ebft v\u1eefng ch\u1eafc v\u1ec1 ch\u1ea5t l\u01b0\u1ee3ng. Ch\u00fang t\u00f4i tu\u00e2n th\u1ee7 c\u00e1c ti\u00eau chu\u1ea9n s\u1ea3n xu\u1ea5t cao nh\u1ea5t v\u00e0 th\u1ef1c hi\u1ec7n c\u00e1c quy tr\u00ecnh ki\u1ec3m so\u00e1t ch\u1ea5t l\u01b0\u1ee3ng nghi\u00eam ng\u1eb7t \u0111\u1ec3 \u0111\u1ea3m b\u1ea3o m\u1ed7i s\u1ea3n ph\u1ea9m kh\u00f4ng ch\u1ec9 \u0111\u00e1p \u1ee9ng m\u00e0 c\u00f2n v\u01b0\u1ee3t xa c\u00e1c ti\u00eau chu\u1ea9n c\u1ee7a ng\u00e0nh. S\u1ef1 t\u1eadp trung ki\u00ean \u0111\u1ecbnh v\u00e0o s\u1ef1 xu\u1ea5t s\u1eafc, k\u1ebft h\u1ee3p v\u1edbi c\u00e1c gi\u00e1 tr\u1ecb c\u1ed1t l\u00f5i c\u1ee7a ch\u00fang t\u00f4i l\u00e0 ch\u00ednh tr\u1ef1c, tinh th\u1ea7n \u0111\u1ed3ng \u0111\u1ed9i v\u00e0 s\u1ef1 ki\u00ean tr\u00ec, \u0111\u00e3 gi\u00fap ch\u00fang t\u00f4i x\u00e2y d\u1ef1ng m\u1ed1i quan h\u1ec7 l\u00e2u d\u00e0i, d\u1ef1a tr\u00ean s\u1ef1 tin c\u1eady v\u1edbi kh\u00e1ch h\u00e0ng t\u1ea1i g\u1ea7n 30 qu\u1ed1c gia tr\u00ean to\u00e0n th\u1ebf gi\u1edbi.<\/p>\n<p>T\u1ea1i FMP, ch\u00fang t\u00f4i lu\u00f4n mong mu\u1ed1n th\u00fac \u0111\u1ea9y quan h\u1ec7 \u0111\u1ed1i t\u00e1c to\u00e0n c\u1ea7u b\u1eb1ng c\u00e1ch cung c\u1ea5p t\u01b0 v\u1ea5n chuy\u00ean m\u00f4n v\u00e0 c\u00e1c gi\u1ea3i ph\u00e1p t\u00f9y ch\u1ec9nh, \u0111\u00e1p \u1ee9ng nhu c\u1ea7u kh\u00f4ng ng\u1eebng thay \u0111\u1ed5i c\u1ee7a kh\u00e1ch h\u00e0ng. Ch\u00fang t\u00f4i n\u1ed7 l\u1ef1c x\u00e2y d\u1ef1ng m\u1ed1i quan h\u1ec7 l\u00e2u d\u00e0i, c\u00f9ng c\u00f3 l\u1ee3i, g\u00f3p ph\u1ea7n v\u00e0o th\u00e0nh c\u00f4ng c\u1ee7a m\u1ecdi d\u1ef1 \u00e1n. Cho d\u00f9 b\u1ea1n \u0111ang t\u00ecm ki\u1ebfm c\u00e1c gi\u1ea3i ph\u00e1p s\u00e1ng t\u1ea1o cho m\u1ed9t s\u00e1ng ki\u1ebfn \u200b\u200bm\u1edbi hay h\u1ed7 tr\u1ee3 li\u00ean t\u1ee5c cho m\u1ed9t h\u1ec7 th\u1ed1ng hi\u1ec7n c\u00f3, FMP lu\u00f4n s\u1eb5n s\u00e0ng gi\u00fap b\u1ea1n v\u01b0\u1ee3t qua nh\u1eefng th\u00e1ch th\u1ee9c k\u1ef9 thu\u1eadt v\u00e0 \u0111\u1ea3m b\u1ea3o th\u00e0nh c\u00f4ng li\u00ean t\u1ee5c c\u1ee7a b\u1ea1n.<\/p>\n<p><img loading=\"lazy\" decoding=\"async\" class=\"alignnone wp-image-2695\" src=\"https:\/\/fmp-components.com\/wp-content\/uploads\/2025\/01\/agricultural-gearbox3.webp\" alt=\"h\u1ed9p s\u1ed1 n\u00f4ng nghi\u1ec7p\" width=\"1140\" height=\"1138\" title=\"\" srcset=\"https:\/\/fmp-components.com\/wp-content\/uploads\/2025\/01\/agricultural-gearbox3.webp 1140w, https:\/\/fmp-components.com\/wp-content\/uploads\/2025\/01\/agricultural-gearbox3-480x479.webp 480w\" sizes=\"(min-width: 0px) and (max-width: 480px) 480px, (min-width: 481px) 1140px, 100vw\" \/><\/p>\n<p>T\u00e1c gi\u1ea3: CX<\/p>","protected":false},"excerpt":{"rendered":"<p>Specifications of Corn Header Gearbox T-304A Product details All gearboxes are supplied without oil. First oil change after 50-70 operating hours, then after 500-700 operating hours or at least once a year. Contact us for power at a different RPM. Application range Various (agricultural) applications Hole borer Consists of Gearbox Without oil Characteristics of Corn [&hellip;]<\/p>","protected":false},"featured_media":3186,"comment_status":"open","ping_status":"closed","template":"","meta":{"_et_pb_use_builder":"","_et_pb_old_content":"","_et_gb_content_width":""},"product_brand":[],"product_cat":[78],"product_tag":[],"class_list":{"0":"post-3185","1":"product","2":"type-product","3":"status-publish","4":"has-post-thumbnail","6":"product_cat-gearbox-for-agricultural-machinery","8":"first","9":"instock","10":"shipping-taxable","11":"product-type-simple"},"_links":{"self":[{"href":"https:\/\/fmp-components.com\/vi\/wp-json\/wp\/v2\/product\/3185","targetHints":{"allow":["GET"]}}],"collection":[{"href":"https:\/\/fmp-components.com\/vi\/wp-json\/wp\/v2\/product"}],"about":[{"href":"https:\/\/fmp-components.com\/vi\/wp-json\/wp\/v2\/types\/product"}],"replies":[{"embeddable":true,"href":"https:\/\/fmp-components.com\/vi\/wp-json\/wp\/v2\/comments?post=3185"}],"wp:featuredmedia":[{"embeddable":true,"href":"https:\/\/fmp-components.com\/vi\/wp-json\/wp\/v2\/media\/3186"}],"wp:attachment":[{"href":"https:\/\/fmp-components.com\/vi\/wp-json\/wp\/v2\/media?parent=3185"}],"wp:term":[{"taxonomy":"product_brand","embeddable":true,"href":"https:\/\/fmp-components.com\/vi\/wp-json\/wp\/v2\/product_brand?post=3185"},{"taxonomy":"product_cat","embeddable":true,"href":"https:\/\/fmp-components.com\/vi\/wp-json\/wp\/v2\/product_cat?post=3185"},{"taxonomy":"product_tag","embeddable":true,"href":"https:\/\/fmp-components.com\/vi\/wp-json\/wp\/v2\/product_tag?post=3185"}],"curies":[{"name":"wp","href":"https:\/\/api.w.org\/{rel}","templated":true}]}}