{"id":3170,"date":"2025-01-05T05:15:38","date_gmt":"2025-01-05T05:15:38","guid":{"rendered":"https:\/\/fmp-components.com\/?page_id=8"},"modified":"2025-01-05T05:39:04","modified_gmt":"2025-01-05T05:39:04","slug":"corn-headers-gearbox-replacement-of-comer-code-l170-b","status":"publish","type":"product","link":"https:\/\/fmp-components.com\/vi\/product\/corn-headers-gearbox-replacement-of-comer-code-l170-b\/","title":{"rendered":"H\u1ed9p s\u1ed1 m\u00e1y g\u1eb7t ng\u00f4 - Thay th\u1ebf m\u00e3 g\u00f3c L170-B"},"content":{"rendered":"<table style=\"border-collapse: collapse; width: 98.8846%;\" border=\"0\" width=\"128\" cellspacing=\"0\" cellpadding=\"0\">\n<tbody>\n<tr style=\"height: 13.8pt;\">\n<td style=\"height: 13.8pt; width: 49.2308%;\" align=\"right\" width=\"64\" height=\"18\"><img loading=\"lazy\" decoding=\"async\" class=\"alignnone size-full wp-image-3171\" src=\"https:\/\/fmp-components.com\/wp-content\/uploads\/2025\/01\/corn-header-gearbox-1.webp\" alt=\"h\u1ed9p s\u1ed1 m\u00e1y g\u1eb7t ng\u00f4\" width=\"500\" height=\"500\" title=\"\" srcset=\"https:\/\/fmp-components.com\/wp-content\/uploads\/2025\/01\/corn-header-gearbox-1.webp 500w, https:\/\/fmp-components.com\/wp-content\/uploads\/2025\/01\/corn-header-gearbox-1-480x480.webp 480w\" sizes=\"(min-width: 0px) and (max-width: 480px) 480px, (min-width: 481px) 500px, 100vw\" \/><\/td>\n<td style=\"width: 646.923%;\" align=\"right\" width=\"64\"><img loading=\"lazy\" decoding=\"async\" class=\"alignnone size-full wp-image-3172\" src=\"https:\/\/fmp-components.com\/wp-content\/uploads\/2025\/01\/corn-header-gearbox-2.webp\" alt=\"h\u1ed9p s\u1ed1 m\u00e1y g\u1eb7t ng\u00f4\" width=\"500\" height=\"500\" title=\"\" srcset=\"https:\/\/fmp-components.com\/wp-content\/uploads\/2025\/01\/corn-header-gearbox-2.webp 500w, https:\/\/fmp-components.com\/wp-content\/uploads\/2025\/01\/corn-header-gearbox-2-480x480.webp 480w\" sizes=\"(min-width: 0px) and (max-width: 480px) 480px, (min-width: 481px) 500px, 100vw\" \/><\/td>\n<\/tr>\n<\/tbody>\n<\/table>\n<h2>Th\u00f4ng s\u1ed1 k\u1ef9 thu\u1eadt c\u1ee7a h\u1ed9p s\u1ed1 m\u00e1y g\u1eb7t ng\u00f4 <img loading=\"lazy\" decoding=\"async\" class=\"alignnone size-full wp-image-3174\" src=\"https:\/\/fmp-components.com\/wp-content\/uploads\/2025\/01\/corn-header-gearbox-L170b.webp\" alt=\"h\u1ed9p s\u1ed1 m\u00e1y g\u1eb7t ng\u00f4\" width=\"973\" height=\"575\" title=\"\" srcset=\"https:\/\/fmp-components.com\/wp-content\/uploads\/2025\/01\/corn-header-gearbox-L170b.webp 973w, https:\/\/fmp-components.com\/wp-content\/uploads\/2025\/01\/corn-header-gearbox-L170b-480x284.webp 480w\" sizes=\"(min-width: 0px) and (max-width: 480px) 480px, (min-width: 481px) 973px, 100vw\" \/><\/h2>\n<table style=\"border-collapse: collapse; width: 97.4772%; height: 118px;\" border=\"0\" width=\"128\" cellspacing=\"0\" cellpadding=\"0\">\n<tbody>\n<tr style=\"height: 13.8pt;\">\n<td style=\"height: 13.8pt; width: 42.7173%;\" align=\"right\" width=\"64\" height=\"18\">\n<h2><img loading=\"lazy\" decoding=\"async\" class=\"wp-image-3175 aligncenter\" src=\"https:\/\/fmp-components.com\/wp-content\/uploads\/2025\/01\/mounting.webp\" alt=\"h\u1ed9p s\u1ed1 m\u00e1y g\u1eb7t ng\u00f4\" width=\"362\" height=\"260\" title=\"\" srcset=\"https:\/\/fmp-components.com\/wp-content\/uploads\/2025\/01\/mounting.webp 184w, https:\/\/fmp-components.com\/wp-content\/uploads\/2025\/01\/mounting-18x12.webp 18w\" sizes=\"(max-width: 362px) 100vw, 362px\" \/><\/h2>\n<\/td>\n<td style=\"width: 55.3262%;\" align=\"right\" width=\"64\">\n<h2><img loading=\"lazy\" decoding=\"async\" class=\"wp-image-3176 aligncenter\" src=\"https:\/\/fmp-components.com\/wp-content\/uploads\/2025\/01\/replacement-of-comer-L170B.webp\" alt=\"h\u1ed9p s\u1ed1 m\u00e1y g\u1eb7t ng\u00f4\" width=\"431\" height=\"293\" title=\"\"><\/h2>\n<\/td>\n<\/tr>\n<\/tbody>\n<\/table>\n<h2><\/h2>\n<h2>C\u00e1c t\u00ednh n\u0103ng c\u1ee7a h\u1ed9p s\u1ed1 Corn Header<\/h2>\n<p>H\u1ed9p s\u1ed1 \u0111\u1ea7u phun ng\u00f4 l\u00e0 m\u1ed9t b\u1ed9 ph\u1eadn quan tr\u1ecdng trong m\u00e1y thu ho\u1ea1ch \u0111\u01b0\u1ee3c s\u1eed d\u1ee5ng \u0111\u1ec3 thu ho\u1ea1ch ng\u00f4 hi\u1ec7u qu\u1ea3. N\u00f3 cung c\u1ea5p c\u00f4ng su\u1ea5t v\u00e0 l\u1ee3i th\u1ebf c\u01a1 h\u1ecdc c\u1ea7n thi\u1ebft \u0111\u1ec3 v\u1eadn h\u00e0nh h\u1ec7 th\u1ed1ng \u0111\u1ea7u phun, \u0111\u1ea3m b\u1ea3o hi\u1ec7u su\u1ea5t v\u00e0 n\u0103ng su\u1ea5t t\u1ed1i \u01b0u. D\u01b0\u1edbi \u0111\u00e2y l\u00e0 m\u1ed9t s\u1ed1 t\u00ednh n\u0103ng ch\u00ednh c\u1ee7a h\u1ed9p s\u1ed1 \u0111\u1ea7u phun ng\u00f4:<\/p>\n<p><strong>1. Truy\u1ec1n \u0111\u1ed9ng m\u00f4-men xo\u1eafn cao<\/strong><\/p>\n<ul>\n<li>H\u1ed9p s\u1ed1 \u0111\u01b0\u1ee3c thi\u1ebft k\u1ebf \u0111\u1ec3 truy\u1ec1n m\u00f4-men xo\u1eafn cao t\u1eeb PTO c\u1ee7a m\u00e1y k\u00e9o \u0111\u1ebfn m\u00e1y g\u1eb7t ng\u00f4. \u0110i\u1ec1u n\u00e0y \u0111\u1ea3m b\u1ea3o c\u00e1c b\u1ed9 ph\u1eadn chuy\u1ec3n \u0111\u1ed9ng kh\u00e1c nhau c\u1ee7a m\u00e1y g\u1eb7t, ch\u1eb3ng h\u1ea1n nh\u01b0 x\u00edch thu gom v\u00e0 t\u1ea5m t\u00e1ch h\u1ea1t, ho\u1ea1t \u0111\u1ed9ng tr\u01a1n tru ngay c\u1ea3 trong \u0111i\u1ec1u ki\u1ec7n t\u1ea3i tr\u1ecdng n\u1eb7ng.<\/li>\n<\/ul>\n<p><strong>2. K\u1ef9 thu\u1eadt ch\u00ednh x\u00e1c<\/strong><\/p>\n<ul>\n<li>H\u1ed9p s\u1ed1 \u0111\u1ea7u c\u1eaft ng\u00f4 \u0111\u01b0\u1ee3c thi\u1ebft k\u1ebf ch\u00ednh x\u00e1c \u0111\u1ec3 \u0111\u1ea3m b\u1ea3o v\u1eadn h\u00e0nh tr\u01a1n tru v\u00e0 b\u1ec1n b\u1ec9. C\u00e1c b\u1ed9 ph\u1eadn \u0111\u01b0\u1ee3c thi\u1ebft k\u1ebf \u0111\u1ec3 gi\u1ea3m thi\u1ec3u hao m\u00f2n, \u0111\u1ea3m b\u1ea3o tu\u1ed5i th\u1ecd v\u00e0 hi\u1ec7u su\u1ea5t \u1ed5n \u0111\u1ecbnh.<\/li>\n<\/ul>\n<p><strong>3. \u0110\u1ed9 b\u1ec1n v\u00e0 s\u1ee9c m\u1ea1nh<\/strong><\/p>\n<ul>\n<li>C\u00e1c h\u1ed9p s\u1ed1 n\u00e0y \u0111\u01b0\u1ee3c ch\u1ebf t\u1ea1o \u0111\u1ec3 ch\u1ecbu \u0111\u01b0\u1ee3c \u0111i\u1ec1u ki\u1ec7n kh\u1eafc nghi\u1ec7t tr\u00ean \u0111\u1ed3ng ru\u1ed9ng, bao g\u1ed3m b\u1ee5i, \u0111\u1ed9 \u1ea9m v\u00e0 nhi\u1ec7t \u0111\u1ed9 kh\u1eafc nghi\u1ec7t. V\u1eadt li\u1ec7u ch\u1ea5t l\u01b0\u1ee3ng cao \u0111\u01b0\u1ee3c s\u1eed d\u1ee5ng \u0111\u1ec3 \u0111\u1ea3m b\u1ea3o h\u1ed9p s\u1ed1 c\u00f3 th\u1ec3 \u0111\u00e1p \u1ee9ng nhu c\u1ea7u s\u1eed d\u1ee5ng li\u00ean t\u1ee5c trong m\u00f9a thu ho\u1ea1ch.<\/li>\n<\/ul>\n<p><strong>4. Truy\u1ec1n t\u1ea3i \u0111i\u1ec7n n\u0103ng hi\u1ec7u qu\u1ea3<\/strong><\/p>\n<ul>\n<li>H\u1ed9p s\u1ed1 m\u00e1y g\u1eb7t ng\u00f4 \u0111\u01b0\u1ee3c thi\u1ebft k\u1ebf \u0111\u1ec3 truy\u1ec1n l\u1ef1c hi\u1ec7u qu\u1ea3 t\u1eeb tr\u1ee5c PTO c\u1ee7a m\u00e1y k\u00e9o \u0111\u1ebfn c\u00e1c b\u1ed9 ph\u1eadn c\u1ee7a m\u00e1y g\u1eb7t, gi\u1ea3m thi\u1ec3u th\u1ea5t tho\u00e1t n\u0103ng l\u01b0\u1ee3ng v\u00e0 n\u00e2ng cao hi\u1ec7u qu\u1ea3 c\u1ee7a qu\u00e1 tr\u00ecnh thu ho\u1ea1ch.<\/li>\n<\/ul>\n<p><strong>5. Thi\u1ebft k\u1ebf nh\u1ecf g\u1ecdn v\u00e0 ch\u1eafc ch\u1eafn<\/strong><\/p>\n<ul>\n<li>H\u1ed9p s\u1ed1 th\u01b0\u1eddng nh\u1ecf g\u1ecdn, d\u1ec5 d\u00e0ng t\u00edch h\u1ee3p v\u00e0o h\u1ec7 th\u1ed1ng \u1ed1ng g\u00f3p m\u00e0 kh\u00f4ng l\u00e0m t\u0103ng th\u00eam tr\u1ecdng l\u01b0\u1ee3ng hay k\u00edch th\u01b0\u1edbc. Thi\u1ebft k\u1ebf ch\u1eafc ch\u1eafn \u0111\u1ea3m b\u1ea3o h\u1ed9p s\u1ed1 c\u00f3 th\u1ec3 ch\u1ecbu \u0111\u01b0\u1ee3c s\u1ef1 hao m\u00f2n li\u00ean t\u1ee5c trong qu\u00e1 tr\u00ecnh s\u1eed d\u1ee5ng n\u00f4ng nghi\u1ec7p.<\/li>\n<\/ul>\n<p>T\u00f3m l\u1ea1i, h\u1ed9p s\u1ed1 thu ho\u1ea1ch ng\u00f4 \u0111\u01b0\u1ee3c thi\u1ebft k\u1ebf \u0111\u1ec3 cung c\u1ea5p c\u00f4ng su\u1ea5t, \u0111\u1ed9 ch\u00ednh x\u00e1c v\u00e0 \u0111\u1ed9 b\u1ec1n trong \u0111i\u1ec1u ki\u1ec7n kh\u1eafc nghi\u1ec7t, n\u00e2ng cao hi\u1ec7u qu\u1ea3 v\u00e0 \u0111\u1ed9 tin c\u1eady t\u1ed5ng th\u1ec3 c\u1ee7a qu\u00e1 tr\u00ecnh thu ho\u1ea1ch ng\u00f4.<\/p>\n<p><img loading=\"lazy\" decoding=\"async\" class=\"alignnone size-full wp-image-3177\" src=\"https:\/\/fmp-components.com\/wp-content\/uploads\/2025\/01\/Agricultural-Lawnmower-Gearbox-Production-Workshop.webp\" alt=\"h\u1ed9p s\u1ed1 m\u00e1y g\u1eb7t ng\u00f4\" width=\"1200\" height=\"620\" title=\"\" srcset=\"https:\/\/fmp-components.com\/wp-content\/uploads\/2025\/01\/Agricultural-Lawnmower-Gearbox-Production-Workshop.webp 1200w, https:\/\/fmp-components.com\/wp-content\/uploads\/2025\/01\/Agricultural-Lawnmower-Gearbox-Production-Workshop-980x506.webp 980w, https:\/\/fmp-components.com\/wp-content\/uploads\/2025\/01\/Agricultural-Lawnmower-Gearbox-Production-Workshop-480x248.webp 480w\" sizes=\"(min-width: 0px) and (max-width: 480px) 480px, (min-width: 481px) and (max-width: 980px) 980px, (min-width: 981px) 1200px, 100vw\" \/><\/p>\n<h2 data-pm-slice=\"1 1 []\">Tr\u1ee5c PTO cho h\u1ed9p s\u1ed1 m\u00e1y g\u1eb7t ng\u00f4<\/h2>\n<p>Tr\u1ee5c PTO (Tr\u1ee5c truy\u1ec1n l\u1ef1c) l\u00e0 m\u1ed9t b\u1ed9 ph\u1eadn thi\u1ebft y\u1ebfu trong vi\u1ec7c k\u1ebft n\u1ed1i h\u1ec7 th\u1ed1ng truy\u1ec1n \u0111\u1ed9ng c\u1ee7a m\u00e1y k\u00e9o v\u1edbi h\u1ed9p s\u1ed1 m\u00e1y g\u1eb7t ng\u00f4. N\u00f3 truy\u1ec1n c\u00f4ng su\u1ea5t c\u01a1 h\u1ecdc t\u1eeb \u0111\u1ed9ng c\u01a1 m\u00e1y k\u00e9o \u0111\u1ebfn h\u1ed9p s\u1ed1, cho ph\u00e9p c\u00e1c c\u01a1 c\u1ea5u kh\u00e1c nhau c\u1ee7a m\u00e1y g\u1eb7t ng\u00f4 ho\u1ea1t \u0111\u1ed9ng hi\u1ec7u qu\u1ea3 trong qu\u00e1 tr\u00ecnh thu ho\u1ea1ch. D\u01b0\u1edbi \u0111\u00e2y l\u00e0 nh\u1eefng \u0111\u1eb7c \u0111i\u1ec3m ch\u00ednh c\u1ee7a tr\u1ee5c PTO cho h\u1ed9p s\u1ed1 m\u00e1y g\u1eb7t ng\u00f4:<\/p>\n<p>1. <strong>Truy\u1ec1n t\u1ea3i \u0111i\u1ec7n<\/strong><\/p>\n<ul>\n<li>Tr\u1ee5c PTO \u0111\u01b0\u1ee3c thi\u1ebft k\u1ebf \u0111\u1ec3 truy\u1ec1n l\u1ef1c c\u01a1 h\u1ecdc t\u1eeb PTO c\u1ee7a m\u00e1y k\u00e9o \u0111\u1ebfn h\u1ed9p s\u1ed1 c\u1ee7a m\u00e1y g\u1eb7t ng\u00f4. L\u1ef1c n\u00e0y sau \u0111\u00f3 \u0111\u01b0\u1ee3c ph\u00e2n ph\u1ed1i \u0111\u1ebfn c\u00e1c b\u1ed9 ph\u1eadn c\u1ee7a m\u00e1y g\u1eb7t nh\u01b0 x\u00edch thu gom, tr\u1ee5c v\u00edt v\u00e0 c\u00e1c b\u1ed9 ph\u1eadn chuy\u1ec3n \u0111\u1ed9ng kh\u00e1c h\u1ed7 tr\u1ee3 vi\u1ec7c thu ho\u1ea1ch ng\u00f4.<\/li>\n<\/ul>\n<p>2. <strong>Kh\u1ea3 n\u0103ng m\u00f4-men xo\u1eafn cao<\/strong><\/p>\n<ul>\n<li>Tr\u1ee5c PTO cho h\u1ed9p s\u1ed1 m\u00e1y g\u1eb7t ng\u00f4 \u0111\u01b0\u1ee3c ch\u1ebf t\u1ea1o \u0111\u1ec3 ch\u1ecbu \u0111\u01b0\u1ee3c t\u1ea3i tr\u1ecdng m\u00f4-men xo\u1eafn cao. Thu ho\u1ea1ch ng\u00f4 l\u00e0 m\u1ed9t ho\u1ea1t \u0111\u1ed9ng c\u01b0\u1eddng \u0111\u1ed9 cao, v\u00ec v\u1eady tr\u1ee5c PTO c\u1ea7n ph\u1ea3i ch\u1ecbu \u0111\u01b0\u1ee3c c\u00f4ng su\u1ea5t l\u1edbn m\u00e0 kh\u00f4ng b\u1ecb h\u1ecfng. Tr\u1ee5c \u0111\u01b0\u1ee3c l\u00e0m t\u1eeb v\u1eadt li\u1ec7u c\u01b0\u1eddng \u0111\u1ed9 cao \u0111\u1ec3 \u0111\u1ea3m b\u1ea3o truy\u1ec1n l\u1ef1c hi\u1ec7u qu\u1ea3 ngay c\u1ea3 khi ch\u1ecbu t\u1ea3i n\u1eb7ng.<\/li>\n<\/ul>\n<p><strong>3. Thi\u1ebft k\u1ebf kh\u1edbp n\u1ed1i v\u1ea1n n\u0103ng<\/strong><\/p>\n<ul>\n<li>Tr\u1ee5c PTO \u0111\u01b0\u1ee3c trang b\u1ecb <strong>kh\u1edbp n\u1ed1i v\u1ea1n n\u0103ng<\/strong> \u1edf c\u1ea3 hai \u0111\u1ea7u, cho ph\u00e9p truy\u1ec1n l\u1ef1c ngay c\u1ea3 khi c\u00f3 m\u1ed9t g\u00f3c nh\u1ecf ho\u1eb7c \u0111\u1ed9 l\u1ec7ch gi\u1eefa \u0111\u1ea7u ra PTO c\u1ee7a m\u00e1y k\u00e9o v\u00e0 h\u1ed9p s\u1ed1 m\u00e1y g\u1eb7t ng\u00f4. T\u00ednh linh ho\u1ea1t n\u00e0y \u0111\u1ea3m b\u1ea3o ho\u1ea1t \u0111\u1ed9ng tr\u01a1n tru v\u00e0 kh\u00f4ng b\u1ecb gi\u00e1n \u0111o\u1ea1n, \u0111\u1ed3ng th\u1eddi gi\u1ea3m thi\u1ec3u nguy c\u01a1 hao m\u00f2n.<\/li>\n<\/ul>\n<p><strong>4. \u0110\u1ed9 b\u1ec1n v\u00e0 tu\u1ed5i th\u1ecd<\/strong><\/p>\n<ul>\n<li>C\u00e1c tr\u1ee5c PTO n\u00e0y \u0111\u01b0\u1ee3c thi\u1ebft k\u1ebf ch\u1eafc ch\u1eafn v\u00e0 b\u1ec1n b\u1ec9, v\u00ec ch\u00fang ph\u1ea3i ch\u1ecbu t\u00e1c \u0111\u1ed9ng c\u1ee7a c\u00e1c \u0111i\u1ec1u ki\u1ec7n kh\u1eafc nghi\u1ec7t tr\u00ean th\u1ef1c \u0111\u1ecba nh\u01b0 b\u1ee5i b\u1ea9n, \u0111\u1ed9 \u1ea9m v\u00e0 \u1ee9ng su\u1ea5t c\u01a1 h\u1ecdc. Tr\u1ee5c \u0111\u01b0\u1ee3c l\u00e0m t\u1eeb th\u00e9p ch\u1ea5t l\u01b0\u1ee3ng cao v\u00e0 th\u01b0\u1eddng \u0111\u01b0\u1ee3c ph\u1ee7 l\u1edbp ch\u1ed1ng \u0103n m\u00f2n \u0111\u1ec3 k\u00e9o d\u00e0i tu\u1ed5i th\u1ecd.<\/li>\n<\/ul>\n<p><strong>5. Chi\u1ec1u d\u00e0i c\u00f3 th\u1ec3 \u0111i\u1ec1u ch\u1ec9nh<\/strong><\/p>\n<ul>\n<li>Tr\u1ee5c PTO c\u00f3 th\u1ec3 \u0111i\u1ec1u ch\u1ec9nh \u0111\u1ed9 d\u00e0i \u0111\u1ec3 ph\u00f9 h\u1ee3p v\u1edbi c\u00e1c k\u00edch th\u01b0\u1edbc v\u00e0 c\u1ea5u h\u00ecnh thi\u1ebft b\u1ecb kh\u00e1c nhau. Kh\u1ea3 n\u0103ng \u0111i\u1ec1u ch\u1ec9nh n\u00e0y \u0111\u1eb7c bi\u1ec7t h\u1eefu \u00edch khi g\u1eafn tr\u1ee5c PTO t\u1eeb m\u00e1y k\u00e9o v\u00e0o nhi\u1ec1u ki\u1ec3u m\u00e1y g\u1eb7t ng\u00f4 kh\u00e1c nhau, v\u00ec chi\u1ec1u d\u00e0i k\u1ebft n\u1ed1i c\u00f3 th\u1ec3 kh\u00e1c nhau.<\/li>\n<\/ul>\n<p>Tr\u1ee5c PTO cho h\u1ed9p s\u1ed1 m\u00e1y g\u1eb7t ng\u00f4 l\u00e0 b\u1ed9 ph\u1eadn quan tr\u1ecdng gi\u00fap truy\u1ec1n l\u1ef1c hi\u1ec7u qu\u1ea3 t\u1eeb m\u00e1y k\u00e9o \u0111\u1ebfn m\u00e1y g\u1eb7t. Ch\u00fang \u0111\u01b0\u1ee3c thi\u1ebft k\u1ebf b\u1ec1n b\u1ec9, an to\u00e0n v\u00e0 linh ho\u1ea1t, \u0111\u1ea3m b\u1ea3o hi\u1ec7u su\u1ea5t \u0111\u00e1ng tin c\u1eady v\u00e0 gi\u1ea3m th\u1eddi gian ch\u1ebft m\u00e1y trong \u0111i\u1ec1u ki\u1ec7n \u0111\u1ed3ng ru\u1ed9ng kh\u1eafc nghi\u1ec7t.<\/p>\n<h3>Gi\u1edbi thi\u1ec7u v\u1ec1 FMP<\/h3>\n<p>C\u00f3 tr\u1ee5 s\u1edf ch\u00ednh t\u1ea1i \u00dd, FMP l\u00e0 nh\u00e0 s\u1ea3n xu\u1ea5t h\u00e0ng \u0111\u1ea7u, n\u1ed5i ti\u1ebfng v\u1edbi chuy\u00ean m\u00f4n trong thi\u1ebft k\u1ebf, ph\u00e1t tri\u1ec3n v\u00e0 s\u1ea3n xu\u1ea5t h\u1ed9p s\u1ed1 hi\u1ec7u su\u1ea5t cao, t\u1eadp trung ch\u1ee7 y\u1ebfu v\u00e0o m\u00e1y m\u00f3c n\u00f4ng nghi\u1ec7p. V\u1edbi k\u1ef9 thu\u1eadt ch\u00ednh x\u00e1c, gi\u1ea3i ph\u00e1p ti\u00ean ti\u1ebfn v\u00e0 \u0111\u1ed9 tin c\u1eady tuy\u1ec7t \u0111\u1ed1i, FMP \u0111\u00e3 t\u1ea1o d\u1ef1ng \u0111\u01b0\u1ee3c danh ti\u1ebfng \u0111\u00e1ng tin c\u1eady trong c\u1ea3 l\u0129nh v\u1ef1c n\u00f4ng nghi\u1ec7p v\u00e0 c\u00f4ng nghi\u1ec7p. Danh m\u1ee5c s\u1ea3n ph\u1ea9m phong ph\u00fa c\u1ee7a ch\u00fang t\u00f4i bao g\u1ed3m h\u1ed9p s\u1ed1 \u0111\u01b0\u1ee3c thi\u1ebft k\u1ebf ri\u00eang cho m\u00e1y c\u1eaft c\u1ecf, tr\u1ee5c PTO v\u00e0 nhi\u1ec1u linh ki\u1ec7n thi\u1ebft y\u1ebfu kh\u00e1c, t\u1ea5t c\u1ea3 \u0111\u1ec1u \u0111\u01b0\u1ee3c thi\u1ebft k\u1ebf c\u1ea9n th\u1eadn \u0111\u1ec3 \u0111\u00e1p \u1ee9ng nhu c\u1ea7u c\u1ee5 th\u1ec3 c\u1ee7a nhi\u1ec1u \u1ee9ng d\u1ee5ng kh\u00e1c nhau.<\/p>\n<p>T\u1ea1i FMP, ch\u00fang t\u00f4i hi\u1ec3u r\u1eb1ng m\u1ed7i kh\u00e1ch h\u00e0ng \u0111\u1ec1u ph\u1ea3i \u0111\u1ed1i m\u1eb7t v\u1edbi nh\u1eefng th\u00e1ch th\u1ee9c ri\u00eang. \u0110\u00f3 l\u00e0 l\u00fd do t\u1ea1i sao ch\u00fang t\u00f4i chuy\u00ean cung c\u1ea5p c\u00e1c gi\u1ea3i ph\u00e1p \u0111\u01b0\u1ee3c thi\u1ebft k\u1ebf ri\u00eang, d\u00f9 l\u00e0 cho t\u1eebng th\u00e0nh ph\u1ea7n ri\u00eang l\u1ebb hay h\u1ec7 th\u1ed1ng t\u00edch h\u1ee3p ho\u00e0n ch\u1ec9nh. B\u1eb1ng c\u00e1ch h\u1ee3p t\u00e1c ch\u1eb7t ch\u1ebd v\u1edbi kh\u00e1ch h\u00e0ng, ch\u00fang t\u00f4i \u0111\u1ea3m b\u1ea3o r\u1eb1ng m\u1ed7i gi\u1ea3i ph\u00e1p kh\u00f4ng ch\u1ec9 \u0111\u00e1p \u1ee9ng nhu c\u1ea7u c\u1ee7a h\u1ecd m\u00e0 c\u00f2n n\u00e2ng cao hi\u1ec7u su\u1ea5t v\u00e0 t\u1ed1i \u0111a h\u00f3a gi\u00e1 tr\u1ecb. Cam k\u1ebft c\u1ee7a ch\u00fang t\u00f4i trong vi\u1ec7c cung c\u1ea5p ph\u1ea3n h\u1ed3i chuy\u00ean nghi\u1ec7p, k\u1ecbp th\u1eddi v\u00e0 h\u01b0\u1edbng d\u1eabn chuy\u00ean m\u00f4n \u0111\u1ea3m b\u1ea3o m\u1ecdi y\u00eau c\u1ea7u \u0111\u1ec1u \u0111\u01b0\u1ee3c x\u1eed l\u00fd ch\u00ednh x\u00e1c, lu\u00f4n mang l\u1ea1i k\u1ebft qu\u1ea3 t\u1ed1i \u01b0u.<\/p>\n<p>Ch\u00fang t\u00f4i nh\u1ea5n m\u1ea1nh vi\u1ec7c giao ti\u1ebfp r\u00f5 r\u00e0ng v\u00e0 li\u00ean t\u1ee5c trong su\u1ed1t chu tr\u00ecnh ph\u00e1t tri\u1ec3n s\u1ea3n ph\u1ea9m. \u0110\u1ed9i ng\u0169 t\u1eadn t\u00e2m c\u1ee7a ch\u00fang t\u00f4i h\u1ee3p t\u00e1c ch\u1eb7t ch\u1ebd v\u1edbi kh\u00e1ch h\u00e0ng \u0111\u1ec3 hi\u1ec3u r\u00f5 y\u00eau c\u1ea7u c\u1ee7a h\u1ecd v\u00e0 \u0111\u01b0a ra nh\u1eefng hi\u1ec3u bi\u1ebft s\u00e2u s\u1eafc c\u00f9ng c\u00e1c khuy\u1ebfn ngh\u1ecb gi\u00e1 tr\u1ecb nh\u1eb1m \u0111\u1ea1t \u0111\u01b0\u1ee3c k\u1ebft qu\u1ea3 t\u1ed1t nh\u1ea5t c\u00f3 th\u1ec3. D\u00f9 l\u00e0 thi\u1ebft k\u1ebf s\u1ea3n ph\u1ea9m ti\u00ean ti\u1ebfn hay th\u1ef1c hi\u1ec7n c\u00e1c \u0111\u01a1n h\u00e0ng th\u01b0\u1eddng xuy\u00ean, FMP cam k\u1ebft cung c\u1ea5p c\u00e1c gi\u1ea3i ph\u00e1p ch\u1ea5t l\u01b0\u1ee3ng cao, \u0111\u01b0\u1ee3c thi\u1ebft k\u1ebf ch\u00ednh x\u00e1c, \u0111\u00fang h\u1ea1n v\u00e0 nh\u1ea5t qu\u00e1n. M\u1ee5c ti\u00eau c\u1ee7a ch\u00fang t\u00f4i l\u00e0 lu\u00f4n v\u01b0\u1ee3t tr\u00ean mong \u0111\u1ee3i c\u1ee7a kh\u00e1ch h\u00e0ng, cung c\u1ea5p d\u1ecbch v\u1ee5 v\u00e0 k\u1ebft qu\u1ea3 v\u01b0\u1ee3t tr\u1ed9i trong m\u1ecdi d\u1ef1 \u00e1n.<\/p>\n<p>Ch\u1ea5t l\u01b0\u1ee3ng l\u00e0 n\u1ec1n t\u1ea3ng cho m\u1ecdi ho\u1ea1t \u0111\u1ed9ng c\u1ee7a ch\u00fang t\u00f4i t\u1ea1i FMP. Ch\u00fang t\u00f4i tu\u00e2n th\u1ee7 c\u00e1c ti\u00eau chu\u1ea9n s\u1ea3n xu\u1ea5t cao nh\u1ea5t v\u00e0 th\u1ef1c hi\u1ec7n c\u00e1c quy tr\u00ecnh ki\u1ec3m so\u00e1t ch\u1ea5t l\u01b0\u1ee3ng nghi\u00eam ng\u1eb7t \u0111\u1ec3 \u0111\u1ea3m b\u1ea3o m\u1ed7i s\u1ea3n ph\u1ea9m kh\u00f4ng ch\u1ec9 \u0111\u00e1p \u1ee9ng m\u00e0 c\u00f2n v\u01b0\u1ee3t xa c\u00e1c ti\u00eau chu\u1ea9n c\u1ee7a ng\u00e0nh. Cam k\u1ebft v\u1ec1 s\u1ef1 xu\u1ea5t s\u1eafc n\u00e0y, k\u1ebft h\u1ee3p v\u1edbi c\u00e1c gi\u00e1 tr\u1ecb c\u1ed1t l\u00f5i c\u1ee7a ch\u00fang t\u00f4i l\u00e0 ch\u00ednh tr\u1ef1c, tinh th\u1ea7n \u0111\u1ed3ng \u0111\u1ed9i v\u00e0 s\u1ef1 ki\u00ean tr\u00ec, \u0111\u00e3 cho ph\u00e9p ch\u00fang t\u00f4i x\u00e2y d\u1ef1ng m\u1ed1i quan h\u1ec7 l\u00e2u d\u00e0i, d\u1ef1a tr\u00ean s\u1ef1 tin c\u1eady v\u1edbi kh\u00e1ch h\u00e0ng t\u1ea1i g\u1ea7n 30 qu\u1ed1c gia tr\u00ean to\u00e0n th\u1ebf gi\u1edbi.<\/p>\n<p>FMP lu\u00f4n mong mu\u1ed1n x\u00e2y d\u1ef1ng quan h\u1ec7 \u0111\u1ed1i t\u00e1c to\u00e0n c\u1ea7u, cung c\u1ea5p t\u01b0 v\u1ea5n chuy\u00ean m\u00f4n v\u00e0 c\u00e1c gi\u1ea3i ph\u00e1p t\u00f9y ch\u1ec9nh, \u0111\u00e1p \u1ee9ng nhu c\u1ea7u ng\u00e0y c\u00e0ng \u0111a d\u1ea1ng c\u1ee7a kh\u00e1ch h\u00e0ng. Ch\u00fang t\u00f4i h\u01b0\u1edbng \u0111\u1ebfn vi\u1ec7c x\u00e2y d\u1ef1ng m\u1ed1i quan h\u1ec7 l\u00e2u d\u00e0i, c\u00f9ng c\u00f3 l\u1ee3i, g\u00f3p ph\u1ea7n v\u00e0o th\u00e0nh c\u00f4ng c\u1ee7a m\u1ecdi d\u1ef1 \u00e1n. Cho d\u00f9 b\u1ea1n \u0111ang t\u00ecm ki\u1ebfm c\u00e1c gi\u1ea3i ph\u00e1p s\u00e1ng t\u1ea1o cho m\u1ed9t s\u00e1ng ki\u1ebfn \u200b\u200bm\u1edbi hay c\u1ea7n h\u1ed7 tr\u1ee3 li\u00ean t\u1ee5c cho m\u1ed9t h\u1ec7 th\u1ed1ng hi\u1ec7n c\u00f3, FMP lu\u00f4n s\u1eb5n s\u00e0ng h\u1ed7 tr\u1ee3 b\u1ea1n v\u01b0\u1ee3t qua nh\u1eefng th\u00e1ch th\u1ee9c k\u1ef9 thu\u1eadt v\u00e0 \u0111\u1ea3m b\u1ea3o th\u00e0nh c\u00f4ng b\u1ec1n v\u1eefng.<\/p>\n<p><img loading=\"lazy\" decoding=\"async\" class=\"alignnone wp-image-2695\" src=\"https:\/\/fmp-components.com\/wp-content\/uploads\/2025\/01\/agricultural-gearbox3.webp\" alt=\"h\u1ed9p s\u1ed1 n\u00f4ng nghi\u1ec7p\" width=\"1140\" height=\"1138\" title=\"\" srcset=\"https:\/\/fmp-components.com\/wp-content\/uploads\/2025\/01\/agricultural-gearbox3.webp 1140w, https:\/\/fmp-components.com\/wp-content\/uploads\/2025\/01\/agricultural-gearbox3-480x479.webp 480w\" sizes=\"(min-width: 0px) and (max-width: 480px) 480px, (min-width: 481px) 1140px, 100vw\" \/><\/p>\n<p>T\u00e1c gi\u1ea3: CX<\/p>","protected":false},"excerpt":{"rendered":"<p>Specification of Corn Headers Gearbox Features of Corn Header Gearbox The corn header gearbox is a crucial component in the harvesting machinery used to efficiently harvest corn crops. It provides the necessary power and mechanical advantage to operate the header system, ensuring optimal performance and productivity. Here are some of the key features of a [&hellip;]<\/p>","protected":false},"featured_media":3173,"comment_status":"open","ping_status":"closed","template":"","meta":{"_et_pb_use_builder":"","_et_pb_old_content":"","_et_gb_content_width":""},"product_brand":[],"product_cat":[77],"product_tag":[],"class_list":{"0":"post-3170","1":"product","2":"type-product","3":"status-publish","4":"has-post-thumbnail","6":"product_cat-corn-headers-gearbox","8":"first","9":"instock","10":"shipping-taxable","11":"product-type-simple"},"_links":{"self":[{"href":"https:\/\/fmp-components.com\/vi\/wp-json\/wp\/v2\/product\/3170","targetHints":{"allow":["GET"]}}],"collection":[{"href":"https:\/\/fmp-components.com\/vi\/wp-json\/wp\/v2\/product"}],"about":[{"href":"https:\/\/fmp-components.com\/vi\/wp-json\/wp\/v2\/types\/product"}],"replies":[{"embeddable":true,"href":"https:\/\/fmp-components.com\/vi\/wp-json\/wp\/v2\/comments?post=3170"}],"wp:featuredmedia":[{"embeddable":true,"href":"https:\/\/fmp-components.com\/vi\/wp-json\/wp\/v2\/media\/3173"}],"wp:attachment":[{"href":"https:\/\/fmp-components.com\/vi\/wp-json\/wp\/v2\/media?parent=3170"}],"wp:term":[{"taxonomy":"product_brand","embeddable":true,"href":"https:\/\/fmp-components.com\/vi\/wp-json\/wp\/v2\/product_brand?post=3170"},{"taxonomy":"product_cat","embeddable":true,"href":"https:\/\/fmp-components.com\/vi\/wp-json\/wp\/v2\/product_cat?post=3170"},{"taxonomy":"product_tag","embeddable":true,"href":"https:\/\/fmp-components.com\/vi\/wp-json\/wp\/v2\/product_tag?post=3170"}],"curies":[{"name":"wp","href":"https:\/\/api.w.org\/{rel}","templated":true}]}}