{"id":3134,"date":"2025-01-05T02:56:27","date_gmt":"2025-01-05T02:56:27","guid":{"rendered":"https:\/\/fmp-components.com\/?page_id=8"},"modified":"2025-01-05T02:56:28","modified_gmt":"2025-01-05T02:56:28","slug":"agricultural-potato-harvester-gearbox-for-harvesting-potato","status":"publish","type":"product","link":"https:\/\/fmp-components.com\/vi\/product\/agricultural-potato-harvester-gearbox-for-harvesting-potato\/","title":{"rendered":"H\u1ed9p s\u1ed1 m\u00e1y thu ho\u1ea1ch khoai t\u00e2y n\u00f4ng nghi\u1ec7p \u0111\u1ec3 thu ho\u1ea1ch khoai t\u00e2y"},"content":{"rendered":"<p><img loading=\"lazy\" decoding=\"async\" class=\"alignnone size-full wp-image-3135\" src=\"https:\/\/fmp-components.com\/wp-content\/uploads\/2025\/01\/0_Potato-Harvester-Gearbox-6.webp\" alt=\"H\u1ed9p s\u1ed1 m\u00e1y g\u1eb7t khoai t\u00e2y\" width=\"1534\" height=\"1138\" title=\"\" srcset=\"https:\/\/fmp-components.com\/wp-content\/uploads\/2025\/01\/0_Potato-Harvester-Gearbox-6.webp 1534w, https:\/\/fmp-components.com\/wp-content\/uploads\/2025\/01\/0_Potato-Harvester-Gearbox-6-1280x950.webp 1280w, https:\/\/fmp-components.com\/wp-content\/uploads\/2025\/01\/0_Potato-Harvester-Gearbox-6-980x727.webp 980w, https:\/\/fmp-components.com\/wp-content\/uploads\/2025\/01\/0_Potato-Harvester-Gearbox-6-480x356.webp 480w\" sizes=\"(min-width: 0px) and (max-width: 480px) 480px, (min-width: 481px) and (max-width: 980px) 980px, (min-width: 981px) and (max-width: 1280px) 1280px, (min-width: 1281px) 1534px, 100vw\" \/><\/p>\n<h2>Th\u00f4ng s\u1ed1 k\u1ef9 thu\u1eadt s\u1ea3n ph\u1ea9m:<\/h2>\n<p>&nbsp;<\/p>\n<table border=\"1\" width=\"100%\" cellspacing=\"0\" cellpadding=\"0\">\n<tbody>\n<tr>\n<td width=\"193\">T\u00ean s\u1ea3n ph\u1ea9m<\/td>\n<td width=\"461\">H\u1ed9p s\u1ed1 m\u00e1y g\u1eb7t khoai t\u00e2y<\/td>\n<\/tr>\n<tr>\n<td>V\u1eadt li\u1ec7u<\/td>\n<td>S\u1eaft<\/td>\n<\/tr>\n<tr>\n<td>Ki\u1ec3u<\/td>\n<td>FMP-LLTC-14<\/td>\n<\/tr>\n<tr>\n<td>M\u00e0u s\u1eafc<\/td>\n<td>T\u00f9y ch\u1ec9nh<\/td>\n<\/tr>\n<tr>\n<td>C\u00f4ng su\u1ea5t \u0111\u1ecbnh m\u1ee9c<\/td>\n<td>15KW<\/td>\n<\/tr>\n<tr>\n<td>T\u1ef7 l\u1ec7<\/td>\n<td>1:3.92<\/td>\n<\/tr>\n<tr>\n<td>B\u1ea3o h\u00e0nh<\/td>\n<td>M\u1ed9t n\u0103m r\u01b0\u1ee1i<\/td>\n<\/tr>\n<tr>\n<td>\u0110\u00e3 s\u1eed d\u1ee5ng<\/td>\n<td>M\u00e1y g\u1eb7t khoai t\u00e2y<\/td>\n<\/tr>\n<\/tbody>\n<\/table>\n<h2>\u01afu \u0111i\u1ec3m c\u1ee7a h\u1ed9p s\u1ed1 m\u00e1y g\u1eb7t khoai t\u00e2y<\/h2>\n<p>H\u1ed9p s\u1ed1 m\u00e1y g\u1eb7t khoai t\u00e2y l\u00e0 m\u1ed9t b\u1ed9 ph\u1eadn quan tr\u1ecdng trong m\u00e1y m\u00f3c n\u00f4ng nghi\u1ec7p hi\u1ec7n \u0111\u1ea1i, mang l\u1ea1i nhi\u1ec1u l\u1ee3i \u00edch gi\u00fap n\u00e2ng cao hi\u1ec7u su\u1ea5t, hi\u1ec7u qu\u1ea3 v\u00e0 \u0111\u1ed9 b\u1ec1n c\u1ee7a ho\u1ea1t \u0111\u1ed9ng thu ho\u1ea1ch khoai t\u00e2y. D\u01b0\u1edbi \u0111\u00e2y l\u00e0 m\u1ed9t s\u1ed1 \u01b0u \u0111i\u1ec3m ch\u00ednh c\u1ee7a vi\u1ec7c s\u1eed d\u1ee5ng h\u1ed9p s\u1ed1 m\u00e1y g\u1eb7t khoai t\u00e2y:<\/p>\n<p><strong>1. Truy\u1ec1n t\u1ea3i \u0111i\u1ec7n \u0111\u01b0\u1ee3c t\u1ed1i \u01b0u h\u00f3a<\/strong><\/p>\n<ul>\n<li>H\u1ed9p s\u1ed1 m\u00e1y g\u1eb7t khoai t\u00e2y \u0111\u01b0\u1ee3c thi\u1ebft k\u1ebf \u0111\u1ec3 truy\u1ec1n l\u1ef1c hi\u1ec7u qu\u1ea3 t\u1eeb b\u1ed9 truy\u1ec1n \u0111\u1ed9ng PTO (B\u1ed9 truy\u1ec1n l\u1ef1c) c\u1ee7a m\u00e1y k\u00e9o \u0111\u1ebfn c\u00e1c b\u1ed9 ph\u1eadn kh\u00e1c nhau c\u1ee7a m\u00e1y g\u1eb7t. \u0110i\u1ec1u n\u00e0y \u0111\u1ea3m b\u1ea3o ho\u1ea1t \u0111\u1ed9ng tr\u01a1n tru v\u00e0 hi\u1ec7u su\u1ea5t \u1ed5n \u0111\u1ecbnh, \u0111\u1eb7c bi\u1ec7t khi x\u1eed l\u00fd t\u1ea3i tr\u1ecdng n\u1eb7ng trong \u0111i\u1ec1u ki\u1ec7n \u0111\u1ed3ng ru\u1ed9ng kh\u00f3 kh\u0103n.<\/li>\n<\/ul>\n<p><strong>2. \u0110\u1ed9 b\u1ec1n \u0111\u01b0\u1ee3c c\u1ea3i thi\u1ec7n<\/strong><\/p>\n<ul>\n<li>\u0110\u01b0\u1ee3c thi\u1ebft k\u1ebf \u0111\u1ec3 ch\u1ecbu \u0111\u01b0\u1ee3c m\u00f4i tr\u01b0\u1eddng n\u00f4ng nghi\u1ec7p kh\u1eafc nghi\u1ec7t, h\u1ed9p s\u1ed1 m\u00e1y g\u1eb7t khoai t\u00e2y \u0111\u01b0\u1ee3c thi\u1ebft k\u1ebf v\u1edbi \u0111\u1ed9 b\u1ec1n cao. Vi\u1ec7c s\u1eed d\u1ee5ng v\u1eadt li\u1ec7u c\u00f3 \u0111\u1ed9 b\u1ec1n cao v\u00e0 quy tr\u00ecnh s\u1ea3n xu\u1ea5t ch\u00ednh x\u00e1c \u0111\u1ea3m b\u1ea3o ch\u00fang c\u00f3 th\u1ec3 ch\u1ecbu \u0111\u01b0\u1ee3c \u00e1p l\u1ef1c v\u00e0 s\u1ee9c c\u0103ng khi v\u1eadn h\u00e0nh li\u00ean t\u1ee5c tr\u00ean \u0111\u1ed3ng ru\u1ed9ng, gi\u1ea3m nguy c\u01a1 h\u1ecfng h\u00f3c v\u00e0 t\u0103ng tu\u1ed5i th\u1ecd c\u1ee7a m\u00e1y.<\/li>\n<\/ul>\n<p><strong>3. \u0110\u1ed9 ch\u00ednh x\u00e1c v\u00e0 hi\u1ec7u qu\u1ea3<\/strong><\/p>\n<ul>\n<li>H\u1ed9p s\u1ed1 trong m\u00e1y thu ho\u1ea1ch khoai t\u00e2y \u0111\u01b0\u1ee3c thi\u1ebft k\u1ebf \u0111\u1ec3 ki\u1ec3m so\u00e1t ch\u00ednh x\u00e1c c\u00e1c c\u01a1 ch\u1ebf kh\u00e1c nhau li\u00ean quan \u0111\u1ebfn qu\u00e1 tr\u00ecnh thu ho\u1ea1ch, ch\u1eb3ng h\u1ea1n nh\u01b0 \u0111\u00e0o, t\u00e1ch v\u00e0 v\u1eadn chuy\u1ec3n khoai t\u00e2y. B\u1eb1ng c\u00e1ch t\u1ed1i \u01b0u h\u00f3a t\u1ed1c \u0111\u1ed9 quay v\u00e0 m\u00f4-men xo\u1eafn, h\u1ed9p s\u1ed1 gi\u00fap duy tr\u00ec ho\u1ea1t \u0111\u1ed9ng hi\u1ec7u qu\u1ea3, ng\u0103n ng\u1eeba th\u1ea5t tho\u00e1t v\u00e0 \u0111\u1ea3m b\u1ea3o khoai t\u00e2y \u0111\u01b0\u1ee3c thu ho\u1ea1ch v\u1edbi thi\u1ec7t h\u1ea1i t\u1ed1i thi\u1ec3u.<\/li>\n<\/ul>\n<p><strong>4. B\u1ea3o tr\u00ec ti\u1ebft ki\u1ec7m chi ph\u00ed<\/strong><\/p>\n<ul>\n<li>H\u1ed9p s\u1ed1 m\u00e1y g\u1eb7t khoai t\u00e2y \u0111\u01b0\u1ee3c thi\u1ebft k\u1ebf \u0111\u1ec3 d\u1ec5 b\u1ea3o tr\u00ec, gi\u00fap gi\u1ea3m t\u1ed5ng chi ph\u00ed v\u1eadn h\u00e0nh. V\u1edbi vi\u1ec7c ch\u0103m s\u00f3c v\u00e0 b\u1ea3o d\u01b0\u1ee1ng \u0111\u00fang c\u00e1ch, h\u1ed9p s\u1ed1 c\u00f3 th\u1ec3 ho\u1ea1t \u0111\u1ed9ng l\u00e2u h\u01a1n, do \u0111\u00f3 gi\u1ea3m nhu c\u1ea7u thay th\u1ebf th\u01b0\u1eddng xuy\u00ean. Thi\u1ebft k\u1ebf m\u00f4-\u0111un c\u1ee7a ch\u00fang c\u0169ng cho ph\u00e9p s\u1eeda ch\u1eefa d\u1ec5 d\u00e0ng h\u01a1n, gi\u00fap gi\u1ea3m thi\u1ec3u th\u1eddi gian ng\u1eebng ho\u1ea1t \u0111\u1ed9ng trong m\u00f9a thu ho\u1ea1ch.<\/li>\n<\/ul>\n<p><strong>5. T\u00ednh linh ho\u1ea1t v\u00e0 kh\u1ea3 n\u0103ng th\u00edch \u1ee9ng<\/strong><\/p>\n<ul>\n<li>Nhi\u1ec1u h\u1ed9p s\u1ed1 m\u00e1y g\u1eb7t khoai t\u00e2y \u0111\u01b0\u1ee3c thi\u1ebft k\u1ebf linh ho\u1ea1t, c\u00f3 kh\u1ea3 n\u0103ng th\u00edch \u1ee9ng v\u1edbi nhi\u1ec1u m\u1eabu m\u00e1y g\u1eb7t v\u00e0 \u0111i\u1ec1u ki\u1ec7n \u0111\u1ed3ng ru\u1ed9ng kh\u00e1c nhau. T\u00ednh linh ho\u1ea1t n\u00e0y \u0111\u1ea3m b\u1ea3o ch\u00fang c\u00f3 th\u1ec3 \u0111\u01b0\u1ee3c s\u1eed d\u1ee5ng trong nhi\u1ec1u ho\u1ea1t \u0111\u1ed9ng, mang l\u1ea1i gi\u00e1 tr\u1ecb cho n\u00f4ng d\u00e2n v\u1edbi nhi\u1ec1u nhu c\u1ea7u kh\u00e1c nhau.<\/li>\n<\/ul>\n<p>B\u1eb1ng c\u00e1ch l\u1ef1a ch\u1ecdn h\u1ed9p s\u1ed1 ch\u1ea5t l\u01b0\u1ee3ng cao cho m\u00e1y thu ho\u1ea1ch khoai t\u00e2y, n\u00f4ng d\u00e2n c\u00f3 th\u1ec3 t\u1ed1i \u0111a h\u00f3a n\u0103ng su\u1ea5t, gi\u1ea3m chi ph\u00ed v\u1eadn h\u00e0nh v\u00e0 \u0111\u1ea3m b\u1ea3o tu\u1ed5i th\u1ecd cho thi\u1ebft b\u1ecb. H\u1ed9p s\u1ed1 l\u00e0 b\u1ed9 ph\u1eadn thi\u1ebft y\u1ebfu \u0111\u1ea3m b\u1ea3o ho\u1ea1t \u0111\u1ed9ng tr\u01a1n tru v\u00e0 hi\u1ec7u qu\u1ea3 trong su\u1ed1t m\u00f9a thu ho\u1ea1ch.<\/p>\n<table style=\"border-collapse: collapse; width: 100.404%; height: 407px;\" border=\"0\" width=\"128\" cellspacing=\"0\" cellpadding=\"0\">\n<tbody>\n<tr style=\"height: 13.8pt;\">\n<td style=\"height: 13.8pt; width: 40.9032%;\" align=\"right\" width=\"64\" height=\"18\"><img loading=\"lazy\" decoding=\"async\" class=\"alignnone size-full wp-image-3137\" src=\"https:\/\/fmp-components.com\/wp-content\/uploads\/2025\/01\/0_Potato-Harvester-Gearbox-22.webp\" alt=\"H\u1ed9p s\u1ed1 m\u00e1y g\u1eb7t khoai t\u00e2y\" width=\"800\" height=\"800\" title=\"\" srcset=\"https:\/\/fmp-components.com\/wp-content\/uploads\/2025\/01\/0_Potato-Harvester-Gearbox-22.webp 800w, https:\/\/fmp-components.com\/wp-content\/uploads\/2025\/01\/0_Potato-Harvester-Gearbox-22-480x480.webp 480w\" sizes=\"(min-width: 0px) and (max-width: 480px) 480px, (min-width: 481px) 800px, 100vw\" \/><\/td>\n<td style=\"width: 58.9782%;\" align=\"right\" width=\"64\"><img loading=\"lazy\" decoding=\"async\" class=\"alignnone  wp-image-3136\" src=\"https:\/\/fmp-components.com\/wp-content\/uploads\/2025\/01\/0_Potato-Harvester-Gearbox-7.webp\" alt=\"H\u1ed9p s\u1ed1 m\u00e1y g\u1eb7t khoai t\u00e2y\" width=\"547\" height=\"376\" title=\"\" srcset=\"https:\/\/fmp-components.com\/wp-content\/uploads\/2025\/01\/0_Potato-Harvester-Gearbox-7.webp 547w, https:\/\/fmp-components.com\/wp-content\/uploads\/2025\/01\/0_Potato-Harvester-Gearbox-7-480x330.webp 480w\" sizes=\"(min-width: 0px) and (max-width: 480px) 480px, (min-width: 481px) 547px, 100vw\" \/><\/td>\n<\/tr>\n<\/tbody>\n<\/table>\n<h2>Nguy\u00ean l\u00fd ho\u1ea1t \u0111\u1ed9ng c\u1ee7a h\u1ed9p s\u1ed1 m\u00e1y g\u1eb7t khoai t\u00e2y d\u1eabn \u0111\u1ed9ng b\u1eb1ng PTO<\/h2>\n<p>H\u1ed9p s\u1ed1 m\u00e1y g\u1eb7t khoai t\u00e2y d\u1eabn \u0111\u1ed9ng b\u1eb1ng PTO \u0111\u00f3ng vai tr\u00f2 quan tr\u1ecdng trong vi\u1ec7c truy\u1ec1n t\u1ea3i hi\u1ec7u qu\u1ea3 c\u00f4ng su\u1ea5t t\u1eeb \u200b\u200bh\u1ec7 th\u1ed1ng tr\u00edch c\u00f4ng su\u1ea5t (PTO) c\u1ee7a m\u00e1y k\u00e9o \u0111\u1ebfn c\u00e1c c\u01a1 c\u1ea5u kh\u00e1c nhau li\u00ean quan \u0111\u1ebfn qu\u00e1 tr\u00ecnh thu ho\u1ea1ch khoai t\u00e2y. H\u1ed9p s\u1ed1 \u0111\u1ea3m b\u1ea3o hi\u1ec7u su\u1ea5t t\u1ed1i \u01b0u c\u1ee7a m\u00e1y g\u1eb7t b\u1eb1ng c\u00e1ch \u0111i\u1ec1u ch\u1ec9nh v\u00e0 ph\u00e2n ph\u1ed1i c\u00f4ng su\u1ea5t \u0111\u1ebfn c\u00e1c b\u1ed9 ph\u1eadn kh\u00e1c nhau c\u1ee7a m\u00e1y, cho ph\u00e9p v\u1eadn h\u00e0nh tr\u01a1n tru, hi\u1ec7u qu\u1ea3 v\u00e0 \u0111\u00e1ng tin c\u1eady. D\u01b0\u1edbi \u0111\u00e2y l\u00e0 t\u1ed5ng quan v\u1ec1 nguy\u00ean l\u00fd ho\u1ea1t \u0111\u1ed9ng c\u1ee7a h\u1ed9p s\u1ed1 m\u00e1y g\u1eb7t khoai t\u00e2y d\u1eabn \u0111\u1ed9ng b\u1eb1ng PTO:<\/p>\n<p><strong>1. Truy\u1ec1n l\u1ef1c t\u1eeb m\u00e1y k\u00e9o \u0111\u1ebfn h\u1ed9p s\u1ed1<\/strong><\/p>\n<ul>\n<li>Kh\u1edbp n\u1ed1i tr\u1ee5c PTO: Qu\u00e1 tr\u00ecnh b\u1eaft \u0111\u1ea7u b\u1eb1ng vi\u1ec7c truy\u1ec1n c\u00f4ng su\u1ea5t \u0111\u1ed9ng c\u01a1 m\u00e1y k\u00e9o qua tr\u1ee5c PTO. H\u1ec7 th\u1ed1ng PTO c\u1ee7a m\u00e1y k\u00e9o t\u1ea1o ra c\u00f4ng su\u1ea5t c\u01a1 h\u1ecdc (m\u00f4-men xo\u1eafn quay) v\u00e0 truy\u1ec1n qua tr\u1ee5c PTO \u0111\u01b0\u1ee3c k\u1ebft n\u1ed1i v\u1edbi h\u1ed9p s\u1ed1 c\u1ee7a m\u00e1y g\u1eb7t.<\/li>\n<li>\u0110\u1ea7u v\u00e0o quay: Khi \u0111\u1ed9ng c\u01a1 m\u00e1y k\u00e9o ho\u1ea1t \u0111\u1ed9ng, tr\u1ee5c PTO quay v\u1edbi t\u1ed1c \u0111\u1ed9 c\u00e0i \u0111\u1eb7t (th\u01b0\u1eddng kho\u1ea3ng 540 ho\u1eb7c 1000 v\u00f2ng\/ph\u00fat, t\u00f9y thu\u1ed9c v\u00e0o m\u00e1y k\u00e9o). L\u1ef1c quay n\u00e0y sau \u0111\u00f3 \u0111\u01b0\u1ee3c \u0111\u01b0a v\u00e0o h\u1ed9p s\u1ed1, n\u01a1i n\u00f3 \u0111\u01b0\u1ee3c x\u1eed l\u00fd v\u00e0 ph\u00e2n ph\u1ed1i l\u1ea1i cho c\u00e1c b\u1ed9 ph\u1eadn kh\u00e1c nhau c\u1ee7a m\u00e1y g\u1eb7t khoai t\u00e2y.<\/li>\n<\/ul>\n<p><strong>2. Ph\u00e2n ph\u1ed1i \u0111i\u1ec7n h\u1ed9p s\u1ed1<\/strong><\/p>\n<ul>\n<li>Gi\u1ea3m t\u1ed1c v\u00e0 Ki\u1ec3m so\u00e1t T\u1ed1c \u0111\u1ed9: Ch\u1ee9c n\u0103ng ch\u00ednh c\u1ee7a h\u1ed9p s\u1ed1 l\u00e0 gi\u1ea3m t\u1ed1c \u0111\u1ed9 quay c\u1ee7a PTO xu\u1ed1ng m\u1ee9c ph\u00f9 h\u1ee3p v\u1edbi c\u01a1 c\u1ea5u ho\u1ea1t \u0111\u1ed9ng c\u1ee7a m\u00e1y g\u1eb7t. PTO c\u1ee7a m\u00e1y k\u00e9o th\u01b0\u1eddng ho\u1ea1t \u0111\u1ed9ng \u1edf t\u1ed1c \u0111\u1ed9 cao h\u01a1n (v\u00ed d\u1ee5: 540 v\u00f2ng\/ph\u00fat), nh\u01b0ng c\u00e1c ch\u1ee9c n\u0103ng kh\u00e1c nhau c\u1ee7a m\u00e1y g\u1eb7t nh\u01b0 h\u1ec7 th\u1ed1ng \u0111\u00e0o, l\u00e0m s\u1ea1ch v\u00e0 b\u0103ng t\u1ea3i \u0111\u00f2i h\u1ecfi t\u1ed1c \u0111\u1ed9 th\u1ea5p h\u01a1n. H\u1ed9p s\u1ed1 s\u1eed d\u1ee5ng k\u1ebft h\u1ee3p c\u00e1c b\u00e1nh r\u0103ng (nh\u01b0 b\u00e1nh r\u0103ng h\u00e0nh tinh, b\u00e1nh r\u0103ng c\u00f4n ho\u1eb7c b\u00e1nh r\u0103ng xo\u1eafn) \u0111\u1ec3 gi\u1ea3m t\u1ed1c \u0111\u1ed9 \u0111\u1ea7u v\u00e0o v\u00e0 \u0111\u1ea3m b\u1ea3o m\u1ed7i b\u1ed9 ph\u1eadn ho\u1ea1t \u0111\u1ed9ng \u1edf \u0111\u00fang t\u1ed1c \u0111\u1ed9.<\/li>\n<li>Nh\u00e2n m\u00f4-men xo\u1eafn: Ngo\u00e0i vi\u1ec7c gi\u1ea3m t\u1ed1c \u0111\u1ed9, h\u1ed9p s\u1ed1 th\u01b0\u1eddng nh\u00e2n m\u00f4-men xo\u1eafn \u0111\u1ec3 cung c\u1ea5p c\u00f4ng su\u1ea5t c\u1ea7n thi\u1ebft cho vi\u1ec7c \u0111\u00e0o, n\u00e2ng v\u00e0 t\u00e1ch khoai t\u00e2y kh\u1ecfi \u0111\u1ea5t. M\u00f4-men xo\u1eafn t\u0103ng l\u00ean r\u1ea5t c\u1ea7n thi\u1ebft \u0111\u1ec3 v\u1eadn h\u00e0nh c\u00e1c h\u1ec7 th\u1ed1ng c\u01a1 kh\u00ed c\u1ee7a m\u00e1y g\u1eb7t, \u0111\u1eb7c bi\u1ec7t l\u00e0 khi l\u00e0m vi\u1ec7c trong \u0111i\u1ec1u ki\u1ec7n \u0111\u1ea5t \u0111ai kh\u1eafc nghi\u1ec7t.<\/li>\n<\/ul>\n<p><strong>3. Truy\u1ec1n t\u1ea3i \u0111i\u1ec7n n\u0103ng \u0111\u1ebfn c\u00e1c th\u00e0nh ph\u1ea7n kh\u00e1c nhau<\/strong><\/p>\n<ul>\n<li>C\u01a1 c\u1ea5u \u0111\u00e0o: H\u1ed9p s\u1ed1 truy\u1ec1n l\u1ef1c \u0111\u1ebfn c\u00e1c b\u1ed9 ph\u1eadn \u0111\u00e0o, bao g\u1ed3m m\u1ed9t b\u1ed9 l\u01b0\u1ee1i dao quay ho\u1eb7c c\u00e1c \u0111i\u1ec3m chia s\u1ebb gi\u00fap x\u1edbi \u0111\u1ea5t v\u00e0 \u0111\u00e0o khoai t\u00e2y l\u00ean. Chuy\u1ec3n \u0111\u1ed9ng quay th\u01b0\u1eddng \u0111\u01b0\u1ee3c truy\u1ec1n qua h\u1ec7 th\u1ed1ng x\u00edch, d\u00e2y \u0111ai ho\u1eb7c tr\u1ee5c.<\/li>\n<li>H\u1ec7 th\u1ed1ng b\u0103ng t\u1ea3i: \u0110\u1ed9ng c\u01a1 t\u1eeb h\u1ed9p s\u1ed1 c\u0169ng d\u1eabn \u0111\u1ed9ng b\u0103ng t\u1ea3i ho\u1eb7c thang m\u00e1y, v\u1eadn chuy\u1ec3n khoai t\u00e2y \u0111\u00e3 thu ho\u1ea1ch t\u1eeb \u0111\u1ea5t \u0111\u1ebfn h\u1ec7 th\u1ed1ng l\u00e0m s\u1ea1ch v\u00e0 ph\u00e2n lo\u1ea1i. H\u1ec7 th\u1ed1ng b\u0103ng t\u1ea3i c\u1ea7n truy\u1ec1n \u0111\u1ed9ng \u1ed5n \u0111\u1ecbnh v\u00e0 hi\u1ec7u qu\u1ea3 \u0111\u1ec3 di chuy\u1ec3n khoai t\u00e2y m\u00e0 kh\u00f4ng l\u00e0m h\u1ecfng ch\u00fang.<\/li>\n<li>C\u01a1 ch\u1ebf t\u00e1ch v\u00e0 l\u00e0m s\u1ea1ch: H\u1ed9p s\u1ed1 cung c\u1ea5p n\u0103ng l\u01b0\u1ee3ng cho h\u1ec7 th\u1ed1ng l\u00e0m s\u1ea1ch, th\u01b0\u1eddng bao g\u1ed3m c\u00e1c s\u00e0ng rung ho\u1eb7c tr\u1ed1ng quay \u0111\u1ec3 t\u00e1ch \u0111\u1ea5t, \u0111\u00e1 v\u00e0 m\u1ea3nh v\u1ee5n ra kh\u1ecfi khoai t\u00e2y. \u0110i\u1ec1u n\u00e0y \u0111\u1ea3m b\u1ea3o ch\u1ec9 thu gom khoai t\u00e2y s\u1ea1ch \u0111\u1ec3 b\u1ea3o qu\u1ea3n ho\u1eb7c v\u1eadn chuy\u1ec3n.<\/li>\n<li>H\u1ec7 th\u1ed1ng b\u1ed5 sung: T\u00f9y thu\u1ed9c v\u00e0o ki\u1ec3u m\u00e1y g\u1eb7t, h\u1ed9p s\u1ed1 c\u0169ng c\u00f3 th\u1ec3 truy\u1ec1n \u0111\u1ed9ng c\u00e1c h\u1ec7 th\u1ed1ng kh\u00e1c nh\u01b0 c\u01a1 c\u1ea5u n\u00e2ng, thi\u1ebft b\u1ecb s\u00e0ng \u0111\u1ea5t ho\u1eb7c c\u00e1c c\u00f4ng c\u1ee5 ph\u1ee5 tr\u1ee3 \u0111\u01b0\u1ee3c thi\u1ebft k\u1ebf \u0111\u1ec3 c\u1ea3i thi\u1ec7n hi\u1ec7u qu\u1ea3 thu ho\u1ea1ch t\u1ed5ng th\u1ec3.<\/li>\n<\/ul>\n<p><strong>4. Ki\u1ec3m so\u00e1t t\u1ed1c \u0111\u1ed9 thay \u0111\u1ed5i (n\u1ebfu c\u00f3)<\/strong><\/p>\n<ul>\n<li>M\u1ed9t s\u1ed1 h\u1ed9p s\u1ed1 m\u00e1y g\u1eb7t khoai t\u00e2y ti\u00ean ti\u1ebfn c\u00f3 t\u00ednh n\u0103ng \u0111i\u1ec1u khi\u1ec3n t\u1ed1c \u0111\u1ed9 bi\u1ebfn thi\u00ean, cho ph\u00e9p ng\u01b0\u1eddi v\u1eadn h\u00e0nh \u0111i\u1ec1u ch\u1ec9nh t\u1ed1c \u0111\u1ed9 c\u1ee7a c\u00e1c b\u1ed9 ph\u1eadn c\u1ee5 th\u1ec3 (v\u00ed d\u1ee5: b\u0103ng t\u1ea3i ho\u1eb7c c\u01a1 c\u1ea5u \u0111\u00e0o) \u0111\u1ec3 ph\u00f9 h\u1ee3p v\u1edbi c\u00e1c \u0111i\u1ec1u ki\u1ec7n \u0111\u1ed3ng ru\u1ed9ng kh\u00e1c nhau. T\u00ednh n\u0103ng n\u00e0y t\u1ed1i \u01b0u h\u00f3a ho\u1ea1t \u0111\u1ed9ng c\u1ee7a m\u00e1y g\u1eb7t b\u1eb1ng c\u00e1ch ki\u1ec3m so\u00e1t hi\u1ec7u su\u1ea5t t\u1ed1t h\u01a1n, \u0111\u1ea3m b\u1ea3o hi\u1ec7u su\u1ea5t t\u1ed1i \u0111a trong c\u00e1c lo\u1ea1i \u0111\u1ea5t v\u00e0 \u0111i\u1ec1u ki\u1ec7n \u0111\u1ed3ng ru\u1ed9ng kh\u00e1c nhau.<\/li>\n<\/ul>\n<p><strong>5. Hi\u1ec7u qu\u1ea3 v\u00e0 \u0111\u1ed3ng b\u1ed9 h\u00f3a<\/strong><\/p>\n<ul>\n<li>H\u1ed9p s\u1ed1 \u0111\u1ea3m b\u1ea3o t\u1ea5t c\u1ea3 c\u00e1c b\u1ed9 ph\u1eadn c\u1ee7a m\u00e1y g\u1eb7t khoai t\u00e2y ho\u1ea1t \u0111\u1ed9ng \u0111\u1ed3ng b\u1ed9 ho\u00e0n h\u1ea3o, cho ph\u00e9p m\u00e1y ho\u1ea1t \u0111\u1ed9ng v\u1edbi hi\u1ec7u su\u1ea5t t\u1ed1i \u0111a. B\u1eb1ng c\u00e1ch \u0111i\u1ec1u ch\u1ec9nh m\u00f4-men xo\u1eafn v\u00e0 t\u1ed1c \u0111\u1ed9 quay cho c\u00e1c b\u1ed9 ph\u1eadn kh\u00e1c nhau, h\u1ed9p s\u1ed1 \u0111\u1ea3m b\u1ea3o qu\u00e1 tr\u00ecnh \u0111\u00e0o, v\u1eadn chuy\u1ec3n v\u00e0 l\u00e0m s\u1ea1ch \u0111\u01b0\u1ee3c c\u00e2n b\u1eb1ng v\u00e0 hi\u1ec7u qu\u1ea3, gi\u1ea3m thi\u1ec3u t\u1ed5n th\u1ea5t n\u0103ng l\u01b0\u1ee3ng v\u00e0 t\u1ed1i \u01b0u h\u00f3a m\u1ee9c ti\u00eau th\u1ee5 nhi\u00ean li\u1ec7u.<\/li>\n<\/ul>\n<p>V\u1ec1 b\u1ea3n ch\u1ea5t, nguy\u00ean l\u00fd ho\u1ea1t \u0111\u1ed9ng c\u1ee7a h\u1ed9p s\u1ed1 m\u00e1y g\u1eb7t khoai t\u00e2y d\u1eabn \u0111\u1ed9ng b\u1eb1ng PTO d\u1ef1a tr\u00ean vi\u1ec7c chuy\u1ec3n \u0111\u1ed5i hi\u1ec7u qu\u1ea3 c\u00f4ng su\u1ea5t PTO t\u1ed1c \u0111\u1ed9 cao c\u1ee7a m\u00e1y k\u00e9o th\u00e0nh c\u00f4ng su\u1ea5t \u0111\u00e1ng tin c\u1eady, \u0111\u01b0\u1ee3c ki\u1ec3m so\u00e1t c\u1ea7n thi\u1ebft cho c\u00e1c ch\u1ee9c n\u0103ng thu ho\u1ea1ch \u0111a d\u1ea1ng, do \u0111\u00f3 t\u1ed1i \u01b0u h\u00f3a hi\u1ec7u su\u1ea5t t\u1ed5ng th\u1ec3 c\u1ee7a m\u00e1y.<\/p>\n<p><img loading=\"lazy\" decoding=\"async\" class=\"size-full wp-image-3138 aligncenter\" src=\"https:\/\/fmp-components.com\/wp-content\/uploads\/2025\/01\/0_Potato-Harvester-Gearbox-23.webp\" alt=\"H\u1ed9p s\u1ed1 m\u00e1y g\u1eb7t khoai t\u00e2y\" width=\"800\" height=\"800\" title=\"\" srcset=\"https:\/\/fmp-components.com\/wp-content\/uploads\/2025\/01\/0_Potato-Harvester-Gearbox-23.webp 800w, https:\/\/fmp-components.com\/wp-content\/uploads\/2025\/01\/0_Potato-Harvester-Gearbox-23-480x480.webp 480w\" sizes=\"(min-width: 0px) and (max-width: 480px) 480px, (min-width: 481px) 800px, 100vw\" \/><\/p>\n<h3>Gi\u1edbi thi\u1ec7u v\u1ec1 FMP<\/h3>\n<p>C\u00f3 tr\u1ee5 s\u1edf t\u1ea1i \u00dd, FMP l\u00e0 nh\u00e0 s\u1ea3n xu\u1ea5t h\u00e0ng \u0111\u1ea7u chuy\u00ean thi\u1ebft k\u1ebf, ph\u00e1t tri\u1ec3n v\u00e0 s\u1ea3n xu\u1ea5t h\u1ed9p s\u1ed1 hi\u1ec7u su\u1ea5t cao, t\u1eadp trung ch\u1ee7 y\u1ebfu v\u00e0o l\u0129nh v\u1ef1c m\u00e1y m\u00f3c n\u00f4ng nghi\u1ec7p. N\u1ed5i ti\u1ebfng v\u1edbi k\u1ef9 thu\u1eadt ch\u00ednh x\u00e1c, gi\u1ea3i ph\u00e1p ti\u00ean ti\u1ebfn v\u00e0 \u0111\u1ed9 tin c\u1eady tuy\u1ec7t \u0111\u1ed1i, FMP \u0111\u00e3 x\u00e2y d\u1ef1ng \u0111\u01b0\u1ee3c danh ti\u1ebfng v\u1eefng ch\u1eafc l\u00e0 \u0111\u1ed1i t\u00e1c \u0111\u00e1ng tin c\u1eady trong c\u1ea3 th\u1ecb tr\u01b0\u1eddng n\u00f4ng nghi\u1ec7p v\u00e0 c\u00f4ng nghi\u1ec7p. Danh m\u1ee5c s\u1ea3n ph\u1ea9m phong ph\u00fa c\u1ee7a ch\u00fang t\u00f4i bao g\u1ed3m h\u1ed9p s\u1ed1 \u0111\u01b0\u1ee3c thi\u1ebft k\u1ebf ri\u00eang cho m\u00e1y c\u1eaft c\u1ecf, tr\u1ee5c PTO v\u00e0 nhi\u1ec1u linh ki\u1ec7n thi\u1ebft y\u1ebfu kh\u00e1c, m\u1ed7i linh ki\u1ec7n \u0111\u1ec1u \u0111\u01b0\u1ee3c ch\u1ebf t\u1ea1o t\u1ec9 m\u1ec9 \u0111\u1ec3 \u0111\u00e1p \u1ee9ng c\u00e1c y\u00eau c\u1ea7u ri\u00eang bi\u1ec7t c\u1ee7a t\u1eebng \u1ee9ng d\u1ee5ng.<\/p>\n<p>T\u1ea1i FMP, ch\u00fang t\u00f4i hi\u1ec3u r\u1eb1ng m\u1ed7i kh\u00e1ch h\u00e0ng \u0111\u1ec1u ph\u1ea3i \u0111\u1ed1i m\u1eb7t v\u1edbi nh\u1eefng th\u00e1ch th\u1ee9c ri\u00eang. Hi\u1ec3u bi\u1ebft s\u00e2u s\u1eafc n\u00e0y th\u00fac \u0111\u1ea9y cam k\u1ebft c\u1ee7a ch\u00fang t\u00f4i trong vi\u1ec7c cung c\u1ea5p c\u00e1c gi\u1ea3i ph\u00e1p \u0111\u01b0\u1ee3c thi\u1ebft k\u1ebf ri\u00eang, d\u00f9 l\u00e0 cho t\u1eebng th\u00e0nh ph\u1ea7n ri\u00eang l\u1ebb hay to\u00e0n b\u1ed9 h\u1ec7 th\u1ed1ng t\u00edch h\u1ee3p. Th\u00f4ng qua s\u1ef1 h\u1ee3p t\u00e1c ch\u1eb7t ch\u1ebd v\u1edbi kh\u00e1ch h\u00e0ng, ch\u00fang t\u00f4i \u0111\u1ea3m b\u1ea3o r\u1eb1ng m\u1ed7i gi\u1ea3i ph\u00e1p kh\u00f4ng ch\u1ec9 \u0111\u00e1p \u1ee9ng nhu c\u1ea7u c\u1ee5 th\u1ec3 c\u1ee7a h\u1ecd m\u00e0 c\u00f2n n\u00e2ng cao hi\u1ec7u su\u1ea5t v\u00e0 t\u1ed1i \u0111a h\u00f3a gi\u00e1 tr\u1ecb. Tr\u1ecdng t\u00e2m c\u1ee7a ch\u00fang t\u00f4i l\u00e0 ph\u1ea3n h\u1ed3i nhanh ch\u00f3ng, chuy\u00ean nghi\u1ec7p v\u00e0 h\u01b0\u1edbng d\u1eabn chuy\u00ean m\u00f4n, \u0111\u1ea3m b\u1ea3o m\u1ecdi th\u1eafc m\u1eafc \u0111\u1ec1u \u0111\u01b0\u1ee3c gi\u1ea3i quy\u1ebft ch\u00ednh x\u00e1c, \u0111\u1ea3m b\u1ea3o k\u1ebft qu\u1ea3 t\u1ed1t nh\u1ea5t m\u1ecdi l\u00fac.<\/p>\n<p>Ch\u00fang t\u00f4i nh\u1ea5n m\u1ea1nh vi\u1ec7c giao ti\u1ebfp li\u00ean t\u1ee5c v\u00e0 minh b\u1ea1ch trong su\u1ed1t qu\u00e1 tr\u00ecnh ph\u00e1t tri\u1ec3n s\u1ea3n ph\u1ea9m. \u0110\u1ed9i ng\u0169 t\u1eadn t\u00e2m c\u1ee7a ch\u00fang t\u00f4i l\u00e0m vi\u1ec7c ch\u1eb7t ch\u1ebd v\u1edbi kh\u00e1ch h\u00e0ng \u0111\u1ec3 hi\u1ec3u r\u00f5 y\u00eau c\u1ea7u c\u1ee7a h\u1ecd v\u00e0 cung c\u1ea5p nh\u1eefng hi\u1ec3u bi\u1ebft s\u00e2u s\u1eafc c\u00f9ng c\u00e1c khuy\u1ebfn ngh\u1ecb gi\u00e1 tr\u1ecb nh\u1eb1m \u0111\u1ea1t \u0111\u01b0\u1ee3c k\u1ebft qu\u1ea3 t\u1ed1i \u01b0u. D\u00f9 ph\u00e1t tri\u1ec3n s\u1ea3n ph\u1ea9m ti\u00ean ti\u1ebfn hay ho\u00e0n th\u00e0nh c\u00e1c \u0111\u01a1n h\u00e0ng th\u01b0\u1eddng xuy\u00ean, FMP cam k\u1ebft cung c\u1ea5p c\u00e1c gi\u1ea3i ph\u00e1p ch\u1ea5t l\u01b0\u1ee3ng cao, \u0111\u01b0\u1ee3c thi\u1ebft k\u1ebf ch\u00ednh x\u00e1c, \u0111\u00fang h\u1ea1n v\u00e0 kh\u00f4ng th\u1ecfa hi\u1ec7p. S\u1ee9 m\u1ec7nh c\u1ee7a ch\u00fang t\u00f4i l\u00e0 lu\u00f4n v\u01b0\u1ee3t tr\u00ean mong \u0111\u1ee3i c\u1ee7a kh\u00e1ch h\u00e0ng, mang \u0111\u1ebfn d\u1ecbch v\u1ee5 xu\u1ea5t s\u1eafc v\u00e0 k\u1ebft qu\u1ea3 v\u01b0\u1ee3t tr\u1ed9i trong m\u1ecdi d\u1ef1 \u00e1n.<\/p>\n<p>Ch\u1ea5t l\u01b0\u1ee3ng l\u00e0 n\u1ec1n t\u1ea3ng cho m\u1ecdi ho\u1ea1t \u0111\u1ed9ng c\u1ee7a FMP. Ch\u00fang t\u00f4i tu\u00e2n th\u1ee7 c\u00e1c ti\u00eau chu\u1ea9n s\u1ea3n xu\u1ea5t cao nh\u1ea5t v\u00e0 th\u1ef1c thi c\u00e1c bi\u1ec7n ph\u00e1p ki\u1ec3m so\u00e1t ch\u1ea5t l\u01b0\u1ee3ng nghi\u00eam ng\u1eb7t \u0111\u1ec3 \u0111\u1ea3m b\u1ea3o m\u1ecdi s\u1ea3n ph\u1ea9m kh\u00f4ng ch\u1ec9 \u0111\u00e1p \u1ee9ng m\u00e0 c\u00f2n v\u01b0\u1ee3t xa c\u00e1c ti\u00eau chu\u1ea9n c\u1ee7a ng\u00e0nh. Cam k\u1ebft v\u1eefng ch\u1eafc v\u1ec1 s\u1ef1 xu\u1ea5t s\u1eafc, k\u1ebft h\u1ee3p v\u1edbi c\u00e1c gi\u00e1 tr\u1ecb c\u1ed1t l\u00f5i c\u1ee7a ch\u00fang t\u00f4i l\u00e0 ch\u00ednh tr\u1ef1c, tinh th\u1ea7n \u0111\u1ed3ng \u0111\u1ed9i v\u00e0 s\u1ef1 ki\u00ean tr\u00ec, \u0111\u00e3 cho ph\u00e9p ch\u00fang t\u00f4i thi\u1ebft l\u1eadp m\u1ed1i quan h\u1ec7 l\u00e2u d\u00e0i, d\u1ef1a tr\u00ean s\u1ef1 tin c\u1eady v\u1edbi kh\u00e1ch h\u00e0ng t\u1ea1i g\u1ea7n 30 qu\u1ed1c gia tr\u00ean to\u00e0n th\u1ebf gi\u1edbi.<\/p>\n<p>FMP lu\u00f4n mong mu\u1ed1n th\u00fac \u0111\u1ea9y quan h\u1ec7 \u0111\u1ed1i t\u00e1c to\u00e0n c\u1ea7u, cung c\u1ea5p t\u01b0 v\u1ea5n chuy\u00ean m\u00f4n v\u00e0 c\u00e1c gi\u1ea3i ph\u00e1p t\u00f9y ch\u1ec9nh, \u0111\u00e1p \u1ee9ng nhu c\u1ea7u ng\u00e0y c\u00e0ng \u0111a d\u1ea1ng c\u1ee7a kh\u00e1ch h\u00e0ng. Ch\u00fang t\u00f4i cam k\u1ebft x\u00e2y d\u1ef1ng m\u1ed1i quan h\u1ec7 l\u00e2u d\u00e0i, c\u00f9ng c\u00f3 l\u1ee3i, g\u00f3p ph\u1ea7n v\u00e0o th\u00e0nh c\u00f4ng c\u1ee7a m\u1ecdi d\u1ef1 \u00e1n. Cho d\u00f9 b\u1ea1n c\u1ea7n c\u00e1c gi\u1ea3i ph\u00e1p s\u00e1ng t\u1ea1o cho m\u1ed9t s\u00e1ng ki\u1ebfn \u200b\u200bm\u1edbi hay h\u1ed7 tr\u1ee3 li\u00ean t\u1ee5c cho m\u1ed9t h\u1ec7 th\u1ed1ng hi\u1ec7n c\u00f3, FMP lu\u00f4n s\u1eb5n s\u00e0ng gi\u00fap b\u1ea1n v\u01b0\u1ee3t qua nh\u1eefng th\u00e1ch th\u1ee9c k\u1ef9 thu\u1eadt v\u00e0 \u0111\u1ea3m b\u1ea3o th\u00e0nh c\u00f4ng b\u1ec1n v\u1eefng.<\/p>\n<p><img loading=\"lazy\" decoding=\"async\" class=\"alignnone wp-image-2695\" src=\"https:\/\/fmp-components.com\/wp-content\/uploads\/2025\/01\/agricultural-gearbox3.webp\" alt=\"h\u1ed9p s\u1ed1 n\u00f4ng nghi\u1ec7p\" width=\"1140\" height=\"1138\" title=\"\" srcset=\"https:\/\/fmp-components.com\/wp-content\/uploads\/2025\/01\/agricultural-gearbox3.webp 1140w, https:\/\/fmp-components.com\/wp-content\/uploads\/2025\/01\/agricultural-gearbox3-480x479.webp 480w\" sizes=\"(min-width: 0px) and (max-width: 480px) 480px, (min-width: 481px) 1140px, 100vw\" \/><\/p>\n<p>T\u00e1c gi\u1ea3: CX<\/p>","protected":false},"excerpt":{"rendered":"<p>Product Specifications: &nbsp; Product Name Potato Harvester Gearbox Material Iron Type FMP-LLTC-14 Color Customization Rated Power 15KW Ratio 1:3.92 Warranty One and half year Used Potato harvester Advantages of Potato Harvester Gearbox The potato harvester gearbox is a vital component in modern agricultural machinery, providing several benefits that enhance the performance, efficiency, and durability of [&hellip;]<\/p>","protected":false},"featured_media":3139,"comment_status":"open","ping_status":"closed","template":"","meta":{"_et_pb_use_builder":"","_et_pb_old_content":"","_et_gb_content_width":""},"product_brand":[],"product_cat":[75],"product_tag":[],"class_list":{"0":"post-3134","1":"product","2":"type-product","3":"status-publish","4":"has-post-thumbnail","6":"product_cat-potato-harvester-gearbox","8":"first","9":"instock","10":"shipping-taxable","11":"product-type-simple"},"_links":{"self":[{"href":"https:\/\/fmp-components.com\/vi\/wp-json\/wp\/v2\/product\/3134","targetHints":{"allow":["GET"]}}],"collection":[{"href":"https:\/\/fmp-components.com\/vi\/wp-json\/wp\/v2\/product"}],"about":[{"href":"https:\/\/fmp-components.com\/vi\/wp-json\/wp\/v2\/types\/product"}],"replies":[{"embeddable":true,"href":"https:\/\/fmp-components.com\/vi\/wp-json\/wp\/v2\/comments?post=3134"}],"wp:featuredmedia":[{"embeddable":true,"href":"https:\/\/fmp-components.com\/vi\/wp-json\/wp\/v2\/media\/3139"}],"wp:attachment":[{"href":"https:\/\/fmp-components.com\/vi\/wp-json\/wp\/v2\/media?parent=3134"}],"wp:term":[{"taxonomy":"product_brand","embeddable":true,"href":"https:\/\/fmp-components.com\/vi\/wp-json\/wp\/v2\/product_brand?post=3134"},{"taxonomy":"product_cat","embeddable":true,"href":"https:\/\/fmp-components.com\/vi\/wp-json\/wp\/v2\/product_cat?post=3134"},{"taxonomy":"product_tag","embeddable":true,"href":"https:\/\/fmp-components.com\/vi\/wp-json\/wp\/v2\/product_tag?post=3134"}],"curies":[{"name":"wp","href":"https:\/\/api.w.org\/{rel}","templated":true}]}}