{"id":3129,"date":"2025-01-05T02:44:39","date_gmt":"2025-01-05T02:44:39","guid":{"rendered":"https:\/\/fmp-components.com\/?page_id=8"},"modified":"2025-01-05T02:44:39","modified_gmt":"2025-01-05T02:44:39","slug":"grain-auger-gearbox-fmp-2390-for-agricultural-grain-storage-and-transportation","status":"publish","type":"product","link":"https:\/\/fmp-components.com\/vi\/product\/grain-auger-gearbox-fmp-2390-for-agricultural-grain-storage-and-transportation\/","title":{"rendered":"H\u1ed9p s\u1ed1 m\u00e1y khoan h\u1ea1t FMP-2390 d\u00f9ng cho vi\u1ec7c l\u01b0u tr\u1eef v\u00e0 v\u1eadn chuy\u1ec3n ng\u0169 c\u1ed1c n\u00f4ng nghi\u1ec7p"},"content":{"rendered":"<h2>Th\u00f4ng s\u1ed1 k\u1ef9 thu\u1eadt c\u1ee7a h\u1ed9p s\u1ed1 m\u00e1y khoan h\u1ea1t FMP-2390<\/h2>\n<p><img loading=\"lazy\" decoding=\"async\" class=\"alignnone size-full wp-image-3131\" src=\"https:\/\/fmp-components.com\/wp-content\/uploads\/2025\/01\/Grain-Auger-Gearbox-EP-2390-Dimension.webp\" alt=\"H\u1ed9p s\u1ed1 Grain-Auger-EP-2390-K\u00edch th\u01b0\u1edbc\" width=\"1534\" height=\"1064\" title=\"\" srcset=\"https:\/\/fmp-components.com\/wp-content\/uploads\/2025\/01\/Grain-Auger-Gearbox-EP-2390-Dimension.webp 1534w, https:\/\/fmp-components.com\/wp-content\/uploads\/2025\/01\/Grain-Auger-Gearbox-EP-2390-Dimension-1280x888.webp 1280w, https:\/\/fmp-components.com\/wp-content\/uploads\/2025\/01\/Grain-Auger-Gearbox-EP-2390-Dimension-980x680.webp 980w, https:\/\/fmp-components.com\/wp-content\/uploads\/2025\/01\/Grain-Auger-Gearbox-EP-2390-Dimension-480x333.webp 480w\" sizes=\"(min-width: 0px) and (max-width: 480px) 480px, (min-width: 481px) and (max-width: 980px) 980px, (min-width: 981px) and (max-width: 1280px) 1280px, (min-width: 1281px) 1534px, 100vw\" \/><\/p>\n<table style=\"width: 95.8687%; height: 220px;\" border=\"1\" cellspacing=\"0\" cellpadding=\"0\">\n<tbody>\n<tr class=\"firstRow\">\n<td>T\u00ean s\u1ea3n ph\u1ea9m<\/td>\n<td>H\u1ed9p s\u1ed1 tr\u1ee5c v\u00edt ng\u0169 c\u1ed1c FMP-2390<\/td>\n<\/tr>\n<tr>\n<td>V\u1eadt li\u1ec7u<\/td>\n<td>V\u1ecf l\u00e0m b\u1eb1ng HT250, Tr\u1ee5c l\u00e0m b\u1eb1ng 20CrMnTi<\/td>\n<\/tr>\n<tr>\n<td>M\u00e0u s\u1eafc<\/td>\n<td>T\u1ed1i ho\u1eb7c \u0110\u1ecf ho\u1eb7c t\u00f9y ch\u1ec9nh<\/td>\n<\/tr>\n<tr>\n<td>Ki\u1ec3u<\/td>\n<td>B\u00e1nh r\u0103ng c\u00f4n<\/td>\n<\/tr>\n<tr>\n<td>T\u1ef7 l\u1ec7<\/td>\n<td>1:1<\/td>\n<\/tr>\n<tr>\n<td>V\u00f2ng bi<\/td>\n<td>QC ho\u1eb7c C&amp;U ho\u1eb7c NTN<\/td>\n<\/tr>\n<tr>\n<td>B\u1ea3o h\u00e0nh<\/td>\n<td>m\u1ed9t n\u0103m r\u01b0\u1ee1i<\/td>\n<\/tr>\n<tr>\n<td>\u0110\u00e3 s\u1eed d\u1ee5ng<\/td>\n<td>l\u01b0u tr\u1eef ng\u0169 c\u1ed1c<\/td>\n<\/tr>\n<\/tbody>\n<\/table>\n<h3>\u1ee8ng d\u1ee5ng c\u1ee7a h\u1ed9p s\u1ed1 tr\u1ee5c v\u00edt ng\u0169 c\u1ed1c trong l\u01b0u tr\u1eef v\u00e0 v\u1eadn chuy\u1ec3n ng\u0169 c\u1ed1c<\/h3>\n<p>H\u1ed9p s\u1ed1 tr\u1ee5c v\u00edt t\u1ea3i h\u1ea1t \u0111\u00f3ng vai tr\u00f2 quan tr\u1ecdng trong vi\u1ec7c di chuy\u1ec3n v\u00e0 x\u1eed l\u00fd h\u1ea1t hi\u1ec7u qu\u1ea3 trong qu\u00e1 tr\u00ecnh l\u01b0u tr\u1eef v\u00e0 v\u1eadn chuy\u1ec3n. Sau \u0111\u00e2y l\u00e0 nh\u1eefng \u1ee9ng d\u1ee5ng ch\u00ednh c\u1ee7a h\u1ed9p s\u1ed1 tr\u1ee5c v\u00edt t\u1ea3i h\u1ea1t trong c\u00e1c l\u0129nh v\u1ef1c n\u00e0y:<\/p>\n<ol>\n<li><strong>Silo ch\u1ee9a ng\u0169 c\u1ed1c:<\/strong>\n<ul>\n<li><strong>Thang m\u00e1y ng\u0169 c\u1ed1c:<\/strong> H\u1ed9p s\u1ed1 truy\u1ec1n \u0111\u1ed9ng cho c\u00e1c tr\u1ee5c v\u00edt \u0111\u01b0\u1ee3c s\u1eed d\u1ee5ng trong m\u00e1y n\u00e2ng ng\u0169 c\u1ed1c, n\u00e2ng ng\u0169 c\u1ed1c l\u00ean c\u00e1c m\u1ee9c l\u01b0u tr\u1eef kh\u00e1c nhau trong silo. Vi\u1ec7c di chuy\u1ec3n ng\u0169 c\u1ed1c hi\u1ec7u qu\u1ea3 l\u00e0 r\u1ea5t quan tr\u1ecdng \u0111\u1ec3 tr\u00e1nh v\u00f3n c\u1ee5c ho\u1eb7c h\u01b0 h\u1ecfng, \u0111\u1ea3m b\u1ea3o \u0111i\u1ec1u ki\u1ec7n l\u01b0u tr\u1eef t\u1ed1i \u01b0u.<\/li>\n<li><strong>H\u1ec7 th\u1ed1ng d\u1ee1 h\u00e0ng:<\/strong> H\u1ed9p s\u1ed1 tr\u1ee5c v\u00edt l\u00e0 m\u1ed9t ph\u1ea7n kh\u00f4ng th\u1ec3 thi\u1ebfu trong vi\u1ec7c d\u1ee1 ng\u0169 c\u1ed1c t\u1eeb silo ch\u1ee9a v\u00e0o xe t\u1ea3i, b\u0103ng t\u1ea3i ho\u1eb7c c\u00e1c h\u1ec7 th\u1ed1ng v\u1eadn chuy\u1ec3n kh\u00e1c. \u0110\u1ed9 ch\u00ednh x\u00e1c c\u1ee7a ch\u00fang \u0111\u1ea3m b\u1ea3o d\u00f2ng ch\u1ea3y ng\u0169 c\u1ed1c tr\u01a1n tru v\u00e0 \u1ed5n \u0111\u1ecbnh, ng\u0103n ng\u1eeba t\u1eafc ngh\u1ebdn ho\u1eb7c ch\u1eadm tr\u1ec5.<\/li>\n<\/ul>\n<\/li>\n<li><strong>C\u01a1 s\u1edf x\u1eed l\u00fd ng\u0169 c\u1ed1c:<\/strong>\n<ul>\n<li><strong>H\u1ec7 th\u1ed1ng b\u0103ng t\u1ea3i:<\/strong> Trong c\u00e1c c\u01a1 s\u1edf x\u1eed l\u00fd ng\u0169 c\u1ed1c, h\u1ed9p s\u1ed1 tr\u1ee5c v\u00edt \u0111\u01b0\u1ee3c s\u1eed d\u1ee5ng \u0111\u1ec3 cung c\u1ea5p n\u0103ng l\u01b0\u1ee3ng cho b\u0103ng t\u1ea3i tr\u1ee5c v\u00edt di chuy\u1ec3n ng\u0169 c\u1ed1c qua c\u00e1c khu v\u1ef1c kh\u00e1c nhau c\u1ee7a nh\u00e0 m\u00e1y ch\u1ebf bi\u1ebfn. Ch\u00fang \u0111\u1ea3m b\u1ea3o ng\u0169 c\u1ed1c \u0111\u01b0\u1ee3c v\u1eadn chuy\u1ec3n nhanh ch\u00f3ng gi\u1eefa c\u00e1c khu v\u1ef1c l\u01b0u tr\u1eef, l\u00e0m s\u1ea1ch v\u00e0 xay x\u00e1t.<\/li>\n<li><strong>H\u1ec7 th\u1ed1ng s\u1ea5y:<\/strong> H\u1ed9p s\u1ed1 tr\u1ee5c v\u00edt t\u1ea3i h\u1ea1t \u0111\u01b0\u1ee3c s\u1eed d\u1ee5ng trong c\u00e1c h\u1ec7 th\u1ed1ng s\u1ea5y, trong \u0111\u00f3 tr\u1ee5c v\u00edt t\u1ea3i di chuy\u1ec3n h\u1ea1t qua c\u00e1c bu\u1ed3ng s\u1ea5y, cho ph\u00e9p lu\u1ed3ng kh\u00f4ng kh\u00ed \u1ed5n \u0111\u1ecbnh v\u00e0 gi\u1ea3m \u0111\u1ed9 \u1ea9m. \u0110i\u1ec1u n\u00e0y \u0111\u1ea3m b\u1ea3o h\u1ea1t lu\u00f4n \u1edf trong \u0111i\u1ec1u ki\u1ec7n t\u1ed1i \u01b0u \u0111\u1ec3 l\u01b0u tr\u1eef l\u00e2u d\u00e0i.<\/li>\n<\/ul>\n<\/li>\n<li><strong>V\u1eadn chuy\u1ec3n ng\u0169 c\u1ed1c \u0111\u1ebfn th\u1ecb tr\u01b0\u1eddng:<\/strong>\n<ul>\n<li><strong>T\u1ea3i xe t\u1ea3i:<\/strong> H\u1ed9p s\u1ed1 tr\u1ee5c v\u00edt l\u00e0 thi\u1ebft b\u1ecb thi\u1ebft y\u1ebfu trong c\u00e1c tr\u1ea1m n\u1ea1p li\u1ec7u xe t\u1ea3i, n\u01a1i ch\u00fang \u0111\u01b0\u1ee3c s\u1eed d\u1ee5ng \u0111\u1ec3 v\u1eadn chuy\u1ec3n ng\u0169 c\u1ed1c t\u1eeb kho ch\u1ee9a ho\u1eb7c silo ch\u1ee9a ng\u0169 c\u1ed1c l\u00ean xe t\u1ea3i \u0111\u1ec3 ph\u00e2n ph\u1ed1i ti\u1ebfp. H\u1ed9p s\u1ed1 \u0111\u1ea3m b\u1ea3o vi\u1ec7c v\u1eadn chuy\u1ec3n ng\u0169 c\u1ed1c di\u1ec5n ra tr\u01a1n tru, nhanh ch\u00f3ng v\u00e0 \u0111\u01b0\u1ee3c ki\u1ec3m so\u00e1t.<\/li>\n<li><strong>X\u1eed l\u00fd ng\u0169 c\u1ed1c s\u1ed1 l\u01b0\u1ee3ng l\u1edbn:<\/strong> Trong c\u00e1c c\u01a1 s\u1edf x\u1eed l\u00fd ng\u0169 c\u1ed1c s\u1ed1 l\u01b0\u1ee3ng l\u1edbn, h\u1ed9p s\u1ed1 tr\u1ee5c v\u00edt cung c\u1ea5p m\u00f4-men xo\u1eafn c\u1ea7n thi\u1ebft \u0111\u1ec3 v\u1eadn chuy\u1ec3n ng\u0169 c\u1ed1c hi\u1ec7u qu\u1ea3, gi\u1ea3m thi\u1ec3u s\u1ef1 c\u1ed1 tr\u00e0n \u0111\u1ed5 v\u00e0 l\u00e3ng ph\u00ed \u0111\u1ed3ng th\u1eddi t\u1ed1i \u0111a h\u00f3a n\u0103ng su\u1ea5t.<\/li>\n<\/ul>\n<\/li>\n<li><strong>Ch\u1ebf bi\u1ebfn v\u00e0 xay x\u00e1t ng\u0169 c\u1ed1c:<\/strong>\n<ul>\n<li><strong>H\u1ec7 th\u1ed1ng l\u00e0m s\u1ea1ch:<\/strong> M\u00e1y nghi\u1ec1n h\u1ea1t s\u1eed d\u1ee5ng h\u1ed9p s\u1ed1 \u0111\u01b0\u1ee3c s\u1eed d\u1ee5ng trong c\u00e1c h\u1ec7 th\u1ed1ng l\u00e0m s\u1ea1ch \u0111\u1ec3 di chuy\u1ec3n h\u1ea1t qua c\u00e1c m\u00e1y s\u00e0ng, ph\u00e2n lo\u1ea1i v\u00e0 t\u00e1ch kh\u00e1c nhau. Nh\u1eefng m\u00e1y nghi\u1ec1n n\u00e0y gi\u00fap lo\u1ea1i b\u1ecf c\u00e1c m\u1ea3nh v\u1ee5n kh\u00f4ng mong mu\u1ed1n v\u00e0 \u0111\u1ea3m b\u1ea3o h\u1ea1t s\u1eb5n s\u00e0ng cho qu\u00e1 tr\u00ecnh xay x\u00e1t ho\u1eb7c ch\u1ebf bi\u1ebfn ti\u1ebfp theo.<\/li>\n<li><strong>\u0110\u01a1n v\u1ecb phay:<\/strong> H\u1ed9p s\u1ed1 tr\u1ee5c v\u00edt c\u0169ng h\u1ed7 tr\u1ee3 v\u1eadn chuy\u1ec3n ng\u0169 c\u1ed1c qua c\u00e1c m\u00e1y xay x\u00e1t, n\u01a1i ng\u0169 c\u1ed1c \u0111\u01b0\u1ee3c nghi\u1ec1n th\u00e0nh b\u1ed9t ho\u1eb7c ch\u1ebf bi\u1ebfn cho c\u00e1c m\u1ee5c \u0111\u00edch s\u1eed d\u1ee5ng kh\u00e1c. Ch\u00fang cho ph\u00e9p \u0111\u01b0a ng\u0169 c\u1ed1c v\u00e0o m\u00e1y xay ho\u1eb7c m\u00e1y nghi\u1ec1n m\u1ed9t c\u00e1ch \u0111\u1ed3ng \u0111\u1ec1u.<\/li>\n<\/ul>\n<\/li>\n<li><strong>S\u1eed d\u1ee5ng t\u1ea1i trang tr\u1ea1i:<\/strong>\n<ul>\n<li><strong>M\u00e1y khoan \u0111\u1ea5t n\u00f4ng nghi\u1ec7p:<\/strong> \u0110\u1ec3 v\u1eadn chuy\u1ec3n ng\u0169 c\u1ed1c t\u1eeb m\u00e1y g\u1eb7t \u0111\u1ebfn kho ch\u1ee9a ho\u1eb7c xe k\u00e9o, h\u1ed9p s\u1ed1 tr\u1ee5c v\u00edt th\u01b0\u1eddng \u0111\u01b0\u1ee3c s\u1eed d\u1ee5ng t\u1ea1i c\u00e1c trang tr\u1ea1i. H\u1ed9p s\u1ed1 cung c\u1ea5p m\u00f4-men xo\u1eafn v\u00e0 kh\u1ea3 n\u0103ng \u0111i\u1ec1u khi\u1ec3n c\u1ea7n thi\u1ebft cho tr\u1ee5c v\u00edt, gi\u00fap ch\u00fang v\u1eadn chuy\u1ec3n ng\u0169 c\u1ed1c hi\u1ec7u qu\u1ea3 trong m\u00f9a thu ho\u1ea1ch.<\/li>\n<li><strong>H\u1ec7 th\u1ed1ng th\u00f9ng ch\u1ee9a ng\u0169 c\u1ed1c:<\/strong> H\u1ed9p s\u1ed1 tr\u1ee5c v\u00edt trong th\u00f9ng ch\u1ee9a ng\u0169 c\u1ed1c gi\u00fap di chuy\u1ec3n ng\u0169 c\u1ed1c \u0111\u1ebfn c\u00e1c khu v\u1ef1c kh\u00e1c nhau c\u1ee7a trang tr\u1ea1i ho\u1eb7c c\u01a1 s\u1edf l\u01b0u tr\u1eef, \u0111\u1ea3m b\u1ea3o ng\u0169 c\u1ed1c kh\u00f4ng b\u1ecb h\u01b0 h\u1ecfng trong qu\u00e1 tr\u00ecnh v\u1eadn chuy\u1ec3n.<\/li>\n<\/ul>\n<\/li>\n<\/ol>\n<p>B\u1eb1ng c\u00e1ch s\u1eed d\u1ee5ng h\u1ed9p s\u1ed1 tr\u1ee5c v\u00edt t\u1ea3i h\u1ea1t, c\u00e1c c\u01a1 s\u1edf n\u00f4ng nghi\u1ec7p v\u00e0 l\u01b0u tr\u1eef c\u00f3 th\u1ec3 h\u1ee3p l\u00fd h\u00f3a ho\u1ea1t \u0111\u1ed9ng, gi\u1ea3m chi ph\u00ed v\u1eadn h\u00e0nh v\u00e0 duy tr\u00ec ti\u00eau chu\u1ea9n cao v\u1ec1 ch\u1ea5t l\u01b0\u1ee3ng h\u1ea1t.<\/p>\n<p><img loading=\"lazy\" decoding=\"async\" class=\"size-full wp-image-3132 aligncenter\" src=\"https:\/\/fmp-components.com\/wp-content\/uploads\/2025\/01\/Grain-Transportation-Gearbox-5.webp\" alt=\"H\u1ed9p s\u1ed1 v\u1eadn chuy\u1ec3n ng\u0169 c\u1ed1c 5\" width=\"800\" height=\"800\" title=\"\" srcset=\"https:\/\/fmp-components.com\/wp-content\/uploads\/2025\/01\/Grain-Transportation-Gearbox-5.webp 800w, https:\/\/fmp-components.com\/wp-content\/uploads\/2025\/01\/Grain-Transportation-Gearbox-5-480x480.webp 480w\" sizes=\"(min-width: 0px) and (max-width: 480px) 480px, (min-width: 481px) 800px, 100vw\" \/><\/p>\n<h2>C\u00e1c th\u00e0nh ph\u1ea7n ch\u00ednh c\u1ee7a h\u1ed9p s\u1ed1 m\u00e1y khoan h\u1ea1t<\/h2>\n<p>H\u1ed9p s\u1ed1 m\u00e1y khoan h\u1ea1t l\u00e0 m\u1ed9t b\u1ed9 ph\u1eadn quan tr\u1ecdng trong c\u00e1c h\u1ec7 th\u1ed1ng n\u00f4ng nghi\u1ec7p v\u00e0 l\u01b0u tr\u1eef, v\u00ec n\u00f3 \u0111\u1ea3m b\u1ea3o vi\u1ec7c v\u1eadn chuy\u1ec3n h\u1ea1t hi\u1ec7u qu\u1ea3 qua nhi\u1ec1u quy tr\u00ecnh kh\u00e1c nhau, ch\u1eb3ng h\u1ea1n nh\u01b0 v\u1eadn chuy\u1ec3n, l\u01b0u tr\u1eef v\u00e0 xay x\u00e1t. C\u00e1c th\u00e0nh ph\u1ea7n ch\u00ednh c\u1ee7a h\u1ed9p s\u1ed1 m\u00e1y khoan h\u1ea1t \u0111\u01b0\u1ee3c thi\u1ebft k\u1ebf \u0111\u1ec3 \u0111\u1ea3m b\u1ea3o \u0111\u1ed9 b\u1ec1n, hi\u1ec7u su\u1ea5t v\u00e0 hi\u1ec7u qu\u1ea3. D\u01b0\u1edbi \u0111\u00e2y l\u00e0 c\u00e1c th\u00e0nh ph\u1ea7n ch\u00ednh:<\/p>\n<ol>\n<li><strong>V\u1ecf h\u1ed9p s\u1ed1:<\/strong>\n<ul>\n<li>V\u1ecf ngo\u00e0i ho\u1eb7c v\u1ecf h\u1ed9p s\u1ed1 b\u1ea3o v\u1ec7 c\u00e1c b\u1ed9 ph\u1eadn b\u00ean trong c\u1ee7a h\u1ed9p s\u1ed1. Th\u01b0\u1eddng \u0111\u01b0\u1ee3c l\u00e0m t\u1eeb v\u1eadt li\u1ec7u c\u00f3 \u0111\u1ed9 b\u1ec1n cao nh\u01b0 gang ho\u1eb7c th\u00e9p b\u1ec1n, v\u1ecf h\u1ed9p s\u1ed1 \u0111\u1ea3m b\u1ea3o h\u1ed9p s\u1ed1 c\u00f3 th\u1ec3 ch\u1ecbu \u0111\u01b0\u1ee3c c\u00e1c \u0111i\u1ec1u ki\u1ec7n kh\u1eafc nghi\u1ec7t c\u1ee7a m\u00f4i tr\u01b0\u1eddng n\u00f4ng nghi\u1ec7p, bao g\u1ed3m b\u1ee5i, \u0111\u1ed9 \u1ea9m v\u00e0 nhi\u1ec7t \u0111\u1ed9 kh\u1eafc nghi\u1ec7t.<\/li>\n<\/ul>\n<\/li>\n<li><strong>Tr\u1ee5c \u0111\u1ea7u v\u00e0o:<\/strong>\n<ul>\n<li>Tr\u1ee5c \u0111\u1ea7u v\u00e0o l\u00e0 b\u1ed9 ph\u1eadn nh\u1eadn c\u00f4ng su\u1ea5t t\u1eeb \u200b\u200bngu\u1ed3n truy\u1ec1n \u0111\u1ed9ng (v\u00ed d\u1ee5: \u0111\u1ed9ng c\u01a1 \u0111i\u1ec7n, PTO m\u00e1y k\u00e9o ho\u1eb7c \u0111\u1ed9ng c\u01a1). N\u00f3 truy\u1ec1n chuy\u1ec3n \u0111\u1ed9ng quay v\u00e0o h\u1ed9p s\u1ed1, sau \u0111\u00f3 \u0111\u01b0\u1ee3c truy\u1ec1n \u0111\u1ebfn c\u01a1 c\u1ea5u tr\u1ee5c v\u00edt. Tr\u1ee5c \u0111\u1ea7u v\u00e0o \u0111\u01b0\u1ee3c thi\u1ebft k\u1ebf \u0111\u1ec3 x\u1eed l\u00fd t\u1ed1c \u0111\u1ed9 quay v\u00e0 t\u1ea3i m\u00f4-men xo\u1eafn cao.<\/li>\n<\/ul>\n<\/li>\n<li><strong>Tr\u1ee5c ra:<\/strong>\n<ul>\n<li>Tr\u1ee5c \u0111\u1ea7u ra \u0111\u01b0\u1ee3c k\u1ebft n\u1ed1i v\u1edbi tr\u1ee5c v\u00edt v\u00e0 truy\u1ec1n chuy\u1ec3n \u0111\u1ed9ng quay do h\u1ed9p s\u1ed1 t\u1ea1o ra \u0111\u1ebfn tr\u1ee5c v\u00edt. Tr\u1ee5c n\u00e0y \u0111\u00f3ng vai tr\u00f2 quan tr\u1ecdng trong vi\u1ec7c \u0111\u1ea3m b\u1ea3o tr\u1ee5c v\u00edt ho\u1ea1t \u0111\u1ed9ng tr\u01a1n tru \u0111\u1ec3 di chuy\u1ec3n h\u1ea1t. Tr\u1ee5c \u0111\u1ea7u ra th\u01b0\u1eddng \u0111\u01b0\u1ee3c thi\u1ebft k\u1ebf v\u1edbi \u1ed5 tr\u1ee5c ch\u1ecbu t\u1ea3i tr\u1ecdng l\u1edbn \u0111\u1ec3 ch\u1ecbu t\u1ea3i v\u00e0 ch\u1ed1ng m\u00e0i m\u00f2n trong th\u1eddi gian v\u1eadn h\u00e0nh d\u00e0i.<\/li>\n<\/ul>\n<\/li>\n<li><strong>B\u00e1nh r\u0103ng:<\/strong>\n<ul>\n<li>C\u00e1c b\u00e1nh r\u0103ng b\u00ean trong h\u1ed9p s\u1ed1 l\u00e0 b\u1ed9 ph\u1eadn ch\u00ednh ch\u1ecbu tr\u00e1ch nhi\u1ec7m chuy\u1ec3n \u0111\u1ed5i m\u00f4-men xo\u1eafn v\u00e0 t\u1ed1c \u0111\u1ed9 \u0111\u1ea7u v\u00e0o th\u00e0nh \u0111\u1ea7u ra mong mu\u1ed1n. C\u00e1c lo\u1ea1i b\u00e1nh r\u0103ng th\u01b0\u1eddng \u0111\u01b0\u1ee3c s\u1eed d\u1ee5ng trong h\u1ed9p s\u1ed1 m\u00e1y nghi\u1ec1n h\u1ea1t bao g\u1ed3m:\n<ul>\n<li><strong>B\u00e1nh r\u0103ng xo\u1eafn \u1ed1c:<\/strong> Mang l\u1ea1i ho\u1ea1t \u0111\u1ed9ng tr\u01a1n tru v\u00e0 y\u00ean t\u0129nh v\u1edbi hi\u1ec7u qu\u1ea3 \u0111\u01b0\u1ee3c c\u1ea3i thi\u1ec7n.<\/li>\n<li><strong>B\u00e1nh r\u0103ng tr\u1ee5:<\/strong> \u0110\u01a1n gi\u1ea3n h\u01a1n v\u00e0 ti\u1ebft ki\u1ec7m chi ph\u00ed h\u01a1n, nh\u01b0ng th\u01b0\u1eddng \u1ed3n h\u01a1n b\u00e1nh r\u0103ng xo\u1eafn.<\/li>\n<li><strong>B\u00e1nh r\u0103ng c\u00f4n:<\/strong> \u0110\u01b0\u1ee3c s\u1eed d\u1ee5ng \u0111\u1ec3 thay \u0111\u1ed5i h\u01b0\u1edbng quay, th\u01b0\u1eddng th\u1ea5y \u1edf h\u1ed9p s\u1ed1 g\u00f3c vu\u00f4ng.<\/li>\n<\/ul>\n<\/li>\n<li>Vi\u1ec7c l\u1ef1a ch\u1ecdn lo\u1ea1i b\u00e1nh r\u0103ng ph\u1ee5 thu\u1ed9c v\u00e0o m\u00f4-men xo\u1eafn, t\u1ed1c \u0111\u1ed9 v\u00e0 \u0111\u1ed9 b\u1ec1n c\u1ea7n thi\u1ebft.<\/li>\n<\/ul>\n<\/li>\n<li><strong>V\u00f2ng bi:<\/strong>\n<ul>\n<li>V\u00f2ng bi h\u1ed7 tr\u1ee3 c\u00e1c tr\u1ee5c quay b\u00ean trong h\u1ed9p s\u1ed1, gi\u1ea3m thi\u1ec3u ma s\u00e1t v\u00e0 \u0111\u1ea3m b\u1ea3o ho\u1ea1t \u0111\u1ed9ng tr\u01a1n tru. Ch\u00fang r\u1ea5t quan tr\u1ecdng \u0111\u1ec3 duy tr\u00ec \u0111\u1ed9 \u1ed5n \u0111\u1ecbnh v\u00e0 gi\u1ea3m m\u00e0i m\u00f2n, \u0111\u1eb7c bi\u1ec7t l\u00e0 khi ch\u1ecbu t\u1ea3i n\u1eb7ng. V\u00f2ng bi ch\u1ea5t l\u01b0\u1ee3ng cao \u0111\u01b0\u1ee3c l\u1ef1a ch\u1ecdn \u0111\u1ec3 k\u00e9o d\u00e0i tu\u1ed5i th\u1ecd c\u1ee7a h\u1ed9p s\u1ed1 v\u00e0 gi\u1ea3m nhu c\u1ea7u b\u1ea3o tr\u00ec.<\/li>\n<\/ul>\n<\/li>\n<\/ol>\n<p>C\u00e1c th\u00e0nh ph\u1ea7n ch\u00ednh c\u1ee7a h\u1ed9p s\u1ed1 m\u00e1y khoan h\u1ea1t ph\u1ed1i h\u1ee3p nh\u1ecbp nh\u00e0ng v\u1edbi nhau \u0111\u1ec3 mang l\u1ea1i hi\u1ec7u su\u1ea5t x\u1eed l\u00fd v\u00e0 v\u1eadn chuy\u1ec3n h\u1ea1t hi\u1ec7u qu\u1ea3, \u0111\u00e1ng tin c\u1eady. Vi\u1ec7c l\u1ef1a ch\u1ecdn, b\u1ea3o tr\u00ec v\u00e0 b\u00f4i tr\u01a1n \u0111\u00fang c\u00e1ch c\u00e1c b\u1ed9 ph\u1eadn n\u00e0y l\u00e0 r\u1ea5t c\u1ea7n thi\u1ebft \u0111\u1ec3 \u0111\u1ea3m b\u1ea3o ch\u1ee9c n\u0103ng t\u1ed1i \u01b0u v\u00e0 tu\u1ed5i th\u1ecd cao, bi\u1ebfn h\u1ed9p s\u1ed1 m\u00e1y khoan h\u1ea1t tr\u1edf th\u00e0nh m\u1ed9t ph\u1ea7n thi\u1ebft y\u1ebfu trong c\u00e1c ho\u1ea1t \u0111\u1ed9ng n\u00f4ng nghi\u1ec7p v\u00e0 l\u01b0u tr\u1eef hi\u1ec7n \u0111\u1ea1i.<\/p>\n<p><img loading=\"lazy\" decoding=\"async\" class=\"alignnone size-full wp-image-3133\" src=\"https:\/\/fmp-components.com\/wp-content\/uploads\/2025\/01\/Grain-Transportation-Gearbox-6.webp\" alt=\"H\u1ed9p s\u1ed1 v\u1eadn chuy\u1ec3n ng\u0169 c\u1ed1c 6\" width=\"1534\" height=\"1286\" title=\"\" srcset=\"https:\/\/fmp-components.com\/wp-content\/uploads\/2025\/01\/Grain-Transportation-Gearbox-6.webp 1534w, https:\/\/fmp-components.com\/wp-content\/uploads\/2025\/01\/Grain-Transportation-Gearbox-6-1280x1073.webp 1280w, https:\/\/fmp-components.com\/wp-content\/uploads\/2025\/01\/Grain-Transportation-Gearbox-6-980x822.webp 980w, https:\/\/fmp-components.com\/wp-content\/uploads\/2025\/01\/Grain-Transportation-Gearbox-6-480x402.webp 480w\" sizes=\"(min-width: 0px) and (max-width: 480px) 480px, (min-width: 481px) and (max-width: 980px) 980px, (min-width: 981px) and (max-width: 1280px) 1280px, (min-width: 1281px) 1534px, 100vw\" \/><\/p>\n<h2>Gi\u1edbi thi\u1ec7u v\u1ec1 FMP<\/h2>\n<p>C\u00f3 tr\u1ee5 s\u1edf ch\u00ednh t\u1ea1i \u00dd, FMP l\u00e0 nh\u00e0 s\u1ea3n xu\u1ea5t h\u00e0ng \u0111\u1ea7u n\u1ed5i ti\u1ebfng v\u1edbi chuy\u00ean m\u00f4n trong thi\u1ebft k\u1ebf, ph\u00e1t tri\u1ec3n v\u00e0 s\u1ea3n xu\u1ea5t h\u1ed9p s\u1ed1 hi\u1ec7u su\u1ea5t cao, t\u1eadp trung ch\u1ee7 y\u1ebfu v\u00e0o l\u0129nh v\u1ef1c m\u00e1y m\u00f3c n\u00f4ng nghi\u1ec7p. V\u1edbi k\u1ef9 thu\u1eadt ch\u00ednh x\u00e1c, gi\u1ea3i ph\u00e1p ti\u00ean ti\u1ebfn v\u00e0 \u0111\u1ed9 tin c\u1eady cao, FMP \u0111\u00e3 t\u1ea1o d\u1ef1ng \u0111\u01b0\u1ee3c danh ti\u1ebfng l\u00e0 \u0111\u1ed1i t\u00e1c \u0111\u00e1ng tin c\u1eady trong c\u1ea3 th\u1ecb tr\u01b0\u1eddng n\u00f4ng nghi\u1ec7p v\u00e0 c\u00f4ng nghi\u1ec7p. Danh m\u1ee5c s\u1ea3n ph\u1ea9m to\u00e0n di\u1ec7n c\u1ee7a ch\u00fang t\u00f4i bao g\u1ed3m h\u1ed9p s\u1ed1 \u0111\u01b0\u1ee3c thi\u1ebft k\u1ebf ri\u00eang cho m\u00e1y c\u1eaft c\u1ecf, tr\u1ee5c PTO v\u00e0 nhi\u1ec1u linh ki\u1ec7n thi\u1ebft y\u1ebfu kh\u00e1c, t\u1ea5t c\u1ea3 \u0111\u1ec1u \u0111\u01b0\u1ee3c ch\u1ebf t\u1ea1o t\u1ec9 m\u1ec9 \u0111\u1ec3 \u0111\u00e1p \u1ee9ng nhu c\u1ea7u c\u1ee5 th\u1ec3 c\u1ee7a nhi\u1ec1u \u1ee9ng d\u1ee5ng kh\u00e1c nhau.<\/p>\n<p>T\u1ea1i FMP, ch\u00fang t\u00f4i hi\u1ec3u r\u1eb1ng m\u1ed7i kh\u00e1ch h\u00e0ng \u0111\u1ec1u ph\u1ea3i \u0111\u1ed1i m\u1eb7t v\u1edbi nh\u1eefng th\u00e1ch th\u1ee9c ri\u00eang. \u0110\u00f3 l\u00e0 l\u00fd do t\u1ea1i sao ch\u00fang t\u00f4i chuy\u00ean cung c\u1ea5p c\u00e1c gi\u1ea3i ph\u00e1p \u0111\u01b0\u1ee3c thi\u1ebft k\u1ebf ri\u00eang, d\u00f9 l\u00e0 cho t\u1eebng th\u00e0nh ph\u1ea7n ri\u00eang l\u1ebb hay h\u1ec7 th\u1ed1ng t\u00edch h\u1ee3p ho\u00e0n ch\u1ec9nh. Th\u00f4ng qua s\u1ef1 h\u1ee3p t\u00e1c ch\u1eb7t ch\u1ebd v\u1edbi kh\u00e1ch h\u00e0ng, ch\u00fang t\u00f4i \u0111\u1ea3m b\u1ea3o r\u1eb1ng m\u1ed7i gi\u1ea3i ph\u00e1p kh\u00f4ng ch\u1ec9 \u0111\u00e1p \u1ee9ng nhu c\u1ea7u c\u1ee7a h\u1ecd m\u00e0 c\u00f2n t\u1ed1i \u01b0u h\u00f3a hi\u1ec7u su\u1ea5t v\u00e0 t\u1ed1i \u0111a h\u00f3a gi\u00e1 tr\u1ecb. Cam k\u1ebft c\u1ee7a ch\u00fang t\u00f4i v\u1ec1 ph\u1ea3n h\u1ed3i nhanh ch\u00f3ng, chuy\u00ean nghi\u1ec7p v\u00e0 h\u01b0\u1edbng d\u1eabn chuy\u00ean m\u00f4n \u0111\u1ea3m b\u1ea3o r\u1eb1ng m\u1ecdi th\u1eafc m\u1eafc \u0111\u1ec1u \u0111\u01b0\u1ee3c gi\u1ea3i quy\u1ebft ch\u00ednh x\u00e1c, \u0111\u1ea3m b\u1ea3o k\u1ebft qu\u1ea3 t\u1ed1t nh\u1ea5t m\u1ecdi l\u00fac.<\/p>\n<p>Ch\u00fang t\u00f4i \u01b0u ti\u00ean giao ti\u1ebfp r\u00f5 r\u00e0ng, li\u00ean t\u1ee5c trong su\u1ed1t chu tr\u00ecnh ph\u00e1t tri\u1ec3n s\u1ea3n ph\u1ea9m. \u0110\u1ed9i ng\u0169 t\u1eadn t\u00e2m c\u1ee7a ch\u00fang t\u00f4i l\u00e0m vi\u1ec7c ch\u1eb7t ch\u1ebd v\u1edbi kh\u00e1ch h\u00e0ng \u0111\u1ec3 hi\u1ec3u r\u00f5 y\u00eau c\u1ea7u c\u1ee7a h\u1ecd v\u00e0 cung c\u1ea5p nh\u1eefng hi\u1ec3u bi\u1ebft s\u00e2u s\u1eafc c\u00f9ng c\u00e1c khuy\u1ebfn ngh\u1ecb gi\u00e1 tr\u1ecb nh\u1eb1m \u0111\u1ea1t \u0111\u01b0\u1ee3c k\u1ebft qu\u1ea3 t\u1ed1i \u01b0u. D\u00f9 l\u00e0 thi\u1ebft k\u1ebf s\u1ea3n ph\u1ea9m hi\u1ec7n \u0111\u1ea1i hay th\u1ef1c hi\u1ec7n c\u00e1c \u0111\u01a1n h\u00e0ng th\u01b0\u1eddng xuy\u00ean, FMP lu\u00f4n cam k\u1ebft cung c\u1ea5p c\u00e1c gi\u1ea3i ph\u00e1p ch\u1ea5t l\u01b0\u1ee3ng cao, \u0111\u01b0\u1ee3c thi\u1ebft k\u1ebf ch\u00ednh x\u00e1c, \u0111\u00fang h\u1ea1n. S\u1ee9 m\u1ec7nh c\u1ee7a ch\u00fang t\u00f4i l\u00e0 lu\u00f4n v\u01b0\u1ee3t tr\u00ean mong \u0111\u1ee3i c\u1ee7a kh\u00e1ch h\u00e0ng, cung c\u1ea5p d\u1ecbch v\u1ee5 v\u00e0 k\u1ebft qu\u1ea3 v\u01b0\u1ee3t tr\u1ed9i trong m\u1ecdi d\u1ef1 \u00e1n.<\/p>\n<p>Ch\u1ea5t l\u01b0\u1ee3ng l\u00e0 tr\u1ecdng t\u00e2m trong ho\u1ea1t \u0111\u1ed9ng c\u1ee7a FMP. Ch\u00fang t\u00f4i duy tr\u00ec c\u00e1c ti\u00eau chu\u1ea9n s\u1ea3n xu\u1ea5t cao nh\u1ea5t v\u00e0 th\u1ef1c hi\u1ec7n c\u00e1c bi\u1ec7n ph\u00e1p ki\u1ec3m so\u00e1t ch\u1ea5t l\u01b0\u1ee3ng nghi\u00eam ng\u1eb7t \u0111\u1ec3 \u0111\u1ea3m b\u1ea3o m\u1ed7i s\u1ea3n ph\u1ea9m \u0111\u1ec1u \u0111\u00e1p \u1ee9ng, v\u00e0 th\u01b0\u1eddng v\u01b0\u1ee3t qua, c\u00e1c ti\u00eau chu\u1ea9n c\u1ee7a ng\u00e0nh. Cam k\u1ebft v\u1ec1 s\u1ef1 xu\u1ea5t s\u1eafc n\u00e0y, c\u00f9ng v\u1edbi c\u00e1c gi\u00e1 tr\u1ecb c\u1ed1t l\u00f5i c\u1ee7a ch\u00fang t\u00f4i v\u1ec1 t\u00ednh ch\u00ednh tr\u1ef1c, tinh th\u1ea7n \u0111\u1ed3ng \u0111\u1ed9i v\u00e0 s\u1ef1 ki\u00ean tr\u00ec, \u0111\u00e3 gi\u00fap ch\u00fang t\u00f4i x\u00e2y d\u1ef1ng m\u1ed1i quan h\u1ec7 l\u00e2u d\u00e0i, d\u1ef1a tr\u00ean s\u1ef1 tin c\u1eady v\u1edbi kh\u00e1ch h\u00e0ng t\u1ea1i g\u1ea7n 30 qu\u1ed1c gia tr\u00ean to\u00e0n th\u1ebf gi\u1edbi.<\/p>\n<p>FMP lu\u00f4n mong mu\u1ed1n x\u00e2y d\u1ef1ng quan h\u1ec7 \u0111\u1ed1i t\u00e1c to\u00e0n c\u1ea7u, cung c\u1ea5p t\u01b0 v\u1ea5n chuy\u00ean m\u00f4n v\u00e0 c\u00e1c gi\u1ea3i ph\u00e1p t\u00f9y ch\u1ec9nh, \u0111\u00e1p \u1ee9ng nhu c\u1ea7u ng\u00e0y c\u00e0ng \u0111a d\u1ea1ng c\u1ee7a kh\u00e1ch h\u00e0ng. Ch\u00fang t\u00f4i n\u1ed7 l\u1ef1c x\u00e2y d\u1ef1ng m\u1ed1i quan h\u1ec7 l\u00e2u d\u00e0i, c\u00f9ng c\u00f3 l\u1ee3i, g\u00f3p ph\u1ea7n v\u00e0o th\u00e0nh c\u00f4ng c\u1ee7a m\u1ecdi d\u1ef1 \u00e1n. Cho d\u00f9 b\u1ea1n c\u1ea7n c\u00e1c gi\u1ea3i ph\u00e1p s\u00e1ng t\u1ea1o cho m\u1ed9t s\u00e1ng ki\u1ebfn \u200b\u200bm\u1edbi hay h\u1ed7 tr\u1ee3 li\u00ean t\u1ee5c cho m\u1ed9t h\u1ec7 th\u1ed1ng hi\u1ec7n c\u00f3, FMP lu\u00f4n s\u1eb5n s\u00e0ng gi\u00fap b\u1ea1n v\u01b0\u1ee3t qua nh\u1eefng th\u00e1ch th\u1ee9c k\u1ef9 thu\u1eadt v\u00e0 \u0111\u1ea3m b\u1ea3o th\u00e0nh c\u00f4ng b\u1ec1n v\u1eefng.<\/p>\n<p><img loading=\"lazy\" decoding=\"async\" class=\"alignnone wp-image-2695\" src=\"https:\/\/fmp-components.com\/wp-content\/uploads\/2025\/01\/agricultural-gearbox3.webp\" alt=\"h\u1ed9p s\u1ed1 n\u00f4ng nghi\u1ec7p\" width=\"1140\" height=\"1138\" title=\"\" srcset=\"https:\/\/fmp-components.com\/wp-content\/uploads\/2025\/01\/agricultural-gearbox3.webp 1140w, https:\/\/fmp-components.com\/wp-content\/uploads\/2025\/01\/agricultural-gearbox3-480x479.webp 480w\" sizes=\"(min-width: 0px) and (max-width: 480px) 480px, (min-width: 481px) 1140px, 100vw\" \/><\/p>\n<p>T\u00e1c gi\u1ea3: CX<\/p>","protected":false},"excerpt":{"rendered":"<p>Grain Auger Gearbox FMP-2390 Specifications Product Name Grain auger gearbox FMP-2390 Material Housing as HT250, Shaft as 20CrMnTi Color Dark or Red or as customized Type Bevel gear Ratio 1:1 Bearing QC or C&amp;U or NTN Warranty one and half year Used grain storage Applications of Grain Auger Gearbox for Grain Storage and Transportation Grain [&hellip;]<\/p>","protected":false},"featured_media":3130,"comment_status":"open","ping_status":"closed","template":"","meta":{"_et_pb_use_builder":"","_et_pb_old_content":"","_et_gb_content_width":""},"product_brand":[],"product_cat":[74],"product_tag":[],"class_list":{"0":"post-3129","1":"product","2":"type-product","3":"status-publish","4":"has-post-thumbnail","6":"product_cat-grain-transportation-gearbox","8":"first","9":"instock","10":"shipping-taxable","11":"product-type-simple"},"_links":{"self":[{"href":"https:\/\/fmp-components.com\/vi\/wp-json\/wp\/v2\/product\/3129","targetHints":{"allow":["GET"]}}],"collection":[{"href":"https:\/\/fmp-components.com\/vi\/wp-json\/wp\/v2\/product"}],"about":[{"href":"https:\/\/fmp-components.com\/vi\/wp-json\/wp\/v2\/types\/product"}],"replies":[{"embeddable":true,"href":"https:\/\/fmp-components.com\/vi\/wp-json\/wp\/v2\/comments?post=3129"}],"wp:featuredmedia":[{"embeddable":true,"href":"https:\/\/fmp-components.com\/vi\/wp-json\/wp\/v2\/media\/3130"}],"wp:attachment":[{"href":"https:\/\/fmp-components.com\/vi\/wp-json\/wp\/v2\/media?parent=3129"}],"wp:term":[{"taxonomy":"product_brand","embeddable":true,"href":"https:\/\/fmp-components.com\/vi\/wp-json\/wp\/v2\/product_brand?post=3129"},{"taxonomy":"product_cat","embeddable":true,"href":"https:\/\/fmp-components.com\/vi\/wp-json\/wp\/v2\/product_cat?post=3129"},{"taxonomy":"product_tag","embeddable":true,"href":"https:\/\/fmp-components.com\/vi\/wp-json\/wp\/v2\/product_tag?post=3129"}],"curies":[{"name":"wp","href":"https:\/\/api.w.org\/{rel}","templated":true}]}}