{"id":3119,"date":"2025-01-05T02:26:27","date_gmt":"2025-01-05T02:26:27","guid":{"rendered":"https:\/\/fmp-components.com\/?page_id=8"},"modified":"2025-01-05T02:26:27","modified_gmt":"2025-01-05T02:26:27","slug":"grain-transportation-gearbox-fmp-1002-for-agricultural-grain-transportation","status":"publish","type":"product","link":"https:\/\/fmp-components.com\/vi\/product\/grain-transportation-gearbox-fmp-1002-for-agricultural-grain-transportation\/","title":{"rendered":"H\u1ed9p s\u1ed1 v\u1eadn chuy\u1ec3n ng\u0169 c\u1ed1c FMP-1002 d\u00f9ng cho v\u1eadn chuy\u1ec3n ng\u0169 c\u1ed1c n\u00f4ng nghi\u1ec7p"},"content":{"rendered":"<h2>Th\u00f4ng s\u1ed1 k\u1ef9 thu\u1eadt h\u1ed9p s\u1ed1 v\u1eadn chuy\u1ec3n ng\u0169 c\u1ed1c FMP-1002<\/h2>\n<table border=\"1\" width=\"100%\" cellspacing=\"0\" cellpadding=\"0\">\n<tbody>\n<tr>\n<td>T\u00ean s\u1ea3n ph\u1ea9m<\/td>\n<td>H\u1ed9p s\u1ed1 v\u1eadn chuy\u1ec3n ng\u0169 c\u1ed1c<\/td>\n<\/tr>\n<tr>\n<td>Ng\u01b0\u1eddi m\u1eabu<\/td>\n<td>EP-1002<\/td>\n<\/tr>\n<tr>\n<td>M\u00e0u s\u1eafc<\/td>\n<td>T\u00f9y ch\u1ec9nh<\/td>\n<\/tr>\n<tr>\n<td>V\u1eadt li\u1ec7u<\/td>\n<td>HT250 cho v\u1ecf, 20CrMnTi cho tr\u1ee5c b\u00e1nh r\u0103ng.<\/td>\n<\/tr>\n<tr>\n<td>\u0110\u00e3 s\u1eed d\u1ee5ng<\/td>\n<td>V\u1eadn chuy\u1ec3n ng\u0169 c\u1ed1c<\/td>\n<\/tr>\n<\/tbody>\n<\/table>\n<h2>C\u00e1c th\u00e0nh ph\u1ea7n ch\u00ednh c\u1ee7a h\u1ed9p s\u1ed1 v\u1eadn chuy\u1ec3n ng\u0169 c\u1ed1c FMP-1002<\/h2>\n<p>H\u1ed9p s\u1ed1 v\u1eadn chuy\u1ec3n ng\u0169 c\u1ed1c FMP-1002 \u0111\u01b0\u1ee3c thi\u1ebft k\u1ebf \u0111\u1ec3 mang l\u1ea1i hi\u1ec7u su\u1ea5t t\u1ed1i \u01b0u cho c\u00e1c h\u1ec7 th\u1ed1ng v\u1eadn chuy\u1ec3n ng\u0169 c\u1ed1c, ch\u1eb3ng h\u1ea1n nh\u01b0 b\u0103ng t\u1ea3i v\u00e0 tr\u1ee5c v\u00edt. C\u00e1c th\u00e0nh ph\u1ea7n ch\u00ednh c\u1ee7a h\u1ed9p s\u1ed1 n\u00e0y bao g\u1ed3m:<\/p>\n<p><strong>1. Nh\u00e0 \u1edf:<\/strong><\/p>\n<ul>\n<li>V\u1eadt li\u1ec7u: Th\u01b0\u1eddng \u0111\u01b0\u1ee3c l\u00e0m b\u1eb1ng gang ch\u1ea5t l\u01b0\u1ee3ng cao ho\u1eb7c h\u1ee3p kim b\u1ec1n, v\u1ecf m\u00e1y \u0111\u00f3ng vai tr\u00f2 l\u00e0 l\u1edbp b\u1ea3o v\u1ec7 ch\u00ednh cho c\u00e1c b\u1ed9 ph\u1eadn b\u00ean trong.<\/li>\n<li>Ch\u1ee9c n\u0103ng: Cung c\u1ea5p h\u1ed7 tr\u1ee3 c\u1ea5u tr\u00fac v\u00e0 b\u1ea3o v\u1ec7 ch\u1ed1ng l\u1ea1i s\u1ef1 hao m\u00f2n b\u00ean ngo\u00e0i, \u0111\u1ed3ng th\u1eddi \u0111\u1ea3m b\u1ea3o s\u1ef1 c\u0103n ch\u1ec9nh ch\u00ednh x\u00e1c c\u1ee7a c\u00e1c b\u00e1nh r\u0103ng b\u00ean trong.<\/li>\n<\/ul>\n<p><strong>2. B\u00e1nh r\u0103ng:<\/strong><\/p>\n<ul>\n<li>B\u00e1nh r\u0103ng xo\u1eafn \u1ed1c: Th\u01b0\u1eddng \u0111\u01b0\u1ee3c s\u1eed d\u1ee5ng v\u00ec hi\u1ec7u qu\u1ea3 v\u00e0 ho\u1ea1t \u0111\u1ed9ng \u00eam h\u01a1n, b\u00e1nh r\u0103ng xo\u1eafn \u1ed1c mang l\u1ea1i s\u1ef1 chuy\u1ec3n ti\u1ebfp m\u01b0\u1ee3t m\u00e0 h\u01a1n gi\u1eefa c\u00e1c r\u0103ng, gi\u1ea3m ti\u1ebfng \u1ed3n v\u00e0 n\u00e2ng cao hi\u1ec7u su\u1ea5t t\u1ed5ng th\u1ec3 c\u1ee7a h\u1ed9p s\u1ed1.<\/li>\n<li>B\u00e1nh r\u0103ng c\u00f4n: \u0110\u01b0\u1ee3c s\u1eed d\u1ee5ng trong m\u1ed9t s\u1ed1 thi\u1ebft k\u1ebf \u0111\u1ec3 thay \u0111\u1ed5i h\u01b0\u1edbng d\u00f2ng \u0111i\u1ec7n, b\u00e1nh r\u0103ng c\u00f4n cho ph\u00e9p h\u1ed9p s\u1ed1 ho\u1ea1t \u0111\u1ed9ng \u1edf m\u1ed9t g\u00f3c, cho ph\u00e9p \u1ee9ng d\u1ee5ng \u0111a d\u1ea1ng.<\/li>\n<li>V\u1eadt li\u1ec7u: B\u00e1nh r\u0103ng th\u01b0\u1eddng \u0111\u01b0\u1ee3c l\u00e0m t\u1eeb th\u00e9p c\u1ee9ng ho\u1eb7c c\u00e1c v\u1eadt li\u1ec7u b\u1ec1n kh\u00e1c \u0111\u1ec3 ch\u1ecbu \u0111\u01b0\u1ee3c m\u00f4-men xo\u1eafn cao v\u00e0 \u1ee9ng su\u1ea5t c\u01a1 h\u1ecdc trong qu\u00e1 tr\u00ecnh v\u1eadn h\u00e0nh.<\/li>\n<\/ul>\n<p><strong>3. Tr\u1ee5c:<\/strong><\/p>\n<ul>\n<li>Tr\u1ee5c v\u00e0o v\u00e0 ra: C\u00e1c tr\u1ee5c n\u00e0y l\u00e0 li\u00ean k\u1ebft c\u01a1 h\u1ecdc ch\u00ednh gi\u1eefa \u0111\u1ed9ng c\u01a1, h\u1ed9p s\u1ed1 v\u00e0 h\u1ec7 th\u1ed1ng v\u1eadn chuy\u1ec3n ng\u0169 c\u1ed1c.<\/li>\n<li>V\u1eadt li\u1ec7u: Tr\u1ee5c th\u00e9p c\u1ee9ng \u0111\u1ea3m b\u1ea3o \u0111\u1ed9 b\u1ec1n v\u00e0 tu\u1ed5i th\u1ecd trong \u0111i\u1ec1u ki\u1ec7n t\u1ea3i tr\u1ecdng n\u1eb7ng.<\/li>\n<\/ul>\n<p><strong>4. V\u00f2ng bi:<\/strong><\/p>\n<ul>\n<li>V\u00f2ng bi l\u0103n ho\u1eb7c v\u00f2ng bi bi: V\u00f2ng bi l\u00e0m gi\u1ea3m ma s\u00e1t gi\u1eefa c\u00e1c b\u1ed9 ph\u1eadn quay, \u0111\u1ea3m b\u1ea3o ho\u1ea1t \u0111\u1ed9ng tr\u01a1n tru v\u00e0 gi\u1ea3m thi\u1ec3u m\u00e0i m\u00f2n.<\/li>\n<li>Ch\u1ee9c n\u0103ng: V\u00f2ng bi h\u1ed7 tr\u1ee3 c\u00e1c b\u1ed9 ph\u1eadn quay, cho ph\u00e9p b\u00e1nh r\u0103ng v\u00e0 tr\u1ee5c quay t\u1ef1 do v\u00e0 hi\u1ec7u qu\u1ea3 trong khi v\u1eabn duy tr\u00ec s\u1ef1 li\u00ean k\u1ebft th\u00edch h\u1ee3p.<\/li>\n<\/ul>\n<p><strong>5. Ph\u1edbt v\u00e0 mi\u1ebfng \u0111\u1ec7m:<\/strong><\/p>\n<ul>\n<li>Ch\u1ee9c n\u0103ng: Ng\u0103n ng\u1eeba r\u00f2 r\u1ec9 d\u1ea7u b\u00f4i tr\u01a1n v\u00e0 b\u1ea3o v\u1ec7 c\u00e1c b\u1ed9 ph\u1eadn b\u00ean trong kh\u1ecfi c\u00e1c ch\u1ea5t g\u00e2y \u00f4 nhi\u1ec5m nh\u01b0 b\u1ee5i, \u0111\u1ea5t v\u00e0 h\u01a1i \u1ea9m. Ph\u1edbt gi\u00fap duy tr\u00ec hi\u1ec7u su\u1ea5t c\u1ee7a h\u1ed9p s\u1ed1 v\u00e0 ng\u0103n ng\u1eeba m\u00e0i m\u00f2n s\u1edbm.<\/li>\n<\/ul>\n<p>B\u1eb1ng c\u00e1ch k\u1ebft h\u1ee3p c\u00e1c th\u00e0nh ph\u1ea7n n\u00e0y, H\u1ed9p s\u1ed1 v\u1eadn chuy\u1ec3n ng\u0169 c\u1ed1c FMP-1002 cung c\u1ea5p kh\u1ea3 n\u0103ng truy\u1ec1n l\u1ef1c \u0111\u00e1ng tin c\u1eady v\u00e0 hi\u1ec7u qu\u1ea3 cho c\u00e1c h\u1ec7 th\u1ed1ng v\u1eadn chuy\u1ec3n ng\u0169 c\u1ed1c, \u0111\u1ea3m b\u1ea3o ho\u1ea1t \u0111\u1ed9ng tr\u01a1n tru v\u00e0 nh\u1ea5t qu\u00e1n ngay c\u1ea3 khi ch\u1ecbu t\u1ea3i n\u1eb7ng.<\/p>\n<h2><img loading=\"lazy\" decoding=\"async\" class=\"alignnone size-full wp-image-3120\" src=\"https:\/\/fmp-components.com\/wp-content\/uploads\/2025\/01\/Grain-Transportation-Gearbox-3.webp\" alt=\"H\u1ed9p s\u1ed1 v\u1eadn chuy\u1ec3n ng\u0169 c\u1ed1c 3\" width=\"1534\" height=\"1286\" title=\"\" srcset=\"https:\/\/fmp-components.com\/wp-content\/uploads\/2025\/01\/Grain-Transportation-Gearbox-3.webp 1534w, https:\/\/fmp-components.com\/wp-content\/uploads\/2025\/01\/Grain-Transportation-Gearbox-3-1280x1073.webp 1280w, https:\/\/fmp-components.com\/wp-content\/uploads\/2025\/01\/Grain-Transportation-Gearbox-3-980x822.webp 980w, https:\/\/fmp-components.com\/wp-content\/uploads\/2025\/01\/Grain-Transportation-Gearbox-3-480x402.webp 480w\" sizes=\"(min-width: 0px) and (max-width: 480px) 480px, (min-width: 481px) and (max-width: 980px) 980px, (min-width: 981px) and (max-width: 1280px) 1280px, (min-width: 1281px) 1534px, 100vw\" \/>\u00a0\u1ee8ng d\u1ee5ng c\u1ee7a h\u1ed9p s\u1ed1 v\u1eadn chuy\u1ec3n ng\u0169 c\u1ed1c FMP-1002<\/h2>\n<p>H\u1ed9p s\u1ed1 v\u1eadn chuy\u1ec3n ng\u0169 c\u1ed1c FMP-1002 \u0111\u01b0\u1ee3c thi\u1ebft k\u1ebf \u0111\u1ec3 \u0111\u1ea1t hi\u1ec7u su\u1ea5t t\u1ed1i \u01b0u trong nhi\u1ec1u \u1ee9ng d\u1ee5ng n\u00f4ng nghi\u1ec7p v\u00e0 c\u00f4ng nghi\u1ec7p li\u00ean quan \u0111\u1ebfn vi\u1ec7c v\u1eadn chuy\u1ec3n ng\u0169 c\u1ed1c v\u00e0 c\u00e1c v\u1eadt li\u1ec7u r\u1eddi kh\u00e1c. Kh\u1ea3 n\u0103ng truy\u1ec1n \u0111\u1ed9ng \u0111\u00e1ng tin c\u1eady v\u00e0 \u0111\u1ed9 b\u1ec1n cao khi\u1ebfn n\u00f3 tr\u1edf n\u00ean l\u00fd t\u01b0\u1edfng cho c\u00e1c \u1ee9ng d\u1ee5ng ch\u00ednh sau:<\/p>\n<p><strong>1. Thang m\u00e1y ng\u0169 c\u1ed1c<\/strong><\/p>\n<ul>\n<li>\u1ee8ng d\u1ee5ng: \u0110\u01b0\u1ee3c s\u1eed d\u1ee5ng trong thang m\u00e1y ch\u1ee9a ng\u0169 c\u1ed1c \u0111\u1ec3 n\u00e2ng v\u00e0 di chuy\u1ec3n ng\u0169 c\u1ed1c t\u1eeb t\u1ea7ng n\u00e0y sang t\u1ea7ng kh\u00e1c.<\/li>\n<li>Vai tr\u00f2: H\u1ed9p s\u1ed1 truy\u1ec1n l\u1ef1c t\u1eeb \u0111\u1ed9ng c\u01a1 \u0111\u1ebfn h\u1ec7 th\u1ed1ng b\u0103ng t\u1ea3i c\u1ee7a thang m\u00e1y, cho ph\u00e9p v\u1eadn chuy\u1ec3n ng\u0169 c\u1ed1c theo chi\u1ec1u th\u1eb3ng \u0111\u1ee9ng trong c\u00e1c c\u01a1 s\u1edf l\u01b0u tr\u1eef ho\u1eb7c ch\u1ebf bi\u1ebfn.<\/li>\n<\/ul>\n<p><strong>2. H\u1ec7 th\u1ed1ng b\u0103ng t\u1ea3i<\/strong><\/p>\n<ul>\n<li>\u1ee8ng d\u1ee5ng: H\u1ed9p s\u1ed1 v\u1eadn chuy\u1ec3n ng\u0169 c\u1ed1c r\u1ea5t c\u1ea7n thi\u1ebft trong c\u00e1c h\u1ec7 th\u1ed1ng b\u0103ng t\u1ea3i, th\u01b0\u1eddng \u0111\u01b0\u1ee3c s\u1eed d\u1ee5ng \u0111\u1ec3 v\u1eadn chuy\u1ec3n ng\u0169 c\u1ed1c qua c\u00e1c kho\u1ea3ng c\u00e1ch trong c\u00e1c nh\u00e0 m\u00e1y ch\u1ebf bi\u1ebfn, silo ho\u1eb7c khu v\u1ef1c l\u01b0u tr\u1eef.<\/li>\n<li>Vai tr\u00f2: H\u1ed9p s\u1ed1 truy\u1ec1n \u0111\u1ed9ng cho b\u0103ng t\u1ea3i, \u0111\u1ea3m b\u1ea3o chuy\u1ec3n \u0111\u1ed9ng tr\u01a1n tru v\u00e0 \u0111\u1ed3ng \u0111\u1ec1u c\u1ee7a h\u1ea1t tr\u00ean nhi\u1ec1u kho\u1ea3ng c\u00e1ch kh\u00e1c nhau v\u00e0 qua nhi\u1ec1u giai \u0111o\u1ea1n x\u1eed l\u00fd kh\u00e1c nhau.<\/li>\n<\/ul>\n<p><strong>3. V\u00edt t\u1ea3i v\u00e0 v\u00edt t\u1ea3i<\/strong><\/p>\n<ul>\n<li>\u1ee8ng d\u1ee5ng: \u0110\u01b0\u1ee3c s\u1eed d\u1ee5ng trong v\u00edt t\u1ea3i v\u00e0 b\u0103ng t\u1ea3i tr\u1ee5c v\u00edt \u0111\u1ec3 di chuy\u1ec3n ng\u0169 c\u1ed1c v\u00e0 c\u00e1c v\u1eadt li\u1ec7u r\u1eddi kh\u00e1c m\u1ed9t c\u00e1ch hi\u1ec7u qu\u1ea3 trong n\u00f4ng nghi\u1ec7p v\u00e0 c\u00f4ng nghi\u1ec7p.<\/li>\n<li>Vai tr\u00f2: H\u1ed9p s\u1ed1 truy\u1ec1n \u0111\u1ed9ng cho c\u01a1 c\u1ea5u tr\u1ee5c v\u00edt, cho ph\u00e9p v\u1eadn chuy\u1ec3n ng\u0169 c\u1ed1c t\u1eeb th\u00f9ng ch\u1ee9a n\u00e0y sang th\u00f9ng ch\u1ee9a kh\u00e1c ho\u1eb7c gi\u1eefa c\u00e1c giai \u0111o\u1ea1n kh\u00e1c nhau c\u1ee7a d\u00e2y chuy\u1ec1n ch\u1ebf bi\u1ebfn.<\/li>\n<\/ul>\n<p><strong>4. Thi\u1ebft b\u1ecb thu ho\u1ea1ch ng\u0169 c\u1ed1c<\/strong><\/p>\n<ul>\n<li>\u1ee8ng d\u1ee5ng: \u0110\u01b0\u1ee3c t\u00edch h\u1ee3p v\u00e0o m\u00e1y g\u1eb7t \u0111\u1eadp li\u00ean h\u1ee3p v\u00e0 c\u00e1c m\u00e1y thu ho\u1ea1ch ng\u0169 c\u1ed1c kh\u00e1c, h\u1ed9p s\u1ed1 gi\u00fap chuy\u1ec3n ng\u0169 c\u1ed1c \u0111\u00e3 thu ho\u1ea1ch t\u1eeb khu v\u1ef1c thu gom sang ng\u0103n ch\u1ee9a ho\u1eb7c th\u00f9ng ch\u1ee9a.<\/li>\n<li>Vai tr\u00f2: H\u1ed9p s\u1ed1 gi\u00fap cung c\u1ea5p n\u0103ng l\u01b0\u1ee3ng cho b\u0103ng t\u1ea3i, tr\u1ee5c v\u00edt ho\u1eb7c c\u00e1c b\u1ed9 ph\u1eadn v\u1eadn chuy\u1ec3n ng\u0169 c\u1ed1c kh\u00e1c trong m\u00e1y g\u1eb7t, \u0111\u1ea3m b\u1ea3o d\u1ee1 ng\u0169 c\u1ed1c nhanh ch\u00f3ng v\u00e0 hi\u1ec7u qu\u1ea3.<\/li>\n<\/ul>\n<p><strong>5. H\u1ec7 th\u1ed1ng l\u01b0u tr\u1eef ng\u0169 c\u1ed1c<\/strong><\/p>\n<ul>\n<li>\u1ee8ng d\u1ee5ng: \u0110\u01b0\u1ee3c s\u1eed d\u1ee5ng trong c\u00e1c h\u1ec7 th\u1ed1ng l\u01b0u tr\u1eef ng\u0169 c\u1ed1c, \u0111\u1eb7c bi\u1ec7t l\u00e0 \u0111\u1ec3 v\u1eadn chuy\u1ec3n ng\u0169 c\u1ed1c v\u00e0o silo ho\u1eb7c th\u00f9ng ch\u1ee9a.<\/li>\n<li>Vai tr\u00f2: H\u1ed9p s\u1ed1 cung c\u1ea5p n\u0103ng l\u01b0\u1ee3ng cho h\u1ec7 th\u1ed1ng b\u0103ng t\u1ea3i ho\u1eb7c tr\u1ee5c v\u00edt, \u0111\u1ea3m b\u1ea3o vi\u1ec7c v\u1eadn chuy\u1ec3n v\u00e0 l\u01b0u tr\u1eef ng\u0169 c\u1ed1c di\u1ec5n ra su\u00f4n s\u1ebb trong c\u01a1 s\u1edf.<\/li>\n<\/ul>\n<p>H\u1ed9p s\u1ed1 v\u1eadn chuy\u1ec3n ng\u0169 c\u1ed1c FMP-1002 l\u00e0 m\u1ed9t b\u1ed9 ph\u1eadn linh ho\u1ea1t v\u00e0 hi\u1ec7u qu\u1ea3 \u0111\u01b0\u1ee3c s\u1eed d\u1ee5ng r\u1ed9ng r\u00e3i trong ng\u00e0nh n\u00f4ng nghi\u1ec7p, \u0111\u1ea3m b\u1ea3o v\u1eadn chuy\u1ec3n ng\u0169 c\u1ed1c v\u00e0 v\u1eadt li\u1ec7u r\u1eddi tr\u01a1n tru, \u0111\u1ed3ng nh\u1ea5t v\u00e0 \u0111\u00e1ng tin c\u1eady trong nhi\u1ec1u h\u1ec7 th\u1ed1ng kh\u00e1c nhau.<\/p>\n<p><img loading=\"lazy\" decoding=\"async\" class=\"alignnone size-full wp-image-3096\" src=\"https:\/\/fmp-components.com\/wp-content\/uploads\/2025\/01\/Grain-Storage-Gearbox-28.webp\" alt=\"H\u1ed9p s\u1ed1 l\u01b0u tr\u1eef ng\u0169 c\u1ed1c\" width=\"1200\" height=\"950\" title=\"\" srcset=\"https:\/\/fmp-components.com\/wp-content\/uploads\/2025\/01\/Grain-Storage-Gearbox-28.webp 1200w, https:\/\/fmp-components.com\/wp-content\/uploads\/2025\/01\/Grain-Storage-Gearbox-28-980x776.webp 980w, https:\/\/fmp-components.com\/wp-content\/uploads\/2025\/01\/Grain-Storage-Gearbox-28-480x380.webp 480w\" sizes=\"(min-width: 0px) and (max-width: 480px) 480px, (min-width: 481px) and (max-width: 980px) 980px, (min-width: 981px) 1200px, 100vw\" \/><\/p>\n<h3>Gi\u1edbi thi\u1ec7u v\u1ec1 FMP<\/h3>\n<p>C\u00f3 tr\u1ee5 s\u1edf ch\u00ednh t\u1ea1i \u00dd, FMP l\u00e0 nh\u00e0 s\u1ea3n xu\u1ea5t h\u00e0ng \u0111\u1ea7u, \u0111\u01b0\u1ee3c c\u00f4ng nh\u1eadn v\u1ec1 chuy\u00ean m\u00f4n trong thi\u1ebft k\u1ebf, ph\u00e1t tri\u1ec3n v\u00e0 s\u1ea3n xu\u1ea5t h\u1ed9p s\u1ed1 hi\u1ec7u su\u1ea5t cao, t\u1eadp trung ch\u1ee7 y\u1ebfu v\u00e0o l\u0129nh v\u1ef1c m\u00e1y m\u00f3c n\u00f4ng nghi\u1ec7p. N\u1ed5i ti\u1ebfng v\u1edbi k\u1ef9 thu\u1eadt ch\u00ednh x\u00e1c, gi\u1ea3i ph\u00e1p ti\u00ean ti\u1ebfn v\u00e0 \u0111\u1ed9 tin c\u1eady \u1ed5n \u0111\u1ecbnh, FMP \u0111\u00e3 t\u1ea1o d\u1ef1ng \u0111\u01b0\u1ee3c danh ti\u1ebfng v\u1eefng ch\u1eafc l\u00e0 \u0111\u1ed1i t\u00e1c \u0111\u00e1ng tin c\u1eady trong c\u1ea3 th\u1ecb tr\u01b0\u1eddng n\u00f4ng nghi\u1ec7p v\u00e0 c\u00f4ng nghi\u1ec7p. Danh m\u1ee5c s\u1ea3n ph\u1ea9m \u0111a d\u1ea1ng c\u1ee7a ch\u00fang t\u00f4i bao g\u1ed3m h\u1ed9p s\u1ed1 \u0111\u01b0\u1ee3c thi\u1ebft k\u1ebf ri\u00eang cho m\u00e1y c\u1eaft c\u1ecf, tr\u1ee5c PTO v\u00e0 nhi\u1ec1u linh ki\u1ec7n quan tr\u1ecdng kh\u00e1c, m\u1ed7i linh ki\u1ec7n \u0111\u1ec1u \u0111\u01b0\u1ee3c thi\u1ebft k\u1ebf t\u1ec9 m\u1ec9 \u0111\u1ec3 \u0111\u00e1p \u1ee9ng nhu c\u1ea7u c\u1ee5 th\u1ec3 c\u1ee7a nhi\u1ec1u \u1ee9ng d\u1ee5ng kh\u00e1c nhau.<\/p>\n<p>T\u1ea1i FMP, ch\u00fang t\u00f4i hi\u1ec3u r\u1eb1ng m\u1ed7i kh\u00e1ch h\u00e0ng \u0111\u1ec1u ph\u1ea3i \u0111\u1ed1i m\u1eb7t v\u1edbi nh\u1eefng th\u00e1ch th\u1ee9c ri\u00eang. S\u1ef1 th\u1ea5u hi\u1ec3u n\u00e0y th\u00fac \u0111\u1ea9y cam k\u1ebft c\u1ee7a ch\u00fang t\u00f4i trong vi\u1ec7c cung c\u1ea5p c\u00e1c gi\u1ea3i ph\u00e1p ph\u00f9 h\u1ee3p, d\u00f9 l\u00e0 cho t\u1eebng th\u00e0nh ph\u1ea7n ri\u00eang l\u1ebb hay to\u00e0n b\u1ed9 h\u1ec7 th\u1ed1ng t\u00edch h\u1ee3p. B\u1eb1ng c\u00e1ch h\u1ee3p t\u00e1c ch\u1eb7t ch\u1ebd v\u1edbi kh\u00e1ch h\u00e0ng, ch\u00fang t\u00f4i \u0111\u1ea3m b\u1ea3o r\u1eb1ng m\u1ed7i gi\u1ea3i ph\u00e1p kh\u00f4ng ch\u1ec9 \u0111\u00e1p \u1ee9ng nhu c\u1ea7u c\u1ee5 th\u1ec3 c\u1ee7a h\u1ecd m\u00e0 c\u00f2n t\u1ed1i \u01b0u h\u00f3a hi\u1ec7u su\u1ea5t v\u00e0 t\u1ed1i \u0111a h\u00f3a gi\u00e1 tr\u1ecb. S\u1ef1 t\u1eadn t\u00e2m c\u1ee7a ch\u00fang t\u00f4i trong vi\u1ec7c ph\u1ea3n h\u1ed3i chuy\u00ean nghi\u1ec7p, k\u1ecbp th\u1eddi v\u00e0 h\u01b0\u1edbng d\u1eabn chuy\u00ean m\u00f4n \u0111\u1ea3m b\u1ea3o r\u1eb1ng m\u1ecdi y\u00eau c\u1ea7u \u0111\u1ec1u \u0111\u01b0\u1ee3c x\u1eed l\u00fd ch\u00ednh x\u00e1c, lu\u00f4n mang l\u1ea1i k\u1ebft qu\u1ea3 t\u1ed1i \u01b0u.<\/p>\n<p>Ch\u00fang t\u00f4i \u0111\u1eb7c bi\u1ec7t ch\u00fa tr\u1ecdng v\u00e0o vi\u1ec7c giao ti\u1ebfp minh b\u1ea1ch v\u00e0 li\u00ean t\u1ee5c trong su\u1ed1t chu tr\u00ecnh ph\u00e1t tri\u1ec3n s\u1ea3n ph\u1ea9m. \u0110\u1ed9i ng\u0169 t\u1eadn t\u00e2m c\u1ee7a ch\u00fang t\u00f4i h\u1ee3p t\u00e1c ch\u1eb7t ch\u1ebd v\u1edbi kh\u00e1ch h\u00e0ng \u0111\u1ec3 hi\u1ec3u r\u00f5 y\u00eau c\u1ea7u c\u1ee7a h\u1ecd v\u00e0 cung c\u1ea5p nh\u1eefng hi\u1ec3u bi\u1ebft s\u00e2u s\u1eafc c\u00f9ng c\u00e1c khuy\u1ebfn ngh\u1ecb gi\u00e1 tr\u1ecb nh\u1eb1m \u0111\u1ea1t \u0111\u01b0\u1ee3c k\u1ebft qu\u1ea3 t\u1ed1t nh\u1ea5t. D\u00f9 l\u00e0 thi\u1ebft k\u1ebf s\u1ea3n ph\u1ea9m ti\u00ean ti\u1ebfn hay th\u1ef1c hi\u1ec7n c\u00e1c \u0111\u01a1n h\u00e0ng th\u01b0\u1eddng xuy\u00ean, FMP lu\u00f4n cam k\u1ebft cung c\u1ea5p c\u00e1c gi\u1ea3i ph\u00e1p ch\u1ea5t l\u01b0\u1ee3ng cao, \u0111\u01b0\u1ee3c thi\u1ebft k\u1ebf ch\u00ednh x\u00e1c, \u0111\u00fang h\u1ea1n. M\u1ee5c ti\u00eau c\u1ee7a ch\u00fang t\u00f4i l\u00e0 v\u01b0\u1ee3t tr\u00ean c\u1ea3 s\u1ef1 mong \u0111\u1ee3i c\u1ee7a kh\u00e1ch h\u00e0ng, mang \u0111\u1ebfn d\u1ecbch v\u1ee5 v\u00e0 k\u1ebft qu\u1ea3 v\u01b0\u1ee3t tr\u1ed9i cho m\u1ecdi d\u1ef1 \u00e1n.<\/p>\n<p>C\u1ed1t l\u00f5i trong ho\u1ea1t \u0111\u1ed9ng c\u1ee7a FMP l\u00e0 cam k\u1ebft v\u1eefng ch\u1eafc v\u1ec1 ch\u1ea5t l\u01b0\u1ee3ng. Ch\u00fang t\u00f4i tu\u00e2n th\u1ee7 c\u00e1c ti\u00eau chu\u1ea9n s\u1ea3n xu\u1ea5t cao nh\u1ea5t v\u00e0 th\u1ef1c hi\u1ec7n c\u00e1c quy tr\u00ecnh ki\u1ec3m so\u00e1t ch\u1ea5t l\u01b0\u1ee3ng nghi\u00eam ng\u1eb7t \u0111\u1ec3 \u0111\u1ea3m b\u1ea3o m\u1ed7i s\u1ea3n ph\u1ea9m kh\u00f4ng ch\u1ec9 \u0111\u00e1p \u1ee9ng m\u00e0 c\u00f2n v\u01b0\u1ee3t xa c\u00e1c ti\u00eau chu\u1ea9n c\u1ee7a ng\u00e0nh. S\u1ef1 t\u1eadp trung ki\u00ean \u0111\u1ecbnh v\u00e0o s\u1ef1 xu\u1ea5t s\u1eafc, k\u1ebft h\u1ee3p v\u1edbi c\u00e1c gi\u00e1 tr\u1ecb c\u1ed1t l\u00f5i c\u1ee7a ch\u00fang t\u00f4i l\u00e0 ch\u00ednh tr\u1ef1c, tinh th\u1ea7n \u0111\u1ed3ng \u0111\u1ed9i v\u00e0 s\u1ef1 ki\u00ean tr\u00ec, \u0111\u00e3 gi\u00fap ch\u00fang t\u00f4i x\u00e2y d\u1ef1ng m\u1ed1i quan h\u1ec7 l\u00e2u d\u00e0i, d\u1ef1a tr\u00ean s\u1ef1 tin c\u1eady v\u1edbi kh\u00e1ch h\u00e0ng t\u1ea1i g\u1ea7n 30 qu\u1ed1c gia tr\u00ean to\u00e0n th\u1ebf gi\u1edbi.<\/p>\n<p>T\u1ea1i FMP, ch\u00fang t\u00f4i lu\u00f4n mong mu\u1ed1n th\u00fac \u0111\u1ea9y quan h\u1ec7 \u0111\u1ed1i t\u00e1c to\u00e0n c\u1ea7u b\u1eb1ng c\u00e1ch cung c\u1ea5p t\u01b0 v\u1ea5n chuy\u00ean m\u00f4n v\u00e0 c\u00e1c gi\u1ea3i ph\u00e1p t\u00f9y ch\u1ec9nh, \u0111\u00e1p \u1ee9ng nhu c\u1ea7u kh\u00f4ng ng\u1eebng thay \u0111\u1ed5i c\u1ee7a kh\u00e1ch h\u00e0ng. Ch\u00fang t\u00f4i n\u1ed7 l\u1ef1c x\u00e2y d\u1ef1ng m\u1ed1i quan h\u1ec7 l\u00e2u d\u00e0i, c\u00f9ng c\u00f3 l\u1ee3i, g\u00f3p ph\u1ea7n v\u00e0o th\u00e0nh c\u00f4ng c\u1ee7a m\u1ecdi d\u1ef1 \u00e1n. Cho d\u00f9 b\u1ea1n \u0111ang t\u00ecm ki\u1ebfm c\u00e1c gi\u1ea3i ph\u00e1p s\u00e1ng t\u1ea1o cho m\u1ed9t s\u00e1ng ki\u1ebfn \u200b\u200bm\u1edbi hay h\u1ed7 tr\u1ee3 li\u00ean t\u1ee5c cho m\u1ed9t h\u1ec7 th\u1ed1ng hi\u1ec7n c\u00f3, FMP lu\u00f4n s\u1eb5n s\u00e0ng gi\u00fap b\u1ea1n v\u01b0\u1ee3t qua nh\u1eefng th\u00e1ch th\u1ee9c k\u1ef9 thu\u1eadt v\u00e0 \u0111\u1ea3m b\u1ea3o th\u00e0nh c\u00f4ng li\u00ean t\u1ee5c c\u1ee7a b\u1ea1n.<\/p>\n<p><img loading=\"lazy\" decoding=\"async\" class=\"alignnone wp-image-2695\" src=\"https:\/\/fmp-components.com\/wp-content\/uploads\/2025\/01\/agricultural-gearbox3.webp\" alt=\"h\u1ed9p s\u1ed1 n\u00f4ng nghi\u1ec7p\" width=\"1140\" height=\"1138\" title=\"\" srcset=\"https:\/\/fmp-components.com\/wp-content\/uploads\/2025\/01\/agricultural-gearbox3.webp 1140w, https:\/\/fmp-components.com\/wp-content\/uploads\/2025\/01\/agricultural-gearbox3-480x479.webp 480w\" sizes=\"(min-width: 0px) and (max-width: 480px) 480px, (min-width: 481px) 1140px, 100vw\" \/><\/p>\n<p>T\u00e1c gi\u1ea3: CX<\/p>\n<p>&nbsp;<\/p>\n<p>&nbsp;<\/p>","protected":false},"excerpt":{"rendered":"<p>Grain Transportation Gearbox FMP-1002 Specifications Product Name Grain transportation gearbox Model EP-1002 Color Customization Material HT250 for housing, 20CrMnTi for gear shaft. Used Grain transportation Key Components of Grain Transportation Gearbox FMP-1002 The Grain Transportation Gearbox FMP-1002 is designed to provide optimal performance for grain transportation systems, such as conveyors and augers. Key components of [&hellip;]<\/p>","protected":false},"featured_media":3121,"comment_status":"open","ping_status":"closed","template":"","meta":{"_et_pb_use_builder":"","_et_pb_old_content":"","_et_gb_content_width":""},"product_brand":[],"product_cat":[74],"product_tag":[],"class_list":{"0":"post-3119","1":"product","2":"type-product","3":"status-publish","4":"has-post-thumbnail","6":"product_cat-grain-transportation-gearbox","8":"first","9":"instock","10":"shipping-taxable","11":"product-type-simple"},"_links":{"self":[{"href":"https:\/\/fmp-components.com\/vi\/wp-json\/wp\/v2\/product\/3119","targetHints":{"allow":["GET"]}}],"collection":[{"href":"https:\/\/fmp-components.com\/vi\/wp-json\/wp\/v2\/product"}],"about":[{"href":"https:\/\/fmp-components.com\/vi\/wp-json\/wp\/v2\/types\/product"}],"replies":[{"embeddable":true,"href":"https:\/\/fmp-components.com\/vi\/wp-json\/wp\/v2\/comments?post=3119"}],"wp:featuredmedia":[{"embeddable":true,"href":"https:\/\/fmp-components.com\/vi\/wp-json\/wp\/v2\/media\/3121"}],"wp:attachment":[{"href":"https:\/\/fmp-components.com\/vi\/wp-json\/wp\/v2\/media?parent=3119"}],"wp:term":[{"taxonomy":"product_brand","embeddable":true,"href":"https:\/\/fmp-components.com\/vi\/wp-json\/wp\/v2\/product_brand?post=3119"},{"taxonomy":"product_cat","embeddable":true,"href":"https:\/\/fmp-components.com\/vi\/wp-json\/wp\/v2\/product_cat?post=3119"},{"taxonomy":"product_tag","embeddable":true,"href":"https:\/\/fmp-components.com\/vi\/wp-json\/wp\/v2\/product_tag?post=3119"}],"curies":[{"name":"wp","href":"https:\/\/api.w.org\/{rel}","templated":true}]}}