{"id":3107,"date":"2025-01-05T01:22:07","date_gmt":"2025-01-05T01:22:07","guid":{"rendered":"https:\/\/fmp-components.com\/?page_id=8"},"modified":"2025-01-05T01:22:08","modified_gmt":"2025-01-05T01:22:08","slug":"l-series-grain-storage-gearbox-fmp-1005-for-agricultural-grain-storage","status":"publish","type":"product","link":"https:\/\/fmp-components.com\/vi\/product\/l-series-grain-storage-gearbox-fmp-1005-for-agricultural-grain-storage\/","title":{"rendered":"H\u1ed9p s\u1ed1 l\u01b0u tr\u1eef ng\u0169 c\u1ed1c d\u00f2ng L FMP-1005 d\u00e0nh cho l\u01b0u tr\u1eef ng\u0169 c\u1ed1c n\u00f4ng nghi\u1ec7p"},"content":{"rendered":"<h2>Th\u00f4ng s\u1ed1 k\u1ef9 thu\u1eadt h\u1ed9p s\u1ed1 l\u01b0u tr\u1eef ng\u0169 c\u1ed1c FMP-1005<\/h2>\n<table style=\"width: 98.7251%;\" border=\"1\" cellspacing=\"0\" cellpadding=\"0\">\n<tbody>\n<tr class=\"firstRow\">\n<td style=\"width: 24.7312%;\">T\u00ean s\u1ea3n ph\u1ea9m<\/td>\n<td style=\"width: 257.354%;\">H\u1ed9p s\u1ed1 l\u01b0u tr\u1eef ng\u0169 c\u1ed1c<\/td>\n<\/tr>\n<tr>\n<td style=\"width: 24.7312%;\">V\u1eadt li\u1ec7u<\/td>\n<td style=\"width: 257.354%;\">HT250 cho v\u1ecf, 40CrMnTi cho tr\u1ee5c b\u00e1nh r\u0103ng.<\/td>\n<\/tr>\n<tr>\n<td style=\"width: 24.7312%;\">M\u00e0u s\u1eafc<\/td>\n<td style=\"width: 257.354%;\">T\u00f9y ch\u1ec9nh<\/td>\n<\/tr>\n<tr>\n<td style=\"width: 24.7312%;\">Khu\u00f4n s\u1ed1<\/td>\n<td style=\"width: 257.354%;\">6.5<\/td>\n<\/tr>\n<tr>\n<td style=\"width: 24.7312%;\">\u0110\u00e3 s\u1eed d\u1ee5ng<\/td>\n<td style=\"width: 257.354%;\">L\u01b0u tr\u1eef ng\u0169 c\u1ed1c<\/td>\n<\/tr>\n<\/tbody>\n<\/table>\n<h2>L\u1ee3i \u00edch c\u1ee7a vi\u1ec7c s\u1eed d\u1ee5ng h\u1ed9p s\u1ed1 l\u01b0u tr\u1eef ng\u0169 c\u1ed1c FMP-1005<\/h2>\n<p>H\u1ed9p s\u1ed1 l\u01b0u tr\u1eef ng\u0169 c\u1ed1c FMP-1005 mang l\u1ea1i nhi\u1ec1u l\u1ee3i \u00edch gi\u00fap n\u00e2ng cao ch\u1ee9c n\u0103ng, hi\u1ec7u qu\u1ea3 v\u00e0 \u0111\u1ed9 tin c\u1eady trong c\u00e1c h\u1ec7 th\u1ed1ng l\u01b0u tr\u1eef ng\u0169 c\u1ed1c n\u00f4ng nghi\u1ec7p. D\u01b0\u1edbi \u0111\u00e2y l\u00e0 nh\u1eefng \u01b0u \u0111i\u1ec3m ch\u00ednh c\u1ee7a h\u1ed9p s\u1ed1 n\u00e0y:<\/p>\n<p><strong>1. N\u00e2ng cao hi\u1ec7u qu\u1ea3<\/strong><\/p>\n<ul>\n<li>T\u1ed1i \u01b0u h\u00f3a truy\u1ec1n \u0111\u1ed9ng: H\u1ed9p s\u1ed1 FMP-1005 \u0111\u01b0\u1ee3c thi\u1ebft k\u1ebf \u0111\u1ec3 truy\u1ec1n \u0111\u1ed9ng hi\u1ec7u qu\u1ea3 t\u1eeb \u0111\u1ed9ng c\u01a1 \u0111\u1ebfn m\u00e1y m\u00f3c x\u1eed l\u00fd ng\u0169 c\u1ed1c. N\u00f3 gi\u00fap gi\u1ea3m t\u1ed5n th\u1ea5t n\u0103ng l\u01b0\u1ee3ng, \u0111\u1ea3m b\u1ea3o m\u1ed9t ph\u1ea7n \u0111\u00e1ng k\u1ec3 c\u00f4ng su\u1ea5t \u0111\u1ea7u v\u00e0o \u0111\u01b0\u1ee3c chuy\u1ec3n \u0111\u1ed5i hi\u1ec7u qu\u1ea3 th\u00e0nh c\u00f4ng su\u1ea5t \u0111\u1ea7u ra. \u0110i\u1ec1u n\u00e0y d\u1eabn \u0111\u1ebfn ho\u1ea1t \u0111\u1ed9ng hi\u1ec7u qu\u1ea3 h\u01a1n, gi\u1ea3m m\u1ee9c ti\u00eau th\u1ee5 n\u0103ng l\u01b0\u1ee3ng v\u00e0 gi\u1ea3m chi ph\u00ed v\u1eadn h\u00e0nh.<\/li>\n<\/ul>\n<p><strong>2. Kh\u1ea3 n\u0103ng m\u00f4-men xo\u1eafn cao<\/strong><\/p>\n<ul>\n<li>C\u1ea3i thi\u1ec7n kh\u1ea3 n\u0103ng x\u1eed l\u00fd t\u1ea3i: H\u1ed9p s\u1ed1 FMP-1005 \u0111\u01b0\u1ee3c thi\u1ebft k\u1ebf \u0111\u1ec3 x\u1eed l\u00fd m\u00f4-men xo\u1eafn cao, ph\u00f9 h\u1ee3p cho c\u00e1c \u1ee9ng d\u1ee5ng l\u01b0u tr\u1eef ng\u0169 c\u1ed1c \u0111\u00f2i h\u1ecfi l\u1ef1c l\u1edbn \u0111\u1ec3 di chuy\u1ec3n ho\u1eb7c x\u1eed l\u00fd ng\u0169 c\u1ed1c. H\u1ed9p s\u1ed1 c\u00f3 th\u1ec3 cung c\u1ea5p n\u0103ng l\u01b0\u1ee3ng cho c\u00e1c thi\u1ebft b\u1ecb h\u1ea1ng n\u1eb7ng nh\u01b0 b\u0103ng t\u1ea3i, m\u00e1y khoan v\u00e0 m\u00e1y n\u00e2ng ng\u0169 c\u1ed1c, \u0111\u1ea3m b\u1ea3o v\u1eadn h\u00e0nh tr\u01a1n tru d\u01b0\u1edbi t\u1ea3i tr\u1ecdng n\u1eb7ng.<\/li>\n<\/ul>\n<p><strong>3. Ho\u1ea1t \u0111\u1ed9ng tr\u01a1n tru v\u00e0 \u0111\u00e1ng tin c\u1eady<\/strong><\/p>\n<ul>\n<li>Gi\u1ea3m rung \u0111\u1ed9ng v\u00e0 ti\u1ebfng \u1ed3n: V\u1edbi thi\u1ebft k\u1ebf ch\u00ednh x\u00e1c, h\u1ed9p s\u1ed1 FMP-1005 v\u1eadn h\u00e0nh \u00eam \u00e1i v\u1edbi \u0111\u1ed9 rung t\u1ed1i thi\u1ec3u. \u0110i\u1ec1u n\u00e0y kh\u00f4ng ch\u1ec9 \u0111\u1ea3m b\u1ea3o hi\u1ec7u su\u1ea5t \u1ed5n \u0111\u1ecbnh v\u00e0 \u0111\u1ed3ng \u0111\u1ec1u h\u01a1n m\u00e0 c\u00f2n gi\u1ea3m ti\u1ebfng \u1ed3n trong khu v\u1ef1c l\u01b0u tr\u1eef ng\u0169 c\u1ed1c, t\u1ea1o ra m\u00f4i tr\u01b0\u1eddng l\u00e0m vi\u1ec7c tho\u1ea3i m\u00e1i h\u01a1n.<\/li>\n<\/ul>\n<p><strong>4. \u0110\u1ed9 b\u1ec1n v\u00e0 tu\u1ed5i th\u1ecd<\/strong><\/p>\n<ul>\n<li>Thi\u1ebft k\u1ebf ch\u1eafc ch\u1eafn: H\u1ed9p s\u1ed1 \u0111\u01b0\u1ee3c ch\u1ebf t\u1ea1o b\u1eb1ng v\u1eadt li\u1ec7u ch\u1ea5t l\u01b0\u1ee3ng cao, c\u00f3 th\u1ec3 ch\u1ecbu \u0111\u01b0\u1ee3c c\u00e1c \u0111i\u1ec1u ki\u1ec7n m\u00f4i tr\u01b0\u1eddng kh\u1eafc nghi\u1ec7t c\u1ee7a ng\u00e0nh n\u00f4ng nghi\u1ec7p, ch\u1eb3ng h\u1ea1n nh\u01b0 b\u1ee5i, \u0111\u1ed9 \u1ea9m v\u00e0 bi\u1ebfn \u0111\u1ed9ng nhi\u1ec7t \u0111\u1ed9. Thi\u1ebft k\u1ebf ch\u1eafc ch\u1eafn \u0111\u1ea3m b\u1ea3o hi\u1ec7u su\u1ea5t l\u00e2u d\u00e0i, gi\u1ea3m nhu c\u1ea7u b\u1ea3o tr\u00ec ho\u1eb7c thay th\u1ebf th\u01b0\u1eddng xuy\u00ean.<\/li>\n<\/ul>\n<p><strong>5. B\u1ea3o tr\u00ec t\u1ed1i thi\u1ec3u<\/strong><\/p>\n<ul>\n<li>Linh ki\u1ec7n b\u1ec1n b\u1ec9: V\u1edbi b\u00e1nh r\u0103ng c\u01b0\u1eddng \u0111\u1ed9 cao v\u00e0 h\u1ec7 th\u1ed1ng b\u00f4i tr\u01a1n \u0111\u01b0\u1ee3c thi\u1ebft k\u1ebf t\u1ed1t, h\u1ed9p s\u1ed1 FMP-1005 \u00edt c\u1ea7n b\u1ea3o tr\u00ec h\u01a1n. C\u00e1c linh ki\u1ec7n b\u00ean trong \u0111\u01b0\u1ee3c b\u1ea3o v\u1ec7 ch\u1ed1ng hao m\u00f2n, gi\u00fap gi\u1ea3m th\u1eddi gian ng\u1eebng ho\u1ea1t \u0111\u1ed9ng v\u00e0 chi ph\u00ed b\u1ea3o d\u01b0\u1ee1ng theo th\u1eddi gian.<\/li>\n<\/ul>\n<p>H\u1ed9p s\u1ed1 l\u01b0u tr\u1eef ng\u0169 c\u1ed1c FMP-1005 mang l\u1ea1i nhi\u1ec1u l\u1ee3i \u00edch \u0111\u00e1ng k\u1ec3, bao g\u1ed3m hi\u1ec7u su\u1ea5t v\u1eadn h\u00e0nh \u0111\u01b0\u1ee3c c\u1ea3i thi\u1ec7n, m\u00f4-men xo\u1eafn cao, \u0111\u1ed9 tin c\u1eady v\u00e0 \u0111\u1ed9 b\u1ec1n. V\u1eadn h\u00e0nh \u00eam \u00e1i, y\u00eau c\u1ea7u b\u1ea3o tr\u00ec t\u1ed1i thi\u1ec3u v\u00e0 t\u00ednh linh ho\u1ea1t trong nhi\u1ec1u \u1ee9ng d\u1ee5ng kh\u00e1c nhau khi\u1ebfn n\u00f3 tr\u1edf th\u00e0nh m\u1ed9t th\u00e0nh ph\u1ea7n thi\u1ebft y\u1ebfu \u0111\u1ec3 t\u1ed1i \u01b0u h\u00f3a h\u1ec7 th\u1ed1ng l\u01b0u tr\u1eef v\u00e0 x\u1eed l\u00fd ng\u0169 c\u1ed1c. H\u1ed9p s\u1ed1 n\u00e0y kh\u00f4ng ch\u1ec9 \u0111\u1ea3m b\u1ea3o hi\u1ec7u su\u1ea5t t\u1ed1t h\u01a1n m\u00e0 c\u00f2n gi\u00fap gi\u1ea3m chi ph\u00ed v\u1eadn h\u00e0nh v\u00e0 k\u00e9o d\u00e0i tu\u1ed5i th\u1ecd c\u1ee7a m\u00e1y m\u00f3c n\u00f4ng nghi\u1ec7p.<\/p>\n<p><img loading=\"lazy\" decoding=\"async\" class=\"alignnone size-full wp-image-3108\" src=\"https:\/\/fmp-components.com\/wp-content\/uploads\/2025\/01\/Grain-Transportation-Gearbox-29.webp\" alt=\"H\u1ed9p s\u1ed1 v\u1eadn chuy\u1ec3n ng\u0169 c\u1ed1c\" width=\"1060\" height=\"561\" title=\"\" srcset=\"https:\/\/fmp-components.com\/wp-content\/uploads\/2025\/01\/Grain-Transportation-Gearbox-29.webp 1060w, https:\/\/fmp-components.com\/wp-content\/uploads\/2025\/01\/Grain-Transportation-Gearbox-29-980x519.webp 980w, https:\/\/fmp-components.com\/wp-content\/uploads\/2025\/01\/Grain-Transportation-Gearbox-29-480x254.webp 480w\" sizes=\"(min-width: 0px) and (max-width: 480px) 480px, (min-width: 481px) and (max-width: 980px) 980px, (min-width: 981px) 1060px, 100vw\" \/><\/p>\n<h2>L\u1ee3i \u00edch c\u1ee7a vi\u1ec7c s\u1eed d\u1ee5ng h\u1ed9p s\u1ed1 l\u01b0u tr\u1eef ng\u0169 c\u1ed1c FMP-1005<\/h2>\n<p>H\u1ed9p s\u1ed1 l\u01b0u tr\u1eef ng\u0169 c\u1ed1c FMP-1005 th\u01b0\u1eddng \u0111\u01b0\u1ee3c s\u1eed d\u1ee5ng trong nhi\u1ec1u \u1ee9ng d\u1ee5ng n\u00f4ng nghi\u1ec7p v\u00e0 c\u00f4ng nghi\u1ec7p li\u00ean quan \u0111\u1ebfn vi\u1ec7c x\u1eed l\u00fd v\u00e0 l\u01b0u tr\u1eef ng\u0169 c\u1ed1c. D\u01b0\u1edbi \u0111\u00e2y l\u00e0 m\u1ed9t s\u1ed1 \u1ee9ng d\u1ee5ng ch\u00ednh c\u1ee7a h\u1ed9p s\u1ed1 n\u00e0y:<\/p>\n<p><strong>1. B\u0103ng t\u1ea3i ng\u0169 c\u1ed1c<\/strong><\/p>\n<ul>\n<li>Ch\u1ee9c n\u0103ng: H\u1ed9p s\u1ed1 FMP-1005 cung c\u1ea5p n\u0103ng l\u01b0\u1ee3ng cho b\u0103ng t\u1ea3i ng\u0169 c\u1ed1c, gi\u00fap v\u1eadn chuy\u1ec3n ng\u0169 c\u1ed1c t\u1eeb n\u01a1i n\u00e0y \u0111\u1ebfn n\u01a1i kh\u00e1c trong kho. N\u00f3 \u0111\u1ea3m b\u1ea3o vi\u1ec7c di chuy\u1ec3n ng\u0169 c\u1ed1c tr\u01a1n tru v\u00e0 hi\u1ec7u qu\u1ea3 tr\u00ean qu\u00e3ng \u0111\u01b0\u1eddng d\u00e0i, gi\u1ea3m thi\u1ec3u s\u1ef1 ch\u1eadm tr\u1ec5 v\u00e0 c\u1ea3i thi\u1ec7n n\u0103ng su\u1ea5t.<\/li>\n<li>L\u1ee3i \u00edch: Gi\u00fap x\u1eed l\u00fd kh\u1ed1i l\u01b0\u1ee3ng ng\u0169 c\u1ed1c l\u1edbn, cung c\u1ea5p t\u1ed1c \u0111\u1ed9 v\u00e0 m\u00f4-men xo\u1eafn \u1ed5n \u0111\u1ecbnh \u0111\u1ec3 ho\u1ea1t \u0111\u1ed9ng li\u00ean t\u1ee5c.<\/li>\n<\/ul>\n<p><strong>2. Thang m\u00e1y ng\u0169 c\u1ed1c<\/strong><\/p>\n<ul>\n<li>Ch\u1ee9c n\u0103ng: H\u1ed9p s\u1ed1 \u0111\u01b0\u1ee3c s\u1eed d\u1ee5ng trong thang m\u00e1y n\u00e2ng ng\u0169 c\u1ed1c \u0111\u1ec3 n\u00e2ng ng\u0169 c\u1ed1c theo ph\u01b0\u01a1ng th\u1eb3ng \u0111\u1ee9ng t\u1eeb t\u1ea7ng th\u1ea5p l\u00ean c\u00e1c silo ho\u1eb7c th\u00f9ng ch\u1ee9a cao h\u01a1n. C\u00f4ng su\u1ea5t m\u00f4-men xo\u1eafn cao c\u1ee7a h\u1ed9p s\u1ed1 cho ph\u00e9p h\u1ec7 th\u1ed1ng n\u00e2ng ch\u1ecbu \u0111\u01b0\u1ee3c t\u1ea3i tr\u1ecdng n\u1eb7ng.<\/li>\n<li>L\u1ee3i \u00edch: \u0110\u1ea3m b\u1ea3o ho\u1ea1t \u0111\u1ed9ng \u0111\u00e1ng tin c\u1eady trong \u0111i\u1ec1u ki\u1ec7n n\u00e2ng v\u1eadt n\u1eb7ng, gi\u1ea3m thi\u1ec3u nguy c\u01a1 ng\u1eebng ho\u1ea1t \u0111\u1ed9ng v\u00e0 h\u01b0 h\u1ecfng m\u00e1y m\u00f3c.<\/li>\n<\/ul>\n<p><strong>3. M\u00e1y khoan \u0111\u1ec3 x\u1eed l\u00fd ng\u0169 c\u1ed1c<\/strong><\/p>\n<ul>\n<li>Ch\u1ee9c n\u0103ng: H\u1ed9p s\u1ed1 FMP-1005 th\u01b0\u1eddng \u0111\u01b0\u1ee3c s\u1eed d\u1ee5ng trong c\u00e1c m\u00e1y khoan, d\u00f9ng \u0111\u1ec3 v\u1eadn chuy\u1ec3n ng\u0169 c\u1ed1c v\u00e0o c\u00e1c th\u00f9ng ch\u1ee9a, silo ho\u1eb7c r\u01a1 mo\u00f3c. M\u00e1y khoan r\u1ea5t quan tr\u1ecdng trong vi\u1ec7c v\u1eadn chuy\u1ec3n ng\u0169 c\u1ed1c t\u1eeb th\u00f9ng ch\u1ee9a n\u00e0y sang th\u00f9ng ch\u1ee9a kh\u00e1c.<\/li>\n<li>L\u1ee3i \u00edch: Cung c\u1ea5p chuy\u1ec3n \u0111\u1ed9ng v\u00e0 s\u1ee9c m\u1ea1nh tr\u01a1n tru, nh\u1ea5t qu\u00e1n cho h\u1ec7 th\u1ed1ng tr\u1ee5c v\u00edt, \u0111\u1ea3m b\u1ea3o chuy\u1ec3n ng\u0169 c\u1ed1c hi\u1ec7u qu\u1ea3 v\u1edbi m\u1ee9c \u0111\u1ed9 h\u01b0 h\u1ecfng ng\u0169 c\u1ed1c t\u1ed1i thi\u1ec3u.<\/li>\n<\/ul>\n<p><strong>4. M\u00e1y ph\u00e2n lo\u1ea1i v\u00e0 l\u00e0m s\u1ea1ch ng\u0169 c\u1ed1c<\/strong><\/p>\n<ul>\n<li>Ch\u1ee9c n\u0103ng: H\u1ed9p s\u1ed1 \u0111\u01b0\u1ee3c s\u1eed d\u1ee5ng trong c\u00e1c m\u00e1y ph\u00e2n lo\u1ea1i v\u00e0 l\u00e0m s\u1ea1ch ng\u0169 c\u1ed1c \u0111\u00e3 thu ho\u1ea1ch. Nh\u1eefng m\u00e1y n\u00e0y t\u00e1ch c\u00e1c m\u1ea3nh v\u1ee5n ra kh\u1ecfi ng\u0169 c\u1ed1c v\u00e0 ph\u00e2n lo\u1ea1i theo k\u00edch th\u01b0\u1edbc ho\u1eb7c ch\u1ea5t l\u01b0\u1ee3ng.<\/li>\n<li>L\u1ee3i \u00edch: H\u1ed7 tr\u1ee3 truy\u1ec1n t\u1ea3i \u0111i\u1ec7n \u1ed5n \u0111\u1ecbnh v\u00e0 \u0111\u00e1ng tin c\u1eady, \u0111i\u1ec1u n\u00e0y r\u1ea5t c\u1ea7n thi\u1ebft cho qu\u00e1 tr\u00ecnh ph\u00e2n lo\u1ea1i v\u00e0 l\u00e0m s\u1ea1ch di\u1ec5n ra li\u00ean t\u1ee5c v\u00e0 tr\u01a1n tru.<\/li>\n<\/ul>\n<p><strong>5. M\u00e1y s\u1ea5y ng\u0169 c\u1ed1c<\/strong><\/p>\n<ul>\n<li>Ch\u1ee9c n\u0103ng: H\u1ed9p s\u1ed1 c\u00f3 th\u1ec3 \u0111\u01b0\u1ee3c t\u00ecm th\u1ea5y trong thi\u1ebft b\u1ecb s\u1ea5y ng\u0169 c\u1ed1c, n\u01a1i n\u00f3 truy\u1ec1n \u0111\u1ed9ng c\u00e1c b\u1ed9 ph\u1eadn nh\u01b0 qu\u1ea1t, b\u0103ng t\u1ea3i v\u00e0 tr\u1ee5c v\u00edt gi\u00fap lu\u00e2n chuy\u1ec3n kh\u00f4ng kh\u00ed n\u00f3ng qua ng\u0169 c\u1ed1c \u0111\u1ec3 gi\u1ea3m \u0111\u1ed9 \u1ea9m.<\/li>\n<li>L\u1ee3i \u00edch: N\u00e2ng cao hi\u1ec7u qu\u1ea3 s\u1ea5y b\u1eb1ng c\u00e1ch \u0111\u1ea3m b\u1ea3o h\u1ec7 th\u1ed1ng s\u1ea5y ho\u1ea1t \u0111\u1ed9ng tr\u01a1n tru, \u0111i\u1ec1u n\u00e0y r\u1ea5t quan tr\u1ecdng \u0111\u1ec3 b\u1ea3o qu\u1ea3n ch\u1ea5t l\u01b0\u1ee3ng h\u1ea1t.<\/li>\n<\/ul>\n<p>H\u1ed9p s\u1ed1 L\u01b0u tr\u1eef Ng\u0169 c\u1ed1c FMP-1005 l\u00e0 m\u1ed9t linh ki\u1ec7n \u0111a n\u0103ng \u0111\u01b0\u1ee3c s\u1eed d\u1ee5ng trong nhi\u1ec1u \u1ee9ng d\u1ee5ng x\u1eed l\u00fd v\u00e0 l\u01b0u tr\u1eef ng\u0169 c\u1ed1c. Thi\u1ebft k\u1ebf m\u1ea1nh m\u1ebd v\u00e0 hi\u1ec7u su\u1ea5t \u0111\u00e1ng tin c\u1eady gi\u00fap h\u1ed9p s\u1ed1 n\u00e0y l\u00fd t\u01b0\u1edfng \u0111\u1ec3 cung c\u1ea5p n\u0103ng l\u01b0\u1ee3ng cho b\u0103ng t\u1ea3i, tr\u1ee5c v\u00edt, thang m\u00e1y, h\u1ec7 th\u1ed1ng l\u00e0m s\u1ea1ch v\u00e0 c\u00e1c m\u00e1y m\u00f3c thi\u1ebft y\u1ebfu kh\u00e1c \u0111\u01b0\u1ee3c s\u1eed d\u1ee5ng trong ch\u1ebf bi\u1ebfn, l\u01b0u tr\u1eef v\u00e0 v\u1eadn chuy\u1ec3n ng\u0169 c\u1ed1c. Kh\u1ea3 n\u0103ng th\u00edch \u1ee9ng c\u1ee7a h\u1ed9p s\u1ed1 \u0111\u1ea3m b\u1ea3o v\u1eadn h\u00e0nh tr\u01a1n tru, gi\u1ea3m th\u1eddi gian ch\u1ebft v\u00e0 t\u1ed1i \u0111a h\u00f3a hi\u1ec7u qu\u1ea3 c\u1ee7a c\u00e1c h\u1ec7 th\u1ed1ng x\u1eed l\u00fd ng\u0169 c\u1ed1c trong c\u1ea3 m\u00f4i tr\u01b0\u1eddng n\u00f4ng nghi\u1ec7p quy m\u00f4 l\u1edbn v\u00e0 nh\u1ecf.<\/p>\n<p><img loading=\"lazy\" decoding=\"async\" class=\"alignnone size-full wp-image-3096\" src=\"https:\/\/fmp-components.com\/wp-content\/uploads\/2025\/01\/Grain-Storage-Gearbox-28.webp\" alt=\"H\u1ed9p s\u1ed1 l\u01b0u tr\u1eef ng\u0169 c\u1ed1c\" width=\"1200\" height=\"950\" title=\"\" srcset=\"https:\/\/fmp-components.com\/wp-content\/uploads\/2025\/01\/Grain-Storage-Gearbox-28.webp 1200w, https:\/\/fmp-components.com\/wp-content\/uploads\/2025\/01\/Grain-Storage-Gearbox-28-980x776.webp 980w, https:\/\/fmp-components.com\/wp-content\/uploads\/2025\/01\/Grain-Storage-Gearbox-28-480x380.webp 480w\" sizes=\"(min-width: 0px) and (max-width: 480px) 480px, (min-width: 481px) and (max-width: 980px) 980px, (min-width: 981px) 1200px, 100vw\" \/><\/p>\n<h2>Gi\u1edbi thi\u1ec7u v\u1ec1 FMP<\/h2>\n<p>C\u00f3 tr\u1ee5 s\u1edf ch\u00ednh t\u1ea1i \u00dd, FMP l\u00e0 nh\u00e0 s\u1ea3n xu\u1ea5t h\u00e0ng \u0111\u1ea7u n\u1ed5i ti\u1ebfng v\u1edbi chuy\u00ean m\u00f4n trong thi\u1ebft k\u1ebf, ph\u00e1t tri\u1ec3n v\u00e0 s\u1ea3n xu\u1ea5t h\u1ed9p s\u1ed1 hi\u1ec7u su\u1ea5t cao, t\u1eadp trung ch\u1ee7 y\u1ebfu v\u00e0o l\u0129nh v\u1ef1c m\u00e1y m\u00f3c n\u00f4ng nghi\u1ec7p. V\u1edbi k\u1ef9 thu\u1eadt ch\u00ednh x\u00e1c, gi\u1ea3i ph\u00e1p ti\u00ean ti\u1ebfn v\u00e0 \u0111\u1ed9 tin c\u1eady cao, FMP \u0111\u00e3 t\u1ea1o d\u1ef1ng \u0111\u01b0\u1ee3c danh ti\u1ebfng l\u00e0 \u0111\u1ed1i t\u00e1c \u0111\u00e1ng tin c\u1eady trong c\u1ea3 th\u1ecb tr\u01b0\u1eddng n\u00f4ng nghi\u1ec7p v\u00e0 c\u00f4ng nghi\u1ec7p. Danh m\u1ee5c s\u1ea3n ph\u1ea9m to\u00e0n di\u1ec7n c\u1ee7a ch\u00fang t\u00f4i bao g\u1ed3m h\u1ed9p s\u1ed1 \u0111\u01b0\u1ee3c thi\u1ebft k\u1ebf ri\u00eang cho m\u00e1y c\u1eaft c\u1ecf, tr\u1ee5c PTO v\u00e0 nhi\u1ec1u linh ki\u1ec7n thi\u1ebft y\u1ebfu kh\u00e1c, t\u1ea5t c\u1ea3 \u0111\u1ec1u \u0111\u01b0\u1ee3c ch\u1ebf t\u1ea1o t\u1ec9 m\u1ec9 \u0111\u1ec3 \u0111\u00e1p \u1ee9ng nhu c\u1ea7u c\u1ee5 th\u1ec3 c\u1ee7a nhi\u1ec1u \u1ee9ng d\u1ee5ng kh\u00e1c nhau.<\/p>\n<p>T\u1ea1i FMP, ch\u00fang t\u00f4i hi\u1ec3u r\u1eb1ng m\u1ed7i kh\u00e1ch h\u00e0ng \u0111\u1ec1u ph\u1ea3i \u0111\u1ed1i m\u1eb7t v\u1edbi nh\u1eefng th\u00e1ch th\u1ee9c ri\u00eang. \u0110\u00f3 l\u00e0 l\u00fd do t\u1ea1i sao ch\u00fang t\u00f4i chuy\u00ean cung c\u1ea5p c\u00e1c gi\u1ea3i ph\u00e1p \u0111\u01b0\u1ee3c thi\u1ebft k\u1ebf ri\u00eang, d\u00f9 l\u00e0 cho t\u1eebng th\u00e0nh ph\u1ea7n ri\u00eang l\u1ebb hay h\u1ec7 th\u1ed1ng t\u00edch h\u1ee3p ho\u00e0n ch\u1ec9nh. Th\u00f4ng qua s\u1ef1 h\u1ee3p t\u00e1c ch\u1eb7t ch\u1ebd v\u1edbi kh\u00e1ch h\u00e0ng, ch\u00fang t\u00f4i \u0111\u1ea3m b\u1ea3o r\u1eb1ng m\u1ed7i gi\u1ea3i ph\u00e1p kh\u00f4ng ch\u1ec9 \u0111\u00e1p \u1ee9ng nhu c\u1ea7u c\u1ee7a h\u1ecd m\u00e0 c\u00f2n t\u1ed1i \u01b0u h\u00f3a hi\u1ec7u su\u1ea5t v\u00e0 t\u1ed1i \u0111a h\u00f3a gi\u00e1 tr\u1ecb. Cam k\u1ebft c\u1ee7a ch\u00fang t\u00f4i v\u1ec1 ph\u1ea3n h\u1ed3i nhanh ch\u00f3ng, chuy\u00ean nghi\u1ec7p v\u00e0 h\u01b0\u1edbng d\u1eabn chuy\u00ean m\u00f4n \u0111\u1ea3m b\u1ea3o r\u1eb1ng m\u1ecdi th\u1eafc m\u1eafc \u0111\u1ec1u \u0111\u01b0\u1ee3c gi\u1ea3i quy\u1ebft ch\u00ednh x\u00e1c, \u0111\u1ea3m b\u1ea3o k\u1ebft qu\u1ea3 t\u1ed1t nh\u1ea5t m\u1ecdi l\u00fac.<\/p>\n<p>Ch\u00fang t\u00f4i \u01b0u ti\u00ean giao ti\u1ebfp r\u00f5 r\u00e0ng, li\u00ean t\u1ee5c trong su\u1ed1t chu tr\u00ecnh ph\u00e1t tri\u1ec3n s\u1ea3n ph\u1ea9m. \u0110\u1ed9i ng\u0169 t\u1eadn t\u00e2m c\u1ee7a ch\u00fang t\u00f4i l\u00e0m vi\u1ec7c ch\u1eb7t ch\u1ebd v\u1edbi kh\u00e1ch h\u00e0ng \u0111\u1ec3 hi\u1ec3u r\u00f5 y\u00eau c\u1ea7u c\u1ee7a h\u1ecd v\u00e0 cung c\u1ea5p nh\u1eefng hi\u1ec3u bi\u1ebft s\u00e2u s\u1eafc c\u00f9ng c\u00e1c khuy\u1ebfn ngh\u1ecb gi\u00e1 tr\u1ecb nh\u1eb1m \u0111\u1ea1t \u0111\u01b0\u1ee3c k\u1ebft qu\u1ea3 t\u1ed1i \u01b0u. D\u00f9 l\u00e0 thi\u1ebft k\u1ebf s\u1ea3n ph\u1ea9m hi\u1ec7n \u0111\u1ea1i hay th\u1ef1c hi\u1ec7n c\u00e1c \u0111\u01a1n h\u00e0ng th\u01b0\u1eddng xuy\u00ean, FMP lu\u00f4n cam k\u1ebft cung c\u1ea5p c\u00e1c gi\u1ea3i ph\u00e1p ch\u1ea5t l\u01b0\u1ee3ng cao, \u0111\u01b0\u1ee3c thi\u1ebft k\u1ebf ch\u00ednh x\u00e1c, \u0111\u00fang h\u1ea1n. S\u1ee9 m\u1ec7nh c\u1ee7a ch\u00fang t\u00f4i l\u00e0 lu\u00f4n v\u01b0\u1ee3t tr\u00ean mong \u0111\u1ee3i c\u1ee7a kh\u00e1ch h\u00e0ng, cung c\u1ea5p d\u1ecbch v\u1ee5 v\u00e0 k\u1ebft qu\u1ea3 v\u01b0\u1ee3t tr\u1ed9i trong m\u1ecdi d\u1ef1 \u00e1n.<\/p>\n<p>Ch\u1ea5t l\u01b0\u1ee3ng l\u00e0 tr\u1ecdng t\u00e2m trong ho\u1ea1t \u0111\u1ed9ng c\u1ee7a FMP. Ch\u00fang t\u00f4i duy tr\u00ec c\u00e1c ti\u00eau chu\u1ea9n s\u1ea3n xu\u1ea5t cao nh\u1ea5t v\u00e0 th\u1ef1c hi\u1ec7n c\u00e1c bi\u1ec7n ph\u00e1p ki\u1ec3m so\u00e1t ch\u1ea5t l\u01b0\u1ee3ng nghi\u00eam ng\u1eb7t \u0111\u1ec3 \u0111\u1ea3m b\u1ea3o m\u1ed7i s\u1ea3n ph\u1ea9m \u0111\u1ec1u \u0111\u00e1p \u1ee9ng, v\u00e0 th\u01b0\u1eddng v\u01b0\u1ee3t qua, c\u00e1c ti\u00eau chu\u1ea9n c\u1ee7a ng\u00e0nh. Cam k\u1ebft v\u1ec1 s\u1ef1 xu\u1ea5t s\u1eafc n\u00e0y, c\u00f9ng v\u1edbi c\u00e1c gi\u00e1 tr\u1ecb c\u1ed1t l\u00f5i c\u1ee7a ch\u00fang t\u00f4i v\u1ec1 t\u00ednh ch\u00ednh tr\u1ef1c, tinh th\u1ea7n \u0111\u1ed3ng \u0111\u1ed9i v\u00e0 s\u1ef1 ki\u00ean tr\u00ec, \u0111\u00e3 gi\u00fap ch\u00fang t\u00f4i x\u00e2y d\u1ef1ng m\u1ed1i quan h\u1ec7 l\u00e2u d\u00e0i, d\u1ef1a tr\u00ean s\u1ef1 tin c\u1eady v\u1edbi kh\u00e1ch h\u00e0ng t\u1ea1i g\u1ea7n 30 qu\u1ed1c gia tr\u00ean to\u00e0n th\u1ebf gi\u1edbi.<\/p>\n<p>FMP lu\u00f4n mong mu\u1ed1n x\u00e2y d\u1ef1ng quan h\u1ec7 \u0111\u1ed1i t\u00e1c to\u00e0n c\u1ea7u, cung c\u1ea5p t\u01b0 v\u1ea5n chuy\u00ean m\u00f4n v\u00e0 c\u00e1c gi\u1ea3i ph\u00e1p t\u00f9y ch\u1ec9nh, \u0111\u00e1p \u1ee9ng nhu c\u1ea7u ng\u00e0y c\u00e0ng \u0111a d\u1ea1ng c\u1ee7a kh\u00e1ch h\u00e0ng. Ch\u00fang t\u00f4i n\u1ed7 l\u1ef1c x\u00e2y d\u1ef1ng m\u1ed1i quan h\u1ec7 l\u00e2u d\u00e0i, c\u00f9ng c\u00f3 l\u1ee3i, g\u00f3p ph\u1ea7n v\u00e0o th\u00e0nh c\u00f4ng c\u1ee7a m\u1ecdi d\u1ef1 \u00e1n. Cho d\u00f9 b\u1ea1n c\u1ea7n c\u00e1c gi\u1ea3i ph\u00e1p s\u00e1ng t\u1ea1o cho m\u1ed9t s\u00e1ng ki\u1ebfn \u200b\u200bm\u1edbi hay h\u1ed7 tr\u1ee3 li\u00ean t\u1ee5c cho m\u1ed9t h\u1ec7 th\u1ed1ng hi\u1ec7n c\u00f3, FMP lu\u00f4n s\u1eb5n s\u00e0ng gi\u00fap b\u1ea1n v\u01b0\u1ee3t qua nh\u1eefng th\u00e1ch th\u1ee9c k\u1ef9 thu\u1eadt v\u00e0 \u0111\u1ea3m b\u1ea3o th\u00e0nh c\u00f4ng b\u1ec1n v\u1eefng.<\/p>\n<p><img loading=\"lazy\" decoding=\"async\" class=\"alignnone wp-image-2695\" src=\"https:\/\/fmp-components.com\/wp-content\/uploads\/2025\/01\/agricultural-gearbox3.webp\" alt=\"h\u1ed9p s\u1ed1 n\u00f4ng nghi\u1ec7p\" width=\"1140\" height=\"1138\" title=\"\" srcset=\"https:\/\/fmp-components.com\/wp-content\/uploads\/2025\/01\/agricultural-gearbox3.webp 1140w, https:\/\/fmp-components.com\/wp-content\/uploads\/2025\/01\/agricultural-gearbox3-480x479.webp 480w\" sizes=\"(min-width: 0px) and (max-width: 480px) 480px, (min-width: 481px) 1140px, 100vw\" \/><\/p>\n<p>T\u00e1c gi\u1ea3: CX<\/p>","protected":false},"excerpt":{"rendered":"<p>Grain Storage Gearbox FMP-1005 Specifications Product Name Grain storage gearbox Material HT250 for housing, 40CrMnTi for gear shaft. Color Customization Mould No 6.5 Used Grain storage Benefits of Using Grain Storage Gearbox FMP-1005 The Grain Storage Gearbox FMP-1005 offers several benefits that enhance its functionality, efficiency, and reliability in agricultural grain storage systems. Below are [&hellip;]<\/p>","protected":false},"featured_media":3109,"comment_status":"open","ping_status":"closed","template":"","meta":{"_et_pb_use_builder":"","_et_pb_old_content":"","_et_gb_content_width":""},"product_brand":[],"product_cat":[73],"product_tag":[],"class_list":{"0":"post-3107","1":"product","2":"type-product","3":"status-publish","4":"has-post-thumbnail","6":"product_cat-grain-storage-gearbox","8":"first","9":"instock","10":"shipping-taxable","11":"product-type-simple"},"_links":{"self":[{"href":"https:\/\/fmp-components.com\/vi\/wp-json\/wp\/v2\/product\/3107","targetHints":{"allow":["GET"]}}],"collection":[{"href":"https:\/\/fmp-components.com\/vi\/wp-json\/wp\/v2\/product"}],"about":[{"href":"https:\/\/fmp-components.com\/vi\/wp-json\/wp\/v2\/types\/product"}],"replies":[{"embeddable":true,"href":"https:\/\/fmp-components.com\/vi\/wp-json\/wp\/v2\/comments?post=3107"}],"wp:featuredmedia":[{"embeddable":true,"href":"https:\/\/fmp-components.com\/vi\/wp-json\/wp\/v2\/media\/3109"}],"wp:attachment":[{"href":"https:\/\/fmp-components.com\/vi\/wp-json\/wp\/v2\/media?parent=3107"}],"wp:term":[{"taxonomy":"product_brand","embeddable":true,"href":"https:\/\/fmp-components.com\/vi\/wp-json\/wp\/v2\/product_brand?post=3107"},{"taxonomy":"product_cat","embeddable":true,"href":"https:\/\/fmp-components.com\/vi\/wp-json\/wp\/v2\/product_cat?post=3107"},{"taxonomy":"product_tag","embeddable":true,"href":"https:\/\/fmp-components.com\/vi\/wp-json\/wp\/v2\/product_tag?post=3107"}],"curies":[{"name":"wp","href":"https:\/\/api.w.org\/{rel}","templated":true}]}}