{"id":3102,"date":"2025-01-05T01:11:31","date_gmt":"2025-01-05T01:11:31","guid":{"rendered":"https:\/\/fmp-components.com\/?page_id=8"},"modified":"2025-01-05T01:11:32","modified_gmt":"2025-01-05T01:11:32","slug":"l-series-40hp-grain-storage-gearbox-fmp-5490-for-agricultural-grain-storage","status":"publish","type":"product","link":"https:\/\/fmp-components.com\/vi\/product\/l-series-40hp-grain-storage-gearbox-fmp-5490-for-agricultural-grain-storage\/","title":{"rendered":"H\u1ed9p s\u1ed1 l\u01b0u tr\u1eef ng\u0169 c\u1ed1c d\u00f2ng L 40HP FMP-5490 d\u00e0nh cho kho l\u01b0u tr\u1eef ng\u0169 c\u1ed1c n\u00f4ng nghi\u1ec7p"},"content":{"rendered":"<h2>Th\u00f4ng s\u1ed1 k\u1ef9 thu\u1eadt h\u1ed9p s\u1ed1 l\u01b0u tr\u1eef ng\u0169 c\u1ed1c FMP-5490<\/h2>\n<p><img loading=\"lazy\" decoding=\"async\" class=\"alignnone size-full wp-image-3104\" src=\"https:\/\/fmp-components.com\/wp-content\/uploads\/2025\/01\/Grain-Storage-Gearbox-FMP-5490-Dimension.webp\" alt=\"H\u1ed9p s\u1ed1 l\u01b0u tr\u1eef ng\u0169 c\u1ed1c FMP-5490-K\u00edch th\u01b0\u1edbc\" width=\"967\" height=\"714\" title=\"\" srcset=\"https:\/\/fmp-components.com\/wp-content\/uploads\/2025\/01\/Grain-Storage-Gearbox-FMP-5490-Dimension.webp 967w, https:\/\/fmp-components.com\/wp-content\/uploads\/2025\/01\/Grain-Storage-Gearbox-FMP-5490-Dimension-480x354.webp 480w\" sizes=\"(min-width: 0px) and (max-width: 480px) 480px, (min-width: 481px) 967px, 100vw\" \/><\/p>\n<table style=\"width: 93.3388%; height: 204px;\" border=\"1\" cellspacing=\"0\" cellpadding=\"0\">\n<tbody>\n<tr class=\"firstRow\">\n<td>T\u00ean s\u1ea3n ph\u1ea9m<\/td>\n<td>H\u1ed9p s\u1ed1 l\u01b0u tr\u1eef ng\u0169 c\u1ed1c<\/td>\n<\/tr>\n<tr>\n<td>V\u1eadt li\u1ec7u<\/td>\n<td>HT250 cho v\u1ecf, 20CrMnTi cho tr\u1ee5c b\u00e1nh r\u0103ng.<\/td>\n<\/tr>\n<tr>\n<td>M\u00e0u s\u1eafc<\/td>\n<td>T\u00f9y ch\u1ec9nh<\/td>\n<\/tr>\n<tr>\n<td>C\u00e2n n\u1eb7ng<\/td>\n<td>21KG<\/td>\n<\/tr>\n<tr>\n<td>T\u1ef7 l\u1ec7<\/td>\n<td>1.5:1<\/td>\n<\/tr>\n<tr>\n<td>Quy\u1ec1n l\u1ef1c<\/td>\n<td>40 m\u00e3 l\u1ef1c<\/td>\n<\/tr>\n<tr>\n<td>\u0110\u00e3 s\u1eed d\u1ee5ng<\/td>\n<td>L\u01b0u tr\u1eef ng\u0169 c\u1ed1c<\/td>\n<\/tr>\n<\/tbody>\n<\/table>\n<h2>L\u1ee3i \u00edch c\u1ee7a vi\u1ec7c s\u1eed d\u1ee5ng h\u1ed9p s\u1ed1 l\u01b0u tr\u1eef ng\u0169 c\u1ed1c d\u00f2ng L cho n\u00f4ng nghi\u1ec7p<\/h2>\n<p>H\u1ed9p s\u1ed1 l\u01b0u tr\u1eef ng\u0169 c\u1ed1c d\u00f2ng L mang l\u1ea1i nhi\u1ec1u l\u1ee3i \u00edch quan tr\u1ecdng cho c\u00e1c \u1ee9ng d\u1ee5ng n\u00f4ng nghi\u1ec7p, \u0111\u1eb7c bi\u1ec7t l\u00e0 trong c\u00e1c h\u1ec7 th\u1ed1ng l\u01b0u tr\u1eef ng\u0169 c\u1ed1c. Nh\u1eefng l\u1ee3i \u00edch n\u00e0y bao g\u1ed3m:<\/p>\n<p><strong>1. \u0110\u1ed9 b\u1ec1n v\u00e0 tu\u1ed5i th\u1ecd<\/strong><\/p>\n<ul>\n<li>H\u1ed9p s\u1ed1 d\u00f2ng L \u0111\u01b0\u1ee3c thi\u1ebft k\u1ebf \u0111\u1ec3 ch\u1ecbu \u0111\u01b0\u1ee3c \u0111i\u1ec1u ki\u1ec7n kh\u1eafc nghi\u1ec7t c\u1ee7a m\u00f4i tr\u01b0\u1eddng n\u00f4ng nghi\u1ec7p. \u0110\u01b0\u1ee3c ch\u1ebf t\u1ea1o b\u1eb1ng v\u1eadt li\u1ec7u ch\u1ea5t l\u01b0\u1ee3ng cao, h\u1ed9p s\u1ed1 c\u00f3 kh\u1ea3 n\u0103ng ch\u1ed1ng m\u00e0i m\u00f2n, mang l\u1ea1i hi\u1ec7u su\u1ea5t l\u00e2u d\u00e0i trong c\u00e1c h\u1ec7 th\u1ed1ng l\u01b0u tr\u1eef ng\u0169 c\u1ed1c ho\u1ea1t \u0111\u1ed9ng d\u01b0\u1edbi t\u1ea3i tr\u1ecdng n\u1eb7ng v\u00e0 s\u1eed d\u1ee5ng li\u00ean t\u1ee5c.<\/li>\n<\/ul>\n<p><strong>2. Hi\u1ec7u qu\u1ea3 cao<\/strong><\/p>\n<ul>\n<li>V\u1edbi k\u1ef9 thu\u1eadt ch\u00ednh x\u00e1c, h\u1ed9p s\u1ed1 d\u00f2ng L mang l\u1ea1i hi\u1ec7u su\u1ea5t truy\u1ec1n t\u1ea3i n\u0103ng l\u01b0\u1ee3ng v\u01b0\u1ee3t tr\u1ed9i. \u0110i\u1ec1u n\u00e0y gi\u00fap c\u00e1c thi\u1ebft b\u1ecb nh\u01b0 b\u0103ng t\u1ea3i ng\u0169 c\u1ed1c, m\u00e1y khoan v\u00e0 thang m\u00e1y v\u1eadn h\u00e0nh tr\u01a1n tru, \u0111\u00e1ng tin c\u1eady, gi\u00fap t\u1ed1i \u01b0u h\u00f3a hi\u1ec7u su\u1ea5t v\u00e0 gi\u1ea3m m\u1ee9c ti\u00eau th\u1ee5 n\u0103ng l\u01b0\u1ee3ng.<\/li>\n<\/ul>\n<p><strong>3. Thi\u1ebft k\u1ebf nh\u1ecf g\u1ecdn v\u00e0 ti\u1ebft ki\u1ec7m kh\u00f4ng gian<\/strong><\/p>\n<ul>\n<li>Thi\u1ebft k\u1ebf nh\u1ecf g\u1ecdn c\u1ee7a h\u1ed9p s\u1ed1 d\u00f2ng L cho ph\u00e9p d\u1ec5 d\u00e0ng t\u00edch h\u1ee3p v\u00e0o kh\u00f4ng gian ch\u1eadt h\u1eb9p trong h\u1ec7 th\u1ed1ng l\u01b0u tr\u1eef ng\u0169 c\u1ed1c. K\u00edch th\u01b0\u1edbc nh\u1ecf g\u1ecdn \u0111\u1ea3m b\u1ea3o kh\u00f4ng chi\u1ebfm nhi\u1ec1u di\u1ec7n t\u00edch kh\u00f4ng c\u1ea7n thi\u1ebft m\u00e0 v\u1eabn cung c\u1ea5p c\u00f4ng su\u1ea5t c\u1ea7n thi\u1ebft \u0111\u1ec3 x\u1eed l\u00fd ng\u0169 c\u1ed1c hi\u1ec7u qu\u1ea3.<\/li>\n<\/ul>\n<p><strong>4. Hi\u1ec7u su\u1ea5t \u0111\u00e1ng tin c\u1eady trong \u0111i\u1ec1u ki\u1ec7n kh\u1eafc nghi\u1ec7t<\/strong><\/p>\n<ul>\n<li>M\u00f4i tr\u01b0\u1eddng n\u00f4ng nghi\u1ec7p c\u00f3 th\u1ec3 kh\u1eafc nghi\u1ec7t, v\u1edbi b\u1ee5i, \u0111\u1ed9 \u1ea9m v\u00e0 nhi\u1ec7t \u0111\u1ed9 thay \u0111\u1ed5i. H\u1ed9p s\u1ed1 d\u00f2ng L \u0111\u01b0\u1ee3c thi\u1ebft k\u1ebf \u0111\u1ec3 ho\u1ea1t \u0111\u1ed9ng \u0111\u00e1ng tin c\u1eady ngay c\u1ea3 trong nh\u1eefng \u0111i\u1ec1u ki\u1ec7n kh\u1eafc nghi\u1ec7t n\u00e0y, \u0111\u1ea3m b\u1ea3o thi\u1ebft b\u1ecb l\u01b0u tr\u1eef ng\u0169 c\u1ed1c ho\u1ea1t \u0111\u1ed9ng li\u00ean t\u1ee5c v\u00e0 gi\u1ea3m thi\u1ec3u th\u1eddi gian ng\u1eebng ho\u1ea1t \u0111\u1ed9ng.<\/li>\n<\/ul>\n<p><strong>5. T\u00f9y ch\u1ecdn t\u00f9y ch\u1ec9nh<\/strong><\/p>\n<ul>\n<li>H\u1ed9p s\u1ed1 d\u00f2ng L c\u00f3 th\u1ec3 \u0111\u01b0\u1ee3c thi\u1ebft k\u1ebf ri\u00eang \u0111\u1ec3 \u0111\u00e1p \u1ee9ng nhu c\u1ea7u c\u1ee5 th\u1ec3 c\u1ee7a c\u00e1c h\u1ec7 th\u1ed1ng l\u01b0u tr\u1eef ng\u0169 c\u1ed1c kh\u00e1c nhau. D\u00f9 l\u00e0 c\u00f4ng su\u1ea5t kh\u00e1c nhau, y\u00eau c\u1ea7u v\u1eadn h\u00e0nh \u0111\u1ed9c \u0111\u00e1o hay c\u1ea5u h\u00ecnh l\u1eafp \u0111\u1eb7t kh\u00e1c nhau, FMP \u0111\u1ec1u cung c\u1ea5p c\u00e1c gi\u1ea3i ph\u00e1p linh ho\u1ea1t \u0111\u1ec3 \u0111\u1ea3m b\u1ea3o kh\u1ea3 n\u0103ng t\u01b0\u01a1ng th\u00edch v\u1edbi nhi\u1ec1u lo\u1ea1i m\u00e1y m\u00f3c n\u00f4ng nghi\u1ec7p.<\/li>\n<\/ul>\n<p>T\u00f3m l\u1ea1i, H\u1ed9p s\u1ed1 l\u01b0u tr\u1eef ng\u0169 c\u1ed1c d\u00f2ng L mang l\u1ea1i \u0111\u1ed9 b\u1ec1n, hi\u1ec7u qu\u1ea3 v\u00e0 \u0111\u1ed9 tin c\u1eady, khi\u1ebfn \u0111\u00e2y tr\u1edf th\u00e0nh l\u1ef1a ch\u1ecdn l\u00fd t\u01b0\u1edfng cho c\u00e1c \u1ee9ng d\u1ee5ng n\u00f4ng nghi\u1ec7p, n\u01a1i thi\u1ebft b\u1ecb l\u01b0u tr\u1eef v\u00e0 x\u1eed l\u00fd ng\u0169 c\u1ed1c ph\u1ea3i ho\u1ea1t \u0111\u1ed9ng trong \u0111i\u1ec1u ki\u1ec7n kh\u1eafc nghi\u1ec7t.<\/p>\n<p><img loading=\"lazy\" decoding=\"async\" class=\"alignnone size-full wp-image-3105\" src=\"https:\/\/fmp-components.com\/wp-content\/uploads\/2025\/01\/Grain-Storage-Gearbox-22.webp\" alt=\"H\u1ed9p s\u1ed1 l\u01b0u tr\u1eef ng\u0169 c\u1ed1c-22\" width=\"1060\" height=\"677\" title=\"\" srcset=\"https:\/\/fmp-components.com\/wp-content\/uploads\/2025\/01\/Grain-Storage-Gearbox-22.webp 1060w, https:\/\/fmp-components.com\/wp-content\/uploads\/2025\/01\/Grain-Storage-Gearbox-22-980x626.webp 980w, https:\/\/fmp-components.com\/wp-content\/uploads\/2025\/01\/Grain-Storage-Gearbox-22-480x307.webp 480w\" sizes=\"(min-width: 0px) and (max-width: 480px) 480px, (min-width: 481px) and (max-width: 980px) 980px, (min-width: 981px) 1060px, 100vw\" \/><\/p>\n<h2>\u1ee8ng d\u1ee5ng c\u1ee7a h\u1ed9p s\u1ed1 l\u01b0u tr\u1eef ng\u0169 c\u1ed1c d\u00f2ng L cho n\u00f4ng nghi\u1ec7p<\/h2>\n<p>H\u1ed9p s\u1ed1 l\u01b0u tr\u1eef ng\u0169 c\u1ed1c d\u00f2ng L r\u1ea5t linh ho\u1ea1t v\u00e0 c\u00f3 th\u1ec3 \u0111\u01b0\u1ee3c s\u1eed d\u1ee5ng trong nhi\u1ec1u \u1ee9ng d\u1ee5ng n\u00f4ng nghi\u1ec7p, \u0111\u1eb7c bi\u1ec7t l\u00e0 trong c\u00e1c h\u1ec7 th\u1ed1ng li\u00ean quan \u0111\u1ebfn x\u1eed l\u00fd v\u00e0 l\u01b0u tr\u1eef ng\u0169 c\u1ed1c. M\u1ed9t s\u1ed1 \u1ee9ng d\u1ee5ng ch\u00ednh bao g\u1ed3m:<\/p>\n<p><strong>1. Thang m\u00e1y ng\u0169 c\u1ed1c<\/strong><\/p>\n<ul>\n<li>H\u1ed9p s\u1ed1 d\u00f2ng L \u0111\u01b0\u1ee3c s\u1eed d\u1ee5ng r\u1ed9ng r\u00e3i trong c\u00e1c m\u00e1y n\u00e2ng ng\u0169 c\u1ed1c, gi\u00fap v\u1eadn chuy\u1ec3n ng\u0169 c\u1ed1c theo ph\u01b0\u01a1ng th\u1eb3ng \u0111\u1ee9ng t\u1eeb t\u1ea7ng n\u00e0y sang t\u1ea7ng kh\u00e1c. \u0110\u1ed9 tin c\u1eady v\u00e0 \u0111\u1ed9 b\u1ec1n c\u1ee7a h\u1ed9p s\u1ed1 \u0111\u1ea3m b\u1ea3o v\u1eadn h\u00e0nh tr\u01a1n tru, ngay c\u1ea3 khi ch\u1ecbu t\u1ea3i n\u1eb7ng, l\u00fd t\u01b0\u1edfng \u0111\u1ec3 n\u00e2ng ng\u0169 c\u1ed1c l\u00ean th\u00f9ng ch\u1ee9a ho\u1eb7c silo ch\u1ee9a.<\/li>\n<\/ul>\n<p><strong>2. B\u0103ng t\u1ea3i ng\u0169 c\u1ed1c<\/strong><\/p>\n<ul>\n<li>Trong h\u1ec7 th\u1ed1ng b\u0103ng t\u1ea3i ng\u0169 c\u1ed1c, h\u1ed9p s\u1ed1 d\u00f2ng L \u0111\u00f3ng vai tr\u00f2 quan tr\u1ecdng trong vi\u1ec7c v\u1eadn chuy\u1ec3n ng\u0169 c\u1ed1c theo ph\u01b0\u01a1ng ngang ho\u1eb7c nghi\u00eang. N\u00f3 \u0111\u1ea3m b\u1ea3o vi\u1ec7c di chuy\u1ec3n ng\u0169 c\u1ed1c r\u1eddi hi\u1ec7u qu\u1ea3 v\u00e0 li\u00ean t\u1ee5c t\u1eeb v\u1ecb tr\u00ed n\u00e0y sang v\u1ecb tr\u00ed kh\u00e1c, d\u00f9 l\u00e0 \u0111\u1ec3 b\u1ed1c x\u1ebfp, d\u1ee1 h\u00e0ng hay l\u01b0u tr\u1eef.<\/li>\n<\/ul>\n<p><strong>3. M\u00e1y khoan h\u1ea1t<\/strong><\/p>\n<ul>\n<li>H\u1ed9p s\u1ed1 d\u00f2ng L th\u01b0\u1eddng \u0111\u01b0\u1ee3c s\u1eed d\u1ee5ng trong m\u00e1y nghi\u1ec1n ng\u0169 c\u1ed1c, v\u1ed1n r\u1ea5t quan tr\u1ecdng trong vi\u1ec7c v\u1eadn chuy\u1ec3n ng\u0169 c\u1ed1c t\u1eeb n\u01a1i n\u00e0y sang n\u01a1i kh\u00e1c, th\u01b0\u1eddng l\u00e0 t\u1eeb th\u00f9ng ch\u1ee9a \u0111\u1ebfn xe t\u1ea3i ho\u1eb7c khu v\u1ef1c l\u01b0u tr\u1eef. H\u1ed9p s\u1ed1 cung c\u1ea5p m\u00f4-men xo\u1eafn v\u00e0 \u0111\u1ed9 tin c\u1eady c\u1ea7n thi\u1ebft \u0111\u1ec3 v\u1eadn h\u00e0nh hi\u1ec7u qu\u1ea3.<\/li>\n<\/ul>\n<p><strong>4. Thi\u1ebft b\u1ecb x\u1eed l\u00fd ng\u0169 c\u1ed1c<\/strong><\/p>\n<ul>\n<li>H\u1ed9p s\u1ed1 d\u00f2ng L l\u00e0 m\u1ed9t b\u1ed9 ph\u1eadn thi\u1ebft y\u1ebfu trong nhi\u1ec1u lo\u1ea1i m\u00e1y x\u1eed l\u00fd ng\u0169 c\u1ed1c kh\u00e1c, bao g\u1ed3m c\u1ea3 m\u00e1y tr\u1ed9n, ph\u00e2n lo\u1ea1i v\u00e0 s\u1ea5y kh\u00f4. C\u1ea5u tr\u00fac ch\u1eafc ch\u1eafn c\u1ee7a h\u1ed9p s\u1ed1 gi\u00fap n\u00f3 l\u00fd t\u01b0\u1edfng cho c\u00e1c ho\u1ea1t \u0111\u1ed9ng li\u00ean t\u1ee5c, n\u1eb7ng nh\u1ecdc.<\/li>\n<\/ul>\n<p><strong>5. M\u00e1y qu\u00e9t th\u00f9ng ch\u1ee9a ng\u0169 c\u1ed1c<\/strong><\/p>\n<ul>\n<li>H\u1ed9p s\u1ed1 d\u00f2ng L \u0111\u01b0\u1ee3c s\u1eed d\u1ee5ng trong c\u00e1c m\u00e1y qu\u00e9t th\u00f9ng ch\u1ee9a ng\u0169 c\u1ed1c, gi\u00fap l\u1ea5y ng\u0169 c\u1ed1c ra kh\u1ecfi th\u00f9ng ch\u1ee9a. H\u1ed9p s\u1ed1 n\u00e0y truy\u1ec1n \u0111\u1ed9ng cho c\u01a1 c\u1ea5u qu\u00e9t, \u0111\u1ea3m b\u1ea3o vi\u1ec7c \u0111\u1ed5 ng\u0169 c\u1ed1c ra kh\u1ecfi th\u00f9ng ch\u1ee9a hi\u1ec7u qu\u1ea3, gi\u1ea3m nhu c\u1ea7u s\u1eed d\u1ee5ng lao \u0111\u1ed9ng th\u1ee7 c\u00f4ng.<\/li>\n<\/ul>\n<p>V\u1ec1 c\u01a1 b\u1ea3n, H\u1ed9p s\u1ed1 L\u01b0u tr\u1eef Ng\u0169 c\u1ed1c D\u00f2ng L \u0111\u01b0\u1ee3c thi\u1ebft k\u1ebf \u0111\u1ec3 \u0111\u00e1p \u1ee9ng c\u00e1c nhu c\u1ea7u \u0111a d\u1ea1ng v\u1ec1 l\u01b0u tr\u1eef, x\u1eed l\u00fd v\u00e0 v\u1eadn chuy\u1ec3n ng\u0169 c\u1ed1c, \u0111\u1ea3m b\u1ea3o c\u00e1c gi\u1ea3i ph\u00e1p \u0111\u00e1ng tin c\u1eady, hi\u1ec7u qu\u1ea3 v\u00e0 ti\u1ebft ki\u1ec7m chi ph\u00ed trong ho\u1ea1t \u0111\u1ed9ng n\u00f4ng nghi\u1ec7p. Hi\u1ec7u su\u1ea5t m\u1ea1nh m\u1ebd c\u1ee7a n\u00f3 trong nhi\u1ec1u \u1ee9ng d\u1ee5ng gi\u00fap t\u1ed1i \u01b0u h\u00f3a quy tr\u00ecnh l\u00e0m vi\u1ec7c v\u00e0 c\u1ea3i thi\u1ec7n n\u0103ng su\u1ea5t trong to\u00e0n ng\u00e0nh n\u00f4ng nghi\u1ec7p.<\/p>\n<p><img loading=\"lazy\" decoding=\"async\" class=\"alignnone size-full wp-image-3096\" src=\"https:\/\/fmp-components.com\/wp-content\/uploads\/2025\/01\/Grain-Storage-Gearbox-28.webp\" alt=\"H\u1ed9p s\u1ed1 l\u01b0u tr\u1eef ng\u0169 c\u1ed1c\" width=\"1200\" height=\"950\" title=\"\" srcset=\"https:\/\/fmp-components.com\/wp-content\/uploads\/2025\/01\/Grain-Storage-Gearbox-28.webp 1200w, https:\/\/fmp-components.com\/wp-content\/uploads\/2025\/01\/Grain-Storage-Gearbox-28-980x776.webp 980w, https:\/\/fmp-components.com\/wp-content\/uploads\/2025\/01\/Grain-Storage-Gearbox-28-480x380.webp 480w\" sizes=\"(min-width: 0px) and (max-width: 480px) 480px, (min-width: 481px) and (max-width: 980px) 980px, (min-width: 981px) 1200px, 100vw\" \/><\/p>\n<h2>Nguy\u00ean l\u00fd ho\u1ea1t \u0111\u1ed9ng c\u1ee7a h\u1ed9p s\u1ed1 l\u01b0u tr\u1eef ng\u0169 c\u1ed1c d\u00f2ng L d\u00e0nh cho n\u00f4ng nghi\u1ec7p<\/h2>\n<p>H\u1ed9p s\u1ed1 l\u01b0u tr\u1eef ng\u0169 c\u1ed1c d\u00f2ng L \u0111\u01b0\u1ee3c thi\u1ebft k\u1ebf \u0111\u1ec3 truy\u1ec1n t\u1ea3i c\u00f4ng su\u1ea5t hi\u1ec7u qu\u1ea3 v\u00e0 cung c\u1ea5p m\u00f4-men xo\u1eafn c\u1ea7n thi\u1ebft cho nhi\u1ec1u \u1ee9ng d\u1ee5ng n\u00f4ng nghi\u1ec7p kh\u00e1c nhau, \u0111\u1eb7c bi\u1ec7t l\u00e0 trong c\u00e1c h\u1ec7 th\u1ed1ng l\u01b0u tr\u1eef ng\u0169 c\u1ed1c. D\u01b0\u1edbi \u0111\u00e2y l\u00e0 s\u01a1 \u0111\u1ed3 nguy\u00ean l\u00fd ho\u1ea1t \u0111\u1ed9ng c\u1ee7a h\u1ed9p s\u1ed1 d\u00f2ng L:<\/p>\n<p><strong>1. \u0110\u1ea7u v\u00e0o ngu\u1ed3n \u0111i\u1ec7n<\/strong><\/p>\n<p>H\u1ed9p s\u1ed1 nh\u1eadn l\u1ef1c t\u1eeb \u0111\u1ed9ng c\u01a1 ch\u00ednh, th\u01b0\u1eddng l\u00e0 \u0111\u1ed9ng c\u01a1 \u0111i\u1ec7n, \u0111\u1ed9ng c\u01a1 ho\u1eb7c h\u1ec7 th\u1ed1ng tr\u00edch c\u00f4ng su\u1ea5t (PTO). L\u1ef1c n\u00e0y \u0111\u01b0\u1ee3c truy\u1ec1n qua tr\u1ee5c \u0111\u1ea7u v\u00e0o k\u1ebft n\u1ed1i v\u1edbi \u0111\u1ed9ng c\u01a1 d\u1eabn \u0111\u1ed9ng.<\/p>\n<p><strong>2. Truy\u1ec1n chuy\u1ec3n \u0111\u1ed9ng<\/strong><\/p>\n<p>H\u1ed9p s\u1ed1 d\u00f2ng L \u0111\u01b0\u1ee3c thi\u1ebft k\u1ebf v\u1edbi nhi\u1ec1u b\u00e1nh r\u0103ng gi\u00fap truy\u1ec1n n\u0103ng l\u01b0\u1ee3ng quay t\u1eeb tr\u1ee5c \u0111\u1ea7u v\u00e0o sang tr\u1ee5c \u0111\u1ea7u ra d\u1ec5 d\u00e0ng h\u01a1n. Khi tr\u1ee5c \u0111\u1ea7u v\u00e0o quay, n\u00f3 s\u1ebd \u0103n kh\u1edbp v\u1edbi c\u00e1c b\u00e1nh r\u0103ng b\u00ean trong h\u1ed9p s\u1ed1, chuy\u1ec3n \u0111\u1ed5i chuy\u1ec3n \u0111\u1ed9ng quay th\u00e0nh m\u00f4-men xo\u1eafn v\u00e0 t\u1ed1c \u0111\u1ed9 mong mu\u1ed1n cho \u1ee9ng d\u1ee5ng.<\/p>\n<p><strong>3. Gi\u1ea3m t\u1ed1c \u0111\u1ed9 b\u00e1nh r\u0103ng<\/strong><\/p>\n<p>H\u1ed9p s\u1ed1 d\u00f2ng L s\u1eed d\u1ee5ng m\u1ed9t lo\u1ea1t c\u00e1c b\u1ed9 gi\u1ea3m t\u1ed1c \u0111\u1ec3 gi\u1ea3m t\u1ed1c \u0111\u1ed9 tr\u1ee5c \u0111\u1ea7u v\u00e0o \u0111\u1ed3ng th\u1eddi t\u0103ng m\u00f4-men xo\u1eafn \u0111\u1ea7u ra. Vi\u1ec7c gi\u1ea3m t\u1ed1c \u0111\u1ed9 n\u00e0y cho ph\u00e9p v\u1eadn h\u00e0nh thi\u1ebft b\u1ecb \u0111\u01b0\u1ee3c ki\u1ec3m so\u00e1t v\u00e0 hi\u1ec7u qu\u1ea3 h\u01a1n, ch\u1eb3ng h\u1ea1n nh\u01b0 b\u0103ng t\u1ea3i, m\u00e1y khoan v\u00e0 c\u00e1c m\u00e1y m\u00f3c x\u1eed l\u00fd ng\u0169 c\u1ed1c kh\u00e1c.<\/p>\n<p><strong>4. Truy\u1ec1n m\u00f4-men xo\u1eafn<\/strong><\/p>\n<p>H\u1ed9p s\u1ed1 cung c\u1ea5p m\u00f4-men xo\u1eafn cho tr\u1ee5c \u0111\u1ea7u ra, \u0111\u01b0\u1ee3c k\u1ebft n\u1ed1i tr\u1ef1c ti\u1ebfp v\u1edbi m\u00e1y m\u00f3c n\u00f4ng nghi\u1ec7p, ch\u1eb3ng h\u1ea1n nh\u01b0 m\u00e1y n\u00e2ng h\u1ea1t ho\u1eb7c m\u00e1y khoan. H\u1ed9p s\u1ed1 d\u00f2ng L \u0111\u1ea3m b\u1ea3o cung c\u1ea5p m\u00f4-men xo\u1eafn c\u1ea7n thi\u1ebft m\u00e0 kh\u00f4ng g\u00e2y qu\u00e1 t\u1ea3i cho \u0111\u1ed9ng c\u01a1 ho\u1eb7c c\u00e1c b\u1ed9 ph\u1eadn kh\u00e1c c\u1ee7a h\u1ec7 th\u1ed1ng.<\/p>\n<p><strong>5. Chuy\u1ec3n \u0111\u1ed5i n\u0103ng l\u01b0\u1ee3ng hi\u1ec7u qu\u1ea3<\/strong><\/p>\n<p>H\u1ed9p s\u1ed1 d\u00f2ng L \u0111\u01b0\u1ee3c thi\u1ebft k\u1ebf v\u1edbi c\u00e1c b\u00e1nh r\u0103ng hi\u1ec7u su\u1ea5t cao gi\u00fap gi\u1ea3m thi\u1ec3u t\u1ed5n th\u1ea5t n\u0103ng l\u01b0\u1ee3ng trong qu\u00e1 tr\u00ecnh truy\u1ec1n \u0111\u1ed9ng. \u0110i\u1ec1u n\u00e0y \u0111\u1ea3m b\u1ea3o m\u1ed9t ph\u1ea7n \u0111\u00e1ng k\u1ec3 c\u00f4ng su\u1ea5t \u0111\u1ea7u v\u00e0o \u0111\u01b0\u1ee3c chuy\u1ec3n \u0111\u1ed5i th\u00e0nh c\u00f4ng su\u1ea5t \u0111\u1ea7u ra kh\u1ea3 d\u1ee5ng, qua \u0111\u00f3 t\u1ed1i \u01b0u h\u00f3a m\u1ee9c ti\u00eau th\u1ee5 nhi\u00ean li\u1ec7u ho\u1eb7c s\u1eed d\u1ee5ng \u0111i\u1ec7n n\u0103ng trong h\u1ec7 th\u1ed1ng.<\/p>\n<p>T\u00f3m l\u1ea1i, H\u1ed9p s\u1ed1 L\u01b0u tr\u1eef Ng\u0169 c\u1ed1c D\u00f2ng L chuy\u1ec3n \u0111\u1ed5i hi\u1ec7u qu\u1ea3 c\u00f4ng su\u1ea5t t\u1eeb \u0111\u1ed9ng c\u01a1 ho\u1eb7c PTO, gi\u1ea3m t\u1ed1c \u0111\u1ed9 \u0111\u1ed3ng th\u1eddi t\u0103ng m\u00f4-men xo\u1eafn, v\u00e0 cung c\u1ea5p chuy\u1ec3n \u0111\u1ed9ng m\u01b0\u1ee3t m\u00e0 v\u00e0 \u0111\u00e1ng tin c\u1eady cho c\u00e1c thi\u1ebft b\u1ecb n\u00f4ng nghi\u1ec7p \u0111\u01b0\u1ee3c k\u1ebft n\u1ed1i. \u0110i\u1ec1u n\u00e0y cho ph\u00e9p hi\u1ec7u su\u1ea5t t\u1ed1i \u01b0u trong vi\u1ec7c x\u1eed l\u00fd v\u00e0 l\u01b0u tr\u1eef ng\u0169 c\u1ed1c, khi\u1ebfn n\u00f3 tr\u1edf th\u00e0nh m\u1ed9t th\u00e0nh ph\u1ea7n thi\u1ebft y\u1ebfu trong nhi\u1ec1u \u1ee9ng d\u1ee5ng n\u00f4ng nghi\u1ec7p.<\/p>\n<p><img loading=\"lazy\" decoding=\"async\" class=\"alignnone size-full wp-image-3106\" src=\"https:\/\/fmp-components.com\/wp-content\/uploads\/2025\/01\/Grain-Storage-Gearbox-13.webp\" alt=\"H\u1ed9p s\u1ed1 l\u01b0u tr\u1eef ng\u0169 c\u1ed1c-13\" width=\"1500\" height=\"1008\" title=\"\" srcset=\"https:\/\/fmp-components.com\/wp-content\/uploads\/2025\/01\/Grain-Storage-Gearbox-13.webp 1500w, https:\/\/fmp-components.com\/wp-content\/uploads\/2025\/01\/Grain-Storage-Gearbox-13-1280x860.webp 1280w, https:\/\/fmp-components.com\/wp-content\/uploads\/2025\/01\/Grain-Storage-Gearbox-13-980x659.webp 980w, https:\/\/fmp-components.com\/wp-content\/uploads\/2025\/01\/Grain-Storage-Gearbox-13-480x323.webp 480w\" sizes=\"(min-width: 0px) and (max-width: 480px) 480px, (min-width: 481px) and (max-width: 980px) 980px, (min-width: 981px) and (max-width: 1280px) 1280px, (min-width: 1281px) 1500px, 100vw\" \/><\/p>\n<h3>Gi\u1edbi thi\u1ec7u v\u1ec1 FMP<\/h3>\n<p>C\u00f3 tr\u1ee5 s\u1edf ch\u00ednh t\u1ea1i \u00dd, FMP l\u00e0 nh\u00e0 s\u1ea3n xu\u1ea5t h\u00e0ng \u0111\u1ea7u, n\u1ed5i ti\u1ebfng v\u1edbi chuy\u00ean m\u00f4n trong thi\u1ebft k\u1ebf, ph\u00e1t tri\u1ec3n v\u00e0 s\u1ea3n xu\u1ea5t h\u1ed9p s\u1ed1 hi\u1ec7u su\u1ea5t cao, t\u1eadp trung ch\u1ee7 y\u1ebfu v\u00e0o l\u0129nh v\u1ef1c m\u00e1y m\u00f3c n\u00f4ng nghi\u1ec7p. \u0110\u01b0\u1ee3c bi\u1ebft \u0111\u1ebfn v\u1edbi k\u1ef9 thu\u1eadt ch\u00ednh x\u00e1c, gi\u1ea3i ph\u00e1p s\u00e1ng t\u1ea1o v\u00e0 \u0111\u1ed9 tin c\u1eady tuy\u1ec7t \u0111\u1ed1i, FMP \u0111\u00e3 x\u00e2y d\u1ef1ng \u0111\u01b0\u1ee3c danh ti\u1ebfng v\u1eefng ch\u1eafc l\u00e0 \u0111\u1ed1i t\u00e1c \u0111\u00e1ng tin c\u1eady trong c\u1ea3 th\u1ecb tr\u01b0\u1eddng n\u00f4ng nghi\u1ec7p v\u00e0 c\u00f4ng nghi\u1ec7p. Danh m\u1ee5c s\u1ea3n ph\u1ea9m phong ph\u00fa c\u1ee7a ch\u00fang t\u00f4i bao g\u1ed3m h\u1ed9p s\u1ed1 \u0111\u01b0\u1ee3c thi\u1ebft k\u1ebf ri\u00eang cho m\u00e1y c\u1eaft c\u1ecf, tr\u1ee5c PTO v\u00e0 nhi\u1ec1u lo\u1ea1i linh ki\u1ec7n thi\u1ebft y\u1ebfu kh\u00e1c - m\u1ed7i linh ki\u1ec7n \u0111\u1ec1u \u0111\u01b0\u1ee3c thi\u1ebft k\u1ebf t\u1ec9 m\u1ec9 \u0111\u1ec3 \u0111\u00e1p \u1ee9ng nhu c\u1ea7u c\u1ee5 th\u1ec3 c\u1ee7a nhi\u1ec1u \u1ee9ng d\u1ee5ng kh\u00e1c nhau.<\/p>\n<p>T\u1ea1i FMP, ch\u00fang t\u00f4i hi\u1ec3u r\u1eb1ng m\u1ed7i kh\u00e1ch h\u00e0ng \u0111\u1ec1u ph\u1ea3i \u0111\u1ed1i m\u1eb7t v\u1edbi nh\u1eefng th\u00e1ch th\u1ee9c ri\u00eang bi\u1ec7t. S\u1ef1 th\u1ea5u hi\u1ec3u n\u00e0y th\u00fac \u0111\u1ea9y ch\u00fang t\u00f4i chuy\u00ean cung c\u1ea5p c\u00e1c gi\u1ea3i ph\u00e1p \u0111\u01b0\u1ee3c thi\u1ebft k\u1ebf ri\u00eang, d\u00f9 l\u00e0 cho t\u1eebng th\u00e0nh ph\u1ea7n ri\u00eang l\u1ebb hay h\u1ec7 th\u1ed1ng t\u00edch h\u1ee3p ho\u00e0n ch\u1ec9nh. B\u1eb1ng c\u00e1ch h\u1ee3p t\u00e1c ch\u1eb7t ch\u1ebd v\u1edbi kh\u00e1ch h\u00e0ng, ch\u00fang t\u00f4i \u0111\u1ea3m b\u1ea3o r\u1eb1ng m\u1ecdi gi\u1ea3i ph\u00e1p kh\u00f4ng ch\u1ec9 \u0111\u00e1p \u1ee9ng nhu c\u1ea7u ri\u00eang bi\u1ec7t c\u1ee7a h\u1ecd m\u00e0 c\u00f2n n\u00e2ng cao hi\u1ec7u su\u1ea5t v\u00e0 t\u1ed1i \u0111a h\u00f3a gi\u00e1 tr\u1ecb. Cam k\u1ebft c\u1ee7a ch\u00fang t\u00f4i v\u1ec1 ph\u1ea3n h\u1ed3i chuy\u00ean nghi\u1ec7p, k\u1ecbp th\u1eddi v\u00e0 h\u01b0\u1edbng d\u1eabn chuy\u00ean m\u00f4n \u0111\u1ea3m b\u1ea3o m\u1ecdi th\u1eafc m\u1eafc \u0111\u1ec1u \u0111\u01b0\u1ee3c gi\u1ea3i quy\u1ebft ch\u00ednh x\u00e1c, lu\u00f4n mang l\u1ea1i k\u1ebft qu\u1ea3 t\u1ed1i \u01b0u.<\/p>\n<p>Ch\u00fang t\u00f4i \u0111\u1eb7c bi\u1ec7t ch\u00fa tr\u1ecdng v\u00e0o vi\u1ec7c giao ti\u1ebfp r\u00f5 r\u00e0ng, li\u00ean t\u1ee5c trong su\u1ed1t chu tr\u00ecnh ph\u00e1t tri\u1ec3n s\u1ea3n ph\u1ea9m. \u0110\u1ed9i ng\u0169 t\u1eadn t\u00e2m c\u1ee7a ch\u00fang t\u00f4i lu\u00f4n s\u00e1t c\u00e1nh c\u00f9ng kh\u00e1ch h\u00e0ng \u0111\u1ec3 th\u1ea5u hi\u1ec3u s\u00e2u s\u1eafc c\u00e1c y\u00eau c\u1ea7u c\u1ee7a h\u1ecd v\u00e0 cung c\u1ea5p nh\u1eefng hi\u1ec3u bi\u1ebft v\u00e0 khuy\u1ebfn ngh\u1ecb gi\u00e1 tr\u1ecb, \u0111\u1ea3m b\u1ea3o k\u1ebft qu\u1ea3 t\u1ed1t nh\u1ea5t. D\u00f9 thi\u1ebft k\u1ebf s\u1ea3n ph\u1ea9m ti\u00ean ti\u1ebfn hay th\u1ef1c hi\u1ec7n c\u00e1c \u0111\u01a1n h\u00e0ng th\u01b0\u1eddng xuy\u00ean, FMP lu\u00f4n cam k\u1ebft cung c\u1ea5p c\u00e1c gi\u1ea3i ph\u00e1p ch\u1ea5t l\u01b0\u1ee3ng cao, \u0111\u01b0\u1ee3c thi\u1ebft k\u1ebf ch\u00ednh x\u00e1c, \u0111\u00fang ti\u1ebfn \u0111\u1ed9. S\u1ee9 m\u1ec7nh c\u1ee7a ch\u00fang t\u00f4i l\u00e0 lu\u00f4n v\u01b0\u1ee3t tr\u00ean mong \u0111\u1ee3i c\u1ee7a kh\u00e1ch h\u00e0ng, mang \u0111\u1ebfn d\u1ecbch v\u1ee5 v\u00e0 k\u1ebft qu\u1ea3 v\u01b0\u1ee3t tr\u1ed9i trong m\u1ecdi d\u1ef1 \u00e1n.<\/p>\n<p>Ch\u1ea5t l\u01b0\u1ee3ng l\u00e0 c\u1ed1t l\u00f5i trong ho\u1ea1t \u0111\u1ed9ng c\u1ee7a FMP. Ch\u00fang t\u00f4i tu\u00e2n th\u1ee7 c\u00e1c ti\u00eau chu\u1ea9n s\u1ea3n xu\u1ea5t cao nh\u1ea5t v\u00e0 th\u1ef1c hi\u1ec7n c\u00e1c quy tr\u00ecnh ki\u1ec3m so\u00e1t ch\u1ea5t l\u01b0\u1ee3ng nghi\u00eam ng\u1eb7t \u0111\u1ec3 \u0111\u1ea3m b\u1ea3o m\u1ed7i s\u1ea3n ph\u1ea9m kh\u00f4ng ch\u1ec9 \u0111\u00e1p \u1ee9ng m\u00e0 c\u00f2n v\u01b0\u1ee3t xa c\u00e1c ti\u00eau chu\u1ea9n c\u1ee7a ng\u00e0nh. S\u1ef1 t\u1eadn t\u00e2m kh\u00f4ng ng\u1eebng ngh\u1ec9 h\u01b0\u1edbng \u0111\u1ebfn s\u1ef1 xu\u1ea5t s\u1eafc, k\u1ebft h\u1ee3p v\u1edbi c\u00e1c gi\u00e1 tr\u1ecb c\u1ed1t l\u00f5i c\u1ee7a ch\u00fang t\u00f4i l\u00e0 ch\u00ednh tr\u1ef1c, tinh th\u1ea7n \u0111\u1ed3ng \u0111\u1ed9i v\u00e0 s\u1ef1 ki\u00ean tr\u00ec, \u0111\u00e3 cho ph\u00e9p ch\u00fang t\u00f4i x\u00e2y d\u1ef1ng m\u1ed1i quan h\u1ec7 l\u00e2u d\u00e0i, d\u1ef1a tr\u00ean s\u1ef1 tin c\u1eady v\u1edbi kh\u00e1ch h\u00e0ng t\u1ea1i g\u1ea7n 30 qu\u1ed1c gia tr\u00ean to\u00e0n th\u1ebf gi\u1edbi.<\/p>\n<p>T\u1ea1i FMP, ch\u00fang t\u00f4i lu\u00f4n mong mu\u1ed1n vun \u0111\u1eafp quan h\u1ec7 \u0111\u1ed1i t\u00e1c to\u00e0n c\u1ea7u b\u1eb1ng c\u00e1ch cung c\u1ea5p t\u01b0 v\u1ea5n chuy\u00ean m\u00f4n v\u00e0 c\u00e1c gi\u1ea3i ph\u00e1p t\u00f9y ch\u1ec9nh, \u0111\u00e1p \u1ee9ng nhu c\u1ea7u kh\u00f4ng ng\u1eebng thay \u0111\u1ed5i c\u1ee7a kh\u00e1ch h\u00e0ng. Ch\u00fang t\u00f4i h\u01b0\u1edbng \u0111\u1ebfn vi\u1ec7c x\u00e2y d\u1ef1ng m\u1ed1i quan h\u1ec7 l\u00e2u d\u00e0i, c\u00f9ng c\u00f3 l\u1ee3i, g\u00f3p ph\u1ea7n v\u00e0o th\u00e0nh c\u00f4ng c\u1ee7a m\u1ecdi d\u1ef1 \u00e1n. Cho d\u00f9 b\u1ea1n c\u1ea7n c\u00e1c gi\u1ea3i ph\u00e1p s\u00e1ng t\u1ea1o cho m\u1ed9t s\u00e1ng ki\u1ebfn m\u1edbi hay h\u1ed7 tr\u1ee3 li\u00ean t\u1ee5c cho m\u1ed9t h\u1ec7 th\u1ed1ng hi\u1ec7n c\u00f3, FMP lu\u00f4n s\u1eb5n s\u00e0ng h\u1ed7 tr\u1ee3 b\u1ea1n v\u01b0\u1ee3t qua nh\u1eefng th\u00e1ch th\u1ee9c k\u1ef9 thu\u1eadt v\u00e0 \u0111\u1ea3m b\u1ea3o th\u00e0nh c\u00f4ng b\u1ec1n v\u1eefng.<\/p>\n<p><img loading=\"lazy\" decoding=\"async\" class=\"alignnone wp-image-2695\" src=\"https:\/\/fmp-components.com\/wp-content\/uploads\/2025\/01\/agricultural-gearbox3.webp\" alt=\"h\u1ed9p s\u1ed1 n\u00f4ng nghi\u1ec7p\" width=\"1140\" height=\"1138\" title=\"\" srcset=\"https:\/\/fmp-components.com\/wp-content\/uploads\/2025\/01\/agricultural-gearbox3.webp 1140w, https:\/\/fmp-components.com\/wp-content\/uploads\/2025\/01\/agricultural-gearbox3-480x479.webp 480w\" sizes=\"(min-width: 0px) and (max-width: 480px) 480px, (min-width: 481px) 1140px, 100vw\" \/><\/p>\n<p>T\u00e1c gi\u1ea3: CX<\/p>","protected":false},"excerpt":{"rendered":"<p>Grain Storage Gearbox FMP-5490 Specifications Product Name Grain storage gearbox Material HT250 for housing, 20CrMnTi for gear shaft. Color Customization Weight 21KG Ratio 1.5:1 Power 40HP Used Grain storage Benefits of Using the L Series Grain Storage Gearbox for Agricultural The L Series Grain Storage Gearbox offers several key benefits for agricultural applications, particularly in [&hellip;]<\/p>","protected":false},"featured_media":3103,"comment_status":"open","ping_status":"closed","template":"","meta":{"_et_pb_use_builder":"","_et_pb_old_content":"","_et_gb_content_width":""},"product_brand":[],"product_cat":[73],"product_tag":[],"class_list":{"0":"post-3102","1":"product","2":"type-product","3":"status-publish","4":"has-post-thumbnail","6":"product_cat-grain-storage-gearbox","8":"first","9":"instock","10":"shipping-taxable","11":"product-type-simple"},"_links":{"self":[{"href":"https:\/\/fmp-components.com\/vi\/wp-json\/wp\/v2\/product\/3102","targetHints":{"allow":["GET"]}}],"collection":[{"href":"https:\/\/fmp-components.com\/vi\/wp-json\/wp\/v2\/product"}],"about":[{"href":"https:\/\/fmp-components.com\/vi\/wp-json\/wp\/v2\/types\/product"}],"replies":[{"embeddable":true,"href":"https:\/\/fmp-components.com\/vi\/wp-json\/wp\/v2\/comments?post=3102"}],"wp:featuredmedia":[{"embeddable":true,"href":"https:\/\/fmp-components.com\/vi\/wp-json\/wp\/v2\/media\/3103"}],"wp:attachment":[{"href":"https:\/\/fmp-components.com\/vi\/wp-json\/wp\/v2\/media?parent=3102"}],"wp:term":[{"taxonomy":"product_brand","embeddable":true,"href":"https:\/\/fmp-components.com\/vi\/wp-json\/wp\/v2\/product_brand?post=3102"},{"taxonomy":"product_cat","embeddable":true,"href":"https:\/\/fmp-components.com\/vi\/wp-json\/wp\/v2\/product_cat?post=3102"},{"taxonomy":"product_tag","embeddable":true,"href":"https:\/\/fmp-components.com\/vi\/wp-json\/wp\/v2\/product_tag?post=3102"}],"curies":[{"name":"wp","href":"https:\/\/api.w.org\/{rel}","templated":true}]}}