{"id":3094,"date":"2025-01-05T00:29:23","date_gmt":"2025-01-05T00:29:23","guid":{"rendered":"https:\/\/fmp-components.com\/?page_id=8"},"modified":"2025-01-05T00:53:33","modified_gmt":"2025-01-05T00:53:33","slug":"t-series-grain-storage-gearbox-fmp-4090-for-agricultural-grain-storage","status":"publish","type":"product","link":"https:\/\/fmp-components.com\/vi\/product\/t-series-grain-storage-gearbox-fmp-4090-for-agricultural-grain-storage\/","title":{"rendered":"H\u1ed9p s\u1ed1 l\u01b0u tr\u1eef ng\u0169 c\u1ed1c d\u00f2ng T FMP-4090 d\u00e0nh cho l\u01b0u tr\u1eef ng\u0169 c\u1ed1c n\u00f4ng nghi\u1ec7p"},"content":{"rendered":"<h2>Th\u00f4ng s\u1ed1 k\u1ef9 thu\u1eadt H\u1ed9p s\u1ed1 l\u01b0u tr\u1eef ng\u0169 c\u1ed1c d\u00f2ng T FMP-4090<\/h2>\n<table style=\"width: 97.8083%; height: 184px;\" border=\"1\" cellspacing=\"0\" cellpadding=\"0\">\n<tbody>\n<tr class=\"firstRow\">\n<td>T\u00ean s\u1ea3n ph\u1ea9m<\/td>\n<td>H\u1ed9p s\u1ed1 l\u01b0u tr\u1eef ng\u0169 c\u1ed1c<\/td>\n<\/tr>\n<tr>\n<td>V\u1eadt li\u1ec7u<\/td>\n<td>V\u1ecf l\u00e0m b\u1eb1ng A380, tr\u1ee5c b\u00e1nh r\u0103ng l\u00e0m b\u1eb1ng 40CrMnTi.<\/td>\n<\/tr>\n<tr>\n<td>M\u00e0u s\u1eafc<\/td>\n<td>T\u00f9y ch\u1ec9nh<\/td>\n<\/tr>\n<tr>\n<td>T\u1ef7 l\u1ec7<\/td>\n<td>1:35:1<\/td>\n<\/tr>\n<tr>\n<td>C\u00f4ng su\u1ea5t \u0111\u1ecbnh m\u1ee9c<\/td>\n<td>45 m\u00e3 l\u1ef1c<\/td>\n<\/tr>\n<tr>\n<td>C\u00e2n n\u1eb7ng<\/td>\n<td>13,2kg<\/td>\n<\/tr>\n<tr>\n<td>\u0110\u00e3 s\u1eed d\u1ee5ng<\/td>\n<td>L\u01b0u tr\u1eef ng\u0169 c\u1ed1c<\/td>\n<\/tr>\n<\/tbody>\n<\/table>\n<h2>L\u1ee3i \u00edch c\u1ee7a vi\u1ec7c s\u1eed d\u1ee5ng h\u1ed9p s\u1ed1 l\u01b0u tr\u1eef ng\u0169 c\u1ed1c d\u00f2ng T cho n\u00f4ng nghi\u1ec7p<\/h2>\n<p>H\u1ed9p s\u1ed1 l\u01b0u tr\u1eef ng\u0169 c\u1ed1c d\u00f2ng T mang l\u1ea1i nhi\u1ec1u l\u1ee3i \u00edch cho c\u00e1c \u1ee9ng d\u1ee5ng n\u00f4ng nghi\u1ec7p, \u0111\u1eb7c bi\u1ec7t l\u00e0 trong c\u00e1c h\u1ec7 th\u1ed1ng l\u01b0u tr\u1eef ng\u0169 c\u1ed1c. D\u01b0\u1edbi \u0111\u00e2y l\u00e0 nh\u1eefng l\u1ee3i \u00edch ch\u00ednh khi s\u1eed d\u1ee5ng h\u1ed9p s\u1ed1 n\u00e0y:<\/p>\n<p><strong>1. \u0110\u1ed9 b\u1ec1n v\u00e0 \u0111\u1ed9 tin c\u1eady \u0111\u01b0\u1ee3c c\u1ea3i thi\u1ec7n<\/strong><\/p>\n<ul>\n<li>Hi\u1ec7u su\u1ea5t l\u00e2u d\u00e0i: H\u1ed9p s\u1ed1 d\u00f2ng T \u0111\u01b0\u1ee3c ch\u1ebf t\u1ea1o b\u1eb1ng v\u1eadt li\u1ec7u b\u1ec1n b\u1ec9 v\u00e0 k\u1ef9 thu\u1eadt ch\u00ednh x\u00e1c, \u0111\u1ea3m b\u1ea3o ch\u1ecbu \u0111\u01b0\u1ee3c c\u00e1c \u0111i\u1ec1u ki\u1ec7n kh\u1eafc nghi\u1ec7t th\u01b0\u1eddng th\u1ea5y trong m\u00f4i tr\u01b0\u1eddng n\u00f4ng nghi\u1ec7p. \u0110\u1ed9 b\u1ec1n n\u00e0y gi\u00fap gi\u1ea3m thi\u1ec3u s\u1ef1 c\u1ed1 v\u00e0 k\u00e9o d\u00e0i tu\u1ed5i th\u1ecd, gi\u1ea3m chi ph\u00ed b\u1ea3o tr\u00ec v\u00e0 th\u1eddi gian ng\u1eebng ho\u1ea1t \u0111\u1ed9ng.<\/li>\n<\/ul>\n<p><strong>2. Hi\u1ec7u qu\u1ea3 cao<\/strong><\/p>\n<ul>\n<li>Truy\u1ec1n \u0111\u1ed9ng t\u1ed1i \u01b0u: H\u1ed9p s\u1ed1 \u0111\u01b0\u1ee3c thi\u1ebft k\u1ebf \u0111\u1ec3 truy\u1ec1n \u0111\u1ed9ng hi\u1ec7u qu\u1ea3, \u0111\u1ea3m b\u1ea3o to\u00e0n b\u1ed9 h\u1ec7 th\u1ed1ng x\u1eed l\u00fd v\u00e0 l\u01b0u tr\u1eef ng\u0169 c\u1ed1c ho\u1ea1t \u0111\u1ed9ng tr\u01a1n tru. Hi\u1ec7u su\u1ea5t n\u00e0y gi\u00fap gi\u1ea3m m\u1ee9c ti\u00eau th\u1ee5 n\u0103ng l\u01b0\u1ee3ng, gi\u1ea3m chi ph\u00ed v\u1eadn h\u00e0nh trong khi v\u1eabn duy tr\u00ec hi\u1ec7u su\u1ea5t t\u1ed1i \u01b0u.<\/li>\n<\/ul>\n<p><strong>3. T\u00f9y ch\u1ecdn t\u00f9y ch\u1ec9nh<\/strong><\/p>\n<ul>\n<li>Ph\u00f9 h\u1ee3p v\u1edbi nhu c\u1ea7u c\u1ee5 th\u1ec3: D\u00f2ng T c\u00f3 th\u1ec3 \u0111\u01b0\u1ee3c t\u00f9y ch\u1ec9nh \u0111\u1ec3 \u0111\u00e1p \u1ee9ng nhu c\u1ea7u c\u1ee5 th\u1ec3 c\u1ee7a c\u00e1c \u1ee9ng d\u1ee5ng l\u01b0u tr\u1eef ng\u0169 c\u1ed1c kh\u00e1c nhau. D\u00f9 l\u00e0 cho ho\u1ea1t \u0111\u1ed9ng quy m\u00f4 nh\u1ecf hay c\u01a1 s\u1edf l\u01b0u tr\u1eef quy m\u00f4 l\u1edbn, h\u1ed9p s\u1ed1 n\u00e0y c\u00f3 th\u1ec3 \u0111\u01b0\u1ee3c \u0111i\u1ec1u ch\u1ec9nh \u0111\u1ec3 ph\u00f9 h\u1ee3p v\u1edbi nhi\u1ec1u c\u1ea5u h\u00ecnh v\u00e0 k\u00edch th\u01b0\u1edbc h\u1ec7 th\u1ed1ng kh\u00e1c nhau.<\/li>\n<\/ul>\n<p><strong>4. Ho\u1ea1t \u0111\u1ed9ng tr\u01a1n tru<\/strong><\/p>\n<ul>\n<li>Gi\u1ea3m ti\u1ebfng \u1ed3n v\u00e0 \u0111\u1ed9 rung: Thi\u1ebft k\u1ebf v\u00e0 c\u1ea5u tr\u00fac ti\u00ean ti\u1ebfn c\u1ee7a h\u1ed9p s\u1ed1 d\u00f2ng T gi\u00fap gi\u1ea3m thi\u1ec3u ti\u1ebfng \u1ed3n v\u00e0 \u0111\u1ed9 rung khi v\u1eadn h\u00e0nh. \u0110i\u1ec1u n\u00e0y t\u1ea1o ra m\u00f4i tr\u01b0\u1eddng l\u00e0m vi\u1ec7c y\u00ean t\u0129nh v\u00e0 \u1ed5n \u0111\u1ecbnh h\u01a1n, g\u00f3p ph\u1ea7n n\u00e2ng cao hi\u1ec7u su\u1ea5t t\u1ed5ng th\u1ec3 c\u1ee7a h\u1ec7 th\u1ed1ng.<\/li>\n<\/ul>\n<p><strong>5. C\u1ea3i thi\u1ec7n kh\u1ea3 n\u0103ng x\u1eed l\u00fd h\u1ea1t<\/strong><\/p>\n<ul>\n<li>V\u1eadn h\u00e0nh \u1ed5n \u0111\u1ecbnh: V\u1edbi kh\u1ea3 n\u0103ng truy\u1ec1n \u0111\u1ed9ng \u0111\u00e1ng tin c\u1eady v\u00e0 ki\u1ec3m so\u00e1t ch\u00ednh x\u00e1c, h\u1ed9p s\u1ed1 d\u00f2ng T \u0111\u1ea3m b\u1ea3o ho\u1ea1t \u0111\u1ed9ng \u1ed5n \u0111\u1ecbnh v\u00e0 \u0111\u1ed3ng \u0111\u1ec1u c\u1ee7a c\u00e1c thi\u1ebft b\u1ecb x\u1eed l\u00fd ng\u0169 c\u1ed1c, ch\u1eb3ng h\u1ea1n nh\u01b0 b\u0103ng t\u1ea3i v\u00e0 tr\u1ee5c v\u00edt. \u0110i\u1ec1u n\u00e0y gi\u00fap ng\u0103n ng\u1eeba h\u01b0 h\u1ecfng ng\u0169 c\u1ed1c v\u00e0 \u0111\u1ea3m b\u1ea3o l\u01b0u tr\u1eef hi\u1ec7u qu\u1ea3.<\/li>\n<\/ul>\n<p>Vi\u1ec7c s\u1eed d\u1ee5ng H\u1ed9p s\u1ed1 L\u01b0u tr\u1eef Ng\u0169 c\u1ed1c D\u00f2ng T trong c\u00e1c \u1ee9ng d\u1ee5ng n\u00f4ng nghi\u1ec7p gi\u00fap t\u0103ng c\u01b0\u1eddng hi\u1ec7u qu\u1ea3, gi\u1ea3m chi ph\u00ed v\u1eadn h\u00e0nh v\u00e0 k\u00e9o d\u00e0i tu\u1ed5i th\u1ecd thi\u1ebft b\u1ecb, \u0111\u1ed3ng th\u1eddi duy tr\u00ec \u0111\u1ed9 tin c\u1eady cao v\u00e0 y\u00eau c\u1ea7u b\u1ea3o tr\u00ec th\u1ea5p. Nh\u1eefng l\u1ee3i \u00edch n\u00e0y khi\u1ebfn s\u1ea3n ph\u1ea9m tr\u1edf th\u00e0nh l\u1ef1a ch\u1ecdn tuy\u1ec7t v\u1eddi cho b\u1ea5t k\u1ef3 c\u01a1 s\u1edf l\u01b0u tr\u1eef ng\u0169 c\u1ed1c hi\u1ec7n \u0111\u1ea1i n\u00e0o, \u0111\u1ea3m b\u1ea3o v\u1eadn h\u00e0nh tr\u01a1n tru h\u01a1n v\u00e0 l\u1ee3i t\u1ee9c \u0111\u1ea7u t\u01b0 cao h\u01a1n.<\/p>\n<table style=\"border-collapse: collapse; width: 102.065%; height: 354px;\" border=\"0\" width=\"128\" cellspacing=\"0\" cellpadding=\"0\">\n<tbody>\n<tr style=\"height: 13.8pt;\">\n<td style=\"height: 13.8pt; width: 48.318%;\" align=\"right\" width=\"64\" height=\"18\"><img loading=\"lazy\" decoding=\"async\" class=\"alignnone size-full wp-image-3099\" src=\"https:\/\/fmp-components.com\/wp-content\/uploads\/2025\/01\/T-Series-Grain-Storage-Gearbox-for-Agricultural-1.webp\" alt=\"H\u1ed9p s\u1ed1 l\u01b0u tr\u1eef ng\u0169 c\u1ed1c\" width=\"1000\" height=\"623\" title=\"\" srcset=\"https:\/\/fmp-components.com\/wp-content\/uploads\/2025\/01\/T-Series-Grain-Storage-Gearbox-for-Agricultural-1.webp 1000w, https:\/\/fmp-components.com\/wp-content\/uploads\/2025\/01\/T-Series-Grain-Storage-Gearbox-for-Agricultural-1-980x611.webp 980w, https:\/\/fmp-components.com\/wp-content\/uploads\/2025\/01\/T-Series-Grain-Storage-Gearbox-for-Agricultural-1-480x299.webp 480w\" sizes=\"(min-width: 0px) and (max-width: 480px) 480px, (min-width: 481px) and (max-width: 980px) 980px, (min-width: 981px) 1000px, 100vw\" \/><\/td>\n<td style=\"width: 51.58%;\" align=\"right\" width=\"64\"><img loading=\"lazy\" decoding=\"async\" class=\"alignnone size-full wp-image-3101\" src=\"https:\/\/fmp-components.com\/wp-content\/uploads\/2025\/01\/Grain-Storage-Gearbox-21.webp\" alt=\"H\u1ed9p s\u1ed1 l\u01b0u tr\u1eef ng\u0169 c\u1ed1c\" width=\"946\" height=\"551\" title=\"\" srcset=\"https:\/\/fmp-components.com\/wp-content\/uploads\/2025\/01\/Grain-Storage-Gearbox-21.webp 946w, https:\/\/fmp-components.com\/wp-content\/uploads\/2025\/01\/Grain-Storage-Gearbox-21-480x280.webp 480w\" sizes=\"(min-width: 0px) and (max-width: 480px) 480px, (min-width: 481px) 946px, 100vw\" \/><\/td>\n<\/tr>\n<\/tbody>\n<\/table>\n<h2>\u1ee8ng d\u1ee5ng c\u1ee7a h\u1ed9p s\u1ed1 l\u01b0u tr\u1eef ng\u0169 c\u1ed1c d\u00f2ng T cho n\u00f4ng nghi\u1ec7p<\/h2>\n<p>H\u1ed9p s\u1ed1 l\u01b0u tr\u1eef ng\u0169 c\u1ed1c d\u00f2ng T \u0111\u01b0\u1ee3c s\u1eed d\u1ee5ng r\u1ed9ng r\u00e3i trong nhi\u1ec1u \u1ee9ng d\u1ee5ng n\u00f4ng nghi\u1ec7p, \u0111\u1eb7c bi\u1ec7t l\u00e0 nh\u1eefng \u1ee9ng d\u1ee5ng li\u00ean quan \u0111\u1ebfn x\u1eed l\u00fd v\u00e0 l\u01b0u tr\u1eef ng\u0169 c\u1ed1c. Thi\u1ebft k\u1ebf m\u1ea1nh m\u1ebd v\u00e0 hi\u1ec7u su\u1ea5t cao khi\u1ebfn n\u00f3 tr\u1edf th\u00e0nh m\u1ed9t th\u00e0nh ph\u1ea7n thi\u1ebft y\u1ebfu trong nhi\u1ec1u ho\u1ea1t \u0111\u1ed9ng n\u00f4ng nghi\u1ec7p. D\u01b0\u1edbi \u0111\u00e2y l\u00e0 m\u1ed9t s\u1ed1 \u1ee9ng d\u1ee5ng ch\u00ednh c\u1ee7a H\u1ed9p s\u1ed1 l\u01b0u tr\u1eef ng\u0169 c\u1ed1c d\u00f2ng T:<\/p>\n<p><strong>1. H\u1ec7 th\u1ed1ng v\u1eadn chuy\u1ec3n ng\u0169 c\u1ed1c<\/strong><\/p>\n<ul>\n<li>Vai tr\u00f2: H\u1ed9p s\u1ed1 truy\u1ec1n \u0111\u1ed9ng cho b\u0103ng t\u1ea3i v\u1eadn chuy\u1ec3n ng\u0169 c\u1ed1c t\u1eeb n\u01a1i n\u00e0y \u0111\u1ebfn n\u01a1i kh\u00e1c trong c\u00e1c c\u01a1 s\u1edf l\u01b0u tr\u1eef ho\u1eb7c gi\u1eefa c\u00e1c giai \u0111o\u1ea1n ch\u1ebf bi\u1ebfn kh\u00e1c nhau.<\/li>\n<li>\u1ee8ng d\u1ee5ng: \u0110\u01b0\u1ee3c s\u1eed d\u1ee5ng trong m\u00e1y n\u00e2ng g\u1ea7u, b\u0103ng t\u1ea3i ngang v\u00e0 b\u0103ng t\u1ea3i nghi\u00eang, h\u1ed9p s\u1ed1 d\u00f2ng T \u0111\u1ea3m b\u1ea3o chuy\u1ec3n \u0111\u1ed9ng ng\u0169 c\u1ed1c tr\u01a1n tru v\u00e0 hi\u1ec7u qu\u1ea3, gi\u1ea3m nguy c\u01a1 k\u1eb9t xe v\u00e0 ch\u1eadm tr\u1ec5.<\/li>\n<\/ul>\n<p><strong>2. M\u00e1y khoan h\u1ea1t<\/strong><\/p>\n<ul>\n<li>Vai tr\u00f2: Tr\u1ee5c v\u00edt th\u01b0\u1eddng \u0111\u01b0\u1ee3c s\u1eed d\u1ee5ng \u0111\u1ec3 n\u1ea1p v\u00e0 d\u1ee1 ng\u0169 c\u1ed1c t\u1eeb xe t\u1ea3i ho\u1eb7c silo. H\u1ed9p s\u1ed1 d\u00f2ng T cung c\u1ea5p n\u0103ng l\u01b0\u1ee3ng cho h\u1ec7 th\u1ed1ng tr\u1ee5c v\u00edt, \u0111\u1ea3m b\u1ea3o d\u00f2ng ng\u0169 c\u1ed1c ch\u1ea3y li\u00ean t\u1ee5c v\u00e0 \u0111\u00e1ng tin c\u1eady.<\/li>\n<li>\u1ee8ng d\u1ee5ng: H\u1ed9p s\u1ed1 \u0111\u1ea3m b\u1ea3o chuy\u1ec3n \u0111\u1ed9ng quay \u1ed5n \u0111\u1ecbnh v\u00e0 ki\u1ec3m so\u00e1t t\u1ed1i \u01b0u, ng\u0103n ng\u1eeba t\u1eafc ngh\u1ebdn v\u00e0 gi\u1ea3m thi\u1ec3u hao m\u00f2n h\u1ec7 th\u1ed1ng tr\u1ee5c v\u00edt, do \u0111\u00f3 c\u1ea3i thi\u1ec7n hi\u1ec7u qu\u1ea3 ho\u1ea1t \u0111\u1ed9ng.<\/li>\n<\/ul>\n<p><strong>3. H\u1ec7 th\u1ed1ng s\u1ea5y ng\u0169 c\u1ed1c<\/strong><\/p>\n<ul>\n<li>Vai tr\u00f2: Trong m\u00e1y s\u1ea5y ng\u0169 c\u1ed1c, h\u1ed9p s\u1ed1 cung c\u1ea5p n\u0103ng l\u01b0\u1ee3ng cho h\u1ec7 th\u1ed1ng tr\u1ed1ng quay ho\u1eb7c b\u0103ng t\u1ea3i gi\u00fap lu\u00e2n chuy\u1ec3n ng\u0169 c\u1ed1c \u0111\u1ec3 s\u1ea5y \u0111\u1ed3ng \u0111\u1ec1u.<\/li>\n<li>\u1ee8ng d\u1ee5ng: B\u1eb1ng c\u00e1ch cung c\u1ea5p m\u00f4-men xo\u1eafn c\u1ea7n thi\u1ebft, h\u1ed9p s\u1ed1 T Series \u0111\u1ea3m b\u1ea3o qu\u00e1 tr\u00ecnh s\u1ea5y hi\u1ec7u qu\u1ea3, r\u1ea5t quan tr\u1ecdng \u0111\u1ec3 duy tr\u00ec ch\u1ea5t l\u01b0\u1ee3ng h\u1ea1t v\u00e0 gi\u1ea3m \u0111\u1ed9 \u1ea9m.<\/li>\n<\/ul>\n<p><strong>4. Ho\u1ea1t \u0111\u1ed9ng c\u1ee7a Silo ch\u1ee9a ng\u0169 c\u1ed1c<\/strong><\/p>\n<ul>\n<li>Vai tr\u00f2: H\u1ed9p s\u1ed1 d\u00f2ng T truy\u1ec1n \u0111\u1ed9ng nhi\u1ec1u c\u01a1 ch\u1ebf kh\u00e1c nhau b\u00ean trong silo ch\u1ee9a ng\u0169 c\u1ed1c, bao g\u1ed3m h\u1ec7 th\u1ed1ng s\u1ee5c kh\u00ed, tr\u1ee5c v\u00edt d\u1ee1 h\u00e0ng v\u00e0 b\u0103ng t\u1ea3i.<\/li>\n<li>\u1ee8ng d\u1ee5ng: \u0110\u1ea3m b\u1ea3o qu\u00e1 tr\u00ecnh di chuy\u1ec3n ng\u0169 c\u1ed1c ra v\u00e0o silo di\u1ec5n ra tr\u01a1n tru v\u00e0 \u0111\u00e1ng tin c\u1eady, h\u1ed7 tr\u1ee3 \u0111i\u1ec1u ki\u1ec7n b\u1ea3o qu\u1ea3n t\u1ed1t h\u01a1n v\u00e0 gi\u1ea3m nguy c\u01a1 h\u01b0 h\u1ecfng do thi\u1ebfu kh\u00ed.<\/li>\n<\/ul>\n<p><strong>5. Thi\u1ebft b\u1ecb l\u00e0m s\u1ea1ch v\u00e0 ph\u00e2n lo\u1ea1i ng\u0169 c\u1ed1c<\/strong><\/p>\n<ul>\n<li>Vai tr\u00f2: H\u1ed9p s\u1ed1 \u0111\u01b0\u1ee3c s\u1eed d\u1ee5ng \u0111\u1ec3 cung c\u1ea5p n\u0103ng l\u01b0\u1ee3ng cho \u0111\u1ed9ng c\u01a1 c\u1ee7a m\u00e1y l\u00e0m s\u1ea1ch v\u00e0 ph\u00e2n lo\u1ea1i, ch\u1eb3ng h\u1ea1n nh\u01b0 m\u00e1y s\u00e0ng rung, m\u00e1y l\u00e0m s\u1ea1ch v\u00e0 m\u00e1y ph\u00e2n lo\u1ea1i, \u0111\u01b0\u1ee3c s\u1eed d\u1ee5ng \u0111\u1ec3 chu\u1ea9n b\u1ecb ng\u0169 c\u1ed1c \u0111\u1ec3 l\u01b0u tr\u1eef ho\u1eb7c b\u00e1n.<\/li>\n<li>\u1ee8ng d\u1ee5ng: V\u1edbi kh\u1ea3 n\u0103ng truy\u1ec1n l\u1ef1c hi\u1ec7u qu\u1ea3, h\u1ed9p s\u1ed1 T Series \u0111\u1ea3m b\u1ea3o hi\u1ec7u su\u1ea5t \u1ed5n \u0111\u1ecbnh c\u1ee7a thi\u1ebft b\u1ecb l\u00e0m s\u1ea1ch, gi\u00fap lo\u1ea1i b\u1ecf t\u1ea1p ch\u1ea5t v\u00e0 \u0111\u1ea3m b\u1ea3o ch\u1ec9 l\u01b0u tr\u1eef ho\u1eb7c v\u1eadn chuy\u1ec3n ng\u0169 c\u1ed1c ch\u1ea5t l\u01b0\u1ee3ng cao.<\/li>\n<\/ul>\n<p>H\u1ed9p s\u1ed1 l\u01b0u tr\u1eef ng\u0169 c\u1ed1c d\u00f2ng T l\u00e0 m\u1ed9t th\u00e0nh ph\u1ea7n kh\u00f4ng th\u1ec3 thi\u1ebfu trong nhi\u1ec1u quy tr\u00ecnh n\u00f4ng nghi\u1ec7p, cung c\u1ea5p kh\u1ea3 n\u0103ng truy\u1ec1n t\u1ea3i n\u0103ng l\u01b0\u1ee3ng \u0111\u00e1ng tin c\u1eady v\u00e0 hi\u1ec7u qu\u1ea3 cho nhi\u1ec1u h\u1ec7 th\u1ed1ng x\u1eed l\u00fd, ch\u1ebf bi\u1ebfn v\u00e0 l\u01b0u tr\u1eef ng\u0169 c\u1ed1c. T\u00ednh linh ho\u1ea1t, hi\u1ec7u qu\u1ea3 v\u00e0 \u0111\u1ed9 b\u1ec1n c\u1ee7a h\u1ed9p s\u1ed1 gi\u00fap n\u00f3 l\u00fd t\u01b0\u1edfng cho vi\u1ec7c v\u1eadn chuy\u1ec3n, s\u1ea5y kh\u00f4, ph\u00e2n lo\u1ea1i, xay x\u00e1t ng\u0169 c\u1ed1c, v.v., \u0111\u1ea3m b\u1ea3o v\u1eadn h\u00e0nh tr\u01a1n tru trong nhi\u1ec1u \u1ee9ng d\u1ee5ng n\u00f4ng nghi\u1ec7p.<\/p>\n<p><img loading=\"lazy\" decoding=\"async\" class=\"alignnone size-full wp-image-3096\" src=\"https:\/\/fmp-components.com\/wp-content\/uploads\/2025\/01\/Grain-Storage-Gearbox-28.webp\" alt=\"H\u1ed9p s\u1ed1 l\u01b0u tr\u1eef ng\u0169 c\u1ed1c\" width=\"1200\" height=\"950\" title=\"\" srcset=\"https:\/\/fmp-components.com\/wp-content\/uploads\/2025\/01\/Grain-Storage-Gearbox-28.webp 1200w, https:\/\/fmp-components.com\/wp-content\/uploads\/2025\/01\/Grain-Storage-Gearbox-28-980x776.webp 980w, https:\/\/fmp-components.com\/wp-content\/uploads\/2025\/01\/Grain-Storage-Gearbox-28-480x380.webp 480w\" sizes=\"(min-width: 0px) and (max-width: 480px) 480px, (min-width: 481px) and (max-width: 980px) 980px, (min-width: 981px) 1200px, 100vw\" \/><\/p>\n<h2>Gi\u1edbi thi\u1ec7u v\u1ec1 FMP<\/h2>\n<p>C\u00f3 tr\u1ee5 s\u1edf ch\u00ednh t\u1ea1i \u00dd, FMP l\u00e0 nh\u00e0 s\u1ea3n xu\u1ea5t h\u00e0ng \u0111\u1ea7u, n\u1ed5i ti\u1ebfng v\u1edbi chuy\u00ean m\u00f4n trong thi\u1ebft k\u1ebf, ph\u00e1t tri\u1ec3n v\u00e0 s\u1ea3n xu\u1ea5t h\u1ed9p s\u1ed1 hi\u1ec7u su\u1ea5t cao, t\u1eadp trung ch\u1ee7 y\u1ebfu v\u00e0o l\u0129nh v\u1ef1c m\u00e1y m\u00f3c n\u00f4ng nghi\u1ec7p. \u0110\u01b0\u1ee3c bi\u1ebft \u0111\u1ebfn v\u1edbi k\u1ef9 thu\u1eadt ch\u00ednh x\u00e1c, gi\u1ea3i ph\u00e1p ti\u00ean ti\u1ebfn v\u00e0 \u0111\u1ed9 tin c\u1eady tuy\u1ec7t \u0111\u1ed1i, FMP \u0111\u00e3 kh\u1eb3ng \u0111\u1ecbnh v\u1ecb th\u1ebf l\u00e0 \u0111\u1ed1i t\u00e1c \u0111\u00e1ng tin c\u1eady trong c\u1ea3 th\u1ecb tr\u01b0\u1eddng n\u00f4ng nghi\u1ec7p v\u00e0 c\u00f4ng nghi\u1ec7p. Danh m\u1ee5c s\u1ea3n ph\u1ea9m phong ph\u00fa c\u1ee7a ch\u00fang t\u00f4i bao g\u1ed3m h\u1ed9p s\u1ed1 \u0111\u01b0\u1ee3c thi\u1ebft k\u1ebf ri\u00eang cho m\u00e1y c\u1eaft c\u1ecf, tr\u1ee5c PTO v\u00e0 m\u1ed9t lo\u1ea1t c\u00e1c linh ki\u1ec7n quan tr\u1ecdng, t\u1ea5t c\u1ea3 \u0111\u1ec1u \u0111\u01b0\u1ee3c ch\u1ebf t\u1ea1o t\u1ec9 m\u1ec9 \u0111\u1ebfn t\u1eebng chi ti\u1ebft \u0111\u1ec3 \u0111\u00e1p \u1ee9ng nhu c\u1ea7u \u0111a d\u1ea1ng c\u1ee7a nhi\u1ec1u \u1ee9ng d\u1ee5ng kh\u00e1c nhau.<\/p>\n<p>T\u1ea1i FMP, ch\u00fang t\u00f4i hi\u1ec3u r\u1eb1ng m\u1ed7i kh\u00e1ch h\u00e0ng \u0111\u1ec1u ph\u1ea3i \u0111\u1ed1i m\u1eb7t v\u1edbi nh\u1eefng th\u00e1ch th\u1ee9c ri\u00eang. \u0110\u00f3 l\u00e0 l\u00fd do t\u1ea1i sao ch\u00fang t\u00f4i chuy\u00ean cung c\u1ea5p c\u00e1c gi\u1ea3i ph\u00e1p \u0111\u01b0\u1ee3c thi\u1ebft k\u1ebf ri\u00eang, d\u00f9 l\u00e0 cho t\u1eebng th\u00e0nh ph\u1ea7n ri\u00eang l\u1ebb hay h\u1ec7 th\u1ed1ng t\u00edch h\u1ee3p ho\u00e0n ch\u1ec9nh. B\u1eb1ng c\u00e1ch h\u1ee3p t\u00e1c ch\u1eb7t ch\u1ebd v\u1edbi kh\u00e1ch h\u00e0ng, ch\u00fang t\u00f4i \u0111\u1ea3m b\u1ea3o r\u1eb1ng m\u1ed7i gi\u1ea3i ph\u00e1p kh\u00f4ng ch\u1ec9 \u0111\u00e1p \u1ee9ng c\u00e1c y\u00eau c\u1ea7u c\u1ee5 th\u1ec3 m\u00e0 c\u00f2n n\u00e2ng cao hi\u1ec7u su\u1ea5t v\u00e0 t\u1ed1i \u0111a h\u00f3a gi\u00e1 tr\u1ecb. Cam k\u1ebft c\u1ee7a ch\u00fang t\u00f4i trong vi\u1ec7c cung c\u1ea5p ph\u1ea3n h\u1ed3i nhanh ch\u00f3ng, chuy\u00ean nghi\u1ec7p v\u00e0 h\u01b0\u1edbng d\u1eabn chuy\u00ean m\u00f4n \u0111\u1ea3m b\u1ea3o m\u1ecdi y\u00eau c\u1ea7u \u0111\u1ec1u \u0111\u01b0\u1ee3c x\u1eed l\u00fd ch\u00ednh x\u00e1c, lu\u00f4n h\u01b0\u1edbng \u0111\u1ebfn k\u1ebft qu\u1ea3 t\u1ed1i \u01b0u.<\/p>\n<p>Giao ti\u1ebfp r\u00f5 r\u00e0ng, li\u00ean t\u1ee5c l\u00e0 c\u1ed1t l\u00f5i trong ph\u01b0\u01a1ng ph\u00e1p ti\u1ebfp c\u1eadn c\u1ee7a ch\u00fang t\u00f4i trong su\u1ed1t chu tr\u00ecnh ph\u00e1t tri\u1ec3n s\u1ea3n ph\u1ea9m. \u0110\u1ed9i ng\u0169 t\u1eadn t\u00e2m c\u1ee7a ch\u00fang t\u00f4i h\u1ee3p t\u00e1c tr\u1ef1c ti\u1ebfp v\u1edbi kh\u00e1ch h\u00e0ng \u0111\u1ec3 hi\u1ec3u s\u00e2u s\u1eafc nhu c\u1ea7u c\u1ee7a h\u1ecd, \u0111\u01b0a ra nh\u1eefng hi\u1ec3u bi\u1ebft s\u00e2u s\u1eafc v\u00e0 \u0111\u1ec1 xu\u1ea5t gi\u00e1 tr\u1ecb nh\u1eb1m \u0111\u1ea1t \u0111\u01b0\u1ee3c k\u1ebft qu\u1ea3 t\u1ed1t nh\u1ea5t. D\u00f9 thi\u1ebft k\u1ebf s\u1ea3n ph\u1ea9m ti\u00ean ti\u1ebfn hay th\u1ef1c hi\u1ec7n c\u00e1c \u0111\u01a1n h\u00e0ng th\u01b0\u1eddng xuy\u00ean, FMP lu\u00f4n cam k\u1ebft cung c\u1ea5p c\u00e1c gi\u1ea3i ph\u00e1p ch\u1ea5t l\u01b0\u1ee3ng cao, \u0111\u01b0\u1ee3c thi\u1ebft k\u1ebf ch\u00ednh x\u00e1c, \u0111\u00fang h\u1ea1n. S\u1ee9 m\u1ec7nh c\u1ee7a ch\u00fang t\u00f4i l\u00e0 lu\u00f4n v\u01b0\u1ee3t tr\u00ean mong \u0111\u1ee3i c\u1ee7a kh\u00e1ch h\u00e0ng b\u1eb1ng c\u00e1ch cung c\u1ea5p d\u1ecbch v\u1ee5 xu\u1ea5t s\u1eafc v\u00e0 k\u1ebft qu\u1ea3 v\u01b0\u1ee3t tr\u1ed9i trong m\u1ecdi d\u1ef1 \u00e1n.<\/p>\n<p>Ch\u1ea5t l\u01b0\u1ee3ng l\u00e0 tr\u1ecdng t\u00e2m trong m\u1ecdi ho\u1ea1t \u0111\u1ed9ng c\u1ee7a ch\u00fang t\u00f4i t\u1ea1i FMP. Ch\u00fang t\u00f4i tu\u00e2n th\u1ee7 c\u00e1c ti\u00eau chu\u1ea9n s\u1ea3n xu\u1ea5t cao nh\u1ea5t v\u00e0 th\u1ef1c thi c\u00e1c bi\u1ec7n ph\u00e1p ki\u1ec3m so\u00e1t ch\u1ea5t l\u01b0\u1ee3ng nghi\u00eam ng\u1eb7t \u0111\u1ec3 \u0111\u1ea3m b\u1ea3o m\u1ed7i s\u1ea3n ph\u1ea9m kh\u00f4ng ch\u1ec9 \u0111\u00e1p \u1ee9ng m\u00e0 c\u00f2n th\u01b0\u1eddng xuy\u00ean v\u01b0\u1ee3t qua c\u00e1c ti\u00eau chu\u1ea9n c\u1ee7a ng\u00e0nh. Cam k\u1ebft v\u1ec1 s\u1ef1 xu\u1ea5t s\u1eafc n\u00e0y, c\u00f9ng v\u1edbi c\u00e1c gi\u00e1 tr\u1ecb c\u1ed1t l\u00f5i c\u1ee7a ch\u00fang t\u00f4i v\u1ec1 t\u00ednh ch\u00ednh tr\u1ef1c, tinh th\u1ea7n \u0111\u1ed3ng \u0111\u1ed9i v\u00e0 s\u1ef1 ki\u00ean tr\u00ec, \u0111\u00e3 cho ph\u00e9p ch\u00fang t\u00f4i x\u00e2y d\u1ef1ng m\u1ed1i quan h\u1ec7 l\u00e2u d\u00e0i, d\u1ef1a tr\u00ean s\u1ef1 tin c\u1eady v\u1edbi kh\u00e1ch h\u00e0ng t\u1ea1i g\u1ea7n 30 qu\u1ed1c gia tr\u00ean to\u00e0n th\u1ebf gi\u1edbi.<\/p>\n<p>FMP lu\u00f4n mong mu\u1ed1n th\u00fac \u0111\u1ea9y quan h\u1ec7 \u0111\u1ed1i t\u00e1c to\u00e0n c\u1ea7u, cung c\u1ea5p t\u01b0 v\u1ea5n chuy\u00ean m\u00f4n v\u00e0 c\u00e1c gi\u1ea3i ph\u00e1p t\u00f9y ch\u1ec9nh \u0111\u1ec3 \u0111\u00e1p \u1ee9ng nhu c\u1ea7u ng\u00e0y c\u00e0ng \u0111a d\u1ea1ng c\u1ee7a kh\u00e1ch h\u00e0ng. Ch\u00fang t\u00f4i cam k\u1ebft x\u00e2y d\u1ef1ng m\u1ed1i quan h\u1ec7 l\u00e2u d\u00e0i, c\u00f9ng c\u00f3 l\u1ee3i, g\u00f3p ph\u1ea7n v\u00e0o s\u1ef1 th\u00e0nh c\u00f4ng c\u1ee7a m\u1ecdi d\u1ef1 \u00e1n. Cho d\u00f9 b\u1ea1n \u0111ang t\u00ecm ki\u1ebfm c\u00e1c gi\u1ea3i ph\u00e1p s\u00e1ng t\u1ea1o cho m\u1ed9t d\u1ef1 \u00e1n m\u1edbi hay c\u1ea7n h\u1ed7 tr\u1ee3 li\u00ean t\u1ee5c cho m\u1ed9t h\u1ec7 th\u1ed1ng hi\u1ec7n c\u00f3, FMP lu\u00f4n s\u1eb5n s\u00e0ng h\u1ed7 tr\u1ee3 b\u1ea1n v\u01b0\u1ee3t qua nh\u1eefng th\u00e1ch th\u1ee9c k\u1ef9 thu\u1eadt v\u00e0 \u0111\u1ea3m b\u1ea3o th\u00e0nh c\u00f4ng b\u1ec1n v\u1eefng.<\/p>\n<p><img loading=\"lazy\" decoding=\"async\" class=\"alignnone wp-image-2695\" src=\"https:\/\/fmp-components.com\/wp-content\/uploads\/2025\/01\/agricultural-gearbox3.webp\" alt=\"h\u1ed9p s\u1ed1 n\u00f4ng nghi\u1ec7p\" width=\"1140\" height=\"1138\" title=\"\" srcset=\"https:\/\/fmp-components.com\/wp-content\/uploads\/2025\/01\/agricultural-gearbox3.webp 1140w, https:\/\/fmp-components.com\/wp-content\/uploads\/2025\/01\/agricultural-gearbox3-480x479.webp 480w\" sizes=\"(min-width: 0px) and (max-width: 480px) 480px, (min-width: 481px) 1140px, 100vw\" \/><\/p>\n<p>T\u00e1c gi\u1ea3: CX<\/p>","protected":false},"excerpt":{"rendered":"<p>T Series Grain Storage Gearbox FMP-4090 Specifications Product Name Grain storage gearbox Material A380 for housing, 40CrMnTi for gear shaft. Color Customized Ratio 1:35:1 Rate power 45HP Weight 13.2KG Used Grain storage Benefits of Using the T Series Grain Storage Gearbox for Agricultural The T Series Grain Storage Gearbox offers numerous advantages for agricultural applications, [&hellip;]<\/p>","protected":false},"featured_media":3098,"comment_status":"open","ping_status":"closed","template":"","meta":{"_et_pb_use_builder":"","_et_pb_old_content":"","_et_gb_content_width":""},"product_brand":[],"product_cat":[73],"product_tag":[],"class_list":{"0":"post-3094","1":"product","2":"type-product","3":"status-publish","4":"has-post-thumbnail","6":"product_cat-grain-storage-gearbox","8":"first","9":"instock","10":"shipping-taxable","11":"product-type-simple"},"_links":{"self":[{"href":"https:\/\/fmp-components.com\/vi\/wp-json\/wp\/v2\/product\/3094","targetHints":{"allow":["GET"]}}],"collection":[{"href":"https:\/\/fmp-components.com\/vi\/wp-json\/wp\/v2\/product"}],"about":[{"href":"https:\/\/fmp-components.com\/vi\/wp-json\/wp\/v2\/types\/product"}],"replies":[{"embeddable":true,"href":"https:\/\/fmp-components.com\/vi\/wp-json\/wp\/v2\/comments?post=3094"}],"wp:featuredmedia":[{"embeddable":true,"href":"https:\/\/fmp-components.com\/vi\/wp-json\/wp\/v2\/media\/3098"}],"wp:attachment":[{"href":"https:\/\/fmp-components.com\/vi\/wp-json\/wp\/v2\/media?parent=3094"}],"wp:term":[{"taxonomy":"product_brand","embeddable":true,"href":"https:\/\/fmp-components.com\/vi\/wp-json\/wp\/v2\/product_brand?post=3094"},{"taxonomy":"product_cat","embeddable":true,"href":"https:\/\/fmp-components.com\/vi\/wp-json\/wp\/v2\/product_cat?post=3094"},{"taxonomy":"product_tag","embeddable":true,"href":"https:\/\/fmp-components.com\/vi\/wp-json\/wp\/v2\/product_tag?post=3094"}],"curies":[{"name":"wp","href":"https:\/\/api.w.org\/{rel}","templated":true}]}}