{"id":3088,"date":"2025-01-04T08:55:19","date_gmt":"2025-01-04T08:55:19","guid":{"rendered":"https:\/\/fmp-components.com\/?page_id=8"},"modified":"2025-01-04T09:00:03","modified_gmt":"2025-01-04T09:00:03","slug":"agricultural-combine-harvester-reversing-gearbox-for-rice-harvesting","status":"publish","type":"product","link":"https:\/\/fmp-components.com\/vi\/product\/agricultural-combine-harvester-reversing-gearbox-for-rice-harvesting\/","title":{"rendered":"H\u1ed9p s\u1ed1 \u0111\u1ea3o chi\u1ec1u m\u00e1y g\u1eb7t \u0111\u1eadp li\u00ean h\u1ee3p n\u00f4ng nghi\u1ec7p \u0111\u1ec3 thu ho\u1ea1ch l\u00faa"},"content":{"rendered":"<p><img loading=\"lazy\" decoding=\"async\" class=\"alignnone size-full wp-image-3090\" src=\"https:\/\/fmp-components.com\/wp-content\/uploads\/2025\/01\/10_Combine-Harvester-Gearbox-2.webp\" alt=\"H\u1ed9p s\u1ed1 m\u00e1y g\u1eb7t \u0111\u1eadp li\u00ean h\u1ee3p\" width=\"1534\" height=\"1138\" title=\"\" srcset=\"https:\/\/fmp-components.com\/wp-content\/uploads\/2025\/01\/10_Combine-Harvester-Gearbox-2.webp 1534w, https:\/\/fmp-components.com\/wp-content\/uploads\/2025\/01\/10_Combine-Harvester-Gearbox-2-1280x950.webp 1280w, https:\/\/fmp-components.com\/wp-content\/uploads\/2025\/01\/10_Combine-Harvester-Gearbox-2-980x727.webp 980w, https:\/\/fmp-components.com\/wp-content\/uploads\/2025\/01\/10_Combine-Harvester-Gearbox-2-480x356.webp 480w\" sizes=\"(min-width: 0px) and (max-width: 480px) 480px, (min-width: 481px) and (max-width: 980px) 980px, (min-width: 981px) and (max-width: 1280px) 1280px, (min-width: 1281px) 1534px, 100vw\" \/><\/p>\n<h2>Th\u00f4ng s\u1ed1 k\u1ef9 thu\u1eadt s\u1ea3n ph\u1ea9m:<\/h2>\n<table style=\"width: 86.1946%; height: 161px;\" border=\"1\" cellspacing=\"0\" cellpadding=\"0\">\n<tbody>\n<tr>\n<td>T\u00ean s\u1ea3n ph\u1ea9m<\/td>\n<td>M\u00e1y g\u1eb7t \u0111\u1eadp ng\u01b0\u1ee3c ng\u1eafn cho m\u00e1y g\u1eb7t l\u00faa<\/td>\n<\/tr>\n<tr>\n<td>V\u1eadt li\u1ec7u<\/td>\n<td>V\u1ecf l\u00e0m b\u1eb1ng QT450, tr\u1ee5c b\u00e1nh r\u0103ng l\u00e0m b\u1eb1ng 20CrMnTi.<\/td>\n<\/tr>\n<tr>\n<td>M\u00e0u s\u1eafc<\/td>\n<td>T\u00f9y ch\u1ec9nh<\/td>\n<\/tr>\n<tr>\n<td>Ng\u01b0\u1eddi m\u1eabu<\/td>\n<td>\u00a0FMP-1.6Z.03-05<\/td>\n<\/tr>\n<tr>\n<td>\u0110\u00e3 s\u1eed d\u1ee5ng<\/td>\n<td>M\u00e1y g\u1eb7t l\u00faa<\/td>\n<\/tr>\n<\/tbody>\n<\/table>\n<h2>\u01afu \u0111i\u1ec3m c\u1ee7a vi\u1ec7c s\u1eed d\u1ee5ng h\u1ed9p s\u1ed1 \u0111\u1ea3o chi\u1ec1u m\u00e1y g\u1eb7t \u0111\u1eadp li\u00ean h\u1ee3p<\/h2>\n<p>H\u1ed9p s\u1ed1 \u0111\u1ea3o chi\u1ec1u c\u1ee7a m\u00e1y g\u1eb7t \u0111\u1eadp li\u00ean h\u1ee3p mang l\u1ea1i nhi\u1ec1u \u01b0u \u0111i\u1ec3m \u0111\u00e1ng k\u1ec3 gi\u00fap n\u00e2ng cao hi\u1ec7u su\u1ea5t v\u00e0 ch\u1ee9c n\u0103ng c\u1ee7a m\u00e1y g\u1eb7t. D\u01b0\u1edbi \u0111\u00e2y l\u00e0 m\u1ed9t s\u1ed1 l\u1ee3i \u00edch ch\u00ednh khi s\u1eed d\u1ee5ng h\u1ed9p s\u1ed1 chuy\u00ean d\u1ee5ng n\u00e0y:<\/p>\n<p><strong>1. Kh\u1ea3 n\u0103ng c\u01a1 \u0111\u1ed9ng \u0111\u01b0\u1ee3c c\u1ea3i thi\u1ec7n<\/strong><\/p>\n<ul>\n<li>H\u1ed9p s\u1ed1 \u0111\u1ea3o chi\u1ec1u cho ph\u00e9p m\u00e1y g\u1eb7t \u0111\u1eadp li\u00ean h\u1ee3p \u0111\u1ea3o chi\u1ec1u d\u1ec5 d\u00e0ng m\u00e0 kh\u00f4ng c\u1ea7n thao t\u00e1c ph\u1ee9c t\u1ea1p hay d\u1eebng l\u1ea1i v\u00e0 quay \u0111\u1ea7u. \u0110i\u1ec1u n\u00e0y \u0111\u1eb7c bi\u1ec7t h\u1eefu \u00edch trong kh\u00f4ng gian ch\u1eadt h\u1eb9p ho\u1eb7c khi \u0111i\u1ec1u ch\u1ec9nh v\u1ecb tr\u00ed tr\u00ean \u0111\u1ed3ng ru\u1ed9ng, gi\u00fap c\u1ea3i thi\u1ec7n hi\u1ec7u qu\u1ea3 v\u1eadn h\u00e0nh t\u1ed5ng th\u1ec3.<\/li>\n<\/ul>\n<p><strong>2. T\u0103ng hi\u1ec7u qu\u1ea3 ho\u1ea1t \u0111\u1ed9ng<\/strong><\/p>\n<ul>\n<li>V\u1edbi h\u1ed9p s\u1ed1 \u0111\u1ea3o chi\u1ec1u, m\u00e1y g\u1eb7t \u0111\u1eadp li\u00ean h\u1ee3p c\u00f3 th\u1ec3 \u0111\u1ed5i h\u01b0\u1edbng nhanh ch\u00f3ng m\u00e0 kh\u00f4ng c\u1ea7n ph\u1ea3i nh\u1ea3 ho\u1eb7c chuy\u1ec3n s\u1ed1. \u0110i\u1ec1u n\u00e0y cho ph\u00e9p chuy\u1ec3n \u0111\u1ed5i m\u01b0\u1ee3t m\u00e0 v\u00e0 nhanh h\u01a1n khi di chuy\u1ec3n v\u00e0o v\u00e0 ra kh\u1ecfi khu v\u1ef1c c\u00f3 c\u00e2y tr\u1ed3ng d\u00e0y \u0111\u1eb7c, gi\u1ea3m th\u1eddi gian ch\u1ebft v\u00e0 c\u1ea3i thi\u1ec7n hi\u1ec7u qu\u1ea3 thu ho\u1ea1ch.<\/li>\n<\/ul>\n<p><strong>3. N\u00e2ng cao n\u0103ng su\u1ea5t<\/strong><\/p>\n<ul>\n<li>B\u1eb1ng c\u00e1ch cho ph\u00e9p \u0111\u1ea3o chi\u1ec1u nhanh ch\u00f3ng m\u00e0 kh\u00f4ng c\u1ea7n d\u1eebng l\u1ea1i, ng\u01b0\u1eddi v\u1eadn h\u00e0nh c\u00f3 th\u1ec3 tr\u00e1nh \u0111\u01b0\u1ee3c s\u1ef1 ch\u1eadm tr\u1ec5 v\u00e0 gi\u1ea3m th\u1eddi gian \u0111\u1ecbnh v\u1ecb l\u1ea1i m\u00e1y. \u0110i\u1ec1u n\u00e0y d\u1eabn \u0111\u1ebfn n\u0103ng su\u1ea5t t\u1ed5ng th\u1ec3 cao h\u01a1n trong qu\u00e1 tr\u00ecnh thu ho\u1ea1ch, \u0111\u1eb7c bi\u1ec7t l\u00e0 tr\u00ean c\u00e1c c\u00e1nh \u0111\u1ed3ng \u0111\u00f2i h\u1ecfi ph\u1ea3i thay \u0111\u1ed5i h\u01b0\u1edbng th\u01b0\u1eddng xuy\u00ean do ch\u01b0\u1edbng ng\u1ea1i v\u1eadt, kh\u00fac cua ho\u1eb7c \u0111\u1ecba h\u00ecnh kh\u00f4ng b\u1eb1ng ph\u1eb3ng.<\/li>\n<\/ul>\n<p><strong>4. T\u00ednh linh ho\u1ea1t cao h\u01a1n<\/strong><\/p>\n<ul>\n<li>H\u1ed9p s\u1ed1 \u0111\u1ea3o chi\u1ec1u mang l\u1ea1i s\u1ef1 linh ho\u1ea1t h\u01a1n trong \u0111i\u1ec1u ki\u1ec7n l\u00e0m vi\u1ec7c. N\u00f3 gi\u00fap m\u00e1y g\u1eb7t th\u00edch \u1ee9ng v\u1edbi nhi\u1ec1u nhi\u1ec7m v\u1ee5 kh\u00e1c nhau, ch\u1eb3ng h\u1ea1n nh\u01b0 d\u1ecdn s\u1ea1ch t\u00e0n d\u01b0 c\u00e2y tr\u1ed3ng, \u0111\u1ea3o chi\u1ec1u \u0111\u1ec3 \u0111i\u1ec1u ch\u1ec9nh v\u1ecb tr\u00ed \u0111\u1ea7u g\u1eb7t, ho\u1eb7c di chuy\u1ec3n qua ch\u01b0\u1edbng ng\u1ea1i v\u1eadt, m\u00e0 kh\u00f4ng c\u1ea7n ph\u1ea3i chuy\u1ec3n sang s\u1ed1 kh\u00e1c ho\u1eb7c d\u1eebng ho\u1ea1t \u0111\u1ed9ng.<\/li>\n<\/ul>\n<p><strong>5. Gi\u1ea3m thi\u1ec3u hao m\u00f2n<\/strong><\/p>\n<ul>\n<li>H\u1ed9p s\u1ed1 cho ph\u00e9p v\u1eadn h\u00e0nh m\u01b0\u1ee3t m\u00e0 h\u01a1n khi l\u00f9i, gi\u1ea3m hao m\u00f2n c\u00e1c b\u1ed9 ph\u1eadn quan tr\u1ecdng kh\u00e1c nh\u01b0 ly h\u1ee3p v\u00e0 h\u1ed9p s\u1ed1. N\u00f3 c\u0169ng gi\u1ea3m thi\u1ec3u nhu c\u1ea7u can thi\u1ec7p th\u1ee7 c\u00f4ng, k\u00e9o d\u00e0i tu\u1ed5i th\u1ecd h\u1ec7 th\u1ed1ng truy\u1ec1n \u0111\u1ed9ng c\u1ee7a xe v\u00e0 gi\u1ea3m nguy c\u01a1 h\u1ecfng h\u00f3c c\u01a1 h\u1ecdc.<\/li>\n<\/ul>\n<p>T\u00f3m l\u1ea1i, h\u1ed9p s\u1ed1 \u0111\u1ea3o chi\u1ec1u m\u00e1y g\u1eb7t \u0111\u1eadp li\u00ean h\u1ee3p mang l\u1ea1i nh\u1eefng l\u1ee3i \u00edch nh\u01b0 t\u0103ng kh\u1ea3 n\u0103ng c\u01a1 \u0111\u1ed9ng, hi\u1ec7u qu\u1ea3 v\u1eadn h\u00e0nh v\u00e0 n\u0103ng su\u1ea5t, \u0111\u1ed3ng th\u1eddi c\u1ea3i thi\u1ec7n \u0111\u1ed9 an to\u00e0n, gi\u1ea3m hao m\u00f2n v\u00e0 t\u0103ng hi\u1ec7u su\u1ea5t nhi\u00ean li\u1ec7u. Nh\u1eefng \u01b0u \u0111i\u1ec3m n\u00e0y khi\u1ebfn h\u1ed9p s\u1ed1 \u0111\u1ea3o chi\u1ec1u tr\u1edf th\u00e0nh m\u1ed9t b\u1ed9 ph\u1eadn kh\u00f4ng th\u1ec3 thi\u1ebfu trong v\u1eadn h\u00e0nh m\u00e1y g\u1eb7t \u0111\u1eadp li\u00ean h\u1ee3p hi\u1ec7n \u0111\u1ea1i, \u0111\u1ea3m b\u1ea3o ti\u1ebft ki\u1ec7m th\u1eddi gian v\u00e0 chi ph\u00ed cho n\u00f4ng d\u00e2n.<\/p>\n<p><img loading=\"lazy\" decoding=\"async\" class=\"alignnone  wp-image-3091\" src=\"https:\/\/fmp-components.com\/wp-content\/uploads\/2025\/01\/10_Combine-Harvester-Gearbox-12.webp\" alt=\"H\u1ed9p s\u1ed1 m\u00e1y g\u1eb7t \u0111\u1eadp li\u00ean h\u1ee3p\" width=\"1078\" height=\"609\" title=\"\" srcset=\"https:\/\/fmp-components.com\/wp-content\/uploads\/2025\/01\/10_Combine-Harvester-Gearbox-12.webp 1078w, https:\/\/fmp-components.com\/wp-content\/uploads\/2025\/01\/10_Combine-Harvester-Gearbox-12-980x554.webp 980w, https:\/\/fmp-components.com\/wp-content\/uploads\/2025\/01\/10_Combine-Harvester-Gearbox-12-480x271.webp 480w\" sizes=\"(min-width: 0px) and (max-width: 480px) 480px, (min-width: 481px) and (max-width: 980px) 980px, (min-width: 981px) 1078px, 100vw\" \/><\/p>\n<h2>C\u00e1c th\u00e0nh ph\u1ea7n ch\u00ednh c\u1ee7a h\u1ed9p s\u1ed1 \u0111\u1ea3o chi\u1ec1u m\u00e1y g\u1eb7t \u0111\u1eadp li\u00ean h\u1ee3p<\/h2>\n<div class=\"flex-shrink-0 flex flex-col relative items-end\">\n<div>\n<div class=\"pt-0\">\n<div class=\"gizmo-bot-avatar flex h-8 w-8 items-center justify-center overflow-hidden rounded-full\">\n<div class=\"relative p-1 rounded-sm flex items-center justify-center bg-token-main-surface-primary text-token-text-primary h-8 w-8\">H\u1ed9p s\u1ed1 \u0111\u1ea3o chi\u1ec1u m\u00e1y g\u1eb7t \u0111\u1eadp li\u00ean h\u1ee3p l\u00e0 m\u1ed9t b\u1ed9 ph\u1eadn quan tr\u1ecdng trong m\u00e1y g\u1eb7t \u0111\u1eadp li\u00ean h\u1ee3p hi\u1ec7n \u0111\u1ea1i, cho ph\u00e9p m\u00e1y \u0111\u1ea3o chi\u1ec1u hi\u1ec7u qu\u1ea3 v\u00e0 tr\u01a1n tru m\u00e0 kh\u00f4ng c\u1ea7n sang s\u1ed1 th\u1ee7 c\u00f4ng. H\u1ed9p s\u1ed1 n\u00e0y t\u00edch h\u1ee3p nhi\u1ec1u b\u1ed9 ph\u1eadn c\u01a1 kh\u00ed ho\u1ea1t \u0111\u1ed9ng c\u00f9ng nhau \u0111\u1ec3 truy\u1ec1n t\u1ea3i v\u00e0 \u0111i\u1ec1u khi\u1ec3n c\u00f4ng su\u1ea5t \u0111\u00e1ng tin c\u1eady. D\u01b0\u1edbi \u0111\u00e2y l\u00e0 c\u00e1c b\u1ed9 ph\u1eadn ch\u00ednh c\u1ee7a h\u1ed9p s\u1ed1 \u0111\u1ea3o chi\u1ec1u m\u00e1y g\u1eb7t \u0111\u1eadp li\u00ean h\u1ee3p:<\/div>\n<\/div>\n<\/div>\n<\/div>\n<\/div>\n<div class=\"group\/conversation-turn relative flex w-full min-w-0 flex-col agent-turn\">\n<div class=\"flex-col gap-1 md:gap-3\">\n<div class=\"flex max-w-full flex-col flex-grow\">\n<div class=\"min-h-8 text-message flex w-full flex-col items-end gap-2 whitespace-normal break-words text-start [.text-message+&amp;]:mt-5\" dir=\"auto\" data-message-author-role=\"assistant\" data-message-id=\"e6cb3039-0226-4bda-ac7c-bde40b961baf\" data-message-model-slug=\"gpt-4o-mini\">\n<div class=\"flex w-full flex-col gap-1 empty:hidden first:pt-[3px]\">\n<div class=\"markdown prose w-full break-words dark:prose-invert light\">\n<p><strong>1. Tr\u1ee5c \u0111\u1ea7u v\u00e0o<\/strong><\/p>\n<ul>\n<li>Tr\u1ee5c \u0111\u1ea7u v\u00e0o truy\u1ec1n c\u00f4ng su\u1ea5t t\u1eeb \u200b\u200b\u0111\u1ed9ng c\u01a1 \u0111\u1ebfn h\u1ed9p s\u1ed1. \u0110\u00e2y l\u00e0 k\u1ebft n\u1ed1i ch\u00ednh m\u00e0 qua \u0111\u00f3 l\u1ef1c quay c\u1ee7a \u0111\u1ed9ng c\u01a1 \u0111i v\u00e0o h\u1ed9p s\u1ed1, kh\u1edfi \u0111\u1ed9ng qu\u00e1 tr\u00ecnh chuy\u1ec3n s\u1ed1.<\/li>\n<\/ul>\n<p><strong>2. B\u1ed9 s\u1ed1 l\u00f9i<\/strong><\/p>\n<ul>\n<li>B\u1ed9 b\u00e1nh r\u0103ng n\u00e0y ch\u1ecbu tr\u00e1ch nhi\u1ec7m thay \u0111\u1ed5i h\u01b0\u1edbng quay. Khi \u0111\u01b0\u1ee3c k\u00edch ho\u1ea1t, n\u00f3 \u0111\u1ea3o ng\u01b0\u1ee3c h\u01b0\u1edbng c\u1ee7a tr\u1ee5c \u0111\u1ea7u ra, cho ph\u00e9p m\u00e1y g\u1eb7t di chuy\u1ec3n l\u00f9i. B\u1ed9 b\u00e1nh r\u0103ng l\u00f9i th\u01b0\u1eddng bao g\u1ed3m b\u00e1nh r\u0103ng d\u1eabn h\u01b0\u1edbng, b\u00e1nh r\u0103ng tr\u1ee5 v\u00e0 b\u00e1nh r\u0103ng pignon, c\u00f3 th\u1ec3 \u0103n kh\u1edbp v\u00e0 ng\u1eaft k\u1ebft n\u1ed1i \u0111\u1ec3 \u0111\u1ea3o ng\u01b0\u1ee3c h\u01b0\u1edbng quay.<\/li>\n<\/ul>\n<p><strong>3. V\u1ecf h\u1ed9p s\u1ed1 ch\u00ednh<\/strong><\/p>\n<ul>\n<li>V\u1ecf h\u1ed9p s\u1ed1 l\u00e0 l\u1edbp v\u1ecf ngo\u00e0i ch\u1ee9a \u0111\u1ef1ng v\u00e0 b\u1ea3o v\u1ec7 t\u1ea5t c\u1ea3 c\u00e1c b\u1ed9 ph\u1eadn b\u00ean trong. V\u1ecf h\u1ed9p s\u1ed1 th\u01b0\u1eddng \u0111\u01b0\u1ee3c l\u00e0m b\u1eb1ng v\u1eadt li\u1ec7u b\u1ec1n nh\u01b0 gang ho\u1eb7c th\u00e9p \u0111\u1ec3 ch\u1ecbu \u0111\u01b0\u1ee3c \u1ee9ng su\u1ea5t v\u00e0 \u00e1p su\u1ea5t cao trong qu\u00e1 tr\u00ecnh v\u1eadn h\u00e0nh. V\u1ecf h\u1ed9p s\u1ed1 c\u0169ng \u0111\u1ea3m b\u1ea3o s\u1ef1 c\u0103n ch\u1ec9nh ch\u00ednh x\u00e1c c\u1ee7a b\u00e1nh r\u0103ng v\u00e0 tr\u1ee5c.<\/li>\n<\/ul>\n<p><strong>4. Tr\u1ee5c ra<\/strong><\/p>\n<ul>\n<li>Tr\u1ee5c ra truy\u1ec1n l\u1ef1c t\u1eeb h\u1ed9p s\u1ed1 \u0111\u1ebfn h\u1ec7 th\u1ed1ng truy\u1ec1n \u0111\u1ed9ng c\u1ee7a m\u00e1y g\u1eb7t \u0111\u1eadp li\u00ean h\u1ee3p. Tr\u1ee5c n\u00e0y \u0111\u01b0\u1ee3c k\u1ebft n\u1ed1i v\u1edbi b\u00e1nh xe ho\u1eb7c x\u00edch c\u1ee7a m\u00e1y g\u1eb7t, cho ph\u00e9p m\u00e1y ti\u1ebfn ho\u1eb7c l\u00f9i t\u00f9y thu\u1ed9c v\u00e0o s\u1ef1 \u0103n kh\u1edbp c\u1ee7a b\u00e1nh r\u0103ng.<\/li>\n<\/ul>\n<p><strong>5. C\u01a1 c\u1ea5u ly h\u1ee3p<\/strong><\/p>\n<ul>\n<li>B\u1ed9 ly h\u1ee3p \u0111\u01b0\u1ee3c s\u1eed d\u1ee5ng \u0111\u1ec3 k\u1ebft n\u1ed1i ho\u1eb7c ng\u1eaft h\u1ed9p s\u1ed1 kh\u1ecfi c\u00f4ng su\u1ea5t \u0111\u1ed9ng c\u01a1. N\u00f3 cho ph\u00e9p ng\u01b0\u1eddi v\u1eadn h\u00e0nh ki\u1ec3m so\u00e1t k\u1ebft n\u1ed1i gi\u1eefa \u0111\u1ed9ng c\u01a1 v\u00e0 h\u1ed9p s\u1ed1, \u0111\u1ea3m b\u1ea3o v\u1eadn h\u00e0nh tr\u01a1n tru khi sang s\u1ed1. Trong h\u1ed9p s\u1ed1 l\u00f9i, b\u1ed9 ly h\u1ee3p h\u1ed7 tr\u1ee3 c\u1ea3 chuy\u1ec3n \u0111\u1ed9ng ti\u1ebfn v\u00e0 l\u00f9i.<\/li>\n<\/ul>\n<p>C\u00e1c th\u00e0nh ph\u1ea7n ch\u00ednh n\u00e0y ph\u1ed1i h\u1ee3p ho\u1ea1t \u0111\u1ed9ng v\u1edbi nhau \u0111\u1ec3 t\u1ea1o n\u00ean m\u1ed9t h\u1ec7 th\u1ed1ng \u0111\u1ea3o chi\u1ec1u hi\u1ec7u qu\u1ea3 v\u00e0 \u0111\u00e1ng tin c\u1eady cho m\u00e1y g\u1eb7t \u0111\u1eadp li\u00ean h\u1ee3p. H\u1ed9p s\u1ed1 \u0111\u1ea3o chi\u1ec1u cho ph\u00e9p ng\u01b0\u1eddi v\u1eadn h\u00e0nh d\u1ec5 d\u00e0ng chuy\u1ec3n \u0111\u1ed5i gi\u1eefa chuy\u1ec3n \u0111\u1ed9ng ti\u1ebfn v\u00e0 l\u00f9i, c\u1ea3i thi\u1ec7n kh\u1ea3 n\u0103ng c\u01a1 \u0111\u1ed9ng, n\u0103ng su\u1ea5t v\u00e0 hi\u1ec7u qu\u1ea3 v\u1eadn h\u00e0nh tr\u00ean \u0111\u1ed3ng ru\u1ed9ng.<\/p>\n<p><img loading=\"lazy\" decoding=\"async\" class=\"alignnone size-full wp-image-3092\" src=\"https:\/\/fmp-components.com\/wp-content\/uploads\/2025\/01\/10_Combine-Harvester-Gearbox-14.webp\" alt=\"H\u1ed9p s\u1ed1 m\u00e1y g\u1eb7t \u0111\u1eadp li\u00ean h\u1ee3p\" width=\"1280\" height=\"720\" title=\"\" srcset=\"https:\/\/fmp-components.com\/wp-content\/uploads\/2025\/01\/10_Combine-Harvester-Gearbox-14.webp 1280w, https:\/\/fmp-components.com\/wp-content\/uploads\/2025\/01\/10_Combine-Harvester-Gearbox-14-980x551.webp 980w, https:\/\/fmp-components.com\/wp-content\/uploads\/2025\/01\/10_Combine-Harvester-Gearbox-14-480x270.webp 480w\" sizes=\"(min-width: 0px) and (max-width: 480px) 480px, (min-width: 481px) and (max-width: 980px) 980px, (min-width: 981px) 1280px, 100vw\" \/><\/p>\n<h2>Gi\u1edbi thi\u1ec7u v\u1ec1 FMP<\/h2>\n<p>C\u00f3 tr\u1ee5 s\u1edf ch\u00ednh t\u1ea1i \u00dd, FMP l\u00e0 nh\u00e0 s\u1ea3n xu\u1ea5t h\u00e0ng \u0111\u1ea7u n\u1ed5i ti\u1ebfng v\u1edbi chuy\u00ean m\u00f4n trong thi\u1ebft k\u1ebf, ph\u00e1t tri\u1ec3n v\u00e0 s\u1ea3n xu\u1ea5t h\u1ed9p s\u1ed1 hi\u1ec7u su\u1ea5t cao, t\u1eadp trung ch\u1ee7 y\u1ebfu v\u00e0o l\u0129nh v\u1ef1c m\u00e1y m\u00f3c n\u00f4ng nghi\u1ec7p. V\u1edbi k\u1ef9 thu\u1eadt ch\u00ednh x\u00e1c, gi\u1ea3i ph\u00e1p ti\u00ean ti\u1ebfn v\u00e0 \u0111\u1ed9 tin c\u1eady cao, FMP \u0111\u00e3 t\u1ea1o d\u1ef1ng \u0111\u01b0\u1ee3c danh ti\u1ebfng l\u00e0 \u0111\u1ed1i t\u00e1c \u0111\u00e1ng tin c\u1eady trong c\u1ea3 th\u1ecb tr\u01b0\u1eddng n\u00f4ng nghi\u1ec7p v\u00e0 c\u00f4ng nghi\u1ec7p. Danh m\u1ee5c s\u1ea3n ph\u1ea9m to\u00e0n di\u1ec7n c\u1ee7a ch\u00fang t\u00f4i bao g\u1ed3m h\u1ed9p s\u1ed1 \u0111\u01b0\u1ee3c thi\u1ebft k\u1ebf ri\u00eang cho m\u00e1y c\u1eaft c\u1ecf, tr\u1ee5c PTO v\u00e0 nhi\u1ec1u linh ki\u1ec7n thi\u1ebft y\u1ebfu kh\u00e1c, t\u1ea5t c\u1ea3 \u0111\u1ec1u \u0111\u01b0\u1ee3c ch\u1ebf t\u1ea1o t\u1ec9 m\u1ec9 \u0111\u1ec3 \u0111\u00e1p \u1ee9ng nhu c\u1ea7u c\u1ee5 th\u1ec3 c\u1ee7a nhi\u1ec1u \u1ee9ng d\u1ee5ng kh\u00e1c nhau.<\/p>\n<p>T\u1ea1i FMP, ch\u00fang t\u00f4i hi\u1ec3u r\u1eb1ng m\u1ed7i kh\u00e1ch h\u00e0ng \u0111\u1ec1u ph\u1ea3i \u0111\u1ed1i m\u1eb7t v\u1edbi nh\u1eefng th\u00e1ch th\u1ee9c ri\u00eang. \u0110\u00f3 l\u00e0 l\u00fd do t\u1ea1i sao ch\u00fang t\u00f4i chuy\u00ean cung c\u1ea5p c\u00e1c gi\u1ea3i ph\u00e1p \u0111\u01b0\u1ee3c thi\u1ebft k\u1ebf ri\u00eang, d\u00f9 l\u00e0 cho t\u1eebng th\u00e0nh ph\u1ea7n ri\u00eang l\u1ebb hay h\u1ec7 th\u1ed1ng t\u00edch h\u1ee3p ho\u00e0n ch\u1ec9nh. Th\u00f4ng qua s\u1ef1 h\u1ee3p t\u00e1c ch\u1eb7t ch\u1ebd v\u1edbi kh\u00e1ch h\u00e0ng, ch\u00fang t\u00f4i \u0111\u1ea3m b\u1ea3o r\u1eb1ng m\u1ed7i gi\u1ea3i ph\u00e1p kh\u00f4ng ch\u1ec9 \u0111\u00e1p \u1ee9ng nhu c\u1ea7u c\u1ee7a h\u1ecd m\u00e0 c\u00f2n t\u1ed1i \u01b0u h\u00f3a hi\u1ec7u su\u1ea5t v\u00e0 t\u1ed1i \u0111a h\u00f3a gi\u00e1 tr\u1ecb. Cam k\u1ebft c\u1ee7a ch\u00fang t\u00f4i v\u1ec1 ph\u1ea3n h\u1ed3i nhanh ch\u00f3ng, chuy\u00ean nghi\u1ec7p v\u00e0 h\u01b0\u1edbng d\u1eabn chuy\u00ean m\u00f4n \u0111\u1ea3m b\u1ea3o r\u1eb1ng m\u1ecdi th\u1eafc m\u1eafc \u0111\u1ec1u \u0111\u01b0\u1ee3c gi\u1ea3i quy\u1ebft ch\u00ednh x\u00e1c, \u0111\u1ea3m b\u1ea3o k\u1ebft qu\u1ea3 t\u1ed1t nh\u1ea5t m\u1ecdi l\u00fac.<\/p>\n<p>Ch\u00fang t\u00f4i \u01b0u ti\u00ean giao ti\u1ebfp r\u00f5 r\u00e0ng, li\u00ean t\u1ee5c trong su\u1ed1t chu tr\u00ecnh ph\u00e1t tri\u1ec3n s\u1ea3n ph\u1ea9m. \u0110\u1ed9i ng\u0169 t\u1eadn t\u00e2m c\u1ee7a ch\u00fang t\u00f4i l\u00e0m vi\u1ec7c ch\u1eb7t ch\u1ebd v\u1edbi kh\u00e1ch h\u00e0ng \u0111\u1ec3 hi\u1ec3u r\u00f5 y\u00eau c\u1ea7u c\u1ee7a h\u1ecd v\u00e0 cung c\u1ea5p nh\u1eefng hi\u1ec3u bi\u1ebft s\u00e2u s\u1eafc c\u00f9ng c\u00e1c khuy\u1ebfn ngh\u1ecb gi\u00e1 tr\u1ecb nh\u1eb1m \u0111\u1ea1t \u0111\u01b0\u1ee3c k\u1ebft qu\u1ea3 t\u1ed1i \u01b0u. D\u00f9 l\u00e0 thi\u1ebft k\u1ebf s\u1ea3n ph\u1ea9m hi\u1ec7n \u0111\u1ea1i hay th\u1ef1c hi\u1ec7n c\u00e1c \u0111\u01a1n h\u00e0ng th\u01b0\u1eddng xuy\u00ean, FMP lu\u00f4n cam k\u1ebft cung c\u1ea5p c\u00e1c gi\u1ea3i ph\u00e1p ch\u1ea5t l\u01b0\u1ee3ng cao, \u0111\u01b0\u1ee3c thi\u1ebft k\u1ebf ch\u00ednh x\u00e1c, \u0111\u00fang h\u1ea1n. S\u1ee9 m\u1ec7nh c\u1ee7a ch\u00fang t\u00f4i l\u00e0 lu\u00f4n v\u01b0\u1ee3t tr\u00ean mong \u0111\u1ee3i c\u1ee7a kh\u00e1ch h\u00e0ng, cung c\u1ea5p d\u1ecbch v\u1ee5 v\u00e0 k\u1ebft qu\u1ea3 v\u01b0\u1ee3t tr\u1ed9i trong m\u1ecdi d\u1ef1 \u00e1n.<\/p>\n<p>Ch\u1ea5t l\u01b0\u1ee3ng l\u00e0 tr\u1ecdng t\u00e2m trong ho\u1ea1t \u0111\u1ed9ng c\u1ee7a FMP. Ch\u00fang t\u00f4i duy tr\u00ec c\u00e1c ti\u00eau chu\u1ea9n s\u1ea3n xu\u1ea5t cao nh\u1ea5t v\u00e0 th\u1ef1c hi\u1ec7n c\u00e1c bi\u1ec7n ph\u00e1p ki\u1ec3m so\u00e1t ch\u1ea5t l\u01b0\u1ee3ng nghi\u00eam ng\u1eb7t \u0111\u1ec3 \u0111\u1ea3m b\u1ea3o m\u1ed7i s\u1ea3n ph\u1ea9m \u0111\u1ec1u \u0111\u00e1p \u1ee9ng, v\u00e0 th\u01b0\u1eddng v\u01b0\u1ee3t qua, c\u00e1c ti\u00eau chu\u1ea9n c\u1ee7a ng\u00e0nh. Cam k\u1ebft v\u1ec1 s\u1ef1 xu\u1ea5t s\u1eafc n\u00e0y, c\u00f9ng v\u1edbi c\u00e1c gi\u00e1 tr\u1ecb c\u1ed1t l\u00f5i c\u1ee7a ch\u00fang t\u00f4i v\u1ec1 t\u00ednh ch\u00ednh tr\u1ef1c, tinh th\u1ea7n \u0111\u1ed3ng \u0111\u1ed9i v\u00e0 s\u1ef1 ki\u00ean tr\u00ec, \u0111\u00e3 gi\u00fap ch\u00fang t\u00f4i x\u00e2y d\u1ef1ng m\u1ed1i quan h\u1ec7 l\u00e2u d\u00e0i, d\u1ef1a tr\u00ean s\u1ef1 tin c\u1eady v\u1edbi kh\u00e1ch h\u00e0ng t\u1ea1i g\u1ea7n 30 qu\u1ed1c gia tr\u00ean to\u00e0n th\u1ebf gi\u1edbi.<\/p>\n<p>FMP lu\u00f4n mong mu\u1ed1n x\u00e2y d\u1ef1ng quan h\u1ec7 \u0111\u1ed1i t\u00e1c to\u00e0n c\u1ea7u, cung c\u1ea5p t\u01b0 v\u1ea5n chuy\u00ean m\u00f4n v\u00e0 c\u00e1c gi\u1ea3i ph\u00e1p t\u00f9y ch\u1ec9nh, \u0111\u00e1p \u1ee9ng nhu c\u1ea7u ng\u00e0y c\u00e0ng \u0111a d\u1ea1ng c\u1ee7a kh\u00e1ch h\u00e0ng. Ch\u00fang t\u00f4i n\u1ed7 l\u1ef1c x\u00e2y d\u1ef1ng m\u1ed1i quan h\u1ec7 l\u00e2u d\u00e0i, c\u00f9ng c\u00f3 l\u1ee3i, g\u00f3p ph\u1ea7n v\u00e0o th\u00e0nh c\u00f4ng c\u1ee7a m\u1ecdi d\u1ef1 \u00e1n. Cho d\u00f9 b\u1ea1n c\u1ea7n c\u00e1c gi\u1ea3i ph\u00e1p s\u00e1ng t\u1ea1o cho m\u1ed9t s\u00e1ng ki\u1ebfn \u200b\u200bm\u1edbi hay h\u1ed7 tr\u1ee3 li\u00ean t\u1ee5c cho m\u1ed9t h\u1ec7 th\u1ed1ng hi\u1ec7n c\u00f3, FMP lu\u00f4n s\u1eb5n s\u00e0ng gi\u00fap b\u1ea1n v\u01b0\u1ee3t qua nh\u1eefng th\u00e1ch th\u1ee9c k\u1ef9 thu\u1eadt v\u00e0 \u0111\u1ea3m b\u1ea3o th\u00e0nh c\u00f4ng b\u1ec1n v\u1eefng.<\/p>\n<p><img loading=\"lazy\" decoding=\"async\" class=\"alignnone wp-image-2695\" src=\"https:\/\/fmp-components.com\/wp-content\/uploads\/2025\/01\/agricultural-gearbox3.webp\" alt=\"h\u1ed9p s\u1ed1 n\u00f4ng nghi\u1ec7p\" width=\"1140\" height=\"1138\" title=\"\" srcset=\"https:\/\/fmp-components.com\/wp-content\/uploads\/2025\/01\/agricultural-gearbox3.webp 1140w, https:\/\/fmp-components.com\/wp-content\/uploads\/2025\/01\/agricultural-gearbox3-480x479.webp 480w\" sizes=\"(min-width: 0px) and (max-width: 480px) 480px, (min-width: 481px) 1140px, 100vw\" \/><\/p>\n<p>T\u00e1c gi\u1ea3: CX<\/p>\n<\/div>\n<\/div>\n<\/div>\n<\/div>\n<\/div>\n<\/div>","protected":false},"excerpt":{"rendered":"<p>Product Specifications: Product Name Short harvester reversing for rice harvester Material QT450 for housing, 20CrMnTi for gear shaft. Color Customization Model \u00a0FMP-1.6Z.03-05 Used Rice harvester Advantages of Using the Combine Harvester Reversing Gearbox The Combine Harvester Reversing Gearbox offers several significant advantages that enhance the efficiency and functionality of the harvester. Here are some key [&hellip;]<\/p>","protected":false},"featured_media":3093,"comment_status":"open","ping_status":"closed","template":"","meta":{"_et_pb_use_builder":"","_et_pb_old_content":"","_et_gb_content_width":""},"product_brand":[],"product_cat":[72],"product_tag":[],"class_list":{"0":"post-3088","1":"product","2":"type-product","3":"status-publish","4":"has-post-thumbnail","6":"product_cat-combine-harvester-gearbox","8":"first","9":"instock","10":"shipping-taxable","11":"product-type-simple"},"_links":{"self":[{"href":"https:\/\/fmp-components.com\/vi\/wp-json\/wp\/v2\/product\/3088","targetHints":{"allow":["GET"]}}],"collection":[{"href":"https:\/\/fmp-components.com\/vi\/wp-json\/wp\/v2\/product"}],"about":[{"href":"https:\/\/fmp-components.com\/vi\/wp-json\/wp\/v2\/types\/product"}],"replies":[{"embeddable":true,"href":"https:\/\/fmp-components.com\/vi\/wp-json\/wp\/v2\/comments?post=3088"}],"wp:featuredmedia":[{"embeddable":true,"href":"https:\/\/fmp-components.com\/vi\/wp-json\/wp\/v2\/media\/3093"}],"wp:attachment":[{"href":"https:\/\/fmp-components.com\/vi\/wp-json\/wp\/v2\/media?parent=3088"}],"wp:term":[{"taxonomy":"product_brand","embeddable":true,"href":"https:\/\/fmp-components.com\/vi\/wp-json\/wp\/v2\/product_brand?post=3088"},{"taxonomy":"product_cat","embeddable":true,"href":"https:\/\/fmp-components.com\/vi\/wp-json\/wp\/v2\/product_cat?post=3088"},{"taxonomy":"product_tag","embeddable":true,"href":"https:\/\/fmp-components.com\/vi\/wp-json\/wp\/v2\/product_tag?post=3088"}],"curies":[{"name":"wp","href":"https:\/\/api.w.org\/{rel}","templated":true}]}}