{"id":3074,"date":"2025-01-04T08:48:51","date_gmt":"2025-01-04T08:48:51","guid":{"rendered":"https:\/\/fmp-components.com\/?page_id=8"},"modified":"2025-01-04T08:53:07","modified_gmt":"2025-01-04T08:53:07","slug":"double-disc-fertilizer-spreader-gearbox-fmp-sf11-for-fertilizer-spreader","status":"publish","type":"product","link":"https:\/\/fmp-components.com\/vi\/product\/double-disc-fertilizer-spreader-gearbox-fmp-sf11-for-fertilizer-spreader\/","title":{"rendered":"H\u1ed9p s\u1ed1 m\u00e1y r\u1ea3i ph\u00e2n \u0111\u0129a \u0111\u00f4i FMP-SF11 cho m\u00e1y r\u1ea3i ph\u00e2n"},"content":{"rendered":"<h2>K\u00edch th\u01b0\u1edbc h\u1ed9p s\u1ed1 m\u00e1y r\u1ea3i ph\u00e2n \u0111\u0129a \u0111\u00f4i FMP-SF11<\/h2>\n<p><img loading=\"lazy\" decoding=\"async\" class=\"alignnone size-full wp-image-3083\" src=\"https:\/\/fmp-components.com\/wp-content\/uploads\/2025\/01\/Double-Disc-Fertilizer-Spreader-Gearbox-FMP-SF11-Dimensions-2.webp\" alt=\"H\u1ed9p s\u1ed1 m\u00e1y r\u1ea3i ph\u00e2n \u0111\u0129a \u0111\u00f4i FMP SF11 K\u00edch th\u01b0\u1edbc 2\" width=\"1606\" height=\"904\" title=\"\" srcset=\"https:\/\/fmp-components.com\/wp-content\/uploads\/2025\/01\/Double-Disc-Fertilizer-Spreader-Gearbox-FMP-SF11-Dimensions-2.webp 1606w, https:\/\/fmp-components.com\/wp-content\/uploads\/2025\/01\/Double-Disc-Fertilizer-Spreader-Gearbox-FMP-SF11-Dimensions-2-1280x720.webp 1280w, https:\/\/fmp-components.com\/wp-content\/uploads\/2025\/01\/Double-Disc-Fertilizer-Spreader-Gearbox-FMP-SF11-Dimensions-2-980x552.webp 980w, https:\/\/fmp-components.com\/wp-content\/uploads\/2025\/01\/Double-Disc-Fertilizer-Spreader-Gearbox-FMP-SF11-Dimensions-2-480x270.webp 480w\" sizes=\"(min-width: 0px) and (max-width: 480px) 480px, (min-width: 481px) and (max-width: 980px) 980px, (min-width: 981px) and (max-width: 1280px) 1280px, (min-width: 1281px) 1606px, 100vw\" \/> <img loading=\"lazy\" decoding=\"async\" class=\"alignnone size-full wp-image-3084\" src=\"https:\/\/fmp-components.com\/wp-content\/uploads\/2025\/01\/Double-Disc-Fertilizer-Spreader-Gearbox-FMP-SF11-Dimensions-1.webp\" alt=\"H\u1ed9p s\u1ed1 m\u00e1y r\u1ea3i ph\u00e2n \u0111\u0129a \u0111\u00f4i FMP SF11 K\u00edch th\u01b0\u1edbc 1\" width=\"1625\" height=\"820\" title=\"\" srcset=\"https:\/\/fmp-components.com\/wp-content\/uploads\/2025\/01\/Double-Disc-Fertilizer-Spreader-Gearbox-FMP-SF11-Dimensions-1.webp 1625w, https:\/\/fmp-components.com\/wp-content\/uploads\/2025\/01\/Double-Disc-Fertilizer-Spreader-Gearbox-FMP-SF11-Dimensions-1-1280x646.webp 1280w, https:\/\/fmp-components.com\/wp-content\/uploads\/2025\/01\/Double-Disc-Fertilizer-Spreader-Gearbox-FMP-SF11-Dimensions-1-980x495.webp 980w, https:\/\/fmp-components.com\/wp-content\/uploads\/2025\/01\/Double-Disc-Fertilizer-Spreader-Gearbox-FMP-SF11-Dimensions-1-480x242.webp 480w\" sizes=\"(min-width: 0px) and (max-width: 480px) 480px, (min-width: 481px) and (max-width: 980px) 980px, (min-width: 981px) and (max-width: 1280px) 1280px, (min-width: 1281px) 1625px, 100vw\" \/><\/p>\n<h2>H\u1ed9p s\u1ed1 m\u00e1y r\u1ea3i ph\u00e2n \u0111\u0129a \u0111\u00f4i FMP-SF11 Th\u00f4ng s\u1ed1 k\u1ef9 thu\u1eadt<\/h2>\n<table style=\"width: 97.1772%; height: 151px;\" border=\"1\" cellspacing=\"0\" cellpadding=\"0\">\n<tbody>\n<tr>\n<td colspan=\"2\" rowspan=\"2\">T\u00f4i<\/td>\n<td rowspan=\"2\">Th\u00edch h\u1ee3p<\/td>\n<td>\u0110\u1ea7u v\u00e0o v\u00f2ng\/ph\u00fat<\/td>\n<td>\u0110\u1ea7u ra v\u00f2ng\/ph\u00fat<\/td>\n<td colspan=\"2\">Quy\u1ec1n l\u1ef1c<\/td>\n<td rowspan=\"2\">m\u1ecdc r\u0103ng<\/td>\n<\/tr>\n<tr>\n<td>v\u00f2ng\/ph\u00fat<\/td>\n<td>v\u00f2ng\/ph\u00fat<\/td>\n<td>Kw<\/td>\n<td>M\u00e3 l\u1ef1c<\/td>\n<\/tr>\n<tr>\n<td><\/td>\n<td>1:1<\/td>\n<td>M\u00e1y r\u1ea3i ph\u00e2n b\u00f3n, v.v.<\/td>\n<td>540<\/td>\n<td>540<\/td>\n<td>15<\/td>\n<td>20<\/td>\n<td>Gleason Helical<br \/>\nR\u0103ng<\/td>\n<\/tr>\n<tr>\n<td colspan=\"8\">L\u01b0u \u00fd: N\u1ebfu b\u1ea1n c\u00f3 b\u1ea5t k\u1ef3 y\u00eau c\u1ea7u \u0111\u1eb7c bi\u1ec7t n\u00e0o, vui l\u00f2ng cho t\u00f4i bi\u1ebft, ch\u00fang t\u00f4i c\u0169ng ch\u1ea5p nh\u1eadn t\u00f9y ch\u1ec9nh.<\/td>\n<\/tr>\n<\/tbody>\n<\/table>\n<h2>L\u1ee3i \u00edch c\u1ee7a h\u1ed9p s\u1ed1 m\u00e1y r\u1ea3i ph\u00e2n \u0111\u0129a \u0111\u00f4i FMP-SF11<\/h2>\n<p>H\u1ed9p s\u1ed1 r\u1ea3i ph\u00e2n \u0111\u0129a \u0111\u00f4i FMP-SF11 mang l\u1ea1i nhi\u1ec1u l\u1ee3i \u00edch gi\u00fap n\u00e2ng cao hi\u1ec7u su\u1ea5t v\u00e0 hi\u1ec7u qu\u1ea3 b\u00f3n ph\u00e2n trong n\u00f4ng nghi\u1ec7p. D\u01b0\u1edbi \u0111\u00e2y l\u00e0 nh\u1eefng \u01b0u \u0111i\u1ec3m ch\u00ednh c\u1ee7a h\u1ed9p s\u1ed1 n\u00e0y:<\/p>\n<p><strong>1. \u0110\u1ed9 ch\u00ednh x\u00e1c v\u00e0 t\u00ednh \u0111\u1ed3ng nh\u1ea5t<\/strong><\/p>\n<ul>\n<li>H\u1ed9p s\u1ed1 FMP-SF11 \u0111\u1ea3m b\u1ea3o ph\u00e2n b\u00f3n \u0111\u01b0\u1ee3c ph\u00e2n ph\u1ed1i \u0111\u1ec1u kh\u1eafp ru\u1ed9ng, gi\u00fap ph\u00e2n b\u00f3n \u0111\u01b0\u1ee3c tr\u1ea3i \u0111\u1ec1u. \u0110i\u1ec1u n\u00e0y r\u1ea5t quan tr\u1ecdng \u0111\u1ec3 t\u1ed1i \u01b0u h\u00f3a n\u0103ng su\u1ea5t c\u00e2y tr\u1ed3ng v\u00e0 tr\u00e1nh l\u00e3ng ph\u00ed ph\u00e2n b\u00f3n.<\/li>\n<\/ul>\n<p><strong>2. \u0110\u1ed9 b\u1ec1n \u0111\u01b0\u1ee3c c\u1ea3i thi\u1ec7n<\/strong><\/p>\n<ul>\n<li>\u0110\u01b0\u1ee3c ch\u1ebf t\u1ea1o t\u1eeb v\u1eadt li\u1ec7u ch\u1ea5t l\u01b0\u1ee3ng cao, h\u1ed9p s\u1ed1 FMP-SF11 \u0111\u01b0\u1ee3c thi\u1ebft k\u1ebf \u0111\u1ec3 ch\u1ecbu \u0111\u01b0\u1ee3c c\u00e1c \u0111i\u1ec1u ki\u1ec7n n\u00f4ng nghi\u1ec7p kh\u1eafc nghi\u1ec7t. H\u1ed9p s\u1ed1 c\u00f3 kh\u1ea3 n\u0103ng ch\u1ed1ng m\u00e0i m\u00f2n, \u0111\u1ea3m b\u1ea3o hi\u1ec7u su\u1ea5t l\u00e2u d\u00e0i ngay c\u1ea3 khi s\u1eed d\u1ee5ng nhi\u1ec1u.<\/li>\n<\/ul>\n<p><strong>3. Truy\u1ec1n t\u1ea3i \u0111i\u1ec7n \u0111\u01b0\u1ee3c t\u1ed1i \u01b0u h\u00f3a<\/strong><\/p>\n<ul>\n<li>H\u1ed9p s\u1ed1 \u0111\u01b0\u1ee3c thi\u1ebft k\u1ebf \u0111\u1ec3 truy\u1ec1n l\u1ef1c hi\u1ec7u qu\u1ea3 gi\u1eefa m\u00e1y k\u00e9o v\u00e0 m\u00e1y r\u1ea3i ph\u00e2n, c\u1ea3i thi\u1ec7n hi\u1ec7u su\u1ea5t nhi\u00ean li\u1ec7u v\u00e0 gi\u1ea3m t\u1ed5n th\u1ea5t n\u0103ng l\u01b0\u1ee3ng. Vi\u1ec7c truy\u1ec1n l\u1ef1c \u0111\u01b0\u1ee3c t\u1ed1i \u01b0u h\u00f3a n\u00e0y \u0111\u1ea3m b\u1ea3o v\u1eadn h\u00e0nh tr\u01a1n tru v\u00e0 n\u00e2ng cao n\u0103ng su\u1ea5t t\u1ed5ng th\u1ec3.<\/li>\n<\/ul>\n<p><strong>4. Gi\u1ea3m chi ph\u00ed b\u1ea3o tr\u00ec<\/strong><\/p>\n<ul>\n<li>V\u1edbi thi\u1ebft k\u1ebf ch\u1eafc ch\u1eafn v\u00e0 k\u1ebft c\u1ea5u ch\u1ea5t l\u01b0\u1ee3ng cao, h\u1ed9p s\u1ed1 FMP-SF11 \u0111\u01b0\u1ee3c ch\u1ebf t\u1ea1o \u0111\u1ec3 c\u00f3 \u0111\u1ed9 b\u1ec1n cao. Vi\u1ec7c b\u1ea3o tr\u00ec th\u1ea5p gi\u00fap gi\u1ea3m t\u1ea7n su\u1ea5t s\u1eeda ch\u1eefa v\u00e0 chi ph\u00ed li\u00ean quan, gi\u00fap h\u1ed9p s\u1ed1 n\u00e0y tr\u1edf th\u00e0nh gi\u1ea3i ph\u00e1p ti\u1ebft ki\u1ec7m chi ph\u00ed cho c\u00e1c ho\u1ea1t \u0111\u1ed9ng d\u00e0i h\u1ea1n.<\/li>\n<\/ul>\n<p><strong>5. N\u00e2ng cao hi\u1ec7u qu\u1ea3 ho\u1ea1t \u0111\u1ed9ng<\/strong><\/p>\n<ul>\n<li>H\u1ed9p s\u1ed1 \u0111\u01b0\u1ee3c thi\u1ebft k\u1ebf \u0111\u1ec3 \u0111\u1ea3m b\u1ea3o m\u00e1y r\u1ea3i ph\u00e2n \u0111\u0129a \u0111\u00f4i ho\u1ea1t \u0111\u1ed9ng tr\u01a1n tru, hi\u1ec7u qu\u1ea3 v\u00e0 \u0111\u00e1ng tin c\u1eady. Nh\u1edd duy tr\u00ec c\u00f4ng su\u1ea5t \u1ed5n \u0111\u1ecbnh, m\u00e1y gi\u00fap ng\u01b0\u1eddi v\u1eadn h\u00e0nh ho\u00e0n th\u00e0nh c\u00f4ng vi\u1ec7c nhanh h\u01a1n v\u00e0 gi\u1ea3m thi\u1ec3u th\u1eddi gian ng\u1eebng ho\u1ea1t \u0111\u1ed9ng, n\u00e2ng cao hi\u1ec7u qu\u1ea3 v\u1eadn h\u00e0nh t\u1ed5ng th\u1ec3.<\/li>\n<\/ul>\n<p>H\u1ed9p s\u1ed1 r\u1ea3i ph\u00e2n \u0111\u0129a \u0111\u00f4i FMP-SF11 mang l\u1ea1i nhi\u1ec1u l\u1ee3i \u00edch nh\u01b0 \u0111\u1ed9 ch\u00ednh x\u00e1c, \u0111\u1ed9 b\u1ec1n, \u00edt b\u1ea3o tr\u00ec v\u00e0 truy\u1ec1n \u0111\u1ed9ng hi\u1ec7u qu\u1ea3, t\u1ea5t c\u1ea3 \u0111\u1ec1u g\u00f3p ph\u1ea7n t\u0103ng n\u0103ng su\u1ea5t v\u00e0 n\u0103ng su\u1ea5t c\u00e2y tr\u1ed3ng trong ho\u1ea1t \u0111\u1ed9ng n\u00f4ng nghi\u1ec7p. \u0110\u1ed9 b\u1ec1n b\u1ec9 v\u00e0 kh\u1ea3 n\u0103ng t\u01b0\u01a1ng th\u00edch v\u1edbi nhi\u1ec1u h\u1ec7 th\u1ed1ng canh t\u00e1c kh\u00e1c nhau khi\u1ebfn n\u00f3 tr\u1edf th\u00e0nh m\u1ed9t th\u00e0nh ph\u1ea7n thi\u1ebft y\u1ebfu cho vi\u1ec7c r\u1ea3i ph\u00e2n b\u00f3n hi\u1ec7u qu\u1ea3 trong n\u00f4ng nghi\u1ec7p hi\u1ec7n \u0111\u1ea1i.<\/p>\n<p><img loading=\"lazy\" decoding=\"async\" class=\"alignnone size-full wp-image-3085\" src=\"https:\/\/fmp-components.com\/wp-content\/uploads\/2025\/01\/Double-Disc-Fertilizer-Spreader-Gearbox-FMP-SF11-Benefits1.webp\" alt=\"H\u1ed9p s\u1ed1 m\u00e1y r\u1ea3i ph\u00e2n \u0111\u0129a \u0111\u00f4i FMP SF11 - L\u1ee3i \u00edch (1)\" width=\"2336\" height=\"1046\" title=\"\" srcset=\"https:\/\/fmp-components.com\/wp-content\/uploads\/2025\/01\/Double-Disc-Fertilizer-Spreader-Gearbox-FMP-SF11-Benefits1.webp 2336w, https:\/\/fmp-components.com\/wp-content\/uploads\/2025\/01\/Double-Disc-Fertilizer-Spreader-Gearbox-FMP-SF11-Benefits1-1280x573.webp 1280w, https:\/\/fmp-components.com\/wp-content\/uploads\/2025\/01\/Double-Disc-Fertilizer-Spreader-Gearbox-FMP-SF11-Benefits1-980x439.webp 980w, https:\/\/fmp-components.com\/wp-content\/uploads\/2025\/01\/Double-Disc-Fertilizer-Spreader-Gearbox-FMP-SF11-Benefits1-480x215.webp 480w\" sizes=\"(min-width: 0px) and (max-width: 480px) 480px, (min-width: 481px) and (max-width: 980px) 980px, (min-width: 981px) and (max-width: 1280px) 1280px, (min-width: 1281px) 2336px, 100vw\" \/><\/p>\n<h2>\u1ee8ng d\u1ee5ng h\u1ed9p s\u1ed1 r\u1ea3i ph\u00e2n \u0111\u0129a \u0111\u00f4i FMP-SF11<\/h2>\n<p>H\u1ed9p s\u1ed1 r\u1ea3i ph\u00e2n \u0111\u0129a \u0111\u00f4i FMP-SF11 \u0111\u01b0\u1ee3c thi\u1ebft k\u1ebf \u0111\u1ec3 s\u1eed d\u1ee5ng trong nhi\u1ec1u \u1ee9ng d\u1ee5ng n\u00f4ng nghi\u1ec7p, \u0111\u1eb7c bi\u1ec7t l\u00e0 trong ho\u1ea1t \u0111\u1ed9ng r\u1ea3i ph\u00e2n b\u00f3n. D\u01b0\u1edbi \u0111\u00e2y l\u00e0 m\u1ed9t s\u1ed1 \u1ee9ng d\u1ee5ng ch\u00ednh c\u1ee7a h\u1ed9p s\u1ed1 n\u00e0y:<\/p>\n<p><strong>1. B\u00f3n ph\u00e2n cho c\u00e1c c\u00e1nh \u0111\u1ed3ng n\u00f4ng nghi\u1ec7p l\u1edbn<\/strong><\/p>\n<ul>\n<li>H\u1ed9p s\u1ed1 FMP-SF11 ch\u1ee7 y\u1ebfu \u0111\u01b0\u1ee3c s\u1eed d\u1ee5ng trong c\u00e1c ho\u1ea1t \u0111\u1ed9ng n\u00f4ng nghi\u1ec7p quy m\u00f4 l\u1edbn \u0111\u1ec3 ph\u00e2n ph\u1ed1i ph\u00e2n b\u00f3n hi\u1ec7u qu\u1ea3 tr\u00ean di\u1ec7n t\u00edch r\u1ed9ng l\u1edbn. N\u00f3 \u0111\u1ea3m b\u1ea3o vi\u1ec7c r\u1ea3i ph\u00e2n b\u00f3n \u0111\u1ed3ng \u0111\u1ec1u v\u00e0 ch\u00ednh x\u00e1c, \u0111i\u1ec1u n\u00e0y r\u1ea5t quan tr\u1ecdng \u0111\u1ec3 t\u1ed1i \u01b0u h\u00f3a n\u0103ng su\u1ea5t c\u00e2y tr\u1ed3ng v\u00e0 \u0111\u1ea3m b\u1ea3o \u0111\u1ea5t kh\u1ecfe m\u1ea1nh.<\/li>\n<\/ul>\n<p><strong>2. B\u00f3n ph\u00e2n cho ng\u0169 c\u1ed1c v\u00e0 c\u00e2y tr\u1ed3ng<\/strong><\/p>\n<ul>\n<li>H\u1ed9p s\u1ed1 n\u00e0y l\u00fd t\u01b0\u1edfng \u0111\u1ec3 s\u1eed d\u1ee5ng trong canh t\u00e1c ng\u0169 c\u1ed1c (nh\u01b0 l\u00faa m\u00ec, ng\u00f4 v\u00e0 l\u00faa g\u1ea1o), n\u01a1i vi\u1ec7c b\u00f3n ph\u00e2n \u0111\u1ec1u \u0111\u1eb7n l\u00e0 r\u1ea5t quan tr\u1ecdng \u0111\u1ec3 th\u00fac \u0111\u1ea9y c\u00e2y tr\u1ed3ng ph\u00e1t tri\u1ec3n kh\u1ecfe m\u1ea1nh v\u00e0 t\u1ed1i \u0111a h\u00f3a n\u0103ng su\u1ea5t. N\u00f3 gi\u00fap ph\u00e2n ph\u1ed1i ph\u00e2n b\u00f3n \u0111\u1ec1u kh\u1eafp c\u00e1nh \u0111\u1ed3ng, c\u1ea3i thi\u1ec7n s\u1ee9c kh\u1ecfe c\u00e2y tr\u1ed3ng.<\/li>\n<\/ul>\n<p><strong>3. V\u01b0\u1eddn rau v\u00e0 tr\u00e1i c\u00e2y<\/strong><\/p>\n<ul>\n<li>Trong c\u00e1c v\u01b0\u1eddn c\u00e2y \u0103n qu\u1ea3 v\u00e0 trang tr\u1ea1i rau, h\u1ed9p s\u1ed1 FMP-SF11 \u0111\u1ea3m b\u1ea3o ph\u00e2n b\u00f3n \u0111\u01b0\u1ee3c r\u1ea3i \u0111\u1ec1u tr\u00ean m\u1eb7t \u0111\u1ea5t xung quanh c\u00e2y v\u00e0 hoa m\u00e0u. \u0110i\u1ec1u n\u00e0y r\u1ea5t quan tr\u1ecdng \u0111\u1ec3 th\u00fac \u0111\u1ea9y dinh d\u01b0\u1ee1ng c\u00e2n b\u1eb1ng, h\u1ed7 tr\u1ee3 c\u00e2y tr\u1ed3ng ph\u00e1t tri\u1ec3n v\u00e0 t\u1ed1i \u0111a h\u00f3a n\u0103ng su\u1ea5t tr\u00e1i c\u00e2y v\u00e0 rau qu\u1ea3.<\/li>\n<\/ul>\n<p><strong>4. B\u00f3n ph\u00e2n cho \u0111\u1ed3ng c\u1ecf v\u00e0 \u0111\u1ed3ng c\u1ecf<\/strong><\/p>\n<ul>\n<li>H\u1ed9p s\u1ed1 c\u00f3 th\u1ec3 \u0111\u01b0\u1ee3c s\u1eed d\u1ee5ng \u0111\u1ec3 b\u00f3n ph\u00e2n cho \u0111\u1ed3ng c\u1ecf v\u00e0 b\u00e3i ch\u0103n th\u1ea3, v\u1ed1n r\u1ea5t quan tr\u1ecdng trong ch\u0103n nu\u00f4i gia s\u00fac. Vi\u1ec7c ph\u00e2n ph\u1ed1i ph\u00e2n b\u00f3n \u0111\u1ec1u \u0111\u1eb7n gi\u00fap c\u1ea3i thi\u1ec7n ch\u1ea5t l\u01b0\u1ee3ng c\u1ecf v\u00e0 s\u1ee9c kh\u1ecfe t\u1ed5ng th\u1ec3 c\u1ee7a \u0111\u1ed3ng c\u1ecf, h\u1ed7 tr\u1ee3 ch\u0103n th\u1ea3 t\u1ed1t h\u01a1n cho v\u1eadt nu\u00f4i.<\/li>\n<\/ul>\n<p><strong>5. L\u00e0m gi\u00e0u v\u00e0 tr\u1ebb h\u00f3a \u0111\u1ea5t<\/strong><\/p>\n<ul>\n<li>FMP-SF11 c\u0169ng ph\u00f9 h\u1ee3p cho c\u00e1c ho\u1ea1t \u0111\u1ed9ng l\u00e0m gi\u00e0u \u0111\u1ea5t v\u1edbi m\u1ee5c ti\u00eau c\u1ea3i t\u1ea1o \u0111\u1ea5t ngh\u00e8o dinh d\u01b0\u1ee1ng ho\u1eb7c \u0111\u1ea5t b\u1ea1c m\u00e0u. Vi\u1ec7c b\u00f3n ph\u00e2n \u0111\u1ed3ng \u0111\u1ec1u gi\u00fap ph\u1ee5c h\u1ed3i \u0111\u1ed9 ph\u00ec nhi\u00eau c\u1ee7a \u0111\u1ea5t, t\u1eeb \u0111\u00f3 c\u1ea3i thi\u1ec7n n\u0103ng su\u1ea5t c\u00e2y tr\u1ed3ng theo th\u1eddi gian.<\/li>\n<\/ul>\n<p>H\u1ed9p s\u1ed1 r\u1ea3i ph\u00e2n \u0111\u0129a \u0111\u00f4i FMP-SF11 r\u1ea5t linh ho\u1ea1t v\u00e0 ph\u00f9 h\u1ee3p v\u1edbi nhi\u1ec1u \u1ee9ng d\u1ee5ng n\u00f4ng nghi\u1ec7p, bao g\u1ed3m b\u00f3n ph\u00e2n cho c\u00e1c c\u00e1nh \u0111\u1ed3ng l\u1edbn, qu\u1ea3n l\u00fd v\u01b0\u1eddn c\u00e2y \u0103n qu\u1ea3 v\u00e0 rau, ch\u0103m s\u00f3c \u0111\u1ed3ng c\u1ecf v\u00e0 n\u00f4ng nghi\u1ec7p ch\u00ednh x\u00e1c. Kh\u1ea3 n\u0103ng ph\u00e2n ph\u1ed1i ph\u00e2n b\u00f3n \u0111\u1ed3ng \u0111\u1ec1u c\u1ee7a n\u00f3 l\u00e0 m\u1ed9t th\u00e0nh ph\u1ea7n thi\u1ebft y\u1ebfu trong vi\u1ec7c c\u1ea3i thi\u1ec7n n\u0103ng su\u1ea5t c\u00e2y tr\u1ed3ng, t\u0103ng \u0111\u1ed9 ph\u00ec nhi\u00eau c\u1ee7a \u0111\u1ea5t v\u00e0 h\u1ed7 tr\u1ee3 c\u00e1c ph\u01b0\u01a1ng ph\u00e1p canh t\u00e1c b\u1ec1n v\u1eefng trong nhi\u1ec1u l\u0129nh v\u1ef1c n\u00f4ng nghi\u1ec7p kh\u00e1c nhau.<\/p>\n<p><img loading=\"lazy\" decoding=\"async\" class=\"alignnone size-full wp-image-3086\" src=\"https:\/\/fmp-components.com\/wp-content\/uploads\/2025\/01\/Double-Disc-Fertilizer-Spreader-Gearbox-FMP-SF11-Applications1.webp\" alt=\"H\u1ed9p s\u1ed1 m\u00e1y r\u1ea3i ph\u00e2n \u0111\u0129a \u0111\u00f4i FMP SF11 (1)\" width=\"1588\" height=\"902\" title=\"\" srcset=\"https:\/\/fmp-components.com\/wp-content\/uploads\/2025\/01\/Double-Disc-Fertilizer-Spreader-Gearbox-FMP-SF11-Applications1.webp 1588w, https:\/\/fmp-components.com\/wp-content\/uploads\/2025\/01\/Double-Disc-Fertilizer-Spreader-Gearbox-FMP-SF11-Applications1-1280x727.webp 1280w, https:\/\/fmp-components.com\/wp-content\/uploads\/2025\/01\/Double-Disc-Fertilizer-Spreader-Gearbox-FMP-SF11-Applications1-980x557.webp 980w, https:\/\/fmp-components.com\/wp-content\/uploads\/2025\/01\/Double-Disc-Fertilizer-Spreader-Gearbox-FMP-SF11-Applications1-480x273.webp 480w\" sizes=\"(min-width: 0px) and (max-width: 480px) 480px, (min-width: 481px) and (max-width: 980px) 980px, (min-width: 981px) and (max-width: 1280px) 1280px, (min-width: 1281px) 1588px, 100vw\" \/><\/p>\n<h3>Gi\u1edbi thi\u1ec7u v\u1ec1 FMP<\/h3>\n<p>C\u00f3 tr\u1ee5 s\u1edf t\u1ea1i \u00dd, FMP l\u00e0 nh\u00e0 s\u1ea3n xu\u1ea5t h\u00e0ng \u0111\u1ea7u, n\u1ed5i ti\u1ebfng v\u1edbi chuy\u00ean m\u00f4n trong thi\u1ebft k\u1ebf, ph\u00e1t tri\u1ec3n v\u00e0 s\u1ea3n xu\u1ea5t h\u1ed9p s\u1ed1 hi\u1ec7u su\u1ea5t cao, \u0111\u1eb7c bi\u1ec7t l\u00e0 cho l\u0129nh v\u1ef1c m\u00e1y m\u00f3c n\u00f4ng nghi\u1ec7p. V\u1edbi uy t\u00edn \u0111\u01b0\u1ee3c x\u00e2y d\u1ef1ng d\u1ef1a tr\u00ean k\u1ef9 thu\u1eadt ch\u00ednh x\u00e1c, gi\u1ea3i ph\u00e1p ti\u00ean ti\u1ebfn v\u00e0 \u0111\u1ed9 tin c\u1eady v\u1eefng ch\u1eafc, FMP \u0111\u00e3 tr\u1edf th\u00e0nh \u0111\u1ed1i t\u00e1c \u0111\u00e1ng tin c\u1eady cho c\u1ea3 th\u1ecb tr\u01b0\u1eddng n\u00f4ng nghi\u1ec7p v\u00e0 c\u00f4ng nghi\u1ec7p. Danh m\u1ee5c s\u1ea3n ph\u1ea9m phong ph\u00fa c\u1ee7a ch\u00fang t\u00f4i bao g\u1ed3m h\u1ed9p s\u1ed1 \u0111\u01b0\u1ee3c thi\u1ebft k\u1ebf ri\u00eang cho m\u00e1y c\u1eaft c\u1ecf, tr\u1ee5c PTO v\u00e0 nhi\u1ec1u linh ki\u1ec7n thi\u1ebft y\u1ebfu kh\u00e1c, t\u1ea5t c\u1ea3 \u0111\u1ec1u \u0111\u01b0\u1ee3c ch\u1ebf t\u1ea1o t\u1ec9 m\u1ec9 \u0111\u1ec3 \u0111\u00e1p \u1ee9ng nhu c\u1ea7u \u0111a d\u1ea1ng c\u1ee7a nhi\u1ec1u \u1ee9ng d\u1ee5ng kh\u00e1c nhau.<\/p>\n<p>T\u1ea1i FMP, ch\u00fang t\u00f4i hi\u1ec3u r\u1eb1ng m\u1ed7i kh\u00e1ch h\u00e0ng \u0111\u1ec1u ph\u1ea3i \u0111\u1ed1i m\u1eb7t v\u1edbi nh\u1eefng th\u00e1ch th\u1ee9c ri\u00eang. \u0110\u00f3 l\u00e0 l\u00fd do t\u1ea1i sao ch\u00fang t\u00f4i chuy\u00ean cung c\u1ea5p c\u00e1c gi\u1ea3i ph\u00e1p \u0111\u01b0\u1ee3c thi\u1ebft k\u1ebf ri\u00eang, d\u00f9 l\u00e0 cho t\u1eebng th\u00e0nh ph\u1ea7n ri\u00eang l\u1ebb hay h\u1ec7 th\u1ed1ng t\u00edch h\u1ee3p ho\u00e0n ch\u1ec9nh. B\u1eb1ng c\u00e1ch h\u1ee3p t\u00e1c ch\u1eb7t ch\u1ebd v\u1edbi kh\u00e1ch h\u00e0ng, ch\u00fang t\u00f4i \u0111\u1ea3m b\u1ea3o r\u1eb1ng m\u1ed7i gi\u1ea3i ph\u00e1p kh\u00f4ng ch\u1ec9 \u0111\u00e1p \u1ee9ng c\u00e1c y\u00eau c\u1ea7u c\u1ee5 th\u1ec3 m\u00e0 c\u00f2n t\u1ed1i \u01b0u h\u00f3a hi\u1ec7u su\u1ea5t v\u00e0 gia t\u0103ng gi\u00e1 tr\u1ecb t\u1ed1i \u0111a. Cam k\u1ebft c\u1ee7a ch\u00fang t\u00f4i l\u00e0 ph\u1ea3n h\u1ed3i nhanh ch\u00f3ng, chuy\u00ean nghi\u1ec7p v\u00e0 t\u01b0 v\u1ea5n chuy\u00ean m\u00f4n, \u0111\u1ea3m b\u1ea3o m\u1ecdi y\u00eau c\u1ea7u \u0111\u1ec1u \u0111\u01b0\u1ee3c x\u1eed l\u00fd ch\u00ednh x\u00e1c, mang l\u1ea1i k\u1ebft qu\u1ea3 t\u1ed1t nh\u1ea5t c\u00f3 th\u1ec3.<\/p>\n<p>Ch\u00fang t\u00f4i \u0111\u1eb7c bi\u1ec7t ch\u00fa tr\u1ecdng v\u00e0o vi\u1ec7c giao ti\u1ebfp r\u00f5 r\u00e0ng, li\u00ean t\u1ee5c trong su\u1ed1t qu\u00e1 tr\u00ecnh ph\u00e1t tri\u1ec3n s\u1ea3n ph\u1ea9m. \u0110\u1ed9i ng\u0169 t\u1eadn t\u00e2m c\u1ee7a ch\u00fang t\u00f4i l\u00e0m vi\u1ec7c tr\u1ef1c ti\u1ebfp v\u1edbi kh\u00e1ch h\u00e0ng \u0111\u1ec3 th\u1ea5u hi\u1ec3u nhu c\u1ea7u c\u1ee7a h\u1ecd v\u00e0 \u0111\u01b0a ra nh\u1eefng hi\u1ec3u bi\u1ebft s\u00e2u s\u1eafc c\u00f9ng c\u00e1c khuy\u1ebfn ngh\u1ecb gi\u00e1 tr\u1ecb nh\u1eb1m \u0111\u1ea1t \u0111\u01b0\u1ee3c k\u1ebft qu\u1ea3 t\u1ed1i \u01b0u. D\u00f9 \u0111ang ph\u00e1t tri\u1ec3n c\u00e1c s\u1ea3n ph\u1ea9m ti\u00ean ti\u1ebfn hay th\u1ef1c hi\u1ec7n c\u00e1c \u0111\u01a1n h\u00e0ng th\u01b0\u1eddng xuy\u00ean, FMP lu\u00f4n cam k\u1ebft cung c\u1ea5p c\u00e1c gi\u1ea3i ph\u00e1p ch\u1ea5t l\u01b0\u1ee3ng cao, \u0111\u01b0\u1ee3c thi\u1ebft k\u1ebf ch\u00ednh x\u00e1c, \u0111\u00fang h\u1ea1n. M\u1ee5c ti\u00eau c\u1ee7a ch\u00fang t\u00f4i l\u00e0 lu\u00f4n v\u01b0\u1ee3t tr\u00ean mong \u0111\u1ee3i c\u1ee7a kh\u00e1ch h\u00e0ng, mang \u0111\u1ebfn d\u1ecbch v\u1ee5 v\u00e0 k\u1ebft qu\u1ea3 v\u01b0\u1ee3t tr\u1ed9i trong m\u1ecdi d\u1ef1 \u00e1n.<\/p>\n<p>Ch\u1ea5t l\u01b0\u1ee3ng l\u00e0 n\u1ec1n t\u1ea3ng cho m\u1ecdi ho\u1ea1t \u0111\u1ed9ng c\u1ee7a FMP. Ch\u00fang t\u00f4i tu\u00e2n th\u1ee7 c\u00e1c ti\u00eau chu\u1ea9n s\u1ea3n xu\u1ea5t cao nh\u1ea5t v\u00e0 th\u1ef1c hi\u1ec7n c\u00e1c quy tr\u00ecnh ki\u1ec3m so\u00e1t ch\u1ea5t l\u01b0\u1ee3ng nghi\u00eam ng\u1eb7t \u0111\u1ec3 \u0111\u1ea3m b\u1ea3o m\u1ed7i s\u1ea3n ph\u1ea9m \u0111\u1ec1u \u0111\u00e1p \u1ee9ng, v\u00e0 th\u01b0\u1eddng v\u01b0\u1ee3t qua, c\u00e1c ti\u00eau chu\u1ea9n c\u1ee7a ng\u00e0nh. Cam k\u1ebft v\u1eefng ch\u1eafc v\u1ec1 s\u1ef1 xu\u1ea5t s\u1eafc, c\u00f9ng v\u1edbi c\u00e1c gi\u00e1 tr\u1ecb c\u1ed1t l\u00f5i c\u1ee7a ch\u00fang t\u00f4i l\u00e0 ch\u00ednh tr\u1ef1c, tinh th\u1ea7n \u0111\u1ed3ng \u0111\u1ed9i v\u00e0 s\u1ef1 ki\u00ean tr\u00ec, \u0111\u00e3 cho ph\u00e9p ch\u00fang t\u00f4i x\u00e2y d\u1ef1ng m\u1ed1i quan h\u1ec7 b\u1ec1n v\u1eefng, d\u1ef1a tr\u00ean s\u1ef1 tin c\u1eady v\u1edbi kh\u00e1ch h\u00e0ng t\u1ea1i g\u1ea7n 30 qu\u1ed1c gia tr\u00ean to\u00e0n th\u1ebf gi\u1edbi.<\/p>\n<p>FMP cam k\u1ebft th\u00fac \u0111\u1ea9y quan h\u1ec7 \u0111\u1ed1i t\u00e1c to\u00e0n c\u1ea7u, cung c\u1ea5p t\u01b0 v\u1ea5n chuy\u00ean m\u00f4n v\u00e0 c\u00e1c gi\u1ea3i ph\u00e1p t\u00f9y ch\u1ec9nh ph\u00f9 h\u1ee3p v\u1edbi nhu c\u1ea7u c\u1ee7a kh\u00e1ch h\u00e0ng. M\u1ee5c ti\u00eau c\u1ee7a ch\u00fang t\u00f4i l\u00e0 x\u00e2y d\u1ef1ng m\u1ed1i quan h\u1ec7 l\u00e2u d\u00e0i, c\u00f9ng c\u00f3 l\u1ee3i, g\u00f3p ph\u1ea7n v\u00e0o th\u00e0nh c\u00f4ng c\u1ee7a m\u1ecdi d\u1ef1 \u00e1n. Cho d\u00f9 b\u1ea1n \u0111ang t\u00ecm ki\u1ebfm c\u00e1c gi\u1ea3i ph\u00e1p s\u00e1ng t\u1ea1o cho m\u1ed9t d\u1ef1 \u00e1n m\u1edbi hay h\u1ed7 tr\u1ee3 li\u00ean t\u1ee5c cho m\u1ed9t h\u1ec7 th\u1ed1ng hi\u1ec7n c\u00f3, FMP lu\u00f4n s\u1eb5n s\u00e0ng h\u1ed7 tr\u1ee3 b\u1ea1n v\u01b0\u1ee3t qua nh\u1eefng th\u00e1ch th\u1ee9c k\u1ef9 thu\u1eadt v\u00e0 \u0111\u1ea3m b\u1ea3o th\u00e0nh c\u00f4ng b\u1ec1n v\u1eefng.<\/p>\n<p><img loading=\"lazy\" decoding=\"async\" class=\"alignnone wp-image-2695\" src=\"https:\/\/fmp-components.com\/wp-content\/uploads\/2025\/01\/agricultural-gearbox3.webp\" alt=\"h\u1ed9p s\u1ed1 n\u00f4ng nghi\u1ec7p\" width=\"1140\" height=\"1138\" title=\"\" srcset=\"https:\/\/fmp-components.com\/wp-content\/uploads\/2025\/01\/agricultural-gearbox3.webp 1140w, https:\/\/fmp-components.com\/wp-content\/uploads\/2025\/01\/agricultural-gearbox3-480x479.webp 480w\" sizes=\"(min-width: 0px) and (max-width: 480px) 480px, (min-width: 481px) 1140px, 100vw\" \/><\/p>\n<p>T\u00e1c gi\u1ea3: CX<\/p>","protected":false},"excerpt":{"rendered":"<p>Double Disc Fertilizer Spreader Gearbox FMP-SF11 Dimensions Double Disc Fertilizer Spreader Gearbox FMP-SF11 Technical Data i Suitable Rpm input Rpm output Power Toothing r\/min r\/min Kw Hp 1:1 Fertilizer spreader, etc 540 540 15 20 Gleason Helical Teeth Remark: If you have any special require feel free let me know, we also accept custom. Benefits [&hellip;]<\/p>","protected":false},"featured_media":3087,"comment_status":"open","ping_status":"closed","template":"","meta":{"_et_pb_use_builder":"","_et_pb_old_content":"","_et_gb_content_width":""},"product_brand":[],"product_cat":[71],"product_tag":[],"class_list":{"0":"post-3074","1":"product","2":"type-product","3":"status-publish","4":"has-post-thumbnail","6":"product_cat-fertilizer-seeder-gearbox","8":"first","9":"instock","10":"shipping-taxable","11":"product-type-simple"},"_links":{"self":[{"href":"https:\/\/fmp-components.com\/vi\/wp-json\/wp\/v2\/product\/3074","targetHints":{"allow":["GET"]}}],"collection":[{"href":"https:\/\/fmp-components.com\/vi\/wp-json\/wp\/v2\/product"}],"about":[{"href":"https:\/\/fmp-components.com\/vi\/wp-json\/wp\/v2\/types\/product"}],"replies":[{"embeddable":true,"href":"https:\/\/fmp-components.com\/vi\/wp-json\/wp\/v2\/comments?post=3074"}],"wp:featuredmedia":[{"embeddable":true,"href":"https:\/\/fmp-components.com\/vi\/wp-json\/wp\/v2\/media\/3087"}],"wp:attachment":[{"href":"https:\/\/fmp-components.com\/vi\/wp-json\/wp\/v2\/media?parent=3074"}],"wp:term":[{"taxonomy":"product_brand","embeddable":true,"href":"https:\/\/fmp-components.com\/vi\/wp-json\/wp\/v2\/product_brand?post=3074"},{"taxonomy":"product_cat","embeddable":true,"href":"https:\/\/fmp-components.com\/vi\/wp-json\/wp\/v2\/product_cat?post=3074"},{"taxonomy":"product_tag","embeddable":true,"href":"https:\/\/fmp-components.com\/vi\/wp-json\/wp\/v2\/product_tag?post=3074"}],"curies":[{"name":"wp","href":"https:\/\/api.w.org\/{rel}","templated":true}]}}