{"id":3057,"date":"2025-01-04T07:45:41","date_gmt":"2025-01-04T07:45:41","guid":{"rendered":"https:\/\/fmp-components.com\/?page_id=8"},"modified":"2025-01-04T07:45:42","modified_gmt":"2025-01-04T07:45:42","slug":"fertilizer-seeder-gearbox-fmp50-for-fertilizer-broadcaster","status":"publish","type":"product","link":"https:\/\/fmp-components.com\/vi\/product\/fertilizer-seeder-gearbox-fmp50-for-fertilizer-broadcaster\/","title":{"rendered":"H\u1ed9p s\u1ed1 m\u00e1y gieo h\u1ea1t ph\u00e2n b\u00f3n FMP50 cho m\u00e1y r\u1ea3i ph\u00e2n b\u00f3n"},"content":{"rendered":"<h2>K\u00edch th\u01b0\u1edbc h\u1ed9p s\u1ed1 m\u00e1y gieo h\u1ea1t ph\u00e2n b\u00f3n FMP50<\/h2>\n<p><img loading=\"lazy\" decoding=\"async\" class=\"alignnone size-full wp-image-3058\" src=\"https:\/\/fmp-components.com\/wp-content\/uploads\/2025\/01\/Fertilizer-Seeder-Gearbox-EP50-Dimensions.webp\" alt=\"Ph\u00e2n b\u00f3n-M\u00e1y gieo h\u1ea1t-H\u1ed9p s\u1ed1-EP50-K\u00edch th\u01b0\u1edbc\" width=\"1265\" height=\"730\" title=\"\" srcset=\"https:\/\/fmp-components.com\/wp-content\/uploads\/2025\/01\/Fertilizer-Seeder-Gearbox-EP50-Dimensions.webp 1265w, https:\/\/fmp-components.com\/wp-content\/uploads\/2025\/01\/Fertilizer-Seeder-Gearbox-EP50-Dimensions-980x566.webp 980w, https:\/\/fmp-components.com\/wp-content\/uploads\/2025\/01\/Fertilizer-Seeder-Gearbox-EP50-Dimensions-480x277.webp 480w\" sizes=\"(min-width: 0px) and (max-width: 480px) 480px, (min-width: 481px) and (max-width: 980px) 980px, (min-width: 981px) 1265px, 100vw\" \/><\/p>\n<h2>H\u1ed9p s\u1ed1 m\u00e1y gieo h\u1ea1t ph\u00e2n b\u00f3n FMP50 D\u1eef li\u1ec7u k\u1ef9 thu\u1eadt<\/h2>\n<table style=\"width: 98.9862%; height: 186px;\" border=\"1\" cellspacing=\"0\" cellpadding=\"0\">\n<tbody>\n<tr>\n<td colspan=\"2\" rowspan=\"2\">T\u00f4i<\/td>\n<td rowspan=\"2\">Th\u00edch h\u1ee3p<\/td>\n<td>\u0110\u1ea7u v\u00e0o v\u00f2ng\/ph\u00fat<\/td>\n<td>\u0110\u1ea7u ra v\u00f2ng\/ph\u00fat<\/td>\n<td>M\u00f4-men xo\u1eafn \u0111\u1ea7u ra<\/td>\n<td>C\u00e2n n\u1eb7ng<\/td>\n<td rowspan=\"2\">m\u1ecdc r\u0103ng<\/td>\n<\/tr>\n<tr>\n<td>v\u00f2ng\/ph\u00fat<\/td>\n<td>v\u00f2ng\/ph\u00fat<\/td>\n<td>Nm<\/td>\n<td>kg<\/td>\n<\/tr>\n<tr>\n<td>Gi\u1ea3m t\u1ed1c<\/td>\n<td>43.54:1<\/td>\n<td>M\u00e1y r\u1ea3i ph\u00e2n b\u00f3n, v.v.<\/td>\n<td>1000<\/td>\n<td>23<\/td>\n<td>5000<\/td>\n<td>55<\/td>\n<td>Gleason Helical<br \/>\nR\u0103ng<\/td>\n<\/tr>\n<tr>\n<td colspan=\"8\">L\u01b0u \u00fd: N\u1ebfu b\u1ea1n c\u00f3 b\u1ea5t k\u1ef3 y\u00eau c\u1ea7u \u0111\u1eb7c bi\u1ec7t n\u00e0o, vui l\u00f2ng cho t\u00f4i bi\u1ebft, ch\u00fang t\u00f4i c\u0169ng ch\u1ea5p nh\u1eadn t\u00f9y ch\u1ec9nh.<\/td>\n<\/tr>\n<\/tbody>\n<\/table>\n<table style=\"height: 204px;\" border=\"1\" width=\"1073\" cellspacing=\"0\" cellpadding=\"0\">\n<tbody>\n<tr>\n<td style=\"width: 406.125px;\">M\u1ed8T<\/td>\n<td style=\"width: 246.458px;\">B<\/td>\n<td style=\"width: 413.306px;\">C<\/td>\n<\/tr>\n<tr>\n<td style=\"width: 406.125px;\">\u03a650<\/td>\n<td style=\"width: 246.458px;\">14<\/td>\n<td style=\"width: 413.306px;\">53.8<\/td>\n<\/tr>\n<tr>\n<td style=\"width: 406.125px;\">\u03a655<\/td>\n<td style=\"width: 246.458px;\">16<\/td>\n<td style=\"width: 413.306px;\">59.3<\/td>\n<\/tr>\n<tr>\n<td style=\"width: 406.125px;\">\u03a660<\/td>\n<td style=\"width: 246.458px;\">18<\/td>\n<td style=\"width: 413.306px;\">64.4<\/td>\n<\/tr>\n<\/tbody>\n<\/table>\n<h2>H\u1ed9p s\u1ed1 m\u00e1y gieo h\u1ea1t ph\u00e2n b\u00f3n FMP50 d\u00e0nh cho m\u00e1y r\u1ea3i ph\u00e2n b\u00f3n ho\u1ea1t \u0111\u1ed9ng nh\u01b0 th\u1ebf n\u00e0o?<\/h2>\n<p>H\u1ed9p s\u1ed1 m\u00e1y gieo h\u1ea1t ph\u00e2n b\u00f3n FMP50 d\u00e0nh cho m\u00e1y r\u1ea3i ph\u00e2n b\u00f3n l\u00e0 m\u1ed9t th\u00e0nh ph\u1ea7n quan tr\u1ecdng \u0111\u1ea3m b\u1ea3o vi\u1ec7c ph\u00e2n ph\u1ed1i ph\u00e2n b\u00f3n hi\u1ec7u qu\u1ea3 trong qu\u00e1 tr\u00ecnh canh t\u00e1c. H\u1ed9p s\u1ed1 n\u00e0y \u0111\u00f3ng vai tr\u00f2 quan tr\u1ecdng trong vi\u1ec7c truy\u1ec1n l\u1ef1c t\u1eeb m\u00e1y k\u00e9o ho\u1eb7c m\u00e1y ch\u00ednh \u0111\u1ebfn c\u01a1 c\u1ea5u r\u1ea3i ph\u00e2n b\u00f3n. D\u01b0\u1edbi \u0111\u00e2y l\u00e0 m\u00f4 t\u1ea3 chi ti\u1ebft v\u1ec1 c\u00e1ch th\u1ee9c ho\u1ea1t \u0111\u1ed9ng c\u1ee7a h\u1ed9p s\u1ed1 FMP50 trong m\u00e1y r\u1ea3i ph\u00e2n b\u00f3n:<\/p>\n<p><strong>1. Truy\u1ec1n t\u1ea3i \u0111i\u1ec7n<\/strong><\/p>\n<ul>\n<li>H\u1ed9p s\u1ed1 FMP50 nh\u1eadn l\u1ef1c quay t\u1eeb tr\u1ee5c PTO (Tr\u1ee5c d\u1eabn \u0111\u1ed9ng) c\u1ee7a m\u00e1y k\u00e9o ho\u1eb7c c\u00e1c ngu\u1ed3n \u0111i\u1ec7n kh\u00e1c. Tr\u1ee5c PTO th\u01b0\u1eddng ho\u1ea1t \u0111\u1ed9ng \u1edf t\u1ed1c \u0111\u1ed9 kh\u00f4ng \u0111\u1ed5i, truy\u1ec1n l\u1ef1c \u0111\u1ebfn h\u1ed9p s\u1ed1.<\/li>\n<li>H\u1ed9p s\u1ed1 FMP50 gi\u1ea3m ho\u1eb7c t\u0103ng t\u1ed1c \u0111\u1ed9 truy\u1ec1n t\u1ea3i \u0111i\u1ec7n n\u0103ng, t\u00f9y thu\u1ed9c v\u00e0o y\u00eau c\u1ea7u v\u1eadn h\u00e0nh c\u1ee5 th\u1ec3 c\u1ee7a m\u00e1y r\u1ea3i ph\u00e2n. \u0110i\u1ec1u n\u00e0y cho ph\u00e9p h\u1ed9p s\u1ed1 ki\u1ec3m so\u00e1t t\u1ed1c \u0111\u1ed9 t\u1ed1i \u01b0u cho c\u01a1 c\u1ea5u r\u1ea3i ph\u00e2n.<\/li>\n<\/ul>\n<p><strong>2. \u0110i\u1ec1u ch\u1ec9nh t\u1ed1c \u0111\u1ed9<\/strong><\/p>\n<ul>\n<li>M\u1ed9t trong nh\u1eefng ch\u1ee9c n\u0103ng ch\u00ednh c\u1ee7a h\u1ed9p s\u1ed1 FMP50 l\u00e0 \u0111i\u1ec1u ch\u1ec9nh t\u1ed1c \u0111\u1ed9. H\u1ed9p s\u1ed1 \u0111i\u1ec1u ch\u1ec9nh t\u1ed1c \u0111\u1ed9 c\u1ee7a c\u00e1c \u0111\u0129a r\u1ea3i ph\u00e2n quay b\u00ean trong m\u00e1y r\u1ea3i ph\u00e2n.<\/li>\n<li>B\u1eb1ng c\u00e1ch ki\u1ec3m so\u00e1t t\u1ed1c \u0111\u1ed9, h\u1ed9p s\u1ed1 \u0111\u1ea3m b\u1ea3o ph\u00e2n b\u00f3n \u0111\u01b0\u1ee3c ph\u00e2n b\u1ed1 \u0111\u1ec1u tr\u00ean kh\u1eafp c\u00e1nh \u0111\u1ed3ng v\u1edbi t\u1ef7 l\u1ec7 ch\u00ednh x\u00e1c. \u0110i\u1ec1u n\u00e0y gi\u00fap duy tr\u00ec \u0111\u1ed9 ph\u1ee7 \u0111\u1ed3ng \u0111\u1ec1u v\u00e0 ng\u0103n ng\u1eeba c\u00e1c v\u1ea5n \u0111\u1ec1 nh\u01b0 b\u00f3n qu\u00e1 nhi\u1ec1u ho\u1eb7c b\u00f3n qu\u00e1 \u00edt.<\/li>\n<\/ul>\n<p><strong>3. \u0110\u1ed3ng b\u1ed9 h\u00f3a c\u00e1c th\u00e0nh ph\u1ea7n<\/strong><\/p>\n<ul>\n<li>H\u1ed9p s\u1ed1 c\u00f3 nhi\u1ec7m v\u1ee5 \u0111\u1ed3ng b\u1ed9 h\u00f3a c\u00e1c b\u1ed9 ph\u1eadn kh\u00e1c nhau c\u1ee7a m\u00e1y r\u1ea3i ph\u00e2n. N\u00f3 \u0111\u1ea3m b\u1ea3o c\u01a1 c\u1ea5u \u0111\u1ecbnh l\u01b0\u1ee3ng ph\u00e2n b\u00f3n v\u00e0 \u0111\u0129a r\u1ea3i ph\u00e2n quay \u0111\u1ed3ng b\u1ed9.<\/li>\n<li>C\u01a1 ch\u1ebf \u0111\u1ecbnh l\u01b0\u1ee3ng ph\u00e2n b\u00f3n \u0111i\u1ec1u ch\u1ec9nh l\u01b0u l\u01b0\u1ee3ng ph\u00e2n b\u00f3n, trong khi c\u00e1c \u0111\u0129a r\u1ea3i ph\u00e2n ph\u1ed1i ph\u00e2n b\u00f3n kh\u1eafp ru\u1ed9ng. B\u1eb1ng c\u00e1ch \u0111\u1ea3m b\u1ea3o c\u00e1c b\u1ed9 ph\u1eadn n\u00e0y ho\u1ea1t \u0111\u1ed9ng c\u00f9ng nhau, h\u1ed9p s\u1ed1 \u0111\u1ea3m b\u1ea3o vi\u1ec7c b\u00f3n ph\u00e2n ch\u00ednh x\u00e1c v\u00e0 \u0111\u1ed3ng \u0111\u1ec1u.<\/li>\n<\/ul>\n<p><strong>4. \u0110\u1ed9 b\u1ec1n v\u00e0 \u0111\u1ed9 ch\u00ednh x\u00e1c<\/strong><\/p>\n<ul>\n<li>H\u1ed9p s\u1ed1 FMP50 \u0111\u01b0\u1ee3c thi\u1ebft k\u1ebf \u0111\u1ec3 x\u1eed l\u00fd t\u1ea3i m\u00f4-men xo\u1eafn cao ph\u00e1t sinh trong qu\u00e1 tr\u00ecnh v\u1eadn h\u00e0nh, \u0111\u1ea3m b\u1ea3o \u0111\u1ed9 tin c\u1eady v\u00e0 \u0111\u1ed9 b\u1ec1n trong \u0111i\u1ec1u ki\u1ec7n n\u00f4ng nghi\u1ec7p kh\u1eafc nghi\u1ec7t.<\/li>\n<li>K\u1ef9 thu\u1eadt ch\u1ebf t\u1ea1o ch\u00ednh x\u00e1c \u0111\u1ea3m b\u1ea3o c\u00e1c b\u1ed9 ph\u1eadn \u0111\u01b0\u1ee3c c\u0103n ch\u1ec9nh t\u1ed1t, gi\u1ea3m thi\u1ec3u hao m\u00f2n v\u00e0 k\u00e9o d\u00e0i tu\u1ed5i th\u1ecd ho\u1ea1t \u0111\u1ed9ng c\u1ee7a h\u1ed9p s\u1ed1 v\u00e0 to\u00e0n b\u1ed9 m\u00e1y r\u1ea3i ph\u00e2n.<\/li>\n<\/ul>\n<p><strong>5. B\u00f4i tr\u01a1n v\u00e0 l\u00e0m m\u00e1t<\/strong><\/p>\n<ul>\n<li>Vi\u1ec7c b\u00f4i tr\u01a1n \u0111\u00fang c\u00e1ch r\u1ea5t quan tr\u1ecdng \u0111\u1ed1i v\u1edbi ho\u1ea1t \u0111\u1ed9ng hi\u1ec7u qu\u1ea3 c\u1ee7a h\u1ed9p s\u1ed1 FMP50. H\u1ed9p s\u1ed1 \u0111\u01b0\u1ee3c trang b\u1ecb h\u1ec7 th\u1ed1ng b\u00f4i tr\u01a1n gi\u00fap gi\u1ea3m ma s\u00e1t gi\u1eefa c\u00e1c b\u00e1nh r\u0103ng b\u00ean trong v\u00e0 ng\u0103n ng\u1eeba qu\u00e1 nhi\u1ec7t. \u0110i\u1ec1u n\u00e0y \u0111\u1ea3m b\u1ea3o ho\u1ea1t \u0111\u1ed9ng tr\u01a1n tru trong th\u1eddi gian d\u00e0i s\u1eed d\u1ee5ng, \u0111\u1eb7c bi\u1ec7t l\u00e0 tr\u00ean c\u00e1c c\u00e1nh \u0111\u1ed3ng n\u00f4ng nghi\u1ec7p quy m\u00f4 l\u1edbn.<\/li>\n<\/ul>\n<p>V\u1ec1 b\u1ea3n ch\u1ea5t, H\u1ed9p s\u1ed1 m\u00e1y gieo h\u1ea1t ph\u00e2n b\u00f3n FMP50 l\u00e0 m\u1ed9t b\u1ed9 ph\u1eadn kh\u00f4ng th\u1ec3 thi\u1ebfu gi\u00fap \u0111\u1ea3m b\u1ea3o m\u00e1y r\u1ea3i ph\u00e2n b\u00f3n ho\u1ea1t \u0111\u1ed9ng hi\u1ec7u qu\u1ea3, ch\u00ednh x\u00e1c v\u00e0 \u0111\u00e1ng tin c\u1eady, t\u1ed1i \u01b0u h\u00f3a vi\u1ec7c s\u1eed d\u1ee5ng ph\u00e2n b\u00f3n v\u00e0 t\u0103ng n\u0103ng su\u1ea5t c\u00e2y tr\u1ed3ng.<\/p>\n<p><img loading=\"lazy\" decoding=\"async\" class=\"alignnone size-full wp-image-3055\" src=\"https:\/\/fmp-components.com\/wp-content\/uploads\/2025\/01\/Fertilizer-Seeder-Gearbox-Agriculture-Applications-scaled.webp\" alt=\"Ph\u00e2n b\u00f3n-M\u00e1y gieo h\u1ea1t-H\u1ed9p s\u1ed1-\u1ee8ng d\u1ee5ng n\u00f4ng nghi\u1ec7p\" width=\"2560\" height=\"892\" title=\"\" srcset=\"https:\/\/fmp-components.com\/wp-content\/uploads\/2025\/01\/Fertilizer-Seeder-Gearbox-Agriculture-Applications-scaled.webp 2560w, https:\/\/fmp-components.com\/wp-content\/uploads\/2025\/01\/Fertilizer-Seeder-Gearbox-Agriculture-Applications-1280x446.webp 1280w, https:\/\/fmp-components.com\/wp-content\/uploads\/2025\/01\/Fertilizer-Seeder-Gearbox-Agriculture-Applications-980x341.webp 980w, https:\/\/fmp-components.com\/wp-content\/uploads\/2025\/01\/Fertilizer-Seeder-Gearbox-Agriculture-Applications-480x167.webp 480w\" sizes=\"(min-width: 0px) and (max-width: 480px) 480px, (min-width: 481px) and (max-width: 980px) 980px, (min-width: 981px) and (max-width: 1280px) 1280px, (min-width: 1281px) 2560px, 100vw\" \/><\/p>\n<h2>H\u1ed9p s\u1ed1 m\u00e1y gieo h\u1ea1t ph\u00e2n b\u00f3n EP50 \u1ee8ng d\u1ee5ng ph\u1ed5 bi\u1ebfn<\/h2>\n<p>H\u1ed9p s\u1ed1 m\u00e1y gieo h\u1ea1t ph\u00e2n b\u00f3n FMP50 l\u00e0 m\u1ed9t b\u1ed9 ph\u1eadn \u0111a n\u0103ng v\u00e0 thi\u1ebft y\u1ebfu trong nhi\u1ec1u lo\u1ea1i m\u00e1y m\u00f3c n\u00f4ng nghi\u1ec7p, \u0111\u01b0\u1ee3c thi\u1ebft k\u1ebf \u0111\u1ec3 ph\u00e2n ph\u1ed1i ph\u00e2n b\u00f3n v\u00e0 h\u1ea1t gi\u1ed1ng hi\u1ec7u qu\u1ea3 tr\u00ean c\u00e1c c\u00e1nh \u0111\u1ed3ng r\u1ed9ng l\u1edbn. D\u01b0\u1edbi \u0111\u00e2y l\u00e0 c\u00e1c \u1ee9ng d\u1ee5ng ph\u1ed5 bi\u1ebfn c\u1ee7a h\u1ed9p s\u1ed1 FMP50:<\/p>\n<p><strong>1. Ng\u01b0\u1eddi ph\u00e1t t\u00e1n ph\u00e2n b\u00f3n<\/strong><\/p>\n<ul>\n<li>H\u1ed9p s\u1ed1 FMP50 \u0111\u01b0\u1ee3c s\u1eed d\u1ee5ng r\u1ed9ng r\u00e3i trong c\u00e1c m\u00e1y r\u1ea3i ph\u00e2n b\u00f3n, \u0111\u1ea3m b\u1ea3o ph\u00e2n ph\u1ed1i ch\u00ednh x\u00e1c v\u00e0 \u0111\u1ec1u c\u00e1c lo\u1ea1i ph\u00e2n b\u00f3n d\u1ea1ng h\u1ea1t ho\u1eb7c d\u1ea1ng b\u1ed9t tr\u00ean kh\u1eafp c\u00e1nh \u0111\u1ed3ng. B\u1eb1ng c\u00e1ch ki\u1ec3m so\u00e1t t\u1ed1c \u0111\u1ed9 quay c\u1ee7a \u0111\u0129a r\u1ea3i, h\u1ed9p s\u1ed1 \u0111\u1ea3m b\u1ea3o ph\u00e2n b\u00f3n \u0111\u01b0\u1ee3c b\u00f3n \u0111\u1ec1u, th\u00fac \u0111\u1ea9y c\u00e2y tr\u1ed3ng ph\u00e1t tri\u1ec3n t\u1ed1i \u01b0u \u0111\u1ed3ng th\u1eddi gi\u1ea3m thi\u1ec3u l\u00e3ng ph\u00ed.<\/li>\n<\/ul>\n<p><strong>2. K\u1ebft h\u1ee3p m\u00e1y gieo h\u1ea1t v\u00e0 ph\u00e2n b\u00f3n (M\u00e1y gieo h\u1ea1t kh\u00f4ng kh\u00ed)<\/strong><\/p>\n<ul>\n<li>H\u1ed9p s\u1ed1 FMP50 th\u01b0\u1eddng \u0111\u01b0\u1ee3c s\u1eed d\u1ee5ng trong c\u00e1c m\u00e1y gieo h\u1ea1t v\u00e0 b\u00f3n ph\u00e2n k\u1ebft h\u1ee3p, ch\u1eb3ng h\u1ea1n nh\u01b0 m\u00e1y gieo h\u1ea1t kh\u00ed n\u00e9n. Nh\u1eefng m\u00e1y n\u00e0y \u0111\u01b0\u1ee3c thi\u1ebft k\u1ebf \u0111\u1ec3 gieo h\u1ea1t v\u00e0 b\u00f3n ph\u00e2n \u0111\u1ed3ng th\u1eddi. H\u1ed9p s\u1ed1 gi\u00fap \u0111\u1ed3ng b\u1ed9 h\u00f3a ho\u1ea1t \u0111\u1ed9ng c\u1ee7a h\u1ec7 th\u1ed1ng \u0111\u1ecbnh l\u01b0\u1ee3ng h\u1ea1t gi\u1ed1ng v\u00e0 ph\u00e2n ph\u1ed1i ph\u00e2n b\u00f3n, \u0111\u1ea3m b\u1ea3o c\u1ea3 h\u1ea1t gi\u1ed1ng v\u00e0 ph\u00e2n b\u00f3n \u0111\u01b0\u1ee3c gieo ch\u00ednh x\u00e1c v\u00e0 hi\u1ec7u qu\u1ea3.<\/li>\n<li>S\u1ef1 t\u00edch h\u1ee3p n\u00e0y l\u00e0m gi\u1ea3m nhu c\u1ea7u ph\u1ea3i di chuy\u1ec3n nhi\u1ec1u l\u1ea7n tr\u00ean s\u00e2n, ti\u1ebft ki\u1ec7m th\u1eddi gian v\u00e0 chi ph\u00ed lao \u0111\u1ed9ng \u0111\u1ed3ng th\u1eddi c\u1ea3i thi\u1ec7n hi\u1ec7u qu\u1ea3 ho\u1ea1t \u0111\u1ed9ng.<\/li>\n<\/ul>\n<p><strong>3. Thi\u1ebft b\u1ecb n\u00f4ng nghi\u1ec7p ch\u00ednh x\u00e1c<\/strong><\/p>\n<ul>\n<li>H\u1ed9p s\u1ed1 FMP50 c\u0169ng \u0111\u01b0\u1ee3c t\u00ecm th\u1ea5y trong c\u00e1c thi\u1ebft b\u1ecb n\u00f4ng nghi\u1ec7p ch\u00ednh x\u00e1c, \u0111\u00f2i h\u1ecfi vi\u1ec7c b\u00f3n ph\u00e2n ch\u00ednh x\u00e1c v\u00e0 c\u00f3 t\u1ef7 l\u1ec7 thay \u0111\u1ed5i. C\u00e1c h\u1ec7 th\u1ed1ng n\u00e0y s\u1eed d\u1ee5ng c\u00f4ng ngh\u1ec7 ti\u00ean ti\u1ebfn nh\u01b0 GPS v\u00e0 c\u1ea3m bi\u1ebfn \u0111\u1ec3 \u0111i\u1ec1u ch\u1ec9nh t\u1ef7 l\u1ec7 b\u00f3n ph\u00e2n d\u1ef1a tr\u00ean \u0111i\u1ec1u ki\u1ec7n \u0111\u1ed3ng ru\u1ed9ng.<\/li>\n<li>H\u1ed9p s\u1ed1 FMP50 gi\u00fap \u0111\u1ea3m b\u1ea3o ph\u00e2n b\u00f3n \u0111\u01b0\u1ee3c r\u1ea3i \u0111\u1ec1u v\u00e0 ch\u00ednh x\u00e1c, g\u00f3p ph\u1ea7n s\u1eed d\u1ee5ng hi\u1ec7u qu\u1ea3 t\u00e0i nguy\u00ean v\u00e0 gi\u1ea3m thi\u1ec3u t\u00e1c \u0111\u1ed9ng \u0111\u1ebfn m\u00f4i tr\u01b0\u1eddng.<\/li>\n<\/ul>\n<p><strong>4. M\u00e1y r\u1ea3i ph\u00e2n g\u1eafn tr\u00ean m\u00e1y k\u00e9o<\/strong><\/p>\n<ul>\n<li>Trong m\u00e1y r\u1ea3i ph\u00e2n g\u1eafn tr\u00ean m\u00e1y k\u00e9o, h\u1ed9p s\u1ed1 FMP50 truy\u1ec1n l\u1ef1c t\u1eeb b\u1ed9 truy\u1ec1n \u0111\u1ed9ng PTO (Power Take-Off) c\u1ee7a m\u00e1y k\u00e9o \u0111\u1ebfn c\u01a1 c\u1ea5u r\u1ea3i ph\u00e2n. H\u1ed9p s\u1ed1 \u0111i\u1ec1u khi\u1ec3n t\u1ed1c \u0111\u1ed9 quay c\u1ee7a \u0111\u0129a r\u1ea3i ph\u00e2n, \u0111\u1ea3m b\u1ea3o ph\u00e2n b\u00f3n \u0111\u01b0\u1ee3c r\u1ea3i \u0111\u1ec1u tr\u00ean kh\u1eafp c\u00e1nh \u0111\u1ed3ng.<\/li>\n<li>Nh\u1eefng m\u00e1y r\u1ea3i ph\u00e2n n\u00e0y th\u01b0\u1eddng \u0111\u01b0\u1ee3c s\u1eed d\u1ee5ng trong c\u00e1c ho\u1ea1t \u0111\u1ed9ng canh t\u00e1c quy m\u00f4 l\u1edbn, n\u01a1i vi\u1ec7c ph\u00e2n ph\u1ed1i ph\u00e2n b\u00f3n \u0111\u1ed3ng \u0111\u1ec1u v\u00e0 ch\u00ednh x\u00e1c l\u00e0 r\u1ea5t quan tr\u1ecdng \u0111\u1ec3 t\u1ed1i \u0111a h\u00f3a n\u0103ng su\u1ea5t c\u00e2y tr\u1ed3ng.<\/li>\n<\/ul>\n<p><strong>5. H\u1ec7 th\u1ed1ng b\u00f3n ph\u00e2n d\u1ea1ng h\u1ea1t<\/strong><\/p>\n<ul>\n<li>H\u1ed9p s\u1ed1 FMP50 \u0111\u01b0\u1ee3c s\u1eed d\u1ee5ng trong c\u00e1c h\u1ec7 th\u1ed1ng b\u00f3n ph\u00e2n d\u1ea1ng h\u1ea1t, n\u01a1i n\u00f3 \u0111i\u1ec1u khi\u1ec3n c\u01a1 ch\u1ebf ph\u00e2n ph\u1ed1i ph\u00e2n b\u00f3n d\u1ea1ng h\u1ea1t l\u00ean \u0111\u1ea5t. H\u1ed9p s\u1ed1 \u0111\u1ea3m b\u1ea3o ph\u00e2n b\u00f3n \u0111\u01b0\u1ee3c ph\u00e2n ph\u1ed1i v\u1edbi t\u1ed1c \u0111\u1ed9 ch\u00ednh x\u00e1c v\u00e0 ph\u00e2n b\u1ed1 \u0111\u1ec1u tr\u00ean \u0111\u1ea5t, t\u1ed1i \u01b0u h\u00f3a kh\u1ea3 n\u0103ng h\u1ea5p th\u1ee5 dinh d\u01b0\u1ee1ng cho c\u00e2y tr\u1ed3ng.<\/li>\n<li>C\u00e1c h\u1ec7 th\u1ed1ng n\u00e0y th\u01b0\u1eddng \u0111\u01b0\u1ee3c s\u1eed d\u1ee5ng cho nhi\u1ec1u lo\u1ea1i c\u00e2y tr\u1ed3ng kh\u00e1c nhau nh\u01b0 ng\u0169 c\u1ed1c, c\u00e2y h\u1ecd \u0111\u1eadu v\u00e0 rau, trong \u0111\u00f3 vi\u1ec7c b\u00f3n ph\u00e2n ch\u00ednh x\u00e1c l\u00e0 r\u1ea5t c\u1ea7n thi\u1ebft \u0111\u1ec3 th\u00fac \u0111\u1ea9y c\u00e2y tr\u1ed3ng ph\u00e1t tri\u1ec3n kh\u1ecfe m\u1ea1nh.<\/li>\n<\/ul>\n<p>H\u1ed9p s\u1ed1 gieo h\u1ea1t ph\u00e2n b\u00f3n FMP50 \u0111\u01b0\u1ee3c thi\u1ebft k\u1ebf \u0111\u1ec3 \u0111\u1ea3m b\u1ea3o b\u00f3n ph\u00e2n ch\u00ednh x\u00e1c v\u00e0 hi\u1ec7u qu\u1ea3 trong nhi\u1ec1u \u1ee9ng d\u1ee5ng canh t\u00e1c kh\u00e1c nhau, t\u1eeb \u0111\u00f3 mang l\u1ea1i n\u0103ng su\u1ea5t c\u00e2y tr\u1ed3ng t\u1ed1t h\u01a1n, s\u1eed d\u1ee5ng ph\u00e2n b\u00f3n hi\u1ec7u qu\u1ea3 h\u01a1n v\u00e0 canh t\u00e1c b\u1ec1n v\u1eefng.<\/p>\n<p><img loading=\"lazy\" decoding=\"async\" class=\"alignnone  wp-image-3060\" src=\"https:\/\/fmp-components.com\/wp-content\/uploads\/2025\/01\/Fertilizer-Seeder-Gearbox-EP50-Common-Applications-1.webp\" alt=\"Ph\u00e2n b\u00f3n-M\u00e1y gieo h\u1ea1t-H\u1ed9p s\u1ed1-EP50-\u1ee8ng d\u1ee5ng ph\u1ed5 bi\u1ebfn-1\" width=\"1103\" height=\"643\" title=\"\" srcset=\"https:\/\/fmp-components.com\/wp-content\/uploads\/2025\/01\/Fertilizer-Seeder-Gearbox-EP50-Common-Applications-1.webp 1103w, https:\/\/fmp-components.com\/wp-content\/uploads\/2025\/01\/Fertilizer-Seeder-Gearbox-EP50-Common-Applications-1-980x571.webp 980w, https:\/\/fmp-components.com\/wp-content\/uploads\/2025\/01\/Fertilizer-Seeder-Gearbox-EP50-Common-Applications-1-480x280.webp 480w\" sizes=\"(min-width: 0px) and (max-width: 480px) 480px, (min-width: 481px) and (max-width: 980px) 980px, (min-width: 981px) 1103px, 100vw\" \/><\/p>\n<h3>Gi\u1edbi thi\u1ec7u v\u1ec1 FMP<\/h3>\n<p>C\u00f3 tr\u1ee5 s\u1edf ch\u00ednh t\u1ea1i \u00dd, FMP l\u00e0 nh\u00e0 s\u1ea3n xu\u1ea5t h\u00e0ng \u0111\u1ea7u, n\u1ed5i ti\u1ebfng v\u1edbi chuy\u00ean m\u00f4n trong thi\u1ebft k\u1ebf, ph\u00e1t tri\u1ec3n v\u00e0 s\u1ea3n xu\u1ea5t h\u1ed9p s\u1ed1 hi\u1ec7u su\u1ea5t cao, t\u1eadp trung chuy\u00ean s\u00e2u v\u00e0o l\u0129nh v\u1ef1c m\u00e1y m\u00f3c n\u00f4ng nghi\u1ec7p. V\u1edbi k\u1ef9 thu\u1eadt ch\u00ednh x\u00e1c, \u0111\u1ed5i m\u1edbi v\u00e0 \u0111\u1ed9 tin c\u1eady v\u01b0\u1ee3t tr\u1ed9i, FMP \u0111\u00e3 t\u1ea1o d\u1ef1ng \u0111\u01b0\u1ee3c danh ti\u1ebfng v\u1eefng ch\u1eafc l\u00e0 \u0111\u1ed1i t\u00e1c \u0111\u00e1ng tin c\u1eady trong c\u1ea3 ng\u00e0nh n\u00f4ng nghi\u1ec7p v\u00e0 c\u00f4ng nghi\u1ec7p. Danh m\u1ee5c s\u1ea3n ph\u1ea9m \u0111a d\u1ea1ng c\u1ee7a ch\u00fang t\u00f4i bao g\u1ed3m h\u1ed9p s\u1ed1 \u0111\u01b0\u1ee3c thi\u1ebft k\u1ebf ri\u00eang cho m\u00e1y c\u1eaft c\u1ecf, tr\u1ee5c PTO v\u00e0 nhi\u1ec1u lo\u1ea1i linh ki\u1ec7n quan tr\u1ecdng kh\u00e1c nhau, t\u1ea5t c\u1ea3 \u0111\u1ec1u \u0111\u01b0\u1ee3c thi\u1ebft k\u1ebf ri\u00eang \u0111\u1ec3 \u0111\u00e1p \u1ee9ng nhu c\u1ea7u ri\u00eang bi\u1ec7t c\u1ee7a nhi\u1ec1u \u1ee9ng d\u1ee5ng kh\u00e1c nhau.<\/p>\n<p>T\u1ea1i FMP, ch\u00fang t\u00f4i hi\u1ec3u r\u1eb1ng m\u1ed7i kh\u00e1ch h\u00e0ng \u0111\u1ec1u ph\u1ea3i \u0111\u1ed1i m\u1eb7t v\u1edbi nh\u1eefng th\u00e1ch th\u1ee9c v\u00e0 y\u00eau c\u1ea7u ri\u00eang. \u0110\u00f3 l\u00e0 l\u00fd do t\u1ea1i sao ch\u00fang t\u00f4i t\u1eadn t\u00e2m cung c\u1ea5p c\u00e1c gi\u1ea3i ph\u00e1p t\u00f9y ch\u1ec9nh, d\u00f9 l\u00e0 cho t\u1eebng th\u00e0nh ph\u1ea7n ri\u00eang l\u1ebb hay h\u1ec7 th\u1ed1ng t\u00edch h\u1ee3p ho\u00e0n ch\u1ec9nh. B\u1eb1ng c\u00e1ch h\u1ee3p t\u00e1c ch\u1eb7t ch\u1ebd v\u1edbi kh\u00e1ch h\u00e0ng, ch\u00fang t\u00f4i \u0111\u1ea3m b\u1ea3o r\u1eb1ng m\u1ed7i gi\u1ea3i ph\u00e1p kh\u00f4ng ch\u1ec9 \u0111\u00e1p \u1ee9ng nhu c\u1ea7u c\u1ee7a h\u1ecd m\u00e0 c\u00f2n n\u00e2ng cao hi\u1ec7u su\u1ea5t t\u1ed5ng th\u1ec3 v\u00e0 mang l\u1ea1i gi\u00e1 tr\u1ecb t\u1ed1i \u0111a. Cam k\u1ebft ph\u1ea3n h\u1ed3i nhanh ch\u00f3ng, chuy\u00ean nghi\u1ec7p, k\u1ebft h\u1ee3p v\u1edbi s\u1ef1 h\u01b0\u1edbng d\u1eabn chuy\u00ean m\u00f4n, \u0111\u1ea3m b\u1ea3o m\u1ecdi y\u00eau c\u1ea7u \u0111\u1ec1u \u0111\u01b0\u1ee3c x\u1eed l\u00fd c\u1ea9n th\u1eadn v\u00e0 ch\u00ednh x\u00e1c, \u0111\u1ea3m b\u1ea3o k\u1ebft qu\u1ea3 t\u1ed1i \u01b0u.<\/p>\n<p>Ch\u00fang t\u00f4i \u01b0u ti\u00ean giao ti\u1ebfp c\u1edfi m\u1edf v\u00e0 li\u00ean t\u1ee5c trong su\u1ed1t chu tr\u00ecnh ph\u00e1t tri\u1ec3n s\u1ea3n ph\u1ea9m. \u0110\u1ed9i ng\u0169 c\u1ee7a ch\u00fang t\u00f4i l\u00e0m vi\u1ec7c tr\u1ef1c ti\u1ebfp v\u1edbi kh\u00e1ch h\u00e0ng \u0111\u1ec3 hi\u1ec3u r\u00f5 nhu c\u1ea7u c\u1ee7a h\u1ecd, \u0111\u01b0a ra nh\u1eefng hi\u1ec3u bi\u1ebft chuy\u00ean s\u00e2u v\u00e0 khuy\u1ebfn ngh\u1ecb \u0111\u1ec3 \u0111\u1ea1t \u0111\u01b0\u1ee3c k\u1ebft qu\u1ea3 t\u1ed1t nh\u1ea5t c\u00f3 th\u1ec3. D\u00f9 thi\u1ebft k\u1ebf s\u1ea3n ph\u1ea9m s\u00e1ng t\u1ea1o hay th\u1ef1c hi\u1ec7n c\u00e1c \u0111\u01a1n h\u00e0ng th\u01b0\u1eddng xuy\u00ean, FMP lu\u00f4n cam k\u1ebft cung c\u1ea5p c\u00e1c gi\u1ea3i ph\u00e1p ch\u1ea5t l\u01b0\u1ee3ng cao, \u0111\u01b0\u1ee3c thi\u1ebft k\u1ebf ch\u00ednh x\u00e1c, \u0111\u00fang h\u1ea1n v\u00e0 m\u1ecdi l\u00fac. M\u1ee5c ti\u00eau c\u1ee7a ch\u00fang t\u00f4i l\u00e0 v\u01b0\u1ee3t qua s\u1ef1 mong \u0111\u1ee3i c\u1ee7a kh\u00e1ch h\u00e0ng b\u1eb1ng c\u00e1ch cung c\u1ea5p d\u1ecbch v\u1ee5 xu\u1ea5t s\u1eafc v\u00e0 k\u1ebft qu\u1ea3 r\u00f5 r\u00e0ng trong m\u1ecdi d\u1ef1 \u00e1n.<\/p>\n<p>Ch\u1ea5t l\u01b0\u1ee3ng l\u00e0 n\u1ec1n t\u1ea3ng cho m\u1ecdi ho\u1ea1t \u0111\u1ed9ng c\u1ee7a FMP. Ch\u00fang t\u00f4i tu\u00e2n th\u1ee7 c\u00e1c ti\u00eau chu\u1ea9n s\u1ea3n xu\u1ea5t cao nh\u1ea5t v\u00e0 th\u1ef1c hi\u1ec7n c\u00e1c quy tr\u00ecnh ki\u1ec3m so\u00e1t ch\u1ea5t l\u01b0\u1ee3ng nghi\u00eam ng\u1eb7t \u0111\u1ec3 \u0111\u1ea3m b\u1ea3o m\u1ecdi s\u1ea3n ph\u1ea9m \u0111\u1ec1u \u0111\u00e1p \u1ee9ng v\u00e0 th\u01b0\u1eddng v\u01b0\u1ee3t ti\u00eau chu\u1ea9n c\u1ee7a ng\u00e0nh. Cam k\u1ebft v\u1ec1 s\u1ef1 xu\u1ea5t s\u1eafc n\u00e0y, c\u00f9ng v\u1edbi c\u00e1c gi\u00e1 tr\u1ecb c\u1ed1t l\u00f5i c\u1ee7a ch\u00fang t\u00f4i v\u1ec1 t\u00ednh ch\u00ednh tr\u1ef1c, tinh th\u1ea7n \u0111\u1ed3ng \u0111\u1ed9i v\u00e0 s\u1ef1 ki\u00ean tr\u00ec, \u0111\u00e3 gi\u00fap ch\u00fang t\u00f4i thi\u1ebft l\u1eadp m\u1ed1i quan h\u1ec7 l\u00e2u d\u00e0i, d\u1ef1a tr\u00ean s\u1ef1 tin c\u1eady v\u1edbi kh\u00e1ch h\u00e0ng t\u1ea1i g\u1ea7n 30 qu\u1ed1c gia tr\u00ean to\u00e0n th\u1ebf gi\u1edbi.<\/p>\n<p>FMP lu\u00f4n mong mu\u1ed1n th\u00fac \u0111\u1ea9y quan h\u1ec7 \u0111\u1ed1i t\u00e1c to\u00e0n c\u1ea7u v\u00e0 t\u1eadn t\u00e2m cung c\u1ea5p t\u01b0 v\u1ea5n chuy\u00ean m\u00f4n c\u00f9ng c\u00e1c gi\u1ea3i ph\u00e1p t\u00f9y ch\u1ec9nh ph\u00f9 h\u1ee3p v\u1edbi nhu c\u1ea7u ng\u00e0y c\u00e0ng thay \u0111\u1ed5i c\u1ee7a kh\u00e1ch h\u00e0ng. Ch\u00fang t\u00f4i kh\u00f4ng ch\u1ec9 \u0111\u01a1n thu\u1ea7n cung c\u1ea5p s\u1ea3n ph\u1ea9m; m\u1ee5c ti\u00eau c\u1ee7a ch\u00fang t\u00f4i l\u00e0 x\u00e2y d\u1ef1ng m\u1ed1i quan h\u1ec7 \u0111\u1ed1i t\u00e1c l\u00e2u d\u00e0i, c\u00f9ng c\u00f3 l\u1ee3i, g\u00f3p ph\u1ea7n v\u00e0o th\u00e0nh c\u00f4ng c\u1ee7a m\u1ecdi d\u1ef1 \u00e1n. Cho d\u00f9 b\u1ea1n c\u1ea7n c\u00e1c gi\u1ea3i ph\u00e1p s\u00e1ng t\u1ea1o cho m\u1ed9t s\u00e1ng ki\u1ebfn \u200b\u200bm\u1edbi hay h\u1ed7 tr\u1ee3 li\u00ean t\u1ee5c cho m\u1ed9t h\u1ec7 th\u1ed1ng hi\u1ec7n c\u00f3, FMP lu\u00f4n s\u1eb5n s\u00e0ng h\u1ed7 tr\u1ee3 b\u1ea1n v\u01b0\u1ee3t qua nh\u1eefng th\u00e1ch th\u1ee9c k\u1ef9 thu\u1eadt v\u00e0 \u0111\u1ea3m b\u1ea3o th\u00e0nh c\u00f4ng li\u00ean t\u1ee5c c\u1ee7a b\u1ea1n.<\/p>\n<p><img loading=\"lazy\" decoding=\"async\" class=\"alignnone wp-image-2695\" src=\"https:\/\/fmp-components.com\/wp-content\/uploads\/2025\/01\/agricultural-gearbox3.webp\" alt=\"h\u1ed9p s\u1ed1 n\u00f4ng nghi\u1ec7p\" width=\"1140\" height=\"1138\" title=\"\" srcset=\"https:\/\/fmp-components.com\/wp-content\/uploads\/2025\/01\/agricultural-gearbox3.webp 1140w, https:\/\/fmp-components.com\/wp-content\/uploads\/2025\/01\/agricultural-gearbox3-480x479.webp 480w\" sizes=\"(min-width: 0px) and (max-width: 480px) 480px, (min-width: 481px) 1140px, 100vw\" \/><\/p>\n<p>T\u00e1c gi\u1ea3: CX<\/p>","protected":false},"excerpt":{"rendered":"<p>Fertilizer Seeder Gearbox FMP50 Dimensions Fertilizer Seeder Gearbox FMP50 Technical Data i Suitable Rpm input Rpm output Output torque Weight Toothing r\/min r\/min N.m kg Decelerate 43.54:1 Fertilizer broadcaster, etc 1000 23 5000 55 Gleason Helical Teeth Remark: If you have any special require feel free let me know, we also accept custom. A B [&hellip;]<\/p>","protected":false},"featured_media":3059,"comment_status":"open","ping_status":"closed","template":"","meta":{"_et_pb_use_builder":"","_et_pb_old_content":"","_et_gb_content_width":""},"product_brand":[],"product_cat":[71],"product_tag":[],"class_list":{"0":"post-3057","1":"product","2":"type-product","3":"status-publish","4":"has-post-thumbnail","6":"product_cat-fertilizer-seeder-gearbox","8":"first","9":"instock","10":"shipping-taxable","11":"product-type-simple"},"_links":{"self":[{"href":"https:\/\/fmp-components.com\/vi\/wp-json\/wp\/v2\/product\/3057","targetHints":{"allow":["GET"]}}],"collection":[{"href":"https:\/\/fmp-components.com\/vi\/wp-json\/wp\/v2\/product"}],"about":[{"href":"https:\/\/fmp-components.com\/vi\/wp-json\/wp\/v2\/types\/product"}],"replies":[{"embeddable":true,"href":"https:\/\/fmp-components.com\/vi\/wp-json\/wp\/v2\/comments?post=3057"}],"wp:featuredmedia":[{"embeddable":true,"href":"https:\/\/fmp-components.com\/vi\/wp-json\/wp\/v2\/media\/3059"}],"wp:attachment":[{"href":"https:\/\/fmp-components.com\/vi\/wp-json\/wp\/v2\/media?parent=3057"}],"wp:term":[{"taxonomy":"product_brand","embeddable":true,"href":"https:\/\/fmp-components.com\/vi\/wp-json\/wp\/v2\/product_brand?post=3057"},{"taxonomy":"product_cat","embeddable":true,"href":"https:\/\/fmp-components.com\/vi\/wp-json\/wp\/v2\/product_cat?post=3057"},{"taxonomy":"product_tag","embeddable":true,"href":"https:\/\/fmp-components.com\/vi\/wp-json\/wp\/v2\/product_tag?post=3057"}],"curies":[{"name":"wp","href":"https:\/\/api.w.org\/{rel}","templated":true}]}}