{"id":3047,"date":"2025-01-04T07:16:41","date_gmt":"2025-01-04T07:16:41","guid":{"rendered":"https:\/\/fmp-components.com\/?page_id=8"},"modified":"2025-01-04T07:16:41","modified_gmt":"2025-01-04T07:16:41","slug":"double-disc-silage-machine-gearbox-fmp-qz115-for-silage-machines","status":"publish","type":"product","link":"https:\/\/fmp-components.com\/vi\/product\/double-disc-silage-machine-gearbox-fmp-qz115-for-silage-machines\/","title":{"rendered":"H\u1ed9p s\u1ed1 m\u00e1y \u1ee7 chua \u0111\u0129a \u0111\u00f4i FMP-QZ115 cho m\u00e1y \u1ee7 chua"},"content":{"rendered":"<h2>H\u1ed9p s\u1ed1 m\u00e1y \u1ee7 chua \u0111\u0129a \u0111\u00f4i FMP-QZ115 D\u1eef li\u1ec7u k\u1ef9 thu\u1eadt<\/h2>\n<p><img loading=\"lazy\" decoding=\"async\" class=\"alignnone size-full wp-image-3049\" src=\"https:\/\/fmp-components.com\/wp-content\/uploads\/2025\/01\/Double-Disc-Silage-Machine-Gearbox-EP-QZ115-Dimensions.webp\" alt=\"M\u00e1y \u1ee7 chua \u0111\u0129a \u0111\u00f4i - H\u1ed9p s\u1ed1 - K\u00edch th\u01b0\u1edbc EP QZ115\" width=\"1237\" height=\"890\" title=\"\" srcset=\"https:\/\/fmp-components.com\/wp-content\/uploads\/2025\/01\/Double-Disc-Silage-Machine-Gearbox-EP-QZ115-Dimensions.webp 1237w, https:\/\/fmp-components.com\/wp-content\/uploads\/2025\/01\/Double-Disc-Silage-Machine-Gearbox-EP-QZ115-Dimensions-980x705.webp 980w, https:\/\/fmp-components.com\/wp-content\/uploads\/2025\/01\/Double-Disc-Silage-Machine-Gearbox-EP-QZ115-Dimensions-480x345.webp 480w\" sizes=\"(min-width: 0px) and (max-width: 480px) 480px, (min-width: 481px) and (max-width: 980px) 980px, (min-width: 981px) 1237px, 100vw\" \/><\/p>\n<h2>H\u1ed9p s\u1ed1 m\u00e1y \u1ee7 chua \u0111\u0129a \u0111\u00f4i FMP-QZ115 D\u1eef li\u1ec7u k\u1ef9 thu\u1eadt<\/h2>\n<table style=\"width: 92.4037%; height: 146px;\" border=\"1\" cellspacing=\"0\" cellpadding=\"0\">\n<tbody>\n<tr>\n<td colspan=\"2\" rowspan=\"2\">T\u00f4i<\/td>\n<td rowspan=\"2\">Th\u00edch h\u1ee3p<\/td>\n<td>\u0110\u1ea7u v\u00e0o v\u00f2ng\/ph\u00fat<\/td>\n<td>\u0110\u1ea7u ra v\u00f2ng\/ph\u00fat<\/td>\n<td>M\u00f4-men xo\u1eafn \u0111\u1ea7u ra<\/td>\n<td>C\u00e2n n\u1eb7ng<\/td>\n<td rowspan=\"2\">m\u1ecdc r\u0103ng<\/td>\n<\/tr>\n<tr>\n<td>v\u00f2ng\/ph\u00fat<\/td>\n<td>v\u00f2ng\/ph\u00fat<\/td>\n<td>Nm<\/td>\n<td>kg<\/td>\n<\/tr>\n<tr>\n<td>Gi\u1ea3m t\u1ed1c<\/td>\n<td>1: 1<\/td>\n<td>m\u00e1y \u1ee7 chua, v.v.<\/td>\n<td>1000<\/td>\n<td>1000<\/td>\n<td>580<\/td>\n<td>35<\/td>\n<td>Gleason Helical<br \/>\nR\u0103ng<\/td>\n<\/tr>\n<tr>\n<td colspan=\"8\">L\u01b0u \u00fd: N\u1ebfu b\u1ea1n c\u00f3 b\u1ea5t k\u1ef3 y\u00eau c\u1ea7u \u0111\u1eb7c bi\u1ec7t n\u00e0o, vui l\u00f2ng cho t\u00f4i bi\u1ebft, ch\u00fang t\u00f4i c\u0169ng ch\u1ea5p nh\u1eadn t\u00f9y ch\u1ec9nh.<\/td>\n<\/tr>\n<\/tbody>\n<\/table>\n<table style=\"height: 128px; width: 92.5728%;\" border=\"1\" width=\"1005\" cellspacing=\"0\" cellpadding=\"0\">\n<tbody>\n<tr>\n<td style=\"width: 27.4354%;\">M\u1ed8T<\/td>\n<td style=\"width: 16.6998%;\">B<\/td>\n<td style=\"width: 27.9324%;\">C<\/td>\n<td style=\"width: 28.329%;\">D<\/td>\n<\/tr>\n<tr>\n<td style=\"width: 27.4354%;\">\u03a645<\/td>\n<td style=\"width: 16.6998%;\">14<\/td>\n<td style=\"width: 27.9324%;\">39.5<\/td>\n<td style=\"width: 28.329%;\">M14<\/td>\n<\/tr>\n<tr>\n<td style=\"width: 27.4354%;\">\u03a640<\/td>\n<td style=\"width: 16.6998%;\">12<\/td>\n<td style=\"width: 27.9324%;\">35<\/td>\n<td style=\"width: 28.329%;\">M12<\/td>\n<\/tr>\n<tr>\n<td style=\"width: 27.4354%;\">\u03a635<\/td>\n<td style=\"width: 16.6998%;\">10<\/td>\n<td style=\"width: 27.9324%;\">30<\/td>\n<td style=\"width: 28.329%;\">M12<\/td>\n<\/tr>\n<\/tbody>\n<\/table>\n<h2>\u01afu \u0111i\u1ec3m c\u1ee7a h\u1ed9p s\u1ed1 m\u00e1y \u1ee7 chua \u0111\u0129a \u0111\u00f4i FMP-QZ115<\/h2>\n<p>H\u1ed9p s\u1ed1 m\u00e1y \u1ee7 chua \u0111\u0129a \u0111\u00f4i FMP-QZ115 mang \u0111\u1ebfn m\u1ed9t lo\u1ea1t \u01b0u \u0111i\u1ec3m \u0111\u01b0\u1ee3c thi\u1ebft k\u1ebf \u0111\u1ec3 c\u1ea3i thi\u1ec7n hi\u1ec7u qu\u1ea3, \u0111\u1ed9 tin c\u1eady v\u00e0 hi\u1ec7u su\u1ea5t c\u1ee7a ho\u1ea1t \u0111\u1ed9ng thu ho\u1ea1ch c\u1ecf \u1ee7 chua. \u0110\u01b0\u1ee3c thi\u1ebft k\u1ebf \u0111\u1eb7c bi\u1ec7t cho m\u00e1y c\u00f3 \u0111\u0129a c\u1eaft k\u00e9p, h\u1ed9p s\u1ed1 n\u00e0y \u0111\u00f3ng vai tr\u00f2 quan tr\u1ecdng trong qu\u00e1 tr\u00ecnh thu ho\u1ea1ch c\u1ecf \u1ee7 chua b\u1eb1ng c\u00e1ch \u0111\u1ea3m b\u1ea3o v\u1eadn h\u00e0nh tr\u01a1n tru v\u00e0 ch\u00ednh x\u00e1c. D\u01b0\u1edbi \u0111\u00e2y l\u00e0 nh\u1eefng \u01b0u \u0111i\u1ec3m ch\u00ednh c\u1ee7a FMP-QZ115:<\/p>\n<p><strong>1. Hi\u1ec7u su\u1ea5t c\u00f4ng su\u1ea5t cao v\u00e0 truy\u1ec1n m\u00f4-men xo\u1eafn<\/strong><\/p>\n<ul>\n<li>H\u1ed9p s\u1ed1 FMP-QZ115 \u0111\u01b0\u1ee3c thi\u1ebft k\u1ebf \u0111\u1ec3 x\u1eed l\u00fd c\u00e1c \u1ee9ng d\u1ee5ng m\u00f4-men xo\u1eafn cao, cung c\u1ea5p kh\u1ea3 n\u0103ng truy\u1ec1n l\u1ef1c hi\u1ec7u qu\u1ea3 t\u1eeb tr\u1ee5c PTO (Tr\u1ee5c d\u1eabn \u0111\u1ed9ng) c\u1ee7a m\u00e1y k\u00e9o \u0111\u1ebfn \u0111\u0129a c\u1eaft c\u1ee7a m\u00e1y \u1ee7 chua.<\/li>\n<li>Thi\u1ebft k\u1ebf m\u1ea1nh m\u1ebd \u0111\u1ea3m b\u1ea3o l\u1ef1c c\u1eaft \u0111\u01b0\u1ee3c ph\u00e2n b\u1ed5 \u0111\u1ec1u t\u1edbi c\u1ea3 hai \u0111\u0129a c\u1eaft, mang l\u1ea1i l\u1ef1c c\u1eaft \u0111\u1ed3ng \u0111\u1ec1u tr\u00ean to\u00e0n b\u1ed9 \u0111\u1ea7u c\u1eaft.<\/li>\n<li>H\u1ed9p s\u1ed1 gi\u1ea3m thi\u1ec3u t\u1ed5n th\u1ea5t c\u00f4ng su\u1ea5t, t\u1ed1i \u0111a h\u00f3a hi\u1ec7u su\u1ea5t t\u1ed5ng th\u1ec3 c\u1ee7a m\u00e1y \u1ee7 chua.<\/li>\n<\/ul>\n<p><strong>2. C\u1eaft ch\u00ednh x\u00e1c \u0111\u1ec3 \u1ee7 chua ch\u1ea5t l\u01b0\u1ee3ng cao<\/strong><\/p>\n<ul>\n<li>H\u1ec7 th\u1ed1ng \u0111\u0129a k\u00e9p \u0111\u01b0\u1ee3c cung c\u1ea5p n\u0103ng l\u01b0\u1ee3ng b\u1edfi h\u1ed9p s\u1ed1 FMP-QZ115 cho ph\u00e9p c\u1eaft c\u00e1c lo\u1ea1i c\u00e2y th\u1ee9c \u0103n ch\u0103n nu\u00f4i th\u00e0nh c\u00e1c m\u1ea3nh c\u00f3 k\u00edch th\u01b0\u1edbc \u0111\u1ed3ng \u0111\u1ec1u, \u0111i\u1ec1u c\u1ea7n thi\u1ebft \u0111\u1ec3 \u0111\u1ea3m b\u1ea3o th\u1ee9c \u0103n \u1ee7 chua ch\u1ea5t l\u01b0\u1ee3ng cao.<\/li>\n<li>Ho\u1ea1t \u0111\u1ed9ng \u0111\u1ed3ng b\u1ed9 c\u1ee7a c\u00e1c \u0111\u0129a c\u1eaft gi\u00fap c\u1eaft ch\u00ednh x\u00e1c v\u00e0 \u0111\u1ed3ng \u0111\u1ec1u, \u0111i\u1ec1u n\u00e0y r\u1ea5t quan tr\u1ecdng cho qu\u00e1 tr\u00ecnh l\u00ean men th\u00edch h\u1ee3p v\u00e0 b\u1ea3o qu\u1ea3n th\u1ee9c \u0103n \u1ee7 chua m\u1ed9t c\u00e1ch t\u1ed1i \u01b0u.<\/li>\n<li>V\u1edbi vi\u1ec7c c\u1eaft ch\u00ednh x\u00e1c, th\u1ee9c \u0103n \u1ee7 chua s\u1ebd d\u1ec5 ti\u00eau h\u00f3a h\u01a1n \u0111\u1ed1i v\u1edbi v\u1eadt nu\u00f4i, c\u1ea3i thi\u1ec7n gi\u00e1 tr\u1ecb dinh d\u01b0\u1ee1ng c\u1ee7a th\u1ee9c \u0103n.<\/li>\n<\/ul>\n<p><strong>3. \u0110\u1ed9 b\u1ec1n v\u00e0 tu\u1ed5i th\u1ecd<\/strong><\/p>\n<ul>\n<li>H\u1ed9p s\u1ed1 FMP-QZ115 \u0111\u01b0\u1ee3c ch\u1ebf t\u1ea1o b\u1eb1ng v\u1eadt li\u1ec7u b\u1ec1n b\u1ec9 v\u00e0 k\u1ef9 thu\u1eadt ti\u00ean ti\u1ebfn, \u0111\u1ea3m b\u1ea3o hi\u1ec7u su\u1ea5t l\u00e2u d\u00e0i ngay c\u1ea3 trong m\u00f4i tr\u01b0\u1eddng n\u00f4ng nghi\u1ec7p kh\u1eafc nghi\u1ec7t.<\/li>\n<li>M\u00e1y \u0111\u01b0\u1ee3c thi\u1ebft k\u1ebf \u0111\u1ec3 ho\u1ea1t \u0111\u1ed9ng hi\u1ec7u qu\u1ea3 trong \u0111i\u1ec1u ki\u1ec7n kh\u1eafc nghi\u1ec7t, bao g\u1ed3m t\u1ea3i tr\u1ecdng cao, \u0111\u1ed9 \u1ea9m v\u00e0 b\u1ee5i b\u1ea9n, m\u00e0 kh\u00f4ng \u1ea3nh h\u01b0\u1edfng \u0111\u1ebfn \u0111\u1ed9 tin c\u1eady.<\/li>\n<li>C\u1ea5u tr\u00fac h\u1ed9p s\u1ed1 ch\u1ea5t l\u01b0\u1ee3ng cao gi\u00fap k\u00e9o d\u00e0i tu\u1ed5i th\u1ecd c\u1ee7a m\u00e1y, gi\u1ea3m nhu c\u1ea7u s\u1eeda ch\u1eefa v\u00e0 b\u1ea3o tr\u00ec th\u01b0\u1eddng xuy\u00ean.<\/li>\n<\/ul>\n<p><strong>4. Thi\u1ebft k\u1ebf nh\u1ecf g\u1ecdn v\u00e0 nh\u1eb9<\/strong><\/p>\n<ul>\n<li>H\u1ed9p s\u1ed1 FMP-QZ115 nh\u1ecf g\u1ecdn v\u00e0 nh\u1eb9, gi\u00fap d\u1ec5 d\u00e0ng t\u00edch h\u1ee3p v\u00e0o m\u00e1y \u1ee7 chua m\u00e0 kh\u00f4ng l\u00e0m t\u0103ng th\u00eam tr\u1ecdng l\u01b0\u1ee3ng ho\u1eb7c k\u00edch th\u01b0\u1edbc kh\u00f4ng c\u1ea7n thi\u1ebft.<\/li>\n<li>\u0110i\u1ec1u n\u00e0y g\u00f3p ph\u1ea7n t\u0103ng c\u01b0\u1eddng t\u00ednh linh ho\u1ea1t v\u00e0 kh\u1ea3 n\u0103ng c\u01a1 \u0111\u1ed9ng c\u1ee7a m\u00e1y, cho ph\u00e9p x\u1eed l\u00fd t\u1ed1t h\u01a1n v\u00e0 gi\u1ea3m \u00e1p l\u1ef1c v\u1eadn h\u00e0nh cho m\u00e1y k\u00e9o.<\/li>\n<\/ul>\n<p><strong>5. Gi\u1ea3m y\u00eau c\u1ea7u b\u1ea3o tr\u00ec<\/strong><\/p>\n<ul>\n<li>H\u1ed9p s\u1ed1 \u0111\u01b0\u1ee3c thi\u1ebft k\u1ebf v\u1edbi kh\u1ea3 n\u0103ng b\u1ea3o tr\u00ec th\u1ea5p, k\u1ebft h\u1ee3p \u1ed5 tr\u1ee5c k\u00edn v\u00e0 h\u1ec7 th\u1ed1ng b\u00f4i tr\u01a1n ti\u00ean ti\u1ebfn gi\u00fap gi\u1ea3m thi\u1ec3u hao m\u00f2n c\u00e1c b\u1ed9 ph\u1eadn b\u00ean trong.<\/li>\n<li>\u0110i\u1ec1u n\u00e0y gi\u00fap gi\u1ea3m thi\u1ec3u th\u1eddi gian ng\u1eebng ho\u1ea1t \u0111\u1ed9ng v\u00e0 gi\u1ea3m t\u1ed5ng chi ph\u00ed s\u1edf h\u1eefu b\u1eb1ng c\u00e1ch gi\u1ea3m nhu c\u1ea7u b\u1ea3o tr\u00ec v\u00e0 d\u1ecbch v\u1ee5.<\/li>\n<li>T\u00ednh n\u0103ng t\u1ef1 b\u00f4i tr\u01a1n \u0111\u1ea3m b\u1ea3o c\u00e1c b\u1ed9 ph\u1eadn b\u00ean trong lu\u00f4n \u0111\u01b0\u1ee3c b\u00f4i tr\u01a1n \u0111\u1ea7y \u0111\u1ee7, gi\u00fap v\u1eadn h\u00e0nh tr\u01a1n tru h\u01a1n v\u00e0 t\u0103ng \u0111\u1ed9 tin c\u1eady.<\/li>\n<\/ul>\n<p>H\u1ed9p s\u1ed1 m\u00e1y \u1ee7 chua \u0111\u0129a \u0111\u00f4i FMP-QZ115 mang \u0111\u1ebfn s\u1ef1 k\u1ebft h\u1ee3p v\u01b0\u1ee3t tr\u1ed9i gi\u1eefa \u0111\u1ed9 b\u1ec1n, \u0111\u1ed9 ch\u00ednh x\u00e1c v\u00e0 hi\u1ec7u su\u1ea5t, l\u00e0 l\u1ef1a ch\u1ecdn l\u00fd t\u01b0\u1edfng cho c\u00e1c ho\u1ea1t \u0111\u1ed9ng thu ho\u1ea1ch \u1ee7 chua hi\u1ec7n \u0111\u1ea1i. C\u00e1c t\u00ednh n\u0103ng ti\u00ean ti\u1ebfn c\u1ee7a m\u00e1y gi\u00fap c\u1ea3i thi\u1ec7n ch\u1ea5t l\u01b0\u1ee3ng \u1ee7 chua t\u1ed5ng th\u1ec3, gi\u1ea3m chi ph\u00ed b\u1ea3o tr\u00ec v\u00e0 t\u0103ng tu\u1ed5i th\u1ecd c\u1ee7a c\u1ea3 h\u1ed9p s\u1ed1 v\u00e0 m\u00e1y, mang l\u1ea1i quy tr\u00ecnh thu ho\u1ea1ch n\u0103ng su\u1ea5t v\u00e0 ti\u1ebft ki\u1ec7m chi ph\u00ed h\u01a1n.<\/p>\n<p><img loading=\"lazy\" decoding=\"async\" class=\"alignnone  wp-image-3042\" src=\"https:\/\/fmp-components.com\/wp-content\/uploads\/2025\/01\/Silage-Machine-Gearbox-EP-QZ-QGXRL-for-German-Champion-Four-Disc-Type-3500-Applications-2-1024x641-1.webp\" alt=\"M\u00e1y \u1ee7 chua - H\u1ed9p s\u1ed1 - EP - QZ - QGXRL - cho nh\u00e0 v\u00f4 \u0111\u1ecbch \u0110\u1ee9c - Lo\u1ea1i b\u1ed1n \u0111\u0129a - 3500 - \u1ee8ng d\u1ee5ng - 2 - 1024x641\" width=\"1093\" height=\"684\" title=\"\" srcset=\"https:\/\/fmp-components.com\/wp-content\/uploads\/2025\/01\/Silage-Machine-Gearbox-EP-QZ-QGXRL-for-German-Champion-Four-Disc-Type-3500-Applications-2-1024x641-1.webp 1093w, https:\/\/fmp-components.com\/wp-content\/uploads\/2025\/01\/Silage-Machine-Gearbox-EP-QZ-QGXRL-for-German-Champion-Four-Disc-Type-3500-Applications-2-1024x641-1-980x613.webp 980w, https:\/\/fmp-components.com\/wp-content\/uploads\/2025\/01\/Silage-Machine-Gearbox-EP-QZ-QGXRL-for-German-Champion-Four-Disc-Type-3500-Applications-2-1024x641-1-480x300.webp 480w\" sizes=\"(min-width: 0px) and (max-width: 480px) 480px, (min-width: 481px) and (max-width: 980px) 980px, (min-width: 981px) 1093px, 100vw\" \/><\/p>\n<h2>\u1ee8ng d\u1ee5ng c\u1ee7a h\u1ed9p s\u1ed1 m\u00e1y \u1ee7 chua \u0111\u0129a \u0111\u00f4i FMP-QZ115<\/h2>\n<p>H\u1ed9p s\u1ed1 m\u00e1y \u1ee7 chua \u0111\u0129a \u0111\u00f4i FMP-QZ115 \u0111\u01b0\u1ee3c thi\u1ebft k\u1ebf \u0111\u1eb7c bi\u1ec7t \u0111\u1ec3 n\u00e2ng cao hi\u1ec7u su\u1ea5t v\u00e0 hi\u1ec7u qu\u1ea3 c\u1ee7a ho\u1ea1t \u0111\u1ed9ng thu ho\u1ea1ch th\u1ee9c \u0103n \u1ee7 chua. Nh\u1edd thi\u1ebft k\u1ebf m\u1ea1nh m\u1ebd v\u00e0 \u0111\u1ed9 ch\u00ednh x\u00e1c cao, h\u1ed9p s\u1ed1 ph\u00f9 h\u1ee3p v\u1edbi nhi\u1ec1u \u1ee9ng d\u1ee5ng n\u00f4ng nghi\u1ec7p. D\u01b0\u1edbi \u0111\u00e2y l\u00e0 c\u00e1c \u1ee9ng d\u1ee5ng ch\u00ednh c\u1ee7a h\u1ed9p s\u1ed1 FMP-QZ115:<\/p>\n<p><strong>1. Thu ho\u1ea1ch th\u1ee9c \u0103n \u1ee7 chua<\/strong><\/p>\n<ul>\n<li>H\u1ed9p s\u1ed1 FMP-QZ115 ch\u1ee7 y\u1ebfu \u0111\u01b0\u1ee3c s\u1eed d\u1ee5ng trong m\u00e1y thu ho\u1ea1ch th\u1ee9c \u0103n \u1ee7 chua, cung c\u1ea5p n\u0103ng l\u01b0\u1ee3ng cho c\u00e1c \u0111\u0129a c\u1eaft k\u00e9p, c\u00f3 ch\u1ee9c n\u0103ng c\u1eaft nh\u1ecf th\u1ee9c \u0103n ch\u0103n nu\u00f4i th\u00e0nh nh\u1eefng mi\u1ebfng nh\u1ecf, \u0111\u1ed3ng \u0111\u1ec1u. Nh\u1eefng mi\u1ebfng nh\u1ecf m\u1ecbn n\u00e0y sau \u0111\u00f3 \u0111\u01b0\u1ee3c ch\u1ebf bi\u1ebfn v\u00e0 l\u01b0u tr\u1eef d\u01b0\u1edbi d\u1ea1ng th\u1ee9c \u0103n \u1ee7 chua.<\/li>\n<li>H\u1ed9p s\u1ed1 \u0111\u1ea3m b\u1ea3o r\u1eb1ng c\u00f4ng su\u1ea5t t\u1eeb \u200b\u200bPTO (B\u1ed9 truy\u1ec1n l\u1ef1c) c\u1ee7a m\u00e1y k\u00e9o \u0111\u01b0\u1ee3c truy\u1ec1n hi\u1ec7u qu\u1ea3 \u0111\u1ebfn c\u1ea3 hai \u0111\u0129a c\u1eaft, mang l\u1ea1i hi\u1ec7u su\u1ea5t \u0111\u1ed3ng \u0111\u1ec1u v\u00e0 \u0111\u00e1ng tin c\u1eady trong qu\u00e1 tr\u00ecnh thu ho\u1ea1ch c\u1ecf \u1ee7 chua.<\/li>\n<\/ul>\n<p><strong>2. C\u1eaft v\u00e0 b\u0103m th\u1ee9c \u0103n ch\u0103n nu\u00f4i<\/strong><\/p>\n<ul>\n<li>H\u1ed9p s\u1ed1 l\u00e0 m\u1ed9t ph\u1ea7n kh\u00f4ng th\u1ec3 thi\u1ebfu c\u1ee7a c\u00e1c lo\u1ea1i m\u00e1y c\u1eaft nhi\u1ec1u lo\u1ea1i c\u00e2y th\u1ee9c \u0103n ch\u0103n nu\u00f4i, bao g\u1ed3m ng\u00f4, c\u1ecf, c\u1ecf linh l\u0103ng v\u00e0 c\u00e1c lo\u1ea1i c\u00e2y kh\u00e1c c\u00f3 th\u1ec3 d\u00f9ng l\u00e0m th\u1ee9c \u0103n \u1ee7 chua.<\/li>\n<li>M\u00e1y cho ph\u00e9p c\u1eaft ch\u00ednh x\u00e1c v\u00e0 \u0111\u1ed3ng \u0111\u1ec1u, \u0111i\u1ec1u n\u00e0y r\u1ea5t quan tr\u1ecdng \u0111\u1ec3 \u0111\u1ea3m b\u1ea3o ch\u1ea5t l\u01b0\u1ee3ng v\u00e0 \u0111\u1ed9 \u0111\u1ed3ng \u0111\u1ec1u c\u1ee7a th\u1ee9c \u0103n \u1ee7 chua. \u0110\u1ed9 d\u00e0i c\u1eaft \u0111\u1ed3ng \u0111\u1ec1u gi\u00fap c\u1ea3i thi\u1ec7n qu\u00e1 tr\u00ecnh l\u00ean men v\u00e0 gi\u00e1 tr\u1ecb dinh d\u01b0\u1ee1ng t\u1ed5ng th\u1ec3 c\u1ee7a th\u1ee9c \u0103n \u1ee7 chua, khi\u1ebfn n\u00f3 tr\u1edf th\u00e0nh c\u00f4ng c\u1ee5 ch\u1ee7 ch\u1ed1t cho c\u1ea3 s\u1ea3n xu\u1ea5t th\u1ee9c \u0103n ch\u0103n nu\u00f4i quy m\u00f4 nh\u1ecf v\u00e0 l\u1edbn.<\/li>\n<\/ul>\n<p><strong>3. M\u00e1y thu ho\u1ea1ch th\u1ee9c \u0103n gia s\u00fac nhi\u1ec1u \u0111\u0129a<\/strong><\/p>\n<ul>\n<li>FMP-QZ115 \u0111\u1eb7c bi\u1ec7t ph\u00f9 h\u1ee3p v\u1edbi c\u00e1c h\u1ec7 th\u1ed1ng thu ho\u1ea1ch th\u1ee9c \u0103n ch\u0103n nu\u00f4i nhi\u1ec1u \u0111\u0129a, n\u01a1i n\u00f3 cung c\u1ea5p n\u0103ng l\u01b0\u1ee3ng cho hai \u0111\u0129a c\u1eaft c\u00f9ng l\u00fac. \u0110i\u1ec1u n\u00e0y \u0111\u1ea3m b\u1ea3o ho\u1ea1t \u0111\u1ed9ng \u0111\u1ed3ng b\u1ed9, cho ph\u00e9p x\u1eed l\u00fd c\u00e2y tr\u1ed3ng hi\u1ec7u qu\u1ea3 v\u00e0 \u0111\u1ed3ng \u0111\u1ec1u.<\/li>\n<li>B\u1eb1ng c\u00e1ch truy\u1ec1n \u0111\u1ed9ng nhi\u1ec1u \u0111\u0129a c\u00f9ng l\u00fac, h\u1ed9p s\u1ed1 c\u1ea3i thi\u1ec7n \u0111\u1ed9 ch\u00ednh x\u00e1c c\u1eaft v\u00e0 t\u0103ng n\u0103ng su\u1ea5t c\u1ee7a to\u00e0n b\u1ed9 m\u00e1y \u1ee7 chua.<\/li>\n<\/ul>\n<p><strong>4. S\u1ea3n xu\u1ea5t c\u1ecf kh\u00f4<\/strong><\/p>\n<ul>\n<li>H\u1ed9p s\u1ed1 c\u0169ng c\u00f3 th\u1ec3 \u0111\u01b0\u1ee3c s\u1eed d\u1ee5ng trong s\u1ea3n xu\u1ea5t c\u1ecf kh\u00f4 \u1ee7 chua, \u0111\u01b0\u1ee3c l\u00e0m b\u1eb1ng c\u00e1ch ch\u1eb7t v\u00e0 l\u01b0u tr\u1eef c\u1ecf ho\u1eb7c c\u00e2y h\u1ecd \u0111\u1eadu c\u00f3 \u0111\u1ed9 \u1ea9m cao h\u01a1n so v\u1edbi c\u1ecf kh\u00f4 th\u00f4ng th\u01b0\u1eddng.<\/li>\n<li>FMP-QZ115 \u0111\u1ea3m b\u1ea3o r\u1eb1ng c\u01a1 ch\u1ebf c\u1eaft c\u00f3 th\u1ec3 x\u1eed l\u00fd v\u1eadt li\u1ec7u \u01b0\u1edbt th\u01b0\u1eddng li\u00ean quan \u0111\u1ebfn s\u1ea3n xu\u1ea5t c\u1ecf kh\u00f4 \u1ee7 chua m\u00e0 kh\u00f4ng l\u00e0m gi\u1ea3m hi\u1ec7u qu\u1ea3 ho\u1eb7c ch\u1ea5t l\u01b0\u1ee3ng c\u1eaft.<\/li>\n<\/ul>\n<p><strong>5. \u1ee8ng d\u1ee5ng n\u00f4ng nghi\u1ec7p m\u00f4-men xo\u1eafn cao<\/strong><\/p>\n<ul>\n<li>\u0110\u01b0\u1ee3c thi\u1ebft k\u1ebf \u0111\u1ec3 \u0111\u00e1p \u1ee9ng nhu c\u1ea7u m\u00f4-men xo\u1eafn cao, h\u1ed9p s\u1ed1 FMP-QZ115 l\u00fd t\u01b0\u1edfng cho c\u00e1c c\u00f4ng vi\u1ec7c n\u00f4ng nghi\u1ec7p n\u1eb7ng nh\u1ecdc, ch\u1eb3ng h\u1ea1n nh\u01b0 c\u1eaft c\u00e1c lo\u1ea1i c\u00e2y tr\u1ed3ng d\u00e0y \u0111\u1eb7c, nhi\u1ec1u x\u01a1 ho\u1eb7c th\u00e2n c\u00e2y d\u00e0y. C\u1ea5u tr\u00fac ch\u1eafc ch\u1eafn c\u1ee7a h\u1ed9p s\u1ed1 \u0111\u1ea3m b\u1ea3o c\u00f3 th\u1ec3 x\u1eed l\u00fd c\u00e1c v\u1eadt li\u1ec7u kh\u00f3 nh\u01b0 th\u00e2n ng\u00f4 gi\u00e0 ho\u1eb7c th\u1ee9c \u0103n gia s\u00fac th\u00e2n g\u1ed7, cung c\u1ea5p m\u00f4-men xo\u1eafn cao m\u00e0 kh\u00f4ng \u1ea3nh h\u01b0\u1edfng \u0111\u1ebfn hi\u1ec7u su\u1ea5t.<\/li>\n<li>Kh\u1ea3 n\u0103ng m\u00f4-men xo\u1eafn cao c\u1ee7a n\u00f3 khi\u1ebfn n\u00f3 ph\u00f9 h\u1ee3p \u0111\u1ec3 s\u1eed d\u1ee5ng trong c\u00e1c m\u00f4i tr\u01b0\u1eddng thu ho\u1ea1ch c\u00f3 nhu c\u1ea7u cao, n\u01a1i c\u1ea7n c\u00f3 ngu\u1ed3n \u0111i\u1ec7n \u1ed5n \u0111\u1ecbnh v\u00e0 \u0111\u00e1ng tin c\u1eady.<\/li>\n<\/ul>\n<p>H\u1ed9p s\u1ed1 m\u00e1y \u1ee7 chua \u0111\u0129a \u0111\u00f4i FMP-QZ115 l\u00e0 thi\u1ebft b\u1ecb thi\u1ebft y\u1ebfu \u0111\u1ec3 c\u1ea3i thi\u1ec7n hi\u1ec7u su\u1ea5t, \u0111\u1ed9 tin c\u1eady v\u00e0 \u0111\u1ed9 ch\u00ednh x\u00e1c c\u1ee7a m\u00e1y thu ho\u1ea1ch \u1ee7 chua. Kh\u1ea3 n\u0103ng th\u00edch \u1ee9ng v\u1edbi nhi\u1ec1u lo\u1ea1i c\u00e2y tr\u1ed3ng, kh\u1ea3 n\u0103ng x\u1eed l\u00fd c\u00e1c \u1ee9ng d\u1ee5ng m\u00f4-men xo\u1eafn cao v\u00e0 thi\u1ebft k\u1ebf linh ho\u1ea1t khi\u1ebfn n\u00f3 tr\u1edf th\u00e0nh m\u1ed9t th\u00e0nh ph\u1ea7n gi\u00e1 tr\u1ecb cho c\u00e1c ho\u1ea1t \u0111\u1ed9ng n\u00f4ng nghi\u1ec7p mu\u1ed1n t\u1ed1i \u01b0u h\u00f3a s\u1ea3n xu\u1ea5t \u1ee7 chua, d\u00f9 \u1edf quy m\u00f4 nh\u1ecf hay l\u1edbn.<\/p>\n<p><img loading=\"lazy\" decoding=\"async\" class=\"alignnone size-full wp-image-3051\" src=\"https:\/\/fmp-components.com\/wp-content\/uploads\/2025\/01\/Double-Disc-Silage-Machine-Gearbox-EP-QZ115-Applications.webp\" alt=\"M\u00e1y \u1ee7 chua \u0111\u0129a \u0111\u00f4i H\u1ed9p s\u1ed1 EP QZ115 \u1ee8ng d\u1ee5ng\" width=\"1024\" height=\"576\" title=\"\" srcset=\"https:\/\/fmp-components.com\/wp-content\/uploads\/2025\/01\/Double-Disc-Silage-Machine-Gearbox-EP-QZ115-Applications.webp 1024w, https:\/\/fmp-components.com\/wp-content\/uploads\/2025\/01\/Double-Disc-Silage-Machine-Gearbox-EP-QZ115-Applications-980x551.webp 980w, https:\/\/fmp-components.com\/wp-content\/uploads\/2025\/01\/Double-Disc-Silage-Machine-Gearbox-EP-QZ115-Applications-480x270.webp 480w\" sizes=\"(min-width: 0px) and (max-width: 480px) 480px, (min-width: 481px) and (max-width: 980px) 980px, (min-width: 981px) 1024px, 100vw\" \/><\/p>\n<h3>Gi\u1edbi thi\u1ec7u v\u1ec1 FMP<\/h3>\n<p>C\u00f3 tr\u1ee5 s\u1edf ch\u00ednh t\u1ea1i \u00dd, FMP l\u00e0 nh\u00e0 s\u1ea3n xu\u1ea5t h\u00e0ng \u0111\u1ea7u, n\u1ed5i ti\u1ebfng v\u1edbi chuy\u00ean m\u00f4n trong thi\u1ebft k\u1ebf, ph\u00e1t tri\u1ec3n v\u00e0 s\u1ea3n xu\u1ea5t h\u1ed9p s\u1ed1 hi\u1ec7u su\u1ea5t cao, \u0111\u1eb7c bi\u1ec7t ch\u00fa tr\u1ecdng \u0111\u1ebfn l\u0129nh v\u1ef1c m\u00e1y m\u00f3c n\u00f4ng nghi\u1ec7p. FMP \u0111\u01b0\u1ee3c c\u00f4ng nh\u1eadn nh\u1edd k\u1ef9 thu\u1eadt ch\u00ednh x\u00e1c, gi\u1ea3i ph\u00e1p ti\u00ean ti\u1ebfn v\u00e0 \u0111\u1ed9 tin c\u1eady tuy\u1ec7t \u0111\u1ed1i, kh\u1eb3ng \u0111\u1ecbnh v\u1ecb th\u1ebf l\u00e0 \u0111\u1ed1i t\u00e1c \u0111\u00e1ng tin c\u1eady cho c\u1ea3 ng\u00e0nh c\u00f4ng nghi\u1ec7p n\u00f4ng nghi\u1ec7p v\u00e0 c\u00f4ng nghi\u1ec7p. Danh m\u1ee5c s\u1ea3n ph\u1ea9m to\u00e0n di\u1ec7n c\u1ee7a ch\u00fang t\u00f4i bao g\u1ed3m h\u1ed9p s\u1ed1 \u0111\u01b0\u1ee3c thi\u1ebft k\u1ebf ri\u00eang cho m\u00e1y c\u1eaft c\u1ecf, tr\u1ee5c PTO v\u00e0 nhi\u1ec1u linh ki\u1ec7n thi\u1ebft y\u1ebfu kh\u00e1c, t\u1ea5t c\u1ea3 \u0111\u1ec1u \u0111\u01b0\u1ee3c thi\u1ebft k\u1ebf ri\u00eang \u0111\u1ec3 \u0111\u00e1p \u1ee9ng c\u00e1c y\u00eau c\u1ea7u \u0111a d\u1ea1ng c\u1ee7a nhi\u1ec1u \u1ee9ng d\u1ee5ng kh\u00e1c nhau.<\/p>\n<p>T\u1ea1i FMP, ch\u00fang t\u00f4i hi\u1ec3u r\u1eb1ng m\u1ed7i kh\u00e1ch h\u00e0ng \u0111\u1ec1u ph\u1ea3i \u0111\u1ed1i m\u1eb7t v\u1edbi nh\u1eefng th\u00e1ch th\u1ee9c v\u00e0 nhu c\u1ea7u ri\u00eang bi\u1ec7t. \u0110\u00f3 l\u00e0 l\u00fd do t\u1ea1i sao ch\u00fang t\u00f4i chuy\u00ean cung c\u1ea5p c\u00e1c gi\u1ea3i ph\u00e1p \u0111\u01b0\u1ee3c thi\u1ebft k\u1ebf ri\u00eang, d\u00f9 l\u00e0 cho t\u1eebng th\u00e0nh ph\u1ea7n ri\u00eang l\u1ebb hay h\u1ec7 th\u1ed1ng t\u00edch h\u1ee3p ho\u00e0n ch\u1ec9nh. B\u1eb1ng c\u00e1ch h\u1ee3p t\u00e1c ch\u1eb7t ch\u1ebd v\u1edbi kh\u00e1ch h\u00e0ng, ch\u00fang t\u00f4i \u0111\u1ea3m b\u1ea3o r\u1eb1ng m\u1ecdi gi\u1ea3i ph\u00e1p kh\u00f4ng ch\u1ec9 \u0111\u00e1p \u1ee9ng c\u00e1c y\u00eau c\u1ea7u c\u1ee5 th\u1ec3 c\u1ee7a h\u1ecd m\u00e0 c\u00f2n t\u1ed1i \u01b0u h\u00f3a hi\u1ec7u su\u1ea5t v\u00e0 gia t\u0103ng gi\u00e1 tr\u1ecb \u0111\u00e1ng k\u1ec3. S\u1ef1 t\u1eadn t\u00e2m c\u1ee7a ch\u00fang t\u00f4i trong vi\u1ec7c ph\u1ea3n h\u1ed3i nhanh ch\u00f3ng, chuy\u00ean nghi\u1ec7p v\u00e0 h\u01b0\u1edbng d\u1eabn chuy\u00ean m\u00f4n \u0111\u1ea3m b\u1ea3o r\u1eb1ng m\u1ed7i y\u00eau c\u1ea7u \u0111\u1ec1u \u0111\u01b0\u1ee3c x\u1eed l\u00fd ch\u00ednh x\u00e1c, \u0111\u1ea3m b\u1ea3o k\u1ebft qu\u1ea3 t\u1ed1t nh\u1ea5t m\u1ecdi l\u00fac.<\/p>\n<p>Ch\u00fang t\u00f4i \u0111\u1eb7c bi\u1ec7t ch\u00fa tr\u1ecdng v\u00e0o vi\u1ec7c giao ti\u1ebfp minh b\u1ea1ch v\u00e0 li\u00ean t\u1ee5c trong su\u1ed1t qu\u00e1 tr\u00ecnh ph\u00e1t tri\u1ec3n s\u1ea3n ph\u1ea9m. \u0110\u1ed9i ng\u0169 gi\u00e0u kinh nghi\u1ec7m c\u1ee7a ch\u00fang t\u00f4i l\u00e0m vi\u1ec7c tr\u1ef1c ti\u1ebfp v\u1edbi kh\u00e1ch h\u00e0ng \u0111\u1ec3 th\u1ea5u hi\u1ec3u s\u00e2u s\u1eafc nhu c\u1ea7u c\u1ee7a h\u1ecd, \u0111\u1ed3ng th\u1eddi \u0111\u01b0a ra nh\u1eefng khuy\u1ebfn ngh\u1ecb s\u00e1ng su\u1ed1t nh\u1eb1m \u0111\u1ea3m b\u1ea3o k\u1ebft qu\u1ea3 t\u1ed1i \u01b0u. D\u00f9 l\u00e0 ch\u1ebf t\u1ea1o s\u1ea3n ph\u1ea9m ti\u00ean ti\u1ebfn hay th\u1ef1c hi\u1ec7n c\u00e1c \u0111\u01a1n h\u00e0ng th\u00f4ng th\u01b0\u1eddng, FMP lu\u00f4n cam k\u1ebft mang \u0111\u1ebfn nh\u1eefng gi\u1ea3i ph\u00e1p ch\u1ea5t l\u01b0\u1ee3ng cao, \u0111\u01b0\u1ee3c thi\u1ebft k\u1ebf ch\u00ednh x\u00e1c v\u00e0 lu\u00f4n \u0111\u00e1p \u1ee9ng \u0111\u00fang th\u1eddi h\u1ea1n. S\u1ee9 m\u1ec7nh c\u1ee7a ch\u00fang t\u00f4i l\u00e0 v\u01b0\u1ee3t qua s\u1ef1 mong \u0111\u1ee3i c\u1ee7a kh\u00e1ch h\u00e0ng b\u1eb1ng c\u00e1ch cung c\u1ea5p d\u1ecbch v\u1ee5 v\u00e0 k\u1ebft qu\u1ea3 v\u01b0\u1ee3t tr\u1ed9i cho m\u1ecdi d\u1ef1 \u00e1n.<\/p>\n<p>T\u1ea1i FMP, ch\u1ea5t l\u01b0\u1ee3ng l\u00e0 n\u1ec1n t\u1ea3ng cho m\u1ecdi ho\u1ea1t \u0111\u1ed9ng c\u1ee7a ch\u00fang t\u00f4i. Ch\u00fang t\u00f4i duy tr\u00ec c\u00e1c ti\u00eau chu\u1ea9n s\u1ea3n xu\u1ea5t cao nh\u1ea5t v\u00e0 \u00e1p d\u1ee5ng c\u00e1c bi\u1ec7n ph\u00e1p ki\u1ec3m so\u00e1t ch\u1ea5t l\u01b0\u1ee3ng nghi\u00eam ng\u1eb7t \u0111\u1ec3 \u0111\u1ea3m b\u1ea3o m\u1ed7i s\u1ea3n ph\u1ea9m kh\u00f4ng ch\u1ec9 \u0111\u00e1p \u1ee9ng m\u00e0 c\u00f2n v\u01b0\u1ee3t tr\u1ed9i c\u00e1c ti\u00eau chu\u1ea9n c\u1ee7a ng\u00e0nh. Cam k\u1ebft v\u1ec1 s\u1ef1 xu\u1ea5t s\u1eafc n\u00e0y, c\u00f9ng v\u1edbi c\u00e1c gi\u00e1 tr\u1ecb c\u1ed1t l\u00f5i c\u1ee7a ch\u00fang t\u00f4i l\u00e0 ch\u00ednh tr\u1ef1c, tinh th\u1ea7n \u0111\u1ed3ng \u0111\u1ed9i v\u00e0 s\u1ef1 ki\u00ean tr\u00ec, \u0111\u00e3 gi\u00fap ch\u00fang t\u00f4i x\u00e2y d\u1ef1ng m\u1ed1i quan h\u1ec7 b\u1ec1n ch\u1eb7t, d\u1ef1a tr\u00ean s\u1ef1 tin c\u1eady v\u1edbi kh\u00e1ch h\u00e0ng t\u1ea1i g\u1ea7n 30 qu\u1ed1c gia tr\u00ean to\u00e0n th\u1ebf gi\u1edbi.<\/p>\n<p>FMP lu\u00f4n mong mu\u1ed1n th\u00fac \u0111\u1ea9y quan h\u1ec7 \u0111\u1ed1i t\u00e1c to\u00e0n c\u1ea7u v\u00e0 lu\u00f4n t\u1eadn t\u00e2m cung c\u1ea5p t\u01b0 v\u1ea5n chuy\u00ean m\u00f4n v\u00e0 c\u00e1c gi\u1ea3i ph\u00e1p t\u00f9y ch\u1ec9nh, \u0111\u00e1p \u1ee9ng nhu c\u1ea7u ng\u00e0y c\u00e0ng \u0111a d\u1ea1ng c\u1ee7a kh\u00e1ch h\u00e0ng. Ch\u00fang t\u00f4i kh\u00f4ng ch\u1ec9 \u0111\u01a1n thu\u1ea7n cung c\u1ea5p s\u1ea3n ph\u1ea9m; ch\u00fang t\u00f4i h\u01b0\u1edbng \u0111\u1ebfn vi\u1ec7c thi\u1ebft l\u1eadp c\u00e1c m\u1ed1i quan h\u1ec7 \u0111\u1ed1i t\u00e1c l\u00e2u d\u00e0i, g\u00f3p ph\u1ea7n v\u00e0o th\u00e0nh c\u00f4ng c\u1ee7a m\u1ed7i d\u1ef1 \u00e1n. Cho d\u00f9 b\u1ea1n c\u1ea7n c\u00e1c gi\u1ea3i ph\u00e1p s\u00e1ng t\u1ea1o cho m\u1ed9t s\u00e1ng ki\u1ebfn \u200b\u200bm\u1edbi hay h\u1ed7 tr\u1ee3 li\u00ean t\u1ee5c cho m\u1ed9t h\u1ec7 th\u1ed1ng hi\u1ec7n c\u00f3, FMP lu\u00f4n s\u1eb5n s\u00e0ng h\u1ed7 tr\u1ee3 b\u1ea1n v\u01b0\u1ee3t qua nh\u1eefng th\u00e1ch th\u1ee9c k\u1ef9 thu\u1eadt v\u00e0 \u0111\u1ea3m b\u1ea3o th\u00e0nh c\u00f4ng b\u1ec1n v\u1eefng.<\/p>\n<p><img loading=\"lazy\" decoding=\"async\" class=\"alignnone wp-image-2695\" src=\"https:\/\/fmp-components.com\/wp-content\/uploads\/2025\/01\/agricultural-gearbox3.webp\" alt=\"h\u1ed9p s\u1ed1 n\u00f4ng nghi\u1ec7p\" width=\"953\" height=\"951\" title=\"\" srcset=\"https:\/\/fmp-components.com\/wp-content\/uploads\/2025\/01\/agricultural-gearbox3.webp 953w, https:\/\/fmp-components.com\/wp-content\/uploads\/2025\/01\/agricultural-gearbox3-480x479.webp 480w\" sizes=\"(min-width: 0px) and (max-width: 480px) 480px, (min-width: 481px) 953px, 100vw\" \/><\/p>\n<p>T\u00e1c gi\u1ea3: CX<\/p>\n<p>&nbsp;<\/p>","protected":false},"excerpt":{"rendered":"<p>Double Disc Silage Machine Gearbox FMP-QZ115 Technical Data Double Disc Silage Machine Gearbox FMP-QZ115 Technical Data i Suitable Rpm input Rpm output Output torque Weight Toothing r\/min r\/min N.m kg Decelerate 1: 1 silage machines, etc 1000 1000 580 35 Gleason Helical Teeth Remark: If you have any special require feel free let me know, [&hellip;]<\/p>","protected":false},"featured_media":3050,"comment_status":"open","ping_status":"closed","template":"","meta":{"_et_pb_use_builder":"","_et_pb_old_content":"","_et_gb_content_width":""},"product_brand":[],"product_cat":[69],"product_tag":[],"class_list":{"0":"post-3047","1":"product","2":"type-product","3":"status-publish","4":"has-post-thumbnail","6":"product_cat-silage-machine-gearbox","8":"first","9":"instock","10":"shipping-taxable","11":"product-type-simple"},"_links":{"self":[{"href":"https:\/\/fmp-components.com\/vi\/wp-json\/wp\/v2\/product\/3047","targetHints":{"allow":["GET"]}}],"collection":[{"href":"https:\/\/fmp-components.com\/vi\/wp-json\/wp\/v2\/product"}],"about":[{"href":"https:\/\/fmp-components.com\/vi\/wp-json\/wp\/v2\/types\/product"}],"replies":[{"embeddable":true,"href":"https:\/\/fmp-components.com\/vi\/wp-json\/wp\/v2\/comments?post=3047"}],"wp:featuredmedia":[{"embeddable":true,"href":"https:\/\/fmp-components.com\/vi\/wp-json\/wp\/v2\/media\/3050"}],"wp:attachment":[{"href":"https:\/\/fmp-components.com\/vi\/wp-json\/wp\/v2\/media?parent=3047"}],"wp:term":[{"taxonomy":"product_brand","embeddable":true,"href":"https:\/\/fmp-components.com\/vi\/wp-json\/wp\/v2\/product_brand?post=3047"},{"taxonomy":"product_cat","embeddable":true,"href":"https:\/\/fmp-components.com\/vi\/wp-json\/wp\/v2\/product_cat?post=3047"},{"taxonomy":"product_tag","embeddable":true,"href":"https:\/\/fmp-components.com\/vi\/wp-json\/wp\/v2\/product_tag?post=3047"}],"curies":[{"name":"wp","href":"https:\/\/api.w.org\/{rel}","templated":true}]}}