{"id":304,"date":"2024-12-09T06:10:04","date_gmt":"2024-12-09T06:10:04","guid":{"rendered":"https:\/\/fmp-components.com\/?page_id=8"},"modified":"2024-12-09T06:44:10","modified_gmt":"2024-12-09T06:44:10","slug":"forklift-lifting-hydraulic-cylinder","status":"publish","type":"product","link":"https:\/\/fmp-components.com\/vi\/product\/forklift-lifting-hydraulic-cylinder\/","title":{"rendered":"Xi lanh th\u1ee7y l\u1ef1c n\u00e2ng xe n\u00e2ng"},"content":{"rendered":"<p style=\"text-align: center;\"><span style=\"font-size: 24pt;\">Xi lanh th\u1ee7y l\u1ef1c n\u00e2ng xe n\u00e2ng<\/span><\/p>\n<h2><img loading=\"lazy\" decoding=\"async\" class=\"alignnone wp-image-311\" src=\"https:\/\/fmp-components.com\/wp-content\/uploads\/2024\/12\/Forklift-Lifting-Hydraulic-Cylinder-2.webp\" alt=\"Xe n\u00e2ng-N\u00e2ng-Xi lanh-Th\u1ee7y l\u1ef1c\" width=\"931\" height=\"931\" title=\"\" srcset=\"https:\/\/fmp-components.com\/wp-content\/uploads\/2024\/12\/Forklift-Lifting-Hydraulic-Cylinder-2.webp 931w, https:\/\/fmp-components.com\/wp-content\/uploads\/2024\/12\/Forklift-Lifting-Hydraulic-Cylinder-2-480x480.webp 480w\" sizes=\"(min-width: 0px) and (max-width: 480px) 480px, (min-width: 481px) 931px, 100vw\" \/><\/h2>\n<h2><strong>K\u00edch th\u01b0\u1edbc xi lanh th\u1ee7y l\u1ef1c n\u00e2ng xe n\u00e2ng:<\/strong><\/h2>\n<p><img loading=\"lazy\" decoding=\"async\" class=\"alignnone size-full wp-image-306\" src=\"https:\/\/fmp-components.com\/wp-content\/uploads\/2024\/12\/Forklift-Lifting-Hydraulic-Cylinder-Dimensions.webp\" alt=\"K\u00edch th\u01b0\u1edbc xe n\u00e2ng-n\u00e2ng-xi lanh th\u1ee7y l\u1ef1c\" width=\"1024\" height=\"403\" title=\"\" srcset=\"https:\/\/fmp-components.com\/wp-content\/uploads\/2024\/12\/Forklift-Lifting-Hydraulic-Cylinder-Dimensions.webp 1024w, https:\/\/fmp-components.com\/wp-content\/uploads\/2024\/12\/Forklift-Lifting-Hydraulic-Cylinder-Dimensions-980x386.webp 980w, https:\/\/fmp-components.com\/wp-content\/uploads\/2024\/12\/Forklift-Lifting-Hydraulic-Cylinder-Dimensions-480x189.webp 480w\" sizes=\"(min-width: 0px) and (max-width: 480px) 480px, (min-width: 481px) and (max-width: 980px) 980px, (min-width: 981px) 1024px, 100vw\" \/><\/p>\n<table border=\"1\" cellspacing=\"0\" cellpadding=\"0\">\n<tbody>\n<tr>\n<td width=\"246\">T\u00ean xi lanh<\/td>\n<td width=\"336\">s\u1ed1 b\u1ea3n v\u1ebd<\/td>\n<td width=\"126\">\u0111\u01b0\u1eddng k\u00ednh l\u1ed7 khoan (D)<\/td>\n<td width=\"123\">\u0111\u01b0\u1eddng k\u00ednh thanh (d)<\/td>\n<td width=\"114\">\u0111\u1ed9t qu\u1ef5 (S)<\/td>\n<td width=\"170\">Kho\u1ea3ng c\u00e1ch l\u1eafp \u0111\u1eb7t (L)<\/td>\n<td width=\"172\">\u00e1p su\u1ea5t l\u00e0m vi\u1ec7c<\/td>\n<td width=\"366\">K\u00edch th\u01b0\u1edbc giao di\u1ec7n (M)<\/td>\n<td width=\"96\">c\u00e2n n\u1eb7ng<\/td>\n<\/tr>\n<tr>\n<td class=\"et3\" width=\"246\" height=\"153\">Xi lanh n\u00e2ng<\/td>\n<td class=\"et4\" width=\"336\">N30M300-5\/400000-000<\/td>\n<td class=\"et4\" width=\"126\">\u03a656<\/td>\n<td class=\"et4\" width=\"123\">\u03a645<\/td>\n<td class=\"et4\" width=\"114\">1500<\/td>\n<td class=\"et4\" width=\"170\">1658<\/td>\n<td class=\"et4\" width=\"172\">18,1MPa<\/td>\n<td class=\"et4\" width=\"366\">G1\/2<\/td>\n<td class=\"et4\" width=\"96\">32,6kg<\/td>\n<\/tr>\n<tr>\n<td class=\"et3\" width=\"246\" height=\"153\">Xi lanh n\u00e2ng<\/td>\n<td class=\"et4\">A2A30M300-400000-000<\/td>\n<td class=\"et4\">\u03a656<\/td>\n<td class=\"et4\">\u03a645<\/td>\n<td class=\"et4\">1500<\/td>\n<td class=\"et4\">1658<\/td>\n<td class=\"et4\">18,1MPa<\/td>\n<td class=\"et4\">M22*1.5<\/td>\n<td class=\"et4\">36kg<\/td>\n<\/tr>\n<tr>\n<td class=\"et3\" width=\"246\" height=\"153\">Xi lanh n\u00e2ng<\/td>\n<td class=\"et4\">3.5N4.5H-400000-003<\/td>\n<td class=\"et4\">\u03a660<\/td>\n<td class=\"et4\">\u03a645<\/td>\n<td class=\"et4\">1505<\/td>\n<td class=\"et4\">1780<\/td>\n<td class=\"et4\">17,5MPa<\/td>\n<td class=\"et4\">M22*1.5<\/td>\n<td class=\"et4\">41kg<\/td>\n<\/tr>\n<tr>\n<td class=\"et3\" width=\"246\" height=\"153\">Xi lanh n\u00e2ng<\/td>\n<td class=\"et4\">N35M300-5\/400000-001A<\/td>\n<td class=\"et4\">\u03a660<\/td>\n<td class=\"et4\">\u03a645<\/td>\n<td class=\"et4\">1500<\/td>\n<td class=\"et4\">1808<\/td>\n<td class=\"et4\">18,1MPa<\/td>\n<td class=\"et4\">G1\/2<\/td>\n<td class=\"et4\">46kg<\/td>\n<\/tr>\n<tr>\n<td class=\"et3\" width=\"246\" height=\"153\">Xi lanh n\u00e2ng<\/td>\n<td class=\"et4\">A2A35M300-400000-000<\/td>\n<td class=\"et4\">\u03a660<\/td>\n<td class=\"et4\">\u03a645<\/td>\n<td class=\"et4\">1500<\/td>\n<td class=\"et4\">1808<\/td>\n<td class=\"et4\">18,1MPa<\/td>\n<td class=\"et4\">M22*1.5<\/td>\n<td class=\"et4\">50kg<\/td>\n<\/tr>\n<\/tbody>\n<\/table>\n<h3>\u0110\u1eb7c \u0111i\u1ec3m c\u1ee7a xi lanh th\u1ee7y l\u1ef1c n\u00e2ng xe n\u00e2ng<\/h3>\n<p><strong>S\u1ee9c n\u00e2ng cao<\/strong><br \/>\nXi lanh th\u1ee7y l\u1ef1c n\u00e2ng xe n\u00e2ng \u0111\u01b0\u1ee3c thi\u1ebft k\u1ebf \u0111\u1ec3 x\u1eed l\u00fd t\u1ea3i tr\u1ecdng n\u1eb7ng, cung c\u1ea5p l\u1ef1c c\u1ea7n thi\u1ebft \u0111\u1ec3 n\u00e2ng c\u00e1c v\u1eadt n\u1eb7ng. V\u1edbi c\u1ea5u tr\u00fac ch\u1eafc ch\u1eafn v\u00e0 h\u1ec7 th\u1ed1ng th\u1ee7y l\u1ef1c \u00e1p su\u1ea5t cao, xi lanh \u0111\u1ea3m b\u1ea3o vi\u1ec7c n\u00e2ng h\u00e0ng h\u00f3a, pallet v\u00e0 thi\u1ebft b\u1ecb di\u1ec5n ra tr\u01a1n tru v\u00e0 hi\u1ec7u qu\u1ea3. S\u1ee9c m\u1ea1nh c\u1ee7a xi lanh r\u1ea5t quan tr\u1ecdng \u0111\u1ed1i v\u1edbi xe n\u00e2ng ho\u1ea1t \u0111\u1ed9ng trong kho b\u00e3i, trung t\u00e2m ph\u00e2n ph\u1ed1i v\u00e0 nh\u00e0 m\u00e1y s\u1ea3n xu\u1ea5t, n\u01a1i kh\u1ea3 n\u0103ng n\u00e2ng l\u00e0 y\u1ebfu t\u1ed1 thi\u1ebft y\u1ebfu \u0111\u1ec3 x\u1eed l\u00fd c\u00e1c m\u1eb7t h\u00e0ng l\u1edbn v\u00e0 c\u1ed3ng k\u1ec1nh m\u1ed9t c\u00e1ch an to\u00e0n v\u00e0 hi\u1ec7u qu\u1ea3.<\/p>\n<p><strong>\u0110\u1ed9 b\u1ec1n v\u00e0 \u0111\u1ed9 tin c\u1eady<\/strong><br \/>\nXi lanh th\u1ee7y l\u1ef1c n\u00e2ng h\u1ea1 d\u00e0nh cho xe n\u00e2ng \u0111\u01b0\u1ee3c ch\u1ebf t\u1ea1o \u0111\u1ec3 ch\u1ecbu \u0111\u01b0\u1ee3c \u0111i\u1ec1u ki\u1ec7n l\u00e0m vi\u1ec7c kh\u1eafc nghi\u1ec7t, bao g\u1ed3m c\u00e1c chu k\u1ef3 t\u1ea3i n\u1eb7ng v\u00e0 c\u00e1c y\u1ebfu t\u1ed1 m\u00f4i tr\u01b0\u1eddng kh\u1eafc nghi\u1ec7t. \u0110\u01b0\u1ee3c l\u00e0m t\u1eeb v\u1eadt li\u1ec7u ch\u1ea5t l\u01b0\u1ee3ng cao, xi lanh c\u00f3 kh\u1ea3 n\u0103ng ch\u1ed1ng m\u00e0i m\u00f2n, \u0103n m\u00f2n v\u00e0 h\u01b0 h\u1ecfng do s\u1eed d\u1ee5ng th\u01b0\u1eddng xuy\u00ean. Hi\u1ec7u su\u1ea5t \u0111\u00e1ng tin c\u1eady c\u1ee7a xi lanh \u0111\u1ea3m b\u1ea3o xe n\u00e2ng ho\u1ea1t \u0111\u1ed9ng v\u1edbi th\u1eddi gian ch\u1ebft t\u1ed1i thi\u1ec3u, \u0111i\u1ec1u n\u00e0y r\u1ea5t quan tr\u1ecdng \u0111\u1ec3 duy tr\u00ec n\u0103ng su\u1ea5t trong m\u00f4i tr\u01b0\u1eddng l\u00e0m vi\u1ec7c nhanh. Vi\u1ec7c b\u1ea3o tr\u00ec v\u00e0 ki\u1ec3m tra \u0111\u1ecbnh k\u1ef3 \u0111\u1ea3m b\u1ea3o c\u00e1c xi lanh n\u00e0y ti\u1ebfp t\u1ee5c ho\u1ea1t \u0111\u1ed9ng \u1edf m\u1ee9c t\u1ed1i \u01b0u, n\u00e2ng cao tu\u1ed5i th\u1ecd c\u1ee7a thi\u1ebft b\u1ecb.<\/p>\n<p><strong>Ho\u1ea1t \u0111\u1ed9ng tr\u01a1n tru v\u00e0 ch\u00ednh x\u00e1c<\/strong><br \/>\nXy lanh th\u1ee7y l\u1ef1c n\u00e2ng h\u1ea1 xe n\u00e2ng mang l\u1ea1i ho\u1ea1t \u0111\u1ed9ng n\u00e2ng h\u1ea1 m\u01b0\u1ee3t m\u00e0 v\u00e0 ch\u00ednh x\u00e1c. H\u1ec7 th\u1ed1ng th\u1ee7y l\u1ef1c cho ph\u00e9p di chuy\u1ec3n t\u1eeb t\u1eeb, c\u00f3 ki\u1ec3m so\u00e1t, gi\u1ea3m thi\u1ec3u nguy c\u01a1 gi\u1eadt c\u1ee5c ho\u1eb7c d\u1ecbch chuy\u1ec3n \u0111\u1ed9t ng\u1ed9t c\u00f3 th\u1ec3 l\u00e0m h\u1ecfng h\u00e0ng h\u00f3a ho\u1eb7c g\u00e2y m\u1ea5t an to\u00e0n. Kh\u1ea3 n\u0103ng ki\u1ec3m so\u00e1t ch\u00ednh x\u00e1c n\u00e0y gi\u00fap n\u00e2ng cao s\u1ef1 t\u1ef1 tin v\u00e0 hi\u1ec7u qu\u1ea3 c\u1ee7a ng\u01b0\u1eddi v\u1eadn h\u00e0nh, v\u00ec h\u1ecd c\u00f3 th\u1ec3 n\u00e2ng v\u00e0 \u0111\u1ecbnh v\u1ecb h\u00e0ng h\u00f3a m\u1ed9t c\u00e1ch ch\u00ednh x\u00e1c, ngay c\u1ea3 trong \u0111i\u1ec1u ki\u1ec7n ch\u1eadt h\u1eb9p ho\u1eb7c r\u1ee7i ro cao. K\u1ebft qu\u1ea3 l\u00e0 ho\u1ea1t \u0111\u1ed9ng n\u00e2ng h\u1ea1 an to\u00e0n h\u01a1n, hi\u1ec7u qu\u1ea3 h\u01a1n, gi\u00fap n\u00e2ng cao hi\u1ec7u su\u1ea5t t\u1ed5ng th\u1ec3 c\u1ee7a xe n\u00e2ng.<\/p>\n<h3><img loading=\"lazy\" decoding=\"async\" class=\"alignnone size-full wp-image-310\" src=\"https:\/\/fmp-components.com\/wp-content\/uploads\/2024\/12\/Forklift-Lifting-Hydraulic-Cylinder-1.webp\" alt=\"Xe n\u00e2ng-N\u00e2ng-Xi lanh-Th\u1ee7y l\u1ef1c\" width=\"1280\" height=\"720\" title=\"\" srcset=\"https:\/\/fmp-components.com\/wp-content\/uploads\/2024\/12\/Forklift-Lifting-Hydraulic-Cylinder-1.webp 1280w, https:\/\/fmp-components.com\/wp-content\/uploads\/2024\/12\/Forklift-Lifting-Hydraulic-Cylinder-1-980x551.webp 980w, https:\/\/fmp-components.com\/wp-content\/uploads\/2024\/12\/Forklift-Lifting-Hydraulic-Cylinder-1-480x270.webp 480w\" sizes=\"(min-width: 0px) and (max-width: 480px) 480px, (min-width: 481px) and (max-width: 980px) 980px, (min-width: 981px) 1280px, 100vw\" \/><\/h3>\n<h3>Gi\u1edbi thi\u1ec7u v\u1ec1 FMP<\/h3>\n<p>FMP l\u00e0 nh\u00e0 s\u1ea3n xu\u1ea5t xi lanh th\u1ee7y l\u1ef1c chuy\u00ean bi\u1ec7t, t\u1eadp trung m\u1ea1nh m\u1ebd v\u00e0o nghi\u00ean c\u1ee9u v\u00e0 s\u1ea3n xu\u1ea5t. K\u1ec3 t\u1eeb khi th\u00e0nh l\u1eadp, c\u00f4ng ty lu\u00f4n t\u1eadp trung ph\u00e1t tri\u1ec3n xi lanh th\u1ee7y l\u1ef1c, t\u1eeb s\u1ea3n xu\u1ea5t \u0111a d\u1ea1ng c\u00e1c s\u1ea3n ph\u1ea9m nh\u01b0 m\u00e1y m\u00f3c thu ho\u1ea1ch v\u00e0 x\u00e2y d\u1ef1ng, \u0111\u1ebfn chuy\u00ean s\u1ea3n xu\u1ea5t linh ki\u1ec7n m\u00e1y k\u00e9o n\u00f4ng nghi\u1ec7p. V\u1edbi h\u01a1n m\u1ed9t th\u1eadp k\u1ef7 kinh nghi\u1ec7m s\u1ea3n xu\u1ea5t, kinh nghi\u1ec7m qu\u1ea3n l\u00fd v\u00e0 c\u00f4ng ngh\u1ec7 s\u1ea3n xu\u1ea5t ti\u00ean ti\u1ebfn, FMP \u0111\u1ea3m b\u1ea3o ch\u1ea5t l\u01b0\u1ee3ng cao nh\u1ea5t cho c\u00e1c s\u1ea3n ph\u1ea9m c\u1ee7a m\u00ecnh.<\/p>\n<p>C\u00f9ng v\u1edbi s\u1ef1 ph\u00e1t tri\u1ec3n chuy\u00ean nghi\u1ec7p, c\u00f4ng ty \u0111\u00e3 thi\u1ebft l\u1eadp \u0111\u01b0\u1ee3c d\u00e2y chuy\u1ec1n s\u1ea3n xu\u1ea5t gia c\u00f4ng, d\u00e2y chuy\u1ec1n l\u1eafp r\u00e1p v\u00e0 d\u00e2y chuy\u1ec1n ph\u1ee7 to\u00e0n di\u1ec7n. FMP \u0111\u01b0\u1ee3c h\u1ed7 tr\u1ee3 b\u1edfi \u0111\u1ed9i ng\u0169 qu\u1ea3n l\u00fd gi\u00e0u kinh nghi\u1ec7m, thi\u1ebft k\u1ebf c\u01a1 kh\u00ed l\u00e0nh ngh\u1ec1 v\u00e0 c\u00f4ng nh\u00e2n k\u1ef9 thu\u1eadt \u0111\u01b0\u1ee3c \u0111\u00e0o t\u1ea1o b\u00e0i b\u1ea3n. \u0110i\u1ec1u n\u00e0y \u0111\u1ea3m b\u1ea3o ch\u1ea5t l\u01b0\u1ee3ng s\u1ea3n ph\u1ea9m \u1ed5n \u0111\u1ecbnh, \u0111\u1ed3ng th\u1eddi ki\u1ec3m so\u00e1t hi\u1ec7u qu\u1ea3 t\u00ednh li\u00ean t\u1ee5c c\u1ee7a quy tr\u00ecnh v\u00e0 hi\u1ec7u qu\u1ea3 s\u1ea3n xu\u1ea5t t\u1ed5ng th\u1ec3.<\/p>\n<p>FMP tu\u00e2n th\u1ee7 c\u00e1c gi\u00e1 tr\u1ecb c\u1ed1t l\u00f5i l\u00e0 \u201c\u0110\u1ed5i m\u1edbi c\u00f4ng ngh\u1ec7 th\u00fac \u0111\u1ea9y ti\u1ebfn b\u1ed9, ch\u1ea5t l\u01b0\u1ee3ng t\u1ea1o n\u00ean th\u01b0\u01a1ng hi\u1ec7u, tay ngh\u1ec1 th\u1ee7 c\u00f4ng \u0111\u1ea3m b\u1ea3o ch\u1ea5t l\u01b0\u1ee3ng v\u00e0 x\u00e2y d\u1ef1ng m\u1ed1i quan h\u1ec7 \u0111\u00f4i b\u00ean c\u00f9ng c\u00f3 l\u1ee3i l\u00e2u d\u00e0i\u201d. C\u00f4ng ty v\u1eabn cam k\u1ebft cung c\u1ea5p c\u00e1c s\u1ea3n ph\u1ea9m ch\u1ea5t l\u01b0\u1ee3ng cao \u0111\u1ed3ng th\u1eddi mang \u0111\u1ebfn d\u1ecbch v\u1ee5 kh\u00e1ch h\u00e0ng v\u01b0\u1ee3t tr\u1ed9i, lu\u00f4n n\u1ed7 l\u1ef1c \u0111\u00e1p \u1ee9ng nhu c\u1ea7u ng\u00e0y c\u00e0ng thay \u0111\u1ed5i c\u1ee7a th\u1ecb tr\u01b0\u1eddng.<\/p>\n<p><img loading=\"lazy\" decoding=\"async\" class=\"alignnone wp-image-303\" src=\"https:\/\/fmp-components.com\/wp-content\/uploads\/2024\/12\/hydraulic-cylinder-factory-11_1.webp\" alt=\"nh\u00e0 m\u00e1y xi-lanh th\u1ee7y l\u1ef1c\" width=\"917\" height=\"1003\" title=\"\" srcset=\"https:\/\/fmp-components.com\/wp-content\/uploads\/2024\/12\/hydraulic-cylinder-factory-11_1.webp 917w, https:\/\/fmp-components.com\/wp-content\/uploads\/2024\/12\/hydraulic-cylinder-factory-11_1-480x525.webp 480w\" sizes=\"(min-width: 0px) and (max-width: 480px) 480px, (min-width: 481px) 917px, 100vw\" \/><\/p>\n<table style=\"width: 100%;\" border=\"1\" width=\"100%\" cellspacing=\"0\" cellpadding=\"0\">\n<tbody>\n<tr>\n<td style=\"width: 41.9294%;\" width=\"226\"><img loading=\"lazy\" decoding=\"async\" class=\"alignnone size-full wp-image-309\" src=\"https:\/\/fmp-components.com\/wp-content\/uploads\/2024\/12\/Forklift-Tilt-Hydraulic-Cylinder.webp\" alt=\"Xi lanh th\u1ee7y l\u1ef1c nghi\u00eang xe n\u00e2ng\" width=\"1000\" height=\"750\" title=\"\" srcset=\"https:\/\/fmp-components.com\/wp-content\/uploads\/2024\/12\/Forklift-Tilt-Hydraulic-Cylinder.webp 1000w, https:\/\/fmp-components.com\/wp-content\/uploads\/2024\/12\/Forklift-Tilt-Hydraulic-Cylinder-980x735.webp 980w, https:\/\/fmp-components.com\/wp-content\/uploads\/2024\/12\/Forklift-Tilt-Hydraulic-Cylinder-480x360.webp 480w\" sizes=\"(min-width: 0px) and (max-width: 480px) 480px, (min-width: 481px) and (max-width: 980px) 980px, (min-width: 981px) 1000px, 100vw\" \/><\/td>\n<td style=\"width: 55.6484%;\" width=\"64\"><img loading=\"lazy\" decoding=\"async\" class=\"alignnone wp-image-283\" src=\"https:\/\/fmp-components.com\/wp-content\/uploads\/2024\/12\/hydraulic-cylinder-factory-5.webp\" alt=\"nh\u00e0 m\u00e1y xi-lanh th\u1ee7y l\u1ef1c\" width=\"542\" height=\"312\" title=\"\"><\/td>\n<\/tr>\n<\/tbody>\n<\/table>\n<p>T\u00e1c gi\u1ea3: CX<\/p>","protected":false},"excerpt":{"rendered":"<p>Xi lanh th\u1ee7y l\u1ef1c n\u00e2ng xe n\u00e2ng c\u00f3 nhi\u1ec7m v\u1ee5 cung c\u1ea5p l\u1ef1c n\u00e2ng theo ph\u01b0\u01a1ng th\u1eb3ng \u0111\u1ee9ng c\u1ea7n thi\u1ebft \u0111\u1ec3 n\u00e2ng v\u00e0 h\u1ea1 c\u00e1c v\u1eadt n\u1eb7ng. Xi lanh n\u00e0y s\u1eed d\u1ee5ng \u00e1p su\u1ea5t th\u1ee7y l\u1ef1c \u0111\u1ec3 n\u00e2ng c\u1ed9t n\u00e2ng v\u00e0 c\u00e1c ph\u1ee5 ki\u1ec7n c\u1ee7a xe n\u00e2ng, cho ph\u00e9p ng\u01b0\u1eddi v\u1eadn h\u00e0nh x\u1eed l\u00fd v\u00e0 di chuy\u1ec3n pallet, container v\u00e0 c\u00e1c v\u1eadt li\u1ec7u kh\u00e1c m\u1ed9t c\u00e1ch hi\u1ec7u qu\u1ea3. \u0110\u01b0\u1ee3c thi\u1ebft k\u1ebf \u0111\u1ec3 ch\u1ecbu \u0111\u01b0\u1ee3c \u00e1p su\u1ea5t cao v\u00e0 ho\u1ea1t \u0111\u1ed9ng n\u1eb7ng nh\u1ecdc, xi lanh th\u1ee7y l\u1ef1c n\u00e2ng \u0111\u1ea3m b\u1ea3o chuy\u1ec3n \u0111\u1ed9ng n\u00e2ng tr\u01a1n tru, \u0111\u01b0\u1ee3c ki\u1ec3m so\u00e1t t\u1ed1t, \u0111\u1ed3ng th\u1eddi duy tr\u00ec s\u1ef1 \u1ed5n \u0111\u1ecbnh v\u00e0 an to\u00e0n, ngay c\u1ea3 khi n\u00e2ng c\u00e1c v\u1eadt ph\u1ea9m l\u1edbn ho\u1eb7c c\u1ed3ng k\u1ec1nh. C\u1ea5u tr\u00fac ch\u1eafc ch\u1eafn c\u1ee7a xi lanh khi\u1ebfn n\u00f3 tr\u1edf th\u00e0nh m\u1ed9t b\u1ed9 ph\u1eadn thi\u1ebft y\u1ebfu cho xe n\u00e2ng ho\u1ea1t \u0111\u1ed9ng trong nh\u00e0 kho, trung t\u00e2m ph\u00e2n ph\u1ed1i v\u00e0 c\u00e1c m\u00f4i tr\u01b0\u1eddng c\u00f4ng nghi\u1ec7p kh\u00e1c, n\u01a1i m\u00e0 vi\u1ec7c n\u00e2ng h\u1ea1 \u0111\u00e1ng tin c\u1eady v\u00e0 m\u1ea1nh m\u1ebd l\u00e0 y\u1ebfu t\u1ed1 then ch\u1ed1t cho n\u0103ng su\u1ea5t.<\/p>","protected":false},"featured_media":311,"comment_status":"open","ping_status":"closed","template":"","meta":{"_et_pb_use_builder":"","_et_pb_old_content":"","_et_gb_content_width":""},"product_brand":[],"product_cat":[20],"product_tag":[],"class_list":{"0":"post-304","1":"product","2":"type-product","3":"status-publish","4":"has-post-thumbnail","6":"product_cat-forklift-hydraulic-cylinders","8":"first","9":"instock","10":"shipping-taxable","11":"product-type-simple"},"_links":{"self":[{"href":"https:\/\/fmp-components.com\/vi\/wp-json\/wp\/v2\/product\/304","targetHints":{"allow":["GET"]}}],"collection":[{"href":"https:\/\/fmp-components.com\/vi\/wp-json\/wp\/v2\/product"}],"about":[{"href":"https:\/\/fmp-components.com\/vi\/wp-json\/wp\/v2\/types\/product"}],"replies":[{"embeddable":true,"href":"https:\/\/fmp-components.com\/vi\/wp-json\/wp\/v2\/comments?post=304"}],"wp:featuredmedia":[{"embeddable":true,"href":"https:\/\/fmp-components.com\/vi\/wp-json\/wp\/v2\/media\/311"}],"wp:attachment":[{"href":"https:\/\/fmp-components.com\/vi\/wp-json\/wp\/v2\/media?parent=304"}],"wp:term":[{"taxonomy":"product_brand","embeddable":true,"href":"https:\/\/fmp-components.com\/vi\/wp-json\/wp\/v2\/product_brand?post=304"},{"taxonomy":"product_cat","embeddable":true,"href":"https:\/\/fmp-components.com\/vi\/wp-json\/wp\/v2\/product_cat?post=304"},{"taxonomy":"product_tag","embeddable":true,"href":"https:\/\/fmp-components.com\/vi\/wp-json\/wp\/v2\/product_tag?post=304"}],"curies":[{"name":"wp","href":"https:\/\/api.w.org\/{rel}","templated":true}]}}