{"id":3036,"date":"2025-01-04T06:44:35","date_gmt":"2025-01-04T06:44:35","guid":{"rendered":"https:\/\/fmp-components.com\/?page_id=8"},"modified":"2025-01-04T06:58:59","modified_gmt":"2025-01-04T06:58:59","slug":"silage-machine-gearbox-fmp-qz-wrxr-for-german-champion-four-disc-type-3500","status":"publish","type":"product","link":"https:\/\/fmp-components.com\/vi\/product\/silage-machine-gearbox-fmp-qz-wrxr-for-german-champion-four-disc-type-3500\/","title":{"rendered":"H\u1ed9p s\u1ed1 m\u00e1y \u1ee7 chua FMP-QZ-WRXR cho m\u00e1y nghi\u1ec1n German Champion Four Disc (Lo\u1ea1i 3500)"},"content":{"rendered":"<h2>K\u00edch th\u01b0\u1edbc h\u1ed9p s\u1ed1 m\u00e1y \u1ee7 chua FMP-QZ-WRXR<\/h2>\n<p><img loading=\"lazy\" decoding=\"async\" class=\"alignnone size-full wp-image-3039\" src=\"https:\/\/fmp-components.com\/wp-content\/uploads\/2025\/01\/Silage-Machine-Gearbox-EP-QZ-WRXR-Dimensions-1.webp\" alt=\"M\u00e1y \u1ee7 chua - H\u1ed9p s\u1ed1 - EP - QZ - WRXR - K\u00edch th\u01b0\u1edbc - 1\" width=\"1332\" height=\"626\" title=\"\" srcset=\"https:\/\/fmp-components.com\/wp-content\/uploads\/2025\/01\/Silage-Machine-Gearbox-EP-QZ-WRXR-Dimensions-1.webp 1332w, https:\/\/fmp-components.com\/wp-content\/uploads\/2025\/01\/Silage-Machine-Gearbox-EP-QZ-WRXR-Dimensions-1-1280x602.webp 1280w, https:\/\/fmp-components.com\/wp-content\/uploads\/2025\/01\/Silage-Machine-Gearbox-EP-QZ-WRXR-Dimensions-1-980x461.webp 980w, https:\/\/fmp-components.com\/wp-content\/uploads\/2025\/01\/Silage-Machine-Gearbox-EP-QZ-WRXR-Dimensions-1-480x226.webp 480w\" sizes=\"(min-width: 0px) and (max-width: 480px) 480px, (min-width: 481px) and (max-width: 980px) 980px, (min-width: 981px) and (max-width: 1280px) 1280px, (min-width: 1281px) 1332px, 100vw\" \/><\/p>\n<p><img loading=\"lazy\" decoding=\"async\" class=\"alignnone size-full wp-image-3038\" src=\"https:\/\/fmp-components.com\/wp-content\/uploads\/2025\/01\/Silage-Machine-Gearbox-EP-QZ-WRXR-Dimensions-2.webp\" alt=\"M\u00e1y \u1ee7 chua - H\u1ed9p s\u1ed1 - EP - QZ - WRXR - K\u00edch th\u01b0\u1edbc - 2\" width=\"1332\" height=\"569\" title=\"\" srcset=\"https:\/\/fmp-components.com\/wp-content\/uploads\/2025\/01\/Silage-Machine-Gearbox-EP-QZ-WRXR-Dimensions-2.webp 1332w, https:\/\/fmp-components.com\/wp-content\/uploads\/2025\/01\/Silage-Machine-Gearbox-EP-QZ-WRXR-Dimensions-2-1280x547.webp 1280w, https:\/\/fmp-components.com\/wp-content\/uploads\/2025\/01\/Silage-Machine-Gearbox-EP-QZ-WRXR-Dimensions-2-980x419.webp 980w, https:\/\/fmp-components.com\/wp-content\/uploads\/2025\/01\/Silage-Machine-Gearbox-EP-QZ-WRXR-Dimensions-2-480x205.webp 480w\" sizes=\"(min-width: 0px) and (max-width: 480px) 480px, (min-width: 481px) and (max-width: 980px) 980px, (min-width: 981px) and (max-width: 1280px) 1280px, (min-width: 1281px) 1332px, 100vw\" \/><\/p>\n<h2>H\u1ed9p s\u1ed1 m\u00e1y \u1ee7 chua FMP-QZ-WRXR D\u1eef li\u1ec7u k\u1ef9 thu\u1eadt<\/h2>\n<table style=\"width: 94.2519%; height: 94px;\" border=\"1\" cellspacing=\"0\" cellpadding=\"0\">\n<tbody>\n<tr>\n<td>T\u00ean<\/td>\n<td>Th\u00edch h\u1ee3p<\/td>\n<td>Xoay<\/td>\n<td>lo\u1ea1t ti\u00eau \u0111\u1ec1<\/td>\n<td>m\u1ecdc r\u0103ng<\/td>\n<\/tr>\n<tr>\n<td>H\u1ed9p \u0111\u1ef1ng th\u1ee9c \u0103n<\/td>\n<td>m\u00e1y \u1ee7 chua<\/td>\n<td>xoay ph\u1ea3i<\/td>\n<td>D\u00f2ng 3<\/td>\n<td>R\u0103ng xo\u1eafn \u1ed1c Gleason<\/td>\n<\/tr>\n<tr>\n<td colspan=\"5\">L\u01b0u \u00fd: N\u1ebfu b\u1ea1n c\u00f3 b\u1ea5t k\u1ef3 y\u00eau c\u1ea7u \u0111\u1eb7c bi\u1ec7t n\u00e0o, vui l\u00f2ng cho t\u00f4i bi\u1ebft, ch\u00fang t\u00f4i c\u0169ng ch\u1ea5p nh\u1eadn t\u00f9y ch\u1ec9nh.<\/td>\n<\/tr>\n<\/tbody>\n<\/table>\n<h2>\u0110\u1eb7c \u0111i\u1ec3m c\u1ee7a h\u1ed9p s\u1ed1 m\u00e1y \u1ee7 chua EP-QZ-WRXR d\u00e0nh cho m\u00e1y nghi\u1ec1n b\u1ed1n \u0111\u0129a German Champion (Lo\u1ea1i 3500)<\/h2>\n<p>H\u1ed9p s\u1ed1 m\u00e1y \u1ee7 chua FMP-QZ-WRXR d\u00e0nh cho m\u00e1y German Champion Four Disc (Lo\u1ea1i 3500) \u0111\u01b0\u1ee3c thi\u1ebft k\u1ebf \u0111\u1ec3 mang l\u1ea1i hi\u1ec7u su\u1ea5t v\u00e0 \u0111\u1ed9 tin c\u1eady v\u01b0\u1ee3t tr\u1ed9i trong c\u00e1c \u1ee9ng d\u1ee5ng thu ho\u1ea1ch \u1ee7 chua v\u00e0 ch\u1ebf bi\u1ebfn th\u1ee9c \u0103n ch\u0103n nu\u00f4i. D\u01b0\u1edbi \u0111\u00e2y l\u00e0 c\u00e1c t\u00ednh n\u0103ng ch\u00ednh c\u1ee7a h\u1ed9p s\u1ed1 n\u00e0y:<\/p>\n<h3>1. Kh\u1ea3 n\u0103ng m\u00f4-men xo\u1eafn cao<\/h3>\n<ul>\n<li>H\u1ed9p s\u1ed1 FMP-QZ-WRXR \u0111\u01b0\u1ee3c thi\u1ebft k\u1ebf \u0111\u1ec3 \u0111\u00e1p \u1ee9ng y\u00eau c\u1ea7u m\u00f4-men xo\u1eafn cao, \u0111\u1ea3m b\u1ea3o v\u1eadn h\u00e0nh \u00eam \u00e1i ngay c\u1ea3 trong \u0111i\u1ec1u ki\u1ec7n t\u1ea3i n\u1eb7ng. T\u00ednh n\u0103ng n\u00e0y r\u1ea5t quan tr\u1ecdng \u0111\u1ed1i v\u1edbi m\u00e1y \u1ee7 chua, c\u1ea7n c\u1eaft nh\u1ecf c\u00e1c lo\u1ea1i c\u00e2y tr\u1ed3ng th\u1ee9c \u0103n ch\u0103n nu\u00f4i d\u00e0y \u0111\u1eb7c, nhi\u1ec1u x\u01a1 m\u00e0 kh\u00f4ng \u1ea3nh h\u01b0\u1edfng \u0111\u1ebfn hi\u1ec7u su\u1ea5t.<\/li>\n<\/ul>\n<h3>2. K\u1ef9 thu\u1eadt ch\u00ednh x\u00e1c cho \u0111\u1ed9 tin c\u1eady<\/h3>\n<ul>\n<li>\u0110\u01b0\u1ee3c s\u1ea3n xu\u1ea5t v\u1edbi k\u1ef9 thu\u1eadt ch\u00ednh x\u00e1c, h\u1ed9p s\u1ed1 \u0111\u1ea3m b\u1ea3o m\u1ecdi b\u1ed9 ph\u1eadn ho\u1ea1t \u0111\u1ed9ng li\u1ec1n m\u1ea1ch v\u1edbi nhau, mang l\u1ea1i hi\u1ec7u su\u1ea5t v\u00e0 \u0111\u1ed9 tin c\u1eady nh\u1ea5t qu\u00e1n. M\u1ee9c \u0111\u1ed9 k\u1ef9 thu\u1eadt n\u00e0y gi\u00fap gi\u1ea3m thi\u1ec3u hao m\u00f2n, k\u00e9o d\u00e0i tu\u1ed5i th\u1ecd h\u1ed9p s\u1ed1 v\u00e0 gi\u1ea3m chi ph\u00ed b\u1ea3o tr\u00ec.<\/li>\n<\/ul>\n<h3>3. Truy\u1ec1n t\u1ea3i \u0111i\u1ec7n hi\u1ec7u qu\u1ea3<\/h3>\n<ul>\n<li>H\u1ed9p s\u1ed1 \u0111\u01b0\u1ee3c t\u1ed1i \u01b0u h\u00f3a \u0111\u1ec3 truy\u1ec1n l\u1ef1c hi\u1ec7u qu\u1ea3 t\u1eeb tr\u1ee5c PTO c\u1ee7a m\u00e1y k\u00e9o \u0111\u1ebfn c\u00e1c \u0111\u0129a c\u1eaft. N\u00f3 \u0111\u1ea3m b\u1ea3o n\u0103ng l\u01b0\u1ee3ng do PTO t\u1ea1o ra \u0111\u01b0\u1ee3c chuy\u1ec3n \u0111\u1ed5i hi\u1ec7u qu\u1ea3 th\u00e0nh chuy\u1ec3n \u0111\u1ed9ng quay c\u1ea7n thi\u1ebft \u0111\u1ec3 v\u1eadn h\u00e0nh c\u01a1 c\u1ea5u c\u1eaft c\u1ee7a m\u00e1y \u1ee7 chua, c\u1ea3i thi\u1ec7n hi\u1ec7u su\u1ea5t v\u1eadn h\u00e0nh t\u1ed5ng th\u1ec3.<\/li>\n<\/ul>\n<h3>4. Gi\u1ea3m t\u1ed1c \u0111\u1ed9 v\u00e0 khu\u1ebfch \u0111\u1ea1i m\u00f4-men xo\u1eafn<\/h3>\n<ul>\n<li>\u0110\u01b0\u1ee3c thi\u1ebft k\u1ebf \u0111\u1ec3 gi\u1ea3m t\u1ed1c \u0111\u1ed9 \u0111\u1ea7u v\u00e0o v\u00e0 khu\u1ebfch \u0111\u1ea1i m\u00f4-men xo\u1eafn, h\u1ed9p s\u1ed1 \u0111\u1ea3m b\u1ea3o c\u00e1c \u0111\u0129a c\u1eaft ho\u1ea1t \u0111\u1ed9ng \u1edf t\u1ed1c \u0111\u1ed9 t\u1ed1i \u01b0u \u0111\u1ec3 c\u1eaft c\u00e1c lo\u1ea1i c\u00e2y tr\u1ed3ng l\u00e0m th\u1ee9c \u0103n ch\u0103n nu\u00f4i. B\u1eb1ng c\u00e1ch gi\u1ea3m t\u1ed1c \u0111\u1ed9 quay cao c\u1ee7a PTO tr\u00ean m\u00e1y k\u00e9o, h\u1ed9p s\u1ed1 cho ph\u00e9p m\u00e1y ch\u1ea1y \u1edf t\u1ed1c \u0111\u1ed9 ch\u1eadm h\u01a1n c\u1ea7n thi\u1ebft \u0111\u1ec3 c\u1eaft hi\u1ec7u qu\u1ea3 trong khi v\u1eabn duy tr\u00ec c\u00f4ng su\u1ea5t c\u1ea7n thi\u1ebft \u0111\u1ec3 x\u1eed l\u00fd t\u1ea3i tr\u1ecdng n\u1eb7ng.<\/li>\n<\/ul>\n<h3>5. Thi\u1ebft k\u1ebf nh\u1ecf g\u1ecdn v\u00e0 ch\u1eafc ch\u1eafn<\/h3>\n<ul>\n<li>Thi\u1ebft k\u1ebf nh\u1ecf g\u1ecdn v\u00e0 ch\u1eafc ch\u1eafn c\u1ee7a h\u1ed9p s\u1ed1 FMP-QZ-WRXR gi\u00fap n\u00f3 ph\u00f9 h\u1ee3p \u0111\u1ec3 s\u1eed d\u1ee5ng trong m\u00f4i tr\u01b0\u1eddng n\u00f4ng nghi\u1ec7p kh\u1eafc nghi\u1ec7t. K\u1ebft c\u1ea5u ch\u1eafc ch\u1eafn c\u1ee7a n\u00f3 \u0111\u1ea3m b\u1ea3o ch\u1ecbu \u0111\u01b0\u1ee3c \u00e1p l\u1ef1c v\u1eadt l\u00fd khi s\u1eed d\u1ee5ng li\u00ean t\u1ee5c trong \u0111i\u1ec1u ki\u1ec7n \u0111\u1ed3ng ru\u1ed9ng kh\u1eafc nghi\u1ec7t, mang l\u1ea1i \u0111\u1ed9 b\u1ec1n v\u00e0 \u0111\u1ed9 tin c\u1eady l\u00e2u d\u00e0i.<\/li>\n<\/ul>\n<p>H\u1ed9p s\u1ed1 m\u00e1y \u1ee7 chua FMP-QZ-WRXR d\u00e0nh cho m\u00e1y German Champion Four Disc (Ki\u1ec3u 3500) k\u1ebft h\u1ee3p k\u1ef9 thu\u1eadt hi\u1ec7u su\u1ea5t cao, \u0111\u1ed9 b\u1ec1n v\u00e0 kh\u1ea3 n\u0103ng th\u00edch \u1ee9ng, tr\u1edf th\u00e0nh m\u1ed9t th\u00e0nh ph\u1ea7n thi\u1ebft y\u1ebfu trong thi\u1ebft b\u1ecb thu ho\u1ea1ch th\u1ee9c \u0103n ch\u0103n nu\u00f4i v\u00e0 \u1ee7 chua hi\u1ec7n \u0111\u1ea1i. H\u1ed9p s\u1ed1 n\u00e0y \u0111\u1ea3m b\u1ea3o hi\u1ec7u su\u1ea5t t\u1ed1i \u01b0u trong c\u00e1c ho\u1ea1t \u0111\u1ed9ng n\u00f4ng nghi\u1ec7p \u0111\u00f2i h\u1ecfi kh\u1eaft khe, \u0111\u1ed3ng th\u1eddi mang l\u1ea1i s\u1ef1 linh ho\u1ea1t, \u0111\u1ed9 tin c\u1eady v\u00e0 hi\u1ec7u qu\u1ea3.<\/p>\n<p><img loading=\"lazy\" decoding=\"async\" class=\"alignnone size-full wp-image-2971\" src=\"https:\/\/fmp-components.com\/wp-content\/uploads\/2025\/01\/Silage-Machine-Gearbox-EP-QZ-WRXL-for-German-Champion-Four-Disc-Type-3500.webp\" alt=\"H\u1ed9p s\u1ed1 m\u00e1y \u1ee7 chua EP QZ WRXL cho nh\u00e0 v\u00f4 \u0111\u1ecbch \u0110\u1ee9c lo\u1ea1i 4 \u0111\u0129a 3500\" width=\"1024\" height=\"607\" title=\"\" srcset=\"https:\/\/fmp-components.com\/wp-content\/uploads\/2025\/01\/Silage-Machine-Gearbox-EP-QZ-WRXL-for-German-Champion-Four-Disc-Type-3500.webp 1024w, https:\/\/fmp-components.com\/wp-content\/uploads\/2025\/01\/Silage-Machine-Gearbox-EP-QZ-WRXL-for-German-Champion-Four-Disc-Type-3500-980x581.webp 980w, https:\/\/fmp-components.com\/wp-content\/uploads\/2025\/01\/Silage-Machine-Gearbox-EP-QZ-WRXL-for-German-Champion-Four-Disc-Type-3500-480x285.webp 480w\" sizes=\"(min-width: 0px) and (max-width: 480px) 480px, (min-width: 481px) and (max-width: 980px) 980px, (min-width: 981px) 1024px, 100vw\" \/><\/p>\n<h2>\u1ee8ng d\u1ee5ng c\u1ee7a h\u1ed9p s\u1ed1 m\u00e1y \u1ee7 chua FMP-QZ-WRXR cho m\u00e1y nghi\u1ec1n German Champion Four Disc (Lo\u1ea1i 3500)<\/h2>\n<p>H\u1ed9p s\u1ed1 m\u00e1y \u1ee7 chua FMP-QZ-WRXR d\u00e0nh cho m\u00e1y German Champion Four Disc (Ki\u1ec3u 3500) l\u00e0 m\u1ed9t b\u1ed9 ph\u1eadn hi\u1ec7u su\u1ea5t cao, \u0111\u01b0\u1ee3c thi\u1ebft k\u1ebf ch\u00ednh x\u00e1c, \u0111\u01b0\u1ee3c thi\u1ebft k\u1ebf \u0111\u1eb7c bi\u1ec7t cho m\u00e1y m\u00f3c n\u00f4ng nghi\u1ec7p d\u00f9ng trong thu ho\u1ea1ch th\u1ee9c \u0103n \u1ee7 chua v\u00e0 ch\u1ebf bi\u1ebfn th\u1ee9c \u0103n gia s\u00fac. D\u01b0\u1edbi \u0111\u00e2y l\u00e0 c\u00e1c \u1ee9ng d\u1ee5ng ch\u00ednh c\u1ee7a h\u1ed9p s\u1ed1 n\u00e0y:<\/p>\n<h3>1. Thu ho\u1ea1ch v\u00e0 ch\u1ebf bi\u1ebfn th\u1ee9c \u0103n \u1ee7 chua<\/h3>\n<ul>\n<li>\u1ee8ng d\u1ee5ng ch\u00ednh: H\u1ed9p s\u1ed1 FMP-QZ-WRXR ch\u1ee7 y\u1ebfu \u0111\u01b0\u1ee3c s\u1eed d\u1ee5ng trong m\u00e1y \u1ee7 chua, n\u01a1i n\u00f3 d\u1eabn \u0111\u1ed9ng c\u00e1c \u0111\u0129a c\u1eaft \u0111\u1ec3 c\u1eaft v\u00e0 ch\u1ebf bi\u1ebfn c\u00e2y tr\u1ed3ng l\u00e0m th\u1ee9c \u0103n ch\u0103n nu\u00f4i. B\u1eb1ng c\u00e1ch truy\u1ec1n l\u1ef1c hi\u1ec7u qu\u1ea3 t\u1eeb tr\u1ee5c PTO \u0111\u1ebfn c\u00e1c \u0111\u0129a c\u1eaft, h\u1ed9p s\u1ed1 cho ph\u00e9p m\u00e1y thu ho\u1ea1ch nhi\u1ec1u lo\u1ea1i c\u00e2y tr\u1ed3ng l\u00e0m th\u1ee9c \u0103n ch\u0103n nu\u00f4i, ch\u1eb3ng h\u1ea1n nh\u01b0 ng\u00f4, c\u1ecf, c\u1ecf linh l\u0103ng v\u00e0 l\u00faa mi\u1ebfn, th\u00e0nh nguy\u00ean li\u1ec7u b\u0103m nh\u1ecf, th\u00edch h\u1ee3p \u0111\u1ec3 l\u01b0u tr\u1eef l\u00e0m th\u1ee9c \u0103n \u1ee7 chua.<\/li>\n<li>C\u00e1c lo\u1ea1i c\u00e2y tr\u1ed3ng: H\u1ed9p s\u1ed1 h\u1ed7 tr\u1ee3 thu ho\u1ea1ch c\u1ea3 c\u00e1c lo\u1ea1i c\u00e2y tr\u1ed3ng c\u00f3 \u0111\u1ed9 \u1ea9m cao (nh\u01b0 ng\u00f4) v\u00e0 c\u00e1c lo\u1ea1i c\u00e2y tr\u1ed3ng kh\u00f4 h\u01a1n (nh\u01b0 c\u1ecf v\u00e0 c\u00e2y h\u1ecd \u0111\u1eadu), \u0111\u1ea3m b\u1ea3o hi\u1ec7u su\u1ea5t t\u1ed1i \u01b0u cho c\u00e1c lo\u1ea1i c\u00e2y tr\u1ed3ng kh\u00e1c nhau.<\/li>\n<\/ul>\n<h3>2. C\u1eaft v\u00e0 b\u0103m th\u1ee9c \u0103n ch\u0103n nu\u00f4i<\/h3>\n<ul>\n<li>H\u1ed9p s\u1ed1 truy\u1ec1n \u0111\u1ed9ng cho c\u00e1c \u0111\u0129a c\u1eaft \u0111\u1ec3 b\u0103m nh\u1ecf th\u1ee9c \u0103n ch\u0103n nu\u00f4i \u0111\u00e3 thu ho\u1ea1ch. K\u1ef9 thu\u1eadt ch\u00ednh x\u00e1c c\u1ee7a FMP-QZ-WRXR \u0111\u1ea3m b\u1ea3o c\u00e1c \u0111\u0129a ho\u1ea1t \u0111\u1ed9ng \u1edf t\u1ed1c \u0111\u1ed9 v\u00e0 m\u00f4-men xo\u1eafn t\u1ed1i \u01b0u, mang l\u1ea1i \u0111\u1ed9 d\u00e0i c\u1eaft \u0111\u1ed3ng \u0111\u1ec1u, r\u1ea5t quan tr\u1ecdng cho qu\u00e1 tr\u00ecnh l\u00ean men th\u00edch h\u1ee3p trong qu\u00e1 tr\u00ecnh b\u1ea3o qu\u1ea3n th\u1ee9c \u0103n \u1ee7 chua.<\/li>\n<li>C\u1eaft \u0111\u1ed3ng \u0111\u1ec1u: \u0110\u1ea3m b\u1ea3o c\u1eaft \u0111\u1ed3ng \u0111\u1ec1u v\u1eadt li\u1ec7u tr\u1ed3ng tr\u1ecdt, c\u1ea3i thi\u1ec7n qu\u00e1 tr\u00ecnh l\u00ean men v\u00e0 ch\u1ea5t l\u01b0\u1ee3ng th\u1ee9c \u0103n, \u0111i\u1ec1u n\u00e0y r\u1ea5t quan tr\u1ecdng \u0111\u1ed1i v\u1edbi dinh d\u01b0\u1ee1ng c\u1ee7a v\u1eadt nu\u00f4i.<\/li>\n<\/ul>\n<h3>3. S\u1ea3n xu\u1ea5t c\u1ecf kh\u00f4 v\u00e0 th\u1ee9c \u0103n th\u00f4 c\u00f3 \u0111\u1ed9 \u1ea9m cao<\/h3>\n<ul>\n<li>T\u01b0\u01a1ng t\u1ef1 nh\u01b0 vai tr\u00f2 c\u1ee7a n\u00f3 trong thu ho\u1ea1ch th\u1ee9c \u0103n \u1ee7 chua, h\u1ed9p s\u1ed1 FMP-QZ-WRXR c\u00f3 th\u1ec3 \u0111\u01b0\u1ee3c \u1ee9ng d\u1ee5ng trong s\u1ea3n xu\u1ea5t c\u1ecf kh\u00f4 \u1ee7 chua, n\u01a1i n\u00f3 cung c\u1ea5p n\u0103ng l\u01b0\u1ee3ng cho c\u00e1c m\u00e1y b\u0103m v\u00e0 ch\u1ebf bi\u1ebfn th\u1ee9c \u0103n \u01b0\u1edbt \u0111\u1ec3 l\u01b0u tr\u1eef. Kh\u1ea3 n\u0103ng x\u1eed l\u00fd c\u00e1c \u1ee9ng d\u1ee5ng m\u00f4-men xo\u1eafn cao c\u1ee7a h\u1ed9p s\u1ed1 l\u00e0 r\u1ea5t quan tr\u1ecdng trong nh\u1eefng \u0111i\u1ec1u ki\u1ec7n n\u00e0y \u0111\u1ec3 duy tr\u00ec hi\u1ec7u su\u1ea5t \u1ed5n \u0111\u1ecbnh trong khi x\u1eed l\u00fd c\u00e1c v\u1eadt li\u1ec7u \u01b0\u1edbt h\u01a1n, \u0111\u1eb7c h\u01a1n.<\/li>\n<li>Duy tr\u00ec \u0111\u1ed9 \u1ea9m: H\u1ed9p s\u1ed1 cho ph\u00e9p m\u00e1y ho\u1ea1t \u0111\u1ed9ng hi\u1ec7u qu\u1ea3 m\u00e0 kh\u00f4ng l\u00e0m m\u1ea5t \u0111\u1ed9 \u1ea9m, y\u1ebfu t\u1ed1 c\u1ea7n thi\u1ebft \u0111\u1ec3 s\u1ea3n xu\u1ea5t c\u1ecf kh\u00f4 \u1ee7 chua ch\u1ea5t l\u01b0\u1ee3ng cao.<\/li>\n<\/ul>\n<h3>4. C\u1ecf v\u00e0 c\u00e2y h\u1ecd \u0111\u1eadu \u1ee7 chua<\/h3>\n<ul>\n<li>H\u1ed9p s\u1ed1 n\u00e0y c\u1ef1c k\u1ef3 hi\u1ec7u qu\u1ea3 trong vi\u1ec7c x\u1eed l\u00fd c\u1ecf \u1ee7 chua (nh\u01b0 c\u1ecf l\u00faa m\u1ea1ch \u0111en, c\u1ecf timothy v\u00e0 c\u1ecf ba l\u00e1) v\u00e0 c\u1ecf h\u1ecd \u0111\u1eadu \u1ee7 chua, v\u1ed1n l\u00e0 nh\u1eefng lo\u1ea1i th\u1ee9c \u0103n thi\u1ebft y\u1ebfu cho b\u00f2 s\u1eefa v\u00e0 b\u00f2 th\u1ecbt. Kh\u1ea3 n\u0103ng x\u1eed l\u00fd nhi\u1ec1u lo\u1ea1i nguy\u00ean li\u1ec7u c\u00e2y tr\u1ed3ng v\u00e0 \u0111\u1ea3m b\u1ea3o b\u0103m nh\u1ecf \u0111\u1ed3ng \u0111\u1ec1u l\u00e0 y\u1ebfu t\u1ed1 quan tr\u1ecdng \u0111\u1ec3 t\u1ea1o ra th\u1ee9c \u0103n \u1ee7 chua ch\u1ea5t l\u01b0\u1ee3ng cao, c\u1ea3i thi\u1ec7n gi\u00e1 tr\u1ecb dinh d\u01b0\u1ee1ng cho v\u1eadt nu\u00f4i.<\/li>\n<li>T\u1ed1i \u01b0u h\u00f3a ch\u1ea5t l\u01b0\u1ee3ng th\u1ee9c \u0103n: B\u1eb1ng c\u00e1ch t\u1ea1o \u0111i\u1ec1u ki\u1ec7n cho vi\u1ec7c c\u1eaft nh\u1ecf ch\u00ednh x\u00e1c, \u0111\u1ea3m b\u1ea3o th\u1ee9c \u0103n \u1ee7 chua \u0111\u01b0\u1ee3c chu\u1ea9n b\u1ecb \u0111\u00fang c\u00e1ch \u0111\u1ec3 l\u00ean men, t\u0103ng kh\u1ea3 n\u0103ng ti\u00eau h\u00f3a v\u00e0 gi\u00e1 tr\u1ecb dinh d\u01b0\u1ee1ng.<\/li>\n<\/ul>\n<h3>5. N\u00f4ng nghi\u1ec7p th\u01b0\u01a1ng m\u1ea1i kh\u1ed1i l\u01b0\u1ee3ng l\u1edbn<\/h3>\n<ul>\n<li>H\u1ed9p s\u1ed1 FMP-QZ-WRXR l\u00fd t\u01b0\u1edfng cho vi\u1ec7c thu ho\u1ea1ch c\u1ecf \u1ee7 chua quy m\u00f4 l\u1edbn t\u1ea1i c\u00e1c trang tr\u1ea1i th\u01b0\u01a1ng m\u1ea1i. N\u00f3 c\u00f3 th\u1ec3 x\u1eed l\u00fd kh\u1ed1i l\u01b0\u1ee3ng l\u1edbn c\u00e2y tr\u1ed3ng l\u00e0m th\u1ee9c \u0103n ch\u0103n nu\u00f4i, khi\u1ebfn n\u00f3 tr\u1edf th\u00e0nh m\u1ed9t th\u00e0nh ph\u1ea7n thi\u1ebft y\u1ebfu trong v\u1eadn h\u00e0nh m\u00e1y g\u1eb7t t\u1ef1 h\u00e0nh c\u1ee1 l\u1edbn ho\u1eb7c m\u00e1y c\u1eaft c\u1ecf \u1ee7 chua k\u00e9o ph\u00eda sau. Thi\u1ebft k\u1ebf ch\u1eafc ch\u1eafn c\u1ee7a h\u1ed9p s\u1ed1 \u0111\u1ea3m b\u1ea3o \u0111\u1ed9 tin c\u1eady trong c\u00e1c ho\u1ea1t \u0111\u1ed9ng li\u00ean t\u1ee5c, c\u01b0\u1eddng \u0111\u1ed9 cao, \u0111\u1eb7c tr\u01b0ng c\u1ee7a c\u00e1c c\u01a1 s\u1edf n\u00f4ng nghi\u1ec7p quy m\u00f4 l\u1edbn.<\/li>\n<li>\u0110\u1ed9 b\u1ec1n trong c\u00e1c ho\u1ea1t \u0111\u1ed9ng n\u1eb7ng: Kh\u1ea3 n\u0103ng truy\u1ec1n m\u00f4-men xo\u1eafn cao c\u1ee7a h\u1ed9p s\u1ed1 m\u00e0 kh\u00f4ng \u1ea3nh h\u01b0\u1edfng \u0111\u1ebfn hi\u1ec7u su\u1ea5t khi\u1ebfn n\u00f3 tr\u1edf n\u00ean ho\u00e0n h\u1ea3o cho c\u00e1c ho\u1ea1t \u0111\u1ed9ng n\u00f4ng nghi\u1ec7p n\u1eb7ng, c\u1ea3i thi\u1ec7n hi\u1ec7u qu\u1ea3 v\u00e0 gi\u1ea3m th\u1eddi gian ch\u1ebft m\u00e1y.<\/li>\n<\/ul>\n<p>V\u1ec1 c\u01a1 b\u1ea3n, h\u1ed9p s\u1ed1 FMP-QZ-WRXR l\u00e0 m\u1ed9t b\u1ed9 ph\u1eadn m\u1ea1nh m\u1ebd, \u0111a n\u0103ng v\u00e0 hi\u1ec7u qu\u1ea3 cao d\u00e0nh cho m\u00e1y m\u00f3c n\u00f4ng nghi\u1ec7p, \u0111\u01b0\u1ee3c thi\u1ebft k\u1ebf \u0111\u1eb7c bi\u1ec7t \u0111\u1ec3 t\u1ed1i \u01b0u h\u00f3a vi\u1ec7c thu ho\u1ea1ch v\u00e0 ch\u1ebf bi\u1ebfn th\u1ee9c \u0103n \u1ee7 chua. N\u00f3 \u0111\u1ea3m b\u1ea3o v\u1eadn h\u00e0nh tr\u01a1n tru trong \u0111i\u1ec1u ki\u1ec7n kh\u1eafc nghi\u1ec7t, c\u1ea3i thi\u1ec7n ch\u1ea5t l\u01b0\u1ee3ng th\u1ee9c \u0103n v\u00e0 h\u1ed7 tr\u1ee3 c\u00e1c ho\u1ea1t \u0111\u1ed9ng ch\u0103n nu\u00f4i quy m\u00f4 l\u1edbn.<\/p>\n<p><img loading=\"lazy\" decoding=\"async\" class=\"alignnone size-full wp-image-2972\" src=\"https:\/\/fmp-components.com\/wp-content\/uploads\/2025\/01\/Silage-Machine-Gearbox-for-German-Champion-Four-Disc-Type-3500-Working-Principle-scaled.webp\" alt=\"H\u1ed9p s\u1ed1 m\u00e1y \u1ee7 chua cho nh\u00e0 v\u00f4 \u0111\u1ecbch \u0110\u1ee9c lo\u1ea1i b\u1ed1n \u0111\u0129a 3500 nguy\u00ean l\u00fd ho\u1ea1t \u0111\u1ed9ng\" width=\"2560\" height=\"1212\" title=\"\" srcset=\"https:\/\/fmp-components.com\/wp-content\/uploads\/2025\/01\/Silage-Machine-Gearbox-for-German-Champion-Four-Disc-Type-3500-Working-Principle-scaled.webp 2560w, https:\/\/fmp-components.com\/wp-content\/uploads\/2025\/01\/Silage-Machine-Gearbox-for-German-Champion-Four-Disc-Type-3500-Working-Principle-1280x606.webp 1280w, https:\/\/fmp-components.com\/wp-content\/uploads\/2025\/01\/Silage-Machine-Gearbox-for-German-Champion-Four-Disc-Type-3500-Working-Principle-980x464.webp 980w, https:\/\/fmp-components.com\/wp-content\/uploads\/2025\/01\/Silage-Machine-Gearbox-for-German-Champion-Four-Disc-Type-3500-Working-Principle-480x227.webp 480w\" sizes=\"(min-width: 0px) and (max-width: 480px) 480px, (min-width: 481px) and (max-width: 980px) 980px, (min-width: 981px) and (max-width: 1280px) 1280px, (min-width: 1281px) 2560px, 100vw\" \/><\/p>\n<h2>Gi\u1edbi thi\u1ec7u v\u1ec1 FMP<\/h2>\n<p>C\u00f3 tr\u1ee5 s\u1edf ch\u00ednh t\u1ea1i \u00dd, FMP l\u00e0 nh\u00e0 s\u1ea3n xu\u1ea5t h\u00e0ng \u0111\u1ea7u \u0111\u01b0\u1ee3c c\u00f4ng nh\u1eadn v\u1ec1 chuy\u00ean m\u00f4n trong thi\u1ebft k\u1ebf, ph\u00e1t tri\u1ec3n v\u00e0 s\u1ea3n xu\u1ea5t h\u1ed9p s\u1ed1 hi\u1ec7u su\u1ea5t cao, \u0111\u1eb7c bi\u1ec7t t\u1eadp trung v\u00e0o ng\u00e0nh c\u00f4ng nghi\u1ec7p m\u00e1y m\u00f3c n\u00f4ng nghi\u1ec7p. N\u1ed5i ti\u1ebfng v\u1edbi k\u1ef9 thu\u1eadt ch\u00ednh x\u00e1c, gi\u1ea3i ph\u00e1p ti\u00ean ti\u1ebfn v\u00e0 \u0111\u1ed9 tin c\u1eady tuy\u1ec7t \u0111\u1ed1i, FMP \u0111\u00e3 t\u1ea1o d\u1ef1ng \u0111\u01b0\u1ee3c danh ti\u1ebfng l\u00e0 \u0111\u1ed1i t\u00e1c \u0111\u00e1ng tin c\u1eady cho c\u1ea3 l\u0129nh v\u1ef1c n\u00f4ng nghi\u1ec7p v\u00e0 c\u00f4ng nghi\u1ec7p. Danh m\u1ee5c s\u1ea3n ph\u1ea9m phong ph\u00fa c\u1ee7a ch\u00fang t\u00f4i bao g\u1ed3m h\u1ed9p s\u1ed1 \u0111\u01b0\u1ee3c thi\u1ebft k\u1ebf ri\u00eang cho m\u00e1y c\u1eaft c\u1ecf, tr\u1ee5c PTO v\u00e0 c\u00e1c linh ki\u1ec7n thi\u1ebft y\u1ebfu kh\u00e1c, t\u1ea5t c\u1ea3 \u0111\u1ec1u \u0111\u01b0\u1ee3c thi\u1ebft k\u1ebf \u0111\u1ec3 \u0111\u00e1p \u1ee9ng nhu c\u1ea7u \u0111a d\u1ea1ng c\u1ee7a nhi\u1ec1u \u1ee9ng d\u1ee5ng kh\u00e1c nhau.<\/p>\n<p>T\u1ea1i FMP, ch\u00fang t\u00f4i hi\u1ec3u r\u1eb1ng m\u1ed7i kh\u00e1ch h\u00e0ng \u0111\u1ec1u c\u00f3 nh\u1eefng th\u00e1ch th\u1ee9c v\u00e0 y\u00eau c\u1ea7u ri\u00eang. \u0110\u00f3 l\u00e0 l\u00fd do t\u1ea1i sao ch\u00fang t\u00f4i chuy\u00ean cung c\u1ea5p c\u00e1c gi\u1ea3i ph\u00e1p \u0111\u01b0\u1ee3c thi\u1ebft k\u1ebf ri\u00eang, d\u00f9 l\u00e0 cho t\u1eebng th\u00e0nh ph\u1ea7n ri\u00eang l\u1ebb hay h\u1ec7 th\u1ed1ng t\u00edch h\u1ee3p ho\u00e0n ch\u1ec9nh. B\u1eb1ng c\u00e1ch h\u1ee3p t\u00e1c ch\u1eb7t ch\u1ebd v\u1edbi kh\u00e1ch h\u00e0ng, ch\u00fang t\u00f4i \u0111\u1ea3m b\u1ea3o r\u1eb1ng m\u1ecdi gi\u1ea3i ph\u00e1p kh\u00f4ng ch\u1ec9 \u0111\u00e1p \u1ee9ng nhu c\u1ea7u c\u1ee5 th\u1ec3 c\u1ee7a h\u1ecd m\u00e0 c\u00f2n n\u00e2ng cao c\u1ea3 hi\u1ec7u su\u1ea5t v\u00e0 gi\u00e1 tr\u1ecb. Cam k\u1ebft ph\u1ea3n h\u1ed3i nhanh ch\u00f3ng, chuy\u00ean nghi\u1ec7p c\u00f9ng v\u1edbi s\u1ef1 h\u01b0\u1edbng d\u1eabn t\u1eadn t\u00ecnh c\u1ee7a chuy\u00ean gia \u0111\u1ea3m b\u1ea3o m\u1ecdi th\u1eafc m\u1eafc \u0111\u1ec1u \u0111\u01b0\u1ee3c gi\u1ea3i quy\u1ebft v\u1edbi s\u1ef1 t\u1eadn t\u00e2m v\u00e0 ch\u00ednh x\u00e1c t\u1ed1i \u0111a, mang l\u1ea1i k\u1ebft qu\u1ea3 t\u1ed1i \u01b0u m\u1ecdi l\u00fac.<\/p>\n<p>Ch\u00fang t\u00f4i \u01b0u ti\u00ean giao ti\u1ebfp minh b\u1ea1ch v\u00e0 li\u00ean t\u1ee5c trong su\u1ed1t chu tr\u00ecnh ph\u00e1t tri\u1ec3n s\u1ea3n ph\u1ea9m. \u0110\u1ed9i ng\u0169 t\u1eadn t\u00e2m c\u1ee7a ch\u00fang t\u00f4i l\u00e0m vi\u1ec7c tr\u1ef1c ti\u1ebfp v\u1edbi kh\u00e1ch h\u00e0ng \u0111\u1ec3 th\u1ea5u hi\u1ec3u nhu c\u1ea7u c\u1ee5 th\u1ec3 c\u1ee7a h\u1ecd, \u0111\u01b0a ra nh\u1eefng khuy\u1ebfn ngh\u1ecb s\u00e2u s\u1eafc nh\u1eb1m \u0111\u1ea3m b\u1ea3o k\u1ebft qu\u1ea3 t\u1ed1t nh\u1ea5t c\u00f3 th\u1ec3. D\u00f9 thi\u1ebft k\u1ebf s\u1ea3n ph\u1ea9m s\u00e1ng t\u1ea1o hay th\u1ef1c hi\u1ec7n c\u00e1c \u0111\u01a1n h\u00e0ng \u0111ang tri\u1ec3n khai, FMP lu\u00f4n cam k\u1ebft cung c\u1ea5p c\u00e1c gi\u1ea3i ph\u00e1p ch\u1ea5t l\u01b0\u1ee3ng cao, \u0111\u01b0\u1ee3c thi\u1ebft k\u1ebf ch\u00ednh x\u00e1c, \u0111\u00fang h\u1ea1n. M\u1ee5c ti\u00eau c\u1ee7a ch\u00fang t\u00f4i l\u00e0 lu\u00f4n v\u01b0\u1ee3t tr\u00ean s\u1ef1 mong \u0111\u1ee3i c\u1ee7a kh\u00e1ch h\u00e0ng, mang \u0111\u1ebfn d\u1ecbch v\u1ee5 v\u00e0 k\u1ebft qu\u1ea3 v\u01b0\u1ee3t tr\u1ed9i cho m\u1ecdi d\u1ef1 \u00e1n.<\/p>\n<p>Ch\u1ea5t l\u01b0\u1ee3ng l\u00e0 n\u1ec1n t\u1ea3ng cho m\u1ecdi ho\u1ea1t \u0111\u1ed9ng c\u1ee7a FMP. Ch\u00fang t\u00f4i tu\u00e2n th\u1ee7 c\u00e1c ti\u00eau chu\u1ea9n s\u1ea3n xu\u1ea5t cao nh\u1ea5t v\u00e0 th\u1ef1c hi\u1ec7n c\u00e1c bi\u1ec7n ph\u00e1p ki\u1ec3m so\u00e1t ch\u1ea5t l\u01b0\u1ee3ng nghi\u00eam ng\u1eb7t \u0111\u1ec3 \u0111\u1ea3m b\u1ea3o m\u1ed7i s\u1ea3n ph\u1ea9m kh\u00f4ng ch\u1ec9 \u0111\u00e1p \u1ee9ng m\u00e0 c\u00f2n v\u01b0\u1ee3t xa c\u00e1c ti\u00eau chu\u1ea9n c\u1ee7a ng\u00e0nh. S\u1ef1 t\u1eadn t\u00e2m h\u01b0\u1edbng \u0111\u1ebfn s\u1ef1 xu\u1ea5t s\u1eafc n\u00e0y, k\u1ebft h\u1ee3p v\u1edbi c\u00e1c gi\u00e1 tr\u1ecb c\u1ed1t l\u00f5i c\u1ee7a ch\u00fang t\u00f4i l\u00e0 ch\u00ednh tr\u1ef1c, tinh th\u1ea7n \u0111\u1ed3ng \u0111\u1ed9i v\u00e0 s\u1ef1 ki\u00ean tr\u00ec, \u0111\u00e3 gi\u00fap ch\u00fang t\u00f4i x\u00e2y d\u1ef1ng m\u1ed1i quan h\u1ec7 b\u1ec1n v\u1eefng, d\u1ef1a tr\u00ean s\u1ef1 tin c\u1eady v\u1edbi kh\u00e1ch h\u00e0ng t\u1ea1i g\u1ea7n 30 qu\u1ed1c gia tr\u00ean to\u00e0n th\u1ebf gi\u1edbi.<\/p>\n<p>FMP lu\u00f4n mong mu\u1ed1n x\u00e2y d\u1ef1ng quan h\u1ec7 \u0111\u1ed1i t\u00e1c to\u00e0n c\u1ea7u v\u00e0 cam k\u1ebft cung c\u1ea5p t\u01b0 v\u1ea5n chuy\u00ean m\u00f4n c\u00f9ng c\u00e1c gi\u1ea3i ph\u00e1p t\u00f9y ch\u1ec9nh \u0111\u00e1p \u1ee9ng nhu c\u1ea7u ng\u00e0y c\u00e0ng \u0111a d\u1ea1ng c\u1ee7a kh\u00e1ch h\u00e0ng. Ch\u00fang t\u00f4i kh\u00f4ng ch\u1ec9 \u0111\u01a1n thu\u1ea7n cung c\u1ea5p s\u1ea3n ph\u1ea9m, m\u00e0 c\u00f2n h\u01b0\u1edbng \u0111\u1ebfn vi\u1ec7c x\u00e2y d\u1ef1ng m\u1ed1i quan h\u1ec7 b\u1ec1n v\u1eefng, g\u00f3p ph\u1ea7n v\u00e0o th\u00e0nh c\u00f4ng c\u1ee7a m\u1ed7i d\u1ef1 \u00e1n. Cho d\u00f9 b\u1ea1n c\u1ea7n gi\u1ea3i ph\u00e1p s\u00e1ng t\u1ea1o cho m\u1ed9t d\u1ef1 \u00e1n m\u1edbi hay h\u1ed7 tr\u1ee3 li\u00ean t\u1ee5c cho m\u1ed9t h\u1ec7 th\u1ed1ng hi\u1ec7n c\u00f3, FMP lu\u00f4n s\u1eb5n s\u00e0ng \u0111\u00e1p \u1ee9ng nh\u1eefng th\u00e1ch th\u1ee9c k\u1ef9 thu\u1eadt v\u00e0 \u0111\u1ea3m b\u1ea3o th\u00e0nh c\u00f4ng b\u1ec1n v\u1eefng c\u1ee7a b\u1ea1n.<\/p>\n<p><img loading=\"lazy\" decoding=\"async\" class=\"alignnone wp-image-2695\" src=\"https:\/\/fmp-components.com\/wp-content\/uploads\/2025\/01\/agricultural-gearbox3.webp\" alt=\"h\u1ed9p s\u1ed1 n\u00f4ng nghi\u1ec7p\" width=\"953\" height=\"951\" title=\"\" srcset=\"https:\/\/fmp-components.com\/wp-content\/uploads\/2025\/01\/agricultural-gearbox3.webp 953w, https:\/\/fmp-components.com\/wp-content\/uploads\/2025\/01\/agricultural-gearbox3-480x479.webp 480w\" sizes=\"(min-width: 0px) and (max-width: 480px) 480px, (min-width: 481px) 953px, 100vw\" \/><\/p>\n<p>T\u00e1c gi\u1ea3: CX<\/p>","protected":false},"excerpt":{"rendered":"<p>Silage Machine Gearbox FMP-QZ-WRXR Dimensions Silage Machine Gearbox FMP-QZ-WRXR Technical Data Name Suitable Turn header series Toothing Feeding box silage machines dextrorotation 3 series Gleason Helical Teeth Remark: If you have any special require feel free let me know, we also accept custom. Features of Silage Machine Gearbox EP-QZ-WRXR for German Champion Four Disc (Type [&hellip;]<\/p>","protected":false},"featured_media":3037,"comment_status":"open","ping_status":"closed","template":"","meta":{"_et_pb_use_builder":"","_et_pb_old_content":"","_et_gb_content_width":""},"product_brand":[],"product_cat":[69],"product_tag":[],"class_list":{"0":"post-3036","1":"product","2":"type-product","3":"status-publish","4":"has-post-thumbnail","6":"product_cat-silage-machine-gearbox","8":"first","9":"instock","10":"shipping-taxable","11":"product-type-simple"},"_links":{"self":[{"href":"https:\/\/fmp-components.com\/vi\/wp-json\/wp\/v2\/product\/3036","targetHints":{"allow":["GET"]}}],"collection":[{"href":"https:\/\/fmp-components.com\/vi\/wp-json\/wp\/v2\/product"}],"about":[{"href":"https:\/\/fmp-components.com\/vi\/wp-json\/wp\/v2\/types\/product"}],"replies":[{"embeddable":true,"href":"https:\/\/fmp-components.com\/vi\/wp-json\/wp\/v2\/comments?post=3036"}],"wp:featuredmedia":[{"embeddable":true,"href":"https:\/\/fmp-components.com\/vi\/wp-json\/wp\/v2\/media\/3037"}],"wp:attachment":[{"href":"https:\/\/fmp-components.com\/vi\/wp-json\/wp\/v2\/media?parent=3036"}],"wp:term":[{"taxonomy":"product_brand","embeddable":true,"href":"https:\/\/fmp-components.com\/vi\/wp-json\/wp\/v2\/product_brand?post=3036"},{"taxonomy":"product_cat","embeddable":true,"href":"https:\/\/fmp-components.com\/vi\/wp-json\/wp\/v2\/product_cat?post=3036"},{"taxonomy":"product_tag","embeddable":true,"href":"https:\/\/fmp-components.com\/vi\/wp-json\/wp\/v2\/product_tag?post=3036"}],"curies":[{"name":"wp","href":"https:\/\/api.w.org\/{rel}","templated":true}]}}