{"id":2965,"date":"2025-01-04T05:29:29","date_gmt":"2025-01-04T05:29:29","guid":{"rendered":"https:\/\/fmp-components.com\/product\/ningbo-bridge-split-type-steering-cylinder\/"},"modified":"2025-01-04T05:38:39","modified_gmt":"2025-01-04T05:38:39","slug":"ningbo-bridge-split-type-steering-cylinder","status":"publish","type":"product","link":"https:\/\/fmp-components.com\/vi\/product\/ningbo-bridge-split-type-steering-cylinder\/","title":{"rendered":"Xi lanh l\u00e1i ki\u1ec3u t\u00e1ch r\u1eddi c\u1ea7u Ninh Ba"},"content":{"rendered":"<h2>M\u00f4 t\u1ea3 s\u1ea3n ph\u1ea9m:<\/h2>\n<p>Xi lanh l\u00e1i t\u00edch h\u1ee3p Ningbo Bridge l\u00e0 m\u1ed9t b\u1ed9 ph\u1eadn l\u00e1i ch\u1ea5t l\u01b0\u1ee3ng cao \u0111\u01b0\u1ee3c thi\u1ebft k\u1ebf cho xe h\u1ea1ng n\u1eb7ng. S\u1ea3n ph\u1ea9m \u0111\u01b0\u1ee3c ch\u1ebf t\u1ea1o ch\u00ednh x\u00e1c v\u00e0 t\u00edch h\u1ee3p c\u00e1c t\u00ednh n\u0103ng ti\u00ean ti\u1ebfn, \u0111\u1ea3m b\u1ea3o hi\u1ec7u su\u1ea5t l\u00e1i m\u01b0\u1ee3t m\u00e0 v\u00e0 \u0111\u00e1ng tin c\u1eady.<\/p>\n<p>Xi lanh l\u00e1i n\u00e0y \u0111\u01b0\u1ee3c ch\u1ebf t\u1ea1o t\u1eeb v\u1eadt li\u1ec7u cao c\u1ea5p v\u00e0 \u0111\u01b0\u1ee3c thi\u1ebft k\u1ebf \u0111\u1ec3 ch\u1ecbu \u0111\u01b0\u1ee3c nh\u1eefng \u0111i\u1ec1u ki\u1ec7n kh\u1eafc nghi\u1ec7t nh\u1ea5t. Thi\u1ebft k\u1ebf t\u00edch h\u1ee3p cho ph\u00e9p l\u1eafp \u0111\u1eb7t v\u00e0 b\u1ea3o tr\u00ec d\u1ec5 d\u00e0ng, c\u00f9ng k\u00edch th\u01b0\u1edbc nh\u1ecf g\u1ecdn ph\u00f9 h\u1ee3p v\u1edbi nhi\u1ec1u \u1ee9ng d\u1ee5ng kh\u00e1c nhau.<\/p>\n<p>V\u1edbi thi\u1ebft k\u1ebf ti\u00ean ti\u1ebfn v\u00e0 k\u1ebft c\u1ea5u ch\u1ea5t l\u01b0\u1ee3ng cao, Xi lanh l\u00e1i t\u00edch h\u1ee3p Ningbo Bridge mang \u0111\u1ebfn tr\u1ea3i nghi\u1ec7m l\u00e1i v\u01b0\u1ee3t tr\u1ed9i cho c\u00e1c lo\u1ea1i xe h\u1ea1ng n\u1eb7ng.<\/p>\n<p><img loading=\"lazy\" decoding=\"async\" class=\"aligncenter wp-image-1012825\" src=\"https:\/\/images.hzpt.com\/2024\/11\/steering-cylinder-split-1-300x300.webp\" alt=\"\" width=\"400\" height=\"400\" title=\"\"><\/p>\n<p>Xi lanh l\u00e1i ki\u1ec3u t\u00e1ch r\u1eddi Ningbo Bridge n\u1ed5i b\u1eadt v\u1edbi thi\u1ebft k\u1ebf ki\u1ec3u t\u00e1ch r\u1eddi s\u00e1ng t\u1ea1o, gi\u00fap \u0111\u01a1n gi\u1ea3n h\u00f3a vi\u1ec7c b\u1ea3o tr\u00ec v\u00e0 thay th\u1ebf ph\u1ee5 t\u00f9ng d\u1ec5 d\u00e0ng. S\u1eed d\u1ee5ng \u00e1p su\u1ea5t th\u1ee7y l\u1ef1c, xi lanh n\u00e0y cung c\u1ea5p l\u1ef1c c\u1ea7n thi\u1ebft cho vi\u1ec7c l\u00e1i, \u0111\u1eb7c bi\u1ec7t h\u1eefu \u00edch cho c\u00e1c ph\u01b0\u01a1ng ti\u1ec7n l\u1edbn v\u00e0 n\u1eb7ng h\u01a1n. Ch\u1ee9c n\u0103ng n\u00e0y r\u1ea5t quan tr\u1ecdng trong nh\u1eefng t\u00ecnh hu\u1ed1ng \u0111\u00f2i h\u1ecfi kh\u1ea3 n\u0103ng \u0111i\u1ec1u khi\u1ec3n v\u00e0 ki\u1ec3m so\u00e1t ch\u00ednh x\u00e1c.<\/p>\n<p>L\u00e0 m\u1ed9t b\u1ed9 ph\u1eadn thi\u1ebft y\u1ebfu, Xi lanh l\u00e1i ki\u1ec3u t\u00e1ch r\u1eddi Ningbo Bridge gi\u00fap t\u0103ng c\u01b0\u1eddng \u0111\u00e1ng k\u1ec3 kh\u1ea3 n\u0103ng ki\u1ec3m so\u00e1t xe v\u00e0 s\u1ef1 tho\u1ea3i m\u00e1i khi l\u00e1i. Thi\u1ebft k\u1ebf th\u00f4ng minh c\u1ee7a n\u00f3 kh\u00f4ng ch\u1ec9 \u0111\u01a1n gi\u1ea3n h\u00f3a vi\u1ec7c b\u1ea3o tr\u00ec m\u00e0 c\u00f2n \u0111\u1ea3m b\u1ea3o tr\u1ea3i nghi\u1ec7m l\u00e1i \u0111\u00e1ng tin c\u1eady. B\u1eb1ng c\u00e1ch hi\u1ec3u r\u00f5 c\u00e1c t\u00ednh n\u0103ng \u0111\u1ed9c \u0111\u00e1o v\u00e0 tu\u00e2n th\u1ee7 c\u00e1c quy tr\u00ecnh b\u1ea3o d\u01b0\u1ee1ng ph\u00f9 h\u1ee3p, ch\u1ee7 xe c\u00f3 th\u1ec3 t\u1ed1i \u01b0u h\u00f3a c\u1ea3 hi\u1ec7u su\u1ea5t v\u00e0 tu\u1ed5i th\u1ecd c\u1ee7a b\u1ed9 ph\u1eadn thi\u1ebft y\u1ebfu n\u00e0y.<\/p>\n<p>H\u00e3y n\u00e2ng c\u1ea5p l\u00ean Xi lanh l\u00e1i ki\u1ec3u t\u00e1ch r\u1eddi Ningbo Bridge ngay h\u00f4m nay \u0111\u1ec3 c\u00f3 tr\u1ea3i nghi\u1ec7m l\u00e1i xe kh\u00f4ng ch\u1ec9 an to\u00e0n h\u01a1n m\u00e0 c\u00f2n m\u01b0\u1ee3t m\u00e0 v\u00e0 ph\u1ea3n \u1ee9ng nhanh h\u01a1n. \u0110\u1eebng b\u1ecf l\u1ee1 c\u01a1 h\u1ed9i c\u1ea3i thi\u1ec7n kh\u1ea3 n\u0103ng l\u00e1i c\u1ee7a xe b\u1ea1n!<\/p>\n<h3>Th\u00f4ng s\u1ed1 xi lanh l\u00e1i ki\u1ec3u t\u00e1ch r\u1eddi c\u1ea7u Ninh Ba:<\/h3>\n<p><strong>\u0110\u01b0\u1eddng k\u00ednh xi lanh:<\/strong> 50mm<br \/>\n<strong>\u0110\u01b0\u1eddng k\u00ednh thanh:<\/strong> 25mm<br \/>\n<strong>Du l\u1ecbch:<\/strong> 135mm<br \/>\n<strong>Kho\u1ea3ng c\u00e1ch l\u1eafp \u0111\u1eb7t:<\/strong> 495mm<\/p>\n<h2>C\u00e1c t\u00ednh n\u0103ng ch\u00ednh c\u1ee7a xi lanh l\u00e1i ki\u1ec3u t\u00e1ch r\u1eddi c\u1ea7u Ninh Ba:<\/h2>\n<h4>Thi\u1ebft k\u1ebf ki\u1ec3u t\u00e1ch r\u1eddi<\/h4>\n<p>Thi\u1ebft k\u1ebf t\u00e1ch r\u1eddi c\u1ea3i ti\u1ebfn c\u1ee7a Xi lanh l\u00e1i c\u1ea7u Ninh Ba cho ph\u00e9p s\u1eeda ch\u1eefa nhanh ch\u00f3ng v\u00e0 hi\u1ec7u qu\u1ea3. T\u00ednh n\u0103ng n\u00e0y gi\u1ea3m thi\u1ec3u th\u1eddi gian ch\u1ebft, \u0111\u1ea3m b\u1ea3o xe \u00edt ph\u1ea3i d\u1eebng ho\u1ea1t \u0111\u1ed9ng v\u00e0 c\u00f3 nhi\u1ec1u th\u1eddi gian v\u1eadn h\u00e0nh h\u01a1n. Khi c\u1ea7n thay th\u1ebf m\u1ed9t b\u1ed9 ph\u1eadn, th\u1ee3 m\u00e1y c\u00f3 th\u1ec3 d\u1ec5 d\u00e0ng ti\u1ebfp c\u1eadn v\u00e0 b\u1ea3o d\u01b0\u1ee1ng xi lanh, gi\u00fap n\u00e2ng cao n\u0103ng su\u1ea5t t\u1ed5ng th\u1ec3.<\/p>\n<h4>V\u1eadt li\u1ec7u ch\u1ea5t l\u01b0\u1ee3ng cao<\/h4>\n<p>\u0110\u01b0\u1ee3c ch\u1ebf t\u1ea1o t\u1eeb v\u1eadt li\u1ec7u ch\u1ea5t l\u01b0\u1ee3ng cao, b\u1ec1n b\u1ec9, xi lanh l\u00e1i n\u00e0y \u0111\u01b0\u1ee3c thi\u1ebft k\u1ebf \u0111\u1ec3 ch\u1ecbu \u0111\u01b0\u1ee3c s\u1ef1 kh\u1eafc nghi\u1ec7t c\u1ee7a vi\u1ec7c s\u1eed d\u1ee5ng h\u00e0ng ng\u00e0y. Kh\u1ea3 n\u0103ng ch\u1ed1ng m\u00e0i m\u00f2n v\u00e0 \u0103n m\u00f2n c\u1ee7a n\u00f3 \u0111\u1ea3m b\u1ea3o tu\u1ed5i th\u1ecd l\u00e2u d\u00e0i, ngay c\u1ea3 trong \u0111i\u1ec1u ki\u1ec7n \u00e1p su\u1ea5t cao. K\u1ebft c\u1ea5u ch\u1eafc ch\u1eafn n\u00e0y kh\u00f4ng ch\u1ec9 n\u00e2ng cao \u0111\u1ed9 tin c\u1eady c\u1ee7a xi lanh m\u00e0 c\u00f2n g\u00f3p ph\u1ea7n \u0111\u1ea3m b\u1ea3o an to\u00e0n cho xe b\u1eb1ng c\u00e1ch duy tr\u00ec hi\u1ec7u su\u1ea5t \u1ed5n \u0111\u1ecbnh theo th\u1eddi gian.<\/p>\n<h4>\u0110\u1ed9 ch\u00ednh x\u00e1c l\u00e1i \u0111\u01b0\u1ee3c c\u1ea3i thi\u1ec7n<\/h4>\n<p>H\u1ec7 th\u1ed1ng l\u00e1i ki\u1ec3u t\u00e1ch r\u1eddi Ningbo Bridge c\u1ea3i thi\u1ec7n \u0111\u00e1ng k\u1ec3 kh\u1ea3 n\u0103ng ph\u1ea3n h\u1ed3i c\u1ee7a v\u00f4 l\u0103ng, mang l\u1ea1i kh\u1ea3 n\u0103ng ki\u1ec3m so\u00e1t ch\u00ednh x\u00e1c cho ng\u01b0\u1eddi l\u00e1i. \u0110\u1ed9 ch\u00ednh x\u00e1c l\u00e1i \u0111\u01b0\u1ee3c c\u1ea3i thi\u1ec7n n\u00e0y r\u1ea5t quan tr\u1ecdng cho vi\u1ec7c \u0111i\u1ec1u khi\u1ec3n xe, \u0111\u1eb7c bi\u1ec7t l\u00e0 khi v\u00e0o cua g\u1ea5p ho\u1eb7c chuy\u1ec3n h\u01b0\u1edbng \u0111\u1ed9t ng\u1ed9t. N\u00f3 cho ph\u00e9p l\u00e1i xe t\u1ef1 tin trong nhi\u1ec1u \u0111i\u1ec1u ki\u1ec7n kh\u00e1c nhau, \u0111\u1ea3m b\u1ea3o tr\u1ea3i nghi\u1ec7m an to\u00e0n h\u01a1n cho c\u1ea3 ng\u01b0\u1eddi l\u00e1i v\u00e0 h\u00e0nh kh\u00e1ch.<\/p>\n<h4>Kh\u1ea3 n\u0103ng t\u01b0\u01a1ng th\u00edch \u0111a n\u0103ng<\/h4>\n<p>\u0110\u01b0\u1ee3c thi\u1ebft k\u1ebf v\u1edbi t\u00ednh linh ho\u1ea1t cao, xi lanh l\u00e1i t\u01b0\u01a1ng th\u00edch v\u1edbi nhi\u1ec1u h\u1ec7 th\u1ed1ng th\u1ee7y l\u1ef1c. Kh\u1ea3 n\u0103ng th\u00edch \u1ee9ng n\u00e0y gi\u00fap n\u00f3 l\u00fd t\u01b0\u1edfng cho nhi\u1ec1u d\u00f2ng xe kh\u00e1c nhau, t\u1eeb xe t\u1ea3i th\u01b0\u01a1ng m\u1ea1i \u0111\u1ebfn xe h\u01a1i c\u00e1 nh\u00e2n. B\u1ea5t k\u1ec3 lo\u1ea1i xe n\u00e0o, xi lanh l\u00e1i Ningbo Bridge \u0111\u1ec1u t\u00edch h\u1ee3p li\u1ec1n m\u1ea1ch, \u0111\u1ea3m b\u1ea3o hi\u1ec7u su\u1ea5t t\u1ed1i \u01b0u.<\/p>\n<h4>Nh\u1ecf g\u1ecdn v\u00e0 nh\u1eb9<\/h4>\n<p>Thi\u1ebft k\u1ebf nh\u1ecf g\u1ecdn v\u00e0 nh\u1eb9 c\u1ee7a xi lanh l\u00e1i kh\u00f4ng ch\u1ec9 ti\u1ebft ki\u1ec7m kh\u00f4ng gian \u0111\u00e1ng k\u1ec3 trong h\u1ec7 th\u1ed1ng l\u00e1i c\u1ee7a xe m\u00e0 c\u00f2n g\u00f3p ph\u1ea7n n\u00e2ng cao hi\u1ec7u su\u1ea5t t\u1ed5ng th\u1ec3. B\u1eb1ng c\u00e1ch gi\u1ea3m tr\u1ecdng l\u01b0\u1ee3ng c\u1ee7a c\u1ee5m l\u00e1i, n\u00f3 gi\u00fap t\u0103ng hi\u1ec7u su\u1ea5t v\u00e0 ti\u1ebft ki\u1ec7m nhi\u00ean li\u1ec7u, tr\u1edf th\u00e0nh l\u1ef1a ch\u1ecdn tuy\u1ec7t v\u1eddi cho c\u00e1c lo\u1ea1i xe hi\u1ec7n \u0111\u1ea1i h\u01b0\u1edbng \u0111\u1ebfn ch\u1ee9c n\u0103ng t\u1ed1i \u01b0u.<\/p>\n<h2>\u1ee8ng d\u1ee5ng c\u1ee7a xi lanh l\u00e1i ki\u1ec3u t\u00e1ch r\u1eddi c\u1ea7u Ninh Ba:<\/h2>\n<p><img loading=\"lazy\" decoding=\"async\" class=\"alignnone wp-image-1012826 size-full\" src=\"https:\/\/images.hzpt.com\/2024\/11\/steering-cylinder-split-application.webp\" alt=\"\" width=\"1072\" height=\"603\" title=\"\"><\/p>\n<h2>Ph\u01b0\u01a1ng ph\u00e1p s\u1eed d\u1ee5ng xi lanh l\u00e1i ki\u1ec3u t\u00e1ch r\u1eddi c\u1ea7u Ninh Ba:<\/h2>\n<p>Vi\u1ec7c s\u1eed d\u1ee5ng Xi lanh l\u00e1i ki\u1ec3u t\u00e1ch r\u1eddi c\u1ee7a c\u1ea7u Ninh Ba l\u00e0 m\u1ed9t quy tr\u00ecnh \u0111\u01a1n gi\u1ea3n nh\u01b0ng hi\u1ec7u qu\u1ea3, nh\u1edd v\u00e0o thi\u1ebft k\u1ebf ti\u00ean ti\u1ebfn. D\u01b0\u1edbi \u0111\u00e2y l\u00e0 g\u00f3c nh\u00ecn c\u1eadn c\u1ea3nh v\u1ec1 c\u00e1ch th\u1ee9c ho\u1ea1t \u0111\u1ed9ng c\u1ee7a n\u00f3:<\/p>\n<h4>K\u00edch ho\u1ea1t tr\u1ee3 l\u1ef1c l\u00e1i<\/h4>\n<p>Khi ng\u01b0\u1eddi l\u00e1i xoay v\u00f4 l\u0103ng, b\u01a1m tr\u1ee3 l\u1ef1c l\u00e1i s\u1ebd \u0111\u01b0\u1ee3c k\u00edch ho\u1ea1t, t\u1ea1o ra \u00e1p su\u1ea5t th\u1ee7y l\u1ef1c. B\u01b0\u1edbc \u0111\u1ea7u ti\u00ean n\u00e0y r\u1ea5t quan tr\u1ecdng, v\u00ec n\u00f3 b\u00e1o hi\u1ec7u cho h\u1ec7 th\u1ed1ng th\u1ee7y l\u1ef1c chu\u1ea9n b\u1ecb h\u1ed7 tr\u1ee3 l\u00e1i. B\u01a1m chuy\u1ec3n \u0111\u1ed5i hi\u1ec7u qu\u1ea3 n\u0103ng l\u01b0\u1ee3ng c\u01a1 h\u1ecdc t\u1eeb v\u00f4 l\u0103ng th\u00e0nh n\u0103ng l\u01b0\u1ee3ng th\u1ee7y l\u1ef1c, t\u1ea1o ti\u1ec1n \u0111\u1ec1 cho tr\u1ea3i nghi\u1ec7m l\u00e1i m\u01b0\u1ee3t m\u00e0.<\/p>\n<h4>N\u1ed9p ch\u1ea5t l\u1ecfng<\/h4>\n<p>Khi \u00e1p su\u1ea5t th\u1ee7y l\u1ef1c t\u0103ng l\u00ean, d\u1ea7u th\u1ee7y l\u1ef1c \u0111\u01b0\u1ee3c d\u1eabn v\u00e0o xi-lanh l\u00e1i. D\u1ea7u n\u00e0y \u0111\u00f3ng vai tr\u00f2 quan tr\u1ecdng trong h\u1ec7 th\u1ed1ng khi ch\u1ea3y v\u00e0o xi-lanh, \u0111\u1ea9y piston v\u00e0o b\u00ean trong. Chuy\u1ec3n \u0111\u1ed9ng c\u1ee7a d\u1ea7u \u0111\u01b0\u1ee3c ki\u1ec3m so\u00e1t c\u1ea9n th\u1eadn \u0111\u1ec3 \u0111\u1ea3m b\u1ea3o \u00e1p su\u1ea5t \u0111\u01b0\u1ee3c t\u1ea1o ra ch\u00ednh x\u00e1c, cho ph\u00e9p \u0111i\u1ec1u ch\u1ec9nh ch\u00ednh x\u00e1c d\u1ef1a tr\u00ean thao t\u00e1c c\u1ee7a ng\u01b0\u1eddi l\u00e1i.<\/p>\n<h4>H\u1ed7 tr\u1ee3 l\u00e1i<\/h4>\n<p>Chuy\u1ec3n \u0111\u1ed9ng c\u1ee7a piston b\u00ean trong xi-lanh ch\u00ednh l\u00e0 n\u01a1i ph\u00e9p m\u00e0u x\u1ea3y ra. Khi ch\u1ea5t l\u1ecfng th\u1ee7y l\u1ef1c \u0111\u1ea9y piston, n\u00f3 t\u1ea1o ra l\u1ef1c c\u1ea7n thi\u1ebft \u0111\u1ec3 h\u1ed7 tr\u1ee3 vi\u1ec7c xoay thanh r\u0103ng l\u00e1i. H\u00e0nh \u0111\u1ed9ng n\u00e0y gi\u00fap gi\u1ea3m \u0111\u00e1ng k\u1ec3 l\u1ef1c t\u00e1c \u0111\u1ed9ng l\u00ean ng\u01b0\u1eddi l\u00e1i, gi\u00fap vi\u1ec7c \u0111i\u1ec1u khi\u1ec3n xe d\u1ec5 d\u00e0ng h\u01a1n, \u0111\u1eb7c bi\u1ec7t l\u00e0 trong kh\u00f4ng gian h\u1eb9p ho\u1eb7c khi v\u00e0o cua g\u1ea5p. Ho\u1ea1t \u0111\u1ed9ng tr\u01a1n tru c\u1ee7a piston \u0111\u1ea3m b\u1ea3o c\u1ea3m gi\u00e1c l\u00e1i t\u1ef1 nhi\u00ean v\u00e0 ph\u1ea3n h\u1ed3i nhanh.<\/p>\n<h2>\u1ee8ng d\u1ee5ng c\u1ee7a xi lanh th\u1ee7y l\u1ef1c l\u00e1i<\/h2>\n<p>Xi lanh th\u1ee7y l\u1ef1c l\u00e1i l\u00e0 th\u00e0nh ph\u1ea7n thi\u1ebft y\u1ebfu c\u1ee7a h\u1ec7 th\u1ed1ng l\u00e1i tr\u00ean nhi\u1ec1u lo\u1ea1i xe. Nh\u1eefng xi lanh n\u00e0y, c\u00f2n \u0111\u01b0\u1ee3c g\u1ecdi l\u00e0 b\u1ed9 truy\u1ec1n \u0111\u1ed9ng l\u00e1i, gi\u00fap chuy\u1ec3n \u0111\u1ed5i n\u0103ng l\u01b0\u1ee3ng t\u1ea1o ra b\u1edfi b\u01a1m l\u00e1i th\u00e0nh chuy\u1ec3n \u0111\u1ed9ng tuy\u1ebfn t\u00ednh, c\u00f3 th\u1ec3 \u0111\u01b0\u1ee3c s\u1eed d\u1ee5ng \u0111\u1ec3 \u0111i\u1ec1u khi\u1ec3n h\u01b0\u1edbng b\u00e1nh xe c\u1ee7a xe. D\u01b0\u1edbi \u0111\u00e2y l\u00e0 m\u1ed9t s\u1ed1 \u1ee9ng d\u1ee5ng c\u1ee7a xi lanh th\u1ee7y l\u1ef1c l\u00e1i:<\/p>\n<ol>\n<li>Xe t\u1ea3i h\u1ea1ng n\u1eb7ng: Xi lanh th\u1ee7y l\u1ef1c l\u00e1i th\u01b0\u1eddng \u0111\u01b0\u1ee3c s\u1eed d\u1ee5ng tr\u00ean c\u00e1c lo\u1ea1i xe t\u1ea3i h\u1ea1ng n\u1eb7ng nh\u01b0 xe t\u1ea3i, xe bu\u00fdt v\u00e0 thi\u1ebft b\u1ecb x\u00e2y d\u1ef1ng. Nh\u1eefng lo\u1ea1i xe n\u00e0y c\u1ea7n l\u1ef1c l\u00e1i l\u1edbn, v\u00e0 xi lanh th\u1ee7y l\u1ef1c c\u00f3 th\u1ec3 t\u1ea1o ra l\u1ef1c c\u1ea7n thi\u1ebft \u0111\u1ec3 xoay b\u00e1nh xe ngay c\u1ea3 khi xe ch\u1edf n\u1eb7ng. H\u1ec7 th\u1ed1ng th\u1ee7y l\u1ef1c c\u0169ng cho ph\u00e9p ki\u1ec3m so\u00e1t c\u01a1 c\u1ea5u l\u00e1i t\u1ed1t h\u01a1n, gi\u00fap ng\u01b0\u1eddi l\u00e1i d\u1ec5 d\u00e0ng \u0111i\u1ec1u khi\u1ec3n c\u00e1c lo\u1ea1i xe l\u1edbn, c\u1ed3ng k\u1ec1nh.<\/li>\n<li>Xe \u0111\u1ecba h\u00ecnh: C\u00e1c lo\u1ea1i xe \u0111\u1ecba h\u00ecnh nh\u01b0 xe \u0111\u1ecba h\u00ecnh ATV, xe \u0111\u1ecba h\u00ecnh dune buggy v\u00e0 xe \u0111\u1ecba h\u00ecnh c\u0169ng \u0111\u01b0\u1ee3c h\u01b0\u1edfng l\u1ee3i t\u1eeb xi lanh th\u1ee7y l\u1ef1c l\u00e1i. Nh\u1eefng lo\u1ea1i xe n\u00e0y th\u01b0\u1eddng ho\u1ea1t \u0111\u1ed9ng tr\u00ean \u0111\u1ecba h\u00ecnh g\u1ed3 gh\u1ec1, n\u01a1i c\u00e1c c\u01a1 c\u1ea5u l\u00e1i th\u00f4ng th\u01b0\u1eddng c\u00f3 th\u1ec3 kh\u00f4ng hi\u1ec7u qu\u1ea3. Xi lanh th\u1ee7y l\u1ef1c c\u00f3 th\u1ec3 cung c\u1ea5p l\u1ef1c k\u00e9o v\u00e0 \u0111\u1ed9 ch\u00ednh x\u00e1c c\u1ea7n thi\u1ebft \u0111\u1ec3 l\u00e1i xe qua ch\u01b0\u1edbng ng\u1ea1i v\u1eadt v\u00e0 duy tr\u00ec kh\u1ea3 n\u0103ng ki\u1ec3m so\u00e1t xe.<\/li>\n<li>\u1ee8ng d\u1ee5ng trong h\u00e0ng h\u1ea3i v\u00e0 h\u00e0ng kh\u00f4ng v\u0169 tr\u1ee5: Xi lanh th\u1ee7y l\u1ef1c \u0111i\u1ec1u khi\u1ec3n kh\u00f4ng ch\u1ec9 gi\u1edbi h\u1ea1n \u1edf c\u00e1c ph\u01b0\u01a1ng ti\u1ec7n tr\u00ean c\u1ea1n. Ch\u00fang c\u00f2n \u0111\u01b0\u1ee3c s\u1eed d\u1ee5ng trong c\u00e1c \u1ee9ng d\u1ee5ng h\u00e0ng h\u1ea3i nh\u01b0 thuy\u1ec1n v\u00e0 t\u00e0u th\u1ee7y, c\u0169ng nh\u01b0 trong c\u00f4ng ngh\u1ec7 h\u00e0ng kh\u00f4ng v\u0169 tr\u1ee5 nh\u01b0 t\u00e0u v\u0169 tr\u1ee5 v\u00e0 m\u00e1y bay. Trong c\u00e1c \u1ee9ng d\u1ee5ng n\u00e0y, xi lanh th\u1ee7y l\u1ef1c \u0111\u01b0\u1ee3c s\u1eed d\u1ee5ng \u0111\u1ec3 \u0111i\u1ec1u khi\u1ec3n h\u01b0\u1edbng b\u00e1nh l\u00e1i, c\u00e1nh l\u00e1i v\u00e0 c\u00e1c b\u1ec1 m\u1eb7t \u0111i\u1ec1u khi\u1ec3n kh\u00e1c gi\u00fap l\u00e1i t\u00e0u ho\u1eb7c m\u00e1y bay.<\/li>\n<li>Thi\u1ebft b\u1ecb c\u00f4ng nghi\u1ec7p: Xi lanh th\u1ee7y l\u1ef1c c\u0169ng \u0111\u01b0\u1ee3c s\u1eed d\u1ee5ng trong nhi\u1ec1u \u1ee9ng d\u1ee5ng c\u00f4ng nghi\u1ec7p kh\u00e1c nhau \u0111\u1ec3 l\u00e1i v\u00e0 \u0111i\u1ec1u khi\u1ec3n. V\u00ed d\u1ee5, ch\u00fang c\u00f3 th\u1ec3 \u0111\u01b0\u1ee3c s\u1eed d\u1ee5ng \u0111\u1ec3 l\u00e1i c\u1ea7n c\u1ea9u, xe n\u00e2ng ho\u1eb7c c\u00e1c m\u00e1y m\u00f3c h\u1ea1ng n\u1eb7ng kh\u00e1c. Trong nh\u1eefng tr\u01b0\u1eddng h\u1ee3p n\u00e0y, xi lanh th\u1ee7y l\u1ef1c c\u00f3 th\u1ec3 cung c\u1ea5p c\u00f4ng su\u1ea5t v\u00e0 \u0111\u1ed9 ch\u00ednh x\u00e1c c\u1ea7n thi\u1ebft \u0111\u1ec3 v\u1eadn h\u00e0nh t\u1ea3i tr\u1ecdng l\u1edbn ho\u1eb7c trong kh\u00f4ng gian ch\u1eadt h\u1eb9p.<\/li>\n<li>\u1ee8ng d\u1ee5ng t\u00f9y ch\u1ec9nh: Ngo\u00e0i nh\u1eefng \u1ee9ng d\u1ee5ng ph\u1ed5 bi\u1ebfn n\u00e0y, xi lanh th\u1ee7y l\u1ef1c l\u00e1i c\u0169ng c\u00f3 th\u1ec3 \u0111\u01b0\u1ee3c s\u1eed d\u1ee5ng trong nhi\u1ec1u thi\u1ebft l\u1eadp t\u00f9y ch\u1ec9nh kh\u00e1c nhau. V\u00ed d\u1ee5, ch\u00fang c\u00f3 th\u1ec3 \u0111\u01b0\u1ee3c s\u1eed d\u1ee5ng trong c\u00e1c ph\u01b0\u01a1ng ti\u1ec7n th\u1eed nghi\u1ec7m ho\u1eb7c nguy\u00ean m\u1eabu \u0111\u00f2i h\u1ecfi c\u01a1 ch\u1ebf l\u00e1i \u0111\u1ed9c \u0111\u00e1o. Ch\u00fang c\u0169ng c\u00f3 th\u1ec3 \u0111\u01b0\u1ee3c s\u1eed d\u1ee5ng trong c\u00e1c t\u00e1c ph\u1ea9m ngh\u1ec7 thu\u1eadt s\u1eafp \u0111\u1eb7t ho\u1eb7c t\u00e1c ph\u1ea9m \u0111i\u00eau kh\u1eafc \u0111\u1ed9ng h\u1ecdc \u0111\u00f2i h\u1ecfi chuy\u1ec3n \u0111\u1ed9ng ch\u00ednh x\u00e1c v\u00e0 \u0111\u01b0\u1ee3c ki\u1ec3m so\u00e1t.<\/li>\n<\/ol>\n<p>Nh\u01b0 b\u1ea1n c\u00f3 th\u1ec3 th\u1ea5y, xi lanh th\u1ee7y l\u1ef1c l\u00e1i c\u00f3 ph\u1ea1m vi \u1ee9ng d\u1ee5ng r\u1ed9ng r\u00e3i trong nhi\u1ec1u ng\u00e0nh c\u00f4ng nghi\u1ec7p v\u00e0 m\u00f4i tr\u01b0\u1eddng kh\u00e1c nhau. Cho d\u00f9 \u0111\u01b0\u1ee3c s\u1eed d\u1ee5ng trong xe h\u1ea1ng n\u1eb7ng, xe \u0111\u1ecba h\u00ecnh, \u1ee9ng d\u1ee5ng h\u00e0ng h\u1ea3i v\u00e0 h\u00e0ng kh\u00f4ng v\u0169 tr\u1ee5, thi\u1ebft b\u1ecb c\u00f4ng nghi\u1ec7p hay c\u00e1c \u1ee9ng d\u1ee5ng t\u00f9y ch\u1ec9nh, nh\u1eefng xi lanh n\u00e0y \u0111\u1ec1u cung c\u1ea5p c\u00f4ng su\u1ea5t, \u0111\u1ed9 ch\u00ednh x\u00e1c v\u00e0 kh\u1ea3 n\u0103ng ki\u1ec3m so\u00e1t c\u1ea7n thi\u1ebft \u0111\u1ec3 l\u00e1i hi\u1ec7u qu\u1ea3.<\/p>\n<h2>Gi\u1edbi thi\u1ec7u v\u1ec1 FMP<\/h2>\n<p>FMP l\u00e0 nh\u00e0 s\u1ea3n xu\u1ea5t v\u00e0 ph\u00e2n ph\u1ed1i h\u00e0ng \u0111\u1ea7u c\u00e1c lo\u1ea1i xi lanh th\u1ee7y l\u1ef1c, b\u1ed9 xi lanh v\u00e0 linh ki\u1ec7n ch\u1ea5t l\u01b0\u1ee3ng cao cho m\u00e1y m\u00f3c x\u00e2y d\u1ef1ng. V\u1edbi nhi\u1ec1u n\u0103m kinh nghi\u1ec7m trong ng\u00e0nh v\u00e0 \u0111\u1ed9i ng\u0169 chuy\u00ean nghi\u1ec7p, ch\u00fang t\u00f4i cam k\u1ebft cung c\u1ea5p cho kh\u00e1ch h\u00e0ng nh\u1eefng gi\u1ea3i ph\u00e1p \u0111\u00e1ng tin c\u1eady v\u00e0 hi\u1ec7u qu\u1ea3 cho nhu c\u1ea7u m\u00e1y m\u00f3c x\u00e2y d\u1ef1ng c\u1ee7a h\u1ecd.<\/p>\n<p>D\u01b0\u1edbi \u0111\u00e2y l\u00e0 n\u0103m l\u00fd do t\u1ea1i sao b\u1ea1n n\u00ean ch\u1ecdn FMP:<\/p>\n<ol>\n<li><strong>Xi lanh th\u1ee7y l\u1ef1c ch\u1ea5t l\u01b0\u1ee3ng cao:<\/strong> Ch\u00fang t\u00f4i s\u1eed d\u1ee5ng k\u1ef9 thu\u1eadt ch\u00ednh x\u00e1c \u0111\u1ec3 s\u1ea3n xu\u1ea5t xi lanh th\u1ee7y l\u1ef1c. Cam k\u1ebft ch\u1ea5t l\u01b0\u1ee3ng v\u1eefng ch\u1eafc c\u1ee7a ch\u00fang t\u00f4i \u0111\u1ea3m b\u1ea3o ch\u1ec9 s\u1eed d\u1ee5ng nguy\u00ean li\u1ec7u th\u00f4 ch\u1ea5t l\u01b0\u1ee3ng cao nh\u1ea5t v\u00e0 th\u1ef1c hi\u1ec7n ki\u1ec3m tra ch\u1ea5t l\u01b0\u1ee3ng nghi\u00eam ng\u1eb7t \u0111\u1ed1i v\u1edbi th\u00e0nh ph\u1ea9m \u0111\u1ec3 \u0111\u1ea3m b\u1ea3o ch\u00fang \u0111\u00e1p \u1ee9ng v\u00e0 v\u01b0\u1ee3t qu\u00e1 c\u00e1c ti\u00eau chu\u1ea9n c\u1ee7a ng\u00e0nh.<\/li>\n<li><strong>Ph\u1ea1m vi s\u1ea3n ph\u1ea9m r\u1ed9ng l\u1edbn:<\/strong> Danh m\u1ee5c s\u1ea3n ph\u1ea9m c\u1ee7a ch\u00fang t\u00f4i bao g\u1ed3m t\u1ea5t c\u1ea3 c\u00e1c lo\u1ea1i m\u00e1y m\u00f3c v\u00e0 ph\u1ee5 ki\u1ec7n x\u00e2y d\u1ef1ng. Ch\u00fang t\u00f4i cung c\u1ea5p nhi\u1ec1u lo\u1ea1i xi lanh th\u1ee7y l\u1ef1c, h\u1ed9p s\u1ed1, x\u00edch, nh\u00f4ng x\u00edch, ph\u1ee5 ki\u1ec7n \u0111\u1ed9ng c\u01a1, linh ki\u1ec7n h\u1ec7 th\u1ed1ng th\u1ee7y l\u1ef1c, ph\u1ee5 ki\u1ec7n khung g\u1ea7m v\u00e0 ph\u1ee5 ki\u1ec7n h\u1ec7 th\u1ed1ng \u0111i\u1ec7n.<\/li>\n<li><strong>Quan h\u1ec7 \u0111\u1ed1i t\u00e1c \u0111\u00e3 \u0111\u01b0\u1ee3c thi\u1ebft l\u1eadp:<\/strong> Ch\u00fang t\u00f4i \u0111\u00e3 thi\u1ebft l\u1eadp m\u1ed1i quan h\u1ec7 \u0111\u1ed1i t\u00e1c l\u00e2u d\u00e0i v\u00e0 \u1ed5n \u0111\u1ecbnh v\u1edbi nhi\u1ec1u nh\u00e0 cung c\u1ea5p trong v\u00e0 ngo\u00e0i n\u01b0\u1edbc ch\u1ea5t l\u01b0\u1ee3ng cao. \u0110i\u1ec1u n\u00e0y \u0111\u1ea3m b\u1ea3o t\u1ea5t c\u1ea3 c\u00e1c ph\u1ee5 ki\u1ec7n \u0111\u01b0\u1ee3c cung c\u1ea5p \u0111\u1ec1u \u0111\u00e1p \u1ee9ng c\u00e1c ti\u00eau chu\u1ea9n ch\u1ea5t l\u01b0\u1ee3ng nghi\u00eam ng\u1eb7t c\u1ee7a ch\u00fang t\u00f4i.<\/li>\n<li><strong>\u0110\u1ed9i ng\u0169 b\u00e1n h\u00e0ng gi\u00e0u kinh nghi\u1ec7m:<\/strong> \u0110\u1ed9i ng\u0169 b\u00e1n h\u00e0ng c\u1ee7a ch\u00fang t\u00f4i c\u00f3 nhi\u1ec1u n\u0103m kinh nghi\u1ec7m v\u00e0 hi\u1ec3u bi\u1ebft s\u00e2u r\u1ed9ng v\u1ec1 ng\u00e0nh m\u00e1y m\u00f3c x\u00e2y d\u1ef1ng. H\u1ecd c\u00f3 th\u1ec3 t\u01b0 v\u1ea5n s\u1ea3n ph\u1ea9m chuy\u00ean nghi\u1ec7p v\u00e0 \u0111\u01b0a ra l\u1eddi khuy\u00ean mua h\u00e0ng s\u00e1ng su\u1ed1t, gi\u00fap b\u1ea1n \u0111\u01b0a ra quy\u1ebft \u0111\u1ecbnh s\u00e1ng su\u1ed1t.<\/li>\n<li><strong>H\u1ec7 th\u1ed1ng ph\u00e2n ph\u1ed1i h\u1eadu c\u1ea7n hi\u1ec7u qu\u1ea3:<\/strong> Ch\u00fang t\u00f4i c\u00f3 h\u1ec7 th\u1ed1ng ph\u00e2n ph\u1ed1i h\u1eadu c\u1ea7n hi\u1ec7u qu\u1ea3 \u0111\u1ec3 \u0111\u1ea3m b\u1ea3o kh\u00e1ch h\u00e0ng nh\u1eadn \u0111\u01b0\u1ee3c c\u00e1c b\u1ed9 ph\u1eadn c\u1ea7n thi\u1ebft m\u1ed9t c\u00e1ch k\u1ecbp th\u1eddi v\u00e0 ch\u00ednh x\u00e1c.<\/li>\n<\/ol>\n<p><img decoding=\"async\" src=\"https:\/\/fmp-components.com\/wp-content\/uploads\/2025\/01\/Dump-Truck-Trailer-Hydraulic-Cylinder-product-3-3.webp\" alt=\"Xi lanh th\u1ee7y l\u1ef1c\" width=\"800\" title=\"\"><\/p>\n<p>T\u1ea1i FMP, ch\u00fang t\u00f4i cam k\u1ebft cung c\u1ea5p cho kh\u00e1ch h\u00e0ng c\u00e1c ph\u1ee5 ki\u1ec7n m\u00e1y m\u00f3c x\u00e2y d\u1ef1ng ch\u1ea5t l\u01b0\u1ee3ng cao v\u00e0 \u0111\u00e1ng tin c\u1eady c\u00f9ng c\u00e1c gi\u1ea3i ph\u00e1p m\u00e1y m\u00f3c to\u00e0n di\u1ec7n. V\u1edbi c\u01a1 s\u1edf nh\u00e0 m\u00e1y hi\u1ec7n \u0111\u1ea1i, m\u00e1y c\u00f4ng c\u1ee5 CNC, thi\u1ebft k\u1ebf h\u1ed7 tr\u1ee3 m\u00e1y t\u00ednh, \u0111\u1ed9i ng\u0169 nh\u00e2n vi\u00ean l\u00e0nh ngh\u1ec1, chuy\u00ean gia h\u1ec7 th\u1ed1ng th\u1ee7y l\u1ef1c, nh\u00e0 l\u1eafp r\u00e1p xi lanh v\u00e0 \u0111\u1ea1i l\u00fd, ch\u00fang t\u00f4i l\u00e0 \u0111\u1ed1i t\u00e1c \u01b0u ti\u00ean \u0111\u00e1p \u1ee9ng nhu c\u1ea7u c\u1ee7a b\u1ea1n v\u1ec1 xi lanh th\u1ee7y l\u1ef1c, b\u1ed9 xi lanh v\u00e0 linh ki\u1ec7n.<\/p>\n<p>T\u00e1c gi\u1ea3: CX<\/p>","protected":false},"excerpt":{"rendered":"<p>Product Description: Ningbo Bridge Integrated-Type Steering Cylinder is a high-quality steering component designed for heavy-duty vehicles. It is built with precision and incorporates advanced features that ensure smooth and reliable steering performance. This steering cylinder is made with top-grade materials and is engineered to withstand the toughest conditions. Its integrated design allows for easy installation [&hellip;]<\/p>","protected":false},"featured_media":2966,"comment_status":"closed","ping_status":"closed","template":"","meta":{"_et_pb_use_builder":"","_et_pb_old_content":"","_et_gb_content_width":""},"product_brand":[],"product_cat":[67],"product_tag":[34,70],"class_list":{"0":"post-2965","1":"product","2":"type-product","3":"status-publish","4":"has-post-thumbnail","6":"product_cat-steering-hydraulic-cylinder","7":"product_tag-hydraulic-cylinder","8":"product_tag-steering-hydraulic-cylinder","10":"first","11":"instock","12":"product-type-simple"},"_links":{"self":[{"href":"https:\/\/fmp-components.com\/vi\/wp-json\/wp\/v2\/product\/2965","targetHints":{"allow":["GET"]}}],"collection":[{"href":"https:\/\/fmp-components.com\/vi\/wp-json\/wp\/v2\/product"}],"about":[{"href":"https:\/\/fmp-components.com\/vi\/wp-json\/wp\/v2\/types\/product"}],"replies":[{"embeddable":true,"href":"https:\/\/fmp-components.com\/vi\/wp-json\/wp\/v2\/comments?post=2965"}],"wp:featuredmedia":[{"embeddable":true,"href":"https:\/\/fmp-components.com\/vi\/wp-json\/wp\/v2\/media\/2966"}],"wp:attachment":[{"href":"https:\/\/fmp-components.com\/vi\/wp-json\/wp\/v2\/media?parent=2965"}],"wp:term":[{"taxonomy":"product_brand","embeddable":true,"href":"https:\/\/fmp-components.com\/vi\/wp-json\/wp\/v2\/product_brand?post=2965"},{"taxonomy":"product_cat","embeddable":true,"href":"https:\/\/fmp-components.com\/vi\/wp-json\/wp\/v2\/product_cat?post=2965"},{"taxonomy":"product_tag","embeddable":true,"href":"https:\/\/fmp-components.com\/vi\/wp-json\/wp\/v2\/product_tag?post=2965"}],"curies":[{"name":"wp","href":"https:\/\/api.w.org\/{rel}","templated":true}]}}