{"id":2945,"date":"2025-01-04T05:28:08","date_gmt":"2025-01-04T05:28:08","guid":{"rendered":"https:\/\/fmp-components.com\/product\/zy254-31f-019a-steering-cylinder\/"},"modified":"2025-05-10T12:28:30","modified_gmt":"2025-05-10T12:28:30","slug":"zy254-31f-019a-steering-cylinder","status":"publish","type":"product","link":"https:\/\/fmp-components.com\/vi\/product\/zy254-31f-019a-steering-cylinder\/","title":{"rendered":"Xi lanh l\u00e1i ZY254.31F.019A"},"content":{"rendered":"<h2>T\u00ean s\u1ea3n ph\u1ea9m: NWTEHX-2101043 Xi lanh l\u00e1i<\/h2>\n<p>B\u1ea1n \u0111ang t\u00ecm ki\u1ebfm m\u1ed9t xi lanh l\u00e1i ch\u1ea5t l\u01b0\u1ee3ng cao, mang l\u1ea1i hi\u1ec7u su\u1ea5t v\u00e0 \u0111\u1ed9 b\u1ec1n tuy\u1ec7t v\u1eddi? H\u00e3y t\u00ecm ngay Xi lanh l\u00e1i NWTEHX-2101043.<\/p>\n<p>\u0110\u01b0\u1ee3c ch\u1ebf t\u1ea1o t\u1eeb v\u1eadt li\u1ec7u cao c\u1ea5p v\u00e0 thi\u1ebft k\u1ebf theo ti\u00eau chu\u1ea9n c\u00f4ng nghi\u1ec7p nghi\u00eam ng\u1eb7t, xi lanh l\u00e1i n\u00e0y \u0111\u01b0\u1ee3c ch\u1ebf t\u1ea1o \u0111\u1ec3 ch\u1ecbu \u0111\u01b0\u1ee3c ngay c\u1ea3 nh\u1eefng \u0111i\u1ec1u ki\u1ec7n l\u00e0m vi\u1ec7c kh\u1eafc nghi\u1ec7t nh\u1ea5t. Cho d\u00f9 b\u1ea1n \u0111ang v\u1eadn h\u00e0nh m\u00e1y m\u00f3c h\u1ea1ng n\u1eb7ng hay l\u00e0m vi\u1ec7c trong m\u00f4i tr\u01b0\u1eddng kh\u1eafc nghi\u1ec7t, b\u1ea1n c\u00f3 th\u1ec3 tin t\u01b0\u1edfng v\u00e0o xi lanh l\u00e1i n\u00e0y \u0111\u1ec3 mang l\u1ea1i hi\u1ec7u su\u1ea5t \u0111\u00e1ng tin c\u1eady v\u00e0 \u1ed5n \u0111\u1ecbnh m\u1ecdi l\u00fac.<\/p>\n<p>V\u1eady t\u1ea1i sao n\u00ean ch\u1ecdn Xi lanh l\u00e1i NWTEHX-2101043? D\u01b0\u1edbi \u0111\u00e2y l\u00e0 m\u1ed9t v\u00e0i t\u00ednh n\u0103ng v\u00e0 l\u1ee3i \u00edch ch\u00ednh:<\/p>\n<p>\u2013 V\u1eadt li\u1ec7u ch\u1ea5t l\u01b0\u1ee3ng cao: \u0110\u01b0\u1ee3c l\u00e0m b\u1eb1ng v\u1eadt li\u1ec7u cao c\u1ea5p \u0111\u1ec3 \u0111\u1ea3m b\u1ea3o \u0111\u1ed9 b\u1ec1n v\u00e0 tu\u1ed5i th\u1ecd t\u1ed1i \u0111a.<br \/>\n\u2013 K\u1ef9 thu\u1eadt ch\u00ednh x\u00e1c: \u0110\u01b0\u1ee3c thi\u1ebft k\u1ebf \u0111\u1ec3 \u0111\u00e1p \u1ee9ng c\u00e1c ti\u00eau chu\u1ea9n nghi\u00eam ng\u1eb7t c\u1ee7a ng\u00e0nh v\u1ec1 hi\u1ec7u su\u1ea5t v\u00e0 \u0111\u1ed9 tin c\u1eady.<br \/>\n\u2013 V\u1eadn h\u00e0nh \u00eam \u00e1i: Mang l\u1ea1i kh\u1ea3 n\u0103ng l\u00e1i \u00eam \u00e1i v\u00e0 nh\u1ea5t qu\u00e1n \u0111\u1ec3 c\u1ea3i thi\u1ec7n kh\u1ea3 n\u0103ng ki\u1ec3m so\u00e1t v\u00e0 \u0111\u1ed9 ch\u00ednh x\u00e1c.<br \/>\n\u2013 D\u1ec5 d\u00e0ng l\u1eafp \u0111\u1eb7t: \u0110\u01b0\u1ee3c thi\u1ebft k\u1ebf \u0111\u1ec3 d\u1ec5 d\u00e0ng l\u1eafp \u0111\u1eb7t v\u00e0 b\u1ea3o tr\u00ec.<\/p>\n<h1 style=\"text-align: center;\"><img loading=\"lazy\" decoding=\"async\" class=\"aligncenter wp-image-1001259\" src=\"https:\/\/images.hzpt.com\/2024\/11\/zy254-31f-019a-hydraulic-cylinder-1.webp\" alt=\"\" width=\"400\" height=\"400\" title=\"\"><\/h1>\n<p>Xi lanh l\u00e1i ZY254.31F.019A l\u00e0 thi\u1ebft b\u1ecb thi\u1ebft y\u1ebfu cho h\u1ec7 th\u1ed1ng l\u00e1i c\u1ee7a xe c\u1ed9 v\u00e0 m\u00e1y m\u00f3c. N\u00f3 chuy\u1ec3n \u0111\u1ed5i hi\u1ec7u qu\u1ea3 \u00e1p su\u1ea5t th\u1ee7y l\u1ef1c th\u00e0nh l\u1ef1c c\u01a1 h\u1ecdc, cho ph\u00e9p ng\u01b0\u1eddi v\u1eadn h\u00e0nh \u0111i\u1ec1u khi\u1ec3n thi\u1ebft b\u1ecb m\u1ed9t c\u00e1ch ch\u00ednh x\u00e1c v\u00e0 d\u1ec5 d\u00e0ng. \u0110\u01b0\u1ee3c thi\u1ebft k\u1ebf \u0111\u1ec3 \u0111\u1ea3m b\u1ea3o c\u1ea3 \u0111\u1ed9 b\u1ec1n v\u00e0 hi\u1ec7u su\u1ea5t, xi lanh n\u00e0y l\u00fd t\u01b0\u1edfng cho nhi\u1ec1u \u1ee9ng d\u1ee5ng c\u00f4ng nghi\u1ec7p, \u0111\u1ea3m b\u1ea3o hi\u1ec7u su\u1ea5t \u0111\u00e1ng tin c\u1eady ngay c\u1ea3 trong nh\u1eefng m\u00f4i tr\u01b0\u1eddng kh\u1eafc nghi\u1ec7t nh\u1ea5t.<\/p>\n<p>Xi lanh l\u00e1i ZY254.31F.019A l\u00e0 m\u1ed9t th\u00e0nh ph\u1ea7n thi\u1ebft y\u1ebfu cho m\u00e1y m\u00f3c \u0111\u00f2i h\u1ecfi kh\u1ea3 n\u0103ng l\u00e1i ch\u00ednh x\u00e1c. \u0110\u1ed9 b\u1ec1n cao, thi\u1ebft k\u1ebf nh\u1ecf g\u1ecdn v\u00e0 b\u1ea3o tr\u00ec d\u1ec5 d\u00e0ng gi\u00fap s\u1ea3n ph\u1ea9m tr\u1edf th\u00e0nh l\u1ef1a ch\u1ecdn \u0111\u00e1ng tin c\u1eady cho ng\u01b0\u1eddi v\u1eadn h\u00e0nh trong nhi\u1ec1u ng\u00e0nh c\u00f4ng nghi\u1ec7p kh\u00e1c nhau. B\u1eb1ng c\u00e1ch kh\u00e1m ph\u00e1 c\u00e1c t\u00ednh n\u0103ng ch\u00ednh, k\u1ef9 thu\u1eadt s\u1eed d\u1ee5ng v\u00e0 m\u1eb9o b\u1ea3o tr\u00ec, ng\u01b0\u1eddi d\u00f9ng c\u00f3 th\u1ec3 t\u1ed1i \u0111a h\u00f3a hi\u1ec7u su\u1ea5t v\u00e0 k\u00e9o d\u00e0i tu\u1ed5i th\u1ecd c\u1ee7a xi lanh th\u1ee7y l\u1ef1c thi\u1ebft y\u1ebfu n\u00e0y, \u0111\u1ea3m b\u1ea3o v\u1eadn h\u00e0nh tr\u01a1n tru v\u00e0 hi\u1ec7u qu\u1ea3 trong m\u1ecdi \u1ee9ng d\u1ee5ng.<\/p>\n<h2>Th\u00f4ng s\u1ed1 xi lanh l\u00e1i ZY254.31F.019A:<\/h2>\n<p><strong>\u0110\u01b0\u1eddng k\u00ednh xi lanh:<\/strong> 40mm<\/p>\n<p><strong>\u0110\u01b0\u1eddng k\u00ednh thanh:<\/strong> 25mm<\/p>\n<p><strong>Du l\u1ecbch:<\/strong> 140mm<\/p>\n<p><strong>Kho\u1ea3ng c\u00e1ch l\u1eafp \u0111\u1eb7t:<\/strong> 480mm<\/p>\n<h2>C\u00e1c t\u00ednh n\u0103ng ch\u00ednh c\u1ee7a Xi lanh l\u00e1i ZY254.31F.019A:<\/h2>\n<ul>\n<li><strong>\u0110\u1ed9 b\u1ec1n v\u01b0\u1ee3t tr\u1ed9i<\/strong>: ZY254.31F.019A \u0111\u01b0\u1ee3c ch\u1ebf t\u1ea1o t\u1eeb v\u1eadt li\u1ec7u ch\u1ea5t l\u01b0\u1ee3ng cao, \u0111\u01b0\u1ee3c thi\u1ebft k\u1ebf \u0111\u1ec3 ch\u1ecbu \u0111\u01b0\u1ee3c nh\u1eefng \u0111i\u1ec1u ki\u1ec7n v\u1eadn h\u00e0nh kh\u1eafc nghi\u1ec7t nh\u1ea5t. \u0110\u1ed9 b\u1ec1n n\u00e0y \u0111\u1ea3m b\u1ea3o thi\u1ebft b\u1ecb lu\u00f4n ho\u1ea1t \u0111\u1ed9ng \u0111\u00e1ng tin c\u1eady ngay c\u1ea3 trong nh\u1eefng m\u00f4i tr\u01b0\u1eddng kh\u1eafc nghi\u1ec7t nh\u1ea5t, mang l\u1ea1i s\u1ef1 an t\u00e2m cho ng\u01b0\u1eddi v\u1eadn h\u00e0nh v\u00e0 gi\u1ea3m thi\u1ec3u th\u1eddi gian ng\u1eebng ho\u1ea1t \u0111\u1ed9ng.<\/li>\n<li><strong>Ki\u1ec3m so\u00e1t ch\u00ednh x\u00e1c<\/strong>: V\u1edbi kh\u1ea3 n\u0103ng ph\u1ea3n h\u1ed3i v\u01b0\u1ee3t tr\u1ed9i, xi lanh l\u00e1i n\u00e0y mang l\u1ea1i kh\u1ea3 n\u0103ng \u0111i\u1ec1u ch\u1ec9nh l\u00e1i ch\u00ednh x\u00e1c. Ng\u01b0\u1eddi v\u1eadn h\u00e0nh c\u00f3 th\u1ec3 t\u1ef1 tin \u0111i\u1ec1u khi\u1ec3n t\u1ea3i tr\u1ecdng n\u1eb7ng, n\u00e2ng cao kh\u1ea3 n\u0103ng x\u1eed l\u00fd t\u1ed5ng th\u1ec3 v\u00e0 \u0111\u1ed9 an to\u00e0n trong qu\u00e1 tr\u00ecnh v\u1eadn h\u00e0nh. M\u1ee9c \u0111\u1ed9 ki\u1ec3m so\u00e1t n\u00e0y r\u1ea5t quan tr\u1ecdng \u0111\u1ed1i v\u1edbi c\u00e1c nhi\u1ec7m v\u1ee5 \u0111\u00f2i h\u1ecfi \u0111\u1ed9 ch\u00ednh x\u00e1c, ch\u1eb3ng h\u1ea1n nh\u01b0 di chuy\u1ec3n trong kh\u00f4ng gian ch\u1eadt h\u1eb9p ho\u1eb7c th\u1ef1c hi\u1ec7n c\u00e1c thao t\u00e1c tinh t\u1ebf.<\/li>\n<li><strong>Thi\u1ebft k\u1ebf ti\u1ebft ki\u1ec7m kh\u00f4ng gian<\/strong>: C\u1ea5u tr\u00fac nh\u1ecf g\u1ecdn c\u1ee7a ZY254.31F.019A gi\u00fap gi\u1ea3m thi\u1ec3u y\u00eau c\u1ea7u v\u1ec1 kh\u00f4ng gian, khi\u1ebfn n\u00f3 tr\u1edf th\u00e0nh l\u1ef1a ch\u1ecdn tuy\u1ec7t v\u1eddi cho nhi\u1ec1u lo\u1ea1i thi\u1ebft b\u1ecb. T\u00ednh n\u0103ng n\u00e0y \u0111\u1eb7c bi\u1ec7t h\u1eefu \u00edch trong c\u00e1c \u1ee9ng d\u1ee5ng c\u00f3 kh\u00f4ng gian h\u1ea1n ch\u1ebf, cho ph\u00e9p linh ho\u1ea1t h\u01a1n trong thi\u1ebft k\u1ebf v\u00e0 c\u1ea5u h\u00ecnh thi\u1ebft b\u1ecb.<\/li>\n<li><strong>Kh\u1ea3 n\u0103ng ch\u1ed1ng \u0103n m\u00f2n<\/strong>: \u0110\u01b0\u1ee3c thi\u1ebft k\u1ebf v\u1edbi l\u1edbp ph\u1ee7 b\u1ea3o v\u1ec7 chuy\u00ean d\u1ee5ng, xi lanh n\u00e0y ch\u1ed1ng g\u1ec9 v\u00e0 m\u00e0i m\u00f2n, k\u00e9o d\u00e0i \u0111\u00e1ng k\u1ec3 tu\u1ed5i th\u1ecd ho\u1ea1t \u0111\u1ed9ng. Kh\u1ea3 n\u0103ng ch\u1ed1ng \u0103n m\u00f2n n\u00e0y r\u1ea5t c\u1ea7n thi\u1ebft cho c\u00e1c thi\u1ebft b\u1ecb ti\u1ebfp x\u00fac v\u1edbi \u0111i\u1ec1u ki\u1ec7n th\u1eddi ti\u1ebft kh\u1eafc nghi\u1ec7t ho\u1eb7c m\u00f4i tr\u01b0\u1eddng \u0103n m\u00f2n, \u0111\u1ea3m b\u1ea3o xi lanh lu\u00f4n gi\u1eef \u0111\u01b0\u1ee3c t\u00ednh to\u00e0n v\u1eb9n theo th\u1eddi gian.<\/li>\n<li><strong>K\u00edch th\u01b0\u1edbc chu\u1ea9n h\u00f3a<\/strong>: ZY254.31F.019A c\u00f3 k\u00edch th\u01b0\u1edbc ph\u00f9 h\u1ee3p v\u1edbi th\u00f4ng s\u1ed1 k\u1ef9 thu\u1eadt m\u00e1y m\u00f3c ti\u00eau chu\u1ea9n. Vi\u1ec7c chu\u1ea9n h\u00f3a n\u00e0y gi\u00fap \u0111\u01a1n gi\u1ea3n h\u00f3a quy tr\u00ecnh thay th\u1ebf v\u00e0 \u0111\u1ea3m b\u1ea3o kh\u1ea3 n\u0103ng t\u01b0\u01a1ng th\u00edch v\u1edbi nhi\u1ec1u h\u1ec7 th\u1ed1ng hi\u1ec7n c\u00f3, gi\u00fap ng\u01b0\u1eddi v\u1eadn h\u00e0nh d\u1ec5 d\u00e0ng n\u00e2ng c\u1ea5p ho\u1eb7c b\u1ea3o tr\u00ec thi\u1ebft b\u1ecb m\u00e0 kh\u00f4ng g\u1eb7p b\u1ea5t k\u1ef3 tr\u1edf ng\u1ea1i n\u00e0o.<\/li>\n<\/ul>\n<h2>\u1ee8ng d\u1ee5ng xi lanh l\u00e1i ZY254.31F.019A:<\/h2>\n<p><img loading=\"lazy\" decoding=\"async\" class=\"alignnone wp-image-1001317 size-full\" src=\"https:\/\/images.hzpt.com\/2024\/11\/zy254-31f-019a-hydraulic-cylinder-application.webp\" alt=\"\" width=\"1072\" height=\"603\" title=\"\"><\/p>\n<h2>Xi lanh l\u00e1i th\u1ee7y l\u1ef1c ho\u1ea1t \u0111\u1ed9ng nh\u01b0 th\u1ebf n\u00e0o?<\/h2>\n<h3>C\u00e1c th\u00e0nh ph\u1ea7n c\u01a1 b\u1ea3n<\/h3>\n<ol>\n<li>Th\u00e2n xi lanh: Th\u00e2n ch\u00ednh ch\u1ee9a ch\u1ea5t l\u1ecfng th\u1ee7y l\u1ef1c v\u00e0 piston.<\/li>\n<li>P\u00edt-t\u00f4ng: M\u1ed9t b\u1ed9 ph\u1eadn chuy\u1ec3n \u0111\u1ed9ng b\u00ean trong xi-lanh c\u00f3 ch\u1ee9c n\u0103ng chia b\u00ean trong th\u00e0nh hai khoang.<\/li>\n<li>C\u1ed5ng: C\u00e1c l\u1ed7 m\u1edf cho ph\u00e9p ch\u1ea5t l\u1ecfng th\u1ee7y l\u1ef1c \u0111i v\u00e0o v\u00e0 ra kh\u1ecfi xi lanh.<\/li>\n<li>Ch\u1ea5t l\u1ecfng th\u1ee7y l\u1ef1c: Ch\u1ea5t l\u1ecfng \u0111\u01b0\u1ee3c s\u1eed d\u1ee5ng \u0111\u1ec3 truy\u1ec1n \u00e1p su\u1ea5t trong h\u1ec7 th\u1ed1ng.<\/li>\n<\/ol>\n<h3>Nguy\u00ean l\u00fd ho\u1ea1t \u0111\u1ed9ng<\/h3>\n<ol>\n<li>\u1ee8ng d\u1ee5ng \u00e1p su\u1ea5t th\u1ee7y l\u1ef1c:\n<ul>\n<li>Khi ng\u01b0\u1eddi v\u1eadn h\u00e0nh xoay v\u00f4 l\u0103ng, ch\u1ea5t l\u1ecfng th\u1ee7y l\u1ef1c s\u1ebd \u0111\u01b0\u1ee3c b\u01a1m qua c\u00e1c c\u1ed5ng v\u00e0o m\u1ed9t b\u00ean c\u1ee7a xi lanh.<\/li>\n<li>H\u00e0nh \u0111\u1ed9ng n\u00e0y l\u00e0m t\u0103ng \u00e1p su\u1ea5t trong bu\u1ed3ng \u0111\u00f3, \u0111\u1ea9y piston theo h\u01b0\u1edbng ng\u01b0\u1ee3c l\u1ea1i.<\/li>\n<\/ul>\n<\/li>\n<li>Chuy\u1ec3n \u0111\u1ed9ng c\u1ee7a piston:\n<ul>\n<li>Khi piston di chuy\u1ec3n, n\u00f3 s\u1ebd chuy\u1ec3n \u0111\u1ed5i \u00e1p su\u1ea5t th\u1ee7y l\u1ef1c th\u00e0nh chuy\u1ec3n \u0111\u1ed9ng tuy\u1ebfn t\u00ednh, l\u00e0m chuy\u1ec3n \u0111\u1ed9ng li\u00ean k\u1ebft l\u00e1i \u0111\u01b0\u1ee3c g\u1eafn v\u00e0o.<\/li>\n<li>Chuy\u1ec3n \u0111\u1ed9ng c\u1ee7a piston \u0111i\u1ec1u khi\u1ec3n g\u00f3c c\u1ee7a b\u00e1nh xe, cho ph\u00e9p \u0111i\u1ec1u ch\u1ec9nh tay l\u00e1i.<\/li>\n<\/ul>\n<\/li>\n<li>Tr\u1ea3 l\u1ea1i ch\u1ea5t l\u1ecfng:\n<ul>\n<li>Khi \u0111\u1ea1t \u0111\u01b0\u1ee3c v\u1ecb tr\u00ed l\u00e1i mong mu\u1ed1n, ch\u1ea5t l\u1ecfng th\u1ee7y l\u1ef1c \u0111\u01b0\u1ee3c gi\u1ea3i ph\u00f3ng kh\u1ecfi bu\u1ed3ng \u00e1p su\u1ea5t v\u00e0 tr\u1edf v\u1ec1 b\u00ecnh ch\u1ee9a th\u00f4ng qua c\u1ed5ng c\u00f2n l\u1ea1i.<\/li>\n<li>S\u1ef1 tr\u1edf l\u1ea1i n\u00e0y cho ph\u00e9p piston tr\u1edf v\u1ec1 v\u1ecb tr\u00ed ban \u0111\u1ea7u, s\u1eb5n s\u00e0ng cho thao t\u00e1c l\u00e1i ti\u1ebfp theo.<\/li>\n<\/ul>\n<\/li>\n<\/ol>\n<h2>\u1ee8ng d\u1ee5ng c\u1ee7a xi lanh th\u1ee7y l\u1ef1c l\u00e1i<\/h2>\n<p>Xi lanh th\u1ee7y l\u1ef1c l\u00e1i l\u00e0 th\u00e0nh ph\u1ea7n thi\u1ebft y\u1ebfu c\u1ee7a h\u1ec7 th\u1ed1ng l\u00e1i tr\u00ean nhi\u1ec1u lo\u1ea1i xe. Nh\u1eefng xi lanh n\u00e0y, c\u00f2n \u0111\u01b0\u1ee3c g\u1ecdi l\u00e0 b\u1ed9 truy\u1ec1n \u0111\u1ed9ng l\u00e1i, gi\u00fap chuy\u1ec3n \u0111\u1ed5i n\u0103ng l\u01b0\u1ee3ng t\u1ea1o ra b\u1edfi b\u01a1m l\u00e1i th\u00e0nh chuy\u1ec3n \u0111\u1ed9ng tuy\u1ebfn t\u00ednh, c\u00f3 th\u1ec3 \u0111\u01b0\u1ee3c s\u1eed d\u1ee5ng \u0111\u1ec3 \u0111i\u1ec1u khi\u1ec3n h\u01b0\u1edbng b\u00e1nh xe c\u1ee7a xe. D\u01b0\u1edbi \u0111\u00e2y l\u00e0 m\u1ed9t s\u1ed1 \u1ee9ng d\u1ee5ng c\u1ee7a xi lanh th\u1ee7y l\u1ef1c l\u00e1i:<\/p>\n<ol>\n<li>Xe t\u1ea3i h\u1ea1ng n\u1eb7ng: Xi lanh th\u1ee7y l\u1ef1c l\u00e1i th\u01b0\u1eddng \u0111\u01b0\u1ee3c s\u1eed d\u1ee5ng tr\u00ean c\u00e1c lo\u1ea1i xe t\u1ea3i h\u1ea1ng n\u1eb7ng nh\u01b0 xe t\u1ea3i, xe bu\u00fdt v\u00e0 thi\u1ebft b\u1ecb x\u00e2y d\u1ef1ng. Nh\u1eefng lo\u1ea1i xe n\u00e0y c\u1ea7n l\u1ef1c l\u00e1i l\u1edbn, v\u00e0 xi lanh th\u1ee7y l\u1ef1c c\u00f3 th\u1ec3 t\u1ea1o ra l\u1ef1c c\u1ea7n thi\u1ebft \u0111\u1ec3 xoay b\u00e1nh xe ngay c\u1ea3 khi xe ch\u1edf n\u1eb7ng. H\u1ec7 th\u1ed1ng th\u1ee7y l\u1ef1c c\u0169ng cho ph\u00e9p ki\u1ec3m so\u00e1t c\u01a1 c\u1ea5u l\u00e1i t\u1ed1t h\u01a1n, gi\u00fap ng\u01b0\u1eddi l\u00e1i d\u1ec5 d\u00e0ng \u0111i\u1ec1u khi\u1ec3n c\u00e1c lo\u1ea1i xe l\u1edbn, c\u1ed3ng k\u1ec1nh.<\/li>\n<li>Xe \u0111\u1ecba h\u00ecnh: C\u00e1c lo\u1ea1i xe \u0111\u1ecba h\u00ecnh nh\u01b0 xe \u0111\u1ecba h\u00ecnh ATV, xe \u0111\u1ecba h\u00ecnh dune buggy v\u00e0 xe \u0111\u1ecba h\u00ecnh c\u0169ng \u0111\u01b0\u1ee3c h\u01b0\u1edfng l\u1ee3i t\u1eeb xi lanh th\u1ee7y l\u1ef1c l\u00e1i. Nh\u1eefng lo\u1ea1i xe n\u00e0y th\u01b0\u1eddng ho\u1ea1t \u0111\u1ed9ng tr\u00ean \u0111\u1ecba h\u00ecnh g\u1ed3 gh\u1ec1, n\u01a1i c\u00e1c c\u01a1 c\u1ea5u l\u00e1i th\u00f4ng th\u01b0\u1eddng c\u00f3 th\u1ec3 kh\u00f4ng hi\u1ec7u qu\u1ea3. Xi lanh th\u1ee7y l\u1ef1c c\u00f3 th\u1ec3 cung c\u1ea5p l\u1ef1c k\u00e9o v\u00e0 \u0111\u1ed9 ch\u00ednh x\u00e1c c\u1ea7n thi\u1ebft \u0111\u1ec3 l\u00e1i xe qua ch\u01b0\u1edbng ng\u1ea1i v\u1eadt v\u00e0 duy tr\u00ec kh\u1ea3 n\u0103ng ki\u1ec3m so\u00e1t xe.<\/li>\n<li>\u1ee8ng d\u1ee5ng trong h\u00e0ng h\u1ea3i v\u00e0 h\u00e0ng kh\u00f4ng v\u0169 tr\u1ee5: Xi lanh th\u1ee7y l\u1ef1c \u0111i\u1ec1u khi\u1ec3n kh\u00f4ng ch\u1ec9 gi\u1edbi h\u1ea1n \u1edf c\u00e1c ph\u01b0\u01a1ng ti\u1ec7n tr\u00ean c\u1ea1n. Ch\u00fang c\u00f2n \u0111\u01b0\u1ee3c s\u1eed d\u1ee5ng trong c\u00e1c \u1ee9ng d\u1ee5ng h\u00e0ng h\u1ea3i nh\u01b0 thuy\u1ec1n v\u00e0 t\u00e0u th\u1ee7y, c\u0169ng nh\u01b0 trong c\u00f4ng ngh\u1ec7 h\u00e0ng kh\u00f4ng v\u0169 tr\u1ee5 nh\u01b0 t\u00e0u v\u0169 tr\u1ee5 v\u00e0 m\u00e1y bay. Trong c\u00e1c \u1ee9ng d\u1ee5ng n\u00e0y, xi lanh th\u1ee7y l\u1ef1c \u0111\u01b0\u1ee3c s\u1eed d\u1ee5ng \u0111\u1ec3 \u0111i\u1ec1u khi\u1ec3n h\u01b0\u1edbng b\u00e1nh l\u00e1i, c\u00e1nh l\u00e1i v\u00e0 c\u00e1c b\u1ec1 m\u1eb7t \u0111i\u1ec1u khi\u1ec3n kh\u00e1c gi\u00fap l\u00e1i t\u00e0u ho\u1eb7c m\u00e1y bay.<\/li>\n<li>Thi\u1ebft b\u1ecb c\u00f4ng nghi\u1ec7p: Xi lanh th\u1ee7y l\u1ef1c c\u0169ng \u0111\u01b0\u1ee3c s\u1eed d\u1ee5ng trong nhi\u1ec1u \u1ee9ng d\u1ee5ng c\u00f4ng nghi\u1ec7p kh\u00e1c nhau \u0111\u1ec3 l\u00e1i v\u00e0 \u0111i\u1ec1u khi\u1ec3n. V\u00ed d\u1ee5, ch\u00fang c\u00f3 th\u1ec3 \u0111\u01b0\u1ee3c s\u1eed d\u1ee5ng \u0111\u1ec3 l\u00e1i c\u1ea7n c\u1ea9u, xe n\u00e2ng ho\u1eb7c c\u00e1c m\u00e1y m\u00f3c h\u1ea1ng n\u1eb7ng kh\u00e1c. Trong nh\u1eefng tr\u01b0\u1eddng h\u1ee3p n\u00e0y, xi lanh th\u1ee7y l\u1ef1c c\u00f3 th\u1ec3 cung c\u1ea5p c\u00f4ng su\u1ea5t v\u00e0 \u0111\u1ed9 ch\u00ednh x\u00e1c c\u1ea7n thi\u1ebft \u0111\u1ec3 v\u1eadn h\u00e0nh t\u1ea3i tr\u1ecdng l\u1edbn ho\u1eb7c trong kh\u00f4ng gian ch\u1eadt h\u1eb9p.<\/li>\n<li>\u1ee8ng d\u1ee5ng t\u00f9y ch\u1ec9nh: Ngo\u00e0i nh\u1eefng \u1ee9ng d\u1ee5ng ph\u1ed5 bi\u1ebfn n\u00e0y, xi lanh th\u1ee7y l\u1ef1c l\u00e1i c\u0169ng c\u00f3 th\u1ec3 \u0111\u01b0\u1ee3c s\u1eed d\u1ee5ng trong nhi\u1ec1u thi\u1ebft l\u1eadp t\u00f9y ch\u1ec9nh kh\u00e1c nhau. V\u00ed d\u1ee5, ch\u00fang c\u00f3 th\u1ec3 \u0111\u01b0\u1ee3c s\u1eed d\u1ee5ng trong c\u00e1c ph\u01b0\u01a1ng ti\u1ec7n th\u1eed nghi\u1ec7m ho\u1eb7c nguy\u00ean m\u1eabu \u0111\u00f2i h\u1ecfi c\u01a1 ch\u1ebf l\u00e1i \u0111\u1ed9c \u0111\u00e1o. Ch\u00fang c\u0169ng c\u00f3 th\u1ec3 \u0111\u01b0\u1ee3c s\u1eed d\u1ee5ng trong c\u00e1c t\u00e1c ph\u1ea9m ngh\u1ec7 thu\u1eadt s\u1eafp \u0111\u1eb7t ho\u1eb7c t\u00e1c ph\u1ea9m \u0111i\u00eau kh\u1eafc \u0111\u1ed9ng h\u1ecdc \u0111\u00f2i h\u1ecfi chuy\u1ec3n \u0111\u1ed9ng ch\u00ednh x\u00e1c v\u00e0 \u0111\u01b0\u1ee3c ki\u1ec3m so\u00e1t.<\/li>\n<\/ol>\n<p>Nh\u01b0 b\u1ea1n c\u00f3 th\u1ec3 th\u1ea5y, xi lanh th\u1ee7y l\u1ef1c l\u00e1i c\u00f3 ph\u1ea1m vi \u1ee9ng d\u1ee5ng r\u1ed9ng r\u00e3i trong nhi\u1ec1u ng\u00e0nh c\u00f4ng nghi\u1ec7p v\u00e0 m\u00f4i tr\u01b0\u1eddng kh\u00e1c nhau. Cho d\u00f9 \u0111\u01b0\u1ee3c s\u1eed d\u1ee5ng trong xe h\u1ea1ng n\u1eb7ng, xe \u0111\u1ecba h\u00ecnh, \u1ee9ng d\u1ee5ng h\u00e0ng h\u1ea3i v\u00e0 h\u00e0ng kh\u00f4ng v\u0169 tr\u1ee5, thi\u1ebft b\u1ecb c\u00f4ng nghi\u1ec7p hay c\u00e1c \u1ee9ng d\u1ee5ng t\u00f9y ch\u1ec9nh, nh\u1eefng xi lanh n\u00e0y \u0111\u1ec1u cung c\u1ea5p c\u00f4ng su\u1ea5t, \u0111\u1ed9 ch\u00ednh x\u00e1c v\u00e0 kh\u1ea3 n\u0103ng ki\u1ec3m so\u00e1t c\u1ea7n thi\u1ebft \u0111\u1ec3 l\u00e1i hi\u1ec7u qu\u1ea3.<\/p>\n<h2>Gi\u1edbi thi\u1ec7u v\u1ec1 FMP<\/h2>\n<p>FMP l\u00e0 nh\u00e0 s\u1ea3n xu\u1ea5t v\u00e0 ph\u00e2n ph\u1ed1i h\u00e0ng \u0111\u1ea7u c\u00e1c lo\u1ea1i xi lanh th\u1ee7y l\u1ef1c, b\u1ed9 xi lanh v\u00e0 linh ki\u1ec7n ch\u1ea5t l\u01b0\u1ee3ng cao cho m\u00e1y m\u00f3c x\u00e2y d\u1ef1ng. V\u1edbi nhi\u1ec1u n\u0103m kinh nghi\u1ec7m trong ng\u00e0nh v\u00e0 \u0111\u1ed9i ng\u0169 chuy\u00ean nghi\u1ec7p, ch\u00fang t\u00f4i cam k\u1ebft cung c\u1ea5p cho kh\u00e1ch h\u00e0ng nh\u1eefng gi\u1ea3i ph\u00e1p \u0111\u00e1ng tin c\u1eady v\u00e0 hi\u1ec7u qu\u1ea3 cho nhu c\u1ea7u m\u00e1y m\u00f3c x\u00e2y d\u1ef1ng c\u1ee7a h\u1ecd.<\/p>\n<p>D\u01b0\u1edbi \u0111\u00e2y l\u00e0 n\u0103m l\u00fd do t\u1ea1i sao b\u1ea1n n\u00ean ch\u1ecdn FMP:<\/p>\n<ol>\n<li><strong>Xi lanh th\u1ee7y l\u1ef1c ch\u1ea5t l\u01b0\u1ee3ng cao:<\/strong> Ch\u00fang t\u00f4i s\u1eed d\u1ee5ng k\u1ef9 thu\u1eadt ch\u00ednh x\u00e1c \u0111\u1ec3 s\u1ea3n xu\u1ea5t xi lanh th\u1ee7y l\u1ef1c. Cam k\u1ebft ch\u1ea5t l\u01b0\u1ee3ng v\u1eefng ch\u1eafc c\u1ee7a ch\u00fang t\u00f4i \u0111\u1ea3m b\u1ea3o ch\u1ec9 s\u1eed d\u1ee5ng nguy\u00ean li\u1ec7u th\u00f4 ch\u1ea5t l\u01b0\u1ee3ng cao nh\u1ea5t v\u00e0 th\u1ef1c hi\u1ec7n ki\u1ec3m tra ch\u1ea5t l\u01b0\u1ee3ng nghi\u00eam ng\u1eb7t \u0111\u1ed1i v\u1edbi th\u00e0nh ph\u1ea9m \u0111\u1ec3 \u0111\u1ea3m b\u1ea3o ch\u00fang \u0111\u00e1p \u1ee9ng v\u00e0 v\u01b0\u1ee3t qu\u00e1 c\u00e1c ti\u00eau chu\u1ea9n c\u1ee7a ng\u00e0nh.<\/li>\n<li><strong>Ph\u1ea1m vi s\u1ea3n ph\u1ea9m r\u1ed9ng l\u1edbn:<\/strong> Danh m\u1ee5c s\u1ea3n ph\u1ea9m c\u1ee7a ch\u00fang t\u00f4i bao g\u1ed3m t\u1ea5t c\u1ea3 c\u00e1c lo\u1ea1i m\u00e1y m\u00f3c v\u00e0 ph\u1ee5 ki\u1ec7n x\u00e2y d\u1ef1ng. Ch\u00fang t\u00f4i cung c\u1ea5p nhi\u1ec1u lo\u1ea1i xi lanh th\u1ee7y l\u1ef1c, h\u1ed9p s\u1ed1, x\u00edch, nh\u00f4ng x\u00edch, ph\u1ee5 ki\u1ec7n \u0111\u1ed9ng c\u01a1, linh ki\u1ec7n h\u1ec7 th\u1ed1ng th\u1ee7y l\u1ef1c, ph\u1ee5 ki\u1ec7n khung g\u1ea7m v\u00e0 ph\u1ee5 ki\u1ec7n h\u1ec7 th\u1ed1ng \u0111i\u1ec7n.<\/li>\n<li><strong>Quan h\u1ec7 \u0111\u1ed1i t\u00e1c \u0111\u00e3 \u0111\u01b0\u1ee3c thi\u1ebft l\u1eadp:<\/strong> Ch\u00fang t\u00f4i \u0111\u00e3 thi\u1ebft l\u1eadp m\u1ed1i quan h\u1ec7 \u0111\u1ed1i t\u00e1c l\u00e2u d\u00e0i v\u00e0 \u1ed5n \u0111\u1ecbnh v\u1edbi nhi\u1ec1u nh\u00e0 cung c\u1ea5p trong v\u00e0 ngo\u00e0i n\u01b0\u1edbc ch\u1ea5t l\u01b0\u1ee3ng cao. \u0110i\u1ec1u n\u00e0y \u0111\u1ea3m b\u1ea3o t\u1ea5t c\u1ea3 c\u00e1c ph\u1ee5 ki\u1ec7n \u0111\u01b0\u1ee3c cung c\u1ea5p \u0111\u1ec1u \u0111\u00e1p \u1ee9ng c\u00e1c ti\u00eau chu\u1ea9n ch\u1ea5t l\u01b0\u1ee3ng nghi\u00eam ng\u1eb7t c\u1ee7a ch\u00fang t\u00f4i.<\/li>\n<li><strong>\u0110\u1ed9i ng\u0169 b\u00e1n h\u00e0ng gi\u00e0u kinh nghi\u1ec7m:<\/strong> \u0110\u1ed9i ng\u0169 b\u00e1n h\u00e0ng c\u1ee7a ch\u00fang t\u00f4i c\u00f3 nhi\u1ec1u n\u0103m kinh nghi\u1ec7m v\u00e0 hi\u1ec3u bi\u1ebft s\u00e2u r\u1ed9ng v\u1ec1 ng\u00e0nh m\u00e1y m\u00f3c x\u00e2y d\u1ef1ng. H\u1ecd c\u00f3 th\u1ec3 t\u01b0 v\u1ea5n s\u1ea3n ph\u1ea9m chuy\u00ean nghi\u1ec7p v\u00e0 \u0111\u01b0a ra l\u1eddi khuy\u00ean mua h\u00e0ng s\u00e1ng su\u1ed1t, gi\u00fap b\u1ea1n \u0111\u01b0a ra quy\u1ebft \u0111\u1ecbnh s\u00e1ng su\u1ed1t.<\/li>\n<li><strong>H\u1ec7 th\u1ed1ng ph\u00e2n ph\u1ed1i h\u1eadu c\u1ea7n hi\u1ec7u qu\u1ea3:<\/strong> Ch\u00fang t\u00f4i c\u00f3 h\u1ec7 th\u1ed1ng ph\u00e2n ph\u1ed1i h\u1eadu c\u1ea7n hi\u1ec7u qu\u1ea3 \u0111\u1ec3 \u0111\u1ea3m b\u1ea3o kh\u00e1ch h\u00e0ng nh\u1eadn \u0111\u01b0\u1ee3c c\u00e1c b\u1ed9 ph\u1eadn c\u1ea7n thi\u1ebft m\u1ed9t c\u00e1ch k\u1ecbp th\u1eddi v\u00e0 ch\u00ednh x\u00e1c.<\/li>\n<\/ol>\n<p><img decoding=\"async\" src=\"https:\/\/fmp-components.com\/wp-content\/uploads\/2025\/01\/Dump-Truck-Trailer-Hydraulic-Cylinder-product-3-3.webp\" alt=\"Xi lanh th\u1ee7y l\u1ef1c\" width=\"800\" title=\"\"><\/p>\n<p>T\u1ea1i FMP, ch\u00fang t\u00f4i cam k\u1ebft cung c\u1ea5p cho kh\u00e1ch h\u00e0ng c\u00e1c ph\u1ee5 ki\u1ec7n m\u00e1y m\u00f3c x\u00e2y d\u1ef1ng ch\u1ea5t l\u01b0\u1ee3ng cao v\u00e0 \u0111\u00e1ng tin c\u1eady c\u00f9ng c\u00e1c gi\u1ea3i ph\u00e1p m\u00e1y m\u00f3c to\u00e0n di\u1ec7n. V\u1edbi c\u01a1 s\u1edf nh\u00e0 m\u00e1y hi\u1ec7n \u0111\u1ea1i, m\u00e1y c\u00f4ng c\u1ee5 CNC, thi\u1ebft k\u1ebf h\u1ed7 tr\u1ee3 m\u00e1y t\u00ednh, \u0111\u1ed9i ng\u0169 nh\u00e2n vi\u00ean l\u00e0nh ngh\u1ec1, chuy\u00ean gia h\u1ec7 th\u1ed1ng th\u1ee7y l\u1ef1c, nh\u00e0 l\u1eafp r\u00e1p xi lanh v\u00e0 \u0111\u1ea1i l\u00fd, ch\u00fang t\u00f4i l\u00e0 \u0111\u1ed1i t\u00e1c \u01b0u ti\u00ean \u0111\u00e1p \u1ee9ng nhu c\u1ea7u c\u1ee7a b\u1ea1n v\u1ec1 xi lanh th\u1ee7y l\u1ef1c, b\u1ed9 xi lanh v\u00e0 linh ki\u1ec7n.<\/p>\n<p>T\u00e1c gi\u1ea3: CX<\/p>","protected":false},"excerpt":{"rendered":"<p>Product Name: NWTEHX-2101043 Steering Cylinder Looking for a high-quality steering cylinder that provides excellent performance and durability? Look no further than the NWTEHX-2101043 Steering Cylinder. Crafted with top-grade materials and designed to meet stringent industry standards, this steering cylinder is built to withstand even the toughest working conditions. Whether you&#8217;re operating heavy machinery or working [&hellip;]<\/p>","protected":false},"featured_media":2946,"comment_status":"closed","ping_status":"closed","template":"","meta":{"_et_pb_use_builder":"","_et_pb_old_content":"","_et_gb_content_width":""},"product_brand":[],"product_cat":[67],"product_tag":[34,70],"class_list":{"0":"post-2945","1":"product","2":"type-product","3":"status-publish","4":"has-post-thumbnail","6":"product_cat-steering-hydraulic-cylinder","7":"product_tag-hydraulic-cylinder","8":"product_tag-steering-hydraulic-cylinder","10":"first","11":"instock","12":"product-type-simple"},"_links":{"self":[{"href":"https:\/\/fmp-components.com\/vi\/wp-json\/wp\/v2\/product\/2945","targetHints":{"allow":["GET"]}}],"collection":[{"href":"https:\/\/fmp-components.com\/vi\/wp-json\/wp\/v2\/product"}],"about":[{"href":"https:\/\/fmp-components.com\/vi\/wp-json\/wp\/v2\/types\/product"}],"replies":[{"embeddable":true,"href":"https:\/\/fmp-components.com\/vi\/wp-json\/wp\/v2\/comments?post=2945"}],"wp:featuredmedia":[{"embeddable":true,"href":"https:\/\/fmp-components.com\/vi\/wp-json\/wp\/v2\/media\/2946"}],"wp:attachment":[{"href":"https:\/\/fmp-components.com\/vi\/wp-json\/wp\/v2\/media?parent=2945"}],"wp:term":[{"taxonomy":"product_brand","embeddable":true,"href":"https:\/\/fmp-components.com\/vi\/wp-json\/wp\/v2\/product_brand?post=2945"},{"taxonomy":"product_cat","embeddable":true,"href":"https:\/\/fmp-components.com\/vi\/wp-json\/wp\/v2\/product_cat?post=2945"},{"taxonomy":"product_tag","embeddable":true,"href":"https:\/\/fmp-components.com\/vi\/wp-json\/wp\/v2\/product_tag?post=2945"}],"curies":[{"name":"wp","href":"https:\/\/api.w.org\/{rel}","templated":true}]}}