{"id":2839,"date":"2025-01-04T05:24:01","date_gmt":"2025-01-04T05:24:01","guid":{"rendered":"https:\/\/fmp-components.com\/product\/italy-supplier-long-stroke-hydraulic-piston-cylinder-for-agriculture-trailer\/"},"modified":"2025-03-18T02:06:55","modified_gmt":"2025-03-18T02:06:55","slug":"italy-supplier-long-stroke-hydraulic-piston-cylinder-for-agriculture-trailer","status":"publish","type":"product","link":"https:\/\/fmp-components.com\/vi\/product\/italy-supplier-long-stroke-hydraulic-piston-cylinder-for-agriculture-trailer\/","title":{"rendered":"Nh\u00e0 cung c\u1ea5p xi lanh piston th\u1ee7y l\u1ef1c h\u00e0nh tr\u00ecnh d\u00e0i c\u1ee7a \u00dd cho r\u01a1 mo\u00f3c n\u00f4ng nghi\u1ec7p"},"content":{"rendered":"<p>M\u00f4 t\u1ea3 s\u1ea3n ph\u1ea9m:<\/p>\n<p>Xi lanh th\u1ee7y l\u1ef1c t\u00e1c \u0111\u1ed9ng k\u00e9p ch\u1ea5t l\u01b0\u1ee3ng cao l\u00e0 gi\u1ea3i ph\u00e1p \u0111\u00e1ng tin c\u1eady v\u00e0 hi\u1ec7u qu\u1ea3 cho nhi\u1ec1u \u1ee9ng d\u1ee5ng c\u00f4ng nghi\u1ec7p kh\u00e1c nhau. N\u00f3 \u0111\u01b0\u1ee3c thi\u1ebft k\u1ebf \u0111\u1ec3 cung c\u1ea5p hi\u1ec7u su\u1ea5t tr\u01a1n tru v\u00e0 \u1ed5n \u0111\u1ecbnh trong \u0111i\u1ec1u ki\u1ec7n kh\u1eafc nghi\u1ec7t. Xi lanh \u0111\u01b0\u1ee3c l\u00e0m t\u1eeb v\u1eadt li\u1ec7u ch\u1ea5t l\u01b0\u1ee3ng cao, \u0111\u1ea3m b\u1ea3o \u0111\u1ed9 b\u1ec1n v\u00e0 hi\u1ec7u su\u1ea5t l\u00e2u d\u00e0i.<\/p>\n<p>Xi lanh n\u00e0y l\u00e0 lo\u1ea1i t\u00e1c \u0111\u1ed9ng k\u00e9p, c\u00f3 ngh\u0129a l\u00e0 n\u00f3 c\u00f3 th\u1ec3 t\u1ea1o l\u1ef1c theo c\u1ea3 hai h\u01b0\u1edbng, gi\u00fap n\u00f3 tr\u1edf n\u00ean linh ho\u1ea1t v\u00e0 ph\u00f9 h\u1ee3p v\u1edbi nhi\u1ec1u \u1ee9ng d\u1ee5ng kh\u00e1c nhau. N\u00f3 \u0111\u01b0\u1ee3c thi\u1ebft k\u1ebf \u0111\u1ec3 cung c\u1ea5p l\u1ef1c th\u1ee7y l\u1ef1c m\u1ea1nh m\u1ebd v\u00e0 ch\u00ednh x\u00e1c, l\u00fd t\u01b0\u1edfng cho c\u00e1c m\u00e1y m\u00f3c v\u00e0 thi\u1ebft b\u1ecb h\u1ea1ng n\u1eb7ng.<\/p>\n<p>Xi lanh th\u1ee7y l\u1ef1c t\u00e1c \u0111\u1ed9ng k\u00e9p ch\u1ea5t l\u01b0\u1ee3ng cao r\u1ea5t d\u1ec5 l\u1eafp \u0111\u1eb7t v\u00e0 v\u1eadn h\u00e0nh. N\u00f3 \u0111\u01b0\u1ee3c thi\u1ebft k\u1ebf \u0111\u1ec3 t\u00edch h\u1ee3p ho\u00e0n h\u1ea3o v\u00e0o h\u1ec7 th\u1ed1ng th\u1ee7y l\u1ef1c hi\u1ec7n c\u00f3 c\u1ee7a b\u1ea1n, mang l\u1ea1i s\u1ef1 k\u1ebft h\u1ee3p li\u1ec1n m\u1ea1ch v\u00e0 v\u1eadn h\u00e0nh kh\u00f4ng g\u1eb7p r\u1eafc r\u1ed1i. Xi lanh n\u00e0y c\u0169ng \u00edt c\u1ea7n b\u1ea3o tr\u00ec, c\u00f3 ngh\u0129a l\u00e0 b\u1ea1n c\u00f3 th\u1ec3 tin t\u01b0\u1edfng s\u1eed d\u1ee5ng n\u00f3 trong th\u1eddi gian d\u00e0i m\u00e0 kh\u00f4ng c\u1ea7n lo l\u1eafng v\u1ec1 chi ph\u00ed s\u1eeda ch\u1eefa ho\u1eb7c thay th\u1ebf t\u1ed1n k\u00e9m.<\/p>\n<p>V\u1edbi c\u1ea5u t\u1ea1o ch\u1ea5t l\u01b0\u1ee3ng cao v\u00e0 hi\u1ec7u su\u1ea5t \u0111\u00e1ng tin c\u1eady, xi lanh th\u1ee7y l\u1ef1c t\u00e1c \u0111\u1ed9ng k\u00e9p ch\u1ea5t l\u01b0\u1ee3ng cao l\u00e0 gi\u1ea3i ph\u00e1p ho\u00e0n h\u1ea3o cho m\u1ecdi nhu c\u1ea7u th\u1ee7y l\u1ef1c c\u1ee7a b\u1ea1n.<\/p>\n<h2>Xi lanh d\u1ea7u th\u1ee7y l\u1ef1c k\u1ef9 thu\u1eadt t\u00e1c \u0111\u1ed9ng k\u00e9p ch\u1ea5t l\u01b0\u1ee3ng cao<\/h2>\n<p>Xi lanh th\u1ee7y l\u1ef1c t\u00e1c \u0111\u1ed9ng k\u00e9p ch\u1ea5t l\u01b0\u1ee3ng cao l\u00e0 gi\u1ea3i ph\u00e1p \u0111\u00e1ng tin c\u1eady v\u00e0 hi\u1ec7u qu\u1ea3 cho nhi\u1ec1u \u1ee9ng d\u1ee5ng c\u00f4ng nghi\u1ec7p kh\u00e1c nhau. N\u00f3 \u0111\u01b0\u1ee3c thi\u1ebft k\u1ebf \u0111\u1ec3 cung c\u1ea5p hi\u1ec7u su\u1ea5t tr\u01a1n tru v\u00e0 \u1ed5n \u0111\u1ecbnh trong \u0111i\u1ec1u ki\u1ec7n kh\u1eafc nghi\u1ec7t. Xi lanh \u0111\u01b0\u1ee3c l\u00e0m t\u1eeb v\u1eadt li\u1ec7u ch\u1ea5t l\u01b0\u1ee3ng cao, \u0111\u1ea3m b\u1ea3o \u0111\u1ed9 b\u1ec1n v\u00e0 hi\u1ec7u su\u1ea5t l\u00e2u d\u00e0i.<\/p>\n<p>Xi lanh n\u00e0y l\u00e0 lo\u1ea1i t\u00e1c \u0111\u1ed9ng k\u00e9p, c\u00f3 ngh\u0129a l\u00e0 n\u00f3 c\u00f3 th\u1ec3 t\u1ea1o l\u1ef1c theo c\u1ea3 hai h\u01b0\u1edbng, gi\u00fap n\u00f3 tr\u1edf n\u00ean linh ho\u1ea1t v\u00e0 ph\u00f9 h\u1ee3p v\u1edbi nhi\u1ec1u \u1ee9ng d\u1ee5ng kh\u00e1c nhau. N\u00f3 \u0111\u01b0\u1ee3c thi\u1ebft k\u1ebf \u0111\u1ec3 cung c\u1ea5p l\u1ef1c th\u1ee7y l\u1ef1c m\u1ea1nh m\u1ebd v\u00e0 ch\u00ednh x\u00e1c, l\u00fd t\u01b0\u1edfng cho c\u00e1c m\u00e1y m\u00f3c v\u00e0 thi\u1ebft b\u1ecb h\u1ea1ng n\u1eb7ng.<\/p>\n<p>Xi lanh th\u1ee7y l\u1ef1c t\u00e1c \u0111\u1ed9ng k\u00e9p ch\u1ea5t l\u01b0\u1ee3ng cao r\u1ea5t d\u1ec5 l\u1eafp \u0111\u1eb7t v\u00e0 v\u1eadn h\u00e0nh. N\u00f3 \u0111\u01b0\u1ee3c thi\u1ebft k\u1ebf \u0111\u1ec3 t\u00edch h\u1ee3p ho\u00e0n h\u1ea3o v\u00e0o h\u1ec7 th\u1ed1ng th\u1ee7y l\u1ef1c hi\u1ec7n c\u00f3 c\u1ee7a b\u1ea1n, mang l\u1ea1i s\u1ef1 k\u1ebft h\u1ee3p li\u1ec1n m\u1ea1ch v\u00e0 v\u1eadn h\u00e0nh kh\u00f4ng g\u1eb7p r\u1eafc r\u1ed1i. Xi lanh n\u00e0y c\u0169ng \u00edt c\u1ea7n b\u1ea3o tr\u00ec, c\u00f3 ngh\u0129a l\u00e0 b\u1ea1n c\u00f3 th\u1ec3 tin t\u01b0\u1edfng s\u1eed d\u1ee5ng n\u00f3 trong th\u1eddi gian d\u00e0i m\u00e0 kh\u00f4ng c\u1ea7n lo l\u1eafng v\u1ec1 chi ph\u00ed s\u1eeda ch\u1eefa ho\u1eb7c thay th\u1ebf t\u1ed1n k\u00e9m.<\/p>\n<p>V\u1edbi c\u1ea5u t\u1ea1o ch\u1ea5t l\u01b0\u1ee3ng cao v\u00e0 hi\u1ec7u su\u1ea5t \u0111\u00e1ng tin c\u1eady, xi lanh th\u1ee7y l\u1ef1c t\u00e1c \u0111\u1ed9ng k\u00e9p ch\u1ea5t l\u01b0\u1ee3ng cao l\u00e0 gi\u1ea3i ph\u00e1p ho\u00e0n h\u1ea3o cho m\u1ecdi nhu c\u1ea7u th\u1ee7y l\u1ef1c c\u1ee7a b\u1ea1n.<\/p>\n<h2>Gi\u1edbi thi\u1ec7u v\u1ec1 xi lanh piston th\u1ee7y l\u1ef1c<\/h2>\n<p>Xi lanh piston th\u1ee7y l\u1ef1c \u0111\u00e3 l\u00e0 m\u1ed9t thi\u1ebft b\u1ecb thi\u1ebft y\u1ebfu trong ng\u00e0nh n\u00f4ng nghi\u1ec7p trong nhi\u1ec1u th\u1eadp k\u1ef7. Ch\u00fang \u0111\u01b0\u1ee3c s\u1eed d\u1ee5ng trong nhi\u1ec1u lo\u1ea1i m\u00e1y m\u00f3c cho c\u00e1c nhi\u1ec7m v\u1ee5 nh\u01b0 n\u00e2ng, \u0111\u1ea9y v\u00e0 k\u00e9o. T\u00ednh linh ho\u1ea1t c\u1ee7a c\u00e1c xi lanh n\u00e0y \u0111\u00e3 d\u1eabn \u0111\u1ebfn vi\u1ec7c ch\u00fang \u0111\u01b0\u1ee3c s\u1eed d\u1ee5ng r\u1ed9ng r\u00e3i trong nhi\u1ec1u ng\u00e0nh c\u00f4ng nghi\u1ec7p kh\u00e1c nhau, bao g\u1ed3m c\u00e1c x\u01b0\u1edfng s\u1eeda ch\u1eefa m\u00e1y m\u00f3c, trang tr\u1ea1i, n\u0103ng l\u01b0\u1ee3ng &amp; khai th\u00e1c m\u1ecf v\u00e0 s\u1ea3n xu\u1ea5t m\u00e1y m\u00f3c.<\/p>\n<h3>L\u1ef1a ch\u1ecdn d\u1ea7u th\u1ee7y l\u1ef1c v\u00e0 ph\u1edbt d\u1ea7u ph\u00f9 h\u1ee3p<\/h3>\n<p><img loading=\"lazy\" decoding=\"async\" class=\"alignnone size-full wp-image-7064\" src=\"https:\/\/fmp-components.com\/wp-content\/uploads\/2025\/01\/agricultural-machinery-hydraulic-cylinder-4-1.webp\" alt=\"xi lanh th\u1ee7y l\u1ef1c m\u00e1y m\u00f3c n\u00f4ng nghi\u1ec7p\" width=\"640\" height=\"640\" title=\"\" srcset=\"https:\/\/fmp-components.com\/wp-content\/uploads\/2025\/01\/agricultural-machinery-hydraulic-cylinder-4-1.webp 640w, https:\/\/fmp-components.com\/wp-content\/uploads\/2025\/01\/agricultural-machinery-hydraulic-cylinder-4-1-480x480.webp 480w\" sizes=\"(min-width: 0px) and (max-width: 480px) 480px, (min-width: 481px) 640px, 100vw\" \/><\/p>\n<p>Vi\u1ec7c l\u1ef1a ch\u1ecdn d\u1ea7u th\u1ee7y l\u1ef1c v\u00e0 gio\u0103ng ph\u1edbt ph\u00f9 h\u1ee3p c\u00f3 th\u1ec3 \u1ea3nh h\u01b0\u1edfng l\u1edbn \u0111\u1ebfn hi\u1ec7u su\u1ea5t v\u00e0 tu\u1ed5i th\u1ecd c\u1ee7a xi lanh piston th\u1ee7y l\u1ef1c. D\u1ea7u ph\u1ea3i c\u00f3 \u0111\u1ed9 nh\u1edbt ph\u00f9 h\u1ee3p \u0111\u1ec3 \u0111\u1ea3m b\u1ea3o ho\u1ea1t \u0111\u1ed9ng tr\u01a1n tru, trong khi gio\u0103ng ph\u1edbt ph\u1ea3i c\u00f3 k\u00edch th\u01b0\u1edbc ph\u00f9 h\u1ee3p \u0111\u1ec3 ng\u0103n ng\u1eeba r\u00f2 r\u1ec9 d\u1ea7u. B\u1ea3o tr\u00ec th\u01b0\u1eddng xuy\u00ean v\u00e0 thay th\u1ebf \u0111\u00fang th\u1eddi \u0111i\u1ec3m c\u0169ng r\u1ea5t c\u1ea7n thi\u1ebft \u0111\u1ec3 duy tr\u00ec hi\u1ec7u su\u1ea5t t\u1ed1i \u01b0u.<\/p>\n<p><img loading=\"lazy\" decoding=\"async\" class=\"alignnone size-full wp-image-7065\" src=\"https:\/\/fmp-components.com\/wp-content\/uploads\/2025\/01\/agricultural-machinery-hydraulic-cylinder-3-1.webp\" alt=\"xi lanh th\u1ee7y l\u1ef1c m\u00e1y m\u00f3c n\u00f4ng nghi\u1ec7p\" width=\"750\" height=\"750\" title=\"\" srcset=\"https:\/\/fmp-components.com\/wp-content\/uploads\/2025\/01\/agricultural-machinery-hydraulic-cylinder-3-1.webp 750w, https:\/\/fmp-components.com\/wp-content\/uploads\/2025\/01\/agricultural-machinery-hydraulic-cylinder-3-1-480x480.webp 480w\" sizes=\"(min-width: 0px) and (max-width: 480px) 480px, (min-width: 481px) 750px, 100vw\" \/><\/p>\n<h2>Nh\u00e0 cung c\u1ea5p xi lanh piston th\u1ee7y l\u1ef1c h\u00e0nh tr\u00ecnh d\u00e0i c\u1ee7a \u00dd cho r\u01a1 mo\u00f3c n\u00f4ng nghi\u1ec7p<\/h2>\n<p>Xi lanh piston th\u1ee7y l\u1ef1c h\u00e0nh tr\u00ecnh d\u00e0i c\u1ee7a nh\u00e0 cung c\u1ea5p \u00dd d\u00e0nh cho xe mo\u00f3c n\u00f4ng nghi\u1ec7p l\u00e0 s\u1ea3n ph\u1ea9m m\u1edbi ra m\u1eaft n\u0103m 2025. V\u1edbi c\u1ea5u tr\u00fac ti\u00eau chu\u1ea9n v\u00e0 c\u00f4ng su\u1ea5t th\u1ee7y l\u1ef1c m\u1ea1nh m\u1ebd, xi lanh piston n\u00e0y r\u1ea5t ph\u00f9 h\u1ee3p \u0111\u1ec3 s\u1eed d\u1ee5ng trong c\u00e1c x\u01b0\u1edfng s\u1eeda ch\u1eefa m\u00e1y m\u00f3c, trang tr\u1ea1i, ng\u00e0nh n\u0103ng l\u01b0\u1ee3ng &amp; khai th\u00e1c m\u1ecf, s\u1ea3n xu\u1ea5t m\u00e1y m\u00f3c v\u00e0 c\u00e1c nh\u00e0 m\u00e1y ch\u1ebf t\u1ea1o m\u00e1y. S\u1ea3n ph\u1ea9m c\u00f3 th\u00e2n b\u1eb1ng th\u00e9p, l\u1ef1c \u0111\u1ea9y t\u1ed1i \u0111a 3000 v\u00e0 l\u1ef1c k\u00e9o t\u1ed1i \u0111a 20 t\u1ea5n. S\u1ea3n ph\u1ea9m c\u0169ng \u0111\u01b0\u1ee3c b\u1ea3o h\u00e0nh 1 n\u0103m cho c\u00e1c b\u1ed9 ph\u1eadn c\u1ed1t l\u00f5i.<\/p>\n<h3>\u0110\u00f3ng g\u00f3i v\u00e0 v\u1eadn chuy\u1ec3n<\/h3>\n<p>Xi lanh piston \u0111\u01b0\u1ee3c \u0111\u00f3ng g\u00f3i trong th\u00f9ng s\u1eaft, th\u00f9ng g\u1ed7 d\u00e1n ho\u1eb7c h\u1ed9p carton \u0111\u1ec3 b\u1ea3o v\u1ec7 trong qu\u00e1 tr\u00ecnh v\u1eadn chuy\u1ec3n.<\/p>\n<p>\u0110\u1ec3 t\u00ecm hi\u1ec3u th\u00eam v\u1ec1 FMP v\u00e0 c\u00e1c s\u1ea3n ph\u1ea9m c\u1ee7a ch\u00fang t\u00f4i, h\u00e3y gh\u00e9 th\u0103m nh\u00e0 m\u00e1y ho\u1eb7c li\u00ean h\u1ec7 v\u1edbi ch\u00fang t\u00f4i ngay h\u00f4m nay. \u0110\u1ed9i ng\u0169 c\u1ee7a ch\u00fang t\u00f4i s\u1eb5n s\u00e0ng h\u1ed7 tr\u1ee3 b\u1ea1n \u0111\u00e1p \u1ee9ng m\u1ecdi nhu c\u1ea7u v\u1ec1 xi lanh th\u1ee7y l\u1ef1c.<\/p>\n<p><img decoding=\"async\" src=\"https:\/\/hzpt.com\/wp-content\/uploads\/2023\/09\/Hydraulic-Cylinder-Factory-2.webp\" alt=\"Nh\u00e0 m\u00e1y xi lanh th\u1ee7y l\u1ef1c\" title=\"\"><\/p>\n<h2>\u1ee8ng d\u1ee5ng c\u1ee7a xi lanh th\u1ee7y l\u1ef1c l\u00e1i<\/h2>\n<p>Xi lanh th\u1ee7y l\u1ef1c l\u00e1i l\u00e0 th\u00e0nh ph\u1ea7n thi\u1ebft y\u1ebfu c\u1ee7a h\u1ec7 th\u1ed1ng l\u00e1i tr\u00ean nhi\u1ec1u lo\u1ea1i xe. Nh\u1eefng xi lanh n\u00e0y, c\u00f2n \u0111\u01b0\u1ee3c g\u1ecdi l\u00e0 b\u1ed9 truy\u1ec1n \u0111\u1ed9ng l\u00e1i, gi\u00fap chuy\u1ec3n \u0111\u1ed5i n\u0103ng l\u01b0\u1ee3ng t\u1ea1o ra b\u1edfi b\u01a1m l\u00e1i th\u00e0nh chuy\u1ec3n \u0111\u1ed9ng tuy\u1ebfn t\u00ednh, c\u00f3 th\u1ec3 \u0111\u01b0\u1ee3c s\u1eed d\u1ee5ng \u0111\u1ec3 \u0111i\u1ec1u khi\u1ec3n h\u01b0\u1edbng b\u00e1nh xe c\u1ee7a xe. D\u01b0\u1edbi \u0111\u00e2y l\u00e0 m\u1ed9t s\u1ed1 \u1ee9ng d\u1ee5ng c\u1ee7a xi lanh th\u1ee7y l\u1ef1c l\u00e1i:<\/p>\n<ol>\n<li>Xe t\u1ea3i h\u1ea1ng n\u1eb7ng: Xi lanh th\u1ee7y l\u1ef1c l\u00e1i th\u01b0\u1eddng \u0111\u01b0\u1ee3c s\u1eed d\u1ee5ng tr\u00ean c\u00e1c lo\u1ea1i xe t\u1ea3i h\u1ea1ng n\u1eb7ng nh\u01b0 xe t\u1ea3i, xe bu\u00fdt v\u00e0 thi\u1ebft b\u1ecb x\u00e2y d\u1ef1ng. Nh\u1eefng lo\u1ea1i xe n\u00e0y c\u1ea7n l\u1ef1c l\u00e1i l\u1edbn, v\u00e0 xi lanh th\u1ee7y l\u1ef1c c\u00f3 th\u1ec3 t\u1ea1o ra l\u1ef1c c\u1ea7n thi\u1ebft \u0111\u1ec3 xoay b\u00e1nh xe ngay c\u1ea3 khi xe ch\u1edf n\u1eb7ng. H\u1ec7 th\u1ed1ng th\u1ee7y l\u1ef1c c\u0169ng cho ph\u00e9p ki\u1ec3m so\u00e1t c\u01a1 c\u1ea5u l\u00e1i t\u1ed1t h\u01a1n, gi\u00fap ng\u01b0\u1eddi l\u00e1i d\u1ec5 d\u00e0ng \u0111i\u1ec1u khi\u1ec3n c\u00e1c lo\u1ea1i xe l\u1edbn, c\u1ed3ng k\u1ec1nh.<\/li>\n<li>Xe \u0111\u1ecba h\u00ecnh: C\u00e1c lo\u1ea1i xe \u0111\u1ecba h\u00ecnh nh\u01b0 xe \u0111\u1ecba h\u00ecnh ATV, xe \u0111\u1ecba h\u00ecnh dune buggy v\u00e0 xe \u0111\u1ecba h\u00ecnh c\u0169ng \u0111\u01b0\u1ee3c h\u01b0\u1edfng l\u1ee3i t\u1eeb xi lanh th\u1ee7y l\u1ef1c l\u00e1i. Nh\u1eefng lo\u1ea1i xe n\u00e0y th\u01b0\u1eddng ho\u1ea1t \u0111\u1ed9ng tr\u00ean \u0111\u1ecba h\u00ecnh g\u1ed3 gh\u1ec1, n\u01a1i c\u00e1c c\u01a1 c\u1ea5u l\u00e1i th\u00f4ng th\u01b0\u1eddng c\u00f3 th\u1ec3 kh\u00f4ng hi\u1ec7u qu\u1ea3. Xi lanh th\u1ee7y l\u1ef1c c\u00f3 th\u1ec3 cung c\u1ea5p l\u1ef1c k\u00e9o v\u00e0 \u0111\u1ed9 ch\u00ednh x\u00e1c c\u1ea7n thi\u1ebft \u0111\u1ec3 l\u00e1i xe qua ch\u01b0\u1edbng ng\u1ea1i v\u1eadt v\u00e0 duy tr\u00ec kh\u1ea3 n\u0103ng ki\u1ec3m so\u00e1t xe.<\/li>\n<li>\u1ee8ng d\u1ee5ng trong h\u00e0ng h\u1ea3i v\u00e0 h\u00e0ng kh\u00f4ng v\u0169 tr\u1ee5: Xi lanh th\u1ee7y l\u1ef1c \u0111i\u1ec1u khi\u1ec3n kh\u00f4ng ch\u1ec9 gi\u1edbi h\u1ea1n \u1edf c\u00e1c ph\u01b0\u01a1ng ti\u1ec7n tr\u00ean c\u1ea1n. Ch\u00fang c\u00f2n \u0111\u01b0\u1ee3c s\u1eed d\u1ee5ng trong c\u00e1c \u1ee9ng d\u1ee5ng h\u00e0ng h\u1ea3i nh\u01b0 thuy\u1ec1n v\u00e0 t\u00e0u th\u1ee7y, c\u0169ng nh\u01b0 trong c\u00f4ng ngh\u1ec7 h\u00e0ng kh\u00f4ng v\u0169 tr\u1ee5 nh\u01b0 t\u00e0u v\u0169 tr\u1ee5 v\u00e0 m\u00e1y bay. Trong c\u00e1c \u1ee9ng d\u1ee5ng n\u00e0y, xi lanh th\u1ee7y l\u1ef1c \u0111\u01b0\u1ee3c s\u1eed d\u1ee5ng \u0111\u1ec3 \u0111i\u1ec1u khi\u1ec3n h\u01b0\u1edbng b\u00e1nh l\u00e1i, c\u00e1nh l\u00e1i v\u00e0 c\u00e1c b\u1ec1 m\u1eb7t \u0111i\u1ec1u khi\u1ec3n kh\u00e1c gi\u00fap l\u00e1i t\u00e0u ho\u1eb7c m\u00e1y bay.<\/li>\n<li>Thi\u1ebft b\u1ecb c\u00f4ng nghi\u1ec7p: Xi lanh th\u1ee7y l\u1ef1c c\u0169ng \u0111\u01b0\u1ee3c s\u1eed d\u1ee5ng trong nhi\u1ec1u \u1ee9ng d\u1ee5ng c\u00f4ng nghi\u1ec7p kh\u00e1c nhau \u0111\u1ec3 l\u00e1i v\u00e0 \u0111i\u1ec1u khi\u1ec3n. V\u00ed d\u1ee5, ch\u00fang c\u00f3 th\u1ec3 \u0111\u01b0\u1ee3c s\u1eed d\u1ee5ng \u0111\u1ec3 l\u00e1i c\u1ea7n c\u1ea9u, xe n\u00e2ng ho\u1eb7c c\u00e1c m\u00e1y m\u00f3c h\u1ea1ng n\u1eb7ng kh\u00e1c. Trong nh\u1eefng tr\u01b0\u1eddng h\u1ee3p n\u00e0y, xi lanh th\u1ee7y l\u1ef1c c\u00f3 th\u1ec3 cung c\u1ea5p c\u00f4ng su\u1ea5t v\u00e0 \u0111\u1ed9 ch\u00ednh x\u00e1c c\u1ea7n thi\u1ebft \u0111\u1ec3 v\u1eadn h\u00e0nh t\u1ea3i tr\u1ecdng l\u1edbn ho\u1eb7c trong kh\u00f4ng gian ch\u1eadt h\u1eb9p.<\/li>\n<li>\u1ee8ng d\u1ee5ng t\u00f9y ch\u1ec9nh: Ngo\u00e0i nh\u1eefng \u1ee9ng d\u1ee5ng ph\u1ed5 bi\u1ebfn n\u00e0y, xi lanh th\u1ee7y l\u1ef1c l\u00e1i c\u0169ng c\u00f3 th\u1ec3 \u0111\u01b0\u1ee3c s\u1eed d\u1ee5ng trong nhi\u1ec1u thi\u1ebft l\u1eadp t\u00f9y ch\u1ec9nh kh\u00e1c nhau. V\u00ed d\u1ee5, ch\u00fang c\u00f3 th\u1ec3 \u0111\u01b0\u1ee3c s\u1eed d\u1ee5ng trong c\u00e1c ph\u01b0\u01a1ng ti\u1ec7n th\u1eed nghi\u1ec7m ho\u1eb7c nguy\u00ean m\u1eabu \u0111\u00f2i h\u1ecfi c\u01a1 ch\u1ebf l\u00e1i \u0111\u1ed9c \u0111\u00e1o. Ch\u00fang c\u0169ng c\u00f3 th\u1ec3 \u0111\u01b0\u1ee3c s\u1eed d\u1ee5ng trong c\u00e1c t\u00e1c ph\u1ea9m ngh\u1ec7 thu\u1eadt s\u1eafp \u0111\u1eb7t ho\u1eb7c t\u00e1c ph\u1ea9m \u0111i\u00eau kh\u1eafc \u0111\u1ed9ng h\u1ecdc \u0111\u00f2i h\u1ecfi chuy\u1ec3n \u0111\u1ed9ng ch\u00ednh x\u00e1c v\u00e0 \u0111\u01b0\u1ee3c ki\u1ec3m so\u00e1t.<\/li>\n<\/ol>\n<p>Nh\u01b0 b\u1ea1n c\u00f3 th\u1ec3 th\u1ea5y, xi lanh th\u1ee7y l\u1ef1c l\u00e1i c\u00f3 ph\u1ea1m vi \u1ee9ng d\u1ee5ng r\u1ed9ng r\u00e3i trong nhi\u1ec1u ng\u00e0nh c\u00f4ng nghi\u1ec7p v\u00e0 m\u00f4i tr\u01b0\u1eddng kh\u00e1c nhau. Cho d\u00f9 \u0111\u01b0\u1ee3c s\u1eed d\u1ee5ng trong xe h\u1ea1ng n\u1eb7ng, xe \u0111\u1ecba h\u00ecnh, \u1ee9ng d\u1ee5ng h\u00e0ng h\u1ea3i v\u00e0 h\u00e0ng kh\u00f4ng v\u0169 tr\u1ee5, thi\u1ebft b\u1ecb c\u00f4ng nghi\u1ec7p hay c\u00e1c \u1ee9ng d\u1ee5ng t\u00f9y ch\u1ec9nh, nh\u1eefng xi lanh n\u00e0y \u0111\u1ec1u cung c\u1ea5p c\u00f4ng su\u1ea5t, \u0111\u1ed9 ch\u00ednh x\u00e1c v\u00e0 kh\u1ea3 n\u0103ng ki\u1ec3m so\u00e1t c\u1ea7n thi\u1ebft \u0111\u1ec3 l\u00e1i hi\u1ec7u qu\u1ea3.<\/p>\n<h2>Gi\u1edbi thi\u1ec7u v\u1ec1 FMP<\/h2>\n<p>FMP l\u00e0 nh\u00e0 s\u1ea3n xu\u1ea5t v\u00e0 ph\u00e2n ph\u1ed1i h\u00e0ng \u0111\u1ea7u c\u00e1c lo\u1ea1i xi lanh th\u1ee7y l\u1ef1c, b\u1ed9 xi lanh v\u00e0 linh ki\u1ec7n ch\u1ea5t l\u01b0\u1ee3ng cao cho m\u00e1y m\u00f3c x\u00e2y d\u1ef1ng. V\u1edbi nhi\u1ec1u n\u0103m kinh nghi\u1ec7m trong ng\u00e0nh v\u00e0 \u0111\u1ed9i ng\u0169 chuy\u00ean nghi\u1ec7p, ch\u00fang t\u00f4i cam k\u1ebft cung c\u1ea5p cho kh\u00e1ch h\u00e0ng nh\u1eefng gi\u1ea3i ph\u00e1p \u0111\u00e1ng tin c\u1eady v\u00e0 hi\u1ec7u qu\u1ea3 cho nhu c\u1ea7u m\u00e1y m\u00f3c x\u00e2y d\u1ef1ng c\u1ee7a h\u1ecd.<\/p>\n<p>D\u01b0\u1edbi \u0111\u00e2y l\u00e0 n\u0103m l\u00fd do t\u1ea1i sao b\u1ea1n n\u00ean ch\u1ecdn FMP:<\/p>\n<ol>\n<li><strong>Xi lanh th\u1ee7y l\u1ef1c ch\u1ea5t l\u01b0\u1ee3ng cao:<\/strong> Ch\u00fang t\u00f4i s\u1eed d\u1ee5ng k\u1ef9 thu\u1eadt ch\u00ednh x\u00e1c \u0111\u1ec3 s\u1ea3n xu\u1ea5t xi lanh th\u1ee7y l\u1ef1c. Cam k\u1ebft ch\u1ea5t l\u01b0\u1ee3ng v\u1eefng ch\u1eafc c\u1ee7a ch\u00fang t\u00f4i \u0111\u1ea3m b\u1ea3o ch\u1ec9 s\u1eed d\u1ee5ng nguy\u00ean li\u1ec7u th\u00f4 ch\u1ea5t l\u01b0\u1ee3ng cao nh\u1ea5t v\u00e0 th\u1ef1c hi\u1ec7n ki\u1ec3m tra ch\u1ea5t l\u01b0\u1ee3ng nghi\u00eam ng\u1eb7t \u0111\u1ed1i v\u1edbi th\u00e0nh ph\u1ea9m \u0111\u1ec3 \u0111\u1ea3m b\u1ea3o ch\u00fang \u0111\u00e1p \u1ee9ng v\u00e0 v\u01b0\u1ee3t qu\u00e1 c\u00e1c ti\u00eau chu\u1ea9n c\u1ee7a ng\u00e0nh.<\/li>\n<li><strong>Ph\u1ea1m vi s\u1ea3n ph\u1ea9m r\u1ed9ng l\u1edbn:<\/strong> Danh m\u1ee5c s\u1ea3n ph\u1ea9m c\u1ee7a ch\u00fang t\u00f4i bao g\u1ed3m t\u1ea5t c\u1ea3 c\u00e1c lo\u1ea1i m\u00e1y m\u00f3c v\u00e0 ph\u1ee5 ki\u1ec7n x\u00e2y d\u1ef1ng. Ch\u00fang t\u00f4i cung c\u1ea5p nhi\u1ec1u lo\u1ea1i xi lanh th\u1ee7y l\u1ef1c, h\u1ed9p s\u1ed1, x\u00edch, nh\u00f4ng x\u00edch, ph\u1ee5 ki\u1ec7n \u0111\u1ed9ng c\u01a1, linh ki\u1ec7n h\u1ec7 th\u1ed1ng th\u1ee7y l\u1ef1c, ph\u1ee5 ki\u1ec7n khung g\u1ea7m v\u00e0 ph\u1ee5 ki\u1ec7n h\u1ec7 th\u1ed1ng \u0111i\u1ec7n.<\/li>\n<li><strong>Quan h\u1ec7 \u0111\u1ed1i t\u00e1c \u0111\u00e3 \u0111\u01b0\u1ee3c thi\u1ebft l\u1eadp:<\/strong> Ch\u00fang t\u00f4i \u0111\u00e3 thi\u1ebft l\u1eadp m\u1ed1i quan h\u1ec7 \u0111\u1ed1i t\u00e1c l\u00e2u d\u00e0i v\u00e0 \u1ed5n \u0111\u1ecbnh v\u1edbi nhi\u1ec1u nh\u00e0 cung c\u1ea5p trong v\u00e0 ngo\u00e0i n\u01b0\u1edbc ch\u1ea5t l\u01b0\u1ee3ng cao. \u0110i\u1ec1u n\u00e0y \u0111\u1ea3m b\u1ea3o t\u1ea5t c\u1ea3 c\u00e1c ph\u1ee5 ki\u1ec7n \u0111\u01b0\u1ee3c cung c\u1ea5p \u0111\u1ec1u \u0111\u00e1p \u1ee9ng c\u00e1c ti\u00eau chu\u1ea9n ch\u1ea5t l\u01b0\u1ee3ng nghi\u00eam ng\u1eb7t c\u1ee7a ch\u00fang t\u00f4i.<\/li>\n<li><strong>\u0110\u1ed9i ng\u0169 b\u00e1n h\u00e0ng gi\u00e0u kinh nghi\u1ec7m:<\/strong> \u0110\u1ed9i ng\u0169 b\u00e1n h\u00e0ng c\u1ee7a ch\u00fang t\u00f4i c\u00f3 nhi\u1ec1u n\u0103m kinh nghi\u1ec7m v\u00e0 hi\u1ec3u bi\u1ebft s\u00e2u r\u1ed9ng v\u1ec1 ng\u00e0nh m\u00e1y m\u00f3c x\u00e2y d\u1ef1ng. H\u1ecd c\u00f3 th\u1ec3 t\u01b0 v\u1ea5n s\u1ea3n ph\u1ea9m chuy\u00ean nghi\u1ec7p v\u00e0 \u0111\u01b0a ra l\u1eddi khuy\u00ean mua h\u00e0ng s\u00e1ng su\u1ed1t, gi\u00fap b\u1ea1n \u0111\u01b0a ra quy\u1ebft \u0111\u1ecbnh s\u00e1ng su\u1ed1t.<\/li>\n<li><strong>H\u1ec7 th\u1ed1ng ph\u00e2n ph\u1ed1i h\u1eadu c\u1ea7n hi\u1ec7u qu\u1ea3:<\/strong> Ch\u00fang t\u00f4i c\u00f3 h\u1ec7 th\u1ed1ng ph\u00e2n ph\u1ed1i h\u1eadu c\u1ea7n hi\u1ec7u qu\u1ea3 \u0111\u1ec3 \u0111\u1ea3m b\u1ea3o kh\u00e1ch h\u00e0ng nh\u1eadn \u0111\u01b0\u1ee3c c\u00e1c b\u1ed9 ph\u1eadn c\u1ea7n thi\u1ebft m\u1ed9t c\u00e1ch k\u1ecbp th\u1eddi v\u00e0 ch\u00ednh x\u00e1c.<\/li>\n<\/ol>\n<p><img decoding=\"async\" src=\"https:\/\/fmp-components.com\/wp-content\/uploads\/2025\/01\/Dump-Truck-Trailer-Hydraulic-Cylinder-product-3-3.webp\" alt=\"Xi lanh th\u1ee7y l\u1ef1c\" width=\"800\" title=\"\"><\/p>\n<p>T\u1ea1i FMP, ch\u00fang t\u00f4i cam k\u1ebft cung c\u1ea5p cho kh\u00e1ch h\u00e0ng c\u00e1c ph\u1ee5 ki\u1ec7n m\u00e1y m\u00f3c x\u00e2y d\u1ef1ng ch\u1ea5t l\u01b0\u1ee3ng cao v\u00e0 \u0111\u00e1ng tin c\u1eady c\u00f9ng c\u00e1c gi\u1ea3i ph\u00e1p m\u00e1y m\u00f3c to\u00e0n di\u1ec7n. V\u1edbi c\u01a1 s\u1edf nh\u00e0 m\u00e1y hi\u1ec7n \u0111\u1ea1i, m\u00e1y c\u00f4ng c\u1ee5 CNC, thi\u1ebft k\u1ebf h\u1ed7 tr\u1ee3 m\u00e1y t\u00ednh, \u0111\u1ed9i ng\u0169 nh\u00e2n vi\u00ean l\u00e0nh ngh\u1ec1, chuy\u00ean gia h\u1ec7 th\u1ed1ng th\u1ee7y l\u1ef1c, nh\u00e0 l\u1eafp r\u00e1p xi lanh v\u00e0 \u0111\u1ea1i l\u00fd, ch\u00fang t\u00f4i l\u00e0 \u0111\u1ed1i t\u00e1c \u01b0u ti\u00ean \u0111\u00e1p \u1ee9ng nhu c\u1ea7u c\u1ee7a b\u1ea1n v\u1ec1 xi lanh th\u1ee7y l\u1ef1c, b\u1ed9 xi lanh v\u00e0 linh ki\u1ec7n.<\/p>\n<p>T\u00e1c gi\u1ea3: CX<\/p>","protected":false},"excerpt":{"rendered":"<p>Product Description: High Quality Double Acting Engineering Hydraulic Oil Cylinder is a reliable and efficient solution for various industrial applications. It is designed to provide a smooth and consistent performance in extreme conditions. The cylinder is made of high-quality materials that ensure durability and long-lasting performance. The cylinder is double-acting, which means it can apply [&hellip;]<\/p>","protected":false},"featured_media":2840,"comment_status":"closed","ping_status":"closed","template":"","meta":{"_et_pb_use_builder":"","_et_pb_old_content":"","_et_gb_content_width":""},"product_brand":[],"product_cat":[67],"product_tag":[34,70],"class_list":{"0":"post-2839","1":"product","2":"type-product","3":"status-publish","4":"has-post-thumbnail","6":"product_cat-steering-hydraulic-cylinder","7":"product_tag-hydraulic-cylinder","8":"product_tag-steering-hydraulic-cylinder","10":"first","11":"instock","12":"product-type-simple"},"_links":{"self":[{"href":"https:\/\/fmp-components.com\/vi\/wp-json\/wp\/v2\/product\/2839","targetHints":{"allow":["GET"]}}],"collection":[{"href":"https:\/\/fmp-components.com\/vi\/wp-json\/wp\/v2\/product"}],"about":[{"href":"https:\/\/fmp-components.com\/vi\/wp-json\/wp\/v2\/types\/product"}],"replies":[{"embeddable":true,"href":"https:\/\/fmp-components.com\/vi\/wp-json\/wp\/v2\/comments?post=2839"}],"wp:featuredmedia":[{"embeddable":true,"href":"https:\/\/fmp-components.com\/vi\/wp-json\/wp\/v2\/media\/2840"}],"wp:attachment":[{"href":"https:\/\/fmp-components.com\/vi\/wp-json\/wp\/v2\/media?parent=2839"}],"wp:term":[{"taxonomy":"product_brand","embeddable":true,"href":"https:\/\/fmp-components.com\/vi\/wp-json\/wp\/v2\/product_brand?post=2839"},{"taxonomy":"product_cat","embeddable":true,"href":"https:\/\/fmp-components.com\/vi\/wp-json\/wp\/v2\/product_cat?post=2839"},{"taxonomy":"product_tag","embeddable":true,"href":"https:\/\/fmp-components.com\/vi\/wp-json\/wp\/v2\/product_tag?post=2839"}],"curies":[{"name":"wp","href":"https:\/\/api.w.org\/{rel}","templated":true}]}}