{"id":2791,"date":"2025-01-04T06:36:59","date_gmt":"2025-01-04T06:36:59","guid":{"rendered":"https:\/\/fmp-components.com\/?page_id=8"},"modified":"2025-01-04T06:36:59","modified_gmt":"2025-01-04T06:36:59","slug":"silage-machine-gearbox-fmp-qz-wrxl-for-german-champion-four-disc-type-3500","status":"publish","type":"product","link":"https:\/\/fmp-components.com\/vi\/product\/silage-machine-gearbox-fmp-qz-wrxl-for-german-champion-four-disc-type-3500\/","title":{"rendered":"H\u1ed9p s\u1ed1 m\u00e1y \u1ee7 chua FMP-QZ-WRXL cho m\u00e1y nghi\u1ec1n German Champion Four Disc (Lo\u1ea1i 3500)"},"content":{"rendered":"<h2>K\u00edch th\u01b0\u1edbc h\u1ed9p s\u1ed1 m\u00e1y \u1ee7 chua FMP-QZ-WRXL<\/h2>\n<p><img loading=\"lazy\" decoding=\"async\" class=\"alignnone size-full wp-image-2970\" src=\"https:\/\/fmp-components.com\/wp-content\/uploads\/2025\/01\/Silage-Machine-Gearbox-EP-QZ-WRXL-Dimensions.webp\" alt=\"M\u00e1y \u1ee7 chua - H\u1ed9p s\u1ed1 - EP-QZ-WRXL - K\u00edch th\u01b0\u1edbc\" width=\"1298\" height=\"902\" title=\"\" srcset=\"https:\/\/fmp-components.com\/wp-content\/uploads\/2025\/01\/Silage-Machine-Gearbox-EP-QZ-WRXL-Dimensions.webp 1298w, https:\/\/fmp-components.com\/wp-content\/uploads\/2025\/01\/Silage-Machine-Gearbox-EP-QZ-WRXL-Dimensions-1280x889.webp 1280w, https:\/\/fmp-components.com\/wp-content\/uploads\/2025\/01\/Silage-Machine-Gearbox-EP-QZ-WRXL-Dimensions-980x681.webp 980w, https:\/\/fmp-components.com\/wp-content\/uploads\/2025\/01\/Silage-Machine-Gearbox-EP-QZ-WRXL-Dimensions-480x334.webp 480w\" sizes=\"(min-width: 0px) and (max-width: 480px) 480px, (min-width: 481px) and (max-width: 980px) 980px, (min-width: 981px) and (max-width: 1280px) 1280px, (min-width: 1281px) 1298px, 100vw\" \/><\/p>\n<h2>H\u1ed9p s\u1ed1 m\u00e1y \u1ee7 chua FMP-QZ-WRXL D\u1eef li\u1ec7u k\u1ef9 thu\u1eadt<\/h2>\n<table style=\"width: 97.8953%; height: 54px;\" border=\"1\" cellspacing=\"0\" cellpadding=\"0\">\n<tbody>\n<tr>\n<td>T\u00ean<\/td>\n<td>Th\u00edch h\u1ee3p<\/td>\n<td>Xoay<\/td>\n<td>lo\u1ea1t ti\u00eau \u0111\u1ec1<\/td>\n<td>m\u1ecdc r\u0103ng<\/td>\n<\/tr>\n<tr>\n<td>H\u1ed9p \u0111\u1ef1ng th\u1ee9c \u0103n<\/td>\n<td>m\u00e1y \u1ee7 chua<\/td>\n<td>r\u1ebd tr\u00e1i<\/td>\n<td>D\u00f2ng 3<\/td>\n<td>R\u0103ng xo\u1eafn \u1ed1c Gleason<\/td>\n<\/tr>\n<tr>\n<td colspan=\"5\">L\u01b0u \u00fd: N\u1ebfu b\u1ea1n c\u00f3 b\u1ea5t k\u1ef3 y\u00eau c\u1ea7u \u0111\u1eb7c bi\u1ec7t n\u00e0o, vui l\u00f2ng cho t\u00f4i bi\u1ebft, ch\u00fang t\u00f4i c\u0169ng ch\u1ea5p nh\u1eadn t\u00f9y ch\u1ec9nh.<\/td>\n<\/tr>\n<\/tbody>\n<\/table>\n<h2>Nguy\u00ean l\u00fd ho\u1ea1t \u0111\u1ed9ng c\u1ee7a h\u1ed9p s\u1ed1 m\u00e1y \u1ee7 chua cho m\u00e1y German Champion Four Disc (Lo\u1ea1i 3500)<\/h2>\n<p>H\u1ed9p s\u1ed1 m\u00e1y \u1ee7 chua c\u1ee7a m\u00e1y k\u00e9o German Champion Four Disc (Ki\u1ec3u 3500) ho\u1ea1t \u0111\u1ed9ng b\u1eb1ng c\u00e1ch truy\u1ec1n l\u1ef1c t\u1eeb tr\u1ee5c PTO c\u1ee7a m\u00e1y k\u00e9o \u0111\u1ebfn c\u00e1c b\u1ed9 ph\u1eadn kh\u00e1c nhau c\u1ee7a m\u00e1y \u1ee7 chua, cho ph\u00e9p m\u00e1y th\u1ef1c hi\u1ec7n c\u00e1c t\u00e1c v\u1ee5 nh\u01b0 c\u1eaft, b\u0103m v\u00e0 b\u0103m nh\u1ecf th\u1ee9c \u0103n \u1ee7 chua m\u1ed9t c\u00e1ch hi\u1ec7u qu\u1ea3. Ch\u1ee9c n\u0103ng ch\u00ednh c\u1ee7a h\u1ed9p s\u1ed1 l\u00e0 gi\u1ea3m t\u1ed1c \u0111\u1ed9 quay c\u1ee7a PTO \u0111\u1ed3ng th\u1eddi t\u0103ng m\u00f4-men xo\u1eafn, nh\u1edd \u0111\u00f3 cho ph\u00e9p m\u00e1y x\u1eed l\u00fd t\u1ea3i tr\u1ecdng n\u1eb7ng li\u00ean quan \u0111\u1ebfn qu\u00e1 tr\u00ecnh \u1ee7 chua.<\/p>\n<p>Sau \u0111\u00e2y l\u00e0 ph\u00e2n t\u00edch chi ti\u1ebft v\u1ec1 nguy\u00ean l\u00fd ho\u1ea1t \u0111\u1ed9ng c\u1ee7a h\u1ed9p s\u1ed1 trong b\u1ed1i c\u1ea3nh xe \u0111ua German Champion Four Disc (Lo\u1ea1i 3500):<\/p>\n<p>1. <strong>\u0110\u1ea7u v\u00e0o t\u1eeb tr\u1ee5c PTO<\/strong><\/p>\n<p>H\u1ed9p s\u1ed1 \u0111\u01b0\u1ee3c truy\u1ec1n \u0111\u1ed9ng b\u1edfi tr\u1ee5c PTO (Tr\u1ee5c tr\u00edch c\u00f4ng su\u1ea5t), \u0111\u01b0\u1ee3c k\u1ebft n\u1ed1i v\u1edbi m\u00e1y k\u00e9o. Khi \u0111\u1ed9ng c\u01a1 m\u00e1y k\u00e9o kh\u1edfi \u0111\u1ed9ng, tr\u1ee5c PTO b\u1eaft \u0111\u1ea7u quay. Chuy\u1ec3n \u0111\u1ed9ng quay n\u00e0y \u0111\u01b0\u1ee3c truy\u1ec1n \u0111\u1ebfn h\u1ed9p s\u1ed1.<\/p>\n<p>2. <strong>Gi\u1ea3m m\u00f4-men xo\u1eafn v\u00e0 t\u1ed1c \u0111\u1ed9<\/strong><\/p>\n<p>H\u1ed9p s\u1ed1 \u0111\u01b0\u1ee3c thi\u1ebft k\u1ebf \u0111\u1ec3 gi\u1ea3m t\u1ed1c \u0111\u1ed9 t\u1eeb t\u1ed1c \u0111\u1ed9 quay cao c\u1ee7a PTO m\u00e1y k\u00e9o (th\u01b0\u1eddng kho\u1ea3ng 540 ho\u1eb7c 1000 v\u00f2ng\/ph\u00fat, t\u00f9y thu\u1ed9c v\u00e0o lo\u1ea1i PTO) xu\u1ed1ng t\u1ed1c \u0111\u1ed9 ch\u1eadm h\u01a1n, ph\u00f9 h\u1ee3p \u0111\u1ec3 v\u1eadn h\u00e0nh \u0111\u0129a c\u1eaft. \u0110i\u1ec1u n\u00e0y \u0111\u1ea1t \u0111\u01b0\u1ee3c th\u00f4ng qua m\u1ed9t h\u1ec7 th\u1ed1ng b\u00e1nh r\u0103ng, th\u01b0\u1eddng bao g\u1ed3m b\u00e1nh r\u0103ng h\u00e0nh tinh ho\u1eb7c b\u00e1nh r\u0103ng xo\u1eafn, gi\u00fap \u0111i\u1ec1u ch\u1ec9nh t\u1ed1c \u0111\u1ed9 quay \u0111\u1ed3ng th\u1eddi t\u0103ng m\u00f4-men xo\u1eafn \u0111\u1ea7u ra. Vi\u1ec7c gi\u1ea3m t\u1ed1c \u0111\u1ed9 v\u00e0 t\u0103ng m\u00f4-men xo\u1eafn n\u00e0y \u0111\u1ea3m b\u1ea3o m\u00e1y m\u00f3c ho\u1ea1t \u0111\u1ed9ng hi\u1ec7u qu\u1ea3 trong \u0111i\u1ec1u ki\u1ec7n t\u1ea3i n\u1eb7ng.<\/p>\n<p><strong>3. Ph\u00e2n ph\u1ed1i \u0111i\u1ec7n n\u0103ng cho \u0111\u0129a c\u1eaft<\/strong><\/p>\n<p>H\u1ed9p s\u1ed1 truy\u1ec1n l\u1ef1c \u0111\u1ebfn <strong>b\u1ed1n \u0111\u0129a<\/strong> c\u00f3 nhi\u1ec7m v\u1ee5 c\u1eaft ho\u1eb7c b\u0103m nh\u1ecf th\u1ee9c \u0103n \u1ee7 chua. M\u1ed7i \u0111\u0129a \u0111\u01b0\u1ee3c d\u1eabn \u0111\u1ed9ng b\u1edfi m\u1ed9t tr\u1ee5c n\u1ed1i v\u1edbi \u0111\u1ea7u ra c\u1ee7a h\u1ed9p s\u1ed1. C\u00e1c \u0111\u0129a c\u1eaft n\u00e0y th\u01b0\u1eddng \u0111\u01b0\u1ee3c l\u1eafp theo c\u1ea5u h\u00ecnh c\u1ee5 th\u1ec3 (v\u00ed d\u1ee5, theo h\u00ecnh sao ho\u1eb7c h\u00ecnh tr\u00f2n) v\u00e0 quay v\u1edbi t\u1ed1c \u0111\u1ed9 ch\u1eadm h\u01a1n nhi\u1ec1u so v\u1edbi t\u1ed1c \u0111\u1ed9 \u0111\u1ea7u v\u00e0o t\u1eeb b\u1ed9 truy\u1ec1n \u0111\u1ed9ng b\u00e1nh r\u0103ng (PTO) c\u1ee7a m\u00e1y k\u00e9o.<\/p>\n<p><strong>4. Hi\u1ec7u qu\u1ea3 c\u01a1 h\u1ecdc v\u00e0 qu\u1ea3n l\u00fd t\u1ea3i tr\u1ecdng<\/strong><\/p>\n<p>H\u1ed9p s\u1ed1 gi\u00fap duy tr\u00ec hi\u1ec7u su\u1ea5t c\u01a1 h\u1ecdc b\u1eb1ng c\u00e1ch ph\u00e2n b\u1ed5 t\u1ea3i \u0111\u1ec1u gi\u1eefa b\u1ed1n \u0111\u0129a. N\u00f3 \u0111\u1ea3m b\u1ea3o m\u00f4-men xo\u1eafn t\u1ea1o ra t\u1eeb PTO c\u1ee7a m\u00e1y k\u00e9o \u0111\u01b0\u1ee3c truy\u1ec1n hi\u1ec7u qu\u1ea3 \u0111\u1ebfn t\u1eebng \u0111\u0129a. \u0110i\u1ec1u n\u00e0y cho ph\u00e9p m\u00e1y \u1ee7 chua x\u1eed l\u00fd kh\u1ed1i l\u01b0\u1ee3ng l\u1edbn nguy\u00ean li\u1ec7u m\u1ed9t c\u00e1ch nhanh ch\u00f3ng v\u00e0 \u0111\u1ed3ng \u0111\u1ec1u m\u00e0 kh\u00f4ng l\u00e0m qu\u00e1 t\u1ea3i t\u1eebng b\u1ed9 ph\u1eadn.<\/p>\n<p><strong>5. B\u00f4i tr\u01a1n v\u00e0 l\u00e0m m\u00e1t<\/strong><\/p>\n<p>Do t\u1ea3i tr\u1ecdng n\u1eb7ng v\u00e0 ho\u1ea1t \u0111\u1ed9ng li\u00ean t\u1ee5c, h\u1ed9p s\u1ed1 th\u01b0\u1eddng \u0111\u01b0\u1ee3c trang b\u1ecb h\u1ec7 th\u1ed1ng b\u00f4i tr\u01a1n \u0111\u1ec3 gi\u1ea3m ma s\u00e1t v\u00e0 m\u00e0i m\u00f2n gi\u1eefa c\u00e1c b\u00e1nh r\u0103ng. H\u1ec7 th\u1ed1ng n\u00e0y \u0111\u1ea3m b\u1ea3o ho\u1ea1t \u0111\u1ed9ng tr\u01a1n tru v\u00e0 k\u00e9o d\u00e0i tu\u1ed5i th\u1ecd c\u1ee7a h\u1ed9p s\u1ed1. M\u1ed9t s\u1ed1 h\u1ed9p s\u1ed1 c\u0169ng c\u00f3 th\u1ec3 bao g\u1ed3m h\u1ec7 th\u1ed1ng l\u00e0m m\u00e1t \u0111\u1ec3 ng\u0103n ng\u1eeba qu\u00e1 nhi\u1ec7t khi s\u1eed d\u1ee5ng l\u00e2u d\u00e0i.<\/p>\n<p>V\u1ec1 b\u1ea3n ch\u1ea5t, h\u1ed9p s\u1ed1 m\u00e1y \u1ee7 chua trong German Champion Four Disc (Ki\u1ec3u 3500) qu\u1ea3n l\u00fd hi\u1ec7u qu\u1ea3 vi\u1ec7c truy\u1ec1n l\u1ef1c v\u00e0 \u0111\u1ea3m b\u1ea3o qu\u00e1 tr\u00ecnh c\u1eaft \u1ee7 chua \u0111\u01b0\u1ee3c th\u1ef1c hi\u1ec7n tr\u01a1n tru v\u00e0 hi\u1ec7u qu\u1ea3, ngay c\u1ea3 trong \u0111i\u1ec1u ki\u1ec7n v\u1eadn h\u00e0nh kh\u1eafc nghi\u1ec7t.<\/p>\n<p><img loading=\"lazy\" decoding=\"async\" class=\"alignnone size-full wp-image-2972\" src=\"https:\/\/fmp-components.com\/wp-content\/uploads\/2025\/01\/Silage-Machine-Gearbox-for-German-Champion-Four-Disc-Type-3500-Working-Principle-scaled.webp\" alt=\"H\u1ed9p s\u1ed1 m\u00e1y \u1ee7 chua cho nh\u00e0 v\u00f4 \u0111\u1ecbch \u0110\u1ee9c lo\u1ea1i b\u1ed1n \u0111\u0129a 3500 nguy\u00ean l\u00fd ho\u1ea1t \u0111\u1ed9ng\" width=\"2560\" height=\"1212\" title=\"\" srcset=\"https:\/\/fmp-components.com\/wp-content\/uploads\/2025\/01\/Silage-Machine-Gearbox-for-German-Champion-Four-Disc-Type-3500-Working-Principle-scaled.webp 2560w, https:\/\/fmp-components.com\/wp-content\/uploads\/2025\/01\/Silage-Machine-Gearbox-for-German-Champion-Four-Disc-Type-3500-Working-Principle-1280x606.webp 1280w, https:\/\/fmp-components.com\/wp-content\/uploads\/2025\/01\/Silage-Machine-Gearbox-for-German-Champion-Four-Disc-Type-3500-Working-Principle-980x464.webp 980w, https:\/\/fmp-components.com\/wp-content\/uploads\/2025\/01\/Silage-Machine-Gearbox-for-German-Champion-Four-Disc-Type-3500-Working-Principle-480x227.webp 480w\" sizes=\"(min-width: 0px) and (max-width: 480px) 480px, (min-width: 481px) and (max-width: 980px) 980px, (min-width: 981px) and (max-width: 1280px) 1280px, (min-width: 1281px) 2560px, 100vw\" \/><\/p>\n<h2>\u1ee8ng d\u1ee5ng c\u1ee7a h\u1ed9p s\u1ed1 m\u00e1y \u1ee7 chua cho m\u00e1y German Champion Four Disc (Lo\u1ea1i 3500)<\/h2>\n<p>H\u1ed9p s\u1ed1 m\u00e1y \u1ee7 chua cho m\u00e1y German Champion Four Disc (Ki\u1ec3u 3500) \u0111\u00f3ng vai tr\u00f2 quan tr\u1ecdng trong v\u1eadn h\u00e0nh thi\u1ebft b\u1ecb thu ho\u1ea1ch \u1ee7 chua. H\u1ed9p s\u1ed1 n\u00e0y, \u0111\u01b0\u1ee3c thi\u1ebft k\u1ebf \u0111\u1ec3 truy\u1ec1n t\u1ea3i c\u00f4ng su\u1ea5t t\u1ed1i \u01b0u, \u0111\u01b0\u1ee3c s\u1eed d\u1ee5ng trong nhi\u1ec1u \u1ee9ng d\u1ee5ng kh\u00e1c nhau trong ng\u00e0nh n\u00f4ng nghi\u1ec7p. D\u01b0\u1edbi \u0111\u00e2y l\u00e0 m\u1ed9t s\u1ed1 \u1ee9ng d\u1ee5ng ch\u00ednh c\u1ee7a h\u1ed9p s\u1ed1 n\u00e0y:<\/p>\n<p>1. <strong>Thu ho\u1ea1ch th\u1ee9c \u0103n \u1ee7 chua<\/strong><\/p>\n<ul>\n<li><strong>\u1ee8ng d\u1ee5ng ch\u00ednh<\/strong>: Ch\u1ee9c n\u0103ng ch\u00ednh c\u1ee7a h\u1ed9p s\u1ed1 m\u00e1y \u1ee7 chua l\u00e0 h\u1ed7 tr\u1ee3 vi\u1ec7c c\u1eaft, b\u0103m v\u00e0 ch\u1ebf bi\u1ebfn th\u1ee9c \u0103n \u1ee7 chua. N\u00f3 cung c\u1ea5p n\u0103ng l\u01b0\u1ee3ng cho b\u1ed1n \u0111\u0129a c\u1eaft tr\u00ean m\u00e1y, cho ph\u00e9p ch\u00fang c\u1eaft xuy\u00ean qua c\u00e1c lo\u1ea1i c\u00e2y tr\u1ed3ng l\u00e0m th\u1ee9c \u0103n ch\u0103n nu\u00f4i (nh\u01b0 ng\u00f4, c\u1ecf, c\u1ecf linh l\u0103ng ho\u1eb7c c\u00e2y h\u1ecd \u0111\u1eadu) v\u00e0 bi\u1ebfn ch\u00fang th\u00e0nh nguy\u00ean li\u1ec7u b\u0103m nh\u1ecf l\u00e0m th\u1ee9c \u0103n ch\u0103n nu\u00f4i.<\/li>\n<li><strong>C\u00e1c lo\u1ea1i c\u00e2y tr\u1ed3ng<\/strong>: H\u1ed9p s\u1ed1 n\u00e0y ph\u00f9 h\u1ee3p \u0111\u1ec3 thu ho\u1ea1ch nhi\u1ec1u lo\u1ea1i c\u00e2y tr\u1ed3ng d\u00f9ng trong s\u1ea3n xu\u1ea5t th\u1ee9c \u0103n \u1ee7 chua, bao g\u1ed3m ng\u00f4, c\u1ecf, cao l\u01b0\u01a1ng v\u00e0 c\u00e1c lo\u1ea1i c\u00e2y th\u1ee9c \u0103n xanh kh\u00e1c. H\u1ed9p s\u1ed1 n\u00e0y c\u00f3 th\u1ec3 \u0111\u01b0\u1ee3c \u0111i\u1ec1u ch\u1ec9nh cho c\u1ea3 c\u00e2y tr\u1ed3ng c\u00f3 \u0111\u1ed9 \u1ea9m cao (nh\u01b0 ng\u00f4) v\u00e0 c\u00e2y tr\u1ed3ng kh\u00f4 (nh\u01b0 c\u1ecf linh l\u0103ng).<\/li>\n<\/ul>\n<p>2. <strong>C\u1eaft v\u00e0 ch\u1ebf bi\u1ebfn th\u1ee9c \u0103n ch\u0103n nu\u00f4i<\/strong><\/p>\n<ul>\n<li>H\u1ed9p s\u1ed1 truy\u1ec1n \u0111\u1ed9ng c\u00e1c c\u01a1 c\u1ea5u c\u1eaft v\u00e0 b\u0103m, r\u1ea5t c\u1ea7n thi\u1ebft \u0111\u1ec3 c\u1eaft nh\u1ecf c\u00e1c th\u00e2n c\u00e2y th\u1ee9c \u0103n gia s\u00fac l\u1edbn th\u00e0nh c\u00e1c m\u1ea3nh nh\u1ecf h\u01a1n. Vi\u1ec7c truy\u1ec1n l\u1ef1c hi\u1ec7u qu\u1ea3 t\u1eeb h\u1ed9p s\u1ed1 cho ph\u00e9p m\u00e1y c\u1eaft ch\u00ednh x\u00e1c, \u0111\u1ea3m b\u1ea3o \u0111\u1ed9 d\u00e0i b\u0103m \u0111\u1ed3ng \u0111\u1ec1u. Qu\u00e1 tr\u00ecnh n\u00e0y r\u1ea5t quan tr\u1ecdng \u0111\u1ed1i v\u1edbi <strong>qu\u00e1 tr\u00ecnh l\u00ean men<\/strong> trong qu\u00e1 tr\u00ecnh b\u1ea3o qu\u1ea3n th\u1ee9c \u0103n \u1ee7 chua v\u00e0 ch\u1ea5t l\u01b0\u1ee3ng c\u1ee7a s\u1ea3n ph\u1ea9m th\u1ee9c \u0103n cu\u1ed1i c\u00f9ng.<\/li>\n<\/ul>\n<p>3. <strong>S\u1ea3n xu\u1ea5t c\u1ecf kh\u00f4<\/strong><\/p>\n<ul>\n<li>M\u1eb7c d\u00f9 ch\u1ee7 y\u1ebfu \u0111\u01b0\u1ee3c s\u1eed d\u1ee5ng \u0111\u1ec3 \u1ee7 chua, h\u1ed9p s\u1ed1 c\u0169ng r\u1ea5t c\u1ea7n thi\u1ebft trong s\u1ea3n xu\u1ea5t c\u1ecf kh\u00f4 \u1ee7 chua, bao g\u1ed3m vi\u1ec7c c\u1eaft v\u00e0 l\u01b0u tr\u1eef th\u1ee9c \u0103n th\u00f4 \u1edf \u0111\u1ed9 \u1ea9m cao h\u01a1n c\u1ecf kh\u00f4 th\u00f4ng th\u01b0\u1eddng. C\u1ecf kh\u00f4 th\u01b0\u1eddng \u0111\u01b0\u1ee3c s\u1eed d\u1ee5ng \u0111\u1ec3 l\u00e0m th\u1ee9c \u0103n cho gia s\u00fac, v\u00e0 h\u1ed9p s\u1ed1 \u0111\u1ea3m b\u1ea3o m\u00e1y c\u1eaft v\u00e0 x\u1eed l\u00fd th\u1ee9c \u0103n th\u00f4 hi\u1ec7u qu\u1ea3 \u0111\u1ec3 duy tr\u00ec \u0111\u1ed9 \u1ea9m c\u1ea7n thi\u1ebft cho c\u1ecf kh\u00f4 \u1ee7 chua ch\u1ea5t l\u01b0\u1ee3ng.<\/li>\n<\/ul>\n<p>4. <strong>C\u1ecf v\u00e0 c\u00e2y h\u1ecd \u0111\u1eadu \u1ee7 chua<\/strong><\/p>\n<ul>\n<li>H\u1ed9p s\u1ed1 \u0111\u01b0\u1ee3c s\u1eed d\u1ee5ng trong qu\u00e1 tr\u00ecnh chu\u1ea9n b\u1ecb th\u1ee9c \u0103n \u1ee7 chua t\u1eeb c\u1ecf v\u00e0 c\u00e2y h\u1ecd \u0111\u1eadu, \u0111\u1eb7c bi\u1ec7t quan tr\u1ecdng \u0111\u1ed1i v\u1edbi ng\u01b0\u1eddi ch\u0103n nu\u00f4i b\u00f2 s\u1eefa v\u00e0 c\u00e1c ho\u1ea1t \u0111\u1ed9ng ch\u0103n nu\u00f4i gia s\u00fac. C\u00e1c lo\u1ea1i th\u1ee9c \u0103n \u1ee7 chua n\u00e0y cung c\u1ea5p th\u1ee9c \u0103n ch\u1ea5t l\u01b0\u1ee3ng cao, v\u00e0 h\u1ed9p s\u1ed1 \u0111\u1ea3m b\u1ea3o vi\u1ec7c b\u0103m nh\u1ecf c\u00e1c lo\u1ea1i c\u1ecf nh\u01b0 c\u1ecf timothy, c\u1ecf l\u00faa m\u1ea1ch \u0111en ho\u1eb7c c\u1ecf ba l\u00e1 m\u1ed9t c\u00e1ch tr\u01a1n tru v\u00e0 li\u00ean t\u1ee5c.<\/li>\n<\/ul>\n<p>5. <strong>N\u00f4ng nghi\u1ec7p ch\u00ednh x\u00e1c<\/strong><\/p>\n<ul>\n<li>Trong n\u00f4ng nghi\u1ec7p ch\u00ednh x\u00e1c hi\u1ec7n \u0111\u1ea1i, m\u00e1y \u1ee7 chua v\u1edbi h\u1ed9p s\u1ed1 ti\u00ean ti\u1ebfn, ch\u1eb3ng h\u1ea1n nh\u01b0 German Champion Four Disc (Lo\u1ea1i 3500), \u0111\u01b0\u1ee3c s\u1eed d\u1ee5ng k\u1ebft h\u1ee3p v\u1edbi c\u00f4ng ngh\u1ec7 GPS v\u00e0 c\u1ea3m bi\u1ebfn \u0111\u1ec3 t\u1ed1i \u01b0u h\u00f3a quy tr\u00ecnh thu ho\u1ea1ch. H\u1ed9p s\u1ed1 \u0111\u1ea3m b\u1ea3o m\u00e1y ho\u1ea1t \u0111\u1ed9ng v\u1edbi t\u1ed1c \u0111\u1ed9 v\u00e0 c\u00f4ng su\u1ea5t ph\u00f9 h\u1ee3p \u0111\u1ec3 x\u1eed l\u00fd c\u00e1c \u0111i\u1ec1u ki\u1ec7n c\u00e2y tr\u1ed3ng kh\u00e1c nhau, c\u1ea3i thi\u1ec7n hi\u1ec7u su\u1ea5t v\u00e0 gi\u1ea3m m\u1ee9c ti\u00eau th\u1ee5 nhi\u00ean li\u1ec7u.<\/li>\n<\/ul>\n<p>T\u00f3m l\u1ea1i, h\u1ed9p s\u1ed1 m\u00e1y \u1ee7 chua cho m\u00e1y German Champion Four Disc (Lo\u1ea1i 3500) \u0111\u00f3ng vai tr\u00f2 kh\u00f4ng th\u1ec3 thi\u1ebfu trong s\u1ea3n xu\u1ea5t \u1ee7 chua b\u1eb1ng c\u00e1ch cho ph\u00e9p ch\u1ebf bi\u1ebfn c\u00e2y tr\u1ed3ng hi\u1ec7u qu\u1ea3 v\u00e0 \u0111\u1ed3ng \u0111\u1ec1u. H\u1ed9p s\u1ed1 n\u00e0y linh ho\u1ea1t, \u0111\u00e1ng tin c\u1eady v\u00e0 thi\u1ebft y\u1ebfu cho nhi\u1ec1u \u1ee9ng d\u1ee5ng trong n\u00f4ng nghi\u1ec7p hi\u1ec7n \u0111\u1ea1i, \u0111\u1eb7c bi\u1ec7t l\u00e0 thu ho\u1ea1ch \u1ee7 chua quy m\u00f4 l\u1edbn, ch\u1ebf bi\u1ebfn th\u1ee9c \u0103n ch\u0103n nu\u00f4i v\u00e0 canh t\u00e1c ch\u00ednh x\u00e1c.<\/p>\n<p><img loading=\"lazy\" decoding=\"async\" class=\"alignnone size-full wp-image-2971\" src=\"https:\/\/fmp-components.com\/wp-content\/uploads\/2025\/01\/Silage-Machine-Gearbox-EP-QZ-WRXL-for-German-Champion-Four-Disc-Type-3500.webp\" alt=\"H\u1ed9p s\u1ed1 m\u00e1y \u1ee7 chua EP QZ WRXL cho nh\u00e0 v\u00f4 \u0111\u1ecbch \u0110\u1ee9c lo\u1ea1i 4 \u0111\u0129a 3500\" width=\"1024\" height=\"607\" title=\"\" srcset=\"https:\/\/fmp-components.com\/wp-content\/uploads\/2025\/01\/Silage-Machine-Gearbox-EP-QZ-WRXL-for-German-Champion-Four-Disc-Type-3500.webp 1024w, https:\/\/fmp-components.com\/wp-content\/uploads\/2025\/01\/Silage-Machine-Gearbox-EP-QZ-WRXL-for-German-Champion-Four-Disc-Type-3500-980x581.webp 980w, https:\/\/fmp-components.com\/wp-content\/uploads\/2025\/01\/Silage-Machine-Gearbox-EP-QZ-WRXL-for-German-Champion-Four-Disc-Type-3500-480x285.webp 480w\" sizes=\"(min-width: 0px) and (max-width: 480px) 480px, (min-width: 481px) and (max-width: 980px) 980px, (min-width: 981px) 1024px, 100vw\" \/><\/p>\n<h3>Gi\u1edbi thi\u1ec7u v\u1ec1 FMP<\/h3>\n<p>C\u00f3 tr\u1ee5 s\u1edf ch\u00ednh t\u1ea1i \u00dd, FMP l\u00e0 nh\u00e0 s\u1ea3n xu\u1ea5t h\u00e0ng \u0111\u1ea7u chuy\u00ean thi\u1ebft k\u1ebf, ph\u00e1t tri\u1ec3n v\u00e0 s\u1ea3n xu\u1ea5t h\u1ed9p s\u1ed1 hi\u1ec7u su\u1ea5t cao, \u0111\u1eb7c bi\u1ec7t ch\u00fa tr\u1ecdng \u0111\u1ebfn l\u0129nh v\u1ef1c m\u00e1y m\u00f3c n\u00f4ng nghi\u1ec7p. N\u1ed5i ti\u1ebfng v\u1edbi k\u1ef9 thu\u1eadt ch\u00ednh x\u00e1c, gi\u1ea3i ph\u00e1p ti\u00ean ti\u1ebfn v\u00e0 \u0111\u1ed9 tin c\u1eady tuy\u1ec7t \u0111\u1ed1i, FMP \u0111\u00e3 x\u00e2y d\u1ef1ng \u0111\u01b0\u1ee3c danh ti\u1ebfng v\u1eefng ch\u1eafc l\u00e0 \u0111\u1ed1i t\u00e1c \u0111\u00e1ng tin c\u1eady cho c\u1ea3 l\u0129nh v\u1ef1c n\u00f4ng nghi\u1ec7p v\u00e0 c\u00f4ng nghi\u1ec7p. Danh m\u1ee5c s\u1ea3n ph\u1ea9m \u0111a d\u1ea1ng c\u1ee7a ch\u00fang t\u00f4i bao g\u1ed3m h\u1ed9p s\u1ed1 \u0111\u01b0\u1ee3c thi\u1ebft k\u1ebf ri\u00eang cho m\u00e1y c\u1eaft c\u1ecf, tr\u1ee5c PTO v\u00e0 nhi\u1ec1u linh ki\u1ec7n thi\u1ebft y\u1ebfu kh\u00e1c, t\u1ea5t c\u1ea3 \u0111\u1ec1u \u0111\u01b0\u1ee3c thi\u1ebft k\u1ebf \u0111\u1ec3 \u0111\u00e1p \u1ee9ng nhu c\u1ea7u c\u1ee5 th\u1ec3 c\u1ee7a nhi\u1ec1u \u1ee9ng d\u1ee5ng kh\u00e1c nhau.<\/p>\n<p>T\u1ea1i FMP, ch\u00fang t\u00f4i hi\u1ec3u r\u1eb1ng m\u1ed7i kh\u00e1ch h\u00e0ng \u0111\u1ec1u ph\u1ea3i \u0111\u1ed1i m\u1eb7t v\u1edbi nh\u1eefng th\u00e1ch th\u1ee9c ri\u00eang. \u0110\u00f3 l\u00e0 l\u00fd do t\u1ea1i sao ch\u00fang t\u00f4i t\u1eadp trung cung c\u1ea5p c\u00e1c gi\u1ea3i ph\u00e1p \u0111\u01b0\u1ee3c thi\u1ebft k\u1ebf ri\u00eang, d\u00f9 l\u00e0 cho t\u1eebng th\u00e0nh ph\u1ea7n ri\u00eang l\u1ebb hay h\u1ec7 th\u1ed1ng t\u00edch h\u1ee3p ho\u00e0n ch\u1ec9nh. B\u1eb1ng c\u00e1ch h\u1ee3p t\u00e1c ch\u1eb7t ch\u1ebd v\u1edbi kh\u00e1ch h\u00e0ng, ch\u00fang t\u00f4i \u0111\u1ea3m b\u1ea3o r\u1eb1ng m\u1ecdi gi\u1ea3i ph\u00e1p kh\u00f4ng ch\u1ec9 \u0111\u00e1p \u1ee9ng nhu c\u1ea7u c\u1ee5 th\u1ec3 c\u1ee7a h\u1ecd m\u00e0 c\u00f2n n\u00e2ng cao hi\u1ec7u su\u1ea5t v\u00e0 mang l\u1ea1i gi\u00e1 tr\u1ecb t\u1ed1i \u0111a. Cam k\u1ebft c\u1ee7a ch\u00fang t\u00f4i v\u1ec1 d\u1ecbch v\u1ee5 nhanh ch\u00f3ng, chuy\u00ean nghi\u1ec7p, k\u1ebft h\u1ee3p v\u1edbi t\u01b0 v\u1ea5n chuy\u00ean m\u00f4n, \u0111\u1ea3m b\u1ea3o r\u1eb1ng m\u1ed7i y\u00eau c\u1ea7u \u0111\u1ec1u \u0111\u01b0\u1ee3c x\u1eed l\u00fd ch\u00ednh x\u00e1c v\u00e0 chu \u0111\u00e1o, mang l\u1ea1i k\u1ebft qu\u1ea3 t\u1ed1t nh\u1ea5t c\u00f3 th\u1ec3.<\/p>\n<p>Giao ti\u1ebfp c\u1edfi m\u1edf v\u00e0 li\u00ean t\u1ee5c l\u00e0 tr\u1ecdng t\u00e2m trong ph\u01b0\u01a1ng ph\u00e1p c\u1ee7a ch\u00fang t\u00f4i. \u0110\u1ed9i ng\u0169 t\u1eadn t\u00e2m c\u1ee7a ch\u00fang t\u00f4i h\u1ee3p t\u00e1c tr\u1ef1c ti\u1ebfp v\u1edbi kh\u00e1ch h\u00e0ng trong su\u1ed1t chu tr\u00ecnh ph\u00e1t tri\u1ec3n s\u1ea3n ph\u1ea9m \u0111\u1ec3 hi\u1ec3u r\u00f5 y\u00eau c\u1ea7u c\u1ee7a h\u1ecd, cung c\u1ea5p nh\u1eefng hi\u1ec3u bi\u1ebft s\u00e2u s\u1eafc v\u00e0 khuy\u1ebfn ngh\u1ecb gi\u00e1 tr\u1ecb nh\u1eb1m \u0111\u1ea3m b\u1ea3o k\u1ebft qu\u1ea3 t\u1ed1i \u01b0u. D\u00f9 ph\u00e1t tri\u1ec3n s\u1ea3n ph\u1ea9m ti\u00ean ti\u1ebfn hay \u0111\u00e1p \u1ee9ng c\u00e1c \u0111\u01a1n h\u00e0ng \u0111\u1ecbnh k\u1ef3, FMP lu\u00f4n cam k\u1ebft cung c\u1ea5p c\u00e1c gi\u1ea3i ph\u00e1p ch\u1ea5t l\u01b0\u1ee3ng cao, \u0111\u01b0\u1ee3c thi\u1ebft k\u1ebf ch\u00ednh x\u00e1c, \u0111\u00fang h\u1ea1n. S\u1ee9 m\u1ec7nh c\u1ee7a ch\u00fang t\u00f4i l\u00e0 v\u01b0\u1ee3t qua s\u1ef1 mong \u0111\u1ee3i c\u1ee7a kh\u00e1ch h\u00e0ng b\u1eb1ng c\u00e1ch li\u00ean t\u1ee5c cung c\u1ea5p d\u1ecbch v\u1ee5 xu\u1ea5t s\u1eafc v\u00e0 k\u1ebft qu\u1ea3 v\u01b0\u1ee3t tr\u1ed9i trong m\u1ecdi d\u1ef1 \u00e1n.<\/p>\n<p>Ch\u1ea5t l\u01b0\u1ee3ng l\u00e0 n\u1ec1n t\u1ea3ng cho m\u1ecdi ho\u1ea1t \u0111\u1ed9ng c\u1ee7a ch\u00fang t\u00f4i. Ch\u00fang t\u00f4i tu\u00e2n th\u1ee7 c\u00e1c ti\u00eau chu\u1ea9n s\u1ea3n xu\u1ea5t cao nh\u1ea5t v\u00e0 th\u1ef1c thi c\u00e1c quy tr\u00ecnh ki\u1ec3m so\u00e1t ch\u1ea5t l\u01b0\u1ee3ng nghi\u00eam ng\u1eb7t \u0111\u1ec3 \u0111\u1ea3m b\u1ea3o m\u1ecdi s\u1ea3n ph\u1ea9m \u0111\u1ec1u \u0111\u00e1p \u1ee9ng, v\u00e0 th\u01b0\u1eddng v\u01b0\u1ee3t qua, c\u00e1c ti\u00eau chu\u1ea9n c\u1ee7a ng\u00e0nh. S\u1ef1 theo \u0111u\u1ed5i kh\u00f4ng ng\u1eebng ngh\u1ec9 h\u01b0\u1edbng \u0111\u1ebfn s\u1ef1 xu\u1ea5t s\u1eafc, c\u00f9ng v\u1edbi c\u00e1c gi\u00e1 tr\u1ecb c\u1ed1t l\u00f5i v\u1ec1 t\u00ednh ch\u00ednh tr\u1ef1c, tinh th\u1ea7n \u0111\u1ed3ng \u0111\u1ed9i v\u00e0 s\u1ef1 ki\u00ean tr\u00ec, \u0111\u00e3 gi\u00fap ch\u00fang t\u00f4i x\u00e2y d\u1ef1ng m\u1ed1i quan h\u1ec7 l\u00e2u d\u00e0i, d\u1ef1a tr\u00ean s\u1ef1 tin c\u1eady v\u1edbi kh\u00e1ch h\u00e0ng t\u1ea1i g\u1ea7n 30 qu\u1ed1c gia tr\u00ean to\u00e0n th\u1ebf gi\u1edbi.<\/p>\n<p>FMP lu\u00f4n mong mu\u1ed1n x\u00e2y d\u1ef1ng v\u00e0 c\u1ee7ng c\u1ed1 quan h\u1ec7 \u0111\u1ed1i t\u00e1c to\u00e0n c\u1ea7u. Ch\u00fang t\u00f4i cam k\u1ebft cung c\u1ea5p t\u01b0 v\u1ea5n chuy\u00ean m\u00f4n v\u00e0 c\u00e1c gi\u1ea3i ph\u00e1p t\u00f9y ch\u1ec9nh, ph\u00f9 h\u1ee3p v\u1edbi nhu c\u1ea7u c\u1ee7a kh\u00e1ch h\u00e0ng. Ch\u00fang t\u00f4i kh\u00f4ng ch\u1ec9 cung c\u1ea5p s\u1ea3n ph\u1ea9m; ch\u00fang t\u00f4i t\u1eadp trung v\u00e0o vi\u1ec7c x\u00e2y d\u1ef1ng c\u00e1c m\u1ed1i quan h\u1ec7 b\u1ec1n v\u1eefng, g\u00f3p ph\u1ea7n v\u00e0o th\u00e0nh c\u00f4ng c\u1ee7a m\u1ed7i d\u1ef1 \u00e1n. Cho d\u00f9 b\u1ea1n c\u1ea7n c\u00e1c gi\u1ea3i ph\u00e1p s\u00e1ng t\u1ea1o cho m\u1ed9t d\u1ef1 \u00e1n m\u1edbi hay h\u1ed7 tr\u1ee3 li\u00ean t\u1ee5c cho m\u1ed9t h\u1ec7 th\u1ed1ng hi\u1ec7n c\u00f3, FMP lu\u00f4n s\u1eb5n s\u00e0ng gi\u1ea3i quy\u1ebft c\u00e1c th\u00e1ch th\u1ee9c k\u1ef9 thu\u1eadt v\u00e0 \u0111\u1ea3m b\u1ea3o s\u1ef1 th\u00e0nh c\u00f4ng li\u00ean t\u1ee5c c\u1ee7a b\u1ea1n.<\/p>\n<p><img loading=\"lazy\" decoding=\"async\" class=\"alignnone wp-image-2695\" src=\"https:\/\/fmp-components.com\/wp-content\/uploads\/2025\/01\/agricultural-gearbox3.webp\" alt=\"h\u1ed9p s\u1ed1 n\u00f4ng nghi\u1ec7p\" width=\"953\" height=\"951\" title=\"\" srcset=\"https:\/\/fmp-components.com\/wp-content\/uploads\/2025\/01\/agricultural-gearbox3.webp 953w, https:\/\/fmp-components.com\/wp-content\/uploads\/2025\/01\/agricultural-gearbox3-480x479.webp 480w\" sizes=\"(min-width: 0px) and (max-width: 480px) 480px, (min-width: 481px) 953px, 100vw\" \/><\/p>\n<p>T\u00e1c gi\u1ea3: CX<\/p>","protected":false},"excerpt":{"rendered":"<p>Silage Machine Gearbox FMP-QZ-WRXL Dimensions Silage Machine Gearbox FMP-QZ-WRXL Technical Data Name Suitable Turn header series Toothing Feeding box silage machines left turn 3 series Gleason Helical Teeth Remark: If you have any special require feel free let me know, we also accept custom. Working Principle of Silage Machine Gearbox for German Champion Four Disc [&hellip;]<\/p>","protected":false},"featured_media":2969,"comment_status":"open","ping_status":"closed","template":"","meta":{"_et_pb_use_builder":"","_et_pb_old_content":"","_et_gb_content_width":""},"product_brand":[],"product_cat":[69],"product_tag":[],"class_list":{"0":"post-2791","1":"product","2":"type-product","3":"status-publish","4":"has-post-thumbnail","6":"product_cat-silage-machine-gearbox","8":"first","9":"instock","10":"shipping-taxable","11":"product-type-simple"},"_links":{"self":[{"href":"https:\/\/fmp-components.com\/vi\/wp-json\/wp\/v2\/product\/2791","targetHints":{"allow":["GET"]}}],"collection":[{"href":"https:\/\/fmp-components.com\/vi\/wp-json\/wp\/v2\/product"}],"about":[{"href":"https:\/\/fmp-components.com\/vi\/wp-json\/wp\/v2\/types\/product"}],"replies":[{"embeddable":true,"href":"https:\/\/fmp-components.com\/vi\/wp-json\/wp\/v2\/comments?post=2791"}],"wp:featuredmedia":[{"embeddable":true,"href":"https:\/\/fmp-components.com\/vi\/wp-json\/wp\/v2\/media\/2969"}],"wp:attachment":[{"href":"https:\/\/fmp-components.com\/vi\/wp-json\/wp\/v2\/media?parent=2791"}],"wp:term":[{"taxonomy":"product_brand","embeddable":true,"href":"https:\/\/fmp-components.com\/vi\/wp-json\/wp\/v2\/product_brand?post=2791"},{"taxonomy":"product_cat","embeddable":true,"href":"https:\/\/fmp-components.com\/vi\/wp-json\/wp\/v2\/product_cat?post=2791"},{"taxonomy":"product_tag","embeddable":true,"href":"https:\/\/fmp-components.com\/vi\/wp-json\/wp\/v2\/product_tag?post=2791"}],"curies":[{"name":"wp","href":"https:\/\/api.w.org\/{rel}","templated":true}]}}