{"id":2784,"date":"2025-01-04T05:22:33","date_gmt":"2025-01-04T05:22:33","guid":{"rendered":"https:\/\/fmp-components.com\/product\/customized-custom-hydraulic-cylinder-mini-hydraulic-cylinder-tractor-power-steering-cylinder\/"},"modified":"2025-03-18T01:38:49","modified_gmt":"2025-03-18T01:38:49","slug":"customized-custom-hydraulic-cylinder-mini-hydraulic-cylinder-tractor-power-steering-cylinder","status":"publish","type":"product","link":"https:\/\/fmp-components.com\/vi\/product\/customized-custom-hydraulic-cylinder-mini-hydraulic-cylinder-tractor-power-steering-cylinder\/","title":{"rendered":"Xi lanh th\u1ee7y l\u1ef1c t\u00f9y ch\u1ec9nh Xi lanh th\u1ee7y l\u1ef1c mini Xi lanh tr\u1ee3 l\u1ef1c l\u00e1i m\u00e1y k\u00e9o"},"content":{"rendered":"<h2>Nh\u00e0 cung c\u1ea5p \u00dd Xi lanh th\u1ee7y l\u1ef1c h\u00e0nh tr\u00ecnh d\u00e0i Xi lanh l\u00e1i th\u1ee7y l\u1ef1c m\u00e1y k\u00e9o<\/h2>\n<p>Xi lanh th\u1ee7y l\u1ef1c h\u00e0nh tr\u00ecnh d\u00e0i d\u00e0nh cho m\u00e1y k\u00e9o c\u1ee7a nh\u00e0 cung c\u1ea5p \u00dd l\u00e0 xi lanh th\u1ee7y l\u1ef1c ch\u1ea5t l\u01b0\u1ee3ng cao v\u00e0 \u0111\u00e1ng tin c\u1eady, \u0111\u01b0\u1ee3c thi\u1ebft k\u1ebf chuy\u00ean d\u1ee5ng cho m\u00e1y k\u00e9o. Xi lanh n\u00e0y \u0111\u01b0\u1ee3c s\u1ea3n xu\u1ea5t b\u1edfi m\u1ed9t nh\u00e0 cung c\u1ea5p uy t\u00edn c\u1ee7a \u00dd, \u0111\u1ea3m b\u1ea3o hi\u1ec7u su\u1ea5t v\u00e0 \u0111\u1ed9 b\u1ec1n v\u01b0\u1ee3t tr\u1ed9i.<\/p>\n<p>V\u1edbi kh\u1ea3 n\u0103ng h\u00e0nh tr\u00ecnh d\u00e0i, xi lanh th\u1ee7y l\u1ef1c n\u00e0y cho ph\u00e9p \u0111i\u1ec1u khi\u1ec3n l\u00e1i m\u01b0\u1ee3t m\u00e0 v\u00e0 ch\u00ednh x\u00e1c cho m\u00e1y k\u00e9o. N\u00f3 \u0111\u01b0\u1ee3c thi\u1ebft k\u1ebf \u0111\u1ec3 ch\u1ecbu \u0111\u01b0\u1ee3c t\u1ea3i tr\u1ecdng n\u1eb7ng v\u00e0 c\u00f3 th\u1ec3 x\u1eed l\u00fd hi\u1ec7u qu\u1ea3 nhi\u1ec1u \u0111\u1ecba h\u00ecnh v\u00e0 \u0111i\u1ec1u ki\u1ec7n v\u1eadn h\u00e0nh kh\u00e1c nhau.<\/p>\n<p>Xi lanh th\u1ee7y l\u1ef1c h\u00e0nh tr\u00ecnh d\u00e0i c\u1ee7a nh\u00e0 cung c\u1ea5p \u00dd \u0111\u01b0\u1ee3c thi\u1ebft k\u1ebf v\u1edbi c\u00f4ng ngh\u1ec7 th\u1ee7y l\u1ef1c ti\u00ean ti\u1ebfn, \u0111\u1ea3m b\u1ea3o truy\u1ec1n \u0111\u1ed9ng hi\u1ec7u qu\u1ea3 v\u00e0 hi\u1ec7u su\u1ea5t t\u1ed1i \u01b0u. K\u1ebft c\u1ea5u ch\u1eafc ch\u1eafn v\u00e0 k\u1ef9 thu\u1eadt ch\u00ednh x\u00e1c \u0111\u1ea3m b\u1ea3o ch\u1ee9c n\u0103ng ho\u1ea1t \u0111\u1ed9ng l\u00e2u d\u00e0i, l\u00e0 l\u1ef1a ch\u1ecdn l\u00fd t\u01b0\u1edfng cho h\u1ec7 th\u1ed1ng l\u00e1i m\u00e1y k\u00e9o.<\/p>\n<p>Cho d\u00f9 b\u1ea1n \u0111ang l\u00e0m vi\u1ec7c t\u1ea1i trang tr\u1ea1i, c\u00f4ng tr\u01b0\u1eddng x\u00e2y d\u1ef1ng hay b\u1ea5t k\u1ef3 \u1ee9ng d\u1ee5ng n\u00f4ng nghi\u1ec7p hay c\u00f4ng nghi\u1ec7p n\u00e0o kh\u00e1c, Xi lanh th\u1ee7y l\u1ef1c h\u00e0nh tr\u00ecnh d\u00e0i cho m\u00e1y k\u00e9o c\u1ee7a nh\u00e0 cung c\u1ea5p \u00dd l\u00e0 gi\u1ea3i ph\u00e1p tuy\u1ec7t v\u1eddi cho h\u1ec7 th\u1ed1ng l\u00e1i m\u00e1y k\u00e9o \u0111\u00e1ng tin c\u1eady v\u00e0 hi\u1ec7u qu\u1ea3. H\u00e3y tin t\u01b0\u1edfng v\u00e0o ch\u1ea5t l\u01b0\u1ee3ng v\u00e0 hi\u1ec7u su\u1ea5t c\u1ee7a s\u1ea3n ph\u1ea9m \u0111\u1ec3 n\u00e2ng cao n\u0103ng su\u1ea5t v\u00e0 hi\u1ec7u qu\u1ea3 ho\u1ea1t \u0111\u1ed9ng c\u1ee7a b\u1ea1n.<\/p>\n<h2>Gi\u1edbi thi\u1ec7u v\u1ec1 xi lanh th\u1ee7y l\u1ef1c<\/h2>\n<p>Xi lanh th\u1ee7y l\u1ef1c \u0111\u00e3 l\u00e0 m\u1ed9t ph\u1ea7n thi\u1ebft y\u1ebfu c\u1ee7a nhi\u1ec1u ng\u00e0nh c\u00f4ng nghi\u1ec7p, bao g\u1ed3m x\u01b0\u1edfng s\u1eeda ch\u1eefa m\u00e1y m\u00f3c, trang tr\u1ea1i, n\u0103ng l\u01b0\u1ee3ng v\u00e0 khai th\u00e1c m\u1ecf trong nhi\u1ec1u th\u1ebf k\u1ef7. C\u00f3 nhi\u1ec1u lo\u1ea1i xi lanh th\u1ee7y l\u1ef1c \u0111\u1ec3 l\u1ef1a ch\u1ecdn, bao g\u1ed3m xi lanh nghi\u00eang, xi lanh l\u00e1i v\u00e0 xi lanh n\u00e2ng, c\u00f9ng nhi\u1ec1u lo\u1ea1i kh\u00e1c.<\/p>\n<h3>\u01afu \u0111i\u1ec3m c\u1ee7a xi lanh th\u1ee7y l\u1ef1c<\/h3>\n<ul>\n<li>Truy\u1ec1n t\u1ea3i \u0111i\u1ec7n hi\u1ec7u qu\u1ea3<\/li>\n<li>D\u1ec5 d\u00e0ng b\u1ea3o tr\u00ec v\u00e0 s\u1eeda ch\u1eefa<\/li>\n<li>\u0110\u1ed9 b\u1ec1n tuy\u1ec7t v\u1eddi<\/li>\n<\/ul>\n<h3>L\u1eafp \u0111\u1eb7t v\u00e0 b\u1ea3o tr\u00ec xi lanh th\u1ee7y l\u1ef1c<\/h3>\n<p>Vi\u1ec7c l\u1eafp \u0111\u1eb7t v\u00e0 b\u1ea3o tr\u00ec xi lanh th\u1ee7y l\u1ef1c \u0111\u00f2i h\u1ecfi s\u1ef1 ch\u00ednh x\u00e1c v\u00e0 ki\u1ebfn \u200b\u200bth\u1ee9c chuy\u00ean m\u00f4n. Vi\u1ec7c ki\u1ec3m tra v\u00e0 b\u00f4i tr\u01a1n th\u01b0\u1eddng xuy\u00ean l\u00e0 c\u1ea7n thi\u1ebft \u0111\u1ec3 \u0111\u1ea3m b\u1ea3o hi\u1ec7u su\u1ea5t l\u00e2u d\u00e0i. Vi\u1ec7c hi\u1ec3u r\u00f5 th\u1eddi \u0111i\u1ec3m v\u00e0 c\u00e1ch thay th\u1ebf c\u00e1c xi lanh n\u00e0y c\u0169ng r\u1ea5t quan tr\u1ecdng.<\/p>\n<h2>L\u1ef1a ch\u1ecdn d\u1ea7u th\u1ee7y l\u1ef1c v\u00e0 ph\u1edbt d\u1ea7u ph\u00f9 h\u1ee3p<\/h2>\n<p>Vi\u1ec7c l\u1ef1a ch\u1ecdn d\u1ea7u th\u1ee7y l\u1ef1c v\u00e0 ph\u1edbt d\u1ea7u ph\u00f9 h\u1ee3p ph\u1ee5 thu\u1ed9c v\u00e0o lo\u1ea1i xi lanh th\u1ee7y l\u1ef1c v\u00e0 \u1ee9ng d\u1ee5ng c\u1ee7a n\u00f3. C\u00e1c y\u1ebfu t\u1ed1 c\u1ea7n xem x\u00e9t bao g\u1ed3m nhi\u1ec7t \u0111\u1ed9 v\u1eadn h\u00e0nh, ph\u1ea1m vi \u00e1p su\u1ea5t v\u00e0 t\u1ed1c \u0111\u1ed9 xi lanh.<\/p>\n<p><img decoding=\"async\" src=\"https:\/\/hzpt.com\/wp-content\/uploads\/2023\/11\/Steering-Hydraulic-Cylinder-4.webp\" alt=\"\" title=\"\"><\/p>\n<h2>\u1ee8ng d\u1ee5ng c\u1ee7a xi lanh th\u1ee7y l\u1ef1c l\u00e1i<\/h2>\n<p>Xi lanh th\u1ee7y l\u1ef1c l\u00e1i l\u00e0 th\u00e0nh ph\u1ea7n thi\u1ebft y\u1ebfu c\u1ee7a h\u1ec7 th\u1ed1ng l\u00e1i tr\u00ean nhi\u1ec1u lo\u1ea1i xe. Nh\u1eefng xi lanh n\u00e0y, c\u00f2n \u0111\u01b0\u1ee3c g\u1ecdi l\u00e0 b\u1ed9 truy\u1ec1n \u0111\u1ed9ng l\u00e1i, gi\u00fap chuy\u1ec3n \u0111\u1ed5i n\u0103ng l\u01b0\u1ee3ng t\u1ea1o ra b\u1edfi b\u01a1m l\u00e1i th\u00e0nh chuy\u1ec3n \u0111\u1ed9ng tuy\u1ebfn t\u00ednh, c\u00f3 th\u1ec3 \u0111\u01b0\u1ee3c s\u1eed d\u1ee5ng \u0111\u1ec3 \u0111i\u1ec1u khi\u1ec3n h\u01b0\u1edbng b\u00e1nh xe c\u1ee7a xe. D\u01b0\u1edbi \u0111\u00e2y l\u00e0 m\u1ed9t s\u1ed1 \u1ee9ng d\u1ee5ng c\u1ee7a xi lanh th\u1ee7y l\u1ef1c l\u00e1i:<\/p>\n<ol>\n<li>Xe h\u1ea1ng n\u1eb7ng:\n<p>Xi lanh th\u1ee7y l\u1ef1c l\u00e1i th\u01b0\u1eddng \u0111\u01b0\u1ee3c s\u1eed d\u1ee5ng tr\u00ean c\u00e1c lo\u1ea1i xe h\u1ea1ng n\u1eb7ng nh\u01b0 xe t\u1ea3i, xe bu\u00fdt v\u00e0 thi\u1ebft b\u1ecb x\u00e2y d\u1ef1ng. Nh\u1eefng lo\u1ea1i xe n\u00e0y c\u1ea7n l\u1ef1c l\u00e1i l\u1edbn, v\u00e0 xi lanh th\u1ee7y l\u1ef1c c\u00f3 th\u1ec3 t\u1ea1o ra l\u1ef1c c\u1ea7n thi\u1ebft \u0111\u1ec3 xoay b\u00e1nh xe ngay c\u1ea3 khi xe ch\u1edf n\u1eb7ng. H\u1ec7 th\u1ed1ng th\u1ee7y l\u1ef1c c\u0169ng cho ph\u00e9p ki\u1ec3m so\u00e1t c\u01a1 c\u1ea5u l\u00e1i t\u1ed1t h\u01a1n, gi\u00fap ng\u01b0\u1eddi l\u00e1i d\u1ec5 d\u00e0ng \u0111i\u1ec1u khi\u1ec3n c\u00e1c lo\u1ea1i xe l\u1edbn, c\u1ed3ng k\u1ec1nh.<\/li>\n<li>Xe \u0111\u1ecba h\u00ecnh:\n<p>C\u00e1c lo\u1ea1i xe \u0111\u1ecba h\u00ecnh nh\u01b0 xe \u0111\u1ecba h\u00ecnh ATV, xe \u0111\u1ecba h\u00ecnh dune buggy v\u00e0 xe \u0111\u1ecba h\u00ecnh c\u0169ng \u0111\u01b0\u1ee3c h\u01b0\u1edfng l\u1ee3i t\u1eeb xi lanh th\u1ee7y l\u1ef1c l\u00e1i. Nh\u1eefng lo\u1ea1i xe n\u00e0y th\u01b0\u1eddng ho\u1ea1t \u0111\u1ed9ng tr\u00ean \u0111\u1ecba h\u00ecnh g\u1ed3 gh\u1ec1, n\u01a1i c\u00e1c c\u01a1 c\u1ea5u l\u00e1i th\u00f4ng th\u01b0\u1eddng c\u00f3 th\u1ec3 kh\u00f4ng hi\u1ec7u qu\u1ea3. Xi lanh th\u1ee7y l\u1ef1c c\u00f3 th\u1ec3 cung c\u1ea5p l\u1ef1c k\u00e9o v\u00e0 \u0111\u1ed9 ch\u00ednh x\u00e1c c\u1ea7n thi\u1ebft \u0111\u1ec3 l\u00e1i xe qua ch\u01b0\u1edbng ng\u1ea1i v\u1eadt v\u00e0 duy tr\u00ec kh\u1ea3 n\u0103ng ki\u1ec3m so\u00e1t xe.<\/li>\n<li>\u1ee8ng d\u1ee5ng h\u00e0ng h\u1ea3i v\u00e0 h\u00e0ng kh\u00f4ng v\u0169 tr\u1ee5:\n<p>Xi lanh th\u1ee7y l\u1ef1c l\u00e1i kh\u00f4ng ch\u1ec9 gi\u1edbi h\u1ea1n \u1edf c\u00e1c ph\u01b0\u01a1ng ti\u1ec7n tr\u00ean c\u1ea1n. Ch\u00fang c\u00f2n \u0111\u01b0\u1ee3c s\u1eed d\u1ee5ng trong c\u00e1c \u1ee9ng d\u1ee5ng h\u00e0ng h\u1ea3i nh\u01b0 thuy\u1ec1n v\u00e0 t\u00e0u th\u1ee7y, c\u0169ng nh\u01b0 trong c\u00f4ng ngh\u1ec7 h\u00e0ng kh\u00f4ng v\u0169 tr\u1ee5 nh\u01b0 t\u00e0u v\u0169 tr\u1ee5 v\u00e0 m\u00e1y bay. Trong nh\u1eefng tr\u01b0\u1eddng h\u1ee3p n\u00e0y, xi lanh th\u1ee7y l\u1ef1c \u0111\u01b0\u1ee3c s\u1eed d\u1ee5ng \u0111\u1ec3 \u0111i\u1ec1u khi\u1ec3n h\u01b0\u1edbng b\u00e1nh l\u00e1i, c\u00e1nh l\u00e1i v\u00e0 c\u00e1c b\u1ec1 m\u1eb7t \u0111i\u1ec1u khi\u1ec3n kh\u00e1c gi\u00fap l\u00e1i t\u00e0u ho\u1eb7c m\u00e1y bay.<\/li>\n<li>Thi\u1ebft b\u1ecb c\u00f4ng nghi\u1ec7p:\n<p>Xi lanh th\u1ee7y l\u1ef1c c\u0169ng \u0111\u01b0\u1ee3c s\u1eed d\u1ee5ng trong nhi\u1ec1u m\u00f4i tr\u01b0\u1eddng c\u00f4ng nghi\u1ec7p \u0111\u1ec3 l\u00e1i v\u00e0 c\u00e1c \u1ee9ng d\u1ee5ng kh\u00e1c. V\u00ed d\u1ee5, ch\u00fang c\u00f3 th\u1ec3 \u0111\u01b0\u1ee3c s\u1eed d\u1ee5ng \u0111\u1ec3 l\u00e1i c\u1ea7n c\u1ea9u, xe n\u00e2ng ho\u1eb7c c\u00e1c m\u00e1y m\u00f3c h\u1ea1ng n\u1eb7ng kh\u00e1c. Trong nh\u1eefng m\u00f4i tr\u01b0\u1eddng n\u00e0y, xi lanh th\u1ee7y l\u1ef1c c\u00f3 th\u1ec3 cung c\u1ea5p c\u00f4ng su\u1ea5t v\u00e0 \u0111\u1ed9 ch\u00ednh x\u00e1c c\u1ea7n thi\u1ebft \u0111\u1ec3 v\u1eadn h\u00e0nh t\u1ea3i tr\u1ecdng l\u1edbn ho\u1eb7c trong kh\u00f4ng gian ch\u1eadt h\u1eb9p.<\/li>\n<li>\u1ee8ng d\u1ee5ng t\u00f9y ch\u1ec9nh:\n<p>Ngo\u00e0i nh\u1eefng \u1ee9ng d\u1ee5ng ph\u1ed5 bi\u1ebfn n\u00e0y, xi lanh th\u1ee7y l\u1ef1c l\u00e1i c\u00f2n c\u00f3 th\u1ec3 \u0111\u01b0\u1ee3c s\u1eed d\u1ee5ng trong nhi\u1ec1u \u0111i\u1ec1u ki\u1ec7n t\u00f9y ch\u1ec9nh kh\u00e1c nhau. V\u00ed d\u1ee5, ch\u00fang c\u00f3 th\u1ec3 \u0111\u01b0\u1ee3c s\u1eed d\u1ee5ng trong c\u00e1c ph\u01b0\u01a1ng ti\u1ec7n th\u1eed nghi\u1ec7m ho\u1eb7c nguy\u00ean m\u1eabu \u0111\u00f2i h\u1ecfi c\u01a1 ch\u1ebf l\u00e1i \u0111\u1ed9c \u0111\u00e1o. Ch\u00fang c\u0169ng c\u00f3 th\u1ec3 \u0111\u01b0\u1ee3c s\u1eed d\u1ee5ng trong c\u00e1c t\u00e1c ph\u1ea9m ngh\u1ec7 thu\u1eadt s\u1eafp \u0111\u1eb7t ho\u1eb7c t\u00e1c ph\u1ea9m \u0111i\u00eau kh\u1eafc \u0111\u1ed9ng h\u1ecdc \u0111\u00f2i h\u1ecfi chuy\u1ec3n \u0111\u1ed9ng ch\u00ednh x\u00e1c v\u00e0 \u0111\u01b0\u1ee3c ki\u1ec3m so\u00e1t.<\/li>\n<\/ol>\n<p>Nh\u01b0 b\u1ea1n c\u00f3 th\u1ec3 th\u1ea5y, xi lanh th\u1ee7y l\u1ef1c l\u00e1i c\u00f3 ph\u1ea1m vi \u1ee9ng d\u1ee5ng r\u1ed9ng r\u00e3i trong nhi\u1ec1u ng\u00e0nh c\u00f4ng nghi\u1ec7p v\u00e0 m\u00f4i tr\u01b0\u1eddng kh\u00e1c nhau. Cho d\u00f9 \u0111\u01b0\u1ee3c s\u1eed d\u1ee5ng trong xe h\u1ea1ng n\u1eb7ng, xe \u0111\u1ecba h\u00ecnh, \u1ee9ng d\u1ee5ng h\u00e0ng h\u1ea3i v\u00e0 h\u00e0ng kh\u00f4ng v\u0169 tr\u1ee5, thi\u1ebft b\u1ecb c\u00f4ng nghi\u1ec7p hay c\u00e1c \u1ee9ng d\u1ee5ng t\u00f9y ch\u1ec9nh, nh\u1eefng xi lanh n\u00e0y \u0111\u1ec1u cung c\u1ea5p c\u00f4ng su\u1ea5t, \u0111\u1ed9 ch\u00ednh x\u00e1c v\u00e0 kh\u1ea3 n\u0103ng ki\u1ec3m so\u00e1t c\u1ea7n thi\u1ebft \u0111\u1ec3 l\u00e1i hi\u1ec7u qu\u1ea3.<\/p>\n<h2>Gi\u1edbi thi\u1ec7u v\u1ec1 FMP<\/h2>\n<p>FMP l\u00e0 nh\u00e0 s\u1ea3n xu\u1ea5t v\u00e0 ph\u00e2n ph\u1ed1i h\u00e0ng \u0111\u1ea7u c\u00e1c lo\u1ea1i xi lanh th\u1ee7y l\u1ef1c, b\u1ed9 xi lanh v\u00e0 linh ki\u1ec7n ch\u1ea5t l\u01b0\u1ee3ng cao cho m\u00e1y m\u00f3c x\u00e2y d\u1ef1ng. V\u1edbi nhi\u1ec1u n\u0103m kinh nghi\u1ec7m trong ng\u00e0nh v\u00e0 \u0111\u1ed9i ng\u0169 chuy\u00ean nghi\u1ec7p, ch\u00fang t\u00f4i cam k\u1ebft cung c\u1ea5p cho kh\u00e1ch h\u00e0ng nh\u1eefng gi\u1ea3i ph\u00e1p \u0111\u00e1ng tin c\u1eady v\u00e0 hi\u1ec7u qu\u1ea3 cho nhu c\u1ea7u m\u00e1y m\u00f3c x\u00e2y d\u1ef1ng c\u1ee7a h\u1ecd.<\/p>\n<p>D\u01b0\u1edbi \u0111\u00e2y l\u00e0 n\u0103m l\u00fd do t\u1ea1i sao b\u1ea1n n\u00ean ch\u1ecdn FMP:<\/p>\n<ol>\n<li><strong>Xi lanh th\u1ee7y l\u1ef1c ch\u1ea5t l\u01b0\u1ee3ng cao:<\/strong> Ch\u00fang t\u00f4i s\u1eed d\u1ee5ng k\u1ef9 thu\u1eadt ch\u00ednh x\u00e1c \u0111\u1ec3 s\u1ea3n xu\u1ea5t xi lanh th\u1ee7y l\u1ef1c. Cam k\u1ebft ch\u1ea5t l\u01b0\u1ee3ng v\u1eefng ch\u1eafc c\u1ee7a ch\u00fang t\u00f4i \u0111\u1ea3m b\u1ea3o ch\u1ec9 s\u1eed d\u1ee5ng nguy\u00ean li\u1ec7u th\u00f4 ch\u1ea5t l\u01b0\u1ee3ng cao nh\u1ea5t v\u00e0 th\u1ef1c hi\u1ec7n ki\u1ec3m tra ch\u1ea5t l\u01b0\u1ee3ng nghi\u00eam ng\u1eb7t \u0111\u1ed1i v\u1edbi th\u00e0nh ph\u1ea9m \u0111\u1ec3 \u0111\u1ea3m b\u1ea3o ch\u00fang \u0111\u00e1p \u1ee9ng v\u00e0 v\u01b0\u1ee3t qu\u00e1 c\u00e1c ti\u00eau chu\u1ea9n c\u1ee7a ng\u00e0nh.<\/li>\n<li><strong>Ph\u1ea1m vi s\u1ea3n ph\u1ea9m r\u1ed9ng l\u1edbn:<\/strong> Danh m\u1ee5c s\u1ea3n ph\u1ea9m c\u1ee7a ch\u00fang t\u00f4i bao g\u1ed3m t\u1ea5t c\u1ea3 c\u00e1c lo\u1ea1i m\u00e1y m\u00f3c v\u00e0 ph\u1ee5 ki\u1ec7n x\u00e2y d\u1ef1ng. Ch\u00fang t\u00f4i cung c\u1ea5p nhi\u1ec1u lo\u1ea1i xi lanh th\u1ee7y l\u1ef1c, h\u1ed9p s\u1ed1, x\u00edch, nh\u00f4ng x\u00edch, ph\u1ee5 ki\u1ec7n \u0111\u1ed9ng c\u01a1, linh ki\u1ec7n h\u1ec7 th\u1ed1ng th\u1ee7y l\u1ef1c, ph\u1ee5 ki\u1ec7n khung g\u1ea7m v\u00e0 ph\u1ee5 ki\u1ec7n h\u1ec7 th\u1ed1ng \u0111i\u1ec7n.<\/li>\n<li><strong>Quan h\u1ec7 \u0111\u1ed1i t\u00e1c \u0111\u00e3 \u0111\u01b0\u1ee3c thi\u1ebft l\u1eadp:<\/strong> Ch\u00fang t\u00f4i \u0111\u00e3 thi\u1ebft l\u1eadp m\u1ed1i quan h\u1ec7 \u0111\u1ed1i t\u00e1c l\u00e2u d\u00e0i v\u00e0 \u1ed5n \u0111\u1ecbnh v\u1edbi nhi\u1ec1u nh\u00e0 cung c\u1ea5p trong v\u00e0 ngo\u00e0i n\u01b0\u1edbc ch\u1ea5t l\u01b0\u1ee3ng cao. \u0110i\u1ec1u n\u00e0y \u0111\u1ea3m b\u1ea3o t\u1ea5t c\u1ea3 c\u00e1c ph\u1ee5 ki\u1ec7n \u0111\u01b0\u1ee3c cung c\u1ea5p \u0111\u1ec1u \u0111\u00e1p \u1ee9ng c\u00e1c ti\u00eau chu\u1ea9n ch\u1ea5t l\u01b0\u1ee3ng nghi\u00eam ng\u1eb7t c\u1ee7a ch\u00fang t\u00f4i.<\/li>\n<li><strong>\u0110\u1ed9i ng\u0169 b\u00e1n h\u00e0ng gi\u00e0u kinh nghi\u1ec7m:<\/strong> \u0110\u1ed9i ng\u0169 b\u00e1n h\u00e0ng c\u1ee7a ch\u00fang t\u00f4i c\u00f3 nhi\u1ec1u n\u0103m kinh nghi\u1ec7m v\u00e0 hi\u1ec3u bi\u1ebft s\u00e2u r\u1ed9ng v\u1ec1 ng\u00e0nh m\u00e1y m\u00f3c x\u00e2y d\u1ef1ng. H\u1ecd c\u00f3 th\u1ec3 t\u01b0 v\u1ea5n s\u1ea3n ph\u1ea9m chuy\u00ean nghi\u1ec7p v\u00e0 \u0111\u01b0a ra l\u1eddi khuy\u00ean mua h\u00e0ng s\u00e1ng su\u1ed1t, gi\u00fap b\u1ea1n \u0111\u01b0a ra quy\u1ebft \u0111\u1ecbnh s\u00e1ng su\u1ed1t.<\/li>\n<li><strong>H\u1ec7 th\u1ed1ng ph\u00e2n ph\u1ed1i h\u1eadu c\u1ea7n hi\u1ec7u qu\u1ea3:<\/strong> Ch\u00fang t\u00f4i c\u00f3 h\u1ec7 th\u1ed1ng ph\u00e2n ph\u1ed1i h\u1eadu c\u1ea7n hi\u1ec7u qu\u1ea3 \u0111\u1ec3 \u0111\u1ea3m b\u1ea3o kh\u00e1ch h\u00e0ng nh\u1eadn \u0111\u01b0\u1ee3c c\u00e1c b\u1ed9 ph\u1eadn c\u1ea7n thi\u1ebft m\u1ed9t c\u00e1ch k\u1ecbp th\u1eddi v\u00e0 ch\u00ednh x\u00e1c.<\/li>\n<\/ol>\n<p><img decoding=\"async\" src=\"https:\/\/fmp-components.com\/wp-content\/uploads\/2025\/01\/Dump-Truck-Trailer-Hydraulic-Cylinder-product-3-3.webp\" alt=\"Xi lanh th\u1ee7y l\u1ef1c\" width=\"800\" title=\"\"><\/p>\n<p>T\u1ea1i FMP, ch\u00fang t\u00f4i cam k\u1ebft cung c\u1ea5p cho kh\u00e1ch h\u00e0ng c\u00e1c ph\u1ee5 ki\u1ec7n m\u00e1y m\u00f3c x\u00e2y d\u1ef1ng ch\u1ea5t l\u01b0\u1ee3ng cao v\u00e0 \u0111\u00e1ng tin c\u1eady c\u00f9ng c\u00e1c gi\u1ea3i ph\u00e1p m\u00e1y m\u00f3c to\u00e0n di\u1ec7n. V\u1edbi c\u01a1 s\u1edf nh\u00e0 m\u00e1y hi\u1ec7n \u0111\u1ea1i, m\u00e1y c\u00f4ng c\u1ee5 CNC, thi\u1ebft k\u1ebf h\u1ed7 tr\u1ee3 m\u00e1y t\u00ednh, \u0111\u1ed9i ng\u0169 nh\u00e2n vi\u00ean l\u00e0nh ngh\u1ec1, chuy\u00ean gia h\u1ec7 th\u1ed1ng th\u1ee7y l\u1ef1c, nh\u00e0 l\u1eafp r\u00e1p xi lanh v\u00e0 \u0111\u1ea1i l\u00fd, ch\u00fang t\u00f4i l\u00e0 \u0111\u1ed1i t\u00e1c \u01b0u ti\u00ean \u0111\u00e1p \u1ee9ng nhu c\u1ea7u c\u1ee7a b\u1ea1n v\u1ec1 xi lanh th\u1ee7y l\u1ef1c, b\u1ed9 xi lanh v\u00e0 linh ki\u1ec7n.<\/p>\n<p>T\u00e1c gi\u1ea3: CX<\/p>","protected":false},"excerpt":{"rendered":"<p>Italy Supplier Long Stroke Hydraulic Cylinder Tractor Hydraulic Steering Cylinder The Italy Supplier Long Stroke Hydraulic Cylinder Tractor Hydraulic Steering Cylinder is a high-quality and reliable hydraulic cylinder designed specifically for tractors. This cylinder is manufactured by a trusted Italian supplier, ensuring superior performance and durability. With its long stroke capability, this hydraulic cylinder enables [&hellip;]<\/p>","protected":false},"featured_media":2785,"comment_status":"closed","ping_status":"closed","template":"","meta":{"_et_pb_use_builder":"","_et_pb_old_content":"","_et_gb_content_width":""},"product_brand":[],"product_cat":[67],"product_tag":[34,70],"class_list":{"0":"post-2784","1":"product","2":"type-product","3":"status-publish","4":"has-post-thumbnail","6":"product_cat-steering-hydraulic-cylinder","7":"product_tag-hydraulic-cylinder","8":"product_tag-steering-hydraulic-cylinder","10":"first","11":"instock","12":"product-type-simple"},"_links":{"self":[{"href":"https:\/\/fmp-components.com\/vi\/wp-json\/wp\/v2\/product\/2784","targetHints":{"allow":["GET"]}}],"collection":[{"href":"https:\/\/fmp-components.com\/vi\/wp-json\/wp\/v2\/product"}],"about":[{"href":"https:\/\/fmp-components.com\/vi\/wp-json\/wp\/v2\/types\/product"}],"replies":[{"embeddable":true,"href":"https:\/\/fmp-components.com\/vi\/wp-json\/wp\/v2\/comments?post=2784"}],"wp:featuredmedia":[{"embeddable":true,"href":"https:\/\/fmp-components.com\/vi\/wp-json\/wp\/v2\/media\/2785"}],"wp:attachment":[{"href":"https:\/\/fmp-components.com\/vi\/wp-json\/wp\/v2\/media?parent=2784"}],"wp:term":[{"taxonomy":"product_brand","embeddable":true,"href":"https:\/\/fmp-components.com\/vi\/wp-json\/wp\/v2\/product_brand?post=2784"},{"taxonomy":"product_cat","embeddable":true,"href":"https:\/\/fmp-components.com\/vi\/wp-json\/wp\/v2\/product_cat?post=2784"},{"taxonomy":"product_tag","embeddable":true,"href":"https:\/\/fmp-components.com\/vi\/wp-json\/wp\/v2\/product_tag?post=2784"}],"curies":[{"name":"wp","href":"https:\/\/api.w.org\/{rel}","templated":true}]}}