{"id":2717,"date":"2025-01-04T02:00:35","date_gmt":"2025-01-04T02:00:35","guid":{"rendered":"https:\/\/fmp-components.com\/?page_id=8"},"modified":"2025-01-04T02:02:19","modified_gmt":"2025-01-04T02:02:19","slug":"grader-driven-rake-gearbox-fmp190-for-variable-speed-rotary-tillers-and-beaters","status":"publish","type":"product","link":"https:\/\/fmp-components.com\/vi\/product\/grader-driven-rake-gearbox-fmp190-for-variable-speed-rotary-tillers-and-beaters\/","title":{"rendered":"H\u1ed9p s\u1ed1 c\u00e0o d\u1eabn \u0111\u1ed9ng m\u00e1y san \u1ee7i FMP190 d\u00e0nh cho m\u00e1y x\u1edbi \u0111\u1ea5t v\u00e0 m\u00e1y \u0111\u1eadp \u0111\u1ea5t t\u1ed1c \u0111\u1ed9 thay \u0111\u1ed5i"},"content":{"rendered":"<h2>K\u00edch th\u01b0\u1edbc h\u1ed9p s\u1ed1 c\u00e0o d\u1eabn \u0111\u1ed9ng m\u00e1y \u1ee7i FMP190<\/h2>\n<p><img loading=\"lazy\" decoding=\"async\" class=\"alignnone size-full wp-image-2721\" src=\"https:\/\/fmp-components.com\/wp-content\/uploads\/2025\/01\/Grader-Driven-Rake-Gearbox-FMP190-Dimensions.webp\" alt=\"H\u1ed9p s\u1ed1 c\u00e0o d\u1eabn \u0111\u1ed9ng m\u00e1y \u1ee7i \u0111\u1ea5t FMP190 - K\u00edch th\u01b0\u1edbc\" width=\"1550\" height=\"881\" title=\"\" srcset=\"https:\/\/fmp-components.com\/wp-content\/uploads\/2025\/01\/Grader-Driven-Rake-Gearbox-FMP190-Dimensions.webp 1550w, https:\/\/fmp-components.com\/wp-content\/uploads\/2025\/01\/Grader-Driven-Rake-Gearbox-FMP190-Dimensions-1280x728.webp 1280w, https:\/\/fmp-components.com\/wp-content\/uploads\/2025\/01\/Grader-Driven-Rake-Gearbox-FMP190-Dimensions-980x557.webp 980w, https:\/\/fmp-components.com\/wp-content\/uploads\/2025\/01\/Grader-Driven-Rake-Gearbox-FMP190-Dimensions-480x273.webp 480w\" sizes=\"(min-width: 0px) and (max-width: 480px) 480px, (min-width: 481px) and (max-width: 980px) 980px, (min-width: 981px) and (max-width: 1280px) 1280px, (min-width: 1281px) 1550px, 100vw\" \/><\/p>\n<h2>H\u1ed9p s\u1ed1 c\u00e0o d\u1eabn \u0111\u1ed9ng m\u00e1y \u1ee7i FMP190 Turn<\/h2>\n<p><img loading=\"lazy\" decoding=\"async\" class=\"alignnone size-full wp-image-2724\" src=\"https:\/\/fmp-components.com\/wp-content\/uploads\/2025\/01\/Grader-Driven-Rake-Gearbox-FMP190-Turn.webp\" alt=\"H\u1ed9p s\u1ed1 c\u00e0o d\u1eabn \u0111\u1ed9ng m\u00e1y \u1ee7i FMP190 v\u00f2ng\" width=\"1550\" height=\"370\" title=\"\" srcset=\"https:\/\/fmp-components.com\/wp-content\/uploads\/2025\/01\/Grader-Driven-Rake-Gearbox-FMP190-Turn.webp 1550w, https:\/\/fmp-components.com\/wp-content\/uploads\/2025\/01\/Grader-Driven-Rake-Gearbox-FMP190-Turn-1280x306.webp 1280w, https:\/\/fmp-components.com\/wp-content\/uploads\/2025\/01\/Grader-Driven-Rake-Gearbox-FMP190-Turn-980x234.webp 980w, https:\/\/fmp-components.com\/wp-content\/uploads\/2025\/01\/Grader-Driven-Rake-Gearbox-FMP190-Turn-480x115.webp 480w\" sizes=\"(min-width: 0px) and (max-width: 480px) 480px, (min-width: 481px) and (max-width: 980px) 980px, (min-width: 981px) and (max-width: 1280px) 1280px, (min-width: 1281px) 1550px, 100vw\" \/><\/p>\n<h2>H\u1ed9p s\u1ed1 c\u00e0o d\u1eabn \u0111\u1ed9ng m\u00e1y \u1ee7i FMP190 D\u1eef li\u1ec7u k\u1ef9 thu\u1eadt<\/h2>\n<table style=\"width: 100.918%; height: 145px;\" border=\"1\" cellspacing=\"0\" cellpadding=\"0\">\n<tbody>\n<tr>\n<td colspan=\"2\" rowspan=\"2\">T\u00f4i<\/td>\n<td rowspan=\"2\">Th\u00edch h\u1ee3p<\/td>\n<td>\u0110\u1ea7u v\u00e0o v\u00f2ng\/ph\u00fat<\/td>\n<td>\u0110\u1ea7u ra v\u00f2ng\/ph\u00fat<\/td>\n<td>KW(T\u00ean)<\/td>\n<td>KW(T\u1ed1i \u0111a)<\/td>\n<td rowspan=\"2\">m\u1ecdc r\u0103ng<\/td>\n<\/tr>\n<tr>\n<td>v\u00f2ng\/ph\u00fat<\/td>\n<td>v\u00f2ng\/ph\u00fat<\/td>\n<td>m\u00e3 l\u1ef1c<\/td>\n<td>m\u00e3 l\u1ef1c<\/td>\n<\/tr>\n<tr>\n<td>Gi\u1ea3m t\u1ed1c<\/td>\n<td>1.93:1<\/td>\n<td rowspan=\"2\">M\u00e1y x\u1edbi \u0111\u1ea5t, m\u00e1y \u0111\u1eadp, v.v.<\/td>\n<td>540<\/td>\n<td>280<\/td>\n<td>24<\/td>\n<td>45<\/td>\n<td rowspan=\"2\">Gleason Helical<br \/>\nR\u0103ng<\/td>\n<\/tr>\n<tr>\n<td>Gi\u1ea3m t\u1ed1c<\/td>\n<td>1.46: 1<\/td>\n<td>540<\/td>\n<td>370<\/td>\n<td>44<\/td>\n<td>62<\/td>\n<\/tr>\n<tr>\n<td colspan=\"8\">L\u01b0u \u00fd: N\u1ebfu b\u1ea1n c\u00f3 b\u1ea5t k\u1ef3 y\u00eau c\u1ea7u \u0111\u1eb7c bi\u1ec7t n\u00e0o, vui l\u00f2ng cho t\u00f4i bi\u1ebft, ch\u00fang t\u00f4i c\u0169ng ch\u1ea5p nh\u1eadn t\u00f9y ch\u1ec9nh.<\/td>\n<\/tr>\n<\/tbody>\n<\/table>\n<h2>K\u00edch th\u01b0\u1edbc tr\u1ee5c h\u1ed9p s\u1ed1 c\u00e0o d\u1eabn \u0111\u1ed9ng m\u00e1y \u1ee7i FMP190<\/h2>\n<p><img loading=\"lazy\" decoding=\"async\" class=\"alignnone size-full wp-image-2722\" src=\"https:\/\/fmp-components.com\/wp-content\/uploads\/2025\/01\/ohuvOifX-Grader-Driven-Rake-Gearbox-FMP190-Shaft-Dimensions.webp\" alt=\"ohuvOifX-Grader-Driven-Rake-Gearbox-FMP190-Shaft-Dimensions\" width=\"1519\" height=\"547\" title=\"\" srcset=\"https:\/\/fmp-components.com\/wp-content\/uploads\/2025\/01\/ohuvOifX-Grader-Driven-Rake-Gearbox-FMP190-Shaft-Dimensions.webp 1519w, https:\/\/fmp-components.com\/wp-content\/uploads\/2025\/01\/ohuvOifX-Grader-Driven-Rake-Gearbox-FMP190-Shaft-Dimensions-1280x461.webp 1280w, https:\/\/fmp-components.com\/wp-content\/uploads\/2025\/01\/ohuvOifX-Grader-Driven-Rake-Gearbox-FMP190-Shaft-Dimensions-980x353.webp 980w, https:\/\/fmp-components.com\/wp-content\/uploads\/2025\/01\/ohuvOifX-Grader-Driven-Rake-Gearbox-FMP190-Shaft-Dimensions-480x173.webp 480w\" sizes=\"(min-width: 0px) and (max-width: 480px) 480px, (min-width: 481px) and (max-width: 980px) 980px, (min-width: 981px) and (max-width: 1280px) 1280px, (min-width: 1281px) 1519px, 100vw\" \/><\/p>\n<h2>\u1ed0ng n\u1ed1i d\u00e0i h\u1ed9p s\u1ed1 c\u00e0o d\u1eabn \u0111\u1ed9ng m\u00e1y \u1ee7i FMP190<\/h2>\n<p><img loading=\"lazy\" decoding=\"async\" class=\"alignnone size-full wp-image-2723\" src=\"https:\/\/fmp-components.com\/wp-content\/uploads\/2025\/01\/Grader-Driven-Rake-Gearbox-FMP190-Extension-Pipe.webp\" alt=\"H\u1ed9p s\u1ed1 c\u00e0o d\u1eabn \u0111\u1ed9ng m\u00e1y \u1ee7i \u0111\u1ea5t FMP190 - \u1ed0ng n\u1ed1i d\u00e0i\" width=\"1536\" height=\"755\" title=\"\" srcset=\"https:\/\/fmp-components.com\/wp-content\/uploads\/2025\/01\/Grader-Driven-Rake-Gearbox-FMP190-Extension-Pipe.webp 1536w, https:\/\/fmp-components.com\/wp-content\/uploads\/2025\/01\/Grader-Driven-Rake-Gearbox-FMP190-Extension-Pipe-1280x629.webp 1280w, https:\/\/fmp-components.com\/wp-content\/uploads\/2025\/01\/Grader-Driven-Rake-Gearbox-FMP190-Extension-Pipe-980x482.webp 980w, https:\/\/fmp-components.com\/wp-content\/uploads\/2025\/01\/Grader-Driven-Rake-Gearbox-FMP190-Extension-Pipe-480x236.webp 480w\" sizes=\"(min-width: 0px) and (max-width: 480px) 480px, (min-width: 481px) and (max-width: 980px) 980px, (min-width: 981px) and (max-width: 1280px) 1280px, (min-width: 1281px) 1536px, 100vw\" \/><\/p>\n<h3>C\u00e1c t\u00ednh n\u0103ng ch\u00ednh c\u1ee7a h\u1ed9p s\u1ed1 c\u00e0o d\u1eabn \u0111\u1ed9ng m\u00e1y san \u1ee7i FMP190:<\/h3>\n<p>H\u1ed9p s\u1ed1 c\u00e0o d\u1eabn \u0111\u1ed9ng b\u1eb1ng m\u00e1y san \u1ee7i FMP190 s\u1edf h\u1eefu nhi\u1ec1u t\u00ednh n\u0103ng ch\u00ednh gi\u00fap s\u1ea3n ph\u1ea9m \u0111\u1ea1t hi\u1ec7u su\u1ea5t cao v\u00e0 \u0111\u00e1ng tin c\u1eady cho c\u00e1c \u1ee9ng d\u1ee5ng n\u00f4ng nghi\u1ec7p v\u00e0 c\u00f4ng nghi\u1ec7p, \u0111\u1eb7c bi\u1ec7t l\u00e0 trong c\u00e1c c\u00f4ng vi\u1ec7c n\u1eb7ng nh\u1ecdc nh\u01b0 san \u1ee7i v\u00e0 c\u00e0o \u0111\u1ea5t. D\u01b0\u1edbi \u0111\u00e2y l\u00e0 c\u00e1c t\u00ednh n\u0103ng ch\u00ednh c\u1ee7a H\u1ed9p s\u1ed1 c\u00e0o d\u1eabn \u0111\u1ed9ng b\u1eb1ng m\u00e1y san \u1ee7i FMP190:<\/p>\n<ol>\n<li><strong>K\u1ebft c\u1ea5u b\u1ec1n b\u1ec9:<\/strong>\n<ul>\n<li>\u0110\u01b0\u1ee3c ch\u1ebf t\u1ea1o b\u1eb1ng v\u1eadt li\u1ec7u ch\u1ea5t l\u01b0\u1ee3ng cao, \u0111\u01b0\u1ee3c thi\u1ebft k\u1ebf \u0111\u1ec3 ch\u1ecbu \u0111\u01b0\u1ee3c s\u1ef1 kh\u1eafc nghi\u1ec7t c\u1ee7a c\u00e1c nhi\u1ec7m v\u1ee5 n\u00f4ng nghi\u1ec7p v\u00e0 c\u00f4ng nghi\u1ec7p n\u1eb7ng nh\u1ecdc. V\u1ecf m\u00e1y ch\u1eafc ch\u1eafn \u0111\u1ea3m b\u1ea3o tu\u1ed5i th\u1ecd cao v\u00e0 kh\u1ea3 n\u0103ng ch\u1ed1ng m\u00e0i m\u00f2n t\u1ed1t.<\/li>\n<\/ul>\n<\/li>\n<li><strong>Truy\u1ec1n m\u00f4-men xo\u1eafn cao:<\/strong>\n<ul>\n<li>\u0110\u01b0\u1ee3c thi\u1ebft k\u1ebf \u0111\u1ec3 truy\u1ec1n m\u00f4-men xo\u1eafn cao hi\u1ec7u qu\u1ea3, \u0111\u1ea3m b\u1ea3o v\u1eadn h\u00e0nh tr\u01a1n tru ngay c\u1ea3 trong \u0111i\u1ec1u ki\u1ec7n t\u1ea3i n\u1eb7ng. \u0110i\u1ec1u n\u00e0y l\u00fd t\u01b0\u1edfng cho c\u00e1c m\u00e1y m\u00f3c \u0111\u00f2i h\u1ecfi hi\u1ec7u su\u1ea5t \u1ed5n \u0111\u1ecbnh v\u00e0 m\u1ea1nh m\u1ebd.<\/li>\n<\/ul>\n<\/li>\n<li><strong>T\u1ef7 s\u1ed1 truy\u1ec1n \u0111\u01b0\u1ee3c t\u1ed1i \u01b0u h\u00f3a:<\/strong>\n<ul>\n<li>FMP190 \u0111\u01b0\u1ee3c thi\u1ebft k\u1ebf v\u1edbi t\u1ef7 s\u1ed1 truy\u1ec1n \u0111\u1ed9ng t\u1ed1i \u01b0u gi\u00fap t\u0103ng hi\u1ec7u su\u1ea5t trong khi v\u1eabn duy tr\u00ec kh\u1ea3 n\u0103ng truy\u1ec1n l\u1ef1c \u0111\u1ebfn m\u00e1y c\u00e0o ho\u1eb7c m\u00e1y san. \u0110i\u1ec1u n\u00e0y \u0111\u1ea3m b\u1ea3o h\u1ec7 th\u1ed1ng ho\u1ea1t \u0111\u1ed9ng \u1edf hi\u1ec7u su\u1ea5t cao nh\u1ea5t.<\/li>\n<\/ul>\n<\/li>\n<li><strong>Thi\u1ebft k\u1ebf ch\u1ed1ng \u0103n m\u00f2n:<\/strong>\n<ul>\n<li>H\u1ed9p s\u1ed1 c\u00f3 l\u1edbp ho\u00e0n thi\u1ec7n ch\u1ed1ng \u0103n m\u00f2n, \u0111\u1ea3m b\u1ea3o ho\u1ea1t \u0111\u1ed9ng \u0111\u00e1ng tin c\u1eady trong m\u00f4i tr\u01b0\u1eddng kh\u1eafc nghi\u1ec7t, bao g\u1ed3m m\u00f4i tr\u01b0\u1eddng c\u00f3 \u0111\u1ed9 \u1ea9m cao, nhi\u1ec7t \u0111\u1ed9 kh\u1eafc nghi\u1ec7t ho\u1eb7c h\u00f3a ch\u1ea5t n\u00f4ng nghi\u1ec7p.<\/li>\n<\/ul>\n<\/li>\n<li><strong>Nh\u1ecf g\u1ecdn v\u00e0 ti\u1ebft ki\u1ec7m kh\u00f4ng gian:<\/strong>\n<ul>\n<li>M\u1eb7c d\u00f9 c\u00f3 m\u00f4-men xo\u1eafn cao, FMP190 v\u1eabn c\u00f3 thi\u1ebft k\u1ebf nh\u1ecf g\u1ecdn, d\u1ec5 d\u00e0ng t\u00edch h\u1ee3p v\u00e0o nhi\u1ec1u lo\u1ea1i m\u00e1y m\u00f3c n\u00f4ng nghi\u1ec7p kh\u00e1c nhau. C\u1ea5u tr\u00fac ti\u1ebft ki\u1ec7m kh\u00f4ng gian c\u1ee7a m\u00e1y r\u1ea5t l\u00fd t\u01b0\u1edfng cho kh\u00f4ng gian l\u1eafp \u0111\u1eb7t ch\u1eadt h\u1eb9p.<\/li>\n<\/ul>\n<\/li>\n<\/ol>\n<p>H\u1ed9p s\u1ed1 c\u00e0o d\u1eabn \u0111\u1ed9ng m\u00e1y san \u1ee7i FMP190 \u0111\u01b0\u1ee3c thi\u1ebft k\u1ebf \u0111\u1ec3 mang l\u1ea1i hi\u1ec7u su\u1ea5t hi\u1ec7u qu\u1ea3, \u0111\u00e1ng tin c\u1eady v\u00e0 l\u00e2u d\u00e0i cho nhi\u1ec1u \u1ee9ng d\u1ee5ng n\u00f4ng nghi\u1ec7p, \u0111\u1eb7c bi\u1ec7t l\u00e0 \u0111\u1ed1i v\u1edbi m\u00e1y m\u00f3c \u0111\u01b0\u1ee3c s\u1eed d\u1ee5ng trong san \u1ee7i, c\u00e0o v\u00e0 c\u00e1c c\u00f4ng vi\u1ec7c n\u1eb7ng nh\u1ecdc kh\u00e1c.<\/p>\n<p><img loading=\"lazy\" decoding=\"async\" class=\"alignnone size-full wp-image-2718\" src=\"https:\/\/fmp-components.com\/wp-content\/uploads\/2025\/01\/Grader-Driven-Rake-Gearbox-FMP190-Key-Features1.webp\" alt=\"H\u1ed9p s\u1ed1 c\u00e0o d\u1eabn \u0111\u1ed9ng m\u00e1y \u1ee7i-FMP190-C\u00e1c t\u00ednh n\u0103ng ch\u00ednh(1)\" width=\"1395\" height=\"583\" title=\"\" srcset=\"https:\/\/fmp-components.com\/wp-content\/uploads\/2025\/01\/Grader-Driven-Rake-Gearbox-FMP190-Key-Features1.webp 1395w, https:\/\/fmp-components.com\/wp-content\/uploads\/2025\/01\/Grader-Driven-Rake-Gearbox-FMP190-Key-Features1-1280x535.webp 1280w, https:\/\/fmp-components.com\/wp-content\/uploads\/2025\/01\/Grader-Driven-Rake-Gearbox-FMP190-Key-Features1-980x410.webp 980w, https:\/\/fmp-components.com\/wp-content\/uploads\/2025\/01\/Grader-Driven-Rake-Gearbox-FMP190-Key-Features1-480x201.webp 480w\" sizes=\"(min-width: 0px) and (max-width: 480px) 480px, (min-width: 481px) and (max-width: 980px) 980px, (min-width: 981px) and (max-width: 1280px) 1280px, (min-width: 1281px) 1395px, 100vw\" \/><\/p>\n<h3>\u1ee8ng d\u1ee5ng c\u1ee7a h\u1ed9p s\u1ed1 c\u00e0o d\u1eabn \u0111\u1ed9ng m\u00e1y \u1ee7i FMP190:<\/h3>\n<p>H\u1ed9p s\u1ed1 c\u00e0o d\u1eabn \u0111\u1ed9ng m\u00e1y san \u1ee7i FMP190 \u0111\u01b0\u1ee3c thi\u1ebft k\u1ebf \u0111\u1ec3 s\u1eed d\u1ee5ng trong nhi\u1ec1u \u1ee9ng d\u1ee5ng n\u00f4ng nghi\u1ec7p v\u00e0 c\u00f4ng nghi\u1ec7p. M\u00f4-men xo\u1eafn cao, \u0111\u1ed9 b\u1ec1n v\u00e0 hi\u1ec7u su\u1ea5t v\u01b0\u1ee3t tr\u1ed9i khi\u1ebfn n\u00f3 tr\u1edf th\u00e0nh l\u1ef1a ch\u1ecdn l\u00fd t\u01b0\u1edfng cho c\u00e1c lo\u1ea1i m\u00e1y m\u00f3c \u0111\u00f2i h\u1ecfi ho\u1ea1t \u0111\u1ed9ng \u1ed5n \u0111\u1ecbnh v\u00e0 m\u1ea1nh m\u1ebd. D\u01b0\u1edbi \u0111\u00e2y l\u00e0 c\u00e1c \u1ee9ng d\u1ee5ng ch\u00ednh c\u1ee7a H\u1ed9p s\u1ed1 c\u00e0o d\u1eabn \u0111\u1ed9ng m\u00e1y san \u1ee7i FMP190:<\/p>\n<ol>\n<li><strong>Thi\u1ebft b\u1ecb c\u00e0o n\u00f4ng nghi\u1ec7p:<\/strong>\n<ul>\n<li><strong>C\u00e0o c\u1ecf kh\u00f4<\/strong>: FMP190 \u0111\u01b0\u1ee3c s\u1eed d\u1ee5ng r\u1ed9ng r\u00e3i trong m\u00e1y c\u00e0o c\u1ecf kh\u00f4 \u0111\u1ec3 \u0111\u1ea3m b\u1ea3o c\u00e0o c\u1ecf kh\u00f4 ho\u1eb7c c\u00e1c lo\u1ea1i c\u00e2y tr\u1ed3ng kh\u00e1c \u0111\u1ec1u v\u00e0 hi\u1ec7u qu\u1ea3. M\u00f4-men xo\u1eafn cao \u0111\u1ea3m b\u1ea3o v\u1eadn h\u00e0nh tr\u01a1n tru ngay c\u1ea3 khi x\u1eed l\u00fd c\u00e1c lu\u1ed1ng c\u1ecf kh\u00f4 d\u00e0y \u0111\u1eb7c ho\u1eb7c n\u1eb7ng.<\/li>\n<li><strong>M\u00e1y lu\u1ed1ng<\/strong>: \u0110\u01b0\u1ee3c s\u1eed d\u1ee5ng trong m\u00e1y lu\u1ed1ng \u0111\u1ec3 t\u1ea1o ra c\u00e1c lu\u1ed1ng c\u1ecf kh\u00f4 ho\u1eb7c r\u01a1m c\u1eaft g\u1ecdn g\u00e0ng v\u00e0 c\u00f3 t\u1ed5 ch\u1ee9c, c\u1ea3i thi\u1ec7n hi\u1ec7u qu\u1ea3 s\u1ea5y kh\u00f4 tr\u01b0\u1edbc khi \u0111\u00f3ng ki\u1ec7n.<\/li>\n<li><strong>C\u00e0o v\u00e0 Tedders<\/strong>: Th\u00edch h\u1ee3p cho m\u00e1y ch\u00e0 c\u1ecf d\u00f9ng \u0111\u1ec3 r\u1ea3i c\u1ecf kh\u00f4 m\u1edbi c\u1eaft, \u0111\u1ea3m b\u1ea3o th\u1eddi gian kh\u00f4 nhanh h\u01a1n v\u00e0 ph\u1ee7 \u0111\u1ec1u h\u01a1n.<\/li>\n<\/ul>\n<\/li>\n<li><strong>M\u00e1y ph\u00e2n lo\u1ea1i:<\/strong>\n<ul>\n<li><strong>M\u00e1y san \u0111\u01b0\u1eddng<\/strong>:H\u1ed9p s\u1ed1 \u0111\u01b0\u1ee3c s\u1eed d\u1ee5ng trong m\u00e1y san \u0111\u01b0\u1eddng \u0111\u1ec3 cung c\u1ea5p n\u0103ng l\u01b0\u1ee3ng cho l\u01b0\u1ee1i c\u00e0o, r\u1ea5t c\u1ea7n thi\u1ebft \u0111\u1ec3 san ph\u1eb3ng v\u00e0 l\u00e0m m\u1ecbn b\u1ec1 m\u1eb7t trong qu\u00e1 tr\u00ecnh x\u00e2y d\u1ef1ng v\u00e0 b\u1ea3o tr\u00ec \u0111\u01b0\u1eddng b\u1ed9.<\/li>\n<li><strong>San l\u1ea5p \u0111\u1ea5t<\/strong>: \u0110\u01b0\u1ee3c s\u1eed d\u1ee5ng trong thi\u1ebft b\u1ecb san ph\u1eb3ng \u0111\u1ea5t ph\u1ee5c v\u1ee5 n\u00f4ng nghi\u1ec7p, n\u01a1i c\u1ea7n san ph\u1eb3ng v\u00e0 l\u00e0m ph\u1eb3ng \u0111\u1ea5t ch\u00ednh x\u00e1c \u0111\u1ec3 t\u01b0\u1edbi ti\u00eau v\u00e0 tr\u1ed3ng tr\u1ecdt hi\u1ec7u qu\u1ea3.<\/li>\n<\/ul>\n<\/li>\n<li><strong>Thi\u1ebft b\u1ecb thu ho\u1ea1ch th\u1ee9c \u0103n ch\u0103n nu\u00f4i:<\/strong>\n<ul>\n<li><strong>M\u00e1y thu ho\u1ea1ch th\u1ee9c \u0103n gia s\u00fac<\/strong>: \u0110\u01b0\u1ee3c t\u00edch h\u1ee3p v\u00e0o m\u00e1y thu ho\u1ea1ch th\u1ee9c \u0103n gia s\u00fac \u0111\u1ec3 c\u00e0o v\u00e0 thu gom c\u00e2y tr\u1ed3ng hi\u1ec7u qu\u1ea3, \u0111\u1ea3m b\u1ea3o \u0111\u01b0a nguy\u00ean li\u1ec7u v\u00e0o m\u00e1y thu ho\u1ea1ch \u0111\u00fang c\u00e1ch.<\/li>\n<li><strong>M\u00e1y c\u1eaft c\u1ecf<\/strong>: H\u1ed9p s\u1ed1 FMP190 c\u00f3 th\u1ec3 \u0111\u01b0\u1ee3c s\u1eed d\u1ee5ng trong m\u00e1y c\u1eaft v\u00e0 t\u1ea1o lu\u1ed1ng cho c\u00e1c lo\u1ea1i c\u00e2y tr\u1ed3ng l\u00e0m th\u1ee9c \u0103n ch\u0103n nu\u00f4i nh\u01b0 c\u1ecf linh l\u0103ng ho\u1eb7c c\u1ecf ba l\u00e1, \u0111\u1ec3 chu\u1ea9n b\u1ecb cho qu\u00e1 tr\u00ecnh ch\u1ebf bi\u1ebfn ti\u1ebfp theo.<\/li>\n<\/ul>\n<\/li>\n<li><strong>B\u1ea3o tr\u00ec s\u00e2n c\u1ecf v\u00e0 s\u00e2n th\u1ec3 thao:<\/strong>\n<ul>\n<li><strong>M\u00e1y san v\u00e0 c\u00e0o c\u1ecf<\/strong>: \u0110\u01b0\u1ee3c s\u1eed d\u1ee5ng trong thi\u1ebft b\u1ecb b\u1ea3o tr\u00ec s\u00e2n th\u1ec3 thao \u0111\u1ec3 san l\u1ea5p v\u00e0 c\u00e0o b\u1ec1 m\u1eb7t c\u1ecf, \u0111\u1ea3m b\u1ea3o chi\u1ec1u cao c\u1ecf \u0111\u1ed3ng \u0111\u1ec1u v\u00e0 b\u1ec1 m\u1eb7t nh\u1eb5n, ph\u1eb3ng.<\/li>\n<li><strong>Thi\u1ebft b\u1ecb ch\u0103m s\u00f3c b\u00e3i c\u1ecf<\/strong>: Gi\u00fap san ph\u1eb3ng b\u00e3i c\u1ecf v\u00e0 duy tr\u00ec m\u1eb7t \u0111\u1ea5t \u0111\u1ed3ng \u0111\u1ec1u khi s\u1eed d\u1ee5ng m\u00e1y ch\u0103m s\u00f3c b\u00e3i c\u1ecf l\u1edbn \u1edf n\u01a1i c\u00f4ng c\u1ed9ng ho\u1eb7c s\u00e2n golf.<\/li>\n<\/ul>\n<\/li>\n<li><strong>Ph\u1ee5 ki\u1ec7n m\u00e1y k\u00e9o n\u00f4ng nghi\u1ec7p:<\/strong>\n<ul>\n<li><strong>C\u00e0o ch\u1ea1y b\u1eb1ng m\u00e1y k\u00e9o<\/strong>:H\u1ed9p s\u1ed1 FMP190 th\u01b0\u1eddng \u0111\u01b0\u1ee3c s\u1eed d\u1ee5ng trong c\u00e1c ph\u1ee5 t\u00f9ng g\u1eafn tr\u00ean m\u00e1y k\u00e9o, cung c\u1ea5p kh\u1ea3 n\u0103ng c\u00e0o hi\u1ec7u qu\u1ea3 cho c\u1ea3 vi\u1ec7c thu gom c\u1ecf kh\u00f4 v\u00e0 r\u01a1m r\u1ea1 \u1edf c\u00e1c trang tr\u1ea1i quy m\u00f4 l\u1edbn.<\/li>\n<li><strong>D\u1ee5ng c\u1ee5 k\u00e9o \u0111a n\u0103ng<\/strong>: C\u00f3 th\u1ec3 \u0111\u01b0\u1ee3c \u0111i\u1ec1u ch\u1ec9nh \u0111\u1ec3 s\u1eed d\u1ee5ng trong c\u00e1c ph\u1ee5 ki\u1ec7n \u0111a ch\u1ee9c n\u0103ng, gi\u00fap truy\u1ec1n l\u1ef1c \u0111\u1ec3 san l\u1ea5p, c\u00e0o v\u00e0 c\u00e1c c\u00f4ng vi\u1ec7c qu\u1ea3n l\u00fd \u0111\u1ea5t kh\u00e1c.<\/li>\n<\/ul>\n<\/li>\n<\/ol>\n<p>T\u00f3m l\u1ea1i, H\u1ed9p s\u1ed1 c\u00e0o d\u1eabn \u0111\u1ed9ng b\u1eb1ng m\u00e1y san FMP190 l\u00fd t\u01b0\u1edfng cho nhi\u1ec1u \u1ee9ng d\u1ee5ng n\u00f4ng nghi\u1ec7p, c\u00f4ng nghi\u1ec7p v\u00e0 l\u00e2m nghi\u1ec7p, cung c\u1ea5p m\u00f4-men xo\u1eafn cao, \u0111\u1ed9 b\u1ec1n v\u00e0 hi\u1ec7u su\u1ea5t \u0111\u00e1ng tin c\u1eady trong c\u00e1c nhi\u1ec7m v\u1ee5 t\u1eeb c\u00e0o c\u1ecf kh\u00f4 v\u00e0 th\u1ee9c \u0103n gia s\u00fac \u0111\u1ebfn san \u0111\u01b0\u1eddng v\u00e0 chu\u1ea9n b\u1ecb \u0111\u1ea5t.<\/p>\n<p><img loading=\"lazy\" decoding=\"async\" class=\"alignnone size-full wp-image-2719\" src=\"https:\/\/fmp-components.com\/wp-content\/uploads\/2025\/01\/Grader-Driven-Rake-Gearbox-FMP190-Applications1.webp\" alt=\"H\u1ed9p s\u1ed1 c\u00e0o d\u1eabn \u0111\u1ed9ng m\u00e1y \u1ee7i-FMP190-\u1ee8ng d\u1ee5ng(1)\" width=\"1920\" height=\"1080\" title=\"\" srcset=\"https:\/\/fmp-components.com\/wp-content\/uploads\/2025\/01\/Grader-Driven-Rake-Gearbox-FMP190-Applications1.webp 1920w, https:\/\/fmp-components.com\/wp-content\/uploads\/2025\/01\/Grader-Driven-Rake-Gearbox-FMP190-Applications1-1280x720.webp 1280w, https:\/\/fmp-components.com\/wp-content\/uploads\/2025\/01\/Grader-Driven-Rake-Gearbox-FMP190-Applications1-980x551.webp 980w, https:\/\/fmp-components.com\/wp-content\/uploads\/2025\/01\/Grader-Driven-Rake-Gearbox-FMP190-Applications1-480x270.webp 480w\" sizes=\"(min-width: 0px) and (max-width: 480px) 480px, (min-width: 481px) and (max-width: 980px) 980px, (min-width: 981px) and (max-width: 1280px) 1280px, (min-width: 1281px) 1920px, 100vw\" \/><\/p>\n<h2>Gi\u1edbi thi\u1ec7u v\u1ec1 FMP<\/h2>\n<p>C\u00f3 tr\u1ee5 s\u1edf t\u1ea1i \u00dd, FMP l\u00e0 nh\u00e0 s\u1ea3n xu\u1ea5t h\u00e0ng \u0111\u1ea7u chuy\u00ean thi\u1ebft k\u1ebf, ph\u00e1t tri\u1ec3n v\u00e0 s\u1ea3n xu\u1ea5t h\u1ed9p s\u1ed1 hi\u1ec7u su\u1ea5t cao, \u0111\u1eb7c bi\u1ec7t ch\u00fa tr\u1ecdng \u0111\u1ebfn l\u0129nh v\u1ef1c m\u00e1y m\u00f3c n\u00f4ng nghi\u1ec7p. N\u1ed5i ti\u1ebfng v\u1edbi k\u1ef9 thu\u1eadt ch\u00ednh x\u00e1c, gi\u1ea3i ph\u00e1p ti\u00ean ti\u1ebfn v\u00e0 \u0111\u1ed9 tin c\u1eady tuy\u1ec7t \u0111\u1ed1i, FMP \u0111\u00e3 tr\u1edf th\u00e0nh \u0111\u1ed1i t\u00e1c \u0111\u00e1ng tin c\u1eady c\u1ee7a c\u1ea3 l\u0129nh v\u1ef1c n\u00f4ng nghi\u1ec7p v\u00e0 c\u00f4ng nghi\u1ec7p. Danh m\u1ee5c s\u1ea3n ph\u1ea9m to\u00e0n di\u1ec7n c\u1ee7a ch\u00fang t\u00f4i bao g\u1ed3m h\u1ed9p s\u1ed1 chuy\u00ean d\u1ee5ng cho m\u00e1y c\u1eaft c\u1ecf, tr\u1ee5c PTO v\u00e0 c\u00e1c linh ki\u1ec7n quan tr\u1ecdng kh\u00e1c, t\u1ea5t c\u1ea3 \u0111\u1ec1u \u0111\u01b0\u1ee3c ch\u1ebf t\u1ea1o t\u1ec9 m\u1ec9 \u0111\u1ec3 cung c\u1ea5p c\u00e1c gi\u1ea3i ph\u00e1p t\u00f9y ch\u1ec9nh cho nhi\u1ec1u \u1ee9ng d\u1ee5ng kh\u00e1c nhau.<\/p>\n<p>T\u1ea1i FMP, ch\u00fang t\u00f4i hi\u1ec3u r\u1eb1ng m\u1ed7i kh\u00e1ch h\u00e0ng \u0111\u1ec1u ph\u1ea3i \u0111\u1ed1i m\u1eb7t v\u1edbi nh\u1eefng th\u00e1ch th\u1ee9c v\u00e0 y\u00eau c\u1ea7u ri\u00eang bi\u1ec7t. \u0110\u00f3 l\u00e0 l\u00fd do t\u1ea1i sao ch\u00fang t\u00f4i t\u1eadp trung v\u00e0o vi\u1ec7c cung c\u1ea5p c\u00e1c gi\u1ea3i ph\u00e1p \u0111\u01b0\u1ee3c thi\u1ebft k\u1ebf ri\u00eang, d\u00f9 l\u00e0 cho t\u1eebng th\u00e0nh ph\u1ea7n ri\u00eang l\u1ebb hay h\u1ec7 th\u1ed1ng t\u00edch h\u1ee3p ho\u00e0n ch\u1ec9nh. Ch\u00fang t\u00f4i h\u1ee3p t\u00e1c ch\u1eb7t ch\u1ebd v\u1edbi kh\u00e1ch h\u00e0ng \u0111\u1ec3 \u0111\u1ea3m b\u1ea3o m\u1ed7i gi\u1ea3i ph\u00e1p kh\u00f4ng ch\u1ec9 hi\u1ec7u qu\u1ea3 m\u00e0 c\u00f2n t\u1ed1i \u01b0u h\u00f3a c\u1ea3 hi\u1ec7u su\u1ea5t v\u00e0 gi\u00e1 tr\u1ecb. Cam k\u1ebft cung c\u1ea5p ph\u1ea3n h\u1ed3i nhanh ch\u00f3ng, chuy\u00ean nghi\u1ec7p, k\u1ebft h\u1ee3p v\u1edbi s\u1ef1 t\u01b0 v\u1ea5n chuy\u00ean m\u00f4n, \u0111\u1ea3m b\u1ea3o r\u1eb1ng m\u1ed7i y\u00eau c\u1ea7u \u0111\u1ec1u \u0111\u01b0\u1ee3c x\u1eed l\u00fd m\u1ed9t c\u00e1ch c\u1ea9n th\u1eadn nh\u1ea5t, mang l\u1ea1i k\u1ebft qu\u1ea3 t\u1ed1t nh\u1ea5t c\u00f3 th\u1ec3.<\/p>\n<p>Giao ti\u1ebfp c\u1edfi m\u1edf v\u00e0 li\u00ean t\u1ee5c l\u00e0 n\u1ec1n t\u1ea3ng trong ph\u01b0\u01a1ng ph\u00e1p ti\u1ebfp c\u1eadn c\u1ee7a ch\u00fang t\u00f4i. \u0110\u1ed9i ng\u0169 t\u1eadn t\u00e2m c\u1ee7a ch\u00fang t\u00f4i l\u00e0m vi\u1ec7c ch\u1eb7t ch\u1ebd v\u1edbi kh\u00e1ch h\u00e0ng trong su\u1ed1t qu\u00e1 tr\u00ecnh ph\u00e1t tri\u1ec3n s\u1ea3n ph\u1ea9m \u0111\u1ec3 hi\u1ec3u r\u00f5 nhu c\u1ea7u c\u1ee5 th\u1ec3 c\u1ee7a h\u1ecd. Ch\u00fang t\u00f4i cung c\u1ea5p nh\u1eefng hi\u1ec3u bi\u1ebft s\u00e2u s\u1eafc v\u00e0 khuy\u1ebfn ngh\u1ecb gi\u00e1 tr\u1ecb nh\u1eb1m \u0111\u1ea3m b\u1ea3o c\u00e1c gi\u1ea3i ph\u00e1p t\u1ed1i \u01b0u. D\u00f9 \u0111ang thi\u1ebft k\u1ebf s\u1ea3n ph\u1ea9m m\u1edbi hay ho\u00e0n th\u00e0nh c\u00e1c \u0111\u01a1n h\u00e0ng \u0111ang tri\u1ec3n khai, FMP lu\u00f4n cam k\u1ebft cung c\u1ea5p c\u00e1c gi\u1ea3i ph\u00e1p ch\u1ea5t l\u01b0\u1ee3ng cao, \u0111\u01b0\u1ee3c thi\u1ebft k\u1ebf ch\u00ednh x\u00e1c, \u0111\u00fang ti\u1ebfn \u0111\u1ed9. S\u1ee9 m\u1ec7nh c\u1ee7a ch\u00fang t\u00f4i l\u00e0 v\u01b0\u1ee3t tr\u00ean c\u1ea3 s\u1ef1 mong \u0111\u1ee3i c\u1ee7a kh\u00e1ch h\u00e0ng, mang \u0111\u1ebfn d\u1ecbch v\u1ee5 v\u00e0 k\u1ebft qu\u1ea3 v\u01b0\u1ee3t tr\u1ed9i trong m\u1ecdi d\u1ef1 \u00e1n.<\/p>\n<p>Ch\u1ea5t l\u01b0\u1ee3ng l\u00e0 tr\u1ecdng t\u00e2m trong m\u1ecdi ho\u1ea1t \u0111\u1ed9ng c\u1ee7a ch\u00fang t\u00f4i. Ch\u00fang t\u00f4i tu\u00e2n th\u1ee7 c\u00e1c ti\u00eau chu\u1ea9n s\u1ea3n xu\u1ea5t cao nh\u1ea5t, th\u1ef1c hi\u1ec7n c\u00e1c quy tr\u00ecnh ki\u1ec3m so\u00e1t ch\u1ea5t l\u01b0\u1ee3ng nghi\u00eam ng\u1eb7t \u0111\u1ec3 \u0111\u1ea3m b\u1ea3o m\u1ed7i s\u1ea3n ph\u1ea9m \u0111\u1ec1u \u0111\u00e1p \u1ee9ng v\u00e0 v\u01b0\u1ee3t qua c\u00e1c ti\u00eau chu\u1ea9n c\u1ee7a ng\u00e0nh. Cam k\u1ebft v\u1ec1 s\u1ef1 xu\u1ea5t s\u1eafc n\u00e0y, c\u00f9ng v\u1edbi c\u00e1c gi\u00e1 tr\u1ecb c\u1ed1t l\u00f5i c\u1ee7a ch\u00fang t\u00f4i l\u00e0 ch\u00ednh tr\u1ef1c, tinh th\u1ea7n \u0111\u1ed3ng \u0111\u1ed9i v\u00e0 s\u1ef1 ki\u00ean tr\u00ec, \u0111\u00e3 gi\u00fap FMP thi\u1ebft l\u1eadp m\u1ed1i quan h\u1ec7 l\u00e2u d\u00e0i, d\u1ef1a tr\u00ean s\u1ef1 tin c\u1eady v\u1edbi kh\u00e1ch h\u00e0ng t\u1ea1i g\u1ea7n 30 qu\u1ed1c gia tr\u00ean to\u00e0n th\u1ebf gi\u1edbi.<\/p>\n<p>FMP lu\u00f4n mong mu\u1ed1n th\u00fac \u0111\u1ea9y quan h\u1ec7 \u0111\u1ed1i t\u00e1c to\u00e0n c\u1ea7u v\u00e0 lu\u00f4n t\u1eadn t\u00e2m cung c\u1ea5p t\u01b0 v\u1ea5n chuy\u00ean m\u00f4n v\u00e0 c\u00e1c gi\u1ea3i ph\u00e1p t\u00f9y ch\u1ec9nh, \u0111\u00e1p \u1ee9ng nhu c\u1ea7u \u0111a d\u1ea1ng c\u1ee7a kh\u00e1ch h\u00e0ng. Ch\u00fang t\u00f4i kh\u00f4ng ch\u1ec9 cung c\u1ea5p s\u1ea3n ph\u1ea9m, m\u00e0 c\u00f2n h\u01b0\u1edbng \u0111\u1ebfn vi\u1ec7c x\u00e2y d\u1ef1ng m\u1ed1i quan h\u1ec7 b\u1ec1n v\u1eefng, g\u00f3p ph\u1ea7n v\u00e0o th\u00e0nh c\u00f4ng l\u00e2u d\u00e0i c\u1ee7a m\u1ed7i d\u1ef1 \u00e1n. Cho d\u00f9 b\u1ea1n c\u1ea7n c\u00e1c gi\u1ea3i ph\u00e1p s\u00e1ng t\u1ea1o cho m\u1ed9t s\u00e1ng ki\u1ebfn \u200b\u200bm\u1edbi hay h\u1ed7 tr\u1ee3 li\u00ean t\u1ee5c cho m\u1ed9t h\u1ec7 th\u1ed1ng hi\u1ec7n c\u00f3, FMP lu\u00f4n s\u1eb5n s\u00e0ng \u0111\u00e1p \u1ee9ng nh\u1eefng th\u00e1ch th\u1ee9c k\u1ef9 thu\u1eadt c\u1ee7a b\u1ea1n v\u00e0 \u0111\u1ea3m b\u1ea3o th\u00e0nh c\u00f4ng li\u00ean t\u1ee5c.<\/p>\n<p><img loading=\"lazy\" decoding=\"async\" class=\"alignnone wp-image-2695\" src=\"https:\/\/fmp-components.com\/wp-content\/uploads\/2025\/01\/agricultural-gearbox3.webp\" alt=\"h\u1ed9p s\u1ed1 n\u00f4ng nghi\u1ec7p\" width=\"953\" height=\"951\" title=\"\" srcset=\"https:\/\/fmp-components.com\/wp-content\/uploads\/2025\/01\/agricultural-gearbox3.webp 953w, https:\/\/fmp-components.com\/wp-content\/uploads\/2025\/01\/agricultural-gearbox3-480x479.webp 480w\" sizes=\"(min-width: 0px) and (max-width: 480px) 480px, (min-width: 481px) 953px, 100vw\" \/><\/p>\n<p>T\u00e1c gi\u1ea3: CX<\/p>","protected":false},"excerpt":{"rendered":"<p>Grader Driven Rake Gearbox FMP190 Dimensions Grader Driven Rake Gearbox FMP190 Turn Grader Driven Rake Gearbox FMP190 Technical Data i Suitable Rpm input Rpm output KW(Nom) KW(Max) Toothing r\/min r\/min hp hp Decelerate 1.93:1 Rotary Tillers, Beaters, etc 540 280 24 45 Gleason Helical Teeth Decelerate 1.46: 1 540 370 44 62 Remark: If you [&hellip;]<\/p>","protected":false},"featured_media":2720,"comment_status":"open","ping_status":"closed","template":"","meta":{"_et_pb_use_builder":"","_et_pb_old_content":"","_et_gb_content_width":""},"product_brand":[],"product_cat":[66],"product_tag":[],"class_list":{"0":"post-2717","1":"product","2":"type-product","3":"status-publish","4":"has-post-thumbnail","6":"product_cat-grader-driven-rake-gearbox","8":"first","9":"instock","10":"shipping-taxable","11":"product-type-simple"},"_links":{"self":[{"href":"https:\/\/fmp-components.com\/vi\/wp-json\/wp\/v2\/product\/2717","targetHints":{"allow":["GET"]}}],"collection":[{"href":"https:\/\/fmp-components.com\/vi\/wp-json\/wp\/v2\/product"}],"about":[{"href":"https:\/\/fmp-components.com\/vi\/wp-json\/wp\/v2\/types\/product"}],"replies":[{"embeddable":true,"href":"https:\/\/fmp-components.com\/vi\/wp-json\/wp\/v2\/comments?post=2717"}],"wp:featuredmedia":[{"embeddable":true,"href":"https:\/\/fmp-components.com\/vi\/wp-json\/wp\/v2\/media\/2720"}],"wp:attachment":[{"href":"https:\/\/fmp-components.com\/vi\/wp-json\/wp\/v2\/media?parent=2717"}],"wp:term":[{"taxonomy":"product_brand","embeddable":true,"href":"https:\/\/fmp-components.com\/vi\/wp-json\/wp\/v2\/product_brand?post=2717"},{"taxonomy":"product_cat","embeddable":true,"href":"https:\/\/fmp-components.com\/vi\/wp-json\/wp\/v2\/product_cat?post=2717"},{"taxonomy":"product_tag","embeddable":true,"href":"https:\/\/fmp-components.com\/vi\/wp-json\/wp\/v2\/product_tag?post=2717"}],"curies":[{"name":"wp","href":"https:\/\/api.w.org\/{rel}","templated":true}]}}