{"id":2696,"date":"2025-01-03T08:43:50","date_gmt":"2025-01-03T08:43:50","guid":{"rendered":"https:\/\/fmp-components.com\/?page_id=8"},"modified":"2025-01-03T08:44:42","modified_gmt":"2025-01-03T08:44:42","slug":"grader-driven-rake-gearbox-fmp-tbs128-for-crawler-rotary-cultivator","status":"publish","type":"product","link":"https:\/\/fmp-components.com\/vi\/product\/grader-driven-rake-gearbox-fmp-tbs128-for-crawler-rotary-cultivator\/","title":{"rendered":"H\u1ed9p s\u1ed1 c\u00e0o d\u1eabn \u0111\u1ed9ng m\u00e1y \u1ee7i FMP-TBS128 cho m\u00e1y x\u1edbi quay b\u00e1nh x\u00edch"},"content":{"rendered":"<h2>K\u00edch th\u01b0\u1edbc h\u1ed9p s\u1ed1 c\u00e0o d\u1eabn \u0111\u1ed9ng m\u00e1y \u1ee7i FMP-TBS128<\/h2>\n<p><img loading=\"lazy\" decoding=\"async\" class=\"alignnone size-full wp-image-2697\" src=\"https:\/\/fmp-components.com\/wp-content\/uploads\/2025\/01\/Grader-Driven-Rake-Gearbox-FMP-TBS128-Dimensions-1.webp\" alt=\"H\u1ed9p s\u1ed1 c\u00e0o d\u1eabn \u0111\u1ed9ng m\u00e1y \u1ee7i \u0111\u1ea5t FMP TBS128 K\u00edch th\u01b0\u1edbc 1\" width=\"1431\" height=\"910\" title=\"\" srcset=\"https:\/\/fmp-components.com\/wp-content\/uploads\/2025\/01\/Grader-Driven-Rake-Gearbox-FMP-TBS128-Dimensions-1.webp 1431w, https:\/\/fmp-components.com\/wp-content\/uploads\/2025\/01\/Grader-Driven-Rake-Gearbox-FMP-TBS128-Dimensions-1-1280x814.webp 1280w, https:\/\/fmp-components.com\/wp-content\/uploads\/2025\/01\/Grader-Driven-Rake-Gearbox-FMP-TBS128-Dimensions-1-980x623.webp 980w, https:\/\/fmp-components.com\/wp-content\/uploads\/2025\/01\/Grader-Driven-Rake-Gearbox-FMP-TBS128-Dimensions-1-480x305.webp 480w\" sizes=\"(min-width: 0px) and (max-width: 480px) 480px, (min-width: 481px) and (max-width: 980px) 980px, (min-width: 981px) and (max-width: 1280px) 1280px, (min-width: 1281px) 1431px, 100vw\" \/><\/p>\n<h2>H\u1ed9p s\u1ed1 c\u00e0o d\u1eabn \u0111\u1ed9ng m\u00e1y \u1ee7i FMP-TBS128 D\u1eef li\u1ec7u k\u1ef9 thu\u1eadt<\/h2>\n<table style=\"width: 99.6141%; height: 188px;\" border=\"1\" cellspacing=\"0\" cellpadding=\"0\">\n<tbody>\n<tr style=\"height: 47px;\">\n<td style=\"height: 70px; width: 12.8399%;\" colspan=\"2\" rowspan=\"2\">T\u00f4i<\/td>\n<td style=\"height: 70px; width: 27.1903%;\" rowspan=\"2\">Th\u00edch h\u1ee3p<\/td>\n<td style=\"height: 47px; width: 9.66767%;\">\u0110\u1ea7u v\u00e0o v\u00f2ng\/ph\u00fat<\/td>\n<td style=\"height: 47px; width: 11.0272%;\">\u0110\u1ea7u ra v\u00f2ng\/ph\u00fat<\/td>\n<td style=\"height: 47px; width: 9.51662%;\">KW(T\u00ean)<\/td>\n<td style=\"height: 47px; width: 9.06344%;\">KW(T\u1ed1i \u0111a)<\/td>\n<td style=\"height: 70px; width: 54.0785%;\" rowspan=\"2\">m\u1ecdc r\u0103ng<\/td>\n<\/tr>\n<tr style=\"height: 23px;\">\n<td style=\"height: 23px; width: 9.66767%;\">v\u00f2ng\/ph\u00fat<\/td>\n<td style=\"height: 23px; width: 11.0272%;\">v\u00f2ng\/ph\u00fat<\/td>\n<td style=\"height: 23px; width: 9.51662%;\">m\u00e3 l\u1ef1c<\/td>\n<td style=\"height: 23px; width: 9.06344%;\">m\u00e3 l\u1ef1c<\/td>\n<\/tr>\n<tr style=\"height: 47px;\">\n<td style=\"height: 47px; width: 6.19335%;\">b\u00e1nh r\u0103ng 1<\/td>\n<td style=\"height: 47px; width: 6.64653%;\">3.69:1<\/td>\n<td style=\"height: 94px; width: 27.1903%;\" rowspan=\"2\">M\u00e1y x\u1edbi \u0111\u1ea5t quay Crawler, v.v.<\/td>\n<td style=\"height: 47px; width: 9.66767%;\">2400<\/td>\n<td style=\"height: 47px; width: 11.0272%;\">650<\/td>\n<td style=\"height: 94px; width: 9.51662%;\" rowspan=\"2\">80<\/td>\n<td style=\"height: 94px; width: 9.06344%;\" rowspan=\"2\">100<\/td>\n<td style=\"height: 94px; width: 54.0785%;\" rowspan=\"2\">R\u0103ng xo\u1eafn \u1ed1c Gleason<\/td>\n<\/tr>\n<tr style=\"height: 47px;\">\n<td style=\"height: 47px; width: 6.19335%;\">b\u00e1nh r\u0103ng 2<\/td>\n<td style=\"height: 47px; width: 6.64653%;\">2.81: 1<\/td>\n<td style=\"height: 47px; width: 9.66767%;\">2400<\/td>\n<td style=\"height: 47px; width: 11.0272%;\">850<\/td>\n<\/tr>\n<tr style=\"height: 23px;\">\n<td style=\"height: 23px; width: 133.384%;\" colspan=\"8\">L\u01b0u \u00fd: N\u1ebfu b\u1ea1n c\u00f3 b\u1ea5t k\u1ef3 y\u00eau c\u1ea7u \u0111\u1eb7c bi\u1ec7t n\u00e0o, vui l\u00f2ng cho t\u00f4i bi\u1ebft, ch\u00fang t\u00f4i c\u0169ng ch\u1ea5p nh\u1eadn t\u00f9y ch\u1ec9nh.<\/td>\n<\/tr>\n<\/tbody>\n<\/table>\n<h2>C\u00e1c t\u00ednh n\u0103ng ch\u00ednh c\u1ee7a h\u1ed9p s\u1ed1 c\u00e0o d\u1eabn \u0111\u1ed9ng m\u00e1y \u1ee7i FMP-TBS128<\/h2>\n<p>H\u1ed9p s\u1ed1 c\u00e0o d\u1eabn \u0111\u1ed9ng m\u00e1y san \u1ee7i FMP-TBS128 \u0111\u01b0\u1ee3c thi\u1ebft k\u1ebf \u0111\u1ec3 cung c\u1ea5p kh\u1ea3 n\u0103ng truy\u1ec1n \u0111\u1ed9ng m\u1ea1nh m\u1ebd cho h\u1ec7 th\u1ed1ng c\u00e0o \u0111\u01b0\u1ee3c s\u1eed d\u1ee5ng trong m\u00e1y m\u00f3c n\u00f4ng nghi\u1ec7p, \u0111\u1ea3m b\u1ea3o ho\u1ea1t \u0111\u1ed9ng hi\u1ec7u qu\u1ea3 v\u00e0 \u0111\u00e1ng tin c\u1eady. D\u01b0\u1edbi \u0111\u00e2y l\u00e0 c\u00e1c t\u00ednh n\u0103ng ch\u00ednh c\u1ee7a h\u1ed9p s\u1ed1 n\u00e0y:<\/p>\n<p><strong>Truy\u1ec1n \u0111\u1ed9ng m\u00f4-men xo\u1eafn cao<\/strong><\/p>\n<ul>\n<li>H\u1ed9p s\u1ed1 FMP-TBS128 \u0111\u01b0\u1ee3c thi\u1ebft k\u1ebf \u0111\u1ec3 x\u1eed l\u00fd m\u00f4-men xo\u1eafn cao, cho ph\u00e9p v\u1eadn h\u00e0nh hi\u1ec7u qu\u1ea3 h\u1ec7 th\u1ed1ng c\u00e0o ngay c\u1ea3 trong \u0111i\u1ec1u ki\u1ec7n t\u1ea3i tr\u1ecdng n\u1eb7ng. C\u00f4ng su\u1ea5t m\u00f4-men xo\u1eafn cao n\u00e0y \u0111\u1ea3m b\u1ea3o c\u00e0o ho\u1ea1t \u0111\u1ed9ng tr\u01a1n tru, ngay c\u1ea3 tr\u00ean c\u00e1c lo\u1ea1i c\u00e2y tr\u1ed3ng d\u00e0y \u0111\u1eb7c ho\u1eb7c c\u1ee9ng.<\/li>\n<\/ul>\n<p><strong>K\u1ebft c\u1ea5u b\u1ec1n b\u1ec9<\/strong><\/p>\n<ul>\n<li>\u0110\u01b0\u1ee3c ch\u1ebf t\u1ea1o b\u1eb1ng v\u1eadt li\u1ec7u si\u00eau b\u1ec1n, h\u1ed9p s\u1ed1 FMP-TBS128 c\u00f3 kh\u1ea3 n\u0103ng ch\u1ed1ng m\u00e0i m\u00f2n cao. \u0110\u1ed9 b\u1ec1n n\u00e0y r\u1ea5t quan tr\u1ecdng \u0111\u1ec3 \u0111\u1ea3m b\u1ea3o ho\u1ea1t \u0111\u1ed9ng l\u00e2u d\u00e0i trong m\u00f4i tr\u01b0\u1eddng n\u00f4ng nghi\u1ec7p kh\u1eafc nghi\u1ec7t, bao g\u1ed3m c\u1ea3 \u0111i\u1ec1u ki\u1ec7n \u0111\u1ed9 \u1ea9m cao v\u00e0 b\u1ee5i b\u1eb7m th\u01b0\u1eddng th\u1ea5y trong c\u00e1c \u1ee9ng d\u1ee5ng n\u00f4ng nghi\u1ec7p.<\/li>\n<\/ul>\n<p><strong>Thi\u1ebft k\u1ebf nh\u1ecf g\u1ecdn<\/strong><\/p>\n<ul>\n<li>H\u1ed9p s\u1ed1 c\u00f3 thi\u1ebft k\u1ebf nh\u1ecf g\u1ecdn v\u00e0 ti\u1ebft ki\u1ec7m kh\u00f4ng gian, ph\u00f9 h\u1ee3p \u0111\u1ec3 s\u1eed d\u1ee5ng trong kh\u00f4ng gian h\u1ea1n ch\u1ebf c\u1ee7a m\u00e1y m\u00f3c n\u00f4ng nghi\u1ec7p. Thi\u1ebft k\u1ebf n\u00e0y \u0111\u1ea3m b\u1ea3o d\u1ec5 d\u00e0ng l\u1eafp \u0111\u1eb7t v\u00e0 gi\u1ea3m thi\u1ec3u s\u1ef1 can thi\u1ec7p v\u00e0o c\u00e1c b\u1ed9 ph\u1eadn kh\u00e1c c\u1ee7a m\u00e1y c\u00e0y ho\u1eb7c m\u00e1y k\u00e9o.<\/li>\n<\/ul>\n<p><strong>Truy\u1ec1n t\u1ea3i \u0111i\u1ec7n n\u0103ng \u0111\u00e1ng tin c\u1eady<\/strong><\/p>\n<ul>\n<li>V\u1edbi c\u00e1c linh ki\u1ec7n b\u00ean trong \u0111\u01b0\u1ee3c thi\u1ebft k\u1ebf ch\u00ednh x\u00e1c, FMP-TBS128 \u0111\u1ea3m b\u1ea3o truy\u1ec1n l\u1ef1c \u0111\u00e1ng tin c\u1eady t\u1eeb PTO c\u1ee7a m\u00e1y k\u00e9o \u0111\u1ebfn c\u01a1 c\u1ea5u c\u00e0o. \u200b\u200b\u0110i\u1ec1u n\u00e0y gi\u00fap gi\u1ea3m thi\u1ec3u nguy c\u01a1 m\u1ea5t \u0111i\u1ec7n v\u00e0 t\u0103ng hi\u1ec7u su\u1ea5t v\u1eadn h\u00e0nh, bi\u1ebfn n\u00f3 th\u00e0nh m\u1ed9t h\u1ed9p s\u1ed1 c\u1ef1c k\u1ef3 \u0111\u00e1ng tin c\u1eady cho k\u1ebft qu\u1ea3 \u1ed5n \u0111\u1ecbnh.<\/li>\n<\/ul>\n<p><strong>H\u1ec7 th\u1ed1ng ni\u00eam phong m\u1ea1nh m\u1ebd<\/strong><\/p>\n<ul>\n<li>FMP-TBS128 \u0111\u01b0\u1ee3c trang b\u1ecb h\u1ec7 th\u1ed1ng gio\u0103ng k\u00edn ch\u1eafc ch\u1eafn, ng\u0103n b\u1ee5i b\u1ea9n v\u00e0 h\u01a1i \u1ea9m x\u00e2m nh\u1eadp v\u00e0o h\u1ed9p s\u1ed1. T\u00ednh n\u0103ng n\u00e0y gi\u00fap duy tr\u00ec t\u00ednh to\u00e0n v\u1eb9n c\u1ee7a c\u00e1c linh ki\u1ec7n b\u00ean trong, gi\u1ea3m thi\u1ec3u nguy c\u01a1 h\u01b0 h\u1ecfng v\u00e0 nhu c\u1ea7u b\u1ea3o tr\u00ec th\u01b0\u1eddng xuy\u00ean.<\/li>\n<\/ul>\n<p>Nh\u1eefng t\u00ednh n\u0103ng ch\u00ednh n\u00e0y l\u00e0m cho H\u1ed9p s\u1ed1 c\u00e0o d\u1eabn \u0111\u1ed9ng m\u00e1y san \u0111\u1ea5t FMP-TBS128 tr\u1edf th\u00e0nh l\u1ef1a ch\u1ecdn l\u00fd t\u01b0\u1edfng cho c\u00e1c ho\u1ea1t \u0111\u1ed9ng n\u00f4ng nghi\u1ec7p, mang l\u1ea1i hi\u1ec7u qu\u1ea3 cao, \u0111\u1ed9 b\u1ec1n v\u00e0 kh\u1ea3 n\u0103ng th\u00edch \u1ee9ng tr\u00ean nhi\u1ec1u \u1ee9ng d\u1ee5ng kh\u00e1c nhau.<\/p>\n<p><img loading=\"lazy\" decoding=\"async\" class=\"alignnone size-full wp-image-2698\" src=\"https:\/\/fmp-components.com\/wp-content\/uploads\/2025\/01\/uubxblFV-Grader-Driven-Rake-Gearbox-FMP-TBS128-Features1.webp\" alt=\"H\u1ed9p s\u1ed1 c\u00e0o d\u1eabn \u0111\u1ed9ng m\u00e1y \u1ee7i \u0111\u1ea5t FMP-TBS128-T\u00ednh n\u0103ng(1)\" width=\"952\" height=\"453\" title=\"\" srcset=\"https:\/\/fmp-components.com\/wp-content\/uploads\/2025\/01\/uubxblFV-Grader-Driven-Rake-Gearbox-FMP-TBS128-Features1.webp 952w, https:\/\/fmp-components.com\/wp-content\/uploads\/2025\/01\/uubxblFV-Grader-Driven-Rake-Gearbox-FMP-TBS128-Features1-480x228.webp 480w\" sizes=\"(min-width: 0px) and (max-width: 480px) 480px, (min-width: 481px) 952px, 100vw\" \/><\/p>\n<h2>\u1ee8ng d\u1ee5ng c\u1ee7a h\u1ed9p s\u1ed1 c\u00e0o d\u1eabn \u0111\u1ed9ng m\u00e1y \u1ee7i FMP-TBS128<\/h2>\n<p>H\u1ed9p s\u1ed1 c\u00e0o d\u1eabn \u0111\u1ed9ng m\u00e1y san \u1ee7i FMP-TBS128 \u0111\u01b0\u1ee3c thi\u1ebft k\u1ebf \u0111\u1ec3 s\u1eed d\u1ee5ng trong nhi\u1ec1u \u1ee9ng d\u1ee5ng m\u00e1y m\u00f3c n\u00f4ng nghi\u1ec7p, n\u01a1i truy\u1ec1n \u0111\u1ed9ng \u0111\u00e1ng tin c\u1eady v\u00e0 v\u1eadn h\u00e0nh hi\u1ec7u qu\u1ea3 l\u00e0 \u0111i\u1ec1u c\u1ea7n thi\u1ebft. D\u01b0\u1edbi \u0111\u00e2y l\u00e0 c\u00e1c \u1ee9ng d\u1ee5ng ph\u1ed5 bi\u1ebfn c\u1ee7a h\u1ed9p s\u1ed1 n\u00e0y:<\/p>\n<p><strong>C\u00e0o c\u1ecf kh\u00f4 v\u00e0 r\u01a1m<\/strong><\/p>\n<ul>\n<li>\u1ee8ng d\u1ee5ng: H\u1ed9p s\u1ed1 FMP-TBS128 \u0111\u01b0\u1ee3c s\u1eed d\u1ee5ng r\u1ed9ng r\u00e3i trong m\u00e1y c\u00e0o c\u1ecf kh\u00f4 v\u00e0 r\u01a1m \u0111\u1ec3 thu gom v\u00e0 s\u1eafp x\u1ebfp c\u1ecf kh\u00f4, r\u01a1m ho\u1eb7c c\u1ecf m\u1ed9t c\u00e1ch hi\u1ec7u qu\u1ea3 th\u00e0nh lu\u1ed1ng \u0111\u1ec3 s\u1ea5y kh\u00f4 ho\u1eb7c ch\u1ebf bi\u1ebfn th\u00eam.<\/li>\n<li>L\u1ee3i \u00edch: \u0110\u1ea3m b\u1ea3o c\u00e0o ho\u1ea1t \u0111\u1ed9ng \u1edf t\u1ed1c \u0111\u1ed9 v\u00e0 m\u00f4-men xo\u1eafn t\u1ed1i \u01b0u, x\u1eed l\u00fd hi\u1ec7u qu\u1ea3 kh\u1ed1i l\u01b0\u1ee3ng c\u1ecf kh\u00f4 v\u00e0 r\u01a1m n\u1eb7ng trong khi v\u1eabn duy tr\u00ec hi\u1ec7u su\u1ea5t \u1ed5n \u0111\u1ecbnh.<\/li>\n<\/ul>\n<p><strong>M\u00e1y lu\u1ed1ng<\/strong><\/p>\n<ul>\n<li>\u1ee8ng d\u1ee5ng: M\u00e1y lu\u1ed1ng \u0111\u01b0\u1ee3c s\u1eed d\u1ee5ng \u0111\u1ec3 t\u1ea1o lu\u1ed1ng t\u1eeb c\u00e1c lo\u1ea1i c\u00e2y tr\u1ed3ng \u0111\u00e3 thu ho\u1ea1ch (nh\u01b0 c\u1ecf kh\u00f4 ho\u1eb7c r\u01a1m). H\u1ed9p s\u1ed1 FMP-TBS128 gi\u00fap truy\u1ec1n l\u1ef1c t\u1eeb PTO c\u1ee7a m\u00e1y k\u00e9o sang c\u01a1 c\u1ea5u c\u00e0o, \u0111\u1ea3m b\u1ea3o m\u00e1y lu\u1ed1ng ho\u1ea1t \u0111\u1ed9ng hi\u1ec7u qu\u1ea3.<\/li>\n<li>L\u1ee3i \u00edch: H\u1ed9p s\u1ed1 \u0111\u1ea3m b\u1ea3o truy\u1ec1n l\u1ef1c m\u01b0\u1ee3t m\u00e0 v\u00e0 t\u1ea1o ra m\u00f4-men xo\u1eafn cao, l\u00fd t\u01b0\u1edfng \u0111\u1ec3 t\u1ea1o th\u00e0nh c\u00e1c lu\u1ed1ng s\u1ea5y g\u1ecdn g\u00e0ng, \u0111\u1ed3ng \u0111\u1ec1u nh\u1eb1m m\u1ee5c \u0111\u00edch s\u1ea5y kh\u00f4 hi\u1ec7u qu\u1ea3.<\/li>\n<\/ul>\n<p><strong>C\u00e0o quay<\/strong><\/p>\n<ul>\n<li>\u1ee8ng d\u1ee5ng: M\u00e1y c\u00e0o quay th\u01b0\u1eddng \u0111\u01b0\u1ee3c s\u1eed d\u1ee5ng trong s\u1ea3n xu\u1ea5t c\u1ecf kh\u00f4 \u0111\u1ec3 l\u1eadt v\u00e0 x\u1edbi t\u01a1i c\u1ecf kh\u00f4, gi\u00fap c\u1ecf kh\u00f4 \u0111\u1ec1u h\u01a1n. H\u1ed9p s\u1ed1 FMP-TBS128 d\u1eabn \u0111\u1ed9ng c\u01a1 c\u1ea5u c\u00e0o quay, \u0111\u1ea3m b\u1ea3o t\u1ed1c \u0111\u1ed9 v\u00e0 m\u00f4-men xo\u1eafn t\u1ed1i \u01b0u.<\/li>\n<li>L\u1ee3i \u00edch: Cho ph\u00e9p r\u1ea3i ho\u1eb7c l\u00e0m t\u01a1i c\u1ecf kh\u00f4 hi\u1ec7u qu\u1ea3 v\u00e0 \u0111\u1ec1u, \u0111\u1ea3m b\u1ea3o c\u1ecf kh\u00f4 \u0111\u01b0\u1ee3c s\u1ee5c kh\u00ed \u0111\u1ea7y \u0111\u1ee7 v\u00e0 s\u1eb5n s\u00e0ng \u0111\u1ec3 \u0111\u00f3ng ki\u1ec7n ho\u1eb7c ch\u1ebf bi\u1ebfn ti\u1ebfp theo.<\/li>\n<\/ul>\n<p><strong>M\u00e1y Tedding<\/strong><\/p>\n<ul>\n<li>\u1ee8ng d\u1ee5ng: M\u00e1y r\u1ea3i v\u00e0 x\u1edbi c\u1ecf kh\u00f4 \u0111\u01b0\u1ee3c s\u1eed d\u1ee5ng \u0111\u1ec3 r\u1ea3i v\u00e0 x\u1edbi t\u01a1i c\u1ecf kh\u00f4 v\u00e0 c\u1ecf, c\u1ea3i thi\u1ec7n l\u01b0u th\u00f4ng kh\u00f4ng kh\u00ed \u0111\u1ec3 s\u1ea5y kh\u00f4 nhanh h\u01a1n. H\u1ed9p s\u1ed1 truy\u1ec1n \u0111\u1ed9ng c\u01a1 c\u1ea5u r\u1ea3i, cho ph\u00e9p v\u1eadn h\u00e0nh tr\u01a1n tru v\u00e0 truy\u1ec1n l\u1ef1c.<\/li>\n<li>L\u1ee3i \u00edch: H\u1ed9p s\u1ed1 \u0111\u1ea3m b\u1ea3o m\u00e1y b\u0103m c\u1ecf ho\u1ea1t \u0111\u1ed9ng tr\u01a1n tru, gi\u1ea3m nguy c\u01a1 c\u1ecf b\u1ecb r\u1ed1i v\u00e0 t\u0103ng hi\u1ec7u qu\u1ea3 s\u1ea5y kh\u00f4.<\/li>\n<\/ul>\n<p><strong>M\u00e1y san g\u1ea1t n\u00f4ng nghi\u1ec7p<\/strong><\/p>\n<ul>\n<li>\u1ee8ng d\u1ee5ng: Trong thi\u1ebft b\u1ecb chu\u1ea9n b\u1ecb v\u00e0 san l\u1ea5p \u0111\u1ea5t, h\u1ed9p s\u1ed1 FMP-TBS128 \u0111\u01b0\u1ee3c s\u1eed d\u1ee5ng \u0111\u1ec3 cung c\u1ea5p n\u0103ng l\u01b0\u1ee3ng cho m\u00e1y san l\u1ea5p nh\u1eb1m san ph\u1eb3ng ho\u1eb7c l\u00e0m ph\u1eb3ng b\u1ec1 m\u1eb7t \u0111\u1ea5t \u0111\u1ec3 tr\u1ed3ng tr\u1ecdt ho\u1eb7c canh t\u00e1c.<\/li>\n<li>L\u1ee3i \u00edch: H\u1ed9p s\u1ed1 cung c\u1ea5p m\u00f4-men xo\u1eafn v\u00e0 \u0111\u1ed9 \u1ed5n \u0111\u1ecbnh c\u1ea7n thi\u1ebft \u0111\u1ec3 san l\u1ea5p \u0111\u1ea5t ch\u00ednh x\u00e1c, \u0111\u1ea3m b\u1ea3o t\u00ednh \u0111\u1ed3ng nh\u1ea5t trong qu\u00e1 tr\u00ecnh chu\u1ea9n b\u1ecb t\u1ea1i hi\u1ec7n tr\u01b0\u1eddng.<\/li>\n<\/ul>\n<p>C\u00e1c \u1ee9ng d\u1ee5ng n\u00e0y th\u1ec3 hi\u1ec7n t\u00ednh linh ho\u1ea1t c\u1ee7a H\u1ed9p s\u1ed1 c\u00e0o d\u1eabn \u0111\u1ed9ng m\u00e1y san \u0111\u1ea5t FMP-TBS128, khi\u1ebfn n\u00f3 ph\u00f9 h\u1ee3p v\u1edbi nhi\u1ec1u nhi\u1ec7m v\u1ee5 n\u00f4ng nghi\u1ec7p \u0111\u00f2i h\u1ecfi kh\u1ea3 n\u0103ng truy\u1ec1n l\u1ef1c \u0111\u00e1ng tin c\u1eady, \u0111\u1ed9 b\u1ec1n v\u00e0 hi\u1ec7u qu\u1ea3 trong ho\u1ea1t \u0111\u1ed9ng \u0111\u1ed3ng ru\u1ed9ng.<\/p>\n<p><img loading=\"lazy\" decoding=\"async\" class=\"alignnone size-full wp-image-2700\" src=\"https:\/\/fmp-components.com\/wp-content\/uploads\/2025\/01\/Grader-Driven-Rake-Gearbox-EP-TBS128-Applications1.webp\" alt=\"H\u1ed9p s\u1ed1 c\u00e0o d\u1eabn \u0111\u1ed9ng m\u00e1y \u1ee7i \u0111\u1ea5t FMP-TBS128-\u1ee8ng d\u1ee5ng(1)\" width=\"1000\" height=\"700\" title=\"\" srcset=\"https:\/\/fmp-components.com\/wp-content\/uploads\/2025\/01\/Grader-Driven-Rake-Gearbox-EP-TBS128-Applications1.webp 1000w, https:\/\/fmp-components.com\/wp-content\/uploads\/2025\/01\/Grader-Driven-Rake-Gearbox-EP-TBS128-Applications1-980x686.webp 980w, https:\/\/fmp-components.com\/wp-content\/uploads\/2025\/01\/Grader-Driven-Rake-Gearbox-EP-TBS128-Applications1-480x336.webp 480w\" sizes=\"(min-width: 0px) and (max-width: 480px) 480px, (min-width: 481px) and (max-width: 980px) 980px, (min-width: 981px) 1000px, 100vw\" \/><\/p>\n<h2>Gi\u1edbi thi\u1ec7u v\u1ec1 FMP<\/h2>\n<p>C\u00f3 tr\u1ee5 s\u1edf t\u1ea1i \u00dd, FMP l\u00e0 nh\u00e0 s\u1ea3n xu\u1ea5t h\u00e0ng \u0111\u1ea7u chuy\u00ean thi\u1ebft k\u1ebf, ph\u00e1t tri\u1ec3n v\u00e0 s\u1ea3n xu\u1ea5t h\u1ed9p s\u1ed1 hi\u1ec7u su\u1ea5t cao, \u0111\u1eb7c bi\u1ec7t ch\u00fa tr\u1ecdng \u0111\u1ebfn l\u0129nh v\u1ef1c m\u00e1y m\u00f3c n\u00f4ng nghi\u1ec7p. N\u1ed5i ti\u1ebfng v\u1edbi k\u1ef9 thu\u1eadt ch\u00ednh x\u00e1c, gi\u1ea3i ph\u00e1p ti\u00ean ti\u1ebfn v\u00e0 \u0111\u1ed9 tin c\u1eady tuy\u1ec7t \u0111\u1ed1i, FMP \u0111\u00e3 tr\u1edf th\u00e0nh \u0111\u1ed1i t\u00e1c \u0111\u00e1ng tin c\u1eady c\u1ee7a c\u1ea3 l\u0129nh v\u1ef1c n\u00f4ng nghi\u1ec7p v\u00e0 c\u00f4ng nghi\u1ec7p. Danh m\u1ee5c s\u1ea3n ph\u1ea9m to\u00e0n di\u1ec7n c\u1ee7a ch\u00fang t\u00f4i bao g\u1ed3m h\u1ed9p s\u1ed1 chuy\u00ean d\u1ee5ng cho m\u00e1y c\u1eaft c\u1ecf, tr\u1ee5c PTO v\u00e0 c\u00e1c linh ki\u1ec7n quan tr\u1ecdng kh\u00e1c, t\u1ea5t c\u1ea3 \u0111\u1ec1u \u0111\u01b0\u1ee3c ch\u1ebf t\u1ea1o t\u1ec9 m\u1ec9 \u0111\u1ec3 cung c\u1ea5p c\u00e1c gi\u1ea3i ph\u00e1p t\u00f9y ch\u1ec9nh cho nhi\u1ec1u \u1ee9ng d\u1ee5ng kh\u00e1c nhau.<\/p>\n<p>T\u1ea1i FMP, ch\u00fang t\u00f4i hi\u1ec3u r\u1eb1ng m\u1ed7i kh\u00e1ch h\u00e0ng \u0111\u1ec1u ph\u1ea3i \u0111\u1ed1i m\u1eb7t v\u1edbi nh\u1eefng th\u00e1ch th\u1ee9c v\u00e0 y\u00eau c\u1ea7u ri\u00eang bi\u1ec7t. \u0110\u00f3 l\u00e0 l\u00fd do t\u1ea1i sao ch\u00fang t\u00f4i t\u1eadp trung v\u00e0o vi\u1ec7c cung c\u1ea5p c\u00e1c gi\u1ea3i ph\u00e1p \u0111\u01b0\u1ee3c thi\u1ebft k\u1ebf ri\u00eang, d\u00f9 l\u00e0 cho t\u1eebng th\u00e0nh ph\u1ea7n ri\u00eang l\u1ebb hay h\u1ec7 th\u1ed1ng t\u00edch h\u1ee3p ho\u00e0n ch\u1ec9nh. Ch\u00fang t\u00f4i h\u1ee3p t\u00e1c ch\u1eb7t ch\u1ebd v\u1edbi kh\u00e1ch h\u00e0ng \u0111\u1ec3 \u0111\u1ea3m b\u1ea3o m\u1ed7i gi\u1ea3i ph\u00e1p kh\u00f4ng ch\u1ec9 hi\u1ec7u qu\u1ea3 m\u00e0 c\u00f2n t\u1ed1i \u01b0u h\u00f3a c\u1ea3 hi\u1ec7u su\u1ea5t v\u00e0 gi\u00e1 tr\u1ecb. Cam k\u1ebft cung c\u1ea5p ph\u1ea3n h\u1ed3i nhanh ch\u00f3ng, chuy\u00ean nghi\u1ec7p, k\u1ebft h\u1ee3p v\u1edbi s\u1ef1 t\u01b0 v\u1ea5n chuy\u00ean m\u00f4n, \u0111\u1ea3m b\u1ea3o r\u1eb1ng m\u1ed7i y\u00eau c\u1ea7u \u0111\u1ec1u \u0111\u01b0\u1ee3c x\u1eed l\u00fd m\u1ed9t c\u00e1ch c\u1ea9n th\u1eadn nh\u1ea5t, mang l\u1ea1i k\u1ebft qu\u1ea3 t\u1ed1t nh\u1ea5t c\u00f3 th\u1ec3.<\/p>\n<p>Giao ti\u1ebfp c\u1edfi m\u1edf v\u00e0 li\u00ean t\u1ee5c l\u00e0 n\u1ec1n t\u1ea3ng trong ph\u01b0\u01a1ng ph\u00e1p ti\u1ebfp c\u1eadn c\u1ee7a ch\u00fang t\u00f4i. \u0110\u1ed9i ng\u0169 t\u1eadn t\u00e2m c\u1ee7a ch\u00fang t\u00f4i l\u00e0m vi\u1ec7c ch\u1eb7t ch\u1ebd v\u1edbi kh\u00e1ch h\u00e0ng trong su\u1ed1t qu\u00e1 tr\u00ecnh ph\u00e1t tri\u1ec3n s\u1ea3n ph\u1ea9m \u0111\u1ec3 hi\u1ec3u r\u00f5 nhu c\u1ea7u c\u1ee5 th\u1ec3 c\u1ee7a h\u1ecd. Ch\u00fang t\u00f4i cung c\u1ea5p nh\u1eefng hi\u1ec3u bi\u1ebft s\u00e2u s\u1eafc v\u00e0 khuy\u1ebfn ngh\u1ecb gi\u00e1 tr\u1ecb nh\u1eb1m \u0111\u1ea3m b\u1ea3o c\u00e1c gi\u1ea3i ph\u00e1p t\u1ed1i \u01b0u. D\u00f9 \u0111ang thi\u1ebft k\u1ebf s\u1ea3n ph\u1ea9m m\u1edbi hay ho\u00e0n th\u00e0nh c\u00e1c \u0111\u01a1n h\u00e0ng \u0111ang tri\u1ec3n khai, FMP lu\u00f4n cam k\u1ebft cung c\u1ea5p c\u00e1c gi\u1ea3i ph\u00e1p ch\u1ea5t l\u01b0\u1ee3ng cao, \u0111\u01b0\u1ee3c thi\u1ebft k\u1ebf ch\u00ednh x\u00e1c, \u0111\u00fang ti\u1ebfn \u0111\u1ed9. S\u1ee9 m\u1ec7nh c\u1ee7a ch\u00fang t\u00f4i l\u00e0 v\u01b0\u1ee3t tr\u00ean c\u1ea3 s\u1ef1 mong \u0111\u1ee3i c\u1ee7a kh\u00e1ch h\u00e0ng, mang \u0111\u1ebfn d\u1ecbch v\u1ee5 v\u00e0 k\u1ebft qu\u1ea3 v\u01b0\u1ee3t tr\u1ed9i trong m\u1ecdi d\u1ef1 \u00e1n.<\/p>\n<p>Ch\u1ea5t l\u01b0\u1ee3ng l\u00e0 tr\u1ecdng t\u00e2m trong m\u1ecdi ho\u1ea1t \u0111\u1ed9ng c\u1ee7a ch\u00fang t\u00f4i. Ch\u00fang t\u00f4i tu\u00e2n th\u1ee7 c\u00e1c ti\u00eau chu\u1ea9n s\u1ea3n xu\u1ea5t cao nh\u1ea5t, th\u1ef1c hi\u1ec7n c\u00e1c quy tr\u00ecnh ki\u1ec3m so\u00e1t ch\u1ea5t l\u01b0\u1ee3ng nghi\u00eam ng\u1eb7t \u0111\u1ec3 \u0111\u1ea3m b\u1ea3o m\u1ed7i s\u1ea3n ph\u1ea9m \u0111\u1ec1u \u0111\u00e1p \u1ee9ng v\u00e0 v\u01b0\u1ee3t qua c\u00e1c ti\u00eau chu\u1ea9n c\u1ee7a ng\u00e0nh. Cam k\u1ebft v\u1ec1 s\u1ef1 xu\u1ea5t s\u1eafc n\u00e0y, c\u00f9ng v\u1edbi c\u00e1c gi\u00e1 tr\u1ecb c\u1ed1t l\u00f5i c\u1ee7a ch\u00fang t\u00f4i l\u00e0 ch\u00ednh tr\u1ef1c, tinh th\u1ea7n \u0111\u1ed3ng \u0111\u1ed9i v\u00e0 s\u1ef1 ki\u00ean tr\u00ec, \u0111\u00e3 gi\u00fap FMP thi\u1ebft l\u1eadp m\u1ed1i quan h\u1ec7 l\u00e2u d\u00e0i, d\u1ef1a tr\u00ean s\u1ef1 tin c\u1eady v\u1edbi kh\u00e1ch h\u00e0ng t\u1ea1i g\u1ea7n 30 qu\u1ed1c gia tr\u00ean to\u00e0n th\u1ebf gi\u1edbi.<\/p>\n<p>FMP lu\u00f4n mong mu\u1ed1n th\u00fac \u0111\u1ea9y quan h\u1ec7 \u0111\u1ed1i t\u00e1c to\u00e0n c\u1ea7u v\u00e0 lu\u00f4n t\u1eadn t\u00e2m cung c\u1ea5p t\u01b0 v\u1ea5n chuy\u00ean m\u00f4n v\u00e0 c\u00e1c gi\u1ea3i ph\u00e1p t\u00f9y ch\u1ec9nh, \u0111\u00e1p \u1ee9ng nhu c\u1ea7u \u0111a d\u1ea1ng c\u1ee7a kh\u00e1ch h\u00e0ng. Ch\u00fang t\u00f4i kh\u00f4ng ch\u1ec9 cung c\u1ea5p s\u1ea3n ph\u1ea9m, m\u00e0 c\u00f2n h\u01b0\u1edbng \u0111\u1ebfn vi\u1ec7c x\u00e2y d\u1ef1ng m\u1ed1i quan h\u1ec7 b\u1ec1n v\u1eefng, g\u00f3p ph\u1ea7n v\u00e0o th\u00e0nh c\u00f4ng l\u00e2u d\u00e0i c\u1ee7a m\u1ed7i d\u1ef1 \u00e1n. Cho d\u00f9 b\u1ea1n c\u1ea7n c\u00e1c gi\u1ea3i ph\u00e1p s\u00e1ng t\u1ea1o cho m\u1ed9t s\u00e1ng ki\u1ebfn \u200b\u200bm\u1edbi hay h\u1ed7 tr\u1ee3 li\u00ean t\u1ee5c cho m\u1ed9t h\u1ec7 th\u1ed1ng hi\u1ec7n c\u00f3, FMP lu\u00f4n s\u1eb5n s\u00e0ng \u0111\u00e1p \u1ee9ng nh\u1eefng th\u00e1ch th\u1ee9c k\u1ef9 thu\u1eadt c\u1ee7a b\u1ea1n v\u00e0 \u0111\u1ea3m b\u1ea3o th\u00e0nh c\u00f4ng li\u00ean t\u1ee5c.<\/p>\n<p><img loading=\"lazy\" decoding=\"async\" class=\"alignnone wp-image-2695\" src=\"https:\/\/fmp-components.com\/wp-content\/uploads\/2025\/01\/agricultural-gearbox3.webp\" alt=\"h\u1ed9p s\u1ed1 n\u00f4ng nghi\u1ec7p\" width=\"953\" height=\"951\" title=\"\" srcset=\"https:\/\/fmp-components.com\/wp-content\/uploads\/2025\/01\/agricultural-gearbox3.webp 953w, https:\/\/fmp-components.com\/wp-content\/uploads\/2025\/01\/agricultural-gearbox3-480x479.webp 480w\" sizes=\"(min-width: 0px) and (max-width: 480px) 480px, (min-width: 481px) 953px, 100vw\" \/><\/p>\n<p>T\u00e1c gi\u1ea3: CX<\/p>","protected":false},"excerpt":{"rendered":"<p>Grader Driven Rake Gearbox FMP-TBS128 Dimensions Grader Driven Rake Gearbox FMP-TBS128 Technical Data i Suitable Rpm input Rpm output KW(Nom) KW(Max) Toothing r\/min r\/min hp hp gear 1 3.69:1 Crawler Rotary Cultivator, etc 2400 650 80 100 Gleason Helical Teeth gear 2 2.81: 1 2400 850 Remark: If you have any special require feel free [&hellip;]<\/p>","protected":false},"featured_media":2699,"comment_status":"open","ping_status":"closed","template":"","meta":{"_et_pb_use_builder":"","_et_pb_old_content":"","_et_gb_content_width":""},"product_brand":[],"product_cat":[66],"product_tag":[],"class_list":{"0":"post-2696","1":"product","2":"type-product","3":"status-publish","4":"has-post-thumbnail","6":"product_cat-grader-driven-rake-gearbox","8":"first","9":"instock","10":"shipping-taxable","11":"product-type-simple"},"_links":{"self":[{"href":"https:\/\/fmp-components.com\/vi\/wp-json\/wp\/v2\/product\/2696","targetHints":{"allow":["GET"]}}],"collection":[{"href":"https:\/\/fmp-components.com\/vi\/wp-json\/wp\/v2\/product"}],"about":[{"href":"https:\/\/fmp-components.com\/vi\/wp-json\/wp\/v2\/types\/product"}],"replies":[{"embeddable":true,"href":"https:\/\/fmp-components.com\/vi\/wp-json\/wp\/v2\/comments?post=2696"}],"wp:featuredmedia":[{"embeddable":true,"href":"https:\/\/fmp-components.com\/vi\/wp-json\/wp\/v2\/media\/2699"}],"wp:attachment":[{"href":"https:\/\/fmp-components.com\/vi\/wp-json\/wp\/v2\/media?parent=2696"}],"wp:term":[{"taxonomy":"product_brand","embeddable":true,"href":"https:\/\/fmp-components.com\/vi\/wp-json\/wp\/v2\/product_brand?post=2696"},{"taxonomy":"product_cat","embeddable":true,"href":"https:\/\/fmp-components.com\/vi\/wp-json\/wp\/v2\/product_cat?post=2696"},{"taxonomy":"product_tag","embeddable":true,"href":"https:\/\/fmp-components.com\/vi\/wp-json\/wp\/v2\/product_tag?post=2696"}],"curies":[{"name":"wp","href":"https:\/\/api.w.org\/{rel}","templated":true}]}}