{"id":2689,"date":"2025-01-03T07:49:50","date_gmt":"2025-01-03T07:49:50","guid":{"rendered":"https:\/\/fmp-components.com\/?page_id=8"},"modified":"2025-01-03T07:49:51","modified_gmt":"2025-01-03T07:49:51","slug":"grader-driven-rake-gearbox-fmp100-for-rotary-tillers","status":"publish","type":"product","link":"https:\/\/fmp-components.com\/vi\/product\/grader-driven-rake-gearbox-fmp100-for-rotary-tillers\/","title":{"rendered":"H\u1ed9p s\u1ed1 c\u00e0o d\u1eabn \u0111\u1ed9ng m\u00e1y \u1ee7i FMP100 cho m\u00e1y x\u1edbi \u0111\u1ea5t quay"},"content":{"rendered":"<h2>K\u00edch th\u01b0\u1edbc h\u1ed9p s\u1ed1 c\u00e0o d\u1eabn \u0111\u1ed9ng m\u00e1y \u1ee7i FMP100<\/h2>\n<p><img loading=\"lazy\" decoding=\"async\" class=\"alignnone size-full wp-image-2690\" src=\"https:\/\/fmp-components.com\/wp-content\/uploads\/2025\/01\/Grader-Driven-Rake-Gearbox-EP100-Dimensions-1.webp\" alt=\"H\u1ed9p s\u1ed1 c\u00e0o d\u1eabn \u0111\u1ed9ng m\u00e1y san g\u1ea1t EP100 K\u00edch th\u01b0\u1edbc 1\" width=\"1201\" height=\"826\" title=\"\" srcset=\"https:\/\/fmp-components.com\/wp-content\/uploads\/2025\/01\/Grader-Driven-Rake-Gearbox-EP100-Dimensions-1.webp 1201w, https:\/\/fmp-components.com\/wp-content\/uploads\/2025\/01\/Grader-Driven-Rake-Gearbox-EP100-Dimensions-1-980x674.webp 980w, https:\/\/fmp-components.com\/wp-content\/uploads\/2025\/01\/Grader-Driven-Rake-Gearbox-EP100-Dimensions-1-480x330.webp 480w\" sizes=\"(min-width: 0px) and (max-width: 480px) 480px, (min-width: 481px) and (max-width: 980px) 980px, (min-width: 981px) 1201px, 100vw\" \/><\/p>\n<h2>K\u00edch th\u01b0\u1edbc tr\u1ee5c h\u1ed9p s\u1ed1 c\u00e0o d\u1eabn \u0111\u1ed9ng m\u00e1y \u1ee7i FMP100<\/h2>\n<p><img loading=\"lazy\" decoding=\"async\" class=\"alignnone size-full wp-image-2691\" src=\"https:\/\/fmp-components.com\/wp-content\/uploads\/2025\/01\/Grader-Driven-Rake-Gearbox-EP100-Dimensions-2.webp\" alt=\"H\u1ed9p s\u1ed1 c\u00e0o d\u1eabn \u0111\u1ed9ng m\u00e1y san g\u1ea1t EP100 K\u00edch th\u01b0\u1edbc 2\" width=\"1374\" height=\"405\" title=\"\" srcset=\"https:\/\/fmp-components.com\/wp-content\/uploads\/2025\/01\/Grader-Driven-Rake-Gearbox-EP100-Dimensions-2.webp 1374w, https:\/\/fmp-components.com\/wp-content\/uploads\/2025\/01\/Grader-Driven-Rake-Gearbox-EP100-Dimensions-2-1280x377.webp 1280w, https:\/\/fmp-components.com\/wp-content\/uploads\/2025\/01\/Grader-Driven-Rake-Gearbox-EP100-Dimensions-2-980x289.webp 980w, https:\/\/fmp-components.com\/wp-content\/uploads\/2025\/01\/Grader-Driven-Rake-Gearbox-EP100-Dimensions-2-480x141.webp 480w\" sizes=\"(min-width: 0px) and (max-width: 480px) 480px, (min-width: 481px) and (max-width: 980px) 980px, (min-width: 981px) and (max-width: 1280px) 1280px, (min-width: 1281px) 1374px, 100vw\" \/><\/p>\n<h2>D\u1eef li\u1ec7u k\u1ef9 thu\u1eadt c\u1ee7a h\u1ed9p s\u1ed1 c\u00e0o d\u1eabn \u0111\u1ed9ng m\u00e1y \u1ee7i FMP100<\/h2>\n<table style=\"width: 99.6651%; height: 134px;\" border=\"1\" cellspacing=\"0\" cellpadding=\"0\">\n<tbody>\n<tr>\n<td colspan=\"2\" rowspan=\"2\">T\u00f4i<\/td>\n<td rowspan=\"2\">Th\u00edch h\u1ee3p<\/td>\n<td>\u0110\u1ea7u v\u00e0o v\u00f2ng\/ph\u00fat<\/td>\n<td>\u0110\u1ea7u ra v\u00f2ng\/ph\u00fat<\/td>\n<td>KW(T\u00ean)<\/td>\n<td>KW(T\u1ed1i \u0111a)<\/td>\n<td colspan=\"2\">L<\/td>\n<\/tr>\n<tr>\n<td>v\u00f2ng\/ph\u00fat<\/td>\n<td>v\u00f2ng\/ph\u00fat<\/td>\n<td>m\u00e3 l\u1ef1c<\/td>\n<td>m\u00e3 l\u1ef1c<\/td>\n<td colspan=\"2\">mm<\/td>\n<\/tr>\n<tr>\n<td>T\u0103ng t\u1ed1c \u0111\u1ed9<\/td>\n<td>1 :2.31<\/td>\n<td>M\u00e1y x\u1edbi \u0111\u1ea5t quay, v.v.<\/td>\n<td>540<\/td>\n<td>1250<\/td>\n<td>100<\/td>\n<td>140<\/td>\n<td>397<\/td>\n<td>226<\/td>\n<\/tr>\n<tr>\n<td colspan=\"9\">L\u01b0u \u00fd: N\u1ebfu b\u1ea1n c\u00f3 b\u1ea5t k\u1ef3 y\u00eau c\u1ea7u \u0111\u1eb7c bi\u1ec7t n\u00e0o, vui l\u00f2ng cho t\u00f4i bi\u1ebft, ch\u00fang t\u00f4i c\u0169ng ch\u1ea5p nh\u1eadn t\u00f9y ch\u1ec9nh.<\/td>\n<\/tr>\n<\/tbody>\n<\/table>\n<h2>Nguy\u00ean l\u00fd ho\u1ea1t \u0111\u1ed9ng c\u1ee7a h\u1ed9p s\u1ed1 c\u00e0o d\u1eabn \u0111\u1ed9ng m\u00e1y \u1ee7i FMP100<\/h2>\n<p>H\u1ed9p s\u1ed1 c\u00e0o d\u1eabn \u0111\u1ed9ng m\u00e1y san \u1ee7i FMP100 \u0111\u01b0\u1ee3c thi\u1ebft k\u1ebf \u0111\u1ec3 d\u1eabn \u0111\u1ed9ng c\u01a1 c\u1ea5u c\u00e0o c\u1ee7a m\u00e1y san \u1ee7i, th\u01b0\u1eddng \u0111\u01b0\u1ee3c s\u1eed d\u1ee5ng trong c\u00e1c m\u00e1y m\u00f3c n\u00f4ng nghi\u1ec7p nh\u01b0 m\u00e1y lu\u1ed1ng ho\u1eb7c m\u00e1y c\u00e0o. \u200b\u200bD\u01b0\u1edbi \u0111\u00e2y l\u00e0 t\u1ed5ng quan v\u1ec1 nguy\u00ean l\u00fd ho\u1ea1t \u0111\u1ed9ng c\u1ee7a n\u00f3:<\/p>\n<p><strong>\u0110\u1ea7u v\u00e0o ngu\u1ed3n \u0111i\u1ec7n qua tr\u1ee5c PTO<\/strong><\/p>\n<p>C\u01a1 ch\u1ebf ho\u1ea1t \u0111\u1ed9ng c\u1ee7a H\u1ed9p s\u1ed1 C\u00e0o C\u00e0o D\u1eabn \u0110\u1ed9ng M\u00e1y C\u00e0o FMP100 b\u1eaft \u0111\u1ea7u b\u1eb1ng vi\u1ec7c truy\u1ec1n l\u1ef1c t\u1eeb tr\u1ee5c PTO (Tr\u1ee5c tr\u00edch c\u00f4ng su\u1ea5t). Tr\u1ee5c n\u00e0y k\u1ebft n\u1ed1i h\u1ed9p s\u1ed1 v\u1edbi m\u00e1y k\u00e9o ho\u1eb7c c\u00e1c lo\u1ea1i m\u00e1y m\u00f3c kh\u00e1c. PTO truy\u1ec1n c\u00f4ng su\u1ea5t c\u01a1 h\u1ecdc do \u0111\u1ed9ng c\u01a1 t\u1ea1o ra \u0111\u1ebfn h\u1ed9p s\u1ed1, t\u1eeb \u0111\u00f3 d\u1eabn \u0111\u1ed9ng c\u01a1 c\u1ea5u c\u00e0o.<\/p>\n<p><strong>Gi\u1ea3m h\u1ed9p s\u1ed1<\/strong><\/p>\n<p>Khi tr\u1ee5c PTO truy\u1ec1n \u0111\u1ed9ng cho H\u1ed9p s\u1ed1 c\u00e0o c\u00e0o d\u1eabn \u0111\u1ed9ng b\u1eb1ng m\u00e1y \u1ee7i FMP100, h\u1ed9p s\u1ed1 s\u1ebd th\u1ef1c hi\u1ec7n gi\u1ea3m t\u1ed1c. Qu\u00e1 tr\u00ecnh n\u00e0y chuy\u1ec3n \u0111\u1ed5i t\u1ed1c \u0111\u1ed9 quay cao c\u1ee7a PTO th\u00e0nh m\u00f4-men xo\u1eafn \u0111\u1ea7u ra ch\u1eadm h\u01a1n, cao h\u01a1n, ph\u00f9 h\u1ee3p \u0111\u1ec3 d\u1eabn \u0111\u1ed9ng c\u00e1c b\u1ed9 ph\u1eadn c\u1ee7a c\u00e0o c\u00e0o. \u200b\u200bVi\u1ec7c gi\u1ea3m t\u1ed1c \u0111\u1ed9 \u0111\u01b0\u1ee3c th\u1ef1c hi\u1ec7n th\u00f4ng qua m\u1ed9t b\u1ed9 b\u00e1nh r\u0103ng b\u00ean trong, gi\u00fap gi\u1ea3m t\u1ed1c \u0111\u1ed9 \u0111\u1ea7u v\u00e0o xu\u1ed1ng m\u1ee9c d\u1ec5 ki\u1ec3m so\u00e1t h\u01a1n cho c\u00e0o c\u00e0o.<\/p>\n<p><strong>Ph\u00e2n ph\u1ed1i \u0111i\u1ec7n cho Rake<\/strong><\/p>\n<p>H\u1ed9p s\u1ed1 sau \u0111\u00f3 ph\u00e2n ph\u1ed1i c\u00f4ng su\u1ea5t qua tr\u1ee5c ra, d\u1eabn \u0111\u1ed9ng c\u00e1c b\u1ed9 ph\u1eadn nghi\u00eang, ch\u1eb3ng h\u1ea1n nh\u01b0 b\u00e1nh xe, r\u0103ng v\u00e0 tay quay. T\u00f9y thu\u1ed9c v\u00e0o thi\u1ebft k\u1ebf c\u1ee7a nghi\u00eang, h\u1ed9p s\u1ed1 c\u00f3 th\u1ec3 \u0111i\u1ec1u khi\u1ec3n chuy\u1ec3n \u0111\u1ed9ng c\u1ee7a nhi\u1ec1u ph\u1ea7n nghi\u00eang ri\u00eang l\u1ebb ho\u1eb7c m\u1ed9t h\u1ec7 th\u1ed1ng quay trung t\u00e2m.<\/p>\n<p><strong>C\u01a1 ch\u1ebf \u0111i\u1ec1u ch\u1ec9nh<\/strong><\/p>\n<p>M\u1ed9t s\u1ed1 phi\u00ean b\u1ea3n H\u1ed9p s\u1ed1 C\u00e0o d\u1eabn \u0111\u1ed9ng b\u1eb1ng m\u00e1y san g\u1ea1t, bao g\u1ed3m FMP100, c\u00f3 c\u00e1c t\u00ednh n\u0103ng \u0111i\u1ec1u ch\u1ec9nh cho ph\u00e9p ng\u01b0\u1eddi v\u1eadn h\u00e0nh tinh ch\u1ec9nh t\u1ed1c \u0111\u1ed9 ho\u1eb7c ch\u1ebf \u0111\u1ed9 v\u1eadn h\u00e0nh c\u1ee7a c\u00e0o. \u200b\u200b\u0110i\u1ec1u n\u00e0y th\u01b0\u1eddng \u0111\u1ea1t \u0111\u01b0\u1ee3c b\u1eb1ng c\u00e1ch \u0111i\u1ec1u ch\u1ec9nh t\u1ef7 s\u1ed1 truy\u1ec1n c\u1ee7a tr\u1ee5c \u0111\u1ea7u ra, cho ph\u00e9p c\u00e0o th\u1ef1c hi\u1ec7n c\u00e1c nhi\u1ec7m v\u1ee5 kh\u00e1c nhau nh\u01b0 c\u00e0y lu\u1ed1ng ho\u1eb7c th\u1eadm ch\u00ed san ph\u1eb3ng \u0111\u1ea5t, t\u00f9y thu\u1ed9c v\u00e0o \u1ee9ng d\u1ee5ng.<\/p>\n<p><strong>Truy\u1ec1n v\u00e0 ki\u1ec3m so\u00e1t m\u00f4-men xo\u1eafn<\/strong><\/p>\n<p>Trong su\u1ed1t qu\u00e1 tr\u00ecnh, H\u1ed9p s\u1ed1 c\u00e0o d\u1eabn \u0111\u1ed9ng b\u1eb1ng m\u00e1y san g\u1ea1t FMP100 \u0111\u1ea3m b\u1ea3o m\u00f4-men xo\u1eafn \u0111\u01b0\u1ee3c truy\u1ec1n m\u01b0\u1ee3t m\u00e0 \u0111\u1ebfn c\u01a1 c\u1ea5u c\u00e0o, mang l\u1ea1i kh\u1ea3 n\u0103ng v\u1eadn h\u00e0nh hi\u1ec7u qu\u1ea3. H\u1ed9p s\u1ed1 c\u0169ng qu\u1ea3n l\u00fd vi\u1ec7c ph\u00e2n ph\u1ed1i c\u00f4ng su\u1ea5t, \u0111\u1ea3m b\u1ea3o c\u00e0o ho\u1ea1t \u0111\u1ed9ng \u0111\u1ed3ng \u0111\u1ec1u v\u00e0 nh\u1ea5t qu\u00e1n, ngay c\u1ea3 trong \u0111i\u1ec1u ki\u1ec7n \u0111\u1ed3ng ru\u1ed9ng ho\u1eb7c t\u1ea3i tr\u1ecdng thay \u0111\u1ed5i.<\/p>\n<p>Nguy\u00ean l\u00fd ho\u1ea1t \u0111\u1ed9ng n\u00e0y cho ph\u00e9p H\u1ed9p s\u1ed1 c\u00e0o d\u1eabn \u0111\u1ed9ng m\u00e1y san \u1ee7i FMP100 cung c\u1ea5p kh\u1ea3 n\u0103ng truy\u1ec1n l\u1ef1c t\u1ed1i \u01b0u, ho\u1ea1t \u0111\u1ed9ng c\u00e0o \u1ed5n \u0111\u1ecbnh v\u00e0 hi\u1ec7u su\u1ea5t cao, khi\u1ebfn n\u00f3 tr\u1edf th\u00e0nh l\u1ef1a ch\u1ecdn \u0111\u00e1ng tin c\u1eady cho c\u00e1c \u1ee9ng d\u1ee5ng n\u00f4ng nghi\u1ec7p.<\/p>\n<p><img loading=\"lazy\" decoding=\"async\" class=\"alignnone size-full wp-image-2692\" src=\"https:\/\/fmp-components.com\/wp-content\/uploads\/2025\/01\/Grader-Driven-Rake-Gearbox-EP100-Working-Principle1.webp\" alt=\"H\u1ed9p s\u1ed1 c\u00e0o d\u1eabn \u0111\u1ed9ng m\u00e1y \u1ee7i EP100 - Nguy\u00ean l\u00fd ho\u1ea1t \u0111\u1ed9ng (1)\" width=\"1419\" height=\"850\" title=\"\" srcset=\"https:\/\/fmp-components.com\/wp-content\/uploads\/2025\/01\/Grader-Driven-Rake-Gearbox-EP100-Working-Principle1.webp 1419w, https:\/\/fmp-components.com\/wp-content\/uploads\/2025\/01\/Grader-Driven-Rake-Gearbox-EP100-Working-Principle1-1280x767.webp 1280w, https:\/\/fmp-components.com\/wp-content\/uploads\/2025\/01\/Grader-Driven-Rake-Gearbox-EP100-Working-Principle1-980x587.webp 980w, https:\/\/fmp-components.com\/wp-content\/uploads\/2025\/01\/Grader-Driven-Rake-Gearbox-EP100-Working-Principle1-480x288.webp 480w\" sizes=\"(min-width: 0px) and (max-width: 480px) 480px, (min-width: 481px) and (max-width: 980px) 980px, (min-width: 981px) and (max-width: 1280px) 1280px, (min-width: 1281px) 1419px, 100vw\" \/><\/p>\n<h2>H\u1ed9p s\u1ed1 c\u00e0o d\u1eabn \u0111\u1ed9ng m\u00e1y \u1ee7i FMP100 \u1ee8ng d\u1ee5ng ph\u1ed5 bi\u1ebfn<\/h2>\n<p>H\u1ed9p s\u1ed1 c\u00e0o d\u1eabn \u0111\u1ed9ng b\u1eb1ng m\u00e1y san \u1ee7i FMP100 ch\u1ee7 y\u1ebfu \u0111\u01b0\u1ee3c s\u1eed d\u1ee5ng trong m\u00e1y m\u00f3c n\u00f4ng nghi\u1ec7p v\u00e0 c\u00f4ng nghi\u1ec7p, \u0111\u1eb7c bi\u1ec7t l\u00e0 trong c\u00e1c \u1ee9ng d\u1ee5ng \u0111\u00f2i h\u1ecfi truy\u1ec1n \u0111\u1ed9ng hi\u1ec7u qu\u1ea3 v\u00e0 b\u1ec1n b\u1ec9 \u0111\u1ec3 v\u1eadn h\u00e0nh h\u1ec7 th\u1ed1ng c\u00e0o. \u200b\u200bD\u01b0\u1edbi \u0111\u00e2y l\u00e0 c\u00e1c \u1ee9ng d\u1ee5ng ph\u1ed5 bi\u1ebfn c\u1ee7a h\u1ed9p s\u1ed1 FMP100:<\/p>\n<p><strong>M\u00e1y c\u00e0o c\u1ecf kh\u00f4 (Hay Rakes)<\/strong><\/p>\n<ul>\n<li>C\u00f4ng d\u1ee5ng: H\u1ed9p s\u1ed1 FMP100 th\u01b0\u1eddng \u0111\u01b0\u1ee3c s\u1eed d\u1ee5ng trong m\u00e1y lu\u1ed1ng \u0111\u1ec3 d\u1eabn \u0111\u1ed9ng c\u01a1 c\u1ea5u c\u00e0o gom c\u1ecf kh\u00f4, r\u01a1m r\u1ea1 ho\u1eb7c c\u00e1c lo\u1ea1i c\u00e2y tr\u1ed3ng kh\u00e1c th\u00e0nh h\u00e0ng (lu\u1ed1ng lu\u1ed1ng). \u0110i\u1ec1u n\u00e0y gi\u00fap s\u1ea5y kh\u00f4, x\u1eed l\u00fd v\u00e0 thu ho\u1ea1ch sau n\u00e0y hi\u1ec7u qu\u1ea3 h\u01a1n.<\/li>\n<li>Nguy\u00ean l\u00fd ho\u1ea1t \u0111\u1ed9ng: H\u1ed9p s\u1ed1 truy\u1ec1n l\u1ef1c t\u1eeb PTO c\u1ee7a m\u00e1y k\u00e9o \u0111\u1ebfn c\u00e0o, \u0111\u1ea3m b\u1ea3o c\u00e0o di chuy\u1ec3n hi\u1ec7u qu\u1ea3 qua c\u00e1nh \u0111\u1ed3ng v\u00e0 t\u1ea1o th\u00e0nh c\u00e1c lu\u1ed1ng c\u1ecf \u0111\u1ec1u nhau \u0111\u1ec3 x\u1eed l\u00fd ti\u1ebfp theo.<\/li>\n<\/ul>\n<p><strong>C\u00e0o c\u1ecf kh\u00f4 v\u00e0 r\u01a1m<\/strong><\/p>\n<ul>\n<li>M\u1ee5c \u0111\u00edch: H\u1ed9p s\u1ed1 \u0111\u01b0\u1ee3c s\u1eed d\u1ee5ng trong m\u00e1y c\u00e0o c\u1ecf kh\u00f4 v\u00e0 r\u01a1m \u0111\u1ec3 gom c\u1ecf kh\u00f4 ho\u1eb7c r\u01a1m \u0111\u00e3 c\u1eaft th\u00e0nh \u0111\u1ed1ng ho\u1eb7c lu\u1ed1ng g\u1ecdn g\u00e0ng \u0111\u1ec3 thu gom v\u00e0 v\u1eadn chuy\u1ec3n hi\u1ec7u qu\u1ea3.<\/li>\n<li>Nguy\u00ean l\u00fd ho\u1ea1t \u0111\u1ed9ng: Trong \u1ee9ng d\u1ee5ng n\u00e0y, h\u1ed9p s\u1ed1 \u0111\u1ea3m b\u1ea3o r\u0103ng c\u00e0o ho\u1ea1t \u0111\u1ed9ng tr\u01a1n tru v\u00e0 nh\u1ea5t qu\u00e1n, c\u1ea3i thi\u1ec7n vi\u1ec7c x\u1eed l\u00fd c\u00e2y tr\u1ed3ng b\u1eb1ng c\u00e1ch gi\u1ea3m thi\u1ec3u thi\u1ec7t h\u1ea1i cho v\u1eadt li\u1ec7u v\u00e0 t\u0103ng hi\u1ec7u qu\u1ea3.<\/li>\n<\/ul>\n<p><strong>C\u00e0o quay<\/strong><\/p>\n<ul>\n<li>M\u1ee5c \u0111\u00edch: Trong m\u00e1y c\u00e0o quay, s\u1eed d\u1ee5ng b\u00e1nh xe ho\u1eb7c r\u0103ng quay \u0111\u1ec3 thu th\u1eadp v\u00e0 s\u1eafp x\u1ebfp c\u1ecf kh\u00f4 ho\u1eb7c r\u01a1m, h\u1ed9p s\u1ed1 FMP100 c\u00f3 nhi\u1ec7m v\u1ee5 truy\u1ec1n l\u1ef1c \u0111\u1ebfn c\u00e1c b\u1ed9 ph\u1eadn quay.<\/li>\n<li>Nguy\u00ean l\u00fd ho\u1ea1t \u0111\u1ed9ng: H\u1ec7 th\u1ed1ng gi\u1ea3m t\u1ed1c c\u1ee7a h\u1ed9p s\u1ed1 cho ph\u00e9p chuy\u1ec3n \u0111\u1ed5i hi\u1ec7u qu\u1ea3 l\u1ef1c PTO t\u1eeb m\u00e1y k\u00e9o th\u00e0nh l\u1ef1c m\u00f4-men xo\u1eafn cao h\u01a1n, ch\u1eadm h\u01a1n \u0111\u1ec3 d\u1eabn \u0111\u1ed9ng c\u00e1c c\u00e1nh tay quay c\u1ee7a c\u00e0o.<\/li>\n<\/ul>\n<p><strong>M\u00e1y san g\u1ea1t n\u00f4ng nghi\u1ec7p<\/strong><\/p>\n<ul>\n<li>M\u1ee5c \u0111\u00edch: M\u00e1y c\u00e0o \u0111\u1ea5t \u0111\u01b0\u1ee3c trang b\u1ecb h\u1ed9p s\u1ed1 FMP100 \u0111\u01b0\u1ee3c s\u1eed d\u1ee5ng trong c\u00e1c \u1ee9ng d\u1ee5ng san l\u1ea5p n\u00f4ng nghi\u1ec7p, n\u01a1i c\u1ea7n san ph\u1eb3ng ho\u1eb7c r\u1ea3i \u0111\u1ec1u \u0111\u1ea5t ho\u1eb7c t\u00e0n d\u01b0 c\u00e2y tr\u1ed3ng tr\u00ean kh\u1eafp c\u00e1c c\u00e1nh \u0111\u1ed3ng.<\/li>\n<li>Nguy\u00ean l\u00fd ho\u1ea1t \u0111\u1ed9ng: H\u1ed9p s\u1ed1 truy\u1ec1n \u0111\u1ed9ng cho c\u01a1 c\u1ea5u c\u00e0o \u0111\u1ec3 ph\u00e2n ph\u1ed1i \u0111\u1ec1u v\u1eadt li\u1ec7u tr\u00ean m\u1ed9t di\u1ec7n t\u00edch l\u1edbn, h\u1ed7 tr\u1ee3 vi\u1ec7c chu\u1ea9n b\u1ecb ru\u1ed9ng \u0111\u1ec3 tr\u1ed3ng tr\u1ecdt ho\u1eb7c th\u1ef1c hi\u1ec7n c\u00e1c quy tr\u00ecnh n\u00f4ng nghi\u1ec7p kh\u00e1c.<\/li>\n<\/ul>\n<p><strong>M\u00e1y Tedding<\/strong><\/p>\n<ul>\n<li>M\u1ee5c \u0111\u00edch: M\u00e1y x\u1edbi \u0111\u1ea5t \u0111\u01b0\u1ee3c s\u1eed d\u1ee5ng \u0111\u1ec3 r\u1ea3i v\u00e0 s\u1ee5c kh\u00ed cho c\u1ecf kh\u00f4 ho\u1eb7c c\u1ecf kh\u00f4 nhanh h\u01a1n. H\u1ed9p s\u1ed1 FMP100 \u0111\u01b0\u1ee3c s\u1eed d\u1ee5ng trong c\u00e1c m\u00e1y n\u00e0y \u0111\u1ec3 truy\u1ec1n \u0111\u1ed9ng cho tay c\u00e0o ho\u1eb7c r\u00f4to.<\/li>\n<li>Nguy\u00ean l\u00fd ho\u1ea1t \u0111\u1ed9ng: H\u1ed9p s\u1ed1 truy\u1ec1n \u0111\u1ed9ng cho c\u00e1c c\u00e1nh tay quay, gi\u00fap x\u1edbi t\u01a1i v\u00e0 r\u1ea3i \u0111\u1ec1u c\u1ecf kh\u00f4 ho\u1eb7c c\u1ecf tr\u00ean kh\u1eafp c\u00e1nh \u0111\u1ed3ng, \u0111\u1ea3m b\u1ea3o th\u00f4ng kh\u00ed th\u00edch h\u1ee3p v\u00e0 ng\u0103n ng\u1eeba v\u00f3n c\u1ee5c.<\/li>\n<\/ul>\n<p>Trong t\u1ea5t c\u1ea3 c\u00e1c \u1ee9ng d\u1ee5ng n\u00e0y, H\u1ed9p s\u1ed1 c\u00e0o d\u1eabn \u0111\u1ed9ng m\u00e1y san \u0111\u1ea5t FMP100 g\u00f3p ph\u1ea7n \u0111\u00e1ng k\u1ec3 v\u00e0o hi\u1ec7u su\u1ea5t, \u0111\u1ed9 tin c\u1eady v\u00e0 hi\u1ec7u qu\u1ea3 c\u1ee7a m\u00e1y m\u00f3c n\u00f4ng nghi\u1ec7p, khi\u1ebfn n\u00f3 tr\u1edf th\u00e0nh m\u1ed9t th\u00e0nh ph\u1ea7n thi\u1ebft y\u1ebfu trong n\u00f4ng nghi\u1ec7p hi\u1ec7n \u0111\u1ea1i v\u00e0 qu\u1ea3n l\u00fd \u0111\u1ea5t \u0111ai.<\/p>\n<p><img loading=\"lazy\" decoding=\"async\" class=\"alignnone size-full wp-image-2693\" src=\"https:\/\/fmp-components.com\/wp-content\/uploads\/2025\/01\/Grader-Driven-Rake-Gearbox-EP100-Common-Applications1.webp\" alt=\"H\u1ed9p s\u1ed1 c\u00e0o d\u1eabn \u0111\u1ed9ng m\u00e1y san \u1ee7i EP100 - \u1ee8ng d\u1ee5ng ph\u1ed5 bi\u1ebfn (1)\" width=\"1024\" height=\"576\" title=\"\" srcset=\"https:\/\/fmp-components.com\/wp-content\/uploads\/2025\/01\/Grader-Driven-Rake-Gearbox-EP100-Common-Applications1.webp 1024w, https:\/\/fmp-components.com\/wp-content\/uploads\/2025\/01\/Grader-Driven-Rake-Gearbox-EP100-Common-Applications1-980x551.webp 980w, https:\/\/fmp-components.com\/wp-content\/uploads\/2025\/01\/Grader-Driven-Rake-Gearbox-EP100-Common-Applications1-480x270.webp 480w\" sizes=\"(min-width: 0px) and (max-width: 480px) 480px, (min-width: 481px) and (max-width: 980px) 980px, (min-width: 981px) 1024px, 100vw\" \/><\/p>\n<h3>Gi\u1edbi thi\u1ec7u v\u1ec1 FMP<\/h3>\n<p>C\u00f3 tr\u1ee5 s\u1edf ch\u00ednh t\u1ea1i \u00dd, FMP l\u00e0 nh\u00e0 s\u1ea3n xu\u1ea5t h\u00e0ng \u0111\u1ea7u, n\u1ed5i ti\u1ebfng v\u1edbi chuy\u00ean m\u00f4n trong thi\u1ebft k\u1ebf, ph\u00e1t tri\u1ec3n v\u00e0 s\u1ea3n xu\u1ea5t h\u1ed9p s\u1ed1 hi\u1ec7u su\u1ea5t cao, \u0111\u1eb7c bi\u1ec7t t\u1eadp trung v\u00e0o l\u0129nh v\u1ef1c m\u00e1y m\u00f3c n\u00f4ng nghi\u1ec7p. V\u1edbi uy t\u00edn v\u1ec1 k\u1ef9 thu\u1eadt ch\u00ednh x\u00e1c, gi\u1ea3i ph\u00e1p s\u00e1ng t\u1ea1o v\u00e0 \u0111\u1ed9 tin c\u1eady tuy\u1ec7t \u0111\u1ed1i, FMP \u0111\u00e3 tr\u1edf th\u00e0nh \u0111\u1ed1i t\u00e1c \u0111\u00e1ng tin c\u1eady trong vi\u1ec7c \u0111\u00e1p \u1ee9ng nhu c\u1ea7u ng\u00e0y c\u00e0ng cao c\u1ee7a c\u1ea3 l\u0129nh v\u1ef1c n\u00f4ng nghi\u1ec7p v\u00e0 c\u00f4ng nghi\u1ec7p. Danh m\u1ee5c s\u1ea3n ph\u1ea9m \u0111a d\u1ea1ng c\u1ee7a ch\u00fang t\u00f4i bao g\u1ed3m h\u1ed9p s\u1ed1 chuy\u00ean d\u1ee5ng cho m\u00e1y c\u1eaft c\u1ecf, tr\u1ee5c PTO v\u00e0 c\u00e1c linh ki\u1ec7n thi\u1ebft y\u1ebfu kh\u00e1c, t\u1ea5t c\u1ea3 \u0111\u1ec1u \u0111\u01b0\u1ee3c thi\u1ebft k\u1ebf t\u1ec9 m\u1ec9 \u0111\u1ec3 cung c\u1ea5p c\u00e1c gi\u1ea3i ph\u00e1p t\u00f9y ch\u1ec9nh cho nhi\u1ec1u \u1ee9ng d\u1ee5ng kh\u00e1c nhau.<\/p>\n<p>T\u1ea1i FMP, ch\u00fang t\u00f4i hi\u1ec3u r\u1eb1ng m\u1ed7i kh\u00e1ch h\u00e0ng \u0111\u1ec1u c\u00f3 nh\u1eefng y\u00eau c\u1ea7u v\u00e0 th\u00e1ch th\u1ee9c ri\u00eang. \u0110\u00f3 l\u00e0 l\u00fd do t\u1ea1i sao ch\u00fang t\u00f4i chuy\u00ean cung c\u1ea5p c\u00e1c gi\u1ea3i ph\u00e1p \u0111\u01b0\u1ee3c thi\u1ebft k\u1ebf ri\u00eang, d\u00f9 l\u00e0 cho t\u1eebng th\u00e0nh ph\u1ea7n ri\u00eang l\u1ebb hay h\u1ec7 th\u1ed1ng t\u00edch h\u1ee3p ho\u00e0n ch\u1ec9nh. Ch\u00fang t\u00f4i h\u1ee3p t\u00e1c ch\u1eb7t ch\u1ebd v\u1edbi kh\u00e1ch h\u00e0ng \u0111\u1ec3 \u0111\u1ea3m b\u1ea3o m\u1ecdi gi\u1ea3i ph\u00e1p kh\u00f4ng ch\u1ec9 hi\u1ec7u qu\u1ea3 m\u00e0 c\u00f2n t\u1ed1i \u01b0u h\u00f3a c\u1ea3 hi\u1ec7u su\u1ea5t v\u00e0 gi\u00e1 tr\u1ecb. Cam k\u1ebft cung c\u1ea5p ph\u1ea3n h\u1ed3i nhanh ch\u00f3ng, chuy\u00ean nghi\u1ec7p, c\u00f9ng v\u1edbi s\u1ef1 h\u01b0\u1edbng d\u1eabn chuy\u00ean m\u00f4n, \u0111\u1ea3m b\u1ea3o m\u1ecdi th\u1eafc m\u1eafc \u0111\u1ec1u \u0111\u01b0\u1ee3c x\u1eed l\u00fd v\u1edbi s\u1ef1 t\u1eadn t\u00e2m v\u00e0 ch\u00ednh x\u00e1c t\u1ed1i \u0111a, mang l\u1ea1i k\u1ebft qu\u1ea3 t\u1ed1t nh\u1ea5t c\u00f3 th\u1ec3.<\/p>\n<p>Ch\u00fang t\u00f4i \u01b0u ti\u00ean giao ti\u1ebfp c\u1edfi m\u1edf v\u00e0 li\u00ean t\u1ee5c trong su\u1ed1t qu\u00e1 tr\u00ecnh ph\u00e1t tri\u1ec3n s\u1ea3n ph\u1ea9m. \u0110\u1ed9i ng\u0169 t\u1eadn t\u00e2m c\u1ee7a ch\u00fang t\u00f4i l\u00e0m vi\u1ec7c tr\u1ef1c ti\u1ebfp v\u1edbi kh\u00e1ch h\u00e0ng \u0111\u1ec3 hi\u1ec3u r\u00f5 nhu c\u1ea7u c\u1ee5 th\u1ec3 c\u1ee7a h\u1ecd, cung c\u1ea5p nh\u1eefng hi\u1ec3u bi\u1ebft s\u00e2u s\u1eafc v\u00e0 \u0111\u1ec1 xu\u1ea5t gi\u00e1 tr\u1ecb nh\u1eb1m \u0111\u1ea3m b\u1ea3o c\u00e1c gi\u1ea3i ph\u00e1p t\u1ed1i \u01b0u. D\u00f9 l\u00e0 thi\u1ebft k\u1ebf s\u1ea3n ph\u1ea9m s\u00e1ng t\u1ea1o hay ho\u00e0n th\u00e0nh c\u00e1c \u0111\u01a1n h\u00e0ng \u0111ang tri\u1ec3n khai, FMP lu\u00f4n cam k\u1ebft cung c\u1ea5p c\u00e1c gi\u1ea3i ph\u00e1p ch\u1ea5t l\u01b0\u1ee3ng cao, \u0111\u01b0\u1ee3c thi\u1ebft k\u1ebf ch\u00ednh x\u00e1c, \u0111\u00fang th\u1eddi h\u1ea1n. M\u1ee5c ti\u00eau c\u1ee7a ch\u00fang t\u00f4i l\u00e0 mang \u0111\u1ebfn cho kh\u00e1ch h\u00e0ng d\u1ecbch v\u1ee5 v\u00e0 k\u1ebft qu\u1ea3 t\u1ed1t nh\u1ea5t, v\u01b0\u1ee3t tr\u00ean c\u1ea3 mong \u0111\u1ee3i trong m\u1ecdi d\u1ef1 \u00e1n.<\/p>\n<p>Ch\u1ea5t l\u01b0\u1ee3ng l\u00e0 n\u1ec1n t\u1ea3ng cho m\u1ecdi ho\u1ea1t \u0111\u1ed9ng c\u1ee7a FMP. Ch\u00fang t\u00f4i tu\u00e2n th\u1ee7 c\u00e1c ti\u00eau chu\u1ea9n s\u1ea3n xu\u1ea5t cao nh\u1ea5t, th\u1ef1c hi\u1ec7n c\u00e1c bi\u1ec7n ph\u00e1p ki\u1ec3m so\u00e1t ch\u1ea5t l\u01b0\u1ee3ng nghi\u00eam ng\u1eb7t \u0111\u1ec3 \u0111\u1ea3m b\u1ea3o m\u1ed7i s\u1ea3n ph\u1ea9m kh\u00f4ng ch\u1ec9 \u0111\u00e1p \u1ee9ng m\u00e0 c\u00f2n v\u01b0\u1ee3t xa c\u00e1c ti\u00eau chu\u1ea9n c\u1ee7a ng\u00e0nh. Cam k\u1ebft v\u1eefng ch\u1eafc v\u1ec1 ch\u1ea5t l\u01b0\u1ee3ng n\u00e0y, k\u1ebft h\u1ee3p v\u1edbi c\u00e1c gi\u00e1 tr\u1ecb c\u1ed1t l\u00f5i c\u1ee7a ch\u00fang t\u00f4i l\u00e0 ch\u00ednh tr\u1ef1c, tinh th\u1ea7n \u0111\u1ed3ng \u0111\u1ed9i v\u00e0 s\u1ef1 ki\u00ean tr\u00ec, \u0111\u00e3 gi\u00fap ch\u00fang t\u00f4i x\u00e2y d\u1ef1ng m\u1ed1i quan h\u1ec7 l\u00e2u d\u00e0i, tin c\u1eady v\u1edbi kh\u00e1ch h\u00e0ng t\u1ea1i g\u1ea7n 30 qu\u1ed1c gia tr\u00ean to\u00e0n th\u1ebf gi\u1edbi.<\/p>\n<p>FMP lu\u00f4n s\u1eb5n s\u00e0ng th\u00fac \u0111\u1ea9y quan h\u1ec7 \u0111\u1ed1i t\u00e1c to\u00e0n c\u1ea7u v\u00e0 lu\u00f4n t\u1eadn t\u00e2m cung c\u1ea5p t\u01b0 v\u1ea5n chuy\u00ean m\u00f4n v\u00e0 c\u00e1c gi\u1ea3i ph\u00e1p t\u00f9y ch\u1ec9nh \u0111\u00e1p \u1ee9ng nhu c\u1ea7u \u0111a d\u1ea1ng c\u1ee7a kh\u00e1ch h\u00e0ng. Ch\u00fang t\u00f4i kh\u00f4ng ch\u1ec9 cung c\u1ea5p s\u1ea3n ph\u1ea9m; ch\u00fang t\u00f4i h\u01b0\u1edbng \u0111\u1ebfn vi\u1ec7c x\u00e2y d\u1ef1ng c\u00e1c m\u1ed1i quan h\u1ec7 b\u1ec1n v\u1eefng, g\u00f3p ph\u1ea7n v\u00e0o th\u00e0nh c\u00f4ng c\u1ee7a m\u1ecdi d\u1ef1 \u00e1n. Cho d\u00f9 b\u1ea1n c\u1ea7n c\u00e1c gi\u1ea3i ph\u00e1p s\u00e1ng t\u1ea1o cho m\u1ed9t s\u00e1ng ki\u1ebfn m\u1edbi hay h\u1ed7 tr\u1ee3 li\u00ean t\u1ee5c cho m\u1ed9t h\u1ec7 th\u1ed1ng hi\u1ec7n c\u00f3, FMP lu\u00f4n s\u1eb5n s\u00e0ng gi\u1ea3i quy\u1ebft c\u00e1c th\u00e1ch th\u1ee9c k\u1ef9 thu\u1eadt v\u00e0 \u0111\u1ea3m b\u1ea3o s\u1ef1 th\u00e0nh c\u00f4ng li\u00ean t\u1ee5c c\u1ee7a b\u1ea1n.<\/p>\n<p><img loading=\"lazy\" decoding=\"async\" class=\"alignnone  wp-image-2695\" src=\"https:\/\/fmp-components.com\/wp-content\/uploads\/2025\/01\/agricultural-gearbox3.webp\" alt=\"h\u1ed9p s\u1ed1 n\u00f4ng nghi\u1ec7p\" width=\"953\" height=\"951\" title=\"\" srcset=\"https:\/\/fmp-components.com\/wp-content\/uploads\/2025\/01\/agricultural-gearbox3.webp 953w, https:\/\/fmp-components.com\/wp-content\/uploads\/2025\/01\/agricultural-gearbox3-480x479.webp 480w\" sizes=\"(min-width: 0px) and (max-width: 480px) 480px, (min-width: 481px) 953px, 100vw\" \/><\/p>\n<p>T\u00e1c gi\u1ea3: CX<\/p>","protected":false},"excerpt":{"rendered":"<p>Grader Driven Rake Gearbox FMP100 Dimensions Grader Driven Rake Gearbox FMP100 Shaft Dimensions Grader Driven Rake Gearbox FMP100 Technical Data i Suitable Rpm input Rpm output KW(Nom) KW(Max) L r\/min r\/min hp hp mm Speed increase 1 :2.31 Rotary Tillers, etc 540 1250 100 140 397 226 Remark: If you have any special require feel [&hellip;]<\/p>","protected":false},"featured_media":2694,"comment_status":"open","ping_status":"closed","template":"","meta":{"_et_pb_use_builder":"","_et_pb_old_content":"","_et_gb_content_width":""},"product_brand":[],"product_cat":[66],"product_tag":[],"class_list":{"0":"post-2689","1":"product","2":"type-product","3":"status-publish","4":"has-post-thumbnail","6":"product_cat-grader-driven-rake-gearbox","8":"first","9":"instock","10":"shipping-taxable","11":"product-type-simple"},"_links":{"self":[{"href":"https:\/\/fmp-components.com\/vi\/wp-json\/wp\/v2\/product\/2689","targetHints":{"allow":["GET"]}}],"collection":[{"href":"https:\/\/fmp-components.com\/vi\/wp-json\/wp\/v2\/product"}],"about":[{"href":"https:\/\/fmp-components.com\/vi\/wp-json\/wp\/v2\/types\/product"}],"replies":[{"embeddable":true,"href":"https:\/\/fmp-components.com\/vi\/wp-json\/wp\/v2\/comments?post=2689"}],"wp:featuredmedia":[{"embeddable":true,"href":"https:\/\/fmp-components.com\/vi\/wp-json\/wp\/v2\/media\/2694"}],"wp:attachment":[{"href":"https:\/\/fmp-components.com\/vi\/wp-json\/wp\/v2\/media?parent=2689"}],"wp:term":[{"taxonomy":"product_brand","embeddable":true,"href":"https:\/\/fmp-components.com\/vi\/wp-json\/wp\/v2\/product_brand?post=2689"},{"taxonomy":"product_cat","embeddable":true,"href":"https:\/\/fmp-components.com\/vi\/wp-json\/wp\/v2\/product_cat?post=2689"},{"taxonomy":"product_tag","embeddable":true,"href":"https:\/\/fmp-components.com\/vi\/wp-json\/wp\/v2\/product_tag?post=2689"}],"curies":[{"name":"wp","href":"https:\/\/api.w.org\/{rel}","templated":true}]}}