{"id":2663,"date":"2025-01-03T05:45:44","date_gmt":"2025-01-03T05:45:44","guid":{"rendered":"https:\/\/fmp-components.com\/product\/china-manufacture-steering-double-action-hydraulic-ram-for-dump-truck\/"},"modified":"2025-01-04T00:43:30","modified_gmt":"2025-01-04T00:43:30","slug":"italy-manufacture-steering-double-action-hydraulic-ram-for-dump-truck","status":"publish","type":"product","link":"https:\/\/fmp-components.com\/vi\/product\/italy-manufacture-steering-double-action-hydraulic-ram-for-dump-truck\/","title":{"rendered":"\u00dd S\u1ea3n xu\u1ea5t H\u1ec7 th\u1ed1ng l\u00e1i th\u1ee7y l\u1ef1c t\u00e1c \u0111\u1ed9ng k\u00e9p cho xe ben"},"content":{"rendered":"<h2>Xi lanh th\u1ee7y l\u1ef1c t\u00e1c \u0111\u1ed9ng k\u00e9p \u0111i\u1ec1u khi\u1ec3n l\u00e1i s\u1ea3n xu\u1ea5t t\u1ea1i \u00dd d\u00e0nh cho xe ben<\/h2>\n<p>Xi lanh th\u1ee7y l\u1ef1c t\u00e1c \u0111\u1ed9ng k\u00e9p \u0111i\u1ec1u khi\u1ec3n l\u00e1i \u0111\u01b0\u1ee3c s\u1ea3n xu\u1ea5t t\u1ea1i \u00dd l\u00e0 m\u1ed9t b\u1ed9 ph\u1eadn ch\u1ea5t l\u01b0\u1ee3ng cao v\u00e0 \u0111\u00e1ng tin c\u1eady, \u0111\u01b0\u1ee3c thi\u1ebft k\u1ebf \u0111\u1eb7c bi\u1ec7t cho xe t\u1ea3i t\u1ef1 \u0111\u1ed5. Xi lanh th\u1ee7y l\u1ef1c n\u00e0y \u0111\u00f3ng vai tr\u00f2 quan tr\u1ecdng trong vi\u1ec7c \u0111i\u1ec1u khi\u1ec3n v\u00e0 v\u1eadn h\u00e0nh hi\u1ec7u qu\u1ea3 xe t\u1ea3i t\u1ef1 \u0111\u1ed5, \u0111\u1ea3m b\u1ea3o chuy\u1ec3n \u0111\u1ed9ng m\u01b0\u1ee3t m\u00e0 v\u00e0 ch\u00ednh x\u00e1c.<\/p>\n<p>C\u00e1c t\u00ednh n\u0103ng ch\u00ednh:<br \/>\n\u2013 C\u1ea3i thi\u1ec7n kh\u1ea3 n\u0103ng \u0111i\u1ec1u khi\u1ec3n l\u00e1i: Xi lanh th\u1ee7y l\u1ef1c s\u1eed d\u1ee5ng c\u00f4ng ngh\u1ec7 ti\u00ean ti\u1ebfn \u0111\u1ec3 cung c\u1ea5p kh\u1ea3 n\u0103ng \u0111i\u1ec1u khi\u1ec3n l\u00e1i tuy\u1ec7t v\u1eddi, cho ph\u00e9p ng\u01b0\u1eddi v\u1eadn h\u00e0nh d\u1ec5 d\u00e0ng \u0111i\u1ec1u khi\u1ec3n xe ben. T\u00ednh n\u0103ng n\u00e0y gi\u00fap t\u0103ng c\u01b0\u1eddng an to\u00e0n v\u00e0 \u1ed5n \u0111\u1ecbnh t\u1ed5ng th\u1ec3 c\u1ee7a xe trong qu\u00e1 tr\u00ecnh v\u1eadn h\u00e0nh.<\/p>\n<p>\u2013 Ch\u1ee9c n\u0103ng t\u00e1c \u0111\u1ed9ng k\u00e9p: Xi lanh th\u1ee7y l\u1ef1c c\u00f3 ch\u1ee9c n\u0103ng t\u00e1c \u0111\u1ed9ng k\u00e9p, cho ph\u00e9p c\u1ea3 chuy\u1ec3n \u0111\u1ed9ng \u0111\u1ea9y v\u00e0 k\u00e9o. T\u00ednh linh ho\u1ea1t n\u00e0y cho ph\u00e9p \u0111i\u1ec1u khi\u1ec3n hi\u1ec7u qu\u1ea3 v\u00e0 linh ho\u1ea1t, c\u1ea3i thi\u1ec7n n\u0103ng su\u1ea5t v\u00e0 gi\u1ea3m th\u1eddi gian v\u1eadn h\u00e0nh.<\/p>\n<p><img loading=\"lazy\" decoding=\"async\" class=\"size-full wp-image-2681 aligncenter\" src=\"https:\/\/fmp-components.com\/wp-content\/uploads\/2025\/01\/dump-truck-trailer-hydraulic-cylinder-5-2.webp\" alt=\"xi lanh th\u1ee7y l\u1ef1c xe t\u1ea3i t\u1ef1 \u0111\u1ed5-r\u01a1 mo\u00f3c-5\" width=\"600\" height=\"467\" title=\"\" srcset=\"https:\/\/fmp-components.com\/wp-content\/uploads\/2025\/01\/dump-truck-trailer-hydraulic-cylinder-5-2.webp 600w, https:\/\/fmp-components.com\/wp-content\/uploads\/2025\/01\/dump-truck-trailer-hydraulic-cylinder-5-2-480x374.webp 480w\" sizes=\"(min-width: 0px) and (max-width: 480px) 480px, (min-width: 481px) 600px, 100vw\" \/><\/p>\n<p>\u2013 C\u1ea5u tr\u00fac ch\u1eafc ch\u1eafn: \u0110\u01b0\u1ee3c s\u1ea3n xu\u1ea5t b\u1eb1ng v\u1eadt li\u1ec7u b\u1ec1n b\u1ec9, xi lanh th\u1ee7y l\u1ef1c c\u00f3 \u0111\u1ed9 b\u1ec1n v\u00e0 tu\u1ed5i th\u1ecd v\u01b0\u1ee3t tr\u1ed9i. N\u00f3 \u0111\u01b0\u1ee3c thi\u1ebft k\u1ebf \u0111\u1ec3 ch\u1ecbu \u0111\u01b0\u1ee3c vi\u1ec7c s\u1eed d\u1ee5ng n\u1eb7ng v\u00e0 \u0111i\u1ec1u ki\u1ec7n l\u00e0m vi\u1ec7c kh\u1eafc nghi\u1ec7t, l\u00fd t\u01b0\u1edfng cho xe t\u1ea3i t\u1ef1 \u0111\u1ed5 ho\u1ea1t \u0111\u1ed9ng trong ng\u00e0nh x\u00e2y d\u1ef1ng, khai th\u00e1c m\u1ecf v\u00e0 c\u00e1c ng\u00e0nh c\u00f4ng nghi\u1ec7p \u0111\u00f2i h\u1ecfi cao kh\u00e1c.<\/p>\n<p>\u2013 Hi\u1ec7u su\u1ea5t ch\u00ednh x\u00e1c v\u00e0 \u0111\u00e1ng tin c\u1eady: V\u1edbi k\u1ef9 thu\u1eadt ch\u00ednh x\u00e1c v\u00e0 ti\u00eau chu\u1ea9n s\u1ea3n xu\u1ea5t t\u1ec9 m\u1ec9, xi lanh th\u1ee7y l\u1ef1c \u0111\u1ea3m b\u1ea3o hi\u1ec7u su\u1ea5t \u1ed5n \u0111\u1ecbnh v\u00e0 \u0111\u00e1ng tin c\u1eady. N\u00f3 mang l\u1ea1i kh\u1ea3 n\u0103ng \u0111i\u1ec1u khi\u1ec3n l\u00e1i m\u01b0\u1ee3t m\u00e0 v\u00e0 ch\u00ednh x\u00e1c, gi\u1ea3m thi\u1ec3u nguy c\u01a1 chuy\u1ec3n \u0111\u1ed9ng \u0111\u1ed9t ng\u1ed9t ho\u1eb7c tr\u1ee5c tr\u1eb7c.<\/p>\n<p>\u2013 L\u1eafp \u0111\u1eb7t v\u00e0 b\u1ea3o tr\u00ec d\u1ec5 d\u00e0ng: Xi lanh th\u1ee7y l\u1ef1c \u0111\u01b0\u1ee3c thi\u1ebft k\u1ebf \u0111\u1ec3 l\u1eafp \u0111\u1eb7t v\u00e0 b\u1ea3o tr\u00ec d\u1ec5 d\u00e0ng, gi\u1ea3m th\u1eddi gian ng\u1eebng ho\u1ea1t \u0111\u1ed9ng v\u00e0 t\u0103ng n\u0103ng su\u1ea5t. Thi\u1ebft k\u1ebf th\u00e2n thi\u1ec7n v\u1edbi ng\u01b0\u1eddi d\u00f9ng cho ph\u00e9p b\u1ea3o tr\u00ec v\u00e0 b\u1ea3o d\u01b0\u1ee1ng d\u1ec5 d\u00e0ng, \u0111\u1ea3m b\u1ea3o hi\u1ec7u su\u1ea5t t\u1ed1i \u01b0u trong su\u1ed1t v\u00f2ng \u0111\u1eddi c\u1ee7a s\u1ea3n ph\u1ea9m.<\/p>\n<p>T\u00f3m l\u1ea1i, xi lanh th\u1ee7y l\u1ef1c t\u00e1c \u0111\u1ed9ng k\u00e9p \u0111i\u1ec1u khi\u1ec3n l\u00e1i d\u00e0nh cho xe ben s\u1ea3n xu\u1ea5t t\u1ea1i \u00dd l\u00e0 m\u1ed9t s\u1ea3n ph\u1ea9m ch\u1ea5t l\u01b0\u1ee3ng cao, \u0111\u1ea3m b\u1ea3o kh\u1ea3 n\u0103ng \u0111i\u1ec1u khi\u1ec3n l\u00e1i hi\u1ec7u qu\u1ea3 v\u00e0 hi\u1ec7u su\u1ea5t \u0111\u00e1ng tin c\u1eady. V\u1edbi c\u00e1c t\u00ednh n\u0103ng ti\u00ean ti\u1ebfn, \u0111\u1ed9 b\u1ec1n v\u00e0 d\u1ec5 d\u00e0ng l\u1eafp \u0111\u1eb7t, xi lanh th\u1ee7y l\u1ef1c n\u00e0y l\u00e0 l\u1ef1a ch\u1ecdn tuy\u1ec7t v\u1eddi cho c\u00e1c xe ben ho\u1ea1t \u0111\u1ed9ng trong nhi\u1ec1u ng\u00e0nh c\u00f4ng nghi\u1ec7p kh\u00e1c nhau.<\/p>\n<h2>\u01afu \u0111i\u1ec3m c\u1ee7a xi lanh th\u1ee7y l\u1ef1c xe ben v\u00e0 xe mo\u00f3c<\/h2>\n<ul>\n<li><strong>T\u0103ng hi\u1ec7u qu\u1ea3:<\/strong> Xe ben v\u00e0 r\u01a1 mo\u00f3c \u0111\u01b0\u1ee3c trang b\u1ecb xi lanh th\u1ee7y l\u1ef1c c\u00f3 th\u1ec3 ho\u1ea1t \u0111\u1ed9ng hi\u1ec7u qu\u1ea3 h\u01a1n so v\u1edbi xe kh\u00f4ng c\u00f3 xi lanh. H\u1ec7 th\u1ed1ng th\u1ee7y l\u1ef1c cung c\u1ea5p kh\u1ea3 n\u0103ng truy\u1ec1n l\u1ef1c m\u01b0\u1ee3t m\u00e0, \u0111\u00e1ng tin c\u1eady, cho ph\u00e9p \u0111\u1ed5 v\u1eadt li\u1ec7u nhanh h\u01a1n v\u00e0 ch\u00ednh x\u00e1c h\u01a1n. \u0110i\u1ec1u n\u00e0y gi\u00fap ti\u1ebft ki\u1ec7m th\u1eddi gian v\u00e0 chi ph\u00ed nh\u00e2n c\u00f4ng, \u0111\u1ed3ng th\u1eddi t\u0103ng n\u0103ng su\u1ea5t t\u1ed5ng th\u1ec3. H\u01a1n n\u1eefa, h\u1ec7 th\u1ed1ng th\u1ee7y l\u1ef1c c\u00f3 hi\u1ec7u su\u1ea5t cao v\u1ec1 m\u1eb7t ti\u00eau th\u1ee5 n\u0103ng l\u01b0\u1ee3ng. Ch\u00fang ti\u00eau th\u1ee5 \u00edt n\u0103ng l\u01b0\u1ee3ng h\u01a1n so v\u1edbi h\u1ec7 th\u1ed1ng c\u01a1 kh\u00ed, \u0111\u1ed3ng ngh\u0129a v\u1edbi vi\u1ec7c gi\u1ea3m chi ph\u00ed nhi\u00ean li\u1ec7u v\u00e0 gi\u1ea3m thi\u1ec3u t\u00e1c \u0111\u1ed9ng \u0111\u1ebfn m\u00f4i tr\u01b0\u1eddng. H\u01a1n n\u1eefa, xi lanh th\u1ee7y l\u1ef1c \u0111\u01b0\u1ee3c thi\u1ebft k\u1ebf \u0111\u1ec3 ho\u1ea1t \u0111\u1ed9ng l\u00e2u d\u00e0i, gi\u1ea3m nhu c\u1ea7u b\u1ea3o tr\u00ec v\u00e0 s\u1eeda ch\u1eefa th\u01b0\u1eddng xuy\u00ean.<\/li>\n<li><strong>C\u1ea3i thi\u1ec7n an to\u00e0n:<\/strong> Xe ben v\u00e0 r\u01a1 mo\u00f3c c\u00f3 th\u1ec3 nguy hi\u1ec3m n\u1ebfu kh\u00f4ng \u0111\u01b0\u1ee3c v\u1eadn h\u00e0nh \u0111\u00fang c\u00e1ch. Tuy nhi\u00ean, xi lanh th\u1ee7y l\u1ef1c c\u00f3 th\u1ec3 c\u1ea3i thi\u1ec7n an to\u00e0n b\u1eb1ng c\u00e1ch gi\u1ea3m nguy c\u01a1 l\u1eadt ho\u1eb7c tr\u00e0n trong qu\u00e1 tr\u00ecnh \u0111\u1ed5. H\u1ec7 th\u1ed1ng th\u1ee7y l\u1ef1c cung c\u1ea5p kh\u1ea3 n\u0103ng truy\u1ec1n l\u1ef1c \u1ed5n \u0111\u1ecbnh v\u00e0 tr\u01a1n tru, ng\u0103n ng\u1eeba c\u00e1c chuy\u1ec3n \u0111\u1ed9ng \u0111\u1ed9t ng\u1ed9t ho\u1eb7c gi\u1eadt m\u1ea1nh c\u00f3 th\u1ec3 l\u00e0m m\u1ea5t \u1ed5n \u0111\u1ecbnh xe. Ngo\u00e0i ra, h\u1ec7 th\u1ed1ng th\u1ee7y l\u1ef1c c\u00f3 th\u1ec3 \u0111\u01b0\u1ee3c thi\u1ebft k\u1ebf v\u1edbi c\u00e1c t\u00ednh n\u0103ng an to\u00e0n nh\u01b0 van gi\u1ea3m \u00e1p v\u00e0 b\u1ea3o v\u1ec7 qu\u00e1 t\u1ea3i, \u0111\u1ea3m b\u1ea3o h\u1ec7 th\u1ed1ng kh\u00f4ng v\u01b0\u1ee3t qu\u00e1 c\u00f4ng su\u1ea5t t\u1ed1i \u0111a. B\u1eb1ng c\u00e1ch c\u1ea3i thi\u1ec7n an to\u00e0n, xi lanh th\u1ee7y l\u1ef1c c\u00f3 th\u1ec3 gi\u00fap gi\u1ea3m nguy c\u01a1 tai n\u1ea1n v\u00e0 th\u01b0\u01a1ng t\u00edch, b\u1ea3o v\u1ec7 c\u1ea3 ng\u01b0\u1eddi lao \u0111\u1ed9ng v\u00e0 thi\u1ebft b\u1ecb.<\/li>\n<li><strong>T\u0103ng t\u00ednh linh ho\u1ea1t:<\/strong> Xe t\u1ea3i ben v\u00e0 r\u01a1 mo\u00f3c \u0111\u01b0\u1ee3c trang b\u1ecb xi lanh th\u1ee7y l\u1ef1c c\u00f3 th\u1ec3 \u0111\u01b0\u1ee3c s\u1eed d\u1ee5ng cho nhi\u1ec1u \u1ee9ng d\u1ee5ng kh\u00e1c nhau. H\u1ec7 th\u1ed1ng th\u1ee7y l\u1ef1c c\u00f3 kh\u1ea3 n\u0103ng th\u00edch \u1ee9ng cao v\u00e0 c\u00f3 th\u1ec3 \u0111\u01b0\u1ee3c t\u00f9y ch\u1ec9nh \u0111\u1ec3 ph\u00f9 h\u1ee3p v\u1edbi nhu c\u1ea7u c\u1ee5 th\u1ec3 c\u1ee7a c\u00e1c ng\u00e0nh c\u00f4ng nghi\u1ec7p v\u00e0 \u1ee9ng d\u1ee5ng kh\u00e1c nhau. V\u00ed d\u1ee5, xi lanh th\u1ee7y l\u1ef1c c\u00f3 th\u1ec3 \u0111\u01b0\u1ee3c thi\u1ebft k\u1ebf \u0111\u1ec3 ho\u1ea1t \u0111\u1ed9ng \u1edf nhi\u1ec1u \u00e1p su\u1ea5t v\u00e0 t\u1ed1c \u0111\u1ed9 kh\u00e1c nhau, cho ph\u00e9p ki\u1ec3m so\u00e1t ch\u00ednh x\u00e1c qu\u00e1 tr\u00ecnh \u0111\u1ed5. Ch\u00fang c\u0169ng c\u00f3 th\u1ec3 \u0111\u01b0\u1ee3c s\u1eed d\u1ee5ng \u0111\u1ec3 n\u00e2ng v\u1eadt n\u1eb7ng ho\u1eb7c \u0111\u1ea9y v\u1eadt li\u1ec7u sang m\u1ed9t b\u00ean, r\u1ea5t h\u1eefu \u00edch cho x\u00e2y d\u1ef1ng, khai th\u00e1c m\u1ecf v\u00e0 n\u00f4ng nghi\u1ec7p.<\/li>\n<li><strong>C\u1ea3i thi\u1ec7n s\u1ef1 tho\u1ea3i m\u00e1i:<\/strong> Ng\u01b0\u1eddi v\u1eadn h\u00e0nh xe ben v\u00e0 xe mo\u00f3c c\u00f3 th\u1ec3 \u0111\u01b0\u1ee3c h\u01b0\u1edfng l\u1ee3i t\u1eeb s\u1ef1 tho\u1ea3i m\u00e1i \u0111\u01b0\u1ee3c c\u1ea3i thi\u1ec7n nh\u1edd h\u1ec7 th\u1ed1ng th\u1ee7y l\u1ef1c. Ho\u1ea1t \u0111\u1ed9ng tr\u01a1n tru c\u1ee7a xi lanh th\u1ee7y l\u1ef1c gi\u00fap gi\u1ea3m rung \u0111\u1ed9ng v\u00e0 x\u00f3c, gi\u1ea3m m\u1ec7t m\u1ecfi cho ng\u01b0\u1eddi v\u1eadn h\u00e0nh v\u00e0 c\u1ea3i thi\u1ec7n s\u1ef1 tho\u1ea3i m\u00e1i t\u1ed5ng th\u1ec3. Ngo\u00e0i ra, h\u1ec7 th\u1ed1ng th\u1ee7y l\u1ef1c c\u00f3 th\u1ec3 \u0111\u01b0\u1ee3c thi\u1ebft k\u1ebf \u0111\u1ec3 v\u1eadn h\u00e0nh \u00eam \u00e1i, gi\u1ea3m \u00f4 nhi\u1ec5m ti\u1ebfng \u1ed3n v\u00e0 t\u1ea1o ra m\u00f4i tr\u01b0\u1eddng l\u00e0m vi\u1ec7c tho\u1ea3i m\u00e1i h\u01a1n. \u0110i\u1ec1u n\u00e0y \u0111\u1eb7c bi\u1ec7t quan tr\u1ecdng \u0111\u1ed1i v\u1edbi c\u00e1c \u1ee9ng d\u1ee5ng \u0111\u00f2i h\u1ecfi ng\u01b0\u1eddi lao \u0111\u1ed9ng ph\u1ea3i \u1edf g\u1ea7n thi\u1ebft b\u1ecb trong th\u1eddi gian d\u00e0i.<\/li>\n<li><strong>T\u0103ng c\u01b0\u1eddng ki\u1ec3m so\u00e1t:<\/strong> Xi lanh th\u1ee7y l\u1ef1c cung c\u1ea5p kh\u1ea3 n\u0103ng ki\u1ec3m so\u00e1t ch\u00ednh x\u00e1c qu\u00e1 tr\u00ecnh \u0111\u1ed5, cho ph\u00e9p ng\u01b0\u1eddi v\u1eadn h\u00e0nh \u0111i\u1ec1u ch\u1ec9nh t\u1ed1c \u0111\u1ed9 v\u00e0 g\u00f3c \u0111\u1ed5. M\u1ee9c \u0111\u1ed9 ki\u1ec3m so\u00e1t n\u00e0y \u0111\u1eb7c bi\u1ec7t h\u1eefu \u00edch cho c\u00e1c \u1ee9ng d\u1ee5ng m\u00e0 v\u1eadt li\u1ec7u \u0111\u01b0\u1ee3c \u0111\u1ed5 r\u1ea5t m\u1ecfng manh ho\u1eb7c y\u00eau c\u1ea7u \u0111\u1ecbnh v\u1ecb ch\u00ednh x\u00e1c. Ngo\u00e0i ra, xi lanh th\u1ee7y l\u1ef1c c\u00f3 th\u1ec3 \u0111\u01b0\u1ee3c v\u1eadn h\u00e0nh t\u1eeb xa, mang l\u1ea1i kh\u1ea3 n\u0103ng ki\u1ec3m so\u00e1t v\u00e0 linh ho\u1ea1t h\u01a1n n\u1eefa. \u0110i\u1ec1u n\u00e0y c\u00f3 th\u1ec3 h\u1eefu \u00edch cho c\u00e1c \u1ee9ng d\u1ee5ng m\u00e0 ng\u01b0\u1eddi v\u1eadn h\u00e0nh c\u1ea7n \u1edf v\u1ecb tr\u00ed kh\u00e1c so v\u1edbi thi\u1ebft b\u1ecb ho\u1eb7c t\u1ea7m nh\u00ecn b\u1ecb h\u1ea1n ch\u1ebf.<\/li>\n<\/ul>\n<p><img loading=\"lazy\" decoding=\"async\" class=\"alignnone size-full wp-image-2676\" src=\"https:\/\/fmp-components.com\/wp-content\/uploads\/2025\/01\/hydraulic-cylinder-workshop.webp\" alt=\"x\u01b0\u1edfng xi-lanh th\u1ee7y l\u1ef1c\" width=\"914\" height=\"733\" title=\"\" srcset=\"https:\/\/fmp-components.com\/wp-content\/uploads\/2025\/01\/hydraulic-cylinder-workshop.webp 914w, https:\/\/fmp-components.com\/wp-content\/uploads\/2025\/01\/hydraulic-cylinder-workshop-480x385.webp 480w\" sizes=\"(min-width: 0px) and (max-width: 480px) 480px, (min-width: 481px) 914px, 100vw\" \/><\/p>\n<h2>Gi\u1edbi thi\u1ec7u v\u1ec1 FMP<\/h2>\n<p>FMP l\u00e0 m\u1ed9t c\u00f4ng ty h\u00e0ng \u0111\u1ea7u c\u00f3 tr\u1ee5 s\u1edf t\u1ea1i \u00dd, chuy\u00ean kinh doanh v\u00e0 b\u1ea3o tr\u00ec ph\u1ee5 ki\u1ec7n m\u00e1y m\u00f3c x\u00e2y d\u1ef1ng v\u00e0 m\u00e1y m\u00f3c ho\u00e0n ch\u1ec9nh. C\u00f4ng ty ch\u00fang t\u00f4i c\u00f3 kinh nghi\u1ec7m d\u00e0y d\u1eb7n trong ng\u00e0nh v\u00e0 \u0111\u1ed9i ng\u0169 chuy\u00ean nghi\u1ec7p, cam k\u1ebft cung c\u1ea5p cho kh\u00e1ch h\u00e0ng c\u00e1c gi\u1ea3i ph\u00e1p m\u00e1y m\u00f3c x\u00e2y d\u1ef1ng ch\u1ea5t l\u01b0\u1ee3ng cao v\u00e0 \u0111\u00e1ng tin c\u1eady.<\/p>\n<p>D\u01b0\u1edbi \u0111\u00e2y l\u00e0 n\u0103m l\u00fd do t\u1ea1i sao b\u1ea1n n\u00ean ch\u1ecdn FMP:<\/p>\n<p>1. Xi lanh th\u1ee7y l\u1ef1c k\u1ef9 thu\u1eadt ch\u00ednh x\u00e1c ch\u1ea5t l\u01b0\u1ee3ng cao<br \/>\nT\u1ea1i FMP, ch\u00fang t\u00f4i cam k\u1ebft ch\u1ea5t l\u01b0\u1ee3ng \u1edf m\u1ecdi c\u1ea5p \u0111\u1ed9 kinh doanh. Xi lanh th\u1ee7y l\u1ef1c c\u1ee7a ch\u00fang t\u00f4i \u0111\u01b0\u1ee3c thi\u1ebft k\u1ebf ch\u00ednh x\u00e1c \u0111\u1ec3 \u0111\u00e1p \u1ee9ng c\u00e1c ti\u00eau chu\u1ea9n cao nh\u1ea5t c\u1ee7a ng\u00e0nh. Ch\u00fang t\u00f4i ch\u1ec9 s\u1eed d\u1ee5ng nguy\u00ean li\u1ec7u th\u00f4 ch\u1ea5t l\u01b0\u1ee3ng cao v\u00e0 ti\u1ebfn h\u00e0nh ki\u1ec3m tra ch\u1ea5t l\u01b0\u1ee3ng nghi\u00eam ng\u1eb7t \u0111\u1ed1i v\u1edbi th\u00e0nh ph\u1ea9m \u0111\u1ec3 \u0111\u1ea3m b\u1ea3o kh\u00e1ch h\u00e0ng nh\u1eadn \u0111\u01b0\u1ee3c nh\u1eefng s\u1ea3n ph\u1ea9m t\u1ed1t nh\u1ea5t c\u00f3 th\u1ec3.<\/p>\n<p>2. Ph\u1ea1m vi s\u1ea3n ph\u1ea9m r\u1ed9ng r\u00e3i<br \/>\nCh\u00fang t\u00f4i cung c\u1ea5p \u0111a d\u1ea1ng c\u00e1c lo\u1ea1i ph\u1ee5 ki\u1ec7n m\u00e1y m\u00f3c x\u00e2y d\u1ef1ng v\u00e0 m\u00e1y m\u00f3c ho\u00e0n ch\u1ec9nh, bao g\u1ed3m c\u00e1c lo\u1ea1i xi lanh th\u1ee7y l\u1ef1c, h\u1ed9p s\u1ed1, x\u00edch v\u00e0 nh\u00f4ng x\u00edch. Danh m\u1ee5c s\u1ea3n ph\u1ea9m c\u1ee7a ch\u00fang t\u00f4i bao g\u1ed3m t\u1ea5t c\u1ea3 c\u00e1c lo\u1ea1i m\u00e1y m\u00f3c x\u00e2y d\u1ef1ng v\u00e0 ph\u1ee5 ki\u1ec7n, bao g\u1ed3m ph\u1ee5 ki\u1ec7n \u0111\u1ed9ng c\u01a1, linh ki\u1ec7n h\u1ec7 th\u1ed1ng th\u1ee7y l\u1ef1c, ph\u1ee5 ki\u1ec7n khung g\u1ea7m v\u00e0 ph\u1ee5 ki\u1ec7n h\u1ec7 th\u1ed1ng \u0111i\u1ec7n.<\/p>\n<p>3. M\u1ed1i quan h\u1ec7 h\u1ee3p t\u00e1c l\u00e2u d\u00e0i v\u00e0 \u1ed5n \u0111\u1ecbnh v\u1edbi c\u00e1c nh\u00e0 cung c\u1ea5p<br \/>\nFMP \u0111\u00e3 thi\u1ebft l\u1eadp m\u1ed1i quan h\u1ec7 h\u1ee3p t\u00e1c l\u00e2u d\u00e0i v\u00e0 \u1ed5n \u0111\u1ecbnh v\u1edbi nhi\u1ec1u nh\u00e0 cung c\u1ea5p trong v\u00e0 ngo\u00e0i n\u01b0\u1edbc ch\u1ea5t l\u01b0\u1ee3ng cao. \u0110i\u1ec1u n\u00e0y \u0111\u1ea3m b\u1ea3o t\u1ea5t c\u1ea3 c\u00e1c ph\u1ee5 ki\u1ec7n \u0111\u01b0\u1ee3c cung c\u1ea5p \u0111\u1ec1u \u0111\u00e1p \u1ee9ng c\u00e1c ti\u00eau chu\u1ea9n ch\u1ea5t l\u01b0\u1ee3ng nghi\u00eam ng\u1eb7t, v\u00e0 kh\u00e1ch h\u00e0ng c\u1ee7a ch\u00fang t\u00f4i s\u1ebd nh\u1eadn \u0111\u01b0\u1ee3c nh\u1eefng s\u1ea3n ph\u1ea9m t\u1ed1t nh\u1ea5t c\u00f3 th\u1ec3.<\/p>\n<p>4. \u0110\u1ed9i ng\u0169 b\u00e1n h\u00e0ng gi\u00e0u kinh nghi\u1ec7m v\u00e0 k\u1ef9 n\u0103ng<br \/>\n\u0110\u1ed9i ng\u0169 b\u00e1n h\u00e0ng c\u1ee7a ch\u00fang t\u00f4i gi\u00e0u kinh nghi\u1ec7m v\u00e0 k\u1ef9 n\u0103ng trong ng\u00e0nh m\u00e1y m\u00f3c x\u00e2y d\u1ef1ng. H\u1ecd am hi\u1ec3u c\u00e1c xu h\u01b0\u1edbng ph\u00e1t tri\u1ec3n m\u1edbi nh\u1ea5t v\u00e0 nhu c\u1ea7u c\u1ee7a kh\u00e1ch h\u00e0ng, \u0111\u1ed3ng th\u1eddi c\u00f3 th\u1ec3 cung c\u1ea5p t\u01b0 v\u1ea5n s\u1ea3n ph\u1ea9m chuy\u00ean nghi\u1ec7p v\u00e0 l\u1eddi khuy\u00ean mua h\u00e0ng th\u00f4ng minh, \u0111\u1ea3m b\u1ea3o kh\u00e1ch h\u00e0ng c\u00f3 \u0111\u01b0\u1ee3c s\u1ea3n ph\u1ea9m ph\u00f9 h\u1ee3p v\u1edbi nhu c\u1ea7u c\u1ee7a m\u00ecnh.<\/p>\n<p>5. H\u1ec7 th\u1ed1ng ph\u00e2n ph\u1ed1i h\u1eadu c\u1ea7n hi\u1ec7u qu\u1ea3<br \/>\nCh\u00fang t\u00f4i c\u00f3 h\u1ec7 th\u1ed1ng ph\u00e2n ph\u1ed1i h\u1eadu c\u1ea7n hi\u1ec7u qu\u1ea3, \u0111\u1ea3m b\u1ea3o kh\u00e1ch h\u00e0ng nh\u1eadn \u0111\u01b0\u1ee3c c\u00e1c ph\u1ee5 t\u00f9ng c\u1ea7n thi\u1ebft m\u1ed9t c\u00e1ch k\u1ecbp th\u1eddi v\u00e0 ch\u00ednh x\u00e1c. \u0110\u1ed9i ng\u0169 h\u1eadu c\u1ea7n c\u1ee7a ch\u00fang t\u00f4i cam k\u1ebft cung c\u1ea5p d\u1ecbch v\u1ee5 t\u1ed1t nh\u1ea5t c\u00f3 th\u1ec3 \u0111\u1ec3 \u0111\u1ea3m b\u1ea3o s\u1ef1 h\u00e0i l\u00f2ng c\u1ee7a kh\u00e1ch h\u00e0ng.<\/p>\n<p>N\u1ebfu b\u1ea1n \u0111ang t\u00ecm ki\u1ebfm ph\u1ee5 ki\u1ec7n m\u00e1y m\u00f3c x\u00e2y d\u1ef1ng ch\u1ea5t l\u01b0\u1ee3ng cao v\u00e0 m\u00e1y m\u00f3c ho\u00e0n ch\u1ec9nh, FMP l\u00e0 l\u1ef1a ch\u1ecdn t\u1ed1t nh\u1ea5t. H\u00e3y li\u00ean h\u1ec7 v\u1edbi ch\u00fang t\u00f4i ngay h\u00f4m nay \u0111\u1ec3 t\u00ecm hi\u1ec3u th\u00eam v\u1ec1 s\u1ea3n ph\u1ea9m v\u00e0 c\u00e1ch ch\u00fang t\u00f4i c\u00f3 th\u1ec3 gi\u00fap b\u1ea1n \u0111\u00e1p \u1ee9ng nhu c\u1ea7u v\u1ec1 m\u00e1y m\u00f3c x\u00e2y d\u1ef1ng.<\/p>\n<p><img loading=\"lazy\" decoding=\"async\" class=\"alignnone wp-image-2672\" src=\"https:\/\/fmp-components.com\/wp-content\/uploads\/2025\/01\/Dump-Truck-Trailer-Hydraulic-Cylinder-product-3-2.webp\" alt=\"Xi lanh th\u1ee7y l\u1ef1c xe ben &amp; r\u01a1 mo\u00f3c-s\u1ea3n ph\u1ea9m-3\" width=\"921\" height=\"675\" title=\"\" srcset=\"https:\/\/fmp-components.com\/wp-content\/uploads\/2025\/01\/Dump-Truck-Trailer-Hydraulic-Cylinder-product-3-2.webp 921w, https:\/\/fmp-components.com\/wp-content\/uploads\/2025\/01\/Dump-Truck-Trailer-Hydraulic-Cylinder-product-3-2-480x352.webp 480w\" sizes=\"(min-width: 0px) and (max-width: 480px) 480px, (min-width: 481px) 921px, 100vw\" \/><br \/>\nT\u00e1c gi\u1ea3: CX<\/p>","protected":false},"excerpt":{"rendered":"<p>Italy Manufacture Steering Double Action Hydraulic Ram for Dump Truck The steering double action hydraulic ram manufactured in Italy is a high-quality and reliable component designed specifically for dump trucks. This hydraulic ram plays a crucial role in the efficient steering and operation of dump trucks, ensuring smooth and precise movements. Key Features: &#8211; Enhanced [&hellip;]<\/p>","protected":false},"featured_media":2664,"comment_status":"closed","ping_status":"closed","template":"","meta":{"_et_pb_use_builder":"","_et_pb_old_content":"","_et_gb_content_width":""},"product_brand":[],"product_cat":[63],"product_tag":[65,34],"class_list":{"0":"post-2663","1":"product","2":"type-product","3":"status-publish","4":"has-post-thumbnail","6":"product_cat-dump-truck-trailer-hydraulic-cylinder","7":"product_tag-dump-truck-trailer-hydraulic-cylinder","8":"product_tag-hydraulic-cylinder","10":"first","11":"instock","12":"product-type-simple"},"_links":{"self":[{"href":"https:\/\/fmp-components.com\/vi\/wp-json\/wp\/v2\/product\/2663","targetHints":{"allow":["GET"]}}],"collection":[{"href":"https:\/\/fmp-components.com\/vi\/wp-json\/wp\/v2\/product"}],"about":[{"href":"https:\/\/fmp-components.com\/vi\/wp-json\/wp\/v2\/types\/product"}],"replies":[{"embeddable":true,"href":"https:\/\/fmp-components.com\/vi\/wp-json\/wp\/v2\/comments?post=2663"}],"wp:featuredmedia":[{"embeddable":true,"href":"https:\/\/fmp-components.com\/vi\/wp-json\/wp\/v2\/media\/2664"}],"wp:attachment":[{"href":"https:\/\/fmp-components.com\/vi\/wp-json\/wp\/v2\/media?parent=2663"}],"wp:term":[{"taxonomy":"product_brand","embeddable":true,"href":"https:\/\/fmp-components.com\/vi\/wp-json\/wp\/v2\/product_brand?post=2663"},{"taxonomy":"product_cat","embeddable":true,"href":"https:\/\/fmp-components.com\/vi\/wp-json\/wp\/v2\/product_cat?post=2663"},{"taxonomy":"product_tag","embeddable":true,"href":"https:\/\/fmp-components.com\/vi\/wp-json\/wp\/v2\/product_tag?post=2663"}],"curies":[{"name":"wp","href":"https:\/\/api.w.org\/{rel}","templated":true}]}}