{"id":2633,"date":"2025-01-03T03:36:28","date_gmt":"2025-01-03T03:36:28","guid":{"rendered":"https:\/\/fmp-components.com\/?page_id=8"},"modified":"2025-01-03T03:37:26","modified_gmt":"2025-01-03T03:37:26","slug":"square-baler-gearbox-fmp-dfk45-for-big-square-baler","status":"publish","type":"product","link":"https:\/\/fmp-components.com\/vi\/product\/square-baler-gearbox-fmp-dfk45-for-big-square-baler\/","title":{"rendered":"H\u1ed9p s\u1ed1 m\u00e1y \u0111\u00f3ng ki\u1ec7n vu\u00f4ng FMP-DFK45 cho m\u00e1y \u0111\u00f3ng ki\u1ec7n vu\u00f4ng l\u1edbn"},"content":{"rendered":"<h2>K\u00edch th\u01b0\u1edbc h\u1ed9p s\u1ed1 m\u00e1y \u0111\u00f3ng ki\u1ec7n vu\u00f4ng FMP-DFK45<\/h2>\n<p><img loading=\"lazy\" decoding=\"async\" class=\"alignnone size-full wp-image-2638\" src=\"https:\/\/fmp-components.com\/wp-content\/uploads\/2025\/01\/Square-Baler-Gearbox-EP-DFK45-Dimensions-1.webp\" alt=\"H\u1ed9p s\u1ed1 Square Baler-FMP-DFK45-K\u00edch th\u01b0\u1edbc-1\" width=\"1256\" height=\"781\" title=\"\" srcset=\"https:\/\/fmp-components.com\/wp-content\/uploads\/2025\/01\/Square-Baler-Gearbox-EP-DFK45-Dimensions-1.webp 1256w, https:\/\/fmp-components.com\/wp-content\/uploads\/2025\/01\/Square-Baler-Gearbox-EP-DFK45-Dimensions-1-980x609.webp 980w, https:\/\/fmp-components.com\/wp-content\/uploads\/2025\/01\/Square-Baler-Gearbox-EP-DFK45-Dimensions-1-480x298.webp 480w\" sizes=\"(min-width: 0px) and (max-width: 480px) 480px, (min-width: 481px) and (max-width: 980px) 980px, (min-width: 981px) 1256px, 100vw\" \/> <img loading=\"lazy\" decoding=\"async\" class=\"alignnone size-full wp-image-2639\" src=\"https:\/\/fmp-components.com\/wp-content\/uploads\/2025\/01\/Square-Baler-Gearbox-EP-DFK45-Dimensions-2.webp\" alt=\"H\u1ed9p s\u1ed1 Square Baler-FMP-DFK45-K\u00edch th\u01b0\u1edbc-2\" width=\"1196\" height=\"439\" title=\"\" srcset=\"https:\/\/fmp-components.com\/wp-content\/uploads\/2025\/01\/Square-Baler-Gearbox-EP-DFK45-Dimensions-2.webp 1196w, https:\/\/fmp-components.com\/wp-content\/uploads\/2025\/01\/Square-Baler-Gearbox-EP-DFK45-Dimensions-2-980x360.webp 980w, https:\/\/fmp-components.com\/wp-content\/uploads\/2025\/01\/Square-Baler-Gearbox-EP-DFK45-Dimensions-2-480x176.webp 480w\" sizes=\"(min-width: 0px) and (max-width: 480px) 480px, (min-width: 481px) and (max-width: 980px) 980px, (min-width: 981px) 1196px, 100vw\" \/><\/p>\n<h2>D\u1eef li\u1ec7u k\u1ef9 thu\u1eadt c\u1ee7a h\u1ed9p s\u1ed1 m\u00e1y \u0111\u00f3ng ki\u1ec7n vu\u00f4ng FMP-DFK45<\/h2>\n<table style=\"width: 92.8%; height: 145px;\" border=\"1\" cellspacing=\"0\" cellpadding=\"0\">\n<tbody>\n<tr>\n<td colspan=\"3\" rowspan=\"2\">T\u00f4i<\/td>\n<td rowspan=\"2\">Th\u00edch h\u1ee3p<\/td>\n<td>\u0110\u1ea7u v\u00e0o v\u00f2ng\/ph\u00fat<\/td>\n<td>\u0110\u1ea7u ra v\u00f2ng\/ph\u00fat<br \/>\nv\u00f2ng\/ph\u00fat<\/td>\n<td colspan=\"2\">Quy\u1ec1n l\u1ef1c<\/td>\n<td rowspan=\"2\">m\u1ecdc r\u0103ng<\/td>\n<\/tr>\n<tr>\n<td>v\u00f2ng\/ph\u00fat<\/td>\n<td>v\u00f2ng\/ph\u00fat<\/td>\n<td>kw<\/td>\n<td>m\u00e3 l\u1ef1c<\/td>\n<\/tr>\n<tr>\n<td colspan=\"3\">2.1: 1<\/td>\n<td>M\u00e1y \u00e9p vu\u00f4ng l\u1edbn<\/td>\n<td>266<\/td>\n<td>126<\/td>\n<td>45<\/td>\n<td>60<\/td>\n<td>R\u0103ng xo\u1eafn \u1ed1c Gleason<\/td>\n<\/tr>\n<tr>\n<td colspan=\"9\">L\u01b0u \u00fd: N\u1ebfu b\u1ea1n c\u00f3 b\u1ea5t k\u1ef3 y\u00eau c\u1ea7u \u0111\u1eb7c bi\u1ec7t n\u00e0o, vui l\u00f2ng cho t\u00f4i bi\u1ebft, ch\u00fang t\u00f4i c\u0169ng ch\u1ea5p nh\u1eadn t\u00f9y ch\u1ec9nh.<\/td>\n<\/tr>\n<\/tbody>\n<\/table>\n<h2>C\u00e1c th\u00e0nh ph\u1ea7n c\u1ee7a h\u1ed9p s\u1ed1 m\u00e1y \u0111\u00f3ng ki\u1ec7n vu\u00f4ng FMP-DFK45<\/h2>\n<p>H\u1ed9p s\u1ed1 m\u00e1y \u0111\u00f3ng ki\u1ec7n vu\u00f4ng FMP-DFK45 l\u00e0 m\u1ed9t th\u00e0nh ph\u1ea7n quan tr\u1ecdng trong m\u00e1y m\u00f3c n\u00f4ng nghi\u1ec7p quy m\u00f4 l\u1edbn, \u0111\u1eb7c bi\u1ec7t l\u00e0 m\u00e1y \u0111\u00f3ng ki\u1ec7n vu\u00f4ng. N\u00f3 truy\u1ec1n t\u1ea3i hi\u1ec7u qu\u1ea3 c\u00f4ng su\u1ea5t t\u1eeb \u200b\u200bh\u1ec7 th\u1ed1ng PTO (Truy\u1ec1n l\u1ef1c) c\u1ee7a m\u00e1y k\u00e9o \u0111\u1ebfn c\u00e1c c\u01a1 c\u1ea5u kh\u00e1c nhau b\u00ean trong m\u00e1y \u0111\u00f3ng ki\u1ec7n, \u0111\u1ea3m b\u1ea3o ho\u1ea1t \u0111\u1ed9ng t\u1ed1i \u01b0u. D\u01b0\u1edbi \u0111\u00e2y l\u00e0 c\u00e1c th\u00e0nh ph\u1ea7n ti\u00eau bi\u1ec3u c\u1ee7a h\u1ed9p s\u1ed1 FMP-DFK45:<\/p>\n<p><strong>Tr\u1ee5c \u0111\u1ea7u v\u00e0o<\/strong><\/p>\n<ul>\n<li>Ch\u1ee9c n\u0103ng: Tr\u1ee5c \u0111\u1ea7u v\u00e0o k\u1ebft n\u1ed1i v\u1edbi h\u1ec7 th\u1ed1ng PTO c\u1ee7a m\u00e1y k\u00e9o, truy\u1ec1n l\u1ef1c quay v\u00e0o h\u1ed9p s\u1ed1.<\/li>\n<li>Thi\u1ebft k\u1ebf: Th\u01b0\u1eddng \u0111\u01b0\u1ee3c l\u00e0m t\u1eeb th\u00e9p c\u01b0\u1eddng \u0111\u1ed9 cao \u0111\u1ec3 ch\u1ecbu \u0111\u01b0\u1ee3c m\u00f4-men xo\u1eafn v\u00e0 \u1ee9ng su\u1ea5t cao trong qu\u00e1 tr\u00ecnh v\u1eadn h\u00e0nh.<\/li>\n<\/ul>\n<p><strong>B\u00e1nh r\u0103ng ch\u00ednh (B\u00e1nh r\u0103ng c\u00f4n ho\u1eb7c b\u00e1nh r\u0103ng th\u1eb3ng)<\/strong><\/p>\n<ul>\n<li>Ch\u1ee9c n\u0103ng: C\u00e1c b\u00e1nh r\u0103ng n\u00e0y c\u00f3 ch\u1ee9c n\u0103ng truy\u1ec1n n\u0103ng l\u01b0\u1ee3ng quay t\u1eeb tr\u1ee5c \u0111\u1ea7u v\u00e0o \u0111\u1ebfn tr\u1ee5c \u0111\u1ea7u ra, \u0111i\u1ec1u ch\u1ec9nh t\u1ed1c \u0111\u1ed9 v\u00e0 m\u00f4-men xo\u1eafn khi c\u1ea7n thi\u1ebft.<\/li>\n<li>Thi\u1ebft k\u1ebf: \u0110\u01b0\u1ee3c thi\u1ebft k\u1ebf ch\u00ednh x\u00e1c \u0111\u1ec3 v\u1eadn h\u00e0nh tr\u01a1n tru, gi\u1ea3m hao m\u00f2n v\u00e0 \u0111\u1ea3m b\u1ea3o hi\u1ec7u qu\u1ea3 cao.<\/li>\n<\/ul>\n<p><strong>Tr\u1ee5c \u0111\u1ea7u ra<\/strong><\/p>\n<ul>\n<li>Ch\u1ee9c n\u0103ng: Tr\u1ee5c ra truy\u1ec1n l\u1ef1c \u0111\u1ebfn c\u00e1c h\u1ec7 th\u1ed1ng v\u1eadn h\u00e0nh c\u1ee7a m\u00e1y \u0111\u00f3ng ki\u1ec7n, ch\u1eb3ng h\u1ea1n nh\u01b0 bu\u1ed3ng \u0111\u00f3ng ki\u1ec7n, c\u01a1 c\u1ea5u n\u00e9n v\u00e0 bu\u1ed9c.<\/li>\n<li>Thi\u1ebft k\u1ebf: \u0110\u01b0\u1ee3c thi\u1ebft k\u1ebf \u0111\u1ec3 x\u1eed l\u00fd nhu c\u1ea7u m\u00f4-men xo\u1eafn cao c\u1ee7a qu\u00e1 tr\u00ecnh \u0111\u00f3ng ki\u1ec7n, th\u01b0\u1eddng \u0111\u01b0\u1ee3c trang b\u1ecb c\u00e1c r\u00e3nh \u0111\u1ec3 g\u1eafn ch\u1eb7t v\u00e0o c\u00e1c b\u1ed9 ph\u1eadn kh\u00e1c nhau c\u1ee7a m\u00e1y \u0111\u00f3ng ki\u1ec7n.<\/li>\n<\/ul>\n<p><strong>V\u00f2ng bi<\/strong><\/p>\n<ul>\n<li>Ch\u1ee9c n\u0103ng: V\u00f2ng bi h\u1ed7 tr\u1ee3 tr\u1ee5c v\u00e0 b\u00e1nh r\u0103ng chuy\u1ec3n \u0111\u1ed9ng, \u0111\u1ea3m b\u1ea3o chuy\u1ec3n \u0111\u1ed9ng quay tr\u01a1n tru v\u00e0 gi\u1ea3m ma s\u00e1t.<\/li>\n<li>Thi\u1ebft k\u1ebf: V\u00f2ng bi th\u01b0\u1eddng \u0111\u01b0\u1ee3c b\u1ecbt k\u00edn \u0111\u1ec3 ng\u0103n b\u1ee5i b\u1ea9n, h\u01a1i \u1ea9m v\u00e0 c\u00e1c ch\u1ea5t g\u00e2y \u00f4 nhi\u1ec5m kh\u00e1c x\u00e2m nh\u1eadp v\u00e0 g\u00e2y m\u00e0i m\u00f2n.<\/li>\n<\/ul>\n<p>Khi l\u1ef1a ch\u1ecdn ho\u1eb7c b\u1ea3o tr\u00ec H\u1ed9p s\u1ed1 m\u00e1y \u0111\u00f3ng ki\u1ec7n vu\u00f4ng FMP-DFK45, \u0111i\u1ec1u quan tr\u1ecdng l\u00e0 ph\u1ea3i \u0111\u1ea3m b\u1ea3o t\u1ea5t c\u1ea3 c\u00e1c b\u1ed9 ph\u1eadn \u0111\u1ec1u \u0111\u01b0\u1ee3c b\u00f4i tr\u01a1n, b\u1ecbt k\u00edn v\u00e0 kh\u00f4ng b\u1ecb m\u00e0i m\u00f2n \u0111\u00fang c\u00e1ch \u0111\u1ec3 duy tr\u00ec hi\u1ec7u qu\u1ea3 c\u1ee7a h\u1ed9p s\u1ed1 v\u00e0 k\u00e9o d\u00e0i tu\u1ed5i th\u1ecd ho\u1ea1t \u0111\u1ed9ng.<\/p>\n<p><img loading=\"lazy\" decoding=\"async\" class=\"alignnone size-full wp-image-2640\" src=\"https:\/\/fmp-components.com\/wp-content\/uploads\/2025\/01\/Square-Baler-Gearbox-EP-DFK45-Applications.webp\" alt=\"H\u1ed9p s\u1ed1 Square-Baler-FMP-DFK45-\u1ee8ng d\u1ee5ng\" width=\"1000\" height=\"620\" title=\"\" srcset=\"https:\/\/fmp-components.com\/wp-content\/uploads\/2025\/01\/Square-Baler-Gearbox-EP-DFK45-Applications.webp 1000w, https:\/\/fmp-components.com\/wp-content\/uploads\/2025\/01\/Square-Baler-Gearbox-EP-DFK45-Applications-980x608.webp 980w, https:\/\/fmp-components.com\/wp-content\/uploads\/2025\/01\/Square-Baler-Gearbox-EP-DFK45-Applications-480x298.webp 480w\" sizes=\"(min-width: 0px) and (max-width: 480px) 480px, (min-width: 481px) and (max-width: 980px) 980px, (min-width: 981px) 1000px, 100vw\" \/><\/p>\n<h2>\u1ee8ng d\u1ee5ng c\u1ee7a H\u1ed9p s\u1ed1 m\u00e1y \u0111\u00f3ng ki\u1ec7n vu\u00f4ng FMP-DFK45<\/h2>\n<div class=\"group\/conversation-turn relative flex w-full min-w-0 flex-col agent-turn\">\n<div class=\"flex-col gap-1 md:gap-3\">\n<div class=\"flex max-w-full flex-col flex-grow\">\n<div class=\"min-h-8 text-message flex w-full flex-col items-end gap-2 whitespace-normal break-words text-start [.text-message+&amp;]:mt-5\" dir=\"auto\" data-message-author-role=\"assistant\" data-message-id=\"9455a869-4f3f-4093-8494-3ba86af706bc\" data-message-model-slug=\"gpt-4o\">\n<div class=\"flex w-full flex-col gap-1 empty:hidden first:pt-[3px]\">\n<div class=\"markdown prose w-full break-words dark:prose-invert light\">\n<p>H\u1ed9p s\u1ed1 m\u00e1y \u0111\u00f3ng ki\u1ec7n vu\u00f4ng FMP-DFK45 \u0111\u01b0\u1ee3c thi\u1ebft k\u1ebf \u0111\u1eb7c bi\u1ec7t \u0111\u1ec3 \u0111\u00e1p \u1ee9ng c\u00e1c y\u00eau c\u1ea7u kh\u1eaft khe c\u1ee7a m\u00e1y m\u00f3c n\u00f4ng nghi\u1ec7p, \u0111\u1eb7c bi\u1ec7t l\u00e0 trong v\u1eadn h\u00e0nh m\u00e1y \u0111\u00f3ng ki\u1ec7n vu\u00f4ng c\u1ee1 l\u1edbn. D\u01b0\u1edbi \u0111\u00e2y l\u00e0 c\u00e1c \u1ee9ng d\u1ee5ng ch\u00ednh c\u1ee7a h\u1ed9p s\u1ed1 n\u00e0y:<\/p>\n<p><strong>M\u00e1y \u0111\u00f3ng ki\u1ec7n vu\u00f4ng l\u1edbn<\/strong><\/p>\n<ul>\n<li>\u1ee8ng d\u1ee5ng ch\u00ednh: H\u1ed9p s\u1ed1 FMP-DFK45 ch\u1ee7 y\u1ebfu \u0111\u01b0\u1ee3c s\u1eed d\u1ee5ng trong c\u00e1c m\u00e1y \u0111\u00f3ng ki\u1ec7n vu\u00f4ng l\u1edbn, d\u00f9ng \u0111\u1ec3 thu th\u1eadp v\u00e0 n\u00e9n ch\u1eb7t c\u1ecf kh\u00f4, r\u01a1m r\u1ea1 ho\u1eb7c c\u00e1c lo\u1ea1i ph\u1ebf th\u1ea3i kh\u00e1c c\u1ee7a c\u00e2y tr\u1ed3ng th\u00e0nh c\u00e1c ki\u1ec7n vu\u00f4ng g\u1ecdn g\u00e0ng \u0111\u1ec3 l\u01b0u tr\u1eef v\u00e0 v\u1eadn chuy\u1ec3n.<\/li>\n<li>Ch\u1ee9c n\u0103ng: Gi\u00fap truy\u1ec1n l\u1ef1c t\u1eeb h\u1ec7 th\u1ed1ng PTO c\u1ee7a m\u00e1y k\u00e9o \u0111\u1ebfn c\u00e1c b\u1ed9 ph\u1eadn b\u00ean trong m\u00e1y \u0111\u00f3ng ki\u1ec7n, bao g\u1ed3m b\u1ed9 ph\u1eadn g\u1eafp, c\u01a1 c\u1ea5u n\u1ea1p li\u1ec7u, bu\u1ed3ng n\u00e9n v\u00e0 h\u1ec7 th\u1ed1ng bu\u1ed9c.<\/li>\n<\/ul>\n<p><strong>Thu ho\u1ea1ch c\u1ecf kh\u00f4 v\u00e0 r\u01a1m<\/strong><\/p>\n<ul>\n<li>\u1ee8ng d\u1ee5ng trong s\u1ea3n xu\u1ea5t c\u1ecf kh\u00f4: H\u1ed9p s\u1ed1 \u0111\u01b0\u1ee3c s\u1eed d\u1ee5ng trong m\u00e1y \u0111\u00f3ng ki\u1ec7n vu\u00f4ng \u0111\u1ec3 x\u1eed l\u00fd c\u1ecf kh\u00f4, \u0111\u1ea3m b\u1ea3o r\u1eb1ng v\u1ee5 m\u00f9a thu ho\u1ea1ch \u0111\u01b0\u1ee3c n\u00e9n ch\u1eb7t th\u00e0nh c\u00e1c ki\u1ec7n c\u1ecf kh\u00f4 d\u00e0y \u0111\u1eb7c, \u0111\u1ed3ng \u0111\u1ec1u.<\/li>\n<li>Thu gom r\u01a1m: T\u01b0\u01a1ng t\u1ef1 nh\u01b0 c\u1ecf kh\u00f4, h\u1ed9p s\u1ed1 \u0111\u00f3ng vai tr\u00f2 quan tr\u1ecdng trong vi\u1ec7c n\u00e9n r\u01a1m th\u00e0nh c\u00e1c ki\u1ec7n vu\u00f4ng d\u1ec5 qu\u1ea3n l\u00fd, t\u1ed1i \u01b0u h\u00f3a hi\u1ec7u qu\u1ea3 l\u01b0u tr\u1eef v\u00e0 v\u1eadn chuy\u1ec3n.<\/li>\n<\/ul>\n<p><strong>S\u1ea3n xu\u1ea5t th\u1ee9c \u0103n \u1ee7 chua (T\u1ea1o ki\u1ec7n)<\/strong><\/p>\n<ul>\n<li>\u1ee8ng d\u1ee5ng \u1ee7 chua: Trong s\u1ea3n xu\u1ea5t \u1ee7 chua, khi thu ho\u1ea1ch c\u00e2y tr\u1ed3ng \u0111\u1ec3 l\u00e0m th\u1ee9c \u0103n ch\u0103n nu\u00f4i, h\u1ed9p s\u1ed1 FMP-DFK45 h\u1ed7 tr\u1ee3 vi\u1ec7c \u0111\u00f3ng ki\u1ec7n nhi\u1ec1u lo\u1ea1i v\u1eadt li\u1ec7u \u1ee7 chua kh\u00e1c nhau, ch\u1eb3ng h\u1ea1n nh\u01b0 c\u1ecf, ng\u00f4 ho\u1eb7c c\u00e1c lo\u1ea1i c\u00e2y th\u1ee9c \u0103n xanh kh\u00e1c, th\u00e0nh ki\u1ec7n vu\u00f4ng.<\/li>\n<li>M\u1eadt \u0111\u1ed9 v\u00e0 \u0111\u1ed9 \u0111\u1ed3ng \u0111\u1ec1u c\u1ee7a ki\u1ec7n: \u0110\u1ea3m b\u1ea3o qu\u00e1 tr\u00ecnh \u0111\u00f3ng ki\u1ec7n hi\u1ec7u qu\u1ea3, t\u1ea1o ra c\u00e1c ki\u1ec7n c\u00f3 m\u1eadt \u0111\u1ed9 \u0111\u1ed3ng \u0111\u1ec1u \u0111\u1ec3 l\u00ean men \u1ee7 chua hi\u1ec7u qu\u1ea3 v\u00e0 b\u1ea3o qu\u1ea3n l\u00e2u d\u00e0i.<\/li>\n<\/ul>\n<p><strong>Thu ho\u1ea1ch th\u1ee9c \u0103n ch\u0103n nu\u00f4i<\/strong><\/p>\n<ul>\n<li>Thi\u1ebft b\u1ecb th\u1ee9c \u0103n ch\u0103n nu\u00f4i: \u0110\u01b0\u1ee3c s\u1eed d\u1ee5ng trong c\u00e1c h\u1ec7 th\u1ed1ng thu ho\u1ea1ch th\u1ee9c \u0103n ch\u0103n nu\u00f4i l\u1edbn, h\u1ed9p s\u1ed1 gi\u00fap x\u1eed l\u00fd c\u00e1c lo\u1ea1i c\u00e2y tr\u1ed3ng nh\u01b0 c\u1ecf linh l\u0103ng, c\u1ecf ba l\u00e1 v\u00e0 c\u00e1c lo\u1ea1i th\u1ee9c \u0103n ch\u0103n nu\u00f4i kh\u00e1c th\u00e0nh ki\u1ec7n vu\u00f4ng \u0111\u1ec3 cho \u0103n sau, b\u1ea3o qu\u1ea3n ho\u1eb7c v\u1eadn chuy\u1ec3n.<\/li>\n<li>C\u01a1 ch\u1ebf \u0111\u00f3ng ki\u1ec7n: Trong c\u00e1c m\u00e1y \u0111\u00f3ng ki\u1ec7n \u0111\u01b0\u1ee3c thi\u1ebft k\u1ebf \u0111\u1ec3 x\u1eed l\u00fd c\u00e1c lo\u1ea1i c\u00e2y tr\u1ed3ng th\u1ee9c \u0103n ch\u0103n nu\u00f4i n\u1eb7ng h\u01a1n ho\u1eb7c c\u1ed3ng k\u1ec1nh h\u01a1n, h\u1ed9p s\u1ed1 FMP-DFK45 \u0111\u1ea3m b\u1ea3o truy\u1ec1n l\u1ef1c tr\u01a1n tru \u0111\u1ec3 \u0111\u1ea3m b\u1ea3o vi\u1ec7c t\u1ea1o ki\u1ec7n ki\u1ec7n hi\u1ec7u qu\u1ea3 v\u00e0 \u0111\u1ed3ng \u0111\u1ec1u.<\/li>\n<\/ul>\n<p>H\u1ed9p s\u1ed1 FMP-DFK45 l\u00e0 b\u1ed9 ph\u1eadn quan tr\u1ecdng gi\u00fap t\u1ed1i \u01b0u h\u00f3a hi\u1ec7u su\u1ea5t v\u00e0 hi\u1ec7u qu\u1ea3 c\u1ee7a m\u00e1y \u0111\u00f3ng ki\u1ec7n vu\u00f4ng l\u1edbn, h\u1ed7 tr\u1ee3 nhi\u1ec1u \u1ee9ng d\u1ee5ng n\u00f4ng nghi\u1ec7p g\u00f3p ph\u1ea7n thu ho\u1ea1ch hi\u1ec7u qu\u1ea3, qu\u1ea3n l\u00fd d\u01b0 l\u01b0\u1ee3ng v\u00e0 th\u1ef1c h\u00e0nh canh t\u00e1c hi\u1ec7u qu\u1ea3.<\/p>\n<p><img loading=\"lazy\" decoding=\"async\" class=\"alignnone size-full wp-image-2641\" src=\"https:\/\/fmp-components.com\/wp-content\/uploads\/2025\/01\/Square-Baler-Gearbox-EP-DFK45-for-Big-Square-Baler.webp\" alt=\"H\u1ed9p s\u1ed1 Square Baler FMP DFK45 cho m\u00e1y \u0111\u00f3ng ki\u1ec7n vu\u00f4ng l\u1edbn\" width=\"1000\" height=\"510\" title=\"\" srcset=\"https:\/\/fmp-components.com\/wp-content\/uploads\/2025\/01\/Square-Baler-Gearbox-EP-DFK45-for-Big-Square-Baler.webp 1000w, https:\/\/fmp-components.com\/wp-content\/uploads\/2025\/01\/Square-Baler-Gearbox-EP-DFK45-for-Big-Square-Baler-980x500.webp 980w, https:\/\/fmp-components.com\/wp-content\/uploads\/2025\/01\/Square-Baler-Gearbox-EP-DFK45-for-Big-Square-Baler-480x245.webp 480w\" sizes=\"(min-width: 0px) and (max-width: 480px) 480px, (min-width: 481px) and (max-width: 980px) 980px, (min-width: 981px) 1000px, 100vw\" \/><\/p>\n<div class=\"group\/conversation-turn relative flex w-full min-w-0 flex-col agent-turn\">\n<div class=\"flex-col gap-1 md:gap-3\">\n<div class=\"flex max-w-full flex-col flex-grow\">\n<div class=\"min-h-8 text-message flex w-full flex-col items-end gap-2 whitespace-normal break-words text-start [.text-message+&amp;]:mt-5\" dir=\"auto\" data-message-author-role=\"assistant\" data-message-id=\"315fae6f-a490-45b4-9a83-c79e6de69105\" data-message-model-slug=\"gpt-4o\">\n<div class=\"flex w-full flex-col gap-1 empty:hidden first:pt-[3px]\">\n<div class=\"markdown prose w-full break-words dark:prose-invert light\">\n<h3>Gi\u1edbi thi\u1ec7u v\u1ec1 FMP<\/h3>\n<p>C\u00f3 tr\u1ee5 s\u1edf ch\u00ednh t\u1ea1i \u00dd, FMP l\u00e0 nh\u00e0 s\u1ea3n xu\u1ea5t h\u00e0ng \u0111\u1ea7u, \u0111\u01b0\u1ee3c c\u00f4ng nh\u1eadn r\u1ed9ng r\u00e3i nh\u1edd chuy\u00ean m\u00f4n trong thi\u1ebft k\u1ebf, ph\u00e1t tri\u1ec3n v\u00e0 s\u1ea3n xu\u1ea5t h\u1ed9p s\u1ed1 hi\u1ec7u su\u1ea5t cao. Chuy\u00ean v\u1ec1 l\u0129nh v\u1ef1c m\u00e1y m\u00f3c n\u00f4ng nghi\u1ec7p, FMP cam k\u1ebft cung c\u1ea5p c\u00e1c gi\u1ea3i ph\u00e1p k\u1ef9 thu\u1eadt ch\u00ednh x\u00e1c, \u0111\u00e1p \u1ee9ng nhu c\u1ea7u n\u0103ng \u0111\u1ed9ng c\u1ee7a c\u1ea3 th\u1ecb tr\u01b0\u1eddng n\u00f4ng nghi\u1ec7p v\u00e0 c\u00f4ng nghi\u1ec7p. Danh m\u1ee5c s\u1ea3n ph\u1ea9m c\u1ee7a ch\u00fang t\u00f4i \u0111a d\u1ea1ng, bao g\u1ed3m h\u1ed9p s\u1ed1 chuy\u00ean d\u1ee5ng cho m\u00e1y c\u1eaft c\u1ecf, tr\u1ee5c PTO v\u00e0 c\u00e1c linh ki\u1ec7n quan tr\u1ecdng kh\u00e1c, t\u1ea5t c\u1ea3 \u0111\u1ec1u \u0111\u01b0\u1ee3c thi\u1ebft k\u1ebf t\u1ec9 m\u1ec9 \u0111\u1ec3 mang \u0111\u1ebfn c\u00e1c gi\u1ea3i ph\u00e1p ph\u00f9 h\u1ee3p cho nhi\u1ec1u \u1ee9ng d\u1ee5ng kh\u00e1c nhau.<\/p>\n<p>T\u1ea1i FMP, ch\u00fang t\u00f4i hi\u1ec3u r\u1eb1ng m\u1ed7i kh\u00e1ch h\u00e0ng \u0111\u1ec1u ph\u1ea3i \u0111\u1ed1i m\u1eb7t v\u1edbi nh\u1eefng th\u00e1ch th\u1ee9c v\u00e0 y\u00eau c\u1ea7u ri\u00eang bi\u1ec7t. S\u1ef1 th\u1ea5u hi\u1ec3u n\u00e0y th\u00fac \u0111\u1ea9y cam k\u1ebft c\u1ee7a ch\u00fang t\u00f4i trong vi\u1ec7c cung c\u1ea5p c\u00e1c gi\u1ea3i ph\u00e1p ri\u00eang bi\u1ec7t, d\u00f9 l\u00e0 cho t\u1eebng th\u00e0nh ph\u1ea7n ri\u00eang l\u1ebb hay to\u00e0n b\u1ed9 h\u1ec7 th\u1ed1ng t\u00edch h\u1ee3p. Th\u00f4ng qua s\u1ef1 h\u1ee3p t\u00e1c ch\u1eb7t ch\u1ebd v\u1edbi kh\u00e1ch h\u00e0ng, ch\u00fang t\u00f4i \u0111\u1ea3m b\u1ea3o m\u1ecdi gi\u1ea3i ph\u00e1p \u0111\u1ec1u \u0111\u01b0\u1ee3c t\u1ed1i \u01b0u h\u00f3a v\u1ec1 hi\u1ec7u su\u1ea5t v\u00e0 hi\u1ec7u qu\u1ea3 chi ph\u00ed, mang l\u1ea1i gi\u00e1 tr\u1ecb \u1edf m\u1ecdi giai \u0111o\u1ea1n. Ph\u1ea3n h\u1ed3i nhanh ch\u00f3ng, chuy\u00ean nghi\u1ec7p, k\u1ebft h\u1ee3p v\u1edbi s\u1ef1 h\u01b0\u1edbng d\u1eabn chuy\u00ean m\u00f4n, \u0111\u1ea3m b\u1ea3o m\u1ecdi y\u00eau c\u1ea7u \u0111\u1ec1u \u0111\u01b0\u1ee3c x\u1eed l\u00fd ch\u00ednh x\u00e1c, mang l\u1ea1i k\u1ebft qu\u1ea3 t\u1ed1t nh\u1ea5t c\u00f3 th\u1ec3.<\/p>\n<p>Ch\u00fang t\u00f4i nh\u1ea5n m\u1ea1nh giao ti\u1ebfp c\u1edfi m\u1edf v\u00e0 minh b\u1ea1ch trong su\u1ed1t qu\u00e1 tr\u00ecnh ph\u00e1t tri\u1ec3n s\u1ea3n ph\u1ea9m. \u0110\u1ed9i ng\u0169 c\u1ee7a ch\u00fang t\u00f4i l\u00e0m vi\u1ec7c tr\u1ef1c ti\u1ebfp v\u1edbi kh\u00e1ch h\u00e0ng \u0111\u1ec3 th\u1ea5u hi\u1ec3u nhu c\u1ea7u c\u1ee7a h\u1ecd, cung c\u1ea5p nh\u1eefng hi\u1ec3u bi\u1ebft s\u00e2u s\u1eafc v\u00e0 khuy\u1ebfn ngh\u1ecb gi\u00e1 tr\u1ecb, \u0111\u1ea3m b\u1ea3o c\u00e1c gi\u1ea3i ph\u00e1p hi\u1ec7u qu\u1ea3 nh\u1ea5t. D\u00f9 ph\u00e1t tri\u1ec3n s\u1ea3n ph\u1ea9m s\u00e1ng t\u1ea1o hay ho\u00e0n th\u00e0nh c\u00e1c \u0111\u01a1n h\u00e0ng \u0111ang tri\u1ec3n khai, FMP lu\u00f4n cam k\u1ebft cung c\u1ea5p c\u00e1c s\u1ea3n ph\u1ea9m ch\u1ea5t l\u01b0\u1ee3ng cao, \u0111\u01b0\u1ee3c thi\u1ebft k\u1ebf ch\u00ednh x\u00e1c, \u0111\u00fang h\u1ea1n. M\u1ee5c ti\u00eau c\u1ee7a ch\u00fang t\u00f4i l\u00e0 v\u01b0\u1ee3t tr\u00ean c\u1ea3 s\u1ef1 mong \u0111\u1ee3i c\u1ee7a kh\u00e1ch h\u00e0ng, \u0111\u1ea3m b\u1ea3o ti\u00eau chu\u1ea9n d\u1ecbch v\u1ee5 v\u00e0 k\u1ebft qu\u1ea3 cao nh\u1ea5t trong m\u1ecdi d\u1ef1 \u00e1n.<\/p>\n<p>Ch\u1ea5t l\u01b0\u1ee3ng l\u00e0 c\u1ed1t l\u00f5i trong m\u1ecdi ho\u1ea1t \u0111\u1ed9ng c\u1ee7a ch\u00fang t\u00f4i. Ch\u00fang t\u00f4i tu\u00e2n th\u1ee7 c\u00e1c ti\u00eau chu\u1ea9n s\u1ea3n xu\u1ea5t nghi\u00eam ng\u1eb7t nh\u1ea5t, th\u1ef1c hi\u1ec7n c\u00e1c quy tr\u00ecnh ki\u1ec3m so\u00e1t ch\u1ea5t l\u01b0\u1ee3ng nghi\u00eam ng\u1eb7t \u0111\u1ec3 \u0111\u1ea3m b\u1ea3o m\u1ed7i s\u1ea3n ph\u1ea9m \u0111\u1ec1u v\u01b0\u1ee3t qua c\u00e1c ti\u00eau chu\u1ea9n c\u1ee7a ng\u00e0nh. S\u1ef1 t\u1eadp trung ki\u00ean \u0111\u1ecbnh v\u00e0o ch\u1ea5t l\u01b0\u1ee3ng, c\u00f9ng v\u1edbi c\u00e1c gi\u00e1 tr\u1ecb c\u1ed1t l\u00f5i v\u1ec1 t\u00ednh ch\u00ednh tr\u1ef1c, tinh th\u1ea7n \u0111\u1ed3ng \u0111\u1ed9i v\u00e0 s\u1ef1 ki\u00ean tr\u00ec, \u0111\u00e3 gi\u00fap ch\u00fang t\u00f4i x\u00e2y d\u1ef1ng m\u1ed1i quan h\u1ec7 l\u00e2u d\u00e0i, d\u1ef1a tr\u00ean s\u1ef1 tin c\u1eady v\u1edbi kh\u00e1ch h\u00e0ng t\u1ea1i g\u1ea7n 30 qu\u1ed1c gia tr\u00ean to\u00e0n th\u1ebf gi\u1edbi.<\/p>\n<p>FMP cam k\u1ebft th\u00fac \u0111\u1ea9y quan h\u1ec7 \u0111\u1ed1i t\u00e1c to\u00e0n c\u1ea7u v\u00e0 cung c\u1ea5p t\u01b0 v\u1ea5n chuy\u00ean m\u00f4n c\u00f9ng c\u00e1c gi\u1ea3i ph\u00e1p t\u00f9y ch\u1ec9nh \u0111\u00e1p \u1ee9ng nhu c\u1ea7u \u0111a d\u1ea1ng c\u1ee7a kh\u00e1ch h\u00e0ng. Ch\u00fang t\u00f4i kh\u00f4ng ch\u1ec9 \u0111\u01a1n thu\u1ea7n cung c\u1ea5p s\u1ea3n ph\u1ea9m, m\u00e0 c\u00f2n n\u1ed7 l\u1ef1c x\u00e2y d\u1ef1ng m\u1ed1i quan h\u1ec7 b\u1ec1n v\u1eefng, g\u00f3p ph\u1ea7n v\u00e0o th\u00e0nh c\u00f4ng c\u1ee7a m\u1ecdi d\u1ef1 \u00e1n. Cho d\u00f9 b\u1ea1n c\u1ea7n c\u00e1c gi\u1ea3i ph\u00e1p s\u00e1ng t\u1ea1o cho m\u1ed9t s\u00e1ng ki\u1ebfn \u200b\u200bm\u1edbi hay h\u1ed7 tr\u1ee3 li\u00ean t\u1ee5c cho m\u1ed9t h\u1ec7 th\u1ed1ng hi\u1ec7n c\u00f3, FMP lu\u00f4n s\u1eb5n s\u00e0ng \u0111\u00e1p \u1ee9ng nh\u1eefng th\u00e1ch th\u1ee9c k\u1ef9 thu\u1eadt c\u1ee7a b\u1ea1n v\u00e0 \u0111\u1ea3m b\u1ea3o th\u00e0nh c\u00f4ng li\u00ean t\u1ee5c.<\/p>\n<\/div>\n<\/div>\n<\/div>\n<\/div>\n<\/div>\n<\/div>\n<p><img loading=\"lazy\" decoding=\"async\" class=\"alignnone size-full wp-image-1861\" src=\"https:\/\/fmp-components.com\/wp-content\/uploads\/2024\/12\/Other-Agricultural-Gearboxes.webp\" sizes=\"(min-width: 0px) and (max-width: 480px) 480px, (min-width: 481px) and (max-width: 980px) 980px, (min-width: 981px) 1200px, 100vw\" srcset=\"https:\/\/fmp-components.com\/wp-content\/uploads\/2024\/12\/Other-Agricultural-Gearboxes.webp 1200w, https:\/\/fmp-components.com\/wp-content\/uploads\/2024\/12\/Other-Agricultural-Gearboxes-980x1143.webp 980w, https:\/\/fmp-components.com\/wp-content\/uploads\/2024\/12\/Other-Agricultural-Gearboxes-480x560.webp 480w\" alt=\"Altri-cambi-agricoli\" width=\"1200\" height=\"1400\" title=\"\"><\/p>\n<p>T\u00e1c gi\u1ea3: CX<\/p>\n<\/div>\n<\/div>\n<\/div>\n<\/div>\n<\/div>\n<\/div>","protected":false},"excerpt":{"rendered":"<p>Square Baler Gearbox FMP-DFK45 Dimensions Square Baler Gearbox FMP-DFK45 Technical Data i Suitable Rpm input Rpm output r\/min Power Toothing r\/min r\/min kw hp 2.1: 1 Big Square Baler 266 126 45 60 Gleason Helical Teeth Remark: If you have any special require feel free let me know, we also accept custom. Components of Square [&hellip;]<\/p>","protected":false},"featured_media":2637,"comment_status":"open","ping_status":"closed","template":"","meta":{"_et_pb_use_builder":"","_et_pb_old_content":"","_et_gb_content_width":""},"product_brand":[],"product_cat":[62],"product_tag":[],"class_list":{"0":"post-2633","1":"product","2":"type-product","3":"status-publish","4":"has-post-thumbnail","6":"product_cat-square-baler-gearbox","8":"first","9":"instock","10":"shipping-taxable","11":"product-type-simple"},"_links":{"self":[{"href":"https:\/\/fmp-components.com\/vi\/wp-json\/wp\/v2\/product\/2633","targetHints":{"allow":["GET"]}}],"collection":[{"href":"https:\/\/fmp-components.com\/vi\/wp-json\/wp\/v2\/product"}],"about":[{"href":"https:\/\/fmp-components.com\/vi\/wp-json\/wp\/v2\/types\/product"}],"replies":[{"embeddable":true,"href":"https:\/\/fmp-components.com\/vi\/wp-json\/wp\/v2\/comments?post=2633"}],"wp:featuredmedia":[{"embeddable":true,"href":"https:\/\/fmp-components.com\/vi\/wp-json\/wp\/v2\/media\/2637"}],"wp:attachment":[{"href":"https:\/\/fmp-components.com\/vi\/wp-json\/wp\/v2\/media?parent=2633"}],"wp:term":[{"taxonomy":"product_brand","embeddable":true,"href":"https:\/\/fmp-components.com\/vi\/wp-json\/wp\/v2\/product_brand?post=2633"},{"taxonomy":"product_cat","embeddable":true,"href":"https:\/\/fmp-components.com\/vi\/wp-json\/wp\/v2\/product_cat?post=2633"},{"taxonomy":"product_tag","embeddable":true,"href":"https:\/\/fmp-components.com\/vi\/wp-json\/wp\/v2\/product_tag?post=2633"}],"curies":[{"name":"wp","href":"https:\/\/api.w.org\/{rel}","templated":true}]}}